{"id":1446784,"date":"2023-06-16T10:15:21","date_gmt":"2023-06-16T10:15:21","guid":{"rendered":"https:\/\/talkpal.ai\/ushtrime-gramatikore-hindi\/"},"modified":"2025-12-17T16:19:06","modified_gmt":"2025-12-17T16:19:06","slug":"ushtrime-gramatikore-hindi","status":"publish","type":"page","link":"https:\/\/talkpal.ai\/sq\/ushtrime-gramatikore-hindi\/","title":{"rendered":"Ushtrime gramatikore hindi"},"content":{"rendered":"\r\n\r\n\r\n<section class=\"languageChallengeSection\">\r\n    <div class=\"languageInfoWrapper\">\r\n        \r\n        <h1>Ushtrime gramatikore hindi<\/h1>\r\n        <p>Po k\u00ebrkoni t\u00eb jeni m\u00eb t\u00eb sigurt n\u00eb <a href=\"https:\/\/talkpal.ai\/learn-hindi\/\">Hindi<\/a>? Praktikimi i ushtrimeve gramatikore \u00ebsht\u00eb nj\u00eb m\u00ebnyr\u00eb e shk\u00eblqyer p\u00ebr t\u00eb zot\u00ebruar struktur\u00ebn e fjalive, format e foljeve dhe modelet unike t\u00eb gjuh\u00ebs Hindi. Filloni t\u00eb punoni n\u00eb gramatik\u00ebn Hindi sot dhe shihni t\u00eb kuptuarit dhe rrjedhshm\u00ebrin\u00eb tuaj t\u00eb rriten me \u00e7do ushtrim!\n\n<\/p>\r\n\r\n                            <a class=\"getStartedHidden\" href=\"https:\/\/app.talkpal.ai\/signup?lng=\">Filloni<\/a>\r\n        \r\n    <\/div>\r\n\r\n    <figure>\r\n    <img decoding=\"async\" width=\"768\" height=\"768\" src=\"https:\/\/talkpal.ai\/wp-content\/uploads\/2023\/06\/hindi-768x768.png\" class=\"languageImage no-lazy\" alt=\"Language learning for mental agility\" fetchpriority=\"high\" sizes=\"(max-width: 768px) 150px, 768px\" srcset=\"https:\/\/talkpal.ai\/wp-content\/uploads\/2023\/06\/hindi-768x768.png 768w, https:\/\/talkpal.ai\/wp-content\/uploads\/2023\/06\/hindi-300x300.png 300w\" \/>\r\n    \r\n\r\n    <\/figure>\r\n\r\n            <a class=\"getStartedVisible\" href=\"https:\/\/app.talkpal.ai\/signup?lng=\">Filloni<\/a>\r\n    \r\n<\/section>\r\n\r\n\r\n<!-- <section class=\"grammarSection\">\r\n    <div class=\"grammarLinks\">\r\n            <\/div>\r\n<\/section> -->\r\n\r\n\r\n\r\n\r\n<section class=\"promotionalBanner\">\r\n    <p class=\"promotionalText\">M\u00ebnyra m\u00eb efikase p\u00ebr t\u00eb m\u00ebsuar nj\u00eb gjuh\u00eb<\/p>\r\n    <a class=\"promotionalLink\" href=\"https:\/\/app.talkpal.ai\/signup?lng=\">Provoni Talkpal falas<\/a>\r\n<\/section>\n<div class=\"wp-block-group pageContainerStyle\"><div class=\"wp-block-group__inner-container is-layout-constrained wp-block-group-is-layout-constrained\">\n<h2 class=\"wp-block-heading\" id=\"h-hindi-grammar-topics\">Temat e gramatik\u00ebs Hindi<\/h2>\n\n\n\n<p>M\u00ebsimi i nj\u00eb gjuhe t\u00eb re mund t\u00eb jet\u00eb nj\u00eb p\u00ebrvoj\u00eb emocionuese por sfiduese, ve\u00e7an\u00ebrisht kur b\u00ebhet fjal\u00eb p\u00ebr t\u00eb kuptuar dhe zot\u00ebruar gramatik\u00ebn e saj. Hindi, duke qen\u00eb nj\u00eb nga gjuh\u00ebt m\u00eb t\u00eb folura n\u00eb bot\u00eb, ofron nj\u00eb p\u00ebrvoj\u00eb unike dhe t\u00eb pasur gjuh\u00ebsore. Nd\u00ebrsa filloni udh\u00ebtimin tuaj p\u00ebr t\u00eb m\u00ebsuar Hindi, \u00ebsht\u00eb thelb\u00ebsore t\u00eb kuptoni temat themelore t\u00eb gramatik\u00ebs q\u00eb do t\u00eb hedhin nj\u00eb themel t\u00eb fort\u00eb p\u00ebr aft\u00ebsit\u00eb tuaja gjuh\u00ebsore. Ky udh\u00ebzues do t&#8217;ju prezantoj\u00eb me temat kryesore t\u00eb gramatik\u00ebs Hindi, t\u00eb grumbulluara n\u00eb nj\u00eb sekuenc\u00eb q\u00eb do t\u00eb leht\u00ebsoj\u00eb procesin tuaj t\u00eb t\u00eb m\u00ebsuarit.<\/p>\n\n\n\n<h3 class=\"wp-block-heading\" id=\"h-1-nouns\">1. Emrat:<\/h3>\n\n\n\n<p>Filloni udh\u00ebtimin tuaj t\u00eb t\u00eb m\u00ebsuarit Hindi me emra, pasi ato jan\u00eb blloqet nd\u00ebrtuese t\u00eb \u00e7do gjuhe. N\u00eb Hindi, emrat kategorizohen n\u00eb dy gjini (mashkullore dhe fem\u00ebrore) dhe mund t\u00eb jen\u00eb nj\u00ebj\u00ebs ose shum\u00ebs. Kuptimi i bazave t\u00eb emrave Hindi do t\u00eb ndihmoj\u00eb n\u00eb formimin e fjalive dhe frazave t\u00eb thjeshta.<\/p>\n\n\n\n<h3 class=\"wp-block-heading\" id=\"h-2-pronouns\">2. P\u00ebremrat:<\/h3>\n\n\n\n<p>P\u00ebremrat z\u00ebvend\u00ebsojn\u00eb emrat n\u00eb nj\u00eb fjali dhe ndihmojn\u00eb n\u00eb shmangien e p\u00ebrs\u00ebritjes. P\u00ebremrat Hindi ndahen n\u00eb tre kategori \u2013 personale, demonstrative dhe pyet\u00ebse. Njihuni me format e ndryshme t\u00eb p\u00ebremrave p\u00ebr t\u00eb p\u00ebrmir\u00ebsuar aft\u00ebsit\u00eb tuaja t\u00eb komunikimit.<\/p>\n\n\n\n<h3 class=\"wp-block-heading\" id=\"h-3-adjectives\">3. Mbiemra:<\/h3>\n\n\n\n<p>Mbiemrat p\u00ebrshkruajn\u00eb cil\u00ebsit\u00eb e emrave dhe p\u00ebremrave. N\u00eb Hindi, mbiemrat pajtohen me emrin q\u00eb p\u00ebrshkruajn\u00eb n\u00eb gjini dhe num\u00ebr. M\u00ebsimi i mbiemrave do t&#8217;ju mund\u00ebsoj\u00eb t\u00eb shprehni mendimet dhe opinionet tuaja n\u00eb m\u00ebnyr\u00eb m\u00eb t\u00eb gjall\u00eb.<\/p>\n\n\n\n<h3 class=\"wp-block-heading\" id=\"h-4-verbs\">4. Foljet:<\/h3>\n\n\n\n<p>Foljet tregojn\u00eb veprime ose gjendje t\u00eb qenies. Foljet Hindi kan\u00eb tre koh\u00eb kryesore \u2013 t\u00eb kaluar\u00ebn, t\u00eb tashmen dhe t\u00eb ardhmen \u2013 dhe mund t\u00eb jen\u00eb treguese ose n\u00ebnlidh\u00ebse. Fitimi i nj\u00eb kuptimi solid t\u00eb foljeve Hindi dhe konjugimeve t\u00eb <a href=\"https:\/\/talkpal.ai\/locations\/language-courses-in-tyre\/\">tyre<\/a> do t&#8217;ju lejoj\u00eb t\u00eb shprehni veprimet dhe ngjarjet me sakt\u00ebsi.<\/p>\n\n\n\n<h3 class=\"wp-block-heading\" id=\"h-5-tenses-indicative\">5. Koh\u00ebt treguese:<\/h3>\n\n\n\n<p>Koh\u00ebt treguese n\u00eb Hindi shprehin fakte ose siguri dhe p\u00ebrdoren n\u00eb bisedat e p\u00ebrditshme. M\u00ebsoni rregullat dhe konjugimet p\u00ebr koh\u00ebt treguese t\u00eb kaluara, t\u00eb tashmen dhe t\u00eb ardhmen p\u00ebr t\u00eb komunikuar qart\u00eb dhe me efikasitet.<\/p>\n\n\n\n<h3 class=\"wp-block-heading\" id=\"h-6-tenses-subjunctive\">6. Koh\u00ebt n\u00ebnlidh\u00ebse:<\/h3>\n\n\n\n<p>Koh\u00ebt n\u00ebnlidh\u00ebse n\u00eb Hindi p\u00ebrfaq\u00ebsojn\u00eb veprime ose ngjarje q\u00eb jan\u00eb t\u00eb pasigurta, hipotetike ose n\u00eb kund\u00ebrshtim me faktin. Zot\u00ebrimi i humorit n\u00ebnlidh\u00ebs do t&#8217;ju mund\u00ebsoj\u00eb t\u00eb shprehni dyshime, mund\u00ebsi dhe d\u00ebshira.<\/p>\n\n\n\n<h3 class=\"wp-block-heading\" id=\"h-7-tense-comparison\">7. Krahasimi i tensionit:<\/h3>\n\n\n\n<p>Krahasimi i koh\u00ebve t\u00eb ndryshme n\u00eb Hindi ju ndihmon t\u00eb kuptoni marr\u00ebdh\u00ebniet midis veprimeve dhe ngjarjeve n\u00eb koh\u00eb. Praktikoni formimin e fjalive duke p\u00ebrdorur koh\u00eb t\u00eb ndryshme p\u00ebr t\u00eb zhvilluar nj\u00eb kuptim gjith\u00ebp\u00ebrfshir\u00ebs t\u00eb marr\u00ebdh\u00ebnieve kohore.<\/p>\n\n\n\n<h3 class=\"wp-block-heading\" id=\"h-8-adverbs\">8. Ndajfoljet:<\/h3>\n\n\n\n<p>Ndajfoljet modifikojn\u00eb foljet, mbiemrat ose ndajfoljet e tjera dhe ofrojn\u00eb informacion shtes\u00eb <a href=\"https:\/\/talkpal.ai\/sq\/rreth\/\">rreth<\/a> veprimeve ose cil\u00ebsive. M\u00ebsoni ndajfoljet e zakonshme Hindi dhe vendosjen e tyre n\u00eb fjali p\u00ebr t\u00eb p\u00ebrmir\u00ebsuar aft\u00ebsit\u00eb tuaja p\u00ebrshkruese.<\/p>\n\n\n\n<h3 class=\"wp-block-heading\" id=\"h-9-prepositions\">9. Parafjal\u00ebt:<\/h3>\n\n\n\n<p>Parafjal\u00ebt n\u00eb Hindi lidhin emrat, p\u00ebremrat ose frazat me fjal\u00eb t\u00eb tjera n\u00eb nj\u00eb fjali. Ato tregojn\u00eb marr\u00ebdh\u00ebnie t\u00eb tilla si vendndodhja, koha dhe drejtimi. Njihuni me parafjal\u00ebt Hindi dhe p\u00ebrdorimin e tyre p\u00ebr t\u00eb krijuar fjali m\u00eb komplekse.<\/p>\n\n\n\n<h3 class=\"wp-block-heading\" id=\"h-10-articles\">10. Artikujt:<\/h3>\n\n\n\n<p>Hindi nuk ka artikuj si anglishtja (the, a, an), por p\u00ebrdor postpositione p\u00ebr t\u00eb p\u00ebrcjell\u00eb kuptime t\u00eb ngjashme. Kuptimi i p\u00ebrdorimit t\u00eb postpozicioneve n\u00eb Hindi do t&#8217;ju ndihmoj\u00eb t\u00eb p\u00ebrcillni sakt\u00eb p\u00ebrcaktueshm\u00ebrin\u00eb dhe pacaktuarin\u00eb n\u00eb fjalit\u00eb tuaja.<\/p>\n\n\n\n<h3 class=\"wp-block-heading\" id=\"h-11-sentence-structure\">11. Struktura e fjalis\u00eb:<\/h3>\n\n\n\n<p>S\u00eb fundi, m\u00ebsoni struktur\u00ebn baz\u00eb t\u00eb fjalis\u00eb n\u00eb Hindi, e cila ndjek nj\u00eb model Subjekt-Objekt-Folje (SOV). Kuptimi i struktur\u00ebs s\u00eb fjalis\u00eb Hindi do t&#8217;ju mund\u00ebsoj\u00eb t\u00eb komunikoni n\u00eb m\u00ebnyr\u00eb efektive dhe me qart\u00ebsi.<\/p>\n\n\n\n<p>Duke ndjekur k\u00ebt\u00eb sekuenc\u00eb t\u00eb temave t\u00eb gramatik\u00ebs Hindi, do t\u00eb jeni t\u00eb pajisur mir\u00eb p\u00ebr t\u00eb kuptuar, folur dhe shkruar n\u00eb Hindi, duke ju lejuar t\u00eb zhyteni plot\u00ebsisht n\u00eb kultur\u00ebn dhe traditat e pasura t\u00eb rajoneve q\u00eb flasin Hindi.<\/p>\n<\/div><\/div>\n\r\n<section class=\"learnNavigationSection\">\r\n            \r\n        <a href=\"https:\/\/talkpal.ai\/sq\/meso-gjuhen-hindi\/\">\r\n            <div class=\"learnNavigationWrapper\">\r\n                <div class=\"learnNavigationContent\">\r\n                    <img decoding=\"async\" src=\"https:\/\/talkpal.ai\/wp-content\/uploads\/2024\/08\/Hindi.jpg\" alt=\"Indian Flag\">\r\n                    <div>\r\n                        <h4>Rreth t\u00eb m\u00ebsuarit Hindi<\/h4>\r\n                        <p>Zbuloni gjith\u00e7ka rreth gramatik\u00ebs Hindi.<\/p>\r\n                    <\/div>\r\n                <\/div>\r\n            <\/div>\r\n        <\/a>\r\n\r\n        \r\n        <a href=\"https:\/\/talkpal.ai\/sq\/gramatika-hindi\/\">\r\n            <div class=\"learnNavigationWrapper\">\r\n                <div class=\"learnNavigationContent\">\r\n                    <img decoding=\"async\" src=\"https:\/\/talkpal.ai\/wp-content\/uploads\/2024\/08\/Hindi.jpg\" alt=\"Indian Flag\">\r\n                    <div>\r\n                        <h4>M\u00ebsimet e gramatik\u00ebs Hindi<\/h4>\r\n                        <p>Praktikoni gramatik\u00ebn Hindi.<\/p>\r\n                    <\/div>\r\n                <\/div>\r\n            <\/div>\r\n        <\/a>\r\n\r\n        \r\n        <a href=\"https:\/\/talkpal.ai\/vocabulary_language\/hindi\/\">\r\n            <div class=\"learnNavigationWrapper\">\r\n                <div class=\"learnNavigationContent\">\r\n                    <img decoding=\"async\" src=\"https:\/\/talkpal.ai\/wp-content\/uploads\/2024\/08\/Hindi.jpg\" alt=\"Indian Flag\">\r\n                    <div>\r\n                        <h4>Fjalori Hindi<\/h4>\r\n                        <p>Zgjeroni fjalorin tuaj Hindi.<\/p>\r\n                    <\/div>\r\n                <\/div>\r\n            <\/div>\r\n        <\/a>\r\n\r\n            <\/section>","protected":false},"excerpt":{"rendered":"<p>Temat e gramatik\u00ebs Hindi M\u00ebsimi i nj\u00eb gjuhe t\u00eb re mund t\u00eb jet\u00eb nj\u00eb p\u00ebrvoj\u00eb emocionuese por sfiduese, ve\u00e7an\u00ebrisht kur b\u00ebhet fjal\u00eb p\u00ebr t\u00eb kuptuar dhe zot\u00ebruar gramatik\u00ebn e saj. Hindi, duke qen\u00eb nj\u00eb nga gjuh\u00ebt m\u00eb t\u00eb folura n\u00eb bot\u00eb, ofron nj\u00eb p\u00ebrvoj\u00eb unike dhe t\u00eb pasur gjuh\u00ebsore. Nd\u00ebrsa filloni udh\u00ebtimin tuaj p\u00ebr t\u00eb [&hellip;]<\/p>\n","protected":false},"author":6,"featured_media":1440714,"parent":0,"menu_order":0,"comment_status":"closed","ping_status":"closed","template":"LearningContentPage.php","meta":{"_acf_changed":false,"footnotes":""},"class_list":["post-1446784","page","type-page","status-publish","has-post-thumbnail","hentry"],"acf":[],"yoast_head":"<!-- This site is optimized with the Yoast SEO Premium plugin v27.2 (Yoast SEO v27.2) - https:\/\/yoast.com\/product\/yoast-seo-premium-wordpress\/ -->\n<title>Ushtrime gramatikore hindi - Talkpal<\/title>\n<meta name=\"description\" content=\"Praktikoni leht\u00ebsisht gramatik\u00ebn Hindi - provoni ushtrime interaktive p\u00ebr t\u00eb p\u00ebrmir\u00ebsuar aft\u00ebsit\u00eb tuaja dhe p\u00ebr t\u00eb m\u00ebsuar m\u00eb shpejt me TalkPal AI.\" \/>\n<meta name=\"robots\" content=\"index, follow, max-snippet:-1, max-image-preview:large, max-video-preview:-1\" \/>\n<link rel=\"canonical\" href=\"https:\/\/talkpal.ai\/sq\/ushtrime-gramatikore-hindi\/\" \/>\n<meta property=\"og:locale\" content=\"sq_AL\" \/>\n<meta property=\"og:type\" content=\"article\" \/>\n<meta property=\"og:title\" content=\"Ushtrime gramatikore hindi\" \/>\n<meta property=\"og:description\" content=\"Temat e gramatik\u00ebs Hindi M\u00ebsimi i nj\u00eb gjuhe t\u00eb re mund t\u00eb jet\u00eb nj\u00eb p\u00ebrvoj\u00eb emocionuese por sfiduese, ve\u00e7an\u00ebrisht kur b\u00ebhet fjal\u00eb p\u00ebr t\u00eb kuptuar dhe\" \/>\n<meta property=\"og:url\" content=\"https:\/\/talkpal.ai\/sq\/ushtrime-gramatikore-hindi\/\" \/>\n<meta property=\"og:site_name\" content=\"Talkpal\" \/>\n<meta property=\"article:publisher\" content=\"https:\/\/www.facebook.com\/profile.php?id=100090733639311\" \/>\n<meta property=\"article:modified_time\" content=\"2025-12-17T16:19:06+00:00\" \/>\n<meta property=\"og:image\" content=\"https:\/\/talkpal.ai\/wp-content\/uploads\/2024\/02\/india.png\" \/>\n\t<meta property=\"og:image:width\" content=\"517\" \/>\n\t<meta property=\"og:image:height\" content=\"517\" \/>\n\t<meta property=\"og:image:type\" content=\"image\/png\" \/>\n<meta name=\"twitter:card\" content=\"summary_large_image\" \/>\n<meta name=\"twitter:site\" content=\"@talkpalai\" \/>\n<meta name=\"twitter:label1\" content=\"Est. reading time\" \/>\n\t<meta name=\"twitter:data1\" content=\"3 minutes\" \/>\n<script type=\"application\/ld+json\" class=\"yoast-schema-graph\">{\"@context\":\"https:\/\/schema.org\",\"@graph\":[{\"@type\":\"WebPage\",\"@id\":\"https:\/\/talkpal.ai\/sq\/ushtrime-gramatikore-hindi\/\",\"url\":\"https:\/\/talkpal.ai\/sq\/ushtrime-gramatikore-hindi\/\",\"name\":\"Ushtrime gramatikore hindi - Talkpal\",\"isPartOf\":{\"@id\":\"https:\/\/talkpal.ai\/sq\/#website\"},\"primaryImageOfPage\":{\"@id\":\"https:\/\/talkpal.ai\/sq\/ushtrime-gramatikore-hindi\/#primaryimage\"},\"image\":{\"@id\":\"https:\/\/talkpal.ai\/sq\/ushtrime-gramatikore-hindi\/#primaryimage\"},\"thumbnailUrl\":\"https:\/\/talkpal.ai\/wp-content\/uploads\/2024\/02\/india.png\",\"datePublished\":\"2023-06-16T10:15:21+00:00\",\"dateModified\":\"2025-12-17T16:19:06+00:00\",\"description\":\"Praktikoni leht\u00ebsisht gramatik\u00ebn Hindi - provoni ushtrime interaktive p\u00ebr t\u00eb p\u00ebrmir\u00ebsuar aft\u00ebsit\u00eb tuaja dhe p\u00ebr t\u00eb m\u00ebsuar m\u00eb shpejt me TalkPal AI.\",\"breadcrumb\":{\"@id\":\"https:\/\/talkpal.ai\/sq\/ushtrime-gramatikore-hindi\/#breadcrumb\"},\"inLanguage\":\"sq-AL\",\"potentialAction\":[{\"@type\":\"ReadAction\",\"target\":[\"https:\/\/talkpal.ai\/sq\/ushtrime-gramatikore-hindi\/\"]}]},{\"@type\":\"ImageObject\",\"inLanguage\":\"sq-AL\",\"@id\":\"https:\/\/talkpal.ai\/sq\/ushtrime-gramatikore-hindi\/#primaryimage\",\"url\":\"https:\/\/talkpal.ai\/wp-content\/uploads\/2024\/02\/india.png\",\"contentUrl\":\"https:\/\/talkpal.ai\/wp-content\/uploads\/2024\/02\/india.png\",\"width\":517,\"height\":517,\"caption\":\"TalkPal Indian Flag\"},{\"@type\":\"BreadcrumbList\",\"@id\":\"https:\/\/talkpal.ai\/sq\/ushtrime-gramatikore-hindi\/#breadcrumb\",\"itemListElement\":[{\"@type\":\"ListItem\",\"position\":1,\"name\":\"Homepage\",\"item\":\"https:\/\/talkpal.ai\/sq\/\"},{\"@type\":\"ListItem\",\"position\":2,\"name\":\"Ushtrime gramatikore hindi\"}]},{\"@type\":\"WebSite\",\"@id\":\"https:\/\/talkpal.ai\/sq\/#website\",\"url\":\"https:\/\/talkpal.ai\/sq\/\",\"name\":\"Talkpal\",\"description\":\"AI Language Learning\",\"publisher\":{\"@id\":\"https:\/\/talkpal.ai\/sq\/#organization\"},\"alternateName\":\"Talkpal AI\",\"potentialAction\":[{\"@type\":\"SearchAction\",\"target\":{\"@type\":\"EntryPoint\",\"urlTemplate\":\"https:\/\/talkpal.ai\/sq\/?s={search_term_string}\"},\"query-input\":{\"@type\":\"PropertyValueSpecification\",\"valueRequired\":true,\"valueName\":\"search_term_string\"}}],\"inLanguage\":\"sq-AL\"},{\"@type\":\"Organization\",\"@id\":\"https:\/\/talkpal.ai\/sq\/#organization\",\"name\":\"Talkpal, Inc.\",\"alternateName\":\"Talkpal AI\",\"url\":\"https:\/\/talkpal.ai\/sq\/\",\"logo\":{\"@type\":\"ImageObject\",\"inLanguage\":\"sq-AL\",\"@id\":\"https:\/\/talkpal.ai\/sq\/#\/schema\/logo\/image\/\",\"url\":\"https:\/\/talkpal.ai\/wp-content\/uploads\/2024\/03\/Talkpal-Logo-Icon.png\",\"contentUrl\":\"https:\/\/talkpal.ai\/wp-content\/uploads\/2024\/03\/Talkpal-Logo-Icon.png\",\"width\":2880,\"height\":2880,\"caption\":\"Talkpal, Inc.\"},\"image\":{\"@id\":\"https:\/\/talkpal.ai\/sq\/#\/schema\/logo\/image\/\"},\"sameAs\":[\"https:\/\/www.facebook.com\/profile.php?id=100090733639311\",\"https:\/\/x.com\/talkpalai\",\"https:\/\/www.linkedin.com\/company\/talkpal\/\",\"https:\/\/www.youtube.com\/@TalkPal\/\",\"https:\/\/www.tiktok.com\/@talkpal\",\"https:\/\/www.instagram.com\/talkpal_ai\/\",\"https:\/\/www.crunchbase.com\/organization\/talkpal-9cde\",\"https:\/\/www.g2.com\/products\/talkpal-for-business\/\",\"https:\/\/www.trustpilot.com\/review\/talkpal.ai\",\"https:\/\/www.capterra.com\/p\/10006800\/TalkPal\/\"],\"description\":\"Talkpal is a language learning web and mobile education app, powered by the latest AI technologies, that provides engaging experiences to its customers in many different languages to help them improve their language skills. Users can chat about unlimited amount of topics with the app and use other modes to practice their language learning.\",\"email\":\"support@talkpal.ai\",\"legalName\":\"Talkpal, Inc.\",\"foundingDate\":\"2023-04-03\",\"duns\":\"118989042\",\"numberOfEmployees\":{\"@type\":\"QuantitativeValue\",\"minValue\":\"11\",\"maxValue\":\"50\"},\"publishingPrinciples\":\"https:\/\/talkpal.ai\/publishing-principles\/\",\"actionableFeedbackPolicy\":\"https:\/\/talkpal.ai\/actionable-feedback-policy\/\",\"correctionsPolicy\":\"https:\/\/talkpal.ai\/corrections-policy\/\",\"ethicsPolicy\":\"https:\/\/talkpal.ai\/ethics-policy\/\",\"diversityPolicy\":\"https:\/\/talkpal.ai\/diversity-policy\/\",\"diversityStaffingReport\":\"https:\/\/talkpal.ai\/diversity-policy\/\"}]}<\/script>\n<!-- \/ Yoast SEO Premium plugin. -->","yoast_head_json":{"title":"Ushtrime gramatikore hindi - Talkpal","description":"Praktikoni leht\u00ebsisht gramatik\u00ebn Hindi - provoni ushtrime interaktive p\u00ebr t\u00eb p\u00ebrmir\u00ebsuar aft\u00ebsit\u00eb tuaja dhe p\u00ebr t\u00eb m\u00ebsuar m\u00eb shpejt me TalkPal AI.","robots":{"index":"index","follow":"follow","max-snippet":"max-snippet:-1","max-image-preview":"max-image-preview:large","max-video-preview":"max-video-preview:-1"},"canonical":"https:\/\/talkpal.ai\/sq\/ushtrime-gramatikore-hindi\/","og_locale":"sq_AL","og_type":"article","og_title":"Ushtrime gramatikore hindi","og_description":"Temat e gramatik\u00ebs Hindi M\u00ebsimi i nj\u00eb gjuhe t\u00eb re mund t\u00eb jet\u00eb nj\u00eb p\u00ebrvoj\u00eb emocionuese por sfiduese, ve\u00e7an\u00ebrisht kur b\u00ebhet fjal\u00eb p\u00ebr t\u00eb kuptuar dhe","og_url":"https:\/\/talkpal.ai\/sq\/ushtrime-gramatikore-hindi\/","og_site_name":"Talkpal","article_publisher":"https:\/\/www.facebook.com\/profile.php?id=100090733639311","article_modified_time":"2025-12-17T16:19:06+00:00","og_image":[{"width":517,"height":517,"url":"https:\/\/talkpal.ai\/wp-content\/uploads\/2024\/02\/india.png","type":"image\/png"}],"twitter_card":"summary_large_image","twitter_site":"@talkpalai","twitter_misc":{"Est. reading time":"3 minutes"},"schema":{"@context":"https:\/\/schema.org","@graph":[{"@type":"WebPage","@id":"https:\/\/talkpal.ai\/sq\/ushtrime-gramatikore-hindi\/","url":"https:\/\/talkpal.ai\/sq\/ushtrime-gramatikore-hindi\/","name":"Ushtrime gramatikore hindi - Talkpal","isPartOf":{"@id":"https:\/\/talkpal.ai\/sq\/#website"},"primaryImageOfPage":{"@id":"https:\/\/talkpal.ai\/sq\/ushtrime-gramatikore-hindi\/#primaryimage"},"image":{"@id":"https:\/\/talkpal.ai\/sq\/ushtrime-gramatikore-hindi\/#primaryimage"},"thumbnailUrl":"https:\/\/talkpal.ai\/wp-content\/uploads\/2024\/02\/india.png","datePublished":"2023-06-16T10:15:21+00:00","dateModified":"2025-12-17T16:19:06+00:00","description":"Praktikoni leht\u00ebsisht gramatik\u00ebn Hindi - provoni ushtrime interaktive p\u00ebr t\u00eb p\u00ebrmir\u00ebsuar aft\u00ebsit\u00eb tuaja dhe p\u00ebr t\u00eb m\u00ebsuar m\u00eb shpejt me TalkPal AI.","breadcrumb":{"@id":"https:\/\/talkpal.ai\/sq\/ushtrime-gramatikore-hindi\/#breadcrumb"},"inLanguage":"sq-AL","potentialAction":[{"@type":"ReadAction","target":["https:\/\/talkpal.ai\/sq\/ushtrime-gramatikore-hindi\/"]}]},{"@type":"ImageObject","inLanguage":"sq-AL","@id":"https:\/\/talkpal.ai\/sq\/ushtrime-gramatikore-hindi\/#primaryimage","url":"https:\/\/talkpal.ai\/wp-content\/uploads\/2024\/02\/india.png","contentUrl":"https:\/\/talkpal.ai\/wp-content\/uploads\/2024\/02\/india.png","width":517,"height":517,"caption":"TalkPal Indian Flag"},{"@type":"BreadcrumbList","@id":"https:\/\/talkpal.ai\/sq\/ushtrime-gramatikore-hindi\/#breadcrumb","itemListElement":[{"@type":"ListItem","position":1,"name":"Homepage","item":"https:\/\/talkpal.ai\/sq\/"},{"@type":"ListItem","position":2,"name":"Ushtrime gramatikore hindi"}]},{"@type":"WebSite","@id":"https:\/\/talkpal.ai\/sq\/#website","url":"https:\/\/talkpal.ai\/sq\/","name":"Talkpal","description":"AI Language Learning","publisher":{"@id":"https:\/\/talkpal.ai\/sq\/#organization"},"alternateName":"Talkpal AI","potentialAction":[{"@type":"SearchAction","target":{"@type":"EntryPoint","urlTemplate":"https:\/\/talkpal.ai\/sq\/?s={search_term_string}"},"query-input":{"@type":"PropertyValueSpecification","valueRequired":true,"valueName":"search_term_string"}}],"inLanguage":"sq-AL"},{"@type":"Organization","@id":"https:\/\/talkpal.ai\/sq\/#organization","name":"Talkpal, Inc.","alternateName":"Talkpal AI","url":"https:\/\/talkpal.ai\/sq\/","logo":{"@type":"ImageObject","inLanguage":"sq-AL","@id":"https:\/\/talkpal.ai\/sq\/#\/schema\/logo\/image\/","url":"https:\/\/talkpal.ai\/wp-content\/uploads\/2024\/03\/Talkpal-Logo-Icon.png","contentUrl":"https:\/\/talkpal.ai\/wp-content\/uploads\/2024\/03\/Talkpal-Logo-Icon.png","width":2880,"height":2880,"caption":"Talkpal, Inc."},"image":{"@id":"https:\/\/talkpal.ai\/sq\/#\/schema\/logo\/image\/"},"sameAs":["https:\/\/www.facebook.com\/profile.php?id=100090733639311","https:\/\/x.com\/talkpalai","https:\/\/www.linkedin.com\/company\/talkpal\/","https:\/\/www.youtube.com\/@TalkPal\/","https:\/\/www.tiktok.com\/@talkpal","https:\/\/www.instagram.com\/talkpal_ai\/","https:\/\/www.crunchbase.com\/organization\/talkpal-9cde","https:\/\/www.g2.com\/products\/talkpal-for-business\/","https:\/\/www.trustpilot.com\/review\/talkpal.ai","https:\/\/www.capterra.com\/p\/10006800\/TalkPal\/"],"description":"Talkpal is a language learning web and mobile education app, powered by the latest AI technologies, that provides engaging experiences to its customers in many different languages to help them improve their language skills. Users can chat about unlimited amount of topics with the app and use other modes to practice their language learning.","email":"support@talkpal.ai","legalName":"Talkpal, Inc.","foundingDate":"2023-04-03","duns":"118989042","numberOfEmployees":{"@type":"QuantitativeValue","minValue":"11","maxValue":"50"},"publishingPrinciples":"https:\/\/talkpal.ai\/publishing-principles\/","actionableFeedbackPolicy":"https:\/\/talkpal.ai\/actionable-feedback-policy\/","correctionsPolicy":"https:\/\/talkpal.ai\/corrections-policy\/","ethicsPolicy":"https:\/\/talkpal.ai\/ethics-policy\/","diversityPolicy":"https:\/\/talkpal.ai\/diversity-policy\/","diversityStaffingReport":"https:\/\/talkpal.ai\/diversity-policy\/"}]}},"_links":{"self":[{"href":"https:\/\/talkpal.ai\/sq\/wp-json\/wp\/v2\/pages\/1446784","targetHints":{"allow":["GET"]}}],"collection":[{"href":"https:\/\/talkpal.ai\/sq\/wp-json\/wp\/v2\/pages"}],"about":[{"href":"https:\/\/talkpal.ai\/sq\/wp-json\/wp\/v2\/types\/page"}],"author":[{"embeddable":true,"href":"https:\/\/talkpal.ai\/sq\/wp-json\/wp\/v2\/users\/6"}],"replies":[{"embeddable":true,"href":"https:\/\/talkpal.ai\/sq\/wp-json\/wp\/v2\/comments?post=1446784"}],"version-history":[{"count":0,"href":"https:\/\/talkpal.ai\/sq\/wp-json\/wp\/v2\/pages\/1446784\/revisions"}],"wp:featuredmedia":[{"embeddable":true,"href":"https:\/\/talkpal.ai\/sq\/wp-json\/wp\/v2\/media\/1440714"}],"wp:attachment":[{"href":"https:\/\/talkpal.ai\/sq\/wp-json\/wp\/v2\/media?parent=1446784"}],"curies":[{"name":"wp","href":"https:\/\/api.w.org\/{rel}","templated":true}]}}