{"id":1446780,"date":"2023-06-16T10:01:38","date_gmt":"2023-06-16T10:01:38","guid":{"rendered":"https:\/\/talkpal.ai\/ushtrime-gramatikore-suedeze\/"},"modified":"2025-12-17T15:31:20","modified_gmt":"2025-12-17T15:31:20","slug":"ushtrime-gramatikore-suedeze","status":"publish","type":"page","link":"https:\/\/talkpal.ai\/sq\/ushtrime-gramatikore-suedeze\/","title":{"rendered":"Ushtrime gramatikore suedeze"},"content":{"rendered":"\r\n\r\n\r\n<section class=\"languageChallengeSection\">\r\n    <div class=\"languageInfoWrapper\">\r\n        \r\n        <h1>Ushtrime gramatikore suedeze<\/h1>\r\n        <p>Gati p\u00ebr t\u00eb p\u00ebrmir\u00ebsuar suedishten tuaj? Praktikimi i ushtrimeve gramatikore \u00ebsht\u00eb nj\u00eb m\u00ebnyr\u00eb e shk\u00eblqyer p\u00ebr t\u00eb zot\u00ebruar struktur\u00ebn e fjalive, format e foljeve dhe modelet unike t\u00eb gjuh\u00ebs <a href=\"https:\/\/talkpal.ai\/learn-swedish\/\">suedeze<\/a>. Filloni t\u00eb punoni n\u00eb gramatik\u00ebn suedeze sot dhe shikoni aft\u00ebsit\u00eb dhe besimin tuaj t\u00eb rriten me \u00e7do ushtrim!\n\n<\/p>\r\n\r\n                            <a class=\"getStartedHidden\" href=\"https:\/\/app.talkpal.ai\/signup?lng=\">Filloni<\/a>\r\n        \r\n    <\/div>\r\n\r\n    <figure>\r\n    <img decoding=\"async\" width=\"768\" height=\"768\" src=\"https:\/\/talkpal.ai\/wp-content\/uploads\/2023\/06\/swedish-768x768.png\" class=\"languageImage no-lazy\" alt=\"Language learning for improved concentration\" fetchpriority=\"high\" sizes=\"(max-width: 768px) 150px, 768px\" srcset=\"https:\/\/talkpal.ai\/wp-content\/uploads\/2023\/06\/swedish-768x768.png 768w, https:\/\/talkpal.ai\/wp-content\/uploads\/2023\/06\/swedish-300x300.png 300w\" \/>\r\n    \r\n\r\n    <\/figure>\r\n\r\n            <a class=\"getStartedVisible\" href=\"https:\/\/app.talkpal.ai\/signup?lng=\">Filloni<\/a>\r\n    \r\n<\/section>\r\n\r\n\r\n<!-- <section class=\"grammarSection\">\r\n    <div class=\"grammarLinks\">\r\n            <\/div>\r\n<\/section> -->\r\n\r\n\r\n\r\n\r\n<section class=\"promotionalBanner\">\r\n    <p class=\"promotionalText\">M\u00ebnyra m\u00eb efikase p\u00ebr t\u00eb m\u00ebsuar nj\u00eb gjuh\u00eb<\/p>\r\n    <a class=\"promotionalLink\" href=\"https:\/\/app.talkpal.ai\/signup?lng=\">Provoni Talkpal falas<\/a>\r\n<\/section>\n<div class=\"wp-block-group pageContainerStyle\"><div class=\"wp-block-group__inner-container is-layout-constrained wp-block-group-is-layout-constrained\">\n<h2 class=\"wp-block-heading\" id=\"h-swedish-grammar-topics\">Temat e gramatik\u00ebs suedeze<\/h2>\n\n\n\n<p>M\u00ebsimi i gjuh\u00ebs suedishte, gjuha zyrtare e Suedis\u00eb dhe nj\u00eb nga gjuh\u00ebt zyrtare t\u00eb Finland\u00ebs, mund t\u00eb jet\u00eb nj\u00eb p\u00ebrvoj\u00eb shp\u00ebrblyese. Jo vet\u00ebm q\u00eb do t&#8217;ju ekspozoj\u00eb ndaj nj\u00eb kulture dhe historie t\u00eb pasur, por gjithashtu do ta b\u00ebj\u00eb m\u00eb t\u00eb leht\u00eb p\u00ebr ju t\u00eb komunikoni me mbi 10 milion\u00eb fol\u00ebs amtare. P\u00ebr t\u00eb m\u00ebsuar suedishten n\u00eb m\u00ebnyr\u00eb efektive, \u00ebsht\u00eb e r\u00ebnd\u00ebsishme t\u00eb kuptoni temat e ndryshme t\u00eb gramatik\u00ebs dhe <a href=\"https:\/\/talkpal.ai\/culture\/what-is-the-difference-between-se-and-si\/\">se si<\/a> ato lidhen me nj\u00ebra-tjetr\u00ebn. Ky udh\u00ebzues do t&#8217;ju ofroj\u00eb nj\u00eb pasqyr\u00eb t\u00eb temave kryesore t\u00eb gramatik\u00ebs suedeze, t\u00eb organizuara n\u00eb nj\u00eb sekuenc\u00eb q\u00eb do t&#8217;ju ndihmoj\u00eb t\u00eb nd\u00ebrtoni aft\u00ebsit\u00eb tuaja gjuh\u00ebsore gradualisht dhe n\u00eb m\u00ebnyr\u00eb efektive.<\/p>\n\n\n\n<h3 class=\"wp-block-heading\" id=\"h-1-nouns\">1. Emrat:<\/h3>\n\n\n\n<p>Filloni udh\u00ebtimin tuaj n\u00eb gjuh\u00ebn suedeze duke u njohur me emrat pasi ato jan\u00eb blloqet nd\u00ebrtuese t\u00eb \u00e7do gjuhe. N\u00eb suedisht, emrat kan\u00eb dy gjini (t\u00eb zakonshme dhe neutre) q\u00eb ndikojn\u00eb n\u00eb artikujt dhe mbiemrat e p\u00ebrdorur me to. Ato gjithashtu kan\u00eb forma nj\u00ebj\u00ebs dhe shum\u00ebs, si dhe forma t\u00eb p\u00ebrcaktuara dhe t\u00eb pap\u00ebrcaktuara.<\/p>\n\n\n\n<h3 class=\"wp-block-heading\" id=\"h-2-articles\">2. Artikujt:<\/h3>\n\n\n\n<p>Pasi t\u00eb kuptoni emrat, kaloni te artikujt q\u00eb jan\u00eb thelb\u00ebsor\u00eb p\u00ebr p\u00ebrcaktimin e gjinis\u00eb dhe numrit t\u00eb nj\u00eb emri. Suedishtja ka artikuj t\u00eb caktuar dhe t\u00eb pacaktuar q\u00eb pajtohen me gjinin\u00eb dhe numrin e emrit q\u00eb modifikojn\u00eb.<\/p>\n\n\n\n<h3 class=\"wp-block-heading\" id=\"h-3-adjectives\">3. Mbiemra:<\/h3>\n\n\n\n<p>Mbiemrat p\u00ebrdoren p\u00ebr t\u00eb p\u00ebrshkruar emrat dhe pajtohen n\u00eb gjini, num\u00ebr dhe p\u00ebrcaktim me emrin q\u00eb modifikojn\u00eb. M\u00ebsimi i mbiemrave do t&#8217;ju ndihmoj\u00eb t\u00eb shprehni ide dhe p\u00ebrshkrime m\u00eb komplekse n\u00eb suedisht.<\/p>\n\n\n\n<h3 class=\"wp-block-heading\" id=\"h-4-pronouns\">4. P\u00ebremrat:<\/h3>\n\n\n\n<p>P\u00ebremrat z\u00ebvend\u00ebsojn\u00eb emrat n\u00eb fjali dhe jan\u00eb thelb\u00ebsor\u00eb p\u00ebr ta b\u00ebr\u00eb t\u00eb folurin tuaj m\u00eb fluid dhe natyral. Suedishtja ka p\u00ebremra personal\u00eb, posesiv, refleksiv dhe relativ, secili me rregullat e veta p\u00ebr marr\u00ebveshje dhe p\u00ebrdorim.<\/p>\n\n\n\n<h3 class=\"wp-block-heading\" id=\"h-5-verbs\">5. Foljet:<\/h3>\n\n\n\n<p>Foljet shprehin veprime, ngjarje ose gjendje t\u00eb qenies dhe jan\u00eb nj\u00eb pjes\u00eb thelb\u00ebsore e \u00e7do gjuhe. N\u00eb suedisht, foljet konjugohen sipas koh\u00ebs dhe humorit. Filloni duke m\u00ebsuar treguesin e koh\u00ebs s\u00eb tashme, e cila \u00ebsht\u00eb forma m\u00eb e zakonshme dhe m\u00eb e dobishme.<\/p>\n\n\n\n<h3 class=\"wp-block-heading\" id=\"h-6-tenses-indicative\">6. Koh\u00ebt treguese:<\/h3>\n\n\n\n<p>Duke ecur nga koha e tashme, m\u00ebsoni koh\u00ebn e kaluar dhe t\u00eb ardhshme n\u00eb humorin tregues. K\u00ebto do t&#8217;ju lejojn\u00eb t\u00eb flisni p\u00ebr ngjarjet dhe veprimet q\u00eb kan\u00eb ndodhur ose do t\u00eb ndodhin, duke zgjeruar aft\u00ebsin\u00eb tuaj p\u00ebr t\u00eb komunikuar n\u00eb suedisht.<\/p>\n\n\n\n<h3 class=\"wp-block-heading\" id=\"h-7-tenses-subjunctive\">7. Koh\u00ebt n\u00ebnlidh\u00ebse:<\/h3>\n\n\n\n<p>Edhe pse m\u00eb pak i zakonsh\u00ebm se treguesi, humori n\u00ebnlidh\u00ebs p\u00ebrdoret p\u00ebr t\u00eb shprehur ngjarje hipotetike ose t\u00eb pasigurta. M\u00ebsimi i formave n\u00ebnlidh\u00ebse t\u00eb foljeve do t\u00eb rris\u00eb aft\u00ebsin\u00eb tuaj p\u00ebr t\u00eb shprehur ide m\u00eb t\u00eb nuancuara.<\/p>\n\n\n\n<h3 class=\"wp-block-heading\" id=\"h-8-tense-comparison\">8. Krahasimi i tensionuar:<\/h3>\n\n\n\n<p>T\u00eb kuptuarit se si t\u00eb krahasoni koh\u00eb t\u00eb ndryshme do t&#8217;ju mund\u00ebsoj\u00eb t\u00eb shprehni ide m\u00eb komplekse <a href=\"https:\/\/talkpal.ai\/sq\/rreth\/\">rreth<\/a> koh\u00ebs dhe ngjarjeve. Kjo p\u00ebrfshin t\u00eb dish se si t\u00eb p\u00ebrdor\u00ebsh koh\u00ebt e kaluara dhe t\u00eb ardhshme s\u00eb bashku, si dhe t\u00eb kuptuarit se si koh\u00ebt e ndryshme nd\u00ebrveprojn\u00eb n\u00eb fjali komplekse.<\/p>\n\n\n\n<h3 class=\"wp-block-heading\" id=\"h-9-adverbs\">9. Ndajfoljet:<\/h3>\n\n\n\n<p>Ndajfoljet modifikojn\u00eb foljet, mbiemrat ose ndajfoljet e tjera, duke ofruar informacion shtes\u00eb rreth veprimeve ose cil\u00ebsive. M\u00ebsimi i ndajfoljeve suedeze do t&#8217;ju ndihmoj\u00eb t\u00eb shprehni idet\u00eb n\u00eb m\u00ebnyr\u00eb m\u00eb t\u00eb sakt\u00eb dhe efektive.<\/p>\n\n\n\n<h3 class=\"wp-block-heading\" id=\"h-10-prepositions\">10. Parafjal\u00ebt:<\/h3>\n\n\n\n<p>Parafjal\u00ebt lidhin emrat, p\u00ebremrat dhe frazat me fjal\u00eb t\u00eb tjera n\u00eb nj\u00eb fjali, duke shprehur marr\u00ebdh\u00ebnie t\u00eb tilla si vendndodhja, drejtimi dhe koha. Zot\u00ebrimi i parafjal\u00ebve \u00ebsht\u00eb thelb\u00ebsor p\u00ebr nd\u00ebrtimin e fjalive t\u00eb qarta dhe kuptimplota n\u00eb suedisht.<\/p>\n\n\n\n<h3 class=\"wp-block-heading\" id=\"h-11-sentence-structure\">11. Struktura e fjalis\u00eb:<\/h3>\n\n\n\n<p>S\u00eb fundmi, t\u00eb kuptuarit e rregullave baz\u00eb t\u00eb struktur\u00ebs s\u00eb fjalive suedeze do t&#8217;ju bashkoj\u00eb t\u00eb gjitha temat e m\u00ebparshme gramatikore, duke ju mund\u00ebsuar t\u00eb krijoni fjali t\u00eb formuara mir\u00eb dhe t\u00eb shpreheni me sakt\u00ebsi dhe efektivitet n\u00eb gjuh\u00eb.<\/p>\n<\/div><\/div>\n\r\n<section class=\"learnNavigationSection\">\r\n            \r\n        <a href=\"https:\/\/talkpal.ai\/sq\/mesoni-suedisht\/\">\r\n            <div class=\"learnNavigationWrapper\">\r\n                <div class=\"learnNavigationContent\">\r\n                    <img decoding=\"async\" src=\"https:\/\/talkpal.ai\/wp-content\/uploads\/2024\/08\/Swedish.jpg\" alt=\"Swedish Flag\">\r\n                    <div>\r\n                        <h4>Rreth m\u00ebsimit suedisht<\/h4>\r\n                        <p>M\u00ebsoni gjith\u00e7ka rreth gramatik\u00ebs suedeze.<\/p>\r\n                    <\/div>\r\n                <\/div>\r\n            <\/div>\r\n        <\/a>\r\n\r\n        \r\n        <a href=\"https:\/\/talkpal.ai\/sq\/gramatika-suedeze\/\">\r\n            <div class=\"learnNavigationWrapper\">\r\n                <div class=\"learnNavigationContent\">\r\n                    <img decoding=\"async\" src=\"https:\/\/talkpal.ai\/wp-content\/uploads\/2024\/08\/Swedish.jpg\" alt=\"Swedish Flag\">\r\n                    <div>\r\n                        <h4>Ushtrimi i gramatik\u00ebs suedeze<\/h4>\r\n                        <p>Praktikoni gramatik\u00ebn suedeze.<\/p>\r\n                    <\/div>\r\n                <\/div>\r\n            <\/div>\r\n        <\/a>\r\n\r\n        \r\n        <a href=\"https:\/\/talkpal.ai\/vocabulary_language\/swedish\/\">\r\n            <div class=\"learnNavigationWrapper\">\r\n                <div class=\"learnNavigationContent\">\r\n                    <img decoding=\"async\" src=\"https:\/\/talkpal.ai\/wp-content\/uploads\/2024\/08\/Swedish.jpg\" alt=\"Swedish Flag\">\r\n                    <div>\r\n                        <h4>Fjalori suedez<\/h4>\r\n                        <p>Zgjeroni fjalorin tuaj suedisht.<\/p>\r\n                    <\/div>\r\n                <\/div>\r\n            <\/div>\r\n        <\/a>\r\n\r\n            <\/section>","protected":false},"excerpt":{"rendered":"<p>Temat e gramatik\u00ebs suedeze M\u00ebsimi i gjuh\u00ebs suedishte, gjuha zyrtare e Suedis\u00eb dhe nj\u00eb nga gjuh\u00ebt zyrtare t\u00eb Finland\u00ebs, mund t\u00eb jet\u00eb nj\u00eb p\u00ebrvoj\u00eb shp\u00ebrblyese. Jo vet\u00ebm q\u00eb do t&#8217;ju ekspozoj\u00eb ndaj nj\u00eb kulture dhe historie t\u00eb pasur, por gjithashtu do ta b\u00ebj\u00eb m\u00eb t\u00eb leht\u00eb p\u00ebr ju t\u00eb komunikoni me mbi 10 milion\u00eb fol\u00ebs [&hellip;]<\/p>\n","protected":false},"author":6,"featured_media":1439808,"parent":0,"menu_order":0,"comment_status":"closed","ping_status":"closed","template":"LearningContentPage.php","meta":{"_acf_changed":false,"footnotes":""},"class_list":["post-1446780","page","type-page","status-publish","has-post-thumbnail","hentry"],"acf":[],"yoast_head":"<!-- This site is optimized with the Yoast SEO Premium plugin v27.2 (Yoast SEO v27.2) - https:\/\/yoast.com\/product\/yoast-seo-premium-wordpress\/ -->\n<title>Ushtrime gramatikore suedeze - Talkpal<\/title>\n<meta name=\"description\" content=\"P\u00ebrmir\u00ebsoni aft\u00ebsit\u00eb tuaja gjuh\u00ebsore me ushtrime t\u00ebrheq\u00ebse t\u00eb gramatik\u00ebs suedeze t\u00eb krijuara p\u00ebr t\u00eb gjitha nivelet e nx\u00ebn\u00ebsve.\" \/>\n<meta name=\"robots\" content=\"index, follow, max-snippet:-1, max-image-preview:large, max-video-preview:-1\" \/>\n<link rel=\"canonical\" href=\"https:\/\/talkpal.ai\/sq\/ushtrime-gramatikore-suedeze\/\" \/>\n<meta property=\"og:locale\" content=\"sq_AL\" \/>\n<meta property=\"og:type\" content=\"article\" \/>\n<meta property=\"og:title\" content=\"Ushtrime gramatikore suedeze\" \/>\n<meta property=\"og:description\" content=\"Temat e gramatik\u00ebs suedeze M\u00ebsimi i gjuh\u00ebs suedishte, gjuha zyrtare e Suedis\u00eb dhe nj\u00eb nga gjuh\u00ebt zyrtare t\u00eb Finland\u00ebs, mund t\u00eb jet\u00eb nj\u00eb p\u00ebrvoj\u00eb\" \/>\n<meta property=\"og:url\" content=\"https:\/\/talkpal.ai\/sq\/ushtrime-gramatikore-suedeze\/\" \/>\n<meta property=\"og:site_name\" content=\"Talkpal\" \/>\n<meta property=\"article:publisher\" content=\"https:\/\/www.facebook.com\/profile.php?id=100090733639311\" \/>\n<meta property=\"article:modified_time\" content=\"2025-12-17T15:31:20+00:00\" \/>\n<meta property=\"og:image\" content=\"https:\/\/talkpal.ai\/wp-content\/uploads\/2023\/04\/sweden.png\" \/>\n\t<meta property=\"og:image:width\" content=\"512\" \/>\n\t<meta property=\"og:image:height\" content=\"512\" \/>\n\t<meta property=\"og:image:type\" content=\"image\/png\" \/>\n<meta name=\"twitter:card\" content=\"summary_large_image\" \/>\n<meta name=\"twitter:site\" content=\"@talkpalai\" \/>\n<meta name=\"twitter:label1\" content=\"Est. reading time\" \/>\n\t<meta name=\"twitter:data1\" content=\"3 minutes\" \/>\n<script type=\"application\/ld+json\" class=\"yoast-schema-graph\">{\"@context\":\"https:\/\/schema.org\",\"@graph\":[{\"@type\":\"WebPage\",\"@id\":\"https:\/\/talkpal.ai\/sq\/ushtrime-gramatikore-suedeze\/\",\"url\":\"https:\/\/talkpal.ai\/sq\/ushtrime-gramatikore-suedeze\/\",\"name\":\"Ushtrime gramatikore suedeze - Talkpal\",\"isPartOf\":{\"@id\":\"https:\/\/talkpal.ai\/sq\/#website\"},\"primaryImageOfPage\":{\"@id\":\"https:\/\/talkpal.ai\/sq\/ushtrime-gramatikore-suedeze\/#primaryimage\"},\"image\":{\"@id\":\"https:\/\/talkpal.ai\/sq\/ushtrime-gramatikore-suedeze\/#primaryimage\"},\"thumbnailUrl\":\"https:\/\/talkpal.ai\/wp-content\/uploads\/2023\/04\/sweden.png\",\"datePublished\":\"2023-06-16T10:01:38+00:00\",\"dateModified\":\"2025-12-17T15:31:20+00:00\",\"description\":\"P\u00ebrmir\u00ebsoni aft\u00ebsit\u00eb tuaja gjuh\u00ebsore me ushtrime t\u00ebrheq\u00ebse t\u00eb gramatik\u00ebs suedeze t\u00eb krijuara p\u00ebr t\u00eb gjitha nivelet e nx\u00ebn\u00ebsve.\",\"breadcrumb\":{\"@id\":\"https:\/\/talkpal.ai\/sq\/ushtrime-gramatikore-suedeze\/#breadcrumb\"},\"inLanguage\":\"sq-AL\",\"potentialAction\":[{\"@type\":\"ReadAction\",\"target\":[\"https:\/\/talkpal.ai\/sq\/ushtrime-gramatikore-suedeze\/\"]}]},{\"@type\":\"ImageObject\",\"inLanguage\":\"sq-AL\",\"@id\":\"https:\/\/talkpal.ai\/sq\/ushtrime-gramatikore-suedeze\/#primaryimage\",\"url\":\"https:\/\/talkpal.ai\/wp-content\/uploads\/2023\/04\/sweden.png\",\"contentUrl\":\"https:\/\/talkpal.ai\/wp-content\/uploads\/2023\/04\/sweden.png\",\"width\":512,\"height\":512,\"caption\":\"TalkPal Catalan Flag\"},{\"@type\":\"BreadcrumbList\",\"@id\":\"https:\/\/talkpal.ai\/sq\/ushtrime-gramatikore-suedeze\/#breadcrumb\",\"itemListElement\":[{\"@type\":\"ListItem\",\"position\":1,\"name\":\"Homepage\",\"item\":\"https:\/\/talkpal.ai\/sq\/\"},{\"@type\":\"ListItem\",\"position\":2,\"name\":\"Ushtrime gramatikore suedeze\"}]},{\"@type\":\"WebSite\",\"@id\":\"https:\/\/talkpal.ai\/sq\/#website\",\"url\":\"https:\/\/talkpal.ai\/sq\/\",\"name\":\"Talkpal\",\"description\":\"AI Language Learning\",\"publisher\":{\"@id\":\"https:\/\/talkpal.ai\/sq\/#organization\"},\"alternateName\":\"Talkpal AI\",\"potentialAction\":[{\"@type\":\"SearchAction\",\"target\":{\"@type\":\"EntryPoint\",\"urlTemplate\":\"https:\/\/talkpal.ai\/sq\/?s={search_term_string}\"},\"query-input\":{\"@type\":\"PropertyValueSpecification\",\"valueRequired\":true,\"valueName\":\"search_term_string\"}}],\"inLanguage\":\"sq-AL\"},{\"@type\":\"Organization\",\"@id\":\"https:\/\/talkpal.ai\/sq\/#organization\",\"name\":\"Talkpal, Inc.\",\"alternateName\":\"Talkpal AI\",\"url\":\"https:\/\/talkpal.ai\/sq\/\",\"logo\":{\"@type\":\"ImageObject\",\"inLanguage\":\"sq-AL\",\"@id\":\"https:\/\/talkpal.ai\/sq\/#\/schema\/logo\/image\/\",\"url\":\"https:\/\/talkpal.ai\/wp-content\/uploads\/2024\/03\/Talkpal-Logo-Icon.png\",\"contentUrl\":\"https:\/\/talkpal.ai\/wp-content\/uploads\/2024\/03\/Talkpal-Logo-Icon.png\",\"width\":2880,\"height\":2880,\"caption\":\"Talkpal, Inc.\"},\"image\":{\"@id\":\"https:\/\/talkpal.ai\/sq\/#\/schema\/logo\/image\/\"},\"sameAs\":[\"https:\/\/www.facebook.com\/profile.php?id=100090733639311\",\"https:\/\/x.com\/talkpalai\",\"https:\/\/www.linkedin.com\/company\/talkpal\/\",\"https:\/\/www.youtube.com\/@TalkPal\/\",\"https:\/\/www.tiktok.com\/@talkpal\",\"https:\/\/www.instagram.com\/talkpal_ai\/\",\"https:\/\/www.crunchbase.com\/organization\/talkpal-9cde\",\"https:\/\/www.g2.com\/products\/talkpal-for-business\/\",\"https:\/\/www.trustpilot.com\/review\/talkpal.ai\",\"https:\/\/www.capterra.com\/p\/10006800\/TalkPal\/\"],\"description\":\"Talkpal is a language learning web and mobile education app, powered by the latest AI technologies, that provides engaging experiences to its customers in many different languages to help them improve their language skills. Users can chat about unlimited amount of topics with the app and use other modes to practice their language learning.\",\"email\":\"support@talkpal.ai\",\"legalName\":\"Talkpal, Inc.\",\"foundingDate\":\"2023-04-03\",\"duns\":\"118989042\",\"numberOfEmployees\":{\"@type\":\"QuantitativeValue\",\"minValue\":\"11\",\"maxValue\":\"50\"},\"publishingPrinciples\":\"https:\/\/talkpal.ai\/publishing-principles\/\",\"actionableFeedbackPolicy\":\"https:\/\/talkpal.ai\/actionable-feedback-policy\/\",\"correctionsPolicy\":\"https:\/\/talkpal.ai\/corrections-policy\/\",\"ethicsPolicy\":\"https:\/\/talkpal.ai\/ethics-policy\/\",\"diversityPolicy\":\"https:\/\/talkpal.ai\/diversity-policy\/\",\"diversityStaffingReport\":\"https:\/\/talkpal.ai\/diversity-policy\/\"}]}<\/script>\n<!-- \/ Yoast SEO Premium plugin. -->","yoast_head_json":{"title":"Ushtrime gramatikore suedeze - Talkpal","description":"P\u00ebrmir\u00ebsoni aft\u00ebsit\u00eb tuaja gjuh\u00ebsore me ushtrime t\u00ebrheq\u00ebse t\u00eb gramatik\u00ebs suedeze t\u00eb krijuara p\u00ebr t\u00eb gjitha nivelet e nx\u00ebn\u00ebsve.","robots":{"index":"index","follow":"follow","max-snippet":"max-snippet:-1","max-image-preview":"max-image-preview:large","max-video-preview":"max-video-preview:-1"},"canonical":"https:\/\/talkpal.ai\/sq\/ushtrime-gramatikore-suedeze\/","og_locale":"sq_AL","og_type":"article","og_title":"Ushtrime gramatikore suedeze","og_description":"Temat e gramatik\u00ebs suedeze M\u00ebsimi i gjuh\u00ebs suedishte, gjuha zyrtare e Suedis\u00eb dhe nj\u00eb nga gjuh\u00ebt zyrtare t\u00eb Finland\u00ebs, mund t\u00eb jet\u00eb nj\u00eb p\u00ebrvoj\u00eb","og_url":"https:\/\/talkpal.ai\/sq\/ushtrime-gramatikore-suedeze\/","og_site_name":"Talkpal","article_publisher":"https:\/\/www.facebook.com\/profile.php?id=100090733639311","article_modified_time":"2025-12-17T15:31:20+00:00","og_image":[{"width":512,"height":512,"url":"https:\/\/talkpal.ai\/wp-content\/uploads\/2023\/04\/sweden.png","type":"image\/png"}],"twitter_card":"summary_large_image","twitter_site":"@talkpalai","twitter_misc":{"Est. reading time":"3 minutes"},"schema":{"@context":"https:\/\/schema.org","@graph":[{"@type":"WebPage","@id":"https:\/\/talkpal.ai\/sq\/ushtrime-gramatikore-suedeze\/","url":"https:\/\/talkpal.ai\/sq\/ushtrime-gramatikore-suedeze\/","name":"Ushtrime gramatikore suedeze - Talkpal","isPartOf":{"@id":"https:\/\/talkpal.ai\/sq\/#website"},"primaryImageOfPage":{"@id":"https:\/\/talkpal.ai\/sq\/ushtrime-gramatikore-suedeze\/#primaryimage"},"image":{"@id":"https:\/\/talkpal.ai\/sq\/ushtrime-gramatikore-suedeze\/#primaryimage"},"thumbnailUrl":"https:\/\/talkpal.ai\/wp-content\/uploads\/2023\/04\/sweden.png","datePublished":"2023-06-16T10:01:38+00:00","dateModified":"2025-12-17T15:31:20+00:00","description":"P\u00ebrmir\u00ebsoni aft\u00ebsit\u00eb tuaja gjuh\u00ebsore me ushtrime t\u00ebrheq\u00ebse t\u00eb gramatik\u00ebs suedeze t\u00eb krijuara p\u00ebr t\u00eb gjitha nivelet e nx\u00ebn\u00ebsve.","breadcrumb":{"@id":"https:\/\/talkpal.ai\/sq\/ushtrime-gramatikore-suedeze\/#breadcrumb"},"inLanguage":"sq-AL","potentialAction":[{"@type":"ReadAction","target":["https:\/\/talkpal.ai\/sq\/ushtrime-gramatikore-suedeze\/"]}]},{"@type":"ImageObject","inLanguage":"sq-AL","@id":"https:\/\/talkpal.ai\/sq\/ushtrime-gramatikore-suedeze\/#primaryimage","url":"https:\/\/talkpal.ai\/wp-content\/uploads\/2023\/04\/sweden.png","contentUrl":"https:\/\/talkpal.ai\/wp-content\/uploads\/2023\/04\/sweden.png","width":512,"height":512,"caption":"TalkPal Catalan Flag"},{"@type":"BreadcrumbList","@id":"https:\/\/talkpal.ai\/sq\/ushtrime-gramatikore-suedeze\/#breadcrumb","itemListElement":[{"@type":"ListItem","position":1,"name":"Homepage","item":"https:\/\/talkpal.ai\/sq\/"},{"@type":"ListItem","position":2,"name":"Ushtrime gramatikore suedeze"}]},{"@type":"WebSite","@id":"https:\/\/talkpal.ai\/sq\/#website","url":"https:\/\/talkpal.ai\/sq\/","name":"Talkpal","description":"AI Language Learning","publisher":{"@id":"https:\/\/talkpal.ai\/sq\/#organization"},"alternateName":"Talkpal AI","potentialAction":[{"@type":"SearchAction","target":{"@type":"EntryPoint","urlTemplate":"https:\/\/talkpal.ai\/sq\/?s={search_term_string}"},"query-input":{"@type":"PropertyValueSpecification","valueRequired":true,"valueName":"search_term_string"}}],"inLanguage":"sq-AL"},{"@type":"Organization","@id":"https:\/\/talkpal.ai\/sq\/#organization","name":"Talkpal, Inc.","alternateName":"Talkpal AI","url":"https:\/\/talkpal.ai\/sq\/","logo":{"@type":"ImageObject","inLanguage":"sq-AL","@id":"https:\/\/talkpal.ai\/sq\/#\/schema\/logo\/image\/","url":"https:\/\/talkpal.ai\/wp-content\/uploads\/2024\/03\/Talkpal-Logo-Icon.png","contentUrl":"https:\/\/talkpal.ai\/wp-content\/uploads\/2024\/03\/Talkpal-Logo-Icon.png","width":2880,"height":2880,"caption":"Talkpal, Inc."},"image":{"@id":"https:\/\/talkpal.ai\/sq\/#\/schema\/logo\/image\/"},"sameAs":["https:\/\/www.facebook.com\/profile.php?id=100090733639311","https:\/\/x.com\/talkpalai","https:\/\/www.linkedin.com\/company\/talkpal\/","https:\/\/www.youtube.com\/@TalkPal\/","https:\/\/www.tiktok.com\/@talkpal","https:\/\/www.instagram.com\/talkpal_ai\/","https:\/\/www.crunchbase.com\/organization\/talkpal-9cde","https:\/\/www.g2.com\/products\/talkpal-for-business\/","https:\/\/www.trustpilot.com\/review\/talkpal.ai","https:\/\/www.capterra.com\/p\/10006800\/TalkPal\/"],"description":"Talkpal is a language learning web and mobile education app, powered by the latest AI technologies, that provides engaging experiences to its customers in many different languages to help them improve their language skills. Users can chat about unlimited amount of topics with the app and use other modes to practice their language learning.","email":"support@talkpal.ai","legalName":"Talkpal, Inc.","foundingDate":"2023-04-03","duns":"118989042","numberOfEmployees":{"@type":"QuantitativeValue","minValue":"11","maxValue":"50"},"publishingPrinciples":"https:\/\/talkpal.ai\/publishing-principles\/","actionableFeedbackPolicy":"https:\/\/talkpal.ai\/actionable-feedback-policy\/","correctionsPolicy":"https:\/\/talkpal.ai\/corrections-policy\/","ethicsPolicy":"https:\/\/talkpal.ai\/ethics-policy\/","diversityPolicy":"https:\/\/talkpal.ai\/diversity-policy\/","diversityStaffingReport":"https:\/\/talkpal.ai\/diversity-policy\/"}]}},"_links":{"self":[{"href":"https:\/\/talkpal.ai\/sq\/wp-json\/wp\/v2\/pages\/1446780","targetHints":{"allow":["GET"]}}],"collection":[{"href":"https:\/\/talkpal.ai\/sq\/wp-json\/wp\/v2\/pages"}],"about":[{"href":"https:\/\/talkpal.ai\/sq\/wp-json\/wp\/v2\/types\/page"}],"author":[{"embeddable":true,"href":"https:\/\/talkpal.ai\/sq\/wp-json\/wp\/v2\/users\/6"}],"replies":[{"embeddable":true,"href":"https:\/\/talkpal.ai\/sq\/wp-json\/wp\/v2\/comments?post=1446780"}],"version-history":[{"count":0,"href":"https:\/\/talkpal.ai\/sq\/wp-json\/wp\/v2\/pages\/1446780\/revisions"}],"wp:featuredmedia":[{"embeddable":true,"href":"https:\/\/talkpal.ai\/sq\/wp-json\/wp\/v2\/media\/1439808"}],"wp:attachment":[{"href":"https:\/\/talkpal.ai\/sq\/wp-json\/wp\/v2\/media?parent=1446780"}],"curies":[{"name":"wp","href":"https:\/\/api.w.org\/{rel}","templated":true}]}}