{"id":1446776,"date":"2023-06-16T10:21:59","date_gmt":"2023-06-16T10:21:59","guid":{"rendered":"https:\/\/talkpal.ai\/ushtrime-gramatikore-japoneze\/"},"modified":"2025-12-17T16:48:36","modified_gmt":"2025-12-17T16:48:36","slug":"ushtrime-gramatikore-japoneze","status":"publish","type":"page","link":"https:\/\/talkpal.ai\/sq\/ushtrime-gramatikore-japoneze\/","title":{"rendered":"Ushtrime gramatikore japoneze"},"content":{"rendered":"\r\n\r\n\r\n<section class=\"languageChallengeSection\">\r\n    <div class=\"languageInfoWrapper\">\r\n        \r\n        <h1>Ushtrime gramatikore japoneze<\/h1>\r\n        <p>Gati p\u00ebr ta \u00e7uar japonishten tuaj n\u00eb nj\u00eb nivel tjet\u00ebr? Praktikimi i ushtrimeve gramatikore \u00ebsht\u00eb nj\u00eb m\u00ebnyr\u00eb fantastike p\u00ebr t\u00eb kuptuar modelet e fjalive, p\u00ebr t\u00eb p\u00ebrdorur sakt\u00eb grimcat dhe p\u00ebr t&#039;u ndjer\u00eb m\u00eb si n\u00eb sht\u00ebpi me gjuh\u00ebn. Hidheni, provoni pika t\u00eb reja gramatikore dhe shikoni <a href=\"https:\/\/talkpal.ai\/culture\/what-is-the-difference-between-se-and-si\/\">se si<\/a> \u00e7do ushtrim ju afron rrjedhshm\u00ebris\u00eb &#8211; filloni t\u00eb praktikoni gramatik\u00ebn japoneze sot!<\/p>\r\n\r\n                            <a class=\"getStartedHidden\" href=\"https:\/\/app.talkpal.ai\/signup?lng=\">Filloni<\/a>\r\n        \r\n    <\/div>\r\n\r\n    <figure>\r\n    <img decoding=\"async\" width=\"768\" height=\"768\" src=\"https:\/\/talkpal.ai\/wp-content\/uploads\/2023\/06\/japanese-768x768.png\" class=\"languageImage no-lazy\" alt=\"Language learning for world travelers\" fetchpriority=\"high\" sizes=\"(max-width: 768px) 150px, 768px\" srcset=\"https:\/\/talkpal.ai\/wp-content\/uploads\/2023\/06\/japanese-768x768.png 768w, https:\/\/talkpal.ai\/wp-content\/uploads\/2023\/06\/japanese-300x300.png 300w\" \/>\r\n    \r\n\r\n    <\/figure>\r\n\r\n            <a class=\"getStartedVisible\" href=\"https:\/\/app.talkpal.ai\/signup?lng=\">Filloni<\/a>\r\n    \r\n<\/section>\r\n\r\n\r\n<!-- <section class=\"grammarSection\">\r\n    <div class=\"grammarLinks\">\r\n            <\/div>\r\n<\/section> -->\r\n\r\n\r\n\r\n\r\n<section class=\"promotionalBanner\">\r\n    <p class=\"promotionalText\">M\u00ebnyra m\u00eb efikase p\u00ebr t\u00eb m\u00ebsuar nj\u00eb gjuh\u00eb<\/p>\r\n    <a class=\"promotionalLink\" href=\"https:\/\/app.talkpal.ai\/signup?lng=\">Provoni Talkpal falas<\/a>\r\n<\/section>\n<div class=\"wp-block-group pageContainerStyle\"><div class=\"wp-block-group__inner-container is-layout-constrained wp-block-group-is-layout-constrained\">\n<h2 class=\"wp-block-heading\" id=\"h-japanese-grammar-topics\">Temat e gramatik\u00ebs japoneze<\/h2>\n\n\n\n<p>M\u00ebsimi i japonishtes mund t\u00eb jet\u00eb nj\u00eb p\u00ebrvoj\u00eb emocionuese dhe shp\u00ebrblyese, pasi hap nj\u00eb bot\u00eb krejt\u00ebsisht t\u00eb re kulture, komunikimi dhe rritjeje personale. Gjuha japoneze ka nj\u00eb struktur\u00eb dhe sistem gramatikor unik, i cili mund t\u00eb duket i friksh\u00ebm n\u00eb fillim, por mund t\u00eb zot\u00ebrohet p\u00ebrmes praktik\u00ebs s\u00eb vazhdueshme dhe nj\u00eb plani m\u00ebsimor t\u00eb mir\u00eborganizuar. P\u00ebr t\u00eb leht\u00ebsuar udh\u00ebtimin tuaj n\u00eb bot\u00ebn e japonishtes, ne kemi grumbulluar temat thelb\u00ebsore t\u00eb gramatik\u00ebs n\u00eb nj\u00eb sekuenc\u00eb q\u00eb do t&#8217;ju ndihmoj\u00eb t\u00eb nd\u00ebrtoni nj\u00eb baz\u00eb t\u00eb fort\u00eb dhe t\u00eb p\u00ebrparoni pa probleme. Duke u fokusuar n\u00eb k\u00ebta element\u00eb gramatikore, do t\u00eb jeni n\u00eb rrug\u00ebn tuaj p\u00ebr t\u00eb arritur aft\u00ebsi n\u00eb japonisht.<\/p>\n\n\n\n<h3 class=\"wp-block-heading\" id=\"h-1-particles\">1. Grimcat:<\/h3>\n\n\n\n<p>Grimcat jan\u00eb thelb\u00ebsore n\u00eb japonisht, pasi ato tregojn\u00eb marr\u00ebdh\u00ebnien midis fjal\u00ebve n\u00eb nj\u00eb fjali. Ato funksionojn\u00eb si parafjal\u00eb dhe postpozicione n\u00eb gjuh\u00eb t\u00eb tjera. M\u00ebsimi i grimcave t\u00eb tilla si \u306f (wa), \u304c (ga), \u3092 (wo), \u306b (ni), \u3067 (de) dhe \u3068 (to) do t&#8217;ju ndihmoj\u00eb t\u00eb formoni fjali baz\u00eb dhe t\u00eb kuptoni funksionin e secil\u00ebs fjal\u00eb.<\/p>\n\n\n\n<h3 class=\"wp-block-heading\" id=\"h-2-nouns\">2. Emrat:<\/h3>\n\n\n\n<p>Njohja me emrat e zakonsh\u00ebm do t&#8217;ju lejoj\u00eb t\u00eb filloni t\u00eb nd\u00ebrtoni fjalorin tuaj. Emrat japonez\u00eb nuk kan\u00eb gjini, num\u00ebr ose artikuj, gj\u00eb q\u00eb thjeshton procesin e t\u00eb m\u00ebsuarit.<\/p>\n\n\n\n<h3 class=\"wp-block-heading\" id=\"h-3-pronouns\">3. P\u00ebremrat:<\/h3>\n\n\n\n<p>P\u00ebremrat japonez\u00eb p\u00ebrdoren p\u00ebr t&#8217;iu referuar njer\u00ebzve dhe gj\u00ebrave. Disa p\u00ebremra t\u00eb zakonsh\u00ebm p\u00ebrfshijn\u00eb \u79c1 (watashi \u2013 I), \u3042\u306a\u305f (anata \u2013 ti), \u5f7c (kare \u2013 <a href=\"https:\/\/talkpal.ai\/speaking-with-ai\/\">ai<\/a>), \u5f7c\u5973 (kanojo \u2013 ajo) dhe \u305d\u308c (l\u00ebnduar \u2013 kjo).<\/p>\n\n\n\n<h3 class=\"wp-block-heading\" id=\"h-4-verb-conjugation\">4. Konjugimi i foljes:<\/h3>\n\n\n\n<p>Foljet japoneze kan\u00eb konjugime t\u00eb ndryshme bazuar n\u00eb koh\u00ebn, mir\u00ebsjelljen dhe faktor\u00eb t\u00eb tjer\u00eb. M\u00ebsimi i formave baz\u00eb t\u00eb foljes, t\u00eb tilla si forma e fjalorit, forma -masu dhe forma -te, do t&#8217;ju ndihmoj\u00eb t\u00eb shprehni veprime dhe gjendje t\u00eb ndryshme.<\/p>\n\n\n\n<h3 class=\"wp-block-heading\" id=\"h-5-tenses\">5. Koh\u00ebt:<\/h3>\n\n\n\n<p>Japonishtja ka koh\u00eb t\u00eb kaluara dhe jo t\u00eb kaluara, me k\u00ebt\u00eb t\u00eb fundit q\u00eb p\u00ebrdoret p\u00ebr veprime t\u00eb tashme dhe t\u00eb ardhshme. T\u00eb kuptuarit se si t\u00eb lidhni foljet n\u00eb k\u00ebto koh\u00eb do t&#8217;ju ndihmoj\u00eb t\u00eb shprehni koh\u00ebn me sakt\u00ebsi.<\/p>\n\n\n\n<h3 class=\"wp-block-heading\" id=\"h-6-adjectives\">6. Mbiemrat:<\/h3>\n\n\n\n<p>Mbiemrat japonez\u00eb ndahen n\u00eb dy grupe: mbiemrat i-dhe mbiemrat na. M\u00ebsimi i rregullave t\u00eb <a href=\"https:\/\/talkpal.ai\/locations\/language-courses-in-tyre\/\">tyre<\/a> t\u00eb konjugimit dhe m\u00ebnyra se si t&#8217;i p\u00ebrdorni ato n\u00eb fjali do t&#8217;ju ndihmoj\u00eb t\u00eb p\u00ebrshkruani objektet, njer\u00ebzit dhe situatat.<\/p>\n\n\n\n<h3 class=\"wp-block-heading\" id=\"h-7-adverbs\">7. Ndajfoljet:<\/h3>\n\n\n\n<p>Ndajfoljet modifikojn\u00eb foljet, mbiemrat dhe ndajfoljet e tjera, duke shtuar nuanca n\u00eb fjalit\u00eb tuaja. Ndajfoljet e zakonshme japoneze p\u00ebrfshijn\u00eb \u901f\u304f (hayaku \u2013 shpejt), \u3086\u3063\u304f\u308a (yukkuri \u2013 ngadal\u00eb) dhe \u3068\u3066\u3082 (totemo \u2013 shum\u00eb).<\/p>\n\n\n\n<h3 class=\"wp-block-heading\" id=\"h-8-prepositions\">8. Parafjal\u00ebt:<\/h3>\n\n\n\n<p>Nd\u00ebrsa japonishtja nuk ka parafjal\u00eb n\u00eb t\u00eb nj\u00ebjt\u00ebn m\u00ebnyr\u00eb si anglishtja, disa grimca funksionojn\u00eb n\u00eb m\u00ebnyr\u00eb t\u00eb ngjashme. M\u00ebsimi i k\u00ebtyre grimcave dhe p\u00ebrdorimeve t\u00eb tyre do t&#8217;ju ndihmoj\u00eb t\u00eb shprehni marr\u00ebdh\u00ebniet hap\u00ebsinore dhe kohore.<\/p>\n\n\n\n<h3 class=\"wp-block-heading\" id=\"h-9-conjunctions\">9. Lidhjet:<\/h3>\n\n\n\n<p>Lidh\u00ebzat p\u00ebrdoren p\u00ebr t\u00eb lidhur fjal\u00ebt, fraza dhe fjalit\u00eb. Lidh\u00ebzat e zakonshme japoneze p\u00ebrfshijn\u00eb \u305d\u3057\u3066 (soshite \u2013 dhe), \u3057\u304b\u3057 (shikashi \u2013 megjithat\u00eb) dhe \u3060\u304b\u3089 (dakara \u2013 prandaj).<\/p>\n\n\n\n<h3 class=\"wp-block-heading\" id=\"h-10-sentence-structure\">10. Struktura e fjalis\u00eb:<\/h3>\n\n\n\n<p>Japonishtja ndjek nj\u00eb struktur\u00eb fjalie subjekt-objekt-folje (SOV). Kuptimi i k\u00ebsaj strukture dhe modeleve t\u00eb tjera fjalish do t&#8217;ju ndihmoj\u00eb t\u00eb krijoni fjali t\u00eb sakta dhe komplekse.<\/p>\n\n\n\n<h3 class=\"wp-block-heading\" id=\"h-11-honorifics\">11. Honorifik\u00ebt:<\/h3>\n\n\n\n<p>Japonez\u00ebt kan\u00eb nj\u00eb sistem kompleks t\u00eb nderimeve q\u00eb shprehin mir\u00ebsjellje dhe respekt. M\u00ebsimi i bazave t\u00eb t\u00eb folurit honorifik, t\u00eb tilla si p\u00ebrdorimi i \u3067\u3059 (desu) dhe \u307e\u3059 (masu), do t&#8217;ju ndihmoj\u00eb t\u00eb lundroni n\u00eb situata sociale.<\/p>\n\n\n\n<h3 class=\"wp-block-heading\" id=\"h-12-expressions\">12. Shprehjet:<\/h3>\n\n\n\n<p>Njohja me shprehjet dhe idiomat e zakonshme japoneze do t&#8217;ju ndihmoj\u00eb t\u00eb ting\u00eblloni m\u00eb t\u00eb natyrsh\u00ebm dhe m\u00eb t\u00eb rrjedhsh\u00ebm n\u00eb bised\u00eb.<\/p>\n\n\n\n<h3 class=\"wp-block-heading\" id=\"h-13-numbers\">13. Numrat:<\/h3>\n\n\n\n<p>Japonishtja ka nj\u00eb sistem unik numrash, me num\u00ebrues t\u00eb ndrysh\u00ebm p\u00ebr objekte t\u00eb ndryshme. T\u00eb m\u00ebsosh se si t\u00eb num\u00ebrosh dhe p\u00ebrdor\u00ebsh numrat n\u00eb kontekst \u00ebsht\u00eb thelb\u00ebsor p\u00ebr komunikimin e p\u00ebrditsh\u00ebm.<\/p>\n\n\n\n<h3 class=\"wp-block-heading\" id=\"h-14-verbs\">14. Foljet:<\/h3>\n\n\n\n<p>S\u00eb fundi, zgjerimi i fjalorit tuaj t\u00eb foljeve do t&#8217;ju lejoj\u00eb t\u00eb shprehni nj\u00eb gam\u00eb t\u00eb gjer\u00eb veprimesh dhe gjendjesh, duke ju mund\u00ebsuar t\u00eb komunikoni n\u00eb m\u00ebnyr\u00eb m\u00eb efektive n\u00eb japonisht.<\/p>\n<\/div><\/div>\n\r\n<section class=\"learnNavigationSection\">\r\n            \r\n        <a href=\"https:\/\/talkpal.ai\/sq\/mesoni-japonisht\/\">\r\n            <div class=\"learnNavigationWrapper\">\r\n                <div class=\"learnNavigationContent\">\r\n                    <img decoding=\"async\" src=\"https:\/\/talkpal.ai\/wp-content\/uploads\/2024\/08\/Japanese.jpg\" alt=\"Japanese Flag\">\r\n                    <div>\r\n                        <h4>Rreth m\u00ebsimit japonez<\/h4>\r\n                        <p>M\u00ebsoni gjith\u00e7ka rreth gramatik\u00ebs japoneze.<\/p>\r\n                    <\/div>\r\n                <\/div>\r\n            <\/div>\r\n        <\/a>\r\n\r\n        \r\n        <a href=\"https:\/\/talkpal.ai\/sq\/gramatika-japoneze\/\">\r\n            <div class=\"learnNavigationWrapper\">\r\n                <div class=\"learnNavigationContent\">\r\n                    <img decoding=\"async\" src=\"https:\/\/talkpal.ai\/wp-content\/uploads\/2024\/08\/Japanese.jpg\" alt=\"Japanese Flag\">\r\n                    <div>\r\n                        <h4>M\u00ebsimet e gramatik\u00ebs japoneze<\/h4>\r\n                        <p>Praktikoni gramatik\u00ebn japoneze.<\/p>\r\n                    <\/div>\r\n                <\/div>\r\n            <\/div>\r\n        <\/a>\r\n\r\n        \r\n        <a href=\"https:\/\/talkpal.ai\/vocabulary_language\/japanese\/\">\r\n            <div class=\"learnNavigationWrapper\">\r\n                <div class=\"learnNavigationContent\">\r\n                    <img decoding=\"async\" src=\"https:\/\/talkpal.ai\/wp-content\/uploads\/2024\/08\/Japanese.jpg\" alt=\"Japanese Flag\">\r\n                    <div>\r\n                        <h4>Fjalori japonez<\/h4>\r\n                        <p>Zgjeroni fjalorin tuaj japonez.<\/p>\r\n                    <\/div>\r\n                <\/div>\r\n            <\/div>\r\n        <\/a>\r\n\r\n            <\/section>","protected":false},"excerpt":{"rendered":"<p>Temat e gramatik\u00ebs japoneze M\u00ebsimi i japonishtes mund t\u00eb jet\u00eb nj\u00eb p\u00ebrvoj\u00eb emocionuese dhe shp\u00ebrblyese, pasi hap nj\u00eb bot\u00eb krejt\u00ebsisht t\u00eb re kulture, komunikimi dhe rritjeje personale. Gjuha japoneze ka nj\u00eb struktur\u00eb dhe sistem gramatikor unik, i cili mund t\u00eb duket i friksh\u00ebm n\u00eb fillim, por mund t\u00eb zot\u00ebrohet p\u00ebrmes praktik\u00ebs s\u00eb vazhdueshme dhe nj\u00eb [&hellip;]<\/p>\n","protected":false},"author":6,"featured_media":1440724,"parent":0,"menu_order":0,"comment_status":"closed","ping_status":"closed","template":"LearningContentPage.php","meta":{"_acf_changed":false,"footnotes":""},"class_list":["post-1446776","page","type-page","status-publish","has-post-thumbnail","hentry"],"acf":[],"yoast_head":"<!-- This site is optimized with the Yoast SEO Premium plugin v27.2 (Yoast SEO v27.2) - https:\/\/yoast.com\/product\/yoast-seo-premium-wordpress\/ -->\n<title>Ushtrime gramatikore japoneze - Talkpal<\/title>\n<meta name=\"description\" content=\"P\u00ebrmir\u00ebsoni aft\u00ebsit\u00eb tuaja gramatikore japoneze - zot\u00ebroni strukturat e fjalive, praktikoni aktivitete interaktive dhe rrisni rrjedhshm\u00ebrin\u00eb\" \/>\n<meta name=\"robots\" content=\"index, follow, max-snippet:-1, max-image-preview:large, max-video-preview:-1\" \/>\n<link rel=\"canonical\" href=\"https:\/\/talkpal.ai\/sq\/ushtrime-gramatikore-japoneze\/\" \/>\n<meta property=\"og:locale\" content=\"sq_AL\" \/>\n<meta property=\"og:type\" content=\"article\" \/>\n<meta property=\"og:title\" content=\"Ushtrime gramatikore japoneze\" \/>\n<meta property=\"og:description\" content=\"Temat e gramatik\u00ebs japoneze M\u00ebsimi i japonishtes mund t\u00eb jet\u00eb nj\u00eb p\u00ebrvoj\u00eb emocionuese dhe shp\u00ebrblyese, pasi hap nj\u00eb bot\u00eb krejt\u00ebsisht t\u00eb re kulture,\" \/>\n<meta property=\"og:url\" content=\"https:\/\/talkpal.ai\/sq\/ushtrime-gramatikore-japoneze\/\" \/>\n<meta property=\"og:site_name\" content=\"Talkpal\" \/>\n<meta property=\"article:publisher\" content=\"https:\/\/www.facebook.com\/profile.php?id=100090733639311\" \/>\n<meta property=\"article:modified_time\" content=\"2025-12-17T16:48:36+00:00\" \/>\n<meta property=\"og:image\" content=\"https:\/\/talkpal.ai\/wp-content\/uploads\/2023\/04\/japan.png\" \/>\n\t<meta property=\"og:image:width\" content=\"512\" \/>\n\t<meta property=\"og:image:height\" content=\"512\" \/>\n\t<meta property=\"og:image:type\" content=\"image\/png\" \/>\n<meta name=\"twitter:card\" content=\"summary_large_image\" \/>\n<meta name=\"twitter:site\" content=\"@talkpalai\" \/>\n<meta name=\"twitter:label1\" content=\"Est. reading time\" \/>\n\t<meta name=\"twitter:data1\" content=\"3 minutes\" \/>\n<script type=\"application\/ld+json\" class=\"yoast-schema-graph\">{\"@context\":\"https:\/\/schema.org\",\"@graph\":[{\"@type\":\"WebPage\",\"@id\":\"https:\/\/talkpal.ai\/sq\/ushtrime-gramatikore-japoneze\/\",\"url\":\"https:\/\/talkpal.ai\/sq\/ushtrime-gramatikore-japoneze\/\",\"name\":\"Ushtrime gramatikore japoneze - Talkpal\",\"isPartOf\":{\"@id\":\"https:\/\/talkpal.ai\/sq\/#website\"},\"primaryImageOfPage\":{\"@id\":\"https:\/\/talkpal.ai\/sq\/ushtrime-gramatikore-japoneze\/#primaryimage\"},\"image\":{\"@id\":\"https:\/\/talkpal.ai\/sq\/ushtrime-gramatikore-japoneze\/#primaryimage\"},\"thumbnailUrl\":\"https:\/\/talkpal.ai\/wp-content\/uploads\/2023\/04\/japan.png\",\"datePublished\":\"2023-06-16T10:21:59+00:00\",\"dateModified\":\"2025-12-17T16:48:36+00:00\",\"description\":\"P\u00ebrmir\u00ebsoni aft\u00ebsit\u00eb tuaja gramatikore japoneze - zot\u00ebroni strukturat e fjalive, praktikoni aktivitete interaktive dhe rrisni rrjedhshm\u00ebrin\u00eb\",\"breadcrumb\":{\"@id\":\"https:\/\/talkpal.ai\/sq\/ushtrime-gramatikore-japoneze\/#breadcrumb\"},\"inLanguage\":\"sq-AL\",\"potentialAction\":[{\"@type\":\"ReadAction\",\"target\":[\"https:\/\/talkpal.ai\/sq\/ushtrime-gramatikore-japoneze\/\"]}]},{\"@type\":\"ImageObject\",\"inLanguage\":\"sq-AL\",\"@id\":\"https:\/\/talkpal.ai\/sq\/ushtrime-gramatikore-japoneze\/#primaryimage\",\"url\":\"https:\/\/talkpal.ai\/wp-content\/uploads\/2023\/04\/japan.png\",\"contentUrl\":\"https:\/\/talkpal.ai\/wp-content\/uploads\/2023\/04\/japan.png\",\"width\":512,\"height\":512,\"caption\":\"TalkPal Catalan Flag\"},{\"@type\":\"BreadcrumbList\",\"@id\":\"https:\/\/talkpal.ai\/sq\/ushtrime-gramatikore-japoneze\/#breadcrumb\",\"itemListElement\":[{\"@type\":\"ListItem\",\"position\":1,\"name\":\"Homepage\",\"item\":\"https:\/\/talkpal.ai\/sq\/\"},{\"@type\":\"ListItem\",\"position\":2,\"name\":\"Ushtrime gramatikore japoneze\"}]},{\"@type\":\"WebSite\",\"@id\":\"https:\/\/talkpal.ai\/sq\/#website\",\"url\":\"https:\/\/talkpal.ai\/sq\/\",\"name\":\"Talkpal\",\"description\":\"AI Language Learning\",\"publisher\":{\"@id\":\"https:\/\/talkpal.ai\/sq\/#organization\"},\"alternateName\":\"Talkpal AI\",\"potentialAction\":[{\"@type\":\"SearchAction\",\"target\":{\"@type\":\"EntryPoint\",\"urlTemplate\":\"https:\/\/talkpal.ai\/sq\/?s={search_term_string}\"},\"query-input\":{\"@type\":\"PropertyValueSpecification\",\"valueRequired\":true,\"valueName\":\"search_term_string\"}}],\"inLanguage\":\"sq-AL\"},{\"@type\":\"Organization\",\"@id\":\"https:\/\/talkpal.ai\/sq\/#organization\",\"name\":\"Talkpal, Inc.\",\"alternateName\":\"Talkpal AI\",\"url\":\"https:\/\/talkpal.ai\/sq\/\",\"logo\":{\"@type\":\"ImageObject\",\"inLanguage\":\"sq-AL\",\"@id\":\"https:\/\/talkpal.ai\/sq\/#\/schema\/logo\/image\/\",\"url\":\"https:\/\/talkpal.ai\/wp-content\/uploads\/2024\/03\/Talkpal-Logo-Icon.png\",\"contentUrl\":\"https:\/\/talkpal.ai\/wp-content\/uploads\/2024\/03\/Talkpal-Logo-Icon.png\",\"width\":2880,\"height\":2880,\"caption\":\"Talkpal, Inc.\"},\"image\":{\"@id\":\"https:\/\/talkpal.ai\/sq\/#\/schema\/logo\/image\/\"},\"sameAs\":[\"https:\/\/www.facebook.com\/profile.php?id=100090733639311\",\"https:\/\/x.com\/talkpalai\",\"https:\/\/www.linkedin.com\/company\/talkpal\/\",\"https:\/\/www.youtube.com\/@TalkPal\/\",\"https:\/\/www.tiktok.com\/@talkpal\",\"https:\/\/www.instagram.com\/talkpal_ai\/\",\"https:\/\/www.crunchbase.com\/organization\/talkpal-9cde\",\"https:\/\/www.g2.com\/products\/talkpal-for-business\/\",\"https:\/\/www.trustpilot.com\/review\/talkpal.ai\",\"https:\/\/www.capterra.com\/p\/10006800\/TalkPal\/\"],\"description\":\"Talkpal is a language learning web and mobile education app, powered by the latest AI technologies, that provides engaging experiences to its customers in many different languages to help them improve their language skills. Users can chat about unlimited amount of topics with the app and use other modes to practice their language learning.\",\"email\":\"support@talkpal.ai\",\"legalName\":\"Talkpal, Inc.\",\"foundingDate\":\"2023-04-03\",\"duns\":\"118989042\",\"numberOfEmployees\":{\"@type\":\"QuantitativeValue\",\"minValue\":\"11\",\"maxValue\":\"50\"},\"publishingPrinciples\":\"https:\/\/talkpal.ai\/publishing-principles\/\",\"actionableFeedbackPolicy\":\"https:\/\/talkpal.ai\/actionable-feedback-policy\/\",\"correctionsPolicy\":\"https:\/\/talkpal.ai\/corrections-policy\/\",\"ethicsPolicy\":\"https:\/\/talkpal.ai\/ethics-policy\/\",\"diversityPolicy\":\"https:\/\/talkpal.ai\/diversity-policy\/\",\"diversityStaffingReport\":\"https:\/\/talkpal.ai\/diversity-policy\/\"}]}<\/script>\n<!-- \/ Yoast SEO Premium plugin. -->","yoast_head_json":{"title":"Ushtrime gramatikore japoneze - Talkpal","description":"P\u00ebrmir\u00ebsoni aft\u00ebsit\u00eb tuaja gramatikore japoneze - zot\u00ebroni strukturat e fjalive, praktikoni aktivitete interaktive dhe rrisni rrjedhshm\u00ebrin\u00eb","robots":{"index":"index","follow":"follow","max-snippet":"max-snippet:-1","max-image-preview":"max-image-preview:large","max-video-preview":"max-video-preview:-1"},"canonical":"https:\/\/talkpal.ai\/sq\/ushtrime-gramatikore-japoneze\/","og_locale":"sq_AL","og_type":"article","og_title":"Ushtrime gramatikore japoneze","og_description":"Temat e gramatik\u00ebs japoneze M\u00ebsimi i japonishtes mund t\u00eb jet\u00eb nj\u00eb p\u00ebrvoj\u00eb emocionuese dhe shp\u00ebrblyese, pasi hap nj\u00eb bot\u00eb krejt\u00ebsisht t\u00eb re kulture,","og_url":"https:\/\/talkpal.ai\/sq\/ushtrime-gramatikore-japoneze\/","og_site_name":"Talkpal","article_publisher":"https:\/\/www.facebook.com\/profile.php?id=100090733639311","article_modified_time":"2025-12-17T16:48:36+00:00","og_image":[{"width":512,"height":512,"url":"https:\/\/talkpal.ai\/wp-content\/uploads\/2023\/04\/japan.png","type":"image\/png"}],"twitter_card":"summary_large_image","twitter_site":"@talkpalai","twitter_misc":{"Est. reading time":"3 minutes"},"schema":{"@context":"https:\/\/schema.org","@graph":[{"@type":"WebPage","@id":"https:\/\/talkpal.ai\/sq\/ushtrime-gramatikore-japoneze\/","url":"https:\/\/talkpal.ai\/sq\/ushtrime-gramatikore-japoneze\/","name":"Ushtrime gramatikore japoneze - Talkpal","isPartOf":{"@id":"https:\/\/talkpal.ai\/sq\/#website"},"primaryImageOfPage":{"@id":"https:\/\/talkpal.ai\/sq\/ushtrime-gramatikore-japoneze\/#primaryimage"},"image":{"@id":"https:\/\/talkpal.ai\/sq\/ushtrime-gramatikore-japoneze\/#primaryimage"},"thumbnailUrl":"https:\/\/talkpal.ai\/wp-content\/uploads\/2023\/04\/japan.png","datePublished":"2023-06-16T10:21:59+00:00","dateModified":"2025-12-17T16:48:36+00:00","description":"P\u00ebrmir\u00ebsoni aft\u00ebsit\u00eb tuaja gramatikore japoneze - zot\u00ebroni strukturat e fjalive, praktikoni aktivitete interaktive dhe rrisni rrjedhshm\u00ebrin\u00eb","breadcrumb":{"@id":"https:\/\/talkpal.ai\/sq\/ushtrime-gramatikore-japoneze\/#breadcrumb"},"inLanguage":"sq-AL","potentialAction":[{"@type":"ReadAction","target":["https:\/\/talkpal.ai\/sq\/ushtrime-gramatikore-japoneze\/"]}]},{"@type":"ImageObject","inLanguage":"sq-AL","@id":"https:\/\/talkpal.ai\/sq\/ushtrime-gramatikore-japoneze\/#primaryimage","url":"https:\/\/talkpal.ai\/wp-content\/uploads\/2023\/04\/japan.png","contentUrl":"https:\/\/talkpal.ai\/wp-content\/uploads\/2023\/04\/japan.png","width":512,"height":512,"caption":"TalkPal Catalan Flag"},{"@type":"BreadcrumbList","@id":"https:\/\/talkpal.ai\/sq\/ushtrime-gramatikore-japoneze\/#breadcrumb","itemListElement":[{"@type":"ListItem","position":1,"name":"Homepage","item":"https:\/\/talkpal.ai\/sq\/"},{"@type":"ListItem","position":2,"name":"Ushtrime gramatikore japoneze"}]},{"@type":"WebSite","@id":"https:\/\/talkpal.ai\/sq\/#website","url":"https:\/\/talkpal.ai\/sq\/","name":"Talkpal","description":"AI Language Learning","publisher":{"@id":"https:\/\/talkpal.ai\/sq\/#organization"},"alternateName":"Talkpal AI","potentialAction":[{"@type":"SearchAction","target":{"@type":"EntryPoint","urlTemplate":"https:\/\/talkpal.ai\/sq\/?s={search_term_string}"},"query-input":{"@type":"PropertyValueSpecification","valueRequired":true,"valueName":"search_term_string"}}],"inLanguage":"sq-AL"},{"@type":"Organization","@id":"https:\/\/talkpal.ai\/sq\/#organization","name":"Talkpal, Inc.","alternateName":"Talkpal AI","url":"https:\/\/talkpal.ai\/sq\/","logo":{"@type":"ImageObject","inLanguage":"sq-AL","@id":"https:\/\/talkpal.ai\/sq\/#\/schema\/logo\/image\/","url":"https:\/\/talkpal.ai\/wp-content\/uploads\/2024\/03\/Talkpal-Logo-Icon.png","contentUrl":"https:\/\/talkpal.ai\/wp-content\/uploads\/2024\/03\/Talkpal-Logo-Icon.png","width":2880,"height":2880,"caption":"Talkpal, Inc."},"image":{"@id":"https:\/\/talkpal.ai\/sq\/#\/schema\/logo\/image\/"},"sameAs":["https:\/\/www.facebook.com\/profile.php?id=100090733639311","https:\/\/x.com\/talkpalai","https:\/\/www.linkedin.com\/company\/talkpal\/","https:\/\/www.youtube.com\/@TalkPal\/","https:\/\/www.tiktok.com\/@talkpal","https:\/\/www.instagram.com\/talkpal_ai\/","https:\/\/www.crunchbase.com\/organization\/talkpal-9cde","https:\/\/www.g2.com\/products\/talkpal-for-business\/","https:\/\/www.trustpilot.com\/review\/talkpal.ai","https:\/\/www.capterra.com\/p\/10006800\/TalkPal\/"],"description":"Talkpal is a language learning web and mobile education app, powered by the latest AI technologies, that provides engaging experiences to its customers in many different languages to help them improve their language skills. Users can chat about unlimited amount of topics with the app and use other modes to practice their language learning.","email":"support@talkpal.ai","legalName":"Talkpal, Inc.","foundingDate":"2023-04-03","duns":"118989042","numberOfEmployees":{"@type":"QuantitativeValue","minValue":"11","maxValue":"50"},"publishingPrinciples":"https:\/\/talkpal.ai\/publishing-principles\/","actionableFeedbackPolicy":"https:\/\/talkpal.ai\/actionable-feedback-policy\/","correctionsPolicy":"https:\/\/talkpal.ai\/corrections-policy\/","ethicsPolicy":"https:\/\/talkpal.ai\/ethics-policy\/","diversityPolicy":"https:\/\/talkpal.ai\/diversity-policy\/","diversityStaffingReport":"https:\/\/talkpal.ai\/diversity-policy\/"}]}},"_links":{"self":[{"href":"https:\/\/talkpal.ai\/sq\/wp-json\/wp\/v2\/pages\/1446776","targetHints":{"allow":["GET"]}}],"collection":[{"href":"https:\/\/talkpal.ai\/sq\/wp-json\/wp\/v2\/pages"}],"about":[{"href":"https:\/\/talkpal.ai\/sq\/wp-json\/wp\/v2\/types\/page"}],"author":[{"embeddable":true,"href":"https:\/\/talkpal.ai\/sq\/wp-json\/wp\/v2\/users\/6"}],"replies":[{"embeddable":true,"href":"https:\/\/talkpal.ai\/sq\/wp-json\/wp\/v2\/comments?post=1446776"}],"version-history":[{"count":0,"href":"https:\/\/talkpal.ai\/sq\/wp-json\/wp\/v2\/pages\/1446776\/revisions"}],"wp:featuredmedia":[{"embeddable":true,"href":"https:\/\/talkpal.ai\/sq\/wp-json\/wp\/v2\/media\/1440724"}],"wp:attachment":[{"href":"https:\/\/talkpal.ai\/sq\/wp-json\/wp\/v2\/media?parent=1446776"}],"curies":[{"name":"wp","href":"https:\/\/api.w.org\/{rel}","templated":true}]}}