{"id":1446772,"date":"2023-06-16T10:51:16","date_gmt":"2023-06-16T10:51:16","guid":{"rendered":"https:\/\/talkpal.ai\/ushtrimet-gramatikore-ukrainase\/"},"modified":"2025-12-17T16:22:51","modified_gmt":"2025-12-17T16:22:51","slug":"ushtrimet-gramatikore-ukrainase","status":"publish","type":"page","link":"https:\/\/talkpal.ai\/sq\/ushtrimet-gramatikore-ukrainase\/","title":{"rendered":"Ushtrimet gramatikore ukrainase"},"content":{"rendered":"\r\n\r\n\r\n<section class=\"languageChallengeSection\">\r\n    <div class=\"languageInfoWrapper\">\r\n        \r\n        <h1>Ushtrimet gramatikore ukrainase<\/h1>\r\n        <p>D\u00ebshironi t&#039;i \u00e7oni aft\u00ebsit\u00eb tuaja ukrainase n\u00eb nj\u00eb nivel tjet\u00ebr? Praktikimi i ushtrimeve gramatikore \u00ebsht\u00eb nj\u00eb m\u00ebnyr\u00eb ky\u00e7e p\u00ebr t\u00eb zot\u00ebruar struktur\u00ebn e fjalis\u00eb, format e foljeve dhe modelet unike t\u00eb gjuh\u00ebs ukrainase. Filloni t\u00eb punoni n\u00eb gramatik\u00ebn ukrainase sot dhe shikoni besimin dhe rrjedhshm\u00ebrin\u00eb tuaj t\u00eb rriten me \u00e7do ushtrim!<\/p>\r\n\r\n                            <a class=\"getStartedHidden\" href=\"https:\/\/app.talkpal.ai\/signup?lng=\">Filloni<\/a>\r\n        \r\n    <\/div>\r\n\r\n    <figure>\r\n    <img decoding=\"async\" width=\"768\" height=\"768\" src=\"https:\/\/talkpal.ai\/wp-content\/uploads\/2023\/06\/Ukrainian-768x768.png\" class=\"languageImage no-lazy\" alt=\"Language learning - Your doorway to the world\" fetchpriority=\"high\" sizes=\"(max-width: 768px) 150px, 768px\" srcset=\"https:\/\/talkpal.ai\/wp-content\/uploads\/2023\/06\/Ukrainian-768x768.png 768w, https:\/\/talkpal.ai\/wp-content\/uploads\/2023\/06\/Ukrainian-300x300.png 300w\" \/>\r\n    \r\n\r\n    <\/figure>\r\n\r\n            <a class=\"getStartedVisible\" href=\"https:\/\/app.talkpal.ai\/signup?lng=\">Filloni<\/a>\r\n    \r\n<\/section>\r\n\r\n\r\n<!-- <section class=\"grammarSection\">\r\n    <div class=\"grammarLinks\">\r\n            <\/div>\r\n<\/section> -->\r\n\r\n\r\n\r\n\r\n<section class=\"promotionalBanner\">\r\n    <p class=\"promotionalText\">M\u00ebnyra m\u00eb efikase p\u00ebr t\u00eb m\u00ebsuar nj\u00eb gjuh\u00eb<\/p>\r\n    <a class=\"promotionalLink\" href=\"https:\/\/app.talkpal.ai\/signup?lng=\">Provoni Talkpal falas<\/a>\r\n<\/section>\n<div class=\"wp-block-group pageContainerStyle\"><div class=\"wp-block-group__inner-container is-layout-constrained wp-block-group-is-layout-constrained\">\n<h2 class=\"wp-block-heading\" id=\"h-ukrainian-grammar-topics\">Temat e gramatik\u00ebs ukrainase<\/h2>\n\n\n\n<p>M\u00ebsimi i nj\u00eb gjuhe t\u00eb re mund t\u00eb jet\u00eb nj\u00eb p\u00ebrpjekje emocionuese por sfiduese dhe gjuha ukrainase nuk b\u00ebn p\u00ebrjashtim. Ukrainishtja, nj\u00eb gjuh\u00eb sllave lindore, \u00ebsht\u00eb gjuha zyrtare e Ukrain\u00ebs dhe krenohet me nj\u00eb histori t\u00eb pasur dhe struktur\u00eb t\u00eb larmishme gramatikore. Nd\u00ebrsa filloni udh\u00ebtimin tuaj p\u00ebr t&#8217;u b\u00ebr\u00eb i aft\u00eb n\u00eb ukrainisht, ka disa tema kryesore gramatikore q\u00eb do t&#8217;ju duhet t\u00eb zot\u00ebroni, duke p\u00ebrfshir\u00eb koh\u00ebt, foljet, emrat, artikujt, p\u00ebremrat, mbiemrat, ndajfoljet, parafjal\u00ebt dhe struktur\u00ebn e fjalive. Kuptimi dhe zbatimi i sakt\u00eb i k\u00ebtyre rregullave gramatikore do t\u00eb p\u00ebrmir\u00ebsoj\u00eb ndjesh\u00ebm rrjedhshm\u00ebrin\u00eb tuaj n\u00eb gjuh\u00eb. Pra, le t\u00eb zhytemi n\u00eb secil\u00ebn tem\u00eb dhe t\u00eb eksplorojm\u00eb sekuenc\u00ebn n\u00eb t\u00eb cil\u00ebn duhet t&#8217;i m\u00ebsoni ato.<\/p>\n\n\n\n<h3 class=\"wp-block-heading\" id=\"h-1-nouns\">1. Emrat:<\/h3>\n\n\n\n<p>Filloni duke m\u00ebsuar emrat <a href=\"https:\/\/talkpal.ai\/learn-ukrainian\/\">ukrainas<\/a> pasi ato jan\u00eb themeli i gjuh\u00ebs. Njihuni me gjinin\u00eb e <a href=\"https:\/\/talkpal.ai\/locations\/language-courses-in-tyre\/\">tyre<\/a> (mashkullore, fem\u00ebrore dhe neutre) dhe format e tyre shum\u00ebsore. Kuptimi i deformimeve t\u00eb emrave (rasteve) \u00ebsht\u00eb thelb\u00ebsor p\u00ebr formimin e duhur t\u00eb fjalis\u00eb.<\/p>\n\n\n\n<h3 class=\"wp-block-heading\" id=\"h-2-pronouns\">2. P\u00ebremrat:<\/h3>\n\n\n\n<p>M\u00eb pas, m\u00ebsoni p\u00ebremrat \u2013 fjal\u00eb q\u00eb z\u00ebvend\u00ebsojn\u00eb emrat n\u00eb nj\u00eb fjali. Ata gjithashtu kan\u00eb dallime gjinore, k\u00ebshtu q\u00eb \u00ebsht\u00eb thelb\u00ebsore t\u00eb m\u00ebsoni format e duhura p\u00ebr t&#8217;u p\u00ebrdorur n\u00eb var\u00ebsi t\u00eb emrit q\u00eb po z\u00ebvend\u00ebsojn\u00eb.<\/p>\n\n\n\n<h3 class=\"wp-block-heading\" id=\"h-3-verbs\">3. Foljet:<\/h3>\n\n\n\n<p>Foljet jan\u00eb fjal\u00ebt e veprimit n\u00eb nj\u00eb fjali. N\u00eb ukrainisht, foljet kan\u00eb forma t\u00eb ndryshme bazuar n\u00eb koh\u00ebn, humorin dhe aspektin. Filloni duke m\u00ebsuar format treguese t\u00eb foljeve t\u00eb koh\u00ebs s\u00eb tashme, t\u00eb cilat do t&#8217;ju ndihmojn\u00eb t\u00eb kuptoni struktur\u00ebn baz\u00eb t\u00eb fjalis\u00eb.<\/p>\n\n\n\n<h3 class=\"wp-block-heading\" id=\"h-4-tenses-indicative\">4. Koh\u00ebt treguese:<\/h3>\n\n\n\n<p>Pasi t\u00eb jeni rehat me foljet n\u00eb koh\u00ebn e tashme, kaloni n\u00eb m\u00ebsimin e koh\u00ebs s\u00eb kaluar dhe t\u00eb ardhshme n\u00eb humorin tregues. Kjo do t&#8217;ju lejoj\u00eb t\u00eb komunikoni p\u00ebr ngjarjet q\u00eb kan\u00eb ndodhur tashm\u00eb ose do t\u00eb ndodhin n\u00eb t\u00eb ardhmen.<\/p>\n\n\n\n<h3 class=\"wp-block-heading\" id=\"h-5-tenses-subjunctive\">5. Koh\u00ebt n\u00ebnlidh\u00ebse:<\/h3>\n\n\n\n<p>Pasi t\u00eb zot\u00ebroni humorin tregues, eksploroni humorin n\u00ebnlidh\u00ebs, i cili shpreh situata, d\u00ebshira ose sugjerime hipotetike. Humori n\u00ebnlidh\u00ebs ndodh kryesisht n\u00eb koh\u00ebn e kaluar dhe t\u00eb ardhshme n\u00eb ukrainisht.<\/p>\n\n\n\n<h3 class=\"wp-block-heading\" id=\"h-6-tense-comparison\">6. Krahasimi i tensionuar:<\/h3>\n\n\n\n<p>M\u00ebsoni <a href=\"https:\/\/talkpal.ai\/culture\/what-is-the-difference-between-se-and-si\/\">se si<\/a> t\u00eb krahasoni koh\u00ebt n\u00eb ukrainisht p\u00ebr t\u00eb shprehur shkall\u00eb t\u00eb ndryshme sigurie ose mund\u00ebsie. Kjo do t&#8217;ju ndihmoj\u00eb t\u00eb kuptoni dhe krijoni fjali m\u00eb komplekse.<\/p>\n\n\n\n<h3 class=\"wp-block-heading\" id=\"h-7-adjectives\">7. Mbiemra:<\/h3>\n\n\n\n<p>Mbiemrat p\u00ebrshkruajn\u00eb cil\u00ebsit\u00eb e emrave. Ata bien dakord n\u00eb gjini, num\u00ebr dhe rast me emrin q\u00eb modifikojn\u00eb. M\u00ebsimi i mbiemrave do t&#8217;ju ndihmoj\u00eb t\u00eb shtoni m\u00eb shum\u00eb detaje n\u00eb fjalit\u00eb tuaja.<\/p>\n\n\n\n<h3 class=\"wp-block-heading\" id=\"h-8-adverbs\">8. Ndajfoljet:<\/h3>\n\n\n\n<p>Ndajfoljet p\u00ebrshkruajn\u00eb m\u00ebnyr\u00ebn, vendin ose koh\u00ebn e nj\u00eb veprimi. Ato nuk bien si mbiemra, por luajn\u00eb nj\u00eb rol vendimtar p\u00ebr t&#8217;i b\u00ebr\u00eb fjalit\u00eb tuaja m\u00eb informuese dhe t\u00ebrheq\u00ebse.<\/p>\n\n\n\n<h3 class=\"wp-block-heading\" id=\"h-9-prepositions\">9. Parafjal\u00ebt:<\/h3>\n\n\n\n<p>Parafjal\u00ebt tregojn\u00eb marr\u00ebdh\u00ebnien midis fjal\u00ebve n\u00eb nj\u00eb fjali (p.sh., vendndodhja, drejtimi ose koha). M\u00ebsoni se si t\u00eb p\u00ebrdorni parafjal\u00ebt n\u00eb m\u00ebnyr\u00eb korrekte p\u00ebr t\u00eb shmangur konfuzionin dhe p\u00ebr t\u00eb p\u00ebrcjell\u00eb kuptimin tuaj t\u00eb synuar.<\/p>\n\n\n\n<h3 class=\"wp-block-heading\" id=\"h-10-sentence-structure\">10. Struktura e fjalis\u00eb:<\/h3>\n\n\n\n<p>S\u00eb fundi, njihuni me struktur\u00ebn e fjalis\u00eb ukrainase. Kjo p\u00ebrfshin t\u00eb kuptuarit e renditjes s\u00eb fjal\u00ebve subjekt-folje-objekt (SVO) dhe m\u00ebnyr\u00ebn e p\u00ebrdorimit t\u00eb rasteve dhe element\u00ebve t\u00eb tjer\u00eb gramatikore p\u00ebr t\u00eb formuar fjali t\u00eb qarta dhe koherente.<\/p>\n\n\n\n<h3 class=\"wp-block-heading\" id=\"h-11-articles\">11. Nenet:<\/h3>\n\n\n\n<p>Ukrainasja nuk ka artikuj si &#8220;the&#8221; ose &#8220;a&#8221; n\u00eb <a href=\"https:\/\/talkpal.ai\/learn-english-with-ai\/\">anglisht<\/a>, por \u00ebsht\u00eb thelb\u00ebsore t\u00eb kuptohet se si p\u00ebrcillen p\u00ebrcaktueshm\u00ebria dhe pap\u00ebrcaktuaria n\u00eb gjuh\u00eb, zakonisht p\u00ebrmes p\u00ebrdorimit t\u00eb p\u00ebremrave demonstrativ\u00eb ose kontekstit.<\/p>\n\n\n\n<p>Duke m\u00ebsuar k\u00ebto tema gramatikore n\u00eb sekuenc\u00ebn e sugjeruar, gradualisht do t\u00eb nd\u00ebrtoni nj\u00eb baz\u00eb t\u00eb fort\u00eb n\u00eb ukrainisht dhe do t\u00eb p\u00ebrparoni drejt rrjedhshm\u00ebris\u00eb s\u00eb gjuh\u00ebs.<\/p>\n<\/div><\/div>\n\r\n<section class=\"learnNavigationSection\">\r\n            \r\n        <a href=\"https:\/\/talkpal.ai\/sq\/mesoni-gjuhen-ukrainase\/\">\r\n            <div class=\"learnNavigationWrapper\">\r\n                <div class=\"learnNavigationContent\">\r\n                    <img decoding=\"async\" src=\"https:\/\/talkpal.ai\/wp-content\/uploads\/2024\/08\/Ukrainian.jpg\" alt=\"Ukrainian Flag\">\r\n                    <div>\r\n                        <h4>Rreth m\u00ebsimit ukrainas<\/h4>\r\n                        <p>M\u00ebsoni gjith\u00e7ka rreth gramatik\u00ebs ukrainase.<\/p>\r\n                    <\/div>\r\n                <\/div>\r\n            <\/div>\r\n        <\/a>\r\n\r\n        \r\n        <a href=\"https:\/\/talkpal.ai\/sq\/gramatika-ukrainase\/\">\r\n            <div class=\"learnNavigationWrapper\">\r\n                <div class=\"learnNavigationContent\">\r\n                    <img decoding=\"async\" src=\"https:\/\/talkpal.ai\/wp-content\/uploads\/2024\/08\/Ukrainian.jpg\" alt=\"Ukrainian Flag\">\r\n                    <div>\r\n                        <h4>M\u00ebsimet e gramatik\u00ebs ukrainase<\/h4>\r\n                        <p>Praktikoni gramatik\u00ebn ukrainase.<\/p>\r\n                    <\/div>\r\n                <\/div>\r\n            <\/div>\r\n        <\/a>\r\n\r\n        \r\n        <a href=\"https:\/\/talkpal.ai\/vocabulary_language\/ukrainian\/\">\r\n            <div class=\"learnNavigationWrapper\">\r\n                <div class=\"learnNavigationContent\">\r\n                    <img decoding=\"async\" src=\"https:\/\/talkpal.ai\/wp-content\/uploads\/2024\/08\/Ukrainian.jpg\" alt=\"Ukrainian Flag\">\r\n                    <div>\r\n                        <h4>Fjalori ukrainas<\/h4>\r\n                        <p>Zgjeroni fjalorin tuaj ukrainas.<\/p>\r\n                    <\/div>\r\n                <\/div>\r\n            <\/div>\r\n        <\/a>\r\n\r\n            <\/section>","protected":false},"excerpt":{"rendered":"<p>Temat e gramatik\u00ebs ukrainase M\u00ebsimi i nj\u00eb gjuhe t\u00eb re mund t\u00eb jet\u00eb nj\u00eb p\u00ebrpjekje emocionuese por sfiduese dhe gjuha ukrainase nuk b\u00ebn p\u00ebrjashtim. Ukrainishtja, nj\u00eb gjuh\u00eb sllave lindore, \u00ebsht\u00eb gjuha zyrtare e Ukrain\u00ebs dhe krenohet me nj\u00eb histori t\u00eb pasur dhe struktur\u00eb t\u00eb larmishme gramatikore. Nd\u00ebrsa filloni udh\u00ebtimin tuaj p\u00ebr t&#8217;u b\u00ebr\u00eb i aft\u00eb [&hellip;]<\/p>\n","protected":false},"author":6,"featured_media":1442716,"parent":0,"menu_order":0,"comment_status":"closed","ping_status":"closed","template":"LearningContentPage.php","meta":{"_acf_changed":false,"footnotes":""},"class_list":["post-1446772","page","type-page","status-publish","has-post-thumbnail","hentry"],"acf":[],"yoast_head":"<!-- This site is optimized with the Yoast SEO Premium plugin v27.2 (Yoast SEO v27.2) - https:\/\/yoast.com\/product\/yoast-seo-premium-wordpress\/ -->\n<title>Ushtrimet gramatikore ukrainase - Talkpal<\/title>\n<meta name=\"description\" content=\"P\u00ebrmir\u00ebsoni aft\u00ebsit\u00eb tuaja ukrainase me ushtrime t\u00ebrheq\u00ebse t\u00eb gramatik\u00ebs ukrainase q\u00eb mbulojn\u00eb tema thelb\u00ebsore gramatikore p\u00ebr rrjedhshm\u00ebri.\" \/>\n<meta name=\"robots\" content=\"index, follow, max-snippet:-1, max-image-preview:large, max-video-preview:-1\" \/>\n<link rel=\"canonical\" href=\"https:\/\/talkpal.ai\/sq\/ushtrimet-gramatikore-ukrainase\/\" \/>\n<meta property=\"og:locale\" content=\"sq_AL\" \/>\n<meta property=\"og:type\" content=\"article\" \/>\n<meta property=\"og:title\" content=\"Ushtrimet gramatikore ukrainase\" \/>\n<meta property=\"og:description\" content=\"Temat e gramatik\u00ebs ukrainase M\u00ebsimi i nj\u00eb gjuhe t\u00eb re mund t\u00eb jet\u00eb nj\u00eb p\u00ebrpjekje emocionuese por sfiduese dhe gjuha ukrainase nuk b\u00ebn p\u00ebrjashtim.\" \/>\n<meta property=\"og:url\" content=\"https:\/\/talkpal.ai\/sq\/ushtrimet-gramatikore-ukrainase\/\" \/>\n<meta property=\"og:site_name\" content=\"Talkpal\" \/>\n<meta property=\"article:publisher\" content=\"https:\/\/www.facebook.com\/profile.php?id=100090733639311\" \/>\n<meta property=\"article:modified_time\" content=\"2025-12-17T16:22:51+00:00\" \/>\n<meta property=\"og:image\" content=\"https:\/\/talkpal.ai\/wp-content\/uploads\/2023\/04\/ukraine.png\" \/>\n\t<meta property=\"og:image:width\" content=\"512\" \/>\n\t<meta property=\"og:image:height\" content=\"512\" \/>\n\t<meta property=\"og:image:type\" content=\"image\/png\" \/>\n<meta name=\"twitter:card\" content=\"summary_large_image\" \/>\n<meta name=\"twitter:site\" content=\"@talkpalai\" \/>\n<meta name=\"twitter:label1\" content=\"Est. reading time\" \/>\n\t<meta name=\"twitter:data1\" content=\"3 minutes\" \/>\n<script type=\"application\/ld+json\" class=\"yoast-schema-graph\">{\"@context\":\"https:\/\/schema.org\",\"@graph\":[{\"@type\":\"WebPage\",\"@id\":\"https:\/\/talkpal.ai\/sq\/ushtrimet-gramatikore-ukrainase\/\",\"url\":\"https:\/\/talkpal.ai\/sq\/ushtrimet-gramatikore-ukrainase\/\",\"name\":\"Ushtrimet gramatikore ukrainase - Talkpal\",\"isPartOf\":{\"@id\":\"https:\/\/talkpal.ai\/sq\/#website\"},\"primaryImageOfPage\":{\"@id\":\"https:\/\/talkpal.ai\/sq\/ushtrimet-gramatikore-ukrainase\/#primaryimage\"},\"image\":{\"@id\":\"https:\/\/talkpal.ai\/sq\/ushtrimet-gramatikore-ukrainase\/#primaryimage\"},\"thumbnailUrl\":\"https:\/\/talkpal.ai\/wp-content\/uploads\/2023\/04\/ukraine.png\",\"datePublished\":\"2023-06-16T10:51:16+00:00\",\"dateModified\":\"2025-12-17T16:22:51+00:00\",\"description\":\"P\u00ebrmir\u00ebsoni aft\u00ebsit\u00eb tuaja ukrainase me ushtrime t\u00ebrheq\u00ebse t\u00eb gramatik\u00ebs ukrainase q\u00eb mbulojn\u00eb tema thelb\u00ebsore gramatikore p\u00ebr rrjedhshm\u00ebri.\",\"breadcrumb\":{\"@id\":\"https:\/\/talkpal.ai\/sq\/ushtrimet-gramatikore-ukrainase\/#breadcrumb\"},\"inLanguage\":\"sq-AL\",\"potentialAction\":[{\"@type\":\"ReadAction\",\"target\":[\"https:\/\/talkpal.ai\/sq\/ushtrimet-gramatikore-ukrainase\/\"]}]},{\"@type\":\"ImageObject\",\"inLanguage\":\"sq-AL\",\"@id\":\"https:\/\/talkpal.ai\/sq\/ushtrimet-gramatikore-ukrainase\/#primaryimage\",\"url\":\"https:\/\/talkpal.ai\/wp-content\/uploads\/2023\/04\/ukraine.png\",\"contentUrl\":\"https:\/\/talkpal.ai\/wp-content\/uploads\/2023\/04\/ukraine.png\",\"width\":512,\"height\":512,\"caption\":\"TalkPal Catalan Flag\"},{\"@type\":\"BreadcrumbList\",\"@id\":\"https:\/\/talkpal.ai\/sq\/ushtrimet-gramatikore-ukrainase\/#breadcrumb\",\"itemListElement\":[{\"@type\":\"ListItem\",\"position\":1,\"name\":\"Homepage\",\"item\":\"https:\/\/talkpal.ai\/sq\/\"},{\"@type\":\"ListItem\",\"position\":2,\"name\":\"Ushtrimet gramatikore ukrainase\"}]},{\"@type\":\"WebSite\",\"@id\":\"https:\/\/talkpal.ai\/sq\/#website\",\"url\":\"https:\/\/talkpal.ai\/sq\/\",\"name\":\"Talkpal\",\"description\":\"AI Language Learning\",\"publisher\":{\"@id\":\"https:\/\/talkpal.ai\/sq\/#organization\"},\"alternateName\":\"Talkpal AI\",\"potentialAction\":[{\"@type\":\"SearchAction\",\"target\":{\"@type\":\"EntryPoint\",\"urlTemplate\":\"https:\/\/talkpal.ai\/sq\/?s={search_term_string}\"},\"query-input\":{\"@type\":\"PropertyValueSpecification\",\"valueRequired\":true,\"valueName\":\"search_term_string\"}}],\"inLanguage\":\"sq-AL\"},{\"@type\":\"Organization\",\"@id\":\"https:\/\/talkpal.ai\/sq\/#organization\",\"name\":\"Talkpal, Inc.\",\"alternateName\":\"Talkpal AI\",\"url\":\"https:\/\/talkpal.ai\/sq\/\",\"logo\":{\"@type\":\"ImageObject\",\"inLanguage\":\"sq-AL\",\"@id\":\"https:\/\/talkpal.ai\/sq\/#\/schema\/logo\/image\/\",\"url\":\"https:\/\/talkpal.ai\/wp-content\/uploads\/2024\/03\/Talkpal-Logo-Icon.png\",\"contentUrl\":\"https:\/\/talkpal.ai\/wp-content\/uploads\/2024\/03\/Talkpal-Logo-Icon.png\",\"width\":2880,\"height\":2880,\"caption\":\"Talkpal, Inc.\"},\"image\":{\"@id\":\"https:\/\/talkpal.ai\/sq\/#\/schema\/logo\/image\/\"},\"sameAs\":[\"https:\/\/www.facebook.com\/profile.php?id=100090733639311\",\"https:\/\/x.com\/talkpalai\",\"https:\/\/www.linkedin.com\/company\/talkpal\/\",\"https:\/\/www.youtube.com\/@TalkPal\/\",\"https:\/\/www.tiktok.com\/@talkpal\",\"https:\/\/www.instagram.com\/talkpal_ai\/\",\"https:\/\/www.crunchbase.com\/organization\/talkpal-9cde\",\"https:\/\/www.g2.com\/products\/talkpal-for-business\/\",\"https:\/\/www.trustpilot.com\/review\/talkpal.ai\",\"https:\/\/www.capterra.com\/p\/10006800\/TalkPal\/\"],\"description\":\"Talkpal is a language learning web and mobile education app, powered by the latest AI technologies, that provides engaging experiences to its customers in many different languages to help them improve their language skills. Users can chat about unlimited amount of topics with the app and use other modes to practice their language learning.\",\"email\":\"support@talkpal.ai\",\"legalName\":\"Talkpal, Inc.\",\"foundingDate\":\"2023-04-03\",\"duns\":\"118989042\",\"numberOfEmployees\":{\"@type\":\"QuantitativeValue\",\"minValue\":\"11\",\"maxValue\":\"50\"},\"publishingPrinciples\":\"https:\/\/talkpal.ai\/publishing-principles\/\",\"actionableFeedbackPolicy\":\"https:\/\/talkpal.ai\/actionable-feedback-policy\/\",\"correctionsPolicy\":\"https:\/\/talkpal.ai\/corrections-policy\/\",\"ethicsPolicy\":\"https:\/\/talkpal.ai\/ethics-policy\/\",\"diversityPolicy\":\"https:\/\/talkpal.ai\/diversity-policy\/\",\"diversityStaffingReport\":\"https:\/\/talkpal.ai\/diversity-policy\/\"}]}<\/script>\n<!-- \/ Yoast SEO Premium plugin. -->","yoast_head_json":{"title":"Ushtrimet gramatikore ukrainase - Talkpal","description":"P\u00ebrmir\u00ebsoni aft\u00ebsit\u00eb tuaja ukrainase me ushtrime t\u00ebrheq\u00ebse t\u00eb gramatik\u00ebs ukrainase q\u00eb mbulojn\u00eb tema thelb\u00ebsore gramatikore p\u00ebr rrjedhshm\u00ebri.","robots":{"index":"index","follow":"follow","max-snippet":"max-snippet:-1","max-image-preview":"max-image-preview:large","max-video-preview":"max-video-preview:-1"},"canonical":"https:\/\/talkpal.ai\/sq\/ushtrimet-gramatikore-ukrainase\/","og_locale":"sq_AL","og_type":"article","og_title":"Ushtrimet gramatikore ukrainase","og_description":"Temat e gramatik\u00ebs ukrainase M\u00ebsimi i nj\u00eb gjuhe t\u00eb re mund t\u00eb jet\u00eb nj\u00eb p\u00ebrpjekje emocionuese por sfiduese dhe gjuha ukrainase nuk b\u00ebn p\u00ebrjashtim.","og_url":"https:\/\/talkpal.ai\/sq\/ushtrimet-gramatikore-ukrainase\/","og_site_name":"Talkpal","article_publisher":"https:\/\/www.facebook.com\/profile.php?id=100090733639311","article_modified_time":"2025-12-17T16:22:51+00:00","og_image":[{"width":512,"height":512,"url":"https:\/\/talkpal.ai\/wp-content\/uploads\/2023\/04\/ukraine.png","type":"image\/png"}],"twitter_card":"summary_large_image","twitter_site":"@talkpalai","twitter_misc":{"Est. reading time":"3 minutes"},"schema":{"@context":"https:\/\/schema.org","@graph":[{"@type":"WebPage","@id":"https:\/\/talkpal.ai\/sq\/ushtrimet-gramatikore-ukrainase\/","url":"https:\/\/talkpal.ai\/sq\/ushtrimet-gramatikore-ukrainase\/","name":"Ushtrimet gramatikore ukrainase - Talkpal","isPartOf":{"@id":"https:\/\/talkpal.ai\/sq\/#website"},"primaryImageOfPage":{"@id":"https:\/\/talkpal.ai\/sq\/ushtrimet-gramatikore-ukrainase\/#primaryimage"},"image":{"@id":"https:\/\/talkpal.ai\/sq\/ushtrimet-gramatikore-ukrainase\/#primaryimage"},"thumbnailUrl":"https:\/\/talkpal.ai\/wp-content\/uploads\/2023\/04\/ukraine.png","datePublished":"2023-06-16T10:51:16+00:00","dateModified":"2025-12-17T16:22:51+00:00","description":"P\u00ebrmir\u00ebsoni aft\u00ebsit\u00eb tuaja ukrainase me ushtrime t\u00ebrheq\u00ebse t\u00eb gramatik\u00ebs ukrainase q\u00eb mbulojn\u00eb tema thelb\u00ebsore gramatikore p\u00ebr rrjedhshm\u00ebri.","breadcrumb":{"@id":"https:\/\/talkpal.ai\/sq\/ushtrimet-gramatikore-ukrainase\/#breadcrumb"},"inLanguage":"sq-AL","potentialAction":[{"@type":"ReadAction","target":["https:\/\/talkpal.ai\/sq\/ushtrimet-gramatikore-ukrainase\/"]}]},{"@type":"ImageObject","inLanguage":"sq-AL","@id":"https:\/\/talkpal.ai\/sq\/ushtrimet-gramatikore-ukrainase\/#primaryimage","url":"https:\/\/talkpal.ai\/wp-content\/uploads\/2023\/04\/ukraine.png","contentUrl":"https:\/\/talkpal.ai\/wp-content\/uploads\/2023\/04\/ukraine.png","width":512,"height":512,"caption":"TalkPal Catalan Flag"},{"@type":"BreadcrumbList","@id":"https:\/\/talkpal.ai\/sq\/ushtrimet-gramatikore-ukrainase\/#breadcrumb","itemListElement":[{"@type":"ListItem","position":1,"name":"Homepage","item":"https:\/\/talkpal.ai\/sq\/"},{"@type":"ListItem","position":2,"name":"Ushtrimet gramatikore ukrainase"}]},{"@type":"WebSite","@id":"https:\/\/talkpal.ai\/sq\/#website","url":"https:\/\/talkpal.ai\/sq\/","name":"Talkpal","description":"AI Language Learning","publisher":{"@id":"https:\/\/talkpal.ai\/sq\/#organization"},"alternateName":"Talkpal AI","potentialAction":[{"@type":"SearchAction","target":{"@type":"EntryPoint","urlTemplate":"https:\/\/talkpal.ai\/sq\/?s={search_term_string}"},"query-input":{"@type":"PropertyValueSpecification","valueRequired":true,"valueName":"search_term_string"}}],"inLanguage":"sq-AL"},{"@type":"Organization","@id":"https:\/\/talkpal.ai\/sq\/#organization","name":"Talkpal, Inc.","alternateName":"Talkpal AI","url":"https:\/\/talkpal.ai\/sq\/","logo":{"@type":"ImageObject","inLanguage":"sq-AL","@id":"https:\/\/talkpal.ai\/sq\/#\/schema\/logo\/image\/","url":"https:\/\/talkpal.ai\/wp-content\/uploads\/2024\/03\/Talkpal-Logo-Icon.png","contentUrl":"https:\/\/talkpal.ai\/wp-content\/uploads\/2024\/03\/Talkpal-Logo-Icon.png","width":2880,"height":2880,"caption":"Talkpal, Inc."},"image":{"@id":"https:\/\/talkpal.ai\/sq\/#\/schema\/logo\/image\/"},"sameAs":["https:\/\/www.facebook.com\/profile.php?id=100090733639311","https:\/\/x.com\/talkpalai","https:\/\/www.linkedin.com\/company\/talkpal\/","https:\/\/www.youtube.com\/@TalkPal\/","https:\/\/www.tiktok.com\/@talkpal","https:\/\/www.instagram.com\/talkpal_ai\/","https:\/\/www.crunchbase.com\/organization\/talkpal-9cde","https:\/\/www.g2.com\/products\/talkpal-for-business\/","https:\/\/www.trustpilot.com\/review\/talkpal.ai","https:\/\/www.capterra.com\/p\/10006800\/TalkPal\/"],"description":"Talkpal is a language learning web and mobile education app, powered by the latest AI technologies, that provides engaging experiences to its customers in many different languages to help them improve their language skills. Users can chat about unlimited amount of topics with the app and use other modes to practice their language learning.","email":"support@talkpal.ai","legalName":"Talkpal, Inc.","foundingDate":"2023-04-03","duns":"118989042","numberOfEmployees":{"@type":"QuantitativeValue","minValue":"11","maxValue":"50"},"publishingPrinciples":"https:\/\/talkpal.ai\/publishing-principles\/","actionableFeedbackPolicy":"https:\/\/talkpal.ai\/actionable-feedback-policy\/","correctionsPolicy":"https:\/\/talkpal.ai\/corrections-policy\/","ethicsPolicy":"https:\/\/talkpal.ai\/ethics-policy\/","diversityPolicy":"https:\/\/talkpal.ai\/diversity-policy\/","diversityStaffingReport":"https:\/\/talkpal.ai\/diversity-policy\/"}]}},"_links":{"self":[{"href":"https:\/\/talkpal.ai\/sq\/wp-json\/wp\/v2\/pages\/1446772","targetHints":{"allow":["GET"]}}],"collection":[{"href":"https:\/\/talkpal.ai\/sq\/wp-json\/wp\/v2\/pages"}],"about":[{"href":"https:\/\/talkpal.ai\/sq\/wp-json\/wp\/v2\/types\/page"}],"author":[{"embeddable":true,"href":"https:\/\/talkpal.ai\/sq\/wp-json\/wp\/v2\/users\/6"}],"replies":[{"embeddable":true,"href":"https:\/\/talkpal.ai\/sq\/wp-json\/wp\/v2\/comments?post=1446772"}],"version-history":[{"count":0,"href":"https:\/\/talkpal.ai\/sq\/wp-json\/wp\/v2\/pages\/1446772\/revisions"}],"wp:featuredmedia":[{"embeddable":true,"href":"https:\/\/talkpal.ai\/sq\/wp-json\/wp\/v2\/media\/1442716"}],"wp:attachment":[{"href":"https:\/\/talkpal.ai\/sq\/wp-json\/wp\/v2\/media?parent=1446772"}],"curies":[{"name":"wp","href":"https:\/\/api.w.org\/{rel}","templated":true}]}}