{"id":1446768,"date":"2023-06-16T10:27:33","date_gmt":"2023-06-16T10:27:33","guid":{"rendered":"https:\/\/talkpal.ai\/ushtrime-gramatikore-koreane\/"},"modified":"2025-12-17T16:50:00","modified_gmt":"2025-12-17T16:50:00","slug":"ushtrime-gramatikore-koreane","status":"publish","type":"page","link":"https:\/\/talkpal.ai\/sq\/ushtrime-gramatikore-koreane\/","title":{"rendered":"Ushtrime gramatikore koreane"},"content":{"rendered":"\r\n\r\n\r\n<section class=\"languageChallengeSection\">\r\n    <div class=\"languageInfoWrapper\">\r\n        \r\n        <h1>Ushtrime gramatikore koreane<\/h1>\r\n        <p>Po k\u00ebrkoni t\u00eb forconi aft\u00ebsit\u00eb tuaja n\u00eb gjuh\u00ebn <a href=\"https:\/\/talkpal.ai\/learn-korean\/\">koreane<\/a>? P\u00ebrqendrimi n\u00eb ushtrimet gramatikore \u00ebsht\u00eb nj\u00eb m\u00ebnyr\u00eb e shk\u00eblqyer p\u00ebr t\u00eb zot\u00ebruar struktur\u00ebn e fjalis\u00eb, mbaresat e foljeve dhe frazat e p\u00ebrditshme. Zhytuni dhe praktikoni rregullisht gramatik\u00ebn koreane &#8211; \u00e7do ushtrim ju afron m\u00eb af\u00ebr komunikimit natyral dhe t\u00eb sigurt. Filloni sot dhe shikoni aft\u00ebsit\u00eb tuaja koreane t\u00eb rriten hap pas hapi!<\/p>\r\n\r\n                            <a class=\"getStartedHidden\" href=\"https:\/\/app.talkpal.ai\/signup?lng=\">Filloni<\/a>\r\n        \r\n    <\/div>\r\n\r\n    <figure>\r\n    <img decoding=\"async\" width=\"768\" height=\"768\" src=\"https:\/\/talkpal.ai\/wp-content\/uploads\/2023\/06\/korean-768x768.png\" class=\"languageImage no-lazy\" alt=\"Line-by-line learning for language acquisition\" fetchpriority=\"high\" sizes=\"(max-width: 768px) 150px, 768px\" srcset=\"https:\/\/talkpal.ai\/wp-content\/uploads\/2023\/06\/korean-768x768.png 768w, https:\/\/talkpal.ai\/wp-content\/uploads\/2023\/06\/korean-300x300.png 300w\" \/>\r\n    \r\n\r\n    <\/figure>\r\n\r\n            <a class=\"getStartedVisible\" href=\"https:\/\/app.talkpal.ai\/signup?lng=\">Filloni<\/a>\r\n    \r\n<\/section>\r\n\r\n\r\n<!-- <section class=\"grammarSection\">\r\n    <div class=\"grammarLinks\">\r\n            <\/div>\r\n<\/section> -->\r\n\r\n\r\n\r\n\r\n<section class=\"promotionalBanner\">\r\n    <p class=\"promotionalText\">M\u00ebnyra m\u00eb efikase p\u00ebr t\u00eb m\u00ebsuar nj\u00eb gjuh\u00eb<\/p>\r\n    <a class=\"promotionalLink\" href=\"https:\/\/app.talkpal.ai\/signup?lng=\">Provoni Talkpal falas<\/a>\r\n<\/section>\n<div class=\"wp-block-group pageContainerStyle\"><div class=\"wp-block-group__inner-container is-layout-constrained wp-block-group-is-layout-constrained\">\n<h2 class=\"wp-block-heading\" id=\"h-korean-grammar-topics\">Temat e gramatik\u00ebs koreane<\/h2>\n\n\n\n<p>M\u00ebsimi i koreanishtes mund t\u00eb jet\u00eb nj\u00eb p\u00ebrvoj\u00eb emocionuese dhe shp\u00ebrblyese pasi hap mund\u00ebsi t\u00eb reja kulturore dhe profesionale. Gjuha koreane ka nj\u00eb histori t\u00eb pasur dhe flitet nga miliona njer\u00ebz n\u00eb mbar\u00eb bot\u00ebn. Nj\u00eb nga aspektet kryesore t\u00eb m\u00ebsimit t\u00eb \u00e7do gjuhe \u00ebsht\u00eb t\u00eb kuptuarit e gramatik\u00ebs s\u00eb saj. N\u00eb rastin e koreanishtes, <a href=\"https:\/\/talkpal.ai\/sq\/gramatika\/\">gramatika<\/a> \u00ebsht\u00eb krejt e ndryshme nga shum\u00eb gjuh\u00eb per\u00ebndimore, por me qasjen e duhur, ajo mund t\u00eb kuptohet sistematikisht. N\u00eb k\u00ebt\u00eb artikull, ne do t\u00eb shqyrtojm\u00eb tema t\u00eb ndryshme t\u00eb gramatik\u00ebs koreane, duke p\u00ebrfshir\u00eb koh\u00ebt, foljet, emrat, artikujt, p\u00ebremrat, mbiemrat, ndajfoljet, parafjal\u00ebt dhe struktur\u00ebn e fjalive. Duke kuptuar dhe zot\u00ebruar k\u00ebto koncepte, do t\u00eb jeni n\u00eb rrug\u00ebn tuaj p\u00ebr t&#8217;u b\u00ebr\u00eb t\u00eb aft\u00eb n\u00eb gjuh\u00ebn koreane.<\/p>\n\n\n\n<h3 class=\"wp-block-heading\" id=\"h-1-nouns\">1. Emrat:<\/h3>\n\n\n\n<p>N\u00eb koreanisht, emrat jan\u00eb blloqe thelb\u00ebsore t\u00eb fjalive. Ato p\u00ebrfaq\u00ebsojn\u00eb njer\u00ebz, vende, gj\u00ebra ose ide. Emrat korean\u00eb nuk kan\u00eb dallime gjinore ose numrash, duke i b\u00ebr\u00eb ato relativisht t\u00eb thjeshta p\u00ebr t&#8217;u m\u00ebsuar. Njohja me emrat e zakonsh\u00ebm korean\u00eb do t&#8217;ju ndihmoj\u00eb t\u00eb nd\u00ebrtoni nj\u00eb baz\u00eb t\u00eb fort\u00eb fjalori.<\/p>\n\n\n\n<h3 class=\"wp-block-heading\" id=\"h-2-verbs\">2. Foljet:<\/h3>\n\n\n\n<p>Foljet koreane jan\u00eb kritike p\u00ebr p\u00ebrcjelljen e veprimeve dhe gjendjeve t\u00eb qenies. Ato zakonisht vijn\u00eb n\u00eb fund t\u00eb nj\u00eb fjalie dhe kan\u00eb forma t\u00eb ndryshme n\u00eb var\u00ebsi t\u00eb nivelit t\u00eb tensionit dhe mir\u00ebsjelljes. Kuptimi i rregullave t\u00eb konjugimit p\u00ebr forma t\u00eb ndryshme foljesh \u00ebsht\u00eb thelb\u00ebsor p\u00ebr komunikim efektiv n\u00eb gjuh\u00ebn koreane.<\/p>\n\n\n\n<h3 class=\"wp-block-heading\" id=\"h-3-adjectives\">3. Mbiemra:<\/h3>\n\n\n\n<p>N\u00eb koreanisht, mbiemrat p\u00ebrdoren p\u00ebr t\u00eb p\u00ebrshkruar emrat dhe kan\u00eb rregulla t\u00eb ngjashme konjugimi me foljet. Ato mund t\u00eb p\u00ebrdoren para ose pas nj\u00eb emri dhe forma e <a href=\"https:\/\/talkpal.ai\/locations\/language-courses-in-tyre\/\">tyre<\/a> mund t\u00eb ndryshoj\u00eb n\u00eb var\u00ebsi t\u00eb nivelit t\u00eb tensionit dhe mir\u00ebsjelljes. M\u00ebsimi i mbiemrave t\u00eb zakonsh\u00ebm dhe p\u00ebrdorimi i tyre do t\u00eb rris\u00eb aft\u00ebsit\u00eb tuaja p\u00ebrshkruese n\u00eb gjuh\u00ebn koreane.<\/p>\n\n\n\n<h3 class=\"wp-block-heading\" id=\"h-4-adverbs\">4. Ndajfoljet:<\/h3>\n\n\n\n<p>Ndajfoljet n\u00eb koreanisht ofrojn\u00eb informacion shtes\u00eb <a href=\"https:\/\/talkpal.ai\/sq\/rreth\/\">rreth<\/a> foljeve, mbiemrave ose ndajfoljeve t\u00eb tjera. Ato zakonisht vijn\u00eb para fjal\u00ebs q\u00eb modifikojn\u00eb dhe nuk kan\u00eb rregulla specifike t\u00eb konjugimit. P\u00ebrfshirja e ndajfoljeve n\u00eb fjalit\u00eb tuaja koreane mund t&#8217;i shtoj\u00eb thell\u00ebsi dhe nuanc\u00eb shprehjes suaj.<\/p>\n\n\n\n<h3 class=\"wp-block-heading\" id=\"h-5-pronouns\">5. P\u00ebremrat:<\/h3>\n\n\n\n<p>P\u00ebremrat korean\u00eb ndihmojn\u00eb p\u00ebr t\u00eb shmangur tepric\u00ebn dhe p\u00ebr t&#8217;i b\u00ebr\u00eb fjalit\u00eb m\u00eb koncize. Ato z\u00ebvend\u00ebsojn\u00eb emrat q\u00eb jan\u00eb p\u00ebrmendur tashm\u00eb ose kuptohen n\u00eb kontekst. P\u00ebremrat korean\u00eb kan\u00eb forma t\u00eb ndryshme bazuar n\u00eb statusin shoq\u00ebror dhe gjinin\u00eb e subjektit, duke i b\u00ebr\u00eb ato nj\u00eb aspekt t\u00eb r\u00ebnd\u00ebsish\u00ebm t\u00eb gjuh\u00ebs p\u00ebr t&#8217;u zot\u00ebruar.<\/p>\n\n\n\n<h3 class=\"wp-block-heading\" id=\"h-6-prepositions\">6. Parafjal\u00ebt:<\/h3>\n\n\n\n<p>N\u00eb koreanisht, parafjal\u00ebt p\u00ebrdoren p\u00ebr t\u00eb shprehur marr\u00ebdh\u00ebniet midis emrave n\u00eb nj\u00eb fjali, t\u00eb tilla si vendndodhja, drejtimi ose posedimi. Ndryshe nga anglishtja, parafjal\u00ebt koreane zakonisht vijn\u00eb pas emrit q\u00eb modifikojn\u00eb, duke formuar nj\u00eb nj\u00ebsi t\u00eb vetme t\u00eb quajtur fraz\u00eb postpozicionale. Kuptimi i p\u00ebrdorimit t\u00eb sakt\u00eb t\u00eb k\u00ebtyre grimcave \u00ebsht\u00eb thelb\u00ebsor p\u00ebr nd\u00ebrtimin e fjalive koherente koreane.<\/p>\n\n\n\n<h3 class=\"wp-block-heading\" id=\"h-7-sentence-structure\">7. Struktura e fjalis\u00eb:<\/h3>\n\n\n\n<p>Struktura baz\u00eb e nj\u00eb fjalie koreane \u00ebsht\u00eb subjekt-objekt-folje (SOV). Kjo do t\u00eb thot\u00eb q\u00eb folja zakonisht vjen e fundit n\u00eb nj\u00eb fjali, gj\u00eb q\u00eb mund t\u00eb jet\u00eb nj\u00eb ndryshim i r\u00ebnd\u00ebsish\u00ebm p\u00ebr anglishtfol\u00ebsit. M\u00ebsimi i renditjes s\u00eb duhur t\u00eb fjal\u00ebve dhe struktur\u00ebs s\u00eb fjalive do t&#8217;ju lejoj\u00eb t\u00eb komunikoni n\u00eb m\u00ebnyr\u00eb m\u00eb efektive n\u00eb koreanisht.<\/p>\n\n\n\n<h3 class=\"wp-block-heading\" id=\"h-8-tenses-indicative-and-subjunctive\">8. Koh\u00ebt treguese dhe n\u00ebnlidh\u00ebse:<\/h3>\n\n\n\n<p>Koreanishtja ka forma t\u00eb ndryshme foljesh p\u00ebr t\u00eb shprehur veprimet ose gjendjet e kaluara, t\u00eb tashme dhe t\u00eb ardhshme. Humori tregues p\u00ebrdoret p\u00ebr deklaratat e fakteve, nd\u00ebrsa humori n\u00ebnlidh\u00ebs p\u00ebrcjell pasiguri, mund\u00ebsi ose situata hipotetike. Njohja dhe p\u00ebrdorimi i sakt\u00eb i k\u00ebtyre formave t\u00eb foljeve \u00ebsht\u00eb thelb\u00ebsor p\u00ebr komunikim t\u00eb qart\u00eb n\u00eb gjuh\u00ebn koreane.<\/p>\n\n\n\n<h3 class=\"wp-block-heading\" id=\"h-9-tense-comparison\">9. Krahasimi i tensionit:<\/h3>\n\n\n\n<p>Krahasimi i ngjarjeve n\u00eb korniza t\u00eb ndryshme kohore k\u00ebrkon t\u00eb kuptuarit e nuancave t\u00eb konjugimit t\u00eb foljeve koreane. Duke m\u00ebsuar <a href=\"https:\/\/talkpal.ai\/culture\/what-is-the-difference-between-se-and-si\/\">se si<\/a> t\u00eb krahasoni ngjarjet e kaluara, t\u00eb tashmen dhe t\u00eb ardhshme duke p\u00ebrdorur format e duhura t\u00eb foljes, ju mund t\u00eb p\u00ebrcillni ide dhe marr\u00ebdh\u00ebnie komplekse n\u00eb koreanisht.<\/p>\n\n\n\n<h3 class=\"wp-block-heading\" id=\"h-10-articles\">10. Artikujt:<\/h3>\n\n\n\n<p>Ndryshe nga anglishtja, koreanishtja nuk ka artikuj t\u00eb caktuar ose t\u00eb pacaktuar. N\u00eb vend t\u00eb k\u00ebsaj, gjuha mb\u00ebshtetet n\u00eb kontekstin dhe p\u00ebrdorimin e grimcave specifike p\u00ebr t\u00eb p\u00ebrcjell\u00eb p\u00ebrcaktueshm\u00ebrin\u00eb ose pap\u00ebrcaktuarin\u00eb e nj\u00eb emri. Zot\u00ebrimi i k\u00ebtyre grimcave do t&#8217;ju mund\u00ebsoj\u00eb t\u00eb shpreheni m\u00eb sakt\u00eb n\u00eb gjuh\u00ebn koreane.<\/p>\n<\/div><\/div>\n\r\n<section class=\"learnNavigationSection\">\r\n            \r\n        <a href=\"https:\/\/talkpal.ai\/sq\/mesoni-gjuhen-koreane\/\">\r\n            <div class=\"learnNavigationWrapper\">\r\n                <div class=\"learnNavigationContent\">\r\n                    <img decoding=\"async\" src=\"https:\/\/talkpal.ai\/wp-content\/uploads\/2024\/08\/Korean.jpg\" alt=\"Korean Flag\">\r\n                    <div>\r\n                        <h4>Rreth m\u00ebsimit korean<\/h4>\r\n                        <p>M\u00ebsoni gjith\u00e7ka rreth gramatik\u00ebs koreane.<\/p>\r\n                    <\/div>\r\n                <\/div>\r\n            <\/div>\r\n        <\/a>\r\n\r\n        \r\n        <a href=\"https:\/\/talkpal.ai\/sq\/gramatika-koreane\/\">\r\n            <div class=\"learnNavigationWrapper\">\r\n                <div class=\"learnNavigationContent\">\r\n                    <img decoding=\"async\" src=\"https:\/\/talkpal.ai\/wp-content\/uploads\/2024\/08\/Korean.jpg\" alt=\"Korean Flag\">\r\n                    <div>\r\n                        <h4>M\u00ebsimet e gramatik\u00ebs koreane<\/h4>\r\n                        <p>Praktikoni gramatik\u00ebn koreane.<\/p>\r\n                    <\/div>\r\n                <\/div>\r\n            <\/div>\r\n        <\/a>\r\n\r\n        \r\n        <a href=\"https:\/\/talkpal.ai\/vocabulary_language\/korean\/\">\r\n            <div class=\"learnNavigationWrapper\">\r\n                <div class=\"learnNavigationContent\">\r\n                    <img decoding=\"async\" src=\"https:\/\/talkpal.ai\/wp-content\/uploads\/2024\/08\/Korean.jpg\" alt=\"Korean Flag\">\r\n                    <div>\r\n                        <h4>Fjalori korean<\/h4>\r\n                        <p>Zgjeroni fjalorin tuaj korean.<\/p>\r\n                    <\/div>\r\n                <\/div>\r\n            <\/div>\r\n        <\/a>\r\n\r\n            <\/section>","protected":false},"excerpt":{"rendered":"<p>Temat e gramatik\u00ebs koreane M\u00ebsimi i koreanishtes mund t\u00eb jet\u00eb nj\u00eb p\u00ebrvoj\u00eb emocionuese dhe shp\u00ebrblyese pasi hap mund\u00ebsi t\u00eb reja kulturore dhe profesionale. Gjuha koreane ka nj\u00eb histori t\u00eb pasur dhe flitet nga miliona njer\u00ebz n\u00eb mbar\u00eb bot\u00ebn. Nj\u00eb nga aspektet kryesore t\u00eb m\u00ebsimit t\u00eb \u00e7do gjuhe \u00ebsht\u00eb t\u00eb kuptuarit e gramatik\u00ebs s\u00eb saj. N\u00eb [&hellip;]<\/p>\n","protected":false},"author":6,"featured_media":1439823,"parent":0,"menu_order":0,"comment_status":"closed","ping_status":"closed","template":"LearningContentPage.php","meta":{"_acf_changed":false,"footnotes":""},"class_list":["post-1446768","page","type-page","status-publish","has-post-thumbnail","hentry"],"acf":[],"yoast_head":"<!-- This site is optimized with the Yoast SEO Premium plugin v27.2 (Yoast SEO v27.2) - https:\/\/yoast.com\/product\/yoast-seo-premium-wordpress\/ -->\n<title>Ushtrime gramatikore koreane - Talkpal<\/title>\n<meta name=\"description\" content=\"P\u00ebrmir\u00ebsoni leht\u00ebsisht gramatik\u00ebn tuaj koreane - praktikoni me ushtrime interaktive, zot\u00ebroni modelet gjuh\u00ebsore dhe nd\u00ebrtoni besim\" \/>\n<meta name=\"robots\" content=\"index, follow, max-snippet:-1, max-image-preview:large, max-video-preview:-1\" \/>\n<link rel=\"canonical\" href=\"https:\/\/talkpal.ai\/sq\/ushtrime-gramatikore-koreane\/\" \/>\n<meta property=\"og:locale\" content=\"sq_AL\" \/>\n<meta property=\"og:type\" content=\"article\" \/>\n<meta property=\"og:title\" content=\"Ushtrime gramatikore koreane\" \/>\n<meta property=\"og:description\" content=\"Temat e gramatik\u00ebs koreane M\u00ebsimi i koreanishtes mund t\u00eb jet\u00eb nj\u00eb p\u00ebrvoj\u00eb emocionuese dhe shp\u00ebrblyese pasi hap mund\u00ebsi t\u00eb reja kulturore dhe profesionale.\" \/>\n<meta property=\"og:url\" content=\"https:\/\/talkpal.ai\/sq\/ushtrime-gramatikore-koreane\/\" \/>\n<meta property=\"og:site_name\" content=\"Talkpal\" \/>\n<meta property=\"article:publisher\" content=\"https:\/\/www.facebook.com\/profile.php?id=100090733639311\" \/>\n<meta property=\"article:modified_time\" content=\"2025-12-17T16:50:00+00:00\" \/>\n<meta property=\"og:image\" content=\"https:\/\/talkpal.ai\/wp-content\/uploads\/2023\/04\/south-korea.png\" \/>\n\t<meta property=\"og:image:width\" content=\"512\" \/>\n\t<meta property=\"og:image:height\" content=\"512\" \/>\n\t<meta property=\"og:image:type\" content=\"image\/png\" \/>\n<meta name=\"twitter:card\" content=\"summary_large_image\" \/>\n<meta name=\"twitter:site\" content=\"@talkpalai\" \/>\n<meta name=\"twitter:label1\" content=\"Est. reading time\" \/>\n\t<meta name=\"twitter:data1\" content=\"4 minutes\" \/>\n<script type=\"application\/ld+json\" class=\"yoast-schema-graph\">{\"@context\":\"https:\/\/schema.org\",\"@graph\":[{\"@type\":\"WebPage\",\"@id\":\"https:\/\/talkpal.ai\/sq\/ushtrime-gramatikore-koreane\/\",\"url\":\"https:\/\/talkpal.ai\/sq\/ushtrime-gramatikore-koreane\/\",\"name\":\"Ushtrime gramatikore koreane - Talkpal\",\"isPartOf\":{\"@id\":\"https:\/\/talkpal.ai\/sq\/#website\"},\"primaryImageOfPage\":{\"@id\":\"https:\/\/talkpal.ai\/sq\/ushtrime-gramatikore-koreane\/#primaryimage\"},\"image\":{\"@id\":\"https:\/\/talkpal.ai\/sq\/ushtrime-gramatikore-koreane\/#primaryimage\"},\"thumbnailUrl\":\"https:\/\/talkpal.ai\/wp-content\/uploads\/2023\/04\/south-korea.png\",\"datePublished\":\"2023-06-16T10:27:33+00:00\",\"dateModified\":\"2025-12-17T16:50:00+00:00\",\"description\":\"P\u00ebrmir\u00ebsoni leht\u00ebsisht gramatik\u00ebn tuaj koreane - praktikoni me ushtrime interaktive, zot\u00ebroni modelet gjuh\u00ebsore dhe nd\u00ebrtoni besim\",\"breadcrumb\":{\"@id\":\"https:\/\/talkpal.ai\/sq\/ushtrime-gramatikore-koreane\/#breadcrumb\"},\"inLanguage\":\"sq-AL\",\"potentialAction\":[{\"@type\":\"ReadAction\",\"target\":[\"https:\/\/talkpal.ai\/sq\/ushtrime-gramatikore-koreane\/\"]}]},{\"@type\":\"ImageObject\",\"inLanguage\":\"sq-AL\",\"@id\":\"https:\/\/talkpal.ai\/sq\/ushtrime-gramatikore-koreane\/#primaryimage\",\"url\":\"https:\/\/talkpal.ai\/wp-content\/uploads\/2023\/04\/south-korea.png\",\"contentUrl\":\"https:\/\/talkpal.ai\/wp-content\/uploads\/2023\/04\/south-korea.png\",\"width\":512,\"height\":512,\"caption\":\"TalkPal Catalan Flag\"},{\"@type\":\"BreadcrumbList\",\"@id\":\"https:\/\/talkpal.ai\/sq\/ushtrime-gramatikore-koreane\/#breadcrumb\",\"itemListElement\":[{\"@type\":\"ListItem\",\"position\":1,\"name\":\"Homepage\",\"item\":\"https:\/\/talkpal.ai\/sq\/\"},{\"@type\":\"ListItem\",\"position\":2,\"name\":\"Ushtrime gramatikore koreane\"}]},{\"@type\":\"WebSite\",\"@id\":\"https:\/\/talkpal.ai\/sq\/#website\",\"url\":\"https:\/\/talkpal.ai\/sq\/\",\"name\":\"Talkpal\",\"description\":\"AI Language Learning\",\"publisher\":{\"@id\":\"https:\/\/talkpal.ai\/sq\/#organization\"},\"alternateName\":\"Talkpal AI\",\"potentialAction\":[{\"@type\":\"SearchAction\",\"target\":{\"@type\":\"EntryPoint\",\"urlTemplate\":\"https:\/\/talkpal.ai\/sq\/?s={search_term_string}\"},\"query-input\":{\"@type\":\"PropertyValueSpecification\",\"valueRequired\":true,\"valueName\":\"search_term_string\"}}],\"inLanguage\":\"sq-AL\"},{\"@type\":\"Organization\",\"@id\":\"https:\/\/talkpal.ai\/sq\/#organization\",\"name\":\"Talkpal, Inc.\",\"alternateName\":\"Talkpal AI\",\"url\":\"https:\/\/talkpal.ai\/sq\/\",\"logo\":{\"@type\":\"ImageObject\",\"inLanguage\":\"sq-AL\",\"@id\":\"https:\/\/talkpal.ai\/sq\/#\/schema\/logo\/image\/\",\"url\":\"https:\/\/talkpal.ai\/wp-content\/uploads\/2024\/03\/Talkpal-Logo-Icon.png\",\"contentUrl\":\"https:\/\/talkpal.ai\/wp-content\/uploads\/2024\/03\/Talkpal-Logo-Icon.png\",\"width\":2880,\"height\":2880,\"caption\":\"Talkpal, Inc.\"},\"image\":{\"@id\":\"https:\/\/talkpal.ai\/sq\/#\/schema\/logo\/image\/\"},\"sameAs\":[\"https:\/\/www.facebook.com\/profile.php?id=100090733639311\",\"https:\/\/x.com\/talkpalai\",\"https:\/\/www.linkedin.com\/company\/talkpal\/\",\"https:\/\/www.youtube.com\/@TalkPal\/\",\"https:\/\/www.tiktok.com\/@talkpal\",\"https:\/\/www.instagram.com\/talkpal_ai\/\",\"https:\/\/www.crunchbase.com\/organization\/talkpal-9cde\",\"https:\/\/www.g2.com\/products\/talkpal-for-business\/\",\"https:\/\/www.trustpilot.com\/review\/talkpal.ai\",\"https:\/\/www.capterra.com\/p\/10006800\/TalkPal\/\"],\"description\":\"Talkpal is a language learning web and mobile education app, powered by the latest AI technologies, that provides engaging experiences to its customers in many different languages to help them improve their language skills. Users can chat about unlimited amount of topics with the app and use other modes to practice their language learning.\",\"email\":\"support@talkpal.ai\",\"legalName\":\"Talkpal, Inc.\",\"foundingDate\":\"2023-04-03\",\"duns\":\"118989042\",\"numberOfEmployees\":{\"@type\":\"QuantitativeValue\",\"minValue\":\"11\",\"maxValue\":\"50\"},\"publishingPrinciples\":\"https:\/\/talkpal.ai\/publishing-principles\/\",\"actionableFeedbackPolicy\":\"https:\/\/talkpal.ai\/actionable-feedback-policy\/\",\"correctionsPolicy\":\"https:\/\/talkpal.ai\/corrections-policy\/\",\"ethicsPolicy\":\"https:\/\/talkpal.ai\/ethics-policy\/\",\"diversityPolicy\":\"https:\/\/talkpal.ai\/diversity-policy\/\",\"diversityStaffingReport\":\"https:\/\/talkpal.ai\/diversity-policy\/\"}]}<\/script>\n<!-- \/ Yoast SEO Premium plugin. -->","yoast_head_json":{"title":"Ushtrime gramatikore koreane - Talkpal","description":"P\u00ebrmir\u00ebsoni leht\u00ebsisht gramatik\u00ebn tuaj koreane - praktikoni me ushtrime interaktive, zot\u00ebroni modelet gjuh\u00ebsore dhe nd\u00ebrtoni besim","robots":{"index":"index","follow":"follow","max-snippet":"max-snippet:-1","max-image-preview":"max-image-preview:large","max-video-preview":"max-video-preview:-1"},"canonical":"https:\/\/talkpal.ai\/sq\/ushtrime-gramatikore-koreane\/","og_locale":"sq_AL","og_type":"article","og_title":"Ushtrime gramatikore koreane","og_description":"Temat e gramatik\u00ebs koreane M\u00ebsimi i koreanishtes mund t\u00eb jet\u00eb nj\u00eb p\u00ebrvoj\u00eb emocionuese dhe shp\u00ebrblyese pasi hap mund\u00ebsi t\u00eb reja kulturore dhe profesionale.","og_url":"https:\/\/talkpal.ai\/sq\/ushtrime-gramatikore-koreane\/","og_site_name":"Talkpal","article_publisher":"https:\/\/www.facebook.com\/profile.php?id=100090733639311","article_modified_time":"2025-12-17T16:50:00+00:00","og_image":[{"width":512,"height":512,"url":"https:\/\/talkpal.ai\/wp-content\/uploads\/2023\/04\/south-korea.png","type":"image\/png"}],"twitter_card":"summary_large_image","twitter_site":"@talkpalai","twitter_misc":{"Est. reading time":"4 minutes"},"schema":{"@context":"https:\/\/schema.org","@graph":[{"@type":"WebPage","@id":"https:\/\/talkpal.ai\/sq\/ushtrime-gramatikore-koreane\/","url":"https:\/\/talkpal.ai\/sq\/ushtrime-gramatikore-koreane\/","name":"Ushtrime gramatikore koreane - Talkpal","isPartOf":{"@id":"https:\/\/talkpal.ai\/sq\/#website"},"primaryImageOfPage":{"@id":"https:\/\/talkpal.ai\/sq\/ushtrime-gramatikore-koreane\/#primaryimage"},"image":{"@id":"https:\/\/talkpal.ai\/sq\/ushtrime-gramatikore-koreane\/#primaryimage"},"thumbnailUrl":"https:\/\/talkpal.ai\/wp-content\/uploads\/2023\/04\/south-korea.png","datePublished":"2023-06-16T10:27:33+00:00","dateModified":"2025-12-17T16:50:00+00:00","description":"P\u00ebrmir\u00ebsoni leht\u00ebsisht gramatik\u00ebn tuaj koreane - praktikoni me ushtrime interaktive, zot\u00ebroni modelet gjuh\u00ebsore dhe nd\u00ebrtoni besim","breadcrumb":{"@id":"https:\/\/talkpal.ai\/sq\/ushtrime-gramatikore-koreane\/#breadcrumb"},"inLanguage":"sq-AL","potentialAction":[{"@type":"ReadAction","target":["https:\/\/talkpal.ai\/sq\/ushtrime-gramatikore-koreane\/"]}]},{"@type":"ImageObject","inLanguage":"sq-AL","@id":"https:\/\/talkpal.ai\/sq\/ushtrime-gramatikore-koreane\/#primaryimage","url":"https:\/\/talkpal.ai\/wp-content\/uploads\/2023\/04\/south-korea.png","contentUrl":"https:\/\/talkpal.ai\/wp-content\/uploads\/2023\/04\/south-korea.png","width":512,"height":512,"caption":"TalkPal Catalan Flag"},{"@type":"BreadcrumbList","@id":"https:\/\/talkpal.ai\/sq\/ushtrime-gramatikore-koreane\/#breadcrumb","itemListElement":[{"@type":"ListItem","position":1,"name":"Homepage","item":"https:\/\/talkpal.ai\/sq\/"},{"@type":"ListItem","position":2,"name":"Ushtrime gramatikore koreane"}]},{"@type":"WebSite","@id":"https:\/\/talkpal.ai\/sq\/#website","url":"https:\/\/talkpal.ai\/sq\/","name":"Talkpal","description":"AI Language Learning","publisher":{"@id":"https:\/\/talkpal.ai\/sq\/#organization"},"alternateName":"Talkpal AI","potentialAction":[{"@type":"SearchAction","target":{"@type":"EntryPoint","urlTemplate":"https:\/\/talkpal.ai\/sq\/?s={search_term_string}"},"query-input":{"@type":"PropertyValueSpecification","valueRequired":true,"valueName":"search_term_string"}}],"inLanguage":"sq-AL"},{"@type":"Organization","@id":"https:\/\/talkpal.ai\/sq\/#organization","name":"Talkpal, Inc.","alternateName":"Talkpal AI","url":"https:\/\/talkpal.ai\/sq\/","logo":{"@type":"ImageObject","inLanguage":"sq-AL","@id":"https:\/\/talkpal.ai\/sq\/#\/schema\/logo\/image\/","url":"https:\/\/talkpal.ai\/wp-content\/uploads\/2024\/03\/Talkpal-Logo-Icon.png","contentUrl":"https:\/\/talkpal.ai\/wp-content\/uploads\/2024\/03\/Talkpal-Logo-Icon.png","width":2880,"height":2880,"caption":"Talkpal, Inc."},"image":{"@id":"https:\/\/talkpal.ai\/sq\/#\/schema\/logo\/image\/"},"sameAs":["https:\/\/www.facebook.com\/profile.php?id=100090733639311","https:\/\/x.com\/talkpalai","https:\/\/www.linkedin.com\/company\/talkpal\/","https:\/\/www.youtube.com\/@TalkPal\/","https:\/\/www.tiktok.com\/@talkpal","https:\/\/www.instagram.com\/talkpal_ai\/","https:\/\/www.crunchbase.com\/organization\/talkpal-9cde","https:\/\/www.g2.com\/products\/talkpal-for-business\/","https:\/\/www.trustpilot.com\/review\/talkpal.ai","https:\/\/www.capterra.com\/p\/10006800\/TalkPal\/"],"description":"Talkpal is a language learning web and mobile education app, powered by the latest AI technologies, that provides engaging experiences to its customers in many different languages to help them improve their language skills. Users can chat about unlimited amount of topics with the app and use other modes to practice their language learning.","email":"support@talkpal.ai","legalName":"Talkpal, Inc.","foundingDate":"2023-04-03","duns":"118989042","numberOfEmployees":{"@type":"QuantitativeValue","minValue":"11","maxValue":"50"},"publishingPrinciples":"https:\/\/talkpal.ai\/publishing-principles\/","actionableFeedbackPolicy":"https:\/\/talkpal.ai\/actionable-feedback-policy\/","correctionsPolicy":"https:\/\/talkpal.ai\/corrections-policy\/","ethicsPolicy":"https:\/\/talkpal.ai\/ethics-policy\/","diversityPolicy":"https:\/\/talkpal.ai\/diversity-policy\/","diversityStaffingReport":"https:\/\/talkpal.ai\/diversity-policy\/"}]}},"_links":{"self":[{"href":"https:\/\/talkpal.ai\/sq\/wp-json\/wp\/v2\/pages\/1446768","targetHints":{"allow":["GET"]}}],"collection":[{"href":"https:\/\/talkpal.ai\/sq\/wp-json\/wp\/v2\/pages"}],"about":[{"href":"https:\/\/talkpal.ai\/sq\/wp-json\/wp\/v2\/types\/page"}],"author":[{"embeddable":true,"href":"https:\/\/talkpal.ai\/sq\/wp-json\/wp\/v2\/users\/6"}],"replies":[{"embeddable":true,"href":"https:\/\/talkpal.ai\/sq\/wp-json\/wp\/v2\/comments?post=1446768"}],"version-history":[{"count":0,"href":"https:\/\/talkpal.ai\/sq\/wp-json\/wp\/v2\/pages\/1446768\/revisions"}],"wp:featuredmedia":[{"embeddable":true,"href":"https:\/\/talkpal.ai\/sq\/wp-json\/wp\/v2\/media\/1439823"}],"wp:attachment":[{"href":"https:\/\/talkpal.ai\/sq\/wp-json\/wp\/v2\/media?parent=1446768"}],"curies":[{"name":"wp","href":"https:\/\/api.w.org\/{rel}","templated":true}]}}