{"id":1446764,"date":"2023-06-16T10:58:35","date_gmt":"2023-06-16T10:58:35","guid":{"rendered":"https:\/\/talkpal.ai\/ushtrimet-e-gramatikes-ruse\/"},"modified":"2025-12-17T16:25:10","modified_gmt":"2025-12-17T16:25:10","slug":"ushtrimet-e-gramatikes-ruse","status":"publish","type":"page","link":"https:\/\/talkpal.ai\/sq\/ushtrimet-e-gramatikes-ruse\/","title":{"rendered":"Ushtrimet e gramatik\u00ebs ruse"},"content":{"rendered":"\r\n\r\n\r\n<section class=\"languageChallengeSection\">\r\n    <div class=\"languageInfoWrapper\">\r\n        \r\n        <h1>Ushtrimet e gramatik\u00ebs ruse<\/h1>\r\n        <p>Gati p\u00ebr t\u00eb forcuar aft\u00ebsit\u00eb tuaja <a href=\"https:\/\/talkpal.ai\/locations\/language-courses-in-ruse\/\">ruse<\/a>? Praktikimi i ushtrimeve gramatikore \u00ebsht\u00eb nj\u00eb nga m\u00ebnyrat m\u00eb t\u00eb mira p\u00ebr t\u00eb zot\u00ebruar struktur\u00ebn e fjalis\u00eb, konjugimet e foljeve dhe rregullat unike t\u00eb gjuh\u00ebs ruse. Filloni t\u00eb eksploroni gramatik\u00ebn ruse sot dhe shikoni t\u00eb kuptuarit dhe rrjedhshm\u00ebrin\u00eb tuaj t\u00eb rriten me \u00e7do ushtrim!<\/p>\r\n\r\n                            <a class=\"getStartedHidden\" href=\"https:\/\/app.talkpal.ai\/signup?lng=\">Filloni<\/a>\r\n        \r\n    <\/div>\r\n\r\n    <figure>\r\n    <img decoding=\"async\" width=\"768\" height=\"768\" src=\"https:\/\/talkpal.ai\/wp-content\/uploads\/2023\/06\/russian-768x768.png\" class=\"languageImage no-lazy\" alt=\"Language learning for multicultural understanding\" fetchpriority=\"high\" sizes=\"(max-width: 768px) 150px, 768px\" srcset=\"https:\/\/talkpal.ai\/wp-content\/uploads\/2023\/06\/russian-768x768.png 768w, https:\/\/talkpal.ai\/wp-content\/uploads\/2023\/06\/russian-300x300.png 300w\" \/>\r\n    \r\n\r\n    <\/figure>\r\n\r\n            <a class=\"getStartedVisible\" href=\"https:\/\/app.talkpal.ai\/signup?lng=\">Filloni<\/a>\r\n    \r\n<\/section>\r\n\r\n\r\n<!-- <section class=\"grammarSection\">\r\n    <div class=\"grammarLinks\">\r\n            <\/div>\r\n<\/section> -->\r\n\r\n\r\n\r\n\r\n<section class=\"promotionalBanner\">\r\n    <p class=\"promotionalText\">M\u00ebnyra m\u00eb efikase p\u00ebr t\u00eb m\u00ebsuar nj\u00eb gjuh\u00eb<\/p>\r\n    <a class=\"promotionalLink\" href=\"https:\/\/app.talkpal.ai\/signup?lng=\">Provoni Talkpal falas<\/a>\r\n<\/section>\n<div class=\"wp-block-group pageContainerStyle\"><div class=\"wp-block-group__inner-container is-layout-constrained wp-block-group-is-layout-constrained\">\n<h2 class=\"wp-block-heading\" id=\"h-russian-grammar-topics\">Temat e gramatik\u00ebs ruse<\/h2>\n\n\n\n<p>M\u00ebsimi i rusishtes mund t\u00eb jet\u00eb nj\u00eb p\u00ebrvoj\u00eb tep\u00ebr shp\u00ebrblyese dhe intelektualisht stimuluese. Gjuha ruse nuk \u00ebsht\u00eb vet\u00ebm e pasur me fjalor dhe fuqi shpreh\u00ebse, por gjithashtu ofron nj\u00eb dritare n\u00eb kultur\u00ebn, historin\u00eb dhe let\u00ebrsin\u00eb magjeps\u00ebse t\u00eb Rusis\u00eb dhe ish-Bashkimit Sovjetik. Nd\u00ebrsa filloni udh\u00ebtimin tuaj p\u00ebr t\u00eb m\u00ebsuar rusisht, \u00ebsht\u00eb e r\u00ebnd\u00ebsishme t\u00eb njiheni me temat e ndryshme gramatikore q\u00eb do t\u00eb formojn\u00eb themelin e aft\u00ebsive tuaja gjuh\u00ebsore. N\u00eb k\u00ebt\u00eb udh\u00ebzues, ne do t\u00eb ofrojm\u00eb nj\u00eb p\u00ebrmbledhje t\u00eb temave thelb\u00ebsore t\u00eb gramatik\u00ebs ruse, duke p\u00ebrfshir\u00eb koh\u00ebt, foljet, emrat, artikujt, p\u00ebremrat, mbiemrat, ndajfoljet, parafjal\u00ebt dhe struktur\u00ebn e fjalive. Duke zot\u00ebruar k\u00ebto baza, do t\u00eb jeni n\u00eb rrug\u00ebn tuaj p\u00ebr t\u00eb arritur rrjedhshm\u00ebrin\u00eb e rusishtes.<\/p>\n\n\n\n<h3 class=\"wp-block-heading\" id=\"h-1-nouns\">1. Emrat:<\/h3>\n\n\n\n<p>Filloni duke m\u00ebsuar emrat rus\u00eb, pasi ato jan\u00eb blloqet themelore t\u00eb gjuh\u00ebs. Emrat rus\u00eb kan\u00eb tre gjini (mashkullore, fem\u00ebrore dhe neutre) dhe gjasht\u00eb raste (nominative, gjenitive, dative, akuzative, instrumentale dhe parapozicionale). T\u00eb kuptuarit e sistemit gjinor dhe t\u00eb rasteve \u00ebsht\u00eb thelb\u00ebsor p\u00ebr p\u00ebrdorimin e duhur t\u00eb emrave n\u00eb fjali.<\/p>\n\n\n\n<h3 class=\"wp-block-heading\" id=\"h-2-pronouns\">2. P\u00ebremrat:<\/h3>\n\n\n\n<p>Pasi t\u00eb jeni njohur me emrat, kaloni te p\u00ebremrat, t\u00eb cil\u00ebt z\u00ebvend\u00ebsojn\u00eb emrat n\u00eb fjali p\u00ebr t\u00eb shmangur p\u00ebrs\u00ebritjen. P\u00ebremrat gjithashtu kan\u00eb gjini dhe raste, dhe \u00ebsht\u00eb e r\u00ebnd\u00ebsishme t\u00eb m\u00ebsoni format dhe p\u00ebrdorimin e <a href=\"https:\/\/talkpal.ai\/locations\/language-courses-in-tyre\/\">tyre<\/a>.<\/p>\n\n\n\n<h3 class=\"wp-block-heading\" id=\"h-3-adjectives\">3. Mbiemra:<\/h3>\n\n\n\n<p>Mbiemrat p\u00ebrshkruajn\u00eb ose modifikojn\u00eb emrat dhe p\u00ebremrat. Ata pajtohen me emrat q\u00eb modifikojn\u00eb n\u00eb gjini, num\u00ebr dhe rast. M\u00ebsoni format dhe mbaresat e ndryshme t\u00eb mbiemrave p\u00ebr t&#8217;i p\u00ebrdorur ato n\u00eb m\u00ebnyr\u00eb korrekte.<\/p>\n\n\n\n<h3 class=\"wp-block-heading\" id=\"h-4-verbs\">4. Foljet:<\/h3>\n\n\n\n<p>Foljet jan\u00eb shtylla kurrizore e \u00e7do fjalie, pasi ato shprehin veprime, gjendje ose dukuri. N\u00eb rusisht, foljet kan\u00eb dy aspekte (perfekte dhe t\u00eb pap\u00ebrsosur) dhe konjugohen sipas personit, numrit dhe koh\u00ebs. Njihuni me modelet dhe aspektet e konjugimit p\u00ebr t\u00eb formuar forma t\u00eb sakta foljesh.<\/p>\n\n\n\n<h3 class=\"wp-block-heading\" id=\"h-5-tenses-indicative\">5. Koh\u00ebt treguese:<\/h3>\n\n\n\n<p>Rusishtja ka tre koh\u00eb treguese: e kaluara, e tashmja dhe e ardhmja. M\u00ebsoni <a href=\"https:\/\/talkpal.ai\/culture\/what-is-the-difference-between-se-and-si\/\">se si<\/a> t&#8217;i formoni dhe p\u00ebrdorni k\u00ebto koh\u00eb p\u00ebr t\u00eb shprehur veprime dhe ngjarje n\u00eb korniza t\u00eb ndryshme kohore.<\/p>\n\n\n\n<h3 class=\"wp-block-heading\" id=\"h-6-tenses-subjunctive\">6. Koh\u00ebt n\u00ebnlidh\u00ebse:<\/h3>\n\n\n\n<p>Humori n\u00ebnlidh\u00ebs shpreh situata hipotetike, d\u00ebshira ose kushte joreale. M\u00ebsoni se si t\u00eb formoni n\u00ebnlidh\u00ebsin n\u00eb rusisht dhe kur ta p\u00ebrdorni at\u00eb n\u00eb fjali.<\/p>\n\n\n\n<h3 class=\"wp-block-heading\" id=\"h-7-tense-comparison\">7. Krahasimi i tensionit:<\/h3>\n\n\n\n<p>T\u00eb kuptuarit se si t\u00eb krahasohen dhe kontrastohen veprimet n\u00eb koh\u00eb t\u00eb ndryshme \u00ebsht\u00eb thelb\u00ebsore p\u00ebr komunikim t\u00eb qart\u00eb. Praktikoni p\u00ebrdorimin e koh\u00ebve t\u00eb ndryshme s\u00eb bashku p\u00ebr t\u00eb shprehur mendime dhe ide komplekse.<\/p>\n\n\n\n<h3 class=\"wp-block-heading\" id=\"h-8-adverbs\">8. Ndajfoljet:<\/h3>\n\n\n\n<p>Ndajfoljet modifikojn\u00eb foljet, mbiemrat ose ndajfoljet e tjera, duke dh\u00ebn\u00eb informacion se si, kur, ku ose n\u00eb \u00e7far\u00eb mase ndodh nj\u00eb veprim. M\u00ebsoni ndajfoljet e zakonshme ruse dhe p\u00ebrdorimin e tyre p\u00ebr t\u00eb p\u00ebrmir\u00ebsuar fjalit\u00eb tuaja.<\/p>\n\n\n\n<h3 class=\"wp-block-heading\" id=\"h-9-prepositions\">9. Parafjal\u00ebt:<\/h3>\n\n\n\n<p>Parafjal\u00ebt lidhin emrat, p\u00ebremrat ose frazat me fjal\u00eb t\u00eb tjera brenda nj\u00eb fjalie, duke treguar marr\u00ebdh\u00ebnie t\u00eb tilla si vendndodhja, drejtimi, koha ose q\u00ebllimi. Njihuni me parafjal\u00ebt ruse dhe rastet e tyre p\u00ebrkat\u00ebse p\u00ebr t\u00eb nd\u00ebrtuar fjali gramatikore t\u00eb sakta.<\/p>\n\n\n\n<h3 class=\"wp-block-heading\" id=\"h-10-sentence-structure\">10. Struktura e fjalis\u00eb:<\/h3>\n\n\n\n<p>S\u00eb fundi, m\u00ebsoni bazat e struktur\u00ebs s\u00eb fjalive ruse, duke p\u00ebrfshir\u00eb rendin e fjal\u00ebve, mohimin dhe formimin e pyetjeve. T\u00eb kuptuarit se si t\u00eb nd\u00ebrtoni fjalit\u00eb n\u00eb m\u00ebnyr\u00eb korrekte do t\u00eb siguroj\u00eb q\u00eb rusishtja juaj e folur dhe e shkruar t\u00eb jet\u00eb e qart\u00eb dhe e kuptueshme.<\/p>\n\n\n\n<p>Duke ndjekur k\u00ebt\u00eb sekuenc\u00eb dhe duke i kushtuar koh\u00eb \u00e7do teme gramatikore, ju do t\u00eb zhvilloni nj\u00eb baz\u00eb t\u00eb fort\u00eb n\u00eb rusisht, duke ju mund\u00ebsuar t\u00eb komunikoni n\u00eb m\u00ebnyr\u00eb efektive dhe t\u00eb vler\u00ebsoni bukurin\u00eb dhe thell\u00ebsin\u00eb e gjuh\u00ebs.<\/p>\n<\/div><\/div>\n\r\n<section class=\"learnNavigationSection\">\r\n            \r\n        <a href=\"https:\/\/talkpal.ai\/sq\/mesoni-rusisht\/\">\r\n            <div class=\"learnNavigationWrapper\">\r\n                <div class=\"learnNavigationContent\">\r\n                    <img decoding=\"async\" src=\"https:\/\/talkpal.ai\/wp-content\/uploads\/2024\/08\/Russian.jpg\" alt=\"Russian Flag\">\r\n                    <div>\r\n                        <h4>Rreth m\u00ebsimit rus<\/h4>\r\n                        <p>M\u00ebsoni gjith\u00e7ka rreth gramatik\u00ebs ruse.<\/p>\r\n                    <\/div>\r\n                <\/div>\r\n            <\/div>\r\n        <\/a>\r\n\r\n        \r\n        <a href=\"https:\/\/talkpal.ai\/sq\/gramatika-ruse\/\">\r\n            <div class=\"learnNavigationWrapper\">\r\n                <div class=\"learnNavigationContent\">\r\n                    <img decoding=\"async\" src=\"https:\/\/talkpal.ai\/wp-content\/uploads\/2024\/08\/Russian.jpg\" alt=\"Russian Flag\">\r\n                    <div>\r\n                        <h4>M\u00ebsime t\u00eb gramatik\u00ebs ruse<\/h4>\r\n                        <p>Praktikoni gramatik\u00ebn ruse.<\/p>\r\n                    <\/div>\r\n                <\/div>\r\n            <\/div>\r\n        <\/a>\r\n\r\n        \r\n        <a href=\"https:\/\/talkpal.ai\/vocabulary_language\/russian\/\">\r\n            <div class=\"learnNavigationWrapper\">\r\n                <div class=\"learnNavigationContent\">\r\n                    <img decoding=\"async\" src=\"https:\/\/talkpal.ai\/wp-content\/uploads\/2024\/08\/Russian.jpg\" alt=\"Russian Flag\">\r\n                    <div>\r\n                        <h4>Fjalori rus<\/h4>\r\n                        <p>Zgjeroni fjalorin tuaj rus.<\/p>\r\n                    <\/div>\r\n                <\/div>\r\n            <\/div>\r\n        <\/a>\r\n\r\n            <\/section>","protected":false},"excerpt":{"rendered":"<p>Temat e gramatik\u00ebs ruse M\u00ebsimi i rusishtes mund t\u00eb jet\u00eb nj\u00eb p\u00ebrvoj\u00eb tep\u00ebr shp\u00ebrblyese dhe intelektualisht stimuluese. Gjuha ruse nuk \u00ebsht\u00eb vet\u00ebm e pasur me fjalor dhe fuqi shpreh\u00ebse, por gjithashtu ofron nj\u00eb dritare n\u00eb kultur\u00ebn, historin\u00eb dhe let\u00ebrsin\u00eb magjeps\u00ebse t\u00eb Rusis\u00eb dhe ish-Bashkimit Sovjetik. Nd\u00ebrsa filloni udh\u00ebtimin tuaj p\u00ebr t\u00eb m\u00ebsuar rusisht, \u00ebsht\u00eb e [&hellip;]<\/p>\n","protected":false},"author":6,"featured_media":1442732,"parent":0,"menu_order":0,"comment_status":"closed","ping_status":"closed","template":"LearningContentPage.php","meta":{"_acf_changed":false,"footnotes":""},"class_list":["post-1446764","page","type-page","status-publish","has-post-thumbnail","hentry"],"acf":[],"yoast_head":"<!-- This site is optimized with the Yoast SEO Premium plugin v27.2 (Yoast SEO v27.2) - https:\/\/yoast.com\/product\/yoast-seo-premium-wordpress\/ -->\n<title>Ushtrimet e gramatik\u00ebs ruse - Talkpal<\/title>\n<meta name=\"description\" content=\"Eksploroni ushtrime thelb\u00ebsore t\u00eb gramatik\u00ebs ruse p\u00ebr t\u00eb forcuar aft\u00ebsit\u00eb tuaja gjuh\u00ebsore dhe p\u00ebr t\u00eb arritur rrjedhshm\u00ebrin\u00eb e rusishtes.\" \/>\n<meta name=\"robots\" content=\"index, follow, max-snippet:-1, max-image-preview:large, max-video-preview:-1\" \/>\n<link rel=\"canonical\" href=\"https:\/\/talkpal.ai\/sq\/ushtrimet-e-gramatikes-ruse\/\" \/>\n<meta property=\"og:locale\" content=\"sq_AL\" \/>\n<meta property=\"og:type\" content=\"article\" \/>\n<meta property=\"og:title\" content=\"Ushtrimet e gramatik\u00ebs ruse\" \/>\n<meta property=\"og:description\" content=\"Temat e gramatik\u00ebs ruse M\u00ebsimi i rusishtes mund t\u00eb jet\u00eb nj\u00eb p\u00ebrvoj\u00eb tep\u00ebr shp\u00ebrblyese dhe intelektualisht stimuluese. Gjuha ruse nuk \u00ebsht\u00eb vet\u00ebm e pasur\" \/>\n<meta property=\"og:url\" content=\"https:\/\/talkpal.ai\/sq\/ushtrimet-e-gramatikes-ruse\/\" \/>\n<meta property=\"og:site_name\" content=\"Talkpal\" \/>\n<meta property=\"article:publisher\" content=\"https:\/\/www.facebook.com\/profile.php?id=100090733639311\" \/>\n<meta property=\"article:modified_time\" content=\"2025-12-17T16:25:10+00:00\" \/>\n<meta property=\"og:image\" content=\"https:\/\/talkpal.ai\/wp-content\/uploads\/2023\/04\/rusia.png\" \/>\n\t<meta property=\"og:image:width\" content=\"512\" \/>\n\t<meta property=\"og:image:height\" content=\"512\" \/>\n\t<meta property=\"og:image:type\" content=\"image\/png\" \/>\n<meta name=\"twitter:card\" content=\"summary_large_image\" \/>\n<meta name=\"twitter:site\" content=\"@talkpalai\" \/>\n<meta name=\"twitter:label1\" content=\"Est. reading time\" \/>\n\t<meta name=\"twitter:data1\" content=\"3 minutes\" \/>\n<script type=\"application\/ld+json\" class=\"yoast-schema-graph\">{\"@context\":\"https:\/\/schema.org\",\"@graph\":[{\"@type\":\"WebPage\",\"@id\":\"https:\/\/talkpal.ai\/sq\/ushtrimet-e-gramatikes-ruse\/\",\"url\":\"https:\/\/talkpal.ai\/sq\/ushtrimet-e-gramatikes-ruse\/\",\"name\":\"Ushtrimet e gramatik\u00ebs ruse - Talkpal\",\"isPartOf\":{\"@id\":\"https:\/\/talkpal.ai\/sq\/#website\"},\"primaryImageOfPage\":{\"@id\":\"https:\/\/talkpal.ai\/sq\/ushtrimet-e-gramatikes-ruse\/#primaryimage\"},\"image\":{\"@id\":\"https:\/\/talkpal.ai\/sq\/ushtrimet-e-gramatikes-ruse\/#primaryimage\"},\"thumbnailUrl\":\"https:\/\/talkpal.ai\/wp-content\/uploads\/2023\/04\/rusia.png\",\"datePublished\":\"2023-06-16T10:58:35+00:00\",\"dateModified\":\"2025-12-17T16:25:10+00:00\",\"description\":\"Eksploroni ushtrime thelb\u00ebsore t\u00eb gramatik\u00ebs ruse p\u00ebr t\u00eb forcuar aft\u00ebsit\u00eb tuaja gjuh\u00ebsore dhe p\u00ebr t\u00eb arritur rrjedhshm\u00ebrin\u00eb e rusishtes.\",\"breadcrumb\":{\"@id\":\"https:\/\/talkpal.ai\/sq\/ushtrimet-e-gramatikes-ruse\/#breadcrumb\"},\"inLanguage\":\"sq-AL\",\"potentialAction\":[{\"@type\":\"ReadAction\",\"target\":[\"https:\/\/talkpal.ai\/sq\/ushtrimet-e-gramatikes-ruse\/\"]}]},{\"@type\":\"ImageObject\",\"inLanguage\":\"sq-AL\",\"@id\":\"https:\/\/talkpal.ai\/sq\/ushtrimet-e-gramatikes-ruse\/#primaryimage\",\"url\":\"https:\/\/talkpal.ai\/wp-content\/uploads\/2023\/04\/rusia.png\",\"contentUrl\":\"https:\/\/talkpal.ai\/wp-content\/uploads\/2023\/04\/rusia.png\",\"width\":512,\"height\":512,\"caption\":\"TalkPal Catalan Flag\"},{\"@type\":\"BreadcrumbList\",\"@id\":\"https:\/\/talkpal.ai\/sq\/ushtrimet-e-gramatikes-ruse\/#breadcrumb\",\"itemListElement\":[{\"@type\":\"ListItem\",\"position\":1,\"name\":\"Homepage\",\"item\":\"https:\/\/talkpal.ai\/sq\/\"},{\"@type\":\"ListItem\",\"position\":2,\"name\":\"Ushtrimet e gramatik\u00ebs ruse\"}]},{\"@type\":\"WebSite\",\"@id\":\"https:\/\/talkpal.ai\/sq\/#website\",\"url\":\"https:\/\/talkpal.ai\/sq\/\",\"name\":\"Talkpal\",\"description\":\"AI Language Learning\",\"publisher\":{\"@id\":\"https:\/\/talkpal.ai\/sq\/#organization\"},\"alternateName\":\"Talkpal AI\",\"potentialAction\":[{\"@type\":\"SearchAction\",\"target\":{\"@type\":\"EntryPoint\",\"urlTemplate\":\"https:\/\/talkpal.ai\/sq\/?s={search_term_string}\"},\"query-input\":{\"@type\":\"PropertyValueSpecification\",\"valueRequired\":true,\"valueName\":\"search_term_string\"}}],\"inLanguage\":\"sq-AL\"},{\"@type\":\"Organization\",\"@id\":\"https:\/\/talkpal.ai\/sq\/#organization\",\"name\":\"Talkpal, Inc.\",\"alternateName\":\"Talkpal AI\",\"url\":\"https:\/\/talkpal.ai\/sq\/\",\"logo\":{\"@type\":\"ImageObject\",\"inLanguage\":\"sq-AL\",\"@id\":\"https:\/\/talkpal.ai\/sq\/#\/schema\/logo\/image\/\",\"url\":\"https:\/\/talkpal.ai\/wp-content\/uploads\/2024\/03\/Talkpal-Logo-Icon.png\",\"contentUrl\":\"https:\/\/talkpal.ai\/wp-content\/uploads\/2024\/03\/Talkpal-Logo-Icon.png\",\"width\":2880,\"height\":2880,\"caption\":\"Talkpal, Inc.\"},\"image\":{\"@id\":\"https:\/\/talkpal.ai\/sq\/#\/schema\/logo\/image\/\"},\"sameAs\":[\"https:\/\/www.facebook.com\/profile.php?id=100090733639311\",\"https:\/\/x.com\/talkpalai\",\"https:\/\/www.linkedin.com\/company\/talkpal\/\",\"https:\/\/www.youtube.com\/@TalkPal\/\",\"https:\/\/www.tiktok.com\/@talkpal\",\"https:\/\/www.instagram.com\/talkpal_ai\/\",\"https:\/\/www.crunchbase.com\/organization\/talkpal-9cde\",\"https:\/\/www.g2.com\/products\/talkpal-for-business\/\",\"https:\/\/www.trustpilot.com\/review\/talkpal.ai\",\"https:\/\/www.capterra.com\/p\/10006800\/TalkPal\/\"],\"description\":\"Talkpal is a language learning web and mobile education app, powered by the latest AI technologies, that provides engaging experiences to its customers in many different languages to help them improve their language skills. Users can chat about unlimited amount of topics with the app and use other modes to practice their language learning.\",\"email\":\"support@talkpal.ai\",\"legalName\":\"Talkpal, Inc.\",\"foundingDate\":\"2023-04-03\",\"duns\":\"118989042\",\"numberOfEmployees\":{\"@type\":\"QuantitativeValue\",\"minValue\":\"11\",\"maxValue\":\"50\"},\"publishingPrinciples\":\"https:\/\/talkpal.ai\/publishing-principles\/\",\"actionableFeedbackPolicy\":\"https:\/\/talkpal.ai\/actionable-feedback-policy\/\",\"correctionsPolicy\":\"https:\/\/talkpal.ai\/corrections-policy\/\",\"ethicsPolicy\":\"https:\/\/talkpal.ai\/ethics-policy\/\",\"diversityPolicy\":\"https:\/\/talkpal.ai\/diversity-policy\/\",\"diversityStaffingReport\":\"https:\/\/talkpal.ai\/diversity-policy\/\"}]}<\/script>\n<!-- \/ Yoast SEO Premium plugin. -->","yoast_head_json":{"title":"Ushtrimet e gramatik\u00ebs ruse - Talkpal","description":"Eksploroni ushtrime thelb\u00ebsore t\u00eb gramatik\u00ebs ruse p\u00ebr t\u00eb forcuar aft\u00ebsit\u00eb tuaja gjuh\u00ebsore dhe p\u00ebr t\u00eb arritur rrjedhshm\u00ebrin\u00eb e rusishtes.","robots":{"index":"index","follow":"follow","max-snippet":"max-snippet:-1","max-image-preview":"max-image-preview:large","max-video-preview":"max-video-preview:-1"},"canonical":"https:\/\/talkpal.ai\/sq\/ushtrimet-e-gramatikes-ruse\/","og_locale":"sq_AL","og_type":"article","og_title":"Ushtrimet e gramatik\u00ebs ruse","og_description":"Temat e gramatik\u00ebs ruse M\u00ebsimi i rusishtes mund t\u00eb jet\u00eb nj\u00eb p\u00ebrvoj\u00eb tep\u00ebr shp\u00ebrblyese dhe intelektualisht stimuluese. Gjuha ruse nuk \u00ebsht\u00eb vet\u00ebm e pasur","og_url":"https:\/\/talkpal.ai\/sq\/ushtrimet-e-gramatikes-ruse\/","og_site_name":"Talkpal","article_publisher":"https:\/\/www.facebook.com\/profile.php?id=100090733639311","article_modified_time":"2025-12-17T16:25:10+00:00","og_image":[{"width":512,"height":512,"url":"https:\/\/talkpal.ai\/wp-content\/uploads\/2023\/04\/rusia.png","type":"image\/png"}],"twitter_card":"summary_large_image","twitter_site":"@talkpalai","twitter_misc":{"Est. reading time":"3 minutes"},"schema":{"@context":"https:\/\/schema.org","@graph":[{"@type":"WebPage","@id":"https:\/\/talkpal.ai\/sq\/ushtrimet-e-gramatikes-ruse\/","url":"https:\/\/talkpal.ai\/sq\/ushtrimet-e-gramatikes-ruse\/","name":"Ushtrimet e gramatik\u00ebs ruse - Talkpal","isPartOf":{"@id":"https:\/\/talkpal.ai\/sq\/#website"},"primaryImageOfPage":{"@id":"https:\/\/talkpal.ai\/sq\/ushtrimet-e-gramatikes-ruse\/#primaryimage"},"image":{"@id":"https:\/\/talkpal.ai\/sq\/ushtrimet-e-gramatikes-ruse\/#primaryimage"},"thumbnailUrl":"https:\/\/talkpal.ai\/wp-content\/uploads\/2023\/04\/rusia.png","datePublished":"2023-06-16T10:58:35+00:00","dateModified":"2025-12-17T16:25:10+00:00","description":"Eksploroni ushtrime thelb\u00ebsore t\u00eb gramatik\u00ebs ruse p\u00ebr t\u00eb forcuar aft\u00ebsit\u00eb tuaja gjuh\u00ebsore dhe p\u00ebr t\u00eb arritur rrjedhshm\u00ebrin\u00eb e rusishtes.","breadcrumb":{"@id":"https:\/\/talkpal.ai\/sq\/ushtrimet-e-gramatikes-ruse\/#breadcrumb"},"inLanguage":"sq-AL","potentialAction":[{"@type":"ReadAction","target":["https:\/\/talkpal.ai\/sq\/ushtrimet-e-gramatikes-ruse\/"]}]},{"@type":"ImageObject","inLanguage":"sq-AL","@id":"https:\/\/talkpal.ai\/sq\/ushtrimet-e-gramatikes-ruse\/#primaryimage","url":"https:\/\/talkpal.ai\/wp-content\/uploads\/2023\/04\/rusia.png","contentUrl":"https:\/\/talkpal.ai\/wp-content\/uploads\/2023\/04\/rusia.png","width":512,"height":512,"caption":"TalkPal Catalan Flag"},{"@type":"BreadcrumbList","@id":"https:\/\/talkpal.ai\/sq\/ushtrimet-e-gramatikes-ruse\/#breadcrumb","itemListElement":[{"@type":"ListItem","position":1,"name":"Homepage","item":"https:\/\/talkpal.ai\/sq\/"},{"@type":"ListItem","position":2,"name":"Ushtrimet e gramatik\u00ebs ruse"}]},{"@type":"WebSite","@id":"https:\/\/talkpal.ai\/sq\/#website","url":"https:\/\/talkpal.ai\/sq\/","name":"Talkpal","description":"AI Language Learning","publisher":{"@id":"https:\/\/talkpal.ai\/sq\/#organization"},"alternateName":"Talkpal AI","potentialAction":[{"@type":"SearchAction","target":{"@type":"EntryPoint","urlTemplate":"https:\/\/talkpal.ai\/sq\/?s={search_term_string}"},"query-input":{"@type":"PropertyValueSpecification","valueRequired":true,"valueName":"search_term_string"}}],"inLanguage":"sq-AL"},{"@type":"Organization","@id":"https:\/\/talkpal.ai\/sq\/#organization","name":"Talkpal, Inc.","alternateName":"Talkpal AI","url":"https:\/\/talkpal.ai\/sq\/","logo":{"@type":"ImageObject","inLanguage":"sq-AL","@id":"https:\/\/talkpal.ai\/sq\/#\/schema\/logo\/image\/","url":"https:\/\/talkpal.ai\/wp-content\/uploads\/2024\/03\/Talkpal-Logo-Icon.png","contentUrl":"https:\/\/talkpal.ai\/wp-content\/uploads\/2024\/03\/Talkpal-Logo-Icon.png","width":2880,"height":2880,"caption":"Talkpal, Inc."},"image":{"@id":"https:\/\/talkpal.ai\/sq\/#\/schema\/logo\/image\/"},"sameAs":["https:\/\/www.facebook.com\/profile.php?id=100090733639311","https:\/\/x.com\/talkpalai","https:\/\/www.linkedin.com\/company\/talkpal\/","https:\/\/www.youtube.com\/@TalkPal\/","https:\/\/www.tiktok.com\/@talkpal","https:\/\/www.instagram.com\/talkpal_ai\/","https:\/\/www.crunchbase.com\/organization\/talkpal-9cde","https:\/\/www.g2.com\/products\/talkpal-for-business\/","https:\/\/www.trustpilot.com\/review\/talkpal.ai","https:\/\/www.capterra.com\/p\/10006800\/TalkPal\/"],"description":"Talkpal is a language learning web and mobile education app, powered by the latest AI technologies, that provides engaging experiences to its customers in many different languages to help them improve their language skills. Users can chat about unlimited amount of topics with the app and use other modes to practice their language learning.","email":"support@talkpal.ai","legalName":"Talkpal, Inc.","foundingDate":"2023-04-03","duns":"118989042","numberOfEmployees":{"@type":"QuantitativeValue","minValue":"11","maxValue":"50"},"publishingPrinciples":"https:\/\/talkpal.ai\/publishing-principles\/","actionableFeedbackPolicy":"https:\/\/talkpal.ai\/actionable-feedback-policy\/","correctionsPolicy":"https:\/\/talkpal.ai\/corrections-policy\/","ethicsPolicy":"https:\/\/talkpal.ai\/ethics-policy\/","diversityPolicy":"https:\/\/talkpal.ai\/diversity-policy\/","diversityStaffingReport":"https:\/\/talkpal.ai\/diversity-policy\/"}]}},"_links":{"self":[{"href":"https:\/\/talkpal.ai\/sq\/wp-json\/wp\/v2\/pages\/1446764","targetHints":{"allow":["GET"]}}],"collection":[{"href":"https:\/\/talkpal.ai\/sq\/wp-json\/wp\/v2\/pages"}],"about":[{"href":"https:\/\/talkpal.ai\/sq\/wp-json\/wp\/v2\/types\/page"}],"author":[{"embeddable":true,"href":"https:\/\/talkpal.ai\/sq\/wp-json\/wp\/v2\/users\/6"}],"replies":[{"embeddable":true,"href":"https:\/\/talkpal.ai\/sq\/wp-json\/wp\/v2\/comments?post=1446764"}],"version-history":[{"count":0,"href":"https:\/\/talkpal.ai\/sq\/wp-json\/wp\/v2\/pages\/1446764\/revisions"}],"wp:featuredmedia":[{"embeddable":true,"href":"https:\/\/talkpal.ai\/sq\/wp-json\/wp\/v2\/media\/1442732"}],"wp:attachment":[{"href":"https:\/\/talkpal.ai\/sq\/wp-json\/wp\/v2\/media?parent=1446764"}],"curies":[{"name":"wp","href":"https:\/\/api.w.org\/{rel}","templated":true}]}}