{"id":1446759,"date":"2023-06-16T10:42:00","date_gmt":"2023-06-16T10:42:00","guid":{"rendered":"https:\/\/talkpal.ai\/ushtrime-gramatikore-portugeze\/"},"modified":"2025-12-17T16:20:36","modified_gmt":"2025-12-17T16:20:36","slug":"ushtrime-gramatikore-portugeze","status":"publish","type":"page","link":"https:\/\/talkpal.ai\/sq\/ushtrime-gramatikore-portugeze\/","title":{"rendered":"Ushtrime gramatikore portugeze"},"content":{"rendered":"\r\n\r\n\r\n<section class=\"languageChallengeSection\">\r\n    <div class=\"languageInfoWrapper\">\r\n        \r\n        <h1>Ushtrime gramatikore portugeze<\/h1>\r\n        <p>Jeni t\u00eb etur p\u00ebr t\u00eb forcuar aft\u00ebsit\u00eb tuaja portugeze? Hidheni n\u00eb praktik\u00ebn gramatikore p\u00ebr t\u00eb zot\u00ebruar struktur\u00ebn e fjalive, konjugimet e foljeve dhe modelet unike t\u00eb gjuh\u00ebs portugeze. Filloni t\u00eb praktikoni gramatik\u00ebn portugeze tani dhe shihni besimin dhe rrjedhshm\u00ebrin\u00eb tuaj t\u00eb rriten me \u00e7do ushtrim!<\/p>\r\n\r\n                            <a class=\"getStartedHidden\" href=\"https:\/\/app.talkpal.ai\/signup?lng=\">Filloni<\/a>\r\n        \r\n    <\/div>\r\n\r\n    <figure>\r\n    <img decoding=\"async\" width=\"768\" height=\"768\" src=\"https:\/\/talkpal.ai\/wp-content\/uploads\/2023\/06\/portuguese-768x768.png\" class=\"languageImage no-lazy\" alt=\"Language learning for broader world view\" fetchpriority=\"high\" sizes=\"(max-width: 768px) 150px, 768px\" srcset=\"https:\/\/talkpal.ai\/wp-content\/uploads\/2023\/06\/portuguese-768x768.png 768w, https:\/\/talkpal.ai\/wp-content\/uploads\/2023\/06\/portuguese-300x300.png 300w\" \/>\r\n    \r\n\r\n    <\/figure>\r\n\r\n            <a class=\"getStartedVisible\" href=\"https:\/\/app.talkpal.ai\/signup?lng=\">Filloni<\/a>\r\n    \r\n<\/section>\r\n\r\n\r\n<!-- <section class=\"grammarSection\">\r\n    <div class=\"grammarLinks\">\r\n            <\/div>\r\n<\/section> -->\r\n\r\n\r\n\r\n\r\n<section class=\"promotionalBanner\">\r\n    <p class=\"promotionalText\">M\u00ebnyra m\u00eb efikase p\u00ebr t\u00eb m\u00ebsuar nj\u00eb gjuh\u00eb<\/p>\r\n    <a class=\"promotionalLink\" href=\"https:\/\/app.talkpal.ai\/signup?lng=\">Provoni Talkpal falas<\/a>\r\n<\/section>\n<div class=\"wp-block-group pageContainerStyle\"><div class=\"wp-block-group__inner-container is-layout-constrained wp-block-group-is-layout-constrained\">\n<h2 class=\"wp-block-heading\" id=\"h-portuguese-grammar-topics\">Temat e gramatik\u00ebs portugeze<\/h2>\n\n\n\n<p>M\u00ebsimi i nj\u00eb gjuhe t\u00eb re mund t\u00eb jet\u00eb nj\u00eb p\u00ebrvoj\u00eb emocionuese dhe shp\u00ebrblyese, dhe portugalishtja nuk b\u00ebn p\u00ebrjashtim. Si gjuha e gjasht\u00eb m\u00eb e folur n\u00eb bot\u00eb, ajo ofron mund\u00ebsi t\u00eb shumta p\u00ebr rritje personale dhe profesionale. Kuptimi dhe zot\u00ebrimi i nd\u00ebrlikimeve dhe gramatik\u00ebs s\u00eb tij gjuh\u00ebsore mund t\u00eb hap\u00eb dyert p\u00ebr p\u00ebrvoja t\u00eb pasura kulturore n\u00eb vende t\u00eb tilla si Portugalia, Brazili dhe vende t\u00eb ndryshme afrikane. P\u00ebr t\u00eb leht\u00ebsuar udh\u00ebtimin tuaj n\u00eb bot\u00ebn e portugalishtes, ky udh\u00ebzues p\u00ebrshkruan sekuenc\u00ebn e temave gramatikore q\u00eb duhet t\u00eb ndiqni, duke siguruar q\u00eb t\u00eb nd\u00ebrtoni nj\u00eb baz\u00eb t\u00eb fort\u00eb dhe t\u00eb p\u00ebrparoni me nj\u00eb rit\u00ebm t\u00eb rehatsh\u00ebm.<\/p>\n\n\n\n<h3 class=\"wp-block-heading\" id=\"h-1-articles\">1. Artikujt:<\/h3>\n\n\n\n<p>Filloni me m\u00ebsimin e artikujve t\u00eb caktuar dhe t\u00eb pacaktuar, t\u00eb cil\u00ebt jan\u00eb blloqe thelb\u00ebsore nd\u00ebrtimi t\u00eb gjuh\u00ebs. K\u00ebto ofrojn\u00eb nj\u00eb korniz\u00eb p\u00ebr t\u00eb kuptuar gjinin\u00eb dhe numrin e emrave n\u00eb fjali.<\/p>\n\n\n\n<h3 class=\"wp-block-heading\" id=\"h-2-nouns\">2. Emrat:<\/h3>\n\n\n\n<p>Njihuni me emrat portugez\u00eb, duke p\u00ebrfshir\u00eb gjinin\u00eb e <a href=\"https:\/\/talkpal.ai\/locations\/language-courses-in-tyre\/\">tyre<\/a> (mashkullore ose fem\u00ebrore) dhe numrin (nj\u00ebj\u00ebs ose shum\u00ebs). Kjo njohuri do t\u00eb jet\u00eb thelb\u00ebsore p\u00ebr formimin e fjalive koherente dhe marr\u00ebveshjeve me element\u00eb t\u00eb tjer\u00eb, si\u00e7 jan\u00eb mbiemrat.<\/p>\n\n\n\n<h3 class=\"wp-block-heading\" id=\"h-3-adjectives\">3. Mbiemra:<\/h3>\n\n\n\n<p>M\u00ebsoni <a href=\"https:\/\/talkpal.ai\/culture\/what-is-the-difference-between-se-and-si\/\">se si<\/a> t&#8217;i p\u00ebrshkruani emrat duke p\u00ebrdorur mbiemra, t\u00eb cil\u00ebt duhet t\u00eb pajtohen me emrin n\u00eb gjini dhe num\u00ebr. Kjo do t\u00eb rris\u00eb aft\u00ebsin\u00eb tuaj p\u00ebr t\u00eb shprehur ide dhe p\u00ebr t\u00eb p\u00ebrshkruar objekte ose njer\u00ebz n\u00eb <a href=\"https:\/\/talkpal.ai\/learn-portuguese\/\">portugalisht<\/a>.<\/p>\n\n\n\n<h3 class=\"wp-block-heading\" id=\"h-4-pronouns\">4. P\u00ebremrat:<\/h3>\n\n\n\n<p>Zhytuni n\u00eb bot\u00ebn e p\u00ebremrave, duke p\u00ebrfshir\u00eb p\u00ebremrat personal\u00eb, posesiv, demonstrativ\u00eb dhe relativ\u00eb. K\u00ebto z\u00ebvend\u00ebsojn\u00eb emrat n\u00eb fjali dhe ndihmojn\u00eb n\u00eb shmangien e p\u00ebrs\u00ebritjeve t\u00eb panevojshme.<\/p>\n\n\n\n<h3 class=\"wp-block-heading\" id=\"h-5-verbs\">5. Foljet:<\/h3>\n\n\n\n<p>Kuptoni konjugimet e ndryshme t\u00eb foljeve n\u00eb portugalisht, t\u00eb cilat jan\u00eb thelb\u00ebsore p\u00ebr t\u00eb shprehur veprimet, ngjarjet dhe gjendjet. Filloni me folje t\u00eb rregullta dhe pastaj kaloni te foljet e parregullta dhe konjugimet e tyre t\u00eb ndryshme.<\/p>\n\n\n\n<h3 class=\"wp-block-heading\" id=\"h-6-tenses-indicative\">6. Koh\u00ebt treguese:<\/h3>\n\n\n\n<p>M\u00ebsoni humorin tregues, i cili p\u00ebrdoret p\u00ebr t\u00eb shprehur fakte ose siguri. Kjo p\u00ebrfshin t\u00eb kuptuarit e koh\u00ebve t\u00eb ndryshme si e tashmja, e kaluara dhe e ardhmja, si dhe konjugimet e tyre p\u00ebr lloje t\u00eb ndryshme foljesh.<\/p>\n\n\n\n<h3 class=\"wp-block-heading\" id=\"h-7-tenses-subjunctive\">7. Koh\u00ebt n\u00ebnlidh\u00ebse:<\/h3>\n\n\n\n<p>G\u00ebrmoni n\u00eb humorin n\u00ebnlidh\u00ebs, i cili p\u00ebrcjell dyshime, mund\u00ebsi ose pasiguri. Kjo p\u00ebrfshin m\u00ebsimin e koh\u00ebs s\u00eb tashme, t\u00eb kaluar\u00ebs dhe t\u00eb ardhshme n\u00ebnlidh\u00ebse, dhe konjugimet e tyre p\u00ebrkat\u00ebse.<\/p>\n\n\n\n<h3 class=\"wp-block-heading\" id=\"h-8-tense-comparison\">8. Krahasimi i tensionuar:<\/h3>\n\n\n\n<p>Studioni se si t\u00eb krahasoni dhe krahasoni koh\u00ebt e ndryshme si n\u00eb humorin tregues ashtu edhe n\u00eb at\u00eb n\u00ebnlidh\u00ebs. Kjo do t&#8217;ju ndihmoj\u00eb t\u00eb zgjidhni koh\u00ebn e duhur p\u00ebr kontekste dhe situata t\u00eb ndryshme.<\/p>\n\n\n\n<h3 class=\"wp-block-heading\" id=\"h-9-adverbs\">9. Ndajfoljet:<\/h3>\n\n\n\n<p>M\u00ebsoni <a href=\"https:\/\/talkpal.ai\/sq\/rreth\/\">rreth<\/a> ndajfoljeve, t\u00eb cilat modifikojn\u00eb foljet, mbiemrat ose ndajfoljet e tjera, duke ofruar informacion shtes\u00eb p\u00ebr m\u00ebnyr\u00ebn, vendin ose koh\u00ebn e nj\u00eb veprimi.<\/p>\n\n\n\n<h3 class=\"wp-block-heading\" id=\"h-10-prepositions\">10. Parafjal\u00ebt:<\/h3>\n\n\n\n<p>Njihuni me p\u00ebrdorimin e parafjal\u00ebve, t\u00eb cilat krijojn\u00eb marr\u00ebdh\u00ebnie midis fjal\u00ebve n\u00eb nj\u00eb fjali, t\u00eb tilla si vendndodhja, drejtimi, koha ose q\u00ebllimi.<\/p>\n\n\n\n<h3 class=\"wp-block-heading\" id=\"h-11-sentence-structure\">11. Struktura e fjalis\u00eb:<\/h3>\n\n\n\n<p>S\u00eb fundi, kuptoni struktur\u00ebn baz\u00eb t\u00eb fjalis\u00eb n\u00eb portugalisht, duke p\u00ebrfshir\u00eb rendin e fjal\u00ebve, mohimin dhe formimin e pyetjeve. Kjo do t&#8217;ju mund\u00ebsoj\u00eb t\u00eb nd\u00ebrtoni fjali kuptimplota dhe gramatikore t\u00eb sakta, duke lejuar komunikim efektiv n\u00eb gjuh\u00ebn portugeze.<\/p>\n<\/div><\/div>\n\r\n<section class=\"learnNavigationSection\">\r\n            \r\n        <a href=\"https:\/\/talkpal.ai\/sq\/mesoni-portugalisht\/\">\r\n            <div class=\"learnNavigationWrapper\">\r\n                <div class=\"learnNavigationContent\">\r\n                    <img decoding=\"async\" src=\"https:\/\/talkpal.ai\/wp-content\/uploads\/2024\/08\/Portuguese.jpg\" alt=\"Portuguese Flag\">\r\n                    <div>\r\n                        <h4>Rreth Portugalis\u00eb Learning<\/h4>\r\n                        <p>M\u00ebsoni gjith\u00e7ka rreth gramatik\u00ebs s\u00eb Portugalis\u00eb.<\/p>\r\n                    <\/div>\r\n                <\/div>\r\n            <\/div>\r\n        <\/a>\r\n\r\n        \r\n        <a href=\"https:\/\/talkpal.ai\/sq\/gramatika-portugeze\/\">\r\n            <div class=\"learnNavigationWrapper\">\r\n                <div class=\"learnNavigationContent\">\r\n                    <img decoding=\"async\" src=\"https:\/\/talkpal.ai\/wp-content\/uploads\/2024\/08\/Portuguese.jpg\" alt=\"Portuguese Flag\">\r\n                    <div>\r\n                        <h4>M\u00ebsime t\u00eb gramatik\u00ebs portugeze<\/h4>\r\n                        <p>Praktikoni gramatik\u00ebn portugeze.<\/p>\r\n                    <\/div>\r\n                <\/div>\r\n            <\/div>\r\n        <\/a>\r\n\r\n        \r\n        <a href=\"https:\/\/talkpal.ai\/vocabulary_language\/portuguese\/\">\r\n            <div class=\"learnNavigationWrapper\">\r\n                <div class=\"learnNavigationContent\">\r\n                    <img decoding=\"async\" src=\"https:\/\/talkpal.ai\/wp-content\/uploads\/2024\/08\/Portuguese.jpg\" alt=\"Portuguese Flag\">\r\n                    <div>\r\n                        <h4>Fjalori portugez<\/h4>\r\n                        <p>Zgjeroni fjalorin tuaj portugalisht.<\/p>\r\n                    <\/div>\r\n                <\/div>\r\n            <\/div>\r\n        <\/a>\r\n\r\n            <\/section>","protected":false},"excerpt":{"rendered":"<p>Temat e gramatik\u00ebs portugeze M\u00ebsimi i nj\u00eb gjuhe t\u00eb re mund t\u00eb jet\u00eb nj\u00eb p\u00ebrvoj\u00eb emocionuese dhe shp\u00ebrblyese, dhe portugalishtja nuk b\u00ebn p\u00ebrjashtim. Si gjuha e gjasht\u00eb m\u00eb e folur n\u00eb bot\u00eb, ajo ofron mund\u00ebsi t\u00eb shumta p\u00ebr rritje personale dhe profesionale. Kuptimi dhe zot\u00ebrimi i nd\u00ebrlikimeve dhe gramatik\u00ebs s\u00eb tij gjuh\u00ebsore mund t\u00eb hap\u00eb [&hellip;]<\/p>\n","protected":false},"author":6,"featured_media":1439790,"parent":0,"menu_order":0,"comment_status":"closed","ping_status":"closed","template":"LearningContentPage.php","meta":{"_acf_changed":false,"footnotes":""},"class_list":["post-1446759","page","type-page","status-publish","has-post-thumbnail","hentry"],"acf":[],"yoast_head":"<!-- This site is optimized with the Yoast SEO Premium plugin v27.2 (Yoast SEO v27.2) - https:\/\/yoast.com\/product\/yoast-seo-premium-wordpress\/ -->\n<title>Ushtrime gramatikore portugeze - Talkpal<\/title>\n<meta name=\"description\" content=\"Forconi aft\u00ebsit\u00eb tuaja gramatikore portugeze me ushtrime interaktive t\u00eb krijuara p\u00ebr t\u00eb gjitha nivelet.\" \/>\n<meta name=\"robots\" content=\"index, follow, max-snippet:-1, max-image-preview:large, max-video-preview:-1\" \/>\n<link rel=\"canonical\" href=\"https:\/\/talkpal.ai\/sq\/ushtrime-gramatikore-portugeze\/\" \/>\n<meta property=\"og:locale\" content=\"sq_AL\" \/>\n<meta property=\"og:type\" content=\"article\" \/>\n<meta property=\"og:title\" content=\"Ushtrime gramatikore portugeze\" \/>\n<meta property=\"og:description\" content=\"Temat e gramatik\u00ebs portugeze M\u00ebsimi i nj\u00eb gjuhe t\u00eb re mund t\u00eb jet\u00eb nj\u00eb p\u00ebrvoj\u00eb emocionuese dhe shp\u00ebrblyese, dhe portugalishtja nuk b\u00ebn p\u00ebrjashtim. Si\" \/>\n<meta property=\"og:url\" content=\"https:\/\/talkpal.ai\/sq\/ushtrime-gramatikore-portugeze\/\" \/>\n<meta property=\"og:site_name\" content=\"Talkpal\" \/>\n<meta property=\"article:publisher\" content=\"https:\/\/www.facebook.com\/profile.php?id=100090733639311\" \/>\n<meta property=\"article:modified_time\" content=\"2025-12-17T16:20:36+00:00\" \/>\n<meta property=\"og:image\" content=\"https:\/\/talkpal.ai\/wp-content\/uploads\/2023\/04\/portugal.png\" \/>\n\t<meta property=\"og:image:width\" content=\"512\" \/>\n\t<meta property=\"og:image:height\" content=\"512\" \/>\n\t<meta property=\"og:image:type\" content=\"image\/png\" \/>\n<meta name=\"twitter:card\" content=\"summary_large_image\" \/>\n<meta name=\"twitter:site\" content=\"@talkpalai\" \/>\n<meta name=\"twitter:label1\" content=\"Est. reading time\" \/>\n\t<meta name=\"twitter:data1\" content=\"3 minutes\" \/>\n<script type=\"application\/ld+json\" class=\"yoast-schema-graph\">{\"@context\":\"https:\/\/schema.org\",\"@graph\":[{\"@type\":\"WebPage\",\"@id\":\"https:\/\/talkpal.ai\/sq\/ushtrime-gramatikore-portugeze\/\",\"url\":\"https:\/\/talkpal.ai\/sq\/ushtrime-gramatikore-portugeze\/\",\"name\":\"Ushtrime gramatikore portugeze - Talkpal\",\"isPartOf\":{\"@id\":\"https:\/\/talkpal.ai\/sq\/#website\"},\"primaryImageOfPage\":{\"@id\":\"https:\/\/talkpal.ai\/sq\/ushtrime-gramatikore-portugeze\/#primaryimage\"},\"image\":{\"@id\":\"https:\/\/talkpal.ai\/sq\/ushtrime-gramatikore-portugeze\/#primaryimage\"},\"thumbnailUrl\":\"https:\/\/talkpal.ai\/wp-content\/uploads\/2023\/04\/portugal.png\",\"datePublished\":\"2023-06-16T10:42:00+00:00\",\"dateModified\":\"2025-12-17T16:20:36+00:00\",\"description\":\"Forconi aft\u00ebsit\u00eb tuaja gramatikore portugeze me ushtrime interaktive t\u00eb krijuara p\u00ebr t\u00eb gjitha nivelet.\",\"breadcrumb\":{\"@id\":\"https:\/\/talkpal.ai\/sq\/ushtrime-gramatikore-portugeze\/#breadcrumb\"},\"inLanguage\":\"sq-AL\",\"potentialAction\":[{\"@type\":\"ReadAction\",\"target\":[\"https:\/\/talkpal.ai\/sq\/ushtrime-gramatikore-portugeze\/\"]}]},{\"@type\":\"ImageObject\",\"inLanguage\":\"sq-AL\",\"@id\":\"https:\/\/talkpal.ai\/sq\/ushtrime-gramatikore-portugeze\/#primaryimage\",\"url\":\"https:\/\/talkpal.ai\/wp-content\/uploads\/2023\/04\/portugal.png\",\"contentUrl\":\"https:\/\/talkpal.ai\/wp-content\/uploads\/2023\/04\/portugal.png\",\"width\":512,\"height\":512,\"caption\":\"TalkPal Catalan Flag\"},{\"@type\":\"BreadcrumbList\",\"@id\":\"https:\/\/talkpal.ai\/sq\/ushtrime-gramatikore-portugeze\/#breadcrumb\",\"itemListElement\":[{\"@type\":\"ListItem\",\"position\":1,\"name\":\"Homepage\",\"item\":\"https:\/\/talkpal.ai\/sq\/\"},{\"@type\":\"ListItem\",\"position\":2,\"name\":\"Ushtrime gramatikore portugeze\"}]},{\"@type\":\"WebSite\",\"@id\":\"https:\/\/talkpal.ai\/sq\/#website\",\"url\":\"https:\/\/talkpal.ai\/sq\/\",\"name\":\"Talkpal\",\"description\":\"AI Language Learning\",\"publisher\":{\"@id\":\"https:\/\/talkpal.ai\/sq\/#organization\"},\"alternateName\":\"Talkpal AI\",\"potentialAction\":[{\"@type\":\"SearchAction\",\"target\":{\"@type\":\"EntryPoint\",\"urlTemplate\":\"https:\/\/talkpal.ai\/sq\/?s={search_term_string}\"},\"query-input\":{\"@type\":\"PropertyValueSpecification\",\"valueRequired\":true,\"valueName\":\"search_term_string\"}}],\"inLanguage\":\"sq-AL\"},{\"@type\":\"Organization\",\"@id\":\"https:\/\/talkpal.ai\/sq\/#organization\",\"name\":\"Talkpal, Inc.\",\"alternateName\":\"Talkpal AI\",\"url\":\"https:\/\/talkpal.ai\/sq\/\",\"logo\":{\"@type\":\"ImageObject\",\"inLanguage\":\"sq-AL\",\"@id\":\"https:\/\/talkpal.ai\/sq\/#\/schema\/logo\/image\/\",\"url\":\"https:\/\/talkpal.ai\/wp-content\/uploads\/2024\/03\/Talkpal-Logo-Icon.png\",\"contentUrl\":\"https:\/\/talkpal.ai\/wp-content\/uploads\/2024\/03\/Talkpal-Logo-Icon.png\",\"width\":2880,\"height\":2880,\"caption\":\"Talkpal, Inc.\"},\"image\":{\"@id\":\"https:\/\/talkpal.ai\/sq\/#\/schema\/logo\/image\/\"},\"sameAs\":[\"https:\/\/www.facebook.com\/profile.php?id=100090733639311\",\"https:\/\/x.com\/talkpalai\",\"https:\/\/www.linkedin.com\/company\/talkpal\/\",\"https:\/\/www.youtube.com\/@TalkPal\/\",\"https:\/\/www.tiktok.com\/@talkpal\",\"https:\/\/www.instagram.com\/talkpal_ai\/\",\"https:\/\/www.crunchbase.com\/organization\/talkpal-9cde\",\"https:\/\/www.g2.com\/products\/talkpal-for-business\/\",\"https:\/\/www.trustpilot.com\/review\/talkpal.ai\",\"https:\/\/www.capterra.com\/p\/10006800\/TalkPal\/\"],\"description\":\"Talkpal is a language learning web and mobile education app, powered by the latest AI technologies, that provides engaging experiences to its customers in many different languages to help them improve their language skills. Users can chat about unlimited amount of topics with the app and use other modes to practice their language learning.\",\"email\":\"support@talkpal.ai\",\"legalName\":\"Talkpal, Inc.\",\"foundingDate\":\"2023-04-03\",\"duns\":\"118989042\",\"numberOfEmployees\":{\"@type\":\"QuantitativeValue\",\"minValue\":\"11\",\"maxValue\":\"50\"},\"publishingPrinciples\":\"https:\/\/talkpal.ai\/publishing-principles\/\",\"actionableFeedbackPolicy\":\"https:\/\/talkpal.ai\/actionable-feedback-policy\/\",\"correctionsPolicy\":\"https:\/\/talkpal.ai\/corrections-policy\/\",\"ethicsPolicy\":\"https:\/\/talkpal.ai\/ethics-policy\/\",\"diversityPolicy\":\"https:\/\/talkpal.ai\/diversity-policy\/\",\"diversityStaffingReport\":\"https:\/\/talkpal.ai\/diversity-policy\/\"}]}<\/script>\n<!-- \/ Yoast SEO Premium plugin. -->","yoast_head_json":{"title":"Ushtrime gramatikore portugeze - Talkpal","description":"Forconi aft\u00ebsit\u00eb tuaja gramatikore portugeze me ushtrime interaktive t\u00eb krijuara p\u00ebr t\u00eb gjitha nivelet.","robots":{"index":"index","follow":"follow","max-snippet":"max-snippet:-1","max-image-preview":"max-image-preview:large","max-video-preview":"max-video-preview:-1"},"canonical":"https:\/\/talkpal.ai\/sq\/ushtrime-gramatikore-portugeze\/","og_locale":"sq_AL","og_type":"article","og_title":"Ushtrime gramatikore portugeze","og_description":"Temat e gramatik\u00ebs portugeze M\u00ebsimi i nj\u00eb gjuhe t\u00eb re mund t\u00eb jet\u00eb nj\u00eb p\u00ebrvoj\u00eb emocionuese dhe shp\u00ebrblyese, dhe portugalishtja nuk b\u00ebn p\u00ebrjashtim. Si","og_url":"https:\/\/talkpal.ai\/sq\/ushtrime-gramatikore-portugeze\/","og_site_name":"Talkpal","article_publisher":"https:\/\/www.facebook.com\/profile.php?id=100090733639311","article_modified_time":"2025-12-17T16:20:36+00:00","og_image":[{"width":512,"height":512,"url":"https:\/\/talkpal.ai\/wp-content\/uploads\/2023\/04\/portugal.png","type":"image\/png"}],"twitter_card":"summary_large_image","twitter_site":"@talkpalai","twitter_misc":{"Est. reading time":"3 minutes"},"schema":{"@context":"https:\/\/schema.org","@graph":[{"@type":"WebPage","@id":"https:\/\/talkpal.ai\/sq\/ushtrime-gramatikore-portugeze\/","url":"https:\/\/talkpal.ai\/sq\/ushtrime-gramatikore-portugeze\/","name":"Ushtrime gramatikore portugeze - Talkpal","isPartOf":{"@id":"https:\/\/talkpal.ai\/sq\/#website"},"primaryImageOfPage":{"@id":"https:\/\/talkpal.ai\/sq\/ushtrime-gramatikore-portugeze\/#primaryimage"},"image":{"@id":"https:\/\/talkpal.ai\/sq\/ushtrime-gramatikore-portugeze\/#primaryimage"},"thumbnailUrl":"https:\/\/talkpal.ai\/wp-content\/uploads\/2023\/04\/portugal.png","datePublished":"2023-06-16T10:42:00+00:00","dateModified":"2025-12-17T16:20:36+00:00","description":"Forconi aft\u00ebsit\u00eb tuaja gramatikore portugeze me ushtrime interaktive t\u00eb krijuara p\u00ebr t\u00eb gjitha nivelet.","breadcrumb":{"@id":"https:\/\/talkpal.ai\/sq\/ushtrime-gramatikore-portugeze\/#breadcrumb"},"inLanguage":"sq-AL","potentialAction":[{"@type":"ReadAction","target":["https:\/\/talkpal.ai\/sq\/ushtrime-gramatikore-portugeze\/"]}]},{"@type":"ImageObject","inLanguage":"sq-AL","@id":"https:\/\/talkpal.ai\/sq\/ushtrime-gramatikore-portugeze\/#primaryimage","url":"https:\/\/talkpal.ai\/wp-content\/uploads\/2023\/04\/portugal.png","contentUrl":"https:\/\/talkpal.ai\/wp-content\/uploads\/2023\/04\/portugal.png","width":512,"height":512,"caption":"TalkPal Catalan Flag"},{"@type":"BreadcrumbList","@id":"https:\/\/talkpal.ai\/sq\/ushtrime-gramatikore-portugeze\/#breadcrumb","itemListElement":[{"@type":"ListItem","position":1,"name":"Homepage","item":"https:\/\/talkpal.ai\/sq\/"},{"@type":"ListItem","position":2,"name":"Ushtrime gramatikore portugeze"}]},{"@type":"WebSite","@id":"https:\/\/talkpal.ai\/sq\/#website","url":"https:\/\/talkpal.ai\/sq\/","name":"Talkpal","description":"AI Language Learning","publisher":{"@id":"https:\/\/talkpal.ai\/sq\/#organization"},"alternateName":"Talkpal AI","potentialAction":[{"@type":"SearchAction","target":{"@type":"EntryPoint","urlTemplate":"https:\/\/talkpal.ai\/sq\/?s={search_term_string}"},"query-input":{"@type":"PropertyValueSpecification","valueRequired":true,"valueName":"search_term_string"}}],"inLanguage":"sq-AL"},{"@type":"Organization","@id":"https:\/\/talkpal.ai\/sq\/#organization","name":"Talkpal, Inc.","alternateName":"Talkpal AI","url":"https:\/\/talkpal.ai\/sq\/","logo":{"@type":"ImageObject","inLanguage":"sq-AL","@id":"https:\/\/talkpal.ai\/sq\/#\/schema\/logo\/image\/","url":"https:\/\/talkpal.ai\/wp-content\/uploads\/2024\/03\/Talkpal-Logo-Icon.png","contentUrl":"https:\/\/talkpal.ai\/wp-content\/uploads\/2024\/03\/Talkpal-Logo-Icon.png","width":2880,"height":2880,"caption":"Talkpal, Inc."},"image":{"@id":"https:\/\/talkpal.ai\/sq\/#\/schema\/logo\/image\/"},"sameAs":["https:\/\/www.facebook.com\/profile.php?id=100090733639311","https:\/\/x.com\/talkpalai","https:\/\/www.linkedin.com\/company\/talkpal\/","https:\/\/www.youtube.com\/@TalkPal\/","https:\/\/www.tiktok.com\/@talkpal","https:\/\/www.instagram.com\/talkpal_ai\/","https:\/\/www.crunchbase.com\/organization\/talkpal-9cde","https:\/\/www.g2.com\/products\/talkpal-for-business\/","https:\/\/www.trustpilot.com\/review\/talkpal.ai","https:\/\/www.capterra.com\/p\/10006800\/TalkPal\/"],"description":"Talkpal is a language learning web and mobile education app, powered by the latest AI technologies, that provides engaging experiences to its customers in many different languages to help them improve their language skills. Users can chat about unlimited amount of topics with the app and use other modes to practice their language learning.","email":"support@talkpal.ai","legalName":"Talkpal, Inc.","foundingDate":"2023-04-03","duns":"118989042","numberOfEmployees":{"@type":"QuantitativeValue","minValue":"11","maxValue":"50"},"publishingPrinciples":"https:\/\/talkpal.ai\/publishing-principles\/","actionableFeedbackPolicy":"https:\/\/talkpal.ai\/actionable-feedback-policy\/","correctionsPolicy":"https:\/\/talkpal.ai\/corrections-policy\/","ethicsPolicy":"https:\/\/talkpal.ai\/ethics-policy\/","diversityPolicy":"https:\/\/talkpal.ai\/diversity-policy\/","diversityStaffingReport":"https:\/\/talkpal.ai\/diversity-policy\/"}]}},"_links":{"self":[{"href":"https:\/\/talkpal.ai\/sq\/wp-json\/wp\/v2\/pages\/1446759","targetHints":{"allow":["GET"]}}],"collection":[{"href":"https:\/\/talkpal.ai\/sq\/wp-json\/wp\/v2\/pages"}],"about":[{"href":"https:\/\/talkpal.ai\/sq\/wp-json\/wp\/v2\/types\/page"}],"author":[{"embeddable":true,"href":"https:\/\/talkpal.ai\/sq\/wp-json\/wp\/v2\/users\/6"}],"replies":[{"embeddable":true,"href":"https:\/\/talkpal.ai\/sq\/wp-json\/wp\/v2\/comments?post=1446759"}],"version-history":[{"count":0,"href":"https:\/\/talkpal.ai\/sq\/wp-json\/wp\/v2\/pages\/1446759\/revisions"}],"wp:featuredmedia":[{"embeddable":true,"href":"https:\/\/talkpal.ai\/sq\/wp-json\/wp\/v2\/media\/1439790"}],"wp:attachment":[{"href":"https:\/\/talkpal.ai\/sq\/wp-json\/wp\/v2\/media?parent=1446759"}],"curies":[{"name":"wp","href":"https:\/\/api.w.org\/{rel}","templated":true}]}}