{"id":1446756,"date":"2023-06-16T11:18:42","date_gmt":"2023-06-16T11:18:42","guid":{"rendered":"https:\/\/talkpal.ai\/ushtrimet-e-gramatikes-afrikane\/"},"modified":"2025-09-06T21:04:31","modified_gmt":"2025-09-06T21:04:31","slug":"ushtrimet-e-gramatikes-afrikane","status":"publish","type":"page","link":"https:\/\/talkpal.ai\/sq\/ushtrimet-e-gramatikes-afrikane\/","title":{"rendered":"Ushtrimet e gramatik\u00ebs afrikane"},"content":{"rendered":"\r\n\r\n\r\n<section class=\"languageChallengeSection\">\r\n    <div class=\"languageInfoWrapper\">\r\n        \r\n        <h1>Ushtrimet e gramatik\u00ebs afrikane<\/h1>\r\n        <p>Gati p\u00ebr t\u00eb nd\u00ebrtuar aft\u00ebsit\u00eb tuaja afrikane? Praktikimi i ushtrimeve gramatikore \u00ebsht\u00eb nj\u00eb m\u00ebnyr\u00eb e shk\u00eblqyer p\u00ebr t\u00eb zot\u00ebruar struktur\u00ebn e fjalis\u00eb, format e foljeve dhe ve\u00e7orit\u00eb unike t\u00eb gjuh\u00ebs afrikane. Filloni t\u00eb punoni n\u00eb gramatik\u00ebn <a href=\"https:\/\/talkpal.ai\/learn-afrikaans\/\">afrikaans<\/a> sot dhe shikoni besimin dhe rrjedhshm\u00ebrin\u00eb tuaj t\u00eb rriten me \u00e7do ushtrim!\r\n\r\n<\/p>\r\n\r\n                            <a class=\"getStartedHidden\" href=\"https:\/\/app.talkpal.ai\/signup?lng=\">Filloni<\/a>\r\n        \r\n    <\/div>\r\n\r\n    <figure>\r\n    <img decoding=\"async\" width=\"768\" height=\"768\" src=\"https:\/\/talkpal.ai\/wp-content\/uploads\/2023\/06\/afrikaans-768x768.png\" class=\"languageImage no-lazy\" alt=\"Language learning for improved focus\" fetchpriority=\"high\" sizes=\"(max-width: 768px) 150px, 768px\" srcset=\"https:\/\/talkpal.ai\/wp-content\/uploads\/2023\/06\/afrikaans-768x768.png 768w, https:\/\/talkpal.ai\/wp-content\/uploads\/2023\/06\/afrikaans-300x300.png 300w\" \/>\r\n    \r\n\r\n    <\/figure>\r\n\r\n            <a class=\"getStartedVisible\" href=\"https:\/\/app.talkpal.ai\/signup?lng=\">Filloni<\/a>\r\n    \r\n<\/section>\r\n\r\n\r\n<!-- <section class=\"grammarSection\">\r\n    <div class=\"grammarLinks\">\r\n            <\/div>\r\n<\/section> -->\r\n\r\n\r\n\r\n\r\n<section class=\"promotionalBanner\">\r\n    <p class=\"promotionalText\">M\u00ebnyra m\u00eb efikase p\u00ebr t\u00eb m\u00ebsuar nj\u00eb gjuh\u00eb<\/p>\r\n    <a class=\"promotionalLink\" href=\"https:\/\/app.talkpal.ai\/signup?lng=\">Provoni Talkpal falas<\/a>\r\n<\/section>\n<div class=\"wp-block-group pageContainerStyle\"><div class=\"wp-block-group__inner-container is-layout-constrained wp-block-group-is-layout-constrained\">\n<h2 class=\"wp-block-heading\" id=\"h-afrikaans-grammar-topics\">Temat e gramatik\u00ebs afrikane<\/h2>\n\n\n\n<p>Afrikanishtja, nj\u00eb gjuh\u00eb gjermanike per\u00ebndimore, \u00ebsht\u00eb nj\u00eb nga nj\u00ebmb\u00ebdhjet\u00eb gjuh\u00ebt zyrtare t\u00eb Afrik\u00ebs s\u00eb Jugut dhe flitet nga af\u00ebrsisht 6 milion\u00eb njer\u00ebz. M\u00ebsimi i afrikanishtes mund t\u00eb jet\u00eb nj\u00eb p\u00ebrvoj\u00eb pasuruese dhe shp\u00ebrblyese, pasi nuk flitet vet\u00ebm n\u00eb Afrik\u00ebn e Jugut, por edhe n\u00eb Namibi dhe n\u00eb nj\u00eb mas\u00eb m\u00eb t\u00eb vog\u00ebl n\u00eb Zimbabve dhe Botsvana. Gjuha \u00ebsht\u00eb relativisht e leht\u00eb p\u00ebr t&#8217;u m\u00ebsuar, ve\u00e7an\u00ebrisht p\u00ebr anglishtfol\u00ebsit, pasi ka nj\u00eb <a href=\"https:\/\/talkpal.ai\/grammar\/\">gramatik\u00eb<\/a> t\u00eb thjeshtuar dhe ndan shum\u00eb fjal\u00eb me <a href=\"https:\/\/talkpal.ai\/learn-english-with-ai\/\">anglisht<\/a> dhe holandisht. N\u00eb k\u00ebt\u00eb udh\u00ebzues, ne do t&#8217;ju p\u00ebrcjellim temat thelb\u00ebsore t\u00eb gramatik\u00ebs Afrikaans q\u00eb duhet t\u00eb zot\u00ebroni p\u00ebr t\u00eb folur dhe kuptuar gjuh\u00ebn rrjedhsh\u00ebm.<\/p>\n\n\n\n<h3 class=\"wp-block-heading\" id=\"h-1-nouns-and-articles\">1. Emrat dhe artikujt:<\/h3>\n\n\n\n<p>N\u00eb <a href=\"https:\/\/talkpal.ai\/learn-afrikaans\/\">afrikanisht<\/a>, emrat nuk kan\u00eb gjini, gj\u00eb q\u00eb e b\u00ebn m\u00eb t\u00eb leht\u00eb m\u00ebsimin n\u00eb krahasim me gjuh\u00ebt e tjera gjermanike. Artikujt jan\u00eb gjithashtu t\u00eb thjesht\u00eb, me &#8216;die&#8217; q\u00eb \u00ebsht\u00eb artikulli i caktuar dhe &#8216;n&#8217; ose &#8216;een&#8217; si artikull i pacaktuar.<\/p>\n\n\n\n<h3 class=\"wp-block-heading\" id=\"h-2-pronouns-determiners\">2. P\u00ebremrat\/p\u00ebrcaktuesit:<\/h3>\n\n\n\n<p>P\u00ebremrat jan\u00eb fjal\u00eb q\u00eb z\u00ebvend\u00ebsojn\u00eb emrat dhe ndihmojn\u00eb n\u00eb shmangien e p\u00ebrs\u00ebritjes n\u00eb nj\u00eb fjali. Afrikanishtja ka p\u00ebremra personal\u00eb, pron\u00ebsor, demonstrativ\u00eb dhe pyet\u00ebs, t\u00eb cil\u00ebt jan\u00eb thelb\u00ebsor\u00eb n\u00eb formimin e fjalive.<\/p>\n\n\n\n<h3 class=\"wp-block-heading\" id=\"h-3-adjectives\">3. Mbiemra:<\/h3>\n\n\n\n<p>Mbiemrat p\u00ebrshkruajn\u00eb ose modifikojn\u00eb emrat. N\u00eb afrikanisht, ato zakonisht vijn\u00eb para emrit dhe bien dakord n\u00eb num\u00ebr me t\u00eb. Nuk ka marr\u00ebveshje gjinore, duke e b\u00ebr\u00eb m\u00eb t\u00eb thjesht\u00eb p\u00ebr t&#8217;u m\u00ebsuar.<\/p>\n\n\n\n<h3 class=\"wp-block-heading\" id=\"h-4-verbs\">4. Foljet:<\/h3>\n\n\n\n<p>Foljet jan\u00eb fjal\u00eb veprimi dhe jan\u00eb thelb\u00ebsore n\u00eb formimin e fjalive. N\u00eb afrikanisht, foljet nuk lidhen sipas l\u00ebnd\u00ebs, duke e b\u00ebr\u00eb m\u00eb t\u00eb leht\u00eb p\u00ebr t&#8217;u m\u00ebsuar sesa gjuh\u00ebt e tjera. Foljet e rregullta ndjekin nj\u00eb model t\u00eb thjesht\u00eb, nd\u00ebrsa foljet e parregullta duhet t\u00eb m\u00ebsohen p\u00ebrmend\u00ebsh.<\/p>\n\n\n\n<h3 class=\"wp-block-heading\" id=\"h-5-tenses-and-tense-comparison\">5. Krahasimi i koh\u00ebs dhe koh\u00ebs:<\/h3>\n\n\n\n<p>Afrikanishtja ka tre koh\u00eb kryesore: e kaluara, e tashmja dhe e ardhmja. T\u00eb m\u00ebsosh <a href=\"https:\/\/talkpal.ai\/culture\/what-is-the-difference-between-se-and-si\/\">se si<\/a> t\u00eb formosh dhe krahasosh k\u00ebto koh\u00eb \u00ebsht\u00eb thelb\u00ebsore p\u00ebr t\u00eb kuptuar dhe folur gjuh\u00ebn.<\/p>\n\n\n\n<h3 class=\"wp-block-heading\" id=\"h-6-progressive-and-perfect-progressive\">6. Progresiv dhe progresiv i p\u00ebrsosur:<\/h3>\n\n\n\n<p>Koha progresive p\u00ebrdoret p\u00ebr t\u00eb p\u00ebrshkruar veprimet e vazhdueshme, nd\u00ebrsa progresivi i p\u00ebrsosur tregon veprimet q\u00eb jan\u00eb p\u00ebrfunduar. M\u00ebsimi i k\u00ebtyre koh\u00ebve ndihmon p\u00ebr t\u00eb shprehur qart\u00eb veprimet.<\/p>\n\n\n\n<h3 class=\"wp-block-heading\" id=\"h-7-adverbs\">7. Ndajfoljet:<\/h3>\n\n\n\n<p>Ndajfoljet modifikojn\u00eb foljet, mbiemrat ose ndajfoljet e tjera, duke ofruar m\u00eb shum\u00eb informacion <a href=\"https:\/\/talkpal.ai\/sq\/rreth\/\">rreth<\/a> veprimit, cil\u00ebsis\u00eb ose m\u00ebnyr\u00ebs. Ato jan\u00eb t\u00eb r\u00ebnd\u00ebsishme p\u00ebr t\u00eb shtuar detaje n\u00eb fjalit\u00eb tuaja.<\/p>\n\n\n\n<h3 class=\"wp-block-heading\" id=\"h-8-prepositions\">8. Parafjal\u00ebt:<\/h3>\n\n\n\n<p>Parafjal\u00ebt jan\u00eb fjal\u00eb q\u00eb tregojn\u00eb marr\u00ebdh\u00ebnien midis emrave ose p\u00ebremrave dhe fjal\u00ebve t\u00eb tjera n\u00eb fjali. Ato jan\u00eb thelb\u00ebsore p\u00ebr t\u00eb shprehur vendndodhjen, drejtimin, koh\u00ebn dhe marr\u00ebdh\u00ebniet e tjera.<\/p>\n\n\n\n<h3 class=\"wp-block-heading\" id=\"h-9-conditionals\">9. Kusht\u00ebzuese:<\/h3>\n\n\n\n<p>D\u00ebnimet me kusht shprehin nj\u00eb veprim ose gjendje q\u00eb varet nga p\u00ebrmbushja e nj\u00eb kushti. M\u00ebsimi i kusht\u00ebzimeve ju ndihmon t\u00eb shprehni situata dhe pasojat hipotetike.<\/p>\n\n\n\n<h3 class=\"wp-block-heading\" id=\"h-10-sentences\">10. Fjalit\u00eb:<\/h3>\n\n\n\n<p>Kuptimi i struktur\u00ebs s\u00eb fjalive afrikaans \u00ebsht\u00eb thelb\u00ebsor p\u00ebr t\u00eb formuar fjalit\u00eb tuaja dhe p\u00ebr t\u00eb kuptuar se \u00e7far\u00eb thon\u00eb t\u00eb tjer\u00ebt. Njohja e p\u00ebrdorimit t\u00eb t\u00eb gjith\u00eb komponent\u00ebve gramatikor t\u00eb p\u00ebrmendur m\u00eb sip\u00ebr do t&#8217;ju ndihmoj\u00eb t\u00eb krijoni fjali t\u00eb qarta dhe koherente.<\/p>\n<\/div><\/div>\n\r\n<section class=\"learnNavigationSection\">\r\n            \r\n        <a href=\"https:\/\/talkpal.ai\/sq\/mesoni-afrikanet\/\">\r\n            <div class=\"learnNavigationWrapper\">\r\n                <div class=\"learnNavigationContent\">\r\n                    <img decoding=\"async\" src=\"https:\/\/talkpal.ai\/wp-content\/uploads\/2024\/08\/Afrikaans.jpg\" alt=\"South Africa Flag\">\r\n                    <div>\r\n                        <h4>Rreth m\u00ebsimit t\u00eb afrikanishtes<\/h4>\r\n                        <p>M\u00ebsoni gjith\u00e7ka rreth gramatik\u00ebs afrikane.<\/p>\r\n                    <\/div>\r\n                <\/div>\r\n            <\/div>\r\n        <\/a>\r\n\r\n        \r\n        <a href=\"https:\/\/talkpal.ai\/sq\/gramatika-afrikane\/\">\r\n            <div class=\"learnNavigationWrapper\">\r\n                <div class=\"learnNavigationContent\">\r\n                    <img decoding=\"async\" src=\"https:\/\/talkpal.ai\/wp-content\/uploads\/2024\/08\/Afrikaans.jpg\" alt=\"South Africa Flag\">\r\n                    <div>\r\n                        <h4>M\u00ebsimet e gramatik\u00ebs afrikane<\/h4>\r\n                        <p>Praktikoni gramatik\u00ebn afrikane.<\/p>\r\n                    <\/div>\r\n                <\/div>\r\n            <\/div>\r\n        <\/a>\r\n\r\n        \r\n        <a href=\"https:\/\/talkpal.ai\/vocabulary_language\/afrikaans\/\">\r\n            <div class=\"learnNavigationWrapper\">\r\n                <div class=\"learnNavigationContent\">\r\n                    <img decoding=\"async\" src=\"https:\/\/talkpal.ai\/wp-content\/uploads\/2024\/08\/Afrikaans.jpg\" alt=\"South Africa Flag\">\r\n                    <div>\r\n                        <h4>Fjalori afrikans<\/h4>\r\n                        <p>Zgjeroni fjalorin tuaj afrikanisht.<\/p>\r\n                    <\/div>\r\n                <\/div>\r\n            <\/div>\r\n        <\/a>\r\n\r\n            <\/section>","protected":false},"excerpt":{"rendered":"<p>Temat e gramatik\u00ebs afrikane Afrikanishtja, nj\u00eb gjuh\u00eb gjermanike per\u00ebndimore, \u00ebsht\u00eb nj\u00eb nga nj\u00ebmb\u00ebdhjet\u00eb gjuh\u00ebt zyrtare t\u00eb Afrik\u00ebs s\u00eb Jugut dhe flitet nga af\u00ebrsisht 6 milion\u00eb njer\u00ebz. M\u00ebsimi i afrikanishtes mund t\u00eb jet\u00eb nj\u00eb p\u00ebrvoj\u00eb pasuruese dhe shp\u00ebrblyese, pasi nuk flitet vet\u00ebm n\u00eb Afrik\u00ebn e Jugut, por edhe n\u00eb Namibi dhe n\u00eb nj\u00eb mas\u00eb m\u00eb t\u00eb [&hellip;]<\/p>\n","protected":false},"author":6,"featured_media":1442806,"parent":0,"menu_order":0,"comment_status":"closed","ping_status":"closed","template":"LearningContentPage.php","meta":{"_acf_changed":false,"footnotes":""},"class_list":["post-1446756","page","type-page","status-publish","has-post-thumbnail","hentry"],"acf":[],"yoast_head":"<!-- This site is optimized with the Yoast SEO Premium plugin v27.2 (Yoast SEO v27.2) - https:\/\/yoast.com\/product\/yoast-seo-premium-wordpress\/ -->\n<title>Ushtrimet e gramatik\u00ebs afrikane - Talkpal<\/title>\n<meta name=\"description\" content=\"Mjeshtroni afrikanishten me ushtrime t\u00ebrheq\u00ebse t\u00eb gramatik\u00ebs afrikane t\u00eb krijuara p\u00ebr t\u00eb p\u00ebrmir\u00ebsuar aft\u00ebsit\u00eb tuaja gjuh\u00ebsore dhe rrjedhshm\u00ebrin\u00eb.\" \/>\n<meta name=\"robots\" content=\"index, follow, max-snippet:-1, max-image-preview:large, max-video-preview:-1\" \/>\n<link rel=\"canonical\" href=\"https:\/\/talkpal.ai\/sq\/ushtrimet-e-gramatikes-afrikane\/\" \/>\n<meta property=\"og:locale\" content=\"sq_AL\" \/>\n<meta property=\"og:type\" content=\"article\" \/>\n<meta property=\"og:title\" content=\"Ushtrimet e gramatik\u00ebs afrikane\" \/>\n<meta property=\"og:description\" content=\"Temat e gramatik\u00ebs afrikane Afrikanishtja, nj\u00eb gjuh\u00eb gjermanike per\u00ebndimore, \u00ebsht\u00eb nj\u00eb nga nj\u00ebmb\u00ebdhjet\u00eb gjuh\u00ebt zyrtare t\u00eb Afrik\u00ebs s\u00eb Jugut dhe flitet nga\" \/>\n<meta property=\"og:url\" content=\"https:\/\/talkpal.ai\/sq\/ushtrimet-e-gramatikes-afrikane\/\" \/>\n<meta property=\"og:site_name\" content=\"Talkpal\" \/>\n<meta property=\"article:publisher\" content=\"https:\/\/www.facebook.com\/profile.php?id=100090733639311\" \/>\n<meta property=\"article:modified_time\" content=\"2025-09-06T21:04:31+00:00\" \/>\n<meta property=\"og:image\" content=\"https:\/\/talkpal.ai\/wp-content\/uploads\/2023\/05\/south-africa.png\" \/>\n\t<meta property=\"og:image:width\" content=\"512\" \/>\n\t<meta property=\"og:image:height\" content=\"512\" \/>\n\t<meta property=\"og:image:type\" content=\"image\/png\" \/>\n<meta name=\"twitter:card\" content=\"summary_large_image\" \/>\n<meta name=\"twitter:site\" content=\"@talkpalai\" \/>\n<meta name=\"twitter:label1\" content=\"Est. reading time\" \/>\n\t<meta name=\"twitter:data1\" content=\"3 minutes\" \/>\n<script type=\"application\/ld+json\" class=\"yoast-schema-graph\">{\"@context\":\"https:\/\/schema.org\",\"@graph\":[{\"@type\":\"WebPage\",\"@id\":\"https:\/\/talkpal.ai\/sq\/ushtrimet-e-gramatikes-afrikane\/\",\"url\":\"https:\/\/talkpal.ai\/sq\/ushtrimet-e-gramatikes-afrikane\/\",\"name\":\"Ushtrimet e gramatik\u00ebs afrikane - Talkpal\",\"isPartOf\":{\"@id\":\"https:\/\/talkpal.ai\/sq\/#website\"},\"primaryImageOfPage\":{\"@id\":\"https:\/\/talkpal.ai\/sq\/ushtrimet-e-gramatikes-afrikane\/#primaryimage\"},\"image\":{\"@id\":\"https:\/\/talkpal.ai\/sq\/ushtrimet-e-gramatikes-afrikane\/#primaryimage\"},\"thumbnailUrl\":\"https:\/\/talkpal.ai\/wp-content\/uploads\/2023\/05\/south-africa.png\",\"datePublished\":\"2023-06-16T11:18:42+00:00\",\"dateModified\":\"2025-09-06T21:04:31+00:00\",\"description\":\"Mjeshtroni afrikanishten me ushtrime t\u00ebrheq\u00ebse t\u00eb gramatik\u00ebs afrikane t\u00eb krijuara p\u00ebr t\u00eb p\u00ebrmir\u00ebsuar aft\u00ebsit\u00eb tuaja gjuh\u00ebsore dhe rrjedhshm\u00ebrin\u00eb.\",\"breadcrumb\":{\"@id\":\"https:\/\/talkpal.ai\/sq\/ushtrimet-e-gramatikes-afrikane\/#breadcrumb\"},\"inLanguage\":\"sq-AL\",\"potentialAction\":[{\"@type\":\"ReadAction\",\"target\":[\"https:\/\/talkpal.ai\/sq\/ushtrimet-e-gramatikes-afrikane\/\"]}]},{\"@type\":\"ImageObject\",\"inLanguage\":\"sq-AL\",\"@id\":\"https:\/\/talkpal.ai\/sq\/ushtrimet-e-gramatikes-afrikane\/#primaryimage\",\"url\":\"https:\/\/talkpal.ai\/wp-content\/uploads\/2023\/05\/south-africa.png\",\"contentUrl\":\"https:\/\/talkpal.ai\/wp-content\/uploads\/2023\/05\/south-africa.png\",\"width\":512,\"height\":512,\"caption\":\"TalkPal South Arica Flag\"},{\"@type\":\"BreadcrumbList\",\"@id\":\"https:\/\/talkpal.ai\/sq\/ushtrimet-e-gramatikes-afrikane\/#breadcrumb\",\"itemListElement\":[{\"@type\":\"ListItem\",\"position\":1,\"name\":\"Homepage\",\"item\":\"https:\/\/talkpal.ai\/sq\/\"},{\"@type\":\"ListItem\",\"position\":2,\"name\":\"Ushtrimet e gramatik\u00ebs afrikane\"}]},{\"@type\":\"WebSite\",\"@id\":\"https:\/\/talkpal.ai\/sq\/#website\",\"url\":\"https:\/\/talkpal.ai\/sq\/\",\"name\":\"Talkpal\",\"description\":\"AI Language Learning\",\"publisher\":{\"@id\":\"https:\/\/talkpal.ai\/sq\/#organization\"},\"alternateName\":\"Talkpal AI\",\"potentialAction\":[{\"@type\":\"SearchAction\",\"target\":{\"@type\":\"EntryPoint\",\"urlTemplate\":\"https:\/\/talkpal.ai\/sq\/?s={search_term_string}\"},\"query-input\":{\"@type\":\"PropertyValueSpecification\",\"valueRequired\":true,\"valueName\":\"search_term_string\"}}],\"inLanguage\":\"sq-AL\"},{\"@type\":\"Organization\",\"@id\":\"https:\/\/talkpal.ai\/sq\/#organization\",\"name\":\"Talkpal, Inc.\",\"alternateName\":\"Talkpal AI\",\"url\":\"https:\/\/talkpal.ai\/sq\/\",\"logo\":{\"@type\":\"ImageObject\",\"inLanguage\":\"sq-AL\",\"@id\":\"https:\/\/talkpal.ai\/sq\/#\/schema\/logo\/image\/\",\"url\":\"https:\/\/talkpal.ai\/wp-content\/uploads\/2024\/03\/Talkpal-Logo-Icon.png\",\"contentUrl\":\"https:\/\/talkpal.ai\/wp-content\/uploads\/2024\/03\/Talkpal-Logo-Icon.png\",\"width\":2880,\"height\":2880,\"caption\":\"Talkpal, Inc.\"},\"image\":{\"@id\":\"https:\/\/talkpal.ai\/sq\/#\/schema\/logo\/image\/\"},\"sameAs\":[\"https:\/\/www.facebook.com\/profile.php?id=100090733639311\",\"https:\/\/x.com\/talkpalai\",\"https:\/\/www.linkedin.com\/company\/talkpal\/\",\"https:\/\/www.youtube.com\/@TalkPal\/\",\"https:\/\/www.tiktok.com\/@talkpal\",\"https:\/\/www.instagram.com\/talkpal_ai\/\",\"https:\/\/www.crunchbase.com\/organization\/talkpal-9cde\",\"https:\/\/www.g2.com\/products\/talkpal-for-business\/\",\"https:\/\/www.trustpilot.com\/review\/talkpal.ai\",\"https:\/\/www.capterra.com\/p\/10006800\/TalkPal\/\"],\"description\":\"Talkpal is a language learning web and mobile education app, powered by the latest AI technologies, that provides engaging experiences to its customers in many different languages to help them improve their language skills. Users can chat about unlimited amount of topics with the app and use other modes to practice their language learning.\",\"email\":\"support@talkpal.ai\",\"legalName\":\"Talkpal, Inc.\",\"foundingDate\":\"2023-04-03\",\"duns\":\"118989042\",\"numberOfEmployees\":{\"@type\":\"QuantitativeValue\",\"minValue\":\"11\",\"maxValue\":\"50\"},\"publishingPrinciples\":\"https:\/\/talkpal.ai\/publishing-principles\/\",\"actionableFeedbackPolicy\":\"https:\/\/talkpal.ai\/actionable-feedback-policy\/\",\"correctionsPolicy\":\"https:\/\/talkpal.ai\/corrections-policy\/\",\"ethicsPolicy\":\"https:\/\/talkpal.ai\/ethics-policy\/\",\"diversityPolicy\":\"https:\/\/talkpal.ai\/diversity-policy\/\",\"diversityStaffingReport\":\"https:\/\/talkpal.ai\/diversity-policy\/\"}]}<\/script>\n<!-- \/ Yoast SEO Premium plugin. -->","yoast_head_json":{"title":"Ushtrimet e gramatik\u00ebs afrikane - Talkpal","description":"Mjeshtroni afrikanishten me ushtrime t\u00ebrheq\u00ebse t\u00eb gramatik\u00ebs afrikane t\u00eb krijuara p\u00ebr t\u00eb p\u00ebrmir\u00ebsuar aft\u00ebsit\u00eb tuaja gjuh\u00ebsore dhe rrjedhshm\u00ebrin\u00eb.","robots":{"index":"index","follow":"follow","max-snippet":"max-snippet:-1","max-image-preview":"max-image-preview:large","max-video-preview":"max-video-preview:-1"},"canonical":"https:\/\/talkpal.ai\/sq\/ushtrimet-e-gramatikes-afrikane\/","og_locale":"sq_AL","og_type":"article","og_title":"Ushtrimet e gramatik\u00ebs afrikane","og_description":"Temat e gramatik\u00ebs afrikane Afrikanishtja, nj\u00eb gjuh\u00eb gjermanike per\u00ebndimore, \u00ebsht\u00eb nj\u00eb nga nj\u00ebmb\u00ebdhjet\u00eb gjuh\u00ebt zyrtare t\u00eb Afrik\u00ebs s\u00eb Jugut dhe flitet nga","og_url":"https:\/\/talkpal.ai\/sq\/ushtrimet-e-gramatikes-afrikane\/","og_site_name":"Talkpal","article_publisher":"https:\/\/www.facebook.com\/profile.php?id=100090733639311","article_modified_time":"2025-09-06T21:04:31+00:00","og_image":[{"width":512,"height":512,"url":"https:\/\/talkpal.ai\/wp-content\/uploads\/2023\/05\/south-africa.png","type":"image\/png"}],"twitter_card":"summary_large_image","twitter_site":"@talkpalai","twitter_misc":{"Est. reading time":"3 minutes"},"schema":{"@context":"https:\/\/schema.org","@graph":[{"@type":"WebPage","@id":"https:\/\/talkpal.ai\/sq\/ushtrimet-e-gramatikes-afrikane\/","url":"https:\/\/talkpal.ai\/sq\/ushtrimet-e-gramatikes-afrikane\/","name":"Ushtrimet e gramatik\u00ebs afrikane - Talkpal","isPartOf":{"@id":"https:\/\/talkpal.ai\/sq\/#website"},"primaryImageOfPage":{"@id":"https:\/\/talkpal.ai\/sq\/ushtrimet-e-gramatikes-afrikane\/#primaryimage"},"image":{"@id":"https:\/\/talkpal.ai\/sq\/ushtrimet-e-gramatikes-afrikane\/#primaryimage"},"thumbnailUrl":"https:\/\/talkpal.ai\/wp-content\/uploads\/2023\/05\/south-africa.png","datePublished":"2023-06-16T11:18:42+00:00","dateModified":"2025-09-06T21:04:31+00:00","description":"Mjeshtroni afrikanishten me ushtrime t\u00ebrheq\u00ebse t\u00eb gramatik\u00ebs afrikane t\u00eb krijuara p\u00ebr t\u00eb p\u00ebrmir\u00ebsuar aft\u00ebsit\u00eb tuaja gjuh\u00ebsore dhe rrjedhshm\u00ebrin\u00eb.","breadcrumb":{"@id":"https:\/\/talkpal.ai\/sq\/ushtrimet-e-gramatikes-afrikane\/#breadcrumb"},"inLanguage":"sq-AL","potentialAction":[{"@type":"ReadAction","target":["https:\/\/talkpal.ai\/sq\/ushtrimet-e-gramatikes-afrikane\/"]}]},{"@type":"ImageObject","inLanguage":"sq-AL","@id":"https:\/\/talkpal.ai\/sq\/ushtrimet-e-gramatikes-afrikane\/#primaryimage","url":"https:\/\/talkpal.ai\/wp-content\/uploads\/2023\/05\/south-africa.png","contentUrl":"https:\/\/talkpal.ai\/wp-content\/uploads\/2023\/05\/south-africa.png","width":512,"height":512,"caption":"TalkPal South Arica Flag"},{"@type":"BreadcrumbList","@id":"https:\/\/talkpal.ai\/sq\/ushtrimet-e-gramatikes-afrikane\/#breadcrumb","itemListElement":[{"@type":"ListItem","position":1,"name":"Homepage","item":"https:\/\/talkpal.ai\/sq\/"},{"@type":"ListItem","position":2,"name":"Ushtrimet e gramatik\u00ebs afrikane"}]},{"@type":"WebSite","@id":"https:\/\/talkpal.ai\/sq\/#website","url":"https:\/\/talkpal.ai\/sq\/","name":"Talkpal","description":"AI Language Learning","publisher":{"@id":"https:\/\/talkpal.ai\/sq\/#organization"},"alternateName":"Talkpal AI","potentialAction":[{"@type":"SearchAction","target":{"@type":"EntryPoint","urlTemplate":"https:\/\/talkpal.ai\/sq\/?s={search_term_string}"},"query-input":{"@type":"PropertyValueSpecification","valueRequired":true,"valueName":"search_term_string"}}],"inLanguage":"sq-AL"},{"@type":"Organization","@id":"https:\/\/talkpal.ai\/sq\/#organization","name":"Talkpal, Inc.","alternateName":"Talkpal AI","url":"https:\/\/talkpal.ai\/sq\/","logo":{"@type":"ImageObject","inLanguage":"sq-AL","@id":"https:\/\/talkpal.ai\/sq\/#\/schema\/logo\/image\/","url":"https:\/\/talkpal.ai\/wp-content\/uploads\/2024\/03\/Talkpal-Logo-Icon.png","contentUrl":"https:\/\/talkpal.ai\/wp-content\/uploads\/2024\/03\/Talkpal-Logo-Icon.png","width":2880,"height":2880,"caption":"Talkpal, Inc."},"image":{"@id":"https:\/\/talkpal.ai\/sq\/#\/schema\/logo\/image\/"},"sameAs":["https:\/\/www.facebook.com\/profile.php?id=100090733639311","https:\/\/x.com\/talkpalai","https:\/\/www.linkedin.com\/company\/talkpal\/","https:\/\/www.youtube.com\/@TalkPal\/","https:\/\/www.tiktok.com\/@talkpal","https:\/\/www.instagram.com\/talkpal_ai\/","https:\/\/www.crunchbase.com\/organization\/talkpal-9cde","https:\/\/www.g2.com\/products\/talkpal-for-business\/","https:\/\/www.trustpilot.com\/review\/talkpal.ai","https:\/\/www.capterra.com\/p\/10006800\/TalkPal\/"],"description":"Talkpal is a language learning web and mobile education app, powered by the latest AI technologies, that provides engaging experiences to its customers in many different languages to help them improve their language skills. Users can chat about unlimited amount of topics with the app and use other modes to practice their language learning.","email":"support@talkpal.ai","legalName":"Talkpal, Inc.","foundingDate":"2023-04-03","duns":"118989042","numberOfEmployees":{"@type":"QuantitativeValue","minValue":"11","maxValue":"50"},"publishingPrinciples":"https:\/\/talkpal.ai\/publishing-principles\/","actionableFeedbackPolicy":"https:\/\/talkpal.ai\/actionable-feedback-policy\/","correctionsPolicy":"https:\/\/talkpal.ai\/corrections-policy\/","ethicsPolicy":"https:\/\/talkpal.ai\/ethics-policy\/","diversityPolicy":"https:\/\/talkpal.ai\/diversity-policy\/","diversityStaffingReport":"https:\/\/talkpal.ai\/diversity-policy\/"}]}},"_links":{"self":[{"href":"https:\/\/talkpal.ai\/sq\/wp-json\/wp\/v2\/pages\/1446756","targetHints":{"allow":["GET"]}}],"collection":[{"href":"https:\/\/talkpal.ai\/sq\/wp-json\/wp\/v2\/pages"}],"about":[{"href":"https:\/\/talkpal.ai\/sq\/wp-json\/wp\/v2\/types\/page"}],"author":[{"embeddable":true,"href":"https:\/\/talkpal.ai\/sq\/wp-json\/wp\/v2\/users\/6"}],"replies":[{"embeddable":true,"href":"https:\/\/talkpal.ai\/sq\/wp-json\/wp\/v2\/comments?post=1446756"}],"version-history":[{"count":0,"href":"https:\/\/talkpal.ai\/sq\/wp-json\/wp\/v2\/pages\/1446756\/revisions"}],"wp:featuredmedia":[{"embeddable":true,"href":"https:\/\/talkpal.ai\/sq\/wp-json\/wp\/v2\/media\/1442806"}],"wp:attachment":[{"href":"https:\/\/talkpal.ai\/sq\/wp-json\/wp\/v2\/media?parent=1446756"}],"curies":[{"name":"wp","href":"https:\/\/api.w.org\/{rel}","templated":true}]}}