{"id":1446752,"date":"2023-06-16T11:55:18","date_gmt":"2023-06-16T11:55:18","guid":{"rendered":"https:\/\/talkpal.ai\/ushtrimet-e-gramatikes-bjelloruse\/"},"modified":"2025-09-06T21:04:30","modified_gmt":"2025-09-06T21:04:30","slug":"ushtrimet-e-gramatikes-bjelloruse","status":"publish","type":"page","link":"https:\/\/talkpal.ai\/sq\/ushtrimet-e-gramatikes-bjelloruse\/","title":{"rendered":"Ushtrimet e gramatik\u00ebs bjelloruse"},"content":{"rendered":"\r\n\r\n\r\n<section class=\"languageChallengeSection\">\r\n    <div class=\"languageInfoWrapper\">\r\n        \r\n        <h1>Ushtrimet e gramatik\u00ebs bjelloruse<\/h1>\r\n        <p>Po k\u00ebrkoni t\u00eb p\u00ebrmir\u00ebsoni aft\u00ebsit\u00eb tuaja n\u00eb gjuh\u00ebn bjelloruse? Praktikimi i ushtrimeve gramatikore \u00ebsht\u00eb nj\u00eb m\u00ebnyr\u00eb e shk\u00eblqyer p\u00ebr t\u00eb zot\u00ebruar struktur\u00ebn e fjalis\u00eb, format e foljeve dhe tiparet dalluese t\u00eb gjuh\u00ebs bjelloruse. Filloni t\u00eb eksploroni gramatik\u00ebn bjelloruse sot dhe shikoni t\u00eb kuptuarit dhe rrjedhshm\u00ebrin\u00eb tuaj t\u00eb rriten me \u00e7do ushtrim!<\/p>\r\n\r\n                            <a class=\"getStartedHidden\" href=\"https:\/\/app.talkpal.ai\/signup?lng=\">Filloni<\/a>\r\n        \r\n    <\/div>\r\n\r\n    <figure>\r\n    <img decoding=\"async\" width=\"768\" height=\"768\" src=\"https:\/\/talkpal.ai\/wp-content\/uploads\/2023\/06\/belarusian-768x768.png\" class=\"languageImage no-lazy\" alt=\"Language learning for academic excellence\" fetchpriority=\"high\" sizes=\"(max-width: 768px) 150px, 768px\" srcset=\"https:\/\/talkpal.ai\/wp-content\/uploads\/2023\/06\/belarusian-768x768.png 768w, https:\/\/talkpal.ai\/wp-content\/uploads\/2023\/06\/belarusian-300x300.png 300w\" \/>\r\n    \r\n\r\n    <\/figure>\r\n\r\n            <a class=\"getStartedVisible\" href=\"https:\/\/app.talkpal.ai\/signup?lng=\">Filloni<\/a>\r\n    \r\n<\/section>\r\n\r\n\r\n<!-- <section class=\"grammarSection\">\r\n    <div class=\"grammarLinks\">\r\n            <\/div>\r\n<\/section> -->\r\n\r\n\r\n\r\n\r\n<section class=\"promotionalBanner\">\r\n    <p class=\"promotionalText\">M\u00ebnyra m\u00eb efikase p\u00ebr t\u00eb m\u00ebsuar nj\u00eb gjuh\u00eb<\/p>\r\n    <a class=\"promotionalLink\" href=\"https:\/\/app.talkpal.ai\/signup?lng=\">Provoni Talkpal falas<\/a>\r\n<\/section>\n<div class=\"wp-block-group pageContainerStyle\"><div class=\"wp-block-group__inner-container is-layout-constrained wp-block-group-is-layout-constrained\">\n<h2 class=\"wp-block-heading\" id=\"h-belarusian-grammar-topics\">Temat e gramatik\u00ebs bjelloruse<\/h2>\n\n\n\n<p>Bjellorusishtja \u00ebsht\u00eb nj\u00eb gjuh\u00eb sllave lindore q\u00eb flitet kryesisht n\u00eb Bjellorusi nga <a href=\"https:\/\/talkpal.ai\/sq\/rreth\/\">rreth<\/a> 70% e popullsis\u00eb. Si gjuh\u00eb sllave, ajo ndan ngjashm\u00ebri me rusishten dhe ukrainianen, gj\u00eb q\u00eb e b\u00ebn m\u00eb t\u00eb leht\u00eb p\u00ebr fol\u00ebsit e k\u00ebtyre gjuh\u00ebve t\u00eb m\u00ebsojn\u00eb bjellorusishten. Megjithat\u00eb, <a href=\"https:\/\/talkpal.ai\/speaking-with-ai\/\">ai<\/a> ka ve\u00e7orit\u00eb e tij unike dhe m\u00ebsimi i gramatik\u00ebs s\u00eb tij mund t\u00eb jet\u00eb nj\u00eb p\u00ebrvoj\u00eb shp\u00ebrblyese p\u00ebr entuziast\u00ebt e gjuh\u00ebs. N\u00eb k\u00ebt\u00eb artikull, ne do t\u00eb shqyrtojm\u00eb temat thelb\u00ebsore t\u00eb gramatik\u00ebs bjelloruse n\u00eb nj\u00eb sekuenc\u00eb q\u00eb do t&#8217;ju ndihmoj\u00eb t\u00eb m\u00ebsoni gjuh\u00ebn n\u00eb m\u00ebnyr\u00eb m\u00eb efektive.<\/p>\n\n\n\n<h3 class=\"wp-block-heading\" id=\"h-1-nouns\">1. Emrat:<\/h3>\n\n\n\n<p>Filloni duke m\u00ebsuar emrat bjellorus\u00eb, t\u00eb cil\u00ebt mund t\u00eb jen\u00eb mashkullor\u00eb, fem\u00ebror\u00eb ose neutr\u00eb. Ata kan\u00eb gjasht\u00eb raste: nominativ, akuzativ, gjenitiv, dativ, instrumental dhe parapozicional, t\u00eb cilat p\u00ebrcaktojn\u00eb funksionin e emrit n\u00eb nj\u00eb fjali. Kushtojini v\u00ebmendje mbaresave t\u00eb emrave dhe modeleve t\u00eb deformimit, pasi ato do t&#8217;ju ndihmojn\u00eb t\u00eb kuptoni <a href=\"https:\/\/talkpal.ai\/culture\/what-is-the-difference-between-se-and-si\/\">se si<\/a> ndryshojn\u00eb emrat n\u00eb raste t\u00eb ndryshme.<\/p>\n\n\n\n<h3 class=\"wp-block-heading\" id=\"h-2-articles\">2. Artikujt:<\/h3>\n\n\n\n<p>Ndryshe nga anglishtja, bjellorusishtja nuk ka artikuj. Prandaj, ju mund t\u00eb p\u00ebrqendroheni n\u00eb m\u00ebsimin e aspekteve t\u00eb tjera t\u00eb gjuh\u00ebs pa u shqet\u00ebsuar p\u00ebr k\u00ebt\u00eb tem\u00eb.<\/p>\n\n\n\n<h3 class=\"wp-block-heading\" id=\"h-3-pronouns-determiners\">3. P\u00ebremrat\/p\u00ebrcaktuesit:<\/h3>\n\n\n\n<p>M\u00eb pas, m\u00ebsoni p\u00ebremrat dhe p\u00ebrcaktuesit, t\u00eb cil\u00ebt funksionojn\u00eb n\u00eb m\u00ebnyr\u00eb t\u00eb ngjashme me ekuivalent\u00ebt e <a href=\"https:\/\/talkpal.ai\/locations\/language-courses-in-tyre\/\">tyre<\/a> n\u00eb <a href=\"https:\/\/talkpal.ai\/learn-english-with-ai\/\">anglisht<\/a>. Ato z\u00ebvend\u00ebsojn\u00eb emrat dhe p\u00ebrcjellin informacion rreth zot\u00ebrimit, sasis\u00eb ose identitetit. Ka p\u00ebremra personal\u00eb, posesiv, demonstrativ, pyet\u00ebs dhe relativ\u00eb n\u00eb <a href=\"https:\/\/talkpal.ai\/learn-belarusian\/\">bjellorusisht<\/a>, dhe ju duhet t\u00eb m\u00ebsoni p\u00ebrmend\u00ebsh format dhe p\u00ebrdorimin e tyre.<\/p>\n\n\n\n<h3 class=\"wp-block-heading\" id=\"h-4-adjectives\">4. Mbiemra:<\/h3>\n\n\n\n<p>Mbiemrat n\u00eb bjellorusisht pajtohen me emrin q\u00eb modifikojn\u00eb n\u00eb gjini, num\u00ebr dhe rast. M\u00ebsoni mbaresat e mbiemrave dhe si t\u00eb formoni shkall\u00eb krahasuese dhe superlative p\u00ebr t\u00eb shprehur nivele t\u00eb ndryshme krahasimi.<\/p>\n\n\n\n<h3 class=\"wp-block-heading\" id=\"h-5-verbs\">5. Foljet:<\/h3>\n\n\n\n<p>Foljet jan\u00eb thelb\u00ebsore n\u00eb bjellorusisht, pasi p\u00ebrcjellin veprime, shtete dhe ngjarje. M\u00ebsoni rreth konjugimit t\u00eb foljes, i cili p\u00ebrb\u00ebhet nga dy grupe: konjugimi i par\u00eb (kryesisht folje mashkullore) dhe i dyti (kryesisht foljet fem\u00ebrore). Gjithashtu, studioni humorin <a href=\"https:\/\/talkpal.ai\/ja\/grammar_exercises\/imperatif-%e3%83%95%e3%83%a9%e3%83%b3%e3%82%b9%e3%81%ae%e6%96%87%e6%b3%95%e3%81%ae%e3%81%9f%e3%82%81%e3%81%ae%e6%bc%94%e7%bf%92\/\">imperativ<\/a> dhe n\u00ebnlidh\u00ebs dhe si t&#8217;i formoni ato.<\/p>\n\n\n\n<h3 class=\"wp-block-heading\" id=\"h-6-tenses\">6. Koh\u00ebt:<\/h3>\n\n\n\n<p>Bjellorusishtja ka tre koh\u00eb kryesore: e kaluara, e tashmja dhe e ardhmja. M\u00ebsoni se si t&#8217;i formoni dhe p\u00ebrdorni k\u00ebto koh\u00eb p\u00ebr t\u00eb folur p\u00ebr ngjarje dhe veprime n\u00eb koh\u00eb t\u00eb ndryshme.<\/p>\n\n\n\n<h3 class=\"wp-block-heading\" id=\"h-7-tense-comparison\">7. Krahasimi i tensionit:<\/h3>\n\n\n\n<p>Krahasimi i koh\u00ebve n\u00eb bjellorusisht \u00ebsht\u00eb thelb\u00ebsor p\u00ebr t\u00eb kuptuar marr\u00ebdh\u00ebnien midis ngjarjeve t\u00eb kaluara, t\u00eb tashmes dhe t\u00eb ardhshme. Studioni sekuenc\u00ebn e koh\u00ebve dhe si t&#8217;i p\u00ebrdorni ato n\u00eb fjali komplekse.<\/p>\n\n\n\n<h3 class=\"wp-block-heading\" id=\"h-8-progressive\">8. Progresive:<\/h3>\n\n\n\n<p>Bjellorusja p\u00ebrdor form\u00ebn progresive p\u00ebr t\u00eb shprehur veprimet e vazhdueshme. M\u00ebsoni se si ta formoni k\u00ebt\u00eb aspekt me konjugimin e duhur t\u00eb foljeve dhe foljet ndihm\u00ebse.<\/p>\n\n\n\n<h3 class=\"wp-block-heading\" id=\"h-9-perfect-progressive\">9. Progresiv i p\u00ebrsosur:<\/h3>\n\n\n\n<p>Aspekti i p\u00ebrsosur progresiv n\u00eb bjellorusisht kombinon konceptet e p\u00ebrfundimit dhe koh\u00ebzgjatjes. M\u00ebsoni se si ta formoni k\u00ebt\u00eb aspekt duke p\u00ebrdorur foljet ndihm\u00ebse dhe format e sakta t\u00eb foljes.<\/p>\n\n\n\n<h3 class=\"wp-block-heading\" id=\"h-10-adverbs\">10. Ndajfoljet:<\/h3>\n\n\n\n<p>Ndajfoljet modifikojn\u00eb foljet, mbiemrat dhe ndajfoljet e tjera, duke shtuar m\u00eb shum\u00eb informacion n\u00eb fjali. M\u00ebsoni llojet e ndryshme t\u00eb ndajfoljeve n\u00eb bjellorusisht, formimin e tyre dhe vendosjen e tyre n\u00eb fjali.<\/p>\n\n\n\n<h3 class=\"wp-block-heading\" id=\"h-11-prepositions\">11. Parafjal\u00ebt:<\/h3>\n\n\n\n<p>Parafjal\u00ebt jan\u00eb thelb\u00ebsore p\u00ebr t\u00eb shprehur marr\u00ebdh\u00ebniet midis fjal\u00ebve n\u00eb nj\u00eb fjali. M\u00ebsoni parafjal\u00ebt m\u00eb t\u00eb zakonshme bjelloruse, rastet e tyre dhe si t&#8217;i p\u00ebrdorni ato me emra dhe p\u00ebremra.<\/p>\n\n\n\n<h3 class=\"wp-block-heading\" id=\"h-12-conditionals\">12. Kusht\u00ebzuese:<\/h3>\n\n\n\n<p>Kusht\u00ebzuesit shprehin situata hipotetike dhe pasojat e tyre. Studioni tre llojet e kusht\u00ebzimeve n\u00eb bjellorusisht: reale, joreale dhe t\u00eb p\u00ebrziera, dhe format e tyre p\u00ebrkat\u00ebse t\u00eb foljes.<\/p>\n\n\n\n<h3 class=\"wp-block-heading\" id=\"h-13-sentences\">13. Fjalit\u00eb:<\/h3>\n\n\n\n<p>S\u00eb fundi, m\u00ebsoni rreth strukturave t\u00eb fjalive bjelloruse, duke p\u00ebrfshir\u00eb fjalit\u00eb e thjeshta, t\u00eb p\u00ebrb\u00ebra dhe komplekse. Praktikoni kombinimin e element\u00ebve t\u00eb ndrysh\u00ebm t\u00eb gramatik\u00ebs p\u00ebr t\u00eb nd\u00ebrtuar fjali dhe p\u00ebr t\u00eb p\u00ebrmir\u00ebsuar aft\u00ebsit\u00eb tuaja t\u00eb p\u00ebrgjithshme gjuh\u00ebsore.<\/p>\n<\/div><\/div>\n\r\n<section class=\"learnNavigationSection\">\r\n            \r\n        <a href=\"https:\/\/talkpal.ai\/sq\/meso-bjellorusishten\/\">\r\n            <div class=\"learnNavigationWrapper\">\r\n                <div class=\"learnNavigationContent\">\r\n                    <img decoding=\"async\" src=\"https:\/\/talkpal.ai\/wp-content\/uploads\/2024\/08\/Belarusian.jpg\" alt=\"Belarusian Flag\">\r\n                    <div>\r\n                        <h4>Rreth m\u00ebsimit bjellorus<\/h4>\r\n                        <p>M\u00ebsoni gjith\u00e7ka rreth gramatik\u00ebs bjelloruse.<\/p>\r\n                    <\/div>\r\n                <\/div>\r\n            <\/div>\r\n        <\/a>\r\n\r\n        \r\n        <a href=\"https:\/\/talkpal.ai\/sq\/gramatika-bjelloruse\/\">\r\n            <div class=\"learnNavigationWrapper\">\r\n                <div class=\"learnNavigationContent\">\r\n                    <img decoding=\"async\" src=\"https:\/\/talkpal.ai\/wp-content\/uploads\/2024\/08\/Belarusian.jpg\" alt=\"Belarusian Flag\">\r\n                    <div>\r\n                        <h4>M\u00ebsimet e gramatik\u00ebs bjelloruse<\/h4>\r\n                        <p>Praktikoni gramatik\u00ebn bjelloruse.<\/p>\r\n                    <\/div>\r\n                <\/div>\r\n            <\/div>\r\n        <\/a>\r\n\r\n        \r\n        <a href=\"https:\/\/talkpal.ai\/vocabulary_language\/belarusian\/\">\r\n            <div class=\"learnNavigationWrapper\">\r\n                <div class=\"learnNavigationContent\">\r\n                    <img decoding=\"async\" src=\"https:\/\/talkpal.ai\/wp-content\/uploads\/2024\/08\/Belarusian.jpg\" alt=\"Belarusian Flag\">\r\n                    <div>\r\n                        <h4>Fjalori bjellorus<\/h4>\r\n                        <p>Zgjeroni fjalorin tuaj bjellorus.<\/p>\r\n                    <\/div>\r\n                <\/div>\r\n            <\/div>\r\n        <\/a>\r\n\r\n            <\/section>","protected":false},"excerpt":{"rendered":"<p>Temat e gramatik\u00ebs bjelloruse Bjellorusishtja \u00ebsht\u00eb nj\u00eb gjuh\u00eb sllave lindore q\u00eb flitet kryesisht n\u00eb Bjellorusi nga rreth 70% e popullsis\u00eb. Si gjuh\u00eb sllave, ajo ndan ngjashm\u00ebri me rusishten dhe ukrainianen, gj\u00eb q\u00eb e b\u00ebn m\u00eb t\u00eb leht\u00eb p\u00ebr fol\u00ebsit e k\u00ebtyre gjuh\u00ebve t\u00eb m\u00ebsojn\u00eb bjellorusishten. Megjithat\u00eb, ai ka ve\u00e7orit\u00eb e tij unike dhe m\u00ebsimi i [&hellip;]<\/p>\n","protected":false},"author":6,"featured_media":1444175,"parent":0,"menu_order":0,"comment_status":"closed","ping_status":"closed","template":"LearningContentPage.php","meta":{"_acf_changed":false,"footnotes":""},"class_list":["post-1446752","page","type-page","status-publish","has-post-thumbnail","hentry"],"acf":[],"yoast_head":"<!-- This site is optimized with the Yoast SEO Premium plugin v27.2 (Yoast SEO v27.2) - https:\/\/yoast.com\/product\/yoast-seo-premium-wordpress\/ -->\n<title>Ushtrimet e gramatik\u00ebs bjelloruse - Talkpal<\/title>\n<meta name=\"description\" content=\"Forconi aft\u00ebsit\u00eb tuaja bjelloruse me ushtrime interaktive t\u00eb gramatik\u00ebs bjelloruse nga TalkPal, m\u00ebsuesi juaj i gjuh\u00ebs me AI.\" \/>\n<meta name=\"robots\" content=\"index, follow, max-snippet:-1, max-image-preview:large, max-video-preview:-1\" \/>\n<link rel=\"canonical\" href=\"https:\/\/talkpal.ai\/sq\/ushtrimet-e-gramatikes-bjelloruse\/\" \/>\n<meta property=\"og:locale\" content=\"sq_AL\" \/>\n<meta property=\"og:type\" content=\"article\" \/>\n<meta property=\"og:title\" content=\"Ushtrimet e gramatik\u00ebs bjelloruse\" \/>\n<meta property=\"og:description\" content=\"Temat e gramatik\u00ebs bjelloruse Bjellorusishtja \u00ebsht\u00eb nj\u00eb gjuh\u00eb sllave lindore q\u00eb flitet kryesisht n\u00eb Bjellorusi nga rreth 70% e popullsis\u00eb. Si gjuh\u00eb\" \/>\n<meta property=\"og:url\" content=\"https:\/\/talkpal.ai\/sq\/ushtrimet-e-gramatikes-bjelloruse\/\" \/>\n<meta property=\"og:site_name\" content=\"Talkpal\" \/>\n<meta property=\"article:publisher\" content=\"https:\/\/www.facebook.com\/profile.php?id=100090733639311\" \/>\n<meta property=\"article:modified_time\" content=\"2025-09-06T21:04:30+00:00\" \/>\n<meta property=\"og:image\" content=\"https:\/\/talkpal.ai\/wp-content\/uploads\/2023\/05\/belarus.png\" \/>\n\t<meta property=\"og:image:width\" content=\"512\" \/>\n\t<meta property=\"og:image:height\" content=\"512\" \/>\n\t<meta property=\"og:image:type\" content=\"image\/png\" \/>\n<meta name=\"twitter:card\" content=\"summary_large_image\" \/>\n<meta name=\"twitter:site\" content=\"@talkpalai\" \/>\n<meta name=\"twitter:label1\" content=\"Est. reading time\" \/>\n\t<meta name=\"twitter:data1\" content=\"3 minutes\" \/>\n<script type=\"application\/ld+json\" class=\"yoast-schema-graph\">{\"@context\":\"https:\/\/schema.org\",\"@graph\":[{\"@type\":\"WebPage\",\"@id\":\"https:\/\/talkpal.ai\/sq\/ushtrimet-e-gramatikes-bjelloruse\/\",\"url\":\"https:\/\/talkpal.ai\/sq\/ushtrimet-e-gramatikes-bjelloruse\/\",\"name\":\"Ushtrimet e gramatik\u00ebs bjelloruse - Talkpal\",\"isPartOf\":{\"@id\":\"https:\/\/talkpal.ai\/sq\/#website\"},\"primaryImageOfPage\":{\"@id\":\"https:\/\/talkpal.ai\/sq\/ushtrimet-e-gramatikes-bjelloruse\/#primaryimage\"},\"image\":{\"@id\":\"https:\/\/talkpal.ai\/sq\/ushtrimet-e-gramatikes-bjelloruse\/#primaryimage\"},\"thumbnailUrl\":\"https:\/\/talkpal.ai\/wp-content\/uploads\/2023\/05\/belarus.png\",\"datePublished\":\"2023-06-16T11:55:18+00:00\",\"dateModified\":\"2025-09-06T21:04:30+00:00\",\"description\":\"Forconi aft\u00ebsit\u00eb tuaja bjelloruse me ushtrime interaktive t\u00eb gramatik\u00ebs bjelloruse nga TalkPal, m\u00ebsuesi juaj i gjuh\u00ebs me AI.\",\"breadcrumb\":{\"@id\":\"https:\/\/talkpal.ai\/sq\/ushtrimet-e-gramatikes-bjelloruse\/#breadcrumb\"},\"inLanguage\":\"sq-AL\",\"potentialAction\":[{\"@type\":\"ReadAction\",\"target\":[\"https:\/\/talkpal.ai\/sq\/ushtrimet-e-gramatikes-bjelloruse\/\"]}]},{\"@type\":\"ImageObject\",\"inLanguage\":\"sq-AL\",\"@id\":\"https:\/\/talkpal.ai\/sq\/ushtrimet-e-gramatikes-bjelloruse\/#primaryimage\",\"url\":\"https:\/\/talkpal.ai\/wp-content\/uploads\/2023\/05\/belarus.png\",\"contentUrl\":\"https:\/\/talkpal.ai\/wp-content\/uploads\/2023\/05\/belarus.png\",\"width\":512,\"height\":512,\"caption\":\"TalkPal Belarus Flag\"},{\"@type\":\"BreadcrumbList\",\"@id\":\"https:\/\/talkpal.ai\/sq\/ushtrimet-e-gramatikes-bjelloruse\/#breadcrumb\",\"itemListElement\":[{\"@type\":\"ListItem\",\"position\":1,\"name\":\"Homepage\",\"item\":\"https:\/\/talkpal.ai\/sq\/\"},{\"@type\":\"ListItem\",\"position\":2,\"name\":\"Ushtrimet e gramatik\u00ebs bjelloruse\"}]},{\"@type\":\"WebSite\",\"@id\":\"https:\/\/talkpal.ai\/sq\/#website\",\"url\":\"https:\/\/talkpal.ai\/sq\/\",\"name\":\"Talkpal\",\"description\":\"AI Language Learning\",\"publisher\":{\"@id\":\"https:\/\/talkpal.ai\/sq\/#organization\"},\"alternateName\":\"Talkpal AI\",\"potentialAction\":[{\"@type\":\"SearchAction\",\"target\":{\"@type\":\"EntryPoint\",\"urlTemplate\":\"https:\/\/talkpal.ai\/sq\/?s={search_term_string}\"},\"query-input\":{\"@type\":\"PropertyValueSpecification\",\"valueRequired\":true,\"valueName\":\"search_term_string\"}}],\"inLanguage\":\"sq-AL\"},{\"@type\":\"Organization\",\"@id\":\"https:\/\/talkpal.ai\/sq\/#organization\",\"name\":\"Talkpal, Inc.\",\"alternateName\":\"Talkpal AI\",\"url\":\"https:\/\/talkpal.ai\/sq\/\",\"logo\":{\"@type\":\"ImageObject\",\"inLanguage\":\"sq-AL\",\"@id\":\"https:\/\/talkpal.ai\/sq\/#\/schema\/logo\/image\/\",\"url\":\"https:\/\/talkpal.ai\/wp-content\/uploads\/2024\/03\/Talkpal-Logo-Icon.png\",\"contentUrl\":\"https:\/\/talkpal.ai\/wp-content\/uploads\/2024\/03\/Talkpal-Logo-Icon.png\",\"width\":2880,\"height\":2880,\"caption\":\"Talkpal, Inc.\"},\"image\":{\"@id\":\"https:\/\/talkpal.ai\/sq\/#\/schema\/logo\/image\/\"},\"sameAs\":[\"https:\/\/www.facebook.com\/profile.php?id=100090733639311\",\"https:\/\/x.com\/talkpalai\",\"https:\/\/www.linkedin.com\/company\/talkpal\/\",\"https:\/\/www.youtube.com\/@TalkPal\/\",\"https:\/\/www.tiktok.com\/@talkpal\",\"https:\/\/www.instagram.com\/talkpal_ai\/\",\"https:\/\/www.crunchbase.com\/organization\/talkpal-9cde\",\"https:\/\/www.g2.com\/products\/talkpal-for-business\/\",\"https:\/\/www.trustpilot.com\/review\/talkpal.ai\",\"https:\/\/www.capterra.com\/p\/10006800\/TalkPal\/\"],\"description\":\"Talkpal is a language learning web and mobile education app, powered by the latest AI technologies, that provides engaging experiences to its customers in many different languages to help them improve their language skills. Users can chat about unlimited amount of topics with the app and use other modes to practice their language learning.\",\"email\":\"support@talkpal.ai\",\"legalName\":\"Talkpal, Inc.\",\"foundingDate\":\"2023-04-03\",\"duns\":\"118989042\",\"numberOfEmployees\":{\"@type\":\"QuantitativeValue\",\"minValue\":\"11\",\"maxValue\":\"50\"},\"publishingPrinciples\":\"https:\/\/talkpal.ai\/publishing-principles\/\",\"actionableFeedbackPolicy\":\"https:\/\/talkpal.ai\/actionable-feedback-policy\/\",\"correctionsPolicy\":\"https:\/\/talkpal.ai\/corrections-policy\/\",\"ethicsPolicy\":\"https:\/\/talkpal.ai\/ethics-policy\/\",\"diversityPolicy\":\"https:\/\/talkpal.ai\/diversity-policy\/\",\"diversityStaffingReport\":\"https:\/\/talkpal.ai\/diversity-policy\/\"}]}<\/script>\n<!-- \/ Yoast SEO Premium plugin. -->","yoast_head_json":{"title":"Ushtrimet e gramatik\u00ebs bjelloruse - Talkpal","description":"Forconi aft\u00ebsit\u00eb tuaja bjelloruse me ushtrime interaktive t\u00eb gramatik\u00ebs bjelloruse nga TalkPal, m\u00ebsuesi juaj i gjuh\u00ebs me AI.","robots":{"index":"index","follow":"follow","max-snippet":"max-snippet:-1","max-image-preview":"max-image-preview:large","max-video-preview":"max-video-preview:-1"},"canonical":"https:\/\/talkpal.ai\/sq\/ushtrimet-e-gramatikes-bjelloruse\/","og_locale":"sq_AL","og_type":"article","og_title":"Ushtrimet e gramatik\u00ebs bjelloruse","og_description":"Temat e gramatik\u00ebs bjelloruse Bjellorusishtja \u00ebsht\u00eb nj\u00eb gjuh\u00eb sllave lindore q\u00eb flitet kryesisht n\u00eb Bjellorusi nga rreth 70% e popullsis\u00eb. Si gjuh\u00eb","og_url":"https:\/\/talkpal.ai\/sq\/ushtrimet-e-gramatikes-bjelloruse\/","og_site_name":"Talkpal","article_publisher":"https:\/\/www.facebook.com\/profile.php?id=100090733639311","article_modified_time":"2025-09-06T21:04:30+00:00","og_image":[{"width":512,"height":512,"url":"https:\/\/talkpal.ai\/wp-content\/uploads\/2023\/05\/belarus.png","type":"image\/png"}],"twitter_card":"summary_large_image","twitter_site":"@talkpalai","twitter_misc":{"Est. reading time":"3 minutes"},"schema":{"@context":"https:\/\/schema.org","@graph":[{"@type":"WebPage","@id":"https:\/\/talkpal.ai\/sq\/ushtrimet-e-gramatikes-bjelloruse\/","url":"https:\/\/talkpal.ai\/sq\/ushtrimet-e-gramatikes-bjelloruse\/","name":"Ushtrimet e gramatik\u00ebs bjelloruse - Talkpal","isPartOf":{"@id":"https:\/\/talkpal.ai\/sq\/#website"},"primaryImageOfPage":{"@id":"https:\/\/talkpal.ai\/sq\/ushtrimet-e-gramatikes-bjelloruse\/#primaryimage"},"image":{"@id":"https:\/\/talkpal.ai\/sq\/ushtrimet-e-gramatikes-bjelloruse\/#primaryimage"},"thumbnailUrl":"https:\/\/talkpal.ai\/wp-content\/uploads\/2023\/05\/belarus.png","datePublished":"2023-06-16T11:55:18+00:00","dateModified":"2025-09-06T21:04:30+00:00","description":"Forconi aft\u00ebsit\u00eb tuaja bjelloruse me ushtrime interaktive t\u00eb gramatik\u00ebs bjelloruse nga TalkPal, m\u00ebsuesi juaj i gjuh\u00ebs me AI.","breadcrumb":{"@id":"https:\/\/talkpal.ai\/sq\/ushtrimet-e-gramatikes-bjelloruse\/#breadcrumb"},"inLanguage":"sq-AL","potentialAction":[{"@type":"ReadAction","target":["https:\/\/talkpal.ai\/sq\/ushtrimet-e-gramatikes-bjelloruse\/"]}]},{"@type":"ImageObject","inLanguage":"sq-AL","@id":"https:\/\/talkpal.ai\/sq\/ushtrimet-e-gramatikes-bjelloruse\/#primaryimage","url":"https:\/\/talkpal.ai\/wp-content\/uploads\/2023\/05\/belarus.png","contentUrl":"https:\/\/talkpal.ai\/wp-content\/uploads\/2023\/05\/belarus.png","width":512,"height":512,"caption":"TalkPal Belarus Flag"},{"@type":"BreadcrumbList","@id":"https:\/\/talkpal.ai\/sq\/ushtrimet-e-gramatikes-bjelloruse\/#breadcrumb","itemListElement":[{"@type":"ListItem","position":1,"name":"Homepage","item":"https:\/\/talkpal.ai\/sq\/"},{"@type":"ListItem","position":2,"name":"Ushtrimet e gramatik\u00ebs bjelloruse"}]},{"@type":"WebSite","@id":"https:\/\/talkpal.ai\/sq\/#website","url":"https:\/\/talkpal.ai\/sq\/","name":"Talkpal","description":"AI Language Learning","publisher":{"@id":"https:\/\/talkpal.ai\/sq\/#organization"},"alternateName":"Talkpal AI","potentialAction":[{"@type":"SearchAction","target":{"@type":"EntryPoint","urlTemplate":"https:\/\/talkpal.ai\/sq\/?s={search_term_string}"},"query-input":{"@type":"PropertyValueSpecification","valueRequired":true,"valueName":"search_term_string"}}],"inLanguage":"sq-AL"},{"@type":"Organization","@id":"https:\/\/talkpal.ai\/sq\/#organization","name":"Talkpal, Inc.","alternateName":"Talkpal AI","url":"https:\/\/talkpal.ai\/sq\/","logo":{"@type":"ImageObject","inLanguage":"sq-AL","@id":"https:\/\/talkpal.ai\/sq\/#\/schema\/logo\/image\/","url":"https:\/\/talkpal.ai\/wp-content\/uploads\/2024\/03\/Talkpal-Logo-Icon.png","contentUrl":"https:\/\/talkpal.ai\/wp-content\/uploads\/2024\/03\/Talkpal-Logo-Icon.png","width":2880,"height":2880,"caption":"Talkpal, Inc."},"image":{"@id":"https:\/\/talkpal.ai\/sq\/#\/schema\/logo\/image\/"},"sameAs":["https:\/\/www.facebook.com\/profile.php?id=100090733639311","https:\/\/x.com\/talkpalai","https:\/\/www.linkedin.com\/company\/talkpal\/","https:\/\/www.youtube.com\/@TalkPal\/","https:\/\/www.tiktok.com\/@talkpal","https:\/\/www.instagram.com\/talkpal_ai\/","https:\/\/www.crunchbase.com\/organization\/talkpal-9cde","https:\/\/www.g2.com\/products\/talkpal-for-business\/","https:\/\/www.trustpilot.com\/review\/talkpal.ai","https:\/\/www.capterra.com\/p\/10006800\/TalkPal\/"],"description":"Talkpal is a language learning web and mobile education app, powered by the latest AI technologies, that provides engaging experiences to its customers in many different languages to help them improve their language skills. Users can chat about unlimited amount of topics with the app and use other modes to practice their language learning.","email":"support@talkpal.ai","legalName":"Talkpal, Inc.","foundingDate":"2023-04-03","duns":"118989042","numberOfEmployees":{"@type":"QuantitativeValue","minValue":"11","maxValue":"50"},"publishingPrinciples":"https:\/\/talkpal.ai\/publishing-principles\/","actionableFeedbackPolicy":"https:\/\/talkpal.ai\/actionable-feedback-policy\/","correctionsPolicy":"https:\/\/talkpal.ai\/corrections-policy\/","ethicsPolicy":"https:\/\/talkpal.ai\/ethics-policy\/","diversityPolicy":"https:\/\/talkpal.ai\/diversity-policy\/","diversityStaffingReport":"https:\/\/talkpal.ai\/diversity-policy\/"}]}},"_links":{"self":[{"href":"https:\/\/talkpal.ai\/sq\/wp-json\/wp\/v2\/pages\/1446752","targetHints":{"allow":["GET"]}}],"collection":[{"href":"https:\/\/talkpal.ai\/sq\/wp-json\/wp\/v2\/pages"}],"about":[{"href":"https:\/\/talkpal.ai\/sq\/wp-json\/wp\/v2\/types\/page"}],"author":[{"embeddable":true,"href":"https:\/\/talkpal.ai\/sq\/wp-json\/wp\/v2\/users\/6"}],"replies":[{"embeddable":true,"href":"https:\/\/talkpal.ai\/sq\/wp-json\/wp\/v2\/comments?post=1446752"}],"version-history":[{"count":0,"href":"https:\/\/talkpal.ai\/sq\/wp-json\/wp\/v2\/pages\/1446752\/revisions"}],"wp:featuredmedia":[{"embeddable":true,"href":"https:\/\/talkpal.ai\/sq\/wp-json\/wp\/v2\/media\/1444175"}],"wp:attachment":[{"href":"https:\/\/talkpal.ai\/sq\/wp-json\/wp\/v2\/media?parent=1446752"}],"curies":[{"name":"wp","href":"https:\/\/api.w.org\/{rel}","templated":true}]}}