{"id":1446748,"date":"2023-06-16T11:31:43","date_gmt":"2023-06-16T11:31:43","guid":{"rendered":"https:\/\/talkpal.ai\/ushtrimet-gramatikore-armene\/"},"modified":"2025-09-06T21:04:29","modified_gmt":"2025-09-06T21:04:29","slug":"ushtrimet-gramatikore-armene","status":"publish","type":"page","link":"https:\/\/talkpal.ai\/sq\/ushtrimet-gramatikore-armene\/","title":{"rendered":"Ushtrimet gramatikore armene"},"content":{"rendered":"\r\n\r\n\r\n<section class=\"languageChallengeSection\">\r\n    <div class=\"languageInfoWrapper\">\r\n        \r\n        <h1>Ushtrimet gramatikore armene<\/h1>\r\n        <p>Le t\u00eb njihemi me gramatik\u00ebn armene me disa ushtrime t\u00eb lehta dhe arg\u00ebtuese! K\u00ebto aktivitete do t&#039;ju ndihmojn\u00eb t\u00eb m\u00ebsoheni me bazat dhe do t&#039;ju japin nj\u00eb fillim t\u00eb shk\u00eblqyesh\u00ebm n\u00eb udh\u00ebtimin tuaj t\u00eb t\u00eb m\u00ebsuarit.<\/p>\r\n\r\n                            <a class=\"getStartedHidden\" href=\"https:\/\/app.talkpal.ai\/signup?lng=\">Filloni<\/a>\r\n        \r\n    <\/div>\r\n\r\n    <figure>\r\n    <img decoding=\"async\" width=\"768\" height=\"768\" src=\"https:\/\/talkpal.ai\/wp-content\/uploads\/2023\/06\/armenian-768x768.png\" class=\"languageImage no-lazy\" alt=\"Language learning for higher cognition\" fetchpriority=\"high\" sizes=\"(max-width: 768px) 150px, 768px\" srcset=\"https:\/\/talkpal.ai\/wp-content\/uploads\/2023\/06\/armenian-768x768.png 768w, https:\/\/talkpal.ai\/wp-content\/uploads\/2023\/06\/armenian-300x300.png 300w\" \/>\r\n    \r\n\r\n    <\/figure>\r\n\r\n            <a class=\"getStartedVisible\" href=\"https:\/\/app.talkpal.ai\/signup?lng=\">Filloni<\/a>\r\n    \r\n<\/section>\r\n\r\n\r\n<!-- <section class=\"grammarSection\">\r\n    <div class=\"grammarLinks\">\r\n            <\/div>\r\n<\/section> -->\r\n\r\n\r\n\r\n\r\n<section class=\"promotionalBanner\">\r\n    <p class=\"promotionalText\">M\u00ebnyra m\u00eb efikase p\u00ebr t\u00eb m\u00ebsuar nj\u00eb gjuh\u00eb<\/p>\r\n    <a class=\"promotionalLink\" href=\"https:\/\/app.talkpal.ai\/signup?lng=\">Provoni Talkpal falas<\/a>\r\n<\/section>\n<div class=\"wp-block-group pageContainerStyle\"><div class=\"wp-block-group__inner-container is-layout-constrained wp-block-group-is-layout-constrained\">\n<h2 class=\"wp-block-heading\" id=\"h-armenian-grammar-topics\">Temat e gramatik\u00ebs armene<\/h2>\n\n\n\n<p>Armenishtja \u00ebsht\u00eb nj\u00eb gjuh\u00eb indo-evropiane e folur kryesisht n\u00eb Republik\u00ebn e Armenis\u00eb dhe nga diaspora armene n\u00eb t\u00eb gjith\u00eb globin. Me nj\u00eb histori t\u00eb gjat\u00eb dhe sistem unik shkrimi, armenishtja ofron nj\u00eb p\u00ebrvoj\u00eb magjeps\u00ebse gjuh\u00ebsore p\u00ebr nx\u00ebn\u00ebsit e gjuh\u00ebs. Si me \u00e7do gjuh\u00eb, t\u00eb kuptuarit e gramatik\u00ebs \u00ebsht\u00eb nj\u00eb pjes\u00eb thelb\u00ebsore e zot\u00ebrimit t\u00eb armenishtes. Ky udh\u00ebzues ofron nj\u00eb p\u00ebrmbledhje t\u00eb temave kryesore t\u00eb gramatik\u00ebs armene p\u00ebr t&#8217;ju ndihmuar t\u00eb fitoni nj\u00eb baz\u00eb solide n\u00eb gjuh\u00eb. Duke ndjekur sekuenc\u00ebn e sugjeruar t\u00eb temave, ju do t\u00eb jeni n\u00eb gjendje t\u00eb m\u00ebsoni <a href=\"https:\/\/talkpal.ai\/learn-armenian\/\">armenisht<\/a> n\u00eb m\u00ebnyr\u00eb m\u00eb efektive dhe efikase.<\/p>\n\n\n\n<h3 class=\"wp-block-heading\" id=\"h-1-nouns\">1. Emrat:<\/h3>\n\n\n\n<p>Filloni udh\u00ebtimin tuaj t\u00eb gramatik\u00ebs armene me emra, shtylla kurrizore e \u00e7do gjuhe. M\u00ebsoni <a href=\"https:\/\/talkpal.ai\/sq\/rreth\/\">rreth<\/a> klasave t\u00eb emrave armen\u00eb (t\u00eb zakonshme dhe t\u00eb duhura), deplisionit dhe rasteve (nominative, gjenitive, dative, akuzative, ablative, instrumentale dhe lokative). T\u00eb kuptuarit <a href=\"https:\/\/talkpal.ai\/culture\/what-is-the-difference-between-se-and-si\/\">se si<\/a> funksionojn\u00eb emrat n\u00eb armenisht do t\u00eb siguroj\u00eb nj\u00eb baz\u00eb solide p\u00ebr nd\u00ebrtimin e fjalive.<\/p>\n\n\n\n<h3 class=\"wp-block-heading\" id=\"h-2-articles\">2. Artikujt:<\/h3>\n\n\n\n<p>Armenishtja ka artikuj t\u00eb caktuar dhe t\u00eb pacaktuar, t\u00eb ngjash\u00ebm me anglishten. M\u00ebsoni se si t&#8217;i p\u00ebrdorni ato sakt\u00eb me emrat p\u00ebr t\u00eb treguar specifik\u00ebn dhe p\u00ebr t\u00eb krijuar fjali koherente.<\/p>\n\n\n\n<h3 class=\"wp-block-heading\" id=\"h-3-adjectives\">3. Mbiemra:<\/h3>\n\n\n\n<p>Mbiemrat jan\u00eb thelb\u00ebsor\u00eb p\u00ebr p\u00ebrshkrimin e emrave. Studioni rregullat p\u00ebr p\u00ebrdorimin e mbiemrave n\u00eb armenisht, duke p\u00ebrfshir\u00eb marr\u00ebveshjen me emrat n\u00eb gjini, num\u00ebr dhe rast.<\/p>\n\n\n\n<h3 class=\"wp-block-heading\" id=\"h-4-pronouns-determiners\">4. P\u00ebremrat\/p\u00ebrcaktuesit:<\/h3>\n\n\n\n<p>P\u00ebremrat z\u00ebvend\u00ebsojn\u00eb emrat n\u00eb fjali, nd\u00ebrsa p\u00ebrcaktuesit i specifikojn\u00eb dhe i p\u00ebrcaktojn\u00eb ato. M\u00ebsoni rreth llojeve t\u00eb ndryshme t\u00eb p\u00ebremrave (personal\u00eb, posesiv, demonstrativ, relativ\u00eb, pyet\u00ebs, refleksiv\u00eb) dhe p\u00ebrcaktuesve n\u00eb armenisht dhe p\u00ebrdorimin e <a href=\"https:\/\/talkpal.ai\/locations\/language-courses-in-tyre\/\">tyre<\/a>.<\/p>\n\n\n\n<h3 class=\"wp-block-heading\" id=\"h-5-verbs\">5. Foljet:<\/h3>\n\n\n\n<p>Foljet jan\u00eb fjal\u00ebt e veprimit t\u00eb nj\u00eb gjuhe. Njihuni me konjugimin e foljeve armene, foljet e rregullta dhe t\u00eb parregullta dhe format e ndryshme t\u00eb foljeve (pafund\u00ebsisht, <a href=\"https:\/\/talkpal.ai\/ja\/grammar_exercises\/imperatif-%e3%83%95%e3%83%a9%e3%83%b3%e3%82%b9%e3%81%ae%e6%96%87%e6%b3%95%e3%81%ae%e3%81%9f%e3%82%81%e3%81%ae%e6%bc%94%e7%bf%92\/\">imperativ<\/a>, n\u00ebnlidh\u00ebs).<\/p>\n\n\n\n<h3 class=\"wp-block-heading\" id=\"h-6-tenses\">6. Koh\u00ebt:<\/h3>\n\n\n\n<p>Armenishtja ka kat\u00ebr koh\u00eb foljesh: e tashmja, e kaluara, e ardhmja dhe aoriste. Studioni formimin dhe p\u00ebrdorimin e secilit koh\u00eb, si dhe ndryshimet midis formave t\u00eb thjeshta dhe t\u00eb vazhdueshme.<\/p>\n\n\n\n<h3 class=\"wp-block-heading\" id=\"h-7-tense-comparison\">7. Krahasimi i tensionit:<\/h3>\n\n\n\n<p>T\u00eb kuptuarit e nuancave midis koh\u00ebve t\u00eb ndryshme \u00ebsht\u00eb thelb\u00ebsor p\u00ebr komunikim efektiv. M\u00ebsoni se si t\u00eb krahasoni dhe kontrastoni koh\u00ebt armene p\u00ebr t\u00eb p\u00ebrcjell\u00eb me sakt\u00ebsi kuptimin tuaj t\u00eb synuar.<\/p>\n\n\n\n<h3 class=\"wp-block-heading\" id=\"h-8-progressive\">8. Progresive:<\/h3>\n\n\n\n<p>Aspekti progresiv n\u00eb armenisht tregon veprime t\u00eb vazhdueshme. M\u00ebsoni se si t\u00eb formoni dhe p\u00ebrdorni aspektin progresiv n\u00eb koh\u00eb t\u00eb ndryshme.<\/p>\n\n\n\n<h3 class=\"wp-block-heading\" id=\"h-9-perfect-progressive\">9. Progresiv i p\u00ebrsosur:<\/h3>\n\n\n\n<p>Progresivi i p\u00ebrsosur kombinon aspektet perfekte dhe progresive, duke treguar nj\u00eb veprim q\u00eb filloi n\u00eb t\u00eb kaluar\u00ebn dhe vazhdon n\u00eb t\u00eb tashmen. M\u00ebsoni formimin dhe p\u00ebrdorimin e tij n\u00eb armenisht.<\/p>\n\n\n\n<h3 class=\"wp-block-heading\" id=\"h-10-adverbs\">10. Ndajfoljet:<\/h3>\n\n\n\n<p>Ndajfoljet modifikojn\u00eb foljet, mbiemrat dhe ndajfoljet e tjera, duke ofruar informacion shtes\u00eb rreth veprimeve ose cil\u00ebsive. Studioni llojet e ndryshme t\u00eb ndajfoljeve n\u00eb armenisht dhe vendosjen e tyre n\u00eb fjali.<\/p>\n\n\n\n<h3 class=\"wp-block-heading\" id=\"h-11-prepositions\">11. Parafjal\u00ebt:<\/h3>\n\n\n\n<p>Parafjal\u00ebt n\u00eb armenisht jan\u00eb thelb\u00ebsore p\u00ebr t\u00eb treguar marr\u00ebdh\u00ebniet midis fjal\u00ebve, t\u00eb tilla si vendndodhja, drejtimi, koha dhe shkaku. M\u00ebsoni parafjal\u00ebt m\u00eb t\u00eb zakonshme armene dhe p\u00ebrdorimin e tyre.<\/p>\n\n\n\n<h3 class=\"wp-block-heading\" id=\"h-12-conditionals\">12. Kusht\u00ebzuese:<\/h3>\n\n\n\n<p>Kusht\u00ebzimet shprehin situata hipotetike dhe rezultatet e tyre t\u00eb mundshme. Studioni llojet e ndryshme t\u00eb kusht\u00ebzimeve n\u00eb armenisht (zero, i pari, i dyt\u00eb dhe i tret\u00eb) dhe format e tyre p\u00ebrkat\u00ebse t\u00eb foljes.<\/p>\n\n\n\n<h3 class=\"wp-block-heading\" id=\"h-13-sentences\">13. Fjalit\u00eb:<\/h3>\n\n\n\n<p>S\u00eb fundi, bashkoni t\u00eb gjith\u00eb element\u00ebt e gramatik\u00ebs p\u00ebr t\u00eb formuar fjali t\u00eb plota n\u00eb armenisht. M\u00ebsoni rreth strukturave t\u00eb ndryshme t\u00eb fjalive, renditjes s\u00eb fjal\u00ebve dhe rregullave t\u00eb pik\u00ebsimit.<\/p>\n<\/div><\/div>\n\r\n<section class=\"learnNavigationSection\">\r\n            \r\n        <a href=\"https:\/\/talkpal.ai\/sq\/meso-armenisht\/\">\r\n            <div class=\"learnNavigationWrapper\">\r\n                <div class=\"learnNavigationContent\">\r\n                    <img decoding=\"async\" src=\"https:\/\/talkpal.ai\/wp-content\/uploads\/2024\/08\/Armenian.jpg\" alt=\"Armenian Flag\">\r\n                    <div>\r\n                        <h4>Rreth m\u00ebsimit armen<\/h4>\r\n                        <p>M\u00ebsoni gjith\u00e7ka rreth gramatik\u00ebs armene.<\/p>\r\n                    <\/div>\r\n                <\/div>\r\n            <\/div>\r\n        <\/a>\r\n\r\n        \r\n        <a href=\"https:\/\/talkpal.ai\/sq\/gramatika-armene\/\">\r\n            <div class=\"learnNavigationWrapper\">\r\n                <div class=\"learnNavigationContent\">\r\n                    <img decoding=\"async\" src=\"https:\/\/talkpal.ai\/wp-content\/uploads\/2024\/08\/Armenian.jpg\" alt=\"Armenian Flag\">\r\n                    <div>\r\n                        <h4>M\u00ebsime t\u00eb gramatik\u00ebs armene<\/h4>\r\n                        <p>Praktikoni gramatik\u00ebn armene.<\/p>\r\n                    <\/div>\r\n                <\/div>\r\n            <\/div>\r\n        <\/a>\r\n\r\n        \r\n        <a href=\"https:\/\/talkpal.ai\/vocabulary_language\/armenian\/\">\r\n            <div class=\"learnNavigationWrapper\">\r\n                <div class=\"learnNavigationContent\">\r\n                    <img decoding=\"async\" src=\"https:\/\/talkpal.ai\/wp-content\/uploads\/2024\/08\/Armenian.jpg\" alt=\"Armenian Flag\">\r\n                    <div>\r\n                        <h4>Fjalori armen<\/h4>\r\n                        <p>Zgjeroni fjalorin tuaj armen.<\/p>\r\n                    <\/div>\r\n                <\/div>\r\n            <\/div>\r\n        <\/a>\r\n\r\n            <\/section>","protected":false},"excerpt":{"rendered":"<p>Temat e gramatik\u00ebs armene Armenishtja \u00ebsht\u00eb nj\u00eb gjuh\u00eb indo-evropiane e folur kryesisht n\u00eb Republik\u00ebn e Armenis\u00eb dhe nga diaspora armene n\u00eb t\u00eb gjith\u00eb globin. Me nj\u00eb histori t\u00eb gjat\u00eb dhe sistem unik shkrimi, armenishtja ofron nj\u00eb p\u00ebrvoj\u00eb magjeps\u00ebse gjuh\u00ebsore p\u00ebr nx\u00ebn\u00ebsit e gjuh\u00ebs. Si me \u00e7do gjuh\u00eb, t\u00eb kuptuarit e gramatik\u00ebs \u00ebsht\u00eb nj\u00eb pjes\u00eb thelb\u00ebsore [&hellip;]<\/p>\n","protected":false},"author":6,"featured_media":1442715,"parent":0,"menu_order":0,"comment_status":"closed","ping_status":"closed","template":"LearningContentPage.php","meta":{"_acf_changed":false,"footnotes":""},"class_list":["post-1446748","page","type-page","status-publish","has-post-thumbnail","hentry"],"acf":[],"yoast_head":"<!-- This site is optimized with the Yoast SEO Premium plugin v27.2 (Yoast SEO v27.2) - https:\/\/yoast.com\/product\/yoast-seo-premium-wordpress\/ -->\n<title>Ushtrimet gramatikore armene - Talkpal<\/title>\n<meta name=\"description\" content=\"Zot\u00ebroni gramatik\u00ebn armene me ushtrime t\u00ebrheq\u00ebse t\u00eb gramatik\u00ebs armene t\u00eb p\u00ebrshtatura nga TalkPal, m\u00ebsuesi juaj i gjuh\u00ebs me AI.\" \/>\n<meta name=\"robots\" content=\"index, follow, max-snippet:-1, max-image-preview:large, max-video-preview:-1\" \/>\n<link rel=\"canonical\" href=\"https:\/\/talkpal.ai\/sq\/ushtrimet-gramatikore-armene\/\" \/>\n<meta property=\"og:locale\" content=\"sq_AL\" \/>\n<meta property=\"og:type\" content=\"article\" \/>\n<meta property=\"og:title\" content=\"Ushtrimet gramatikore armene\" \/>\n<meta property=\"og:description\" content=\"Temat e gramatik\u00ebs armene Armenishtja \u00ebsht\u00eb nj\u00eb gjuh\u00eb indo-evropiane e folur kryesisht n\u00eb Republik\u00ebn e Armenis\u00eb dhe nga diaspora armene n\u00eb t\u00eb gjith\u00eb\" \/>\n<meta property=\"og:url\" content=\"https:\/\/talkpal.ai\/sq\/ushtrimet-gramatikore-armene\/\" \/>\n<meta property=\"og:site_name\" content=\"Talkpal\" \/>\n<meta property=\"article:publisher\" content=\"https:\/\/www.facebook.com\/profile.php?id=100090733639311\" \/>\n<meta property=\"article:modified_time\" content=\"2025-09-06T21:04:29+00:00\" \/>\n<meta property=\"og:image\" content=\"https:\/\/talkpal.ai\/wp-content\/uploads\/2023\/05\/armenia.png\" \/>\n\t<meta property=\"og:image:width\" content=\"512\" \/>\n\t<meta property=\"og:image:height\" content=\"512\" \/>\n\t<meta property=\"og:image:type\" content=\"image\/png\" \/>\n<meta name=\"twitter:card\" content=\"summary_large_image\" \/>\n<meta name=\"twitter:site\" content=\"@talkpalai\" \/>\n<meta name=\"twitter:label1\" content=\"Est. reading time\" \/>\n\t<meta name=\"twitter:data1\" content=\"3 minutes\" \/>\n<script type=\"application\/ld+json\" class=\"yoast-schema-graph\">{\"@context\":\"https:\/\/schema.org\",\"@graph\":[{\"@type\":\"WebPage\",\"@id\":\"https:\/\/talkpal.ai\/sq\/ushtrimet-gramatikore-armene\/\",\"url\":\"https:\/\/talkpal.ai\/sq\/ushtrimet-gramatikore-armene\/\",\"name\":\"Ushtrimet gramatikore armene - Talkpal\",\"isPartOf\":{\"@id\":\"https:\/\/talkpal.ai\/sq\/#website\"},\"primaryImageOfPage\":{\"@id\":\"https:\/\/talkpal.ai\/sq\/ushtrimet-gramatikore-armene\/#primaryimage\"},\"image\":{\"@id\":\"https:\/\/talkpal.ai\/sq\/ushtrimet-gramatikore-armene\/#primaryimage\"},\"thumbnailUrl\":\"https:\/\/talkpal.ai\/wp-content\/uploads\/2023\/05\/armenia.png\",\"datePublished\":\"2023-06-16T11:31:43+00:00\",\"dateModified\":\"2025-09-06T21:04:29+00:00\",\"description\":\"Zot\u00ebroni gramatik\u00ebn armene me ushtrime t\u00ebrheq\u00ebse t\u00eb gramatik\u00ebs armene t\u00eb p\u00ebrshtatura nga TalkPal, m\u00ebsuesi juaj i gjuh\u00ebs me AI.\",\"breadcrumb\":{\"@id\":\"https:\/\/talkpal.ai\/sq\/ushtrimet-gramatikore-armene\/#breadcrumb\"},\"inLanguage\":\"sq-AL\",\"potentialAction\":[{\"@type\":\"ReadAction\",\"target\":[\"https:\/\/talkpal.ai\/sq\/ushtrimet-gramatikore-armene\/\"]}]},{\"@type\":\"ImageObject\",\"inLanguage\":\"sq-AL\",\"@id\":\"https:\/\/talkpal.ai\/sq\/ushtrimet-gramatikore-armene\/#primaryimage\",\"url\":\"https:\/\/talkpal.ai\/wp-content\/uploads\/2023\/05\/armenia.png\",\"contentUrl\":\"https:\/\/talkpal.ai\/wp-content\/uploads\/2023\/05\/armenia.png\",\"width\":512,\"height\":512,\"caption\":\"TalkPal Armenia Flag\"},{\"@type\":\"BreadcrumbList\",\"@id\":\"https:\/\/talkpal.ai\/sq\/ushtrimet-gramatikore-armene\/#breadcrumb\",\"itemListElement\":[{\"@type\":\"ListItem\",\"position\":1,\"name\":\"Homepage\",\"item\":\"https:\/\/talkpal.ai\/sq\/\"},{\"@type\":\"ListItem\",\"position\":2,\"name\":\"Ushtrimet gramatikore armene\"}]},{\"@type\":\"WebSite\",\"@id\":\"https:\/\/talkpal.ai\/sq\/#website\",\"url\":\"https:\/\/talkpal.ai\/sq\/\",\"name\":\"Talkpal\",\"description\":\"AI Language Learning\",\"publisher\":{\"@id\":\"https:\/\/talkpal.ai\/sq\/#organization\"},\"alternateName\":\"Talkpal AI\",\"potentialAction\":[{\"@type\":\"SearchAction\",\"target\":{\"@type\":\"EntryPoint\",\"urlTemplate\":\"https:\/\/talkpal.ai\/sq\/?s={search_term_string}\"},\"query-input\":{\"@type\":\"PropertyValueSpecification\",\"valueRequired\":true,\"valueName\":\"search_term_string\"}}],\"inLanguage\":\"sq-AL\"},{\"@type\":\"Organization\",\"@id\":\"https:\/\/talkpal.ai\/sq\/#organization\",\"name\":\"Talkpal, Inc.\",\"alternateName\":\"Talkpal AI\",\"url\":\"https:\/\/talkpal.ai\/sq\/\",\"logo\":{\"@type\":\"ImageObject\",\"inLanguage\":\"sq-AL\",\"@id\":\"https:\/\/talkpal.ai\/sq\/#\/schema\/logo\/image\/\",\"url\":\"https:\/\/talkpal.ai\/wp-content\/uploads\/2024\/03\/Talkpal-Logo-Icon.png\",\"contentUrl\":\"https:\/\/talkpal.ai\/wp-content\/uploads\/2024\/03\/Talkpal-Logo-Icon.png\",\"width\":2880,\"height\":2880,\"caption\":\"Talkpal, Inc.\"},\"image\":{\"@id\":\"https:\/\/talkpal.ai\/sq\/#\/schema\/logo\/image\/\"},\"sameAs\":[\"https:\/\/www.facebook.com\/profile.php?id=100090733639311\",\"https:\/\/x.com\/talkpalai\",\"https:\/\/www.linkedin.com\/company\/talkpal\/\",\"https:\/\/www.youtube.com\/@TalkPal\/\",\"https:\/\/www.tiktok.com\/@talkpal\",\"https:\/\/www.instagram.com\/talkpal_ai\/\",\"https:\/\/www.crunchbase.com\/organization\/talkpal-9cde\",\"https:\/\/www.g2.com\/products\/talkpal-for-business\/\",\"https:\/\/www.trustpilot.com\/review\/talkpal.ai\",\"https:\/\/www.capterra.com\/p\/10006800\/TalkPal\/\"],\"description\":\"Talkpal is a language learning web and mobile education app, powered by the latest AI technologies, that provides engaging experiences to its customers in many different languages to help them improve their language skills. Users can chat about unlimited amount of topics with the app and use other modes to practice their language learning.\",\"email\":\"support@talkpal.ai\",\"legalName\":\"Talkpal, Inc.\",\"foundingDate\":\"2023-04-03\",\"duns\":\"118989042\",\"numberOfEmployees\":{\"@type\":\"QuantitativeValue\",\"minValue\":\"11\",\"maxValue\":\"50\"},\"publishingPrinciples\":\"https:\/\/talkpal.ai\/publishing-principles\/\",\"actionableFeedbackPolicy\":\"https:\/\/talkpal.ai\/actionable-feedback-policy\/\",\"correctionsPolicy\":\"https:\/\/talkpal.ai\/corrections-policy\/\",\"ethicsPolicy\":\"https:\/\/talkpal.ai\/ethics-policy\/\",\"diversityPolicy\":\"https:\/\/talkpal.ai\/diversity-policy\/\",\"diversityStaffingReport\":\"https:\/\/talkpal.ai\/diversity-policy\/\"}]}<\/script>\n<!-- \/ Yoast SEO Premium plugin. -->","yoast_head_json":{"title":"Ushtrimet gramatikore armene - Talkpal","description":"Zot\u00ebroni gramatik\u00ebn armene me ushtrime t\u00ebrheq\u00ebse t\u00eb gramatik\u00ebs armene t\u00eb p\u00ebrshtatura nga TalkPal, m\u00ebsuesi juaj i gjuh\u00ebs me AI.","robots":{"index":"index","follow":"follow","max-snippet":"max-snippet:-1","max-image-preview":"max-image-preview:large","max-video-preview":"max-video-preview:-1"},"canonical":"https:\/\/talkpal.ai\/sq\/ushtrimet-gramatikore-armene\/","og_locale":"sq_AL","og_type":"article","og_title":"Ushtrimet gramatikore armene","og_description":"Temat e gramatik\u00ebs armene Armenishtja \u00ebsht\u00eb nj\u00eb gjuh\u00eb indo-evropiane e folur kryesisht n\u00eb Republik\u00ebn e Armenis\u00eb dhe nga diaspora armene n\u00eb t\u00eb gjith\u00eb","og_url":"https:\/\/talkpal.ai\/sq\/ushtrimet-gramatikore-armene\/","og_site_name":"Talkpal","article_publisher":"https:\/\/www.facebook.com\/profile.php?id=100090733639311","article_modified_time":"2025-09-06T21:04:29+00:00","og_image":[{"width":512,"height":512,"url":"https:\/\/talkpal.ai\/wp-content\/uploads\/2023\/05\/armenia.png","type":"image\/png"}],"twitter_card":"summary_large_image","twitter_site":"@talkpalai","twitter_misc":{"Est. reading time":"3 minutes"},"schema":{"@context":"https:\/\/schema.org","@graph":[{"@type":"WebPage","@id":"https:\/\/talkpal.ai\/sq\/ushtrimet-gramatikore-armene\/","url":"https:\/\/talkpal.ai\/sq\/ushtrimet-gramatikore-armene\/","name":"Ushtrimet gramatikore armene - Talkpal","isPartOf":{"@id":"https:\/\/talkpal.ai\/sq\/#website"},"primaryImageOfPage":{"@id":"https:\/\/talkpal.ai\/sq\/ushtrimet-gramatikore-armene\/#primaryimage"},"image":{"@id":"https:\/\/talkpal.ai\/sq\/ushtrimet-gramatikore-armene\/#primaryimage"},"thumbnailUrl":"https:\/\/talkpal.ai\/wp-content\/uploads\/2023\/05\/armenia.png","datePublished":"2023-06-16T11:31:43+00:00","dateModified":"2025-09-06T21:04:29+00:00","description":"Zot\u00ebroni gramatik\u00ebn armene me ushtrime t\u00ebrheq\u00ebse t\u00eb gramatik\u00ebs armene t\u00eb p\u00ebrshtatura nga TalkPal, m\u00ebsuesi juaj i gjuh\u00ebs me AI.","breadcrumb":{"@id":"https:\/\/talkpal.ai\/sq\/ushtrimet-gramatikore-armene\/#breadcrumb"},"inLanguage":"sq-AL","potentialAction":[{"@type":"ReadAction","target":["https:\/\/talkpal.ai\/sq\/ushtrimet-gramatikore-armene\/"]}]},{"@type":"ImageObject","inLanguage":"sq-AL","@id":"https:\/\/talkpal.ai\/sq\/ushtrimet-gramatikore-armene\/#primaryimage","url":"https:\/\/talkpal.ai\/wp-content\/uploads\/2023\/05\/armenia.png","contentUrl":"https:\/\/talkpal.ai\/wp-content\/uploads\/2023\/05\/armenia.png","width":512,"height":512,"caption":"TalkPal Armenia Flag"},{"@type":"BreadcrumbList","@id":"https:\/\/talkpal.ai\/sq\/ushtrimet-gramatikore-armene\/#breadcrumb","itemListElement":[{"@type":"ListItem","position":1,"name":"Homepage","item":"https:\/\/talkpal.ai\/sq\/"},{"@type":"ListItem","position":2,"name":"Ushtrimet gramatikore armene"}]},{"@type":"WebSite","@id":"https:\/\/talkpal.ai\/sq\/#website","url":"https:\/\/talkpal.ai\/sq\/","name":"Talkpal","description":"AI Language Learning","publisher":{"@id":"https:\/\/talkpal.ai\/sq\/#organization"},"alternateName":"Talkpal AI","potentialAction":[{"@type":"SearchAction","target":{"@type":"EntryPoint","urlTemplate":"https:\/\/talkpal.ai\/sq\/?s={search_term_string}"},"query-input":{"@type":"PropertyValueSpecification","valueRequired":true,"valueName":"search_term_string"}}],"inLanguage":"sq-AL"},{"@type":"Organization","@id":"https:\/\/talkpal.ai\/sq\/#organization","name":"Talkpal, Inc.","alternateName":"Talkpal AI","url":"https:\/\/talkpal.ai\/sq\/","logo":{"@type":"ImageObject","inLanguage":"sq-AL","@id":"https:\/\/talkpal.ai\/sq\/#\/schema\/logo\/image\/","url":"https:\/\/talkpal.ai\/wp-content\/uploads\/2024\/03\/Talkpal-Logo-Icon.png","contentUrl":"https:\/\/talkpal.ai\/wp-content\/uploads\/2024\/03\/Talkpal-Logo-Icon.png","width":2880,"height":2880,"caption":"Talkpal, Inc."},"image":{"@id":"https:\/\/talkpal.ai\/sq\/#\/schema\/logo\/image\/"},"sameAs":["https:\/\/www.facebook.com\/profile.php?id=100090733639311","https:\/\/x.com\/talkpalai","https:\/\/www.linkedin.com\/company\/talkpal\/","https:\/\/www.youtube.com\/@TalkPal\/","https:\/\/www.tiktok.com\/@talkpal","https:\/\/www.instagram.com\/talkpal_ai\/","https:\/\/www.crunchbase.com\/organization\/talkpal-9cde","https:\/\/www.g2.com\/products\/talkpal-for-business\/","https:\/\/www.trustpilot.com\/review\/talkpal.ai","https:\/\/www.capterra.com\/p\/10006800\/TalkPal\/"],"description":"Talkpal is a language learning web and mobile education app, powered by the latest AI technologies, that provides engaging experiences to its customers in many different languages to help them improve their language skills. Users can chat about unlimited amount of topics with the app and use other modes to practice their language learning.","email":"support@talkpal.ai","legalName":"Talkpal, Inc.","foundingDate":"2023-04-03","duns":"118989042","numberOfEmployees":{"@type":"QuantitativeValue","minValue":"11","maxValue":"50"},"publishingPrinciples":"https:\/\/talkpal.ai\/publishing-principles\/","actionableFeedbackPolicy":"https:\/\/talkpal.ai\/actionable-feedback-policy\/","correctionsPolicy":"https:\/\/talkpal.ai\/corrections-policy\/","ethicsPolicy":"https:\/\/talkpal.ai\/ethics-policy\/","diversityPolicy":"https:\/\/talkpal.ai\/diversity-policy\/","diversityStaffingReport":"https:\/\/talkpal.ai\/diversity-policy\/"}]}},"_links":{"self":[{"href":"https:\/\/talkpal.ai\/sq\/wp-json\/wp\/v2\/pages\/1446748","targetHints":{"allow":["GET"]}}],"collection":[{"href":"https:\/\/talkpal.ai\/sq\/wp-json\/wp\/v2\/pages"}],"about":[{"href":"https:\/\/talkpal.ai\/sq\/wp-json\/wp\/v2\/types\/page"}],"author":[{"embeddable":true,"href":"https:\/\/talkpal.ai\/sq\/wp-json\/wp\/v2\/users\/6"}],"replies":[{"embeddable":true,"href":"https:\/\/talkpal.ai\/sq\/wp-json\/wp\/v2\/comments?post=1446748"}],"version-history":[{"count":0,"href":"https:\/\/talkpal.ai\/sq\/wp-json\/wp\/v2\/pages\/1446748\/revisions"}],"wp:featuredmedia":[{"embeddable":true,"href":"https:\/\/talkpal.ai\/sq\/wp-json\/wp\/v2\/media\/1442715"}],"wp:attachment":[{"href":"https:\/\/talkpal.ai\/sq\/wp-json\/wp\/v2\/media?parent=1446748"}],"curies":[{"name":"wp","href":"https:\/\/api.w.org\/{rel}","templated":true}]}}