{"id":1446744,"date":"2023-06-16T12:01:29","date_gmt":"2023-06-16T12:01:29","guid":{"rendered":"https:\/\/talkpal.ai\/ushtrimet-gramatikore-boshnjake\/"},"modified":"2025-09-06T21:04:28","modified_gmt":"2025-09-06T21:04:28","slug":"ushtrimet-gramatikore-boshnjake","status":"publish","type":"page","link":"https:\/\/talkpal.ai\/sq\/ushtrimet-gramatikore-boshnjake\/","title":{"rendered":"Ushtrimet gramatikore boshnjake"},"content":{"rendered":"\r\n\r\n\r\n<section class=\"languageChallengeSection\">\r\n    <div class=\"languageInfoWrapper\">\r\n        \r\n        <h1>Ushtrimet gramatikore boshnjake<\/h1>\r\n        <p>Gati t\u00eb jeni m\u00eb t\u00eb sigurt n\u00eb gjuh\u00ebn boshnjake? Praktikimi i ushtrimeve gramatikore \u00ebsht\u00eb nj\u00eb m\u00ebnyr\u00eb e shk\u00eblqyer p\u00ebr t\u00eb zot\u00ebruar struktur\u00ebn e fjalis\u00eb, format e foljeve dhe modelet dalluese t\u00eb gjuh\u00ebs boshnjake. Filloni t\u00eb punoni n\u00eb gramatik\u00ebn boshnjake sot dhe shihni t\u00eb kuptuarit dhe rrjedhshm\u00ebrin\u00eb tuaj t\u00eb rriten me \u00e7do ushtrim!\r\n\r\n<\/p>\r\n\r\n                            <a class=\"getStartedHidden\" href=\"https:\/\/app.talkpal.ai\/signup?lng=\">Filloni<\/a>\r\n        \r\n    <\/div>\r\n\r\n    <figure>\r\n    <img decoding=\"async\" width=\"768\" height=\"768\" src=\"https:\/\/talkpal.ai\/wp-content\/uploads\/2023\/06\/bosinian-768x768.png\" class=\"languageImage no-lazy\" alt=\"Language learning for increasing employability\" fetchpriority=\"high\" sizes=\"(max-width: 768px) 150px, 768px\" srcset=\"https:\/\/talkpal.ai\/wp-content\/uploads\/2023\/06\/bosinian-768x768.png 768w, https:\/\/talkpal.ai\/wp-content\/uploads\/2023\/06\/bosinian-300x300.png 300w\" \/>\r\n    \r\n\r\n    <\/figure>\r\n\r\n            <a class=\"getStartedVisible\" href=\"https:\/\/app.talkpal.ai\/signup?lng=\">Filloni<\/a>\r\n    \r\n<\/section>\r\n\r\n\r\n<!-- <section class=\"grammarSection\">\r\n    <div class=\"grammarLinks\">\r\n            <\/div>\r\n<\/section> -->\r\n\r\n\r\n\r\n\r\n<section class=\"promotionalBanner\">\r\n    <p class=\"promotionalText\">M\u00ebnyra m\u00eb efikase p\u00ebr t\u00eb m\u00ebsuar nj\u00eb gjuh\u00eb<\/p>\r\n    <a class=\"promotionalLink\" href=\"https:\/\/app.talkpal.ai\/signup?lng=\">Provoni Talkpal falas<\/a>\r\n<\/section>\n<div class=\"wp-block-group pageContainerStyle\"><div class=\"wp-block-group__inner-container is-layout-constrained wp-block-group-is-layout-constrained\">\n<h2 class=\"wp-block-heading\" id=\"h-bosnian-grammar-topics\">Temat e gramatik\u00ebs boshnjake<\/h2>\n\n\n\n<p>Boshnjakishtja \u00ebsht\u00eb nj\u00eb gjuh\u00eb sllave jugore q\u00eb flitet kryesisht n\u00eb Bosnje dhe Hercegovin\u00eb, <a href=\"https:\/\/talkpal.ai\/learn-serbian\/\">Serbi<\/a>, Mal t\u00eb Zi dhe Kroaci. \u00cbsht\u00eb reciprokisht i kuptuesh\u00ebm me serbishten dhe kroatishten dhe \u00ebsht\u00eb pjes\u00eb e gjuh\u00ebs s\u00eb standardizuar serbo-kroate. M\u00ebsimi i gjuh\u00ebs boshnjake mund t\u00eb jet\u00eb nj\u00eb p\u00ebrvoj\u00eb magjeps\u00ebse dhe shp\u00ebrblyese, pasi ofron njohuri p\u00ebr historin\u00eb, kultur\u00ebn dhe traditat e pasur t\u00eb rajonit t\u00eb Ballkanit. P\u00ebr t\u00eb m\u00ebsuar boshnjakisht n\u00eb m\u00ebnyr\u00eb efektive, \u00ebsht\u00eb thelb\u00ebsore t\u00eb kuptoni sistemin e tij gramatikor, i cili p\u00ebrfshin koh\u00eb t\u00eb ndryshme, forma emrash dhe mbiemrash dhe struktura fjalish. N\u00eb k\u00ebt\u00eb udh\u00ebzues, ne do t\u00eb shqyrtojm\u00eb sekuenc\u00ebn e temave t\u00eb gramatik\u00ebs boshnjake p\u00ebr t&#8217;ju ndihmuar t\u00eb zot\u00ebroni gjuh\u00ebn n\u00eb m\u00ebnyr\u00eb efikase.<\/p>\n\n\n\n<h3 class=\"wp-block-heading\" id=\"h-1-nouns-and-articles\">1. Emrat dhe artikujt:<\/h3>\n\n\n\n<p>Filloni duke m\u00ebsuar emrat, t\u00eb cil\u00ebt ndahen n\u00eb tre gjini (mashkullore, fem\u00ebrore, neutre) dhe kan\u00eb forma nj\u00ebj\u00ebs dhe shum\u00ebs. Boshnjakishtja nuk ka artikuj si anglishtja, por p\u00ebrdor p\u00ebremra demonstrativ\u00eb p\u00ebr t\u00eb treguar specifik\u00ebn.<\/p>\n\n\n\n<h3 class=\"wp-block-heading\" id=\"h-2-adjectives\">2. Mbiemra:<\/h3>\n\n\n\n<p>Mbiemrat pajtohen me emrat n\u00eb gjini, num\u00ebr dhe rast. M\u00ebsoni <a href=\"https:\/\/talkpal.ai\/culture\/what-is-the-difference-between-se-and-si\/\">se si<\/a> t\u00eb formoni dhe p\u00ebrdorni mbiemra p\u00ebr t\u00eb p\u00ebrshkruar emrat me sakt\u00ebsi.<\/p>\n\n\n\n<h3 class=\"wp-block-heading\" id=\"h-3-pronouns-determiners\">3. P\u00ebremrat\/p\u00ebrcaktuesit:<\/h3>\n\n\n\n<p>P\u00ebremrat dhe p\u00ebrcaktuesit boshnjak\u00eb gjithashtu pajtohen me emrat n\u00eb gjini, num\u00ebr dhe rast. Studioni p\u00ebremrat personal\u00eb, posesiv, demonstrativ\u00eb dhe pyet\u00ebs p\u00ebr t\u00eb p\u00ebrmir\u00ebsuar aft\u00ebsit\u00eb tuaja t\u00eb komunikimit.<\/p>\n\n\n\n<h3 class=\"wp-block-heading\" id=\"h-4-verbs\">4. Foljet:<\/h3>\n\n\n\n<p>Njihuni me foljet e rregullta dhe t\u00eb parregullta, modelet e <a href=\"https:\/\/talkpal.ai\/locations\/language-courses-in-tyre\/\">tyre<\/a> t\u00eb konjugimit dhe dallimin midis aspekteve perfekte dhe t\u00eb pap\u00ebrsosura.<\/p>\n\n\n\n<h3 class=\"wp-block-heading\" id=\"h-5-tenses\">5. Koh\u00ebt:<\/h3>\n\n\n\n<p>Boshnjakishtja ka tre koh\u00eb: e kaluara, e tashmja dhe e ardhmja. M\u00ebsoni se si t&#8217;i formoni dhe p\u00ebrdorni k\u00ebto koh\u00eb p\u00ebr t\u00eb shprehur veprime dhe ngjarje n\u00eb afate t\u00eb ndryshme kohore.<\/p>\n\n\n\n<h3 class=\"wp-block-heading\" id=\"h-6-tense-comparison\">6. Krahasimi i tensionuar:<\/h3>\n\n\n\n<p>Kuptoni ndryshimet dhe ngjashm\u00ebrit\u00eb midis koh\u00ebve, duke u fokusuar n\u00eb p\u00ebrdorimin e tyre n\u00eb kontekste t\u00eb ndryshme.<\/p>\n\n\n\n<h3 class=\"wp-block-heading\" id=\"h-7-progressive-and-perfect-progressive\">7. Progresiv dhe progresiv i p\u00ebrsosur:<\/h3>\n\n\n\n<p>Boshnjakishtja nuk ka nj\u00eb ekuivalent t\u00eb drejtp\u00ebrdrejt\u00eb me koh\u00ebt progresive dhe progresive t\u00eb p\u00ebrsosura angleze. Megjithat\u00eb, <a href=\"https:\/\/talkpal.ai\/speaking-with-ai\/\">ai<\/a> p\u00ebrdor aspektin verbal (perfekt dhe t\u00eb pap\u00ebrsosur) p\u00ebr t\u00eb p\u00ebrcjell\u00eb kuptime t\u00eb ngjashme.<\/p>\n\n\n\n<h3 class=\"wp-block-heading\" id=\"h-8-adverbs\">8. Ndajfoljet:<\/h3>\n\n\n\n<p>Studioni ndajfoljet dhe vendosjen e tyre n\u00eb fjali p\u00ebr t\u00eb shprehur koh\u00ebn, m\u00ebnyr\u00ebn dhe shkall\u00ebn.<\/p>\n\n\n\n<h3 class=\"wp-block-heading\" id=\"h-9-conditionals\">9. Kusht\u00ebzuese:<\/h3>\n\n\n\n<p>M\u00ebsoni se si t\u00eb formoni dhe p\u00ebrdorni fjali t\u00eb kusht\u00ebzuara (reale dhe joreale) p\u00ebr t\u00eb shprehur situatat hipotetike dhe pasojat e tyre.<\/p>\n\n\n\n<h3 class=\"wp-block-heading\" id=\"h-10-prepositions\">10. Parafjal\u00ebt:<\/h3>\n\n\n\n<p>Parafjal\u00ebt jan\u00eb thelb\u00ebsore p\u00ebr t\u00eb treguar marr\u00ebdh\u00ebniet midis fjal\u00ebve dhe frazave. M\u00ebsoni se si t&#8217;i p\u00ebrdorni ato me sakt\u00ebsi n\u00eb kontekste t\u00eb ndryshme.<\/p>\n\n\n\n<h3 class=\"wp-block-heading\" id=\"h-11-sentences\">11. Fjalit\u00eb:<\/h3>\n\n\n\n<p>S\u00eb fundi, praktikoni nd\u00ebrtimin e fjalive t\u00eb thjeshta dhe komplekse duke p\u00ebrdorur t\u00eb gjith\u00eb element\u00ebt gramatikor\u00eb q\u00eb keni m\u00ebsuar. Kjo do t&#8217;ju ndihmoj\u00eb t\u00eb zhvilloni nj\u00eb baz\u00eb t\u00eb fort\u00eb n\u00eb gjuh\u00ebn boshnjake dhe do t&#8217;ju mund\u00ebsoj\u00eb t\u00eb komunikoni n\u00eb m\u00ebnyr\u00eb efektive me fol\u00ebsit amtare.<\/p>\n<\/div><\/div>\n\r\n<section class=\"learnNavigationSection\">\r\n            \r\n        <a href=\"https:\/\/talkpal.ai\/sq\/mesoni-gjuhen-boshnjake\/\">\r\n            <div class=\"learnNavigationWrapper\">\r\n                <div class=\"learnNavigationContent\">\r\n                    <img decoding=\"async\" src=\"https:\/\/talkpal.ai\/wp-content\/uploads\/2024\/08\/Bosnian.jpg\" alt=\"Bosnian Flag\">\r\n                    <div>\r\n                        <h4>Rreth t\u00eb m\u00ebsuarit boshnjak<\/h4>\r\n                        <p>M\u00ebsoni gjith\u00e7ka rreth gramatik\u00ebs boshnjake.<\/p>\r\n                    <\/div>\r\n                <\/div>\r\n            <\/div>\r\n        <\/a>\r\n\r\n        \r\n        <a href=\"https:\/\/talkpal.ai\/sq\/gramatika-boshnjake\/\">\r\n            <div class=\"learnNavigationWrapper\">\r\n                <div class=\"learnNavigationContent\">\r\n                    <img decoding=\"async\" src=\"https:\/\/talkpal.ai\/wp-content\/uploads\/2024\/08\/Bosnian.jpg\" alt=\"Bosnian Flag\">\r\n                    <div>\r\n                        <h4>M\u00ebsimet e gramatik\u00ebs boshnjake<\/h4>\r\n                        <p>Praktikoni gramatik\u00ebn boshnjake.<\/p>\r\n                    <\/div>\r\n                <\/div>\r\n            <\/div>\r\n        <\/a>\r\n\r\n        \r\n        <a href=\"https:\/\/talkpal.ai\/vocabulary_language\/bosnian\/\">\r\n            <div class=\"learnNavigationWrapper\">\r\n                <div class=\"learnNavigationContent\">\r\n                    <img decoding=\"async\" src=\"https:\/\/talkpal.ai\/wp-content\/uploads\/2024\/08\/Bosnian.jpg\" alt=\"Bosnian Flag\">\r\n                    <div>\r\n                        <h4>Fjalori boshnjak<\/h4>\r\n                        <p>Zgjeroni fjalorin tuaj boshnjak.<\/p>\r\n                    <\/div>\r\n                <\/div>\r\n            <\/div>\r\n        <\/a>\r\n\r\n            <\/section>","protected":false},"excerpt":{"rendered":"<p>Temat e gramatik\u00ebs boshnjake Boshnjakishtja \u00ebsht\u00eb nj\u00eb gjuh\u00eb sllave jugore q\u00eb flitet kryesisht n\u00eb Bosnje dhe Hercegovin\u00eb, Serbi, Mal t\u00eb Zi dhe Kroaci. \u00cbsht\u00eb reciprokisht i kuptuesh\u00ebm me serbishten dhe kroatishten dhe \u00ebsht\u00eb pjes\u00eb e gjuh\u00ebs s\u00eb standardizuar serbo-kroate. M\u00ebsimi i gjuh\u00ebs boshnjake mund t\u00eb jet\u00eb nj\u00eb p\u00ebrvoj\u00eb magjeps\u00ebse dhe shp\u00ebrblyese, pasi ofron njohuri p\u00ebr [&hellip;]<\/p>\n","protected":false},"author":6,"featured_media":1442816,"parent":0,"menu_order":0,"comment_status":"closed","ping_status":"closed","template":"LearningContentPage.php","meta":{"_acf_changed":false,"footnotes":""},"class_list":["post-1446744","page","type-page","status-publish","has-post-thumbnail","hentry"],"acf":[],"yoast_head":"<!-- This site is optimized with the Yoast SEO Premium plugin v27.2 (Yoast SEO v27.2) - https:\/\/yoast.com\/product\/yoast-seo-premium-wordpress\/ -->\n<title>Ushtrimet gramatikore boshnjake - Talkpal<\/title>\n<meta name=\"description\" content=\"Zot\u00ebroni boshnjakisht me ushtrime t\u00ebrheq\u00ebse t\u00eb gramatik\u00ebs boshnjake t\u00eb dizajnuara p\u00ebr t\u00eb p\u00ebrmir\u00ebsuar t\u00eb kuptuarit tuaj t\u00eb strukturave dhe koh\u00ebve t\u00eb fjalive.\" \/>\n<meta name=\"robots\" content=\"index, follow, max-snippet:-1, max-image-preview:large, max-video-preview:-1\" \/>\n<link rel=\"canonical\" href=\"https:\/\/talkpal.ai\/sq\/ushtrimet-gramatikore-boshnjake\/\" \/>\n<meta property=\"og:locale\" content=\"sq_AL\" \/>\n<meta property=\"og:type\" content=\"article\" \/>\n<meta property=\"og:title\" content=\"Ushtrimet gramatikore boshnjake\" \/>\n<meta property=\"og:description\" content=\"Temat e gramatik\u00ebs boshnjake Boshnjakishtja \u00ebsht\u00eb nj\u00eb gjuh\u00eb sllave jugore q\u00eb flitet kryesisht n\u00eb Bosnje dhe Hercegovin\u00eb, Serbi, Mal t\u00eb Zi dhe Kroaci.\" \/>\n<meta property=\"og:url\" content=\"https:\/\/talkpal.ai\/sq\/ushtrimet-gramatikore-boshnjake\/\" \/>\n<meta property=\"og:site_name\" content=\"Talkpal\" \/>\n<meta property=\"article:publisher\" content=\"https:\/\/www.facebook.com\/profile.php?id=100090733639311\" \/>\n<meta property=\"article:modified_time\" content=\"2025-09-06T21:04:28+00:00\" \/>\n<meta property=\"og:image\" content=\"https:\/\/talkpal.ai\/wp-content\/uploads\/2023\/05\/bosnia-and-herzegovina.png\" \/>\n\t<meta property=\"og:image:width\" content=\"512\" \/>\n\t<meta property=\"og:image:height\" content=\"512\" \/>\n\t<meta property=\"og:image:type\" content=\"image\/png\" \/>\n<meta name=\"twitter:card\" content=\"summary_large_image\" \/>\n<meta name=\"twitter:site\" content=\"@talkpalai\" \/>\n<meta name=\"twitter:label1\" content=\"Est. reading time\" \/>\n\t<meta name=\"twitter:data1\" content=\"3 minutes\" \/>\n<script type=\"application\/ld+json\" class=\"yoast-schema-graph\">{\"@context\":\"https:\/\/schema.org\",\"@graph\":[{\"@type\":\"WebPage\",\"@id\":\"https:\/\/talkpal.ai\/sq\/ushtrimet-gramatikore-boshnjake\/\",\"url\":\"https:\/\/talkpal.ai\/sq\/ushtrimet-gramatikore-boshnjake\/\",\"name\":\"Ushtrimet gramatikore boshnjake - Talkpal\",\"isPartOf\":{\"@id\":\"https:\/\/talkpal.ai\/sq\/#website\"},\"primaryImageOfPage\":{\"@id\":\"https:\/\/talkpal.ai\/sq\/ushtrimet-gramatikore-boshnjake\/#primaryimage\"},\"image\":{\"@id\":\"https:\/\/talkpal.ai\/sq\/ushtrimet-gramatikore-boshnjake\/#primaryimage\"},\"thumbnailUrl\":\"https:\/\/talkpal.ai\/wp-content\/uploads\/2023\/05\/bosnia-and-herzegovina.png\",\"datePublished\":\"2023-06-16T12:01:29+00:00\",\"dateModified\":\"2025-09-06T21:04:28+00:00\",\"description\":\"Zot\u00ebroni boshnjakisht me ushtrime t\u00ebrheq\u00ebse t\u00eb gramatik\u00ebs boshnjake t\u00eb dizajnuara p\u00ebr t\u00eb p\u00ebrmir\u00ebsuar t\u00eb kuptuarit tuaj t\u00eb strukturave dhe koh\u00ebve t\u00eb fjalive.\",\"breadcrumb\":{\"@id\":\"https:\/\/talkpal.ai\/sq\/ushtrimet-gramatikore-boshnjake\/#breadcrumb\"},\"inLanguage\":\"sq-AL\",\"potentialAction\":[{\"@type\":\"ReadAction\",\"target\":[\"https:\/\/talkpal.ai\/sq\/ushtrimet-gramatikore-boshnjake\/\"]}]},{\"@type\":\"ImageObject\",\"inLanguage\":\"sq-AL\",\"@id\":\"https:\/\/talkpal.ai\/sq\/ushtrimet-gramatikore-boshnjake\/#primaryimage\",\"url\":\"https:\/\/talkpal.ai\/wp-content\/uploads\/2023\/05\/bosnia-and-herzegovina.png\",\"contentUrl\":\"https:\/\/talkpal.ai\/wp-content\/uploads\/2023\/05\/bosnia-and-herzegovina.png\",\"width\":512,\"height\":512,\"caption\":\"TalkPal Bosnia and herzegovina Flag\"},{\"@type\":\"BreadcrumbList\",\"@id\":\"https:\/\/talkpal.ai\/sq\/ushtrimet-gramatikore-boshnjake\/#breadcrumb\",\"itemListElement\":[{\"@type\":\"ListItem\",\"position\":1,\"name\":\"Homepage\",\"item\":\"https:\/\/talkpal.ai\/sq\/\"},{\"@type\":\"ListItem\",\"position\":2,\"name\":\"Ushtrimet gramatikore boshnjake\"}]},{\"@type\":\"WebSite\",\"@id\":\"https:\/\/talkpal.ai\/sq\/#website\",\"url\":\"https:\/\/talkpal.ai\/sq\/\",\"name\":\"Talkpal\",\"description\":\"AI Language Learning\",\"publisher\":{\"@id\":\"https:\/\/talkpal.ai\/sq\/#organization\"},\"alternateName\":\"Talkpal AI\",\"potentialAction\":[{\"@type\":\"SearchAction\",\"target\":{\"@type\":\"EntryPoint\",\"urlTemplate\":\"https:\/\/talkpal.ai\/sq\/?s={search_term_string}\"},\"query-input\":{\"@type\":\"PropertyValueSpecification\",\"valueRequired\":true,\"valueName\":\"search_term_string\"}}],\"inLanguage\":\"sq-AL\"},{\"@type\":\"Organization\",\"@id\":\"https:\/\/talkpal.ai\/sq\/#organization\",\"name\":\"Talkpal, Inc.\",\"alternateName\":\"Talkpal AI\",\"url\":\"https:\/\/talkpal.ai\/sq\/\",\"logo\":{\"@type\":\"ImageObject\",\"inLanguage\":\"sq-AL\",\"@id\":\"https:\/\/talkpal.ai\/sq\/#\/schema\/logo\/image\/\",\"url\":\"https:\/\/talkpal.ai\/wp-content\/uploads\/2024\/03\/Talkpal-Logo-Icon.png\",\"contentUrl\":\"https:\/\/talkpal.ai\/wp-content\/uploads\/2024\/03\/Talkpal-Logo-Icon.png\",\"width\":2880,\"height\":2880,\"caption\":\"Talkpal, Inc.\"},\"image\":{\"@id\":\"https:\/\/talkpal.ai\/sq\/#\/schema\/logo\/image\/\"},\"sameAs\":[\"https:\/\/www.facebook.com\/profile.php?id=100090733639311\",\"https:\/\/x.com\/talkpalai\",\"https:\/\/www.linkedin.com\/company\/talkpal\/\",\"https:\/\/www.youtube.com\/@TalkPal\/\",\"https:\/\/www.tiktok.com\/@talkpal\",\"https:\/\/www.instagram.com\/talkpal_ai\/\",\"https:\/\/www.crunchbase.com\/organization\/talkpal-9cde\",\"https:\/\/www.g2.com\/products\/talkpal-for-business\/\",\"https:\/\/www.trustpilot.com\/review\/talkpal.ai\",\"https:\/\/www.capterra.com\/p\/10006800\/TalkPal\/\"],\"description\":\"Talkpal is a language learning web and mobile education app, powered by the latest AI technologies, that provides engaging experiences to its customers in many different languages to help them improve their language skills. Users can chat about unlimited amount of topics with the app and use other modes to practice their language learning.\",\"email\":\"support@talkpal.ai\",\"legalName\":\"Talkpal, Inc.\",\"foundingDate\":\"2023-04-03\",\"duns\":\"118989042\",\"numberOfEmployees\":{\"@type\":\"QuantitativeValue\",\"minValue\":\"11\",\"maxValue\":\"50\"},\"publishingPrinciples\":\"https:\/\/talkpal.ai\/publishing-principles\/\",\"actionableFeedbackPolicy\":\"https:\/\/talkpal.ai\/actionable-feedback-policy\/\",\"correctionsPolicy\":\"https:\/\/talkpal.ai\/corrections-policy\/\",\"ethicsPolicy\":\"https:\/\/talkpal.ai\/ethics-policy\/\",\"diversityPolicy\":\"https:\/\/talkpal.ai\/diversity-policy\/\",\"diversityStaffingReport\":\"https:\/\/talkpal.ai\/diversity-policy\/\"}]}<\/script>\n<!-- \/ Yoast SEO Premium plugin. -->","yoast_head_json":{"title":"Ushtrimet gramatikore boshnjake - Talkpal","description":"Zot\u00ebroni boshnjakisht me ushtrime t\u00ebrheq\u00ebse t\u00eb gramatik\u00ebs boshnjake t\u00eb dizajnuara p\u00ebr t\u00eb p\u00ebrmir\u00ebsuar t\u00eb kuptuarit tuaj t\u00eb strukturave dhe koh\u00ebve t\u00eb fjalive.","robots":{"index":"index","follow":"follow","max-snippet":"max-snippet:-1","max-image-preview":"max-image-preview:large","max-video-preview":"max-video-preview:-1"},"canonical":"https:\/\/talkpal.ai\/sq\/ushtrimet-gramatikore-boshnjake\/","og_locale":"sq_AL","og_type":"article","og_title":"Ushtrimet gramatikore boshnjake","og_description":"Temat e gramatik\u00ebs boshnjake Boshnjakishtja \u00ebsht\u00eb nj\u00eb gjuh\u00eb sllave jugore q\u00eb flitet kryesisht n\u00eb Bosnje dhe Hercegovin\u00eb, Serbi, Mal t\u00eb Zi dhe Kroaci.","og_url":"https:\/\/talkpal.ai\/sq\/ushtrimet-gramatikore-boshnjake\/","og_site_name":"Talkpal","article_publisher":"https:\/\/www.facebook.com\/profile.php?id=100090733639311","article_modified_time":"2025-09-06T21:04:28+00:00","og_image":[{"width":512,"height":512,"url":"https:\/\/talkpal.ai\/wp-content\/uploads\/2023\/05\/bosnia-and-herzegovina.png","type":"image\/png"}],"twitter_card":"summary_large_image","twitter_site":"@talkpalai","twitter_misc":{"Est. reading time":"3 minutes"},"schema":{"@context":"https:\/\/schema.org","@graph":[{"@type":"WebPage","@id":"https:\/\/talkpal.ai\/sq\/ushtrimet-gramatikore-boshnjake\/","url":"https:\/\/talkpal.ai\/sq\/ushtrimet-gramatikore-boshnjake\/","name":"Ushtrimet gramatikore boshnjake - Talkpal","isPartOf":{"@id":"https:\/\/talkpal.ai\/sq\/#website"},"primaryImageOfPage":{"@id":"https:\/\/talkpal.ai\/sq\/ushtrimet-gramatikore-boshnjake\/#primaryimage"},"image":{"@id":"https:\/\/talkpal.ai\/sq\/ushtrimet-gramatikore-boshnjake\/#primaryimage"},"thumbnailUrl":"https:\/\/talkpal.ai\/wp-content\/uploads\/2023\/05\/bosnia-and-herzegovina.png","datePublished":"2023-06-16T12:01:29+00:00","dateModified":"2025-09-06T21:04:28+00:00","description":"Zot\u00ebroni boshnjakisht me ushtrime t\u00ebrheq\u00ebse t\u00eb gramatik\u00ebs boshnjake t\u00eb dizajnuara p\u00ebr t\u00eb p\u00ebrmir\u00ebsuar t\u00eb kuptuarit tuaj t\u00eb strukturave dhe koh\u00ebve t\u00eb fjalive.","breadcrumb":{"@id":"https:\/\/talkpal.ai\/sq\/ushtrimet-gramatikore-boshnjake\/#breadcrumb"},"inLanguage":"sq-AL","potentialAction":[{"@type":"ReadAction","target":["https:\/\/talkpal.ai\/sq\/ushtrimet-gramatikore-boshnjake\/"]}]},{"@type":"ImageObject","inLanguage":"sq-AL","@id":"https:\/\/talkpal.ai\/sq\/ushtrimet-gramatikore-boshnjake\/#primaryimage","url":"https:\/\/talkpal.ai\/wp-content\/uploads\/2023\/05\/bosnia-and-herzegovina.png","contentUrl":"https:\/\/talkpal.ai\/wp-content\/uploads\/2023\/05\/bosnia-and-herzegovina.png","width":512,"height":512,"caption":"TalkPal Bosnia and herzegovina Flag"},{"@type":"BreadcrumbList","@id":"https:\/\/talkpal.ai\/sq\/ushtrimet-gramatikore-boshnjake\/#breadcrumb","itemListElement":[{"@type":"ListItem","position":1,"name":"Homepage","item":"https:\/\/talkpal.ai\/sq\/"},{"@type":"ListItem","position":2,"name":"Ushtrimet gramatikore boshnjake"}]},{"@type":"WebSite","@id":"https:\/\/talkpal.ai\/sq\/#website","url":"https:\/\/talkpal.ai\/sq\/","name":"Talkpal","description":"AI Language Learning","publisher":{"@id":"https:\/\/talkpal.ai\/sq\/#organization"},"alternateName":"Talkpal AI","potentialAction":[{"@type":"SearchAction","target":{"@type":"EntryPoint","urlTemplate":"https:\/\/talkpal.ai\/sq\/?s={search_term_string}"},"query-input":{"@type":"PropertyValueSpecification","valueRequired":true,"valueName":"search_term_string"}}],"inLanguage":"sq-AL"},{"@type":"Organization","@id":"https:\/\/talkpal.ai\/sq\/#organization","name":"Talkpal, Inc.","alternateName":"Talkpal AI","url":"https:\/\/talkpal.ai\/sq\/","logo":{"@type":"ImageObject","inLanguage":"sq-AL","@id":"https:\/\/talkpal.ai\/sq\/#\/schema\/logo\/image\/","url":"https:\/\/talkpal.ai\/wp-content\/uploads\/2024\/03\/Talkpal-Logo-Icon.png","contentUrl":"https:\/\/talkpal.ai\/wp-content\/uploads\/2024\/03\/Talkpal-Logo-Icon.png","width":2880,"height":2880,"caption":"Talkpal, Inc."},"image":{"@id":"https:\/\/talkpal.ai\/sq\/#\/schema\/logo\/image\/"},"sameAs":["https:\/\/www.facebook.com\/profile.php?id=100090733639311","https:\/\/x.com\/talkpalai","https:\/\/www.linkedin.com\/company\/talkpal\/","https:\/\/www.youtube.com\/@TalkPal\/","https:\/\/www.tiktok.com\/@talkpal","https:\/\/www.instagram.com\/talkpal_ai\/","https:\/\/www.crunchbase.com\/organization\/talkpal-9cde","https:\/\/www.g2.com\/products\/talkpal-for-business\/","https:\/\/www.trustpilot.com\/review\/talkpal.ai","https:\/\/www.capterra.com\/p\/10006800\/TalkPal\/"],"description":"Talkpal is a language learning web and mobile education app, powered by the latest AI technologies, that provides engaging experiences to its customers in many different languages to help them improve their language skills. Users can chat about unlimited amount of topics with the app and use other modes to practice their language learning.","email":"support@talkpal.ai","legalName":"Talkpal, Inc.","foundingDate":"2023-04-03","duns":"118989042","numberOfEmployees":{"@type":"QuantitativeValue","minValue":"11","maxValue":"50"},"publishingPrinciples":"https:\/\/talkpal.ai\/publishing-principles\/","actionableFeedbackPolicy":"https:\/\/talkpal.ai\/actionable-feedback-policy\/","correctionsPolicy":"https:\/\/talkpal.ai\/corrections-policy\/","ethicsPolicy":"https:\/\/talkpal.ai\/ethics-policy\/","diversityPolicy":"https:\/\/talkpal.ai\/diversity-policy\/","diversityStaffingReport":"https:\/\/talkpal.ai\/diversity-policy\/"}]}},"_links":{"self":[{"href":"https:\/\/talkpal.ai\/sq\/wp-json\/wp\/v2\/pages\/1446744","targetHints":{"allow":["GET"]}}],"collection":[{"href":"https:\/\/talkpal.ai\/sq\/wp-json\/wp\/v2\/pages"}],"about":[{"href":"https:\/\/talkpal.ai\/sq\/wp-json\/wp\/v2\/types\/page"}],"author":[{"embeddable":true,"href":"https:\/\/talkpal.ai\/sq\/wp-json\/wp\/v2\/users\/6"}],"replies":[{"embeddable":true,"href":"https:\/\/talkpal.ai\/sq\/wp-json\/wp\/v2\/comments?post=1446744"}],"version-history":[{"count":0,"href":"https:\/\/talkpal.ai\/sq\/wp-json\/wp\/v2\/pages\/1446744\/revisions"}],"wp:featuredmedia":[{"embeddable":true,"href":"https:\/\/talkpal.ai\/sq\/wp-json\/wp\/v2\/media\/1442816"}],"wp:attachment":[{"href":"https:\/\/talkpal.ai\/sq\/wp-json\/wp\/v2\/media?parent=1446744"}],"curies":[{"name":"wp","href":"https:\/\/api.w.org\/{rel}","templated":true}]}}