{"id":1446739,"date":"2023-06-16T11:38:32","date_gmt":"2023-06-16T11:38:32","guid":{"rendered":"https:\/\/talkpal.ai\/ushtrimet-gramatikore-te-azerbajxhanit\/"},"modified":"2025-09-06T21:04:27","modified_gmt":"2025-09-06T21:04:27","slug":"ushtrimet-gramatikore-te-azerbajxhanit","status":"publish","type":"page","link":"https:\/\/talkpal.ai\/sq\/ushtrimet-gramatikore-te-azerbajxhanit\/","title":{"rendered":"Ushtrimet gramatikore t\u00eb Azerbajxhanit"},"content":{"rendered":"\r\n\r\n\r\n<section class=\"languageChallengeSection\">\r\n    <div class=\"languageInfoWrapper\">\r\n        \r\n        <h1>Ushtrimet gramatikore t\u00eb Azerbajxhanit<\/h1>\r\n        <p>D\u00ebshironi t\u00eb rrisni aft\u00ebsit\u00eb tuaja n\u00eb <a href=\"https:\/\/talkpal.ai\/learn-azerbaijani\/\">Azerbajxhanisht<\/a>? Praktikimi i ushtrimeve gramatikore \u00ebsht\u00eb m\u00ebnyra e p\u00ebrsosur p\u00ebr t\u00eb kuptuar struktur\u00ebn e fjalis\u00eb, mbaresat e foljeve dhe modelet q\u00eb e b\u00ebjn\u00eb gjuh\u00ebn unike. Filloni t\u00eb praktikoni gramatik\u00ebn azerbajxhanase sot dhe shikoni besimin dhe rrjedhshm\u00ebrin\u00eb tuaj t\u00eb rriten me \u00e7do hap!<\/p>\r\n\r\n                            <a class=\"getStartedHidden\" href=\"https:\/\/app.talkpal.ai\/signup?lng=\">Filloni<\/a>\r\n        \r\n    <\/div>\r\n\r\n    <figure>\r\n    <img decoding=\"async\" width=\"768\" height=\"768\" src=\"https:\/\/talkpal.ai\/wp-content\/uploads\/2023\/06\/azerbaijani-768x768.png\" class=\"languageImage no-lazy\" alt=\"Language learning for enhanced cognitive skills\" fetchpriority=\"high\" sizes=\"(max-width: 768px) 150px, 768px\" srcset=\"https:\/\/talkpal.ai\/wp-content\/uploads\/2023\/06\/azerbaijani-768x768.png 768w, https:\/\/talkpal.ai\/wp-content\/uploads\/2023\/06\/azerbaijani-300x300.png 300w\" \/>\r\n    \r\n\r\n    <\/figure>\r\n\r\n            <a class=\"getStartedVisible\" href=\"https:\/\/app.talkpal.ai\/signup?lng=\">Filloni<\/a>\r\n    \r\n<\/section>\r\n\r\n\r\n<!-- <section class=\"grammarSection\">\r\n    <div class=\"grammarLinks\">\r\n            <\/div>\r\n<\/section> -->\r\n\r\n\r\n\r\n\r\n<section class=\"promotionalBanner\">\r\n    <p class=\"promotionalText\">M\u00ebnyra m\u00eb efikase p\u00ebr t\u00eb m\u00ebsuar nj\u00eb gjuh\u00eb<\/p>\r\n    <a class=\"promotionalLink\" href=\"https:\/\/app.talkpal.ai\/signup?lng=\">Provoni Talkpal falas<\/a>\r\n<\/section>\n<div class=\"wp-block-group pageContainerStyle\"><div class=\"wp-block-group__inner-container is-layout-constrained wp-block-group-is-layout-constrained\">\n<h2 class=\"wp-block-heading\" id=\"h-azerbaijani-grammar-topics\">Temat e gramatik\u00ebs s\u00eb Azerbajxhanit<\/h2>\n\n\n\n<p>Azerbajxhanishtja, e njohur gjithashtu si Azeri, \u00ebsht\u00eb nj\u00eb gjuh\u00eb turke q\u00eb flitet kryesisht n\u00eb Azerbajxhan dhe rajonet p\u00ebrreth. \u00cbsht\u00eb gjuha zyrtare e Republik\u00ebs s\u00eb Azerbajxhanit dhe ka fol\u00ebs t\u00eb r\u00ebnd\u00ebsish\u00ebm n\u00eb Iran, Turqi, Gjeorgji dhe Rusi. Si nx\u00ebn\u00ebs i azerbajxhanishtes, \u00ebsht\u00eb thelb\u00ebsore t\u00eb kuptoni aspektet themelore t\u00eb gjuh\u00ebs, t\u00eb tilla si <a href=\"https:\/\/talkpal.ai\/sq\/gramatika\/\">gramatika<\/a>, sintaksa dhe fjalori i saj. Ky udh\u00ebzues do t&#8217;ju ofroj\u00eb nj\u00eb pasqyr\u00eb t\u00eb temave thelb\u00ebsore t\u00eb gramatik\u00ebs azerbajxhanase, t\u00eb grumbulluara n\u00eb nj\u00eb sekuenc\u00eb logjike p\u00ebr t&#8217;ju ndihmuar t\u00eb m\u00ebsoni gjuh\u00ebn n\u00eb m\u00ebnyr\u00eb efektive dhe me leht\u00ebsi.<\/p>\n\n\n\n<h3 class=\"wp-block-heading\" id=\"h-1-nouns-and-articles\">1. Emrat dhe artikujt:<\/h3>\n\n\n\n<p>N\u00eb azerbajxhanisht, emrat jan\u00eb blloqet nd\u00ebrtuese t\u00eb fjalive dhe t\u00eb kuptuarit e p\u00ebrdorimit t\u00eb <a href=\"https:\/\/talkpal.ai\/locations\/language-courses-in-tyre\/\">tyre<\/a> \u00ebsht\u00eb thelb\u00ebsor. Emrat nuk kan\u00eb gjini dhe nuk ka artikull t\u00eb pacaktuar. Megjithat\u00eb, artikulli i caktuar shtohet si prapashtes\u00eb n\u00eb em\u00ebr.<\/p>\n\n\n\n<h3 class=\"wp-block-heading\" id=\"h-2-adjectives\">2. Mbiemra:<\/h3>\n\n\n\n<p>Mbiemrat n\u00eb azerbajxhanisht p\u00ebrdoren p\u00ebr t\u00eb p\u00ebrshkruar emrat. Ato vijn\u00eb gjithmon\u00eb para emrit q\u00eb modifikojn\u00eb dhe nuk ndryshojn\u00eb form\u00ebn e tyre sipas gjinis\u00eb ose numrit t\u00eb emrit.<\/p>\n\n\n\n<h3 class=\"wp-block-heading\" id=\"h-3-pronouns-determiners\">3. P\u00ebremrat\/p\u00ebrcaktuesit:<\/h3>\n\n\n\n<p>P\u00ebremrat p\u00ebrdoren p\u00ebr t\u00eb z\u00ebvend\u00ebsuar emrat, nd\u00ebrsa p\u00ebrcaktuesit p\u00ebrdoren p\u00ebr t\u00eb specifikuar sasin\u00eb ose p\u00ebrcaktimin e emrit. T\u00eb dyja jan\u00eb komponent\u00eb thelb\u00ebsor\u00eb t\u00eb d\u00ebnimeve azerbajxhanase.<\/p>\n\n\n\n<h3 class=\"wp-block-heading\" id=\"h-4-verbs\">4. Foljet:<\/h3>\n\n\n\n<p>Foljet azerbajxhanase jan\u00eb fjal\u00ebt e veprimit t\u00eb gjuh\u00ebs. Ata ndryshojn\u00eb form\u00ebn e tyre n\u00eb var\u00ebsi t\u00eb tensionit, humorit dhe z\u00ebrit. Kuptimi i konjugimit t\u00eb foljeve \u00ebsht\u00eb thelb\u00ebsor p\u00ebr zot\u00ebrimin e gramatik\u00ebs azerbajxhanase.<\/p>\n\n\n\n<h3 class=\"wp-block-heading\" id=\"h-5-tenses\">5. Koh\u00ebt:<\/h3>\n\n\n\n<p>Azerbajxhanishtja ka gjasht\u00eb koh\u00eb \u2013 e tashmja, e kaluara, e ardhmja, e tashmja e p\u00ebrsosur, e kaluara e p\u00ebrsosur dhe e ardhmja e p\u00ebrsosur. \u00c7do koh\u00eb ka rregullat e veta t\u00eb konjugimit dhe p\u00ebrdoret p\u00ebr t\u00eb shprehur veprime ose gjendje n\u00eb koh\u00eb t\u00eb ndryshme.<\/p>\n\n\n\n<h3 class=\"wp-block-heading\" id=\"h-6-tense-comparison\">6. Krahasimi i tensionuar:<\/h3>\n\n\n\n<p>Krahasimi i koh\u00ebve n\u00eb Azerbajxhanisht ju ndihmon t\u00eb kuptoni ndryshimet n\u00eb shprehjen e koh\u00ebs dhe veprimeve. \u00cbsht\u00eb nj\u00eb aft\u00ebsi thelb\u00ebsore p\u00ebr komunikim efektiv.<\/p>\n\n\n\n<h3 class=\"wp-block-heading\" id=\"h-7-progressive\">7. Progresive:<\/h3>\n\n\n\n<p>Aspekti progresiv n\u00eb Azerbajxhanisht p\u00ebrdoret p\u00ebr t\u00eb p\u00ebrshkruar veprimet e vazhdueshme. Formohet duke p\u00ebrdorur folje ndihm\u00ebse dhe \u00ebsht\u00eb thelb\u00ebsore p\u00ebr t\u00eb kuptuar rrjedh\u00ebn e ngjarjeve n\u00eb nj\u00eb fjali.<\/p>\n\n\n\n<h3 class=\"wp-block-heading\" id=\"h-8-perfect-progressive\">8. Progresiv i p\u00ebrsosur:<\/h3>\n\n\n\n<p>Koh\u00ebt progresive t\u00eb p\u00ebrsosura p\u00ebrdoren p\u00ebr t\u00eb p\u00ebrshkruar veprimet q\u00eb filluan n\u00eb t\u00eb kaluar\u00ebn dhe vazhdojn\u00eb deri n\u00eb t\u00eb tashmen ose t\u00eb ardhmen. Ato kombinojn\u00eb aspektet perfekte dhe progresive dhe jan\u00eb thelb\u00ebsore p\u00ebr shprehjen e veprimeve komplekse.<\/p>\n\n\n\n<h3 class=\"wp-block-heading\" id=\"h-9-adverbs\">9. Ndajfoljet:<\/h3>\n\n\n\n<p>Ndajfoljet n\u00eb azerbajxhanisht p\u00ebrdoren p\u00ebr t\u00eb modifikuar folje, mbiemra ose ndajfolje t\u00eb tjera. Ato ofrojn\u00eb informacion shtes\u00eb <a href=\"https:\/\/talkpal.ai\/sq\/rreth\/\">rreth<\/a> veprimeve ose gjendjeve dhe jan\u00eb thelb\u00ebsore p\u00ebr krijimin e fjalive m\u00eb t\u00eb sakta dhe p\u00ebrshkruese.<\/p>\n\n\n\n<h3 class=\"wp-block-heading\" id=\"h-10-conditionals\">10. Kusht\u00ebzuese:<\/h3>\n\n\n\n<p>Kusht\u00ebzimet p\u00ebrdoren p\u00ebr t\u00eb shprehur situata hipotetike dhe pasojat e tyre t\u00eb mundshme. Ato jan\u00eb thelb\u00ebsore p\u00ebr t\u00eb shprehur pasigurit\u00eb dhe p\u00ebr t\u00eb b\u00ebr\u00eb parashikime n\u00eb Azerbajxhanisht.<\/p>\n\n\n\n<h3 class=\"wp-block-heading\" id=\"h-11-prepositions\">11. Parafjal\u00ebt:<\/h3>\n\n\n\n<p>Parafjal\u00ebt p\u00ebrdoren p\u00ebr t\u00eb treguar marr\u00ebdh\u00ebniet midis emrave ose p\u00ebremrave dhe fjal\u00ebve t\u00eb tjera n\u00eb nj\u00eb fjali. Ato jan\u00eb thelb\u00ebsore p\u00ebr t\u00eb shprehur marr\u00ebdh\u00ebniet hap\u00ebsinore, kohore dhe logjike n\u00eb Azerbajxhanisht.<\/p>\n\n\n\n<h3 class=\"wp-block-heading\" id=\"h-12-sentences\">12. Fjalit\u00eb:<\/h3>\n\n\n\n<p>Fjalit\u00eb azerbajxhanase ndjekin nj\u00eb rend fjal\u00ebsh subjekt-objekt-folje (SOV). Kuptimi i struktur\u00ebs s\u00eb fjalive \u00ebsht\u00eb thelb\u00ebsor p\u00ebr komunikimin efektiv dhe zot\u00ebrimin e gjuh\u00ebs azerbajxhanase.<\/p>\n<\/div><\/div>\n\r\n<section class=\"learnNavigationSection\">\r\n            \r\n        <a href=\"https:\/\/talkpal.ai\/sq\/mesoni-azerbajxhanin\/\">\r\n            <div class=\"learnNavigationWrapper\">\r\n                <div class=\"learnNavigationContent\">\r\n                    <img decoding=\"async\" src=\"https:\/\/talkpal.ai\/wp-content\/uploads\/2024\/08\/Azerbaijani.jpg\" alt=\"Azerbaijani Flag\">\r\n                    <div>\r\n                        <h4>Rreth m\u00ebsimit t\u00eb Azerbajxhanit<\/h4>\r\n                        <p>M\u00ebsoni gjith\u00e7ka rreth gramatik\u00ebs azerbajxhanase.<\/p>\r\n                    <\/div>\r\n                <\/div>\r\n            <\/div>\r\n        <\/a>\r\n\r\n        \r\n        <a href=\"https:\/\/talkpal.ai\/sq\/gramatika-e-azerbajxhanit\/\">\r\n            <div class=\"learnNavigationWrapper\">\r\n                <div class=\"learnNavigationContent\">\r\n                    <img decoding=\"async\" src=\"https:\/\/talkpal.ai\/wp-content\/uploads\/2024\/08\/Azerbaijani.jpg\" alt=\"Azerbaijani Flag\">\r\n                    <div>\r\n                        <h4>M\u00ebsimet e gramatik\u00ebs s\u00eb Azerbajxhanit<\/h4>\r\n                        <p>Praktikoni gramatik\u00ebn azerbajxhanase.<\/p>\r\n                    <\/div>\r\n                <\/div>\r\n            <\/div>\r\n        <\/a>\r\n\r\n        \r\n        <a href=\"https:\/\/talkpal.ai\/vocabulary_language\/azerbaijani\/\">\r\n            <div class=\"learnNavigationWrapper\">\r\n                <div class=\"learnNavigationContent\">\r\n                    <img decoding=\"async\" src=\"https:\/\/talkpal.ai\/wp-content\/uploads\/2024\/08\/Azerbaijani.jpg\" alt=\"Azerbaijani Flag\">\r\n                    <div>\r\n                        <h4>Fjalori i Azerbajxhanit<\/h4>\r\n                        <p>Zgjeroni fjalorin tuaj azerbajxhanisht.<\/p>\r\n                    <\/div>\r\n                <\/div>\r\n            <\/div>\r\n        <\/a>\r\n\r\n            <\/section>","protected":false},"excerpt":{"rendered":"<p>Temat e gramatik\u00ebs s\u00eb Azerbajxhanit Azerbajxhanishtja, e njohur gjithashtu si Azeri, \u00ebsht\u00eb nj\u00eb gjuh\u00eb turke q\u00eb flitet kryesisht n\u00eb Azerbajxhan dhe rajonet p\u00ebrreth. \u00cbsht\u00eb gjuha zyrtare e Republik\u00ebs s\u00eb Azerbajxhanit dhe ka fol\u00ebs t\u00eb r\u00ebnd\u00ebsish\u00ebm n\u00eb Iran, Turqi, Gjeorgji dhe Rusi. Si nx\u00ebn\u00ebs i azerbajxhanishtes, \u00ebsht\u00eb thelb\u00ebsore t\u00eb kuptoni aspektet themelore t\u00eb gjuh\u00ebs, t\u00eb tilla [&hellip;]<\/p>\n","protected":false},"author":6,"featured_media":1442708,"parent":0,"menu_order":0,"comment_status":"closed","ping_status":"closed","template":"LearningContentPage.php","meta":{"_acf_changed":false,"footnotes":""},"class_list":["post-1446739","page","type-page","status-publish","has-post-thumbnail","hentry"],"acf":[],"yoast_head":"<!-- This site is optimized with the Yoast SEO Premium plugin v27.2 (Yoast SEO v27.2) - https:\/\/yoast.com\/product\/yoast-seo-premium-wordpress\/ -->\n<title>Ushtrimet gramatikore t\u00eb Azerbajxhanit - Talkpal<\/title>\n<meta name=\"description\" content=\"Rritni aft\u00ebsit\u00eb tuaja gjuh\u00ebsore azerbajxhanase me ushtrime interaktive t\u00eb gramatik\u00ebs azerbajxhanase nga TalkPal, m\u00ebsuesi juaj i gjuh\u00ebs me AI.\" \/>\n<meta name=\"robots\" content=\"index, follow, max-snippet:-1, max-image-preview:large, max-video-preview:-1\" \/>\n<link rel=\"canonical\" href=\"https:\/\/talkpal.ai\/sq\/ushtrimet-gramatikore-te-azerbajxhanit\/\" \/>\n<meta property=\"og:locale\" content=\"sq_AL\" \/>\n<meta property=\"og:type\" content=\"article\" \/>\n<meta property=\"og:title\" content=\"Ushtrimet gramatikore t\u00eb Azerbajxhanit\" \/>\n<meta property=\"og:description\" content=\"Temat e gramatik\u00ebs s\u00eb Azerbajxhanit Azerbajxhanishtja, e njohur gjithashtu si Azeri, \u00ebsht\u00eb nj\u00eb gjuh\u00eb turke q\u00eb flitet kryesisht n\u00eb Azerbajxhan dhe rajonet\" \/>\n<meta property=\"og:url\" content=\"https:\/\/talkpal.ai\/sq\/ushtrimet-gramatikore-te-azerbajxhanit\/\" \/>\n<meta property=\"og:site_name\" content=\"Talkpal\" \/>\n<meta property=\"article:publisher\" content=\"https:\/\/www.facebook.com\/profile.php?id=100090733639311\" \/>\n<meta property=\"article:modified_time\" content=\"2025-09-06T21:04:27+00:00\" \/>\n<meta property=\"og:image\" content=\"https:\/\/talkpal.ai\/wp-content\/uploads\/2023\/05\/azerbaijan.png\" \/>\n\t<meta property=\"og:image:width\" content=\"512\" \/>\n\t<meta property=\"og:image:height\" content=\"512\" \/>\n\t<meta property=\"og:image:type\" content=\"image\/png\" \/>\n<meta name=\"twitter:card\" content=\"summary_large_image\" \/>\n<meta name=\"twitter:site\" content=\"@talkpalai\" \/>\n<meta name=\"twitter:label1\" content=\"Est. reading time\" \/>\n\t<meta name=\"twitter:data1\" content=\"3 minutes\" \/>\n<script type=\"application\/ld+json\" class=\"yoast-schema-graph\">{\"@context\":\"https:\/\/schema.org\",\"@graph\":[{\"@type\":\"WebPage\",\"@id\":\"https:\/\/talkpal.ai\/sq\/ushtrimet-gramatikore-te-azerbajxhanit\/\",\"url\":\"https:\/\/talkpal.ai\/sq\/ushtrimet-gramatikore-te-azerbajxhanit\/\",\"name\":\"Ushtrimet gramatikore t\u00eb Azerbajxhanit - Talkpal\",\"isPartOf\":{\"@id\":\"https:\/\/talkpal.ai\/sq\/#website\"},\"primaryImageOfPage\":{\"@id\":\"https:\/\/talkpal.ai\/sq\/ushtrimet-gramatikore-te-azerbajxhanit\/#primaryimage\"},\"image\":{\"@id\":\"https:\/\/talkpal.ai\/sq\/ushtrimet-gramatikore-te-azerbajxhanit\/#primaryimage\"},\"thumbnailUrl\":\"https:\/\/talkpal.ai\/wp-content\/uploads\/2023\/05\/azerbaijan.png\",\"datePublished\":\"2023-06-16T11:38:32+00:00\",\"dateModified\":\"2025-09-06T21:04:27+00:00\",\"description\":\"Rritni aft\u00ebsit\u00eb tuaja gjuh\u00ebsore azerbajxhanase me ushtrime interaktive t\u00eb gramatik\u00ebs azerbajxhanase nga TalkPal, m\u00ebsuesi juaj i gjuh\u00ebs me AI.\",\"breadcrumb\":{\"@id\":\"https:\/\/talkpal.ai\/sq\/ushtrimet-gramatikore-te-azerbajxhanit\/#breadcrumb\"},\"inLanguage\":\"sq-AL\",\"potentialAction\":[{\"@type\":\"ReadAction\",\"target\":[\"https:\/\/talkpal.ai\/sq\/ushtrimet-gramatikore-te-azerbajxhanit\/\"]}]},{\"@type\":\"ImageObject\",\"inLanguage\":\"sq-AL\",\"@id\":\"https:\/\/talkpal.ai\/sq\/ushtrimet-gramatikore-te-azerbajxhanit\/#primaryimage\",\"url\":\"https:\/\/talkpal.ai\/wp-content\/uploads\/2023\/05\/azerbaijan.png\",\"contentUrl\":\"https:\/\/talkpal.ai\/wp-content\/uploads\/2023\/05\/azerbaijan.png\",\"width\":512,\"height\":512,\"caption\":\"TalkPal Azerbaijan Flag\"},{\"@type\":\"BreadcrumbList\",\"@id\":\"https:\/\/talkpal.ai\/sq\/ushtrimet-gramatikore-te-azerbajxhanit\/#breadcrumb\",\"itemListElement\":[{\"@type\":\"ListItem\",\"position\":1,\"name\":\"Homepage\",\"item\":\"https:\/\/talkpal.ai\/sq\/\"},{\"@type\":\"ListItem\",\"position\":2,\"name\":\"Ushtrimet gramatikore t\u00eb Azerbajxhanit\"}]},{\"@type\":\"WebSite\",\"@id\":\"https:\/\/talkpal.ai\/sq\/#website\",\"url\":\"https:\/\/talkpal.ai\/sq\/\",\"name\":\"Talkpal\",\"description\":\"AI Language Learning\",\"publisher\":{\"@id\":\"https:\/\/talkpal.ai\/sq\/#organization\"},\"alternateName\":\"Talkpal AI\",\"potentialAction\":[{\"@type\":\"SearchAction\",\"target\":{\"@type\":\"EntryPoint\",\"urlTemplate\":\"https:\/\/talkpal.ai\/sq\/?s={search_term_string}\"},\"query-input\":{\"@type\":\"PropertyValueSpecification\",\"valueRequired\":true,\"valueName\":\"search_term_string\"}}],\"inLanguage\":\"sq-AL\"},{\"@type\":\"Organization\",\"@id\":\"https:\/\/talkpal.ai\/sq\/#organization\",\"name\":\"Talkpal, Inc.\",\"alternateName\":\"Talkpal AI\",\"url\":\"https:\/\/talkpal.ai\/sq\/\",\"logo\":{\"@type\":\"ImageObject\",\"inLanguage\":\"sq-AL\",\"@id\":\"https:\/\/talkpal.ai\/sq\/#\/schema\/logo\/image\/\",\"url\":\"https:\/\/talkpal.ai\/wp-content\/uploads\/2024\/03\/Talkpal-Logo-Icon.png\",\"contentUrl\":\"https:\/\/talkpal.ai\/wp-content\/uploads\/2024\/03\/Talkpal-Logo-Icon.png\",\"width\":2880,\"height\":2880,\"caption\":\"Talkpal, Inc.\"},\"image\":{\"@id\":\"https:\/\/talkpal.ai\/sq\/#\/schema\/logo\/image\/\"},\"sameAs\":[\"https:\/\/www.facebook.com\/profile.php?id=100090733639311\",\"https:\/\/x.com\/talkpalai\",\"https:\/\/www.linkedin.com\/company\/talkpal\/\",\"https:\/\/www.youtube.com\/@TalkPal\/\",\"https:\/\/www.tiktok.com\/@talkpal\",\"https:\/\/www.instagram.com\/talkpal_ai\/\",\"https:\/\/www.crunchbase.com\/organization\/talkpal-9cde\",\"https:\/\/www.g2.com\/products\/talkpal-for-business\/\",\"https:\/\/www.trustpilot.com\/review\/talkpal.ai\",\"https:\/\/www.capterra.com\/p\/10006800\/TalkPal\/\"],\"description\":\"Talkpal is a language learning web and mobile education app, powered by the latest AI technologies, that provides engaging experiences to its customers in many different languages to help them improve their language skills. Users can chat about unlimited amount of topics with the app and use other modes to practice their language learning.\",\"email\":\"support@talkpal.ai\",\"legalName\":\"Talkpal, Inc.\",\"foundingDate\":\"2023-04-03\",\"duns\":\"118989042\",\"numberOfEmployees\":{\"@type\":\"QuantitativeValue\",\"minValue\":\"11\",\"maxValue\":\"50\"},\"publishingPrinciples\":\"https:\/\/talkpal.ai\/publishing-principles\/\",\"actionableFeedbackPolicy\":\"https:\/\/talkpal.ai\/actionable-feedback-policy\/\",\"correctionsPolicy\":\"https:\/\/talkpal.ai\/corrections-policy\/\",\"ethicsPolicy\":\"https:\/\/talkpal.ai\/ethics-policy\/\",\"diversityPolicy\":\"https:\/\/talkpal.ai\/diversity-policy\/\",\"diversityStaffingReport\":\"https:\/\/talkpal.ai\/diversity-policy\/\"}]}<\/script>\n<!-- \/ Yoast SEO Premium plugin. -->","yoast_head_json":{"title":"Ushtrimet gramatikore t\u00eb Azerbajxhanit - Talkpal","description":"Rritni aft\u00ebsit\u00eb tuaja gjuh\u00ebsore azerbajxhanase me ushtrime interaktive t\u00eb gramatik\u00ebs azerbajxhanase nga TalkPal, m\u00ebsuesi juaj i gjuh\u00ebs me AI.","robots":{"index":"index","follow":"follow","max-snippet":"max-snippet:-1","max-image-preview":"max-image-preview:large","max-video-preview":"max-video-preview:-1"},"canonical":"https:\/\/talkpal.ai\/sq\/ushtrimet-gramatikore-te-azerbajxhanit\/","og_locale":"sq_AL","og_type":"article","og_title":"Ushtrimet gramatikore t\u00eb Azerbajxhanit","og_description":"Temat e gramatik\u00ebs s\u00eb Azerbajxhanit Azerbajxhanishtja, e njohur gjithashtu si Azeri, \u00ebsht\u00eb nj\u00eb gjuh\u00eb turke q\u00eb flitet kryesisht n\u00eb Azerbajxhan dhe rajonet","og_url":"https:\/\/talkpal.ai\/sq\/ushtrimet-gramatikore-te-azerbajxhanit\/","og_site_name":"Talkpal","article_publisher":"https:\/\/www.facebook.com\/profile.php?id=100090733639311","article_modified_time":"2025-09-06T21:04:27+00:00","og_image":[{"width":512,"height":512,"url":"https:\/\/talkpal.ai\/wp-content\/uploads\/2023\/05\/azerbaijan.png","type":"image\/png"}],"twitter_card":"summary_large_image","twitter_site":"@talkpalai","twitter_misc":{"Est. reading time":"3 minutes"},"schema":{"@context":"https:\/\/schema.org","@graph":[{"@type":"WebPage","@id":"https:\/\/talkpal.ai\/sq\/ushtrimet-gramatikore-te-azerbajxhanit\/","url":"https:\/\/talkpal.ai\/sq\/ushtrimet-gramatikore-te-azerbajxhanit\/","name":"Ushtrimet gramatikore t\u00eb Azerbajxhanit - Talkpal","isPartOf":{"@id":"https:\/\/talkpal.ai\/sq\/#website"},"primaryImageOfPage":{"@id":"https:\/\/talkpal.ai\/sq\/ushtrimet-gramatikore-te-azerbajxhanit\/#primaryimage"},"image":{"@id":"https:\/\/talkpal.ai\/sq\/ushtrimet-gramatikore-te-azerbajxhanit\/#primaryimage"},"thumbnailUrl":"https:\/\/talkpal.ai\/wp-content\/uploads\/2023\/05\/azerbaijan.png","datePublished":"2023-06-16T11:38:32+00:00","dateModified":"2025-09-06T21:04:27+00:00","description":"Rritni aft\u00ebsit\u00eb tuaja gjuh\u00ebsore azerbajxhanase me ushtrime interaktive t\u00eb gramatik\u00ebs azerbajxhanase nga TalkPal, m\u00ebsuesi juaj i gjuh\u00ebs me AI.","breadcrumb":{"@id":"https:\/\/talkpal.ai\/sq\/ushtrimet-gramatikore-te-azerbajxhanit\/#breadcrumb"},"inLanguage":"sq-AL","potentialAction":[{"@type":"ReadAction","target":["https:\/\/talkpal.ai\/sq\/ushtrimet-gramatikore-te-azerbajxhanit\/"]}]},{"@type":"ImageObject","inLanguage":"sq-AL","@id":"https:\/\/talkpal.ai\/sq\/ushtrimet-gramatikore-te-azerbajxhanit\/#primaryimage","url":"https:\/\/talkpal.ai\/wp-content\/uploads\/2023\/05\/azerbaijan.png","contentUrl":"https:\/\/talkpal.ai\/wp-content\/uploads\/2023\/05\/azerbaijan.png","width":512,"height":512,"caption":"TalkPal Azerbaijan Flag"},{"@type":"BreadcrumbList","@id":"https:\/\/talkpal.ai\/sq\/ushtrimet-gramatikore-te-azerbajxhanit\/#breadcrumb","itemListElement":[{"@type":"ListItem","position":1,"name":"Homepage","item":"https:\/\/talkpal.ai\/sq\/"},{"@type":"ListItem","position":2,"name":"Ushtrimet gramatikore t\u00eb Azerbajxhanit"}]},{"@type":"WebSite","@id":"https:\/\/talkpal.ai\/sq\/#website","url":"https:\/\/talkpal.ai\/sq\/","name":"Talkpal","description":"AI Language Learning","publisher":{"@id":"https:\/\/talkpal.ai\/sq\/#organization"},"alternateName":"Talkpal AI","potentialAction":[{"@type":"SearchAction","target":{"@type":"EntryPoint","urlTemplate":"https:\/\/talkpal.ai\/sq\/?s={search_term_string}"},"query-input":{"@type":"PropertyValueSpecification","valueRequired":true,"valueName":"search_term_string"}}],"inLanguage":"sq-AL"},{"@type":"Organization","@id":"https:\/\/talkpal.ai\/sq\/#organization","name":"Talkpal, Inc.","alternateName":"Talkpal AI","url":"https:\/\/talkpal.ai\/sq\/","logo":{"@type":"ImageObject","inLanguage":"sq-AL","@id":"https:\/\/talkpal.ai\/sq\/#\/schema\/logo\/image\/","url":"https:\/\/talkpal.ai\/wp-content\/uploads\/2024\/03\/Talkpal-Logo-Icon.png","contentUrl":"https:\/\/talkpal.ai\/wp-content\/uploads\/2024\/03\/Talkpal-Logo-Icon.png","width":2880,"height":2880,"caption":"Talkpal, Inc."},"image":{"@id":"https:\/\/talkpal.ai\/sq\/#\/schema\/logo\/image\/"},"sameAs":["https:\/\/www.facebook.com\/profile.php?id=100090733639311","https:\/\/x.com\/talkpalai","https:\/\/www.linkedin.com\/company\/talkpal\/","https:\/\/www.youtube.com\/@TalkPal\/","https:\/\/www.tiktok.com\/@talkpal","https:\/\/www.instagram.com\/talkpal_ai\/","https:\/\/www.crunchbase.com\/organization\/talkpal-9cde","https:\/\/www.g2.com\/products\/talkpal-for-business\/","https:\/\/www.trustpilot.com\/review\/talkpal.ai","https:\/\/www.capterra.com\/p\/10006800\/TalkPal\/"],"description":"Talkpal is a language learning web and mobile education app, powered by the latest AI technologies, that provides engaging experiences to its customers in many different languages to help them improve their language skills. Users can chat about unlimited amount of topics with the app and use other modes to practice their language learning.","email":"support@talkpal.ai","legalName":"Talkpal, Inc.","foundingDate":"2023-04-03","duns":"118989042","numberOfEmployees":{"@type":"QuantitativeValue","minValue":"11","maxValue":"50"},"publishingPrinciples":"https:\/\/talkpal.ai\/publishing-principles\/","actionableFeedbackPolicy":"https:\/\/talkpal.ai\/actionable-feedback-policy\/","correctionsPolicy":"https:\/\/talkpal.ai\/corrections-policy\/","ethicsPolicy":"https:\/\/talkpal.ai\/ethics-policy\/","diversityPolicy":"https:\/\/talkpal.ai\/diversity-policy\/","diversityStaffingReport":"https:\/\/talkpal.ai\/diversity-policy\/"}]}},"_links":{"self":[{"href":"https:\/\/talkpal.ai\/sq\/wp-json\/wp\/v2\/pages\/1446739","targetHints":{"allow":["GET"]}}],"collection":[{"href":"https:\/\/talkpal.ai\/sq\/wp-json\/wp\/v2\/pages"}],"about":[{"href":"https:\/\/talkpal.ai\/sq\/wp-json\/wp\/v2\/types\/page"}],"author":[{"embeddable":true,"href":"https:\/\/talkpal.ai\/sq\/wp-json\/wp\/v2\/users\/6"}],"replies":[{"embeddable":true,"href":"https:\/\/talkpal.ai\/sq\/wp-json\/wp\/v2\/comments?post=1446739"}],"version-history":[{"count":0,"href":"https:\/\/talkpal.ai\/sq\/wp-json\/wp\/v2\/pages\/1446739\/revisions"}],"wp:featuredmedia":[{"embeddable":true,"href":"https:\/\/talkpal.ai\/sq\/wp-json\/wp\/v2\/media\/1442708"}],"wp:attachment":[{"href":"https:\/\/talkpal.ai\/sq\/wp-json\/wp\/v2\/media?parent=1446739"}],"curies":[{"name":"wp","href":"https:\/\/api.w.org\/{rel}","templated":true}]}}