{"id":1446735,"date":"2023-06-16T12:39:48","date_gmt":"2023-06-16T12:39:48","guid":{"rendered":"https:\/\/talkpal.ai\/ushtrimet-e-gramatikes-bullgare\/"},"modified":"2025-09-06T21:03:41","modified_gmt":"2025-09-06T21:03:41","slug":"ushtrimet-e-gramatikes-bullgare","status":"publish","type":"page","link":"https:\/\/talkpal.ai\/sq\/ushtrimet-e-gramatikes-bullgare\/","title":{"rendered":"Ushtrimet e gramatik\u00ebs bullgare"},"content":{"rendered":"\r\n\r\n\r\n<section class=\"languageChallengeSection\">\r\n    <div class=\"languageInfoWrapper\">\r\n        \r\n        <h1>Ushtrimet e gramatik\u00ebs bullgare<\/h1>\r\n        <p>D\u00ebshironi t\u00eb p\u00ebrmir\u00ebsoni aft\u00ebsit\u00eb tuaja gjuh\u00ebsore bullgare? Praktikimi i ushtrimeve gramatikore \u00ebsht\u00eb nj\u00eb m\u00ebnyr\u00eb e shk\u00eblqyer p\u00ebr t\u00eb zot\u00ebruar struktur\u00ebn e fjalis\u00eb, format e foljeve dhe modelet unike t\u00eb gjuh\u00ebs bullgare. Filloni t\u00eb punoni n\u00eb gramatik\u00ebn bullgare sot dhe shikoni besimin dhe rrjedhshm\u00ebrin\u00eb tuaj t\u00eb rriten me \u00e7do ushtrim!<\/p>\r\n\r\n                            <a class=\"getStartedHidden\" href=\"https:\/\/app.talkpal.ai\/signup?lng=\">Filloni<\/a>\r\n        \r\n    <\/div>\r\n\r\n    <figure>\r\n    <img decoding=\"async\" width=\"768\" height=\"768\" src=\"https:\/\/talkpal.ai\/wp-content\/uploads\/2023\/06\/bulgarian-768x768.png\" class=\"languageImage no-lazy\" alt=\"Language learning for deeper cultural understanding\" fetchpriority=\"high\" sizes=\"(max-width: 768px) 150px, 768px\" srcset=\"https:\/\/talkpal.ai\/wp-content\/uploads\/2023\/06\/bulgarian-768x768.png 768w, https:\/\/talkpal.ai\/wp-content\/uploads\/2023\/06\/bulgarian-300x300.png 300w\" \/>\r\n    \r\n\r\n    <\/figure>\r\n\r\n            <a class=\"getStartedVisible\" href=\"https:\/\/app.talkpal.ai\/signup?lng=\">Filloni<\/a>\r\n    \r\n<\/section>\r\n\r\n\r\n<!-- <section class=\"grammarSection\">\r\n    <div class=\"grammarLinks\">\r\n            <\/div>\r\n<\/section> -->\r\n\r\n\r\n\r\n\r\n<section class=\"promotionalBanner\">\r\n    <p class=\"promotionalText\">M\u00ebnyra m\u00eb efikase p\u00ebr t\u00eb m\u00ebsuar nj\u00eb gjuh\u00eb<\/p>\r\n    <a class=\"promotionalLink\" href=\"https:\/\/app.talkpal.ai\/signup?lng=\">Provoni Talkpal falas<\/a>\r\n<\/section>\n<div class=\"wp-block-group pageContainerStyle\"><div class=\"wp-block-group__inner-container is-layout-constrained wp-block-group-is-layout-constrained\">\n<h2 class=\"wp-block-heading\" id=\"h-bulgarian-grammar-topics\">Temat e gramatik\u00ebs bullgare<\/h2>\n\n\n\n<p>Bullgarishtja \u00ebsht\u00eb nj\u00eb gjuh\u00eb sllave jugore q\u00eb flitet kryesisht n\u00eb Bullgari dhe nga komunitetet bullgare n\u00eb vendet fqinje. Si gjuha zyrtare e Bullgaris\u00eb, ajo luan nj\u00eb rol jetik n\u00eb kultur\u00ebn, historin\u00eb dhe jet\u00ebn e p\u00ebrditshme t\u00eb vendit. M\u00ebsimi i gjuh\u00ebs bullgare mund t\u00eb jet\u00eb nj\u00eb p\u00ebrvoj\u00eb shp\u00ebrblyese, pasi ju lejon t\u00eb eksploroni literatur\u00ebn e pasur, peizazhet e bukura dhe kuzhin\u00ebn e shijshme t\u00eb vendit. P\u00ebr t\u00eb zot\u00ebruar bullgarishten, \u00ebsht\u00eb thelb\u00ebsore t\u00eb kuptoni gramatik\u00ebn e saj, e cila ka ve\u00e7orit\u00eb dhe strukturat e saj unike. N\u00eb k\u00ebt\u00eb udh\u00ebzues, ne do t\u00eb shqyrtojm\u00eb tema thelb\u00ebsore t\u00eb gramatik\u00ebs bullgare q\u00eb duhet t\u00eb m\u00ebsoni n\u00eb sekuenc\u00eb p\u00ebr t\u00eb arritur nj\u00eb baz\u00eb solide n\u00eb gjuh\u00eb.<\/p>\n\n\n\n<h3 class=\"wp-block-heading\" id=\"h-1-nouns\">1. Emrat:<\/h3>\n\n\n\n<p>Emrat bullgar\u00eb kan\u00eb gjini (mashkullore, fem\u00ebrore dhe sterilizuese), gj\u00eb q\u00eb \u00ebsht\u00eb e r\u00ebnd\u00ebsishme t\u00eb dihet pasi ndikon n\u00eb form\u00ebn e fjal\u00ebve t\u00eb tjera n\u00eb nj\u00eb fjali, t\u00eb tilla si mbiemrat dhe artikujt. Ata gjithashtu kan\u00eb forma nj\u00ebj\u00ebs dhe shum\u00ebs, por ndryshe nga anglishtja, nuk ka raste.<\/p>\n\n\n\n<h3 class=\"wp-block-heading\" id=\"h-2-articles\">2. Artikujt:<\/h3>\n\n\n\n<p>N\u00eb bullgarisht, artikujt jan\u00eb bashkangjitur n\u00eb fund t\u00eb emrit q\u00eb modifikojn\u00eb. Ka artikuj t\u00eb caktuar dhe t\u00eb pacaktuar, dhe ato ndryshojn\u00eb sipas gjinis\u00eb dhe numrit t\u00eb emrit.<\/p>\n\n\n\n<h3 class=\"wp-block-heading\" id=\"h-3-pronouns-determiners\">3. P\u00ebremrat\/p\u00ebrcaktuesit:<\/h3>\n\n\n\n<p>Bullgarishtja ka p\u00ebremra personal\u00eb, posesiv, demonstrativ, pyet\u00ebs dhe relativ. Ata bien dakord n\u00eb gjini dhe num\u00ebr me emrin q\u00eb z\u00ebvend\u00ebsojn\u00eb ose modifikojn\u00eb. P\u00ebrcaktuesit p\u00ebrdoren p\u00ebr t\u00eb specifikuar ose p\u00ebrcaktuar emrat.<\/p>\n\n\n\n<h3 class=\"wp-block-heading\" id=\"h-4-adjectives\">4. Mbiemra:<\/h3>\n\n\n\n<p>Mbiemrat n\u00eb bullgarisht pajtohen n\u00eb gjini, num\u00ebr dhe p\u00ebrcaktim me emrin q\u00eb modifikojn\u00eb. Ato kan\u00eb tre shkall\u00eb krahasimi \u2013 pozitive, krahasuese dhe superlative.<\/p>\n\n\n\n<h3 class=\"wp-block-heading\" id=\"h-5-adverbs\">5. Ndajfoljet:<\/h3>\n\n\n\n<p>Ndajfoljet modifikojn\u00eb foljet, mbiemrat ose ndajfoljet e tjera. Ato nuk ndryshojn\u00eb n\u00eb form\u00eb dhe jan\u00eb thelb\u00ebsore p\u00ebr t\u00eb shprehur koh\u00ebn, vendin, m\u00ebnyr\u00ebn dhe shkall\u00ebn.<\/p>\n\n\n\n<h3 class=\"wp-block-heading\" id=\"h-6-verbs\">6. Foljet:<\/h3>\n\n\n\n<p>Foljet bullgare kan\u00eb tre konjugime kryesore dhe p\u00ebrkulen p\u00ebr personin, numrin, koh\u00ebn, humorin dhe z\u00ebrin. M\u00ebsimi i konjugimit t\u00eb sakt\u00eb dhe t\u00eb kuptuarit e aspekteve t\u00eb ndryshme t\u00eb foljeve \u00ebsht\u00eb thelb\u00ebsor p\u00ebr komunikimin e duhur.<\/p>\n\n\n\n<h3 class=\"wp-block-heading\" id=\"h-7-tenses\">7. Koh\u00ebt:<\/h3>\n\n\n\n<p>Bullgarishtja ka tre koh\u00eb kryesore \u2013 t\u00eb kaluar\u00ebn, t\u00eb tashmen dhe t\u00eb ardhmen. T\u00eb m\u00ebsosh <a href=\"https:\/\/talkpal.ai\/culture\/what-is-the-difference-between-se-and-si\/\">se si<\/a> t\u00eb formosh dhe p\u00ebrdor\u00ebsh k\u00ebto koh\u00eb \u00ebsht\u00eb thelb\u00ebsore p\u00ebr t\u00eb kuptuar dhe shprehur koh\u00ebn n\u00eb bullgarisht.<\/p>\n\n\n\n<h3 class=\"wp-block-heading\" id=\"h-8-tense-comparison\">8. Krahasimi i tensionuar:<\/h3>\n\n\n\n<p>Aft\u00ebsia p\u00ebr t\u00eb krahasuar koh\u00eb t\u00eb ndryshme \u00ebsht\u00eb e r\u00ebnd\u00ebsishme p\u00ebr t\u00eb kuptuar fjalit\u00eb komplekse dhe p\u00ebr t\u00eb shprehur marr\u00ebdh\u00ebnie t\u00eb ndryshme kohore n\u00eb bullgarisht.<\/p>\n\n\n\n<h3 class=\"wp-block-heading\" id=\"h-9-progressive\">9. Progresive:<\/h3>\n\n\n\n<p>Aspekti progresiv n\u00eb bullgarisht p\u00ebrdoret p\u00ebr t\u00eb p\u00ebrshkruar veprimet e vazhdueshme. Mund t\u00eb formohet me folje ndihm\u00ebse dhe pjes\u00ebmarrjen e tanishme t\u00eb foljes kryesore.<\/p>\n\n\n\n<h3 class=\"wp-block-heading\" id=\"h-10-perfect-progressive\">10. Progresiv i p\u00ebrsosur:<\/h3>\n\n\n\n<p>Aspekti i p\u00ebrsosur progresiv kombinon aspektet perfekte dhe progresive p\u00ebr t\u00eb shprehur veprimet q\u00eb filluan n\u00eb t\u00eb kaluar\u00ebn, vazhdojn\u00eb n\u00eb t\u00eb tashmen dhe mund t\u00eb vazhdojn\u00eb n\u00eb t\u00eb ardhmen.<\/p>\n\n\n\n<h3 class=\"wp-block-heading\" id=\"h-11-conditionals\">11. Kusht\u00ebzuese:<\/h3>\n\n\n\n<p>Bullgarishtja ka tre lloje t\u00eb kusht\u00ebzimeve \u2013 reale, joreale dhe potenciale. Ato p\u00ebrdoren p\u00ebr t\u00eb shprehur situata hipotetike ose t\u00eb kund\u00ebrta me faktin, si dhe p\u00ebr t\u00eb b\u00ebr\u00eb parashikime ose p\u00ebr t\u00eb dh\u00ebn\u00eb k\u00ebshilla.<\/p>\n\n\n\n<h3 class=\"wp-block-heading\" id=\"h-12-prepositions\">12. Parafjal\u00ebt:<\/h3>\n\n\n\n<p>Parafjal\u00ebt jan\u00eb thelb\u00ebsore p\u00ebr t\u00eb shprehur marr\u00ebdh\u00ebniet midis fjal\u00ebve n\u00eb nj\u00eb fjali. Ato p\u00ebrdoren p\u00ebr t\u00eb treguar vendndodhjen, koh\u00ebn, drejtimin, shkakun dhe marr\u00ebdh\u00ebnie t\u00eb tjera.<\/p>\n\n\n\n<h3 class=\"wp-block-heading\" id=\"h-13-sentences\">13. Fjalit\u00eb:<\/h3>\n\n\n\n<p>T\u00eb m\u00ebsosh se si t\u00eb formosh fjali t\u00eb thjeshta dhe komplekse n\u00eb bullgarisht \u00ebsht\u00eb thelb\u00ebsore p\u00ebr komunikim efektiv. Kjo p\u00ebrfshin t\u00eb kuptuarit e renditjes s\u00eb sakt\u00eb t\u00eb fjal\u00ebve, marr\u00ebveshjes subjekt-folje dhe p\u00ebrdorimin e lidhjeve dhe strukturave t\u00eb tjera t\u00eb fjalive.<\/p>\n<\/div><\/div>\n\r\n<section class=\"learnNavigationSection\">\r\n            \r\n        <a href=\"https:\/\/talkpal.ai\/sq\/meso-bullgarisht\/\">\r\n            <div class=\"learnNavigationWrapper\">\r\n                <div class=\"learnNavigationContent\">\r\n                    <img decoding=\"async\" src=\"https:\/\/talkpal.ai\/wp-content\/uploads\/2024\/08\/Bulgarian.jpg\" alt=\"Bulgarian Flag\">\r\n                    <div>\r\n                        <h4>Rreth m\u00ebsimit bullgar<\/h4>\r\n                        <p>M\u00ebsoni gjith\u00e7ka rreth gramatik\u00ebs bullgare.<\/p>\r\n                    <\/div>\r\n                <\/div>\r\n            <\/div>\r\n        <\/a>\r\n\r\n        \r\n        <a href=\"https:\/\/talkpal.ai\/sq\/gramatika-bullgare\/\">\r\n            <div class=\"learnNavigationWrapper\">\r\n                <div class=\"learnNavigationContent\">\r\n                    <img decoding=\"async\" src=\"https:\/\/talkpal.ai\/wp-content\/uploads\/2024\/08\/Bulgarian.jpg\" alt=\"Bulgarian Flag\">\r\n                    <div>\r\n                        <h4>M\u00ebsimet e gramatik\u00ebs bullgare<\/h4>\r\n                        <p>Praktikoni gramatik\u00ebn bullgare.<\/p>\r\n                    <\/div>\r\n                <\/div>\r\n            <\/div>\r\n        <\/a>\r\n\r\n        \r\n        <a href=\"https:\/\/talkpal.ai\/vocabulary_language\/bulgarian\/\">\r\n            <div class=\"learnNavigationWrapper\">\r\n                <div class=\"learnNavigationContent\">\r\n                    <img decoding=\"async\" src=\"https:\/\/talkpal.ai\/wp-content\/uploads\/2024\/08\/Bulgarian.jpg\" alt=\"Bulgarian Flag\">\r\n                    <div>\r\n                        <h4>Fjalori bullgar<\/h4>\r\n                        <p>Zgjeroni fjalorin tuaj bullgar.<\/p>\r\n                    <\/div>\r\n                <\/div>\r\n            <\/div>\r\n        <\/a>\r\n\r\n            <\/section>","protected":false},"excerpt":{"rendered":"<p>Temat e gramatik\u00ebs bullgare Bullgarishtja \u00ebsht\u00eb nj\u00eb gjuh\u00eb sllave jugore q\u00eb flitet kryesisht n\u00eb Bullgari dhe nga komunitetet bullgare n\u00eb vendet fqinje. Si gjuha zyrtare e Bullgaris\u00eb, ajo luan nj\u00eb rol jetik n\u00eb kultur\u00ebn, historin\u00eb dhe jet\u00ebn e p\u00ebrditshme t\u00eb vendit. M\u00ebsimi i gjuh\u00ebs bullgare mund t\u00eb jet\u00eb nj\u00eb p\u00ebrvoj\u00eb shp\u00ebrblyese, pasi ju lejon t\u00eb [&hellip;]<\/p>\n","protected":false},"author":6,"featured_media":1442821,"parent":0,"menu_order":0,"comment_status":"closed","ping_status":"closed","template":"LearningContentPage.php","meta":{"_acf_changed":false,"footnotes":""},"class_list":["post-1446735","page","type-page","status-publish","has-post-thumbnail","hentry"],"acf":[],"yoast_head":"<!-- This site is optimized with the Yoast SEO Premium plugin v27.2 (Yoast SEO v27.2) - https:\/\/yoast.com\/product\/yoast-seo-premium-wordpress\/ -->\n<title>Ushtrimet e gramatik\u00ebs bullgare - Talkpal<\/title>\n<meta name=\"description\" content=\"P\u00ebrmir\u00ebsoni aft\u00ebsit\u00eb tuaja gjuh\u00ebsore me ushtrimet e gramatik\u00ebs bullgare. Master gramatik\u00eb p\u00ebr nj\u00eb baz\u00eb t\u00eb fort\u00eb n\u00eb bullgarisht.\" \/>\n<meta name=\"robots\" content=\"index, follow, max-snippet:-1, max-image-preview:large, max-video-preview:-1\" \/>\n<link rel=\"canonical\" href=\"https:\/\/talkpal.ai\/sq\/ushtrimet-e-gramatikes-bullgare\/\" \/>\n<meta property=\"og:locale\" content=\"sq_AL\" \/>\n<meta property=\"og:type\" content=\"article\" \/>\n<meta property=\"og:title\" content=\"Ushtrimet e gramatik\u00ebs bullgare\" \/>\n<meta property=\"og:description\" content=\"Temat e gramatik\u00ebs bullgare Bullgarishtja \u00ebsht\u00eb nj\u00eb gjuh\u00eb sllave jugore q\u00eb flitet kryesisht n\u00eb Bullgari dhe nga komunitetet bullgare n\u00eb vendet fqinje. Si\" \/>\n<meta property=\"og:url\" content=\"https:\/\/talkpal.ai\/sq\/ushtrimet-e-gramatikes-bullgare\/\" \/>\n<meta property=\"og:site_name\" content=\"Talkpal\" \/>\n<meta property=\"article:publisher\" content=\"https:\/\/www.facebook.com\/profile.php?id=100090733639311\" \/>\n<meta property=\"article:modified_time\" content=\"2025-09-06T21:03:41+00:00\" \/>\n<meta property=\"og:image\" content=\"https:\/\/talkpal.ai\/wp-content\/uploads\/2023\/05\/bulgaria.png\" \/>\n\t<meta property=\"og:image:width\" content=\"512\" \/>\n\t<meta property=\"og:image:height\" content=\"512\" \/>\n\t<meta property=\"og:image:type\" content=\"image\/png\" \/>\n<meta name=\"twitter:card\" content=\"summary_large_image\" \/>\n<meta name=\"twitter:site\" content=\"@talkpalai\" \/>\n<meta name=\"twitter:label1\" content=\"Est. reading time\" \/>\n\t<meta name=\"twitter:data1\" content=\"3 minutes\" \/>\n<script type=\"application\/ld+json\" class=\"yoast-schema-graph\">{\"@context\":\"https:\/\/schema.org\",\"@graph\":[{\"@type\":\"WebPage\",\"@id\":\"https:\/\/talkpal.ai\/sq\/ushtrimet-e-gramatikes-bullgare\/\",\"url\":\"https:\/\/talkpal.ai\/sq\/ushtrimet-e-gramatikes-bullgare\/\",\"name\":\"Ushtrimet e gramatik\u00ebs bullgare - Talkpal\",\"isPartOf\":{\"@id\":\"https:\/\/talkpal.ai\/sq\/#website\"},\"primaryImageOfPage\":{\"@id\":\"https:\/\/talkpal.ai\/sq\/ushtrimet-e-gramatikes-bullgare\/#primaryimage\"},\"image\":{\"@id\":\"https:\/\/talkpal.ai\/sq\/ushtrimet-e-gramatikes-bullgare\/#primaryimage\"},\"thumbnailUrl\":\"https:\/\/talkpal.ai\/wp-content\/uploads\/2023\/05\/bulgaria.png\",\"datePublished\":\"2023-06-16T12:39:48+00:00\",\"dateModified\":\"2025-09-06T21:03:41+00:00\",\"description\":\"P\u00ebrmir\u00ebsoni aft\u00ebsit\u00eb tuaja gjuh\u00ebsore me ushtrimet e gramatik\u00ebs bullgare. Master gramatik\u00eb p\u00ebr nj\u00eb baz\u00eb t\u00eb fort\u00eb n\u00eb bullgarisht.\",\"breadcrumb\":{\"@id\":\"https:\/\/talkpal.ai\/sq\/ushtrimet-e-gramatikes-bullgare\/#breadcrumb\"},\"inLanguage\":\"sq-AL\",\"potentialAction\":[{\"@type\":\"ReadAction\",\"target\":[\"https:\/\/talkpal.ai\/sq\/ushtrimet-e-gramatikes-bullgare\/\"]}]},{\"@type\":\"ImageObject\",\"inLanguage\":\"sq-AL\",\"@id\":\"https:\/\/talkpal.ai\/sq\/ushtrimet-e-gramatikes-bullgare\/#primaryimage\",\"url\":\"https:\/\/talkpal.ai\/wp-content\/uploads\/2023\/05\/bulgaria.png\",\"contentUrl\":\"https:\/\/talkpal.ai\/wp-content\/uploads\/2023\/05\/bulgaria.png\",\"width\":512,\"height\":512,\"caption\":\"TalkPal Bulgaria Flag\"},{\"@type\":\"BreadcrumbList\",\"@id\":\"https:\/\/talkpal.ai\/sq\/ushtrimet-e-gramatikes-bullgare\/#breadcrumb\",\"itemListElement\":[{\"@type\":\"ListItem\",\"position\":1,\"name\":\"Homepage\",\"item\":\"https:\/\/talkpal.ai\/sq\/\"},{\"@type\":\"ListItem\",\"position\":2,\"name\":\"Ushtrimet e gramatik\u00ebs bullgare\"}]},{\"@type\":\"WebSite\",\"@id\":\"https:\/\/talkpal.ai\/sq\/#website\",\"url\":\"https:\/\/talkpal.ai\/sq\/\",\"name\":\"Talkpal\",\"description\":\"AI Language Learning\",\"publisher\":{\"@id\":\"https:\/\/talkpal.ai\/sq\/#organization\"},\"alternateName\":\"Talkpal AI\",\"potentialAction\":[{\"@type\":\"SearchAction\",\"target\":{\"@type\":\"EntryPoint\",\"urlTemplate\":\"https:\/\/talkpal.ai\/sq\/?s={search_term_string}\"},\"query-input\":{\"@type\":\"PropertyValueSpecification\",\"valueRequired\":true,\"valueName\":\"search_term_string\"}}],\"inLanguage\":\"sq-AL\"},{\"@type\":\"Organization\",\"@id\":\"https:\/\/talkpal.ai\/sq\/#organization\",\"name\":\"Talkpal, Inc.\",\"alternateName\":\"Talkpal AI\",\"url\":\"https:\/\/talkpal.ai\/sq\/\",\"logo\":{\"@type\":\"ImageObject\",\"inLanguage\":\"sq-AL\",\"@id\":\"https:\/\/talkpal.ai\/sq\/#\/schema\/logo\/image\/\",\"url\":\"https:\/\/talkpal.ai\/wp-content\/uploads\/2024\/03\/Talkpal-Logo-Icon.png\",\"contentUrl\":\"https:\/\/talkpal.ai\/wp-content\/uploads\/2024\/03\/Talkpal-Logo-Icon.png\",\"width\":2880,\"height\":2880,\"caption\":\"Talkpal, Inc.\"},\"image\":{\"@id\":\"https:\/\/talkpal.ai\/sq\/#\/schema\/logo\/image\/\"},\"sameAs\":[\"https:\/\/www.facebook.com\/profile.php?id=100090733639311\",\"https:\/\/x.com\/talkpalai\",\"https:\/\/www.linkedin.com\/company\/talkpal\/\",\"https:\/\/www.youtube.com\/@TalkPal\/\",\"https:\/\/www.tiktok.com\/@talkpal\",\"https:\/\/www.instagram.com\/talkpal_ai\/\",\"https:\/\/www.crunchbase.com\/organization\/talkpal-9cde\",\"https:\/\/www.g2.com\/products\/talkpal-for-business\/\",\"https:\/\/www.trustpilot.com\/review\/talkpal.ai\",\"https:\/\/www.capterra.com\/p\/10006800\/TalkPal\/\"],\"description\":\"Talkpal is a language learning web and mobile education app, powered by the latest AI technologies, that provides engaging experiences to its customers in many different languages to help them improve their language skills. Users can chat about unlimited amount of topics with the app and use other modes to practice their language learning.\",\"email\":\"support@talkpal.ai\",\"legalName\":\"Talkpal, Inc.\",\"foundingDate\":\"2023-04-03\",\"duns\":\"118989042\",\"numberOfEmployees\":{\"@type\":\"QuantitativeValue\",\"minValue\":\"11\",\"maxValue\":\"50\"},\"publishingPrinciples\":\"https:\/\/talkpal.ai\/publishing-principles\/\",\"actionableFeedbackPolicy\":\"https:\/\/talkpal.ai\/actionable-feedback-policy\/\",\"correctionsPolicy\":\"https:\/\/talkpal.ai\/corrections-policy\/\",\"ethicsPolicy\":\"https:\/\/talkpal.ai\/ethics-policy\/\",\"diversityPolicy\":\"https:\/\/talkpal.ai\/diversity-policy\/\",\"diversityStaffingReport\":\"https:\/\/talkpal.ai\/diversity-policy\/\"}]}<\/script>\n<!-- \/ Yoast SEO Premium plugin. -->","yoast_head_json":{"title":"Ushtrimet e gramatik\u00ebs bullgare - Talkpal","description":"P\u00ebrmir\u00ebsoni aft\u00ebsit\u00eb tuaja gjuh\u00ebsore me ushtrimet e gramatik\u00ebs bullgare. Master gramatik\u00eb p\u00ebr nj\u00eb baz\u00eb t\u00eb fort\u00eb n\u00eb bullgarisht.","robots":{"index":"index","follow":"follow","max-snippet":"max-snippet:-1","max-image-preview":"max-image-preview:large","max-video-preview":"max-video-preview:-1"},"canonical":"https:\/\/talkpal.ai\/sq\/ushtrimet-e-gramatikes-bullgare\/","og_locale":"sq_AL","og_type":"article","og_title":"Ushtrimet e gramatik\u00ebs bullgare","og_description":"Temat e gramatik\u00ebs bullgare Bullgarishtja \u00ebsht\u00eb nj\u00eb gjuh\u00eb sllave jugore q\u00eb flitet kryesisht n\u00eb Bullgari dhe nga komunitetet bullgare n\u00eb vendet fqinje. Si","og_url":"https:\/\/talkpal.ai\/sq\/ushtrimet-e-gramatikes-bullgare\/","og_site_name":"Talkpal","article_publisher":"https:\/\/www.facebook.com\/profile.php?id=100090733639311","article_modified_time":"2025-09-06T21:03:41+00:00","og_image":[{"width":512,"height":512,"url":"https:\/\/talkpal.ai\/wp-content\/uploads\/2023\/05\/bulgaria.png","type":"image\/png"}],"twitter_card":"summary_large_image","twitter_site":"@talkpalai","twitter_misc":{"Est. reading time":"3 minutes"},"schema":{"@context":"https:\/\/schema.org","@graph":[{"@type":"WebPage","@id":"https:\/\/talkpal.ai\/sq\/ushtrimet-e-gramatikes-bullgare\/","url":"https:\/\/talkpal.ai\/sq\/ushtrimet-e-gramatikes-bullgare\/","name":"Ushtrimet e gramatik\u00ebs bullgare - Talkpal","isPartOf":{"@id":"https:\/\/talkpal.ai\/sq\/#website"},"primaryImageOfPage":{"@id":"https:\/\/talkpal.ai\/sq\/ushtrimet-e-gramatikes-bullgare\/#primaryimage"},"image":{"@id":"https:\/\/talkpal.ai\/sq\/ushtrimet-e-gramatikes-bullgare\/#primaryimage"},"thumbnailUrl":"https:\/\/talkpal.ai\/wp-content\/uploads\/2023\/05\/bulgaria.png","datePublished":"2023-06-16T12:39:48+00:00","dateModified":"2025-09-06T21:03:41+00:00","description":"P\u00ebrmir\u00ebsoni aft\u00ebsit\u00eb tuaja gjuh\u00ebsore me ushtrimet e gramatik\u00ebs bullgare. Master gramatik\u00eb p\u00ebr nj\u00eb baz\u00eb t\u00eb fort\u00eb n\u00eb bullgarisht.","breadcrumb":{"@id":"https:\/\/talkpal.ai\/sq\/ushtrimet-e-gramatikes-bullgare\/#breadcrumb"},"inLanguage":"sq-AL","potentialAction":[{"@type":"ReadAction","target":["https:\/\/talkpal.ai\/sq\/ushtrimet-e-gramatikes-bullgare\/"]}]},{"@type":"ImageObject","inLanguage":"sq-AL","@id":"https:\/\/talkpal.ai\/sq\/ushtrimet-e-gramatikes-bullgare\/#primaryimage","url":"https:\/\/talkpal.ai\/wp-content\/uploads\/2023\/05\/bulgaria.png","contentUrl":"https:\/\/talkpal.ai\/wp-content\/uploads\/2023\/05\/bulgaria.png","width":512,"height":512,"caption":"TalkPal Bulgaria Flag"},{"@type":"BreadcrumbList","@id":"https:\/\/talkpal.ai\/sq\/ushtrimet-e-gramatikes-bullgare\/#breadcrumb","itemListElement":[{"@type":"ListItem","position":1,"name":"Homepage","item":"https:\/\/talkpal.ai\/sq\/"},{"@type":"ListItem","position":2,"name":"Ushtrimet e gramatik\u00ebs bullgare"}]},{"@type":"WebSite","@id":"https:\/\/talkpal.ai\/sq\/#website","url":"https:\/\/talkpal.ai\/sq\/","name":"Talkpal","description":"AI Language Learning","publisher":{"@id":"https:\/\/talkpal.ai\/sq\/#organization"},"alternateName":"Talkpal AI","potentialAction":[{"@type":"SearchAction","target":{"@type":"EntryPoint","urlTemplate":"https:\/\/talkpal.ai\/sq\/?s={search_term_string}"},"query-input":{"@type":"PropertyValueSpecification","valueRequired":true,"valueName":"search_term_string"}}],"inLanguage":"sq-AL"},{"@type":"Organization","@id":"https:\/\/talkpal.ai\/sq\/#organization","name":"Talkpal, Inc.","alternateName":"Talkpal AI","url":"https:\/\/talkpal.ai\/sq\/","logo":{"@type":"ImageObject","inLanguage":"sq-AL","@id":"https:\/\/talkpal.ai\/sq\/#\/schema\/logo\/image\/","url":"https:\/\/talkpal.ai\/wp-content\/uploads\/2024\/03\/Talkpal-Logo-Icon.png","contentUrl":"https:\/\/talkpal.ai\/wp-content\/uploads\/2024\/03\/Talkpal-Logo-Icon.png","width":2880,"height":2880,"caption":"Talkpal, Inc."},"image":{"@id":"https:\/\/talkpal.ai\/sq\/#\/schema\/logo\/image\/"},"sameAs":["https:\/\/www.facebook.com\/profile.php?id=100090733639311","https:\/\/x.com\/talkpalai","https:\/\/www.linkedin.com\/company\/talkpal\/","https:\/\/www.youtube.com\/@TalkPal\/","https:\/\/www.tiktok.com\/@talkpal","https:\/\/www.instagram.com\/talkpal_ai\/","https:\/\/www.crunchbase.com\/organization\/talkpal-9cde","https:\/\/www.g2.com\/products\/talkpal-for-business\/","https:\/\/www.trustpilot.com\/review\/talkpal.ai","https:\/\/www.capterra.com\/p\/10006800\/TalkPal\/"],"description":"Talkpal is a language learning web and mobile education app, powered by the latest AI technologies, that provides engaging experiences to its customers in many different languages to help them improve their language skills. Users can chat about unlimited amount of topics with the app and use other modes to practice their language learning.","email":"support@talkpal.ai","legalName":"Talkpal, Inc.","foundingDate":"2023-04-03","duns":"118989042","numberOfEmployees":{"@type":"QuantitativeValue","minValue":"11","maxValue":"50"},"publishingPrinciples":"https:\/\/talkpal.ai\/publishing-principles\/","actionableFeedbackPolicy":"https:\/\/talkpal.ai\/actionable-feedback-policy\/","correctionsPolicy":"https:\/\/talkpal.ai\/corrections-policy\/","ethicsPolicy":"https:\/\/talkpal.ai\/ethics-policy\/","diversityPolicy":"https:\/\/talkpal.ai\/diversity-policy\/","diversityStaffingReport":"https:\/\/talkpal.ai\/diversity-policy\/"}]}},"_links":{"self":[{"href":"https:\/\/talkpal.ai\/sq\/wp-json\/wp\/v2\/pages\/1446735","targetHints":{"allow":["GET"]}}],"collection":[{"href":"https:\/\/talkpal.ai\/sq\/wp-json\/wp\/v2\/pages"}],"about":[{"href":"https:\/\/talkpal.ai\/sq\/wp-json\/wp\/v2\/types\/page"}],"author":[{"embeddable":true,"href":"https:\/\/talkpal.ai\/sq\/wp-json\/wp\/v2\/users\/6"}],"replies":[{"embeddable":true,"href":"https:\/\/talkpal.ai\/sq\/wp-json\/wp\/v2\/comments?post=1446735"}],"version-history":[{"count":0,"href":"https:\/\/talkpal.ai\/sq\/wp-json\/wp\/v2\/pages\/1446735\/revisions"}],"wp:featuredmedia":[{"embeddable":true,"href":"https:\/\/talkpal.ai\/sq\/wp-json\/wp\/v2\/media\/1442821"}],"wp:attachment":[{"href":"https:\/\/talkpal.ai\/sq\/wp-json\/wp\/v2\/media?parent=1446735"}],"curies":[{"name":"wp","href":"https:\/\/api.w.org\/{rel}","templated":true}]}}