{"id":1446732,"date":"2023-06-16T13:10:39","date_gmt":"2023-06-16T13:10:39","guid":{"rendered":"https:\/\/talkpal.ai\/ushtrimet-e-gramatikes-ceke\/"},"modified":"2025-12-17T16:29:34","modified_gmt":"2025-12-17T16:29:34","slug":"ushtrimet-e-gramatikes-ceke","status":"publish","type":"page","link":"https:\/\/talkpal.ai\/sq\/ushtrimet-e-gramatikes-ceke\/","title":{"rendered":"Ushtrimet e gramatik\u00ebs \u00e7eke"},"content":{"rendered":"\r\n\r\n\r\n<section class=\"languageChallengeSection\">\r\n    <div class=\"languageInfoWrapper\">\r\n        \r\n        <h1>Ushtrimet e gramatik\u00ebs \u00e7eke<\/h1>\r\n        <p>Gati p\u00ebr t\u00eb mprehur aft\u00ebsit\u00eb tuaja <a href=\"https:\/\/talkpal.ai\/learn-czech\/\">\u00e7eke<\/a>? Praktikimi i ushtrimeve gramatikore \u00ebsht\u00eb m\u00ebnyra e p\u00ebrsosur p\u00ebr t\u00eb zot\u00ebruar struktur\u00ebn e fjalis\u00eb, mbaresat e foljeve dhe modelet dalluese t\u00eb gjuh\u00ebs \u00e7eke. Filloni t\u00eb punoni n\u00eb gramatik\u00ebn \u00e7eke sot dhe shikoni besimin dhe rrjedhshm\u00ebrin\u00eb tuaj t\u00eb rriten me \u00e7do ushtrim!\n\n<\/p>\r\n\r\n                            <a class=\"getStartedHidden\" href=\"https:\/\/app.talkpal.ai\/signup?lng=\">Filloni<\/a>\r\n        \r\n    <\/div>\r\n\r\n    <figure>\r\n    <img decoding=\"async\" width=\"768\" height=\"768\" src=\"https:\/\/talkpal.ai\/wp-content\/uploads\/2023\/06\/Czech-768x768.png\" class=\"languageImage no-lazy\" alt=\"Language learning for intellectual development\" fetchpriority=\"high\" sizes=\"(max-width: 768px) 150px, 768px\" srcset=\"https:\/\/talkpal.ai\/wp-content\/uploads\/2023\/06\/Czech-768x768.png 768w, https:\/\/talkpal.ai\/wp-content\/uploads\/2023\/06\/Czech-300x300.png 300w\" \/>\r\n    \r\n\r\n    <\/figure>\r\n\r\n            <a class=\"getStartedVisible\" href=\"https:\/\/app.talkpal.ai\/signup?lng=\">Filloni<\/a>\r\n    \r\n<\/section>\r\n\r\n\r\n<!-- <section class=\"grammarSection\">\r\n    <div class=\"grammarLinks\">\r\n            <\/div>\r\n<\/section> -->\r\n\r\n\r\n\r\n\r\n<section class=\"promotionalBanner\">\r\n    <p class=\"promotionalText\">M\u00ebnyra m\u00eb efikase p\u00ebr t\u00eb m\u00ebsuar nj\u00eb gjuh\u00eb<\/p>\r\n    <a class=\"promotionalLink\" href=\"https:\/\/app.talkpal.ai\/signup?lng=\">Provoni Talkpal falas<\/a>\r\n<\/section>\n<div class=\"wp-block-group pageContainerStyle\"><div class=\"wp-block-group__inner-container is-layout-constrained wp-block-group-is-layout-constrained\">\n<h2 class=\"wp-block-heading\" id=\"h-czech-grammar-topics\">Temat e gramatik\u00ebs \u00e7eke<\/h2>\n\n\n\n<p>M\u00ebsimi i nj\u00eb gjuhe t\u00eb re mund t\u00eb jet\u00eb nj\u00eb p\u00ebrvoj\u00eb emocionuese dhe pasuruese, dhe gjuha \u00e7eke nuk b\u00ebn p\u00ebrjashtim. Me historin\u00eb e saj t\u00eb pasur dhe hijeshin\u00eb unike sllave, gjuha \u00e7eke u ofron nx\u00ebn\u00ebsve nj\u00eb port\u00eb p\u00ebr n\u00eb zem\u00ebr t\u00eb Evrop\u00ebs Qendrore. P\u00ebr t\u00eb p\u00ebrfituar sa m\u00eb shum\u00eb nga udh\u00ebtimi juaj n\u00eb gjuh\u00ebn \u00e7eke, \u00ebsht\u00eb thelb\u00ebsore t\u00eb kuptoni dhe zot\u00ebroni gramatik\u00ebn e saj, e cila \u00ebsht\u00eb shtylla kurrizore e \u00e7do gjuhe. Nga koh\u00ebt dhe foljet deri te mbiemrat dhe parafjal\u00ebt, njohja e k\u00ebtyre temave gramatikore do t&#8217;ju ndihmoj\u00eb t\u00eb komunikoni n\u00eb m\u00ebnyr\u00eb efektive dhe me besim. N\u00eb k\u00ebt\u00eb udh\u00ebzues, ne do t&#8217;ju p\u00ebrcjellim temat thelb\u00ebsore t\u00eb gramatik\u00ebs \u00e7eke, t\u00eb grumbulluara n\u00eb nj\u00eb sekuenc\u00eb q\u00eb do t\u00eb leht\u00ebsoj\u00eb m\u00ebsimin dhe kuptimin tuaj t\u00eb gjuh\u00ebs.<\/p>\n\n\n\n<h3 class=\"wp-block-heading\" id=\"h-1-nouns\">1. Emrat:<\/h3>\n\n\n\n<p>Filloni m\u00ebsimin tuaj me emrat \u00e7ek, pasi ato jan\u00eb themeli i gjuh\u00ebs. Emrat \u00e7ek\u00eb kan\u00eb tre gjini (mashkullore, fem\u00ebrore dhe neutre) dhe shtat\u00eb raste (nominative, gjenitive, dative, akuzative, vokative, locative dhe instrumentale). T\u00eb kuptuarit e sistemit gjinor dhe t\u00eb rastit \u00ebsht\u00eb thelb\u00ebsor p\u00ebr formimin e duhur t\u00eb fjalive.<\/p>\n\n\n\n<h3 class=\"wp-block-heading\" id=\"h-2-articles\">2. Artikujt:<\/h3>\n\n\n\n<p>gjuha \u00e7eke nuk ka artikuj t\u00eb pacaktuar (a, an), dhe artikulli i caktuar (the) p\u00ebrdoret vet\u00ebm n\u00eb disa situata specifike. M\u00ebsoni kur dhe si t\u00eb p\u00ebrdorni artikullin e caktuar p\u00ebr t\u00eb p\u00ebrmir\u00ebsuar t\u00eb kuptuarit tuaj t\u00eb gramatik\u00ebs \u00e7eke.<\/p>\n\n\n\n<h3 class=\"wp-block-heading\" id=\"h-3-pronouns-determiners\">3. P\u00ebremrat\/p\u00ebrcaktuesit:<\/h3>\n\n\n\n<p>P\u00ebremrat z\u00ebvend\u00ebsojn\u00eb emrat n\u00eb fjali, nd\u00ebrsa p\u00ebrcaktuesit specifikojn\u00eb ose modifikojn\u00eb emrat. Njihuni me p\u00ebremrat personal\u00eb, posesiv, demonstrativ, refleksiv\u00eb dhe pyet\u00ebs \u00e7ek, si dhe p\u00ebrcaktuesit, p\u00ebr t\u00eb krijuar fjali m\u00eb komplekse.<\/p>\n\n\n\n<h3 class=\"wp-block-heading\" id=\"h-4-adjectives\">4. Mbiemra:<\/h3>\n\n\n\n<p>Mbiemrat p\u00ebrshkruajn\u00eb ose modifikojn\u00eb emrat n\u00eb \u00e7ekisht. M\u00ebsoni <a href=\"https:\/\/talkpal.ai\/culture\/what-is-the-difference-between-se-and-si\/\">se si<\/a> t&#8217;i p\u00ebrdorni ato n\u00eb gjinin\u00eb, numrin dhe rastin e duhur p\u00ebr t&#8217;u pajtuar me emrin q\u00eb ata p\u00ebrshkruajn\u00eb.<\/p>\n\n\n\n<h3 class=\"wp-block-heading\" id=\"h-5-adverbs\">5. Ndajfoljet:<\/h3>\n\n\n\n<p>Ndajfoljet modifikojn\u00eb foljet, mbiemrat ose ndajfoljet e tjera. Ato japin informacion shtes\u00eb <a href=\"https:\/\/talkpal.ai\/sq\/rreth\/\">rreth<\/a> veprimit, t\u00eb tilla si m\u00ebnyra, koha ose vendi. Zot\u00ebrimi i ndajfoljeve \u00e7eke do t&#8217;ju ndihmoj\u00eb t\u00eb p\u00ebrcillni mesazhin tuaj m\u00eb sakt\u00ebsisht.<\/p>\n\n\n\n<h3 class=\"wp-block-heading\" id=\"h-6-verbs\">6. Foljet:<\/h3>\n\n\n\n<p>Foljet \u00e7eke jan\u00eb thelb\u00ebsore p\u00ebr t\u00eb shprehur veprime, ngjarje ose gjendje. M\u00ebsoni modelet e konjugimit, koh\u00ebt (e kaluara, e tashmja dhe e ardhmja) dhe aspektet (perfeksionive dhe joperfekte) p\u00ebr t\u00eb komunikuar n\u00eb m\u00ebnyr\u00eb efektive.<\/p>\n\n\n\n<h3 class=\"wp-block-heading\" id=\"h-7-tense-comparison\">7. Krahasimi i tensionit:<\/h3>\n\n\n\n<p>T\u00eb kuptuarit e dallimeve dhe p\u00ebrdorimit t\u00eb koh\u00ebs \u00e7eke (e kaluara, e tashmja dhe e ardhmja) do t&#8217;ju mund\u00ebsoj\u00eb t\u00eb shprehni mendimet tuaja me sakt\u00ebsi dhe t\u00eb shmangni konfuzionin.<\/p>\n\n\n\n<h3 class=\"wp-block-heading\" id=\"h-8-progressive-and-perfect-progressive\">8. Progresiv dhe progresiv i p\u00ebrsosur:<\/h3>\n\n\n\n<p>\u00c7ekishtja nuk ka ekuivalente t\u00eb drejtp\u00ebrdrejta p\u00ebr koh\u00ebt progresive dhe progresive t\u00eb p\u00ebrsosura angleze. N\u00eb vend t\u00eb k\u00ebsaj, gjuha p\u00ebrdor aspekte t\u00eb ndryshme foljore (perfeksionive dhe joperfekte) dhe konstruksione p\u00ebr t\u00eb p\u00ebrcjell\u00eb kuptime t\u00eb ngjashme. M\u00ebsoni se si t&#8217;i formoni dhe p\u00ebrdorni k\u00ebto nd\u00ebrtime p\u00ebr t\u00eb shprehur veprimet e vazhdueshme ose t\u00eb p\u00ebrfunduara.<\/p>\n\n\n\n<h3 class=\"wp-block-heading\" id=\"h-9-conditionals\">9. Kusht\u00ebzuese:<\/h3>\n\n\n\n<p>Kusht\u00ebzimet p\u00ebrdoren p\u00ebr t\u00eb shprehur situata ose kushte hipotetike. Zot\u00ebroni format e kusht\u00ebzuara \u00e7eke p\u00ebr t\u00eb diskutuar mund\u00ebsit\u00eb dhe p\u00ebr t\u00eb b\u00ebr\u00eb parashikime.<\/p>\n\n\n\n<h3 class=\"wp-block-heading\" id=\"h-10-prepositions\">10. Parafjal\u00ebt:<\/h3>\n\n\n\n<p>Parafjal\u00ebt p\u00ebrdoren p\u00ebr t\u00eb treguar marr\u00ebdh\u00ebniet midis fjal\u00ebve, t\u00eb tilla si vendndodhja, drejtimi, koha ose shkaku. M\u00ebsimi dhe p\u00ebrdorimi i sakt\u00eb i parafjal\u00ebve \u00e7eke do t&#8217;ju ndihmoj\u00eb t\u00eb nd\u00ebrtoni fjali t\u00eb qarta dhe kuptimplota.<\/p>\n\n\n\n<h3 class=\"wp-block-heading\" id=\"h-11-sentences\">11. Fjalit\u00eb:<\/h3>\n\n\n\n<p>S\u00eb fundi, praktikoni formimin e fjalive \u00e7eke duke kombinuar element\u00ebt gramatikor q\u00eb keni m\u00ebsuar. P\u00ebrqendrohuni n\u00eb krijimin e fjalive t\u00eb thjeshta, t\u00eb p\u00ebrb\u00ebra, komplekse dhe komplekse p\u00ebr t\u00eb rritur rrjedhshm\u00ebrin\u00eb dhe aft\u00ebsit\u00eb tuaja t\u00eb komunikimit n\u00eb gjuh\u00ebn \u00e7eke.<\/p>\n<\/div><\/div>\n\r\n<section class=\"learnNavigationSection\">\r\n            \r\n        <a href=\"https:\/\/talkpal.ai\/sq\/meso-cekisht\/\">\r\n            <div class=\"learnNavigationWrapper\">\r\n                <div class=\"learnNavigationContent\">\r\n                    <img decoding=\"async\" src=\"https:\/\/talkpal.ai\/wp-content\/uploads\/2024\/08\/Czech.jpg\" alt=\"Czech Flag\">\r\n                    <div>\r\n                        <h4>Rreth m\u00ebsimit \u00e7ekisht<\/h4>\r\n                        <p>M\u00ebsoni gjith\u00e7ka rreth gramatik\u00ebs \u00e7eke.<\/p>\r\n                    <\/div>\r\n                <\/div>\r\n            <\/div>\r\n        <\/a>\r\n\r\n        \r\n        <a href=\"https:\/\/talkpal.ai\/sq\/gramatika-ceke\/\">\r\n            <div class=\"learnNavigationWrapper\">\r\n                <div class=\"learnNavigationContent\">\r\n                    <img decoding=\"async\" src=\"https:\/\/talkpal.ai\/wp-content\/uploads\/2024\/08\/Czech.jpg\" alt=\"Czech Flag\">\r\n                    <div>\r\n                        <h4>M\u00ebsimet e gramatik\u00ebs \u00e7eke<\/h4>\r\n                        <p>Praktikoni gramatik\u00ebn \u00e7eke.<\/p>\r\n                    <\/div>\r\n                <\/div>\r\n            <\/div>\r\n        <\/a>\r\n\r\n        \r\n        <a href=\"https:\/\/talkpal.ai\/vocabulary_language\/czech\/\">\r\n            <div class=\"learnNavigationWrapper\">\r\n                <div class=\"learnNavigationContent\">\r\n                    <img decoding=\"async\" src=\"https:\/\/talkpal.ai\/wp-content\/uploads\/2024\/08\/Czech.jpg\" alt=\"Czech Flag\">\r\n                    <div>\r\n                        <h4>Fjalori \u00e7ek<\/h4>\r\n                        <p>Zgjeroni fjalorin tuaj \u00e7ek.<\/p>\r\n                    <\/div>\r\n                <\/div>\r\n            <\/div>\r\n        <\/a>\r\n\r\n            <\/section>","protected":false},"excerpt":{"rendered":"<p>Temat e gramatik\u00ebs \u00e7eke M\u00ebsimi i nj\u00eb gjuhe t\u00eb re mund t\u00eb jet\u00eb nj\u00eb p\u00ebrvoj\u00eb emocionuese dhe pasuruese, dhe gjuha \u00e7eke nuk b\u00ebn p\u00ebrjashtim. Me historin\u00eb e saj t\u00eb pasur dhe hijeshin\u00eb unike sllave, gjuha \u00e7eke u ofron nx\u00ebn\u00ebsve nj\u00eb port\u00eb p\u00ebr n\u00eb zem\u00ebr t\u00eb Evrop\u00ebs Qendrore. P\u00ebr t\u00eb p\u00ebrfituar sa m\u00eb shum\u00eb nga udh\u00ebtimi [&hellip;]<\/p>\n","protected":false},"author":6,"featured_media":1442826,"parent":0,"menu_order":0,"comment_status":"closed","ping_status":"closed","template":"LearningContentPage.php","meta":{"_acf_changed":false,"footnotes":""},"class_list":["post-1446732","page","type-page","status-publish","has-post-thumbnail","hentry"],"acf":[],"yoast_head":"<!-- This site is optimized with the Yoast SEO Premium plugin v27.2 (Yoast SEO v27.2) - https:\/\/yoast.com\/product\/yoast-seo-premium-wordpress\/ -->\n<title>Ushtrimet e gramatik\u00ebs \u00e7eke - Talkpal<\/title>\n<meta name=\"description\" content=\"Zhbllokoni sekretet e gjuh\u00ebs \u00e7eke me ushtrime thelb\u00ebsore t\u00eb gramatik\u00ebs \u00e7eke p\u00ebr komunikim t\u00eb sigurt.\" \/>\n<meta name=\"robots\" content=\"index, follow, max-snippet:-1, max-image-preview:large, max-video-preview:-1\" \/>\n<link rel=\"canonical\" href=\"https:\/\/talkpal.ai\/sq\/ushtrimet-e-gramatikes-ceke\/\" \/>\n<meta property=\"og:locale\" content=\"sq_AL\" \/>\n<meta property=\"og:type\" content=\"article\" \/>\n<meta property=\"og:title\" content=\"Ushtrimet e gramatik\u00ebs \u00e7eke\" \/>\n<meta property=\"og:description\" content=\"Temat e gramatik\u00ebs \u00e7eke M\u00ebsimi i nj\u00eb gjuhe t\u00eb re mund t\u00eb jet\u00eb nj\u00eb p\u00ebrvoj\u00eb emocionuese dhe pasuruese, dhe gjuha \u00e7eke nuk b\u00ebn p\u00ebrjashtim. Me historin\u00eb e saj\" \/>\n<meta property=\"og:url\" content=\"https:\/\/talkpal.ai\/sq\/ushtrimet-e-gramatikes-ceke\/\" \/>\n<meta property=\"og:site_name\" content=\"Talkpal\" \/>\n<meta property=\"article:publisher\" content=\"https:\/\/www.facebook.com\/profile.php?id=100090733639311\" \/>\n<meta property=\"article:modified_time\" content=\"2025-12-17T16:29:34+00:00\" \/>\n<meta property=\"og:image\" content=\"https:\/\/talkpal.ai\/wp-content\/uploads\/2023\/05\/czech-republic.png\" \/>\n\t<meta property=\"og:image:width\" content=\"512\" \/>\n\t<meta property=\"og:image:height\" content=\"512\" \/>\n\t<meta property=\"og:image:type\" content=\"image\/png\" \/>\n<meta name=\"twitter:card\" content=\"summary_large_image\" \/>\n<meta name=\"twitter:site\" content=\"@talkpalai\" \/>\n<meta name=\"twitter:label1\" content=\"Est. reading time\" \/>\n\t<meta name=\"twitter:data1\" content=\"3 minutes\" \/>\n<script type=\"application\/ld+json\" class=\"yoast-schema-graph\">{\"@context\":\"https:\/\/schema.org\",\"@graph\":[{\"@type\":\"WebPage\",\"@id\":\"https:\/\/talkpal.ai\/sq\/ushtrimet-e-gramatikes-ceke\/\",\"url\":\"https:\/\/talkpal.ai\/sq\/ushtrimet-e-gramatikes-ceke\/\",\"name\":\"Ushtrimet e gramatik\u00ebs \u00e7eke - Talkpal\",\"isPartOf\":{\"@id\":\"https:\/\/talkpal.ai\/sq\/#website\"},\"primaryImageOfPage\":{\"@id\":\"https:\/\/talkpal.ai\/sq\/ushtrimet-e-gramatikes-ceke\/#primaryimage\"},\"image\":{\"@id\":\"https:\/\/talkpal.ai\/sq\/ushtrimet-e-gramatikes-ceke\/#primaryimage\"},\"thumbnailUrl\":\"https:\/\/talkpal.ai\/wp-content\/uploads\/2023\/05\/czech-republic.png\",\"datePublished\":\"2023-06-16T13:10:39+00:00\",\"dateModified\":\"2025-12-17T16:29:34+00:00\",\"description\":\"Zhbllokoni sekretet e gjuh\u00ebs \u00e7eke me ushtrime thelb\u00ebsore t\u00eb gramatik\u00ebs \u00e7eke p\u00ebr komunikim t\u00eb sigurt.\",\"breadcrumb\":{\"@id\":\"https:\/\/talkpal.ai\/sq\/ushtrimet-e-gramatikes-ceke\/#breadcrumb\"},\"inLanguage\":\"sq-AL\",\"potentialAction\":[{\"@type\":\"ReadAction\",\"target\":[\"https:\/\/talkpal.ai\/sq\/ushtrimet-e-gramatikes-ceke\/\"]}]},{\"@type\":\"ImageObject\",\"inLanguage\":\"sq-AL\",\"@id\":\"https:\/\/talkpal.ai\/sq\/ushtrimet-e-gramatikes-ceke\/#primaryimage\",\"url\":\"https:\/\/talkpal.ai\/wp-content\/uploads\/2023\/05\/czech-republic.png\",\"contentUrl\":\"https:\/\/talkpal.ai\/wp-content\/uploads\/2023\/05\/czech-republic.png\",\"width\":512,\"height\":512,\"caption\":\"TalkPal Czech republic Flag\"},{\"@type\":\"BreadcrumbList\",\"@id\":\"https:\/\/talkpal.ai\/sq\/ushtrimet-e-gramatikes-ceke\/#breadcrumb\",\"itemListElement\":[{\"@type\":\"ListItem\",\"position\":1,\"name\":\"Homepage\",\"item\":\"https:\/\/talkpal.ai\/sq\/\"},{\"@type\":\"ListItem\",\"position\":2,\"name\":\"Ushtrimet e gramatik\u00ebs \u00e7eke\"}]},{\"@type\":\"WebSite\",\"@id\":\"https:\/\/talkpal.ai\/sq\/#website\",\"url\":\"https:\/\/talkpal.ai\/sq\/\",\"name\":\"Talkpal\",\"description\":\"AI Language Learning\",\"publisher\":{\"@id\":\"https:\/\/talkpal.ai\/sq\/#organization\"},\"alternateName\":\"Talkpal AI\",\"potentialAction\":[{\"@type\":\"SearchAction\",\"target\":{\"@type\":\"EntryPoint\",\"urlTemplate\":\"https:\/\/talkpal.ai\/sq\/?s={search_term_string}\"},\"query-input\":{\"@type\":\"PropertyValueSpecification\",\"valueRequired\":true,\"valueName\":\"search_term_string\"}}],\"inLanguage\":\"sq-AL\"},{\"@type\":\"Organization\",\"@id\":\"https:\/\/talkpal.ai\/sq\/#organization\",\"name\":\"Talkpal, Inc.\",\"alternateName\":\"Talkpal AI\",\"url\":\"https:\/\/talkpal.ai\/sq\/\",\"logo\":{\"@type\":\"ImageObject\",\"inLanguage\":\"sq-AL\",\"@id\":\"https:\/\/talkpal.ai\/sq\/#\/schema\/logo\/image\/\",\"url\":\"https:\/\/talkpal.ai\/wp-content\/uploads\/2024\/03\/Talkpal-Logo-Icon.png\",\"contentUrl\":\"https:\/\/talkpal.ai\/wp-content\/uploads\/2024\/03\/Talkpal-Logo-Icon.png\",\"width\":2880,\"height\":2880,\"caption\":\"Talkpal, Inc.\"},\"image\":{\"@id\":\"https:\/\/talkpal.ai\/sq\/#\/schema\/logo\/image\/\"},\"sameAs\":[\"https:\/\/www.facebook.com\/profile.php?id=100090733639311\",\"https:\/\/x.com\/talkpalai\",\"https:\/\/www.linkedin.com\/company\/talkpal\/\",\"https:\/\/www.youtube.com\/@TalkPal\/\",\"https:\/\/www.tiktok.com\/@talkpal\",\"https:\/\/www.instagram.com\/talkpal_ai\/\",\"https:\/\/www.crunchbase.com\/organization\/talkpal-9cde\",\"https:\/\/www.g2.com\/products\/talkpal-for-business\/\",\"https:\/\/www.trustpilot.com\/review\/talkpal.ai\",\"https:\/\/www.capterra.com\/p\/10006800\/TalkPal\/\"],\"description\":\"Talkpal is a language learning web and mobile education app, powered by the latest AI technologies, that provides engaging experiences to its customers in many different languages to help them improve their language skills. Users can chat about unlimited amount of topics with the app and use other modes to practice their language learning.\",\"email\":\"support@talkpal.ai\",\"legalName\":\"Talkpal, Inc.\",\"foundingDate\":\"2023-04-03\",\"duns\":\"118989042\",\"numberOfEmployees\":{\"@type\":\"QuantitativeValue\",\"minValue\":\"11\",\"maxValue\":\"50\"},\"publishingPrinciples\":\"https:\/\/talkpal.ai\/publishing-principles\/\",\"actionableFeedbackPolicy\":\"https:\/\/talkpal.ai\/actionable-feedback-policy\/\",\"correctionsPolicy\":\"https:\/\/talkpal.ai\/corrections-policy\/\",\"ethicsPolicy\":\"https:\/\/talkpal.ai\/ethics-policy\/\",\"diversityPolicy\":\"https:\/\/talkpal.ai\/diversity-policy\/\",\"diversityStaffingReport\":\"https:\/\/talkpal.ai\/diversity-policy\/\"}]}<\/script>\n<!-- \/ Yoast SEO Premium plugin. -->","yoast_head_json":{"title":"Ushtrimet e gramatik\u00ebs \u00e7eke - Talkpal","description":"Zhbllokoni sekretet e gjuh\u00ebs \u00e7eke me ushtrime thelb\u00ebsore t\u00eb gramatik\u00ebs \u00e7eke p\u00ebr komunikim t\u00eb sigurt.","robots":{"index":"index","follow":"follow","max-snippet":"max-snippet:-1","max-image-preview":"max-image-preview:large","max-video-preview":"max-video-preview:-1"},"canonical":"https:\/\/talkpal.ai\/sq\/ushtrimet-e-gramatikes-ceke\/","og_locale":"sq_AL","og_type":"article","og_title":"Ushtrimet e gramatik\u00ebs \u00e7eke","og_description":"Temat e gramatik\u00ebs \u00e7eke M\u00ebsimi i nj\u00eb gjuhe t\u00eb re mund t\u00eb jet\u00eb nj\u00eb p\u00ebrvoj\u00eb emocionuese dhe pasuruese, dhe gjuha \u00e7eke nuk b\u00ebn p\u00ebrjashtim. Me historin\u00eb e saj","og_url":"https:\/\/talkpal.ai\/sq\/ushtrimet-e-gramatikes-ceke\/","og_site_name":"Talkpal","article_publisher":"https:\/\/www.facebook.com\/profile.php?id=100090733639311","article_modified_time":"2025-12-17T16:29:34+00:00","og_image":[{"width":512,"height":512,"url":"https:\/\/talkpal.ai\/wp-content\/uploads\/2023\/05\/czech-republic.png","type":"image\/png"}],"twitter_card":"summary_large_image","twitter_site":"@talkpalai","twitter_misc":{"Est. reading time":"3 minutes"},"schema":{"@context":"https:\/\/schema.org","@graph":[{"@type":"WebPage","@id":"https:\/\/talkpal.ai\/sq\/ushtrimet-e-gramatikes-ceke\/","url":"https:\/\/talkpal.ai\/sq\/ushtrimet-e-gramatikes-ceke\/","name":"Ushtrimet e gramatik\u00ebs \u00e7eke - Talkpal","isPartOf":{"@id":"https:\/\/talkpal.ai\/sq\/#website"},"primaryImageOfPage":{"@id":"https:\/\/talkpal.ai\/sq\/ushtrimet-e-gramatikes-ceke\/#primaryimage"},"image":{"@id":"https:\/\/talkpal.ai\/sq\/ushtrimet-e-gramatikes-ceke\/#primaryimage"},"thumbnailUrl":"https:\/\/talkpal.ai\/wp-content\/uploads\/2023\/05\/czech-republic.png","datePublished":"2023-06-16T13:10:39+00:00","dateModified":"2025-12-17T16:29:34+00:00","description":"Zhbllokoni sekretet e gjuh\u00ebs \u00e7eke me ushtrime thelb\u00ebsore t\u00eb gramatik\u00ebs \u00e7eke p\u00ebr komunikim t\u00eb sigurt.","breadcrumb":{"@id":"https:\/\/talkpal.ai\/sq\/ushtrimet-e-gramatikes-ceke\/#breadcrumb"},"inLanguage":"sq-AL","potentialAction":[{"@type":"ReadAction","target":["https:\/\/talkpal.ai\/sq\/ushtrimet-e-gramatikes-ceke\/"]}]},{"@type":"ImageObject","inLanguage":"sq-AL","@id":"https:\/\/talkpal.ai\/sq\/ushtrimet-e-gramatikes-ceke\/#primaryimage","url":"https:\/\/talkpal.ai\/wp-content\/uploads\/2023\/05\/czech-republic.png","contentUrl":"https:\/\/talkpal.ai\/wp-content\/uploads\/2023\/05\/czech-republic.png","width":512,"height":512,"caption":"TalkPal Czech republic Flag"},{"@type":"BreadcrumbList","@id":"https:\/\/talkpal.ai\/sq\/ushtrimet-e-gramatikes-ceke\/#breadcrumb","itemListElement":[{"@type":"ListItem","position":1,"name":"Homepage","item":"https:\/\/talkpal.ai\/sq\/"},{"@type":"ListItem","position":2,"name":"Ushtrimet e gramatik\u00ebs \u00e7eke"}]},{"@type":"WebSite","@id":"https:\/\/talkpal.ai\/sq\/#website","url":"https:\/\/talkpal.ai\/sq\/","name":"Talkpal","description":"AI Language Learning","publisher":{"@id":"https:\/\/talkpal.ai\/sq\/#organization"},"alternateName":"Talkpal AI","potentialAction":[{"@type":"SearchAction","target":{"@type":"EntryPoint","urlTemplate":"https:\/\/talkpal.ai\/sq\/?s={search_term_string}"},"query-input":{"@type":"PropertyValueSpecification","valueRequired":true,"valueName":"search_term_string"}}],"inLanguage":"sq-AL"},{"@type":"Organization","@id":"https:\/\/talkpal.ai\/sq\/#organization","name":"Talkpal, Inc.","alternateName":"Talkpal AI","url":"https:\/\/talkpal.ai\/sq\/","logo":{"@type":"ImageObject","inLanguage":"sq-AL","@id":"https:\/\/talkpal.ai\/sq\/#\/schema\/logo\/image\/","url":"https:\/\/talkpal.ai\/wp-content\/uploads\/2024\/03\/Talkpal-Logo-Icon.png","contentUrl":"https:\/\/talkpal.ai\/wp-content\/uploads\/2024\/03\/Talkpal-Logo-Icon.png","width":2880,"height":2880,"caption":"Talkpal, Inc."},"image":{"@id":"https:\/\/talkpal.ai\/sq\/#\/schema\/logo\/image\/"},"sameAs":["https:\/\/www.facebook.com\/profile.php?id=100090733639311","https:\/\/x.com\/talkpalai","https:\/\/www.linkedin.com\/company\/talkpal\/","https:\/\/www.youtube.com\/@TalkPal\/","https:\/\/www.tiktok.com\/@talkpal","https:\/\/www.instagram.com\/talkpal_ai\/","https:\/\/www.crunchbase.com\/organization\/talkpal-9cde","https:\/\/www.g2.com\/products\/talkpal-for-business\/","https:\/\/www.trustpilot.com\/review\/talkpal.ai","https:\/\/www.capterra.com\/p\/10006800\/TalkPal\/"],"description":"Talkpal is a language learning web and mobile education app, powered by the latest AI technologies, that provides engaging experiences to its customers in many different languages to help them improve their language skills. Users can chat about unlimited amount of topics with the app and use other modes to practice their language learning.","email":"support@talkpal.ai","legalName":"Talkpal, Inc.","foundingDate":"2023-04-03","duns":"118989042","numberOfEmployees":{"@type":"QuantitativeValue","minValue":"11","maxValue":"50"},"publishingPrinciples":"https:\/\/talkpal.ai\/publishing-principles\/","actionableFeedbackPolicy":"https:\/\/talkpal.ai\/actionable-feedback-policy\/","correctionsPolicy":"https:\/\/talkpal.ai\/corrections-policy\/","ethicsPolicy":"https:\/\/talkpal.ai\/ethics-policy\/","diversityPolicy":"https:\/\/talkpal.ai\/diversity-policy\/","diversityStaffingReport":"https:\/\/talkpal.ai\/diversity-policy\/"}]}},"_links":{"self":[{"href":"https:\/\/talkpal.ai\/sq\/wp-json\/wp\/v2\/pages\/1446732","targetHints":{"allow":["GET"]}}],"collection":[{"href":"https:\/\/talkpal.ai\/sq\/wp-json\/wp\/v2\/pages"}],"about":[{"href":"https:\/\/talkpal.ai\/sq\/wp-json\/wp\/v2\/types\/page"}],"author":[{"embeddable":true,"href":"https:\/\/talkpal.ai\/sq\/wp-json\/wp\/v2\/users\/6"}],"replies":[{"embeddable":true,"href":"https:\/\/talkpal.ai\/sq\/wp-json\/wp\/v2\/comments?post=1446732"}],"version-history":[{"count":0,"href":"https:\/\/talkpal.ai\/sq\/wp-json\/wp\/v2\/pages\/1446732\/revisions"}],"wp:featuredmedia":[{"embeddable":true,"href":"https:\/\/talkpal.ai\/sq\/wp-json\/wp\/v2\/media\/1442826"}],"wp:attachment":[{"href":"https:\/\/talkpal.ai\/sq\/wp-json\/wp\/v2\/media?parent=1446732"}],"curies":[{"name":"wp","href":"https:\/\/api.w.org\/{rel}","templated":true}]}}