{"id":1446727,"date":"2023-06-16T12:49:04","date_gmt":"2023-06-16T12:49:04","guid":{"rendered":"https:\/\/talkpal.ai\/ushtrimet-e-gramatikes-katalunase\/"},"modified":"2025-09-06T21:03:39","modified_gmt":"2025-09-06T21:03:39","slug":"ushtrimet-e-gramatikes-katalunase","status":"publish","type":"page","link":"https:\/\/talkpal.ai\/sq\/ushtrimet-e-gramatikes-katalunase\/","title":{"rendered":"Ushtrimet e gramatik\u00ebs katalunase"},"content":{"rendered":"\r\n\r\n\r\n<section class=\"languageChallengeSection\">\r\n    <div class=\"languageInfoWrapper\">\r\n        \r\n        <h1>Ushtrimet e gramatik\u00ebs katalunase<\/h1>\r\n        <p>Po k\u00ebrkoni t\u00eb jeni m\u00eb t\u00eb sigurt n\u00eb <a href=\"https:\/\/talkpal.ai\/learn-catalan\/\">katalanisht<\/a>? Praktikimi i ushtrimeve gramatikore \u00ebsht\u00eb nj\u00eb m\u00ebnyr\u00eb e shk\u00eblqyer p\u00ebr t\u00eb zot\u00ebruar struktur\u00ebn e fjalive, format e foljeve dhe modelet dalluese t\u00eb gjuh\u00ebs katalanase. Filloni t\u00eb punoni n\u00eb gramatik\u00ebn katalanase sot dhe shikoni t\u00eb kuptuarit dhe rrjedhshm\u00ebrin\u00eb tuaj t\u00eb rriten me \u00e7do ushtrim!<\/p>\r\n\r\n                            <a class=\"getStartedHidden\" href=\"https:\/\/app.talkpal.ai\/signup?lng=\">Filloni<\/a>\r\n        \r\n    <\/div>\r\n\r\n    <figure>\r\n    <img decoding=\"async\" width=\"768\" height=\"768\" src=\"https:\/\/talkpal.ai\/wp-content\/uploads\/2023\/06\/catalan-768x768.png\" class=\"languageImage no-lazy\" alt=\"Language learning techniques for fast learning\" fetchpriority=\"high\" sizes=\"(max-width: 768px) 150px, 768px\" srcset=\"https:\/\/talkpal.ai\/wp-content\/uploads\/2023\/06\/catalan-768x768.png 768w, https:\/\/talkpal.ai\/wp-content\/uploads\/2023\/06\/catalan-300x300.png 300w\" \/>\r\n    \r\n\r\n    <\/figure>\r\n\r\n            <a class=\"getStartedVisible\" href=\"https:\/\/app.talkpal.ai\/signup?lng=\">Filloni<\/a>\r\n    \r\n<\/section>\r\n\r\n\r\n<!-- <section class=\"grammarSection\">\r\n    <div class=\"grammarLinks\">\r\n            <\/div>\r\n<\/section> -->\r\n\r\n\r\n\r\n\r\n<section class=\"promotionalBanner\">\r\n    <p class=\"promotionalText\">M\u00ebnyra m\u00eb efikase p\u00ebr t\u00eb m\u00ebsuar nj\u00eb gjuh\u00eb<\/p>\r\n    <a class=\"promotionalLink\" href=\"https:\/\/app.talkpal.ai\/signup?lng=\">Provoni Talkpal falas<\/a>\r\n<\/section>\n<div class=\"wp-block-group pageContainerStyle\"><div class=\"wp-block-group__inner-container is-layout-constrained wp-block-group-is-layout-constrained\">\n<h2 class=\"wp-block-heading\" id=\"h-catalan-grammar-topics\">Temat e gramatik\u00ebs katalanase<\/h2>\n\n\n\n<p>Katalanaishtja, nj\u00eb gjuh\u00eb romane e folur nga miliona n\u00eb rajonin e Katalonj\u00ebs n\u00eb Spanj\u00eb dhe pjes\u00eb t\u00eb Italis\u00eb dhe Franc\u00ebs, \u00ebsht\u00eb nj\u00eb gjuh\u00eb e bukur dhe e gjall\u00eb me nj\u00eb histori t\u00eb pasur. M\u00ebsimi i katalanishtes mund t\u00eb jet\u00eb nj\u00eb p\u00ebrvoj\u00eb e k\u00ebndshme dhe shp\u00ebrblyese, duke hapur <a href=\"https:\/\/talkpal.ai\/locations\/language-courses-in-horizonte\/\">horizonte<\/a> t\u00eb reja kulturore dhe gjuh\u00ebsore. P\u00ebr t\u00eb m\u00ebsuar si\u00e7 duhet k\u00ebt\u00eb gjuh\u00eb, zot\u00ebrimi i gramatik\u00ebs s\u00eb saj \u00ebsht\u00eb thelb\u00ebsor. <a href=\"https:\/\/talkpal.ai\/sq\/gramatika-katalanase\/\">Gramatika katalanase<\/a>, si ajo e \u00e7do gjuhe tjet\u00ebr, \u00ebsht\u00eb nj\u00eb sistem rregullash q\u00eb rregullojn\u00eb nd\u00ebrtimin e frazave dhe fjalive. N\u00eb k\u00ebt\u00eb artikull, ne do t\u00eb shqyrtojm\u00eb aspektet kryesore t\u00eb gramatik\u00ebs katalanase n\u00eb nj\u00eb sekuenc\u00eb logjike, duke ofruar nj\u00eb baz\u00eb solide p\u00ebr udh\u00ebtimin tuaj t\u00eb m\u00ebsimit t\u00eb gjuh\u00ebs.<\/p>\n\n\n\n<h3 class=\"wp-block-heading\" id=\"h-1-nouns-and-articles\">1. Emrat dhe artikujt:<\/h3>\n\n\n\n<p>Filloni duke m\u00ebsuar emrat katalanas, t\u00eb cil\u00ebt kan\u00eb gjini (mashkullore ose fem\u00ebrore) dhe numra (nj\u00ebj\u00ebs ose shum\u00ebs). Artikujt e p\u00ebrcaktuar dhe t\u00eb pacaktuar n\u00eb katalanisht gjithashtu ndryshojn\u00eb sipas gjinis\u00eb dhe numrit, duke i b\u00ebr\u00eb ato nj\u00eb pik\u00ebnisje thelb\u00ebsore p\u00ebr nd\u00ebrtimin e fjalive.<\/p>\n\n\n\n<h3 class=\"wp-block-heading\" id=\"h-2-adjectives\">2. Mbiemra:<\/h3>\n\n\n\n<p>Mbiemrat n\u00eb katalanisht pajtohen me emrat q\u00eb modifikojn\u00eb n\u00eb gjini dhe num\u00ebr. M\u00ebsoni <a href=\"https:\/\/talkpal.ai\/culture\/what-is-the-difference-between-se-and-si\/\">se si<\/a> t\u00eb formoni dhe poziciononi mbiemrat p\u00ebr t\u00eb p\u00ebrshkruar karakteristikat e emrave me sakt\u00ebsi.<\/p>\n\n\n\n<h3 class=\"wp-block-heading\" id=\"h-3-pronouns-determiners\">3. P\u00ebremrat\/p\u00ebrcaktuesit:<\/h3>\n\n\n\n<p>P\u00ebremrat z\u00ebvend\u00ebsojn\u00eb emrat p\u00ebr t\u00eb shmangur p\u00ebrs\u00ebritjen, nd\u00ebrsa p\u00ebrcaktuesit i specifikojn\u00eb ose i p\u00ebrcaktojn\u00eb ato. Zot\u00ebroni llojet e ndryshme t\u00eb p\u00ebremrave (subjekt, objekt, refleksiv) dhe p\u00ebrcaktuesve (demonstrativ, posesiv, pyet\u00ebs) p\u00ebr t&#8217;i shtuar shum\u00ebllojshm\u00ebri fjalive tuaja.<\/p>\n\n\n\n<h3 class=\"wp-block-heading\" id=\"h-4-verbs-and-tenses\">4. Foljet dhe koh\u00ebt:<\/h3>\n\n\n\n<p>Foljet katalanase jan\u00eb t\u00eb lidhura sipas koh\u00ebs, humorit dhe personit t\u00eb <a href=\"https:\/\/talkpal.ai\/locations\/language-courses-in-tyre\/\">tyre<\/a>. M\u00ebsoni format e rregullta dhe t\u00eb parregullta t\u00eb foljeve n\u00eb koh\u00ebn e tashme, t\u00eb kaluar dhe t\u00eb ardhshme, si dhe disponimin <a href=\"https:\/\/talkpal.ai\/ja\/grammar_exercises\/imperatif-%e3%83%95%e3%83%a9%e3%83%b3%e3%82%b9%e3%81%ae%e6%96%87%e6%b3%95%e3%81%ae%e3%81%9f%e3%82%81%e3%81%ae%e6%bc%94%e7%bf%92\/\">imperativ<\/a> p\u00ebr dh\u00ebnien e komandave.<\/p>\n\n\n\n<h3 class=\"wp-block-heading\" id=\"h-5-tense-comparison\">5. Krahasimi i tensionit:<\/h3>\n\n\n\n<p>Kuptoni se si t\u00eb krahasoni koh\u00ebt e ndryshme n\u00eb katalanas p\u00ebr t\u00eb shprehur veprime ose gjendje q\u00eb ndodhin n\u00eb koh\u00eb t\u00eb ndryshme.<\/p>\n\n\n\n<h3 class=\"wp-block-heading\" id=\"h-6-progressive-and-perfect-progressive\">6. Progresiv dhe progresiv i p\u00ebrsosur:<\/h3>\n\n\n\n<p>Forma progresive tregon nj\u00eb veprim t\u00eb vazhduesh\u00ebm, nd\u00ebrsa progresivi i p\u00ebrsosur kombinon aspektet progresive dhe t\u00eb p\u00ebrsosura. M\u00ebsoni se si t\u00eb formoni dhe p\u00ebrdorni k\u00ebto konstruksione p\u00ebr t\u00eb shprehur veprimet n\u00eb vazhdim ose veprimet e p\u00ebrfunduara me r\u00ebnd\u00ebsi t\u00eb vazhdueshme.<\/p>\n\n\n\n<h3 class=\"wp-block-heading\" id=\"h-7-adverbs\">7. Ndajfoljet:<\/h3>\n\n\n\n<p>Ndajfoljet modifikojn\u00eb foljet, mbiemrat ose ndajfoljet e tjera p\u00ebr t\u00eb dh\u00ebn\u00eb informacion shtes\u00eb <a href=\"https:\/\/talkpal.ai\/sq\/rreth\/\">rreth<\/a> veprimeve ose cil\u00ebsive. M\u00ebsoni llojet e ndryshme t\u00eb ndajfoljeve dhe vendosjen e tyre n\u00eb fjali.<\/p>\n\n\n\n<h3 class=\"wp-block-heading\" id=\"h-8-prepositions\">8. Parafjal\u00ebt:<\/h3>\n\n\n\n<p>Parafjal\u00ebt lidhin emrat, p\u00ebremrat ose element\u00eb t\u00eb tjer\u00eb brenda nj\u00eb fjalie p\u00ebr t\u00eb treguar marr\u00ebdh\u00ebnie t\u00eb tilla si vendndodhja, koha ose drejtimi. Njihuni me parafjal\u00ebt m\u00eb t\u00eb zakonshme katalanase dhe p\u00ebrdorimin e tyre.<\/p>\n\n\n\n<h3 class=\"wp-block-heading\" id=\"h-9-conditionals\">9. Kusht\u00ebzuese:<\/h3>\n\n\n\n<p>Kusht\u00ebzimet shprehin situata ose kushte hipotetike dhe pasojat e tyre. M\u00ebsoni llojet e ndryshme t\u00eb kusht\u00ebzimeve (zero, i pari, i dyti, i treti) dhe si t&#8217;i formoni dhe p\u00ebrdorni ato n\u00eb m\u00ebnyr\u00eb korrekte.<\/p>\n\n\n\n<h3 class=\"wp-block-heading\" id=\"h-10-sentences\">10. Fjalit\u00eb:<\/h3>\n\n\n\n<p>S\u00eb fundi, praktikoni kombinimin e t\u00eb gjith\u00eb element\u00ebve q\u00eb keni m\u00ebsuar t\u00eb formoni fjali t\u00eb plota dhe koherente n\u00eb katalanisht. Eksperimentoni me struktura t\u00eb ndryshme fjalish dhe praktikoni krijimin e llojeve t\u00eb ndryshme fjalish, t\u00eb tilla si deklarative, pyet\u00ebse dhe thirrje.<\/p>\n\n\n\n<p>Duke m\u00ebsuar k\u00ebto tema n\u00eb sekuenc\u00ebn e sugjeruar, ju do t\u00eb zhvilloni nj\u00eb baz\u00eb t\u00eb fort\u00eb n\u00eb gramatik\u00ebn katalanase, duke ju mund\u00ebsuar t\u00eb komunikoni n\u00eb m\u00ebnyr\u00eb efektive dhe me besim n\u00eb k\u00ebt\u00eb gjuh\u00eb magjeps\u00ebse.<\/p>\n<\/div><\/div>\n\r\n<section class=\"learnNavigationSection\">\r\n            \r\n        <a href=\"https:\/\/talkpal.ai\/sq\/mesoni-gjuhen-katalane\/\">\r\n            <div class=\"learnNavigationWrapper\">\r\n                <div class=\"learnNavigationContent\">\r\n                    <img decoding=\"async\" src=\"https:\/\/talkpal.ai\/wp-content\/uploads\/2024\/08\/Catalan.jpg\" alt=\"Catalan Flag\">\r\n                    <div>\r\n                        <h4>Rreth m\u00ebsimit katalanas<\/h4>\r\n                        <p>M\u00ebsoni gjith\u00e7ka rreth gramatik\u00ebs katalanase.<\/p>\r\n                    <\/div>\r\n                <\/div>\r\n            <\/div>\r\n        <\/a>\r\n\r\n        \r\n        <a href=\"https:\/\/talkpal.ai\/sq\/gramatika-katalanase\/\">\r\n            <div class=\"learnNavigationWrapper\">\r\n                <div class=\"learnNavigationContent\">\r\n                    <img decoding=\"async\" src=\"https:\/\/talkpal.ai\/wp-content\/uploads\/2024\/08\/Catalan.jpg\" alt=\"Catalan Flag\">\r\n                    <div>\r\n                        <h4>M\u00ebsime t\u00eb gramatik\u00ebs katalanase<\/h4>\r\n                        <p>Praktikoni gramatik\u00ebn katalanase.<\/p>\r\n                    <\/div>\r\n                <\/div>\r\n            <\/div>\r\n        <\/a>\r\n\r\n        \r\n        <a href=\"https:\/\/talkpal.ai\/vocabulary_language\/catalan\/\">\r\n            <div class=\"learnNavigationWrapper\">\r\n                <div class=\"learnNavigationContent\">\r\n                    <img decoding=\"async\" src=\"https:\/\/talkpal.ai\/wp-content\/uploads\/2024\/08\/Catalan.jpg\" alt=\"Catalan Flag\">\r\n                    <div>\r\n                        <h4>Fjalori katalanas<\/h4>\r\n                        <p>Zgjeroni fjalorin tuaj katalanas.<\/p>\r\n                    <\/div>\r\n                <\/div>\r\n            <\/div>\r\n        <\/a>\r\n\r\n            <\/section>","protected":false},"excerpt":{"rendered":"<p>Temat e gramatik\u00ebs katalanase Katalanaishtja, nj\u00eb gjuh\u00eb romane e folur nga miliona n\u00eb rajonin e Katalonj\u00ebs n\u00eb Spanj\u00eb dhe pjes\u00eb t\u00eb Italis\u00eb dhe Franc\u00ebs, \u00ebsht\u00eb nj\u00eb gjuh\u00eb e bukur dhe e gjall\u00eb me nj\u00eb histori t\u00eb pasur. M\u00ebsimi i katalanishtes mund t\u00eb jet\u00eb nj\u00eb p\u00ebrvoj\u00eb e k\u00ebndshme dhe shp\u00ebrblyese, duke hapur horizonte t\u00eb reja kulturore [&hellip;]<\/p>\n","protected":false},"author":6,"featured_media":1442833,"parent":0,"menu_order":0,"comment_status":"closed","ping_status":"closed","template":"LearningContentPage.php","meta":{"_acf_changed":false,"footnotes":""},"class_list":["post-1446727","page","type-page","status-publish","has-post-thumbnail","hentry"],"acf":[],"yoast_head":"<!-- This site is optimized with the Yoast SEO Premium plugin v27.2 (Yoast SEO v27.2) - https:\/\/yoast.com\/product\/yoast-seo-premium-wordpress\/ -->\n<title>Ushtrimet e gramatik\u00ebs katalunase - Talkpal<\/title>\n<meta name=\"description\" content=\"Eksploroni ushtrime thelb\u00ebsore t\u00eb gramatik\u00ebs katalanase p\u00ebr t\u00eb p\u00ebrmir\u00ebsuar t\u00eb kuptuarit tuaj p\u00ebr k\u00ebt\u00eb gjuh\u00eb t\u00eb bukur dhe struktur\u00ebn e saj.\" \/>\n<meta name=\"robots\" content=\"index, follow, max-snippet:-1, max-image-preview:large, max-video-preview:-1\" \/>\n<link rel=\"canonical\" href=\"https:\/\/talkpal.ai\/sq\/ushtrimet-e-gramatikes-katalunase\/\" \/>\n<meta property=\"og:locale\" content=\"sq_AL\" \/>\n<meta property=\"og:type\" content=\"article\" \/>\n<meta property=\"og:title\" content=\"Ushtrimet e gramatik\u00ebs katalunase\" \/>\n<meta property=\"og:description\" content=\"Temat e gramatik\u00ebs katalanase Katalanaishtja, nj\u00eb gjuh\u00eb romane e folur nga miliona n\u00eb rajonin e Katalonj\u00ebs n\u00eb Spanj\u00eb dhe pjes\u00eb t\u00eb Italis\u00eb dhe Franc\u00ebs,\" \/>\n<meta property=\"og:url\" content=\"https:\/\/talkpal.ai\/sq\/ushtrimet-e-gramatikes-katalunase\/\" \/>\n<meta property=\"og:site_name\" content=\"Talkpal\" \/>\n<meta property=\"article:publisher\" content=\"https:\/\/www.facebook.com\/profile.php?id=100090733639311\" \/>\n<meta property=\"article:modified_time\" content=\"2025-09-06T21:03:39+00:00\" \/>\n<meta property=\"og:image\" content=\"https:\/\/talkpal.ai\/wp-content\/uploads\/2023\/08\/Catalan.png\" \/>\n\t<meta property=\"og:image:width\" content=\"479\" \/>\n\t<meta property=\"og:image:height\" content=\"479\" \/>\n\t<meta property=\"og:image:type\" content=\"image\/png\" \/>\n<meta name=\"twitter:card\" content=\"summary_large_image\" \/>\n<meta name=\"twitter:site\" content=\"@talkpalai\" \/>\n<meta name=\"twitter:label1\" content=\"Est. reading time\" \/>\n\t<meta name=\"twitter:data1\" content=\"3 minutes\" \/>\n<script type=\"application\/ld+json\" class=\"yoast-schema-graph\">{\"@context\":\"https:\/\/schema.org\",\"@graph\":[{\"@type\":\"WebPage\",\"@id\":\"https:\/\/talkpal.ai\/sq\/ushtrimet-e-gramatikes-katalunase\/\",\"url\":\"https:\/\/talkpal.ai\/sq\/ushtrimet-e-gramatikes-katalunase\/\",\"name\":\"Ushtrimet e gramatik\u00ebs katalunase - Talkpal\",\"isPartOf\":{\"@id\":\"https:\/\/talkpal.ai\/sq\/#website\"},\"primaryImageOfPage\":{\"@id\":\"https:\/\/talkpal.ai\/sq\/ushtrimet-e-gramatikes-katalunase\/#primaryimage\"},\"image\":{\"@id\":\"https:\/\/talkpal.ai\/sq\/ushtrimet-e-gramatikes-katalunase\/#primaryimage\"},\"thumbnailUrl\":\"https:\/\/talkpal.ai\/wp-content\/uploads\/2023\/08\/Catalan.png\",\"datePublished\":\"2023-06-16T12:49:04+00:00\",\"dateModified\":\"2025-09-06T21:03:39+00:00\",\"description\":\"Eksploroni ushtrime thelb\u00ebsore t\u00eb gramatik\u00ebs katalanase p\u00ebr t\u00eb p\u00ebrmir\u00ebsuar t\u00eb kuptuarit tuaj p\u00ebr k\u00ebt\u00eb gjuh\u00eb t\u00eb bukur dhe struktur\u00ebn e saj.\",\"breadcrumb\":{\"@id\":\"https:\/\/talkpal.ai\/sq\/ushtrimet-e-gramatikes-katalunase\/#breadcrumb\"},\"inLanguage\":\"sq-AL\",\"potentialAction\":[{\"@type\":\"ReadAction\",\"target\":[\"https:\/\/talkpal.ai\/sq\/ushtrimet-e-gramatikes-katalunase\/\"]}]},{\"@type\":\"ImageObject\",\"inLanguage\":\"sq-AL\",\"@id\":\"https:\/\/talkpal.ai\/sq\/ushtrimet-e-gramatikes-katalunase\/#primaryimage\",\"url\":\"https:\/\/talkpal.ai\/wp-content\/uploads\/2023\/08\/Catalan.png\",\"contentUrl\":\"https:\/\/talkpal.ai\/wp-content\/uploads\/2023\/08\/Catalan.png\",\"width\":479,\"height\":479,\"caption\":\"TalkPal Catalan Flag\"},{\"@type\":\"BreadcrumbList\",\"@id\":\"https:\/\/talkpal.ai\/sq\/ushtrimet-e-gramatikes-katalunase\/#breadcrumb\",\"itemListElement\":[{\"@type\":\"ListItem\",\"position\":1,\"name\":\"Homepage\",\"item\":\"https:\/\/talkpal.ai\/sq\/\"},{\"@type\":\"ListItem\",\"position\":2,\"name\":\"Ushtrimet e gramatik\u00ebs katalunase\"}]},{\"@type\":\"WebSite\",\"@id\":\"https:\/\/talkpal.ai\/sq\/#website\",\"url\":\"https:\/\/talkpal.ai\/sq\/\",\"name\":\"Talkpal\",\"description\":\"AI Language Learning\",\"publisher\":{\"@id\":\"https:\/\/talkpal.ai\/sq\/#organization\"},\"alternateName\":\"Talkpal AI\",\"potentialAction\":[{\"@type\":\"SearchAction\",\"target\":{\"@type\":\"EntryPoint\",\"urlTemplate\":\"https:\/\/talkpal.ai\/sq\/?s={search_term_string}\"},\"query-input\":{\"@type\":\"PropertyValueSpecification\",\"valueRequired\":true,\"valueName\":\"search_term_string\"}}],\"inLanguage\":\"sq-AL\"},{\"@type\":\"Organization\",\"@id\":\"https:\/\/talkpal.ai\/sq\/#organization\",\"name\":\"Talkpal, Inc.\",\"alternateName\":\"Talkpal AI\",\"url\":\"https:\/\/talkpal.ai\/sq\/\",\"logo\":{\"@type\":\"ImageObject\",\"inLanguage\":\"sq-AL\",\"@id\":\"https:\/\/talkpal.ai\/sq\/#\/schema\/logo\/image\/\",\"url\":\"https:\/\/talkpal.ai\/wp-content\/uploads\/2024\/03\/Talkpal-Logo-Icon.png\",\"contentUrl\":\"https:\/\/talkpal.ai\/wp-content\/uploads\/2024\/03\/Talkpal-Logo-Icon.png\",\"width\":2880,\"height\":2880,\"caption\":\"Talkpal, Inc.\"},\"image\":{\"@id\":\"https:\/\/talkpal.ai\/sq\/#\/schema\/logo\/image\/\"},\"sameAs\":[\"https:\/\/www.facebook.com\/profile.php?id=100090733639311\",\"https:\/\/x.com\/talkpalai\",\"https:\/\/www.linkedin.com\/company\/talkpal\/\",\"https:\/\/www.youtube.com\/@TalkPal\/\",\"https:\/\/www.tiktok.com\/@talkpal\",\"https:\/\/www.instagram.com\/talkpal_ai\/\",\"https:\/\/www.crunchbase.com\/organization\/talkpal-9cde\",\"https:\/\/www.g2.com\/products\/talkpal-for-business\/\",\"https:\/\/www.trustpilot.com\/review\/talkpal.ai\",\"https:\/\/www.capterra.com\/p\/10006800\/TalkPal\/\"],\"description\":\"Talkpal is a language learning web and mobile education app, powered by the latest AI technologies, that provides engaging experiences to its customers in many different languages to help them improve their language skills. Users can chat about unlimited amount of topics with the app and use other modes to practice their language learning.\",\"email\":\"support@talkpal.ai\",\"legalName\":\"Talkpal, Inc.\",\"foundingDate\":\"2023-04-03\",\"duns\":\"118989042\",\"numberOfEmployees\":{\"@type\":\"QuantitativeValue\",\"minValue\":\"11\",\"maxValue\":\"50\"},\"publishingPrinciples\":\"https:\/\/talkpal.ai\/publishing-principles\/\",\"actionableFeedbackPolicy\":\"https:\/\/talkpal.ai\/actionable-feedback-policy\/\",\"correctionsPolicy\":\"https:\/\/talkpal.ai\/corrections-policy\/\",\"ethicsPolicy\":\"https:\/\/talkpal.ai\/ethics-policy\/\",\"diversityPolicy\":\"https:\/\/talkpal.ai\/diversity-policy\/\",\"diversityStaffingReport\":\"https:\/\/talkpal.ai\/diversity-policy\/\"}]}<\/script>\n<!-- \/ Yoast SEO Premium plugin. -->","yoast_head_json":{"title":"Ushtrimet e gramatik\u00ebs katalunase - Talkpal","description":"Eksploroni ushtrime thelb\u00ebsore t\u00eb gramatik\u00ebs katalanase p\u00ebr t\u00eb p\u00ebrmir\u00ebsuar t\u00eb kuptuarit tuaj p\u00ebr k\u00ebt\u00eb gjuh\u00eb t\u00eb bukur dhe struktur\u00ebn e saj.","robots":{"index":"index","follow":"follow","max-snippet":"max-snippet:-1","max-image-preview":"max-image-preview:large","max-video-preview":"max-video-preview:-1"},"canonical":"https:\/\/talkpal.ai\/sq\/ushtrimet-e-gramatikes-katalunase\/","og_locale":"sq_AL","og_type":"article","og_title":"Ushtrimet e gramatik\u00ebs katalunase","og_description":"Temat e gramatik\u00ebs katalanase Katalanaishtja, nj\u00eb gjuh\u00eb romane e folur nga miliona n\u00eb rajonin e Katalonj\u00ebs n\u00eb Spanj\u00eb dhe pjes\u00eb t\u00eb Italis\u00eb dhe Franc\u00ebs,","og_url":"https:\/\/talkpal.ai\/sq\/ushtrimet-e-gramatikes-katalunase\/","og_site_name":"Talkpal","article_publisher":"https:\/\/www.facebook.com\/profile.php?id=100090733639311","article_modified_time":"2025-09-06T21:03:39+00:00","og_image":[{"width":479,"height":479,"url":"https:\/\/talkpal.ai\/wp-content\/uploads\/2023\/08\/Catalan.png","type":"image\/png"}],"twitter_card":"summary_large_image","twitter_site":"@talkpalai","twitter_misc":{"Est. reading time":"3 minutes"},"schema":{"@context":"https:\/\/schema.org","@graph":[{"@type":"WebPage","@id":"https:\/\/talkpal.ai\/sq\/ushtrimet-e-gramatikes-katalunase\/","url":"https:\/\/talkpal.ai\/sq\/ushtrimet-e-gramatikes-katalunase\/","name":"Ushtrimet e gramatik\u00ebs katalunase - Talkpal","isPartOf":{"@id":"https:\/\/talkpal.ai\/sq\/#website"},"primaryImageOfPage":{"@id":"https:\/\/talkpal.ai\/sq\/ushtrimet-e-gramatikes-katalunase\/#primaryimage"},"image":{"@id":"https:\/\/talkpal.ai\/sq\/ushtrimet-e-gramatikes-katalunase\/#primaryimage"},"thumbnailUrl":"https:\/\/talkpal.ai\/wp-content\/uploads\/2023\/08\/Catalan.png","datePublished":"2023-06-16T12:49:04+00:00","dateModified":"2025-09-06T21:03:39+00:00","description":"Eksploroni ushtrime thelb\u00ebsore t\u00eb gramatik\u00ebs katalanase p\u00ebr t\u00eb p\u00ebrmir\u00ebsuar t\u00eb kuptuarit tuaj p\u00ebr k\u00ebt\u00eb gjuh\u00eb t\u00eb bukur dhe struktur\u00ebn e saj.","breadcrumb":{"@id":"https:\/\/talkpal.ai\/sq\/ushtrimet-e-gramatikes-katalunase\/#breadcrumb"},"inLanguage":"sq-AL","potentialAction":[{"@type":"ReadAction","target":["https:\/\/talkpal.ai\/sq\/ushtrimet-e-gramatikes-katalunase\/"]}]},{"@type":"ImageObject","inLanguage":"sq-AL","@id":"https:\/\/talkpal.ai\/sq\/ushtrimet-e-gramatikes-katalunase\/#primaryimage","url":"https:\/\/talkpal.ai\/wp-content\/uploads\/2023\/08\/Catalan.png","contentUrl":"https:\/\/talkpal.ai\/wp-content\/uploads\/2023\/08\/Catalan.png","width":479,"height":479,"caption":"TalkPal Catalan Flag"},{"@type":"BreadcrumbList","@id":"https:\/\/talkpal.ai\/sq\/ushtrimet-e-gramatikes-katalunase\/#breadcrumb","itemListElement":[{"@type":"ListItem","position":1,"name":"Homepage","item":"https:\/\/talkpal.ai\/sq\/"},{"@type":"ListItem","position":2,"name":"Ushtrimet e gramatik\u00ebs katalunase"}]},{"@type":"WebSite","@id":"https:\/\/talkpal.ai\/sq\/#website","url":"https:\/\/talkpal.ai\/sq\/","name":"Talkpal","description":"AI Language Learning","publisher":{"@id":"https:\/\/talkpal.ai\/sq\/#organization"},"alternateName":"Talkpal AI","potentialAction":[{"@type":"SearchAction","target":{"@type":"EntryPoint","urlTemplate":"https:\/\/talkpal.ai\/sq\/?s={search_term_string}"},"query-input":{"@type":"PropertyValueSpecification","valueRequired":true,"valueName":"search_term_string"}}],"inLanguage":"sq-AL"},{"@type":"Organization","@id":"https:\/\/talkpal.ai\/sq\/#organization","name":"Talkpal, Inc.","alternateName":"Talkpal AI","url":"https:\/\/talkpal.ai\/sq\/","logo":{"@type":"ImageObject","inLanguage":"sq-AL","@id":"https:\/\/talkpal.ai\/sq\/#\/schema\/logo\/image\/","url":"https:\/\/talkpal.ai\/wp-content\/uploads\/2024\/03\/Talkpal-Logo-Icon.png","contentUrl":"https:\/\/talkpal.ai\/wp-content\/uploads\/2024\/03\/Talkpal-Logo-Icon.png","width":2880,"height":2880,"caption":"Talkpal, Inc."},"image":{"@id":"https:\/\/talkpal.ai\/sq\/#\/schema\/logo\/image\/"},"sameAs":["https:\/\/www.facebook.com\/profile.php?id=100090733639311","https:\/\/x.com\/talkpalai","https:\/\/www.linkedin.com\/company\/talkpal\/","https:\/\/www.youtube.com\/@TalkPal\/","https:\/\/www.tiktok.com\/@talkpal","https:\/\/www.instagram.com\/talkpal_ai\/","https:\/\/www.crunchbase.com\/organization\/talkpal-9cde","https:\/\/www.g2.com\/products\/talkpal-for-business\/","https:\/\/www.trustpilot.com\/review\/talkpal.ai","https:\/\/www.capterra.com\/p\/10006800\/TalkPal\/"],"description":"Talkpal is a language learning web and mobile education app, powered by the latest AI technologies, that provides engaging experiences to its customers in many different languages to help them improve their language skills. Users can chat about unlimited amount of topics with the app and use other modes to practice their language learning.","email":"support@talkpal.ai","legalName":"Talkpal, Inc.","foundingDate":"2023-04-03","duns":"118989042","numberOfEmployees":{"@type":"QuantitativeValue","minValue":"11","maxValue":"50"},"publishingPrinciples":"https:\/\/talkpal.ai\/publishing-principles\/","actionableFeedbackPolicy":"https:\/\/talkpal.ai\/actionable-feedback-policy\/","correctionsPolicy":"https:\/\/talkpal.ai\/corrections-policy\/","ethicsPolicy":"https:\/\/talkpal.ai\/ethics-policy\/","diversityPolicy":"https:\/\/talkpal.ai\/diversity-policy\/","diversityStaffingReport":"https:\/\/talkpal.ai\/diversity-policy\/"}]}},"_links":{"self":[{"href":"https:\/\/talkpal.ai\/sq\/wp-json\/wp\/v2\/pages\/1446727","targetHints":{"allow":["GET"]}}],"collection":[{"href":"https:\/\/talkpal.ai\/sq\/wp-json\/wp\/v2\/pages"}],"about":[{"href":"https:\/\/talkpal.ai\/sq\/wp-json\/wp\/v2\/types\/page"}],"author":[{"embeddable":true,"href":"https:\/\/talkpal.ai\/sq\/wp-json\/wp\/v2\/users\/6"}],"replies":[{"embeddable":true,"href":"https:\/\/talkpal.ai\/sq\/wp-json\/wp\/v2\/comments?post=1446727"}],"version-history":[{"count":0,"href":"https:\/\/talkpal.ai\/sq\/wp-json\/wp\/v2\/pages\/1446727\/revisions"}],"wp:featuredmedia":[{"embeddable":true,"href":"https:\/\/talkpal.ai\/sq\/wp-json\/wp\/v2\/media\/1442833"}],"wp:attachment":[{"href":"https:\/\/talkpal.ai\/sq\/wp-json\/wp\/v2\/media?parent=1446727"}],"curies":[{"name":"wp","href":"https:\/\/api.w.org\/{rel}","templated":true}]}}