{"id":1446724,"date":"2023-06-16T13:19:10","date_gmt":"2023-06-16T13:19:10","guid":{"rendered":"https:\/\/talkpal.ai\/ushtrimet-e-gramatikes-daneze\/"},"modified":"2025-12-17T16:32:30","modified_gmt":"2025-12-17T16:32:30","slug":"ushtrimet-e-gramatikes-daneze","status":"publish","type":"page","link":"https:\/\/talkpal.ai\/sq\/ushtrimet-e-gramatikes-daneze\/","title":{"rendered":"Ushtrimet e gramatik\u00ebs daneze"},"content":{"rendered":"\r\n\r\n\r\n<section class=\"languageChallengeSection\">\r\n    <div class=\"languageInfoWrapper\">\r\n        \r\n        <h1>Ushtrimet e gramatik\u00ebs daneze<\/h1>\r\n        <p>Gati p\u00ebr t\u00eb p\u00ebrmir\u00ebsuar danishten tuaj? Praktikimi i ushtrimeve gramatikore \u00ebsht\u00eb nj\u00eb m\u00ebnyr\u00eb fantastike p\u00ebr t\u00eb zot\u00ebruar struktur\u00ebn e fjalis\u00eb, konjugimet e foljeve dhe ve\u00e7orit\u00eb e ve\u00e7anta t\u00eb gjuh\u00ebs daneze. Filloni t\u00eb punoni n\u00eb gramatik\u00ebn daneze sot dhe shikoni aft\u00ebsit\u00eb dhe besimin tuaj t\u00eb rriten me \u00e7do ushtrim!\n\n<\/p>\r\n\r\n                            <a class=\"getStartedHidden\" href=\"https:\/\/app.talkpal.ai\/signup?lng=\">Filloni<\/a>\r\n        \r\n    <\/div>\r\n\r\n    <figure>\r\n    <img decoding=\"async\" width=\"768\" height=\"768\" src=\"https:\/\/talkpal.ai\/wp-content\/uploads\/2023\/06\/danish-768x768.png\" class=\"languageImage no-lazy\" alt=\"Language learning for career enhancement\" fetchpriority=\"high\" sizes=\"(max-width: 768px) 150px, 768px\" srcset=\"https:\/\/talkpal.ai\/wp-content\/uploads\/2023\/06\/danish-768x768.png 768w, https:\/\/talkpal.ai\/wp-content\/uploads\/2023\/06\/danish-300x300.png 300w\" \/>\r\n    \r\n\r\n    <\/figure>\r\n\r\n            <a class=\"getStartedVisible\" href=\"https:\/\/app.talkpal.ai\/signup?lng=\">Filloni<\/a>\r\n    \r\n<\/section>\r\n\r\n\r\n<!-- <section class=\"grammarSection\">\r\n    <div class=\"grammarLinks\">\r\n            <\/div>\r\n<\/section> -->\r\n\r\n\r\n\r\n\r\n<section class=\"promotionalBanner\">\r\n    <p class=\"promotionalText\">M\u00ebnyra m\u00eb efikase p\u00ebr t\u00eb m\u00ebsuar nj\u00eb gjuh\u00eb<\/p>\r\n    <a class=\"promotionalLink\" href=\"https:\/\/app.talkpal.ai\/signup?lng=\">Provoni Talkpal falas<\/a>\r\n<\/section>\n<div class=\"wp-block-group pageContainerStyle\"><div class=\"wp-block-group__inner-container is-layout-constrained wp-block-group-is-layout-constrained\">\n<h2 class=\"wp-block-heading\" id=\"h-danish-grammar-topics\">Temat e gramatik\u00ebs daneze<\/h2>\n\n\n\n<p>M\u00ebsimi i gjuh\u00ebs daneze mund t\u00eb jet\u00eb nj\u00eb p\u00ebrvoj\u00eb shp\u00ebrblyese dhe e k\u00ebndshme p\u00ebr ata q\u00eb jan\u00eb t\u00eb interesuar t\u00eb eksplorojn\u00eb kultur\u00ebn dhe historin\u00eb e pasur t\u00eb Danimark\u00ebs. Si nj\u00eb gjuh\u00eb gjermaniane veriore, danezja ndan shum\u00eb ngjashm\u00ebri me gjuh\u00ebt e tjera skandinave si suedishtja dhe norvegjishtja. Duke zot\u00ebruar gjuh\u00ebn daneze, ju hapni mund\u00ebsi p\u00ebr t&#8217;u lidhur me fol\u00ebsit amtare, p\u00ebr t\u00eb shijuar let\u00ebrsin\u00eb daneze dhe p\u00ebr t\u00eb thelluar t\u00eb kuptuarit tuaj t\u00eb shoq\u00ebris\u00eb daneze. P\u00ebr t\u00eb arritur rrjedhshm\u00ebrin\u00eb e gjuh\u00ebs daneze, \u00ebsht\u00eb thelb\u00ebsore t\u00eb njiheni me tema t\u00eb ndryshme gramatikore, t\u00eb cilat jan\u00eb blloqet nd\u00ebrtuese t\u00eb gjuh\u00ebs. N\u00eb k\u00ebt\u00eb udh\u00ebzues, ne do t\u00eb shqyrtojm\u00eb sekuenc\u00ebn q\u00eb duhet t\u00eb ndiqni n\u00eb m\u00ebsimin e gramatik\u00ebs daneze, duke mbuluar tema t\u00eb tilla si koh\u00ebt, foljet, emrat dhe m\u00eb shum\u00eb.<\/p>\n\n\n\n<h3 class=\"wp-block-heading\" id=\"h-1-nouns-articles-and-pronouns-determiners\">1. Emrat, artikujt dhe p\u00ebremrat\/p\u00ebrcaktuesit:<\/h3>\n\n\n\n<p>Filloni duke m\u00ebsuar bazat e emrave danez\u00eb, duke p\u00ebrfshir\u00eb gjinin\u00eb dhe numrin e <a href=\"https:\/\/talkpal.ai\/locations\/language-courses-in-tyre\/\">tyre<\/a>. Njihuni me artikujt e p\u00ebrcaktuar dhe t\u00eb pacaktuar, si dhe me llojet dhe p\u00ebrcaktuesit e ndrysh\u00ebm t\u00eb p\u00ebremrave. Kjo do t&#8217;ju ndihmoj\u00eb t\u00eb nd\u00ebrtoni nj\u00eb baz\u00eb solide p\u00ebr formimin e fjalive t\u00eb thjeshta.<\/p>\n\n\n\n<h3 class=\"wp-block-heading\" id=\"h-2-adjectives-and-adverbs\">2. Mbiemrat dhe ndajfoljet:<\/h3>\n\n\n\n<p>Pasi t\u00eb keni kuptuar bazat e emrave dhe p\u00ebremrave, kaloni te mbiemrat dhe ndajfoljet. M\u00ebsoni <a href=\"https:\/\/talkpal.ai\/culture\/what-is-the-difference-between-se-and-si\/\">se si<\/a> t\u00eb p\u00ebrshkruani emrat me marr\u00ebveshjen e duhur mbiemrash dhe p\u00ebrdorni ndajfolje p\u00ebr t\u00eb modifikuar foljet, mbiemrat dhe ndajfoljet e tjera.<\/p>\n\n\n\n<h3 class=\"wp-block-heading\" id=\"h-3-verbs-and-tenses\">3. Foljet dhe koh\u00ebt:<\/h3>\n\n\n\n<p>Zot\u00ebroni konjugimin e foljeve t\u00eb rregullta dhe t\u00eb parregullta n\u00eb koh\u00ebn e tashme, t\u00eb kaluar dhe t\u00eb ardhshme. Kuptimi i krahasimit t\u00eb tensionit do t&#8217;ju ndihmoj\u00eb t\u00eb shprehni veprime ose ngjarje q\u00eb ndodhin n\u00eb koh\u00eb t\u00eb ndryshme.<\/p>\n\n\n\n<h3 class=\"wp-block-heading\" id=\"h-4-progressive-and-perfect-progressive\">4. Progresiv dhe progresiv i p\u00ebrsosur:<\/h3>\n\n\n\n<p>K\u00ebto aspekte t\u00eb gramatik\u00ebs daneze ju lejojn\u00eb t\u00eb p\u00ebrshkruani veprimet e vazhdueshme ose ngjarjet dhe veprimet q\u00eb jan\u00eb p\u00ebrfunduar, por jan\u00eb ende t\u00eb r\u00ebnd\u00ebsishme. M\u00ebsoni format e duhura t\u00eb foljeve dhe foljet ndihm\u00ebse t\u00eb p\u00ebrdorura n\u00eb koh\u00ebn progresive dhe progresive t\u00eb p\u00ebrsosur.<\/p>\n\n\n\n<h3 class=\"wp-block-heading\" id=\"h-5-prepositions\">5. Parafjal\u00ebt:<\/h3>\n\n\n\n<p>Studioni p\u00ebrdorimin e parafjal\u00ebve p\u00ebr t\u00eb shprehur marr\u00ebdh\u00ebniet midis fjal\u00ebve, t\u00eb tilla si vendndodhja, drejtimi, koha dhe shkaku.<\/p>\n\n\n\n<h3 class=\"wp-block-heading\" id=\"h-6-sentences\">6. Djalit\u00eb:<\/h3>\n\n\n\n<p>M\u00ebsoni t\u00eb nd\u00ebrtoni fjali t\u00eb thjeshta dhe komplekse duke p\u00ebrdorur rendin e sakt\u00eb t\u00eb fjal\u00ebve, i cili \u00ebsht\u00eb thelb\u00ebsor p\u00ebr komunikim t\u00eb qart\u00eb dhe efektiv n\u00eb danisht.<\/p>\n\n\n\n<h3 class=\"wp-block-heading\" id=\"h-7-conditionals\">7. Kusht\u00ebzotet:<\/h3>\n\n\n\n<p>S\u00eb fundi, njihuni me llojet e ndryshme t\u00eb kusht\u00ebzimeve t\u00eb p\u00ebrdorura n\u00eb danisht p\u00ebr t\u00eb shprehur situata hipotetike dhe pasojat e tyre.<\/p>\n\n\n\n<p>Duke ndjekur k\u00ebt\u00eb sekuenc\u00eb, ju mund t\u00eb nd\u00ebrtoni sistematikisht njohurit\u00eb tuaja t\u00eb gramatik\u00ebs daneze dhe t\u00eb zhvilloni aft\u00ebsit\u00eb e nevojshme p\u00ebr t\u00eb komunikuar n\u00eb m\u00ebnyr\u00eb efektive n\u00eb gjuh\u00eb. Mos harroni t\u00eb praktikoni rregullisht dhe t\u00eb zhyteni sa m\u00eb shum\u00eb n\u00eb gjuh\u00eb p\u00ebr t\u00eb arritur rezultatet m\u00eb t\u00eb <a href=\"https:\/\/talkpal.ai\/locations\/language-courses-in-mira\/\">mira<\/a>.<\/p>\n<\/div><\/div>\n\r\n<section class=\"learnNavigationSection\">\r\n            \r\n        <a href=\"https:\/\/talkpal.ai\/sq\/mesoni-danisht\/\">\r\n            <div class=\"learnNavigationWrapper\">\r\n                <div class=\"learnNavigationContent\">\r\n                    <img decoding=\"async\" src=\"https:\/\/talkpal.ai\/wp-content\/uploads\/2024\/08\/Danish.jpg\" alt=\"Danish Flag\">\r\n                    <div>\r\n                        <h4>Rreth t\u00eb m\u00ebsuarit danez<\/h4>\r\n                        <p>M\u00ebsoni gjith\u00e7ka rreth gramatik\u00ebs daneze.<\/p>\r\n                    <\/div>\r\n                <\/div>\r\n            <\/div>\r\n        <\/a>\r\n\r\n        \r\n        <a href=\"https:\/\/talkpal.ai\/sq\/gramatika-daneze\/\">\r\n            <div class=\"learnNavigationWrapper\">\r\n                <div class=\"learnNavigationContent\">\r\n                    <img decoding=\"async\" src=\"https:\/\/talkpal.ai\/wp-content\/uploads\/2024\/08\/Danish.jpg\" alt=\"Danish Flag\">\r\n                    <div>\r\n                        <h4>M\u00ebsimet e gramatik\u00ebs daneze<\/h4>\r\n                        <p>Praktikoni gramatik\u00ebn daneze.<\/p>\r\n                    <\/div>\r\n                <\/div>\r\n            <\/div>\r\n        <\/a>\r\n\r\n        \r\n        <a href=\"https:\/\/talkpal.ai\/vocabulary_language\/danish\/\">\r\n            <div class=\"learnNavigationWrapper\">\r\n                <div class=\"learnNavigationContent\">\r\n                    <img decoding=\"async\" src=\"https:\/\/talkpal.ai\/wp-content\/uploads\/2024\/08\/Danish.jpg\" alt=\"Danish Flag\">\r\n                    <div>\r\n                        <h4>Fjalori danez<\/h4>\r\n                        <p>Zgjeroni fjalorin tuaj danez.<\/p>\r\n                    <\/div>\r\n                <\/div>\r\n            <\/div>\r\n        <\/a>\r\n\r\n            <\/section>","protected":false},"excerpt":{"rendered":"<p>Temat e gramatik\u00ebs daneze M\u00ebsimi i gjuh\u00ebs daneze mund t\u00eb jet\u00eb nj\u00eb p\u00ebrvoj\u00eb shp\u00ebrblyese dhe e k\u00ebndshme p\u00ebr ata q\u00eb jan\u00eb t\u00eb interesuar t\u00eb eksplorojn\u00eb kultur\u00ebn dhe historin\u00eb e pasur t\u00eb Danimark\u00ebs. Si nj\u00eb gjuh\u00eb gjermaniane veriore, danezja ndan shum\u00eb ngjashm\u00ebri me gjuh\u00ebt e tjera skandinave si suedishtja dhe norvegjishtja. Duke zot\u00ebruar gjuh\u00ebn daneze, ju [&hellip;]<\/p>\n","protected":false},"author":6,"featured_media":1442832,"parent":0,"menu_order":0,"comment_status":"closed","ping_status":"closed","template":"LearningContentPage.php","meta":{"_acf_changed":false,"footnotes":""},"class_list":["post-1446724","page","type-page","status-publish","has-post-thumbnail","hentry"],"acf":[],"yoast_head":"<!-- This site is optimized with the Yoast SEO Premium plugin v27.2 (Yoast SEO v27.2) - https:\/\/yoast.com\/product\/yoast-seo-premium-wordpress\/ -->\n<title>Ushtrimet e gramatik\u00ebs daneze - Talkpal<\/title>\n<meta name=\"description\" content=\"Zhbllokoni sekretet e ushtrimeve t\u00eb gramatik\u00ebs daneze p\u00ebr t\u00eb p\u00ebrmir\u00ebsuar aft\u00ebsit\u00eb tuaja gjuh\u00ebsore dhe p\u00ebr t&#039;u lidhur me kultur\u00ebn daneze n\u00eb m\u00ebnyr\u00eb efektive.\" \/>\n<meta name=\"robots\" content=\"index, follow, max-snippet:-1, max-image-preview:large, max-video-preview:-1\" \/>\n<link rel=\"canonical\" href=\"https:\/\/talkpal.ai\/sq\/ushtrimet-e-gramatikes-daneze\/\" \/>\n<meta property=\"og:locale\" content=\"sq_AL\" \/>\n<meta property=\"og:type\" content=\"article\" \/>\n<meta property=\"og:title\" content=\"Ushtrimet e gramatik\u00ebs daneze\" \/>\n<meta property=\"og:description\" content=\"Temat e gramatik\u00ebs daneze M\u00ebsimi i gjuh\u00ebs daneze mund t\u00eb jet\u00eb nj\u00eb p\u00ebrvoj\u00eb shp\u00ebrblyese dhe e k\u00ebndshme p\u00ebr ata q\u00eb jan\u00eb t\u00eb interesuar t\u00eb eksplorojn\u00eb kultur\u00ebn\" \/>\n<meta property=\"og:url\" content=\"https:\/\/talkpal.ai\/sq\/ushtrimet-e-gramatikes-daneze\/\" \/>\n<meta property=\"og:site_name\" content=\"Talkpal\" \/>\n<meta property=\"article:publisher\" content=\"https:\/\/www.facebook.com\/profile.php?id=100090733639311\" \/>\n<meta property=\"article:modified_time\" content=\"2025-12-17T16:32:30+00:00\" \/>\n<meta property=\"og:image\" content=\"https:\/\/talkpal.ai\/wp-content\/uploads\/2023\/05\/denmark.png\" \/>\n\t<meta property=\"og:image:width\" content=\"512\" \/>\n\t<meta property=\"og:image:height\" content=\"512\" \/>\n\t<meta property=\"og:image:type\" content=\"image\/png\" \/>\n<meta name=\"twitter:card\" content=\"summary_large_image\" \/>\n<meta name=\"twitter:site\" content=\"@talkpalai\" \/>\n<meta name=\"twitter:label1\" content=\"Est. reading time\" \/>\n\t<meta name=\"twitter:data1\" content=\"3 minutes\" \/>\n<script type=\"application\/ld+json\" class=\"yoast-schema-graph\">{\"@context\":\"https:\/\/schema.org\",\"@graph\":[{\"@type\":\"WebPage\",\"@id\":\"https:\/\/talkpal.ai\/sq\/ushtrimet-e-gramatikes-daneze\/\",\"url\":\"https:\/\/talkpal.ai\/sq\/ushtrimet-e-gramatikes-daneze\/\",\"name\":\"Ushtrimet e gramatik\u00ebs daneze - Talkpal\",\"isPartOf\":{\"@id\":\"https:\/\/talkpal.ai\/sq\/#website\"},\"primaryImageOfPage\":{\"@id\":\"https:\/\/talkpal.ai\/sq\/ushtrimet-e-gramatikes-daneze\/#primaryimage\"},\"image\":{\"@id\":\"https:\/\/talkpal.ai\/sq\/ushtrimet-e-gramatikes-daneze\/#primaryimage\"},\"thumbnailUrl\":\"https:\/\/talkpal.ai\/wp-content\/uploads\/2023\/05\/denmark.png\",\"datePublished\":\"2023-06-16T13:19:10+00:00\",\"dateModified\":\"2025-12-17T16:32:30+00:00\",\"description\":\"Zhbllokoni sekretet e ushtrimeve t\u00eb gramatik\u00ebs daneze p\u00ebr t\u00eb p\u00ebrmir\u00ebsuar aft\u00ebsit\u00eb tuaja gjuh\u00ebsore dhe p\u00ebr t'u lidhur me kultur\u00ebn daneze n\u00eb m\u00ebnyr\u00eb efektive.\",\"breadcrumb\":{\"@id\":\"https:\/\/talkpal.ai\/sq\/ushtrimet-e-gramatikes-daneze\/#breadcrumb\"},\"inLanguage\":\"sq-AL\",\"potentialAction\":[{\"@type\":\"ReadAction\",\"target\":[\"https:\/\/talkpal.ai\/sq\/ushtrimet-e-gramatikes-daneze\/\"]}]},{\"@type\":\"ImageObject\",\"inLanguage\":\"sq-AL\",\"@id\":\"https:\/\/talkpal.ai\/sq\/ushtrimet-e-gramatikes-daneze\/#primaryimage\",\"url\":\"https:\/\/talkpal.ai\/wp-content\/uploads\/2023\/05\/denmark.png\",\"contentUrl\":\"https:\/\/talkpal.ai\/wp-content\/uploads\/2023\/05\/denmark.png\",\"width\":512,\"height\":512,\"caption\":\"TalkPal Denmark Flag\"},{\"@type\":\"BreadcrumbList\",\"@id\":\"https:\/\/talkpal.ai\/sq\/ushtrimet-e-gramatikes-daneze\/#breadcrumb\",\"itemListElement\":[{\"@type\":\"ListItem\",\"position\":1,\"name\":\"Homepage\",\"item\":\"https:\/\/talkpal.ai\/sq\/\"},{\"@type\":\"ListItem\",\"position\":2,\"name\":\"Ushtrimet e gramatik\u00ebs daneze\"}]},{\"@type\":\"WebSite\",\"@id\":\"https:\/\/talkpal.ai\/sq\/#website\",\"url\":\"https:\/\/talkpal.ai\/sq\/\",\"name\":\"Talkpal\",\"description\":\"AI Language Learning\",\"publisher\":{\"@id\":\"https:\/\/talkpal.ai\/sq\/#organization\"},\"alternateName\":\"Talkpal AI\",\"potentialAction\":[{\"@type\":\"SearchAction\",\"target\":{\"@type\":\"EntryPoint\",\"urlTemplate\":\"https:\/\/talkpal.ai\/sq\/?s={search_term_string}\"},\"query-input\":{\"@type\":\"PropertyValueSpecification\",\"valueRequired\":true,\"valueName\":\"search_term_string\"}}],\"inLanguage\":\"sq-AL\"},{\"@type\":\"Organization\",\"@id\":\"https:\/\/talkpal.ai\/sq\/#organization\",\"name\":\"Talkpal, Inc.\",\"alternateName\":\"Talkpal AI\",\"url\":\"https:\/\/talkpal.ai\/sq\/\",\"logo\":{\"@type\":\"ImageObject\",\"inLanguage\":\"sq-AL\",\"@id\":\"https:\/\/talkpal.ai\/sq\/#\/schema\/logo\/image\/\",\"url\":\"https:\/\/talkpal.ai\/wp-content\/uploads\/2024\/03\/Talkpal-Logo-Icon.png\",\"contentUrl\":\"https:\/\/talkpal.ai\/wp-content\/uploads\/2024\/03\/Talkpal-Logo-Icon.png\",\"width\":2880,\"height\":2880,\"caption\":\"Talkpal, Inc.\"},\"image\":{\"@id\":\"https:\/\/talkpal.ai\/sq\/#\/schema\/logo\/image\/\"},\"sameAs\":[\"https:\/\/www.facebook.com\/profile.php?id=100090733639311\",\"https:\/\/x.com\/talkpalai\",\"https:\/\/www.linkedin.com\/company\/talkpal\/\",\"https:\/\/www.youtube.com\/@TalkPal\/\",\"https:\/\/www.tiktok.com\/@talkpal\",\"https:\/\/www.instagram.com\/talkpal_ai\/\",\"https:\/\/www.crunchbase.com\/organization\/talkpal-9cde\",\"https:\/\/www.g2.com\/products\/talkpal-for-business\/\",\"https:\/\/www.trustpilot.com\/review\/talkpal.ai\",\"https:\/\/www.capterra.com\/p\/10006800\/TalkPal\/\"],\"description\":\"Talkpal is a language learning web and mobile education app, powered by the latest AI technologies, that provides engaging experiences to its customers in many different languages to help them improve their language skills. Users can chat about unlimited amount of topics with the app and use other modes to practice their language learning.\",\"email\":\"support@talkpal.ai\",\"legalName\":\"Talkpal, Inc.\",\"foundingDate\":\"2023-04-03\",\"duns\":\"118989042\",\"numberOfEmployees\":{\"@type\":\"QuantitativeValue\",\"minValue\":\"11\",\"maxValue\":\"50\"},\"publishingPrinciples\":\"https:\/\/talkpal.ai\/publishing-principles\/\",\"actionableFeedbackPolicy\":\"https:\/\/talkpal.ai\/actionable-feedback-policy\/\",\"correctionsPolicy\":\"https:\/\/talkpal.ai\/corrections-policy\/\",\"ethicsPolicy\":\"https:\/\/talkpal.ai\/ethics-policy\/\",\"diversityPolicy\":\"https:\/\/talkpal.ai\/diversity-policy\/\",\"diversityStaffingReport\":\"https:\/\/talkpal.ai\/diversity-policy\/\"}]}<\/script>\n<!-- \/ Yoast SEO Premium plugin. -->","yoast_head_json":{"title":"Ushtrimet e gramatik\u00ebs daneze - Talkpal","description":"Zhbllokoni sekretet e ushtrimeve t\u00eb gramatik\u00ebs daneze p\u00ebr t\u00eb p\u00ebrmir\u00ebsuar aft\u00ebsit\u00eb tuaja gjuh\u00ebsore dhe p\u00ebr t'u lidhur me kultur\u00ebn daneze n\u00eb m\u00ebnyr\u00eb efektive.","robots":{"index":"index","follow":"follow","max-snippet":"max-snippet:-1","max-image-preview":"max-image-preview:large","max-video-preview":"max-video-preview:-1"},"canonical":"https:\/\/talkpal.ai\/sq\/ushtrimet-e-gramatikes-daneze\/","og_locale":"sq_AL","og_type":"article","og_title":"Ushtrimet e gramatik\u00ebs daneze","og_description":"Temat e gramatik\u00ebs daneze M\u00ebsimi i gjuh\u00ebs daneze mund t\u00eb jet\u00eb nj\u00eb p\u00ebrvoj\u00eb shp\u00ebrblyese dhe e k\u00ebndshme p\u00ebr ata q\u00eb jan\u00eb t\u00eb interesuar t\u00eb eksplorojn\u00eb kultur\u00ebn","og_url":"https:\/\/talkpal.ai\/sq\/ushtrimet-e-gramatikes-daneze\/","og_site_name":"Talkpal","article_publisher":"https:\/\/www.facebook.com\/profile.php?id=100090733639311","article_modified_time":"2025-12-17T16:32:30+00:00","og_image":[{"width":512,"height":512,"url":"https:\/\/talkpal.ai\/wp-content\/uploads\/2023\/05\/denmark.png","type":"image\/png"}],"twitter_card":"summary_large_image","twitter_site":"@talkpalai","twitter_misc":{"Est. reading time":"3 minutes"},"schema":{"@context":"https:\/\/schema.org","@graph":[{"@type":"WebPage","@id":"https:\/\/talkpal.ai\/sq\/ushtrimet-e-gramatikes-daneze\/","url":"https:\/\/talkpal.ai\/sq\/ushtrimet-e-gramatikes-daneze\/","name":"Ushtrimet e gramatik\u00ebs daneze - Talkpal","isPartOf":{"@id":"https:\/\/talkpal.ai\/sq\/#website"},"primaryImageOfPage":{"@id":"https:\/\/talkpal.ai\/sq\/ushtrimet-e-gramatikes-daneze\/#primaryimage"},"image":{"@id":"https:\/\/talkpal.ai\/sq\/ushtrimet-e-gramatikes-daneze\/#primaryimage"},"thumbnailUrl":"https:\/\/talkpal.ai\/wp-content\/uploads\/2023\/05\/denmark.png","datePublished":"2023-06-16T13:19:10+00:00","dateModified":"2025-12-17T16:32:30+00:00","description":"Zhbllokoni sekretet e ushtrimeve t\u00eb gramatik\u00ebs daneze p\u00ebr t\u00eb p\u00ebrmir\u00ebsuar aft\u00ebsit\u00eb tuaja gjuh\u00ebsore dhe p\u00ebr t'u lidhur me kultur\u00ebn daneze n\u00eb m\u00ebnyr\u00eb efektive.","breadcrumb":{"@id":"https:\/\/talkpal.ai\/sq\/ushtrimet-e-gramatikes-daneze\/#breadcrumb"},"inLanguage":"sq-AL","potentialAction":[{"@type":"ReadAction","target":["https:\/\/talkpal.ai\/sq\/ushtrimet-e-gramatikes-daneze\/"]}]},{"@type":"ImageObject","inLanguage":"sq-AL","@id":"https:\/\/talkpal.ai\/sq\/ushtrimet-e-gramatikes-daneze\/#primaryimage","url":"https:\/\/talkpal.ai\/wp-content\/uploads\/2023\/05\/denmark.png","contentUrl":"https:\/\/talkpal.ai\/wp-content\/uploads\/2023\/05\/denmark.png","width":512,"height":512,"caption":"TalkPal Denmark Flag"},{"@type":"BreadcrumbList","@id":"https:\/\/talkpal.ai\/sq\/ushtrimet-e-gramatikes-daneze\/#breadcrumb","itemListElement":[{"@type":"ListItem","position":1,"name":"Homepage","item":"https:\/\/talkpal.ai\/sq\/"},{"@type":"ListItem","position":2,"name":"Ushtrimet e gramatik\u00ebs daneze"}]},{"@type":"WebSite","@id":"https:\/\/talkpal.ai\/sq\/#website","url":"https:\/\/talkpal.ai\/sq\/","name":"Talkpal","description":"AI Language Learning","publisher":{"@id":"https:\/\/talkpal.ai\/sq\/#organization"},"alternateName":"Talkpal AI","potentialAction":[{"@type":"SearchAction","target":{"@type":"EntryPoint","urlTemplate":"https:\/\/talkpal.ai\/sq\/?s={search_term_string}"},"query-input":{"@type":"PropertyValueSpecification","valueRequired":true,"valueName":"search_term_string"}}],"inLanguage":"sq-AL"},{"@type":"Organization","@id":"https:\/\/talkpal.ai\/sq\/#organization","name":"Talkpal, Inc.","alternateName":"Talkpal AI","url":"https:\/\/talkpal.ai\/sq\/","logo":{"@type":"ImageObject","inLanguage":"sq-AL","@id":"https:\/\/talkpal.ai\/sq\/#\/schema\/logo\/image\/","url":"https:\/\/talkpal.ai\/wp-content\/uploads\/2024\/03\/Talkpal-Logo-Icon.png","contentUrl":"https:\/\/talkpal.ai\/wp-content\/uploads\/2024\/03\/Talkpal-Logo-Icon.png","width":2880,"height":2880,"caption":"Talkpal, Inc."},"image":{"@id":"https:\/\/talkpal.ai\/sq\/#\/schema\/logo\/image\/"},"sameAs":["https:\/\/www.facebook.com\/profile.php?id=100090733639311","https:\/\/x.com\/talkpalai","https:\/\/www.linkedin.com\/company\/talkpal\/","https:\/\/www.youtube.com\/@TalkPal\/","https:\/\/www.tiktok.com\/@talkpal","https:\/\/www.instagram.com\/talkpal_ai\/","https:\/\/www.crunchbase.com\/organization\/talkpal-9cde","https:\/\/www.g2.com\/products\/talkpal-for-business\/","https:\/\/www.trustpilot.com\/review\/talkpal.ai","https:\/\/www.capterra.com\/p\/10006800\/TalkPal\/"],"description":"Talkpal is a language learning web and mobile education app, powered by the latest AI technologies, that provides engaging experiences to its customers in many different languages to help them improve their language skills. Users can chat about unlimited amount of topics with the app and use other modes to practice their language learning.","email":"support@talkpal.ai","legalName":"Talkpal, Inc.","foundingDate":"2023-04-03","duns":"118989042","numberOfEmployees":{"@type":"QuantitativeValue","minValue":"11","maxValue":"50"},"publishingPrinciples":"https:\/\/talkpal.ai\/publishing-principles\/","actionableFeedbackPolicy":"https:\/\/talkpal.ai\/actionable-feedback-policy\/","correctionsPolicy":"https:\/\/talkpal.ai\/corrections-policy\/","ethicsPolicy":"https:\/\/talkpal.ai\/ethics-policy\/","diversityPolicy":"https:\/\/talkpal.ai\/diversity-policy\/","diversityStaffingReport":"https:\/\/talkpal.ai\/diversity-policy\/"}]}},"_links":{"self":[{"href":"https:\/\/talkpal.ai\/sq\/wp-json\/wp\/v2\/pages\/1446724","targetHints":{"allow":["GET"]}}],"collection":[{"href":"https:\/\/talkpal.ai\/sq\/wp-json\/wp\/v2\/pages"}],"about":[{"href":"https:\/\/talkpal.ai\/sq\/wp-json\/wp\/v2\/types\/page"}],"author":[{"embeddable":true,"href":"https:\/\/talkpal.ai\/sq\/wp-json\/wp\/v2\/users\/6"}],"replies":[{"embeddable":true,"href":"https:\/\/talkpal.ai\/sq\/wp-json\/wp\/v2\/comments?post=1446724"}],"version-history":[{"count":0,"href":"https:\/\/talkpal.ai\/sq\/wp-json\/wp\/v2\/pages\/1446724\/revisions"}],"wp:featuredmedia":[{"embeddable":true,"href":"https:\/\/talkpal.ai\/sq\/wp-json\/wp\/v2\/media\/1442832"}],"wp:attachment":[{"href":"https:\/\/talkpal.ai\/sq\/wp-json\/wp\/v2\/media?parent=1446724"}],"curies":[{"name":"wp","href":"https:\/\/api.w.org\/{rel}","templated":true}]}}