{"id":1446719,"date":"2023-06-16T13:02:09","date_gmt":"2023-06-16T13:02:09","guid":{"rendered":"https:\/\/talkpal.ai\/ushtrimet-e-gramatikes-kroate\/"},"modified":"2025-12-17T16:27:27","modified_gmt":"2025-12-17T16:27:27","slug":"ushtrimet-e-gramatikes-kroate","status":"publish","type":"page","link":"https:\/\/talkpal.ai\/sq\/ushtrimet-e-gramatikes-kroate\/","title":{"rendered":"Ushtrimet e gramatik\u00ebs kroate"},"content":{"rendered":"\r\n\r\n\r\n<section class=\"languageChallengeSection\">\r\n    <div class=\"languageInfoWrapper\">\r\n        \r\n        <h1>Ushtrimet e gramatik\u00ebs kroate<\/h1>\r\n        <p>D\u00ebshironi t\u00eb jeni m\u00eb t\u00eb sigurt n\u00eb <a href=\"https:\/\/talkpal.ai\/learn-croatian\/\">kroatisht<\/a>? Praktikimi i ushtrimeve gramatikore do t&#039;ju ndihmoj\u00eb t\u00eb zot\u00ebroni struktur\u00ebn e fjalis\u00eb, format e foljeve dhe ve\u00e7orit\u00eb unike t\u00eb gjuh\u00ebs kroate. Filloni t\u00eb eksploroni gramatik\u00ebn kroate sot dhe shikoni aft\u00ebsit\u00eb dhe rrjedhshm\u00ebrin\u00eb tuaj t\u00eb p\u00ebrmir\u00ebsohen me \u00e7do ushtrim t\u00eb ri!\n\n<\/p>\r\n\r\n                            <a class=\"getStartedHidden\" href=\"https:\/\/app.talkpal.ai\/signup?lng=\">Filloni<\/a>\r\n        \r\n    <\/div>\r\n\r\n    <figure>\r\n    <img decoding=\"async\" width=\"768\" height=\"768\" src=\"https:\/\/talkpal.ai\/wp-content\/uploads\/2023\/06\/croatian-768x768.png\" class=\"languageImage no-lazy\" alt=\"Language learning for successful interaction\" fetchpriority=\"high\" sizes=\"(max-width: 768px) 150px, 768px\" srcset=\"https:\/\/talkpal.ai\/wp-content\/uploads\/2023\/06\/croatian-768x768.png 768w, https:\/\/talkpal.ai\/wp-content\/uploads\/2023\/06\/croatian-300x300.png 300w\" \/>\r\n    \r\n\r\n    <\/figure>\r\n\r\n            <a class=\"getStartedVisible\" href=\"https:\/\/app.talkpal.ai\/signup?lng=\">Filloni<\/a>\r\n    \r\n<\/section>\r\n\r\n\r\n<!-- <section class=\"grammarSection\">\r\n    <div class=\"grammarLinks\">\r\n            <\/div>\r\n<\/section> -->\r\n\r\n\r\n\r\n\r\n<section class=\"promotionalBanner\">\r\n    <p class=\"promotionalText\">M\u00ebnyra m\u00eb efikase p\u00ebr t\u00eb m\u00ebsuar nj\u00eb gjuh\u00eb<\/p>\r\n    <a class=\"promotionalLink\" href=\"https:\/\/app.talkpal.ai\/signup?lng=\">Provoni Talkpal falas<\/a>\r\n<\/section>\n<div class=\"wp-block-group pageContainerStyle\"><div class=\"wp-block-group__inner-container is-layout-constrained wp-block-group-is-layout-constrained\">\n<h2 class=\"wp-block-heading\" id=\"h-croatian-grammar-topics\">Temat e gramatik\u00ebs kroate<\/h2>\n\n\n\n<p>Kroatishtja, nj\u00eb gjuh\u00eb sllave jugore, \u00ebsht\u00eb gjuha zyrtare e Kroacis\u00eb dhe nj\u00eb nga gjuh\u00ebt zyrtare t\u00eb Bosnj\u00ebs dhe Hercegovin\u00ebs. \u00cbsht\u00eb nj\u00eb gjuh\u00eb komplekse dhe e pasur, me nj\u00eb histori t\u00eb gjat\u00eb dhe nj\u00eb sistem unik gramatikore. P\u00ebr nx\u00ebn\u00ebsit, \u00ebsht\u00eb thelb\u00ebsore t\u00eb kuptojn\u00eb aspektet themelore t\u00eb gramatik\u00ebs kroate p\u00ebr t&#8217;u b\u00ebr\u00eb t\u00eb aft\u00eb n\u00eb gjuh\u00eb. Ky udh\u00ebzues do t&#8217;ju ndihmoj\u00eb t\u00eb lundroni n\u00ebp\u00ebr temat kryesore gramatikore si koh\u00ebt, foljet, emrat dhe m\u00eb shum\u00eb, n\u00eb nj\u00eb sekuenc\u00eb q\u00eb do t\u00eb leht\u00ebsoj\u00eb procesin tuaj t\u00eb t\u00eb m\u00ebsuarit dhe do t\u00eb siguroj\u00eb nj\u00eb baz\u00eb t\u00eb fort\u00eb p\u00ebr zot\u00ebrimin e k\u00ebsaj gjuhe t\u00eb bukur.<\/p>\n\n\n\n<h3 class=\"wp-block-heading\" id=\"h-1-nouns\">1. Emrat:<\/h3>\n\n\n\n<p>Emrat jan\u00eb blloku i par\u00eb nd\u00ebrtues i \u00e7do gjuhe dhe emrat kroat\u00eb kan\u00eb tre gjini \u2013 mashkullore, fem\u00ebrore dhe neutre, t\u00eb cilat ndikojn\u00eb n\u00eb deformimin dhe marr\u00ebveshjen me mbiemrat dhe p\u00ebremrat. Njihuni me gjinit\u00eb e ndryshme dhe mbaresat e <a href=\"https:\/\/talkpal.ai\/locations\/language-courses-in-tyre\/\">tyre<\/a> p\u00ebrkat\u00ebse.<\/p>\n\n\n\n<h3 class=\"wp-block-heading\" id=\"h-2-articles\">2. Artikujt:<\/h3>\n\n\n\n<p>Kroatishtja nuk ka artikuj si &#8220;the&#8221; ose &#8220;a&#8221; n\u00eb <a href=\"https:\/\/talkpal.ai\/learn-english-with-ai\/\">anglisht<\/a>, duke e b\u00ebr\u00eb m\u00eb t\u00eb leht\u00eb p\u00ebr fillestar\u00ebt t\u00eb fillojn\u00eb t\u00eb nd\u00ebrtojn\u00eb fjali t\u00eb thjeshta pa u shqet\u00ebsuar p\u00ebr p\u00ebrdorimin e artikujve.<\/p>\n\n\n\n<h3 class=\"wp-block-heading\" id=\"h-3-pronouns-determiners\">3. P\u00ebremrat\/p\u00ebrcaktuesit:<\/h3>\n\n\n\n<p>P\u00ebremrat p\u00ebrdoren p\u00ebr t\u00eb z\u00ebvend\u00ebsuar emrat n\u00eb fjali, nd\u00ebrsa p\u00ebrcaktuesit tregojn\u00eb specifik\u00ebn e nj\u00eb emri. M\u00ebsoni llojet e ndryshme t\u00eb p\u00ebremrave (personal\u00eb, posesiv, demonstrativ, etj.) dhe deformimin e tyre sipas gjinis\u00eb, numrit dhe rastit.<\/p>\n\n\n\n<h3 class=\"wp-block-heading\" id=\"h-4-adjectives\">4. Mbiemra:<\/h3>\n\n\n\n<p>Mbiemrat p\u00ebrshkruajn\u00eb cil\u00ebsit\u00eb e emrave dhe pajtohen me gjinin\u00eb, numrin dhe rastin e emrit q\u00eb modifikojn\u00eb. M\u00ebsoni format baz\u00eb dhe modelet e deformimit t\u00eb mbiemrave.<\/p>\n\n\n\n<h3 class=\"wp-block-heading\" id=\"h-5-verbs\">5. Foljet:<\/h3>\n\n\n\n<p>Foljet jan\u00eb thelbi i \u00e7do fjalie, q\u00eb shpreh veprime ose gjendje. Foljet kroate konjugohen sipas koh\u00ebs, humorit, z\u00ebrit dhe personit. Filloni me foljet m\u00eb t\u00eb zakonshme t\u00eb rregullta dhe modelet e tyre t\u00eb konjugimit n\u00eb koh\u00ebn e tashme.<\/p>\n\n\n\n<h3 class=\"wp-block-heading\" id=\"h-6-tenses\">6. Koh\u00ebt:<\/h3>\n\n\n\n<p>Kroatishtja ka shtat\u00eb koh\u00eb \u2013 e tashmja, e ardhmja I, e ardhmja II, e kaluara, pluperfekte, aoriste dhe e pap\u00ebrsosur. Filloni me koh\u00ebn e tashme dhe pastaj kaloni n\u00eb koh\u00ebn e kaluar dhe t\u00eb ardhshme, duke m\u00ebsuar modelet e konjugimit p\u00ebr secilin.<\/p>\n\n\n\n<h3 class=\"wp-block-heading\" id=\"h-7-tense-comparison\">7. Krahasimi i tensionit:<\/h3>\n\n\n\n<p>T\u00eb kuptuarit e dallimeve dhe ngjashm\u00ebrive midis koh\u00ebve \u00ebsht\u00eb thelb\u00ebsore n\u00eb zot\u00ebrimin e kroatishtes. Krahasoni koh\u00ebt dhe praktikoni p\u00ebrdorimin e tyre n\u00eb kontekst.<\/p>\n\n\n\n<h3 class=\"wp-block-heading\" id=\"h-8-progressive\">8. Progresive:<\/h3>\n\n\n\n<p>Aspekti progresiv shpreh veprime q\u00eb jan\u00eb t\u00eb vazhdueshme ose t\u00eb vazhdueshme. Kroatishtja nuk ka nj\u00eb form\u00eb t\u00eb ve\u00e7ant\u00eb progresive si anglishtja, por ju mund t\u00eb p\u00ebrcillni kuptimin progresiv duke p\u00ebrdorur forma specifike foljesh, ndajfolje ose konstruksione.<\/p>\n\n\n\n<h3 class=\"wp-block-heading\" id=\"h-9-perfect-progressive\">9. Progresiv i p\u00ebrsosur:<\/h3>\n\n\n\n<p>Ky aspekt kombinon kuptimet perfekte dhe progresive. N\u00eb kroatisht, shprehet duke p\u00ebrdorur koh\u00ebn e p\u00ebrsosur me nj\u00eb form\u00eb ose nd\u00ebrtim specifik foljeje q\u00eb tregon veprim t\u00eb vazhduesh\u00ebm.<\/p>\n\n\n\n<h3 class=\"wp-block-heading\" id=\"h-10-adverbs\">10. Ndajfoljet:<\/h3>\n\n\n\n<p>Ndajfoljet modifikojn\u00eb foljet, mbiemrat ose ndajfoljet e tjera dhe zakonisht tregojn\u00eb m\u00ebnyr\u00ebn, vendin, koh\u00ebn ose shkall\u00ebn. M\u00ebsoni ndajfoljet m\u00eb t\u00eb zakonshme kroate dhe vendosjen e tyre n\u00eb fjali.<\/p>\n\n\n\n<h3 class=\"wp-block-heading\" id=\"h-11-prepositions\">11. Parafjal\u00ebt:<\/h3>\n\n\n\n<p>Parafjal\u00ebt p\u00ebrdoren p\u00ebr t\u00eb treguar marr\u00ebdh\u00ebniet midis fjal\u00ebve, t\u00eb tilla si vendndodhja, drejtimi, koha ose zot\u00ebrimi. M\u00ebsoni parafjal\u00ebt m\u00eb t\u00eb zakonshme kroate dhe rastet q\u00eb ato qeverisin.<\/p>\n\n\n\n<h3 class=\"wp-block-heading\" id=\"h-12-conditionals\">12. Kusht\u00ebzuese:<\/h3>\n\n\n\n<p>Kusht\u00ebzimet shprehin situata ose kushte hipotetike dhe pasojat e tyre. Kroatishtja ka tre lloje t\u00eb kusht\u00ebzimeve \u2013 reale, joreale dhe t\u00eb p\u00ebrziera. M\u00ebsoni formimin dhe p\u00ebrdorimin e secilit lloj.<\/p>\n\n\n\n<h3 class=\"wp-block-heading\" id=\"h-13-sentences\">13. Fjalit\u00eb:<\/h3>\n\n\n\n<p>S\u00eb fundi, praktikoni kombinimin e t\u00eb gjith\u00eb element\u00ebve gramatikor\u00eb q\u00eb keni m\u00ebsuar p\u00ebr t\u00eb nd\u00ebrtuar fjali t\u00eb thjeshta dhe komplekse n\u00eb kroatisht. Kjo do t&#8217;ju ndihmoj\u00eb t\u00eb zhvilloni rrjedhshm\u00ebrin\u00eb tuaj gjuh\u00ebsore dhe t\u00eb kuptuarit e gramatik\u00ebs kroate n\u00eb t\u00ebr\u00ebsi.<\/p>\n<\/div><\/div>\n\r\n<section class=\"learnNavigationSection\">\r\n            \r\n        <a href=\"https:\/\/talkpal.ai\/sq\/mesoni-kroatisht\/\">\r\n            <div class=\"learnNavigationWrapper\">\r\n                <div class=\"learnNavigationContent\">\r\n                    <img decoding=\"async\" src=\"https:\/\/talkpal.ai\/wp-content\/uploads\/2024\/08\/Croatian.jpg\" alt=\"Croatian Flag\">\r\n                    <div>\r\n                        <h4>Rreth m\u00ebsimit kroat<\/h4>\r\n                        <p>M\u00ebsoni gjith\u00e7ka rreth gramatik\u00ebs kroate.<\/p>\r\n                    <\/div>\r\n                <\/div>\r\n            <\/div>\r\n        <\/a>\r\n\r\n        \r\n        <a href=\"https:\/\/talkpal.ai\/sq\/gramatika-kroate\/\">\r\n            <div class=\"learnNavigationWrapper\">\r\n                <div class=\"learnNavigationContent\">\r\n                    <img decoding=\"async\" src=\"https:\/\/talkpal.ai\/wp-content\/uploads\/2024\/08\/Croatian.jpg\" alt=\"Croatian Flag\">\r\n                    <div>\r\n                        <h4>M\u00ebsime t\u00eb gramatik\u00ebs kroate<\/h4>\r\n                        <p>Praktikoni gramatik\u00ebn kroate.<\/p>\r\n                    <\/div>\r\n                <\/div>\r\n            <\/div>\r\n        <\/a>\r\n\r\n        \r\n        <a href=\"https:\/\/talkpal.ai\/vocabulary_language\/croatian\/\">\r\n            <div class=\"learnNavigationWrapper\">\r\n                <div class=\"learnNavigationContent\">\r\n                    <img decoding=\"async\" src=\"https:\/\/talkpal.ai\/wp-content\/uploads\/2024\/08\/Croatian.jpg\" alt=\"Croatian Flag\">\r\n                    <div>\r\n                        <h4>Fjalori kroat<\/h4>\r\n                        <p>Zgjeroni fjalorin tuaj kroat.<\/p>\r\n                    <\/div>\r\n                <\/div>\r\n            <\/div>\r\n        <\/a>\r\n\r\n            <\/section>","protected":false},"excerpt":{"rendered":"<p>Temat e gramatik\u00ebs kroate Kroatishtja, nj\u00eb gjuh\u00eb sllave jugore, \u00ebsht\u00eb gjuha zyrtare e Kroacis\u00eb dhe nj\u00eb nga gjuh\u00ebt zyrtare t\u00eb Bosnj\u00ebs dhe Hercegovin\u00ebs. \u00cbsht\u00eb nj\u00eb gjuh\u00eb komplekse dhe e pasur, me nj\u00eb histori t\u00eb gjat\u00eb dhe nj\u00eb sistem unik gramatikore. P\u00ebr nx\u00ebn\u00ebsit, \u00ebsht\u00eb thelb\u00ebsore t\u00eb kuptojn\u00eb aspektet themelore t\u00eb gramatik\u00ebs kroate p\u00ebr t&#8217;u b\u00ebr\u00eb t\u00eb [&hellip;]<\/p>\n","protected":false},"author":6,"featured_media":1442839,"parent":0,"menu_order":0,"comment_status":"closed","ping_status":"closed","template":"LearningContentPage.php","meta":{"_acf_changed":false,"footnotes":""},"class_list":["post-1446719","page","type-page","status-publish","has-post-thumbnail","hentry"],"acf":[],"yoast_head":"<!-- This site is optimized with the Yoast SEO Premium plugin v27.2 (Yoast SEO v27.2) - https:\/\/yoast.com\/product\/yoast-seo-premium-wordpress\/ -->\n<title>Ushtrimet e gramatik\u00ebs kroate - Talkpal<\/title>\n<meta name=\"description\" content=\"Zot\u00ebroni kroatishten me ushtrime efektive t\u00eb gramatik\u00ebs kroate q\u00eb thjeshtojn\u00eb m\u00ebsimin e koh\u00ebve, foljeve dhe emrave p\u00ebr p\u00ebrdoruesit.\" \/>\n<meta name=\"robots\" content=\"index, follow, max-snippet:-1, max-image-preview:large, max-video-preview:-1\" \/>\n<link rel=\"canonical\" href=\"https:\/\/talkpal.ai\/sq\/ushtrimet-e-gramatikes-kroate\/\" \/>\n<meta property=\"og:locale\" content=\"sq_AL\" \/>\n<meta property=\"og:type\" content=\"article\" \/>\n<meta property=\"og:title\" content=\"Ushtrimet e gramatik\u00ebs kroate\" \/>\n<meta property=\"og:description\" content=\"Temat e gramatik\u00ebs kroate Kroatishtja, nj\u00eb gjuh\u00eb sllave jugore, \u00ebsht\u00eb gjuha zyrtare e Kroacis\u00eb dhe nj\u00eb nga gjuh\u00ebt zyrtare t\u00eb Bosnj\u00ebs dhe Hercegovin\u00ebs.\" \/>\n<meta property=\"og:url\" content=\"https:\/\/talkpal.ai\/sq\/ushtrimet-e-gramatikes-kroate\/\" \/>\n<meta property=\"og:site_name\" content=\"Talkpal\" \/>\n<meta property=\"article:publisher\" content=\"https:\/\/www.facebook.com\/profile.php?id=100090733639311\" \/>\n<meta property=\"article:modified_time\" content=\"2025-12-17T16:27:27+00:00\" \/>\n<meta property=\"og:image\" content=\"https:\/\/talkpal.ai\/wp-content\/uploads\/2023\/05\/croatia.png\" \/>\n\t<meta property=\"og:image:width\" content=\"512\" \/>\n\t<meta property=\"og:image:height\" content=\"512\" \/>\n\t<meta property=\"og:image:type\" content=\"image\/png\" \/>\n<meta name=\"twitter:card\" content=\"summary_large_image\" \/>\n<meta name=\"twitter:site\" content=\"@talkpalai\" \/>\n<meta name=\"twitter:label1\" content=\"Est. reading time\" \/>\n\t<meta name=\"twitter:data1\" content=\"3 minutes\" \/>\n<script type=\"application\/ld+json\" class=\"yoast-schema-graph\">{\"@context\":\"https:\/\/schema.org\",\"@graph\":[{\"@type\":\"WebPage\",\"@id\":\"https:\/\/talkpal.ai\/sq\/ushtrimet-e-gramatikes-kroate\/\",\"url\":\"https:\/\/talkpal.ai\/sq\/ushtrimet-e-gramatikes-kroate\/\",\"name\":\"Ushtrimet e gramatik\u00ebs kroate - Talkpal\",\"isPartOf\":{\"@id\":\"https:\/\/talkpal.ai\/sq\/#website\"},\"primaryImageOfPage\":{\"@id\":\"https:\/\/talkpal.ai\/sq\/ushtrimet-e-gramatikes-kroate\/#primaryimage\"},\"image\":{\"@id\":\"https:\/\/talkpal.ai\/sq\/ushtrimet-e-gramatikes-kroate\/#primaryimage\"},\"thumbnailUrl\":\"https:\/\/talkpal.ai\/wp-content\/uploads\/2023\/05\/croatia.png\",\"datePublished\":\"2023-06-16T13:02:09+00:00\",\"dateModified\":\"2025-12-17T16:27:27+00:00\",\"description\":\"Zot\u00ebroni kroatishten me ushtrime efektive t\u00eb gramatik\u00ebs kroate q\u00eb thjeshtojn\u00eb m\u00ebsimin e koh\u00ebve, foljeve dhe emrave p\u00ebr p\u00ebrdoruesit.\",\"breadcrumb\":{\"@id\":\"https:\/\/talkpal.ai\/sq\/ushtrimet-e-gramatikes-kroate\/#breadcrumb\"},\"inLanguage\":\"sq-AL\",\"potentialAction\":[{\"@type\":\"ReadAction\",\"target\":[\"https:\/\/talkpal.ai\/sq\/ushtrimet-e-gramatikes-kroate\/\"]}]},{\"@type\":\"ImageObject\",\"inLanguage\":\"sq-AL\",\"@id\":\"https:\/\/talkpal.ai\/sq\/ushtrimet-e-gramatikes-kroate\/#primaryimage\",\"url\":\"https:\/\/talkpal.ai\/wp-content\/uploads\/2023\/05\/croatia.png\",\"contentUrl\":\"https:\/\/talkpal.ai\/wp-content\/uploads\/2023\/05\/croatia.png\",\"width\":512,\"height\":512,\"caption\":\"TalkPal Croatia Flag\"},{\"@type\":\"BreadcrumbList\",\"@id\":\"https:\/\/talkpal.ai\/sq\/ushtrimet-e-gramatikes-kroate\/#breadcrumb\",\"itemListElement\":[{\"@type\":\"ListItem\",\"position\":1,\"name\":\"Homepage\",\"item\":\"https:\/\/talkpal.ai\/sq\/\"},{\"@type\":\"ListItem\",\"position\":2,\"name\":\"Ushtrimet e gramatik\u00ebs kroate\"}]},{\"@type\":\"WebSite\",\"@id\":\"https:\/\/talkpal.ai\/sq\/#website\",\"url\":\"https:\/\/talkpal.ai\/sq\/\",\"name\":\"Talkpal\",\"description\":\"AI Language Learning\",\"publisher\":{\"@id\":\"https:\/\/talkpal.ai\/sq\/#organization\"},\"alternateName\":\"Talkpal AI\",\"potentialAction\":[{\"@type\":\"SearchAction\",\"target\":{\"@type\":\"EntryPoint\",\"urlTemplate\":\"https:\/\/talkpal.ai\/sq\/?s={search_term_string}\"},\"query-input\":{\"@type\":\"PropertyValueSpecification\",\"valueRequired\":true,\"valueName\":\"search_term_string\"}}],\"inLanguage\":\"sq-AL\"},{\"@type\":\"Organization\",\"@id\":\"https:\/\/talkpal.ai\/sq\/#organization\",\"name\":\"Talkpal, Inc.\",\"alternateName\":\"Talkpal AI\",\"url\":\"https:\/\/talkpal.ai\/sq\/\",\"logo\":{\"@type\":\"ImageObject\",\"inLanguage\":\"sq-AL\",\"@id\":\"https:\/\/talkpal.ai\/sq\/#\/schema\/logo\/image\/\",\"url\":\"https:\/\/talkpal.ai\/wp-content\/uploads\/2024\/03\/Talkpal-Logo-Icon.png\",\"contentUrl\":\"https:\/\/talkpal.ai\/wp-content\/uploads\/2024\/03\/Talkpal-Logo-Icon.png\",\"width\":2880,\"height\":2880,\"caption\":\"Talkpal, Inc.\"},\"image\":{\"@id\":\"https:\/\/talkpal.ai\/sq\/#\/schema\/logo\/image\/\"},\"sameAs\":[\"https:\/\/www.facebook.com\/profile.php?id=100090733639311\",\"https:\/\/x.com\/talkpalai\",\"https:\/\/www.linkedin.com\/company\/talkpal\/\",\"https:\/\/www.youtube.com\/@TalkPal\/\",\"https:\/\/www.tiktok.com\/@talkpal\",\"https:\/\/www.instagram.com\/talkpal_ai\/\",\"https:\/\/www.crunchbase.com\/organization\/talkpal-9cde\",\"https:\/\/www.g2.com\/products\/talkpal-for-business\/\",\"https:\/\/www.trustpilot.com\/review\/talkpal.ai\",\"https:\/\/www.capterra.com\/p\/10006800\/TalkPal\/\"],\"description\":\"Talkpal is a language learning web and mobile education app, powered by the latest AI technologies, that provides engaging experiences to its customers in many different languages to help them improve their language skills. Users can chat about unlimited amount of topics with the app and use other modes to practice their language learning.\",\"email\":\"support@talkpal.ai\",\"legalName\":\"Talkpal, Inc.\",\"foundingDate\":\"2023-04-03\",\"duns\":\"118989042\",\"numberOfEmployees\":{\"@type\":\"QuantitativeValue\",\"minValue\":\"11\",\"maxValue\":\"50\"},\"publishingPrinciples\":\"https:\/\/talkpal.ai\/publishing-principles\/\",\"actionableFeedbackPolicy\":\"https:\/\/talkpal.ai\/actionable-feedback-policy\/\",\"correctionsPolicy\":\"https:\/\/talkpal.ai\/corrections-policy\/\",\"ethicsPolicy\":\"https:\/\/talkpal.ai\/ethics-policy\/\",\"diversityPolicy\":\"https:\/\/talkpal.ai\/diversity-policy\/\",\"diversityStaffingReport\":\"https:\/\/talkpal.ai\/diversity-policy\/\"}]}<\/script>\n<!-- \/ Yoast SEO Premium plugin. -->","yoast_head_json":{"title":"Ushtrimet e gramatik\u00ebs kroate - Talkpal","description":"Zot\u00ebroni kroatishten me ushtrime efektive t\u00eb gramatik\u00ebs kroate q\u00eb thjeshtojn\u00eb m\u00ebsimin e koh\u00ebve, foljeve dhe emrave p\u00ebr p\u00ebrdoruesit.","robots":{"index":"index","follow":"follow","max-snippet":"max-snippet:-1","max-image-preview":"max-image-preview:large","max-video-preview":"max-video-preview:-1"},"canonical":"https:\/\/talkpal.ai\/sq\/ushtrimet-e-gramatikes-kroate\/","og_locale":"sq_AL","og_type":"article","og_title":"Ushtrimet e gramatik\u00ebs kroate","og_description":"Temat e gramatik\u00ebs kroate Kroatishtja, nj\u00eb gjuh\u00eb sllave jugore, \u00ebsht\u00eb gjuha zyrtare e Kroacis\u00eb dhe nj\u00eb nga gjuh\u00ebt zyrtare t\u00eb Bosnj\u00ebs dhe Hercegovin\u00ebs.","og_url":"https:\/\/talkpal.ai\/sq\/ushtrimet-e-gramatikes-kroate\/","og_site_name":"Talkpal","article_publisher":"https:\/\/www.facebook.com\/profile.php?id=100090733639311","article_modified_time":"2025-12-17T16:27:27+00:00","og_image":[{"width":512,"height":512,"url":"https:\/\/talkpal.ai\/wp-content\/uploads\/2023\/05\/croatia.png","type":"image\/png"}],"twitter_card":"summary_large_image","twitter_site":"@talkpalai","twitter_misc":{"Est. reading time":"3 minutes"},"schema":{"@context":"https:\/\/schema.org","@graph":[{"@type":"WebPage","@id":"https:\/\/talkpal.ai\/sq\/ushtrimet-e-gramatikes-kroate\/","url":"https:\/\/talkpal.ai\/sq\/ushtrimet-e-gramatikes-kroate\/","name":"Ushtrimet e gramatik\u00ebs kroate - Talkpal","isPartOf":{"@id":"https:\/\/talkpal.ai\/sq\/#website"},"primaryImageOfPage":{"@id":"https:\/\/talkpal.ai\/sq\/ushtrimet-e-gramatikes-kroate\/#primaryimage"},"image":{"@id":"https:\/\/talkpal.ai\/sq\/ushtrimet-e-gramatikes-kroate\/#primaryimage"},"thumbnailUrl":"https:\/\/talkpal.ai\/wp-content\/uploads\/2023\/05\/croatia.png","datePublished":"2023-06-16T13:02:09+00:00","dateModified":"2025-12-17T16:27:27+00:00","description":"Zot\u00ebroni kroatishten me ushtrime efektive t\u00eb gramatik\u00ebs kroate q\u00eb thjeshtojn\u00eb m\u00ebsimin e koh\u00ebve, foljeve dhe emrave p\u00ebr p\u00ebrdoruesit.","breadcrumb":{"@id":"https:\/\/talkpal.ai\/sq\/ushtrimet-e-gramatikes-kroate\/#breadcrumb"},"inLanguage":"sq-AL","potentialAction":[{"@type":"ReadAction","target":["https:\/\/talkpal.ai\/sq\/ushtrimet-e-gramatikes-kroate\/"]}]},{"@type":"ImageObject","inLanguage":"sq-AL","@id":"https:\/\/talkpal.ai\/sq\/ushtrimet-e-gramatikes-kroate\/#primaryimage","url":"https:\/\/talkpal.ai\/wp-content\/uploads\/2023\/05\/croatia.png","contentUrl":"https:\/\/talkpal.ai\/wp-content\/uploads\/2023\/05\/croatia.png","width":512,"height":512,"caption":"TalkPal Croatia Flag"},{"@type":"BreadcrumbList","@id":"https:\/\/talkpal.ai\/sq\/ushtrimet-e-gramatikes-kroate\/#breadcrumb","itemListElement":[{"@type":"ListItem","position":1,"name":"Homepage","item":"https:\/\/talkpal.ai\/sq\/"},{"@type":"ListItem","position":2,"name":"Ushtrimet e gramatik\u00ebs kroate"}]},{"@type":"WebSite","@id":"https:\/\/talkpal.ai\/sq\/#website","url":"https:\/\/talkpal.ai\/sq\/","name":"Talkpal","description":"AI Language Learning","publisher":{"@id":"https:\/\/talkpal.ai\/sq\/#organization"},"alternateName":"Talkpal AI","potentialAction":[{"@type":"SearchAction","target":{"@type":"EntryPoint","urlTemplate":"https:\/\/talkpal.ai\/sq\/?s={search_term_string}"},"query-input":{"@type":"PropertyValueSpecification","valueRequired":true,"valueName":"search_term_string"}}],"inLanguage":"sq-AL"},{"@type":"Organization","@id":"https:\/\/talkpal.ai\/sq\/#organization","name":"Talkpal, Inc.","alternateName":"Talkpal AI","url":"https:\/\/talkpal.ai\/sq\/","logo":{"@type":"ImageObject","inLanguage":"sq-AL","@id":"https:\/\/talkpal.ai\/sq\/#\/schema\/logo\/image\/","url":"https:\/\/talkpal.ai\/wp-content\/uploads\/2024\/03\/Talkpal-Logo-Icon.png","contentUrl":"https:\/\/talkpal.ai\/wp-content\/uploads\/2024\/03\/Talkpal-Logo-Icon.png","width":2880,"height":2880,"caption":"Talkpal, Inc."},"image":{"@id":"https:\/\/talkpal.ai\/sq\/#\/schema\/logo\/image\/"},"sameAs":["https:\/\/www.facebook.com\/profile.php?id=100090733639311","https:\/\/x.com\/talkpalai","https:\/\/www.linkedin.com\/company\/talkpal\/","https:\/\/www.youtube.com\/@TalkPal\/","https:\/\/www.tiktok.com\/@talkpal","https:\/\/www.instagram.com\/talkpal_ai\/","https:\/\/www.crunchbase.com\/organization\/talkpal-9cde","https:\/\/www.g2.com\/products\/talkpal-for-business\/","https:\/\/www.trustpilot.com\/review\/talkpal.ai","https:\/\/www.capterra.com\/p\/10006800\/TalkPal\/"],"description":"Talkpal is a language learning web and mobile education app, powered by the latest AI technologies, that provides engaging experiences to its customers in many different languages to help them improve their language skills. Users can chat about unlimited amount of topics with the app and use other modes to practice their language learning.","email":"support@talkpal.ai","legalName":"Talkpal, Inc.","foundingDate":"2023-04-03","duns":"118989042","numberOfEmployees":{"@type":"QuantitativeValue","minValue":"11","maxValue":"50"},"publishingPrinciples":"https:\/\/talkpal.ai\/publishing-principles\/","actionableFeedbackPolicy":"https:\/\/talkpal.ai\/actionable-feedback-policy\/","correctionsPolicy":"https:\/\/talkpal.ai\/corrections-policy\/","ethicsPolicy":"https:\/\/talkpal.ai\/ethics-policy\/","diversityPolicy":"https:\/\/talkpal.ai\/diversity-policy\/","diversityStaffingReport":"https:\/\/talkpal.ai\/diversity-policy\/"}]}},"_links":{"self":[{"href":"https:\/\/talkpal.ai\/sq\/wp-json\/wp\/v2\/pages\/1446719","targetHints":{"allow":["GET"]}}],"collection":[{"href":"https:\/\/talkpal.ai\/sq\/wp-json\/wp\/v2\/pages"}],"about":[{"href":"https:\/\/talkpal.ai\/sq\/wp-json\/wp\/v2\/types\/page"}],"author":[{"embeddable":true,"href":"https:\/\/talkpal.ai\/sq\/wp-json\/wp\/v2\/users\/6"}],"replies":[{"embeddable":true,"href":"https:\/\/talkpal.ai\/sq\/wp-json\/wp\/v2\/comments?post=1446719"}],"version-history":[{"count":0,"href":"https:\/\/talkpal.ai\/sq\/wp-json\/wp\/v2\/pages\/1446719\/revisions"}],"wp:featuredmedia":[{"embeddable":true,"href":"https:\/\/talkpal.ai\/sq\/wp-json\/wp\/v2\/media\/1442839"}],"wp:attachment":[{"href":"https:\/\/talkpal.ai\/sq\/wp-json\/wp\/v2\/media?parent=1446719"}],"curies":[{"name":"wp","href":"https:\/\/api.w.org\/{rel}","templated":true}]}}