{"id":1446711,"date":"2023-06-21T14:25:56","date_gmt":"2023-06-21T14:25:56","guid":{"rendered":"https:\/\/talkpal.ai\/ushtrimet-gramatikore-hebraike\/"},"modified":"2025-12-17T16:06:12","modified_gmt":"2025-12-17T16:06:12","slug":"ushtrimet-gramatikore-hebraike","status":"publish","type":"page","link":"https:\/\/talkpal.ai\/sq\/ushtrimet-gramatikore-hebraike\/","title":{"rendered":"Ushtrimet gramatikore hebraike"},"content":{"rendered":"\r\n\r\n\r\n<section class=\"languageChallengeSection\">\r\n    <div class=\"languageInfoWrapper\">\r\n        \r\n        <h1>Ushtrimet gramatikore hebraike<\/h1>\r\n        <p>Gati p\u00ebr t&#039;u zhytur n\u00eb gramatik\u00ebn hebraike? K\u00ebto ushtrime t\u00eb thjeshta do t&#039;ju ndihmojn\u00eb t\u00eb rehatoheni me bazat dhe t\u00eb nd\u00ebrtoni besimin tuaj nd\u00ebrsa m\u00ebsoni k\u00ebt\u00eb gjuh\u00eb t\u00eb bukur.<\/p>\r\n\r\n                            <a class=\"getStartedHidden\" href=\"https:\/\/app.talkpal.ai\/signup?lng=\">Filloni<\/a>\r\n        \r\n    <\/div>\r\n\r\n    <figure>\r\n    <img decoding=\"async\" width=\"768\" height=\"768\" src=\"https:\/\/talkpal.ai\/wp-content\/uploads\/2023\/06\/hebrew-768x768.png\" class=\"languageImage no-lazy\" alt=\"Language learning for proficient communication\" fetchpriority=\"high\" sizes=\"(max-width: 768px) 150px, 768px\" srcset=\"https:\/\/talkpal.ai\/wp-content\/uploads\/2023\/06\/hebrew-768x768.png 768w, https:\/\/talkpal.ai\/wp-content\/uploads\/2023\/06\/hebrew-300x300.png 300w\" \/>\r\n    \r\n\r\n    <\/figure>\r\n\r\n            <a class=\"getStartedVisible\" href=\"https:\/\/app.talkpal.ai\/signup?lng=\">Filloni<\/a>\r\n    \r\n<\/section>\r\n\r\n\r\n<!-- <section class=\"grammarSection\">\r\n    <div class=\"grammarLinks\">\r\n            <\/div>\r\n<\/section> -->\r\n\r\n\r\n\r\n\r\n<section class=\"promotionalBanner\">\r\n    <p class=\"promotionalText\">M\u00ebnyra m\u00eb efikase p\u00ebr t\u00eb m\u00ebsuar nj\u00eb gjuh\u00eb<\/p>\r\n    <a class=\"promotionalLink\" href=\"https:\/\/app.talkpal.ai\/signup?lng=\">Provoni Talkpal falas<\/a>\r\n<\/section>\n<div class=\"wp-block-group pageContainerStyle\"><div class=\"wp-block-group__inner-container is-layout-constrained wp-block-group-is-layout-constrained\">\n<h2 class=\"wp-block-heading\" id=\"h-hebrew-grammar-topics\">Temat e gramatik\u00ebs hebraike<\/h2>\n\n\n\n<p>Hebraishtja \u00ebsht\u00eb nj\u00eb gjuh\u00eb magjeps\u00ebse dhe e lasht\u00eb q\u00eb ka nj\u00eb r\u00ebnd\u00ebsi t\u00eb madhe historike dhe kulturore. Si nj\u00eb nga gjuh\u00ebt m\u00eb t\u00eb vjetra n\u00eb bot\u00eb, ajo ka evoluar dhe p\u00ebrshtatur me kalimin e koh\u00ebs, duke e b\u00ebr\u00eb at\u00eb nj\u00eb gjuh\u00eb sfiduese dhe shp\u00ebrblyese p\u00ebr t&#8217;u m\u00ebsuar. Pavar\u00ebsisht n\u00ebse jeni duke m\u00ebsuar <a href=\"https:\/\/talkpal.ai\/learn-hebrew\/\">hebraisht<\/a> p\u00ebr arsye fetare, p\u00ebr t&#8217;u lidhur me trash\u00ebgimin\u00eb tuaj ose thjesht p\u00ebr rritje personale, t\u00eb kuptuarit e gramatik\u00ebs \u00ebsht\u00eb thelb\u00ebsor p\u00ebr komunikim efektiv. N\u00eb k\u00ebt\u00eb udh\u00ebzues, ne do t\u00eb shqyrtojm\u00eb temat kryesore t\u00eb gramatik\u00ebs hebraike q\u00eb duhet t\u00eb zot\u00ebroni n\u00eb nj\u00eb sekuenc\u00eb logjike, duke ofruar nj\u00eb baz\u00eb solide p\u00ebr udh\u00ebtimin tuaj t\u00eb m\u00ebsimit t\u00eb gjuh\u00ebs.<\/p>\n\n\n\n<h3 class=\"wp-block-heading\" id=\"h-1-nouns\">1. Emrat:<\/h3>\n\n\n\n<p>Si blloqet nd\u00ebrtuese t\u00eb \u00e7do gjuhe, t\u00eb kuptuarit e emrave hebraik\u00eb \u00ebsht\u00eb thelb\u00ebsor. Emrat n\u00eb hebraisht kan\u00eb gjini (mashkullore ose fem\u00ebrore) dhe num\u00ebr (nj\u00ebj\u00ebs, shum\u00ebs dhe ndonj\u00ebher\u00eb dyfish). M\u00ebsimi i modeleve p\u00ebr marr\u00ebveshjen e gjinis\u00eb dhe numrave do t&#8217;ju ndihmoj\u00eb t\u00eb formoni fjali baz\u00eb dhe t\u00eb kuptoni struktur\u00ebn gjuh\u00ebsore.<\/p>\n\n\n\n<h3 class=\"wp-block-heading\" id=\"h-2-articles\">2. Artikujt:<\/h3>\n\n\n\n<p>Hebraishtja ka nj\u00eb artikull t\u00eb caktuar, &#8220;\u05d4&#8221; (ha), i cili \u00ebsht\u00eb bashkangjitur n\u00eb fillim t\u00eb nj\u00eb emri p\u00ebr t\u00eb treguar se \u00ebsht\u00eb specifik ose i njohur. Nuk ka artikull t\u00eb pacaktuar n\u00eb hebraisht, k\u00ebshtu q\u00eb t\u00eb m\u00ebsosh se kur dhe si t\u00eb p\u00ebrdor\u00ebsh artikullin e caktuar \u00ebsht\u00eb thelb\u00ebsor p\u00ebr komunikimin e duhur.<\/p>\n\n\n\n<h3 class=\"wp-block-heading\" id=\"h-3-adjectives\">3. Mbiemra:<\/h3>\n\n\n\n<p>Mbiemrat hebraik, si emrat, kan\u00eb marr\u00ebveshje gjinore. Ata ndjekin emrin q\u00eb modifikojn\u00eb dhe duhet t\u00eb bien dakord n\u00eb gjini dhe num\u00ebr. T\u00eb kuptuarit e modeleve dhe rregullave p\u00ebr marr\u00ebveshjen e mbiemrave do t&#8217;ju ndihmoj\u00eb t\u00eb p\u00ebrshkruani me sakt\u00ebsi objektet dhe idet\u00eb n\u00eb hebraisht.<\/p>\n\n\n\n<h3 class=\"wp-block-heading\" id=\"h-4-pronouns-determiners\">4. P\u00ebremrat\/p\u00ebrcaktuesit:<\/h3>\n\n\n\n<p>P\u00ebremrat z\u00ebvend\u00ebsojn\u00eb emrat n\u00eb fjali, nd\u00ebrsa p\u00ebrcaktuesit i specifikojn\u00eb ose i p\u00ebrcaktojn\u00eb ato. T\u00eb dyja luajn\u00eb nj\u00eb rol vendimtar p\u00ebr ta b\u00ebr\u00eb hebraishten tuaj m\u00eb t\u00eb rrjedhshme dhe t\u00eb natyrshme. Zot\u00ebrimi i p\u00ebremrave t\u00eb ndrysh\u00ebm (subjekt, objekt, posesiv) dhe p\u00ebrcaktuesve (demonstrativ, pyet\u00ebs, t\u00eb pacaktuar) do t&#8217;ju ndihmoj\u00eb t\u00eb krijoni fjali m\u00eb komplekse dhe t\u00eb p\u00ebrcillni idet\u00eb tuaja n\u00eb m\u00ebnyr\u00eb m\u00eb efektive.<\/p>\n\n\n\n<h3 class=\"wp-block-heading\" id=\"h-5-verbs\">5. Foljet:<\/h3>\n\n\n\n<p>Foljet hebraike jan\u00eb n\u00eb thelb t\u00eb gramatik\u00ebs s\u00eb gjuh\u00ebs. Ato bazohen n\u00eb nj\u00eb sistem rr\u00ebnjor t\u00eb p\u00ebrb\u00ebr\u00eb nga tre ose kat\u00ebr bashk\u00ebting\u00ebllore dhe jan\u00eb t\u00eb konjuguara sipas koh\u00ebs, personit, gjinis\u00eb dhe numrit. Njohja me format dhe koh\u00ebt e ndryshme t\u00eb foljeve do t&#8217;ju lejoj\u00eb t\u00eb shprehni veprimet dhe gjendjet n\u00eb m\u00ebnyr\u00eb efektive.<\/p>\n\n\n\n<h3 class=\"wp-block-heading\" id=\"h-6-tenses\">6. Koh\u00ebt:<\/h3>\n\n\n\n<p>Hebraishtja ka tre koh\u00eb kryesore: e kaluara, e tashmja dhe e ardhmja. \u00c7do koh\u00eb ka rregulla specifike t\u00eb konjugimit q\u00eb varen nga rr\u00ebnja e foljes dhe gjinia dhe numri i subjektit. Kuptimi i k\u00ebtyre rregullave do t&#8217;ju mund\u00ebsoj\u00eb t\u00eb p\u00ebrcillni me sakt\u00ebsi koh\u00ebn e veprimeve.<\/p>\n\n\n\n<h3 class=\"wp-block-heading\" id=\"h-7-tense-comparison\">7. Krahasimi i tensionit:<\/h3>\n\n\n\n<p>\u00cbsht\u00eb thelb\u00ebsore t\u00eb dini se kur dhe si t\u00eb p\u00ebrdorni \u00e7do koh\u00eb hebraike p\u00ebr t\u00eb komunikuar n\u00eb m\u00ebnyr\u00eb efektive. Krahasimi dhe kontrastimi i koh\u00ebve t\u00eb ndryshme do t&#8217;ju ndihmoj\u00eb t\u00eb kuptoni nuancat e gjuh\u00ebs dhe do t&#8217;ju lejoj\u00eb t\u00eb shpreheni m\u00eb sakt\u00ebsisht.<\/p>\n\n\n\n<h3 class=\"wp-block-heading\" id=\"h-8-progressive-and-perfect-progressive\">8. Progresiv dhe progresiv i p\u00ebrsosur:<\/h3>\n\n\n\n<p>K\u00ebto forma foljesh p\u00ebrdoren p\u00ebr t\u00eb treguar veprimet e vazhdueshme ose t\u00eb p\u00ebrfunduara. Forma progresive p\u00ebrdoret p\u00ebr veprime q\u00eb jan\u00eb ende n\u00eb vazhdim, nd\u00ebrsa progresi i p\u00ebrsosur thekson p\u00ebrfundimin e nj\u00eb veprimi. Kuptimi i k\u00ebtyre formave do t\u00eb rris\u00eb aft\u00ebsin\u00eb tuaj p\u00ebr t\u00eb shprehur ide dhe veprime komplekse.<\/p>\n\n\n\n<h3 class=\"wp-block-heading\" id=\"h-9-adverbs\">9. Ndajfoljet:<\/h3>\n\n\n\n<p>Ndajfoljet modifikojn\u00eb foljet, mbiemrat ose ndajfoljet e tjera, duke ofruar informacion shtes\u00eb n\u00eb lidhje me veprimin ose cil\u00ebsin\u00eb q\u00eb p\u00ebrshkruhet. M\u00ebsimi i llojeve t\u00eb ndryshme t\u00eb ndajfoljeve hebraike dhe si t&#8217;i p\u00ebrdorni ato n\u00eb m\u00ebnyr\u00eb korrekte do t&#8217;i shtoj\u00eb shum\u00ebllojshm\u00ebri dhe thell\u00ebsi aft\u00ebsive tuaja gjuh\u00ebsore.<\/p>\n\n\n\n<h3 class=\"wp-block-heading\" id=\"h-10-prepositions\">10. Parafjal\u00ebt:<\/h3>\n\n\n\n<p>Parafjal\u00ebt lidhin emrat, p\u00ebremrat ose fjal\u00eb t\u00eb tjera p\u00ebr t\u00eb treguar marr\u00ebdh\u00ebniet n\u00eb koh\u00eb, vend ose kontekste t\u00eb tjera. Zot\u00ebrimi i parafjal\u00ebve hebraike do t&#8217;ju ndihmoj\u00eb t\u00eb krijoni fjali m\u00eb komplekse dhe t\u00eb shprehni marr\u00ebdh\u00ebniet midis ideve m\u00eb qart\u00eb.<\/p>\n\n\n\n<h3 class=\"wp-block-heading\" id=\"h-11-conditionals\">11. Kusht\u00ebzuese:<\/h3>\n\n\n\n<p>Kusht\u00ebzimet hebraike p\u00ebrdoren p\u00ebr t\u00eb shprehur situata hipotetike dhe pasojat e <a href=\"https:\/\/talkpal.ai\/locations\/language-courses-in-tyre\/\">tyre<\/a>. M\u00ebsimi i strukturave t\u00eb ndryshme t\u00eb kusht\u00ebzuara (n\u00ebse\/pastaj deklaratat) do t&#8217;ju mund\u00ebsoj\u00eb t\u00eb komunikoni n\u00eb m\u00ebnyr\u00eb efektive n\u00eb situata hipotetike ose t\u00eb pasigurta.<\/p>\n\n\n\n<h3 class=\"wp-block-heading\" id=\"h-12-sentences\">12. Fjalit\u00eb:<\/h3>\n\n\n\n<p>S\u00eb fundi, bashkimi i t\u00eb gjith\u00eb komponent\u00ebve <a href=\"https:\/\/talkpal.ai\/grammar\/\">gramatik\u00eb<\/a> p\u00ebr t\u00eb formuar fjali t\u00eb plota dhe koherente \u00ebsht\u00eb q\u00ebllimi p\u00ebrfundimtar i m\u00ebsimit t\u00eb hebraishtes. Praktikoni kombinimin e emrave, foljeve, mbiemrave dhe element\u00ebve t\u00eb tjer\u00eb p\u00ebr t\u00eb krijuar fjali q\u00eb p\u00ebrcjellin me sakt\u00ebsi mendimet dhe idet\u00eb tuaja n\u00eb gjuh\u00ebn hebraike.<\/p>\n<\/div><\/div>\n\r\n<section class=\"learnNavigationSection\">\r\n            \r\n        <a href=\"https:\/\/talkpal.ai\/sq\/meso-hebraishten\/\">\r\n            <div class=\"learnNavigationWrapper\">\r\n                <div class=\"learnNavigationContent\">\r\n                    <img decoding=\"async\" src=\"https:\/\/talkpal.ai\/wp-content\/uploads\/2024\/08\/Hebrew.jpg\" alt=\"Israel Flag\">\r\n                    <div>\r\n                        <h4>Rreth m\u00ebsimit t\u00eb hebraishtes<\/h4>\r\n                        <p>M\u00ebsoni gjith\u00e7ka rreth gramatik\u00ebs hebraike.<\/p>\r\n                    <\/div>\r\n                <\/div>\r\n            <\/div>\r\n        <\/a>\r\n\r\n        \r\n        <a href=\"https:\/\/talkpal.ai\/sq\/gramatika-hebraike\/\">\r\n            <div class=\"learnNavigationWrapper\">\r\n                <div class=\"learnNavigationContent\">\r\n                    <img decoding=\"async\" src=\"https:\/\/talkpal.ai\/wp-content\/uploads\/2024\/08\/Hebrew.jpg\" alt=\"Israel Flag\">\r\n                    <div>\r\n                        <h4>M\u00ebsime t\u00eb gramatik\u00ebs hebraike<\/h4>\r\n                        <p>Praktikoni gramatik\u00ebn hebraike.<\/p>\r\n                    <\/div>\r\n                <\/div>\r\n            <\/div>\r\n        <\/a>\r\n\r\n        \r\n        <a href=\"https:\/\/talkpal.ai\/vocabulary_language\/hebrew\/\">\r\n            <div class=\"learnNavigationWrapper\">\r\n                <div class=\"learnNavigationContent\">\r\n                    <img decoding=\"async\" src=\"https:\/\/talkpal.ai\/wp-content\/uploads\/2024\/08\/Hebrew.jpg\" alt=\"Israel Flag\">\r\n                    <div>\r\n                        <h4>Fjalori hebraik<\/h4>\r\n                        <p>Zgjeroni fjalorin tuaj hebraik.<\/p>\r\n                    <\/div>\r\n                <\/div>\r\n            <\/div>\r\n        <\/a>\r\n\r\n            <\/section>","protected":false},"excerpt":{"rendered":"<p>Temat e gramatik\u00ebs hebraike Hebraishtja \u00ebsht\u00eb nj\u00eb gjuh\u00eb magjeps\u00ebse dhe e lasht\u00eb q\u00eb ka nj\u00eb r\u00ebnd\u00ebsi t\u00eb madhe historike dhe kulturore. Si nj\u00eb nga gjuh\u00ebt m\u00eb t\u00eb vjetra n\u00eb bot\u00eb, ajo ka evoluar dhe p\u00ebrshtatur me kalimin e koh\u00ebs, duke e b\u00ebr\u00eb at\u00eb nj\u00eb gjuh\u00eb sfiduese dhe shp\u00ebrblyese p\u00ebr t&#8217;u m\u00ebsuar. Pavar\u00ebsisht n\u00ebse jeni duke [&hellip;]<\/p>\n","protected":false},"author":6,"featured_media":1442844,"parent":0,"menu_order":0,"comment_status":"closed","ping_status":"closed","template":"LearningContentPage.php","meta":{"_acf_changed":false,"footnotes":""},"class_list":["post-1446711","page","type-page","status-publish","has-post-thumbnail","hentry"],"acf":[],"yoast_head":"<!-- This site is optimized with the Yoast SEO Premium plugin v27.2 (Yoast SEO v27.2) - https:\/\/yoast.com\/product\/yoast-seo-premium-wordpress\/ -->\n<title>Ushtrimet gramatikore hebraike - Talkpal<\/title>\n<meta name=\"description\" content=\"Rritni gramatik\u00ebn tuaj hebraike - angazhohuni n\u00eb ushtrime t\u00eb qarta dhe praktike p\u00ebr t\u00eb forcuar leht\u00ebsisht aft\u00ebsit\u00eb tuaja gjuh\u00ebsore me TalkPal AI.\" \/>\n<meta name=\"robots\" content=\"index, follow, max-snippet:-1, max-image-preview:large, max-video-preview:-1\" \/>\n<link rel=\"canonical\" href=\"https:\/\/talkpal.ai\/sq\/ushtrimet-gramatikore-hebraike\/\" \/>\n<meta property=\"og:locale\" content=\"sq_AL\" \/>\n<meta property=\"og:type\" content=\"article\" \/>\n<meta property=\"og:title\" content=\"Ushtrimet gramatikore hebraike\" \/>\n<meta property=\"og:description\" content=\"Temat e gramatik\u00ebs hebraike Hebraishtja \u00ebsht\u00eb nj\u00eb gjuh\u00eb magjeps\u00ebse dhe e lasht\u00eb q\u00eb ka nj\u00eb r\u00ebnd\u00ebsi t\u00eb madhe historike dhe kulturore. Si nj\u00eb nga gjuh\u00ebt m\u00eb\" \/>\n<meta property=\"og:url\" content=\"https:\/\/talkpal.ai\/sq\/ushtrimet-gramatikore-hebraike\/\" \/>\n<meta property=\"og:site_name\" content=\"Talkpal\" \/>\n<meta property=\"article:publisher\" content=\"https:\/\/www.facebook.com\/profile.php?id=100090733639311\" \/>\n<meta property=\"article:modified_time\" content=\"2025-12-17T16:06:12+00:00\" \/>\n<meta property=\"og:image\" content=\"https:\/\/talkpal.ai\/wp-content\/uploads\/2023\/05\/israel.png\" \/>\n\t<meta property=\"og:image:width\" content=\"512\" \/>\n\t<meta property=\"og:image:height\" content=\"512\" \/>\n\t<meta property=\"og:image:type\" content=\"image\/png\" \/>\n<meta name=\"twitter:card\" content=\"summary_large_image\" \/>\n<meta name=\"twitter:site\" content=\"@talkpalai\" \/>\n<meta name=\"twitter:label1\" content=\"Est. reading time\" \/>\n\t<meta name=\"twitter:data1\" content=\"4 minutes\" \/>\n<script type=\"application\/ld+json\" class=\"yoast-schema-graph\">{\"@context\":\"https:\/\/schema.org\",\"@graph\":[{\"@type\":\"WebPage\",\"@id\":\"https:\/\/talkpal.ai\/sq\/ushtrimet-gramatikore-hebraike\/\",\"url\":\"https:\/\/talkpal.ai\/sq\/ushtrimet-gramatikore-hebraike\/\",\"name\":\"Ushtrimet gramatikore hebraike - Talkpal\",\"isPartOf\":{\"@id\":\"https:\/\/talkpal.ai\/sq\/#website\"},\"primaryImageOfPage\":{\"@id\":\"https:\/\/talkpal.ai\/sq\/ushtrimet-gramatikore-hebraike\/#primaryimage\"},\"image\":{\"@id\":\"https:\/\/talkpal.ai\/sq\/ushtrimet-gramatikore-hebraike\/#primaryimage\"},\"thumbnailUrl\":\"https:\/\/talkpal.ai\/wp-content\/uploads\/2023\/05\/israel.png\",\"datePublished\":\"2023-06-21T14:25:56+00:00\",\"dateModified\":\"2025-12-17T16:06:12+00:00\",\"description\":\"Rritni gramatik\u00ebn tuaj hebraike - angazhohuni n\u00eb ushtrime t\u00eb qarta dhe praktike p\u00ebr t\u00eb forcuar leht\u00ebsisht aft\u00ebsit\u00eb tuaja gjuh\u00ebsore me TalkPal AI.\",\"breadcrumb\":{\"@id\":\"https:\/\/talkpal.ai\/sq\/ushtrimet-gramatikore-hebraike\/#breadcrumb\"},\"inLanguage\":\"sq-AL\",\"potentialAction\":[{\"@type\":\"ReadAction\",\"target\":[\"https:\/\/talkpal.ai\/sq\/ushtrimet-gramatikore-hebraike\/\"]}]},{\"@type\":\"ImageObject\",\"inLanguage\":\"sq-AL\",\"@id\":\"https:\/\/talkpal.ai\/sq\/ushtrimet-gramatikore-hebraike\/#primaryimage\",\"url\":\"https:\/\/talkpal.ai\/wp-content\/uploads\/2023\/05\/israel.png\",\"contentUrl\":\"https:\/\/talkpal.ai\/wp-content\/uploads\/2023\/05\/israel.png\",\"width\":512,\"height\":512,\"caption\":\"TalkPal Israel Flag\"},{\"@type\":\"BreadcrumbList\",\"@id\":\"https:\/\/talkpal.ai\/sq\/ushtrimet-gramatikore-hebraike\/#breadcrumb\",\"itemListElement\":[{\"@type\":\"ListItem\",\"position\":1,\"name\":\"Homepage\",\"item\":\"https:\/\/talkpal.ai\/sq\/\"},{\"@type\":\"ListItem\",\"position\":2,\"name\":\"Ushtrimet gramatikore hebraike\"}]},{\"@type\":\"WebSite\",\"@id\":\"https:\/\/talkpal.ai\/sq\/#website\",\"url\":\"https:\/\/talkpal.ai\/sq\/\",\"name\":\"Talkpal\",\"description\":\"AI Language Learning\",\"publisher\":{\"@id\":\"https:\/\/talkpal.ai\/sq\/#organization\"},\"alternateName\":\"Talkpal AI\",\"potentialAction\":[{\"@type\":\"SearchAction\",\"target\":{\"@type\":\"EntryPoint\",\"urlTemplate\":\"https:\/\/talkpal.ai\/sq\/?s={search_term_string}\"},\"query-input\":{\"@type\":\"PropertyValueSpecification\",\"valueRequired\":true,\"valueName\":\"search_term_string\"}}],\"inLanguage\":\"sq-AL\"},{\"@type\":\"Organization\",\"@id\":\"https:\/\/talkpal.ai\/sq\/#organization\",\"name\":\"Talkpal, Inc.\",\"alternateName\":\"Talkpal AI\",\"url\":\"https:\/\/talkpal.ai\/sq\/\",\"logo\":{\"@type\":\"ImageObject\",\"inLanguage\":\"sq-AL\",\"@id\":\"https:\/\/talkpal.ai\/sq\/#\/schema\/logo\/image\/\",\"url\":\"https:\/\/talkpal.ai\/wp-content\/uploads\/2024\/03\/Talkpal-Logo-Icon.png\",\"contentUrl\":\"https:\/\/talkpal.ai\/wp-content\/uploads\/2024\/03\/Talkpal-Logo-Icon.png\",\"width\":2880,\"height\":2880,\"caption\":\"Talkpal, Inc.\"},\"image\":{\"@id\":\"https:\/\/talkpal.ai\/sq\/#\/schema\/logo\/image\/\"},\"sameAs\":[\"https:\/\/www.facebook.com\/profile.php?id=100090733639311\",\"https:\/\/x.com\/talkpalai\",\"https:\/\/www.linkedin.com\/company\/talkpal\/\",\"https:\/\/www.youtube.com\/@TalkPal\/\",\"https:\/\/www.tiktok.com\/@talkpal\",\"https:\/\/www.instagram.com\/talkpal_ai\/\",\"https:\/\/www.crunchbase.com\/organization\/talkpal-9cde\",\"https:\/\/www.g2.com\/products\/talkpal-for-business\/\",\"https:\/\/www.trustpilot.com\/review\/talkpal.ai\",\"https:\/\/www.capterra.com\/p\/10006800\/TalkPal\/\"],\"description\":\"Talkpal is a language learning web and mobile education app, powered by the latest AI technologies, that provides engaging experiences to its customers in many different languages to help them improve their language skills. Users can chat about unlimited amount of topics with the app and use other modes to practice their language learning.\",\"email\":\"support@talkpal.ai\",\"legalName\":\"Talkpal, Inc.\",\"foundingDate\":\"2023-04-03\",\"duns\":\"118989042\",\"numberOfEmployees\":{\"@type\":\"QuantitativeValue\",\"minValue\":\"11\",\"maxValue\":\"50\"},\"publishingPrinciples\":\"https:\/\/talkpal.ai\/publishing-principles\/\",\"actionableFeedbackPolicy\":\"https:\/\/talkpal.ai\/actionable-feedback-policy\/\",\"correctionsPolicy\":\"https:\/\/talkpal.ai\/corrections-policy\/\",\"ethicsPolicy\":\"https:\/\/talkpal.ai\/ethics-policy\/\",\"diversityPolicy\":\"https:\/\/talkpal.ai\/diversity-policy\/\",\"diversityStaffingReport\":\"https:\/\/talkpal.ai\/diversity-policy\/\"}]}<\/script>\n<!-- \/ Yoast SEO Premium plugin. -->","yoast_head_json":{"title":"Ushtrimet gramatikore hebraike - Talkpal","description":"Rritni gramatik\u00ebn tuaj hebraike - angazhohuni n\u00eb ushtrime t\u00eb qarta dhe praktike p\u00ebr t\u00eb forcuar leht\u00ebsisht aft\u00ebsit\u00eb tuaja gjuh\u00ebsore me TalkPal AI.","robots":{"index":"index","follow":"follow","max-snippet":"max-snippet:-1","max-image-preview":"max-image-preview:large","max-video-preview":"max-video-preview:-1"},"canonical":"https:\/\/talkpal.ai\/sq\/ushtrimet-gramatikore-hebraike\/","og_locale":"sq_AL","og_type":"article","og_title":"Ushtrimet gramatikore hebraike","og_description":"Temat e gramatik\u00ebs hebraike Hebraishtja \u00ebsht\u00eb nj\u00eb gjuh\u00eb magjeps\u00ebse dhe e lasht\u00eb q\u00eb ka nj\u00eb r\u00ebnd\u00ebsi t\u00eb madhe historike dhe kulturore. Si nj\u00eb nga gjuh\u00ebt m\u00eb","og_url":"https:\/\/talkpal.ai\/sq\/ushtrimet-gramatikore-hebraike\/","og_site_name":"Talkpal","article_publisher":"https:\/\/www.facebook.com\/profile.php?id=100090733639311","article_modified_time":"2025-12-17T16:06:12+00:00","og_image":[{"width":512,"height":512,"url":"https:\/\/talkpal.ai\/wp-content\/uploads\/2023\/05\/israel.png","type":"image\/png"}],"twitter_card":"summary_large_image","twitter_site":"@talkpalai","twitter_misc":{"Est. reading time":"4 minutes"},"schema":{"@context":"https:\/\/schema.org","@graph":[{"@type":"WebPage","@id":"https:\/\/talkpal.ai\/sq\/ushtrimet-gramatikore-hebraike\/","url":"https:\/\/talkpal.ai\/sq\/ushtrimet-gramatikore-hebraike\/","name":"Ushtrimet gramatikore hebraike - Talkpal","isPartOf":{"@id":"https:\/\/talkpal.ai\/sq\/#website"},"primaryImageOfPage":{"@id":"https:\/\/talkpal.ai\/sq\/ushtrimet-gramatikore-hebraike\/#primaryimage"},"image":{"@id":"https:\/\/talkpal.ai\/sq\/ushtrimet-gramatikore-hebraike\/#primaryimage"},"thumbnailUrl":"https:\/\/talkpal.ai\/wp-content\/uploads\/2023\/05\/israel.png","datePublished":"2023-06-21T14:25:56+00:00","dateModified":"2025-12-17T16:06:12+00:00","description":"Rritni gramatik\u00ebn tuaj hebraike - angazhohuni n\u00eb ushtrime t\u00eb qarta dhe praktike p\u00ebr t\u00eb forcuar leht\u00ebsisht aft\u00ebsit\u00eb tuaja gjuh\u00ebsore me TalkPal AI.","breadcrumb":{"@id":"https:\/\/talkpal.ai\/sq\/ushtrimet-gramatikore-hebraike\/#breadcrumb"},"inLanguage":"sq-AL","potentialAction":[{"@type":"ReadAction","target":["https:\/\/talkpal.ai\/sq\/ushtrimet-gramatikore-hebraike\/"]}]},{"@type":"ImageObject","inLanguage":"sq-AL","@id":"https:\/\/talkpal.ai\/sq\/ushtrimet-gramatikore-hebraike\/#primaryimage","url":"https:\/\/talkpal.ai\/wp-content\/uploads\/2023\/05\/israel.png","contentUrl":"https:\/\/talkpal.ai\/wp-content\/uploads\/2023\/05\/israel.png","width":512,"height":512,"caption":"TalkPal Israel Flag"},{"@type":"BreadcrumbList","@id":"https:\/\/talkpal.ai\/sq\/ushtrimet-gramatikore-hebraike\/#breadcrumb","itemListElement":[{"@type":"ListItem","position":1,"name":"Homepage","item":"https:\/\/talkpal.ai\/sq\/"},{"@type":"ListItem","position":2,"name":"Ushtrimet gramatikore hebraike"}]},{"@type":"WebSite","@id":"https:\/\/talkpal.ai\/sq\/#website","url":"https:\/\/talkpal.ai\/sq\/","name":"Talkpal","description":"AI Language Learning","publisher":{"@id":"https:\/\/talkpal.ai\/sq\/#organization"},"alternateName":"Talkpal AI","potentialAction":[{"@type":"SearchAction","target":{"@type":"EntryPoint","urlTemplate":"https:\/\/talkpal.ai\/sq\/?s={search_term_string}"},"query-input":{"@type":"PropertyValueSpecification","valueRequired":true,"valueName":"search_term_string"}}],"inLanguage":"sq-AL"},{"@type":"Organization","@id":"https:\/\/talkpal.ai\/sq\/#organization","name":"Talkpal, Inc.","alternateName":"Talkpal AI","url":"https:\/\/talkpal.ai\/sq\/","logo":{"@type":"ImageObject","inLanguage":"sq-AL","@id":"https:\/\/talkpal.ai\/sq\/#\/schema\/logo\/image\/","url":"https:\/\/talkpal.ai\/wp-content\/uploads\/2024\/03\/Talkpal-Logo-Icon.png","contentUrl":"https:\/\/talkpal.ai\/wp-content\/uploads\/2024\/03\/Talkpal-Logo-Icon.png","width":2880,"height":2880,"caption":"Talkpal, Inc."},"image":{"@id":"https:\/\/talkpal.ai\/sq\/#\/schema\/logo\/image\/"},"sameAs":["https:\/\/www.facebook.com\/profile.php?id=100090733639311","https:\/\/x.com\/talkpalai","https:\/\/www.linkedin.com\/company\/talkpal\/","https:\/\/www.youtube.com\/@TalkPal\/","https:\/\/www.tiktok.com\/@talkpal","https:\/\/www.instagram.com\/talkpal_ai\/","https:\/\/www.crunchbase.com\/organization\/talkpal-9cde","https:\/\/www.g2.com\/products\/talkpal-for-business\/","https:\/\/www.trustpilot.com\/review\/talkpal.ai","https:\/\/www.capterra.com\/p\/10006800\/TalkPal\/"],"description":"Talkpal is a language learning web and mobile education app, powered by the latest AI technologies, that provides engaging experiences to its customers in many different languages to help them improve their language skills. Users can chat about unlimited amount of topics with the app and use other modes to practice their language learning.","email":"support@talkpal.ai","legalName":"Talkpal, Inc.","foundingDate":"2023-04-03","duns":"118989042","numberOfEmployees":{"@type":"QuantitativeValue","minValue":"11","maxValue":"50"},"publishingPrinciples":"https:\/\/talkpal.ai\/publishing-principles\/","actionableFeedbackPolicy":"https:\/\/talkpal.ai\/actionable-feedback-policy\/","correctionsPolicy":"https:\/\/talkpal.ai\/corrections-policy\/","ethicsPolicy":"https:\/\/talkpal.ai\/ethics-policy\/","diversityPolicy":"https:\/\/talkpal.ai\/diversity-policy\/","diversityStaffingReport":"https:\/\/talkpal.ai\/diversity-policy\/"}]}},"_links":{"self":[{"href":"https:\/\/talkpal.ai\/sq\/wp-json\/wp\/v2\/pages\/1446711","targetHints":{"allow":["GET"]}}],"collection":[{"href":"https:\/\/talkpal.ai\/sq\/wp-json\/wp\/v2\/pages"}],"about":[{"href":"https:\/\/talkpal.ai\/sq\/wp-json\/wp\/v2\/types\/page"}],"author":[{"embeddable":true,"href":"https:\/\/talkpal.ai\/sq\/wp-json\/wp\/v2\/users\/6"}],"replies":[{"embeddable":true,"href":"https:\/\/talkpal.ai\/sq\/wp-json\/wp\/v2\/comments?post=1446711"}],"version-history":[{"count":0,"href":"https:\/\/talkpal.ai\/sq\/wp-json\/wp\/v2\/pages\/1446711\/revisions"}],"wp:featuredmedia":[{"embeddable":true,"href":"https:\/\/talkpal.ai\/sq\/wp-json\/wp\/v2\/media\/1442844"}],"wp:attachment":[{"href":"https:\/\/talkpal.ai\/sq\/wp-json\/wp\/v2\/media?parent=1446711"}],"curies":[{"name":"wp","href":"https:\/\/api.w.org\/{rel}","templated":true}]}}