{"id":1446708,"date":"2023-06-21T14:01:18","date_gmt":"2023-06-21T14:01:18","guid":{"rendered":"https:\/\/talkpal.ai\/ushtrime-gramatikore-galiciane\/"},"modified":"2025-12-17T16:03:29","modified_gmt":"2025-12-17T16:03:29","slug":"ushtrime-gramatikore-galiciane","status":"publish","type":"page","link":"https:\/\/talkpal.ai\/sq\/ushtrime-gramatikore-galiciane\/","title":{"rendered":"Ushtrime gramatikore galiciane"},"content":{"rendered":"\r\n\r\n\r\n<section class=\"languageChallengeSection\">\r\n    <div class=\"languageInfoWrapper\">\r\n        \r\n        <h1>Ushtrime gramatikore galiciane<\/h1>\r\n        <p>Po k\u00ebrkoni t\u00eb rrisni aft\u00ebsit\u00eb tuaja n\u00eb gjuh\u00ebn galiciane? Praktikimi i ushtrimeve gramatikore \u00ebsht\u00eb nj\u00eb m\u00ebnyr\u00eb e shk\u00eblqyer p\u00ebr t\u00eb zot\u00ebruar struktur\u00ebn e fjalis\u00eb, format e foljeve dhe tiparet dalluese t\u00eb galicishtes. Filloni t\u00eb punoni n\u00eb gramatik\u00ebn galiciane sot dhe shikoni t\u00eb kuptuarit dhe besimin tuaj t\u00eb rriten me \u00e7do ushtrim!<\/p>\r\n\r\n                            <a class=\"getStartedHidden\" href=\"https:\/\/app.talkpal.ai\/signup?lng=\">Filloni<\/a>\r\n        \r\n    <\/div>\r\n\r\n    <figure>\r\n    <img decoding=\"async\" width=\"768\" height=\"768\" src=\"https:\/\/talkpal.ai\/wp-content\/uploads\/2023\/06\/galician-768x768.png\" class=\"languageImage no-lazy\" alt=\"Language immersion powerful learning method\" fetchpriority=\"high\" sizes=\"(max-width: 768px) 150px, 768px\" srcset=\"https:\/\/talkpal.ai\/wp-content\/uploads\/2023\/06\/galician-768x768.png 768w, https:\/\/talkpal.ai\/wp-content\/uploads\/2023\/06\/galician-300x300.png 300w\" \/>\r\n    \r\n\r\n    <\/figure>\r\n\r\n            <a class=\"getStartedVisible\" href=\"https:\/\/app.talkpal.ai\/signup?lng=\">Filloni<\/a>\r\n    \r\n<\/section>\r\n\r\n\r\n<!-- <section class=\"grammarSection\">\r\n    <div class=\"grammarLinks\">\r\n            <\/div>\r\n<\/section> -->\r\n\r\n\r\n\r\n\r\n<section class=\"promotionalBanner\">\r\n    <p class=\"promotionalText\">M\u00ebnyra m\u00eb efikase p\u00ebr t\u00eb m\u00ebsuar nj\u00eb gjuh\u00eb<\/p>\r\n    <a class=\"promotionalLink\" href=\"https:\/\/app.talkpal.ai\/signup?lng=\">Provoni Talkpal falas<\/a>\r\n<\/section>\n<div class=\"wp-block-group pageContainerStyle\"><div class=\"wp-block-group__inner-container is-layout-constrained wp-block-group-is-layout-constrained\">\n<h2 class=\"wp-block-heading\" id=\"h-galician-grammar-topics\">Temat e gramatik\u00ebs galiciane<\/h2>\n\n\n\n<p><a href=\"https:\/\/talkpal.ai\/sq\/gramatika-galiciane\/\">Gramatika galiciane<\/a> \u00ebsht\u00eb studimi i struktur\u00ebs gjuh\u00ebsore, rregullave dhe komponent\u00ebve t\u00eb gjuh\u00ebs galiciane, nj\u00eb gjuh\u00eb romane e folur n\u00eb komunitetin autonom t\u00eb <a href=\"https:\/\/talkpal.ai\/learn-galician\/\">Galicia<\/a> n\u00eb Spanj\u00ebn veriper\u00ebndimore. Duke ndar\u00eb nj\u00eb marr\u00ebdh\u00ebnie t\u00eb ngusht\u00eb me portugalishten, <a href=\"https:\/\/talkpal.ai\/sq\/gramatika-galiciane\/\">gramatika galiciane<\/a> p\u00ebrb\u00ebhet nga element\u00eb t\u00eb ndrysh\u00ebm q\u00eb ndihmojn\u00eb n\u00eb formimin dhe kuptimin e gjuh\u00ebs, t\u00eb tilla si konjugimi i foljes, marr\u00ebveshja e emrit dhe mbiemrit, dhe p\u00ebrdorimi i artikujve, p\u00ebremrave, ndajfoljeve dhe parafjal\u00ebve. M\u00ebsimi i gramatik\u00ebs galiciane n\u00eb nj\u00eb m\u00ebnyr\u00eb t\u00eb strukturuar do t\u00eb siguroj\u00eb nj\u00eb proces t\u00eb qet\u00eb dhe efikas t\u00eb t\u00eb m\u00ebsuarit duke siguruar nj\u00eb kuptim t\u00eb thell\u00eb t\u00eb k\u00ebsaj gjuhe t\u00eb pasur dhe t\u00eb gjall\u00eb.<\/p>\n\n\n\n<h3 class=\"wp-block-heading\" id=\"h-1-nouns\">1. Emrat:<\/h3>\n\n\n\n<p>Filloni me t\u00eb kuptuarit e konceptit t\u00eb emrave n\u00eb galicisht, t\u00eb cil\u00ebt klasifikohen n\u00eb dy gjini (mashkullore dhe fem\u00ebrore) dhe mund t\u00eb jen\u00eb nj\u00ebj\u00ebs ose shum\u00ebs. M\u00ebsoni <a href=\"https:\/\/talkpal.ai\/culture\/what-is-the-difference-between-se-and-si\/\">se si<\/a> t&#8217;i identifikoni dhe p\u00ebrdorni ato sakt\u00eb n\u00eb fjali.<\/p>\n\n\n\n<h3 class=\"wp-block-heading\" id=\"h-2-articles\">2. Artikujt:<\/h3>\n\n\n\n<p>Studioni artikujt e p\u00ebrcaktuar dhe t\u00eb pacaktuar n\u00eb galicisht, t\u00eb cil\u00ebt p\u00ebrputhen n\u00eb gjini dhe num\u00ebr me emrat q\u00eb shoq\u00ebrojn\u00eb. Kjo do t\u00eb ndihmoj\u00eb n\u00eb formimin e frazave dhe fjalive baz\u00eb n\u00eb m\u00ebnyr\u00eb m\u00eb efektive.<\/p>\n\n\n\n<h3 class=\"wp-block-heading\" id=\"h-3-adjectives\">3. Mbiemra:<\/h3>\n\n\n\n<p>M\u00ebsoni <a href=\"https:\/\/talkpal.ai\/sq\/rreth\/\">rreth<\/a> mbiemrave n\u00eb galicisht, t\u00eb cil\u00ebt p\u00ebrputhen n\u00eb gjini dhe num\u00ebr me emrat q\u00eb modifikojn\u00eb. Kuptimi i rregullave t\u00eb vendosjes dhe marr\u00ebveshjes do t&#8217;ju lejoj\u00eb t\u00eb p\u00ebrshkruani objektet dhe njer\u00ebzit me sakt\u00ebsi.<\/p>\n\n\n\n<h3 class=\"wp-block-heading\" id=\"h-4-pronouns-determiners\">4. P\u00ebremrat\/p\u00ebrcaktuesit:<\/h3>\n\n\n\n<p>Studioni llojet e ndryshme t\u00eb p\u00ebremrave dhe p\u00ebrcaktuesve n\u00eb galicisht, t\u00eb cil\u00ebt mund t\u00eb z\u00ebvend\u00ebsojn\u00eb ose tregojn\u00eb emrat n\u00eb nj\u00eb fjali. Kjo p\u00ebrfshin p\u00ebremrat personal\u00eb, demonstrativ\u00eb, pronor\u00eb dhe pyet\u00ebs, nd\u00ebr t\u00eb tjera.<\/p>\n\n\n\n<h3 class=\"wp-block-heading\" id=\"h-5-verbs\">5. Foljet:<\/h3>\n\n\n\n<p>P\u00ebrqendrohuni n\u00eb konjugimin e foljeve, i cili \u00ebsht\u00eb nj\u00eb aspekt thelb\u00ebsor i gramatik\u00ebs galiciane. M\u00ebsoni koh\u00ebt dhe humoret e ndryshme dhe praktikoni lidhjen e foljeve t\u00eb rregullta dhe t\u00eb parregullta.<\/p>\n\n\n\n<h3 class=\"wp-block-heading\" id=\"h-6-tense-comparison\">6. Krahasimi i tensionuar:<\/h3>\n\n\n\n<p>Kuptoni ndryshimet midis koh\u00ebve t\u00eb ndryshme n\u00eb galicisht dhe m\u00ebsoni se si t&#8217;i p\u00ebrdorni ato n\u00eb m\u00ebnyr\u00eb korrekte p\u00ebr t\u00eb p\u00ebrcjell\u00eb referenc\u00ebn e duhur kohore n\u00eb fjalimin ose shkrimin tuaj.<\/p>\n\n\n\n<h3 class=\"wp-block-heading\" id=\"h-7-progressive\">7. Progresive:<\/h3>\n\n\n\n<p>Studioni aspektin progresiv n\u00eb galicisht, i cili tregon nj\u00eb veprim t\u00eb vazhduesh\u00ebm, dhe m\u00ebsoni se si ta formoni dhe p\u00ebrdorni at\u00eb me koh\u00eb t\u00eb ndryshme.<\/p>\n\n\n\n<h3 class=\"wp-block-heading\" id=\"h-8-perfect-progressive\">8. Progresiv i p\u00ebrsosur:<\/h3>\n\n\n\n<p>M\u00ebsoni p\u00ebr aspektin progresiv t\u00eb p\u00ebrsosur, i cili kombinon aspektet perfekte dhe progresive p\u00ebr t\u00eb shprehur nj\u00eb veprim q\u00eb ka qen\u00eb n\u00eb vazhdim dhe mund t\u00eb vazhdoj\u00eb n\u00eb t\u00eb ardhmen.<\/p>\n\n\n\n<h3 class=\"wp-block-heading\" id=\"h-9-adverbs\">9. Ndajfoljet:<\/h3>\n\n\n\n<p>Eksploroni ndajfoljet galiciane, t\u00eb cilat ofrojn\u00eb informacion shtes\u00eb rreth foljeve, mbiemrave ose ndajfoljeve t\u00eb tjera. M\u00ebsoni llojet e ndryshme dhe rregullat e vendosjes s\u00eb <a href=\"https:\/\/talkpal.ai\/locations\/language-courses-in-tyre\/\">tyre<\/a> n\u00eb fjali.<\/p>\n\n\n\n<h3 class=\"wp-block-heading\" id=\"h-10-prepositions\">10. Parafjal\u00ebt:<\/h3>\n\n\n\n<p>Studioni parafjal\u00ebt e ndryshme n\u00eb galicisht, t\u00eb cilat tregojn\u00eb marr\u00ebdh\u00ebnien midis element\u00ebve n\u00eb nj\u00eb fjali, t\u00eb tilla si vendndodhja, drejtimi, koha ose shkaku.<\/p>\n\n\n\n<h3 class=\"wp-block-heading\" id=\"h-11-conditionals\">11. Kusht\u00ebzuese:<\/h3>\n\n\n\n<p>M\u00ebsoni rreth fjalive t\u00eb kusht\u00ebzuara n\u00eb galicisht, t\u00eb cilat shprehin situata hipotetike ose joreale dhe pasojat e tyre. Studioni formimin dhe p\u00ebrdorimin e llojeve t\u00eb ndryshme t\u00eb kusht\u00ebzuesve.<\/p>\n\n\n\n<h3 class=\"wp-block-heading\" id=\"h-12-sentences\">12. Fjalit\u00eb:<\/h3>\n\n\n\n<p>S\u00eb fundi, praktikoni kombinimin e t\u00eb gjith\u00eb komponent\u00ebve t\u00eb gramatik\u00ebs t\u00eb m\u00ebsuar m\u00eb par\u00eb p\u00ebr t\u00eb formuar fjali t\u00eb thjeshta dhe komplekse n\u00eb galicisht. Kjo do t\u00eb ndihmoj\u00eb n\u00eb p\u00ebrforcimin e t\u00eb kuptuarit tuaj t\u00eb gjuh\u00ebs dhe nd\u00ebrtimin e rrjedhshm\u00ebris\u00eb tuaj.<\/p>\n<\/div><\/div>\n\r\n<section class=\"learnNavigationSection\">\r\n            \r\n        <a href=\"https:\/\/talkpal.ai\/sq\/meso-galician\/\">\r\n            <div class=\"learnNavigationWrapper\">\r\n                <div class=\"learnNavigationContent\">\r\n                    <img decoding=\"async\" src=\"https:\/\/talkpal.ai\/wp-content\/uploads\/2024\/08\/Galician.jpg\" alt=\"Galicia Flag\">\r\n                    <div>\r\n                        <h4>Rreth m\u00ebsimit t\u00eb galicianishtes<\/h4>\r\n                        <p>M\u00ebsoni gjith\u00e7ka rreth gramatik\u00ebs galiciane.<\/p>\r\n                    <\/div>\r\n                <\/div>\r\n            <\/div>\r\n        <\/a>\r\n\r\n        \r\n        <a href=\"https:\/\/talkpal.ai\/sq\/gramatika-galiciane\/\">\r\n            <div class=\"learnNavigationWrapper\">\r\n                <div class=\"learnNavigationContent\">\r\n                    <img decoding=\"async\" src=\"https:\/\/talkpal.ai\/wp-content\/uploads\/2024\/08\/Galician.jpg\" alt=\"Galicia Flag\">\r\n                    <div>\r\n                        <h4>M\u00ebsimet e gramatik\u00ebs galiciane<\/h4>\r\n                        <p>Praktikoni gramatik\u00ebn galiciane.<\/p>\r\n                    <\/div>\r\n                <\/div>\r\n            <\/div>\r\n        <\/a>\r\n\r\n        \r\n        <a href=\"https:\/\/talkpal.ai\/vocabulary_language\/galician\/\">\r\n            <div class=\"learnNavigationWrapper\">\r\n                <div class=\"learnNavigationContent\">\r\n                    <img decoding=\"async\" src=\"https:\/\/talkpal.ai\/wp-content\/uploads\/2024\/08\/Galician.jpg\" alt=\"Galicia Flag\">\r\n                    <div>\r\n                        <h4>Fjalori galicisht<\/h4>\r\n                        <p>Zgjeroni fjalorin tuaj galician.<\/p>\r\n                    <\/div>\r\n                <\/div>\r\n            <\/div>\r\n        <\/a>\r\n\r\n            <\/section>","protected":false},"excerpt":{"rendered":"<p>Temat e gramatik\u00ebs galiciane Gramatika galiciane \u00ebsht\u00eb studimi i struktur\u00ebs gjuh\u00ebsore, rregullave dhe komponent\u00ebve t\u00eb gjuh\u00ebs galiciane, nj\u00eb gjuh\u00eb romane e folur n\u00eb komunitetin autonom t\u00eb Galicia n\u00eb Spanj\u00ebn veriper\u00ebndimore. Duke ndar\u00eb nj\u00eb marr\u00ebdh\u00ebnie t\u00eb ngusht\u00eb me portugalishten, gramatika galiciane p\u00ebrb\u00ebhet nga element\u00eb t\u00eb ndrysh\u00ebm q\u00eb ndihmojn\u00eb n\u00eb formimin dhe kuptimin e gjuh\u00ebs, t\u00eb tilla [&hellip;]<\/p>\n","protected":false},"author":6,"featured_media":1442838,"parent":0,"menu_order":0,"comment_status":"closed","ping_status":"closed","template":"LearningContentPage.php","meta":{"_acf_changed":false,"footnotes":""},"class_list":["post-1446708","page","type-page","status-publish","has-post-thumbnail","hentry"],"acf":[],"yoast_head":"<!-- This site is optimized with the Yoast SEO Premium plugin v27.2 (Yoast SEO v27.2) - https:\/\/yoast.com\/product\/yoast-seo-premium-wordpress\/ -->\n<title>Ushtrime gramatikore galiciane - Talkpal<\/title>\n<meta name=\"description\" content=\"Praktikoni leht\u00ebsisht gramatik\u00ebn galiciane - p\u00ebrmir\u00ebsohuni shpejt, angazhohuni n\u00eb ushtrime t\u00eb qarta interaktive dhe fitoni besim gjuh\u00ebsor\" \/>\n<meta name=\"robots\" content=\"index, follow, max-snippet:-1, max-image-preview:large, max-video-preview:-1\" \/>\n<link rel=\"canonical\" href=\"https:\/\/talkpal.ai\/sq\/ushtrime-gramatikore-galiciane\/\" \/>\n<meta property=\"og:locale\" content=\"sq_AL\" \/>\n<meta property=\"og:type\" content=\"article\" \/>\n<meta property=\"og:title\" content=\"Ushtrime gramatikore galiciane\" \/>\n<meta property=\"og:description\" content=\"Temat e gramatik\u00ebs galiciane Gramatika galiciane \u00ebsht\u00eb studimi i struktur\u00ebs gjuh\u00ebsore, rregullave dhe komponent\u00ebve t\u00eb gjuh\u00ebs galiciane, nj\u00eb gjuh\u00eb romane e\" \/>\n<meta property=\"og:url\" content=\"https:\/\/talkpal.ai\/sq\/ushtrime-gramatikore-galiciane\/\" \/>\n<meta property=\"og:site_name\" content=\"Talkpal\" \/>\n<meta property=\"article:publisher\" content=\"https:\/\/www.facebook.com\/profile.php?id=100090733639311\" \/>\n<meta property=\"article:modified_time\" content=\"2025-12-17T16:03:29+00:00\" \/>\n<meta property=\"og:image\" content=\"https:\/\/talkpal.ai\/wp-content\/uploads\/2023\/05\/Galician-spain.png\" \/>\n\t<meta property=\"og:image:width\" content=\"512\" \/>\n\t<meta property=\"og:image:height\" content=\"512\" \/>\n\t<meta property=\"og:image:type\" content=\"image\/png\" \/>\n<meta name=\"twitter:card\" content=\"summary_large_image\" \/>\n<meta name=\"twitter:site\" content=\"@talkpalai\" \/>\n<meta name=\"twitter:label1\" content=\"Est. reading time\" \/>\n\t<meta name=\"twitter:data1\" content=\"3 minutes\" \/>\n<script type=\"application\/ld+json\" class=\"yoast-schema-graph\">{\"@context\":\"https:\/\/schema.org\",\"@graph\":[{\"@type\":\"WebPage\",\"@id\":\"https:\/\/talkpal.ai\/sq\/ushtrime-gramatikore-galiciane\/\",\"url\":\"https:\/\/talkpal.ai\/sq\/ushtrime-gramatikore-galiciane\/\",\"name\":\"Ushtrime gramatikore galiciane - Talkpal\",\"isPartOf\":{\"@id\":\"https:\/\/talkpal.ai\/sq\/#website\"},\"primaryImageOfPage\":{\"@id\":\"https:\/\/talkpal.ai\/sq\/ushtrime-gramatikore-galiciane\/#primaryimage\"},\"image\":{\"@id\":\"https:\/\/talkpal.ai\/sq\/ushtrime-gramatikore-galiciane\/#primaryimage\"},\"thumbnailUrl\":\"https:\/\/talkpal.ai\/wp-content\/uploads\/2023\/05\/Galician-spain.png\",\"datePublished\":\"2023-06-21T14:01:18+00:00\",\"dateModified\":\"2025-12-17T16:03:29+00:00\",\"description\":\"Praktikoni leht\u00ebsisht gramatik\u00ebn galiciane - p\u00ebrmir\u00ebsohuni shpejt, angazhohuni n\u00eb ushtrime t\u00eb qarta interaktive dhe fitoni besim gjuh\u00ebsor\",\"breadcrumb\":{\"@id\":\"https:\/\/talkpal.ai\/sq\/ushtrime-gramatikore-galiciane\/#breadcrumb\"},\"inLanguage\":\"sq-AL\",\"potentialAction\":[{\"@type\":\"ReadAction\",\"target\":[\"https:\/\/talkpal.ai\/sq\/ushtrime-gramatikore-galiciane\/\"]}]},{\"@type\":\"ImageObject\",\"inLanguage\":\"sq-AL\",\"@id\":\"https:\/\/talkpal.ai\/sq\/ushtrime-gramatikore-galiciane\/#primaryimage\",\"url\":\"https:\/\/talkpal.ai\/wp-content\/uploads\/2023\/05\/Galician-spain.png\",\"contentUrl\":\"https:\/\/talkpal.ai\/wp-content\/uploads\/2023\/05\/Galician-spain.png\",\"width\":512,\"height\":512,\"caption\":\"TalkPal Galician Flag\"},{\"@type\":\"BreadcrumbList\",\"@id\":\"https:\/\/talkpal.ai\/sq\/ushtrime-gramatikore-galiciane\/#breadcrumb\",\"itemListElement\":[{\"@type\":\"ListItem\",\"position\":1,\"name\":\"Homepage\",\"item\":\"https:\/\/talkpal.ai\/sq\/\"},{\"@type\":\"ListItem\",\"position\":2,\"name\":\"Ushtrime gramatikore galiciane\"}]},{\"@type\":\"WebSite\",\"@id\":\"https:\/\/talkpal.ai\/sq\/#website\",\"url\":\"https:\/\/talkpal.ai\/sq\/\",\"name\":\"Talkpal\",\"description\":\"AI Language Learning\",\"publisher\":{\"@id\":\"https:\/\/talkpal.ai\/sq\/#organization\"},\"alternateName\":\"Talkpal AI\",\"potentialAction\":[{\"@type\":\"SearchAction\",\"target\":{\"@type\":\"EntryPoint\",\"urlTemplate\":\"https:\/\/talkpal.ai\/sq\/?s={search_term_string}\"},\"query-input\":{\"@type\":\"PropertyValueSpecification\",\"valueRequired\":true,\"valueName\":\"search_term_string\"}}],\"inLanguage\":\"sq-AL\"},{\"@type\":\"Organization\",\"@id\":\"https:\/\/talkpal.ai\/sq\/#organization\",\"name\":\"Talkpal, Inc.\",\"alternateName\":\"Talkpal AI\",\"url\":\"https:\/\/talkpal.ai\/sq\/\",\"logo\":{\"@type\":\"ImageObject\",\"inLanguage\":\"sq-AL\",\"@id\":\"https:\/\/talkpal.ai\/sq\/#\/schema\/logo\/image\/\",\"url\":\"https:\/\/talkpal.ai\/wp-content\/uploads\/2024\/03\/Talkpal-Logo-Icon.png\",\"contentUrl\":\"https:\/\/talkpal.ai\/wp-content\/uploads\/2024\/03\/Talkpal-Logo-Icon.png\",\"width\":2880,\"height\":2880,\"caption\":\"Talkpal, Inc.\"},\"image\":{\"@id\":\"https:\/\/talkpal.ai\/sq\/#\/schema\/logo\/image\/\"},\"sameAs\":[\"https:\/\/www.facebook.com\/profile.php?id=100090733639311\",\"https:\/\/x.com\/talkpalai\",\"https:\/\/www.linkedin.com\/company\/talkpal\/\",\"https:\/\/www.youtube.com\/@TalkPal\/\",\"https:\/\/www.tiktok.com\/@talkpal\",\"https:\/\/www.instagram.com\/talkpal_ai\/\",\"https:\/\/www.crunchbase.com\/organization\/talkpal-9cde\",\"https:\/\/www.g2.com\/products\/talkpal-for-business\/\",\"https:\/\/www.trustpilot.com\/review\/talkpal.ai\",\"https:\/\/www.capterra.com\/p\/10006800\/TalkPal\/\"],\"description\":\"Talkpal is a language learning web and mobile education app, powered by the latest AI technologies, that provides engaging experiences to its customers in many different languages to help them improve their language skills. Users can chat about unlimited amount of topics with the app and use other modes to practice their language learning.\",\"email\":\"support@talkpal.ai\",\"legalName\":\"Talkpal, Inc.\",\"foundingDate\":\"2023-04-03\",\"duns\":\"118989042\",\"numberOfEmployees\":{\"@type\":\"QuantitativeValue\",\"minValue\":\"11\",\"maxValue\":\"50\"},\"publishingPrinciples\":\"https:\/\/talkpal.ai\/publishing-principles\/\",\"actionableFeedbackPolicy\":\"https:\/\/talkpal.ai\/actionable-feedback-policy\/\",\"correctionsPolicy\":\"https:\/\/talkpal.ai\/corrections-policy\/\",\"ethicsPolicy\":\"https:\/\/talkpal.ai\/ethics-policy\/\",\"diversityPolicy\":\"https:\/\/talkpal.ai\/diversity-policy\/\",\"diversityStaffingReport\":\"https:\/\/talkpal.ai\/diversity-policy\/\"}]}<\/script>\n<!-- \/ Yoast SEO Premium plugin. -->","yoast_head_json":{"title":"Ushtrime gramatikore galiciane - Talkpal","description":"Praktikoni leht\u00ebsisht gramatik\u00ebn galiciane - p\u00ebrmir\u00ebsohuni shpejt, angazhohuni n\u00eb ushtrime t\u00eb qarta interaktive dhe fitoni besim gjuh\u00ebsor","robots":{"index":"index","follow":"follow","max-snippet":"max-snippet:-1","max-image-preview":"max-image-preview:large","max-video-preview":"max-video-preview:-1"},"canonical":"https:\/\/talkpal.ai\/sq\/ushtrime-gramatikore-galiciane\/","og_locale":"sq_AL","og_type":"article","og_title":"Ushtrime gramatikore galiciane","og_description":"Temat e gramatik\u00ebs galiciane Gramatika galiciane \u00ebsht\u00eb studimi i struktur\u00ebs gjuh\u00ebsore, rregullave dhe komponent\u00ebve t\u00eb gjuh\u00ebs galiciane, nj\u00eb gjuh\u00eb romane e","og_url":"https:\/\/talkpal.ai\/sq\/ushtrime-gramatikore-galiciane\/","og_site_name":"Talkpal","article_publisher":"https:\/\/www.facebook.com\/profile.php?id=100090733639311","article_modified_time":"2025-12-17T16:03:29+00:00","og_image":[{"width":512,"height":512,"url":"https:\/\/talkpal.ai\/wp-content\/uploads\/2023\/05\/Galician-spain.png","type":"image\/png"}],"twitter_card":"summary_large_image","twitter_site":"@talkpalai","twitter_misc":{"Est. reading time":"3 minutes"},"schema":{"@context":"https:\/\/schema.org","@graph":[{"@type":"WebPage","@id":"https:\/\/talkpal.ai\/sq\/ushtrime-gramatikore-galiciane\/","url":"https:\/\/talkpal.ai\/sq\/ushtrime-gramatikore-galiciane\/","name":"Ushtrime gramatikore galiciane - Talkpal","isPartOf":{"@id":"https:\/\/talkpal.ai\/sq\/#website"},"primaryImageOfPage":{"@id":"https:\/\/talkpal.ai\/sq\/ushtrime-gramatikore-galiciane\/#primaryimage"},"image":{"@id":"https:\/\/talkpal.ai\/sq\/ushtrime-gramatikore-galiciane\/#primaryimage"},"thumbnailUrl":"https:\/\/talkpal.ai\/wp-content\/uploads\/2023\/05\/Galician-spain.png","datePublished":"2023-06-21T14:01:18+00:00","dateModified":"2025-12-17T16:03:29+00:00","description":"Praktikoni leht\u00ebsisht gramatik\u00ebn galiciane - p\u00ebrmir\u00ebsohuni shpejt, angazhohuni n\u00eb ushtrime t\u00eb qarta interaktive dhe fitoni besim gjuh\u00ebsor","breadcrumb":{"@id":"https:\/\/talkpal.ai\/sq\/ushtrime-gramatikore-galiciane\/#breadcrumb"},"inLanguage":"sq-AL","potentialAction":[{"@type":"ReadAction","target":["https:\/\/talkpal.ai\/sq\/ushtrime-gramatikore-galiciane\/"]}]},{"@type":"ImageObject","inLanguage":"sq-AL","@id":"https:\/\/talkpal.ai\/sq\/ushtrime-gramatikore-galiciane\/#primaryimage","url":"https:\/\/talkpal.ai\/wp-content\/uploads\/2023\/05\/Galician-spain.png","contentUrl":"https:\/\/talkpal.ai\/wp-content\/uploads\/2023\/05\/Galician-spain.png","width":512,"height":512,"caption":"TalkPal Galician Flag"},{"@type":"BreadcrumbList","@id":"https:\/\/talkpal.ai\/sq\/ushtrime-gramatikore-galiciane\/#breadcrumb","itemListElement":[{"@type":"ListItem","position":1,"name":"Homepage","item":"https:\/\/talkpal.ai\/sq\/"},{"@type":"ListItem","position":2,"name":"Ushtrime gramatikore galiciane"}]},{"@type":"WebSite","@id":"https:\/\/talkpal.ai\/sq\/#website","url":"https:\/\/talkpal.ai\/sq\/","name":"Talkpal","description":"AI Language Learning","publisher":{"@id":"https:\/\/talkpal.ai\/sq\/#organization"},"alternateName":"Talkpal AI","potentialAction":[{"@type":"SearchAction","target":{"@type":"EntryPoint","urlTemplate":"https:\/\/talkpal.ai\/sq\/?s={search_term_string}"},"query-input":{"@type":"PropertyValueSpecification","valueRequired":true,"valueName":"search_term_string"}}],"inLanguage":"sq-AL"},{"@type":"Organization","@id":"https:\/\/talkpal.ai\/sq\/#organization","name":"Talkpal, Inc.","alternateName":"Talkpal AI","url":"https:\/\/talkpal.ai\/sq\/","logo":{"@type":"ImageObject","inLanguage":"sq-AL","@id":"https:\/\/talkpal.ai\/sq\/#\/schema\/logo\/image\/","url":"https:\/\/talkpal.ai\/wp-content\/uploads\/2024\/03\/Talkpal-Logo-Icon.png","contentUrl":"https:\/\/talkpal.ai\/wp-content\/uploads\/2024\/03\/Talkpal-Logo-Icon.png","width":2880,"height":2880,"caption":"Talkpal, Inc."},"image":{"@id":"https:\/\/talkpal.ai\/sq\/#\/schema\/logo\/image\/"},"sameAs":["https:\/\/www.facebook.com\/profile.php?id=100090733639311","https:\/\/x.com\/talkpalai","https:\/\/www.linkedin.com\/company\/talkpal\/","https:\/\/www.youtube.com\/@TalkPal\/","https:\/\/www.tiktok.com\/@talkpal","https:\/\/www.instagram.com\/talkpal_ai\/","https:\/\/www.crunchbase.com\/organization\/talkpal-9cde","https:\/\/www.g2.com\/products\/talkpal-for-business\/","https:\/\/www.trustpilot.com\/review\/talkpal.ai","https:\/\/www.capterra.com\/p\/10006800\/TalkPal\/"],"description":"Talkpal is a language learning web and mobile education app, powered by the latest AI technologies, that provides engaging experiences to its customers in many different languages to help them improve their language skills. Users can chat about unlimited amount of topics with the app and use other modes to practice their language learning.","email":"support@talkpal.ai","legalName":"Talkpal, Inc.","foundingDate":"2023-04-03","duns":"118989042","numberOfEmployees":{"@type":"QuantitativeValue","minValue":"11","maxValue":"50"},"publishingPrinciples":"https:\/\/talkpal.ai\/publishing-principles\/","actionableFeedbackPolicy":"https:\/\/talkpal.ai\/actionable-feedback-policy\/","correctionsPolicy":"https:\/\/talkpal.ai\/corrections-policy\/","ethicsPolicy":"https:\/\/talkpal.ai\/ethics-policy\/","diversityPolicy":"https:\/\/talkpal.ai\/diversity-policy\/","diversityStaffingReport":"https:\/\/talkpal.ai\/diversity-policy\/"}]}},"_links":{"self":[{"href":"https:\/\/talkpal.ai\/sq\/wp-json\/wp\/v2\/pages\/1446708","targetHints":{"allow":["GET"]}}],"collection":[{"href":"https:\/\/talkpal.ai\/sq\/wp-json\/wp\/v2\/pages"}],"about":[{"href":"https:\/\/talkpal.ai\/sq\/wp-json\/wp\/v2\/types\/page"}],"author":[{"embeddable":true,"href":"https:\/\/talkpal.ai\/sq\/wp-json\/wp\/v2\/users\/6"}],"replies":[{"embeddable":true,"href":"https:\/\/talkpal.ai\/sq\/wp-json\/wp\/v2\/comments?post=1446708"}],"version-history":[{"count":0,"href":"https:\/\/talkpal.ai\/sq\/wp-json\/wp\/v2\/pages\/1446708\/revisions"}],"wp:featuredmedia":[{"embeddable":true,"href":"https:\/\/talkpal.ai\/sq\/wp-json\/wp\/v2\/media\/1442838"}],"wp:attachment":[{"href":"https:\/\/talkpal.ai\/sq\/wp-json\/wp\/v2\/media?parent=1446708"}],"curies":[{"name":"wp","href":"https:\/\/api.w.org\/{rel}","templated":true}]}}