{"id":1446700,"date":"2023-06-21T14:18:43","date_gmt":"2023-06-21T14:18:43","guid":{"rendered":"https:\/\/talkpal.ai\/ushtrimet-gramatikore-greke\/"},"modified":"2025-12-17T16:05:48","modified_gmt":"2025-12-17T16:05:48","slug":"ushtrimet-gramatikore-greke","status":"publish","type":"page","link":"https:\/\/talkpal.ai\/sq\/ushtrimet-gramatikore-greke\/","title":{"rendered":"Ushtrimet gramatikore greke"},"content":{"rendered":"\r\n\r\n\r\n<section class=\"languageChallengeSection\">\r\n    <div class=\"languageInfoWrapper\">\r\n        \r\n        <h1>Ushtrimet gramatikore greke<\/h1>\r\n        <p>Le ta b\u00ebjm\u00eb m\u00ebsimin e greqishtes arg\u00ebtues dhe t\u00eb leht\u00eb! Provoni k\u00ebto ushtrime t\u00eb thjeshta p\u00ebr t\u00eb praktikuar disa baza t\u00eb gramatik\u00ebs greke dhe p\u00ebr t\u00eb filluar udh\u00ebtimin tuaj gjuh\u00ebsor.<\/p>\r\n\r\n                            <a class=\"getStartedHidden\" href=\"https:\/\/app.talkpal.ai\/signup?lng=\">Filloni<\/a>\r\n        \r\n    <\/div>\r\n\r\n    <figure>\r\n    <img decoding=\"async\" width=\"768\" height=\"768\" src=\"https:\/\/talkpal.ai\/wp-content\/uploads\/2023\/06\/greek-768x768.png\" class=\"languageImage no-lazy\" alt=\"Language learning to boost personal capability\" fetchpriority=\"high\" sizes=\"(max-width: 768px) 150px, 768px\" srcset=\"https:\/\/talkpal.ai\/wp-content\/uploads\/2023\/06\/greek-768x768.png 768w, https:\/\/talkpal.ai\/wp-content\/uploads\/2023\/06\/greek-300x300.png 300w\" \/>\r\n    \r\n\r\n    <\/figure>\r\n\r\n            <a class=\"getStartedVisible\" href=\"https:\/\/app.talkpal.ai\/signup?lng=\">Filloni<\/a>\r\n    \r\n<\/section>\r\n\r\n\r\n<!-- <section class=\"grammarSection\">\r\n    <div class=\"grammarLinks\">\r\n            <\/div>\r\n<\/section> -->\r\n\r\n\r\n\r\n\r\n<section class=\"promotionalBanner\">\r\n    <p class=\"promotionalText\">M\u00ebnyra m\u00eb efikase p\u00ebr t\u00eb m\u00ebsuar nj\u00eb gjuh\u00eb<\/p>\r\n    <a class=\"promotionalLink\" href=\"https:\/\/app.talkpal.ai\/signup?lng=\">Provoni Talkpal falas<\/a>\r\n<\/section>\n<div class=\"wp-block-group pageContainerStyle\"><div class=\"wp-block-group__inner-container is-layout-constrained wp-block-group-is-layout-constrained\">\n<h2 class=\"wp-block-heading\" id=\"h-greek-grammar-topics\">Temat e gramatik\u00ebs greke<\/h2>\n\n\n\n<p>M\u00ebsimi i greqishtes mund t\u00eb jet\u00eb nj\u00eb p\u00ebrvoj\u00eb tep\u00ebr shp\u00ebrblyese pasi ofron nj\u00eb port\u00eb drejt nj\u00eb kulture, let\u00ebrsie dhe historie t\u00eb pasur dhe t\u00eb larmishme. Gjuha greke ka nj\u00eb struktur\u00eb unike gramatikore q\u00eb mund t\u00eb jet\u00eb magjeps\u00ebse p\u00ebr t&#8217;u eksploruar. Njohja me gramatik\u00ebn greke \u00ebsht\u00eb thelb\u00ebsore p\u00ebr zot\u00ebrimin e gjuh\u00ebs, pasi do t&#8217;ju mund\u00ebsoj\u00eb t\u00eb komunikoni n\u00eb m\u00ebnyr\u00eb efektive dhe sakt\u00ebsi. Ky udh\u00ebzues do t&#8217;ju ofroj\u00eb nj\u00eb pasqyr\u00eb t\u00eb disa prej temave kryesore t\u00eb gramatik\u00ebs greke, t\u00eb grupuara n\u00eb nj\u00eb sekuenc\u00eb q\u00eb \u00ebsht\u00eb e favorshme p\u00ebr m\u00ebsimin e gjuh\u00ebs. Nga koh\u00ebt dhe foljet te parafjal\u00ebt dhe fjalit\u00eb, ky udh\u00ebzues do t&#8217;ju vendos\u00eb n\u00eb rrug\u00ebn p\u00ebr t&#8217;u b\u00ebr\u00eb t\u00eb aft\u00eb n\u00eb greqisht.<\/p>\n\n\n\n<h3 class=\"wp-block-heading\" id=\"h-1-nouns\">1. Emrat:<\/h3>\n\n\n\n<p>Emrat jan\u00eb blloqet nd\u00ebrtuese t\u00eb \u00e7do gjuhe dhe greqishtja nuk b\u00ebn p\u00ebrjashtim. Ato p\u00ebrdoren p\u00ebr t\u00eb p\u00ebrfaq\u00ebsuar njer\u00ebz, vende, gj\u00ebra ose ide. N\u00eb greqisht, emrat kan\u00eb gjini (mashkullore, fem\u00ebrore ose neutre), num\u00ebr (nj\u00ebj\u00ebs ose shum\u00ebs) dhe rast (nominativ, gjenitiv, akuzativ ose vokativ). T\u00eb kuptuarit e k\u00ebtyre vetive dhe kthesave t\u00eb <a href=\"https:\/\/talkpal.ai\/locations\/language-courses-in-tyre\/\">tyre<\/a> \u00ebsht\u00eb thelb\u00ebsore p\u00ebr formimin e fjalive.<\/p>\n\n\n\n<h3 class=\"wp-block-heading\" id=\"h-2-articles\">2. Artikujt:<\/h3>\n\n\n\n<p>Artikujt n\u00eb greqisht jan\u00eb thelb\u00ebsor\u00eb p\u00ebr specifikimin e p\u00ebrcaktueshm\u00ebris\u00eb s\u00eb nj\u00eb emri. Ata pajtohen me emrin n\u00eb gjini, num\u00ebr dhe rast. Ka artikuj t\u00eb caktuar (q\u00eb korrespondojn\u00eb me &#8216;the&#8217;) dhe t\u00eb pacaktuar (q\u00eb korrespondojn\u00eb me &#8216;a&#8217; ose &#8216;an&#8217;) q\u00eb duhet t&#8217;i m\u00ebsoni dhe t&#8217;i p\u00ebrdorni sakt\u00eb.<\/p>\n\n\n\n<h3 class=\"wp-block-heading\" id=\"h-3-adjectives\">3. Mbiemra:<\/h3>\n\n\n\n<p>Mbiemrat p\u00ebrshkruajn\u00eb ose modifikojn\u00eb emrat, duke ofruar informacion shtes\u00eb p\u00ebr cil\u00ebsit\u00eb ose karakteristikat e tyre. N\u00eb greqisht, mbiemrat pajtohen me emrat q\u00eb modifikojn\u00eb n\u00eb gjini, num\u00ebr dhe rast, dhe kan\u00eb deformime t\u00eb ndryshme n\u00eb var\u00ebsi t\u00eb k\u00ebtyre vetive.<\/p>\n\n\n\n<h3 class=\"wp-block-heading\" id=\"h-4-pronouns-determiners\">4. P\u00ebremrat\/p\u00ebrcaktuesit:<\/h3>\n\n\n\n<p>P\u00ebremrat p\u00ebrdoren p\u00ebr t\u00eb z\u00ebvend\u00ebsuar emrat, nd\u00ebrsa p\u00ebrcaktuesit i specifikojn\u00eb ose i p\u00ebrcaktojn\u00eb ato. N\u00eb greqisht, si p\u00ebremrat ashtu edhe p\u00ebrcaktuesit p\u00ebrkulen p\u00ebr gjinin\u00eb, numrin dhe rastin, ashtu si emrat dhe mbiemrat. Disa shembuj p\u00ebrfshijn\u00eb p\u00ebremrat personal\u00eb (un\u00eb, ti, <a href=\"https:\/\/talkpal.ai\/speaking-with-ai\/\">ai<\/a>, ajo, etj.), p\u00ebremrat demonstrativ\u00eb (kjo, ajo) dhe p\u00ebremrat pronor\u00eb (im, juaj, i tij, ajo, etj.).<\/p>\n\n\n\n<h3 class=\"wp-block-heading\" id=\"h-5-verbs\">5. Foljet:<\/h3>\n\n\n\n<p>Foljet shprehin veprime, dukuri ose gjendje. Foljet greke kan\u00eb forma t\u00eb ndryshme n\u00eb var\u00ebsi t\u00eb koh\u00ebs, humorit, z\u00ebrit dhe personit. T\u00eb kuptuarit e konjugimeve t\u00eb ndryshme dhe m\u00ebnyr\u00ebs <a href=\"https:\/\/talkpal.ai\/culture\/what-is-the-difference-between-se-and-si\/\">se si<\/a> p\u00ebrdoren ato \u00ebsht\u00eb thelb\u00ebsore p\u00ebr nd\u00ebrtimin dhe kuptimin e fjalive.<\/p>\n\n\n\n<h3 class=\"wp-block-heading\" id=\"h-6-tenses\">6. Koh\u00ebt:<\/h3>\n\n\n\n<p>Greqishtja ka disa koh\u00eb, t\u00eb tilla si e tashmja, e kaluara dhe e ardhmja. \u00c7do koh\u00eb p\u00ebrdoret p\u00ebr t\u00eb treguar koh\u00ebn e nj\u00eb veprimi, ngjarjeje ose gjendjeje. M\u00ebsimi i koh\u00ebve t\u00eb ndryshme dhe konjugimeve t\u00eb tyre do t&#8217;ju ndihmoj\u00eb t\u00eb shpreheni me sakt\u00ebsi dhe t\u00eb kuptoni t\u00eb tjer\u00ebt.<\/p>\n\n\n\n<h3 class=\"wp-block-heading\" id=\"h-7-tense-comparison\">7. Krahasimi i tensionit:<\/h3>\n\n\n\n<p>Krahasimi i koh\u00ebve n\u00eb greqisht \u00ebsht\u00eb i r\u00ebnd\u00ebsish\u00ebm p\u00ebr t\u00eb kuptuar nuancat e gjuh\u00ebs. Kjo p\u00ebrfshin t\u00eb m\u00ebsuarit se si t\u00eb shprehni veprime ose gjendje q\u00eb ndodhin nj\u00ebkoh\u00ebsisht, n\u00eb m\u00ebnyr\u00eb sekuenciale ose t\u00eb kusht\u00ebzuar.<\/p>\n\n\n\n<h3 class=\"wp-block-heading\" id=\"h-8-progressive\">8. Progresive:<\/h3>\n\n\n\n<p>Aspekti progresiv n\u00eb greqisht p\u00ebrdoret p\u00ebr t\u00eb treguar veprime t\u00eb vazhdueshme ose t\u00eb vazhdueshme. T\u00eb m\u00ebsosh se si t\u00eb formosh dhe p\u00ebrdor\u00ebsh aspektin progresiv do t&#8217;ju ndihmoj\u00eb t\u00eb p\u00ebrcillni veprimet q\u00eb po ndodhin p\u00ebr momentin ose po ndodhnin n\u00eb t\u00eb kaluar\u00ebn.<\/p>\n\n\n\n<h3 class=\"wp-block-heading\" id=\"h-9-perfect-progressive\">9. Progresiv i p\u00ebrsosur:<\/h3>\n\n\n\n<p>Aspekti i p\u00ebrsosur progresiv n\u00eb greqisht kombinon konceptet e p\u00ebrfundimit dhe vazhdim\u00ebsis\u00eb. P\u00ebrdoret p\u00ebr t\u00eb shprehur veprime ose gjendje q\u00eb filluan n\u00eb t\u00eb kaluar\u00ebn dhe vazhduan deri n\u00eb nj\u00eb moment t\u00eb caktuar n\u00eb koh\u00eb.<\/p>\n\n\n\n<h3 class=\"wp-block-heading\" id=\"h-10-adverbs\">10. Ndajfoljet:<\/h3>\n\n\n\n<p>Ndajfoljet ofrojn\u00eb informacion shtes\u00eb <a href=\"https:\/\/talkpal.ai\/sq\/rreth\/\">rreth<\/a> foljeve, mbiemrave ose ndajfoljeve t\u00eb tjera. Ata mund t\u00eb shprehin m\u00ebnyr\u00ebn, frekuenc\u00ebn, shkall\u00ebn, koh\u00ebn ose vendin. M\u00ebsimi i llojeve t\u00eb ndryshme t\u00eb ndajfoljeve dhe vendosja e tyre e duhur n\u00eb nj\u00eb fjali do t\u00eb p\u00ebrmir\u00ebsoj\u00eb rrjedhshm\u00ebrin\u00eb tuaj t\u00eb p\u00ebrgjithshme n\u00eb greqisht.<\/p>\n\n\n\n<h3 class=\"wp-block-heading\" id=\"h-11-conditionals\">11. Kusht\u00ebzuese:<\/h3>\n\n\n\n<p>Kusht\u00ebzimet p\u00ebrdoren p\u00ebr t\u00eb shprehur situata hipotetike dhe pasojat e tyre. Greqishtja ka disa lloje t\u00eb kusht\u00ebzuara, duke p\u00ebrfshir\u00eb reale, joreale dhe t\u00eb p\u00ebrziera. T\u00eb kuptuarit dhe p\u00ebrdorimi i kusht\u00ebzimeve \u00ebsht\u00eb i nevojsh\u00ebm p\u00ebr t\u00eb shprehur mendime dhe ide komplekse.<\/p>\n\n\n\n<h3 class=\"wp-block-heading\" id=\"h-12-prepositions\">12. Parafjal\u00ebt:<\/h3>\n\n\n\n<p>Parafjal\u00ebt jan\u00eb fjal\u00eb t\u00eb vogla q\u00eb tregojn\u00eb marr\u00ebdh\u00ebniet midis emrave, p\u00ebremrave ose fjal\u00ebve t\u00eb tjera n\u00eb nj\u00eb fjali. Ata mund t\u00eb shprehin vendndodhjen, koh\u00ebn, drejtimin, shkakun dhe m\u00eb shum\u00eb. M\u00ebsimi i parafjal\u00ebve t\u00eb ndryshme dhe p\u00ebrdorimi i sakt\u00eb i tyre do t&#8217;ju ndihmoj\u00eb t\u00eb formoni fjali m\u00eb t\u00eb sakta dhe koherente.<\/p>\n\n\n\n<h3 class=\"wp-block-heading\" id=\"h-13-sentences\">13. Fjalit\u00eb:<\/h3>\n\n\n\n<p>S\u00eb fundi, zot\u00ebrimi i struktur\u00ebs s\u00eb fjalis\u00eb \u00ebsht\u00eb thelb\u00ebsor p\u00ebr t\u00eb komunikuar n\u00eb m\u00ebnyr\u00eb efektive n\u00eb greqisht. Kjo p\u00ebrfshin t\u00eb kuptuarit e rendit t\u00eb sakt\u00eb t\u00eb fjal\u00ebve dhe p\u00ebrdorimin e element\u00ebve t\u00eb ndrysh\u00ebm <a href=\"https:\/\/talkpal.ai\/grammar\/\">gramatik\u00eb<\/a>, si subjekti, folja dhe objekti. Duke m\u00ebsuar se si t\u00eb nd\u00ebrtoni lloje t\u00eb ndryshme fjalish, do t\u00eb jeni n\u00eb rrug\u00ebn tuaj p\u00ebr t&#8217;u b\u00ebr\u00eb t\u00eb aft\u00eb n\u00eb greqisht.<\/p>\n<\/div><\/div>\n\r\n<section class=\"learnNavigationSection\">\r\n            \r\n        <a href=\"https:\/\/talkpal.ai\/sq\/meso-greqisht\/\">\r\n            <div class=\"learnNavigationWrapper\">\r\n                <div class=\"learnNavigationContent\">\r\n                    <img decoding=\"async\" src=\"https:\/\/talkpal.ai\/wp-content\/uploads\/2024\/08\/Greek.jpg\" alt=\"Greek Flag\">\r\n                    <div>\r\n                        <h4>Rreth m\u00ebsimit t\u00eb greqishtes<\/h4>\r\n                        <p>M\u00ebsoni gjith\u00e7ka rreth gramatik\u00ebs greke.<\/p>\r\n                    <\/div>\r\n                <\/div>\r\n            <\/div>\r\n        <\/a>\r\n\r\n        \r\n        <a href=\"https:\/\/talkpal.ai\/sq\/gramatika-greke\/\">\r\n            <div class=\"learnNavigationWrapper\">\r\n                <div class=\"learnNavigationContent\">\r\n                    <img decoding=\"async\" src=\"https:\/\/talkpal.ai\/wp-content\/uploads\/2024\/08\/Greek.jpg\" alt=\"Greek Flag\">\r\n                    <div>\r\n                        <h4>M\u00ebsime t\u00eb gramatik\u00ebs greke<\/h4>\r\n                        <p>Praktikoni gramatik\u00ebn greke.<\/p>\r\n                    <\/div>\r\n                <\/div>\r\n            <\/div>\r\n        <\/a>\r\n\r\n        \r\n        <a href=\"https:\/\/talkpal.ai\/vocabulary_language\/greek\/\">\r\n            <div class=\"learnNavigationWrapper\">\r\n                <div class=\"learnNavigationContent\">\r\n                    <img decoding=\"async\" src=\"https:\/\/talkpal.ai\/wp-content\/uploads\/2024\/08\/Greek.jpg\" alt=\"Greek Flag\">\r\n                    <div>\r\n                        <h4>Fjalori grek<\/h4>\r\n                        <p>Zgjeroni fjalorin tuaj grek.<\/p>\r\n                    <\/div>\r\n                <\/div>\r\n            <\/div>\r\n        <\/a>\r\n\r\n            <\/section>","protected":false},"excerpt":{"rendered":"<p>Temat e gramatik\u00ebs greke M\u00ebsimi i greqishtes mund t\u00eb jet\u00eb nj\u00eb p\u00ebrvoj\u00eb tep\u00ebr shp\u00ebrblyese pasi ofron nj\u00eb port\u00eb drejt nj\u00eb kulture, let\u00ebrsie dhe historie t\u00eb pasur dhe t\u00eb larmishme. Gjuha greke ka nj\u00eb struktur\u00eb unike gramatikore q\u00eb mund t\u00eb jet\u00eb magjeps\u00ebse p\u00ebr t&#8217;u eksploruar. Njohja me gramatik\u00ebn greke \u00ebsht\u00eb thelb\u00ebsore p\u00ebr zot\u00ebrimin e gjuh\u00ebs, pasi [&hellip;]<\/p>\n","protected":false},"author":6,"featured_media":1442851,"parent":0,"menu_order":0,"comment_status":"closed","ping_status":"closed","template":"LearningContentPage.php","meta":{"_acf_changed":false,"footnotes":""},"class_list":["post-1446700","page","type-page","status-publish","has-post-thumbnail","hentry"],"acf":[],"yoast_head":"<!-- This site is optimized with the Yoast SEO Premium plugin v27.2 (Yoast SEO v27.2) - https:\/\/yoast.com\/product\/yoast-seo-premium-wordpress\/ -->\n<title>Ushtrimet gramatikore greke - Talkpal<\/title>\n<meta name=\"description\" content=\"P\u00ebrmir\u00ebsoni leht\u00ebsisht aft\u00ebsit\u00eb tuaja t\u00eb gramatik\u00ebs greke - praktikoni ushtrime interaktive, p\u00ebrmir\u00ebsoheni shpejt dhe nd\u00ebrtoni besim me TalkPal AI.\" \/>\n<meta name=\"robots\" content=\"index, follow, max-snippet:-1, max-image-preview:large, max-video-preview:-1\" \/>\n<link rel=\"canonical\" href=\"https:\/\/talkpal.ai\/sq\/ushtrimet-gramatikore-greke\/\" \/>\n<meta property=\"og:locale\" content=\"sq_AL\" \/>\n<meta property=\"og:type\" content=\"article\" \/>\n<meta property=\"og:title\" content=\"Ushtrimet gramatikore greke\" \/>\n<meta property=\"og:description\" content=\"Temat e gramatik\u00ebs greke M\u00ebsimi i greqishtes mund t\u00eb jet\u00eb nj\u00eb p\u00ebrvoj\u00eb tep\u00ebr shp\u00ebrblyese pasi ofron nj\u00eb port\u00eb drejt nj\u00eb kulture, let\u00ebrsie dhe historie t\u00eb\" \/>\n<meta property=\"og:url\" content=\"https:\/\/talkpal.ai\/sq\/ushtrimet-gramatikore-greke\/\" \/>\n<meta property=\"og:site_name\" content=\"Talkpal\" \/>\n<meta property=\"article:publisher\" content=\"https:\/\/www.facebook.com\/profile.php?id=100090733639311\" \/>\n<meta property=\"article:modified_time\" content=\"2025-12-17T16:05:48+00:00\" \/>\n<meta property=\"og:image\" content=\"https:\/\/talkpal.ai\/wp-content\/uploads\/2023\/05\/greece.png\" \/>\n\t<meta property=\"og:image:width\" content=\"512\" \/>\n\t<meta property=\"og:image:height\" content=\"512\" \/>\n\t<meta property=\"og:image:type\" content=\"image\/png\" \/>\n<meta name=\"twitter:card\" content=\"summary_large_image\" \/>\n<meta name=\"twitter:site\" content=\"@talkpalai\" \/>\n<meta name=\"twitter:label1\" content=\"Est. reading time\" \/>\n\t<meta name=\"twitter:data1\" content=\"4 minutes\" \/>\n<script type=\"application\/ld+json\" class=\"yoast-schema-graph\">{\"@context\":\"https:\/\/schema.org\",\"@graph\":[{\"@type\":\"WebPage\",\"@id\":\"https:\/\/talkpal.ai\/sq\/ushtrimet-gramatikore-greke\/\",\"url\":\"https:\/\/talkpal.ai\/sq\/ushtrimet-gramatikore-greke\/\",\"name\":\"Ushtrimet gramatikore greke - Talkpal\",\"isPartOf\":{\"@id\":\"https:\/\/talkpal.ai\/sq\/#website\"},\"primaryImageOfPage\":{\"@id\":\"https:\/\/talkpal.ai\/sq\/ushtrimet-gramatikore-greke\/#primaryimage\"},\"image\":{\"@id\":\"https:\/\/talkpal.ai\/sq\/ushtrimet-gramatikore-greke\/#primaryimage\"},\"thumbnailUrl\":\"https:\/\/talkpal.ai\/wp-content\/uploads\/2023\/05\/greece.png\",\"datePublished\":\"2023-06-21T14:18:43+00:00\",\"dateModified\":\"2025-12-17T16:05:48+00:00\",\"description\":\"P\u00ebrmir\u00ebsoni leht\u00ebsisht aft\u00ebsit\u00eb tuaja t\u00eb gramatik\u00ebs greke - praktikoni ushtrime interaktive, p\u00ebrmir\u00ebsoheni shpejt dhe nd\u00ebrtoni besim me TalkPal AI.\",\"breadcrumb\":{\"@id\":\"https:\/\/talkpal.ai\/sq\/ushtrimet-gramatikore-greke\/#breadcrumb\"},\"inLanguage\":\"sq-AL\",\"potentialAction\":[{\"@type\":\"ReadAction\",\"target\":[\"https:\/\/talkpal.ai\/sq\/ushtrimet-gramatikore-greke\/\"]}]},{\"@type\":\"ImageObject\",\"inLanguage\":\"sq-AL\",\"@id\":\"https:\/\/talkpal.ai\/sq\/ushtrimet-gramatikore-greke\/#primaryimage\",\"url\":\"https:\/\/talkpal.ai\/wp-content\/uploads\/2023\/05\/greece.png\",\"contentUrl\":\"https:\/\/talkpal.ai\/wp-content\/uploads\/2023\/05\/greece.png\",\"width\":512,\"height\":512,\"caption\":\"TalkPal Greece Flag\"},{\"@type\":\"BreadcrumbList\",\"@id\":\"https:\/\/talkpal.ai\/sq\/ushtrimet-gramatikore-greke\/#breadcrumb\",\"itemListElement\":[{\"@type\":\"ListItem\",\"position\":1,\"name\":\"Homepage\",\"item\":\"https:\/\/talkpal.ai\/sq\/\"},{\"@type\":\"ListItem\",\"position\":2,\"name\":\"Ushtrimet gramatikore greke\"}]},{\"@type\":\"WebSite\",\"@id\":\"https:\/\/talkpal.ai\/sq\/#website\",\"url\":\"https:\/\/talkpal.ai\/sq\/\",\"name\":\"Talkpal\",\"description\":\"AI Language Learning\",\"publisher\":{\"@id\":\"https:\/\/talkpal.ai\/sq\/#organization\"},\"alternateName\":\"Talkpal AI\",\"potentialAction\":[{\"@type\":\"SearchAction\",\"target\":{\"@type\":\"EntryPoint\",\"urlTemplate\":\"https:\/\/talkpal.ai\/sq\/?s={search_term_string}\"},\"query-input\":{\"@type\":\"PropertyValueSpecification\",\"valueRequired\":true,\"valueName\":\"search_term_string\"}}],\"inLanguage\":\"sq-AL\"},{\"@type\":\"Organization\",\"@id\":\"https:\/\/talkpal.ai\/sq\/#organization\",\"name\":\"Talkpal, Inc.\",\"alternateName\":\"Talkpal AI\",\"url\":\"https:\/\/talkpal.ai\/sq\/\",\"logo\":{\"@type\":\"ImageObject\",\"inLanguage\":\"sq-AL\",\"@id\":\"https:\/\/talkpal.ai\/sq\/#\/schema\/logo\/image\/\",\"url\":\"https:\/\/talkpal.ai\/wp-content\/uploads\/2024\/03\/Talkpal-Logo-Icon.png\",\"contentUrl\":\"https:\/\/talkpal.ai\/wp-content\/uploads\/2024\/03\/Talkpal-Logo-Icon.png\",\"width\":2880,\"height\":2880,\"caption\":\"Talkpal, Inc.\"},\"image\":{\"@id\":\"https:\/\/talkpal.ai\/sq\/#\/schema\/logo\/image\/\"},\"sameAs\":[\"https:\/\/www.facebook.com\/profile.php?id=100090733639311\",\"https:\/\/x.com\/talkpalai\",\"https:\/\/www.linkedin.com\/company\/talkpal\/\",\"https:\/\/www.youtube.com\/@TalkPal\/\",\"https:\/\/www.tiktok.com\/@talkpal\",\"https:\/\/www.instagram.com\/talkpal_ai\/\",\"https:\/\/www.crunchbase.com\/organization\/talkpal-9cde\",\"https:\/\/www.g2.com\/products\/talkpal-for-business\/\",\"https:\/\/www.trustpilot.com\/review\/talkpal.ai\",\"https:\/\/www.capterra.com\/p\/10006800\/TalkPal\/\"],\"description\":\"Talkpal is a language learning web and mobile education app, powered by the latest AI technologies, that provides engaging experiences to its customers in many different languages to help them improve their language skills. Users can chat about unlimited amount of topics with the app and use other modes to practice their language learning.\",\"email\":\"support@talkpal.ai\",\"legalName\":\"Talkpal, Inc.\",\"foundingDate\":\"2023-04-03\",\"duns\":\"118989042\",\"numberOfEmployees\":{\"@type\":\"QuantitativeValue\",\"minValue\":\"11\",\"maxValue\":\"50\"},\"publishingPrinciples\":\"https:\/\/talkpal.ai\/publishing-principles\/\",\"actionableFeedbackPolicy\":\"https:\/\/talkpal.ai\/actionable-feedback-policy\/\",\"correctionsPolicy\":\"https:\/\/talkpal.ai\/corrections-policy\/\",\"ethicsPolicy\":\"https:\/\/talkpal.ai\/ethics-policy\/\",\"diversityPolicy\":\"https:\/\/talkpal.ai\/diversity-policy\/\",\"diversityStaffingReport\":\"https:\/\/talkpal.ai\/diversity-policy\/\"}]}<\/script>\n<!-- \/ Yoast SEO Premium plugin. -->","yoast_head_json":{"title":"Ushtrimet gramatikore greke - Talkpal","description":"P\u00ebrmir\u00ebsoni leht\u00ebsisht aft\u00ebsit\u00eb tuaja t\u00eb gramatik\u00ebs greke - praktikoni ushtrime interaktive, p\u00ebrmir\u00ebsoheni shpejt dhe nd\u00ebrtoni besim me TalkPal AI.","robots":{"index":"index","follow":"follow","max-snippet":"max-snippet:-1","max-image-preview":"max-image-preview:large","max-video-preview":"max-video-preview:-1"},"canonical":"https:\/\/talkpal.ai\/sq\/ushtrimet-gramatikore-greke\/","og_locale":"sq_AL","og_type":"article","og_title":"Ushtrimet gramatikore greke","og_description":"Temat e gramatik\u00ebs greke M\u00ebsimi i greqishtes mund t\u00eb jet\u00eb nj\u00eb p\u00ebrvoj\u00eb tep\u00ebr shp\u00ebrblyese pasi ofron nj\u00eb port\u00eb drejt nj\u00eb kulture, let\u00ebrsie dhe historie t\u00eb","og_url":"https:\/\/talkpal.ai\/sq\/ushtrimet-gramatikore-greke\/","og_site_name":"Talkpal","article_publisher":"https:\/\/www.facebook.com\/profile.php?id=100090733639311","article_modified_time":"2025-12-17T16:05:48+00:00","og_image":[{"width":512,"height":512,"url":"https:\/\/talkpal.ai\/wp-content\/uploads\/2023\/05\/greece.png","type":"image\/png"}],"twitter_card":"summary_large_image","twitter_site":"@talkpalai","twitter_misc":{"Est. reading time":"4 minutes"},"schema":{"@context":"https:\/\/schema.org","@graph":[{"@type":"WebPage","@id":"https:\/\/talkpal.ai\/sq\/ushtrimet-gramatikore-greke\/","url":"https:\/\/talkpal.ai\/sq\/ushtrimet-gramatikore-greke\/","name":"Ushtrimet gramatikore greke - Talkpal","isPartOf":{"@id":"https:\/\/talkpal.ai\/sq\/#website"},"primaryImageOfPage":{"@id":"https:\/\/talkpal.ai\/sq\/ushtrimet-gramatikore-greke\/#primaryimage"},"image":{"@id":"https:\/\/talkpal.ai\/sq\/ushtrimet-gramatikore-greke\/#primaryimage"},"thumbnailUrl":"https:\/\/talkpal.ai\/wp-content\/uploads\/2023\/05\/greece.png","datePublished":"2023-06-21T14:18:43+00:00","dateModified":"2025-12-17T16:05:48+00:00","description":"P\u00ebrmir\u00ebsoni leht\u00ebsisht aft\u00ebsit\u00eb tuaja t\u00eb gramatik\u00ebs greke - praktikoni ushtrime interaktive, p\u00ebrmir\u00ebsoheni shpejt dhe nd\u00ebrtoni besim me TalkPal AI.","breadcrumb":{"@id":"https:\/\/talkpal.ai\/sq\/ushtrimet-gramatikore-greke\/#breadcrumb"},"inLanguage":"sq-AL","potentialAction":[{"@type":"ReadAction","target":["https:\/\/talkpal.ai\/sq\/ushtrimet-gramatikore-greke\/"]}]},{"@type":"ImageObject","inLanguage":"sq-AL","@id":"https:\/\/talkpal.ai\/sq\/ushtrimet-gramatikore-greke\/#primaryimage","url":"https:\/\/talkpal.ai\/wp-content\/uploads\/2023\/05\/greece.png","contentUrl":"https:\/\/talkpal.ai\/wp-content\/uploads\/2023\/05\/greece.png","width":512,"height":512,"caption":"TalkPal Greece Flag"},{"@type":"BreadcrumbList","@id":"https:\/\/talkpal.ai\/sq\/ushtrimet-gramatikore-greke\/#breadcrumb","itemListElement":[{"@type":"ListItem","position":1,"name":"Homepage","item":"https:\/\/talkpal.ai\/sq\/"},{"@type":"ListItem","position":2,"name":"Ushtrimet gramatikore greke"}]},{"@type":"WebSite","@id":"https:\/\/talkpal.ai\/sq\/#website","url":"https:\/\/talkpal.ai\/sq\/","name":"Talkpal","description":"AI Language Learning","publisher":{"@id":"https:\/\/talkpal.ai\/sq\/#organization"},"alternateName":"Talkpal AI","potentialAction":[{"@type":"SearchAction","target":{"@type":"EntryPoint","urlTemplate":"https:\/\/talkpal.ai\/sq\/?s={search_term_string}"},"query-input":{"@type":"PropertyValueSpecification","valueRequired":true,"valueName":"search_term_string"}}],"inLanguage":"sq-AL"},{"@type":"Organization","@id":"https:\/\/talkpal.ai\/sq\/#organization","name":"Talkpal, Inc.","alternateName":"Talkpal AI","url":"https:\/\/talkpal.ai\/sq\/","logo":{"@type":"ImageObject","inLanguage":"sq-AL","@id":"https:\/\/talkpal.ai\/sq\/#\/schema\/logo\/image\/","url":"https:\/\/talkpal.ai\/wp-content\/uploads\/2024\/03\/Talkpal-Logo-Icon.png","contentUrl":"https:\/\/talkpal.ai\/wp-content\/uploads\/2024\/03\/Talkpal-Logo-Icon.png","width":2880,"height":2880,"caption":"Talkpal, Inc."},"image":{"@id":"https:\/\/talkpal.ai\/sq\/#\/schema\/logo\/image\/"},"sameAs":["https:\/\/www.facebook.com\/profile.php?id=100090733639311","https:\/\/x.com\/talkpalai","https:\/\/www.linkedin.com\/company\/talkpal\/","https:\/\/www.youtube.com\/@TalkPal\/","https:\/\/www.tiktok.com\/@talkpal","https:\/\/www.instagram.com\/talkpal_ai\/","https:\/\/www.crunchbase.com\/organization\/talkpal-9cde","https:\/\/www.g2.com\/products\/talkpal-for-business\/","https:\/\/www.trustpilot.com\/review\/talkpal.ai","https:\/\/www.capterra.com\/p\/10006800\/TalkPal\/"],"description":"Talkpal is a language learning web and mobile education app, powered by the latest AI technologies, that provides engaging experiences to its customers in many different languages to help them improve their language skills. Users can chat about unlimited amount of topics with the app and use other modes to practice their language learning.","email":"support@talkpal.ai","legalName":"Talkpal, Inc.","foundingDate":"2023-04-03","duns":"118989042","numberOfEmployees":{"@type":"QuantitativeValue","minValue":"11","maxValue":"50"},"publishingPrinciples":"https:\/\/talkpal.ai\/publishing-principles\/","actionableFeedbackPolicy":"https:\/\/talkpal.ai\/actionable-feedback-policy\/","correctionsPolicy":"https:\/\/talkpal.ai\/corrections-policy\/","ethicsPolicy":"https:\/\/talkpal.ai\/ethics-policy\/","diversityPolicy":"https:\/\/talkpal.ai\/diversity-policy\/","diversityStaffingReport":"https:\/\/talkpal.ai\/diversity-policy\/"}]}},"_links":{"self":[{"href":"https:\/\/talkpal.ai\/sq\/wp-json\/wp\/v2\/pages\/1446700","targetHints":{"allow":["GET"]}}],"collection":[{"href":"https:\/\/talkpal.ai\/sq\/wp-json\/wp\/v2\/pages"}],"about":[{"href":"https:\/\/talkpal.ai\/sq\/wp-json\/wp\/v2\/types\/page"}],"author":[{"embeddable":true,"href":"https:\/\/talkpal.ai\/sq\/wp-json\/wp\/v2\/users\/6"}],"replies":[{"embeddable":true,"href":"https:\/\/talkpal.ai\/sq\/wp-json\/wp\/v2\/comments?post=1446700"}],"version-history":[{"count":0,"href":"https:\/\/talkpal.ai\/sq\/wp-json\/wp\/v2\/pages\/1446700\/revisions"}],"wp:featuredmedia":[{"embeddable":true,"href":"https:\/\/talkpal.ai\/sq\/wp-json\/wp\/v2\/media\/1442851"}],"wp:attachment":[{"href":"https:\/\/talkpal.ai\/sq\/wp-json\/wp\/v2\/media?parent=1446700"}],"curies":[{"name":"wp","href":"https:\/\/api.w.org\/{rel}","templated":true}]}}