{"id":1446139,"date":"2023-03-26T12:27:22","date_gmt":"2023-03-26T12:27:22","guid":{"rendered":"https:\/\/talkpal.ai\/gramatika-italiane\/"},"modified":"2025-09-06T20:40:33","modified_gmt":"2025-09-06T20:40:33","slug":"gramatika-italiane","status":"publish","type":"page","link":"https:\/\/talkpal.ai\/sq\/gramatika-italiane\/","title":{"rendered":"Gramatika italiane"},"content":{"rendered":"\r\n\r\n\r\n<section class=\"languageChallengeSection\">\r\n    <div class=\"languageInfoWrapper\">\r\n        \r\n        <h1>Gramatika italiane<\/h1>\r\n        <p>Zbuloni themelet e gjuh\u00ebs italiane duke m\u00ebsuar rregullat thelb\u00ebsore t\u00eb gramatik\u00ebs. Zot\u00ebrimi i gramatik\u00ebs italiane do t&#039;ju ndihmoj\u00eb t\u00eb shpreheni me besim dhe t\u00eb lidheni m\u00eb thell\u00eb me kultur\u00ebn e pasur t\u00eb Italis\u00eb. Filloni t\u00eb m\u00ebsoni gramatik\u00ebn italiane sot dhe hidhni hapin tuaj t\u00eb par\u00eb drejt rrjedhshm\u00ebris\u00eb!<\/p>\r\n\r\n                            <a class=\"getStartedHidden\" href=\"https:\/\/app.talkpal.ai\/signup?lng=\">Filloni<\/a>\r\n        \r\n    <\/div>\r\n\r\n    <figure>\r\n    <img decoding=\"async\" width=\"768\" height=\"768\" src=\"https:\/\/talkpal.ai\/wp-content\/uploads\/2023\/06\/italian-768x768.png\" class=\"languageImage no-lazy\" alt=\"Language learning for increased memory capacity\" fetchpriority=\"high\" sizes=\"(max-width: 768px) 150px, 768px\" srcset=\"https:\/\/talkpal.ai\/wp-content\/uploads\/2023\/06\/italian-768x768.png 768w, https:\/\/talkpal.ai\/wp-content\/uploads\/2023\/06\/italian-300x300.png 300w\" \/>\r\n    \r\n\r\n    <\/figure>\r\n\r\n            <a class=\"getStartedVisible\" href=\"https:\/\/app.talkpal.ai\/signup?lng=\">Filloni<\/a>\r\n    \r\n<\/section>\r\n<section class=\"promotionalBanner\">\r\n    <p class=\"promotionalText\">M\u00ebnyra m\u00eb efikase p\u00ebr t\u00eb m\u00ebsuar nj\u00eb gjuh\u00eb<\/p>\r\n    <a class=\"promotionalLink\" href=\"https:\/\/app.talkpal.ai\/signup?lng=\">Provoni Talkpal falas<\/a>\r\n<\/section>\n<div class=\"wp-block-group pageContainerStyle\"><div class=\"wp-block-group__inner-container is-layout-constrained wp-block-group-is-layout-constrained\">\n<h2 class=\"wp-block-heading\" id=\"h-mastering-the-art-of-italian-grammar-your-ultimate-guide\">Zot\u00ebrimi i artit t\u00eb gramatik\u00ebs italiane: Udh\u00ebzuesi juaj p\u00ebrfundimtar<\/h2>\n\n\n\n<p>Ciao, <a href=\"https:\/\/talkpal.ai\/talkpal-discount-for-language-enthusiasts\/\">entuziast\u00eb t\u00eb gjuh\u00ebs<\/a>! Gati p\u00ebr t&#8217;u zhytur me kok\u00eb n\u00eb bot\u00ebn e gramatik\u00ebs italiane? Ju keni ardhur n\u00eb vendin e duhur. I mbushur me informacione q\u00eb jan\u00eb t\u00eb lehta p\u00ebr t&#8217;u tretur dhe biseduese n\u00eb ton, ky artikull do t&#8217;ju udh\u00ebheq\u00eb n\u00ebp\u00ebr bot\u00ebn magjeps\u00ebse (dhe ndonj\u00ebher\u00eb t\u00eb nd\u00ebrlikuar) t\u00eb gramatik\u00ebs italiane, n\u00eb m\u00ebnyr\u00eb q\u00eb t\u00eb mund t\u00eb nd\u00ebrtoni me besim fjali dhe t\u00eb b\u00ebni biseda kuptimplota me fol\u00ebsit amtare. Pra, lidhuni dhe le t\u00eb fillojm\u00eb!<\/p>\n\n\n\n<h3 class=\"wp-block-heading\" id=\"h-but-first-why-italian-grammar\">Por s\u00eb pari, pse gramatika italiane?<\/h3>\n\n\n\n<p>N\u00ebse jeni duke m\u00ebsuar italisht, nj\u00eb baz\u00eb e fort\u00eb n\u00eb <a href=\"https:\/\/talkpal.ai\/grammar\/\">gramatik\u00eb<\/a> \u00ebsht\u00eb thelb\u00ebsore p\u00ebr t\u00eb folur, lexuar dhe shkruar rrjedhsh\u00ebm. <a href=\"https:\/\/talkpal.ai\/sq\/gramatika\/\">Gramatika<\/a> italiane mund t\u00eb duket komplekse n\u00eb fillim, por \u00ebsht\u00eb relativisht e drejtp\u00ebrdrejt\u00eb pasi e ndani at\u00eb n\u00eb pjes\u00eb m\u00eb t\u00eb vogla dhe m\u00eb t\u00eb menaxhueshme. Pra, le t\u00eb fillojm\u00eb udh\u00ebtimin tuaj drejt zot\u00ebrimit t\u00eb gramatik\u00ebs italiane!<\/p>\n\n\n\n<h3 class=\"wp-block-heading\" id=\"h-1-nouns-articles-and-gender\">1. Emrat, artikujt dhe gjinia<\/h3>\n\n\n\n<p>Emrat italian\u00eb vijn\u00eb n\u00eb dy gjini: mashkullor dhe fem\u00ebror. Ndryshe nga anglishtja, ku gjinia e emrit \u00ebsht\u00eb e par\u00ebnd\u00ebsishme, italishtja k\u00ebrkon gjinin\u00eb e duhur p\u00ebr nd\u00ebrtimin e duhur t\u00eb fjalis\u00eb. A mund ta merrni me mend gjinin\u00eb e emrave si &#8220;tavolo&#8221; (tavolin\u00eb) ose &#8220;casa&#8221; (sht\u00ebpi)? N\u00ebse keni marr\u00eb me mend mashkullin p\u00ebr &#8220;tavolo&#8221; dhe fem\u00ebror p\u00ebr &#8220;casa&#8221;, bravo!<\/p>\n\n\n\n<p>N\u00eb italisht, emrat zakonisht p\u00ebrfundojn\u00eb me &#8220;-o&#8221; p\u00ebr mashkullin dhe &#8220;-a&#8221; p\u00ebr fem\u00ebr. Ka p\u00ebrjashtime &#8211; disa fjal\u00eb p\u00ebrfundojn\u00eb me &#8220;-e&#8221; dhe mund t\u00eb jen\u00eb secila gjini &#8211; por tani p\u00ebr tani, le ta mbajm\u00eb parasysh k\u00ebt\u00eb parim baz\u00eb.<\/p>\n\n\n\n<p>Tani, le t\u00eb flasim p\u00ebr artikujt. Ashtu si n\u00eb <a href=\"https:\/\/talkpal.ai\/learn-english-with-ai\/\">anglisht<\/a>, na duhen artikuj para emrave. Italishtja ka artikuj t\u00eb p\u00ebrcaktuar (il, lo, la, i, gli, le) dhe t\u00eb pacaktuar (un, uno, una).<\/p>\n\n\n\n<p>Pra, si t\u00eb zgjedhim cilin artikull t\u00eb caktuar t\u00eb p\u00ebrdorim?<\/p>\n\n\n\n<p>\u2013 &#8220;il&#8221; dhe &#8220;i&#8221; p\u00ebr emrat mashkullor\u00eb q\u00eb fillojn\u00eb me nj\u00eb bashk\u00ebting\u00ebllore, p.sh., il libro (libri), i libri (librat)<br\/>\u2013 &#8220;lo&#8221; dhe &#8220;gli&#8221; p\u00ebr emrat mashkullor\u00eb q\u00eb fillojn\u00eb me &#8220;s&#8221; t\u00eb ndjekur nga nj\u00eb bashk\u00ebting\u00ebllore, nj\u00eb zanore (p\u00ebrve\u00e7 &#8220;u&#8221;), ose nj\u00eb &#8220;z&#8221;, p.sh., lo <a href=\"https:\/\/talkpal.ai\/talkpal-discount-for-students\/\">studente<\/a> (<a href=\"https:\/\/talkpal.ai\/talkpal-discount-for-students\/\">studenti<\/a>), gli studenti (student\u00ebt)<br\/>\u2013 &#8220;la&#8221; dhe &#8220;le&#8221; p\u00ebr emrat fem\u00ebror\u00eb, p.sh., la casa (sht\u00ebpia), le case (sht\u00ebpit\u00eb)<\/p>\n\n\n\n<h3 class=\"wp-block-heading\" id=\"h-2-adjectives-and-agreement\">2. Mbiemrat dhe marr\u00ebveshja<\/h3>\n\n\n\n<p>Mbiemrat n\u00eb italisht duhet t\u00eb pajtohen me emrin q\u00eb modifikojn\u00eb n\u00eb gjini dhe num\u00ebr. P\u00ebr shembull, p\u00ebr t\u00eb p\u00ebrshkruar nj\u00eb pic\u00eb t\u00eb shijshme, do t\u00eb thoni &#8220;una pizza deliziosa&#8221; dhe jo &#8220;delizioso&#8221;. Mos harroni, mbiemri zakonisht ndjek emrin n\u00eb italisht.<\/p>\n\n\n\n<h3 class=\"wp-block-heading\" id=\"h-3-verbs-tense-and-conjugation\">3. Foljet, koha dhe konjugimi<\/h3>\n\n\n\n<p>Foljet italiane jan\u00eb nj\u00eb pjes\u00eb kryesore e gramatik\u00ebs. Ekzistojn\u00eb tre kategori foljesh (-are, -ere dhe -ire) dhe mij\u00ebra folje t\u00eb parregullta, k\u00ebshtu q\u00eb ne kemi pun\u00ebn ton\u00eb t\u00eb prer\u00eb p\u00ebr ne! P\u00ebr t&#8217;ju dh\u00ebn\u00eb nj\u00eb p\u00ebrmbledhje t\u00eb shpejt\u00eb, le t\u00eb mbulojm\u00eb koh\u00ebn e tashme t\u00eb foljeve t\u00eb rregullta.<\/p>\n\n\n\n<p>\u2013 foljet &#8220;-are&#8221;: p.sh., parlare (t\u00eb flas\u00ebsh): io parlo, tu parli, lui\/lei <a href=\"https:\/\/talkpal.ai\/locations\/language-courses-in-parla\/\">parla<\/a>, noi parliamo, voi parlate, loro parlano<br\/>\u2013 foljet &#8220;-ere&#8221;: p.sh., leggere (p\u00ebr t\u00eb lexuar): io leggo, tu leggi, lui\/lei legge, noi leggiamo, voi leggete, loro leggono<br\/>\u2013 Foljet &#8220;-ire&#8221;: p.sh., finire (p\u00ebr t\u00eb p\u00ebrfunduar): io finisco, tu finisci, lui\/lei finisce, noi finiamo, voi finite, loro finiscono<\/p>\n\n\n\n<p>Mbani n\u00eb mend, kjo \u00ebsht\u00eb vet\u00ebm maja e ajsbergut! Ka shum\u00eb koh\u00eb t\u00eb tjera dhe folje t\u00eb parregullta p\u00ebr t\u00eb m\u00ebsuar, por \u00e7do udh\u00ebtim fillon me nj\u00eb hap t\u00eb vet\u00ebm.<\/p>\n\n\n\n<h3 class=\"wp-block-heading\" id=\"h-4-prepositions-pronouns-and-more\">4. Parafjal\u00ebt, p\u00ebremrat dhe m\u00eb shum\u00eb!<\/h3>\n\n\n\n<p><a href=\"https:\/\/talkpal.ai\/sq\/gramatika\/\">Gramatika<\/a> italiane ka shum\u00eb komponent\u00eb t\u00eb tjer\u00eb si parafjal\u00eb (di, a, da, in, su, etj.), p\u00ebremrat (io, tu, lui\/lei, etj.), foljet refleksive dhe shprehjet idiomatike. \u00c7do komponent \u00ebsht\u00eb \u00e7el\u00ebsi p\u00ebr t\u00eb zhbllokuar rrjedhshm\u00ebrin\u00eb tuaj, k\u00ebshtu q\u00eb hidheni hap pas hapi.<\/p>\n\n\n\n<p>Si p\u00ebrfundim, nuk ka asnj\u00eb rrug\u00eb t\u00eb shkurt\u00ebr p\u00ebr t\u00eb zot\u00ebruar gramatik\u00ebn italiane. K\u00ebrkon k\u00ebmb\u00ebngulje, praktik\u00eb dhe durim. Por pasi ta kuptoni, do t\u00eb jeni n\u00eb gjendje t\u00eb p\u00ebrjetoni bukurin\u00eb e bised\u00ebs n\u00eb italisht, zbulimin e kultur\u00ebs dhe historis\u00eb s\u00eb pasur dhe thellimin e vler\u00ebsimit tuaj p\u00ebr gjuh\u00ebn. Mir\u00eb fortuna!<\/p>\n<\/div><\/div>\n\r\n<section class=\"learnNavigationSection\">\r\n            \r\n        <a href=\"https:\/\/talkpal.ai\/sq\/meso-italisht\/\">\r\n            <div class=\"learnNavigationWrapper\">\r\n                <div class=\"learnNavigationContent\">\r\n                    <img decoding=\"async\" src=\"https:\/\/talkpal.ai\/wp-content\/uploads\/2024\/08\/Italian.jpg\" alt=\"Italian Flag\">\r\n                    <div>\r\n                        <h4>Rreth m\u00ebsimit t\u00eb italishtes<\/h4>\r\n                        <p>M\u00ebsoni gjith\u00e7ka rreth gramatik\u00ebs italiane.<\/p>\r\n                    <\/div>\r\n                <\/div>\r\n            <\/div>\r\n        <\/a>\r\n\r\n        \r\n        <a href=\"https:\/\/talkpal.ai\/sq\/ushtrimet-gramatikore-italiane\/\">\r\n            <div class=\"learnNavigationWrapper\">\r\n                <div class=\"learnNavigationContent\">\r\n                    <img decoding=\"async\" src=\"https:\/\/talkpal.ai\/wp-content\/uploads\/2024\/08\/Italian.jpg\" alt=\"Italian Flag\">\r\n                    <div>\r\n                        <h4>Ushtrimi i gramatik\u00ebs italiane<\/h4>\r\n                        <p>Praktikoni gramatik\u00ebn italiane.<\/p>\r\n                    <\/div>\r\n                <\/div>\r\n            <\/div>\r\n        <\/a>\r\n\r\n        \r\n        <a href=\"https:\/\/talkpal.ai\/vocabulary_language\/italian\/\">\r\n            <div class=\"learnNavigationWrapper\">\r\n                <div class=\"learnNavigationContent\">\r\n                    <img decoding=\"async\" src=\"https:\/\/talkpal.ai\/wp-content\/uploads\/2024\/08\/Italian.jpg\" alt=\"Italian Flag\">\r\n                    <div>\r\n                        <h4>Fjalori italian<\/h4>\r\n                        <p>Zgjeroni fjalorin tuaj italian.<\/p>\r\n                    <\/div>\r\n                <\/div>\r\n            <\/div>\r\n        <\/a>\r\n\r\n            <\/section>","protected":false},"excerpt":{"rendered":"<p>Zot\u00ebrimi i artit t\u00eb gramatik\u00ebs italiane: Udh\u00ebzuesi juaj p\u00ebrfundimtar Ciao, entuziast\u00eb t\u00eb gjuh\u00ebs! Gati p\u00ebr t&#8217;u zhytur me kok\u00eb n\u00eb bot\u00ebn e gramatik\u00ebs italiane? Ju keni ardhur n\u00eb vendin e duhur. I mbushur me informacione q\u00eb jan\u00eb t\u00eb lehta p\u00ebr t&#8217;u tretur dhe biseduese n\u00eb ton, ky artikull do t&#8217;ju udh\u00ebheq\u00eb n\u00ebp\u00ebr bot\u00ebn magjeps\u00ebse (dhe [&hellip;]<\/p>\n","protected":false},"author":1,"featured_media":1439802,"parent":0,"menu_order":0,"comment_status":"closed","ping_status":"closed","template":"LearningContentPage.php","meta":{"_acf_changed":false,"footnotes":""},"class_list":["post-1446139","page","type-page","status-publish","has-post-thumbnail","hentry"],"acf":[],"yoast_head":"<!-- This site is optimized with the Yoast SEO Premium plugin v27.2 (Yoast SEO v27.2) - https:\/\/yoast.com\/product\/yoast-seo-premium-wordpress\/ -->\n<title>Gramatika italiane - Talkpal<\/title>\n<meta name=\"description\" content=\"M\u00ebsoni leht\u00ebsisht gramatik\u00ebn italiane - praktikoni qart\u00eb, kuptoni rregullat dhe flisni m\u00eb mir\u00eb me udh\u00ebzime t\u00eb thjeshta nga TalkPal AI.\" \/>\n<meta name=\"robots\" content=\"index, follow, max-snippet:-1, max-image-preview:large, max-video-preview:-1\" \/>\n<link rel=\"canonical\" href=\"https:\/\/talkpal.ai\/sq\/gramatika-italiane\/\" \/>\n<meta property=\"og:locale\" content=\"sq_AL\" \/>\n<meta property=\"og:type\" content=\"article\" \/>\n<meta property=\"og:title\" content=\"Gramatika italiane\" \/>\n<meta property=\"og:description\" content=\"Zot\u00ebrimi i artit t\u00eb gramatik\u00ebs italiane: Udh\u00ebzuesi juaj p\u00ebrfundimtar Ciao, entuziast\u00eb t\u00eb gjuh\u00ebs! Gati p\u00ebr t&#039;u zhytur me kok\u00eb n\u00eb bot\u00ebn e gramatik\u00ebs\" \/>\n<meta property=\"og:url\" content=\"https:\/\/talkpal.ai\/sq\/gramatika-italiane\/\" \/>\n<meta property=\"og:site_name\" content=\"Talkpal\" \/>\n<meta property=\"article:publisher\" content=\"https:\/\/www.facebook.com\/profile.php?id=100090733639311\" \/>\n<meta property=\"article:modified_time\" content=\"2025-09-06T20:40:33+00:00\" \/>\n<meta property=\"og:image\" content=\"https:\/\/talkpal.ai\/wp-content\/uploads\/2023\/03\/italy.png\" \/>\n\t<meta property=\"og:image:width\" content=\"512\" \/>\n\t<meta property=\"og:image:height\" content=\"512\" \/>\n\t<meta property=\"og:image:type\" content=\"image\/png\" \/>\n<meta name=\"twitter:card\" content=\"summary_large_image\" \/>\n<meta name=\"twitter:site\" content=\"@talkpalai\" \/>\n<meta name=\"twitter:label1\" content=\"Est. reading time\" \/>\n\t<meta name=\"twitter:data1\" content=\"4 minutes\" \/>\n<script type=\"application\/ld+json\" class=\"yoast-schema-graph\">{\"@context\":\"https:\/\/schema.org\",\"@graph\":[{\"@type\":\"WebPage\",\"@id\":\"https:\/\/talkpal.ai\/sq\/gramatika-italiane\/\",\"url\":\"https:\/\/talkpal.ai\/sq\/gramatika-italiane\/\",\"name\":\"Gramatika italiane - Talkpal\",\"isPartOf\":{\"@id\":\"https:\/\/talkpal.ai\/sq\/#website\"},\"primaryImageOfPage\":{\"@id\":\"https:\/\/talkpal.ai\/sq\/gramatika-italiane\/#primaryimage\"},\"image\":{\"@id\":\"https:\/\/talkpal.ai\/sq\/gramatika-italiane\/#primaryimage\"},\"thumbnailUrl\":\"https:\/\/talkpal.ai\/wp-content\/uploads\/2023\/03\/italy.png\",\"datePublished\":\"2023-03-26T12:27:22+00:00\",\"dateModified\":\"2025-09-06T20:40:33+00:00\",\"description\":\"M\u00ebsoni leht\u00ebsisht gramatik\u00ebn italiane - praktikoni qart\u00eb, kuptoni rregullat dhe flisni m\u00eb mir\u00eb me udh\u00ebzime t\u00eb thjeshta nga TalkPal AI.\",\"breadcrumb\":{\"@id\":\"https:\/\/talkpal.ai\/sq\/gramatika-italiane\/#breadcrumb\"},\"inLanguage\":\"sq-AL\",\"potentialAction\":[{\"@type\":\"ReadAction\",\"target\":[\"https:\/\/talkpal.ai\/sq\/gramatika-italiane\/\"]}]},{\"@type\":\"ImageObject\",\"inLanguage\":\"sq-AL\",\"@id\":\"https:\/\/talkpal.ai\/sq\/gramatika-italiane\/#primaryimage\",\"url\":\"https:\/\/talkpal.ai\/wp-content\/uploads\/2023\/03\/italy.png\",\"contentUrl\":\"https:\/\/talkpal.ai\/wp-content\/uploads\/2023\/03\/italy.png\",\"width\":512,\"height\":512,\"caption\":\"TalkPal AI learn Italian\"},{\"@type\":\"BreadcrumbList\",\"@id\":\"https:\/\/talkpal.ai\/sq\/gramatika-italiane\/#breadcrumb\",\"itemListElement\":[{\"@type\":\"ListItem\",\"position\":1,\"name\":\"Homepage\",\"item\":\"https:\/\/talkpal.ai\/sq\/\"},{\"@type\":\"ListItem\",\"position\":2,\"name\":\"Gramatika italiane\"}]},{\"@type\":\"WebSite\",\"@id\":\"https:\/\/talkpal.ai\/sq\/#website\",\"url\":\"https:\/\/talkpal.ai\/sq\/\",\"name\":\"Talkpal\",\"description\":\"AI Language Learning\",\"publisher\":{\"@id\":\"https:\/\/talkpal.ai\/sq\/#organization\"},\"alternateName\":\"Talkpal AI\",\"potentialAction\":[{\"@type\":\"SearchAction\",\"target\":{\"@type\":\"EntryPoint\",\"urlTemplate\":\"https:\/\/talkpal.ai\/sq\/?s={search_term_string}\"},\"query-input\":{\"@type\":\"PropertyValueSpecification\",\"valueRequired\":true,\"valueName\":\"search_term_string\"}}],\"inLanguage\":\"sq-AL\"},{\"@type\":\"Organization\",\"@id\":\"https:\/\/talkpal.ai\/sq\/#organization\",\"name\":\"Talkpal, Inc.\",\"alternateName\":\"Talkpal AI\",\"url\":\"https:\/\/talkpal.ai\/sq\/\",\"logo\":{\"@type\":\"ImageObject\",\"inLanguage\":\"sq-AL\",\"@id\":\"https:\/\/talkpal.ai\/sq\/#\/schema\/logo\/image\/\",\"url\":\"https:\/\/talkpal.ai\/wp-content\/uploads\/2024\/03\/Talkpal-Logo-Icon.png\",\"contentUrl\":\"https:\/\/talkpal.ai\/wp-content\/uploads\/2024\/03\/Talkpal-Logo-Icon.png\",\"width\":2880,\"height\":2880,\"caption\":\"Talkpal, Inc.\"},\"image\":{\"@id\":\"https:\/\/talkpal.ai\/sq\/#\/schema\/logo\/image\/\"},\"sameAs\":[\"https:\/\/www.facebook.com\/profile.php?id=100090733639311\",\"https:\/\/x.com\/talkpalai\",\"https:\/\/www.linkedin.com\/company\/talkpal\/\",\"https:\/\/www.youtube.com\/@TalkPal\/\",\"https:\/\/www.tiktok.com\/@talkpal\",\"https:\/\/www.instagram.com\/talkpal_ai\/\",\"https:\/\/www.crunchbase.com\/organization\/talkpal-9cde\",\"https:\/\/www.g2.com\/products\/talkpal-for-business\/\",\"https:\/\/www.trustpilot.com\/review\/talkpal.ai\",\"https:\/\/www.capterra.com\/p\/10006800\/TalkPal\/\"],\"description\":\"Talkpal is a language learning web and mobile education app, powered by the latest AI technologies, that provides engaging experiences to its customers in many different languages to help them improve their language skills. Users can chat about unlimited amount of topics with the app and use other modes to practice their language learning.\",\"email\":\"support@talkpal.ai\",\"legalName\":\"Talkpal, Inc.\",\"foundingDate\":\"2023-04-03\",\"duns\":\"118989042\",\"numberOfEmployees\":{\"@type\":\"QuantitativeValue\",\"minValue\":\"11\",\"maxValue\":\"50\"},\"publishingPrinciples\":\"https:\/\/talkpal.ai\/publishing-principles\/\",\"actionableFeedbackPolicy\":\"https:\/\/talkpal.ai\/actionable-feedback-policy\/\",\"correctionsPolicy\":\"https:\/\/talkpal.ai\/corrections-policy\/\",\"ethicsPolicy\":\"https:\/\/talkpal.ai\/ethics-policy\/\",\"diversityPolicy\":\"https:\/\/talkpal.ai\/diversity-policy\/\",\"diversityStaffingReport\":\"https:\/\/talkpal.ai\/diversity-policy\/\"}]}<\/script>\n<!-- \/ Yoast SEO Premium plugin. -->","yoast_head_json":{"title":"Gramatika italiane - Talkpal","description":"M\u00ebsoni leht\u00ebsisht gramatik\u00ebn italiane - praktikoni qart\u00eb, kuptoni rregullat dhe flisni m\u00eb mir\u00eb me udh\u00ebzime t\u00eb thjeshta nga TalkPal AI.","robots":{"index":"index","follow":"follow","max-snippet":"max-snippet:-1","max-image-preview":"max-image-preview:large","max-video-preview":"max-video-preview:-1"},"canonical":"https:\/\/talkpal.ai\/sq\/gramatika-italiane\/","og_locale":"sq_AL","og_type":"article","og_title":"Gramatika italiane","og_description":"Zot\u00ebrimi i artit t\u00eb gramatik\u00ebs italiane: Udh\u00ebzuesi juaj p\u00ebrfundimtar Ciao, entuziast\u00eb t\u00eb gjuh\u00ebs! Gati p\u00ebr t'u zhytur me kok\u00eb n\u00eb bot\u00ebn e gramatik\u00ebs","og_url":"https:\/\/talkpal.ai\/sq\/gramatika-italiane\/","og_site_name":"Talkpal","article_publisher":"https:\/\/www.facebook.com\/profile.php?id=100090733639311","article_modified_time":"2025-09-06T20:40:33+00:00","og_image":[{"width":512,"height":512,"url":"https:\/\/talkpal.ai\/wp-content\/uploads\/2023\/03\/italy.png","type":"image\/png"}],"twitter_card":"summary_large_image","twitter_site":"@talkpalai","twitter_misc":{"Est. reading time":"4 minutes"},"schema":{"@context":"https:\/\/schema.org","@graph":[{"@type":"WebPage","@id":"https:\/\/talkpal.ai\/sq\/gramatika-italiane\/","url":"https:\/\/talkpal.ai\/sq\/gramatika-italiane\/","name":"Gramatika italiane - Talkpal","isPartOf":{"@id":"https:\/\/talkpal.ai\/sq\/#website"},"primaryImageOfPage":{"@id":"https:\/\/talkpal.ai\/sq\/gramatika-italiane\/#primaryimage"},"image":{"@id":"https:\/\/talkpal.ai\/sq\/gramatika-italiane\/#primaryimage"},"thumbnailUrl":"https:\/\/talkpal.ai\/wp-content\/uploads\/2023\/03\/italy.png","datePublished":"2023-03-26T12:27:22+00:00","dateModified":"2025-09-06T20:40:33+00:00","description":"M\u00ebsoni leht\u00ebsisht gramatik\u00ebn italiane - praktikoni qart\u00eb, kuptoni rregullat dhe flisni m\u00eb mir\u00eb me udh\u00ebzime t\u00eb thjeshta nga TalkPal AI.","breadcrumb":{"@id":"https:\/\/talkpal.ai\/sq\/gramatika-italiane\/#breadcrumb"},"inLanguage":"sq-AL","potentialAction":[{"@type":"ReadAction","target":["https:\/\/talkpal.ai\/sq\/gramatika-italiane\/"]}]},{"@type":"ImageObject","inLanguage":"sq-AL","@id":"https:\/\/talkpal.ai\/sq\/gramatika-italiane\/#primaryimage","url":"https:\/\/talkpal.ai\/wp-content\/uploads\/2023\/03\/italy.png","contentUrl":"https:\/\/talkpal.ai\/wp-content\/uploads\/2023\/03\/italy.png","width":512,"height":512,"caption":"TalkPal AI learn Italian"},{"@type":"BreadcrumbList","@id":"https:\/\/talkpal.ai\/sq\/gramatika-italiane\/#breadcrumb","itemListElement":[{"@type":"ListItem","position":1,"name":"Homepage","item":"https:\/\/talkpal.ai\/sq\/"},{"@type":"ListItem","position":2,"name":"Gramatika italiane"}]},{"@type":"WebSite","@id":"https:\/\/talkpal.ai\/sq\/#website","url":"https:\/\/talkpal.ai\/sq\/","name":"Talkpal","description":"AI Language Learning","publisher":{"@id":"https:\/\/talkpal.ai\/sq\/#organization"},"alternateName":"Talkpal AI","potentialAction":[{"@type":"SearchAction","target":{"@type":"EntryPoint","urlTemplate":"https:\/\/talkpal.ai\/sq\/?s={search_term_string}"},"query-input":{"@type":"PropertyValueSpecification","valueRequired":true,"valueName":"search_term_string"}}],"inLanguage":"sq-AL"},{"@type":"Organization","@id":"https:\/\/talkpal.ai\/sq\/#organization","name":"Talkpal, Inc.","alternateName":"Talkpal AI","url":"https:\/\/talkpal.ai\/sq\/","logo":{"@type":"ImageObject","inLanguage":"sq-AL","@id":"https:\/\/talkpal.ai\/sq\/#\/schema\/logo\/image\/","url":"https:\/\/talkpal.ai\/wp-content\/uploads\/2024\/03\/Talkpal-Logo-Icon.png","contentUrl":"https:\/\/talkpal.ai\/wp-content\/uploads\/2024\/03\/Talkpal-Logo-Icon.png","width":2880,"height":2880,"caption":"Talkpal, Inc."},"image":{"@id":"https:\/\/talkpal.ai\/sq\/#\/schema\/logo\/image\/"},"sameAs":["https:\/\/www.facebook.com\/profile.php?id=100090733639311","https:\/\/x.com\/talkpalai","https:\/\/www.linkedin.com\/company\/talkpal\/","https:\/\/www.youtube.com\/@TalkPal\/","https:\/\/www.tiktok.com\/@talkpal","https:\/\/www.instagram.com\/talkpal_ai\/","https:\/\/www.crunchbase.com\/organization\/talkpal-9cde","https:\/\/www.g2.com\/products\/talkpal-for-business\/","https:\/\/www.trustpilot.com\/review\/talkpal.ai","https:\/\/www.capterra.com\/p\/10006800\/TalkPal\/"],"description":"Talkpal is a language learning web and mobile education app, powered by the latest AI technologies, that provides engaging experiences to its customers in many different languages to help them improve their language skills. Users can chat about unlimited amount of topics with the app and use other modes to practice their language learning.","email":"support@talkpal.ai","legalName":"Talkpal, Inc.","foundingDate":"2023-04-03","duns":"118989042","numberOfEmployees":{"@type":"QuantitativeValue","minValue":"11","maxValue":"50"},"publishingPrinciples":"https:\/\/talkpal.ai\/publishing-principles\/","actionableFeedbackPolicy":"https:\/\/talkpal.ai\/actionable-feedback-policy\/","correctionsPolicy":"https:\/\/talkpal.ai\/corrections-policy\/","ethicsPolicy":"https:\/\/talkpal.ai\/ethics-policy\/","diversityPolicy":"https:\/\/talkpal.ai\/diversity-policy\/","diversityStaffingReport":"https:\/\/talkpal.ai\/diversity-policy\/"}]}},"_links":{"self":[{"href":"https:\/\/talkpal.ai\/sq\/wp-json\/wp\/v2\/pages\/1446139","targetHints":{"allow":["GET"]}}],"collection":[{"href":"https:\/\/talkpal.ai\/sq\/wp-json\/wp\/v2\/pages"}],"about":[{"href":"https:\/\/talkpal.ai\/sq\/wp-json\/wp\/v2\/types\/page"}],"author":[{"embeddable":true,"href":"https:\/\/talkpal.ai\/sq\/wp-json\/wp\/v2\/users\/1"}],"replies":[{"embeddable":true,"href":"https:\/\/talkpal.ai\/sq\/wp-json\/wp\/v2\/comments?post=1446139"}],"version-history":[{"count":0,"href":"https:\/\/talkpal.ai\/sq\/wp-json\/wp\/v2\/pages\/1446139\/revisions"}],"wp:featuredmedia":[{"embeddable":true,"href":"https:\/\/talkpal.ai\/sq\/wp-json\/wp\/v2\/media\/1439802"}],"wp:attachment":[{"href":"https:\/\/talkpal.ai\/sq\/wp-json\/wp\/v2\/media?parent=1446139"}],"curies":[{"name":"wp","href":"https:\/\/api.w.org\/{rel}","templated":true}]}}