{"id":1446136,"date":"2023-03-26T11:55:54","date_gmt":"2023-03-26T11:55:54","guid":{"rendered":"https:\/\/talkpal.ai\/gramatika-spanjolle\/"},"modified":"2025-09-06T20:40:32","modified_gmt":"2025-09-06T20:40:32","slug":"gramatika-spanjolle","status":"publish","type":"page","link":"https:\/\/talkpal.ai\/sq\/gramatika-spanjolle\/","title":{"rendered":"Gramatika spanjolle"},"content":{"rendered":"\r\n\r\n\r\n<section class=\"languageChallengeSection\">\r\n    <div class=\"languageInfoWrapper\">\r\n        \r\n        <h1>Gramatika spanjolle<\/h1>\r\n        <p>Zhytuni n\u00eb bot\u00ebn e gjall\u00eb t\u00eb spanjishtes duke zot\u00ebruar rregullat e saj thelb\u00ebsore gramatikore. Kuptimi i <a href=\"https:\/\/talkpal.ai\/sq\/ushtrimet-e-gramatikes-spanjolle\/\">gramatik\u00ebs spanjolle<\/a> do t&#039;ju ndihmoj\u00eb t\u00eb komunikoni me besim dhe t\u00eb hapni lidhje t\u00eb reja me miliona fol\u00ebs n\u00eb mbar\u00eb bot\u00ebn. Filloni t\u00eb m\u00ebsoni gramatik\u00ebn spanjolle sot dhe hidhni hapin tuaj t\u00eb par\u00eb drejt rrjedhshm\u00ebris\u00eb!<\/p>\r\n\r\n                            <a class=\"getStartedHidden\" href=\"https:\/\/app.talkpal.ai\/signup?lng=\">Filloni<\/a>\r\n        \r\n    <\/div>\r\n\r\n    <figure>\r\n    <img decoding=\"async\" width=\"768\" height=\"768\" src=\"https:\/\/talkpal.ai\/wp-content\/uploads\/2023\/06\/Spanish-768x768.png\" class=\"languageImage no-lazy\" alt=\"Practical application of language learning\" fetchpriority=\"high\" sizes=\"(max-width: 768px) 150px, 768px\" srcset=\"https:\/\/talkpal.ai\/wp-content\/uploads\/2023\/06\/Spanish-768x768.png 768w, https:\/\/talkpal.ai\/wp-content\/uploads\/2023\/06\/Spanish-300x300.png 300w\" \/>\r\n    \r\n\r\n    <\/figure>\r\n\r\n            <a class=\"getStartedVisible\" href=\"https:\/\/app.talkpal.ai\/signup?lng=\">Filloni<\/a>\r\n    \r\n<\/section>\r\n<section class=\"promotionalBanner\">\r\n    <p class=\"promotionalText\"><\/p>\r\n    <a class=\"promotionalLink\" href=\"https:\/\/app.talkpal.ai\/signup?lng=\"><\/a>\r\n<\/section>\n<div class=\"wp-block-group pageContainerStyle\"><div class=\"wp-block-group__inner-container is-layout-constrained wp-block-group-is-layout-constrained\">\n<h2 class=\"wp-block-heading\" id=\"h-a-quick-guide-to-learning-spanish-grammar\">Nj\u00eb udh\u00ebzues i shpejt\u00eb p\u00ebr t\u00eb m\u00ebsuar gramatik\u00ebn spanjolle<\/h2>\n\n\n\n<p>N\u00ebse keni menduar ndonj\u00ebher\u00eb t\u00eb m\u00ebsoni nj\u00eb gjuh\u00eb t\u00eb re, shanset jan\u00eb t\u00eb m\u00ebdha q\u00eb spanjishtja t&#8217;ju shkoj\u00eb n\u00eb mendje. Si nj\u00eb nga gjuh\u00ebt m\u00eb t\u00eb folura n\u00eb mbar\u00eb bot\u00ebn, spanjishtja ofron p\u00ebrfitime t\u00eb shumta p\u00ebr rritjen personale dhe profesionale. M\u00ebsimi i spanjishtes jo vet\u00ebm q\u00eb do t&#8217;ju jap\u00eb akses n\u00eb kultura t\u00eb reja, por gjithashtu do t\u00eb p\u00ebrmir\u00ebsoj\u00eb aft\u00ebsit\u00eb tuaja t\u00eb komunikimit. Megjith\u00ebse shum\u00eb njer\u00ebz kan\u00eb frik\u00eb t\u00eb ngat\u00ebrrohen n\u00eb rregullat gramatikore, ju mund t\u00eb merrni frym\u00eb leht\u00ebsimi, pasi <a href=\"https:\/\/talkpal.ai\/sq\/gramatika\/\">gramatika<\/a> spanjolle \u00ebsht\u00eb relativisht e thjesht\u00eb. N\u00eb k\u00ebt\u00eb artikull, ne do t&#8217;ju ofrojm\u00eb nj\u00eb udh\u00ebzues t\u00eb shpejt\u00eb p\u00ebr t&#8217;ju ndihmuar t\u00eb lundroni n\u00eb bot\u00ebn emocionuese t\u00eb gramatik\u00ebs spanjolle si nj\u00eb profesionist!<\/p>\n\n\n\n<h3 class=\"wp-block-heading\" id=\"h-1-understanding-spanish-nouns-and-articles\">1. Kuptimi i emrave dhe artikujve spanjoll\u00eb<\/h3>\n\n\n\n<p>Emrat spanjolle, si n\u00eb <a href=\"https:\/\/talkpal.ai\/learn-english-with-ai\/\">anglisht<\/a>, p\u00ebrdoren p\u00ebr t\u00eb identifikuar njer\u00ebzit, vendet, objektet, idet\u00eb dhe ndjenjat. Rregulli i par\u00eb p\u00ebr t&#8217;u mbajtur mend p\u00ebr emrat spanjoll\u00eb \u00ebsht\u00eb se ata kan\u00eb gjini. Emrat spanjoll\u00eb jan\u00eb ose mashkullor\u00eb ose fem\u00ebror\u00eb. P\u00ebr shembull, &#8216;libro&#8217; (libri) \u00ebsht\u00eb mashkullor dhe &#8216;casa&#8217; (sht\u00ebpia) \u00ebsht\u00eb fem\u00ebrore. Shum\u00eb her\u00eb, emrat q\u00eb p\u00ebrfundojn\u00eb me &#8216;o&#8217; jan\u00eb mashkullor\u00eb, nd\u00ebrsa ato q\u00eb p\u00ebrfundojn\u00eb me &#8216;a&#8217; jan\u00eb fem\u00ebrore.<\/p>\n\n\n\n<p>Artikujt spanjoll\u00eb jan\u00eb t\u00eb ngjash\u00ebm me anglishten &#8216;the&#8217;, &#8216;a&#8217; ose &#8216;an&#8217;. Ato jan\u00eb nj\u00eb pjes\u00eb thelb\u00ebsore e gjuh\u00ebs pasi duhet t\u00eb pajtohen me gjinin\u00eb dhe numrin e emrit q\u00eb p\u00ebrshkruajn\u00eb. Ekzistojn\u00eb kat\u00ebr lloje artikujsh spanjolle:<\/p>\n\n\n\n<p><strong>\u2013 Artikuj t\u00eb caktuar:<\/strong> el (nj\u00ebj\u00ebsi mashkullor), la (nj\u00ebj\u00ebsi fem\u00ebror), los (shum\u00ebsi mashkullor) dhe las (shum\u00ebsi fem\u00ebror).<br\/><strong>\u2013 Artikuj t\u00eb pacaktuar:<\/strong> un (nj\u00ebj\u00ebs mashkullor), una (nj\u00ebj\u00ebs fem\u00ebror), unos (disa shum\u00ebs mashkullor) dhe unas (disa shum\u00ebs fem\u00ebrore).<\/p>\n\n\n\n<h3 class=\"wp-block-heading\" id=\"h-2-slaying-spanish-verbs-conjugation-and-tenses\">2. Vrasja e foljeve spanjolle: Konjugimi dhe koh\u00ebt<\/h3>\n\n\n\n<p>Nj\u00eb nga aspektet m\u00eb t\u00eb r\u00ebnd\u00ebsishme t\u00eb m\u00ebsimit t\u00eb gramatik\u00ebs spanjolle \u00ebsht\u00eb t\u00eb kuptuarit e konjugimit t\u00eb foljeve. Konjugimi thjesht do t\u00eb thot\u00eb ndryshimi i form\u00ebs rr\u00ebnj\u00ebsore t\u00eb foljes p\u00ebr t&#8217;u p\u00ebrshtatur me subjektin dhe koh\u00ebn e saj. P\u00ebr shembull, n\u00eb spanjisht, ju thoni &#8216;Yo como&#8217; (Un\u00eb ha) dhe &#8216;\u00e9l eja&#8217; (<a href=\"https:\/\/talkpal.ai\/speaking-with-ai\/\">ai<\/a> ha). Vini re se folja comer (t\u00eb haj\u00eb) ndryshon form\u00ebn e saj kur ndryshoni subjektin.<\/p>\n\n\n\n<p><strong>Disa folje t\u00eb zakonshme t\u00eb rregullta n\u00eb spanjisht p\u00ebrfshijn\u00eb:<\/strong><\/p>\n\n\n\n<p>\u2013 Foljet AR: hablar (t\u00eb flas\u00ebsh), amar (t\u00eb duash) dhe bailar (t\u00eb k\u00ebrcesh).<br\/>\u2013 Foljet ER: comer (t\u00eb hash), aprender (t\u00eb m\u00ebsosh) dhe vender (t\u00eb shes\u00ebsh).<br\/>\u2013 Foljet IR: vivir (t\u00eb jetosh), escribir (t\u00eb shkruash) dhe descubrir (t\u00eb zbulosh).<\/p>\n\n\n\n<p>Ashtu si n\u00eb anglisht, spanjishtja ka koh\u00eb t\u00eb shumta foljesh p\u00ebr t\u00eb treguar koh\u00ebn kur ndodh nj\u00eb veprim. Ato m\u00eb themelore jan\u00eb:<\/p>\n\n\n\n<p><strong>\u2013 E pranishme<\/strong><br\/><strong>\u2013 Preterite<\/strong><br\/><strong>\u2013 I pap\u00ebrsosur<\/strong><br\/><strong>\u2013 E ardhmja<\/strong><br\/><strong>\u2013 E kusht\u00ebzuar<\/strong><br\/><strong>\u2013 N\u00ebnlidhja e tanishme<\/strong><br\/><strong>\u2013 N\u00ebnlidhja e pap\u00ebrsosur<\/strong><\/p>\n\n\n\n<p>Mos u stresoni p\u00ebr t\u00eb m\u00ebsuar t\u00eb gjitha koh\u00ebt e foljeve menj\u00ebher\u00eb. Trajtojini ato nj\u00eb nga nj\u00eb dhe praktikoni derisa t\u00eb jeni rehat duke i p\u00ebrdorur ato.<\/p>\n\n\n\n<h3 class=\"wp-block-heading\" id=\"h-3-creating-sentences-with-spanish-adjectives-and-adverbs\">3. Krijimi i fjalive me mbiemra dhe ndajfolje spanjolle<\/h3>\n\n\n\n<p>Mbiemrat dhe ndajfoljet luajn\u00eb nj\u00eb rol thelb\u00ebsor n\u00eb shijimin e fjalive tuaja spanjolle. Mbiemrat p\u00ebrshkruajn\u00eb cil\u00ebsit\u00eb ose karakteristikat e emrave, nd\u00ebrsa ndajfoljet p\u00ebrshkruajn\u00eb veprimet ose foljet. N\u00eb spanjisht, mbiemrat duhet t\u00eb pajtohen me emrin q\u00eb p\u00ebrshkruajn\u00eb, si n\u00eb gjini ashtu edhe n\u00eb num\u00ebr.<\/p>\n\n\n\n<p>Nj\u00eb ndryshim kryesor midis spanjishtes dhe anglishtes \u00ebsht\u00eb rendi i mbiemrave. Mbiemrat spanjoll\u00eb zakonisht vijn\u00eb pas emrit, p.sh., &#8216;un coche rojo&#8217; (nj\u00eb makin\u00eb e kuqe).<\/p>\n\n\n\n<p>Ndajfoljet spanjolle, nga ana tjet\u00ebr, nuk ndryshojn\u00eb kurr\u00eb p\u00ebr gjinin\u00eb ose numrin. Ashtu si n\u00eb anglisht, ndajfoljet zakonisht vijn\u00eb pas foljes q\u00eb modifikojn\u00eb, p.sh., &#8216;Ella habla r\u00e1pidamente&#8217; (Ajo flet shpejt).<\/p>\n\n\n\n<h3 class=\"wp-block-heading\" id=\"h-conclusion\">P\u00ebrfundimi<\/h3>\n\n\n\n<p><a href=\"https:\/\/talkpal.ai\/sq\/gramatika\/\">Gramatika<\/a> spanjolle nuk duhet t&#8217;ju tremb\u00eb! Kuptohet, k\u00ebrkon praktik\u00eb, por duke ndjekur k\u00ebto udh\u00ebzime t\u00eb thjeshta, do t\u00eb jeni n\u00eb rrug\u00ebn tuaj p\u00ebr t&#8217;u b\u00ebr\u00eb nj\u00eb fol\u00ebs i jasht\u00ebzakonsh\u00ebm spanjisht. Mos harroni t\u00eb angazhoheni gjithmon\u00eb me gjuh\u00ebn n\u00eb nj\u00eb m\u00ebnyr\u00eb arg\u00ebtuese dhe bisedore, nd\u00ebrsa eksploroni emrat, foljet, mbiemrat dhe ndajfoljet. Vazhdoni t\u00eb praktikoni, p\u00ebrqafoni kultur\u00ebn dhe l\u00ebreni udh\u00ebtimin tuaj spanjoll t\u00eb shpaloset. \u00a1Buena suerte!<\/p>\n<\/div><\/div>\n\r\n<section class=\"learnNavigationSection\">\r\n            \r\n        <a href=\"https:\/\/talkpal.ai\/sq\/mesoni-spanjisht\/\">\r\n            <div class=\"learnNavigationWrapper\">\r\n                <div class=\"learnNavigationContent\">\r\n                    <img decoding=\"async\" src=\"https:\/\/talkpal.ai\/wp-content\/uploads\/2024\/08\/Spanish.jpg\" alt=\"Spanish Flag\">\r\n                    <div>\r\n                        <h4>Rreth m\u00ebsimit t\u00eb spanjishtes<\/h4>\r\n                        <p>M\u00ebsoni gjith\u00e7ka rreth gramatik\u00ebs spanjolle.<\/p>\r\n                    <\/div>\r\n                <\/div>\r\n            <\/div>\r\n        <\/a>\r\n\r\n        \r\n        <a href=\"https:\/\/talkpal.ai\/sq\/ushtrimet-e-gramatikes-spanjolle\/\">\r\n            <div class=\"learnNavigationWrapper\">\r\n                <div class=\"learnNavigationContent\">\r\n                    <img decoding=\"async\" src=\"https:\/\/talkpal.ai\/wp-content\/uploads\/2024\/08\/Spanish.jpg\" alt=\"Spanish Flag\">\r\n                    <div>\r\n                        <h4>Ushtrimi i gramatik\u00ebs spanjolle<\/h4>\r\n                        <p>Praktikoni gramatik\u00ebn spanjolle.<\/p>\r\n                    <\/div>\r\n                <\/div>\r\n            <\/div>\r\n        <\/a>\r\n\r\n        \r\n        <a href=\"https:\/\/talkpal.ai\/vocabulary_language\/spanish\/\">\r\n            <div class=\"learnNavigationWrapper\">\r\n                <div class=\"learnNavigationContent\">\r\n                    <img decoding=\"async\" src=\"https:\/\/talkpal.ai\/wp-content\/uploads\/2024\/08\/Spanish.jpg\" alt=\"Spanish Flag\">\r\n                    <div>\r\n                        <h4>Fjalori spanjoll<\/h4>\r\n                        <p>Zgjeroni fjalorin tuaj spanjisht.<\/p>\r\n                    <\/div>\r\n                <\/div>\r\n            <\/div>\r\n        <\/a>\r\n\r\n            <\/section>","protected":false},"excerpt":{"rendered":"<p>Nj\u00eb udh\u00ebzues i shpejt\u00eb p\u00ebr t\u00eb m\u00ebsuar gramatik\u00ebn spanjolle N\u00ebse keni menduar ndonj\u00ebher\u00eb t\u00eb m\u00ebsoni nj\u00eb gjuh\u00eb t\u00eb re, shanset jan\u00eb t\u00eb m\u00ebdha q\u00eb spanjishtja t&#8217;ju shkoj\u00eb n\u00eb mendje. Si nj\u00eb nga gjuh\u00ebt m\u00eb t\u00eb folura n\u00eb mbar\u00eb bot\u00ebn, spanjishtja ofron p\u00ebrfitime t\u00eb shumta p\u00ebr rritjen personale dhe profesionale. M\u00ebsimi i spanjishtes jo vet\u00ebm q\u00eb [&hellip;]<\/p>\n","protected":false},"author":1,"featured_media":1439783,"parent":0,"menu_order":0,"comment_status":"closed","ping_status":"closed","template":"LearningContentPage.php","meta":{"_acf_changed":false,"footnotes":""},"class_list":["post-1446136","page","type-page","status-publish","has-post-thumbnail","hentry"],"acf":[],"yoast_head":"<!-- This site is optimized with the Yoast SEO Premium plugin v27.2 (Yoast SEO v27.2) - https:\/\/yoast.com\/product\/yoast-seo-premium-wordpress\/ -->\n<title>Gramatika spanjolle - Talkpal<\/title>\n<meta name=\"description\" content=\"P\u00ebrmir\u00ebsoni aft\u00ebsit\u00eb tuaja gramatikore spanjolle me ushtrime interaktive t\u00eb krijuara p\u00ebr t\u00eb gjitha nivelet e aft\u00ebsis\u00eb. Praktikoni spanjisht n\u00eb m\u00ebnyr\u00eb efektive!\" \/>\n<meta name=\"robots\" content=\"index, follow, max-snippet:-1, max-image-preview:large, max-video-preview:-1\" \/>\n<link rel=\"canonical\" href=\"https:\/\/talkpal.ai\/sq\/gramatika-spanjolle\/\" \/>\n<meta property=\"og:locale\" content=\"sq_AL\" \/>\n<meta property=\"og:type\" content=\"article\" \/>\n<meta property=\"og:title\" content=\"Gramatika spanjolle\" \/>\n<meta property=\"og:description\" content=\"Nj\u00eb udh\u00ebzues i shpejt\u00eb p\u00ebr t\u00eb m\u00ebsuar gramatik\u00ebn spanjolle N\u00ebse keni menduar ndonj\u00ebher\u00eb t\u00eb m\u00ebsoni nj\u00eb gjuh\u00eb t\u00eb re, shanset jan\u00eb t\u00eb m\u00ebdha q\u00eb spanjishtja\" \/>\n<meta property=\"og:url\" content=\"https:\/\/talkpal.ai\/sq\/gramatika-spanjolle\/\" \/>\n<meta property=\"og:site_name\" content=\"Talkpal\" \/>\n<meta property=\"article:publisher\" content=\"https:\/\/www.facebook.com\/profile.php?id=100090733639311\" \/>\n<meta property=\"article:modified_time\" content=\"2025-09-06T20:40:32+00:00\" \/>\n<meta property=\"og:image\" content=\"https:\/\/talkpal.ai\/wp-content\/uploads\/2023\/03\/spain.png\" \/>\n\t<meta property=\"og:image:width\" content=\"512\" \/>\n\t<meta property=\"og:image:height\" content=\"512\" \/>\n\t<meta property=\"og:image:type\" content=\"image\/png\" \/>\n<meta name=\"twitter:card\" content=\"summary_large_image\" \/>\n<meta name=\"twitter:site\" content=\"@talkpalai\" \/>\n<meta name=\"twitter:label1\" content=\"Est. reading time\" \/>\n\t<meta name=\"twitter:data1\" content=\"4 minutes\" \/>\n<script type=\"application\/ld+json\" class=\"yoast-schema-graph\">{\"@context\":\"https:\/\/schema.org\",\"@graph\":[{\"@type\":\"WebPage\",\"@id\":\"https:\/\/talkpal.ai\/sq\/gramatika-spanjolle\/\",\"url\":\"https:\/\/talkpal.ai\/sq\/gramatika-spanjolle\/\",\"name\":\"Gramatika spanjolle - Talkpal\",\"isPartOf\":{\"@id\":\"https:\/\/talkpal.ai\/sq\/#website\"},\"primaryImageOfPage\":{\"@id\":\"https:\/\/talkpal.ai\/sq\/gramatika-spanjolle\/#primaryimage\"},\"image\":{\"@id\":\"https:\/\/talkpal.ai\/sq\/gramatika-spanjolle\/#primaryimage\"},\"thumbnailUrl\":\"https:\/\/talkpal.ai\/wp-content\/uploads\/2023\/03\/spain.png\",\"datePublished\":\"2023-03-26T11:55:54+00:00\",\"dateModified\":\"2025-09-06T20:40:32+00:00\",\"description\":\"P\u00ebrmir\u00ebsoni aft\u00ebsit\u00eb tuaja gramatikore spanjolle me ushtrime interaktive t\u00eb krijuara p\u00ebr t\u00eb gjitha nivelet e aft\u00ebsis\u00eb. Praktikoni spanjisht n\u00eb m\u00ebnyr\u00eb efektive!\",\"breadcrumb\":{\"@id\":\"https:\/\/talkpal.ai\/sq\/gramatika-spanjolle\/#breadcrumb\"},\"inLanguage\":\"sq-AL\",\"potentialAction\":[{\"@type\":\"ReadAction\",\"target\":[\"https:\/\/talkpal.ai\/sq\/gramatika-spanjolle\/\"]}]},{\"@type\":\"ImageObject\",\"inLanguage\":\"sq-AL\",\"@id\":\"https:\/\/talkpal.ai\/sq\/gramatika-spanjolle\/#primaryimage\",\"url\":\"https:\/\/talkpal.ai\/wp-content\/uploads\/2023\/03\/spain.png\",\"contentUrl\":\"https:\/\/talkpal.ai\/wp-content\/uploads\/2023\/03\/spain.png\",\"width\":512,\"height\":512,\"caption\":\"TalkPal AI learn Spanish\"},{\"@type\":\"BreadcrumbList\",\"@id\":\"https:\/\/talkpal.ai\/sq\/gramatika-spanjolle\/#breadcrumb\",\"itemListElement\":[{\"@type\":\"ListItem\",\"position\":1,\"name\":\"Homepage\",\"item\":\"https:\/\/talkpal.ai\/sq\/\"},{\"@type\":\"ListItem\",\"position\":2,\"name\":\"Gramatika spanjolle\"}]},{\"@type\":\"WebSite\",\"@id\":\"https:\/\/talkpal.ai\/sq\/#website\",\"url\":\"https:\/\/talkpal.ai\/sq\/\",\"name\":\"Talkpal\",\"description\":\"AI Language Learning\",\"publisher\":{\"@id\":\"https:\/\/talkpal.ai\/sq\/#organization\"},\"alternateName\":\"Talkpal AI\",\"potentialAction\":[{\"@type\":\"SearchAction\",\"target\":{\"@type\":\"EntryPoint\",\"urlTemplate\":\"https:\/\/talkpal.ai\/sq\/?s={search_term_string}\"},\"query-input\":{\"@type\":\"PropertyValueSpecification\",\"valueRequired\":true,\"valueName\":\"search_term_string\"}}],\"inLanguage\":\"sq-AL\"},{\"@type\":\"Organization\",\"@id\":\"https:\/\/talkpal.ai\/sq\/#organization\",\"name\":\"Talkpal, Inc.\",\"alternateName\":\"Talkpal AI\",\"url\":\"https:\/\/talkpal.ai\/sq\/\",\"logo\":{\"@type\":\"ImageObject\",\"inLanguage\":\"sq-AL\",\"@id\":\"https:\/\/talkpal.ai\/sq\/#\/schema\/logo\/image\/\",\"url\":\"https:\/\/talkpal.ai\/wp-content\/uploads\/2024\/03\/Talkpal-Logo-Icon.png\",\"contentUrl\":\"https:\/\/talkpal.ai\/wp-content\/uploads\/2024\/03\/Talkpal-Logo-Icon.png\",\"width\":2880,\"height\":2880,\"caption\":\"Talkpal, Inc.\"},\"image\":{\"@id\":\"https:\/\/talkpal.ai\/sq\/#\/schema\/logo\/image\/\"},\"sameAs\":[\"https:\/\/www.facebook.com\/profile.php?id=100090733639311\",\"https:\/\/x.com\/talkpalai\",\"https:\/\/www.linkedin.com\/company\/talkpal\/\",\"https:\/\/www.youtube.com\/@TalkPal\/\",\"https:\/\/www.tiktok.com\/@talkpal\",\"https:\/\/www.instagram.com\/talkpal_ai\/\",\"https:\/\/www.crunchbase.com\/organization\/talkpal-9cde\",\"https:\/\/www.g2.com\/products\/talkpal-for-business\/\",\"https:\/\/www.trustpilot.com\/review\/talkpal.ai\",\"https:\/\/www.capterra.com\/p\/10006800\/TalkPal\/\"],\"description\":\"Talkpal is a language learning web and mobile education app, powered by the latest AI technologies, that provides engaging experiences to its customers in many different languages to help them improve their language skills. Users can chat about unlimited amount of topics with the app and use other modes to practice their language learning.\",\"email\":\"support@talkpal.ai\",\"legalName\":\"Talkpal, Inc.\",\"foundingDate\":\"2023-04-03\",\"duns\":\"118989042\",\"numberOfEmployees\":{\"@type\":\"QuantitativeValue\",\"minValue\":\"11\",\"maxValue\":\"50\"},\"publishingPrinciples\":\"https:\/\/talkpal.ai\/publishing-principles\/\",\"actionableFeedbackPolicy\":\"https:\/\/talkpal.ai\/actionable-feedback-policy\/\",\"correctionsPolicy\":\"https:\/\/talkpal.ai\/corrections-policy\/\",\"ethicsPolicy\":\"https:\/\/talkpal.ai\/ethics-policy\/\",\"diversityPolicy\":\"https:\/\/talkpal.ai\/diversity-policy\/\",\"diversityStaffingReport\":\"https:\/\/talkpal.ai\/diversity-policy\/\"}]}<\/script>\n<!-- \/ Yoast SEO Premium plugin. -->","yoast_head_json":{"title":"Gramatika spanjolle - Talkpal","description":"P\u00ebrmir\u00ebsoni aft\u00ebsit\u00eb tuaja gramatikore spanjolle me ushtrime interaktive t\u00eb krijuara p\u00ebr t\u00eb gjitha nivelet e aft\u00ebsis\u00eb. Praktikoni spanjisht n\u00eb m\u00ebnyr\u00eb efektive!","robots":{"index":"index","follow":"follow","max-snippet":"max-snippet:-1","max-image-preview":"max-image-preview:large","max-video-preview":"max-video-preview:-1"},"canonical":"https:\/\/talkpal.ai\/sq\/gramatika-spanjolle\/","og_locale":"sq_AL","og_type":"article","og_title":"Gramatika spanjolle","og_description":"Nj\u00eb udh\u00ebzues i shpejt\u00eb p\u00ebr t\u00eb m\u00ebsuar gramatik\u00ebn spanjolle N\u00ebse keni menduar ndonj\u00ebher\u00eb t\u00eb m\u00ebsoni nj\u00eb gjuh\u00eb t\u00eb re, shanset jan\u00eb t\u00eb m\u00ebdha q\u00eb spanjishtja","og_url":"https:\/\/talkpal.ai\/sq\/gramatika-spanjolle\/","og_site_name":"Talkpal","article_publisher":"https:\/\/www.facebook.com\/profile.php?id=100090733639311","article_modified_time":"2025-09-06T20:40:32+00:00","og_image":[{"width":512,"height":512,"url":"https:\/\/talkpal.ai\/wp-content\/uploads\/2023\/03\/spain.png","type":"image\/png"}],"twitter_card":"summary_large_image","twitter_site":"@talkpalai","twitter_misc":{"Est. reading time":"4 minutes"},"schema":{"@context":"https:\/\/schema.org","@graph":[{"@type":"WebPage","@id":"https:\/\/talkpal.ai\/sq\/gramatika-spanjolle\/","url":"https:\/\/talkpal.ai\/sq\/gramatika-spanjolle\/","name":"Gramatika spanjolle - Talkpal","isPartOf":{"@id":"https:\/\/talkpal.ai\/sq\/#website"},"primaryImageOfPage":{"@id":"https:\/\/talkpal.ai\/sq\/gramatika-spanjolle\/#primaryimage"},"image":{"@id":"https:\/\/talkpal.ai\/sq\/gramatika-spanjolle\/#primaryimage"},"thumbnailUrl":"https:\/\/talkpal.ai\/wp-content\/uploads\/2023\/03\/spain.png","datePublished":"2023-03-26T11:55:54+00:00","dateModified":"2025-09-06T20:40:32+00:00","description":"P\u00ebrmir\u00ebsoni aft\u00ebsit\u00eb tuaja gramatikore spanjolle me ushtrime interaktive t\u00eb krijuara p\u00ebr t\u00eb gjitha nivelet e aft\u00ebsis\u00eb. Praktikoni spanjisht n\u00eb m\u00ebnyr\u00eb efektive!","breadcrumb":{"@id":"https:\/\/talkpal.ai\/sq\/gramatika-spanjolle\/#breadcrumb"},"inLanguage":"sq-AL","potentialAction":[{"@type":"ReadAction","target":["https:\/\/talkpal.ai\/sq\/gramatika-spanjolle\/"]}]},{"@type":"ImageObject","inLanguage":"sq-AL","@id":"https:\/\/talkpal.ai\/sq\/gramatika-spanjolle\/#primaryimage","url":"https:\/\/talkpal.ai\/wp-content\/uploads\/2023\/03\/spain.png","contentUrl":"https:\/\/talkpal.ai\/wp-content\/uploads\/2023\/03\/spain.png","width":512,"height":512,"caption":"TalkPal AI learn Spanish"},{"@type":"BreadcrumbList","@id":"https:\/\/talkpal.ai\/sq\/gramatika-spanjolle\/#breadcrumb","itemListElement":[{"@type":"ListItem","position":1,"name":"Homepage","item":"https:\/\/talkpal.ai\/sq\/"},{"@type":"ListItem","position":2,"name":"Gramatika spanjolle"}]},{"@type":"WebSite","@id":"https:\/\/talkpal.ai\/sq\/#website","url":"https:\/\/talkpal.ai\/sq\/","name":"Talkpal","description":"AI Language Learning","publisher":{"@id":"https:\/\/talkpal.ai\/sq\/#organization"},"alternateName":"Talkpal AI","potentialAction":[{"@type":"SearchAction","target":{"@type":"EntryPoint","urlTemplate":"https:\/\/talkpal.ai\/sq\/?s={search_term_string}"},"query-input":{"@type":"PropertyValueSpecification","valueRequired":true,"valueName":"search_term_string"}}],"inLanguage":"sq-AL"},{"@type":"Organization","@id":"https:\/\/talkpal.ai\/sq\/#organization","name":"Talkpal, Inc.","alternateName":"Talkpal AI","url":"https:\/\/talkpal.ai\/sq\/","logo":{"@type":"ImageObject","inLanguage":"sq-AL","@id":"https:\/\/talkpal.ai\/sq\/#\/schema\/logo\/image\/","url":"https:\/\/talkpal.ai\/wp-content\/uploads\/2024\/03\/Talkpal-Logo-Icon.png","contentUrl":"https:\/\/talkpal.ai\/wp-content\/uploads\/2024\/03\/Talkpal-Logo-Icon.png","width":2880,"height":2880,"caption":"Talkpal, Inc."},"image":{"@id":"https:\/\/talkpal.ai\/sq\/#\/schema\/logo\/image\/"},"sameAs":["https:\/\/www.facebook.com\/profile.php?id=100090733639311","https:\/\/x.com\/talkpalai","https:\/\/www.linkedin.com\/company\/talkpal\/","https:\/\/www.youtube.com\/@TalkPal\/","https:\/\/www.tiktok.com\/@talkpal","https:\/\/www.instagram.com\/talkpal_ai\/","https:\/\/www.crunchbase.com\/organization\/talkpal-9cde","https:\/\/www.g2.com\/products\/talkpal-for-business\/","https:\/\/www.trustpilot.com\/review\/talkpal.ai","https:\/\/www.capterra.com\/p\/10006800\/TalkPal\/"],"description":"Talkpal is a language learning web and mobile education app, powered by the latest AI technologies, that provides engaging experiences to its customers in many different languages to help them improve their language skills. Users can chat about unlimited amount of topics with the app and use other modes to practice their language learning.","email":"support@talkpal.ai","legalName":"Talkpal, Inc.","foundingDate":"2023-04-03","duns":"118989042","numberOfEmployees":{"@type":"QuantitativeValue","minValue":"11","maxValue":"50"},"publishingPrinciples":"https:\/\/talkpal.ai\/publishing-principles\/","actionableFeedbackPolicy":"https:\/\/talkpal.ai\/actionable-feedback-policy\/","correctionsPolicy":"https:\/\/talkpal.ai\/corrections-policy\/","ethicsPolicy":"https:\/\/talkpal.ai\/ethics-policy\/","diversityPolicy":"https:\/\/talkpal.ai\/diversity-policy\/","diversityStaffingReport":"https:\/\/talkpal.ai\/diversity-policy\/"}]}},"_links":{"self":[{"href":"https:\/\/talkpal.ai\/sq\/wp-json\/wp\/v2\/pages\/1446136","targetHints":{"allow":["GET"]}}],"collection":[{"href":"https:\/\/talkpal.ai\/sq\/wp-json\/wp\/v2\/pages"}],"about":[{"href":"https:\/\/talkpal.ai\/sq\/wp-json\/wp\/v2\/types\/page"}],"author":[{"embeddable":true,"href":"https:\/\/talkpal.ai\/sq\/wp-json\/wp\/v2\/users\/1"}],"replies":[{"embeddable":true,"href":"https:\/\/talkpal.ai\/sq\/wp-json\/wp\/v2\/comments?post=1446136"}],"version-history":[{"count":0,"href":"https:\/\/talkpal.ai\/sq\/wp-json\/wp\/v2\/pages\/1446136\/revisions"}],"wp:featuredmedia":[{"embeddable":true,"href":"https:\/\/talkpal.ai\/sq\/wp-json\/wp\/v2\/media\/1439783"}],"wp:attachment":[{"href":"https:\/\/talkpal.ai\/sq\/wp-json\/wp\/v2\/media?parent=1446136"}],"curies":[{"name":"wp","href":"https:\/\/api.w.org\/{rel}","templated":true}]}}