{"id":1446132,"date":"2023-03-26T11:45:19","date_gmt":"2023-03-26T11:45:19","guid":{"rendered":"https:\/\/talkpal.ai\/gramatika-franceze\/"},"modified":"2025-09-06T20:40:32","modified_gmt":"2025-09-06T20:40:32","slug":"gramatika-franceze","status":"publish","type":"page","link":"https:\/\/talkpal.ai\/sq\/gramatika-franceze\/","title":{"rendered":"Gramatika franceze"},"content":{"rendered":"\r\n\r\n\r\n<section class=\"languageChallengeSection\">\r\n    <div class=\"languageInfoWrapper\">\r\n        \r\n        <h1>Gramatika franceze<\/h1>\r\n        <p>Zhbllokoni eleganc\u00ebn e gjuh\u00ebs fr\u00ebnge duke zot\u00ebruar rregullat e saj thelb\u00ebsore gramatikore. Nj\u00eb kuptim solid i gramatik\u00ebs fr\u00ebnge do t&#039;ju ndihmoj\u00eb t\u00eb komunikoni me leht\u00ebsi dhe t\u00eb vler\u00ebsoni pasurin\u00eb e kultur\u00ebs franceze. Filloni t\u00eb m\u00ebsoni gramatik\u00ebn fr\u00ebnge sot dhe filloni udh\u00ebtimin tuaj drejt rrjedhshm\u00ebris\u00eb!<\/p>\r\n\r\n                            <a class=\"getStartedHidden\" href=\"https:\/\/app.talkpal.ai\/signup?lng=\">Filloni<\/a>\r\n        \r\n    <\/div>\r\n\r\n    <figure>\r\n    <img decoding=\"async\" width=\"768\" height=\"768\" src=\"https:\/\/talkpal.ai\/wp-content\/uploads\/2023\/06\/french-768x768.png\" class=\"languageImage no-lazy\" alt=\"Language learning strategies for professionals\" fetchpriority=\"high\" sizes=\"(max-width: 768px) 150px, 768px\" srcset=\"https:\/\/talkpal.ai\/wp-content\/uploads\/2023\/06\/french-768x768.png 768w, https:\/\/talkpal.ai\/wp-content\/uploads\/2023\/06\/french-300x300.png 300w\" \/>\r\n    \r\n\r\n    <\/figure>\r\n\r\n            <a class=\"getStartedVisible\" href=\"https:\/\/app.talkpal.ai\/signup?lng=\">Filloni<\/a>\r\n    \r\n<\/section>\r\n<section class=\"promotionalBanner\">\r\n    <p class=\"promotionalText\"><\/p>\r\n    <a class=\"promotionalLink\" href=\"https:\/\/app.talkpal.ai\/signup?lng=\"><\/a>\r\n<\/section>\n<div class=\"wp-block-group pageContainerStyle\"><div class=\"wp-block-group__inner-container is-layout-constrained wp-block-group-is-layout-constrained\">\n<h2 class=\"wp-block-heading\" id=\"h-a-beginner-s-guide-to-french-grammar\">Nj\u00eb udh\u00ebzues fillestar p\u00ebr gramatik\u00ebn fr\u00ebnge<\/h2>\n\n\n\n<p>M\u00ebsimi i fr\u00ebngjishtes mund t\u00eb jet\u00eb nj\u00eb p\u00ebrvoj\u00eb emocionuese dhe shp\u00ebrblyese. Megjithat\u00eb, zot\u00ebrimi i gramatik\u00ebs fr\u00ebnge mund t\u00eb jet\u00eb sfidues, edhe p\u00ebr ata q\u00eb jan\u00eb t\u00eb aft\u00eb n\u00eb <a href=\"https:\/\/talkpal.ai\/learn-english-with-ai\/\">anglisht<\/a>. N\u00eb k\u00ebt\u00eb artikull, ne do t\u00eb diskutojm\u00eb disa k\u00ebshilla thelb\u00ebsore t\u00eb gramatik\u00ebs fr\u00ebnge p\u00ebr t&#8217;ju ndihmuar t\u00eb p\u00ebrmir\u00ebsoni aft\u00ebsit\u00eb tuaja gjuh\u00ebsore. Duke u njohur me k\u00ebto rregulla dhe duke i praktikuar ato rregullisht, do t\u00eb jeni n\u00eb rrug\u00ebn tuaj p\u00ebr t&#8217;u b\u00ebr\u00eb ekspert i gramatik\u00ebs fr\u00ebnge.<\/p>\n\n\n\n<h3 class=\"wp-block-heading\" id=\"h-1-the-importance-of-gender-in-french-nouns\">1. R\u00ebnd\u00ebsia e gjinis\u00eb n\u00eb emrat francez\u00eb<\/h3>\n\n\n\n<p>Nj\u00eb nga ndryshimet m\u00eb dometh\u00ebn\u00ebse midis gramatik\u00ebs fr\u00ebnge dhe angleze \u00ebsht\u00eb koncepti i gjinis\u00eb. T\u00eb gjith\u00eb emrat francez\u00eb jan\u00eb mashkullor\u00eb ose fem\u00ebror\u00eb, gj\u00eb q\u00eb ndikon n\u00eb artikujt dhe mbiemrat e p\u00ebrdorur me to. P\u00ebr shembull, &#8220;le&#8221; dhe &#8220;la&#8221; jan\u00eb artikujt p\u00ebrcaktues p\u00ebr emrat mashkullor\u00eb dhe fem\u00ebror\u00eb, respektivisht. Kur hasni nj\u00eb em\u00ebr t\u00eb ri, \u00ebsht\u00eb thelb\u00ebsore t\u00eb mbani mend gjinin\u00eb e tij p\u00ebr t\u00eb shmangur gabimet gramatikore.<\/p>\n\n\n\n<h3 class=\"wp-block-heading\" id=\"h-2-mastering-verb-conjugations\">2. Zot\u00ebrimi i konjugimeve t\u00eb foljeve<\/h3>\n\n\n\n<p>Foljet franceze kan\u00eb konjugime t\u00eb shumta bazuar n\u00eb koh\u00ebn, humorin dhe p\u00ebremrat e subjektit. Kjo mund t\u00eb duket d\u00ebrrmuese, por ka modele dhe shkurtore q\u00eb mund t&#8217;i p\u00ebrdorni p\u00ebr t\u00eb thjeshtuar procesin. Foljet e rregullta i p\u00ebrkasin nj\u00ebrit prej tre grupeve bazuar n\u00eb mbaresat e <a href=\"https:\/\/talkpal.ai\/locations\/language-courses-in-tyre\/\">tyre<\/a> infinitive (-er, -ir dhe -re), dhe secili grup ka grupin e vet t\u00eb rregullave t\u00eb konjugimit. Pasi t\u00eb m\u00ebsoni k\u00ebto rregulla, mund t\u00eb lidhni leht\u00ebsisht nj\u00eb num\u00ebr t\u00eb konsideruesh\u00ebm foljesh franceze.<\/p>\n\n\n\n<h3 class=\"wp-block-heading\" id=\"h-3-the-partitive-article-du-de-la-and-de-l\">3. Neni partitiv: du, de la dhe de l&#8217;<\/h3>\n\n\n\n<p>Kur flisni p\u00ebr nj\u00eb pjes\u00eb ose nj\u00eb sasi t\u00eb paspecifikuar t\u00eb di\u00e7kaje, do t&#8217;ju duhet t\u00eb p\u00ebrdorni artikullin partitiv. Artikulli i pjessh\u00ebm ndryshon n\u00eb baz\u00eb t\u00eb gjinis\u00eb s\u00eb emrit dhe n\u00ebse fillon me zanore apo bashk\u00ebting\u00ebllore. P\u00ebr emrat mashkullor\u00eb, p\u00ebrdorni &#8220;du&#8221;, p\u00ebr emrat fem\u00ebror\u00eb p\u00ebrdorni &#8220;de la&#8221; dhe p\u00ebr emrat q\u00eb fillojn\u00eb me nj\u00eb zanore ose &#8216;h&#8217; t\u00eb heshtur, p\u00ebrdorni &#8220;de l&#8221;.<\/p>\n\n\n\n<h3 class=\"wp-block-heading\" id=\"h-4-adjective-agreement-and-placement\">4. Marr\u00ebveshja dhe vendosja e mbiemrave<\/h3>\n\n\n\n<p>N\u00eb gramatik\u00ebn fr\u00ebnge, mbiemrat duhet t\u00eb pajtohen me emrin q\u00eb po modifikojn\u00eb p\u00ebr sa i p\u00ebrket gjinis\u00eb dhe numrit. Shpesh, kjo do t\u00eb thot\u00eb q\u00eb do t&#8217;ju duhet t\u00eb shtoni nj\u00eb &#8216;e&#8217; n\u00eb mbiem\u00ebr p\u00ebr ta b\u00ebr\u00eb at\u00eb fem\u00ebror dhe nj\u00eb &#8216;s&#8217; p\u00ebr ta b\u00ebr\u00eb at\u00eb shum\u00ebs. P\u00ebr m\u00eb tep\u00ebr, mbiemrat n\u00eb p\u00ebrgjith\u00ebsi ndjekin emrin q\u00eb modifikojn\u00eb, me disa p\u00ebrjashtime p\u00ebr mbiemra t\u00eb shkurt\u00ebr dhe t\u00eb zakonsh\u00ebm si &#8220;beau&#8221;, &#8220;vieil&#8221; dhe &#8220;grand&#8221;.<\/p>\n\n\n\n<p>Shembuj:<br\/>\u2013 Un chat noir (Nj\u00eb mace e zez\u00eb)<br\/>\u2013 Une voiture noire (Nj\u00eb makin\u00eb e zez\u00eb)<br\/>\u2013 Deux bisedon noirs (Dy mace t\u00eb zeza)<\/p>\n\n\n\n<h3 class=\"wp-block-heading\" id=\"h-5-passe-compose-past-tense-made-easy\">5. Passe Compose \u2013 Koha e kaluar u b\u00eb e leht\u00eb<\/h3>\n\n\n\n<p>Nd\u00ebrsa ka shum\u00eb m\u00ebnyra p\u00ebr t\u00eb shprehur koh\u00ebn e kaluar n\u00eb fr\u00ebngjisht, pass\u00e8 compos\u00e9 \u00ebsht\u00eb nj\u00eb nga m\u00eb t\u00eb dobishmet dhe m\u00eb t\u00eb lehtat p\u00ebr t&#8217;u m\u00ebsuar. P\u00ebr t\u00eb formuar p\u00ebrb\u00ebrjen pass\u00e9, do t&#8217;ju duhet koha e tashme e foljes ndihm\u00ebse &#8220;avoir&#8221; ose &#8220;\u00eatre&#8221;, e ndjekur nga pjes\u00ebmarr\u00ebsi i kaluar i foljes kryesore. Shumica e foljeve p\u00ebrdorin &#8220;avoir&#8221; si ndihm\u00ebse, nd\u00ebrsa disa folje, kryesisht n\u00eb lidhje me l\u00ebvizjen dhe foljet refleksive, p\u00ebrdorin &#8220;\u00eatre&#8221;.<\/p>\n\n\n\n<p>Shembull:<br\/>\u2013 J&#8217;ai mang\u00e9 (H\u00ebngra)<br\/>\u2013 Nous sommes all\u00e9s (Ne shkuam)<\/p>\n\n\n\n<h3 class=\"wp-block-heading\" id=\"h-6-engaging-with-the-language\">6. Angazhimi me gjuh\u00ebn<\/h3>\n\n\n\n<p>Nj\u00eb nga m\u00ebnyrat m\u00eb t\u00eb <a href=\"https:\/\/talkpal.ai\/locations\/language-courses-in-mira\/\">mira<\/a> p\u00ebr t\u00eb p\u00ebrmir\u00ebsuar gramatik\u00ebn tuaj fr\u00ebnge \u00ebsht\u00eb duke u angazhuar rregullisht me gjuh\u00ebn. Qoft\u00eb leximi i gazetave franceze, shikimi i filmave francez\u00eb ose biseda me nj\u00eb fol\u00ebs amtare, ekspozimi ndaj gjuh\u00ebs n\u00eb kontekste t\u00eb ndryshme do t\u00eb ndihmoj\u00eb n\u00eb p\u00ebrforcimin e t\u00eb kuptuarit tuaj t\u00eb gramatik\u00ebs dhe zgjerimin e fjalorit tuaj.<\/p>\n\n\n\n<h3 class=\"wp-block-heading\" id=\"h-conclusion\">P\u00ebrfundimi<\/h3>\n\n\n\n<p>Zot\u00ebrimi i gramatik\u00ebs fr\u00ebnge mund t\u00eb duket i friksh\u00ebm, por me praktik\u00eb dhe p\u00ebrkushtim t\u00eb vazhduesh\u00ebm, mund t\u00eb b\u00ebheni rrjedhsh\u00ebm n\u00eb k\u00ebt\u00eb gjuh\u00eb t\u00eb bukur. Duke u fokusuar n\u00eb rregullat thelb\u00ebsore t\u00eb p\u00ebrshkruara m\u00eb sip\u00ebr dhe duke u angazhuar me gjuh\u00ebn n\u00eb kontekste t\u00eb ndryshme, aft\u00ebsit\u00eb tuaja gramatikore fr\u00ebnge do t\u00eb p\u00ebrmir\u00ebsohen me shpejt\u00ebsi. Bonne shans n\u00eb udh\u00ebtimin tuaj drejt zot\u00ebrimit t\u00eb gramatik\u00ebs fr\u00ebnge!<\/p>\n<\/div><\/div>\n\r\n<section class=\"learnNavigationSection\">\r\n            \r\n        <a href=\"https:\/\/talkpal.ai\/sq\/mesoni-frengjisht\/\">\r\n            <div class=\"learnNavigationWrapper\">\r\n                <div class=\"learnNavigationContent\">\r\n                    <img decoding=\"async\" src=\"https:\/\/talkpal.ai\/wp-content\/uploads\/2024\/08\/French.jpg\" alt=\"French Flag\">\r\n                    <div>\r\n                        <h4>Rreth m\u00ebsimit t\u00eb fr\u00ebngjishtes<\/h4>\r\n                        <p>M\u00ebsoni gjith\u00e7ka rreth gramatik\u00ebs fr\u00ebnge.<\/p>\r\n                    <\/div>\r\n                <\/div>\r\n            <\/div>\r\n        <\/a>\r\n\r\n        \r\n        <a href=\"https:\/\/talkpal.ai\/sq\/ushtrime-gramatikore-franceze\/\">\r\n            <div class=\"learnNavigationWrapper\">\r\n                <div class=\"learnNavigationContent\">\r\n                    <img decoding=\"async\" src=\"https:\/\/talkpal.ai\/wp-content\/uploads\/2024\/08\/French.jpg\" alt=\"French Flag\">\r\n                    <div>\r\n                        <h4>Ushtrimi i gramatik\u00ebs fr\u00ebnge<\/h4>\r\n                        <p>Praktikoni gramatik\u00ebn franceze.<\/p>\r\n                    <\/div>\r\n                <\/div>\r\n            <\/div>\r\n        <\/a>\r\n\r\n        \r\n        <a href=\"https:\/\/talkpal.ai\/vocabulary_language\/french\/\">\r\n            <div class=\"learnNavigationWrapper\">\r\n                <div class=\"learnNavigationContent\">\r\n                    <img decoding=\"async\" src=\"https:\/\/talkpal.ai\/wp-content\/uploads\/2024\/08\/French.jpg\" alt=\"French Flag\">\r\n                    <div>\r\n                        <h4>Fjalori fr\u00ebngjisht<\/h4>\r\n                        <p>Zgjeroni fjalorin tuaj fr\u00ebngjisht.<\/p>\r\n                    <\/div>\r\n                <\/div>\r\n            <\/div>\r\n        <\/a>\r\n\r\n            <\/section>","protected":false},"excerpt":{"rendered":"<p>Nj\u00eb udh\u00ebzues fillestar p\u00ebr gramatik\u00ebn fr\u00ebnge M\u00ebsimi i fr\u00ebngjishtes mund t\u00eb jet\u00eb nj\u00eb p\u00ebrvoj\u00eb emocionuese dhe shp\u00ebrblyese. Megjithat\u00eb, zot\u00ebrimi i gramatik\u00ebs fr\u00ebnge mund t\u00eb jet\u00eb sfidues, edhe p\u00ebr ata q\u00eb jan\u00eb t\u00eb aft\u00eb n\u00eb anglisht. N\u00eb k\u00ebt\u00eb artikull, ne do t\u00eb diskutojm\u00eb disa k\u00ebshilla thelb\u00ebsore t\u00eb gramatik\u00ebs fr\u00ebnge p\u00ebr t&#8217;ju ndihmuar t\u00eb p\u00ebrmir\u00ebsoni aft\u00ebsit\u00eb tuaja [&hellip;]<\/p>\n","protected":false},"author":1,"featured_media":1440057,"parent":0,"menu_order":0,"comment_status":"closed","ping_status":"closed","template":"LearningContentPage.php","meta":{"_acf_changed":false,"footnotes":""},"class_list":["post-1446132","page","type-page","status-publish","has-post-thumbnail","hentry"],"acf":[],"yoast_head":"<!-- This site is optimized with the Yoast SEO Premium plugin v27.2 (Yoast SEO v27.2) - https:\/\/yoast.com\/product\/yoast-seo-premium-wordpress\/ -->\n<title>Gramatika franceze - Talkpal<\/title>\n<meta name=\"description\" content=\"Zot\u00ebroni konceptet thelb\u00ebsore t\u00eb gramatik\u00ebs fr\u00ebnge - duke mbuluar foljet, konjugimet, koh\u00ebt, emrat, artikujt, mbiemrat, p\u00ebremrat dhe struktur\u00ebn e fjalis\u00eb.\" \/>\n<meta name=\"robots\" content=\"index, follow, max-snippet:-1, max-image-preview:large, max-video-preview:-1\" \/>\n<link rel=\"canonical\" href=\"https:\/\/talkpal.ai\/sq\/gramatika-franceze\/\" \/>\n<meta property=\"og:locale\" content=\"sq_AL\" \/>\n<meta property=\"og:type\" content=\"article\" \/>\n<meta property=\"og:title\" content=\"Gramatika franceze\" \/>\n<meta property=\"og:description\" content=\"Nj\u00eb udh\u00ebzues fillestar p\u00ebr gramatik\u00ebn fr\u00ebnge M\u00ebsimi i fr\u00ebngjishtes mund t\u00eb jet\u00eb nj\u00eb p\u00ebrvoj\u00eb emocionuese dhe shp\u00ebrblyese. Megjithat\u00eb, zot\u00ebrimi i gramatik\u00ebs\" \/>\n<meta property=\"og:url\" content=\"https:\/\/talkpal.ai\/sq\/gramatika-franceze\/\" \/>\n<meta property=\"og:site_name\" content=\"Talkpal\" \/>\n<meta property=\"article:publisher\" content=\"https:\/\/www.facebook.com\/profile.php?id=100090733639311\" \/>\n<meta property=\"article:modified_time\" content=\"2025-09-06T20:40:32+00:00\" \/>\n<meta property=\"og:image\" content=\"https:\/\/talkpal.ai\/wp-content\/uploads\/2023\/03\/france.png\" \/>\n\t<meta property=\"og:image:width\" content=\"512\" \/>\n\t<meta property=\"og:image:height\" content=\"512\" \/>\n\t<meta property=\"og:image:type\" content=\"image\/png\" \/>\n<meta name=\"twitter:card\" content=\"summary_large_image\" \/>\n<meta name=\"twitter:site\" content=\"@talkpalai\" \/>\n<meta name=\"twitter:label1\" content=\"Est. reading time\" \/>\n\t<meta name=\"twitter:data1\" content=\"4 minutes\" \/>\n<script type=\"application\/ld+json\" class=\"yoast-schema-graph\">{\"@context\":\"https:\/\/schema.org\",\"@graph\":[{\"@type\":\"WebPage\",\"@id\":\"https:\/\/talkpal.ai\/sq\/gramatika-franceze\/\",\"url\":\"https:\/\/talkpal.ai\/sq\/gramatika-franceze\/\",\"name\":\"Gramatika franceze - Talkpal\",\"isPartOf\":{\"@id\":\"https:\/\/talkpal.ai\/sq\/#website\"},\"primaryImageOfPage\":{\"@id\":\"https:\/\/talkpal.ai\/sq\/gramatika-franceze\/#primaryimage\"},\"image\":{\"@id\":\"https:\/\/talkpal.ai\/sq\/gramatika-franceze\/#primaryimage\"},\"thumbnailUrl\":\"https:\/\/talkpal.ai\/wp-content\/uploads\/2023\/03\/france.png\",\"datePublished\":\"2023-03-26T11:45:19+00:00\",\"dateModified\":\"2025-09-06T20:40:32+00:00\",\"description\":\"Zot\u00ebroni konceptet thelb\u00ebsore t\u00eb gramatik\u00ebs fr\u00ebnge - duke mbuluar foljet, konjugimet, koh\u00ebt, emrat, artikujt, mbiemrat, p\u00ebremrat dhe struktur\u00ebn e fjalis\u00eb.\",\"breadcrumb\":{\"@id\":\"https:\/\/talkpal.ai\/sq\/gramatika-franceze\/#breadcrumb\"},\"inLanguage\":\"sq-AL\",\"potentialAction\":[{\"@type\":\"ReadAction\",\"target\":[\"https:\/\/talkpal.ai\/sq\/gramatika-franceze\/\"]}]},{\"@type\":\"ImageObject\",\"inLanguage\":\"sq-AL\",\"@id\":\"https:\/\/talkpal.ai\/sq\/gramatika-franceze\/#primaryimage\",\"url\":\"https:\/\/talkpal.ai\/wp-content\/uploads\/2023\/03\/france.png\",\"contentUrl\":\"https:\/\/talkpal.ai\/wp-content\/uploads\/2023\/03\/france.png\",\"width\":512,\"height\":512,\"caption\":\"TalkPal AI learn French\"},{\"@type\":\"BreadcrumbList\",\"@id\":\"https:\/\/talkpal.ai\/sq\/gramatika-franceze\/#breadcrumb\",\"itemListElement\":[{\"@type\":\"ListItem\",\"position\":1,\"name\":\"Homepage\",\"item\":\"https:\/\/talkpal.ai\/sq\/\"},{\"@type\":\"ListItem\",\"position\":2,\"name\":\"Gramatika franceze\"}]},{\"@type\":\"WebSite\",\"@id\":\"https:\/\/talkpal.ai\/sq\/#website\",\"url\":\"https:\/\/talkpal.ai\/sq\/\",\"name\":\"Talkpal\",\"description\":\"AI Language Learning\",\"publisher\":{\"@id\":\"https:\/\/talkpal.ai\/sq\/#organization\"},\"alternateName\":\"Talkpal AI\",\"potentialAction\":[{\"@type\":\"SearchAction\",\"target\":{\"@type\":\"EntryPoint\",\"urlTemplate\":\"https:\/\/talkpal.ai\/sq\/?s={search_term_string}\"},\"query-input\":{\"@type\":\"PropertyValueSpecification\",\"valueRequired\":true,\"valueName\":\"search_term_string\"}}],\"inLanguage\":\"sq-AL\"},{\"@type\":\"Organization\",\"@id\":\"https:\/\/talkpal.ai\/sq\/#organization\",\"name\":\"Talkpal, Inc.\",\"alternateName\":\"Talkpal AI\",\"url\":\"https:\/\/talkpal.ai\/sq\/\",\"logo\":{\"@type\":\"ImageObject\",\"inLanguage\":\"sq-AL\",\"@id\":\"https:\/\/talkpal.ai\/sq\/#\/schema\/logo\/image\/\",\"url\":\"https:\/\/talkpal.ai\/wp-content\/uploads\/2024\/03\/Talkpal-Logo-Icon.png\",\"contentUrl\":\"https:\/\/talkpal.ai\/wp-content\/uploads\/2024\/03\/Talkpal-Logo-Icon.png\",\"width\":2880,\"height\":2880,\"caption\":\"Talkpal, Inc.\"},\"image\":{\"@id\":\"https:\/\/talkpal.ai\/sq\/#\/schema\/logo\/image\/\"},\"sameAs\":[\"https:\/\/www.facebook.com\/profile.php?id=100090733639311\",\"https:\/\/x.com\/talkpalai\",\"https:\/\/www.linkedin.com\/company\/talkpal\/\",\"https:\/\/www.youtube.com\/@TalkPal\/\",\"https:\/\/www.tiktok.com\/@talkpal\",\"https:\/\/www.instagram.com\/talkpal_ai\/\",\"https:\/\/www.crunchbase.com\/organization\/talkpal-9cde\",\"https:\/\/www.g2.com\/products\/talkpal-for-business\/\",\"https:\/\/www.trustpilot.com\/review\/talkpal.ai\",\"https:\/\/www.capterra.com\/p\/10006800\/TalkPal\/\"],\"description\":\"Talkpal is a language learning web and mobile education app, powered by the latest AI technologies, that provides engaging experiences to its customers in many different languages to help them improve their language skills. Users can chat about unlimited amount of topics with the app and use other modes to practice their language learning.\",\"email\":\"support@talkpal.ai\",\"legalName\":\"Talkpal, Inc.\",\"foundingDate\":\"2023-04-03\",\"duns\":\"118989042\",\"numberOfEmployees\":{\"@type\":\"QuantitativeValue\",\"minValue\":\"11\",\"maxValue\":\"50\"},\"publishingPrinciples\":\"https:\/\/talkpal.ai\/publishing-principles\/\",\"actionableFeedbackPolicy\":\"https:\/\/talkpal.ai\/actionable-feedback-policy\/\",\"correctionsPolicy\":\"https:\/\/talkpal.ai\/corrections-policy\/\",\"ethicsPolicy\":\"https:\/\/talkpal.ai\/ethics-policy\/\",\"diversityPolicy\":\"https:\/\/talkpal.ai\/diversity-policy\/\",\"diversityStaffingReport\":\"https:\/\/talkpal.ai\/diversity-policy\/\"}]}<\/script>\n<!-- \/ Yoast SEO Premium plugin. -->","yoast_head_json":{"title":"Gramatika franceze - Talkpal","description":"Zot\u00ebroni konceptet thelb\u00ebsore t\u00eb gramatik\u00ebs fr\u00ebnge - duke mbuluar foljet, konjugimet, koh\u00ebt, emrat, artikujt, mbiemrat, p\u00ebremrat dhe struktur\u00ebn e fjalis\u00eb.","robots":{"index":"index","follow":"follow","max-snippet":"max-snippet:-1","max-image-preview":"max-image-preview:large","max-video-preview":"max-video-preview:-1"},"canonical":"https:\/\/talkpal.ai\/sq\/gramatika-franceze\/","og_locale":"sq_AL","og_type":"article","og_title":"Gramatika franceze","og_description":"Nj\u00eb udh\u00ebzues fillestar p\u00ebr gramatik\u00ebn fr\u00ebnge M\u00ebsimi i fr\u00ebngjishtes mund t\u00eb jet\u00eb nj\u00eb p\u00ebrvoj\u00eb emocionuese dhe shp\u00ebrblyese. Megjithat\u00eb, zot\u00ebrimi i gramatik\u00ebs","og_url":"https:\/\/talkpal.ai\/sq\/gramatika-franceze\/","og_site_name":"Talkpal","article_publisher":"https:\/\/www.facebook.com\/profile.php?id=100090733639311","article_modified_time":"2025-09-06T20:40:32+00:00","og_image":[{"width":512,"height":512,"url":"https:\/\/talkpal.ai\/wp-content\/uploads\/2023\/03\/france.png","type":"image\/png"}],"twitter_card":"summary_large_image","twitter_site":"@talkpalai","twitter_misc":{"Est. reading time":"4 minutes"},"schema":{"@context":"https:\/\/schema.org","@graph":[{"@type":"WebPage","@id":"https:\/\/talkpal.ai\/sq\/gramatika-franceze\/","url":"https:\/\/talkpal.ai\/sq\/gramatika-franceze\/","name":"Gramatika franceze - Talkpal","isPartOf":{"@id":"https:\/\/talkpal.ai\/sq\/#website"},"primaryImageOfPage":{"@id":"https:\/\/talkpal.ai\/sq\/gramatika-franceze\/#primaryimage"},"image":{"@id":"https:\/\/talkpal.ai\/sq\/gramatika-franceze\/#primaryimage"},"thumbnailUrl":"https:\/\/talkpal.ai\/wp-content\/uploads\/2023\/03\/france.png","datePublished":"2023-03-26T11:45:19+00:00","dateModified":"2025-09-06T20:40:32+00:00","description":"Zot\u00ebroni konceptet thelb\u00ebsore t\u00eb gramatik\u00ebs fr\u00ebnge - duke mbuluar foljet, konjugimet, koh\u00ebt, emrat, artikujt, mbiemrat, p\u00ebremrat dhe struktur\u00ebn e fjalis\u00eb.","breadcrumb":{"@id":"https:\/\/talkpal.ai\/sq\/gramatika-franceze\/#breadcrumb"},"inLanguage":"sq-AL","potentialAction":[{"@type":"ReadAction","target":["https:\/\/talkpal.ai\/sq\/gramatika-franceze\/"]}]},{"@type":"ImageObject","inLanguage":"sq-AL","@id":"https:\/\/talkpal.ai\/sq\/gramatika-franceze\/#primaryimage","url":"https:\/\/talkpal.ai\/wp-content\/uploads\/2023\/03\/france.png","contentUrl":"https:\/\/talkpal.ai\/wp-content\/uploads\/2023\/03\/france.png","width":512,"height":512,"caption":"TalkPal AI learn French"},{"@type":"BreadcrumbList","@id":"https:\/\/talkpal.ai\/sq\/gramatika-franceze\/#breadcrumb","itemListElement":[{"@type":"ListItem","position":1,"name":"Homepage","item":"https:\/\/talkpal.ai\/sq\/"},{"@type":"ListItem","position":2,"name":"Gramatika franceze"}]},{"@type":"WebSite","@id":"https:\/\/talkpal.ai\/sq\/#website","url":"https:\/\/talkpal.ai\/sq\/","name":"Talkpal","description":"AI Language Learning","publisher":{"@id":"https:\/\/talkpal.ai\/sq\/#organization"},"alternateName":"Talkpal AI","potentialAction":[{"@type":"SearchAction","target":{"@type":"EntryPoint","urlTemplate":"https:\/\/talkpal.ai\/sq\/?s={search_term_string}"},"query-input":{"@type":"PropertyValueSpecification","valueRequired":true,"valueName":"search_term_string"}}],"inLanguage":"sq-AL"},{"@type":"Organization","@id":"https:\/\/talkpal.ai\/sq\/#organization","name":"Talkpal, Inc.","alternateName":"Talkpal AI","url":"https:\/\/talkpal.ai\/sq\/","logo":{"@type":"ImageObject","inLanguage":"sq-AL","@id":"https:\/\/talkpal.ai\/sq\/#\/schema\/logo\/image\/","url":"https:\/\/talkpal.ai\/wp-content\/uploads\/2024\/03\/Talkpal-Logo-Icon.png","contentUrl":"https:\/\/talkpal.ai\/wp-content\/uploads\/2024\/03\/Talkpal-Logo-Icon.png","width":2880,"height":2880,"caption":"Talkpal, Inc."},"image":{"@id":"https:\/\/talkpal.ai\/sq\/#\/schema\/logo\/image\/"},"sameAs":["https:\/\/www.facebook.com\/profile.php?id=100090733639311","https:\/\/x.com\/talkpalai","https:\/\/www.linkedin.com\/company\/talkpal\/","https:\/\/www.youtube.com\/@TalkPal\/","https:\/\/www.tiktok.com\/@talkpal","https:\/\/www.instagram.com\/talkpal_ai\/","https:\/\/www.crunchbase.com\/organization\/talkpal-9cde","https:\/\/www.g2.com\/products\/talkpal-for-business\/","https:\/\/www.trustpilot.com\/review\/talkpal.ai","https:\/\/www.capterra.com\/p\/10006800\/TalkPal\/"],"description":"Talkpal is a language learning web and mobile education app, powered by the latest AI technologies, that provides engaging experiences to its customers in many different languages to help them improve their language skills. Users can chat about unlimited amount of topics with the app and use other modes to practice their language learning.","email":"support@talkpal.ai","legalName":"Talkpal, Inc.","foundingDate":"2023-04-03","duns":"118989042","numberOfEmployees":{"@type":"QuantitativeValue","minValue":"11","maxValue":"50"},"publishingPrinciples":"https:\/\/talkpal.ai\/publishing-principles\/","actionableFeedbackPolicy":"https:\/\/talkpal.ai\/actionable-feedback-policy\/","correctionsPolicy":"https:\/\/talkpal.ai\/corrections-policy\/","ethicsPolicy":"https:\/\/talkpal.ai\/ethics-policy\/","diversityPolicy":"https:\/\/talkpal.ai\/diversity-policy\/","diversityStaffingReport":"https:\/\/talkpal.ai\/diversity-policy\/"}]}},"_links":{"self":[{"href":"https:\/\/talkpal.ai\/sq\/wp-json\/wp\/v2\/pages\/1446132","targetHints":{"allow":["GET"]}}],"collection":[{"href":"https:\/\/talkpal.ai\/sq\/wp-json\/wp\/v2\/pages"}],"about":[{"href":"https:\/\/talkpal.ai\/sq\/wp-json\/wp\/v2\/types\/page"}],"author":[{"embeddable":true,"href":"https:\/\/talkpal.ai\/sq\/wp-json\/wp\/v2\/users\/1"}],"replies":[{"embeddable":true,"href":"https:\/\/talkpal.ai\/sq\/wp-json\/wp\/v2\/comments?post=1446132"}],"version-history":[{"count":0,"href":"https:\/\/talkpal.ai\/sq\/wp-json\/wp\/v2\/pages\/1446132\/revisions"}],"wp:featuredmedia":[{"embeddable":true,"href":"https:\/\/talkpal.ai\/sq\/wp-json\/wp\/v2\/media\/1440057"}],"wp:attachment":[{"href":"https:\/\/talkpal.ai\/sq\/wp-json\/wp\/v2\/media?parent=1446132"}],"curies":[{"name":"wp","href":"https:\/\/api.w.org\/{rel}","templated":true}]}}