{"id":1446128,"date":"2023-03-26T11:40:15","date_gmt":"2023-03-26T11:40:15","guid":{"rendered":"https:\/\/talkpal.ai\/gramatika-gjermane\/"},"modified":"2025-09-06T20:40:31","modified_gmt":"2025-09-06T20:40:31","slug":"gramatika-gjermane","status":"publish","type":"page","link":"https:\/\/talkpal.ai\/sq\/gramatika-gjermane\/","title":{"rendered":"Gramatika gjermane"},"content":{"rendered":"\r\n\r\n\r\n<section class=\"languageChallengeSection\">\r\n    <div class=\"languageInfoWrapper\">\r\n        \r\n        <h1>Gramatika gjermane<\/h1>\r\n        <p>Zhbllokoni struktur\u00ebn e gjuh\u00ebs gjermane duke zot\u00ebruar rregullat e saj thelb\u00ebsore gramatikore. Kuptimi i gramatik\u00ebs gjermane do t&#039;ju ndihmoj\u00eb t\u00eb komunikoni me besim dhe t\u00eb vler\u00ebsoni plot\u00ebsisht pasurin\u00eb e kulturave gjermanishtfol\u00ebse. Filloni t\u00eb m\u00ebsoni gramatik\u00ebn gjermane sot dhe hidhni hapin tuaj t\u00eb par\u00eb drejt rrjedhshm\u00ebris\u00eb!\r\n\r\n<\/p>\r\n\r\n                            <a class=\"getStartedHidden\" href=\"https:\/\/app.talkpal.ai\/signup?lng=\">Filloni<\/a>\r\n        \r\n    <\/div>\r\n\r\n    <figure>\r\n    <img decoding=\"async\" width=\"768\" height=\"768\" src=\"https:\/\/talkpal.ai\/wp-content\/uploads\/2023\/06\/german-768x768.png\" class=\"languageImage no-lazy\" alt=\"Language learning for global networking\" fetchpriority=\"high\" sizes=\"(max-width: 768px) 150px, 768px\" srcset=\"https:\/\/talkpal.ai\/wp-content\/uploads\/2023\/06\/german-768x768.png 768w, https:\/\/talkpal.ai\/wp-content\/uploads\/2023\/06\/german-300x300.png 300w\" \/>\r\n    \r\n\r\n    <\/figure>\r\n\r\n            <a class=\"getStartedVisible\" href=\"https:\/\/app.talkpal.ai\/signup?lng=\">Filloni<\/a>\r\n    \r\n<\/section>\r\n<section class=\"promotionalBanner\">\r\n    <p class=\"promotionalText\">M\u00ebnyra m\u00eb efikase p\u00ebr t\u00eb m\u00ebsuar nj\u00eb gjuh\u00eb<\/p>\r\n    <a class=\"promotionalLink\" href=\"https:\/\/app.talkpal.ai\/signup?lng=\">Provoni Talkpal falas<\/a>\r\n<\/section>\n<div class=\"wp-block-group pageContainerStyle\"><div class=\"wp-block-group__inner-container is-layout-constrained wp-block-group-is-layout-constrained\">\n<h2 class=\"wp-block-heading\" id=\"h-unraveling-the-intricacies-of-german-grammar\">Zbulimi i nd\u00ebrlikimeve t\u00eb gramatik\u00ebs gjermane<\/h2>\n\n\n\n<p>M\u00ebsimi i gjermanishtes mund t\u00eb jet\u00eb nj\u00eb p\u00ebrpjekje emocionuese dhe shp\u00ebrblyese. Jo vet\u00ebm q\u00eb do t\u00eb jeni n\u00eb gjendje t\u00eb flisni me m\u00eb shum\u00eb se 130 milion\u00eb njer\u00ebz n\u00eb mbar\u00eb bot\u00ebn, por gjithashtu do t\u00eb keni akses n\u00eb nj\u00eb pasuri t\u00eb let\u00ebrsis\u00eb, muzik\u00ebs dhe historis\u00eb kulturore. Si me \u00e7do gjuh\u00eb, zot\u00ebrimi i gjermanishtes k\u00ebrkon p\u00ebrkushtim dhe durim \u2013 ve\u00e7an\u00ebrisht kur b\u00ebhet fjal\u00eb p\u00ebr gramatik\u00ebn e saj. Lajmi i mir\u00eb \u00ebsht\u00eb se shum\u00eb aspekte t\u00eb gramatik\u00ebs gjermane jan\u00eb mjaft t\u00eb ngjashme me gramatik\u00ebn angleze, duke e b\u00ebr\u00eb m\u00eb t\u00eb leht\u00eb p\u00ebr anglishtfol\u00ebsit t\u00eb mb\u00ebshtjellin kok\u00ebn. N\u00eb k\u00ebt\u00eb artikull, ne do t\u00eb shqyrtojm\u00eb disa nga ve\u00e7orit\u00eb kryesore t\u00eb gramatik\u00ebs gjermane, duke ofruar k\u00ebshilla dhe truke t\u00eb dobishme p\u00ebr t&#8217;ju ndihmuar t\u00eb zot\u00ebroni k\u00ebt\u00eb gjuh\u00eb t\u00eb bukur dhe komplekse.<\/p>\n\n\n\n<h3 class=\"wp-block-heading\" id=\"h-1-nouns-and-articles-get-your-cases-right\">1. Emrat dhe artikujt \u2013 Merrni rastet tuaja si\u00e7 duhet!<\/h3>\n\n\n\n<p>Nj\u00eb nga pengesat e para p\u00ebr anglishtfol\u00ebsit q\u00eb m\u00ebsojn\u00eb gjermanisht \u00ebsht\u00eb t\u00eb kuptuarit e kat\u00ebr rasteve: nominativ, akuzativ, dativ dhe gjenitiv. \u00c7do rast sinjalizon nj\u00eb funksion t\u00eb ndrysh\u00ebm t\u00eb nj\u00eb emri n\u00eb nj\u00eb fjali, si subjekti, objekti i drejtp\u00ebrdrejt\u00eb ose objekti indirekt. P\u00ebr m\u00eb tep\u00ebr, gjermanishtja ka tre gjini gramatikore (mashkullore, fem\u00ebrore dhe neutre), dhe artikujt p\u00ebr secil\u00ebn gjini ndryshojn\u00eb n\u00eb var\u00ebsi t\u00eb rastit. Ting\u00ebllon konfuze? Mos u brengos! Nd\u00ebrsa njiheni m\u00eb shum\u00eb me gjermanishten, do t\u00eb filloni t\u00eb njihni modelet dhe t\u00eb parashikoni se cilin rast dhe gjini t\u00eb p\u00ebrdorni.<\/p>\n\n\n\n<p>K\u00ebshill\u00eb: B\u00ebni nj\u00eb tabel\u00eb t\u00eb artikujve t\u00eb caktuar (der, die, das) dhe artikujve t\u00eb pacaktuar (ein, eine, ein) p\u00ebr \u00e7do gjini dhe rast. M\u00ebsoni p\u00ebrmend\u00ebsh k\u00ebto s\u00eb pari, pasi ato do t\u00eb sh\u00ebrbejn\u00eb si baz\u00eb p\u00ebr t\u00eb kuptuar struktur\u00ebn e fjalis\u00eb gjermane.<\/p>\n\n\n\n<h3 class=\"wp-block-heading\" id=\"h-2-verbs-conjugate-and-dominate\">2. Foljet \u2013 Konjugoni dhe dominoni!<\/h3>\n\n\n\n<p>N\u00eb gjermanisht, foljet jan\u00eb thelb\u00ebsore jo vet\u00ebm p\u00ebr t\u00eb shprehur veprimin, por edhe p\u00ebr t\u00eb treguar koh\u00ebn dhe humorin. Ashtu si anglishtja, foljet gjermane duhet t\u00eb konjugohen p\u00ebr t&#8217;u p\u00ebrshtatur me subjektin e fjalis\u00eb. Megjithat\u00eb, ka disa dallime kryesore, duke p\u00ebrfshir\u00eb p\u00ebrdorimin e foljeve t\u00eb rregullta (t\u00eb dob\u00ebta) dhe t\u00eb parregullta (t\u00eb forta), si dhe p\u00ebrdorimin e foljeve ndihm\u00ebse p\u00ebr koh\u00eb t\u00eb caktuara. Lajmi i mir\u00eb \u00ebsht\u00eb se disa aspekte t\u00eb konjugimit t\u00eb foljeve gjermane jan\u00eb m\u00eb t\u00eb thjeshta se anglishtja, t\u00eb tilla si mosk\u00ebrkimi i p\u00ebrdorimit t\u00eb &#8220;do&#8221; p\u00ebr pyetje ose mohime.<\/p>\n\n\n\n<p>K\u00ebshill\u00eb: Filloni duke zot\u00ebruar konjugimin e rregullt t\u00eb foljeve dhe m\u00eb pas trajtoni foljet m\u00eb t\u00eb zakonshme t\u00eb parregullta. Praktikoni p\u00ebrdorimin e foljeve ndihm\u00ebse me koh\u00ebn e kaluar dhe t\u00eb ardhshme dhe s\u00eb shpejti do t\u00eb jeni n\u00eb gjendje t\u00eb nd\u00ebrtoni fjali m\u00eb komplekse.<\/p>\n\n\n\n<h3 class=\"wp-block-heading\" id=\"h-3-adjectives-show-your-agreement\">3. Mbiemrat \u2013 Tregoni marr\u00ebveshjen tuaj!<\/h3>\n\n\n\n<p>Kur p\u00ebrdorni mbiemra p\u00ebr t\u00eb p\u00ebrshkruar emrat n\u00eb gjermanisht, \u00ebsht\u00eb thelb\u00ebsore t\u00eb kuptohet marr\u00ebveshja e mbiemrave. Kjo do t\u00eb thot\u00eb q\u00eb mbiemrat duhet t\u00eb pajtohen me gjinin\u00eb dhe rastin e emrit. N\u00eb disa raste, kjo do t\u00eb k\u00ebrkoj\u00eb shtimin e nj\u00eb fundi n\u00eb mbiemr, bazuar n\u00eb artikullin dhe rastin e emrit.<\/p>\n\n\n\n<p>K\u00ebshill\u00eb: P\u00ebrdorni grafikun tuaj t\u00eb artikullit nga m\u00eb her\u00ebt p\u00ebr t&#8217;ju ndihmuar t\u00eb mbani mend mbaresat e sakta t\u00eb mbiemrave. Nd\u00ebrsa praktikoni p\u00ebrdorimin e mbiemrave n\u00eb fjali, mbani nj\u00eb sh\u00ebnim mendor t\u00eb modeleve t\u00eb fundit dhe <a href=\"https:\/\/talkpal.ai\/culture\/what-is-the-difference-between-se-and-si\/\">se si<\/a> ato lidhen me gjinin\u00eb dhe rastin e emrit.<\/p>\n\n\n\n<h3 class=\"wp-block-heading\" id=\"h-4-word-order-embrace-the-flexibility\">4. Rendi i fjal\u00ebve \u2013 P\u00ebrqafoni fleksibilitetin!<\/h3>\n\n\n\n<p>Nj\u00eb nga g\u00ebzimet e shumta t\u00eb gramatik\u00ebs gjermane \u00ebsht\u00eb rendi fleksib\u00ebl i fjal\u00ebve. Ndryshe nga anglishtja, e cila p\u00ebrgjith\u00ebsisht ndjek nj\u00eb model t\u00eb rrept\u00eb subjekt-folje-objekt, fjalit\u00eb gjermane mund t\u00eb ndryshojn\u00eb n\u00eb struktur\u00ebn e <a href=\"https:\/\/talkpal.ai\/locations\/language-courses-in-tyre\/\">tyre<\/a>. \u00c7el\u00ebsi \u00ebsht\u00eb t\u00eb kuptuarit e r\u00ebnd\u00ebsis\u00eb s\u00eb pozicionit t\u00eb foljes, e cila zakonisht vjen e dyta n\u00eb nj\u00eb fjali kryesore dhe e fundit n\u00eb nj\u00eb fjali t\u00eb n\u00ebnrenditur.<\/p>\n\n\n\n<p>K\u00ebshill\u00eb: P\u00ebr t&#8217;u rehatuar me modele t\u00eb ndryshme t\u00eb renditjes s\u00eb fjal\u00ebve, provoni t\u00eb p\u00ebrktheni fjali t\u00eb thjeshta angleze n\u00eb gjermanisht dhe m\u00eb pas riorganizoni fjalin\u00eb duke e mbajtur foljen n\u00eb vendin e duhur. Kjo do t&#8217;ju ndihmoj\u00eb t\u00eb b\u00ebheni m\u00eb t\u00eb aft\u00eb n\u00eb krijimin e fjalive t\u00eb nuancuara dhe ekspresive n\u00eb gjermanisht.<\/p>\n\n\n\n<h3 class=\"wp-block-heading\" id=\"h-5-prepositions-think-in-german\">5. Parafjal\u00ebt \u2013 Mendoni n\u00eb gjermanisht!<\/h3>\n\n\n\n<p>Ndoshta pjesa m\u00eb e nd\u00ebrlikuar e m\u00ebsimit t\u00eb gramatik\u00ebs gjermane \u00ebsht\u00eb zot\u00ebrimi i parafjal\u00ebve. Nd\u00ebrsa parafjal\u00ebt ekzistojn\u00eb n\u00eb <a href=\"https:\/\/talkpal.ai\/learn-english-with-ai\/\">anglisht<\/a> dhe sh\u00ebrbejn\u00eb p\u00ebr nj\u00eb q\u00ebllim t\u00eb ngjash\u00ebm, p\u00ebrdorimi i tyre n\u00eb gjermanisht \u00ebsht\u00eb i ndrysh\u00ebm dhe shpesh k\u00ebrkon q\u00eb ju t\u00eb &#8220;mendoni n\u00eb gjermanisht&#8221; p\u00ebr t\u00eb zgjedhur at\u00eb t\u00eb duhurin. P\u00ebr shembull, parafjal\u00eb angleze &#8220;in&#8221; mund t\u00eb p\u00ebrkthehet n\u00eb &#8220;in&#8221;, &#8220;an&#8221; ose &#8220;auf&#8221; n\u00eb gjermanisht, n\u00eb var\u00ebsi t\u00eb kontekstit.<\/p>\n\n\n\n<p>K\u00ebshill\u00eb: Krijoni kartolina me parafjal\u00eb t\u00eb zakonshme dhe homolog\u00ebt e tyre n\u00eb anglisht. Praktikoni p\u00ebrdorimin e tyre n\u00eb fjali dhe p\u00ebrqendrohuni n\u00eb kontekstet specifike n\u00eb t\u00eb cilat p\u00ebrdoret secila parafjal\u00eb.<\/p>\n\n\n\n<h3 class=\"wp-block-heading\" id=\"h-conclusion\">P\u00ebrfundim:<\/h3>\n\n\n\n<p><a href=\"https:\/\/talkpal.ai\/sq\/gramatika\/\">Gramatika<\/a> gjermane mund t\u00eb duket e frikshme n\u00eb fillim, por me praktik\u00eb t\u00eb p\u00ebrkushtuar, durim dhe fokus n\u00eb t\u00eb kuptuarit e rregullave dhe modeleve themelore, s\u00eb shpejti do t\u00eb nd\u00ebrtoni fjali t\u00eb sofistikuara me leht\u00ebsi. Duke kuptuar nd\u00ebrlikimet e gramatik\u00ebs gjermane, anglishtfol\u00ebsit jo vet\u00ebm q\u00eb do t\u00eb p\u00ebrmir\u00ebsojn\u00eb aft\u00ebsit\u00eb e tyre gjuh\u00ebsore, por gjithashtu do t\u00eb zhvillojn\u00eb nj\u00eb vler\u00ebsim t\u00eb ri p\u00ebr k\u00ebt\u00eb gjuh\u00eb t\u00eb bukur dhe komplekse. Tani, auf geht&#8217;s! Koha p\u00ebr t&#8217;u zhytur n\u00eb bot\u00ebn e gramatik\u00ebs gjermane dhe p\u00ebr t\u00eb zhbllokuar potencialin tuaj t\u00eb plot\u00eb t\u00eb m\u00ebsimit t\u00eb gjuh\u00ebs.<\/p>\n<\/div><\/div>\n\r\n<section class=\"learnNavigationSection\">\r\n            \r\n        <a href=\"https:\/\/talkpal.ai\/sq\/mesoni-gjermanisht\/\">\r\n            <div class=\"learnNavigationWrapper\">\r\n                <div class=\"learnNavigationContent\">\r\n                    <img decoding=\"async\" src=\"https:\/\/talkpal.ai\/wp-content\/uploads\/2024\/08\/German.jpg\" alt=\"German Flag\">\r\n                    <div>\r\n                        <h4>Rreth m\u00ebsimit t\u00eb gjermanishtes<\/h4>\r\n                        <p>M\u00ebsoni gjith\u00e7ka rreth gramatik\u00ebs gjermane.<\/p>\r\n                    <\/div>\r\n                <\/div>\r\n            <\/div>\r\n        <\/a>\r\n\r\n        \r\n        <a href=\"https:\/\/talkpal.ai\/sq\/ushtrime-gramatikore-gjermane\/\">\r\n            <div class=\"learnNavigationWrapper\">\r\n                <div class=\"learnNavigationContent\">\r\n                    <img decoding=\"async\" src=\"https:\/\/talkpal.ai\/wp-content\/uploads\/2024\/08\/German.jpg\" alt=\"German Flag\">\r\n                    <div>\r\n                        <h4>Ushtrimi i gramatik\u00ebs gjermane<\/h4>\r\n                        <p>Praktikoni gramatik\u00ebn gjermane.<\/p>\r\n                    <\/div>\r\n                <\/div>\r\n            <\/div>\r\n        <\/a>\r\n\r\n        \r\n        <a href=\"https:\/\/talkpal.ai\/vocabulary_language\/german\/\">\r\n            <div class=\"learnNavigationWrapper\">\r\n                <div class=\"learnNavigationContent\">\r\n                    <img decoding=\"async\" src=\"https:\/\/talkpal.ai\/wp-content\/uploads\/2024\/08\/German.jpg\" alt=\"German Flag\">\r\n                    <div>\r\n                        <h4>Fjalori gjerman<\/h4>\r\n                        <p>Zgjeroni fjalorin tuaj gjermanisht.<\/p>\r\n                    <\/div>\r\n                <\/div>\r\n            <\/div>\r\n        <\/a>\r\n\r\n            <\/section>","protected":false},"excerpt":{"rendered":"<p>Zbulimi i nd\u00ebrlikimeve t\u00eb gramatik\u00ebs gjermane M\u00ebsimi i gjermanishtes mund t\u00eb jet\u00eb nj\u00eb p\u00ebrpjekje emocionuese dhe shp\u00ebrblyese. Jo vet\u00ebm q\u00eb do t\u00eb jeni n\u00eb gjendje t\u00eb flisni me m\u00eb shum\u00eb se 130 milion\u00eb njer\u00ebz n\u00eb mbar\u00eb bot\u00ebn, por gjithashtu do t\u00eb keni akses n\u00eb nj\u00eb pasuri t\u00eb let\u00ebrsis\u00eb, muzik\u00ebs dhe historis\u00eb kulturore. Si me \u00e7do [&hellip;]<\/p>\n","protected":false},"author":1,"featured_media":1439796,"parent":0,"menu_order":0,"comment_status":"closed","ping_status":"closed","template":"LearningContentPage.php","meta":{"_acf_changed":false,"footnotes":""},"class_list":["post-1446128","page","type-page","status-publish","has-post-thumbnail","hentry"],"acf":[],"yoast_head":"<!-- This site is optimized with the Yoast SEO Premium plugin v27.2 (Yoast SEO v27.2) - https:\/\/yoast.com\/product\/yoast-seo-premium-wordpress\/ -->\n<title>Gramatika gjermane - Talkpal<\/title>\n<meta name=\"description\" content=\"M\u00ebsoni leht\u00ebsisht gramatik\u00ebn gjermane - kuptoni rregullat thelb\u00ebsore, praktikoni nd\u00ebrtimin e fjalive dhe flisni qart\u00eb me mb\u00ebshtetjen e udh\u00ebhequr nga AI t\u00eb TalkPal.\" \/>\n<meta name=\"robots\" content=\"index, follow, max-snippet:-1, max-image-preview:large, max-video-preview:-1\" \/>\n<link rel=\"canonical\" href=\"https:\/\/talkpal.ai\/sq\/gramatika-gjermane\/\" \/>\n<meta property=\"og:locale\" content=\"sq_AL\" \/>\n<meta property=\"og:type\" content=\"article\" \/>\n<meta property=\"og:title\" content=\"Gramatika gjermane\" \/>\n<meta property=\"og:description\" content=\"Zbulimi i nd\u00ebrlikimeve t\u00eb gramatik\u00ebs gjermane M\u00ebsimi i gjermanishtes mund t\u00eb jet\u00eb nj\u00eb p\u00ebrpjekje emocionuese dhe shp\u00ebrblyese. Jo vet\u00ebm q\u00eb do t\u00eb jeni n\u00eb\" \/>\n<meta property=\"og:url\" content=\"https:\/\/talkpal.ai\/sq\/gramatika-gjermane\/\" \/>\n<meta property=\"og:site_name\" content=\"Talkpal\" \/>\n<meta property=\"article:publisher\" content=\"https:\/\/www.facebook.com\/profile.php?id=100090733639311\" \/>\n<meta property=\"article:modified_time\" content=\"2025-09-06T20:40:31+00:00\" \/>\n<meta property=\"og:image\" content=\"https:\/\/talkpal.ai\/wp-content\/uploads\/2023\/03\/germany.png\" \/>\n\t<meta property=\"og:image:width\" content=\"512\" \/>\n\t<meta property=\"og:image:height\" content=\"512\" \/>\n\t<meta property=\"og:image:type\" content=\"image\/png\" \/>\n<meta name=\"twitter:card\" content=\"summary_large_image\" \/>\n<meta name=\"twitter:site\" content=\"@talkpalai\" \/>\n<meta name=\"twitter:label1\" content=\"Est. reading time\" \/>\n\t<meta name=\"twitter:data1\" content=\"5 minutes\" \/>\n<script type=\"application\/ld+json\" class=\"yoast-schema-graph\">{\"@context\":\"https:\/\/schema.org\",\"@graph\":[{\"@type\":\"WebPage\",\"@id\":\"https:\/\/talkpal.ai\/sq\/gramatika-gjermane\/\",\"url\":\"https:\/\/talkpal.ai\/sq\/gramatika-gjermane\/\",\"name\":\"Gramatika gjermane - Talkpal\",\"isPartOf\":{\"@id\":\"https:\/\/talkpal.ai\/sq\/#website\"},\"primaryImageOfPage\":{\"@id\":\"https:\/\/talkpal.ai\/sq\/gramatika-gjermane\/#primaryimage\"},\"image\":{\"@id\":\"https:\/\/talkpal.ai\/sq\/gramatika-gjermane\/#primaryimage\"},\"thumbnailUrl\":\"https:\/\/talkpal.ai\/wp-content\/uploads\/2023\/03\/germany.png\",\"datePublished\":\"2023-03-26T11:40:15+00:00\",\"dateModified\":\"2025-09-06T20:40:31+00:00\",\"description\":\"M\u00ebsoni leht\u00ebsisht gramatik\u00ebn gjermane - kuptoni rregullat thelb\u00ebsore, praktikoni nd\u00ebrtimin e fjalive dhe flisni qart\u00eb me mb\u00ebshtetjen e udh\u00ebhequr nga AI t\u00eb TalkPal.\",\"breadcrumb\":{\"@id\":\"https:\/\/talkpal.ai\/sq\/gramatika-gjermane\/#breadcrumb\"},\"inLanguage\":\"sq-AL\",\"potentialAction\":[{\"@type\":\"ReadAction\",\"target\":[\"https:\/\/talkpal.ai\/sq\/gramatika-gjermane\/\"]}]},{\"@type\":\"ImageObject\",\"inLanguage\":\"sq-AL\",\"@id\":\"https:\/\/talkpal.ai\/sq\/gramatika-gjermane\/#primaryimage\",\"url\":\"https:\/\/talkpal.ai\/wp-content\/uploads\/2023\/03\/germany.png\",\"contentUrl\":\"https:\/\/talkpal.ai\/wp-content\/uploads\/2023\/03\/germany.png\",\"width\":512,\"height\":512,\"caption\":\"TalkPal AI learn German\"},{\"@type\":\"BreadcrumbList\",\"@id\":\"https:\/\/talkpal.ai\/sq\/gramatika-gjermane\/#breadcrumb\",\"itemListElement\":[{\"@type\":\"ListItem\",\"position\":1,\"name\":\"Homepage\",\"item\":\"https:\/\/talkpal.ai\/sq\/\"},{\"@type\":\"ListItem\",\"position\":2,\"name\":\"Gramatika gjermane\"}]},{\"@type\":\"WebSite\",\"@id\":\"https:\/\/talkpal.ai\/sq\/#website\",\"url\":\"https:\/\/talkpal.ai\/sq\/\",\"name\":\"Talkpal\",\"description\":\"AI Language Learning\",\"publisher\":{\"@id\":\"https:\/\/talkpal.ai\/sq\/#organization\"},\"alternateName\":\"Talkpal AI\",\"potentialAction\":[{\"@type\":\"SearchAction\",\"target\":{\"@type\":\"EntryPoint\",\"urlTemplate\":\"https:\/\/talkpal.ai\/sq\/?s={search_term_string}\"},\"query-input\":{\"@type\":\"PropertyValueSpecification\",\"valueRequired\":true,\"valueName\":\"search_term_string\"}}],\"inLanguage\":\"sq-AL\"},{\"@type\":\"Organization\",\"@id\":\"https:\/\/talkpal.ai\/sq\/#organization\",\"name\":\"Talkpal, Inc.\",\"alternateName\":\"Talkpal AI\",\"url\":\"https:\/\/talkpal.ai\/sq\/\",\"logo\":{\"@type\":\"ImageObject\",\"inLanguage\":\"sq-AL\",\"@id\":\"https:\/\/talkpal.ai\/sq\/#\/schema\/logo\/image\/\",\"url\":\"https:\/\/talkpal.ai\/wp-content\/uploads\/2024\/03\/Talkpal-Logo-Icon.png\",\"contentUrl\":\"https:\/\/talkpal.ai\/wp-content\/uploads\/2024\/03\/Talkpal-Logo-Icon.png\",\"width\":2880,\"height\":2880,\"caption\":\"Talkpal, Inc.\"},\"image\":{\"@id\":\"https:\/\/talkpal.ai\/sq\/#\/schema\/logo\/image\/\"},\"sameAs\":[\"https:\/\/www.facebook.com\/profile.php?id=100090733639311\",\"https:\/\/x.com\/talkpalai\",\"https:\/\/www.linkedin.com\/company\/talkpal\/\",\"https:\/\/www.youtube.com\/@TalkPal\/\",\"https:\/\/www.tiktok.com\/@talkpal\",\"https:\/\/www.instagram.com\/talkpal_ai\/\",\"https:\/\/www.crunchbase.com\/organization\/talkpal-9cde\",\"https:\/\/www.g2.com\/products\/talkpal-for-business\/\",\"https:\/\/www.trustpilot.com\/review\/talkpal.ai\",\"https:\/\/www.capterra.com\/p\/10006800\/TalkPal\/\"],\"description\":\"Talkpal is a language learning web and mobile education app, powered by the latest AI technologies, that provides engaging experiences to its customers in many different languages to help them improve their language skills. Users can chat about unlimited amount of topics with the app and use other modes to practice their language learning.\",\"email\":\"support@talkpal.ai\",\"legalName\":\"Talkpal, Inc.\",\"foundingDate\":\"2023-04-03\",\"duns\":\"118989042\",\"numberOfEmployees\":{\"@type\":\"QuantitativeValue\",\"minValue\":\"11\",\"maxValue\":\"50\"},\"publishingPrinciples\":\"https:\/\/talkpal.ai\/publishing-principles\/\",\"actionableFeedbackPolicy\":\"https:\/\/talkpal.ai\/actionable-feedback-policy\/\",\"correctionsPolicy\":\"https:\/\/talkpal.ai\/corrections-policy\/\",\"ethicsPolicy\":\"https:\/\/talkpal.ai\/ethics-policy\/\",\"diversityPolicy\":\"https:\/\/talkpal.ai\/diversity-policy\/\",\"diversityStaffingReport\":\"https:\/\/talkpal.ai\/diversity-policy\/\"}]}<\/script>\n<!-- \/ Yoast SEO Premium plugin. -->","yoast_head_json":{"title":"Gramatika gjermane - Talkpal","description":"M\u00ebsoni leht\u00ebsisht gramatik\u00ebn gjermane - kuptoni rregullat thelb\u00ebsore, praktikoni nd\u00ebrtimin e fjalive dhe flisni qart\u00eb me mb\u00ebshtetjen e udh\u00ebhequr nga AI t\u00eb TalkPal.","robots":{"index":"index","follow":"follow","max-snippet":"max-snippet:-1","max-image-preview":"max-image-preview:large","max-video-preview":"max-video-preview:-1"},"canonical":"https:\/\/talkpal.ai\/sq\/gramatika-gjermane\/","og_locale":"sq_AL","og_type":"article","og_title":"Gramatika gjermane","og_description":"Zbulimi i nd\u00ebrlikimeve t\u00eb gramatik\u00ebs gjermane M\u00ebsimi i gjermanishtes mund t\u00eb jet\u00eb nj\u00eb p\u00ebrpjekje emocionuese dhe shp\u00ebrblyese. Jo vet\u00ebm q\u00eb do t\u00eb jeni n\u00eb","og_url":"https:\/\/talkpal.ai\/sq\/gramatika-gjermane\/","og_site_name":"Talkpal","article_publisher":"https:\/\/www.facebook.com\/profile.php?id=100090733639311","article_modified_time":"2025-09-06T20:40:31+00:00","og_image":[{"width":512,"height":512,"url":"https:\/\/talkpal.ai\/wp-content\/uploads\/2023\/03\/germany.png","type":"image\/png"}],"twitter_card":"summary_large_image","twitter_site":"@talkpalai","twitter_misc":{"Est. reading time":"5 minutes"},"schema":{"@context":"https:\/\/schema.org","@graph":[{"@type":"WebPage","@id":"https:\/\/talkpal.ai\/sq\/gramatika-gjermane\/","url":"https:\/\/talkpal.ai\/sq\/gramatika-gjermane\/","name":"Gramatika gjermane - Talkpal","isPartOf":{"@id":"https:\/\/talkpal.ai\/sq\/#website"},"primaryImageOfPage":{"@id":"https:\/\/talkpal.ai\/sq\/gramatika-gjermane\/#primaryimage"},"image":{"@id":"https:\/\/talkpal.ai\/sq\/gramatika-gjermane\/#primaryimage"},"thumbnailUrl":"https:\/\/talkpal.ai\/wp-content\/uploads\/2023\/03\/germany.png","datePublished":"2023-03-26T11:40:15+00:00","dateModified":"2025-09-06T20:40:31+00:00","description":"M\u00ebsoni leht\u00ebsisht gramatik\u00ebn gjermane - kuptoni rregullat thelb\u00ebsore, praktikoni nd\u00ebrtimin e fjalive dhe flisni qart\u00eb me mb\u00ebshtetjen e udh\u00ebhequr nga AI t\u00eb TalkPal.","breadcrumb":{"@id":"https:\/\/talkpal.ai\/sq\/gramatika-gjermane\/#breadcrumb"},"inLanguage":"sq-AL","potentialAction":[{"@type":"ReadAction","target":["https:\/\/talkpal.ai\/sq\/gramatika-gjermane\/"]}]},{"@type":"ImageObject","inLanguage":"sq-AL","@id":"https:\/\/talkpal.ai\/sq\/gramatika-gjermane\/#primaryimage","url":"https:\/\/talkpal.ai\/wp-content\/uploads\/2023\/03\/germany.png","contentUrl":"https:\/\/talkpal.ai\/wp-content\/uploads\/2023\/03\/germany.png","width":512,"height":512,"caption":"TalkPal AI learn German"},{"@type":"BreadcrumbList","@id":"https:\/\/talkpal.ai\/sq\/gramatika-gjermane\/#breadcrumb","itemListElement":[{"@type":"ListItem","position":1,"name":"Homepage","item":"https:\/\/talkpal.ai\/sq\/"},{"@type":"ListItem","position":2,"name":"Gramatika gjermane"}]},{"@type":"WebSite","@id":"https:\/\/talkpal.ai\/sq\/#website","url":"https:\/\/talkpal.ai\/sq\/","name":"Talkpal","description":"AI Language Learning","publisher":{"@id":"https:\/\/talkpal.ai\/sq\/#organization"},"alternateName":"Talkpal AI","potentialAction":[{"@type":"SearchAction","target":{"@type":"EntryPoint","urlTemplate":"https:\/\/talkpal.ai\/sq\/?s={search_term_string}"},"query-input":{"@type":"PropertyValueSpecification","valueRequired":true,"valueName":"search_term_string"}}],"inLanguage":"sq-AL"},{"@type":"Organization","@id":"https:\/\/talkpal.ai\/sq\/#organization","name":"Talkpal, Inc.","alternateName":"Talkpal AI","url":"https:\/\/talkpal.ai\/sq\/","logo":{"@type":"ImageObject","inLanguage":"sq-AL","@id":"https:\/\/talkpal.ai\/sq\/#\/schema\/logo\/image\/","url":"https:\/\/talkpal.ai\/wp-content\/uploads\/2024\/03\/Talkpal-Logo-Icon.png","contentUrl":"https:\/\/talkpal.ai\/wp-content\/uploads\/2024\/03\/Talkpal-Logo-Icon.png","width":2880,"height":2880,"caption":"Talkpal, Inc."},"image":{"@id":"https:\/\/talkpal.ai\/sq\/#\/schema\/logo\/image\/"},"sameAs":["https:\/\/www.facebook.com\/profile.php?id=100090733639311","https:\/\/x.com\/talkpalai","https:\/\/www.linkedin.com\/company\/talkpal\/","https:\/\/www.youtube.com\/@TalkPal\/","https:\/\/www.tiktok.com\/@talkpal","https:\/\/www.instagram.com\/talkpal_ai\/","https:\/\/www.crunchbase.com\/organization\/talkpal-9cde","https:\/\/www.g2.com\/products\/talkpal-for-business\/","https:\/\/www.trustpilot.com\/review\/talkpal.ai","https:\/\/www.capterra.com\/p\/10006800\/TalkPal\/"],"description":"Talkpal is a language learning web and mobile education app, powered by the latest AI technologies, that provides engaging experiences to its customers in many different languages to help them improve their language skills. Users can chat about unlimited amount of topics with the app and use other modes to practice their language learning.","email":"support@talkpal.ai","legalName":"Talkpal, Inc.","foundingDate":"2023-04-03","duns":"118989042","numberOfEmployees":{"@type":"QuantitativeValue","minValue":"11","maxValue":"50"},"publishingPrinciples":"https:\/\/talkpal.ai\/publishing-principles\/","actionableFeedbackPolicy":"https:\/\/talkpal.ai\/actionable-feedback-policy\/","correctionsPolicy":"https:\/\/talkpal.ai\/corrections-policy\/","ethicsPolicy":"https:\/\/talkpal.ai\/ethics-policy\/","diversityPolicy":"https:\/\/talkpal.ai\/diversity-policy\/","diversityStaffingReport":"https:\/\/talkpal.ai\/diversity-policy\/"}]}},"_links":{"self":[{"href":"https:\/\/talkpal.ai\/sq\/wp-json\/wp\/v2\/pages\/1446128","targetHints":{"allow":["GET"]}}],"collection":[{"href":"https:\/\/talkpal.ai\/sq\/wp-json\/wp\/v2\/pages"}],"about":[{"href":"https:\/\/talkpal.ai\/sq\/wp-json\/wp\/v2\/types\/page"}],"author":[{"embeddable":true,"href":"https:\/\/talkpal.ai\/sq\/wp-json\/wp\/v2\/users\/1"}],"replies":[{"embeddable":true,"href":"https:\/\/talkpal.ai\/sq\/wp-json\/wp\/v2\/comments?post=1446128"}],"version-history":[{"count":0,"href":"https:\/\/talkpal.ai\/sq\/wp-json\/wp\/v2\/pages\/1446128\/revisions"}],"wp:featuredmedia":[{"embeddable":true,"href":"https:\/\/talkpal.ai\/sq\/wp-json\/wp\/v2\/media\/1439796"}],"wp:attachment":[{"href":"https:\/\/talkpal.ai\/sq\/wp-json\/wp\/v2\/media?parent=1446128"}],"curies":[{"name":"wp","href":"https:\/\/api.w.org\/{rel}","templated":true}]}}