{"id":1446125,"date":"2023-03-25T16:57:06","date_gmt":"2023-03-25T16:57:06","guid":{"rendered":"https:\/\/talkpal.ai\/gramatika-angleze\/"},"modified":"2025-09-06T20:40:30","modified_gmt":"2025-09-06T20:40:30","slug":"gramatika-angleze","status":"publish","type":"page","link":"https:\/\/talkpal.ai\/sq\/gramatika-angleze\/","title":{"rendered":"Gramatika angleze"},"content":{"rendered":"\r\n\r\n\r\n<section class=\"languageChallengeSection\">\r\n    <div class=\"languageInfoWrapper\">\r\n        \r\n        <h1>Gramatika angleze<\/h1>\r\n        <p>Gati p\u00ebr t\u00eb filluar t\u00eb m\u00ebsoni <a href=\"https:\/\/talkpal.ai\/learn-english-with-ai\/\">anglisht<\/a>? Me vet\u00ebm pak <a href=\"https:\/\/talkpal.ai\/grammar\/\">gramatik\u00eb<\/a> dhe disa fjal\u00eb t\u00eb reja, do t\u00eb bisedoni dhe lidheni me njer\u00ebz nga e gjith\u00eb bota n\u00eb nj\u00eb koh\u00eb t\u00eb shkurt\u00ebr. Zhytuni dhe le ta b\u00ebjm\u00eb m\u00ebsimin e anglishtes arg\u00ebtues dhe t\u00eb leht\u00eb &#8211; udh\u00ebtimi juaj drejt rrjedhshm\u00ebris\u00eb fillon sot!\r\n\r\n<\/p>\r\n\r\n                            <a class=\"getStartedHidden\" href=\"https:\/\/app.talkpal.ai\/signup?lng=\">Filloni<\/a>\r\n        \r\n    <\/div>\r\n\r\n    <figure>\r\n    <img decoding=\"async\" width=\"768\" height=\"768\" src=\"https:\/\/talkpal.ai\/wp-content\/uploads\/2023\/06\/English-768x768.png\" class=\"languageImage no-lazy\" alt=\"Language learning for improved multitasking\" fetchpriority=\"high\" sizes=\"(max-width: 768px) 150px, 768px\" srcset=\"https:\/\/talkpal.ai\/wp-content\/uploads\/2023\/06\/English-768x768.png 768w, https:\/\/talkpal.ai\/wp-content\/uploads\/2023\/06\/English-300x300.png 300w\" \/>\r\n    \r\n\r\n    <\/figure>\r\n\r\n            <a class=\"getStartedVisible\" href=\"https:\/\/app.talkpal.ai\/signup?lng=\">Filloni<\/a>\r\n    \r\n<\/section>\r\n<section class=\"promotionalBanner\">\r\n    <p class=\"promotionalText\">M\u00ebnyra m\u00eb efikase p\u00ebr t\u00eb m\u00ebsuar nj\u00eb gjuh\u00eb<\/p>\r\n    <a class=\"promotionalLink\" href=\"https:\/\/app.talkpal.ai\/signup?lng=\">Provoni Talkpal falas<\/a>\r\n<\/section>\n<div class=\"wp-block-group pageContainerStyle\"><div class=\"wp-block-group__inner-container is-layout-constrained wp-block-group-is-layout-constrained\">\n<h2 class=\"wp-block-heading\" id=\"h-the-importance-of-english-grammar-a-guide-to-mastering-the-rules-and-principles\">R\u00ebnd\u00ebsia e gramatik\u00ebs angleze: Nj\u00eb udh\u00ebzues p\u00ebr zot\u00ebrimin e rregullave dhe parimeve<\/h2>\n\n\n\n<p>Duke qen\u00eb se anglishtja \u00ebsht\u00eb nj\u00eb nga gjuh\u00ebt m\u00eb t\u00eb spikatura t\u00eb folura n\u00eb mbar\u00eb bot\u00ebn, nuk \u00ebsht\u00eb \u00e7udi q\u00eb njer\u00ebzit jan\u00eb t\u00eb etur p\u00ebr t\u00eb p\u00ebrmir\u00ebsuar rrjedhshm\u00ebrin\u00eb dhe zot\u00ebrimin e <a href=\"https:\/\/talkpal.ai\/locations\/language-courses-in-tyre\/\">tyre<\/a>. Nj\u00eb aspekt thelb\u00ebsor i zot\u00ebrimit t\u00eb gjuh\u00ebs angleze \u00ebsht\u00eb t\u00eb kuptuarit e gramatik\u00ebs s\u00eb saj. Por pse <a href=\"https:\/\/talkpal.ai\/sq\/gramatika\/\">gramatika<\/a> \u00ebsht\u00eb kaq e r\u00ebnd\u00ebsishme dhe si mund ta m\u00ebsojm\u00eb at\u00eb n\u00eb m\u00ebnyr\u00eb efektive? N\u00eb k\u00ebt\u00eb artikull, ne do t\u00eb zhytemi n\u00eb r\u00ebnd\u00ebsin\u00eb e gramatik\u00ebs angleze, do t\u00eb diskutojm\u00eb parimet e saj kryesore dhe do t\u00eb ndajm\u00eb disa k\u00ebshilla t\u00eb dobishme p\u00ebr t\u00eb mprehur aft\u00ebsit\u00eb tuaja.<\/p>\n\n\n\n<h3 class=\"wp-block-heading\" id=\"h-the-role-of-grammar-in-the-english-language\">Roli i gramatik\u00ebs n\u00eb gjuh\u00ebn angleze:<\/h3>\n\n\n\n<p>Pra, cila \u00ebsht\u00eb <a href=\"https:\/\/talkpal.ai\/contact\/\">puna<\/a> e madhe n\u00eb lidhje me gramatik\u00ebn? N\u00eb thelb, gramatika sh\u00ebrben si blloqe nd\u00ebrtimi i \u00e7do gjuhe \u2013 \u00ebsht\u00eb grupi i rregullave dhe parimeve q\u00eb rregullojn\u00eb m\u00ebnyr\u00ebn <a href=\"https:\/\/talkpal.ai\/culture\/what-is-the-difference-between-se-and-si\/\">se si<\/a> ne p\u00ebrdorim fjal\u00ebt p\u00ebr t\u00eb formuar fjali kuptimplota. Duke iu p\u00ebrmbajtur k\u00ebtyre rregullave, ne mund t\u00eb sigurojm\u00eb komunikim t\u00eb qart\u00eb dhe t\u00eb shmangim keqkuptimet. Imagjinoni t\u00eb p\u00ebrpiqeni t\u00eb gatuani nj\u00eb vakt pa ndjekur nj\u00eb recet\u00eb \u2013 rezultati p\u00ebrfundimtar mund t\u00eb jet\u00eb i pak\u00ebndsh\u00ebm! Po k\u00ebshtu, neglizhimi i gramatik\u00ebs n\u00eb t\u00eb folurit dhe shkrimin ton\u00eb t\u00eb p\u00ebrditsh\u00ebm mund t\u00eb \u00e7oj\u00eb n\u00eb konfuzion dhe keqinterpretim.<\/p>\n\n\n\n<h3 class=\"wp-block-heading\" id=\"h-key-principles-of-english-grammar\">Parimet kryesore t\u00eb gramatik\u00ebs angleze:<\/h3>\n\n\n\n<p>Nd\u00ebrsa gramatika angleze p\u00ebrfshin nj\u00eb gam\u00eb t\u00eb gjer\u00eb rregullash, ka disa parime kryesore p\u00ebr t\u00eb cilat duhet t\u00eb jeni t\u00eb vet\u00ebdijsh\u00ebm:<\/p>\n\n\n\n<p><strong>1. Pjes\u00ebt e t\u00eb folurit:<\/strong> K\u00ebto jan\u00eb rolet q\u00eb luajn\u00eb fjal\u00ebt n\u00eb nj\u00eb fjali. N\u00eb var\u00ebsi t\u00eb funksionit t\u00eb tyre, fjal\u00ebt mund t\u00eb klasifikohen si emra, p\u00ebremra, folje, mbiemra, ndajfolje, parafjal\u00eb, lidh\u00ebza ose nd\u00ebrhyrje.<\/p>\n\n\n\n<p><strong>2. Koh\u00ebt:<\/strong> Koh\u00ebt tregojn\u00eb koh\u00ebn e veprimeve ose gjendjeve t\u00eb qenies. Ato kategorizohen n\u00eb t\u00eb kaluar\u00ebn, t\u00eb tashmen dhe t\u00eb ardhmen, me secil\u00ebn koh\u00eb q\u00eb ka kat\u00ebr aspekte \u2013 t\u00eb thjeshta, progresive, perfekte dhe progresive t\u00eb p\u00ebrsosur.<\/p>\n\n\n\n<p><strong>3. Marr\u00ebveshja subjekt-folje:<\/strong> N\u00eb thelb, subjekti (em\u00ebr ose p\u00ebrem\u00ebr) dhe folja n\u00eb nj\u00eb fjali duhet t\u00eb bien dakord n\u00eb num\u00ebr \u2013 nj\u00ebj\u00ebs ose shum\u00ebs. P\u00ebr shembull, &#8220;Ajo lexon nj\u00eb lib\u00ebr&#8221; dhe &#8220;Ata lexojn\u00eb libra&#8221; jan\u00eb t\u00eb dyja gramatikore t\u00eb sakta.<\/p>\n\n\n\n<p><strong>4. Struktura e fjalis\u00eb:<\/strong> Nj\u00eb fjali e strukturuar mir\u00eb p\u00ebrb\u00ebhet nga nj\u00eb subjekt, folje dhe, shpesh, nj\u00eb objekt. Fjalit\u00eb mund t\u00eb jen\u00eb t\u00eb thjeshta (nj\u00eb fjali e pavarur), t\u00eb p\u00ebrb\u00ebra (dy ose m\u00eb shum\u00eb fjali t\u00eb pavarura) ose komplekse (nj\u00eb fjali e pavarur dhe nj\u00eb ose m\u00eb shum\u00eb fjali t\u00eb varura).<\/p>\n\n\n\n<p><strong>5. Shenjat e pik\u00ebsimit:<\/strong> Shenjat e pik\u00ebsimit, t\u00eb tilla si presjet, pikat dhe pik\u00ebpresjet, jan\u00eb kritike n\u00eb organizimin dhe sqarimin e gjuh\u00ebs s\u00eb shkruar. Shenja e duhur e pik\u00ebsimit siguron q\u00eb idet\u00eb tuaja t\u00eb p\u00ebrcillen me sakt\u00ebsi dhe koherenc\u00eb.<\/p>\n\n\n\n<h3 class=\"wp-block-heading\" id=\"h-tips-to-improve-your-english-grammar\">K\u00ebshilla p\u00ebr t\u00eb p\u00ebrmir\u00ebsuar gramatik\u00ebn tuaj angleze:<\/h3>\n\n\n\n<p>Tani q\u00eb kemi diskutuar bazat e gramatik\u00ebs angleze, le t\u00eb eksplorojm\u00eb disa m\u00ebnyra efektive p\u00ebr t\u00eb p\u00ebrmir\u00ebsuar aft\u00ebsit\u00eb tuaja:<\/p>\n\n\n\n<p><strong>1. Lexoni rregullisht:<\/strong> Leximi \u00ebsht\u00eb nj\u00eb m\u00ebnyr\u00eb e shk\u00eblqyer p\u00ebr t\u00eb p\u00ebrvet\u00ebsuar gramatik\u00ebn e duhur. Sa m\u00eb shum\u00eb t\u00eb ekspozoheni ndaj artikujve, librave ose eseve t\u00eb shkruara mir\u00eb, aq m\u00eb mir\u00eb do t&#8217;i kuptoni rregullat dhe strukturat.<\/p>\n\n\n\n<p><strong>2. Praktikoni shkrimin:<\/strong> Shkrimi rregullisht ju lejon t\u00eb zbatoni njohurit\u00eb tuaja gramatikore dhe t\u00eb identifikoni fushat ku keni nevoj\u00eb p\u00ebr p\u00ebrmir\u00ebsim. Konsideroni t\u00eb mbani nj\u00eb ditar ose t\u00eb filloni nj\u00eb <a href=\"https:\/\/talkpal.ai\/blog\/\">blog<\/a> p\u00ebr t\u00eb zhvilluar aft\u00ebsit\u00eb tuaja t\u00eb t\u00eb shkruarit.<\/p>\n\n\n\n<p><strong>3. Studioni burimet gramatikore:<\/strong> Merrni n\u00eb dor\u00eb disa libra gramatik\u00eb, faqe interneti ose aplikacione me reputacion p\u00ebr t\u00eb thelluar t\u00eb kuptuarit tuaj t\u00eb rregullave. Rishikimi i rregullt i k\u00ebtyre materialeve do t\u00eb ndihmoj\u00eb n\u00eb forcimin e njohurive tuaja.<\/p>\n\n\n\n<p><strong>4. K\u00ebrkoni komente:<\/strong> Angazhohuni me t\u00eb tjer\u00ebt p\u00ebr t\u00eb marr\u00eb kritika konstruktive p\u00ebr anglishten tuaj t\u00eb shkruar dhe t\u00eb folur. Kjo mund t\u00eb jet\u00eb p\u00ebrmes forumeve n\u00eb internet, grupeve t\u00eb shk\u00ebmbimit gjuh\u00ebsor ose miqve dhe koleg\u00ebve q\u00eb jan\u00eb t\u00eb aft\u00eb n\u00eb anglisht.<\/p>\n\n\n\n<p><strong>5. Jini t\u00eb duruesh\u00ebm dhe k\u00ebmb\u00ebngul\u00ebs:<\/strong> M\u00ebsimi i gramatik\u00ebs \u00ebsht\u00eb nj\u00eb proces gradual q\u00eb k\u00ebrkon koh\u00eb dhe p\u00ebrpjekje. Q\u00ebndroni t\u00eb p\u00ebrkushtuar, vazhdoni t\u00eb praktikoni dhe festoni p\u00ebrparimin tuaj.<\/p>\n\n\n\n<h3 class=\"wp-block-heading\" id=\"h-conclusion\">P\u00ebrfundim:<\/h3>\n\n\n\n<p>Zot\u00ebrimi i gramatik\u00ebs angleze \u00ebsht\u00eb nj\u00eb gur themeli thelb\u00ebsor n\u00eb rrug\u00ebn drejt rrjedhshm\u00ebris\u00eb. Duke kuptuar r\u00ebnd\u00ebsin\u00eb e tij, duke u njohur me parimet kryesore dhe duke praktikuar n\u00eb m\u00ebnyr\u00eb aktive, s\u00eb shpejti do t\u00eb zhvilloni nj\u00eb zot\u00ebrim t\u00eb fort\u00eb t\u00eb gjuh\u00ebs. Mos harroni se <a href=\"https:\/\/talkpal.ai\/it\/locations\/impara-lo-spagnolo-a-roma\/\">Roma<\/a> nuk u nd\u00ebrtua brenda nj\u00eb dite \u2013 k\u00ebshtu q\u00eb q\u00ebndroni t\u00eb duruesh\u00ebm, arg\u00ebtohuni dhe shijoni udh\u00ebtimin drejt gramatik\u00ebs s\u00eb pat\u00ebmet\u00eb!<\/p>\n<\/div><\/div>\n\r\n<section class=\"learnNavigationSection\">\r\n            \r\n        <a href=\"https:\/\/talkpal.ai\/sq\/meso-anglisht\/\">\r\n            <div class=\"learnNavigationWrapper\">\r\n                <div class=\"learnNavigationContent\">\r\n                    <img decoding=\"async\" src=\"https:\/\/talkpal.ai\/wp-content\/uploads\/2024\/08\/English.jpg\" alt=\"English Flag\">\r\n                    <div>\r\n                        <h4>Rreth m\u00ebsimit t\u00eb anglishtes<\/h4>\r\n                        <p>M\u00ebsoni gjith\u00e7ka rreth gramatik\u00ebs angleze.<\/p>\r\n                    <\/div>\r\n                <\/div>\r\n            <\/div>\r\n        <\/a>\r\n\r\n        \r\n        <a href=\"https:\/\/talkpal.ai\/sq\/ushtrime-te-gramatikes-angleze\/\">\r\n            <div class=\"learnNavigationWrapper\">\r\n                <div class=\"learnNavigationContent\">\r\n                    <img decoding=\"async\" src=\"https:\/\/talkpal.ai\/wp-content\/uploads\/2024\/08\/English.jpg\" alt=\"English Flag\">\r\n                    <div>\r\n                        <h4>Ushtrime t\u00eb gramatik\u00ebs angleze<\/h4>\r\n                        <p>Praktikoni gramatik\u00ebn angleze.<\/p>\r\n                    <\/div>\r\n                <\/div>\r\n            <\/div>\r\n        <\/a>\r\n\r\n        \r\n        <a href=\"https:\/\/talkpal.ai\/vocabulary_language\/english\/\">\r\n            <div class=\"learnNavigationWrapper\">\r\n                <div class=\"learnNavigationContent\">\r\n                    <img decoding=\"async\" src=\"https:\/\/talkpal.ai\/wp-content\/uploads\/2024\/08\/English.jpg\" alt=\"English Flag\">\r\n                    <div>\r\n                        <h4>Fjalori anglisht<\/h4>\r\n                        <p>Zgjeroni fjalorin tuaj anglisht.<\/p>\r\n                    <\/div>\r\n                <\/div>\r\n            <\/div>\r\n        <\/a>\r\n\r\n            <\/section>","protected":false},"excerpt":{"rendered":"<p>R\u00ebnd\u00ebsia e gramatik\u00ebs angleze: Nj\u00eb udh\u00ebzues p\u00ebr zot\u00ebrimin e rregullave dhe parimeve Duke qen\u00eb se anglishtja \u00ebsht\u00eb nj\u00eb nga gjuh\u00ebt m\u00eb t\u00eb spikatura t\u00eb folura n\u00eb mbar\u00eb bot\u00ebn, nuk \u00ebsht\u00eb \u00e7udi q\u00eb njer\u00ebzit jan\u00eb t\u00eb etur p\u00ebr t\u00eb p\u00ebrmir\u00ebsuar rrjedhshm\u00ebrin\u00eb dhe zot\u00ebrimin e tyre. Nj\u00eb aspekt thelb\u00ebsor i zot\u00ebrimit t\u00eb gjuh\u00ebs angleze \u00ebsht\u00eb t\u00eb kuptuarit [&hellip;]<\/p>\n","protected":false},"author":1,"featured_media":1440038,"parent":0,"menu_order":0,"comment_status":"closed","ping_status":"closed","template":"LearningContentPage.php","meta":{"_acf_changed":false,"footnotes":""},"class_list":["post-1446125","page","type-page","status-publish","has-post-thumbnail","hentry"],"acf":[],"yoast_head":"<!-- This site is optimized with the Yoast SEO Premium plugin v27.2 (Yoast SEO v27.2) - https:\/\/yoast.com\/product\/yoast-seo-premium-wordpress\/ -->\n<title>Gramatika angleze - Talkpal<\/title>\n<meta name=\"description\" content=\"P\u00ebrmir\u00ebsoni aft\u00ebsit\u00eb tuaja t\u00eb gramatik\u00ebs angleze pa mundim me aplikacionin e m\u00ebsimit t\u00eb gjuh\u00ebs me AI t\u00eb TalkPal.\" \/>\n<meta name=\"robots\" content=\"index, follow, max-snippet:-1, max-image-preview:large, max-video-preview:-1\" \/>\n<link rel=\"canonical\" href=\"https:\/\/talkpal.ai\/sq\/gramatika-angleze\/\" \/>\n<meta property=\"og:locale\" content=\"sq_AL\" \/>\n<meta property=\"og:type\" content=\"article\" \/>\n<meta property=\"og:title\" content=\"Gramatika angleze\" \/>\n<meta property=\"og:description\" content=\"R\u00ebnd\u00ebsia e gramatik\u00ebs angleze: Nj\u00eb udh\u00ebzues p\u00ebr zot\u00ebrimin e rregullave dhe parimeve Duke qen\u00eb se anglishtja \u00ebsht\u00eb nj\u00eb nga gjuh\u00ebt m\u00eb t\u00eb spikatura t\u00eb folura\" \/>\n<meta property=\"og:url\" content=\"https:\/\/talkpal.ai\/sq\/gramatika-angleze\/\" \/>\n<meta property=\"og:site_name\" content=\"Talkpal\" \/>\n<meta property=\"article:publisher\" content=\"https:\/\/www.facebook.com\/profile.php?id=100090733639311\" \/>\n<meta property=\"article:modified_time\" content=\"2025-09-06T20:40:30+00:00\" \/>\n<meta property=\"og:image\" content=\"https:\/\/talkpal.ai\/wp-content\/uploads\/2023\/03\/united-kingdom.png\" \/>\n\t<meta property=\"og:image:width\" content=\"512\" \/>\n\t<meta property=\"og:image:height\" content=\"512\" \/>\n\t<meta property=\"og:image:type\" content=\"image\/png\" \/>\n<meta name=\"twitter:card\" content=\"summary_large_image\" \/>\n<meta name=\"twitter:site\" content=\"@talkpalai\" \/>\n<meta name=\"twitter:label1\" content=\"Est. reading time\" \/>\n\t<meta name=\"twitter:data1\" content=\"4 minutes\" \/>\n<script type=\"application\/ld+json\" class=\"yoast-schema-graph\">{\"@context\":\"https:\/\/schema.org\",\"@graph\":[{\"@type\":\"WebPage\",\"@id\":\"https:\/\/talkpal.ai\/sq\/gramatika-angleze\/\",\"url\":\"https:\/\/talkpal.ai\/sq\/gramatika-angleze\/\",\"name\":\"Gramatika angleze - Talkpal\",\"isPartOf\":{\"@id\":\"https:\/\/talkpal.ai\/sq\/#website\"},\"primaryImageOfPage\":{\"@id\":\"https:\/\/talkpal.ai\/sq\/gramatika-angleze\/#primaryimage\"},\"image\":{\"@id\":\"https:\/\/talkpal.ai\/sq\/gramatika-angleze\/#primaryimage\"},\"thumbnailUrl\":\"https:\/\/talkpal.ai\/wp-content\/uploads\/2023\/03\/united-kingdom.png\",\"datePublished\":\"2023-03-25T16:57:06+00:00\",\"dateModified\":\"2025-09-06T20:40:30+00:00\",\"description\":\"P\u00ebrmir\u00ebsoni aft\u00ebsit\u00eb tuaja t\u00eb gramatik\u00ebs angleze pa mundim me aplikacionin e m\u00ebsimit t\u00eb gjuh\u00ebs me AI t\u00eb TalkPal.\",\"breadcrumb\":{\"@id\":\"https:\/\/talkpal.ai\/sq\/gramatika-angleze\/#breadcrumb\"},\"inLanguage\":\"sq-AL\",\"potentialAction\":[{\"@type\":\"ReadAction\",\"target\":[\"https:\/\/talkpal.ai\/sq\/gramatika-angleze\/\"]}]},{\"@type\":\"ImageObject\",\"inLanguage\":\"sq-AL\",\"@id\":\"https:\/\/talkpal.ai\/sq\/gramatika-angleze\/#primaryimage\",\"url\":\"https:\/\/talkpal.ai\/wp-content\/uploads\/2023\/03\/united-kingdom.png\",\"contentUrl\":\"https:\/\/talkpal.ai\/wp-content\/uploads\/2023\/03\/united-kingdom.png\",\"width\":512,\"height\":512,\"caption\":\"TalkPal AI learn English\"},{\"@type\":\"BreadcrumbList\",\"@id\":\"https:\/\/talkpal.ai\/sq\/gramatika-angleze\/#breadcrumb\",\"itemListElement\":[{\"@type\":\"ListItem\",\"position\":1,\"name\":\"Homepage\",\"item\":\"https:\/\/talkpal.ai\/sq\/\"},{\"@type\":\"ListItem\",\"position\":2,\"name\":\"Gramatika angleze\"}]},{\"@type\":\"WebSite\",\"@id\":\"https:\/\/talkpal.ai\/sq\/#website\",\"url\":\"https:\/\/talkpal.ai\/sq\/\",\"name\":\"Talkpal\",\"description\":\"AI Language Learning\",\"publisher\":{\"@id\":\"https:\/\/talkpal.ai\/sq\/#organization\"},\"alternateName\":\"Talkpal AI\",\"potentialAction\":[{\"@type\":\"SearchAction\",\"target\":{\"@type\":\"EntryPoint\",\"urlTemplate\":\"https:\/\/talkpal.ai\/sq\/?s={search_term_string}\"},\"query-input\":{\"@type\":\"PropertyValueSpecification\",\"valueRequired\":true,\"valueName\":\"search_term_string\"}}],\"inLanguage\":\"sq-AL\"},{\"@type\":\"Organization\",\"@id\":\"https:\/\/talkpal.ai\/sq\/#organization\",\"name\":\"Talkpal, Inc.\",\"alternateName\":\"Talkpal AI\",\"url\":\"https:\/\/talkpal.ai\/sq\/\",\"logo\":{\"@type\":\"ImageObject\",\"inLanguage\":\"sq-AL\",\"@id\":\"https:\/\/talkpal.ai\/sq\/#\/schema\/logo\/image\/\",\"url\":\"https:\/\/talkpal.ai\/wp-content\/uploads\/2024\/03\/Talkpal-Logo-Icon.png\",\"contentUrl\":\"https:\/\/talkpal.ai\/wp-content\/uploads\/2024\/03\/Talkpal-Logo-Icon.png\",\"width\":2880,\"height\":2880,\"caption\":\"Talkpal, Inc.\"},\"image\":{\"@id\":\"https:\/\/talkpal.ai\/sq\/#\/schema\/logo\/image\/\"},\"sameAs\":[\"https:\/\/www.facebook.com\/profile.php?id=100090733639311\",\"https:\/\/x.com\/talkpalai\",\"https:\/\/www.linkedin.com\/company\/talkpal\/\",\"https:\/\/www.youtube.com\/@TalkPal\/\",\"https:\/\/www.tiktok.com\/@talkpal\",\"https:\/\/www.instagram.com\/talkpal_ai\/\",\"https:\/\/www.crunchbase.com\/organization\/talkpal-9cde\",\"https:\/\/www.g2.com\/products\/talkpal-for-business\/\",\"https:\/\/www.trustpilot.com\/review\/talkpal.ai\",\"https:\/\/www.capterra.com\/p\/10006800\/TalkPal\/\"],\"description\":\"Talkpal is a language learning web and mobile education app, powered by the latest AI technologies, that provides engaging experiences to its customers in many different languages to help them improve their language skills. Users can chat about unlimited amount of topics with the app and use other modes to practice their language learning.\",\"email\":\"support@talkpal.ai\",\"legalName\":\"Talkpal, Inc.\",\"foundingDate\":\"2023-04-03\",\"duns\":\"118989042\",\"numberOfEmployees\":{\"@type\":\"QuantitativeValue\",\"minValue\":\"11\",\"maxValue\":\"50\"},\"publishingPrinciples\":\"https:\/\/talkpal.ai\/publishing-principles\/\",\"actionableFeedbackPolicy\":\"https:\/\/talkpal.ai\/actionable-feedback-policy\/\",\"correctionsPolicy\":\"https:\/\/talkpal.ai\/corrections-policy\/\",\"ethicsPolicy\":\"https:\/\/talkpal.ai\/ethics-policy\/\",\"diversityPolicy\":\"https:\/\/talkpal.ai\/diversity-policy\/\",\"diversityStaffingReport\":\"https:\/\/talkpal.ai\/diversity-policy\/\"}]}<\/script>\n<!-- \/ Yoast SEO Premium plugin. -->","yoast_head_json":{"title":"Gramatika angleze - Talkpal","description":"P\u00ebrmir\u00ebsoni aft\u00ebsit\u00eb tuaja t\u00eb gramatik\u00ebs angleze pa mundim me aplikacionin e m\u00ebsimit t\u00eb gjuh\u00ebs me AI t\u00eb TalkPal.","robots":{"index":"index","follow":"follow","max-snippet":"max-snippet:-1","max-image-preview":"max-image-preview:large","max-video-preview":"max-video-preview:-1"},"canonical":"https:\/\/talkpal.ai\/sq\/gramatika-angleze\/","og_locale":"sq_AL","og_type":"article","og_title":"Gramatika angleze","og_description":"R\u00ebnd\u00ebsia e gramatik\u00ebs angleze: Nj\u00eb udh\u00ebzues p\u00ebr zot\u00ebrimin e rregullave dhe parimeve Duke qen\u00eb se anglishtja \u00ebsht\u00eb nj\u00eb nga gjuh\u00ebt m\u00eb t\u00eb spikatura t\u00eb folura","og_url":"https:\/\/talkpal.ai\/sq\/gramatika-angleze\/","og_site_name":"Talkpal","article_publisher":"https:\/\/www.facebook.com\/profile.php?id=100090733639311","article_modified_time":"2025-09-06T20:40:30+00:00","og_image":[{"width":512,"height":512,"url":"https:\/\/talkpal.ai\/wp-content\/uploads\/2023\/03\/united-kingdom.png","type":"image\/png"}],"twitter_card":"summary_large_image","twitter_site":"@talkpalai","twitter_misc":{"Est. reading time":"4 minutes"},"schema":{"@context":"https:\/\/schema.org","@graph":[{"@type":"WebPage","@id":"https:\/\/talkpal.ai\/sq\/gramatika-angleze\/","url":"https:\/\/talkpal.ai\/sq\/gramatika-angleze\/","name":"Gramatika angleze - Talkpal","isPartOf":{"@id":"https:\/\/talkpal.ai\/sq\/#website"},"primaryImageOfPage":{"@id":"https:\/\/talkpal.ai\/sq\/gramatika-angleze\/#primaryimage"},"image":{"@id":"https:\/\/talkpal.ai\/sq\/gramatika-angleze\/#primaryimage"},"thumbnailUrl":"https:\/\/talkpal.ai\/wp-content\/uploads\/2023\/03\/united-kingdom.png","datePublished":"2023-03-25T16:57:06+00:00","dateModified":"2025-09-06T20:40:30+00:00","description":"P\u00ebrmir\u00ebsoni aft\u00ebsit\u00eb tuaja t\u00eb gramatik\u00ebs angleze pa mundim me aplikacionin e m\u00ebsimit t\u00eb gjuh\u00ebs me AI t\u00eb TalkPal.","breadcrumb":{"@id":"https:\/\/talkpal.ai\/sq\/gramatika-angleze\/#breadcrumb"},"inLanguage":"sq-AL","potentialAction":[{"@type":"ReadAction","target":["https:\/\/talkpal.ai\/sq\/gramatika-angleze\/"]}]},{"@type":"ImageObject","inLanguage":"sq-AL","@id":"https:\/\/talkpal.ai\/sq\/gramatika-angleze\/#primaryimage","url":"https:\/\/talkpal.ai\/wp-content\/uploads\/2023\/03\/united-kingdom.png","contentUrl":"https:\/\/talkpal.ai\/wp-content\/uploads\/2023\/03\/united-kingdom.png","width":512,"height":512,"caption":"TalkPal AI learn English"},{"@type":"BreadcrumbList","@id":"https:\/\/talkpal.ai\/sq\/gramatika-angleze\/#breadcrumb","itemListElement":[{"@type":"ListItem","position":1,"name":"Homepage","item":"https:\/\/talkpal.ai\/sq\/"},{"@type":"ListItem","position":2,"name":"Gramatika angleze"}]},{"@type":"WebSite","@id":"https:\/\/talkpal.ai\/sq\/#website","url":"https:\/\/talkpal.ai\/sq\/","name":"Talkpal","description":"AI Language Learning","publisher":{"@id":"https:\/\/talkpal.ai\/sq\/#organization"},"alternateName":"Talkpal AI","potentialAction":[{"@type":"SearchAction","target":{"@type":"EntryPoint","urlTemplate":"https:\/\/talkpal.ai\/sq\/?s={search_term_string}"},"query-input":{"@type":"PropertyValueSpecification","valueRequired":true,"valueName":"search_term_string"}}],"inLanguage":"sq-AL"},{"@type":"Organization","@id":"https:\/\/talkpal.ai\/sq\/#organization","name":"Talkpal, Inc.","alternateName":"Talkpal AI","url":"https:\/\/talkpal.ai\/sq\/","logo":{"@type":"ImageObject","inLanguage":"sq-AL","@id":"https:\/\/talkpal.ai\/sq\/#\/schema\/logo\/image\/","url":"https:\/\/talkpal.ai\/wp-content\/uploads\/2024\/03\/Talkpal-Logo-Icon.png","contentUrl":"https:\/\/talkpal.ai\/wp-content\/uploads\/2024\/03\/Talkpal-Logo-Icon.png","width":2880,"height":2880,"caption":"Talkpal, Inc."},"image":{"@id":"https:\/\/talkpal.ai\/sq\/#\/schema\/logo\/image\/"},"sameAs":["https:\/\/www.facebook.com\/profile.php?id=100090733639311","https:\/\/x.com\/talkpalai","https:\/\/www.linkedin.com\/company\/talkpal\/","https:\/\/www.youtube.com\/@TalkPal\/","https:\/\/www.tiktok.com\/@talkpal","https:\/\/www.instagram.com\/talkpal_ai\/","https:\/\/www.crunchbase.com\/organization\/talkpal-9cde","https:\/\/www.g2.com\/products\/talkpal-for-business\/","https:\/\/www.trustpilot.com\/review\/talkpal.ai","https:\/\/www.capterra.com\/p\/10006800\/TalkPal\/"],"description":"Talkpal is a language learning web and mobile education app, powered by the latest AI technologies, that provides engaging experiences to its customers in many different languages to help them improve their language skills. Users can chat about unlimited amount of topics with the app and use other modes to practice their language learning.","email":"support@talkpal.ai","legalName":"Talkpal, Inc.","foundingDate":"2023-04-03","duns":"118989042","numberOfEmployees":{"@type":"QuantitativeValue","minValue":"11","maxValue":"50"},"publishingPrinciples":"https:\/\/talkpal.ai\/publishing-principles\/","actionableFeedbackPolicy":"https:\/\/talkpal.ai\/actionable-feedback-policy\/","correctionsPolicy":"https:\/\/talkpal.ai\/corrections-policy\/","ethicsPolicy":"https:\/\/talkpal.ai\/ethics-policy\/","diversityPolicy":"https:\/\/talkpal.ai\/diversity-policy\/","diversityStaffingReport":"https:\/\/talkpal.ai\/diversity-policy\/"}]}},"_links":{"self":[{"href":"https:\/\/talkpal.ai\/sq\/wp-json\/wp\/v2\/pages\/1446125","targetHints":{"allow":["GET"]}}],"collection":[{"href":"https:\/\/talkpal.ai\/sq\/wp-json\/wp\/v2\/pages"}],"about":[{"href":"https:\/\/talkpal.ai\/sq\/wp-json\/wp\/v2\/types\/page"}],"author":[{"embeddable":true,"href":"https:\/\/talkpal.ai\/sq\/wp-json\/wp\/v2\/users\/1"}],"replies":[{"embeddable":true,"href":"https:\/\/talkpal.ai\/sq\/wp-json\/wp\/v2\/comments?post=1446125"}],"version-history":[{"count":0,"href":"https:\/\/talkpal.ai\/sq\/wp-json\/wp\/v2\/pages\/1446125\/revisions"}],"wp:featuredmedia":[{"embeddable":true,"href":"https:\/\/talkpal.ai\/sq\/wp-json\/wp\/v2\/media\/1440038"}],"wp:attachment":[{"href":"https:\/\/talkpal.ai\/sq\/wp-json\/wp\/v2\/media?parent=1446125"}],"curies":[{"name":"wp","href":"https:\/\/api.w.org\/{rel}","templated":true}]}}