{"id":1445570,"date":"2023-05-14T14:19:49","date_gmt":"2023-05-14T14:19:49","guid":{"rendered":"https:\/\/talkpal.ai\/gramatika-sllovake\/"},"modified":"2025-12-12T11:13:28","modified_gmt":"2025-12-12T11:13:28","slug":"gramatika-sllovake","status":"publish","type":"page","link":"https:\/\/talkpal.ai\/sq\/gramatika-sllovake\/","title":{"rendered":"Gramatika Sllovake"},"content":{"rendered":"\r\n\r\n\r\n<section class=\"languageChallengeSection\">\r\n    <div class=\"languageInfoWrapper\">\r\n        \r\n        <h1>Gramatika Sllovake<\/h1>\r\n        <p>Zhbllokoni bukurin\u00eb e gjuh\u00ebs sllovake duke m\u00ebsuar rregullat themelore t\u00eb gramatik\u00ebs. Kuptimi i gramatik\u00ebs sllovake do t&#039;ju ndihmoj\u00eb t\u00eb komunikoni me besim dhe t\u00eb lidheni m\u00eb thell\u00eb me traditat e pasura t\u00eb Sllovakis\u00eb. Filloni udh\u00ebtimin tuaj sot dhe hidhni hapin e par\u00eb drejt zot\u00ebrimit t\u00eb sllovakishtes!\n\n<\/p>\r\n\r\n                            <a class=\"getStartedHidden\" href=\"https:\/\/app.talkpal.ai\/signup?lng=\">Filloni<\/a>\r\n        \r\n    <\/div>\r\n\r\n    <figure>\r\n    <img decoding=\"async\" width=\"768\" height=\"768\" src=\"https:\/\/talkpal.ai\/wp-content\/uploads\/2023\/06\/slovak-768x768.png\" class=\"languageImage no-lazy\" alt=\"Language learning for cross-cultural competence\" fetchpriority=\"high\" sizes=\"(max-width: 768px) 150px, 768px\" srcset=\"https:\/\/talkpal.ai\/wp-content\/uploads\/2023\/06\/slovak-768x768.png 768w, https:\/\/talkpal.ai\/wp-content\/uploads\/2023\/06\/slovak-300x300.png 300w\" \/>\r\n    \r\n\r\n    <\/figure>\r\n\r\n            <a class=\"getStartedVisible\" href=\"https:\/\/app.talkpal.ai\/signup?lng=\">Filloni<\/a>\r\n    \r\n<\/section>\r\n<section class=\"promotionalBanner\">\r\n    <p class=\"promotionalText\">M\u00ebnyra m\u00eb efikase p\u00ebr t\u00eb m\u00ebsuar nj\u00eb gjuh\u00eb<\/p>\r\n    <a class=\"promotionalLink\" href=\"https:\/\/app.talkpal.ai\/signup?lng=\">Provoni Talkpal falas<\/a>\r\n<\/section>\n<div class=\"wp-block-group pageContainerStyle\"><div class=\"wp-block-group__inner-container is-layout-constrained wp-block-group-is-layout-constrained\">\n<h2 class=\"wp-block-heading\" id=\"h-slovak-grammar-the-key-to-unlocking-a-beautiful-language\">Gramatika sllovake: \u00c7el\u00ebsi p\u00ebr t\u00eb zhbllokuar nj\u00eb gjuh\u00eb t\u00eb bukur<\/h2>\n\n\n\n<p>Po planifikoni t\u00eb m\u00ebsoni <a href=\"https:\/\/talkpal.ai\/learn-slovak\/\">sllovakisht<\/a> apo thjesht jeni kurioz p\u00ebr gramatik\u00ebn e saj unike? Ju jeni n\u00eb vendin e duhur! <a href=\"https:\/\/talkpal.ai\/sq\/gramatika\/\">Gramatika<\/a> sllovake mund t\u00eb duket frik\u00ebsuese n\u00eb shikim t\u00eb par\u00eb, por mos u shqet\u00ebsoni \u2013 n\u00eb fakt \u00ebsht\u00eb mjaft logjike dhe e menaxhueshme. N\u00eb k\u00ebt\u00eb artikull, ne do t\u00eb shqyrtojm\u00eb detajet e gramatik\u00ebs sllovake p\u00ebr t&#8217;ju ndihmuar t\u00eb kuptoni dhe vler\u00ebsoni m\u00eb mir\u00eb bukurin\u00eb e saj.<\/p>\n\n\n\n<p>S\u00eb pari, le t\u00eb fillojm\u00eb me pak sfond. Sllovakishtja \u00ebsht\u00eb nj\u00eb gjuh\u00eb sllave per\u00ebndimore q\u00eb flitet kryesisht n\u00eb Sllovaki, por mund t\u00eb gjeni fol\u00ebs edhe n\u00eb vendet p\u00ebrreth. Si nj\u00eb gjuh\u00eb sllave, ajo ndan shum\u00eb ngjashm\u00ebri me gjuh\u00ebt e tjera n\u00eb rajon, si \u00e7ekishtja dhe polonishtja. Megjithat\u00eb, <a href=\"https:\/\/talkpal.ai\/speaking-with-ai\/\">ai<\/a> ka rregullat e veta t\u00eb ve\u00e7anta gramatikore dhe modelet e p\u00ebrdorimit q\u00eb e ve\u00e7ojn\u00eb at\u00eb.<\/p>\n\n\n\n<p>Tani, le t\u00eb zhytemi n\u00eb disa nga aspektet m\u00eb t\u00eb r\u00ebnd\u00ebsishme t\u00eb gramatik\u00ebs sllovake.<\/p>\n\n\n\n<h3 class=\"wp-block-heading\" id=\"h-1-nouns-and-their-cases\">1. Emrat dhe rastet e tyre<\/h3>\n\n\n\n<p>Nj\u00eb nga tiparet m\u00eb t\u00eb habitshme t\u00eb gramatik\u00ebs sllovake \u00ebsht\u00eb sistemi i saj kompleks i rasteve. N\u00ebse jeni njohur me gjermanisht ose rusisht, do ta dini se p\u00ebr \u00e7far\u00eb po flasim: Emrat sllovak\u00eb ndryshojn\u00eb form\u00ebn e <a href=\"https:\/\/talkpal.ai\/locations\/language-courses-in-tyre\/\">tyre<\/a> n\u00eb var\u00ebsi t\u00eb funksionit t\u00eb tyre n\u00eb nj\u00eb fjali. Me shtat\u00eb raste (nominative, gjenitive, dative, akuzative, lokative, instrumentale dhe vokative), kjo mund t\u00eb duket d\u00ebrrmuese n\u00eb fillim, por mos u dor\u00ebzoni! Pasi ta keni kuptuar, \u00ebsht\u00eb tep\u00ebr logjike dhe madje arg\u00ebtuese.<\/p>\n\n\n\n<p>Merrni emrin &#8220;chlapec&#8221; (djal\u00eb) si shembull. Mund t\u00eb ndryshoj\u00eb n\u00eb &#8220;chlapca&#8221;, &#8220;chlapcovi&#8221;, &#8220;chlapcom&#8221; etj., n\u00eb var\u00ebsi t\u00eb faktit n\u00ebse \u00ebsht\u00eb subjekti, objekti ose marr\u00ebsi i nj\u00eb veprimi. Mbaresat varen edhe nga gjinia e emrit (mashkullore, fem\u00ebrore ose neutre), duke i dh\u00ebn\u00eb edhe m\u00eb shum\u00eb larmi gjuh\u00ebs.<\/p>\n\n\n\n<h3 class=\"wp-block-heading\" id=\"h-2-verb-conjugation-and-tenses\">2. Konjugimi i foljeve dhe koh\u00ebt<\/h3>\n\n\n\n<p>Foljet sllovake ndryshojn\u00eb mbaresat e tyre bazuar n\u00eb personin dhe numrin (nj\u00ebj\u00ebs ose shum\u00ebs) t\u00eb subjektit. P\u00ebr shembull, folja &#8220;vidie\u0165&#8221; (t\u00eb shoh\u00ebsh) mund t\u00eb b\u00ebhet &#8220;vid\u00edm&#8221; (e shoh), &#8220;vid\u00ed\u0161&#8221; (e shihni), &#8220;vidia&#8221; (ata shohin) dhe t\u00eb tjera.<\/p>\n\n\n\n<p>Sllovakishtja ka tre koh\u00eb kryesore: e kaluara, e tashmja dhe e ardhmja. Gj\u00ebja interesante \u00ebsht\u00eb se, ndryshe nga anglishtja, sllovakishtja zakonisht nuk p\u00ebrdor folje ndihm\u00ebse p\u00ebr t\u00eb formuar k\u00ebto koh\u00eb. N\u00eb vend t\u00eb k\u00ebsaj, ato formohen duke ndryshuar mbaresat e foljes. P\u00ebr shembull, &#8220;Un\u00eb shoh&#8221; \u00ebsht\u00eb &#8220;vid\u00edm&#8221;, &#8220;Un\u00eb pash\u00eb&#8221; \u00ebsht\u00eb &#8220;videl som&#8221; dhe &#8220;Un\u00eb do t\u00eb shoh&#8221; \u00ebsht\u00eb &#8220;uvid\u00edm&#8221;.<\/p>\n\n\n\n<h3 class=\"wp-block-heading\" id=\"h-3-sentence-structure-and-word-order\">3. Struktura e fjalis\u00eb dhe rendi i fjal\u00ebve<\/h3>\n\n\n\n<p>Sllovakishtja ka nj\u00eb renditje relativisht fleksib\u00ebl fjal\u00ebsh, fal\u00eb emrit t\u00eb rastit dhe sistemit t\u00eb konjugimit t\u00eb foljeve. Kjo do t\u00eb thot\u00eb se, ndryshe nga anglishtja, ju mund t&#8217;i vendosni fjal\u00eb n\u00eb pozicione t\u00eb ndryshme brenda nj\u00eb fjalie pa ndryshuar kuptimin e saj \u2013 p\u00ebr shembull, &#8220;chlapec vid\u00ed psa&#8221; (djali sheh qenin) mund t\u00eb jet\u00eb gjithashtu &#8220;psa vid\u00ed chlapec&#8221; dhe ende t\u00eb ket\u00eb t\u00eb nj\u00ebjtin kuptim.<\/p>\n\n\n\n<p>Th\u00ebn\u00eb k\u00ebshtu, rendi m\u00eb i zakonsh\u00ebm i fjal\u00ebve n\u00eb sllovakisht \u00ebsht\u00eb subjekt-folje-objekt ose SVO. Kjo \u00ebsht\u00eb e ngjashme me anglishten dhe \u00ebsht\u00eb nj\u00eb pik\u00ebnisje e shk\u00eblqyer p\u00ebr nx\u00ebn\u00ebsit. Nd\u00ebrsa b\u00ebheni m\u00eb t\u00eb rehatsh\u00ebm me gjuh\u00ebn, mund t\u00eb eksperimentoni me renditje t\u00eb ndryshme fjal\u00ebsh p\u00ebr t\u00eb shtuar theks ose nuanc\u00eb n\u00eb fjalit\u00eb tuaja.<\/p>\n\n\n\n<h3 class=\"wp-block-heading\" id=\"h-4-adjectives-and-adverbs\">4. Mbiemrat dhe ndajfoljet<\/h3>\n\n\n\n<p>Ashtu si n\u00eb shum\u00eb gjuh\u00eb t\u00eb tjera, mbiemrat dhe ndajfoljet n\u00eb sllovakisht p\u00ebrdoren p\u00ebr t\u00eb p\u00ebrshkruar emrat dhe foljet. Megjithat\u00eb, ata gjithashtu vijn\u00eb me marr\u00ebveshjen e tyre t\u00eb rastit dhe rregullat e marr\u00ebveshjes gjinore, t\u00eb cilat mund t&#8217;i b\u00ebjn\u00eb gj\u00ebrat pak m\u00eb t\u00eb komplikuara. Fatmir\u00ebsisht, pasi t\u00eb zot\u00ebroni rastet e emrave dhe konjugimet e foljeve, k\u00ebto rregulla do t\u00eb vijn\u00eb m\u00eb natyrsh\u00ebm.<\/p>\n\n\n\n<p>Pra, a jeni gati t\u00eb merreni me gramatik\u00ebn sllovake? Me mentalitetin dhe burimet e duhura, m\u00ebsimi i sllovakishtes \u00ebsht\u00eb nj\u00eb p\u00ebrvoj\u00eb shp\u00ebrblyese q\u00eb mund t\u00eb hap\u00eb dyert p\u00ebr nj\u00eb kultur\u00eb t\u00eb pasur dhe nj\u00eb vend t\u00eb bukur. Merreni hap pas hapi, praktikoni rregullisht dhe mos kini frik\u00eb t\u00eb b\u00ebni gabime \u2013 k\u00ebshtu m\u00ebsojm\u00eb t\u00eb gjith\u00eb, n\u00eb fund t\u00eb fundit. Ve\u013ea \u0161\u0165astia! (Pa\u00e7 fat!)<\/p>\n<\/div><\/div>\n\r\n<section class=\"learnNavigationSection\">\r\n            \r\n        <a href=\"https:\/\/talkpal.ai\/sq\/meso-sllovakisht\/\">\r\n            <div class=\"learnNavigationWrapper\">\r\n                <div class=\"learnNavigationContent\">\r\n                    <img decoding=\"async\" src=\"https:\/\/talkpal.ai\/wp-content\/uploads\/2024\/08\/Slovak.jpg\" alt=\"Slovak Flag\">\r\n                    <div>\r\n                        <h4>Rreth m\u00ebsimit sllovak<\/h4>\r\n                        <p>M\u00ebsoni gjith\u00e7ka rreth gramatik\u00ebs sllovake.<\/p>\r\n                    <\/div>\r\n                <\/div>\r\n            <\/div>\r\n        <\/a>\r\n\r\n        \r\n        <a href=\"https:\/\/talkpal.ai\/sq\/ushtrimet-e-gramatikes-sllovake\/\">\r\n            <div class=\"learnNavigationWrapper\">\r\n                <div class=\"learnNavigationContent\">\r\n                    <img decoding=\"async\" src=\"https:\/\/talkpal.ai\/wp-content\/uploads\/2024\/08\/Slovak.jpg\" alt=\"Slovak Flag\">\r\n                    <div>\r\n                        <h4>Ushtrimi i gramatik\u00ebs sllovake<\/h4>\r\n                        <p>Praktikoni gramatik\u00ebn sllovake.<\/p>\r\n                    <\/div>\r\n                <\/div>\r\n            <\/div>\r\n        <\/a>\r\n\r\n        \r\n        <a href=\"https:\/\/talkpal.ai\/vocabulary_language\/slovak\/\">\r\n            <div class=\"learnNavigationWrapper\">\r\n                <div class=\"learnNavigationContent\">\r\n                    <img decoding=\"async\" src=\"https:\/\/talkpal.ai\/wp-content\/uploads\/2024\/08\/Slovak.jpg\" alt=\"Slovak Flag\">\r\n                    <div>\r\n                        <h4>Fjalori sllovak<\/h4>\r\n                        <p>Zgjeroni fjalorin tuaj sllovak.<\/p>\r\n                    <\/div>\r\n                <\/div>\r\n            <\/div>\r\n        <\/a>\r\n\r\n            <\/section>","protected":false},"excerpt":{"rendered":"<p>Gramatika sllovake: \u00c7el\u00ebsi p\u00ebr t\u00eb zhbllokuar nj\u00eb gjuh\u00eb t\u00eb bukur Po planifikoni t\u00eb m\u00ebsoni sllovakisht apo thjesht jeni kurioz p\u00ebr gramatik\u00ebn e saj unike? Ju jeni n\u00eb vendin e duhur! Gramatika sllovake mund t\u00eb duket frik\u00ebsuese n\u00eb shikim t\u00eb par\u00eb, por mos u shqet\u00ebsoni \u2013 n\u00eb fakt \u00ebsht\u00eb mjaft logjike dhe e menaxhueshme. N\u00eb k\u00ebt\u00eb [&hellip;]<\/p>\n","protected":false},"author":1,"featured_media":1444851,"parent":0,"menu_order":0,"comment_status":"closed","ping_status":"closed","template":"LearningContentPage.php","meta":{"_acf_changed":false,"footnotes":""},"class_list":["post-1445570","page","type-page","status-publish","has-post-thumbnail","hentry"],"acf":[],"yoast_head":"<!-- This site is optimized with the Yoast SEO Premium plugin v27.2 (Yoast SEO v27.2) - https:\/\/yoast.com\/product\/yoast-seo-premium-wordpress\/ -->\n<title>Gramatika Sllovake - Talkpal<\/title>\n<meta name=\"description\" content=\"Zot\u00ebroni gramatik\u00ebn sllovake me shpjegime t\u00eb qarta, shembuj praktik\u00eb dhe ushtrime interaktive. P\u00ebrmir\u00ebsoni aft\u00ebsit\u00eb tuaja!\" \/>\n<meta name=\"robots\" content=\"index, follow, max-snippet:-1, max-image-preview:large, max-video-preview:-1\" \/>\n<link rel=\"canonical\" href=\"https:\/\/talkpal.ai\/sq\/gramatika-sllovake\/\" \/>\n<meta property=\"og:locale\" content=\"sq_AL\" \/>\n<meta property=\"og:type\" content=\"article\" \/>\n<meta property=\"og:title\" content=\"Gramatika Sllovake\" \/>\n<meta property=\"og:description\" content=\"Gramatika sllovake: \u00c7el\u00ebsi p\u00ebr t\u00eb zhbllokuar nj\u00eb gjuh\u00eb t\u00eb bukur Po planifikoni t\u00eb m\u00ebsoni sllovakisht apo thjesht jeni kurioz p\u00ebr gramatik\u00ebn e saj unike?\" \/>\n<meta property=\"og:url\" content=\"https:\/\/talkpal.ai\/sq\/gramatika-sllovake\/\" \/>\n<meta property=\"og:site_name\" content=\"Talkpal\" \/>\n<meta property=\"article:publisher\" content=\"https:\/\/www.facebook.com\/profile.php?id=100090733639311\" \/>\n<meta property=\"article:modified_time\" content=\"2025-12-12T11:13:28+00:00\" \/>\n<meta property=\"og:image\" content=\"https:\/\/talkpal.ai\/wp-content\/uploads\/2023\/05\/slovakia.png\" \/>\n\t<meta property=\"og:image:width\" content=\"512\" \/>\n\t<meta property=\"og:image:height\" content=\"512\" \/>\n\t<meta property=\"og:image:type\" content=\"image\/png\" \/>\n<meta name=\"twitter:card\" content=\"summary_large_image\" \/>\n<meta name=\"twitter:site\" content=\"@talkpalai\" \/>\n<meta name=\"twitter:label1\" content=\"Est. reading time\" \/>\n\t<meta name=\"twitter:data1\" content=\"4 minutes\" \/>\n<script type=\"application\/ld+json\" class=\"yoast-schema-graph\">{\"@context\":\"https:\/\/schema.org\",\"@graph\":[{\"@type\":\"WebPage\",\"@id\":\"https:\/\/talkpal.ai\/sq\/gramatika-sllovake\/\",\"url\":\"https:\/\/talkpal.ai\/sq\/gramatika-sllovake\/\",\"name\":\"Gramatika Sllovake - Talkpal\",\"isPartOf\":{\"@id\":\"https:\/\/talkpal.ai\/sq\/#website\"},\"primaryImageOfPage\":{\"@id\":\"https:\/\/talkpal.ai\/sq\/gramatika-sllovake\/#primaryimage\"},\"image\":{\"@id\":\"https:\/\/talkpal.ai\/sq\/gramatika-sllovake\/#primaryimage\"},\"thumbnailUrl\":\"https:\/\/talkpal.ai\/wp-content\/uploads\/2023\/05\/slovakia.png\",\"datePublished\":\"2023-05-14T14:19:49+00:00\",\"dateModified\":\"2025-12-12T11:13:28+00:00\",\"description\":\"Zot\u00ebroni gramatik\u00ebn sllovake me shpjegime t\u00eb qarta, shembuj praktik\u00eb dhe ushtrime interaktive. P\u00ebrmir\u00ebsoni aft\u00ebsit\u00eb tuaja!\",\"breadcrumb\":{\"@id\":\"https:\/\/talkpal.ai\/sq\/gramatika-sllovake\/#breadcrumb\"},\"inLanguage\":\"sq-AL\",\"potentialAction\":[{\"@type\":\"ReadAction\",\"target\":[\"https:\/\/talkpal.ai\/sq\/gramatika-sllovake\/\"]}]},{\"@type\":\"ImageObject\",\"inLanguage\":\"sq-AL\",\"@id\":\"https:\/\/talkpal.ai\/sq\/gramatika-sllovake\/#primaryimage\",\"url\":\"https:\/\/talkpal.ai\/wp-content\/uploads\/2023\/05\/slovakia.png\",\"contentUrl\":\"https:\/\/talkpal.ai\/wp-content\/uploads\/2023\/05\/slovakia.png\",\"width\":512,\"height\":512,\"caption\":\"TalkPal Slovakia Flag\"},{\"@type\":\"BreadcrumbList\",\"@id\":\"https:\/\/talkpal.ai\/sq\/gramatika-sllovake\/#breadcrumb\",\"itemListElement\":[{\"@type\":\"ListItem\",\"position\":1,\"name\":\"Homepage\",\"item\":\"https:\/\/talkpal.ai\/sq\/\"},{\"@type\":\"ListItem\",\"position\":2,\"name\":\"Gramatika Sllovake\"}]},{\"@type\":\"WebSite\",\"@id\":\"https:\/\/talkpal.ai\/sq\/#website\",\"url\":\"https:\/\/talkpal.ai\/sq\/\",\"name\":\"Talkpal\",\"description\":\"AI Language Learning\",\"publisher\":{\"@id\":\"https:\/\/talkpal.ai\/sq\/#organization\"},\"alternateName\":\"Talkpal AI\",\"potentialAction\":[{\"@type\":\"SearchAction\",\"target\":{\"@type\":\"EntryPoint\",\"urlTemplate\":\"https:\/\/talkpal.ai\/sq\/?s={search_term_string}\"},\"query-input\":{\"@type\":\"PropertyValueSpecification\",\"valueRequired\":true,\"valueName\":\"search_term_string\"}}],\"inLanguage\":\"sq-AL\"},{\"@type\":\"Organization\",\"@id\":\"https:\/\/talkpal.ai\/sq\/#organization\",\"name\":\"Talkpal, Inc.\",\"alternateName\":\"Talkpal AI\",\"url\":\"https:\/\/talkpal.ai\/sq\/\",\"logo\":{\"@type\":\"ImageObject\",\"inLanguage\":\"sq-AL\",\"@id\":\"https:\/\/talkpal.ai\/sq\/#\/schema\/logo\/image\/\",\"url\":\"https:\/\/talkpal.ai\/wp-content\/uploads\/2024\/03\/Talkpal-Logo-Icon.png\",\"contentUrl\":\"https:\/\/talkpal.ai\/wp-content\/uploads\/2024\/03\/Talkpal-Logo-Icon.png\",\"width\":2880,\"height\":2880,\"caption\":\"Talkpal, Inc.\"},\"image\":{\"@id\":\"https:\/\/talkpal.ai\/sq\/#\/schema\/logo\/image\/\"},\"sameAs\":[\"https:\/\/www.facebook.com\/profile.php?id=100090733639311\",\"https:\/\/x.com\/talkpalai\",\"https:\/\/www.linkedin.com\/company\/talkpal\/\",\"https:\/\/www.youtube.com\/@TalkPal\/\",\"https:\/\/www.tiktok.com\/@talkpal\",\"https:\/\/www.instagram.com\/talkpal_ai\/\",\"https:\/\/www.crunchbase.com\/organization\/talkpal-9cde\",\"https:\/\/www.g2.com\/products\/talkpal-for-business\/\",\"https:\/\/www.trustpilot.com\/review\/talkpal.ai\",\"https:\/\/www.capterra.com\/p\/10006800\/TalkPal\/\"],\"description\":\"Talkpal is a language learning web and mobile education app, powered by the latest AI technologies, that provides engaging experiences to its customers in many different languages to help them improve their language skills. Users can chat about unlimited amount of topics with the app and use other modes to practice their language learning.\",\"email\":\"support@talkpal.ai\",\"legalName\":\"Talkpal, Inc.\",\"foundingDate\":\"2023-04-03\",\"duns\":\"118989042\",\"numberOfEmployees\":{\"@type\":\"QuantitativeValue\",\"minValue\":\"11\",\"maxValue\":\"50\"},\"publishingPrinciples\":\"https:\/\/talkpal.ai\/publishing-principles\/\",\"actionableFeedbackPolicy\":\"https:\/\/talkpal.ai\/actionable-feedback-policy\/\",\"correctionsPolicy\":\"https:\/\/talkpal.ai\/corrections-policy\/\",\"ethicsPolicy\":\"https:\/\/talkpal.ai\/ethics-policy\/\",\"diversityPolicy\":\"https:\/\/talkpal.ai\/diversity-policy\/\",\"diversityStaffingReport\":\"https:\/\/talkpal.ai\/diversity-policy\/\"}]}<\/script>\n<!-- \/ Yoast SEO Premium plugin. -->","yoast_head_json":{"title":"Gramatika Sllovake - Talkpal","description":"Zot\u00ebroni gramatik\u00ebn sllovake me shpjegime t\u00eb qarta, shembuj praktik\u00eb dhe ushtrime interaktive. P\u00ebrmir\u00ebsoni aft\u00ebsit\u00eb tuaja!","robots":{"index":"index","follow":"follow","max-snippet":"max-snippet:-1","max-image-preview":"max-image-preview:large","max-video-preview":"max-video-preview:-1"},"canonical":"https:\/\/talkpal.ai\/sq\/gramatika-sllovake\/","og_locale":"sq_AL","og_type":"article","og_title":"Gramatika Sllovake","og_description":"Gramatika sllovake: \u00c7el\u00ebsi p\u00ebr t\u00eb zhbllokuar nj\u00eb gjuh\u00eb t\u00eb bukur Po planifikoni t\u00eb m\u00ebsoni sllovakisht apo thjesht jeni kurioz p\u00ebr gramatik\u00ebn e saj unike?","og_url":"https:\/\/talkpal.ai\/sq\/gramatika-sllovake\/","og_site_name":"Talkpal","article_publisher":"https:\/\/www.facebook.com\/profile.php?id=100090733639311","article_modified_time":"2025-12-12T11:13:28+00:00","og_image":[{"width":512,"height":512,"url":"https:\/\/talkpal.ai\/wp-content\/uploads\/2023\/05\/slovakia.png","type":"image\/png"}],"twitter_card":"summary_large_image","twitter_site":"@talkpalai","twitter_misc":{"Est. reading time":"4 minutes"},"schema":{"@context":"https:\/\/schema.org","@graph":[{"@type":"WebPage","@id":"https:\/\/talkpal.ai\/sq\/gramatika-sllovake\/","url":"https:\/\/talkpal.ai\/sq\/gramatika-sllovake\/","name":"Gramatika Sllovake - Talkpal","isPartOf":{"@id":"https:\/\/talkpal.ai\/sq\/#website"},"primaryImageOfPage":{"@id":"https:\/\/talkpal.ai\/sq\/gramatika-sllovake\/#primaryimage"},"image":{"@id":"https:\/\/talkpal.ai\/sq\/gramatika-sllovake\/#primaryimage"},"thumbnailUrl":"https:\/\/talkpal.ai\/wp-content\/uploads\/2023\/05\/slovakia.png","datePublished":"2023-05-14T14:19:49+00:00","dateModified":"2025-12-12T11:13:28+00:00","description":"Zot\u00ebroni gramatik\u00ebn sllovake me shpjegime t\u00eb qarta, shembuj praktik\u00eb dhe ushtrime interaktive. P\u00ebrmir\u00ebsoni aft\u00ebsit\u00eb tuaja!","breadcrumb":{"@id":"https:\/\/talkpal.ai\/sq\/gramatika-sllovake\/#breadcrumb"},"inLanguage":"sq-AL","potentialAction":[{"@type":"ReadAction","target":["https:\/\/talkpal.ai\/sq\/gramatika-sllovake\/"]}]},{"@type":"ImageObject","inLanguage":"sq-AL","@id":"https:\/\/talkpal.ai\/sq\/gramatika-sllovake\/#primaryimage","url":"https:\/\/talkpal.ai\/wp-content\/uploads\/2023\/05\/slovakia.png","contentUrl":"https:\/\/talkpal.ai\/wp-content\/uploads\/2023\/05\/slovakia.png","width":512,"height":512,"caption":"TalkPal Slovakia Flag"},{"@type":"BreadcrumbList","@id":"https:\/\/talkpal.ai\/sq\/gramatika-sllovake\/#breadcrumb","itemListElement":[{"@type":"ListItem","position":1,"name":"Homepage","item":"https:\/\/talkpal.ai\/sq\/"},{"@type":"ListItem","position":2,"name":"Gramatika Sllovake"}]},{"@type":"WebSite","@id":"https:\/\/talkpal.ai\/sq\/#website","url":"https:\/\/talkpal.ai\/sq\/","name":"Talkpal","description":"AI Language Learning","publisher":{"@id":"https:\/\/talkpal.ai\/sq\/#organization"},"alternateName":"Talkpal AI","potentialAction":[{"@type":"SearchAction","target":{"@type":"EntryPoint","urlTemplate":"https:\/\/talkpal.ai\/sq\/?s={search_term_string}"},"query-input":{"@type":"PropertyValueSpecification","valueRequired":true,"valueName":"search_term_string"}}],"inLanguage":"sq-AL"},{"@type":"Organization","@id":"https:\/\/talkpal.ai\/sq\/#organization","name":"Talkpal, Inc.","alternateName":"Talkpal AI","url":"https:\/\/talkpal.ai\/sq\/","logo":{"@type":"ImageObject","inLanguage":"sq-AL","@id":"https:\/\/talkpal.ai\/sq\/#\/schema\/logo\/image\/","url":"https:\/\/talkpal.ai\/wp-content\/uploads\/2024\/03\/Talkpal-Logo-Icon.png","contentUrl":"https:\/\/talkpal.ai\/wp-content\/uploads\/2024\/03\/Talkpal-Logo-Icon.png","width":2880,"height":2880,"caption":"Talkpal, Inc."},"image":{"@id":"https:\/\/talkpal.ai\/sq\/#\/schema\/logo\/image\/"},"sameAs":["https:\/\/www.facebook.com\/profile.php?id=100090733639311","https:\/\/x.com\/talkpalai","https:\/\/www.linkedin.com\/company\/talkpal\/","https:\/\/www.youtube.com\/@TalkPal\/","https:\/\/www.tiktok.com\/@talkpal","https:\/\/www.instagram.com\/talkpal_ai\/","https:\/\/www.crunchbase.com\/organization\/talkpal-9cde","https:\/\/www.g2.com\/products\/talkpal-for-business\/","https:\/\/www.trustpilot.com\/review\/talkpal.ai","https:\/\/www.capterra.com\/p\/10006800\/TalkPal\/"],"description":"Talkpal is a language learning web and mobile education app, powered by the latest AI technologies, that provides engaging experiences to its customers in many different languages to help them improve their language skills. Users can chat about unlimited amount of topics with the app and use other modes to practice their language learning.","email":"support@talkpal.ai","legalName":"Talkpal, Inc.","foundingDate":"2023-04-03","duns":"118989042","numberOfEmployees":{"@type":"QuantitativeValue","minValue":"11","maxValue":"50"},"publishingPrinciples":"https:\/\/talkpal.ai\/publishing-principles\/","actionableFeedbackPolicy":"https:\/\/talkpal.ai\/actionable-feedback-policy\/","correctionsPolicy":"https:\/\/talkpal.ai\/corrections-policy\/","ethicsPolicy":"https:\/\/talkpal.ai\/ethics-policy\/","diversityPolicy":"https:\/\/talkpal.ai\/diversity-policy\/","diversityStaffingReport":"https:\/\/talkpal.ai\/diversity-policy\/"}]}},"_links":{"self":[{"href":"https:\/\/talkpal.ai\/sq\/wp-json\/wp\/v2\/pages\/1445570","targetHints":{"allow":["GET"]}}],"collection":[{"href":"https:\/\/talkpal.ai\/sq\/wp-json\/wp\/v2\/pages"}],"about":[{"href":"https:\/\/talkpal.ai\/sq\/wp-json\/wp\/v2\/types\/page"}],"author":[{"embeddable":true,"href":"https:\/\/talkpal.ai\/sq\/wp-json\/wp\/v2\/users\/1"}],"replies":[{"embeddable":true,"href":"https:\/\/talkpal.ai\/sq\/wp-json\/wp\/v2\/comments?post=1445570"}],"version-history":[{"count":0,"href":"https:\/\/talkpal.ai\/sq\/wp-json\/wp\/v2\/pages\/1445570\/revisions"}],"wp:featuredmedia":[{"embeddable":true,"href":"https:\/\/talkpal.ai\/sq\/wp-json\/wp\/v2\/media\/1444851"}],"wp:attachment":[{"href":"https:\/\/talkpal.ai\/sq\/wp-json\/wp\/v2\/media?parent=1445570"}],"curies":[{"name":"wp","href":"https:\/\/api.w.org\/{rel}","templated":true}]}}