{"id":1445546,"date":"2023-05-14T14:22:16","date_gmt":"2023-05-14T14:22:16","guid":{"rendered":"https:\/\/talkpal.ai\/gramatika-tamil\/"},"modified":"2025-12-12T11:03:59","modified_gmt":"2025-12-12T11:03:59","slug":"gramatika-tamil","status":"publish","type":"page","link":"https:\/\/talkpal.ai\/sq\/gramatika-tamil\/","title":{"rendered":"Gramatika Tamil"},"content":{"rendered":"\r\n\r\n\r\n<section class=\"languageChallengeSection\">\r\n    <div class=\"languageInfoWrapper\">\r\n        \r\n        <h1>Gramatika Tamil<\/h1>\r\n        <p>\u00c7oni aft\u00ebsit\u00eb tuaja tamile n\u00eb nj\u00eb nivel tjet\u00ebr duke zot\u00ebruar bazat e gramatik\u00ebs dhe konceptet e avancuara. Eksploroni shpjegime t\u00eb qarta, shembuj praktik\u00eb dhe ushtrime interaktive t\u00eb krijuara p\u00ebr t\u00eb nd\u00ebrtuar besimin tuaj. Filloni t\u00eb m\u00ebsoni p\u00ebr struktur\u00ebn e fjalis\u00eb, konjugimin e foljeve dhe rregullat thelb\u00ebsore sot. Filloni udh\u00ebtimin tuaj p\u00ebr t\u00eb folur dhe shkruar <a href=\"https:\/\/talkpal.ai\/learn-tamil\/\">Tamil<\/a> me sakt\u00ebsi dhe leht\u00ebsi!<\/p>\r\n\r\n                            <a class=\"getStartedHidden\" href=\"https:\/\/app.talkpal.ai\/signup?lng=\">Filloni<\/a>\r\n        \r\n    <\/div>\r\n\r\n    <figure>\r\n    <img decoding=\"async\" width=\"768\" height=\"768\" src=\"https:\/\/talkpal.ai\/wp-content\/uploads\/2023\/06\/tamil-768x768.png\" class=\"languageImage no-lazy\" alt=\"Language learning for enhanced creativity\" fetchpriority=\"high\" sizes=\"(max-width: 768px) 150px, 768px\" srcset=\"https:\/\/talkpal.ai\/wp-content\/uploads\/2023\/06\/tamil-768x768.png 768w, https:\/\/talkpal.ai\/wp-content\/uploads\/2023\/06\/tamil-300x300.png 300w\" \/>\r\n    \r\n\r\n    <\/figure>\r\n\r\n            <a class=\"getStartedVisible\" href=\"https:\/\/app.talkpal.ai\/signup?lng=\">Filloni<\/a>\r\n    \r\n<\/section>\r\n<section class=\"promotionalBanner\">\r\n    <p class=\"promotionalText\">M\u00ebnyra m\u00eb efikase p\u00ebr t\u00eb m\u00ebsuar nj\u00eb gjuh\u00eb<\/p>\r\n    <a class=\"promotionalLink\" href=\"https:\/\/app.talkpal.ai\/signup?lng=\">Provoni Talkpal falas<\/a>\r\n<\/section>\n<div class=\"wp-block-group pageContainerStyle\"><div class=\"wp-block-group__inner-container is-layout-constrained wp-block-group-is-layout-constrained\">\n<h2 class=\"wp-block-heading\" id=\"h-tamil-grammar-understanding-the-richness-of-the-tamil-language\">Gramatika Tamil: Kuptimi i pasuris\u00eb s\u00eb gjuh\u00ebs Tamil<\/h2>\n\n\n\n<p>Kur filloni t\u00eb m\u00ebsoni Tamil \u2013 nj\u00eb nga gjuh\u00ebt m\u00eb t\u00eb vjetra t\u00eb gjalla n\u00eb bot\u00eb \u2013 \u00ebsht\u00eb thelb\u00ebsore t\u00eb zbuloni kompleksitetin dhe pasurin\u00eb e gramatik\u00ebs s\u00eb saj. Tamil, e cila krenohet me nj\u00eb tradit\u00eb t\u00eb shkruar q\u00eb shkon m\u00eb shum\u00eb se 2,000 vjet m\u00eb par\u00eb, mbetet gjuha kryesore e 70 milion\u00eb fol\u00ebsve n\u00eb mbar\u00eb bot\u00ebn. P\u00ebr t&#8217;ju ndihmuar t\u00eb filloni, ky artikull p\u00ebrshkruan disa aspekte kryesore t\u00eb gramatik\u00ebs Tamil me nj\u00eb qasje bisedore dhe joformale.<\/p>\n\n\n\n<h3 class=\"wp-block-heading\" id=\"h-1-nouns-classifications-and-cases\">1. Emrat \u2013 Klasifikimet dhe rastet<\/h3>\n\n\n\n<p>Nj\u00eb aspekt i r\u00ebnd\u00ebsish\u00ebm i gramatik\u00ebs Tamil jan\u00eb emrat e saj, t\u00eb cil\u00ebt klasifikohen n\u00eb baz\u00eb t\u00eb gjinis\u00eb (mashkullore, fem\u00ebrore dhe neutre), numrit (nj\u00ebj\u00ebs dhe shum\u00ebs) dhe rastit (nominativ, akuzativ, dativ, gjenitiv, lokativ, instrumental, komitiv, abessiv dhe vokativ). Megjith\u00ebse kjo mund t\u00eb duket d\u00ebrrmuese, \u00ebsht\u00eb thelb\u00ebsore p\u00ebr t\u00eb kuptuar marr\u00ebdh\u00ebniet midis fjal\u00ebve brenda fjalive dhe p\u00ebr t\u00eb dekoduar logjik\u00ebn e natyrshme t\u00eb Tamilit.<\/p>\n\n\n\n<p>P\u00ebr shembull, fjala &#8220;lib\u00ebr&#8221; n\u00eb Tamil \u00ebsht\u00eb &#8220;\u0baa\u0bc1\u0ba4\u0bcd\u0ba4\u0b95\u0bae\u0bcd&#8221; (puththakam). P\u00ebr t\u00eb th\u00ebn\u00eb &#8220;E lexova librin&#8221;, do t\u00eb p\u00ebrdorni rastin akuzativ, i cili n\u00ebnkupton se libri \u00ebsht\u00eb objekti i veprimit: &#8220;\u0ba8\u0bbe\u0ba9\u0bcd \u0baa\u0bc1\u0ba4\u0bcd\u0ba4\u0b95\u0ba4\u0bcd\u0ba4\u0bc8 \u0bb5\u0bbe\u0b9a\u0bbf\u0b95\u0bcd\u0b95\u0bbf\u0ba9\u0bcd\u0bb1\u0bc7\u0ba9\u0bcd&#8221; (Naan puththakaththai vaasikkiren).<\/p>\n\n\n\n<h3 class=\"wp-block-heading\" id=\"h-2-adjectives-and-pronouns-consistent-harmony\">2. Mbiemrat dhe p\u00ebremrat \u2013 Harmonia e q\u00ebndrueshme<\/h3>\n\n\n\n<p>N\u00eb tamilisht, mbiemrat (\u0baa\u0ba3\u0bcd\u0baa\u0bc1\u0b9f\u0bc8\u0bae\u0bc8) dhe p\u00ebremrat (\u0ba4\u0ba9\u0bbf\u0baa\u0bcd\u0baa\u0bca\u0bb0\u0bc1\u0bb3\u0bcd) ndjekin nj\u00eb rregull thelb\u00ebsor: ata duhet t\u00eb bien dakord n\u00eb gjini dhe num\u00ebr me emrat q\u00eb modifikojn\u00eb. Kjo konsistenc\u00eb promovon harmonin\u00eb gjuh\u00ebsore dhe rrit qart\u00ebsin\u00eb e shprehjes.<\/p>\n\n\n\n<h3 class=\"wp-block-heading\" id=\"h-3-verbs-conjugation-and-tenses\">3. Foljet \u2013 Konjugimi dhe koh\u00ebt<\/h3>\n\n\n\n<p>Foljet tamil luajn\u00eb nj\u00eb rol vendimtar n\u00eb form\u00ebsimin e fjalive. Foljet i n\u00ebnshtrohen konjugimit bazuar n\u00eb person, num\u00ebr, koh\u00eb, z\u00ebrin dhe humorin. Tamil ka tre koh\u00eb kryesore (e kaluara, e tashmja dhe e ardhmja) dhe tre humore (treguese, imperative dhe n\u00ebnlidh\u00ebse). Konjugimi mund t\u00eb duket i friksh\u00ebm n\u00eb fillim, por zot\u00ebrimi i tij do t&#8217;ju ndihmoj\u00eb t\u00eb shprehni nj\u00eb mori emocionesh, veprimesh dhe nuancash.<\/p>\n\n\n\n<h3 class=\"wp-block-heading\" id=\"h-4-sentence-structure-word-order-and-agreement\">4. Struktura e fjalis\u00eb \u2013 Rendi dhe marr\u00ebveshja e fjal\u00ebve<\/h3>\n\n\n\n<p>Tamil ndjek nj\u00eb rend fjal\u00ebsh Subjekt-Objekt-Folje (SOV), duke e b\u00ebr\u00eb at\u00eb t\u00eb ndrysh\u00ebm nga anglishtja, e cila ndjek nj\u00eb struktur\u00eb Subjekt-Folje-Objekt (SVO). P\u00ebr m\u00eb tep\u00ebr, <a href=\"https:\/\/talkpal.ai\/sq\/gramatika\/\">gramatika<\/a> Tamil thekson marr\u00ebveshjen e fjal\u00ebve, duke siguruar konsistenc\u00eb midis emrave, mbiemrave dhe p\u00ebremrave.<\/p>\n\n\n\n<p>P\u00ebr shembull, n\u00eb Tamil, fjalia &#8220;Ajo ha nj\u00eb moll\u00eb&#8221; shkruhet si &#8220;\u0b85\u0bb5\u0bb3\u0bcd \u0b92\u0bb0\u0bc1 \u0b86\u0baa\u0bcd\u0baa\u0bbf\u0bb3\u0bcd \u0b9a\u0bbe\u0baa\u0bcd\u0baa\u0bbf\u0b9f\u0bc1\u0b95\u0bbf\u0bb1\u0bbe\u0bb3\u0bcd&#8221; (Ava\u1e37 oru \u0101ppi\u1e37 s\u0101ppi\u1e6dugi\u1e5f\u0101\u1e37), ku emri dhe folja bien dakord n\u00eb gjini dhe num\u00ebr.<\/p>\n\n\n\n<h3 class=\"wp-block-heading\" id=\"h-5-embrace-the-journey\">5. P\u00ebrqafoni udh\u00ebtimin<\/h3>\n\n\n\n<p>M\u00ebsimi i gramatik\u00ebs Tamil mund t\u00eb jet\u00eb sfidues, por ofron nj\u00eb port\u00eb drejt nj\u00eb tradite t\u00eb gjall\u00eb letrare dhe nj\u00eb trash\u00ebgimi t\u00eb pasur kulturore. Mos harroni, \u00ebsht\u00eb thelb\u00ebsore t\u00eb b\u00ebni nj\u00eb hap n\u00eb nj\u00eb koh\u00eb dhe t\u00eb vler\u00ebsoni nd\u00ebrlikimet q\u00eb e b\u00ebjn\u00eb gjuh\u00ebn Tamil kaq t\u00eb ve\u00e7ant\u00eb.<\/p>\n\n\n\n<p>Nd\u00ebrsa eksploroni kompleksitetin e gramatik\u00ebs tamile, sigurohuni q\u00eb t\u00eb praktikoni rregullisht, t\u00eb angazhoheni me fol\u00ebsit amtare dhe t\u00eb jini t\u00eb duruesh\u00ebm me veten. Me p\u00ebrkushtim, ju do t\u00eb zhbllokoni bukurin\u00eb dhe pasurin\u00eb e k\u00ebsaj gjuhe t\u00eb lasht\u00eb. \u0b87\u0ba9\u0bbf\u0baf \u0b95\u0bb1\u0bcd\u0bb1\u0bb2\u0bcd \u2013 Iniy ka\u1e5f\u1e5fal (m\u00ebsim i lumtur)!<\/p>\n<\/div><\/div>\n\r\n<section class=\"learnNavigationSection\">\r\n            \r\n        <a href=\"https:\/\/talkpal.ai\/sq\/meso-gjuhen-tamile\/\">\r\n            <div class=\"learnNavigationWrapper\">\r\n                <div class=\"learnNavigationContent\">\r\n                    <img decoding=\"async\" src=\"https:\/\/talkpal.ai\/wp-content\/uploads\/2024\/08\/Tamil.jpg\" alt=\"Indian Simplified Flag\">\r\n                    <div>\r\n                        <h4>Rreth m\u00ebsimit Tamil<\/h4>\r\n                        <p>M\u00ebsoni gjith\u00e7ka rreth gramatik\u00ebs Tamil.<\/p>\r\n                    <\/div>\r\n                <\/div>\r\n            <\/div>\r\n        <\/a>\r\n\r\n        \r\n        <a href=\"https:\/\/talkpal.ai\/sq\/ushtrimet-e-gramatikes-tamile\/\">\r\n            <div class=\"learnNavigationWrapper\">\r\n                <div class=\"learnNavigationContent\">\r\n                    <img decoding=\"async\" src=\"https:\/\/talkpal.ai\/wp-content\/uploads\/2024\/08\/Tamil.jpg\" alt=\"Indian Simplified Flag\">\r\n                    <div>\r\n                        <h4>Ushtrimi i gramatik\u00ebs Tamil<\/h4>\r\n                        <p>Praktikoni gramatik\u00ebn tamile.<\/p>\r\n                    <\/div>\r\n                <\/div>\r\n            <\/div>\r\n        <\/a>\r\n\r\n        \r\n        <a href=\"https:\/\/talkpal.ai\/vocabulary_language\/tamil\/\">\r\n            <div class=\"learnNavigationWrapper\">\r\n                <div class=\"learnNavigationContent\">\r\n                    <img decoding=\"async\" src=\"https:\/\/talkpal.ai\/wp-content\/uploads\/2024\/08\/Tamil.jpg\" alt=\"Indian Simplified Flag\">\r\n                    <div>\r\n                        <h4>Fjalori Tamil<\/h4>\r\n                        <p>Zgjeroni fjalorin tuaj tamil.<\/p>\r\n                    <\/div>\r\n                <\/div>\r\n            <\/div>\r\n        <\/a>\r\n\r\n            <\/section>","protected":false},"excerpt":{"rendered":"<p>Gramatika Tamil: Kuptimi i pasuris\u00eb s\u00eb gjuh\u00ebs Tamil Kur filloni t\u00eb m\u00ebsoni Tamil \u2013 nj\u00eb nga gjuh\u00ebt m\u00eb t\u00eb vjetra t\u00eb gjalla n\u00eb bot\u00eb \u2013 \u00ebsht\u00eb thelb\u00ebsore t\u00eb zbuloni kompleksitetin dhe pasurin\u00eb e gramatik\u00ebs s\u00eb saj. Tamil, e cila krenohet me nj\u00eb tradit\u00eb t\u00eb shkruar q\u00eb shkon m\u00eb shum\u00eb se 2,000 vjet m\u00eb par\u00eb, mbetet [&hellip;]<\/p>\n","protected":false},"author":1,"featured_media":1442749,"parent":0,"menu_order":0,"comment_status":"closed","ping_status":"closed","template":"LearningContentPage.php","meta":{"_acf_changed":false,"footnotes":""},"class_list":["post-1445546","page","type-page","status-publish","has-post-thumbnail","hentry"],"acf":[],"yoast_head":"<!-- This site is optimized with the Yoast SEO Premium plugin v27.2 (Yoast SEO v27.2) - https:\/\/yoast.com\/product\/yoast-seo-premium-wordpress\/ -->\n<title>Gramatika Tamil - Talkpal<\/title>\n<meta name=\"description\" content=\"Eksploroni bazat e gramatik\u00ebs Tamil dhe p\u00ebrmir\u00ebsoni t\u00eb kuptuarit tuaj p\u00ebr k\u00ebt\u00eb gjuh\u00eb t\u00eb pasur.\" \/>\n<meta name=\"robots\" content=\"index, follow, max-snippet:-1, max-image-preview:large, max-video-preview:-1\" \/>\n<link rel=\"canonical\" href=\"https:\/\/talkpal.ai\/sq\/gramatika-tamil\/\" \/>\n<meta property=\"og:locale\" content=\"sq_AL\" \/>\n<meta property=\"og:type\" content=\"article\" \/>\n<meta property=\"og:title\" content=\"Gramatika Tamil\" \/>\n<meta property=\"og:description\" content=\"Gramatika Tamil: Kuptimi i pasuris\u00eb s\u00eb gjuh\u00ebs Tamil Kur filloni t\u00eb m\u00ebsoni Tamil \u2013 nj\u00eb nga gjuh\u00ebt m\u00eb t\u00eb vjetra t\u00eb gjalla n\u00eb bot\u00eb \u2013 \u00ebsht\u00eb thelb\u00ebsore t\u00eb\" \/>\n<meta property=\"og:url\" content=\"https:\/\/talkpal.ai\/sq\/gramatika-tamil\/\" \/>\n<meta property=\"og:site_name\" content=\"Talkpal\" \/>\n<meta property=\"article:publisher\" content=\"https:\/\/www.facebook.com\/profile.php?id=100090733639311\" \/>\n<meta property=\"article:modified_time\" content=\"2025-12-12T11:03:59+00:00\" \/>\n<meta property=\"og:image\" content=\"https:\/\/talkpal.ai\/wp-content\/uploads\/2023\/05\/Tamil-india.png\" \/>\n\t<meta property=\"og:image:width\" content=\"512\" \/>\n\t<meta property=\"og:image:height\" content=\"512\" \/>\n\t<meta property=\"og:image:type\" content=\"image\/png\" \/>\n<meta name=\"twitter:card\" content=\"summary_large_image\" \/>\n<meta name=\"twitter:site\" content=\"@talkpalai\" \/>\n<meta name=\"twitter:label1\" content=\"Est. reading time\" \/>\n\t<meta name=\"twitter:data1\" content=\"3 minutes\" \/>\n<script type=\"application\/ld+json\" class=\"yoast-schema-graph\">{\"@context\":\"https:\/\/schema.org\",\"@graph\":[{\"@type\":\"WebPage\",\"@id\":\"https:\/\/talkpal.ai\/sq\/gramatika-tamil\/\",\"url\":\"https:\/\/talkpal.ai\/sq\/gramatika-tamil\/\",\"name\":\"Gramatika Tamil - Talkpal\",\"isPartOf\":{\"@id\":\"https:\/\/talkpal.ai\/sq\/#website\"},\"primaryImageOfPage\":{\"@id\":\"https:\/\/talkpal.ai\/sq\/gramatika-tamil\/#primaryimage\"},\"image\":{\"@id\":\"https:\/\/talkpal.ai\/sq\/gramatika-tamil\/#primaryimage\"},\"thumbnailUrl\":\"https:\/\/talkpal.ai\/wp-content\/uploads\/2023\/05\/Tamil-india.png\",\"datePublished\":\"2023-05-14T14:22:16+00:00\",\"dateModified\":\"2025-12-12T11:03:59+00:00\",\"description\":\"Eksploroni bazat e gramatik\u00ebs Tamil dhe p\u00ebrmir\u00ebsoni t\u00eb kuptuarit tuaj p\u00ebr k\u00ebt\u00eb gjuh\u00eb t\u00eb pasur.\",\"breadcrumb\":{\"@id\":\"https:\/\/talkpal.ai\/sq\/gramatika-tamil\/#breadcrumb\"},\"inLanguage\":\"sq-AL\",\"potentialAction\":[{\"@type\":\"ReadAction\",\"target\":[\"https:\/\/talkpal.ai\/sq\/gramatika-tamil\/\"]}]},{\"@type\":\"ImageObject\",\"inLanguage\":\"sq-AL\",\"@id\":\"https:\/\/talkpal.ai\/sq\/gramatika-tamil\/#primaryimage\",\"url\":\"https:\/\/talkpal.ai\/wp-content\/uploads\/2023\/05\/Tamil-india.png\",\"contentUrl\":\"https:\/\/talkpal.ai\/wp-content\/uploads\/2023\/05\/Tamil-india.png\",\"width\":512,\"height\":512,\"caption\":\"TalkPal Tamil - India Flag\"},{\"@type\":\"BreadcrumbList\",\"@id\":\"https:\/\/talkpal.ai\/sq\/gramatika-tamil\/#breadcrumb\",\"itemListElement\":[{\"@type\":\"ListItem\",\"position\":1,\"name\":\"Homepage\",\"item\":\"https:\/\/talkpal.ai\/sq\/\"},{\"@type\":\"ListItem\",\"position\":2,\"name\":\"Gramatika Tamil\"}]},{\"@type\":\"WebSite\",\"@id\":\"https:\/\/talkpal.ai\/sq\/#website\",\"url\":\"https:\/\/talkpal.ai\/sq\/\",\"name\":\"Talkpal\",\"description\":\"AI Language Learning\",\"publisher\":{\"@id\":\"https:\/\/talkpal.ai\/sq\/#organization\"},\"alternateName\":\"Talkpal AI\",\"potentialAction\":[{\"@type\":\"SearchAction\",\"target\":{\"@type\":\"EntryPoint\",\"urlTemplate\":\"https:\/\/talkpal.ai\/sq\/?s={search_term_string}\"},\"query-input\":{\"@type\":\"PropertyValueSpecification\",\"valueRequired\":true,\"valueName\":\"search_term_string\"}}],\"inLanguage\":\"sq-AL\"},{\"@type\":\"Organization\",\"@id\":\"https:\/\/talkpal.ai\/sq\/#organization\",\"name\":\"Talkpal, Inc.\",\"alternateName\":\"Talkpal AI\",\"url\":\"https:\/\/talkpal.ai\/sq\/\",\"logo\":{\"@type\":\"ImageObject\",\"inLanguage\":\"sq-AL\",\"@id\":\"https:\/\/talkpal.ai\/sq\/#\/schema\/logo\/image\/\",\"url\":\"https:\/\/talkpal.ai\/wp-content\/uploads\/2024\/03\/Talkpal-Logo-Icon.png\",\"contentUrl\":\"https:\/\/talkpal.ai\/wp-content\/uploads\/2024\/03\/Talkpal-Logo-Icon.png\",\"width\":2880,\"height\":2880,\"caption\":\"Talkpal, Inc.\"},\"image\":{\"@id\":\"https:\/\/talkpal.ai\/sq\/#\/schema\/logo\/image\/\"},\"sameAs\":[\"https:\/\/www.facebook.com\/profile.php?id=100090733639311\",\"https:\/\/x.com\/talkpalai\",\"https:\/\/www.linkedin.com\/company\/talkpal\/\",\"https:\/\/www.youtube.com\/@TalkPal\/\",\"https:\/\/www.tiktok.com\/@talkpal\",\"https:\/\/www.instagram.com\/talkpal_ai\/\",\"https:\/\/www.crunchbase.com\/organization\/talkpal-9cde\",\"https:\/\/www.g2.com\/products\/talkpal-for-business\/\",\"https:\/\/www.trustpilot.com\/review\/talkpal.ai\",\"https:\/\/www.capterra.com\/p\/10006800\/TalkPal\/\"],\"description\":\"Talkpal is a language learning web and mobile education app, powered by the latest AI technologies, that provides engaging experiences to its customers in many different languages to help them improve their language skills. Users can chat about unlimited amount of topics with the app and use other modes to practice their language learning.\",\"email\":\"support@talkpal.ai\",\"legalName\":\"Talkpal, Inc.\",\"foundingDate\":\"2023-04-03\",\"duns\":\"118989042\",\"numberOfEmployees\":{\"@type\":\"QuantitativeValue\",\"minValue\":\"11\",\"maxValue\":\"50\"},\"publishingPrinciples\":\"https:\/\/talkpal.ai\/publishing-principles\/\",\"actionableFeedbackPolicy\":\"https:\/\/talkpal.ai\/actionable-feedback-policy\/\",\"correctionsPolicy\":\"https:\/\/talkpal.ai\/corrections-policy\/\",\"ethicsPolicy\":\"https:\/\/talkpal.ai\/ethics-policy\/\",\"diversityPolicy\":\"https:\/\/talkpal.ai\/diversity-policy\/\",\"diversityStaffingReport\":\"https:\/\/talkpal.ai\/diversity-policy\/\"}]}<\/script>\n<!-- \/ Yoast SEO Premium plugin. -->","yoast_head_json":{"title":"Gramatika Tamil - Talkpal","description":"Eksploroni bazat e gramatik\u00ebs Tamil dhe p\u00ebrmir\u00ebsoni t\u00eb kuptuarit tuaj p\u00ebr k\u00ebt\u00eb gjuh\u00eb t\u00eb pasur.","robots":{"index":"index","follow":"follow","max-snippet":"max-snippet:-1","max-image-preview":"max-image-preview:large","max-video-preview":"max-video-preview:-1"},"canonical":"https:\/\/talkpal.ai\/sq\/gramatika-tamil\/","og_locale":"sq_AL","og_type":"article","og_title":"Gramatika Tamil","og_description":"Gramatika Tamil: Kuptimi i pasuris\u00eb s\u00eb gjuh\u00ebs Tamil Kur filloni t\u00eb m\u00ebsoni Tamil \u2013 nj\u00eb nga gjuh\u00ebt m\u00eb t\u00eb vjetra t\u00eb gjalla n\u00eb bot\u00eb \u2013 \u00ebsht\u00eb thelb\u00ebsore t\u00eb","og_url":"https:\/\/talkpal.ai\/sq\/gramatika-tamil\/","og_site_name":"Talkpal","article_publisher":"https:\/\/www.facebook.com\/profile.php?id=100090733639311","article_modified_time":"2025-12-12T11:03:59+00:00","og_image":[{"width":512,"height":512,"url":"https:\/\/talkpal.ai\/wp-content\/uploads\/2023\/05\/Tamil-india.png","type":"image\/png"}],"twitter_card":"summary_large_image","twitter_site":"@talkpalai","twitter_misc":{"Est. reading time":"3 minutes"},"schema":{"@context":"https:\/\/schema.org","@graph":[{"@type":"WebPage","@id":"https:\/\/talkpal.ai\/sq\/gramatika-tamil\/","url":"https:\/\/talkpal.ai\/sq\/gramatika-tamil\/","name":"Gramatika Tamil - Talkpal","isPartOf":{"@id":"https:\/\/talkpal.ai\/sq\/#website"},"primaryImageOfPage":{"@id":"https:\/\/talkpal.ai\/sq\/gramatika-tamil\/#primaryimage"},"image":{"@id":"https:\/\/talkpal.ai\/sq\/gramatika-tamil\/#primaryimage"},"thumbnailUrl":"https:\/\/talkpal.ai\/wp-content\/uploads\/2023\/05\/Tamil-india.png","datePublished":"2023-05-14T14:22:16+00:00","dateModified":"2025-12-12T11:03:59+00:00","description":"Eksploroni bazat e gramatik\u00ebs Tamil dhe p\u00ebrmir\u00ebsoni t\u00eb kuptuarit tuaj p\u00ebr k\u00ebt\u00eb gjuh\u00eb t\u00eb pasur.","breadcrumb":{"@id":"https:\/\/talkpal.ai\/sq\/gramatika-tamil\/#breadcrumb"},"inLanguage":"sq-AL","potentialAction":[{"@type":"ReadAction","target":["https:\/\/talkpal.ai\/sq\/gramatika-tamil\/"]}]},{"@type":"ImageObject","inLanguage":"sq-AL","@id":"https:\/\/talkpal.ai\/sq\/gramatika-tamil\/#primaryimage","url":"https:\/\/talkpal.ai\/wp-content\/uploads\/2023\/05\/Tamil-india.png","contentUrl":"https:\/\/talkpal.ai\/wp-content\/uploads\/2023\/05\/Tamil-india.png","width":512,"height":512,"caption":"TalkPal Tamil - India Flag"},{"@type":"BreadcrumbList","@id":"https:\/\/talkpal.ai\/sq\/gramatika-tamil\/#breadcrumb","itemListElement":[{"@type":"ListItem","position":1,"name":"Homepage","item":"https:\/\/talkpal.ai\/sq\/"},{"@type":"ListItem","position":2,"name":"Gramatika Tamil"}]},{"@type":"WebSite","@id":"https:\/\/talkpal.ai\/sq\/#website","url":"https:\/\/talkpal.ai\/sq\/","name":"Talkpal","description":"AI Language Learning","publisher":{"@id":"https:\/\/talkpal.ai\/sq\/#organization"},"alternateName":"Talkpal AI","potentialAction":[{"@type":"SearchAction","target":{"@type":"EntryPoint","urlTemplate":"https:\/\/talkpal.ai\/sq\/?s={search_term_string}"},"query-input":{"@type":"PropertyValueSpecification","valueRequired":true,"valueName":"search_term_string"}}],"inLanguage":"sq-AL"},{"@type":"Organization","@id":"https:\/\/talkpal.ai\/sq\/#organization","name":"Talkpal, Inc.","alternateName":"Talkpal AI","url":"https:\/\/talkpal.ai\/sq\/","logo":{"@type":"ImageObject","inLanguage":"sq-AL","@id":"https:\/\/talkpal.ai\/sq\/#\/schema\/logo\/image\/","url":"https:\/\/talkpal.ai\/wp-content\/uploads\/2024\/03\/Talkpal-Logo-Icon.png","contentUrl":"https:\/\/talkpal.ai\/wp-content\/uploads\/2024\/03\/Talkpal-Logo-Icon.png","width":2880,"height":2880,"caption":"Talkpal, Inc."},"image":{"@id":"https:\/\/talkpal.ai\/sq\/#\/schema\/logo\/image\/"},"sameAs":["https:\/\/www.facebook.com\/profile.php?id=100090733639311","https:\/\/x.com\/talkpalai","https:\/\/www.linkedin.com\/company\/talkpal\/","https:\/\/www.youtube.com\/@TalkPal\/","https:\/\/www.tiktok.com\/@talkpal","https:\/\/www.instagram.com\/talkpal_ai\/","https:\/\/www.crunchbase.com\/organization\/talkpal-9cde","https:\/\/www.g2.com\/products\/talkpal-for-business\/","https:\/\/www.trustpilot.com\/review\/talkpal.ai","https:\/\/www.capterra.com\/p\/10006800\/TalkPal\/"],"description":"Talkpal is a language learning web and mobile education app, powered by the latest AI technologies, that provides engaging experiences to its customers in many different languages to help them improve their language skills. Users can chat about unlimited amount of topics with the app and use other modes to practice their language learning.","email":"support@talkpal.ai","legalName":"Talkpal, Inc.","foundingDate":"2023-04-03","duns":"118989042","numberOfEmployees":{"@type":"QuantitativeValue","minValue":"11","maxValue":"50"},"publishingPrinciples":"https:\/\/talkpal.ai\/publishing-principles\/","actionableFeedbackPolicy":"https:\/\/talkpal.ai\/actionable-feedback-policy\/","correctionsPolicy":"https:\/\/talkpal.ai\/corrections-policy\/","ethicsPolicy":"https:\/\/talkpal.ai\/ethics-policy\/","diversityPolicy":"https:\/\/talkpal.ai\/diversity-policy\/","diversityStaffingReport":"https:\/\/talkpal.ai\/diversity-policy\/"}]}},"_links":{"self":[{"href":"https:\/\/talkpal.ai\/sq\/wp-json\/wp\/v2\/pages\/1445546","targetHints":{"allow":["GET"]}}],"collection":[{"href":"https:\/\/talkpal.ai\/sq\/wp-json\/wp\/v2\/pages"}],"about":[{"href":"https:\/\/talkpal.ai\/sq\/wp-json\/wp\/v2\/types\/page"}],"author":[{"embeddable":true,"href":"https:\/\/talkpal.ai\/sq\/wp-json\/wp\/v2\/users\/1"}],"replies":[{"embeddable":true,"href":"https:\/\/talkpal.ai\/sq\/wp-json\/wp\/v2\/comments?post=1445546"}],"version-history":[{"count":0,"href":"https:\/\/talkpal.ai\/sq\/wp-json\/wp\/v2\/pages\/1445546\/revisions"}],"wp:featuredmedia":[{"embeddable":true,"href":"https:\/\/talkpal.ai\/sq\/wp-json\/wp\/v2\/media\/1442749"}],"wp:attachment":[{"href":"https:\/\/talkpal.ai\/sq\/wp-json\/wp\/v2\/media?parent=1445546"}],"curies":[{"name":"wp","href":"https:\/\/api.w.org\/{rel}","templated":true}]}}