{"id":1445542,"date":"2023-05-14T14:23:00","date_gmt":"2023-05-14T14:23:00","guid":{"rendered":"https:\/\/talkpal.ai\/gramatika-vietnameze\/"},"modified":"2025-12-12T10:57:12","modified_gmt":"2025-12-12T10:57:12","slug":"gramatika-vietnameze","status":"publish","type":"page","link":"https:\/\/talkpal.ai\/sq\/gramatika-vietnameze\/","title":{"rendered":"Gramatika vietnameze"},"content":{"rendered":"\r\n\r\n\r\n<section class=\"languageChallengeSection\">\r\n    <div class=\"languageInfoWrapper\">\r\n        \r\n        <h1>Gramatika vietnameze<\/h1>\r\n        <p><a href=\"https:\/\/talkpal.ai\/sq\/gramatika\/\">Gramatika<\/a> vietnameze \u00ebsht\u00eb e njohur p\u00ebr thjesht\u00ebsin\u00eb dhe struktur\u00ebn e saj logjike, duke e b\u00ebr\u00eb at\u00eb t\u00eb arritshme p\u00ebr nx\u00ebn\u00ebsit e rinj. Me nj\u00eb alfabet t\u00eb romanizuar, pa konjugime foljesh dhe p\u00ebrdorim minimal t\u00eb shum\u00ebsit, student\u00ebt mund t\u00eb p\u00ebrqendrohen shpejt n\u00eb nd\u00ebrtimin e fjalorit dhe aft\u00ebsive t\u00eb bised\u00ebs. Eksplorimi i vietnamezes nuk ka t\u00eb b\u00ebj\u00eb vet\u00ebm me m\u00ebsimin e gjuh\u00ebs &#8211; ai gjithashtu hap nj\u00eb dritare n\u00eb kultur\u00ebn dhe historin\u00eb e pasur t\u00eb vendit.<\/p>\r\n\r\n                            <a class=\"getStartedHidden\" href=\"https:\/\/app.talkpal.ai\/signup?lng=\">Filloni<\/a>\r\n        \r\n    <\/div>\r\n\r\n    <figure>\r\n    <img decoding=\"async\" width=\"768\" height=\"768\" src=\"https:\/\/talkpal.ai\/wp-content\/uploads\/2023\/06\/vietnamese-768x768.png\" class=\"languageImage no-lazy\" alt=\"Language learning for extensive cultural knowledge\" fetchpriority=\"high\" sizes=\"(max-width: 768px) 150px, 768px\" srcset=\"https:\/\/talkpal.ai\/wp-content\/uploads\/2023\/06\/vietnamese-768x768.png 768w, https:\/\/talkpal.ai\/wp-content\/uploads\/2023\/06\/vietnamese-300x300.png 300w\" \/>\r\n    \r\n\r\n    <\/figure>\r\n\r\n            <a class=\"getStartedVisible\" href=\"https:\/\/app.talkpal.ai\/signup?lng=\">Filloni<\/a>\r\n    \r\n<\/section>\r\n<section class=\"promotionalBanner\">\r\n    <p class=\"promotionalText\">M\u00ebnyra m\u00eb efikase p\u00ebr t\u00eb m\u00ebsuar nj\u00eb gjuh\u00eb<\/p>\r\n    <a class=\"promotionalLink\" href=\"https:\/\/app.talkpal.ai\/signup?lng=\">Provoni Talkpal falas<\/a>\r\n<\/section>\n<div class=\"wp-block-group pageContainerStyle\"><div class=\"wp-block-group__inner-container is-layout-constrained wp-block-group-is-layout-constrained\">\n<h2 class=\"wp-block-heading\" id=\"h-the-intricacies-of-vietnamese-grammar-an-engaging-exploration\">Nd\u00ebrlikimet e gramatik\u00ebs vietnameze: Nj\u00eb eksplorim t\u00ebrheq\u00ebs<\/h2>\n\n\n\n<p>Gjuha vietnameze, me rr\u00ebnj\u00ebt e saj t\u00eb thella historike dhe sfondin unik kulturor, ofron nj\u00eb aventur\u00eb josh\u00ebse p\u00ebr gjuh\u00ebtar\u00ebt dhe nx\u00ebn\u00ebsit e gjuh\u00ebs. Nd\u00ebrsa gramatika vietnameze fillimisht mund t\u00eb shfaqet si nj\u00eb sfid\u00eb, logjika dhe konsistenca e saj e thjesht\u00eb hapin rrug\u00ebn p\u00ebr nj\u00eb p\u00ebrvoj\u00eb emocionuese t\u00eb t\u00eb m\u00ebsuarit. Pra, p\u00ebrgatituni p\u00ebr nj\u00eb udh\u00ebtim intrigues gjuh\u00ebsor nd\u00ebrsa g\u00ebrmojm\u00eb n\u00eb ve\u00e7orit\u00eb e gramatik\u00ebs vietnameze.<\/p>\n\n\n\n<h3 class=\"wp-block-heading\" id=\"h-1-the-alphabet-a-gift-from-the-past\">1. Alfaeti: Nj\u00eb dhurat\u00eb nga e kaluara<\/h3>\n\n\n\n<p>Alfabeti <a href=\"https:\/\/talkpal.ai\/learn-vietnamese\/\">vietnamez<\/a>, i p\u00ebrb\u00ebr\u00eb nga 29 shkronja, rrjedh kryesisht nga shkrimi latin, me fillime portugeze dhe franceze. Fal\u00eb shkrimit Qu\u1ed1c Ng\u1eef, kalimi n\u00eb nj\u00eb shkrim t\u00eb romanizuar e ka b\u00ebr\u00eb alfabetin t\u00eb njohur dhe leht\u00ebsisht t\u00eb aksesuesh\u00ebm p\u00ebr fol\u00ebsit e gjuh\u00ebve t\u00eb tjera me baz\u00eb latine. Kjo lejon nj\u00eb pik\u00eb hyr\u00ebse t\u00eb qet\u00eb p\u00ebr fillestar\u00ebt q\u00eb t\u00eb p\u00ebrqendrohen n\u00eb tingujt dhe shqiptimin unik t\u00eb gjuh\u00ebs.<\/p>\n\n\n\n<h3 class=\"wp-block-heading\" id=\"h-2-tones-vietnamese-s-musical-notation\">2. Tonet: Sh\u00ebnimi muzikor i vietnamezit<\/h3>\n\n\n\n<p>Vietnamishtja \u00ebsht\u00eb nj\u00eb gjuh\u00eb tonale, me gjasht\u00eb tone dalluese q\u00eb ndryshojn\u00eb kuptimin e nj\u00eb fjale p\u00ebrmes p\u00ebrdorimit t\u00eb shenjave t\u00eb ndryshme diakritike. Marrja e nj\u00eb zot\u00ebrimi t\u00eb k\u00ebtyre toneve mund t\u00eb jet\u00eb sfiduese, por shton muzikalitet dhe nuanca n\u00eb gjuh\u00eb q\u00eb e b\u00ebn at\u00eb edhe m\u00eb magjeps\u00ebse. Durimi dhe praktika do ta b\u00ebjn\u00eb at\u00eb t\u00eb p\u00ebrsosur, duke ju lejuar t\u00eb vler\u00ebsoni plot\u00ebsisht bukurin\u00eb melodike t\u00eb vietnamezes.<\/p>\n\n\n\n<h3 class=\"wp-block-heading\" id=\"h-3-word-order-unraveling-the-vietnamese-sentence-structure\">3. Rendi i fjal\u00ebve: Zb\u00ebrthimi i struktur\u00ebs s\u00eb fjalis\u00eb vietnameze<\/h3>\n\n\n\n<p>Fatmir\u00ebsisht, rendi i fjal\u00ebve vietnameze \u00ebsht\u00eb mjaft i thjesht\u00eb, duke ndjekur formatin e njohur Subjekt-Folje-Objekt (SVO). Kjo struktur\u00eb e aksesueshme e b\u00ebn m\u00eb t\u00eb leht\u00eb p\u00ebr anglishtfol\u00ebsit t\u00eb formojn\u00eb fjali n\u00eb vietnameze pa p\u00ebrjetuar nj\u00eb ndryshim t\u00eb madh n\u00eb gjuh\u00ebsi. Merrni shembullin e &#8220;T\u00f4i y\u00eau Vi\u1ec7t Nam!&#8221; (Un\u00eb e dua Vietnamin!), ku t\u00eb dyja gjuh\u00ebt ndajn\u00eb konstruksione paralele.<\/p>\n\n\n\n<h3 class=\"wp-block-heading\" id=\"h-4-no-more-plural-nouns-or-verb-conjugations\">4. Nuk ka m\u00eb emra shum\u00ebs ose konjugime foljesh<\/h3>\n\n\n\n<p>N\u00eb vietnamisht, emrat nuk ndryshojn\u00eb form\u00ebn e <a href=\"https:\/\/talkpal.ai\/locations\/language-courses-in-tyre\/\">tyre<\/a> p\u00ebr t\u00eb treguar pluralitetin dhe foljet q\u00ebndrojn\u00eb t\u00eb q\u00ebndrueshme pavar\u00ebsisht nga koha ose subjekti. Nd\u00ebrsa kjo mund t\u00eb duket konfuze n\u00eb fillim, thjeshton ndjesh\u00ebm m\u00ebsimin e rregullave gramatikore. N\u00eb vend t\u00eb k\u00ebsaj, konteksti dhe p\u00ebrdorimi i fjal\u00ebve shtes\u00eb qart\u00ebsojn\u00eb kuptimin e fjalis\u00eb. Pra, merrni frym\u00eb leht\u00ebsimi nd\u00ebrsa i jepni lamtumir\u00ebn telasheve t\u00eb konjugimit.<\/p>\n\n\n\n<h3 class=\"wp-block-heading\" id=\"h-5-immerse-yourself-in-the-vietnamese-mindset\">5. Zhytuni n\u00eb mentalitetin vietnamez<\/h3>\n\n\n\n<p>M\u00ebsimi i vietnamezes nuk ka t\u00eb b\u00ebj\u00eb vet\u00ebm me zot\u00ebrimin e gramatik\u00ebs s\u00eb saj \u2013 por gjithashtu ka t\u00eb b\u00ebj\u00eb me p\u00ebrqafimin e konteksteve kulturore, historike dhe sociale q\u00eb kan\u00eb form\u00ebsuar gjuh\u00ebn. Angazhohuni me fol\u00ebsit amtare, eksploroni let\u00ebrsin\u00eb dhe artin vietnamez dhe p\u00ebrpiquni t\u00eb lidheni me vlerat dhe zakonet e kombit. Kjo qasje holistike jo vet\u00ebm q\u00eb do t\u00eb p\u00ebrmir\u00ebsoj\u00eb aft\u00ebsit\u00eb tuaja gjuh\u00ebsore, por gjithashtu do t\u00eb thelloj\u00eb t\u00eb kuptuarit tuaj p\u00ebr bukurin\u00eb e shum\u00ebanshme t\u00eb Vietnamit.<\/p>\n\n\n\n<h3 class=\"wp-block-heading\" id=\"h-in-conclusion-relish-the-charm-of-vietnamese-grammar\">Si p\u00ebrfundim: Shijoni hijeshin\u00eb e gramatik\u00ebs vietnameze<\/h3>\n\n\n\n<p>Megjith\u00ebse gramatika vietnameze mund t\u00eb duket hutuese n\u00eb sip\u00ebrfaqe, struktura e saj magjeps\u00ebse dhe thjesht\u00ebsia e natyrshme ftojn\u00eb nx\u00ebn\u00ebsit t\u00eb nisin nj\u00eb udh\u00ebtim gjuh\u00ebsor shp\u00ebrblyes. Nd\u00ebrsa g\u00ebrmoni n\u00eb bot\u00ebn e vietnamezes, do t\u00eb mrekulloheni me eleganc\u00ebn dhe bukurin\u00eb e gramatik\u00ebs s\u00eb saj dhe sixhaden\u00eb e pasur kulturore q\u00eb ka form\u00ebsuar gjuh\u00ebn gjat\u00eb shekujve. Pra, vazhdoni dhe eksploroni mrekullit\u00eb e gramatik\u00ebs vietnameze nd\u00ebrsa lundroni n\u00eb peizazhin gjuh\u00ebsor t\u00eb k\u00ebsaj gjuhe magjeps\u00ebse.<\/p>\n<\/div><\/div>\n\r\n<section class=\"learnNavigationSection\">\r\n            \r\n        <a href=\"https:\/\/talkpal.ai\/sq\/meso-vietnamezet\/\">\r\n            <div class=\"learnNavigationWrapper\">\r\n                <div class=\"learnNavigationContent\">\r\n                    <img decoding=\"async\" src=\"https:\/\/talkpal.ai\/wp-content\/uploads\/2024\/08\/Vietnamese.jpg\" alt=\"Vietnamise Flag\">\r\n                    <div>\r\n                        <h4>Rreth m\u00ebsimit vietnamez<\/h4>\r\n                        <p>M\u00ebsoni gjith\u00e7ka rreth gramatik\u00ebs vietnameze.<\/p>\r\n                    <\/div>\r\n                <\/div>\r\n            <\/div>\r\n        <\/a>\r\n\r\n        \r\n        <a href=\"https:\/\/talkpal.ai\/sq\/ushtrime-gramatikore-vietnameze\/\">\r\n            <div class=\"learnNavigationWrapper\">\r\n                <div class=\"learnNavigationContent\">\r\n                    <img decoding=\"async\" src=\"https:\/\/talkpal.ai\/wp-content\/uploads\/2024\/08\/Vietnamese.jpg\" alt=\"Vietnamise Flag\">\r\n                    <div>\r\n                        <h4>Ushtrimi i gramatik\u00ebs vietnameze<\/h4>\r\n                        <p>Praktikoni gramatik\u00ebn vietnameze.<\/p>\r\n                    <\/div>\r\n                <\/div>\r\n            <\/div>\r\n        <\/a>\r\n\r\n        \r\n        <a href=\"https:\/\/talkpal.ai\/vocabulary_language\/vietnamese\/\">\r\n            <div class=\"learnNavigationWrapper\">\r\n                <div class=\"learnNavigationContent\">\r\n                    <img decoding=\"async\" src=\"https:\/\/talkpal.ai\/wp-content\/uploads\/2024\/08\/Vietnamese.jpg\" alt=\"Vietnamise Flag\">\r\n                    <div>\r\n                        <h4>Fjalori vietnamez<\/h4>\r\n                        <p>Zgjeroni fjalorin tuaj vietnamez.<\/p>\r\n                    <\/div>\r\n                <\/div>\r\n            <\/div>\r\n        <\/a>\r\n\r\n            <\/section>","protected":false},"excerpt":{"rendered":"<p>Nd\u00ebrlikimet e gramatik\u00ebs vietnameze: Nj\u00eb eksplorim t\u00ebrheq\u00ebs Gjuha vietnameze, me rr\u00ebnj\u00ebt e saj t\u00eb thella historike dhe sfondin unik kulturor, ofron nj\u00eb aventur\u00eb josh\u00ebse p\u00ebr gjuh\u00ebtar\u00ebt dhe nx\u00ebn\u00ebsit e gjuh\u00ebs. Nd\u00ebrsa gramatika vietnameze fillimisht mund t\u00eb shfaqet si nj\u00eb sfid\u00eb, logjika dhe konsistenca e saj e thjesht\u00eb hapin rrug\u00ebn p\u00ebr nj\u00eb p\u00ebrvoj\u00eb emocionuese t\u00eb t\u00eb [&hellip;]<\/p>\n","protected":false},"author":1,"featured_media":1442764,"parent":0,"menu_order":0,"comment_status":"closed","ping_status":"closed","template":"LearningContentPage.php","meta":{"_acf_changed":false,"footnotes":""},"class_list":["post-1445542","page","type-page","status-publish","has-post-thumbnail","hentry"],"acf":[],"yoast_head":"<!-- This site is optimized with the Yoast SEO Premium plugin v27.2 (Yoast SEO v27.2) - https:\/\/yoast.com\/product\/yoast-seo-premium-wordpress\/ -->\n<title>Gramatika vietnameze - Talkpal<\/title>\n<meta name=\"description\" content=\"Eksploroni aspektet magjeps\u00ebse t\u00eb gramatik\u00ebs vietnameze dhe zbuloni g\u00ebzimet e m\u00ebsimit t\u00eb k\u00ebsaj gjuhe unike.\" \/>\n<meta name=\"robots\" content=\"index, follow, max-snippet:-1, max-image-preview:large, max-video-preview:-1\" \/>\n<link rel=\"canonical\" href=\"https:\/\/talkpal.ai\/sq\/gramatika-vietnameze\/\" \/>\n<meta property=\"og:locale\" content=\"sq_AL\" \/>\n<meta property=\"og:type\" content=\"article\" \/>\n<meta property=\"og:title\" content=\"Gramatika vietnameze\" \/>\n<meta property=\"og:description\" content=\"Nd\u00ebrlikimet e gramatik\u00ebs vietnameze: Nj\u00eb eksplorim t\u00ebrheq\u00ebs Gjuha vietnameze, me rr\u00ebnj\u00ebt e saj t\u00eb thella historike dhe sfondin unik kulturor, ofron nj\u00eb\" \/>\n<meta property=\"og:url\" content=\"https:\/\/talkpal.ai\/sq\/gramatika-vietnameze\/\" \/>\n<meta property=\"og:site_name\" content=\"Talkpal\" \/>\n<meta property=\"article:publisher\" content=\"https:\/\/www.facebook.com\/profile.php?id=100090733639311\" \/>\n<meta property=\"article:modified_time\" content=\"2025-12-12T10:57:12+00:00\" \/>\n<meta property=\"og:image\" content=\"https:\/\/talkpal.ai\/wp-content\/uploads\/2023\/05\/vietnam.png\" \/>\n\t<meta property=\"og:image:width\" content=\"512\" \/>\n\t<meta property=\"og:image:height\" content=\"512\" \/>\n\t<meta property=\"og:image:type\" content=\"image\/png\" \/>\n<meta name=\"twitter:card\" content=\"summary_large_image\" \/>\n<meta name=\"twitter:site\" content=\"@talkpalai\" \/>\n<meta name=\"twitter:label1\" content=\"Est. reading time\" \/>\n\t<meta name=\"twitter:data1\" content=\"3 minutes\" \/>\n<script type=\"application\/ld+json\" class=\"yoast-schema-graph\">{\"@context\":\"https:\/\/schema.org\",\"@graph\":[{\"@type\":\"WebPage\",\"@id\":\"https:\/\/talkpal.ai\/sq\/gramatika-vietnameze\/\",\"url\":\"https:\/\/talkpal.ai\/sq\/gramatika-vietnameze\/\",\"name\":\"Gramatika vietnameze - Talkpal\",\"isPartOf\":{\"@id\":\"https:\/\/talkpal.ai\/sq\/#website\"},\"primaryImageOfPage\":{\"@id\":\"https:\/\/talkpal.ai\/sq\/gramatika-vietnameze\/#primaryimage\"},\"image\":{\"@id\":\"https:\/\/talkpal.ai\/sq\/gramatika-vietnameze\/#primaryimage\"},\"thumbnailUrl\":\"https:\/\/talkpal.ai\/wp-content\/uploads\/2023\/05\/vietnam.png\",\"datePublished\":\"2023-05-14T14:23:00+00:00\",\"dateModified\":\"2025-12-12T10:57:12+00:00\",\"description\":\"Eksploroni aspektet magjeps\u00ebse t\u00eb gramatik\u00ebs vietnameze dhe zbuloni g\u00ebzimet e m\u00ebsimit t\u00eb k\u00ebsaj gjuhe unike.\",\"breadcrumb\":{\"@id\":\"https:\/\/talkpal.ai\/sq\/gramatika-vietnameze\/#breadcrumb\"},\"inLanguage\":\"sq-AL\",\"potentialAction\":[{\"@type\":\"ReadAction\",\"target\":[\"https:\/\/talkpal.ai\/sq\/gramatika-vietnameze\/\"]}]},{\"@type\":\"ImageObject\",\"inLanguage\":\"sq-AL\",\"@id\":\"https:\/\/talkpal.ai\/sq\/gramatika-vietnameze\/#primaryimage\",\"url\":\"https:\/\/talkpal.ai\/wp-content\/uploads\/2023\/05\/vietnam.png\",\"contentUrl\":\"https:\/\/talkpal.ai\/wp-content\/uploads\/2023\/05\/vietnam.png\",\"width\":512,\"height\":512,\"caption\":\"TalkPal Vietnam Flag\"},{\"@type\":\"BreadcrumbList\",\"@id\":\"https:\/\/talkpal.ai\/sq\/gramatika-vietnameze\/#breadcrumb\",\"itemListElement\":[{\"@type\":\"ListItem\",\"position\":1,\"name\":\"Homepage\",\"item\":\"https:\/\/talkpal.ai\/sq\/\"},{\"@type\":\"ListItem\",\"position\":2,\"name\":\"Gramatika vietnameze\"}]},{\"@type\":\"WebSite\",\"@id\":\"https:\/\/talkpal.ai\/sq\/#website\",\"url\":\"https:\/\/talkpal.ai\/sq\/\",\"name\":\"Talkpal\",\"description\":\"AI Language Learning\",\"publisher\":{\"@id\":\"https:\/\/talkpal.ai\/sq\/#organization\"},\"alternateName\":\"Talkpal AI\",\"potentialAction\":[{\"@type\":\"SearchAction\",\"target\":{\"@type\":\"EntryPoint\",\"urlTemplate\":\"https:\/\/talkpal.ai\/sq\/?s={search_term_string}\"},\"query-input\":{\"@type\":\"PropertyValueSpecification\",\"valueRequired\":true,\"valueName\":\"search_term_string\"}}],\"inLanguage\":\"sq-AL\"},{\"@type\":\"Organization\",\"@id\":\"https:\/\/talkpal.ai\/sq\/#organization\",\"name\":\"Talkpal, Inc.\",\"alternateName\":\"Talkpal AI\",\"url\":\"https:\/\/talkpal.ai\/sq\/\",\"logo\":{\"@type\":\"ImageObject\",\"inLanguage\":\"sq-AL\",\"@id\":\"https:\/\/talkpal.ai\/sq\/#\/schema\/logo\/image\/\",\"url\":\"https:\/\/talkpal.ai\/wp-content\/uploads\/2024\/03\/Talkpal-Logo-Icon.png\",\"contentUrl\":\"https:\/\/talkpal.ai\/wp-content\/uploads\/2024\/03\/Talkpal-Logo-Icon.png\",\"width\":2880,\"height\":2880,\"caption\":\"Talkpal, Inc.\"},\"image\":{\"@id\":\"https:\/\/talkpal.ai\/sq\/#\/schema\/logo\/image\/\"},\"sameAs\":[\"https:\/\/www.facebook.com\/profile.php?id=100090733639311\",\"https:\/\/x.com\/talkpalai\",\"https:\/\/www.linkedin.com\/company\/talkpal\/\",\"https:\/\/www.youtube.com\/@TalkPal\/\",\"https:\/\/www.tiktok.com\/@talkpal\",\"https:\/\/www.instagram.com\/talkpal_ai\/\",\"https:\/\/www.crunchbase.com\/organization\/talkpal-9cde\",\"https:\/\/www.g2.com\/products\/talkpal-for-business\/\",\"https:\/\/www.trustpilot.com\/review\/talkpal.ai\",\"https:\/\/www.capterra.com\/p\/10006800\/TalkPal\/\"],\"description\":\"Talkpal is a language learning web and mobile education app, powered by the latest AI technologies, that provides engaging experiences to its customers in many different languages to help them improve their language skills. Users can chat about unlimited amount of topics with the app and use other modes to practice their language learning.\",\"email\":\"support@talkpal.ai\",\"legalName\":\"Talkpal, Inc.\",\"foundingDate\":\"2023-04-03\",\"duns\":\"118989042\",\"numberOfEmployees\":{\"@type\":\"QuantitativeValue\",\"minValue\":\"11\",\"maxValue\":\"50\"},\"publishingPrinciples\":\"https:\/\/talkpal.ai\/publishing-principles\/\",\"actionableFeedbackPolicy\":\"https:\/\/talkpal.ai\/actionable-feedback-policy\/\",\"correctionsPolicy\":\"https:\/\/talkpal.ai\/corrections-policy\/\",\"ethicsPolicy\":\"https:\/\/talkpal.ai\/ethics-policy\/\",\"diversityPolicy\":\"https:\/\/talkpal.ai\/diversity-policy\/\",\"diversityStaffingReport\":\"https:\/\/talkpal.ai\/diversity-policy\/\"}]}<\/script>\n<!-- \/ Yoast SEO Premium plugin. -->","yoast_head_json":{"title":"Gramatika vietnameze - Talkpal","description":"Eksploroni aspektet magjeps\u00ebse t\u00eb gramatik\u00ebs vietnameze dhe zbuloni g\u00ebzimet e m\u00ebsimit t\u00eb k\u00ebsaj gjuhe unike.","robots":{"index":"index","follow":"follow","max-snippet":"max-snippet:-1","max-image-preview":"max-image-preview:large","max-video-preview":"max-video-preview:-1"},"canonical":"https:\/\/talkpal.ai\/sq\/gramatika-vietnameze\/","og_locale":"sq_AL","og_type":"article","og_title":"Gramatika vietnameze","og_description":"Nd\u00ebrlikimet e gramatik\u00ebs vietnameze: Nj\u00eb eksplorim t\u00ebrheq\u00ebs Gjuha vietnameze, me rr\u00ebnj\u00ebt e saj t\u00eb thella historike dhe sfondin unik kulturor, ofron nj\u00eb","og_url":"https:\/\/talkpal.ai\/sq\/gramatika-vietnameze\/","og_site_name":"Talkpal","article_publisher":"https:\/\/www.facebook.com\/profile.php?id=100090733639311","article_modified_time":"2025-12-12T10:57:12+00:00","og_image":[{"width":512,"height":512,"url":"https:\/\/talkpal.ai\/wp-content\/uploads\/2023\/05\/vietnam.png","type":"image\/png"}],"twitter_card":"summary_large_image","twitter_site":"@talkpalai","twitter_misc":{"Est. reading time":"3 minutes"},"schema":{"@context":"https:\/\/schema.org","@graph":[{"@type":"WebPage","@id":"https:\/\/talkpal.ai\/sq\/gramatika-vietnameze\/","url":"https:\/\/talkpal.ai\/sq\/gramatika-vietnameze\/","name":"Gramatika vietnameze - Talkpal","isPartOf":{"@id":"https:\/\/talkpal.ai\/sq\/#website"},"primaryImageOfPage":{"@id":"https:\/\/talkpal.ai\/sq\/gramatika-vietnameze\/#primaryimage"},"image":{"@id":"https:\/\/talkpal.ai\/sq\/gramatika-vietnameze\/#primaryimage"},"thumbnailUrl":"https:\/\/talkpal.ai\/wp-content\/uploads\/2023\/05\/vietnam.png","datePublished":"2023-05-14T14:23:00+00:00","dateModified":"2025-12-12T10:57:12+00:00","description":"Eksploroni aspektet magjeps\u00ebse t\u00eb gramatik\u00ebs vietnameze dhe zbuloni g\u00ebzimet e m\u00ebsimit t\u00eb k\u00ebsaj gjuhe unike.","breadcrumb":{"@id":"https:\/\/talkpal.ai\/sq\/gramatika-vietnameze\/#breadcrumb"},"inLanguage":"sq-AL","potentialAction":[{"@type":"ReadAction","target":["https:\/\/talkpal.ai\/sq\/gramatika-vietnameze\/"]}]},{"@type":"ImageObject","inLanguage":"sq-AL","@id":"https:\/\/talkpal.ai\/sq\/gramatika-vietnameze\/#primaryimage","url":"https:\/\/talkpal.ai\/wp-content\/uploads\/2023\/05\/vietnam.png","contentUrl":"https:\/\/talkpal.ai\/wp-content\/uploads\/2023\/05\/vietnam.png","width":512,"height":512,"caption":"TalkPal Vietnam Flag"},{"@type":"BreadcrumbList","@id":"https:\/\/talkpal.ai\/sq\/gramatika-vietnameze\/#breadcrumb","itemListElement":[{"@type":"ListItem","position":1,"name":"Homepage","item":"https:\/\/talkpal.ai\/sq\/"},{"@type":"ListItem","position":2,"name":"Gramatika vietnameze"}]},{"@type":"WebSite","@id":"https:\/\/talkpal.ai\/sq\/#website","url":"https:\/\/talkpal.ai\/sq\/","name":"Talkpal","description":"AI Language Learning","publisher":{"@id":"https:\/\/talkpal.ai\/sq\/#organization"},"alternateName":"Talkpal AI","potentialAction":[{"@type":"SearchAction","target":{"@type":"EntryPoint","urlTemplate":"https:\/\/talkpal.ai\/sq\/?s={search_term_string}"},"query-input":{"@type":"PropertyValueSpecification","valueRequired":true,"valueName":"search_term_string"}}],"inLanguage":"sq-AL"},{"@type":"Organization","@id":"https:\/\/talkpal.ai\/sq\/#organization","name":"Talkpal, Inc.","alternateName":"Talkpal AI","url":"https:\/\/talkpal.ai\/sq\/","logo":{"@type":"ImageObject","inLanguage":"sq-AL","@id":"https:\/\/talkpal.ai\/sq\/#\/schema\/logo\/image\/","url":"https:\/\/talkpal.ai\/wp-content\/uploads\/2024\/03\/Talkpal-Logo-Icon.png","contentUrl":"https:\/\/talkpal.ai\/wp-content\/uploads\/2024\/03\/Talkpal-Logo-Icon.png","width":2880,"height":2880,"caption":"Talkpal, Inc."},"image":{"@id":"https:\/\/talkpal.ai\/sq\/#\/schema\/logo\/image\/"},"sameAs":["https:\/\/www.facebook.com\/profile.php?id=100090733639311","https:\/\/x.com\/talkpalai","https:\/\/www.linkedin.com\/company\/talkpal\/","https:\/\/www.youtube.com\/@TalkPal\/","https:\/\/www.tiktok.com\/@talkpal","https:\/\/www.instagram.com\/talkpal_ai\/","https:\/\/www.crunchbase.com\/organization\/talkpal-9cde","https:\/\/www.g2.com\/products\/talkpal-for-business\/","https:\/\/www.trustpilot.com\/review\/talkpal.ai","https:\/\/www.capterra.com\/p\/10006800\/TalkPal\/"],"description":"Talkpal is a language learning web and mobile education app, powered by the latest AI technologies, that provides engaging experiences to its customers in many different languages to help them improve their language skills. Users can chat about unlimited amount of topics with the app and use other modes to practice their language learning.","email":"support@talkpal.ai","legalName":"Talkpal, Inc.","foundingDate":"2023-04-03","duns":"118989042","numberOfEmployees":{"@type":"QuantitativeValue","minValue":"11","maxValue":"50"},"publishingPrinciples":"https:\/\/talkpal.ai\/publishing-principles\/","actionableFeedbackPolicy":"https:\/\/talkpal.ai\/actionable-feedback-policy\/","correctionsPolicy":"https:\/\/talkpal.ai\/corrections-policy\/","ethicsPolicy":"https:\/\/talkpal.ai\/ethics-policy\/","diversityPolicy":"https:\/\/talkpal.ai\/diversity-policy\/","diversityStaffingReport":"https:\/\/talkpal.ai\/diversity-policy\/"}]}},"_links":{"self":[{"href":"https:\/\/talkpal.ai\/sq\/wp-json\/wp\/v2\/pages\/1445542","targetHints":{"allow":["GET"]}}],"collection":[{"href":"https:\/\/talkpal.ai\/sq\/wp-json\/wp\/v2\/pages"}],"about":[{"href":"https:\/\/talkpal.ai\/sq\/wp-json\/wp\/v2\/types\/page"}],"author":[{"embeddable":true,"href":"https:\/\/talkpal.ai\/sq\/wp-json\/wp\/v2\/users\/1"}],"replies":[{"embeddable":true,"href":"https:\/\/talkpal.ai\/sq\/wp-json\/wp\/v2\/comments?post=1445542"}],"version-history":[{"count":0,"href":"https:\/\/talkpal.ai\/sq\/wp-json\/wp\/v2\/pages\/1445542\/revisions"}],"wp:featuredmedia":[{"embeddable":true,"href":"https:\/\/talkpal.ai\/sq\/wp-json\/wp\/v2\/media\/1442764"}],"wp:attachment":[{"href":"https:\/\/talkpal.ai\/sq\/wp-json\/wp\/v2\/media?parent=1445542"}],"curies":[{"name":"wp","href":"https:\/\/api.w.org\/{rel}","templated":true}]}}