{"id":1445534,"date":"2023-05-14T14:20:10","date_gmt":"2023-05-14T14:20:10","guid":{"rendered":"https:\/\/talkpal.ai\/gramatika-sllovene\/"},"modified":"2025-12-12T11:08:41","modified_gmt":"2025-12-12T11:08:41","slug":"gramatika-sllovene","status":"publish","type":"page","link":"https:\/\/talkpal.ai\/sq\/gramatika-sllovene\/","title":{"rendered":"Gramatika sllovene"},"content":{"rendered":"\r\n\r\n\r\n<section class=\"languageChallengeSection\">\r\n    <div class=\"languageInfoWrapper\">\r\n        \r\n        <h1>Gramatika sllovene<\/h1>\r\n        <p>Zhbllokoni hijeshin\u00eb e ve\u00e7ant\u00eb t\u00eb gjuh\u00ebs sllovene duke zot\u00ebruar rregullat e saj thelb\u00ebsore gramatikore. Me nj\u00eb zot\u00ebrim t\u00eb fort\u00eb t\u00eb gramatik\u00ebs sllovene, do t\u00eb jeni n\u00eb gjendje t\u00eb lidheni me fol\u00ebsit amtare dhe t\u00eb vler\u00ebsoni m\u00eb mir\u00eb trash\u00ebgimin\u00eb e pasur kulturore t\u00eb vendit. Filloni t\u00eb m\u00ebsoni gramatik\u00ebn sllovene sot dhe hidhni hapin tuaj t\u00eb par\u00eb drejt rrjedhshm\u00ebris\u00eb!<\/p>\r\n\r\n                            <a class=\"getStartedHidden\" href=\"https:\/\/app.talkpal.ai\/signup?lng=\">Filloni<\/a>\r\n        \r\n    <\/div>\r\n\r\n    <figure>\r\n    <img decoding=\"async\" width=\"768\" height=\"768\" src=\"https:\/\/talkpal.ai\/wp-content\/uploads\/2023\/06\/slovenian-768x768.png\" class=\"languageImage no-lazy\" alt=\"Language learning for broader perspectives\" fetchpriority=\"high\" sizes=\"(max-width: 768px) 150px, 768px\" srcset=\"https:\/\/talkpal.ai\/wp-content\/uploads\/2023\/06\/slovenian-768x768.png 768w, https:\/\/talkpal.ai\/wp-content\/uploads\/2023\/06\/slovenian-300x300.png 300w\" \/>\r\n    \r\n\r\n    <\/figure>\r\n\r\n            <a class=\"getStartedVisible\" href=\"https:\/\/app.talkpal.ai\/signup?lng=\">Filloni<\/a>\r\n    \r\n<\/section>\r\n<section class=\"promotionalBanner\">\r\n    <p class=\"promotionalText\">M\u00ebnyra m\u00eb efikase p\u00ebr t\u00eb m\u00ebsuar nj\u00eb gjuh\u00eb<\/p>\r\n    <a class=\"promotionalLink\" href=\"https:\/\/app.talkpal.ai\/signup?lng=\">Provoni Talkpal falas<\/a>\r\n<\/section>\n<div class=\"wp-block-group pageContainerStyle\"><div class=\"wp-block-group__inner-container is-layout-constrained wp-block-group-is-layout-constrained\">\n<h1 class=\"wp-block-heading\" id=\"h-slovenian-grammar-a-short-introduction-for-language-lovers\">Gramatika sllovene: Nj\u00eb hyrje e shkurt\u00ebr p\u00ebr adhuruesit e gjuh\u00ebs<\/h1>\n\n\n\n<p>A jeni gati t\u00eb zhyteni n\u00eb bot\u00ebn magjeps\u00ebse t\u00eb slloveshtes, nj\u00eb gjuh\u00eb mahnit\u00ebse sllave? Ju jeni n\u00eb nj\u00eb k\u00ebnaq\u00ebsi! Ky udh\u00ebzues i shkurt\u00ebr do t&#8217;ju jap\u00eb nj\u00eb paraqitje t\u00eb shkurt\u00ebr t\u00eb gramatik\u00ebs sllovene, e cila \u00ebsht\u00eb thelb\u00ebsore p\u00ebr t\u00eb kuptuar dhe zot\u00ebruar k\u00ebt\u00eb gjuh\u00eb magjeps\u00ebse. Pra, le t\u00eb fillojm\u00eb k\u00ebt\u00eb aventur\u00eb gjuh\u00ebsore dhe t\u00eb eksplorojm\u00eb nd\u00ebrlikimet e gramatik\u00ebs sllovene hap pas hapi.<\/p>\n\n\n\n<p>Sllovenishtja, e njohur edhe si sllovenishtja, flitet kryesisht n\u00eb Slloveni nga <a href=\"https:\/\/talkpal.ai\/sq\/rreth\/\">rreth<\/a> 2.5 milion\u00eb njer\u00ebz. Si nj\u00eb gjuh\u00eb sllave jugore, ajo ndan disa tipare me t\u00eb af\u00ebrmit e saj t\u00eb ngusht\u00eb, si <a href=\"https:\/\/talkpal.ai\/learn-serbian\/\">serbisht<\/a>, <a href=\"https:\/\/talkpal.ai\/learn-croatian\/\">kroatisht<\/a> dhe bullgarisht. Megjithat\u00eb, sllovenishtja krenohet me kthesat dhe dhuntin\u00eb e saj unike.<\/p>\n\n\n\n<p>Pa vones\u00eb, le t\u00eb thellohemi n\u00eb aspektet kryesore t\u00eb gramatik\u00ebs sllovene:<\/p>\n\n\n\n<h3 class=\"wp-block-heading\" id=\"h-1-nouns-and-cases\">1. Emrat dhe rastet:<\/h3>\n\n\n\n<p>Emrat slloven\u00eb vijn\u00eb n\u00eb tre gjini \u2013 mashkullore, fem\u00ebrore dhe neutre. \u00c7do em\u00ebr mund t\u00eb p\u00ebrdoret n\u00eb nj\u00eb nga gjasht\u00eb rastet sllovene: nominativ, gjenitiv, dativ, akuzativ, lokativ dhe instrumental. K\u00ebto raste shprehin funksione t\u00eb ndryshme gramatikore ose marr\u00ebdh\u00ebnie midis fjal\u00ebve, k\u00ebshtu q\u00eb \u00ebsht\u00eb thelb\u00ebsore t\u00eb m\u00ebsoni p\u00ebrdorimin e <a href=\"https:\/\/talkpal.ai\/locations\/language-courses-in-tyre\/\">tyre<\/a> t\u00eb duhur n\u00eb kontekst.<\/p>\n\n\n\n<h3 class=\"wp-block-heading\" id=\"h-2-articles\">2. Artikujt:<\/h3>\n\n\n\n<p>K\u00ebtu jan\u00eb disa lajme t\u00eb <a href=\"https:\/\/talkpal.ai\/locations\/language-courses-in-mira\/\">mira<\/a> \u2013 sllovenishtja nuk p\u00ebrdor artikuj si &#8220;the&#8221; ose &#8220;a&#8221;! N\u00eb vend t\u00eb k\u00ebsaj, kuptimi p\u00ebrcillet p\u00ebrmes p\u00ebrdorimit t\u00eb rasteve dhe renditjes s\u00eb fjal\u00ebve. Kjo mund ta b\u00ebj\u00eb p\u00ebrvoj\u00ebn tuaj t\u00eb t\u00eb m\u00ebsuarit t\u00eb sllovenishtes pak m\u00eb t\u00eb leht\u00eb, ve\u00e7an\u00ebrisht n\u00ebse nuk jeni m\u00ebsuar me gjuh\u00eb me sisteme komplekse artikujsh.<\/p>\n\n\n\n<h3 class=\"wp-block-heading\" id=\"h-3-adjectives\">3. Mbiemra:<\/h3>\n\n\n\n<p>Ashtu si emrat, mbiemrat n\u00eb <a href=\"https:\/\/talkpal.ai\/learn-slovenian\/\">sllovenisht<\/a> bien dakord n\u00eb gjini, num\u00ebr dhe rast me emrin q\u00eb modifikojn\u00eb. Kjo e b\u00ebn p\u00ebrdorimin e mbiemrave pak m\u00eb t\u00eb komplikuar se n\u00eb <a href=\"https:\/\/talkpal.ai\/learn-english-with-ai\/\">anglisht<\/a>, por mos kini frik\u00eb \u2013 me praktik\u00eb, do t\u00eb zot\u00ebroni mbiemrat slloven\u00eb n\u00eb nj\u00eb koh\u00eb t\u00eb shkurt\u00ebr!<\/p>\n\n\n\n<h3 class=\"wp-block-heading\" id=\"h-4-verbs\">4. Foljet:<\/h3>\n\n\n\n<p>Gjuha sllovene ka nj\u00eb sistem foljesh me tre nivele: tre grupe konjugimi n\u00eb var\u00ebsi t\u00eb rrjedh\u00ebs s\u00eb foljes q\u00eb p\u00ebrfundon n\u00eb form\u00ebn e pafund\u00ebsis\u00eb. Foljet sllovene gjithashtu kan\u00eb koh\u00eb dhe humor t\u00eb ndrysh\u00ebm, duke p\u00ebrfshir\u00eb form\u00ebn unike t\u00eb dyfisht\u00eb, e cila p\u00ebrdoret kur i referohet dy subjekteve ose objekteve. P\u00ebrgatituni t\u00eb kaloni pak koh\u00eb duke m\u00ebsuar dhe praktikuar konjugimet e foljeve sllovene p\u00ebr t\u00eb fituar besim n\u00eb aft\u00ebsit\u00eb tuaja gjuh\u00ebsore.<\/p>\n\n\n\n<h3 class=\"wp-block-heading\" id=\"h-5-word-order\">5. Rendi i fjal\u00ebve:<\/h3>\n\n\n\n<p>Sllovenishtja n\u00eb p\u00ebrgjith\u00ebsi ndjek nj\u00eb rend fjal\u00ebsh subjekt-folje-objekt (SVO), i cili duhet t\u00eb jet\u00eb i njohur p\u00ebr anglishtfol\u00ebsit. Megjithat\u00eb, gjuha g\u00ebzon nj\u00eb shkall\u00eb t\u00eb caktuar fleksibiliteti, duke ju lejuar t\u00eb theksoni pjes\u00eb specifike t\u00eb fjalis\u00eb duke ndryshuar rendin e fjal\u00ebve. \u00cbsht\u00eb thelb\u00ebsore t\u00eb p\u00ebrdorni rastet n\u00eb m\u00ebnyr\u00eb korrekte p\u00ebr t\u00eb shmangur konfuzionin dhe p\u00ebr t\u00eb p\u00ebrcjell\u00eb kuptimin e synuar.<\/p>\n\n\n\n<h3 class=\"wp-block-heading\" id=\"h-6-pronouns-and-prepositions\">6. P\u00ebremrat dhe parafjal\u00ebt:<\/h3>\n\n\n\n<p>P\u00ebremrat slloven, si element\u00ebt e tjer\u00eb t\u00eb gjuh\u00ebs, ndikohen nga gjinia, numri dhe rasti. Ato vijn\u00eb n\u00eb forma t\u00eb ndryshme, t\u00eb tilla si personale, posesive, demonstrative dhe refleksive. Njohja me parafjal\u00ebt sllovene do t&#8217;ju ndihmoj\u00eb gjithashtu t\u00eb lidhni fjal\u00eb dhe fraza p\u00ebr t\u00eb krijuar fjali m\u00eb komplekse.<\/p>\n\n\n\n<p>Pra, tani, ju keni nj\u00eb kuptim baz\u00eb t\u00eb gramatik\u00ebs sllovene! Mbani n\u00eb mend se t\u00eb b\u00ebhesh i aft\u00eb n\u00eb \u00e7do gjuh\u00eb k\u00ebrkon p\u00ebrkushtim dhe praktik\u00eb. P\u00ebrqafoni sfidat dhe mos hezitoni t\u00eb m\u00ebsoni nga gabimet tuaja. Mos harroni, m\u00ebsimi i nj\u00eb gjuhe t\u00eb re \u00ebsht\u00eb nj\u00eb udh\u00ebtim emocionues i mbushur me p\u00ebrvoja t\u00eb paharrueshme dhe zbulime shp\u00ebrblyese. Sre\u010dno!<\/p>\n<\/div><\/div>\n\r\n<section class=\"learnNavigationSection\">\r\n            \r\n        <a href=\"https:\/\/talkpal.ai\/sq\/meso-sllovenisht\/\">\r\n            <div class=\"learnNavigationWrapper\">\r\n                <div class=\"learnNavigationContent\">\r\n                    <img decoding=\"async\" src=\"https:\/\/talkpal.ai\/wp-content\/uploads\/2024\/08\/Slovenian.jpg\" alt=\"Slovenian Flag\">\r\n                    <div>\r\n                        <h4>Rreth m\u00ebsimit slloven<\/h4>\r\n                        <p>M\u00ebsoni gjith\u00e7ka rreth gramatik\u00ebs sllovene.<\/p>\r\n                    <\/div>\r\n                <\/div>\r\n            <\/div>\r\n        <\/a>\r\n\r\n        \r\n        <a href=\"https:\/\/talkpal.ai\/sq\/ushtrimet-e-gramatikes-sllovene\/\">\r\n            <div class=\"learnNavigationWrapper\">\r\n                <div class=\"learnNavigationContent\">\r\n                    <img decoding=\"async\" src=\"https:\/\/talkpal.ai\/wp-content\/uploads\/2024\/08\/Slovenian.jpg\" alt=\"Slovenian Flag\">\r\n                    <div>\r\n                        <h4>Ushtrimi i gramatik\u00ebs sllovene<\/h4>\r\n                        <p>Praktikoni gramatik\u00ebn sllovene.<\/p>\r\n                    <\/div>\r\n                <\/div>\r\n            <\/div>\r\n        <\/a>\r\n\r\n        \r\n        <a href=\"https:\/\/talkpal.ai\/vocabulary_language\/slovenian\/\">\r\n            <div class=\"learnNavigationWrapper\">\r\n                <div class=\"learnNavigationContent\">\r\n                    <img decoding=\"async\" src=\"https:\/\/talkpal.ai\/wp-content\/uploads\/2024\/08\/Slovenian.jpg\" alt=\"Slovenian Flag\">\r\n                    <div>\r\n                        <h4>Fjalori slloven<\/h4>\r\n                        <p>Zgjeroni fjalorin tuaj slloven.<\/p>\r\n                    <\/div>\r\n                <\/div>\r\n            <\/div>\r\n        <\/a>\r\n\r\n            <\/section>","protected":false},"excerpt":{"rendered":"<p>Gramatika sllovene: Nj\u00eb hyrje e shkurt\u00ebr p\u00ebr adhuruesit e gjuh\u00ebs A jeni gati t\u00eb zhyteni n\u00eb bot\u00ebn magjeps\u00ebse t\u00eb slloveshtes, nj\u00eb gjuh\u00eb mahnit\u00ebse sllave? Ju jeni n\u00eb nj\u00eb k\u00ebnaq\u00ebsi! Ky udh\u00ebzues i shkurt\u00ebr do t&#8217;ju jap\u00eb nj\u00eb paraqitje t\u00eb shkurt\u00ebr t\u00eb gramatik\u00ebs sllovene, e cila \u00ebsht\u00eb thelb\u00ebsore p\u00ebr t\u00eb kuptuar dhe zot\u00ebruar k\u00ebt\u00eb gjuh\u00eb magjeps\u00ebse. [&hellip;]<\/p>\n","protected":false},"author":1,"featured_media":1444872,"parent":0,"menu_order":0,"comment_status":"closed","ping_status":"closed","template":"LearningContentPage.php","meta":{"_acf_changed":false,"footnotes":""},"class_list":["post-1445534","page","type-page","status-publish","has-post-thumbnail","hentry"],"acf":[],"yoast_head":"<!-- This site is optimized with the Yoast SEO Premium plugin v27.2 (Yoast SEO v27.2) - https:\/\/yoast.com\/product\/yoast-seo-premium-wordpress\/ -->\n<title>Gramatika sllovene - Talkpal<\/title>\n<meta name=\"description\" content=\"Eksploroni nd\u00ebrlikimet e gramatik\u00ebs sllovene p\u00ebr aft\u00ebsi dhe mir\u00ebkuptim m\u00eb t\u00eb mir\u00eb gjuh\u00ebsor. Zot\u00ebroni artin e gramatik\u00ebs sot.\" \/>\n<meta name=\"robots\" content=\"index, follow, max-snippet:-1, max-image-preview:large, max-video-preview:-1\" \/>\n<link rel=\"canonical\" href=\"https:\/\/talkpal.ai\/sq\/gramatika-sllovene\/\" \/>\n<meta property=\"og:locale\" content=\"sq_AL\" \/>\n<meta property=\"og:type\" content=\"article\" \/>\n<meta property=\"og:title\" content=\"Gramatika sllovene\" \/>\n<meta property=\"og:description\" content=\"Gramatika sllovene: Nj\u00eb hyrje e shkurt\u00ebr p\u00ebr adhuruesit e gjuh\u00ebs A jeni gati t\u00eb zhyteni n\u00eb bot\u00ebn magjeps\u00ebse t\u00eb slloveshtes, nj\u00eb gjuh\u00eb mahnit\u00ebse sllave? Ju\" \/>\n<meta property=\"og:url\" content=\"https:\/\/talkpal.ai\/sq\/gramatika-sllovene\/\" \/>\n<meta property=\"og:site_name\" content=\"Talkpal\" \/>\n<meta property=\"article:publisher\" content=\"https:\/\/www.facebook.com\/profile.php?id=100090733639311\" \/>\n<meta property=\"article:modified_time\" content=\"2025-12-12T11:08:41+00:00\" \/>\n<meta property=\"og:image\" content=\"https:\/\/talkpal.ai\/wp-content\/uploads\/2023\/05\/slovenia.png\" \/>\n\t<meta property=\"og:image:width\" content=\"512\" \/>\n\t<meta property=\"og:image:height\" content=\"512\" \/>\n\t<meta property=\"og:image:type\" content=\"image\/png\" \/>\n<meta name=\"twitter:card\" content=\"summary_large_image\" \/>\n<meta name=\"twitter:site\" content=\"@talkpalai\" \/>\n<meta name=\"twitter:label1\" content=\"Est. reading time\" \/>\n\t<meta name=\"twitter:data1\" content=\"3 minutes\" \/>\n<script type=\"application\/ld+json\" class=\"yoast-schema-graph\">{\"@context\":\"https:\/\/schema.org\",\"@graph\":[{\"@type\":\"WebPage\",\"@id\":\"https:\/\/talkpal.ai\/sq\/gramatika-sllovene\/\",\"url\":\"https:\/\/talkpal.ai\/sq\/gramatika-sllovene\/\",\"name\":\"Gramatika sllovene - Talkpal\",\"isPartOf\":{\"@id\":\"https:\/\/talkpal.ai\/sq\/#website\"},\"primaryImageOfPage\":{\"@id\":\"https:\/\/talkpal.ai\/sq\/gramatika-sllovene\/#primaryimage\"},\"image\":{\"@id\":\"https:\/\/talkpal.ai\/sq\/gramatika-sllovene\/#primaryimage\"},\"thumbnailUrl\":\"https:\/\/talkpal.ai\/wp-content\/uploads\/2023\/05\/slovenia.png\",\"datePublished\":\"2023-05-14T14:20:10+00:00\",\"dateModified\":\"2025-12-12T11:08:41+00:00\",\"description\":\"Eksploroni nd\u00ebrlikimet e gramatik\u00ebs sllovene p\u00ebr aft\u00ebsi dhe mir\u00ebkuptim m\u00eb t\u00eb mir\u00eb gjuh\u00ebsor. Zot\u00ebroni artin e gramatik\u00ebs sot.\",\"breadcrumb\":{\"@id\":\"https:\/\/talkpal.ai\/sq\/gramatika-sllovene\/#breadcrumb\"},\"inLanguage\":\"sq-AL\",\"potentialAction\":[{\"@type\":\"ReadAction\",\"target\":[\"https:\/\/talkpal.ai\/sq\/gramatika-sllovene\/\"]}]},{\"@type\":\"ImageObject\",\"inLanguage\":\"sq-AL\",\"@id\":\"https:\/\/talkpal.ai\/sq\/gramatika-sllovene\/#primaryimage\",\"url\":\"https:\/\/talkpal.ai\/wp-content\/uploads\/2023\/05\/slovenia.png\",\"contentUrl\":\"https:\/\/talkpal.ai\/wp-content\/uploads\/2023\/05\/slovenia.png\",\"width\":512,\"height\":512,\"caption\":\"TalkPal Slovenia Flag\"},{\"@type\":\"BreadcrumbList\",\"@id\":\"https:\/\/talkpal.ai\/sq\/gramatika-sllovene\/#breadcrumb\",\"itemListElement\":[{\"@type\":\"ListItem\",\"position\":1,\"name\":\"Homepage\",\"item\":\"https:\/\/talkpal.ai\/sq\/\"},{\"@type\":\"ListItem\",\"position\":2,\"name\":\"Gramatika sllovene\"}]},{\"@type\":\"WebSite\",\"@id\":\"https:\/\/talkpal.ai\/sq\/#website\",\"url\":\"https:\/\/talkpal.ai\/sq\/\",\"name\":\"Talkpal\",\"description\":\"AI Language Learning\",\"publisher\":{\"@id\":\"https:\/\/talkpal.ai\/sq\/#organization\"},\"alternateName\":\"Talkpal AI\",\"potentialAction\":[{\"@type\":\"SearchAction\",\"target\":{\"@type\":\"EntryPoint\",\"urlTemplate\":\"https:\/\/talkpal.ai\/sq\/?s={search_term_string}\"},\"query-input\":{\"@type\":\"PropertyValueSpecification\",\"valueRequired\":true,\"valueName\":\"search_term_string\"}}],\"inLanguage\":\"sq-AL\"},{\"@type\":\"Organization\",\"@id\":\"https:\/\/talkpal.ai\/sq\/#organization\",\"name\":\"Talkpal, Inc.\",\"alternateName\":\"Talkpal AI\",\"url\":\"https:\/\/talkpal.ai\/sq\/\",\"logo\":{\"@type\":\"ImageObject\",\"inLanguage\":\"sq-AL\",\"@id\":\"https:\/\/talkpal.ai\/sq\/#\/schema\/logo\/image\/\",\"url\":\"https:\/\/talkpal.ai\/wp-content\/uploads\/2024\/03\/Talkpal-Logo-Icon.png\",\"contentUrl\":\"https:\/\/talkpal.ai\/wp-content\/uploads\/2024\/03\/Talkpal-Logo-Icon.png\",\"width\":2880,\"height\":2880,\"caption\":\"Talkpal, Inc.\"},\"image\":{\"@id\":\"https:\/\/talkpal.ai\/sq\/#\/schema\/logo\/image\/\"},\"sameAs\":[\"https:\/\/www.facebook.com\/profile.php?id=100090733639311\",\"https:\/\/x.com\/talkpalai\",\"https:\/\/www.linkedin.com\/company\/talkpal\/\",\"https:\/\/www.youtube.com\/@TalkPal\/\",\"https:\/\/www.tiktok.com\/@talkpal\",\"https:\/\/www.instagram.com\/talkpal_ai\/\",\"https:\/\/www.crunchbase.com\/organization\/talkpal-9cde\",\"https:\/\/www.g2.com\/products\/talkpal-for-business\/\",\"https:\/\/www.trustpilot.com\/review\/talkpal.ai\",\"https:\/\/www.capterra.com\/p\/10006800\/TalkPal\/\"],\"description\":\"Talkpal is a language learning web and mobile education app, powered by the latest AI technologies, that provides engaging experiences to its customers in many different languages to help them improve their language skills. Users can chat about unlimited amount of topics with the app and use other modes to practice their language learning.\",\"email\":\"support@talkpal.ai\",\"legalName\":\"Talkpal, Inc.\",\"foundingDate\":\"2023-04-03\",\"duns\":\"118989042\",\"numberOfEmployees\":{\"@type\":\"QuantitativeValue\",\"minValue\":\"11\",\"maxValue\":\"50\"},\"publishingPrinciples\":\"https:\/\/talkpal.ai\/publishing-principles\/\",\"actionableFeedbackPolicy\":\"https:\/\/talkpal.ai\/actionable-feedback-policy\/\",\"correctionsPolicy\":\"https:\/\/talkpal.ai\/corrections-policy\/\",\"ethicsPolicy\":\"https:\/\/talkpal.ai\/ethics-policy\/\",\"diversityPolicy\":\"https:\/\/talkpal.ai\/diversity-policy\/\",\"diversityStaffingReport\":\"https:\/\/talkpal.ai\/diversity-policy\/\"}]}<\/script>\n<!-- \/ Yoast SEO Premium plugin. -->","yoast_head_json":{"title":"Gramatika sllovene - Talkpal","description":"Eksploroni nd\u00ebrlikimet e gramatik\u00ebs sllovene p\u00ebr aft\u00ebsi dhe mir\u00ebkuptim m\u00eb t\u00eb mir\u00eb gjuh\u00ebsor. Zot\u00ebroni artin e gramatik\u00ebs sot.","robots":{"index":"index","follow":"follow","max-snippet":"max-snippet:-1","max-image-preview":"max-image-preview:large","max-video-preview":"max-video-preview:-1"},"canonical":"https:\/\/talkpal.ai\/sq\/gramatika-sllovene\/","og_locale":"sq_AL","og_type":"article","og_title":"Gramatika sllovene","og_description":"Gramatika sllovene: Nj\u00eb hyrje e shkurt\u00ebr p\u00ebr adhuruesit e gjuh\u00ebs A jeni gati t\u00eb zhyteni n\u00eb bot\u00ebn magjeps\u00ebse t\u00eb slloveshtes, nj\u00eb gjuh\u00eb mahnit\u00ebse sllave? Ju","og_url":"https:\/\/talkpal.ai\/sq\/gramatika-sllovene\/","og_site_name":"Talkpal","article_publisher":"https:\/\/www.facebook.com\/profile.php?id=100090733639311","article_modified_time":"2025-12-12T11:08:41+00:00","og_image":[{"width":512,"height":512,"url":"https:\/\/talkpal.ai\/wp-content\/uploads\/2023\/05\/slovenia.png","type":"image\/png"}],"twitter_card":"summary_large_image","twitter_site":"@talkpalai","twitter_misc":{"Est. reading time":"3 minutes"},"schema":{"@context":"https:\/\/schema.org","@graph":[{"@type":"WebPage","@id":"https:\/\/talkpal.ai\/sq\/gramatika-sllovene\/","url":"https:\/\/talkpal.ai\/sq\/gramatika-sllovene\/","name":"Gramatika sllovene - Talkpal","isPartOf":{"@id":"https:\/\/talkpal.ai\/sq\/#website"},"primaryImageOfPage":{"@id":"https:\/\/talkpal.ai\/sq\/gramatika-sllovene\/#primaryimage"},"image":{"@id":"https:\/\/talkpal.ai\/sq\/gramatika-sllovene\/#primaryimage"},"thumbnailUrl":"https:\/\/talkpal.ai\/wp-content\/uploads\/2023\/05\/slovenia.png","datePublished":"2023-05-14T14:20:10+00:00","dateModified":"2025-12-12T11:08:41+00:00","description":"Eksploroni nd\u00ebrlikimet e gramatik\u00ebs sllovene p\u00ebr aft\u00ebsi dhe mir\u00ebkuptim m\u00eb t\u00eb mir\u00eb gjuh\u00ebsor. Zot\u00ebroni artin e gramatik\u00ebs sot.","breadcrumb":{"@id":"https:\/\/talkpal.ai\/sq\/gramatika-sllovene\/#breadcrumb"},"inLanguage":"sq-AL","potentialAction":[{"@type":"ReadAction","target":["https:\/\/talkpal.ai\/sq\/gramatika-sllovene\/"]}]},{"@type":"ImageObject","inLanguage":"sq-AL","@id":"https:\/\/talkpal.ai\/sq\/gramatika-sllovene\/#primaryimage","url":"https:\/\/talkpal.ai\/wp-content\/uploads\/2023\/05\/slovenia.png","contentUrl":"https:\/\/talkpal.ai\/wp-content\/uploads\/2023\/05\/slovenia.png","width":512,"height":512,"caption":"TalkPal Slovenia Flag"},{"@type":"BreadcrumbList","@id":"https:\/\/talkpal.ai\/sq\/gramatika-sllovene\/#breadcrumb","itemListElement":[{"@type":"ListItem","position":1,"name":"Homepage","item":"https:\/\/talkpal.ai\/sq\/"},{"@type":"ListItem","position":2,"name":"Gramatika sllovene"}]},{"@type":"WebSite","@id":"https:\/\/talkpal.ai\/sq\/#website","url":"https:\/\/talkpal.ai\/sq\/","name":"Talkpal","description":"AI Language Learning","publisher":{"@id":"https:\/\/talkpal.ai\/sq\/#organization"},"alternateName":"Talkpal AI","potentialAction":[{"@type":"SearchAction","target":{"@type":"EntryPoint","urlTemplate":"https:\/\/talkpal.ai\/sq\/?s={search_term_string}"},"query-input":{"@type":"PropertyValueSpecification","valueRequired":true,"valueName":"search_term_string"}}],"inLanguage":"sq-AL"},{"@type":"Organization","@id":"https:\/\/talkpal.ai\/sq\/#organization","name":"Talkpal, Inc.","alternateName":"Talkpal AI","url":"https:\/\/talkpal.ai\/sq\/","logo":{"@type":"ImageObject","inLanguage":"sq-AL","@id":"https:\/\/talkpal.ai\/sq\/#\/schema\/logo\/image\/","url":"https:\/\/talkpal.ai\/wp-content\/uploads\/2024\/03\/Talkpal-Logo-Icon.png","contentUrl":"https:\/\/talkpal.ai\/wp-content\/uploads\/2024\/03\/Talkpal-Logo-Icon.png","width":2880,"height":2880,"caption":"Talkpal, Inc."},"image":{"@id":"https:\/\/talkpal.ai\/sq\/#\/schema\/logo\/image\/"},"sameAs":["https:\/\/www.facebook.com\/profile.php?id=100090733639311","https:\/\/x.com\/talkpalai","https:\/\/www.linkedin.com\/company\/talkpal\/","https:\/\/www.youtube.com\/@TalkPal\/","https:\/\/www.tiktok.com\/@talkpal","https:\/\/www.instagram.com\/talkpal_ai\/","https:\/\/www.crunchbase.com\/organization\/talkpal-9cde","https:\/\/www.g2.com\/products\/talkpal-for-business\/","https:\/\/www.trustpilot.com\/review\/talkpal.ai","https:\/\/www.capterra.com\/p\/10006800\/TalkPal\/"],"description":"Talkpal is a language learning web and mobile education app, powered by the latest AI technologies, that provides engaging experiences to its customers in many different languages to help them improve their language skills. Users can chat about unlimited amount of topics with the app and use other modes to practice their language learning.","email":"support@talkpal.ai","legalName":"Talkpal, Inc.","foundingDate":"2023-04-03","duns":"118989042","numberOfEmployees":{"@type":"QuantitativeValue","minValue":"11","maxValue":"50"},"publishingPrinciples":"https:\/\/talkpal.ai\/publishing-principles\/","actionableFeedbackPolicy":"https:\/\/talkpal.ai\/actionable-feedback-policy\/","correctionsPolicy":"https:\/\/talkpal.ai\/corrections-policy\/","ethicsPolicy":"https:\/\/talkpal.ai\/ethics-policy\/","diversityPolicy":"https:\/\/talkpal.ai\/diversity-policy\/","diversityStaffingReport":"https:\/\/talkpal.ai\/diversity-policy\/"}]}},"_links":{"self":[{"href":"https:\/\/talkpal.ai\/sq\/wp-json\/wp\/v2\/pages\/1445534","targetHints":{"allow":["GET"]}}],"collection":[{"href":"https:\/\/talkpal.ai\/sq\/wp-json\/wp\/v2\/pages"}],"about":[{"href":"https:\/\/talkpal.ai\/sq\/wp-json\/wp\/v2\/types\/page"}],"author":[{"embeddable":true,"href":"https:\/\/talkpal.ai\/sq\/wp-json\/wp\/v2\/users\/1"}],"replies":[{"embeddable":true,"href":"https:\/\/talkpal.ai\/sq\/wp-json\/wp\/v2\/comments?post=1445534"}],"version-history":[{"count":0,"href":"https:\/\/talkpal.ai\/sq\/wp-json\/wp\/v2\/pages\/1445534\/revisions"}],"wp:featuredmedia":[{"embeddable":true,"href":"https:\/\/talkpal.ai\/sq\/wp-json\/wp\/v2\/media\/1444872"}],"wp:attachment":[{"href":"https:\/\/talkpal.ai\/sq\/wp-json\/wp\/v2\/media?parent=1445534"}],"curies":[{"name":"wp","href":"https:\/\/api.w.org\/{rel}","templated":true}]}}