{"id":1445531,"date":"2023-05-14T14:24:42","date_gmt":"2023-05-14T14:24:42","guid":{"rendered":"https:\/\/talkpal.ai\/gramatika-tajlandeze\/"},"modified":"2025-12-13T15:49:31","modified_gmt":"2025-12-13T15:49:31","slug":"gramatika-tajlandeze","status":"publish","type":"page","link":"https:\/\/talkpal.ai\/sq\/gramatika-tajlandeze\/","title":{"rendered":"Gramatika tajlandeze"},"content":{"rendered":"\r\n\r\n\r\n<section class=\"languageChallengeSection\">\r\n    <div class=\"languageInfoWrapper\">\r\n        \r\n        <h1>Gramatika tajlandeze<\/h1>\r\n        <p>M\u00ebsoni gramatik\u00ebn tajlandeze dhe p\u00ebrjetoni bukurin\u00eb e nj\u00eb gjuhe q\u00eb \u00ebsht\u00eb logjike dhe ekspresive. Filloni udh\u00ebtimin tuaj dhe hapni der\u00ebn p\u00ebr nj\u00eb m\u00ebnyr\u00eb magjeps\u00ebse t\u00eb t\u00eb menduarit dhe t\u00eb folurit!<\/p>\r\n\r\n                            <a class=\"getStartedHidden\" href=\"https:\/\/app.talkpal.ai\/signup?lng=\">Filloni<\/a>\r\n        \r\n    <\/div>\r\n\r\n    <figure>\r\n    <img decoding=\"async\" width=\"768\" height=\"768\" src=\"https:\/\/talkpal.ai\/wp-content\/uploads\/2023\/06\/thai-768x768.png\" class=\"languageImage no-lazy\" alt=\"Language learning for improved thought process\" fetchpriority=\"high\" sizes=\"(max-width: 768px) 150px, 768px\" srcset=\"https:\/\/talkpal.ai\/wp-content\/uploads\/2023\/06\/thai-768x768.png 768w, https:\/\/talkpal.ai\/wp-content\/uploads\/2023\/06\/thai-300x300.png 300w\" \/>\r\n    \r\n\r\n    <\/figure>\r\n\r\n            <a class=\"getStartedVisible\" href=\"https:\/\/app.talkpal.ai\/signup?lng=\">Filloni<\/a>\r\n    \r\n<\/section>\r\n<section class=\"promotionalBanner\">\r\n    <p class=\"promotionalText\">M\u00ebnyra m\u00eb efikase p\u00ebr t\u00eb m\u00ebsuar nj\u00eb gjuh\u00eb<\/p>\r\n    <a class=\"promotionalLink\" href=\"https:\/\/app.talkpal.ai\/signup?lng=\">Provoni Talkpal falas<\/a>\r\n<\/section>\n<div class=\"wp-block-group pageContainerStyle\"><div class=\"wp-block-group__inner-container is-layout-constrained wp-block-group-is-layout-constrained\">\n<h2 class=\"wp-block-heading\" id=\"h-thai-grammar-exploring-a-unique-linguistic-world\">Gramatika tajlandeze: Eksplorimi i nj\u00eb bote unike gjuh\u00ebsore<\/h2>\n\n\n\n<p><a href=\"https:\/\/talkpal.ai\/sq\/gramatika\/\">Gramatika<\/a> tajlandeze \u2013 n\u00eb dukje enigmatike, ekzotike dhe magjeps\u00ebse. Nd\u00ebrsa niseni udh\u00ebtimin tuaj p\u00ebr t\u00eb m\u00ebsuar gjuh\u00ebn tajlandeze, mund ta gjeni veten t\u00eb magjepsur papritur nga gramatika e saj. Mos kini frik\u00eb, shok\u00ebt e mi eksplorues gjuh\u00ebsor\u00eb Ne jemi k\u00ebtu p\u00ebr t\u00eb ofruar udh\u00ebzime dhe mb\u00ebshtetje n\u00eb k\u00ebt\u00eb aventur\u00eb magjeps\u00ebse!<\/p>\n\n\n\n<p>N\u00eb k\u00ebt\u00eb artikull, ne thellohemi n\u00eb aspektet thelb\u00ebsore t\u00eb gramatik\u00ebs tajlandeze, duke zb\u00ebrthyer konceptet kryesore, duke shpjeguar rregullat dhe madje duke thjeshtuar kompleksitetet. Bashkohuni me ne nd\u00ebrsa ngrem\u00eb vellon e gramatik\u00ebs tajlandeze dhe ndezin pasionin tuaj p\u00ebr k\u00ebt\u00eb gjuh\u00eb mrekullisht unike!<\/p>\n\n\n\n<h3 class=\"wp-block-heading\" id=\"h-1-nouns-no-plurals-no-genders-no-worries\">1. Emrat: Pa shum\u00ebs, pa gjini, pa shqet\u00ebsime!<\/h3>\n\n\n\n<p>Bukuria e gramatik\u00ebs tajlandeze q\u00ebndron n\u00eb thjesht\u00ebsin\u00eb e saj n\u00eb lidhje me emrat. Emrat tajlandez\u00eb nuk kan\u00eb forma gjinore ose shum\u00ebs, duke i b\u00ebr\u00eb ato t\u00eb lehta p\u00ebr t&#8217;u p\u00ebrdorur dhe kuptuar. P\u00ebr t\u00eb treguar shum\u00ebsin\u00eb, thjesht shtoni nj\u00eb fjal\u00eb sasie si &#8220;shum\u00eb&#8221; (\u0e21\u0e32\u0e01, m\u00e2ak) ose &#8220;disa&#8221; (\u0e1a\u0e49\u0e32\u0e07, b\u00e2ang) ose p\u00ebrs\u00ebritni emrin p\u00ebr t\u00eb theksuar kuptimin shum\u00ebs.<\/p>\n\n\n\n<h3 class=\"wp-block-heading\" id=\"h-2-pronouns-choose-wisely-based-on-politeness\">2. P\u00ebremrat: Zgjidhni me men\u00e7uri bazuar n\u00eb mir\u00ebsjellje<\/h3>\n\n\n\n<p>Zgjedhja e p\u00ebremrit t\u00eb duhur \u00ebsht\u00eb thelb\u00ebsore n\u00eb gramatik\u00ebn tajlandeze p\u00ebr t\u00eb treguar respekt dhe p\u00ebrul\u00ebsi. P\u00ebremrat tajlandez\u00eb ndryshojn\u00eb n\u00eb baz\u00eb t\u00eb gjinis\u00eb, mosh\u00ebs dhe marr\u00ebdh\u00ebnies s\u00eb fol\u00ebsit dhe d\u00ebgjuesit. P\u00ebr shembull, &#8220;\u0e09\u0e31\u0e19&#8221; (ch\u0103n) \u00ebsht\u00eb nj\u00eb p\u00ebrem\u00ebr i zakonsh\u00ebm joformal n\u00eb vet\u00ebn e par\u00eb, nd\u00ebrsa &#8220;\u0e1c\u0e21&#8221; (p\u014fm) p\u00ebrdoret shpesh nga burrat n\u00eb situata m\u00eb formale.<\/p>\n\n\n\n<p>P\u00ebr t\u00eb gabuar n\u00eb an\u00ebn e mir\u00ebsjelljes, p\u00ebrdorni &#8220;\u0e04\u0e38\u0e13&#8221; (kun) p\u00ebr &#8220;ti&#8221; dhe &#8220;\u0e40\u0e02\u0e32&#8221; (k\u0103o) p\u00ebr &#8220;ai\/ajo\/ata&#8221;.<\/p>\n\n\n\n<h3 class=\"wp-block-heading\" id=\"h-3-verbs-no-conjugation-or-tenses-only-particles\">3. Foljet: Pa konjugim ose koh\u00eb, vet\u00ebm grimca<\/h3>\n\n\n\n<p>N\u00eb gramatik\u00ebn tajlandeze, foljet mbeten t\u00eb pandryshuara pavar\u00ebsisht nga koha, humori ose subjekti. N\u00eb vend t\u00eb k\u00ebsaj, tajlandishtja mb\u00ebshtetet n\u00eb fjal\u00eb t\u00eb thjeshta t\u00eb njohura si grimca p\u00ebr t\u00eb treguar koh\u00ebn ose q\u00ebndrimin e fjalis\u00eb. K\u00ebto grimca vendosen n\u00eb fund t\u00eb fjalis\u00eb.<\/p>\n\n\n\n<p>P\u00ebr shembull, grimca &#8220;\u0e41\u0e25\u0e49\u0e27&#8221; (l\u00e1ew) tregon koh\u00ebn e kaluar ose veprimin e p\u00ebrfunduar, dhe &#8220;\u0e01\u0e4d\u0e32\u0e25\u0e31\u0e07&#8221; (gam-lang) p\u00ebrdoret p\u00ebr veprimet n\u00eb vazhdim. Prandaj, &#8220;\u0e40\u0e02\u0e32\u0e01\u0e34\u0e19&#8221; (k\u0103o gin) do t\u00eb thot\u00eb &#8220;ai\/ajo ha&#8221;, nd\u00ebrsa &#8220;\u0e40\u0e02\u0e32\u0e01\u0e34\u0e19\u0e41\u0e25\u0e49\u0e27&#8221; (k\u0103o gin l\u00e1ew) do t\u00eb thot\u00eb &#8220;ai\/ajo h\u00ebngri&#8221;.<\/p>\n\n\n\n<h3 class=\"wp-block-heading\" id=\"h-4-sentence-structure-clear-and-straightforward\">4. Struktura e fjalis\u00eb: e qart\u00eb dhe e drejtp\u00ebrdrejt\u00eb<\/h3>\n\n\n\n<p>Gramatika tajlandeze ndjek nj\u00eb struktur\u00eb fjalie Subjekt-Folje-Objekt (SVO), e ngjashme me anglishten, e cila thjeshton t\u00eb kuptuarit p\u00ebr anglishtfol\u00ebsit. Rregulli kryesor \u00ebsht\u00eb q\u00eb mbiemrat, ndajfoljet dhe fjal\u00ebt e tjera p\u00ebrshkruese ndjekin emrin ose foljen q\u00eb p\u00ebrshkruajn\u00eb.<\/p>\n\n\n\n<p>P\u00ebr shembull, &#8220;\u0e1c\u0e21\u0e0a\u0e2d\u0e1a\u0e2b\u0e19\u0e31\u0e07\u0e2a\u0e37\u0e2d\u0e19\u0e35\u0e49&#8221; (p\u014fm ch\u00e2wp n\u0103ng s\u011bu n\u00e9e) p\u00ebrkthehet n\u00eb &#8220;Un\u00eb (subjekt) p\u00eblqen (folje) ky lib\u00ebr (objekt)&#8221;.<\/p>\n\n\n\n<h3 class=\"wp-block-heading\" id=\"h-5-immerse-yourself-in-thai-practice-makes-perfect\">5. Zhytuni n\u00eb tajlandisht: Praktika e b\u00ebn t\u00eb p\u00ebrsosur<\/h3>\n\n\n\n<p>T\u00eb kuptuarit dhe zot\u00ebrimi i gramatik\u00ebs tajlandeze fillimisht mund t\u00eb duket sfidues, por \u00e7el\u00ebsi \u00ebsht\u00eb k\u00ebmb\u00ebngulja dhe praktika e q\u00ebndrueshme. Angazhoni t\u00eb gjitha shqisat tuaja duke u zhytur n\u00eb gjuh\u00eb, duke lexuar, shkruar, d\u00ebgjuar dhe biseduar me fol\u00ebsit amtare. Sa m\u00eb shum\u00eb ekspozim t\u00eb keni ndaj gramatik\u00ebs tajlandeze, aq m\u00eb shum\u00eb k\u00ebto koncepte ekzotike do t\u00eb ndihen t\u00eb njohura dhe t\u00eb rehatshme.<\/p>\n\n\n\n<p>Pra, a jeni gati t\u00eb zhyteni n\u00eb bot\u00ebn magjeps\u00ebse t\u00eb gramatik\u00ebs tajlandeze? P\u00ebrqafoni sfid\u00ebn dhe karakteristikat unike t\u00eb gramatik\u00ebs tajlandeze dhe, me koh\u00eb, p\u00ebrkushtim dhe ndjenj\u00eb aventure, mund t\u00eb zhbllokoni bukurin\u00eb magjeps\u00ebse t\u00eb gjuh\u00ebs tajlandeze.<\/p>\n<\/div><\/div>\n\r\n<section class=\"learnNavigationSection\">\r\n            \r\n        <a href=\"https:\/\/talkpal.ai\/sq\/meso-thai\/\">\r\n            <div class=\"learnNavigationWrapper\">\r\n                <div class=\"learnNavigationContent\">\r\n                    <img decoding=\"async\" src=\"https:\/\/talkpal.ai\/wp-content\/uploads\/2024\/08\/Thai.jpg\" alt=\"Thai Flag\">\r\n                    <div>\r\n                        <h4>Rreth m\u00ebsimit tajlandez<\/h4>\r\n                        <p>M\u00ebsoni gjith\u00e7ka rreth gramatik\u00ebs tajlandeze.<\/p>\r\n                    <\/div>\r\n                <\/div>\r\n            <\/div>\r\n        <\/a>\r\n\r\n        \r\n        <a href=\"https:\/\/talkpal.ai\/sq\/ushtrimet-e-gramatikes-tajlandeze\/\">\r\n            <div class=\"learnNavigationWrapper\">\r\n                <div class=\"learnNavigationContent\">\r\n                    <img decoding=\"async\" src=\"https:\/\/talkpal.ai\/wp-content\/uploads\/2024\/08\/Thai.jpg\" alt=\"Thai Flag\">\r\n                    <div>\r\n                        <h4>Ushtrimi i gramatik\u00ebs tajlandeze<\/h4>\r\n                        <p>Praktikoni gramatik\u00ebn tajlandeze.<\/p>\r\n                    <\/div>\r\n                <\/div>\r\n            <\/div>\r\n        <\/a>\r\n\r\n        \r\n        <a href=\"https:\/\/talkpal.ai\/vocabulary_language\/thai\/\">\r\n            <div class=\"learnNavigationWrapper\">\r\n                <div class=\"learnNavigationContent\">\r\n                    <img decoding=\"async\" src=\"https:\/\/talkpal.ai\/wp-content\/uploads\/2024\/08\/Thai.jpg\" alt=\"Thai Flag\">\r\n                    <div>\r\n                        <h4>Fjalori tajlandez<\/h4>\r\n                        <p>Zgjeroni fjalorin tuaj tajlandez.<\/p>\r\n                    <\/div>\r\n                <\/div>\r\n            <\/div>\r\n        <\/a>\r\n\r\n            <\/section>","protected":false},"excerpt":{"rendered":"<p>Gramatika tajlandeze: Eksplorimi i nj\u00eb bote unike gjuh\u00ebsore Gramatika tajlandeze \u2013 n\u00eb dukje enigmatike, ekzotike dhe magjeps\u00ebse. Nd\u00ebrsa niseni udh\u00ebtimin tuaj p\u00ebr t\u00eb m\u00ebsuar gjuh\u00ebn tajlandeze, mund ta gjeni veten t\u00eb magjepsur papritur nga gramatika e saj. Mos kini frik\u00eb, shok\u00ebt e mi eksplorues gjuh\u00ebsor\u00eb Ne jemi k\u00ebtu p\u00ebr t\u00eb ofruar udh\u00ebzime dhe mb\u00ebshtetje n\u00eb [&hellip;]<\/p>\n","protected":false},"author":1,"featured_media":1442748,"parent":0,"menu_order":0,"comment_status":"closed","ping_status":"closed","template":"LearningContentPage.php","meta":{"_acf_changed":false,"footnotes":""},"class_list":["post-1445531","page","type-page","status-publish","has-post-thumbnail","hentry"],"acf":[],"yoast_head":"<!-- This site is optimized with the Yoast SEO Premium plugin v27.2 (Yoast SEO v27.2) - https:\/\/yoast.com\/product\/yoast-seo-premium-wordpress\/ -->\n<title>Gramatika tajlandeze - Talkpal<\/title>\n<meta name=\"description\" content=\"Eksploroni bot\u00ebn magjeps\u00ebse t\u00eb gramatik\u00ebs tajlandeze. Zbuloni thjesht\u00ebsin\u00eb dhe ve\u00e7orit\u00eb unike q\u00eb e b\u00ebjn\u00eb m\u00ebsimin t\u00eb k\u00ebndsh\u00ebm.\" \/>\n<meta name=\"robots\" content=\"index, follow, max-snippet:-1, max-image-preview:large, max-video-preview:-1\" \/>\n<link rel=\"canonical\" href=\"https:\/\/talkpal.ai\/sq\/gramatika-tajlandeze\/\" \/>\n<meta property=\"og:locale\" content=\"sq_AL\" \/>\n<meta property=\"og:type\" content=\"article\" \/>\n<meta property=\"og:title\" content=\"Gramatika tajlandeze\" \/>\n<meta property=\"og:description\" content=\"Gramatika tajlandeze: Eksplorimi i nj\u00eb bote unike gjuh\u00ebsore Gramatika tajlandeze \u2013 n\u00eb dukje enigmatike, ekzotike dhe magjeps\u00ebse. Nd\u00ebrsa niseni udh\u00ebtimin\" \/>\n<meta property=\"og:url\" content=\"https:\/\/talkpal.ai\/sq\/gramatika-tajlandeze\/\" \/>\n<meta property=\"og:site_name\" content=\"Talkpal\" \/>\n<meta property=\"article:publisher\" content=\"https:\/\/www.facebook.com\/profile.php?id=100090733639311\" \/>\n<meta property=\"article:modified_time\" content=\"2025-12-13T15:49:31+00:00\" \/>\n<meta property=\"og:image\" content=\"https:\/\/talkpal.ai\/wp-content\/uploads\/2023\/05\/thailand.png\" \/>\n\t<meta property=\"og:image:width\" content=\"512\" \/>\n\t<meta property=\"og:image:height\" content=\"512\" \/>\n\t<meta property=\"og:image:type\" content=\"image\/png\" \/>\n<meta name=\"twitter:card\" content=\"summary_large_image\" \/>\n<meta name=\"twitter:site\" content=\"@talkpalai\" \/>\n<meta name=\"twitter:label1\" content=\"Est. reading time\" \/>\n\t<meta name=\"twitter:data1\" content=\"3 minutes\" \/>\n<script type=\"application\/ld+json\" class=\"yoast-schema-graph\">{\"@context\":\"https:\/\/schema.org\",\"@graph\":[{\"@type\":\"WebPage\",\"@id\":\"https:\/\/talkpal.ai\/sq\/gramatika-tajlandeze\/\",\"url\":\"https:\/\/talkpal.ai\/sq\/gramatika-tajlandeze\/\",\"name\":\"Gramatika tajlandeze - Talkpal\",\"isPartOf\":{\"@id\":\"https:\/\/talkpal.ai\/sq\/#website\"},\"primaryImageOfPage\":{\"@id\":\"https:\/\/talkpal.ai\/sq\/gramatika-tajlandeze\/#primaryimage\"},\"image\":{\"@id\":\"https:\/\/talkpal.ai\/sq\/gramatika-tajlandeze\/#primaryimage\"},\"thumbnailUrl\":\"https:\/\/talkpal.ai\/wp-content\/uploads\/2023\/05\/thailand.png\",\"datePublished\":\"2023-05-14T14:24:42+00:00\",\"dateModified\":\"2025-12-13T15:49:31+00:00\",\"description\":\"Eksploroni bot\u00ebn magjeps\u00ebse t\u00eb gramatik\u00ebs tajlandeze. Zbuloni thjesht\u00ebsin\u00eb dhe ve\u00e7orit\u00eb unike q\u00eb e b\u00ebjn\u00eb m\u00ebsimin t\u00eb k\u00ebndsh\u00ebm.\",\"breadcrumb\":{\"@id\":\"https:\/\/talkpal.ai\/sq\/gramatika-tajlandeze\/#breadcrumb\"},\"inLanguage\":\"sq-AL\",\"potentialAction\":[{\"@type\":\"ReadAction\",\"target\":[\"https:\/\/talkpal.ai\/sq\/gramatika-tajlandeze\/\"]}]},{\"@type\":\"ImageObject\",\"inLanguage\":\"sq-AL\",\"@id\":\"https:\/\/talkpal.ai\/sq\/gramatika-tajlandeze\/#primaryimage\",\"url\":\"https:\/\/talkpal.ai\/wp-content\/uploads\/2023\/05\/thailand.png\",\"contentUrl\":\"https:\/\/talkpal.ai\/wp-content\/uploads\/2023\/05\/thailand.png\",\"width\":512,\"height\":512,\"caption\":\"TalkPal Thailand Flag\"},{\"@type\":\"BreadcrumbList\",\"@id\":\"https:\/\/talkpal.ai\/sq\/gramatika-tajlandeze\/#breadcrumb\",\"itemListElement\":[{\"@type\":\"ListItem\",\"position\":1,\"name\":\"Homepage\",\"item\":\"https:\/\/talkpal.ai\/sq\/\"},{\"@type\":\"ListItem\",\"position\":2,\"name\":\"Gramatika tajlandeze\"}]},{\"@type\":\"WebSite\",\"@id\":\"https:\/\/talkpal.ai\/sq\/#website\",\"url\":\"https:\/\/talkpal.ai\/sq\/\",\"name\":\"Talkpal\",\"description\":\"AI Language Learning\",\"publisher\":{\"@id\":\"https:\/\/talkpal.ai\/sq\/#organization\"},\"alternateName\":\"Talkpal AI\",\"potentialAction\":[{\"@type\":\"SearchAction\",\"target\":{\"@type\":\"EntryPoint\",\"urlTemplate\":\"https:\/\/talkpal.ai\/sq\/?s={search_term_string}\"},\"query-input\":{\"@type\":\"PropertyValueSpecification\",\"valueRequired\":true,\"valueName\":\"search_term_string\"}}],\"inLanguage\":\"sq-AL\"},{\"@type\":\"Organization\",\"@id\":\"https:\/\/talkpal.ai\/sq\/#organization\",\"name\":\"Talkpal, Inc.\",\"alternateName\":\"Talkpal AI\",\"url\":\"https:\/\/talkpal.ai\/sq\/\",\"logo\":{\"@type\":\"ImageObject\",\"inLanguage\":\"sq-AL\",\"@id\":\"https:\/\/talkpal.ai\/sq\/#\/schema\/logo\/image\/\",\"url\":\"https:\/\/talkpal.ai\/wp-content\/uploads\/2024\/03\/Talkpal-Logo-Icon.png\",\"contentUrl\":\"https:\/\/talkpal.ai\/wp-content\/uploads\/2024\/03\/Talkpal-Logo-Icon.png\",\"width\":2880,\"height\":2880,\"caption\":\"Talkpal, Inc.\"},\"image\":{\"@id\":\"https:\/\/talkpal.ai\/sq\/#\/schema\/logo\/image\/\"},\"sameAs\":[\"https:\/\/www.facebook.com\/profile.php?id=100090733639311\",\"https:\/\/x.com\/talkpalai\",\"https:\/\/www.linkedin.com\/company\/talkpal\/\",\"https:\/\/www.youtube.com\/@TalkPal\/\",\"https:\/\/www.tiktok.com\/@talkpal\",\"https:\/\/www.instagram.com\/talkpal_ai\/\",\"https:\/\/www.crunchbase.com\/organization\/talkpal-9cde\",\"https:\/\/www.g2.com\/products\/talkpal-for-business\/\",\"https:\/\/www.trustpilot.com\/review\/talkpal.ai\",\"https:\/\/www.capterra.com\/p\/10006800\/TalkPal\/\"],\"description\":\"Talkpal is a language learning web and mobile education app, powered by the latest AI technologies, that provides engaging experiences to its customers in many different languages to help them improve their language skills. Users can chat about unlimited amount of topics with the app and use other modes to practice their language learning.\",\"email\":\"support@talkpal.ai\",\"legalName\":\"Talkpal, Inc.\",\"foundingDate\":\"2023-04-03\",\"duns\":\"118989042\",\"numberOfEmployees\":{\"@type\":\"QuantitativeValue\",\"minValue\":\"11\",\"maxValue\":\"50\"},\"publishingPrinciples\":\"https:\/\/talkpal.ai\/publishing-principles\/\",\"actionableFeedbackPolicy\":\"https:\/\/talkpal.ai\/actionable-feedback-policy\/\",\"correctionsPolicy\":\"https:\/\/talkpal.ai\/corrections-policy\/\",\"ethicsPolicy\":\"https:\/\/talkpal.ai\/ethics-policy\/\",\"diversityPolicy\":\"https:\/\/talkpal.ai\/diversity-policy\/\",\"diversityStaffingReport\":\"https:\/\/talkpal.ai\/diversity-policy\/\"}]}<\/script>\n<!-- \/ Yoast SEO Premium plugin. -->","yoast_head_json":{"title":"Gramatika tajlandeze - Talkpal","description":"Eksploroni bot\u00ebn magjeps\u00ebse t\u00eb gramatik\u00ebs tajlandeze. Zbuloni thjesht\u00ebsin\u00eb dhe ve\u00e7orit\u00eb unike q\u00eb e b\u00ebjn\u00eb m\u00ebsimin t\u00eb k\u00ebndsh\u00ebm.","robots":{"index":"index","follow":"follow","max-snippet":"max-snippet:-1","max-image-preview":"max-image-preview:large","max-video-preview":"max-video-preview:-1"},"canonical":"https:\/\/talkpal.ai\/sq\/gramatika-tajlandeze\/","og_locale":"sq_AL","og_type":"article","og_title":"Gramatika tajlandeze","og_description":"Gramatika tajlandeze: Eksplorimi i nj\u00eb bote unike gjuh\u00ebsore Gramatika tajlandeze \u2013 n\u00eb dukje enigmatike, ekzotike dhe magjeps\u00ebse. Nd\u00ebrsa niseni udh\u00ebtimin","og_url":"https:\/\/talkpal.ai\/sq\/gramatika-tajlandeze\/","og_site_name":"Talkpal","article_publisher":"https:\/\/www.facebook.com\/profile.php?id=100090733639311","article_modified_time":"2025-12-13T15:49:31+00:00","og_image":[{"width":512,"height":512,"url":"https:\/\/talkpal.ai\/wp-content\/uploads\/2023\/05\/thailand.png","type":"image\/png"}],"twitter_card":"summary_large_image","twitter_site":"@talkpalai","twitter_misc":{"Est. reading time":"3 minutes"},"schema":{"@context":"https:\/\/schema.org","@graph":[{"@type":"WebPage","@id":"https:\/\/talkpal.ai\/sq\/gramatika-tajlandeze\/","url":"https:\/\/talkpal.ai\/sq\/gramatika-tajlandeze\/","name":"Gramatika tajlandeze - Talkpal","isPartOf":{"@id":"https:\/\/talkpal.ai\/sq\/#website"},"primaryImageOfPage":{"@id":"https:\/\/talkpal.ai\/sq\/gramatika-tajlandeze\/#primaryimage"},"image":{"@id":"https:\/\/talkpal.ai\/sq\/gramatika-tajlandeze\/#primaryimage"},"thumbnailUrl":"https:\/\/talkpal.ai\/wp-content\/uploads\/2023\/05\/thailand.png","datePublished":"2023-05-14T14:24:42+00:00","dateModified":"2025-12-13T15:49:31+00:00","description":"Eksploroni bot\u00ebn magjeps\u00ebse t\u00eb gramatik\u00ebs tajlandeze. Zbuloni thjesht\u00ebsin\u00eb dhe ve\u00e7orit\u00eb unike q\u00eb e b\u00ebjn\u00eb m\u00ebsimin t\u00eb k\u00ebndsh\u00ebm.","breadcrumb":{"@id":"https:\/\/talkpal.ai\/sq\/gramatika-tajlandeze\/#breadcrumb"},"inLanguage":"sq-AL","potentialAction":[{"@type":"ReadAction","target":["https:\/\/talkpal.ai\/sq\/gramatika-tajlandeze\/"]}]},{"@type":"ImageObject","inLanguage":"sq-AL","@id":"https:\/\/talkpal.ai\/sq\/gramatika-tajlandeze\/#primaryimage","url":"https:\/\/talkpal.ai\/wp-content\/uploads\/2023\/05\/thailand.png","contentUrl":"https:\/\/talkpal.ai\/wp-content\/uploads\/2023\/05\/thailand.png","width":512,"height":512,"caption":"TalkPal Thailand Flag"},{"@type":"BreadcrumbList","@id":"https:\/\/talkpal.ai\/sq\/gramatika-tajlandeze\/#breadcrumb","itemListElement":[{"@type":"ListItem","position":1,"name":"Homepage","item":"https:\/\/talkpal.ai\/sq\/"},{"@type":"ListItem","position":2,"name":"Gramatika tajlandeze"}]},{"@type":"WebSite","@id":"https:\/\/talkpal.ai\/sq\/#website","url":"https:\/\/talkpal.ai\/sq\/","name":"Talkpal","description":"AI Language Learning","publisher":{"@id":"https:\/\/talkpal.ai\/sq\/#organization"},"alternateName":"Talkpal AI","potentialAction":[{"@type":"SearchAction","target":{"@type":"EntryPoint","urlTemplate":"https:\/\/talkpal.ai\/sq\/?s={search_term_string}"},"query-input":{"@type":"PropertyValueSpecification","valueRequired":true,"valueName":"search_term_string"}}],"inLanguage":"sq-AL"},{"@type":"Organization","@id":"https:\/\/talkpal.ai\/sq\/#organization","name":"Talkpal, Inc.","alternateName":"Talkpal AI","url":"https:\/\/talkpal.ai\/sq\/","logo":{"@type":"ImageObject","inLanguage":"sq-AL","@id":"https:\/\/talkpal.ai\/sq\/#\/schema\/logo\/image\/","url":"https:\/\/talkpal.ai\/wp-content\/uploads\/2024\/03\/Talkpal-Logo-Icon.png","contentUrl":"https:\/\/talkpal.ai\/wp-content\/uploads\/2024\/03\/Talkpal-Logo-Icon.png","width":2880,"height":2880,"caption":"Talkpal, Inc."},"image":{"@id":"https:\/\/talkpal.ai\/sq\/#\/schema\/logo\/image\/"},"sameAs":["https:\/\/www.facebook.com\/profile.php?id=100090733639311","https:\/\/x.com\/talkpalai","https:\/\/www.linkedin.com\/company\/talkpal\/","https:\/\/www.youtube.com\/@TalkPal\/","https:\/\/www.tiktok.com\/@talkpal","https:\/\/www.instagram.com\/talkpal_ai\/","https:\/\/www.crunchbase.com\/organization\/talkpal-9cde","https:\/\/www.g2.com\/products\/talkpal-for-business\/","https:\/\/www.trustpilot.com\/review\/talkpal.ai","https:\/\/www.capterra.com\/p\/10006800\/TalkPal\/"],"description":"Talkpal is a language learning web and mobile education app, powered by the latest AI technologies, that provides engaging experiences to its customers in many different languages to help them improve their language skills. Users can chat about unlimited amount of topics with the app and use other modes to practice their language learning.","email":"support@talkpal.ai","legalName":"Talkpal, Inc.","foundingDate":"2023-04-03","duns":"118989042","numberOfEmployees":{"@type":"QuantitativeValue","minValue":"11","maxValue":"50"},"publishingPrinciples":"https:\/\/talkpal.ai\/publishing-principles\/","actionableFeedbackPolicy":"https:\/\/talkpal.ai\/actionable-feedback-policy\/","correctionsPolicy":"https:\/\/talkpal.ai\/corrections-policy\/","ethicsPolicy":"https:\/\/talkpal.ai\/ethics-policy\/","diversityPolicy":"https:\/\/talkpal.ai\/diversity-policy\/","diversityStaffingReport":"https:\/\/talkpal.ai\/diversity-policy\/"}]}},"_links":{"self":[{"href":"https:\/\/talkpal.ai\/sq\/wp-json\/wp\/v2\/pages\/1445531","targetHints":{"allow":["GET"]}}],"collection":[{"href":"https:\/\/talkpal.ai\/sq\/wp-json\/wp\/v2\/pages"}],"about":[{"href":"https:\/\/talkpal.ai\/sq\/wp-json\/wp\/v2\/types\/page"}],"author":[{"embeddable":true,"href":"https:\/\/talkpal.ai\/sq\/wp-json\/wp\/v2\/users\/1"}],"replies":[{"embeddable":true,"href":"https:\/\/talkpal.ai\/sq\/wp-json\/wp\/v2\/comments?post=1445531"}],"version-history":[{"count":0,"href":"https:\/\/talkpal.ai\/sq\/wp-json\/wp\/v2\/pages\/1445531\/revisions"}],"wp:featuredmedia":[{"embeddable":true,"href":"https:\/\/talkpal.ai\/sq\/wp-json\/wp\/v2\/media\/1442748"}],"wp:attachment":[{"href":"https:\/\/talkpal.ai\/sq\/wp-json\/wp\/v2\/media?parent=1445531"}],"curies":[{"name":"wp","href":"https:\/\/api.w.org\/{rel}","templated":true}]}}