{"id":1445526,"date":"2023-05-14T14:22:39","date_gmt":"2023-05-14T14:22:39","guid":{"rendered":"https:\/\/talkpal.ai\/gramatika-urdu\/"},"modified":"2025-12-11T16:27:40","modified_gmt":"2025-12-11T16:27:40","slug":"gramatika-urdu","status":"publish","type":"page","link":"https:\/\/talkpal.ai\/sq\/gramatika-urdu\/","title":{"rendered":"Gramatika Urdu"},"content":{"rendered":"\r\n\r\n\r\n<section class=\"languageChallengeSection\">\r\n    <div class=\"languageInfoWrapper\">\r\n        \r\n        <h1>Gramatika Urdu<\/h1>\r\n        <p>Jeni t\u00eb interesuar t\u00eb m\u00ebsoni <a href=\"https:\/\/talkpal.ai\/learn-urdu\/\">Urdu<\/a>? Zhytuni n\u00eb gramatik\u00ebn Urdu, ku shkrimi elegant, emrat gjinor dhe format shpreh\u00ebse t\u00eb foljeve krijojn\u00eb nj\u00eb gjuh\u00eb poetike dhe praktike. Filloni udh\u00ebtimin tuaj n\u00eb Urdu sot &#8211; zot\u00ebrimi i gramatik\u00ebs s\u00eb saj do t\u00eb hap\u00eb rrug\u00eb t\u00eb reja p\u00ebr komunikim dhe do t&#039;ju lidh\u00eb thell\u00ebsisht me traditat e pasura letrare dhe kulturore t\u00eb Azis\u00eb Jugore!<\/p>\r\n\r\n                            <a class=\"getStartedHidden\" href=\"https:\/\/app.talkpal.ai\/signup?lng=\">Filloni<\/a>\r\n        \r\n    <\/div>\r\n\r\n    <figure>\r\n    <img decoding=\"async\" width=\"768\" height=\"768\" src=\"https:\/\/talkpal.ai\/wp-content\/uploads\/2023\/06\/urdu-768x768.png\" class=\"languageImage no-lazy\" alt=\"Language learning for global understanding\" fetchpriority=\"high\" sizes=\"(max-width: 768px) 150px, 768px\" srcset=\"https:\/\/talkpal.ai\/wp-content\/uploads\/2023\/06\/urdu-768x768.png 768w, https:\/\/talkpal.ai\/wp-content\/uploads\/2023\/06\/urdu-300x300.png 300w\" \/>\r\n    \r\n\r\n    <\/figure>\r\n\r\n            <a class=\"getStartedVisible\" href=\"https:\/\/app.talkpal.ai\/signup?lng=\">Filloni<\/a>\r\n    \r\n<\/section>\r\n<section class=\"promotionalBanner\">\r\n    <p class=\"promotionalText\">M\u00ebnyra m\u00eb efikase p\u00ebr t\u00eb m\u00ebsuar nj\u00eb gjuh\u00eb<\/p>\r\n    <a class=\"promotionalLink\" href=\"https:\/\/app.talkpal.ai\/signup?lng=\">Provoni Talkpal falas<\/a>\r\n<\/section>\n<div class=\"wp-block-group pageContainerStyle\"><div class=\"wp-block-group__inner-container is-layout-constrained wp-block-group-is-layout-constrained\">\n<h2 class=\"wp-block-heading\" id=\"h-urdu-grammar-exploring-the-beauty-and-intricacies-of-the-indo-aryan-language\">Gramatika Urdu: Eksplorimi i bukuris\u00eb dhe nd\u00ebrlikimeve t\u00eb gjuh\u00ebs indo-ariane<\/h2>\n\n\n\n<p><a href=\"https:\/\/talkpal.ai\/talkpal-discount-for-language-enthusiasts\/\">Entuziast\u00eb t\u00eb gjuh\u00ebs<\/a> dhe nx\u00ebn\u00ebs kureshtar\u00eb, a jeni gati t\u00eb zhyteni n\u00eb bot\u00ebn magjeps\u00ebse t\u00eb gramatik\u00ebs Urdu? Urdu, nj\u00eb gjuh\u00eb indo-ariane, \u00ebsht\u00eb gjuha komb\u00ebtare e Pakistanit dhe nj\u00eb nga gjuh\u00ebt zyrtare t\u00eb Indis\u00eb. Me af\u00ebrsisht 70 milion\u00eb fol\u00ebs n\u00eb mbar\u00eb bot\u00ebn, Urdu nuk \u00ebsht\u00eb vet\u00ebm nj\u00eb gjuh\u00eb e pasur dhe ekspresive, por edhe nj\u00eb ur\u00eb drejt nj\u00eb kulture dhe historie t\u00eb gjall\u00eb. N\u00eb k\u00ebt\u00eb artikull, ne do t\u00eb thellohemi n\u00eb aspektet unike t\u00eb gramatik\u00ebs Urdu dhe do t\u00eb zbulojm\u00eb se \u00e7far\u00eb e dallon at\u00eb nga gjuh\u00ebt e tjera.<\/p>\n\n\n\n<h3 class=\"wp-block-heading\" id=\"h-script-and-pronunciation-the-elegant-nastaliq\">Shkrimi dhe shqiptimi: Nastaliqi elegant<\/h3>\n\n\n\n<p>Shkrimi Urdu bazohet n\u00eb stilin persiano-arab Nastaliq, i cili shkruhet dhe lexohet nga e djathta n\u00eb t\u00eb majt\u00eb. Duke p\u00ebrb\u00ebr\u00eb 38 shkronja me shenja shtes\u00eb diakritike p\u00ebr zanoret dhe shqiptimin, shkrimi Nastaliq \u00ebsht\u00eb elegant dhe fluid. M\u00ebsimi i shkrimit dhe zot\u00ebrimi i shqiptimit t\u00eb tingujve urdu do t\u00eb jet\u00eb hapi juaj i par\u00eb drejt t\u00eb kuptuarit t\u00eb gramatik\u00ebs s\u00eb gjuh\u00ebs.<\/p>\n\n\n\n<h3 class=\"wp-block-heading\" id=\"h-nouns-and-pronouns-exploring-gender-number-and-case\">Emrat dhe p\u00ebremrat: Eksplorimi i gjinis\u00eb, numrit dhe rastit<\/h3>\n\n\n\n<p>Emrat urdu klasifikohen sipas gjinis\u00eb (mashkullore ose fem\u00ebrore), numrit (nj\u00ebj\u00ebs ose shum\u00ebs) dhe rastit (i drejtp\u00ebrdrejt\u00eb ose i zhdrejt\u00eb). Gjuha nuk ka artikuj (si &#8216;a&#8217; ose &#8216;the&#8217;), p\u00ebrkundrazi mb\u00ebshtetet n\u00eb kontekst p\u00ebr t\u00eb p\u00ebrcjell\u00eb p\u00ebrcaktueshm\u00ebrin\u00eb. P\u00ebremrat urdu ndjekin gjithashtu dallimet e gjinis\u00eb, numrit dhe rasteve dhe kan\u00eb forma t\u00eb ndryshme t\u00eb mir\u00ebsjelljes dhe familjaritetit.<\/p>\n\n\n\n<h3 class=\"wp-block-heading\" id=\"h-postpositions-and-cases-urdu-s-unique-approach-to-indicating-relationships\">Postpozicionet dhe rastet: Qasja unike e Urdu p\u00ebr t\u00eb treguar marr\u00ebdh\u00ebniet<\/h3>\n\n\n\n<p>N\u00eb vend t\u00eb parafjal\u00ebve, Urdu p\u00ebrdor postpositione \u2013 fjal\u00eb q\u00eb vijn\u00eb pas emrave q\u00eb ata qeverisin. Kjo ve\u00e7ori e ve\u00e7ant\u00eb mund t\u00eb shihet n\u00eb t\u00eb gjith\u00eb gjuh\u00ebn dhe ndikon ndjesh\u00ebm n\u00eb sh\u00ebnimet e rasteve. Dy rastet e Urdu, direkte dhe t\u00eb zhdrejt\u00eb, p\u00ebrdoren n\u00eb kombinim me postpozicionet p\u00ebr t\u00eb treguar marr\u00ebdh\u00ebniet midis fjal\u00ebve.<\/p>\n\n\n\n<h3 class=\"wp-block-heading\" id=\"h-harnessing-the-power-of-verbs-tense-aspect-and-moods\">Shfryt\u00ebzimi i fuqis\u00eb s\u00eb foljeve: koha, aspekti dhe humori<\/h3>\n\n\n\n<p>Foljet urdu jan\u00eb magjeps\u00ebse me gam\u00ebn e <a href=\"https:\/\/talkpal.ai\/locations\/language-courses-in-tyre\/\">tyre<\/a> t\u00eb larmishme t\u00eb koh\u00ebve (e kaluara, e tashmja dhe e ardhmja), aspektet (perfekte, joperfeksive dhe e zakonshme) dhe humori (tregues, <a href=\"https:\/\/talkpal.ai\/ja\/grammar_exercises\/imperatif-%e3%83%95%e3%83%a9%e3%83%b3%e3%82%b9%e3%81%ae%e6%96%87%e6%b3%95%e3%81%ae%e3%81%9f%e3%82%81%e3%81%ae%e6%bc%94%e7%bf%92\/\">imperativ<\/a> dhe n\u00ebnlidh\u00ebs). Gjuha gjithashtu p\u00ebrdor gjer\u00ebsisht foljet ndihm\u00ebse p\u00ebr t\u00eb formuar koh\u00eb t\u00eb p\u00ebrb\u00ebra, duke shprehur nuanca n\u00eb koh\u00eb dhe p\u00ebrfundimin e veprimeve.<\/p>\n\n\n\n<p>Foljet gjithashtu pajtohen me subjektet e tyre p\u00ebr sa i p\u00ebrket gjinis\u00eb dhe numrit, gj\u00eb q\u00eb shton m\u00eb tej shtresa kompleksiteti dhe pasurie n\u00eb gramatik\u00ebn Urdu.<\/p>\n\n\n\n<h3 class=\"wp-block-heading\" id=\"h-adjectives-adverbs-and-more-adding-color-to-your-language\">Mbiemra, ndajfolje dhe m\u00eb shum\u00eb: Shtimi i ngjyr\u00ebs n\u00eb gjuh\u00ebn tuaj<\/h3>\n\n\n\n<p>Mbiemrat urdu zakonisht ndjekin emrat q\u00eb modifikojn\u00eb dhe pajtohen me ta p\u00ebr sa i p\u00ebrket gjinis\u00eb dhe numrit. Mbiemrat mund t\u00eb intensifikohen duke p\u00ebrdorur krahasime dhe superlative, duke i shtuar thell\u00ebsi p\u00ebrshkrimeve. Ndajfoljet urdu, q\u00eb rrjedhin nga mbiemrat ose ekzistojn\u00eb n\u00eb m\u00ebnyr\u00eb t\u00eb pavarur, luajn\u00eb gjithashtu nj\u00eb rol jetik n\u00eb gjuh\u00eb, duke ofruar informacion p\u00ebr koh\u00ebn, m\u00ebnyr\u00ebn, vendin dhe shkall\u00ebn.<\/p>\n\n\n\n<p><a href=\"https:\/\/talkpal.ai\/sq\/gramatika\/\">Gramatika<\/a> Urdu krenohet me nj\u00eb boll\u00ebk lidhjesh, nd\u00ebrhyrjesh, grimcash dhe m\u00eb shum\u00eb, duke ju ndihmuar t\u00eb nd\u00ebrtoni fjali t\u00eb pasura, kuptimplota dhe ekspresive.<\/p>\n\n\n\n<h3 class=\"wp-block-heading\" id=\"h-embracing-the-world-of-urdu-grammar\">P\u00ebrqafimi i bot\u00ebs s\u00eb gramatik\u00ebs Urdu<\/h3>\n\n\n\n<p>Gramatika Urdu mund t\u00eb duket komplekse fillimisht, por nd\u00ebrsa zhyteni n\u00eb nd\u00ebrlikimet e saj, do ta gjeni gjuh\u00ebn t\u00eb mbushur me bukuri dhe shprehje. M\u00ebsimi i Urdu jo vet\u00ebm q\u00eb do t\u00eb p\u00ebrmir\u00ebsoj\u00eb t\u00eb kuptuarit tuaj p\u00ebr familjen e gjuh\u00ebve indo-ariane, por gjithashtu do t&#8217;ju ndihmoj\u00eb t\u00eb lidheni me nj\u00eb kultur\u00eb, let\u00ebrsi dhe histori magjeps\u00ebse.<\/p>\n\n\n\n<p>Pra, pse t\u00eb mos filloni udh\u00ebtimin emocionues t\u00eb m\u00ebsimit t\u00eb gramatik\u00ebs Urdu? Me p\u00ebrkushtim dhe kuriozitet, s\u00eb shpejti mund ta gjeni veten duke biseduar me fol\u00ebsit amtare, duke shk\u00ebmbyer ide dhe histori n\u00eb k\u00ebt\u00eb gjuh\u00eb t\u00eb fuqishme. G\u00ebzuar m\u00ebsimin!<\/p>\n<\/div><\/div>\n\r\n<section class=\"learnNavigationSection\">\r\n            \r\n        <a href=\"https:\/\/talkpal.ai\/sq\/meso-urdu\/\">\r\n            <div class=\"learnNavigationWrapper\">\r\n                <div class=\"learnNavigationContent\">\r\n                    <img decoding=\"async\" src=\"https:\/\/talkpal.ai\/wp-content\/uploads\/2024\/08\/Urdu.jpg\" alt=\"Pakistani Flag\">\r\n                    <div>\r\n                        <h4>Rreth m\u00ebsimit t\u00eb Urdu<\/h4>\r\n                        <p>M\u00ebsoni gjith\u00e7ka rreth gramatik\u00ebs Urdu.<\/p>\r\n                    <\/div>\r\n                <\/div>\r\n            <\/div>\r\n        <\/a>\r\n\r\n        \r\n        <a href=\"https:\/\/talkpal.ai\/sq\/ushtrimet-e-gramatikes-urdu\/\">\r\n            <div class=\"learnNavigationWrapper\">\r\n                <div class=\"learnNavigationContent\">\r\n                    <img decoding=\"async\" src=\"https:\/\/talkpal.ai\/wp-content\/uploads\/2024\/08\/Urdu.jpg\" alt=\"Pakistani Flag\">\r\n                    <div>\r\n                        <h4>Ushtrimi i gramatik\u00ebs urdu<\/h4>\r\n                        <p>Praktikoni gramatik\u00ebn Urdu.<\/p>\r\n                    <\/div>\r\n                <\/div>\r\n            <\/div>\r\n        <\/a>\r\n\r\n        \r\n        <a href=\"https:\/\/talkpal.ai\/vocabulary_language\/urdu\/\">\r\n            <div class=\"learnNavigationWrapper\">\r\n                <div class=\"learnNavigationContent\">\r\n                    <img decoding=\"async\" src=\"https:\/\/talkpal.ai\/wp-content\/uploads\/2024\/08\/Urdu.jpg\" alt=\"Pakistani Flag\">\r\n                    <div>\r\n                        <h4>Fjalori Urdu<\/h4>\r\n                        <p>Zgjeroni fjalorin tuaj Urdu.<\/p>\r\n                    <\/div>\r\n                <\/div>\r\n            <\/div>\r\n        <\/a>\r\n\r\n            <\/section>","protected":false},"excerpt":{"rendered":"<p>Gramatika Urdu: Eksplorimi i bukuris\u00eb dhe nd\u00ebrlikimeve t\u00eb gjuh\u00ebs indo-ariane Entuziast\u00eb t\u00eb gjuh\u00ebs dhe nx\u00ebn\u00ebs kureshtar\u00eb, a jeni gati t\u00eb zhyteni n\u00eb bot\u00ebn magjeps\u00ebse t\u00eb gramatik\u00ebs Urdu? Urdu, nj\u00eb gjuh\u00eb indo-ariane, \u00ebsht\u00eb gjuha komb\u00ebtare e Pakistanit dhe nj\u00eb nga gjuh\u00ebt zyrtare t\u00eb Indis\u00eb. Me af\u00ebrsisht 70 milion\u00eb fol\u00ebs n\u00eb mbar\u00eb bot\u00ebn, Urdu nuk \u00ebsht\u00eb vet\u00ebm [&hellip;]<\/p>\n","protected":false},"author":1,"featured_media":1442777,"parent":0,"menu_order":0,"comment_status":"closed","ping_status":"closed","template":"LearningContentPage.php","meta":{"_acf_changed":false,"footnotes":""},"class_list":["post-1445526","page","type-page","status-publish","has-post-thumbnail","hentry"],"acf":[],"yoast_head":"<!-- This site is optimized with the Yoast SEO Premium plugin v27.2 (Yoast SEO v27.2) - https:\/\/yoast.com\/product\/yoast-seo-premium-wordpress\/ -->\n<title>Gramatika Urdu - Talkpal<\/title>\n<meta name=\"description\" content=\"Zhbllokoni bukurin\u00eb e gramatik\u00ebs Urdu. Eksploroni aspektet e tij unike, skenarin dhe m\u00ebnyr\u00ebn se si lidhet me kultur\u00ebn dhe historin\u00eb.\" \/>\n<meta name=\"robots\" content=\"index, follow, max-snippet:-1, max-image-preview:large, max-video-preview:-1\" \/>\n<link rel=\"canonical\" href=\"https:\/\/talkpal.ai\/sq\/gramatika-urdu\/\" \/>\n<meta property=\"og:locale\" content=\"sq_AL\" \/>\n<meta property=\"og:type\" content=\"article\" \/>\n<meta property=\"og:title\" content=\"Gramatika Urdu\" \/>\n<meta property=\"og:description\" content=\"Gramatika Urdu: Eksplorimi i bukuris\u00eb dhe nd\u00ebrlikimeve t\u00eb gjuh\u00ebs indo-ariane Entuziast\u00eb t\u00eb gjuh\u00ebs dhe nx\u00ebn\u00ebs kureshtar\u00eb, a jeni gati t\u00eb zhyteni n\u00eb bot\u00ebn\" \/>\n<meta property=\"og:url\" content=\"https:\/\/talkpal.ai\/sq\/gramatika-urdu\/\" \/>\n<meta property=\"og:site_name\" content=\"Talkpal\" \/>\n<meta property=\"article:publisher\" content=\"https:\/\/www.facebook.com\/profile.php?id=100090733639311\" \/>\n<meta property=\"article:modified_time\" content=\"2025-12-11T16:27:40+00:00\" \/>\n<meta property=\"og:image\" content=\"https:\/\/talkpal.ai\/wp-content\/uploads\/2023\/05\/Urdu-pakistan.png\" \/>\n\t<meta property=\"og:image:width\" content=\"512\" \/>\n\t<meta property=\"og:image:height\" content=\"512\" \/>\n\t<meta property=\"og:image:type\" content=\"image\/png\" \/>\n<meta name=\"twitter:card\" content=\"summary_large_image\" \/>\n<meta name=\"twitter:site\" content=\"@talkpalai\" \/>\n<meta name=\"twitter:label1\" content=\"Est. reading time\" \/>\n\t<meta name=\"twitter:data1\" content=\"3 minutes\" \/>\n<script type=\"application\/ld+json\" class=\"yoast-schema-graph\">{\"@context\":\"https:\/\/schema.org\",\"@graph\":[{\"@type\":\"WebPage\",\"@id\":\"https:\/\/talkpal.ai\/sq\/gramatika-urdu\/\",\"url\":\"https:\/\/talkpal.ai\/sq\/gramatika-urdu\/\",\"name\":\"Gramatika Urdu - Talkpal\",\"isPartOf\":{\"@id\":\"https:\/\/talkpal.ai\/sq\/#website\"},\"primaryImageOfPage\":{\"@id\":\"https:\/\/talkpal.ai\/sq\/gramatika-urdu\/#primaryimage\"},\"image\":{\"@id\":\"https:\/\/talkpal.ai\/sq\/gramatika-urdu\/#primaryimage\"},\"thumbnailUrl\":\"https:\/\/talkpal.ai\/wp-content\/uploads\/2023\/05\/Urdu-pakistan.png\",\"datePublished\":\"2023-05-14T14:22:39+00:00\",\"dateModified\":\"2025-12-11T16:27:40+00:00\",\"description\":\"Zhbllokoni bukurin\u00eb e gramatik\u00ebs Urdu. Eksploroni aspektet e tij unike, skenarin dhe m\u00ebnyr\u00ebn se si lidhet me kultur\u00ebn dhe historin\u00eb.\",\"breadcrumb\":{\"@id\":\"https:\/\/talkpal.ai\/sq\/gramatika-urdu\/#breadcrumb\"},\"inLanguage\":\"sq-AL\",\"potentialAction\":[{\"@type\":\"ReadAction\",\"target\":[\"https:\/\/talkpal.ai\/sq\/gramatika-urdu\/\"]}]},{\"@type\":\"ImageObject\",\"inLanguage\":\"sq-AL\",\"@id\":\"https:\/\/talkpal.ai\/sq\/gramatika-urdu\/#primaryimage\",\"url\":\"https:\/\/talkpal.ai\/wp-content\/uploads\/2023\/05\/Urdu-pakistan.png\",\"contentUrl\":\"https:\/\/talkpal.ai\/wp-content\/uploads\/2023\/05\/Urdu-pakistan.png\",\"width\":512,\"height\":512,\"caption\":\"TalkPal Urdu -Pakistan Flag\"},{\"@type\":\"BreadcrumbList\",\"@id\":\"https:\/\/talkpal.ai\/sq\/gramatika-urdu\/#breadcrumb\",\"itemListElement\":[{\"@type\":\"ListItem\",\"position\":1,\"name\":\"Homepage\",\"item\":\"https:\/\/talkpal.ai\/sq\/\"},{\"@type\":\"ListItem\",\"position\":2,\"name\":\"Gramatika Urdu\"}]},{\"@type\":\"WebSite\",\"@id\":\"https:\/\/talkpal.ai\/sq\/#website\",\"url\":\"https:\/\/talkpal.ai\/sq\/\",\"name\":\"Talkpal\",\"description\":\"AI Language Learning\",\"publisher\":{\"@id\":\"https:\/\/talkpal.ai\/sq\/#organization\"},\"alternateName\":\"Talkpal AI\",\"potentialAction\":[{\"@type\":\"SearchAction\",\"target\":{\"@type\":\"EntryPoint\",\"urlTemplate\":\"https:\/\/talkpal.ai\/sq\/?s={search_term_string}\"},\"query-input\":{\"@type\":\"PropertyValueSpecification\",\"valueRequired\":true,\"valueName\":\"search_term_string\"}}],\"inLanguage\":\"sq-AL\"},{\"@type\":\"Organization\",\"@id\":\"https:\/\/talkpal.ai\/sq\/#organization\",\"name\":\"Talkpal, Inc.\",\"alternateName\":\"Talkpal AI\",\"url\":\"https:\/\/talkpal.ai\/sq\/\",\"logo\":{\"@type\":\"ImageObject\",\"inLanguage\":\"sq-AL\",\"@id\":\"https:\/\/talkpal.ai\/sq\/#\/schema\/logo\/image\/\",\"url\":\"https:\/\/talkpal.ai\/wp-content\/uploads\/2024\/03\/Talkpal-Logo-Icon.png\",\"contentUrl\":\"https:\/\/talkpal.ai\/wp-content\/uploads\/2024\/03\/Talkpal-Logo-Icon.png\",\"width\":2880,\"height\":2880,\"caption\":\"Talkpal, Inc.\"},\"image\":{\"@id\":\"https:\/\/talkpal.ai\/sq\/#\/schema\/logo\/image\/\"},\"sameAs\":[\"https:\/\/www.facebook.com\/profile.php?id=100090733639311\",\"https:\/\/x.com\/talkpalai\",\"https:\/\/www.linkedin.com\/company\/talkpal\/\",\"https:\/\/www.youtube.com\/@TalkPal\/\",\"https:\/\/www.tiktok.com\/@talkpal\",\"https:\/\/www.instagram.com\/talkpal_ai\/\",\"https:\/\/www.crunchbase.com\/organization\/talkpal-9cde\",\"https:\/\/www.g2.com\/products\/talkpal-for-business\/\",\"https:\/\/www.trustpilot.com\/review\/talkpal.ai\",\"https:\/\/www.capterra.com\/p\/10006800\/TalkPal\/\"],\"description\":\"Talkpal is a language learning web and mobile education app, powered by the latest AI technologies, that provides engaging experiences to its customers in many different languages to help them improve their language skills. Users can chat about unlimited amount of topics with the app and use other modes to practice their language learning.\",\"email\":\"support@talkpal.ai\",\"legalName\":\"Talkpal, Inc.\",\"foundingDate\":\"2023-04-03\",\"duns\":\"118989042\",\"numberOfEmployees\":{\"@type\":\"QuantitativeValue\",\"minValue\":\"11\",\"maxValue\":\"50\"},\"publishingPrinciples\":\"https:\/\/talkpal.ai\/publishing-principles\/\",\"actionableFeedbackPolicy\":\"https:\/\/talkpal.ai\/actionable-feedback-policy\/\",\"correctionsPolicy\":\"https:\/\/talkpal.ai\/corrections-policy\/\",\"ethicsPolicy\":\"https:\/\/talkpal.ai\/ethics-policy\/\",\"diversityPolicy\":\"https:\/\/talkpal.ai\/diversity-policy\/\",\"diversityStaffingReport\":\"https:\/\/talkpal.ai\/diversity-policy\/\"}]}<\/script>\n<!-- \/ Yoast SEO Premium plugin. -->","yoast_head_json":{"title":"Gramatika Urdu - Talkpal","description":"Zhbllokoni bukurin\u00eb e gramatik\u00ebs Urdu. Eksploroni aspektet e tij unike, skenarin dhe m\u00ebnyr\u00ebn se si lidhet me kultur\u00ebn dhe historin\u00eb.","robots":{"index":"index","follow":"follow","max-snippet":"max-snippet:-1","max-image-preview":"max-image-preview:large","max-video-preview":"max-video-preview:-1"},"canonical":"https:\/\/talkpal.ai\/sq\/gramatika-urdu\/","og_locale":"sq_AL","og_type":"article","og_title":"Gramatika Urdu","og_description":"Gramatika Urdu: Eksplorimi i bukuris\u00eb dhe nd\u00ebrlikimeve t\u00eb gjuh\u00ebs indo-ariane Entuziast\u00eb t\u00eb gjuh\u00ebs dhe nx\u00ebn\u00ebs kureshtar\u00eb, a jeni gati t\u00eb zhyteni n\u00eb bot\u00ebn","og_url":"https:\/\/talkpal.ai\/sq\/gramatika-urdu\/","og_site_name":"Talkpal","article_publisher":"https:\/\/www.facebook.com\/profile.php?id=100090733639311","article_modified_time":"2025-12-11T16:27:40+00:00","og_image":[{"width":512,"height":512,"url":"https:\/\/talkpal.ai\/wp-content\/uploads\/2023\/05\/Urdu-pakistan.png","type":"image\/png"}],"twitter_card":"summary_large_image","twitter_site":"@talkpalai","twitter_misc":{"Est. reading time":"3 minutes"},"schema":{"@context":"https:\/\/schema.org","@graph":[{"@type":"WebPage","@id":"https:\/\/talkpal.ai\/sq\/gramatika-urdu\/","url":"https:\/\/talkpal.ai\/sq\/gramatika-urdu\/","name":"Gramatika Urdu - Talkpal","isPartOf":{"@id":"https:\/\/talkpal.ai\/sq\/#website"},"primaryImageOfPage":{"@id":"https:\/\/talkpal.ai\/sq\/gramatika-urdu\/#primaryimage"},"image":{"@id":"https:\/\/talkpal.ai\/sq\/gramatika-urdu\/#primaryimage"},"thumbnailUrl":"https:\/\/talkpal.ai\/wp-content\/uploads\/2023\/05\/Urdu-pakistan.png","datePublished":"2023-05-14T14:22:39+00:00","dateModified":"2025-12-11T16:27:40+00:00","description":"Zhbllokoni bukurin\u00eb e gramatik\u00ebs Urdu. Eksploroni aspektet e tij unike, skenarin dhe m\u00ebnyr\u00ebn se si lidhet me kultur\u00ebn dhe historin\u00eb.","breadcrumb":{"@id":"https:\/\/talkpal.ai\/sq\/gramatika-urdu\/#breadcrumb"},"inLanguage":"sq-AL","potentialAction":[{"@type":"ReadAction","target":["https:\/\/talkpal.ai\/sq\/gramatika-urdu\/"]}]},{"@type":"ImageObject","inLanguage":"sq-AL","@id":"https:\/\/talkpal.ai\/sq\/gramatika-urdu\/#primaryimage","url":"https:\/\/talkpal.ai\/wp-content\/uploads\/2023\/05\/Urdu-pakistan.png","contentUrl":"https:\/\/talkpal.ai\/wp-content\/uploads\/2023\/05\/Urdu-pakistan.png","width":512,"height":512,"caption":"TalkPal Urdu -Pakistan Flag"},{"@type":"BreadcrumbList","@id":"https:\/\/talkpal.ai\/sq\/gramatika-urdu\/#breadcrumb","itemListElement":[{"@type":"ListItem","position":1,"name":"Homepage","item":"https:\/\/talkpal.ai\/sq\/"},{"@type":"ListItem","position":2,"name":"Gramatika Urdu"}]},{"@type":"WebSite","@id":"https:\/\/talkpal.ai\/sq\/#website","url":"https:\/\/talkpal.ai\/sq\/","name":"Talkpal","description":"AI Language Learning","publisher":{"@id":"https:\/\/talkpal.ai\/sq\/#organization"},"alternateName":"Talkpal AI","potentialAction":[{"@type":"SearchAction","target":{"@type":"EntryPoint","urlTemplate":"https:\/\/talkpal.ai\/sq\/?s={search_term_string}"},"query-input":{"@type":"PropertyValueSpecification","valueRequired":true,"valueName":"search_term_string"}}],"inLanguage":"sq-AL"},{"@type":"Organization","@id":"https:\/\/talkpal.ai\/sq\/#organization","name":"Talkpal, Inc.","alternateName":"Talkpal AI","url":"https:\/\/talkpal.ai\/sq\/","logo":{"@type":"ImageObject","inLanguage":"sq-AL","@id":"https:\/\/talkpal.ai\/sq\/#\/schema\/logo\/image\/","url":"https:\/\/talkpal.ai\/wp-content\/uploads\/2024\/03\/Talkpal-Logo-Icon.png","contentUrl":"https:\/\/talkpal.ai\/wp-content\/uploads\/2024\/03\/Talkpal-Logo-Icon.png","width":2880,"height":2880,"caption":"Talkpal, Inc."},"image":{"@id":"https:\/\/talkpal.ai\/sq\/#\/schema\/logo\/image\/"},"sameAs":["https:\/\/www.facebook.com\/profile.php?id=100090733639311","https:\/\/x.com\/talkpalai","https:\/\/www.linkedin.com\/company\/talkpal\/","https:\/\/www.youtube.com\/@TalkPal\/","https:\/\/www.tiktok.com\/@talkpal","https:\/\/www.instagram.com\/talkpal_ai\/","https:\/\/www.crunchbase.com\/organization\/talkpal-9cde","https:\/\/www.g2.com\/products\/talkpal-for-business\/","https:\/\/www.trustpilot.com\/review\/talkpal.ai","https:\/\/www.capterra.com\/p\/10006800\/TalkPal\/"],"description":"Talkpal is a language learning web and mobile education app, powered by the latest AI technologies, that provides engaging experiences to its customers in many different languages to help them improve their language skills. Users can chat about unlimited amount of topics with the app and use other modes to practice their language learning.","email":"support@talkpal.ai","legalName":"Talkpal, Inc.","foundingDate":"2023-04-03","duns":"118989042","numberOfEmployees":{"@type":"QuantitativeValue","minValue":"11","maxValue":"50"},"publishingPrinciples":"https:\/\/talkpal.ai\/publishing-principles\/","actionableFeedbackPolicy":"https:\/\/talkpal.ai\/actionable-feedback-policy\/","correctionsPolicy":"https:\/\/talkpal.ai\/corrections-policy\/","ethicsPolicy":"https:\/\/talkpal.ai\/ethics-policy\/","diversityPolicy":"https:\/\/talkpal.ai\/diversity-policy\/","diversityStaffingReport":"https:\/\/talkpal.ai\/diversity-policy\/"}]}},"_links":{"self":[{"href":"https:\/\/talkpal.ai\/sq\/wp-json\/wp\/v2\/pages\/1445526","targetHints":{"allow":["GET"]}}],"collection":[{"href":"https:\/\/talkpal.ai\/sq\/wp-json\/wp\/v2\/pages"}],"about":[{"href":"https:\/\/talkpal.ai\/sq\/wp-json\/wp\/v2\/types\/page"}],"author":[{"embeddable":true,"href":"https:\/\/talkpal.ai\/sq\/wp-json\/wp\/v2\/users\/1"}],"replies":[{"embeddable":true,"href":"https:\/\/talkpal.ai\/sq\/wp-json\/wp\/v2\/comments?post=1445526"}],"version-history":[{"count":0,"href":"https:\/\/talkpal.ai\/sq\/wp-json\/wp\/v2\/pages\/1445526\/revisions"}],"wp:featuredmedia":[{"embeddable":true,"href":"https:\/\/talkpal.ai\/sq\/wp-json\/wp\/v2\/media\/1442777"}],"wp:attachment":[{"href":"https:\/\/talkpal.ai\/sq\/wp-json\/wp\/v2\/media?parent=1445526"}],"curies":[{"name":"wp","href":"https:\/\/api.w.org\/{rel}","templated":true}]}}