{"id":1445353,"date":"2023-05-14T14:23:49","date_gmt":"2023-05-14T14:23:49","guid":{"rendered":"https:\/\/talkpal.ai\/gramatika-turke\/"},"modified":"2025-12-13T15:58:16","modified_gmt":"2025-12-13T15:58:16","slug":"gramatika-turke","status":"publish","type":"page","link":"https:\/\/talkpal.ai\/sq\/gramatika-turke\/","title":{"rendered":"Gramatika turke"},"content":{"rendered":"\r\n\r\n\r\n<section class=\"languageChallengeSection\">\r\n    <div class=\"languageInfoWrapper\">\r\n        \r\n        <h1>Gramatika turke<\/h1>\r\n        <p>Jeni kurioz p\u00ebr t\u00eb m\u00ebsuar turqisht? Eksploroni gramatik\u00ebn turke dhe shikoni se si struktura e saj logjike, harmonia zanore dhe modelet e foljeve t\u00eb lehta p\u00ebr t&#039;u ndjekur e b\u00ebjn\u00eb at\u00eb magjeps\u00ebse dhe t\u00eb aksesueshme. Filloni udh\u00ebtimin tuaj sot &#8211; zot\u00ebrimi i gramatik\u00ebs turke \u00ebsht\u00eb \u00e7el\u00ebsi juaj p\u00ebr komunikim t\u00eb rrjedhsh\u00ebm dhe zhbllokimin e nj\u00eb bote t\u00eb gjall\u00eb kulture dhe lidhjeje!<\/p>\r\n\r\n                            <a class=\"getStartedHidden\" href=\"https:\/\/app.talkpal.ai\/signup?lng=\">Filloni<\/a>\r\n        \r\n    <\/div>\r\n\r\n    <figure>\r\n    <img decoding=\"async\" width=\"768\" height=\"768\" src=\"https:\/\/talkpal.ai\/wp-content\/uploads\/2023\/06\/turkish-768x768.png\" class=\"languageImage no-lazy\" alt=\"Language learning for increased focus\" fetchpriority=\"high\" sizes=\"(max-width: 768px) 150px, 768px\" srcset=\"https:\/\/talkpal.ai\/wp-content\/uploads\/2023\/06\/turkish-768x768.png 768w, https:\/\/talkpal.ai\/wp-content\/uploads\/2023\/06\/turkish-300x300.png 300w\" \/>\r\n    \r\n\r\n    <\/figure>\r\n\r\n            <a class=\"getStartedVisible\" href=\"https:\/\/app.talkpal.ai\/signup?lng=\">Filloni<\/a>\r\n    \r\n<\/section>\r\n<section class=\"promotionalBanner\">\r\n    <p class=\"promotionalText\">M\u00ebnyra m\u00eb efikase p\u00ebr t\u00eb m\u00ebsuar nj\u00eb gjuh\u00eb<\/p>\r\n    <a class=\"promotionalLink\" href=\"https:\/\/app.talkpal.ai\/signup?lng=\">Provoni Talkpal falas<\/a>\r\n<\/section>\n<div class=\"wp-block-group pageContainerStyle\"><div class=\"wp-block-group__inner-container is-layout-constrained wp-block-group-is-layout-constrained\">\n<h2 class=\"wp-block-heading\" id=\"h-the-ultimate-guide-to-turkish-grammar-navigating-the-intricacies-of-a-unique-language\">Udh\u00ebzuesi p\u00ebrfundimtar p\u00ebr gramatik\u00ebn turke: Lundrimi n\u00eb nd\u00ebrlikimet e nj\u00eb gjuhe unike<\/h2>\n\n\n\n<p><a href=\"https:\/\/talkpal.ai\/sq\/gramatika\/\">Gramatika<\/a> turke, ashtu si vet\u00eb gjuha, paraqet nj\u00eb sixhade t\u00eb pasur dhe magjeps\u00ebse t\u00eb elementeve gjuh\u00ebsore. Si an\u00ebtar i familjes s\u00eb gjuh\u00ebs turke, turqishtja magjeps nx\u00ebn\u00ebsit me ve\u00e7orit\u00eb e saj t\u00eb ndryshme dhe sfidon edhe fol\u00ebsit m\u00eb t\u00eb aft\u00eb. N\u00eb k\u00ebt\u00eb udh\u00ebzues, ne do t\u00eb shqyrtojm\u00eb parimet kryesore t\u00eb gramatik\u00ebs turke, do t\u00eb \u00e7mitizojm\u00eb kompleksitetin e saj dhe do t&#8217;ju mb\u00ebshtesim n\u00eb udh\u00ebtimin tuaj p\u00ebr t&#8217;u b\u00ebr\u00eb rrjedhsh\u00ebm n\u00eb k\u00ebt\u00eb gjuh\u00eb magjeps\u00ebse. Le t\u00eb fillojm\u00eb!<\/p>\n\n\n\n<h3 class=\"wp-block-heading\" id=\"h-the-nuts-and-bolts-turkish-sentence-structure\">Arrat dhe bulonat: Struktura e fjalis\u00eb turke<\/h3>\n\n\n\n<p>N\u00eb thelbin e saj, <a href=\"https:\/\/talkpal.ai\/sq\/gramatika\/\">gramatika<\/a> turke \u00ebsht\u00eb mjaft e drejtp\u00ebrdrejt\u00eb. Gjuha n\u00eb p\u00ebrgjith\u00ebsi ndjek struktur\u00ebn e fjalis\u00eb Subjekt-Objekt-Folje (SOV), ndryshe nga anglishtja dhe shum\u00eb gjuh\u00eb t\u00eb tjera. P\u00ebr shembull, fjalia &#8220;Un\u00eb ha nj\u00eb moll\u00eb&#8221; p\u00ebrkthehet n\u00eb &#8220;Ben elma yiyorum&#8221; (Ben=Un\u00eb, elma=moll\u00eb, yiyorum=ha). E thjesht\u00eb, apo jo? Megjithat\u00eb, nd\u00ebrsa g\u00ebrmojm\u00eb m\u00eb thell\u00eb, do t\u00eb hasni disa tipare intriguese dhe dalluese t\u00eb gramatik\u00ebs turke.<\/p>\n\n\n\n<h3 class=\"wp-block-heading\" id=\"h-meet-the-family-turkish-nouns-and-their-suffixes\">Njihuni me familjen: emrat turq dhe prapashtesat e tyre<\/h3>\n\n\n\n<p>Nj\u00eb nga karakteristikat m\u00eb t\u00eb ve\u00e7anta t\u00eb gramatik\u00ebs turke \u00ebsht\u00eb p\u00ebrdorimi i prapashtesave p\u00ebr t\u00eb shprehur marr\u00ebdh\u00ebnie t\u00eb ndryshme gramatikore. Nuk ka parafjal\u00eb n\u00eb turqisht; N\u00eb vend t\u00eb <a href=\"https:\/\/talkpal.ai\/locations\/language-courses-in-tyre\/\">tyre<\/a>, prapashtesat u bashkangjiten emrave p\u00ebr t\u00eb treguar zot\u00ebrimin, objektet e drejtp\u00ebrdrejta dhe vendndodhjen.<\/p>\n\n\n\n<p>P\u00ebr shembull, le t\u00eb marrim fjal\u00ebn &#8220;elma&#8221; (elma) q\u00eb do t\u00eb thot\u00eb &#8220;moll\u00eb&#8221;:<\/p>\n\n\n\n<p><strong>\u2013 Zot\u00ebrimi: Benim elmam (Molla ime)<\/strong><\/p>\n\n\n\n<p><strong>\u2013 Objekti i drejtp\u00ebrdrejt\u00eb: Elmay\u0131 yedim (H\u00ebngra moll\u00ebn)<\/strong><\/p>\n\n\n\n<p><strong>\u2013 Vendndodhja: Elmada (N\u00eb moll\u00eb)<\/strong><\/p>\n\n\n\n<p>\u00cbsht\u00eb e r\u00ebnd\u00ebsishme t\u00eb njiheni me k\u00ebto prapashtesa, pasi ato mund t\u00eb ndryshojn\u00eb n\u00eb m\u00ebnyr\u00eb dramatike kuptimin e fjalive tuaja.<\/p>\n\n\n\n<h3 class=\"wp-block-heading\" id=\"h-playing-with-numbers-turkish-plurals-and-genders\">Duke luajtur me numrat: shum\u00ebsit dhe gjinit\u00eb turke<\/h3>\n\n\n\n<p>Kur formoni shum\u00ebs n\u00eb turqisht, \u00ebsht\u00eb thelb\u00ebsore t\u00eb shtoni vet\u00ebm nj\u00eb prapashtes\u00eb: -ler ose -lar, n\u00eb var\u00ebsi t\u00eb zanores m\u00eb t\u00eb af\u00ebrt n\u00eb fjal\u00eb. Ndryshe nga shum\u00eb gjuh\u00eb t\u00eb tjera, turqishtja nuk ka gjini gramatikore. Kjo do t\u00eb thot\u00eb q\u00eb nuk do t\u00eb duhet t\u00eb shqet\u00ebsoheni p\u00ebr m\u00ebsimin e mbaresave ose formave t\u00eb ndryshme p\u00ebr emrat mashkullor\u00eb, fem\u00ebror\u00eb ose neutr\u00eb.<\/p>\n\n\n\n<p>P\u00ebr shembull, &#8220;k\u00f6pek&#8221; (k\u00f6pek, nj\u00eb em\u00ebr q\u00eb do t\u00eb thot\u00eb &#8220;qen&#8221;) b\u00ebhet &#8220;k\u00f6pekler&#8221; (k\u00f6pekler, qen), dhe &#8220;kedi&#8221; (kedi, nj\u00eb em\u00ebr q\u00eb do t\u00eb thot\u00eb &#8220;mace&#8221;) b\u00ebhet &#8220;kediler&#8221; (kediler, mace).<\/p>\n\n\n\n<h3 class=\"wp-block-heading\" id=\"h-the-art-of-conjugation-turkish-verbs\">Arti i konjugimit: Foljet turke<\/h3>\n\n\n\n<p>Foljet turke mund t\u00eb duken t\u00eb frikshme n\u00eb fillim, p\u00ebr shkak t\u00eb koh\u00ebve, humorit dhe konjugimeve t\u00eb tyre t\u00eb shumta. Megjithat\u00eb, \u00e7el\u00ebsi p\u00ebr t&#8217;i kuptuar ato \u00ebsht\u00eb t\u00eb njihni modelet e zakonshme dhe t\u00eb praktikoni rregullisht.<\/p>\n\n\n\n<p>N\u00eb turqisht, foljet p\u00ebrdorin nj\u00eb s\u00ebr\u00eb prapashtesash p\u00ebr t\u00eb treguar koh\u00ebn, humorin dhe personin. Rrjedha e foljes mbetet e pandryshuar. Le t\u00eb marrim foljen &#8220;yemek&#8221; (yemek, &#8220;t\u00eb hash&#8221;) si shembull:<\/p>\n\n\n\n<p><strong>Koha e vazhdueshme e tashme: Yiyorum (Un\u00eb jam duke ngr\u00ebn\u00eb)<\/strong><\/p>\n\n\n\n<p><strong>Koha e kaluar: Yedim (h\u00ebngra)<\/strong><\/p>\n\n\n\n<p><strong>Koha e ardhshme: Yiyece\u011fim (Un\u00eb do t\u00eb ha)<\/strong><\/p>\n\n\n\n<p>Si\u00e7 mund ta shihni, p\u00ebrfundimet ndryshojn\u00eb sipas koh\u00ebs dhe personit. Me praktik\u00eb dhe durim, do t\u00eb filloni t\u00eb njihni modelet dhe do ta mposhtni k\u00ebt\u00eb sfid\u00eb.<\/p>\n\n\n\n<h3 class=\"wp-block-heading\" id=\"h-the-finishing-touches-turkish-adjectives-adverbs-and-more\">Prekjet e fundit: mbiemrat turq, ndajfoljet dhe m\u00eb shum\u00eb<\/h3>\n\n\n\n<p>Kur b\u00ebhet fjal\u00eb p\u00ebr mbiemrat dhe ndajfoljet turke, ato luajn\u00eb nj\u00eb rol kritik n\u00eb shtimin e thell\u00ebsis\u00eb dhe kompleksitetit t\u00eb t\u00eb folurit tuaj. Mbiemrat n\u00eb turqisht nuk kan\u00eb nevoj\u00eb t\u00eb pajtohen me emrat q\u00eb modifikojn\u00eb, duke i b\u00ebr\u00eb ato m\u00eb t\u00eb lehta p\u00ebr t&#8217;u trajtuar sesa n\u00eb shum\u00eb gjuh\u00eb t\u00eb tjera.<\/p>\n\n\n\n<p>P\u00ebr shembull, &#8220;g\u00fczel&#8221; (g\u00fczel) do t\u00eb thot\u00eb &#8220;e bukur&#8221; dhe ju mund ta shihni at\u00eb si &#8220;g\u00fczel \u00e7i\u00e7ek&#8221; (g\u00fczel \u00e7i\u00e7ek, &#8220;lule e bukur&#8221;) ose &#8220;g\u00fczel k\u00f6pek&#8221; (g\u00fczel k\u00f6pek, &#8220;qen i bukur&#8221;), pa ndryshim p\u00ebr shum\u00ebsin ose gjinin\u00eb.<\/p>\n\n\n\n<p>Ndajfoljet zakonisht ndjekin modele t\u00eb ngjashme, shpesh q\u00eb rrjedhin nga mbiemrat. N\u00eb turqisht, shum\u00eb ndajfolje mund t\u00eb formohen duke shtuar prapashtes\u00ebn -ce ose -ca n\u00eb mbiemra, n\u00eb var\u00ebsi t\u00eb zanores m\u00eb t\u00eb af\u00ebrt.<\/p>\n\n\n\n<p>Si p\u00ebrfundim, kompleksitetet dhe ve\u00e7orit\u00eb e gramatik\u00ebs turke, megjith\u00ebse sfiduese, i japin gjuh\u00ebs bukurin\u00eb dhe karakterin e saj magjeps\u00ebs. Me nj\u00eb kombinim t\u00eb k\u00ebmb\u00ebnguljes, kuriozitetit dhe aplikimit praktik, s\u00eb shpejti do t\u00eb lundroni n\u00eb gramatik\u00ebn turke me leht\u00ebsi dhe besim. G\u00ebzuar m\u00ebsimin!<\/p>\n<\/div><\/div>\n\r\n<section class=\"learnNavigationSection\">\r\n            \r\n        <a href=\"https:\/\/talkpal.ai\/sq\/meso-turqisht\/\">\r\n            <div class=\"learnNavigationWrapper\">\r\n                <div class=\"learnNavigationContent\">\r\n                    <img decoding=\"async\" src=\"https:\/\/talkpal.ai\/wp-content\/uploads\/2024\/08\/Turkish.jpg\" alt=\"Turkish Flag\">\r\n                    <div>\r\n                        <h4>Rreth m\u00ebsimit turk<\/h4>\r\n                        <p>M\u00ebsoni gjith\u00e7ka rreth gramatik\u00ebs turke.<\/p>\r\n                    <\/div>\r\n                <\/div>\r\n            <\/div>\r\n        <\/a>\r\n\r\n        \r\n        <a href=\"https:\/\/talkpal.ai\/sq\/ushtrimet-e-gramatikes-turke\/\">\r\n            <div class=\"learnNavigationWrapper\">\r\n                <div class=\"learnNavigationContent\">\r\n                    <img decoding=\"async\" src=\"https:\/\/talkpal.ai\/wp-content\/uploads\/2024\/08\/Turkish.jpg\" alt=\"Turkish Flag\">\r\n                    <div>\r\n                        <h4>Ushtrimi i gramatik\u00ebs turke<\/h4>\r\n                        <p>Praktikoni gramatik\u00ebn turke.<\/p>\r\n                    <\/div>\r\n                <\/div>\r\n            <\/div>\r\n        <\/a>\r\n\r\n        \r\n        <a href=\"https:\/\/talkpal.ai\/vocabulary_language\/turkish\/\">\r\n            <div class=\"learnNavigationWrapper\">\r\n                <div class=\"learnNavigationContent\">\r\n                    <img decoding=\"async\" src=\"https:\/\/talkpal.ai\/wp-content\/uploads\/2024\/08\/Turkish.jpg\" alt=\"Turkish Flag\">\r\n                    <div>\r\n                        <h4>Fjalori turk<\/h4>\r\n                        <p>Zgjeroni fjalorin tuaj turk.<\/p>\r\n                    <\/div>\r\n                <\/div>\r\n            <\/div>\r\n        <\/a>\r\n\r\n            <\/section>","protected":false},"excerpt":{"rendered":"<p>Udh\u00ebzuesi p\u00ebrfundimtar p\u00ebr gramatik\u00ebn turke: Lundrimi n\u00eb nd\u00ebrlikimet e nj\u00eb gjuhe unike Gramatika turke, ashtu si vet\u00eb gjuha, paraqet nj\u00eb sixhade t\u00eb pasur dhe magjeps\u00ebse t\u00eb elementeve gjuh\u00ebsore. Si an\u00ebtar i familjes s\u00eb gjuh\u00ebs turke, turqishtja magjeps nx\u00ebn\u00ebsit me ve\u00e7orit\u00eb e saj t\u00eb ndryshme dhe sfidon edhe fol\u00ebsit m\u00eb t\u00eb aft\u00eb. N\u00eb k\u00ebt\u00eb udh\u00ebzues, ne [&hellip;]<\/p>\n","protected":false},"author":1,"featured_media":1442765,"parent":0,"menu_order":0,"comment_status":"closed","ping_status":"closed","template":"LearningContentPage.php","meta":{"_acf_changed":false,"footnotes":""},"class_list":["post-1445353","page","type-page","status-publish","has-post-thumbnail","hentry"],"acf":[],"yoast_head":"<!-- This site is optimized with the Yoast SEO Premium plugin v27.2 (Yoast SEO v27.2) - https:\/\/yoast.com\/product\/yoast-seo-premium-wordpress\/ -->\n<title>Gramatika turke - Talkpal<\/title>\n<meta name=\"description\" content=\"Zhbllokoni sekretet e gramatik\u00ebs turke me udh\u00ebzuesin ton\u00eb gjith\u00ebp\u00ebrfshir\u00ebs p\u00ebr parimet e saj kryesore dhe struktur\u00ebn e fjalive.\" \/>\n<meta name=\"robots\" content=\"index, follow, max-snippet:-1, max-image-preview:large, max-video-preview:-1\" \/>\n<link rel=\"canonical\" href=\"https:\/\/talkpal.ai\/sq\/gramatika-turke\/\" \/>\n<meta property=\"og:locale\" content=\"sq_AL\" \/>\n<meta property=\"og:type\" content=\"article\" \/>\n<meta property=\"og:title\" content=\"Gramatika turke\" \/>\n<meta property=\"og:description\" content=\"Udh\u00ebzuesi p\u00ebrfundimtar p\u00ebr gramatik\u00ebn turke: Lundrimi n\u00eb nd\u00ebrlikimet e nj\u00eb gjuhe unike Gramatika turke, ashtu si vet\u00eb gjuha, paraqet nj\u00eb sixhade t\u00eb pasur\" \/>\n<meta property=\"og:url\" content=\"https:\/\/talkpal.ai\/sq\/gramatika-turke\/\" \/>\n<meta property=\"og:site_name\" content=\"Talkpal\" \/>\n<meta property=\"article:publisher\" content=\"https:\/\/www.facebook.com\/profile.php?id=100090733639311\" \/>\n<meta property=\"article:modified_time\" content=\"2025-12-13T15:58:16+00:00\" \/>\n<meta property=\"og:image\" content=\"https:\/\/talkpal.ai\/wp-content\/uploads\/2023\/05\/turkish.png\" \/>\n\t<meta property=\"og:image:width\" content=\"512\" \/>\n\t<meta property=\"og:image:height\" content=\"512\" \/>\n\t<meta property=\"og:image:type\" content=\"image\/png\" \/>\n<meta name=\"twitter:card\" content=\"summary_large_image\" \/>\n<meta name=\"twitter:site\" content=\"@talkpalai\" \/>\n<meta name=\"twitter:label1\" content=\"Est. reading time\" \/>\n\t<meta name=\"twitter:data1\" content=\"4 minutes\" \/>\n<script type=\"application\/ld+json\" class=\"yoast-schema-graph\">{\"@context\":\"https:\/\/schema.org\",\"@graph\":[{\"@type\":\"WebPage\",\"@id\":\"https:\/\/talkpal.ai\/sq\/gramatika-turke\/\",\"url\":\"https:\/\/talkpal.ai\/sq\/gramatika-turke\/\",\"name\":\"Gramatika turke - Talkpal\",\"isPartOf\":{\"@id\":\"https:\/\/talkpal.ai\/sq\/#website\"},\"primaryImageOfPage\":{\"@id\":\"https:\/\/talkpal.ai\/sq\/gramatika-turke\/#primaryimage\"},\"image\":{\"@id\":\"https:\/\/talkpal.ai\/sq\/gramatika-turke\/#primaryimage\"},\"thumbnailUrl\":\"https:\/\/talkpal.ai\/wp-content\/uploads\/2023\/05\/turkish.png\",\"datePublished\":\"2023-05-14T14:23:49+00:00\",\"dateModified\":\"2025-12-13T15:58:16+00:00\",\"description\":\"Zhbllokoni sekretet e gramatik\u00ebs turke me udh\u00ebzuesin ton\u00eb gjith\u00ebp\u00ebrfshir\u00ebs p\u00ebr parimet e saj kryesore dhe struktur\u00ebn e fjalive.\",\"breadcrumb\":{\"@id\":\"https:\/\/talkpal.ai\/sq\/gramatika-turke\/#breadcrumb\"},\"inLanguage\":\"sq-AL\",\"potentialAction\":[{\"@type\":\"ReadAction\",\"target\":[\"https:\/\/talkpal.ai\/sq\/gramatika-turke\/\"]}]},{\"@type\":\"ImageObject\",\"inLanguage\":\"sq-AL\",\"@id\":\"https:\/\/talkpal.ai\/sq\/gramatika-turke\/#primaryimage\",\"url\":\"https:\/\/talkpal.ai\/wp-content\/uploads\/2023\/05\/turkish.png\",\"contentUrl\":\"https:\/\/talkpal.ai\/wp-content\/uploads\/2023\/05\/turkish.png\",\"width\":512,\"height\":512,\"caption\":\"TalkPal Turkish Flag\"},{\"@type\":\"BreadcrumbList\",\"@id\":\"https:\/\/talkpal.ai\/sq\/gramatika-turke\/#breadcrumb\",\"itemListElement\":[{\"@type\":\"ListItem\",\"position\":1,\"name\":\"Homepage\",\"item\":\"https:\/\/talkpal.ai\/sq\/\"},{\"@type\":\"ListItem\",\"position\":2,\"name\":\"Gramatika turke\"}]},{\"@type\":\"WebSite\",\"@id\":\"https:\/\/talkpal.ai\/sq\/#website\",\"url\":\"https:\/\/talkpal.ai\/sq\/\",\"name\":\"Talkpal\",\"description\":\"AI Language Learning\",\"publisher\":{\"@id\":\"https:\/\/talkpal.ai\/sq\/#organization\"},\"alternateName\":\"Talkpal AI\",\"potentialAction\":[{\"@type\":\"SearchAction\",\"target\":{\"@type\":\"EntryPoint\",\"urlTemplate\":\"https:\/\/talkpal.ai\/sq\/?s={search_term_string}\"},\"query-input\":{\"@type\":\"PropertyValueSpecification\",\"valueRequired\":true,\"valueName\":\"search_term_string\"}}],\"inLanguage\":\"sq-AL\"},{\"@type\":\"Organization\",\"@id\":\"https:\/\/talkpal.ai\/sq\/#organization\",\"name\":\"Talkpal, Inc.\",\"alternateName\":\"Talkpal AI\",\"url\":\"https:\/\/talkpal.ai\/sq\/\",\"logo\":{\"@type\":\"ImageObject\",\"inLanguage\":\"sq-AL\",\"@id\":\"https:\/\/talkpal.ai\/sq\/#\/schema\/logo\/image\/\",\"url\":\"https:\/\/talkpal.ai\/wp-content\/uploads\/2024\/03\/Talkpal-Logo-Icon.png\",\"contentUrl\":\"https:\/\/talkpal.ai\/wp-content\/uploads\/2024\/03\/Talkpal-Logo-Icon.png\",\"width\":2880,\"height\":2880,\"caption\":\"Talkpal, Inc.\"},\"image\":{\"@id\":\"https:\/\/talkpal.ai\/sq\/#\/schema\/logo\/image\/\"},\"sameAs\":[\"https:\/\/www.facebook.com\/profile.php?id=100090733639311\",\"https:\/\/x.com\/talkpalai\",\"https:\/\/www.linkedin.com\/company\/talkpal\/\",\"https:\/\/www.youtube.com\/@TalkPal\/\",\"https:\/\/www.tiktok.com\/@talkpal\",\"https:\/\/www.instagram.com\/talkpal_ai\/\",\"https:\/\/www.crunchbase.com\/organization\/talkpal-9cde\",\"https:\/\/www.g2.com\/products\/talkpal-for-business\/\",\"https:\/\/www.trustpilot.com\/review\/talkpal.ai\",\"https:\/\/www.capterra.com\/p\/10006800\/TalkPal\/\"],\"description\":\"Talkpal is a language learning web and mobile education app, powered by the latest AI technologies, that provides engaging experiences to its customers in many different languages to help them improve their language skills. Users can chat about unlimited amount of topics with the app and use other modes to practice their language learning.\",\"email\":\"support@talkpal.ai\",\"legalName\":\"Talkpal, Inc.\",\"foundingDate\":\"2023-04-03\",\"duns\":\"118989042\",\"numberOfEmployees\":{\"@type\":\"QuantitativeValue\",\"minValue\":\"11\",\"maxValue\":\"50\"},\"publishingPrinciples\":\"https:\/\/talkpal.ai\/publishing-principles\/\",\"actionableFeedbackPolicy\":\"https:\/\/talkpal.ai\/actionable-feedback-policy\/\",\"correctionsPolicy\":\"https:\/\/talkpal.ai\/corrections-policy\/\",\"ethicsPolicy\":\"https:\/\/talkpal.ai\/ethics-policy\/\",\"diversityPolicy\":\"https:\/\/talkpal.ai\/diversity-policy\/\",\"diversityStaffingReport\":\"https:\/\/talkpal.ai\/diversity-policy\/\"}]}<\/script>\n<!-- \/ Yoast SEO Premium plugin. -->","yoast_head_json":{"title":"Gramatika turke - Talkpal","description":"Zhbllokoni sekretet e gramatik\u00ebs turke me udh\u00ebzuesin ton\u00eb gjith\u00ebp\u00ebrfshir\u00ebs p\u00ebr parimet e saj kryesore dhe struktur\u00ebn e fjalive.","robots":{"index":"index","follow":"follow","max-snippet":"max-snippet:-1","max-image-preview":"max-image-preview:large","max-video-preview":"max-video-preview:-1"},"canonical":"https:\/\/talkpal.ai\/sq\/gramatika-turke\/","og_locale":"sq_AL","og_type":"article","og_title":"Gramatika turke","og_description":"Udh\u00ebzuesi p\u00ebrfundimtar p\u00ebr gramatik\u00ebn turke: Lundrimi n\u00eb nd\u00ebrlikimet e nj\u00eb gjuhe unike Gramatika turke, ashtu si vet\u00eb gjuha, paraqet nj\u00eb sixhade t\u00eb pasur","og_url":"https:\/\/talkpal.ai\/sq\/gramatika-turke\/","og_site_name":"Talkpal","article_publisher":"https:\/\/www.facebook.com\/profile.php?id=100090733639311","article_modified_time":"2025-12-13T15:58:16+00:00","og_image":[{"width":512,"height":512,"url":"https:\/\/talkpal.ai\/wp-content\/uploads\/2023\/05\/turkish.png","type":"image\/png"}],"twitter_card":"summary_large_image","twitter_site":"@talkpalai","twitter_misc":{"Est. reading time":"4 minutes"},"schema":{"@context":"https:\/\/schema.org","@graph":[{"@type":"WebPage","@id":"https:\/\/talkpal.ai\/sq\/gramatika-turke\/","url":"https:\/\/talkpal.ai\/sq\/gramatika-turke\/","name":"Gramatika turke - Talkpal","isPartOf":{"@id":"https:\/\/talkpal.ai\/sq\/#website"},"primaryImageOfPage":{"@id":"https:\/\/talkpal.ai\/sq\/gramatika-turke\/#primaryimage"},"image":{"@id":"https:\/\/talkpal.ai\/sq\/gramatika-turke\/#primaryimage"},"thumbnailUrl":"https:\/\/talkpal.ai\/wp-content\/uploads\/2023\/05\/turkish.png","datePublished":"2023-05-14T14:23:49+00:00","dateModified":"2025-12-13T15:58:16+00:00","description":"Zhbllokoni sekretet e gramatik\u00ebs turke me udh\u00ebzuesin ton\u00eb gjith\u00ebp\u00ebrfshir\u00ebs p\u00ebr parimet e saj kryesore dhe struktur\u00ebn e fjalive.","breadcrumb":{"@id":"https:\/\/talkpal.ai\/sq\/gramatika-turke\/#breadcrumb"},"inLanguage":"sq-AL","potentialAction":[{"@type":"ReadAction","target":["https:\/\/talkpal.ai\/sq\/gramatika-turke\/"]}]},{"@type":"ImageObject","inLanguage":"sq-AL","@id":"https:\/\/talkpal.ai\/sq\/gramatika-turke\/#primaryimage","url":"https:\/\/talkpal.ai\/wp-content\/uploads\/2023\/05\/turkish.png","contentUrl":"https:\/\/talkpal.ai\/wp-content\/uploads\/2023\/05\/turkish.png","width":512,"height":512,"caption":"TalkPal Turkish Flag"},{"@type":"BreadcrumbList","@id":"https:\/\/talkpal.ai\/sq\/gramatika-turke\/#breadcrumb","itemListElement":[{"@type":"ListItem","position":1,"name":"Homepage","item":"https:\/\/talkpal.ai\/sq\/"},{"@type":"ListItem","position":2,"name":"Gramatika turke"}]},{"@type":"WebSite","@id":"https:\/\/talkpal.ai\/sq\/#website","url":"https:\/\/talkpal.ai\/sq\/","name":"Talkpal","description":"AI Language Learning","publisher":{"@id":"https:\/\/talkpal.ai\/sq\/#organization"},"alternateName":"Talkpal AI","potentialAction":[{"@type":"SearchAction","target":{"@type":"EntryPoint","urlTemplate":"https:\/\/talkpal.ai\/sq\/?s={search_term_string}"},"query-input":{"@type":"PropertyValueSpecification","valueRequired":true,"valueName":"search_term_string"}}],"inLanguage":"sq-AL"},{"@type":"Organization","@id":"https:\/\/talkpal.ai\/sq\/#organization","name":"Talkpal, Inc.","alternateName":"Talkpal AI","url":"https:\/\/talkpal.ai\/sq\/","logo":{"@type":"ImageObject","inLanguage":"sq-AL","@id":"https:\/\/talkpal.ai\/sq\/#\/schema\/logo\/image\/","url":"https:\/\/talkpal.ai\/wp-content\/uploads\/2024\/03\/Talkpal-Logo-Icon.png","contentUrl":"https:\/\/talkpal.ai\/wp-content\/uploads\/2024\/03\/Talkpal-Logo-Icon.png","width":2880,"height":2880,"caption":"Talkpal, Inc."},"image":{"@id":"https:\/\/talkpal.ai\/sq\/#\/schema\/logo\/image\/"},"sameAs":["https:\/\/www.facebook.com\/profile.php?id=100090733639311","https:\/\/x.com\/talkpalai","https:\/\/www.linkedin.com\/company\/talkpal\/","https:\/\/www.youtube.com\/@TalkPal\/","https:\/\/www.tiktok.com\/@talkpal","https:\/\/www.instagram.com\/talkpal_ai\/","https:\/\/www.crunchbase.com\/organization\/talkpal-9cde","https:\/\/www.g2.com\/products\/talkpal-for-business\/","https:\/\/www.trustpilot.com\/review\/talkpal.ai","https:\/\/www.capterra.com\/p\/10006800\/TalkPal\/"],"description":"Talkpal is a language learning web and mobile education app, powered by the latest AI technologies, that provides engaging experiences to its customers in many different languages to help them improve their language skills. Users can chat about unlimited amount of topics with the app and use other modes to practice their language learning.","email":"support@talkpal.ai","legalName":"Talkpal, Inc.","foundingDate":"2023-04-03","duns":"118989042","numberOfEmployees":{"@type":"QuantitativeValue","minValue":"11","maxValue":"50"},"publishingPrinciples":"https:\/\/talkpal.ai\/publishing-principles\/","actionableFeedbackPolicy":"https:\/\/talkpal.ai\/actionable-feedback-policy\/","correctionsPolicy":"https:\/\/talkpal.ai\/corrections-policy\/","ethicsPolicy":"https:\/\/talkpal.ai\/ethics-policy\/","diversityPolicy":"https:\/\/talkpal.ai\/diversity-policy\/","diversityStaffingReport":"https:\/\/talkpal.ai\/diversity-policy\/"}]}},"_links":{"self":[{"href":"https:\/\/talkpal.ai\/sq\/wp-json\/wp\/v2\/pages\/1445353","targetHints":{"allow":["GET"]}}],"collection":[{"href":"https:\/\/talkpal.ai\/sq\/wp-json\/wp\/v2\/pages"}],"about":[{"href":"https:\/\/talkpal.ai\/sq\/wp-json\/wp\/v2\/types\/page"}],"author":[{"embeddable":true,"href":"https:\/\/talkpal.ai\/sq\/wp-json\/wp\/v2\/users\/1"}],"replies":[{"embeddable":true,"href":"https:\/\/talkpal.ai\/sq\/wp-json\/wp\/v2\/comments?post=1445353"}],"version-history":[{"count":0,"href":"https:\/\/talkpal.ai\/sq\/wp-json\/wp\/v2\/pages\/1445353\/revisions"}],"wp:featuredmedia":[{"embeddable":true,"href":"https:\/\/talkpal.ai\/sq\/wp-json\/wp\/v2\/media\/1442765"}],"wp:attachment":[{"href":"https:\/\/talkpal.ai\/sq\/wp-json\/wp\/v2\/media?parent=1445353"}],"curies":[{"name":"wp","href":"https:\/\/api.w.org\/{rel}","templated":true}]}}