{"id":1445345,"date":"2023-05-14T14:23:21","date_gmt":"2023-05-14T14:23:21","guid":{"rendered":"https:\/\/talkpal.ai\/gramatika-tagalog\/"},"modified":"2025-12-17T15:39:50","modified_gmt":"2025-12-17T15:39:50","slug":"gramatika-tagalog","status":"publish","type":"page","link":"https:\/\/talkpal.ai\/sq\/gramatika-tagalog\/","title":{"rendered":"Gramatika Tagalog"},"content":{"rendered":"\r\n\r\n\r\n<section class=\"languageChallengeSection\">\r\n    <div class=\"languageInfoWrapper\">\r\n        \r\n        <h1>Gramatika Tagalog<\/h1>\r\n        <p>Jeni t\u00eb emocionuar p\u00ebr t\u00eb m\u00ebsuar <a href=\"https:\/\/talkpal.ai\/learn-tagalog\/\">Tagalog<\/a>? Eksploroni gramatik\u00ebn Tagalog, ku sistemet unike t\u00eb fokusit t\u00eb foljeve, rendi fleksib\u00ebl i fjalive dhe grimcat e dobishme krijojn\u00eb nj\u00eb gjuh\u00eb sa shpreh\u00ebse aq edhe interesante. Filloni udh\u00ebtimin tuaj tani &#8211; zot\u00ebrimi i gramatik\u00ebs Tagalog do t&#039;ju fuqizoj\u00eb t\u00eb komunikoni me besim dhe t\u00eb zhyteni n\u00eb kultur\u00ebn e gjall\u00eb t\u00eb Filipineve!<\/p>\r\n\r\n                            <a class=\"getStartedHidden\" href=\"https:\/\/app.talkpal.ai\/signup?lng=\">Filloni<\/a>\r\n        \r\n    <\/div>\r\n\r\n    <figure>\r\n    <img decoding=\"async\" width=\"768\" height=\"768\" src=\"https:\/\/talkpal.ai\/wp-content\/uploads\/2023\/06\/tagalog-768x768.png\" class=\"languageImage no-lazy\" alt=\"Overcoming challenges in language learning\" fetchpriority=\"high\" sizes=\"(max-width: 768px) 150px, 768px\" srcset=\"https:\/\/talkpal.ai\/wp-content\/uploads\/2023\/06\/tagalog-768x768.png 768w, https:\/\/talkpal.ai\/wp-content\/uploads\/2023\/06\/tagalog-300x300.png 300w\" \/>\r\n    \r\n\r\n    <\/figure>\r\n\r\n            <a class=\"getStartedVisible\" href=\"https:\/\/app.talkpal.ai\/signup?lng=\">Filloni<\/a>\r\n    \r\n<\/section>\r\n<section class=\"promotionalBanner\">\r\n    <p class=\"promotionalText\">M\u00ebnyra m\u00eb efikase p\u00ebr t\u00eb m\u00ebsuar nj\u00eb gjuh\u00eb<\/p>\r\n    <a class=\"promotionalLink\" href=\"https:\/\/app.talkpal.ai\/signup?lng=\">Provoni Talkpal falas<\/a>\r\n<\/section>\n<div class=\"wp-block-group pageContainerStyle\"><div class=\"wp-block-group__inner-container is-layout-constrained wp-block-group-is-layout-constrained\">\n<h1 class=\"wp-block-heading\" id=\"h-tagalog-grammar-get-to-know-the-heart-of-filipino-language\">Gramatika Tagalog: Njihuni me zemr\u00ebn e gjuh\u00ebs filipinase<\/h1>\n\n\n\n<p>Tagalog, baza p\u00ebr gjuh\u00ebn komb\u00ebtare t\u00eb Filipineve, filipinishtja, flitet nga miliona njer\u00ebz n\u00eb mbar\u00eb bot\u00ebn. P\u00ebr t\u00eb m\u00ebsuar Tagalog, s\u00eb pari duhet t\u00eb kuptoni gramatik\u00ebn e tij t\u00eb nd\u00ebrlikuar dhe magjeps\u00ebse. N\u00eb k\u00ebt\u00eb artikull, ne do t\u00eb thellohemi n\u00eb aspektet thelb\u00ebsore t\u00eb gramatik\u00ebs Tagalog, duke ju ndihmuar ta vler\u00ebsoni k\u00ebt\u00eb gjuh\u00eb t\u00eb bukur n\u00eb nj\u00eb m\u00ebnyr\u00eb bisedore dhe miq\u00ebsore.<\/p>\n\n\n\n<h3 class=\"wp-block-heading\" id=\"h-1-nouns-genderless-countable-and-uncountable\">1. Emrat \u2013 pa gjini, t\u00eb num\u00ebruesh\u00ebm dhe t\u00eb panum\u00ebruesh\u00ebm<\/h3>\n\n\n\n<p>N\u00eb Tagalog, emrat (pangngalan) nuk kategorizohen sipas gjinis\u00eb, duke e b\u00ebr\u00eb m\u00eb t\u00eb leht\u00eb p\u00ebr t&#8217;u menaxhuar se disa gjuh\u00eb t\u00eb tjera. Emrat e zakonsh\u00ebm i referohen njer\u00ebzve, kafsh\u00ebve, vendeve, gj\u00ebrave ose ideve, me emra t\u00eb duhur q\u00eb tregojn\u00eb emra specifik\u00eb. Do t\u00eb hasni emra t\u00eb num\u00ebruesh\u00ebm (tahanan, q\u00eb do t\u00eb thot\u00eb &#8220;sht\u00ebpi&#8221;) dhe emra t\u00eb panum\u00ebruesh\u00ebm (tubig, q\u00eb do t\u00eb thot\u00eb &#8220;uj\u00eb&#8221;). Emrat gjithashtu mund t\u00eb shnd\u00ebrrohen n\u00eb forma shum\u00ebsi duke shtuar sh\u00ebnues specifik\u00eb si &#8220;mga&#8221;.<\/p>\n\n\n\n<h3 class=\"wp-block-heading\" id=\"h-2-adjectives-describing-with-flair\">2. Mbiemrat \u2013 P\u00ebrshkrimi me dhunti<\/h3>\n\n\n\n<p>Mbiemrat (pang-uri) ofrojn\u00eb m\u00eb shum\u00eb informacion <a href=\"https:\/\/talkpal.ai\/sq\/rreth\/\">rreth<\/a> emrave, me disa m\u00ebnyra p\u00ebr t\u00eb p\u00ebrdorur mbiemrat n\u00eb Tagalog. Krahasimi i emrave arrihet p\u00ebrmes mbiemrave duke p\u00ebrdorur sh\u00ebnuesit &#8220;mas&#8221; dhe &#8220;pinaka&#8221; p\u00ebr t\u00eb krijuar shkall\u00eb krahasuese dhe superlative. P\u00ebr shembull, &#8220;maganda&#8221; do t\u00eb thot\u00eb &#8220;e bukur&#8221;, nd\u00ebrsa &#8220;mas maganda&#8221; do t\u00eb thot\u00eb &#8220;m\u00eb e bukur&#8221; dhe &#8220;pinakamaganda&#8221; do t\u00eb thot\u00eb &#8220;m\u00eb e bukura&#8221;.<\/p>\n\n\n\n<h3 class=\"wp-block-heading\" id=\"h-3-pronouns-keeping-it-personal\">3. P\u00ebremrat \u2013 Mbajtja e tij personale<\/h3>\n\n\n\n<p><a href=\"https:\/\/talkpal.ai\/tagalog-grammar\/\">Gramatika Tagalog<\/a> p\u00ebrb\u00ebhet nga p\u00ebremra personal\u00eb, posesiv, demonstrativ, pyet\u00ebs dhe relativ. P\u00ebremrat personale vijn\u00eb n\u00eb tre raste: nominativ (q\u00eb tregon subjektin), gjenitiv (q\u00eb tregon posedimin) dhe akuzativ (q\u00eb tregon objektin). P\u00ebremrat demonstrativ\u00eb, si &#8220;ito&#8221; (kjo) dhe &#8220;iyan&#8221; (kjo), p\u00ebrdoren p\u00ebr t\u00eb v\u00ebn\u00eb n\u00eb dukje gj\u00ebra specifike, nd\u00ebrsa p\u00ebremrat pyet\u00ebs p\u00ebrdoren p\u00ebr t\u00eb b\u00ebr\u00eb pyetje.<\/p>\n\n\n\n<h3 class=\"wp-block-heading\" id=\"h-4-verbs-conjugation-and-focus\">4. Foljet \u2013 Konjugimi dhe fokusi<\/h3>\n\n\n\n<p>Foljet Tagalog (pandiwa) luajn\u00eb nj\u00eb rol jetik n\u00eb nd\u00ebrtimin e fjalive dhe konjugimi i <a href=\"https:\/\/talkpal.ai\/locations\/language-courses-in-tyre\/\">tyre<\/a> \u00ebsht\u00eb i dalluesh\u00ebm. N\u00eb vend t\u00eb ndryshimeve t\u00eb koh\u00ebs, konjugimet e foljeve n\u00eb Tagalog p\u00ebrfshijn\u00eb ndryshime t\u00eb aspektit. Ekzistojn\u00eb tre aspekte foljeje: i p\u00ebrfunduar (i p\u00ebrsosur), i pap\u00ebrfunduar (i pap\u00ebrsosur) dhe i soditur (e ardhmja).  <\/p>\n\n\n\n<p>P\u00ebr m\u00eb tep\u00ebr, Tagalog ka nj\u00eb sistem unik fokusi n\u00eb lidhje me foljet. N\u00eb k\u00ebt\u00eb sistem, forma e foljes ndryshon n\u00eb var\u00ebsi t\u00eb pjes\u00ebs s\u00eb fjalis\u00eb n\u00eb t\u00eb cil\u00ebn fokusohet, si objekti, subjekti ose drejtimi i veprimit. Sh\u00ebnuesit kryesor\u00eb si &#8220;um-&#8220;, &#8220;mag-&#8221; dhe &#8220;-in&#8221; ndihmojn\u00eb n\u00eb p\u00ebrcjelljen e nuancave t\u00eb ndryshme brenda fjalive.<\/p>\n\n\n\n<h3 class=\"wp-block-heading\" id=\"h-5-embracing-the-journey\">5. P\u00ebrqafimi i udh\u00ebtimit<\/h3>\n\n\n\n<p>M\u00ebsimi i gramatik\u00ebs Tagalog k\u00ebrkon koh\u00eb, p\u00ebrpjekje dhe nj\u00eb prekje durimi. Megjithat\u00eb, ve\u00e7antia e tij, pasi t\u00eb zot\u00ebrohet, ofron njohuri t\u00eb pashembullta p\u00ebr kultur\u00ebn dhe trash\u00ebgimin\u00eb filipinase. Mbani nj\u00eb mendje t\u00eb hapur, praktikoni vazhdimisht dhe mos kini frik\u00eb t\u00eb b\u00ebni gabime gjat\u00eb t\u00eb folurit.<\/p>\n\n\n\n<p>Nd\u00ebrsa zhyteni m\u00eb thell\u00eb n\u00eb nuancat e gramatik\u00ebs Tagalog, merrni koh\u00eb p\u00ebr t\u00eb shijuar gjall\u00ebrin\u00eb dhe pasurin\u00eb q\u00eb ofron. Shijoni t\u00eb kuptuarit tuaj t\u00eb kompleksiteteve q\u00eb e b\u00ebjn\u00eb k\u00ebt\u00eb gjuh\u00eb v\u00ebrtet t\u00eb jasht\u00ebzakonshme. Maligayang pag-aaral &#8211; g\u00ebzuar m\u00ebsimin!<\/p>\n<\/div><\/div>\n\r\n<section class=\"learnNavigationSection\">\r\n            \r\n        <a href=\"https:\/\/talkpal.ai\/sq\/meso-tagalog\/\">\r\n            <div class=\"learnNavigationWrapper\">\r\n                <div class=\"learnNavigationContent\">\r\n                    <img decoding=\"async\" src=\"https:\/\/talkpal.ai\/wp-content\/uploads\/2024\/08\/Tagalog.jpg\" alt=\"Philippines Flag\">\r\n                    <div>\r\n                        <h4>Rreth m\u00ebsimit Tagalog<\/h4>\r\n                        <p>Zbuloni gjith\u00e7ka rreth gramatik\u00ebs Tagalog.<\/p>\r\n                    <\/div>\r\n                <\/div>\r\n            <\/div>\r\n        <\/a>\r\n\r\n        \r\n        <a href=\"https:\/\/talkpal.ai\/sq\/ushtrimet-gramatikore-tagaloge\/\">\r\n            <div class=\"learnNavigationWrapper\">\r\n                <div class=\"learnNavigationContent\">\r\n                    <img decoding=\"async\" src=\"https:\/\/talkpal.ai\/wp-content\/uploads\/2024\/08\/Tagalog.jpg\" alt=\"Philippines Flag\">\r\n                    <div>\r\n                        <h4>Ushtrimi i gramatik\u00ebs Tagalog<\/h4>\r\n                        <p>Praktikoni gramatik\u00ebn Tagalog.<\/p>\r\n                    <\/div>\r\n                <\/div>\r\n            <\/div>\r\n        <\/a>\r\n\r\n        \r\n        <a href=\"https:\/\/talkpal.ai\/vocabulary_language\/tagalog\/\">\r\n            <div class=\"learnNavigationWrapper\">\r\n                <div class=\"learnNavigationContent\">\r\n                    <img decoding=\"async\" src=\"https:\/\/talkpal.ai\/wp-content\/uploads\/2024\/08\/Tagalog.jpg\" alt=\"Philippines Flag\">\r\n                    <div>\r\n                        <h4>Fjalori Tagalog<\/h4>\r\n                        <p>Zgjeroni fjalorin tuaj Tagalog.<\/p>\r\n                    <\/div>\r\n                <\/div>\r\n            <\/div>\r\n        <\/a>\r\n\r\n            <\/section>","protected":false},"excerpt":{"rendered":"<p>Gramatika Tagalog: Njihuni me zemr\u00ebn e gjuh\u00ebs filipinase Tagalog, baza p\u00ebr gjuh\u00ebn komb\u00ebtare t\u00eb Filipineve, filipinishtja, flitet nga miliona njer\u00ebz n\u00eb mbar\u00eb bot\u00ebn. P\u00ebr t\u00eb m\u00ebsuar Tagalog, s\u00eb pari duhet t\u00eb kuptoni gramatik\u00ebn e tij t\u00eb nd\u00ebrlikuar dhe magjeps\u00ebse. N\u00eb k\u00ebt\u00eb artikull, ne do t\u00eb thellohemi n\u00eb aspektet thelb\u00ebsore t\u00eb gramatik\u00ebs Tagalog, duke ju ndihmuar [&hellip;]<\/p>\n","protected":false},"author":1,"featured_media":1444894,"parent":0,"menu_order":0,"comment_status":"closed","ping_status":"closed","template":"LearningContentPage.php","meta":{"_acf_changed":false,"footnotes":""},"class_list":["post-1445345","page","type-page","status-publish","has-post-thumbnail","hentry"],"acf":[],"yoast_head":"<!-- This site is optimized with the Yoast SEO Premium plugin v27.2 (Yoast SEO v27.2) - https:\/\/yoast.com\/product\/yoast-seo-premium-wordpress\/ -->\n<title>Gramatika Tagalog - Talkpal<\/title>\n<meta name=\"description\" content=\"Eksploroni bazat e gramatik\u00ebs Tagalog dhe m\u00ebsoni se si ta vler\u00ebsoni k\u00ebt\u00eb gjuh\u00eb t\u00eb bukur n\u00eb nj\u00eb m\u00ebnyr\u00eb t\u00eb thjesht\u00eb dhe miq\u00ebsore.\" \/>\n<meta name=\"robots\" content=\"index, follow, max-snippet:-1, max-image-preview:large, max-video-preview:-1\" \/>\n<link rel=\"canonical\" href=\"https:\/\/talkpal.ai\/sq\/gramatika-tagalog\/\" \/>\n<meta property=\"og:locale\" content=\"sq_AL\" \/>\n<meta property=\"og:type\" content=\"article\" \/>\n<meta property=\"og:title\" content=\"Gramatika Tagalog\" \/>\n<meta property=\"og:description\" content=\"Gramatika Tagalog: Njihuni me zemr\u00ebn e gjuh\u00ebs filipinase Tagalog, baza p\u00ebr gjuh\u00ebn komb\u00ebtare t\u00eb Filipineve, filipinishtja, flitet nga miliona njer\u00ebz n\u00eb\" \/>\n<meta property=\"og:url\" content=\"https:\/\/talkpal.ai\/sq\/gramatika-tagalog\/\" \/>\n<meta property=\"og:site_name\" content=\"Talkpal\" \/>\n<meta property=\"article:publisher\" content=\"https:\/\/www.facebook.com\/profile.php?id=100090733639311\" \/>\n<meta property=\"article:modified_time\" content=\"2025-12-17T15:39:50+00:00\" \/>\n<meta property=\"og:image\" content=\"https:\/\/talkpal.ai\/wp-content\/uploads\/2023\/05\/Tagalog-philippines.png\" \/>\n\t<meta property=\"og:image:width\" content=\"512\" \/>\n\t<meta property=\"og:image:height\" content=\"512\" \/>\n\t<meta property=\"og:image:type\" content=\"image\/png\" \/>\n<meta name=\"twitter:card\" content=\"summary_large_image\" \/>\n<meta name=\"twitter:site\" content=\"@talkpalai\" \/>\n<meta name=\"twitter:label1\" content=\"Est. reading time\" \/>\n\t<meta name=\"twitter:data1\" content=\"3 minutes\" \/>\n<script type=\"application\/ld+json\" class=\"yoast-schema-graph\">{\"@context\":\"https:\/\/schema.org\",\"@graph\":[{\"@type\":\"WebPage\",\"@id\":\"https:\/\/talkpal.ai\/sq\/gramatika-tagalog\/\",\"url\":\"https:\/\/talkpal.ai\/sq\/gramatika-tagalog\/\",\"name\":\"Gramatika Tagalog - Talkpal\",\"isPartOf\":{\"@id\":\"https:\/\/talkpal.ai\/sq\/#website\"},\"primaryImageOfPage\":{\"@id\":\"https:\/\/talkpal.ai\/sq\/gramatika-tagalog\/#primaryimage\"},\"image\":{\"@id\":\"https:\/\/talkpal.ai\/sq\/gramatika-tagalog\/#primaryimage\"},\"thumbnailUrl\":\"https:\/\/talkpal.ai\/wp-content\/uploads\/2023\/05\/Tagalog-philippines.png\",\"datePublished\":\"2023-05-14T14:23:21+00:00\",\"dateModified\":\"2025-12-17T15:39:50+00:00\",\"description\":\"Eksploroni bazat e gramatik\u00ebs Tagalog dhe m\u00ebsoni se si ta vler\u00ebsoni k\u00ebt\u00eb gjuh\u00eb t\u00eb bukur n\u00eb nj\u00eb m\u00ebnyr\u00eb t\u00eb thjesht\u00eb dhe miq\u00ebsore.\",\"breadcrumb\":{\"@id\":\"https:\/\/talkpal.ai\/sq\/gramatika-tagalog\/#breadcrumb\"},\"inLanguage\":\"sq-AL\",\"potentialAction\":[{\"@type\":\"ReadAction\",\"target\":[\"https:\/\/talkpal.ai\/sq\/gramatika-tagalog\/\"]}]},{\"@type\":\"ImageObject\",\"inLanguage\":\"sq-AL\",\"@id\":\"https:\/\/talkpal.ai\/sq\/gramatika-tagalog\/#primaryimage\",\"url\":\"https:\/\/talkpal.ai\/wp-content\/uploads\/2023\/05\/Tagalog-philippines.png\",\"contentUrl\":\"https:\/\/talkpal.ai\/wp-content\/uploads\/2023\/05\/Tagalog-philippines.png\",\"width\":512,\"height\":512,\"caption\":\"TalkPal Tagalog Flag\"},{\"@type\":\"BreadcrumbList\",\"@id\":\"https:\/\/talkpal.ai\/sq\/gramatika-tagalog\/#breadcrumb\",\"itemListElement\":[{\"@type\":\"ListItem\",\"position\":1,\"name\":\"Homepage\",\"item\":\"https:\/\/talkpal.ai\/sq\/\"},{\"@type\":\"ListItem\",\"position\":2,\"name\":\"Gramatika Tagalog\"}]},{\"@type\":\"WebSite\",\"@id\":\"https:\/\/talkpal.ai\/sq\/#website\",\"url\":\"https:\/\/talkpal.ai\/sq\/\",\"name\":\"Talkpal\",\"description\":\"AI Language Learning\",\"publisher\":{\"@id\":\"https:\/\/talkpal.ai\/sq\/#organization\"},\"alternateName\":\"Talkpal AI\",\"potentialAction\":[{\"@type\":\"SearchAction\",\"target\":{\"@type\":\"EntryPoint\",\"urlTemplate\":\"https:\/\/talkpal.ai\/sq\/?s={search_term_string}\"},\"query-input\":{\"@type\":\"PropertyValueSpecification\",\"valueRequired\":true,\"valueName\":\"search_term_string\"}}],\"inLanguage\":\"sq-AL\"},{\"@type\":\"Organization\",\"@id\":\"https:\/\/talkpal.ai\/sq\/#organization\",\"name\":\"Talkpal, Inc.\",\"alternateName\":\"Talkpal AI\",\"url\":\"https:\/\/talkpal.ai\/sq\/\",\"logo\":{\"@type\":\"ImageObject\",\"inLanguage\":\"sq-AL\",\"@id\":\"https:\/\/talkpal.ai\/sq\/#\/schema\/logo\/image\/\",\"url\":\"https:\/\/talkpal.ai\/wp-content\/uploads\/2024\/03\/Talkpal-Logo-Icon.png\",\"contentUrl\":\"https:\/\/talkpal.ai\/wp-content\/uploads\/2024\/03\/Talkpal-Logo-Icon.png\",\"width\":2880,\"height\":2880,\"caption\":\"Talkpal, Inc.\"},\"image\":{\"@id\":\"https:\/\/talkpal.ai\/sq\/#\/schema\/logo\/image\/\"},\"sameAs\":[\"https:\/\/www.facebook.com\/profile.php?id=100090733639311\",\"https:\/\/x.com\/talkpalai\",\"https:\/\/www.linkedin.com\/company\/talkpal\/\",\"https:\/\/www.youtube.com\/@TalkPal\/\",\"https:\/\/www.tiktok.com\/@talkpal\",\"https:\/\/www.instagram.com\/talkpal_ai\/\",\"https:\/\/www.crunchbase.com\/organization\/talkpal-9cde\",\"https:\/\/www.g2.com\/products\/talkpal-for-business\/\",\"https:\/\/www.trustpilot.com\/review\/talkpal.ai\",\"https:\/\/www.capterra.com\/p\/10006800\/TalkPal\/\"],\"description\":\"Talkpal is a language learning web and mobile education app, powered by the latest AI technologies, that provides engaging experiences to its customers in many different languages to help them improve their language skills. Users can chat about unlimited amount of topics with the app and use other modes to practice their language learning.\",\"email\":\"support@talkpal.ai\",\"legalName\":\"Talkpal, Inc.\",\"foundingDate\":\"2023-04-03\",\"duns\":\"118989042\",\"numberOfEmployees\":{\"@type\":\"QuantitativeValue\",\"minValue\":\"11\",\"maxValue\":\"50\"},\"publishingPrinciples\":\"https:\/\/talkpal.ai\/publishing-principles\/\",\"actionableFeedbackPolicy\":\"https:\/\/talkpal.ai\/actionable-feedback-policy\/\",\"correctionsPolicy\":\"https:\/\/talkpal.ai\/corrections-policy\/\",\"ethicsPolicy\":\"https:\/\/talkpal.ai\/ethics-policy\/\",\"diversityPolicy\":\"https:\/\/talkpal.ai\/diversity-policy\/\",\"diversityStaffingReport\":\"https:\/\/talkpal.ai\/diversity-policy\/\"}]}<\/script>\n<!-- \/ Yoast SEO Premium plugin. -->","yoast_head_json":{"title":"Gramatika Tagalog - Talkpal","description":"Eksploroni bazat e gramatik\u00ebs Tagalog dhe m\u00ebsoni se si ta vler\u00ebsoni k\u00ebt\u00eb gjuh\u00eb t\u00eb bukur n\u00eb nj\u00eb m\u00ebnyr\u00eb t\u00eb thjesht\u00eb dhe miq\u00ebsore.","robots":{"index":"index","follow":"follow","max-snippet":"max-snippet:-1","max-image-preview":"max-image-preview:large","max-video-preview":"max-video-preview:-1"},"canonical":"https:\/\/talkpal.ai\/sq\/gramatika-tagalog\/","og_locale":"sq_AL","og_type":"article","og_title":"Gramatika Tagalog","og_description":"Gramatika Tagalog: Njihuni me zemr\u00ebn e gjuh\u00ebs filipinase Tagalog, baza p\u00ebr gjuh\u00ebn komb\u00ebtare t\u00eb Filipineve, filipinishtja, flitet nga miliona njer\u00ebz n\u00eb","og_url":"https:\/\/talkpal.ai\/sq\/gramatika-tagalog\/","og_site_name":"Talkpal","article_publisher":"https:\/\/www.facebook.com\/profile.php?id=100090733639311","article_modified_time":"2025-12-17T15:39:50+00:00","og_image":[{"width":512,"height":512,"url":"https:\/\/talkpal.ai\/wp-content\/uploads\/2023\/05\/Tagalog-philippines.png","type":"image\/png"}],"twitter_card":"summary_large_image","twitter_site":"@talkpalai","twitter_misc":{"Est. reading time":"3 minutes"},"schema":{"@context":"https:\/\/schema.org","@graph":[{"@type":"WebPage","@id":"https:\/\/talkpal.ai\/sq\/gramatika-tagalog\/","url":"https:\/\/talkpal.ai\/sq\/gramatika-tagalog\/","name":"Gramatika Tagalog - Talkpal","isPartOf":{"@id":"https:\/\/talkpal.ai\/sq\/#website"},"primaryImageOfPage":{"@id":"https:\/\/talkpal.ai\/sq\/gramatika-tagalog\/#primaryimage"},"image":{"@id":"https:\/\/talkpal.ai\/sq\/gramatika-tagalog\/#primaryimage"},"thumbnailUrl":"https:\/\/talkpal.ai\/wp-content\/uploads\/2023\/05\/Tagalog-philippines.png","datePublished":"2023-05-14T14:23:21+00:00","dateModified":"2025-12-17T15:39:50+00:00","description":"Eksploroni bazat e gramatik\u00ebs Tagalog dhe m\u00ebsoni se si ta vler\u00ebsoni k\u00ebt\u00eb gjuh\u00eb t\u00eb bukur n\u00eb nj\u00eb m\u00ebnyr\u00eb t\u00eb thjesht\u00eb dhe miq\u00ebsore.","breadcrumb":{"@id":"https:\/\/talkpal.ai\/sq\/gramatika-tagalog\/#breadcrumb"},"inLanguage":"sq-AL","potentialAction":[{"@type":"ReadAction","target":["https:\/\/talkpal.ai\/sq\/gramatika-tagalog\/"]}]},{"@type":"ImageObject","inLanguage":"sq-AL","@id":"https:\/\/talkpal.ai\/sq\/gramatika-tagalog\/#primaryimage","url":"https:\/\/talkpal.ai\/wp-content\/uploads\/2023\/05\/Tagalog-philippines.png","contentUrl":"https:\/\/talkpal.ai\/wp-content\/uploads\/2023\/05\/Tagalog-philippines.png","width":512,"height":512,"caption":"TalkPal Tagalog Flag"},{"@type":"BreadcrumbList","@id":"https:\/\/talkpal.ai\/sq\/gramatika-tagalog\/#breadcrumb","itemListElement":[{"@type":"ListItem","position":1,"name":"Homepage","item":"https:\/\/talkpal.ai\/sq\/"},{"@type":"ListItem","position":2,"name":"Gramatika Tagalog"}]},{"@type":"WebSite","@id":"https:\/\/talkpal.ai\/sq\/#website","url":"https:\/\/talkpal.ai\/sq\/","name":"Talkpal","description":"AI Language Learning","publisher":{"@id":"https:\/\/talkpal.ai\/sq\/#organization"},"alternateName":"Talkpal AI","potentialAction":[{"@type":"SearchAction","target":{"@type":"EntryPoint","urlTemplate":"https:\/\/talkpal.ai\/sq\/?s={search_term_string}"},"query-input":{"@type":"PropertyValueSpecification","valueRequired":true,"valueName":"search_term_string"}}],"inLanguage":"sq-AL"},{"@type":"Organization","@id":"https:\/\/talkpal.ai\/sq\/#organization","name":"Talkpal, Inc.","alternateName":"Talkpal AI","url":"https:\/\/talkpal.ai\/sq\/","logo":{"@type":"ImageObject","inLanguage":"sq-AL","@id":"https:\/\/talkpal.ai\/sq\/#\/schema\/logo\/image\/","url":"https:\/\/talkpal.ai\/wp-content\/uploads\/2024\/03\/Talkpal-Logo-Icon.png","contentUrl":"https:\/\/talkpal.ai\/wp-content\/uploads\/2024\/03\/Talkpal-Logo-Icon.png","width":2880,"height":2880,"caption":"Talkpal, Inc."},"image":{"@id":"https:\/\/talkpal.ai\/sq\/#\/schema\/logo\/image\/"},"sameAs":["https:\/\/www.facebook.com\/profile.php?id=100090733639311","https:\/\/x.com\/talkpalai","https:\/\/www.linkedin.com\/company\/talkpal\/","https:\/\/www.youtube.com\/@TalkPal\/","https:\/\/www.tiktok.com\/@talkpal","https:\/\/www.instagram.com\/talkpal_ai\/","https:\/\/www.crunchbase.com\/organization\/talkpal-9cde","https:\/\/www.g2.com\/products\/talkpal-for-business\/","https:\/\/www.trustpilot.com\/review\/talkpal.ai","https:\/\/www.capterra.com\/p\/10006800\/TalkPal\/"],"description":"Talkpal is a language learning web and mobile education app, powered by the latest AI technologies, that provides engaging experiences to its customers in many different languages to help them improve their language skills. Users can chat about unlimited amount of topics with the app and use other modes to practice their language learning.","email":"support@talkpal.ai","legalName":"Talkpal, Inc.","foundingDate":"2023-04-03","duns":"118989042","numberOfEmployees":{"@type":"QuantitativeValue","minValue":"11","maxValue":"50"},"publishingPrinciples":"https:\/\/talkpal.ai\/publishing-principles\/","actionableFeedbackPolicy":"https:\/\/talkpal.ai\/actionable-feedback-policy\/","correctionsPolicy":"https:\/\/talkpal.ai\/corrections-policy\/","ethicsPolicy":"https:\/\/talkpal.ai\/ethics-policy\/","diversityPolicy":"https:\/\/talkpal.ai\/diversity-policy\/","diversityStaffingReport":"https:\/\/talkpal.ai\/diversity-policy\/"}]}},"_links":{"self":[{"href":"https:\/\/talkpal.ai\/sq\/wp-json\/wp\/v2\/pages\/1445345","targetHints":{"allow":["GET"]}}],"collection":[{"href":"https:\/\/talkpal.ai\/sq\/wp-json\/wp\/v2\/pages"}],"about":[{"href":"https:\/\/talkpal.ai\/sq\/wp-json\/wp\/v2\/types\/page"}],"author":[{"embeddable":true,"href":"https:\/\/talkpal.ai\/sq\/wp-json\/wp\/v2\/users\/1"}],"replies":[{"embeddable":true,"href":"https:\/\/talkpal.ai\/sq\/wp-json\/wp\/v2\/comments?post=1445345"}],"version-history":[{"count":0,"href":"https:\/\/talkpal.ai\/sq\/wp-json\/wp\/v2\/pages\/1445345\/revisions"}],"wp:featuredmedia":[{"embeddable":true,"href":"https:\/\/talkpal.ai\/sq\/wp-json\/wp\/v2\/media\/1444894"}],"wp:attachment":[{"href":"https:\/\/talkpal.ai\/sq\/wp-json\/wp\/v2\/media?parent=1445345"}],"curies":[{"name":"wp","href":"https:\/\/api.w.org\/{rel}","templated":true}]}}