{"id":1445340,"date":"2023-06-14T13:25:23","date_gmt":"2023-06-14T13:25:23","guid":{"rendered":"https:\/\/talkpal.ai\/ushtrime-te-gramatikes-angleze\/"},"modified":"2025-12-17T16:36:39","modified_gmt":"2025-12-17T16:36:39","slug":"ushtrime-te-gramatikes-angleze","status":"publish","type":"page","link":"https:\/\/talkpal.ai\/sq\/ushtrime-te-gramatikes-angleze\/","title":{"rendered":"Ushtrime t\u00eb gramatik\u00ebs angleze"},"content":{"rendered":"\r\n\r\n\r\n<section class=\"languageChallengeSection\">\r\n    <div class=\"languageInfoWrapper\">\r\n        \r\n        <h1>Ushtrime t\u00eb gramatik\u00ebs angleze<\/h1>\r\n        <p>D\u00ebshironi t\u00eb rrisni besimin tuaj n\u00eb <a href=\"https:\/\/talkpal.ai\/learn-english-with-ai\/\">anglisht<\/a>? Praktikimi i ushtrimeve gramatikore \u00ebsht\u00eb nj\u00eb m\u00ebnyr\u00eb e shk\u00eblqyer p\u00ebr t\u00eb p\u00ebrmir\u00ebsuar t\u00eb kuptuarit tuaj t\u00eb rregullave gramatikore, p\u00ebr t\u00eb p\u00ebrdorur foljet n\u00eb m\u00ebnyr\u00eb korrekte dhe p\u00ebr t\u00eb zgjeruar fjalorin tuaj. Filloni t\u00eb punoni n\u00eb gramatik\u00ebn tuaj angleze sot dhe shihni aft\u00ebsit\u00eb dhe rrjedhshm\u00ebrin\u00eb tuaj t\u00eb rriten me \u00e7do ushtrim!\n\n<\/p>\r\n\r\n                            <a class=\"getStartedHidden\" href=\"https:\/\/app.talkpal.ai\/signup?lng=\">Filloni<\/a>\r\n        \r\n    <\/div>\r\n\r\n    <figure>\r\n    <img decoding=\"async\" width=\"768\" height=\"768\" src=\"https:\/\/talkpal.ai\/wp-content\/uploads\/2023\/06\/English-768x768.png\" class=\"languageImage no-lazy\" alt=\"Language learning for improved multitasking\" fetchpriority=\"high\" sizes=\"(max-width: 768px) 150px, 768px\" srcset=\"https:\/\/talkpal.ai\/wp-content\/uploads\/2023\/06\/English-768x768.png 768w, https:\/\/talkpal.ai\/wp-content\/uploads\/2023\/06\/English-300x300.png 300w\" \/>\r\n    \r\n\r\n    <\/figure>\r\n\r\n            <a class=\"getStartedVisible\" href=\"https:\/\/app.talkpal.ai\/signup?lng=\">Filloni<\/a>\r\n    \r\n<\/section>\r\n\r\n\r\n<!-- <section class=\"grammarSection\">\r\n    <div class=\"grammarLinks\">\r\n            <\/div>\r\n<\/section> -->\r\n\r\n\r\n\r\n\r\n<section class=\"promotionalBanner\">\r\n    <p class=\"promotionalText\">M\u00ebnyra m\u00eb efikase p\u00ebr t\u00eb m\u00ebsuar nj\u00eb gjuh\u00eb<\/p>\r\n    <a class=\"promotionalLink\" href=\"https:\/\/app.talkpal.ai\/signup?lng=\">Provoni Talkpal falas<\/a>\r\n<\/section>\n<div class=\"wp-block-group pageContainerStyle\"><div class=\"wp-block-group__inner-container is-layout-constrained wp-block-group-is-layout-constrained\">\n<h2 class=\"wp-block-heading\" id=\"h-english-grammar-topics\">Temat e gramatik\u00ebs angleze<\/h2>\n\n\n\n<p><a href=\"https:\/\/talkpal.ai\/sq\/gramatika\/\">Gramatika<\/a> angleze \u00ebsht\u00eb nj\u00eb grup rregullash dhe udh\u00ebzimesh q\u00eb p\u00ebrcaktojn\u00eb struktur\u00ebn e gjuh\u00ebs angleze. Kjo na lejon t\u00eb komunikojm\u00eb me nj\u00ebri-tjetrin n\u00eb m\u00ebnyr\u00eb t\u00eb qart\u00eb dhe efektive. Kur m\u00ebsoni anglisht, t\u00eb kuptuarit e gramatik\u00ebs \u00ebsht\u00eb thelb\u00ebsor p\u00ebr zhvillimin e aft\u00ebsive t\u00eb forta t\u00eb leximit, shkrimit dhe t\u00eb folurit. Ky udh\u00ebtim do t\u00eb p\u00ebrfshij\u00eb komponent\u00eb t\u00eb ndrysh\u00ebm t\u00eb gramatik\u00ebs si mbiemra, ndajfolje, artikuj, kusht\u00ebtor\u00eb, emra, parafjal\u00eb, p\u00ebremra\/p\u00ebrcaktues, fjali, krahasim t\u00eb koh\u00ebs, koh\u00ebt dhe foljet. Le t\u00eb shqyrtojm\u00eb secil\u00ebn nga k\u00ebto tema n\u00eb nj\u00eb sekuenc\u00eb t\u00eb sugjeruar p\u00ebr ta b\u00ebr\u00eb m\u00ebsimin e gramatik\u00ebs angleze m\u00eb efektive dhe t\u00eb k\u00ebndshme.<\/p>\n\n\n\n<h3 class=\"wp-block-heading\" id=\"h-1-nouns\">1. Emrat:<\/h3>\n\n\n\n<p>Emrat jan\u00eb blloqet m\u00eb themelore t\u00eb gramatik\u00ebs angleze. Ato jan\u00eb fjal\u00eb q\u00eb p\u00ebrfaq\u00ebsojn\u00eb njer\u00ebz, vende, gj\u00ebra ose ide. Kuptimi i emrave \u00ebsht\u00eb thelb\u00ebsor p\u00ebr formimin e fjalive dhe p\u00ebrcjelljen e kuptimit n\u00eb gjuh\u00eb.<\/p>\n\n\n\n<h3 class=\"wp-block-heading\" id=\"h-2-pronouns-determiners\">2. P\u00ebremrat\/p\u00ebrcaktuesit:<\/h3>\n\n\n\n<p>Pasi t\u00eb keni nj\u00eb zot\u00ebrim t\u00eb emrave, t\u00eb m\u00ebsoni <a href=\"https:\/\/talkpal.ai\/sq\/rreth\/\">rreth<\/a> p\u00ebremrave dhe p\u00ebrcaktuesve \u00ebsht\u00eb hapi tjet\u00ebr. P\u00ebremrat z\u00ebvend\u00ebsojn\u00eb emrat n\u00eb nj\u00eb fjali p\u00ebr t\u00eb shmangur p\u00ebrs\u00ebritjen, nd\u00ebrsa p\u00ebrcaktuesit japin informacion p\u00ebr emrin, t\u00eb tilla si sasia ose posedimi.<\/p>\n\n\n\n<h3 class=\"wp-block-heading\" id=\"h-3-verbs\">3. Foljet:<\/h3>\n\n\n\n<p>Foljet jan\u00eb fjal\u00eb veprimi q\u00eb shprehin at\u00eb q\u00eb nj\u00eb em\u00ebr po b\u00ebn ose p\u00ebrjeton. Ato jan\u00eb nj\u00eb pjes\u00eb thelb\u00ebsore e \u00e7do fjalie dhe t\u00eb kuptuarit <a href=\"https:\/\/talkpal.ai\/culture\/what-is-the-difference-between-se-and-si\/\">se si<\/a> funksionojn\u00eb jan\u00eb thelb\u00ebsore p\u00ebr krijimin e deklaratave t\u00eb qarta dhe koncize.<\/p>\n\n\n\n<h3 class=\"wp-block-heading\" id=\"h-4-adjectives\">4. Mbiemra:<\/h3>\n\n\n\n<p>Mbiemrat p\u00ebrshkruajn\u00eb ose modifikojn\u00eb emrat, duke dh\u00ebn\u00eb m\u00eb shum\u00eb informacion rreth cil\u00ebsive ose karakteristikave t\u00eb <a href=\"https:\/\/talkpal.ai\/locations\/language-courses-in-tyre\/\">tyre<\/a>. T\u00eb m\u00ebsosh se si t\u00eb p\u00ebrdor\u00ebsh mbiemrat n\u00eb m\u00ebnyr\u00eb efektive do t\u00eb rris\u00eb aft\u00ebsin\u00eb t\u00ebnde p\u00ebr t\u00eb komunikuar n\u00eb anglisht.<\/p>\n\n\n\n<h3 class=\"wp-block-heading\" id=\"h-5-adverbs\">5. Ndajfoljet:<\/h3>\n\n\n\n<p>Ndajfoljet jan\u00eb t\u00eb ngjashme me mbiemrat, por modifikojn\u00eb foljet, mbiemrat ose ndajfoljet e tjera. Ata shpesh p\u00ebrshkruajn\u00eb se si, kur ose ku ndodh nj\u00eb veprim. Njohja e p\u00ebrdorimit t\u00eb ndajfoljeve do t\u00eb shtoj\u00eb thell\u00ebsi dhe detaje n\u00eb komunikimin tuaj n\u00eb anglisht.<\/p>\n\n\n\n<h3 class=\"wp-block-heading\" id=\"h-6-prepositions\">6. Parafjal\u00ebt:<\/h3>\n\n\n\n<p>Parafjal\u00ebt jan\u00eb fjal\u00eb q\u00eb tregojn\u00eb marr\u00ebdh\u00ebnien midis emrave, p\u00ebremrave dhe fjal\u00ebve t\u00eb tjera n\u00eb nj\u00eb fjali. Ato ndihmojn\u00eb n\u00eb sigurimin e kontekstit, si vendndodhja, koha ose drejtimi.<\/p>\n\n\n\n<h3 class=\"wp-block-heading\" id=\"h-7-articles\">7. Nenet:<\/h3>\n\n\n\n<p>Artikujt jan\u00eb nj\u00eb lloj p\u00ebrcaktuesi q\u00eb specifikon n\u00ebse nj\u00eb em\u00ebr \u00ebsht\u00eb i p\u00ebrcaktuar apo i pacaktuar. Ato jan\u00eb t\u00eb r\u00ebnd\u00ebsishme p\u00ebr formimin e duhur t\u00eb fjalive dhe ndihmojn\u00eb n\u00eb qart\u00ebsimin e kuptimit t\u00eb nj\u00eb deklarate.<\/p>\n\n\n\n<h3 class=\"wp-block-heading\" id=\"h-8-tenses\">8. Koh\u00ebt:<\/h3>\n\n\n\n<p>Koh\u00ebt tregojn\u00eb koh\u00ebn e nj\u00eb veprimi ose gjendjeje t\u00eb qenies. M\u00ebsimi i koh\u00ebve t\u00eb ndryshme n\u00eb anglisht do t&#8217;ju lejoj\u00eb t\u00eb shpreheni me sakt\u00ebsi, pavar\u00ebsisht n\u00ebse jeni duke diskutuar t\u00eb kaluar\u00ebn, t\u00eb tashmen ose t\u00eb ardhmen.<\/p>\n\n\n\n<h3 class=\"wp-block-heading\" id=\"h-9-tense-comparison\">9. Krahasimi i tensionit:<\/h3>\n\n\n\n<p>Kuptimi i krahasimit t\u00eb koh\u00ebs \u00ebsht\u00eb i r\u00ebnd\u00ebsish\u00ebm p\u00ebr krahasimin e veprimeve ose gjendjeve n\u00eb afate t\u00eb ndryshme kohore. Kjo aft\u00ebsi do t&#8217;ju ndihmoj\u00eb t\u00eb komunikoni ide komplekse dhe t\u00eb zhvilloni nj\u00eb kuptim m\u00eb t\u00eb avancuar t\u00eb gramatik\u00ebs angleze.<\/p>\n\n\n\n<h3 class=\"wp-block-heading\" id=\"h-10-sentences\">10. Fjalit\u00eb:<\/h3>\n\n\n\n<p>Fjalit\u00eb jan\u00eb themeli i komunikimit me shkrim dhe t\u00eb folur n\u00eb anglisht. Duke u bazuar n\u00eb njohurit\u00eb tuaja p\u00ebr emrat, foljet dhe komponent\u00ebt e tjer\u00eb gramatikore, t\u00eb m\u00ebsuarit rreth struktur\u00ebs s\u00eb fjalive do t&#8217;ju mund\u00ebsoj\u00eb t\u00eb p\u00ebrcillni mendimet tuaja n\u00eb m\u00ebnyr\u00eb efektive n\u00eb gjuh\u00eb.<\/p>\n\n\n\n<h3 class=\"wp-block-heading\" id=\"h-11-conditionals\">11. Kusht\u00ebzuese:<\/h3>\n\n\n\n<p>Kusht\u00ebzimet jan\u00eb fjali q\u00eb shprehin nj\u00eb gjendje dhe pasojat e tij t\u00eb mundshme. Ato jan\u00eb nj\u00eb aspekt i avancuar i gramatik\u00ebs angleze q\u00eb do t&#8217;ju ndihmoj\u00eb t\u00eb shprehni situata hipotetike dhe ide komplekse.<\/p>\n<\/div><\/div>\n\r\n<section class=\"learnNavigationSection\">\r\n            \r\n        <a href=\"https:\/\/talkpal.ai\/sq\/meso-anglisht\/\">\r\n            <div class=\"learnNavigationWrapper\">\r\n                <div class=\"learnNavigationContent\">\r\n                    <img decoding=\"async\" src=\"https:\/\/talkpal.ai\/wp-content\/uploads\/2024\/08\/English.jpg\" alt=\"English Flag\">\r\n                    <div>\r\n                        <h4>Rreth m\u00ebsimit t\u00eb anglishtes<\/h4>\r\n                        <p>M\u00ebsoni gjith\u00e7ka rreth gramatik\u00ebs angleze.<\/p>\r\n                    <\/div>\r\n                <\/div>\r\n            <\/div>\r\n        <\/a>\r\n\r\n        \r\n        <a href=\"https:\/\/talkpal.ai\/sq\/gramatika-angleze\/\">\r\n            <div class=\"learnNavigationWrapper\">\r\n                <div class=\"learnNavigationContent\">\r\n                    <img decoding=\"async\" src=\"https:\/\/talkpal.ai\/wp-content\/uploads\/2024\/08\/English.jpg\" alt=\"English Flag\">\r\n                    <div>\r\n                        <h4>M\u00ebsime t\u00eb gramatik\u00ebs angleze<\/h4>\r\n                        <p>Praktikoni gramatik\u00ebn angleze.<\/p>\r\n                    <\/div>\r\n                <\/div>\r\n            <\/div>\r\n        <\/a>\r\n\r\n        \r\n        <a href=\"https:\/\/talkpal.ai\/vocabulary_language\/english\/\">\r\n            <div class=\"learnNavigationWrapper\">\r\n                <div class=\"learnNavigationContent\">\r\n                    <img decoding=\"async\" src=\"https:\/\/talkpal.ai\/wp-content\/uploads\/2024\/08\/English.jpg\" alt=\"English Flag\">\r\n                    <div>\r\n                        <h4>Fjalori anglisht<\/h4>\r\n                        <p>Zgjeroni fjalorin tuaj anglisht.<\/p>\r\n                    <\/div>\r\n                <\/div>\r\n            <\/div>\r\n        <\/a>\r\n\r\n            <\/section>","protected":false},"excerpt":{"rendered":"<p>Temat e gramatik\u00ebs angleze Gramatika angleze \u00ebsht\u00eb nj\u00eb grup rregullash dhe udh\u00ebzimesh q\u00eb p\u00ebrcaktojn\u00eb struktur\u00ebn e gjuh\u00ebs angleze. Kjo na lejon t\u00eb komunikojm\u00eb me nj\u00ebri-tjetrin n\u00eb m\u00ebnyr\u00eb t\u00eb qart\u00eb dhe efektive. Kur m\u00ebsoni anglisht, t\u00eb kuptuarit e gramatik\u00ebs \u00ebsht\u00eb thelb\u00ebsor p\u00ebr zhvillimin e aft\u00ebsive t\u00eb forta t\u00eb leximit, shkrimit dhe t\u00eb folurit. Ky udh\u00ebtim do [&hellip;]<\/p>\n","protected":false},"author":1,"featured_media":1440038,"parent":0,"menu_order":0,"comment_status":"closed","ping_status":"closed","template":"LearningContentPage.php","meta":{"_acf_changed":false,"footnotes":""},"class_list":["post-1445340","page","type-page","status-publish","has-post-thumbnail","hentry"],"acf":[],"yoast_head":"<!-- This site is optimized with the Yoast SEO Premium plugin v27.2 (Yoast SEO v27.2) - https:\/\/yoast.com\/product\/yoast-seo-premium-wordpress\/ -->\n<title>Ushtrime t\u00eb gramatik\u00ebs angleze - Talkpal<\/title>\n<meta name=\"description\" content=\"P\u00ebrmir\u00ebsoni aft\u00ebsit\u00eb tuaja n\u00eb anglisht me ushtrime efektive gramatikore t\u00eb Talkpal. P\u00ebrmir\u00ebsoni aft\u00ebsin\u00eb tuaj gjuh\u00ebsore tani!\" \/>\n<meta name=\"robots\" content=\"index, follow, max-snippet:-1, max-image-preview:large, max-video-preview:-1\" \/>\n<link rel=\"canonical\" href=\"https:\/\/talkpal.ai\/sq\/ushtrime-te-gramatikes-angleze\/\" \/>\n<meta property=\"og:locale\" content=\"sq_AL\" \/>\n<meta property=\"og:type\" content=\"article\" \/>\n<meta property=\"og:title\" content=\"Ushtrime t\u00eb gramatik\u00ebs angleze\" \/>\n<meta property=\"og:description\" content=\"Temat e gramatik\u00ebs angleze Gramatika angleze \u00ebsht\u00eb nj\u00eb grup rregullash dhe udh\u00ebzimesh q\u00eb p\u00ebrcaktojn\u00eb struktur\u00ebn e gjuh\u00ebs angleze. Kjo na lejon t\u00eb\" \/>\n<meta property=\"og:url\" content=\"https:\/\/talkpal.ai\/sq\/ushtrime-te-gramatikes-angleze\/\" \/>\n<meta property=\"og:site_name\" content=\"Talkpal\" \/>\n<meta property=\"article:publisher\" content=\"https:\/\/www.facebook.com\/profile.php?id=100090733639311\" \/>\n<meta property=\"article:modified_time\" content=\"2025-12-17T16:36:39+00:00\" \/>\n<meta property=\"og:image\" content=\"https:\/\/talkpal.ai\/wp-content\/uploads\/2023\/03\/united-kingdom.png\" \/>\n\t<meta property=\"og:image:width\" content=\"512\" \/>\n\t<meta property=\"og:image:height\" content=\"512\" \/>\n\t<meta property=\"og:image:type\" content=\"image\/png\" \/>\n<meta name=\"twitter:card\" content=\"summary_large_image\" \/>\n<meta name=\"twitter:site\" content=\"@talkpalai\" \/>\n<meta name=\"twitter:label1\" content=\"Est. reading time\" \/>\n\t<meta name=\"twitter:data1\" content=\"3 minutes\" \/>\n<script type=\"application\/ld+json\" class=\"yoast-schema-graph\">{\"@context\":\"https:\/\/schema.org\",\"@graph\":[{\"@type\":\"WebPage\",\"@id\":\"https:\/\/talkpal.ai\/sq\/ushtrime-te-gramatikes-angleze\/\",\"url\":\"https:\/\/talkpal.ai\/sq\/ushtrime-te-gramatikes-angleze\/\",\"name\":\"Ushtrime t\u00eb gramatik\u00ebs angleze - Talkpal\",\"isPartOf\":{\"@id\":\"https:\/\/talkpal.ai\/sq\/#website\"},\"primaryImageOfPage\":{\"@id\":\"https:\/\/talkpal.ai\/sq\/ushtrime-te-gramatikes-angleze\/#primaryimage\"},\"image\":{\"@id\":\"https:\/\/talkpal.ai\/sq\/ushtrime-te-gramatikes-angleze\/#primaryimage\"},\"thumbnailUrl\":\"https:\/\/talkpal.ai\/wp-content\/uploads\/2023\/03\/united-kingdom.png\",\"datePublished\":\"2023-06-14T13:25:23+00:00\",\"dateModified\":\"2025-12-17T16:36:39+00:00\",\"description\":\"P\u00ebrmir\u00ebsoni aft\u00ebsit\u00eb tuaja n\u00eb anglisht me ushtrime efektive gramatikore t\u00eb Talkpal. P\u00ebrmir\u00ebsoni aft\u00ebsin\u00eb tuaj gjuh\u00ebsore tani!\",\"breadcrumb\":{\"@id\":\"https:\/\/talkpal.ai\/sq\/ushtrime-te-gramatikes-angleze\/#breadcrumb\"},\"inLanguage\":\"sq-AL\",\"potentialAction\":[{\"@type\":\"ReadAction\",\"target\":[\"https:\/\/talkpal.ai\/sq\/ushtrime-te-gramatikes-angleze\/\"]}]},{\"@type\":\"ImageObject\",\"inLanguage\":\"sq-AL\",\"@id\":\"https:\/\/talkpal.ai\/sq\/ushtrime-te-gramatikes-angleze\/#primaryimage\",\"url\":\"https:\/\/talkpal.ai\/wp-content\/uploads\/2023\/03\/united-kingdom.png\",\"contentUrl\":\"https:\/\/talkpal.ai\/wp-content\/uploads\/2023\/03\/united-kingdom.png\",\"width\":512,\"height\":512,\"caption\":\"TalkPal AI learn English\"},{\"@type\":\"BreadcrumbList\",\"@id\":\"https:\/\/talkpal.ai\/sq\/ushtrime-te-gramatikes-angleze\/#breadcrumb\",\"itemListElement\":[{\"@type\":\"ListItem\",\"position\":1,\"name\":\"Homepage\",\"item\":\"https:\/\/talkpal.ai\/sq\/\"},{\"@type\":\"ListItem\",\"position\":2,\"name\":\"Ushtrime t\u00eb gramatik\u00ebs angleze\"}]},{\"@type\":\"WebSite\",\"@id\":\"https:\/\/talkpal.ai\/sq\/#website\",\"url\":\"https:\/\/talkpal.ai\/sq\/\",\"name\":\"Talkpal\",\"description\":\"AI Language Learning\",\"publisher\":{\"@id\":\"https:\/\/talkpal.ai\/sq\/#organization\"},\"alternateName\":\"Talkpal AI\",\"potentialAction\":[{\"@type\":\"SearchAction\",\"target\":{\"@type\":\"EntryPoint\",\"urlTemplate\":\"https:\/\/talkpal.ai\/sq\/?s={search_term_string}\"},\"query-input\":{\"@type\":\"PropertyValueSpecification\",\"valueRequired\":true,\"valueName\":\"search_term_string\"}}],\"inLanguage\":\"sq-AL\"},{\"@type\":\"Organization\",\"@id\":\"https:\/\/talkpal.ai\/sq\/#organization\",\"name\":\"Talkpal, Inc.\",\"alternateName\":\"Talkpal AI\",\"url\":\"https:\/\/talkpal.ai\/sq\/\",\"logo\":{\"@type\":\"ImageObject\",\"inLanguage\":\"sq-AL\",\"@id\":\"https:\/\/talkpal.ai\/sq\/#\/schema\/logo\/image\/\",\"url\":\"https:\/\/talkpal.ai\/wp-content\/uploads\/2024\/03\/Talkpal-Logo-Icon.png\",\"contentUrl\":\"https:\/\/talkpal.ai\/wp-content\/uploads\/2024\/03\/Talkpal-Logo-Icon.png\",\"width\":2880,\"height\":2880,\"caption\":\"Talkpal, Inc.\"},\"image\":{\"@id\":\"https:\/\/talkpal.ai\/sq\/#\/schema\/logo\/image\/\"},\"sameAs\":[\"https:\/\/www.facebook.com\/profile.php?id=100090733639311\",\"https:\/\/x.com\/talkpalai\",\"https:\/\/www.linkedin.com\/company\/talkpal\/\",\"https:\/\/www.youtube.com\/@TalkPal\/\",\"https:\/\/www.tiktok.com\/@talkpal\",\"https:\/\/www.instagram.com\/talkpal_ai\/\",\"https:\/\/www.crunchbase.com\/organization\/talkpal-9cde\",\"https:\/\/www.g2.com\/products\/talkpal-for-business\/\",\"https:\/\/www.trustpilot.com\/review\/talkpal.ai\",\"https:\/\/www.capterra.com\/p\/10006800\/TalkPal\/\"],\"description\":\"Talkpal is a language learning web and mobile education app, powered by the latest AI technologies, that provides engaging experiences to its customers in many different languages to help them improve their language skills. Users can chat about unlimited amount of topics with the app and use other modes to practice their language learning.\",\"email\":\"support@talkpal.ai\",\"legalName\":\"Talkpal, Inc.\",\"foundingDate\":\"2023-04-03\",\"duns\":\"118989042\",\"numberOfEmployees\":{\"@type\":\"QuantitativeValue\",\"minValue\":\"11\",\"maxValue\":\"50\"},\"publishingPrinciples\":\"https:\/\/talkpal.ai\/publishing-principles\/\",\"actionableFeedbackPolicy\":\"https:\/\/talkpal.ai\/actionable-feedback-policy\/\",\"correctionsPolicy\":\"https:\/\/talkpal.ai\/corrections-policy\/\",\"ethicsPolicy\":\"https:\/\/talkpal.ai\/ethics-policy\/\",\"diversityPolicy\":\"https:\/\/talkpal.ai\/diversity-policy\/\",\"diversityStaffingReport\":\"https:\/\/talkpal.ai\/diversity-policy\/\"}]}<\/script>\n<!-- \/ Yoast SEO Premium plugin. -->","yoast_head_json":{"title":"Ushtrime t\u00eb gramatik\u00ebs angleze - Talkpal","description":"P\u00ebrmir\u00ebsoni aft\u00ebsit\u00eb tuaja n\u00eb anglisht me ushtrime efektive gramatikore t\u00eb Talkpal. P\u00ebrmir\u00ebsoni aft\u00ebsin\u00eb tuaj gjuh\u00ebsore tani!","robots":{"index":"index","follow":"follow","max-snippet":"max-snippet:-1","max-image-preview":"max-image-preview:large","max-video-preview":"max-video-preview:-1"},"canonical":"https:\/\/talkpal.ai\/sq\/ushtrime-te-gramatikes-angleze\/","og_locale":"sq_AL","og_type":"article","og_title":"Ushtrime t\u00eb gramatik\u00ebs angleze","og_description":"Temat e gramatik\u00ebs angleze Gramatika angleze \u00ebsht\u00eb nj\u00eb grup rregullash dhe udh\u00ebzimesh q\u00eb p\u00ebrcaktojn\u00eb struktur\u00ebn e gjuh\u00ebs angleze. Kjo na lejon t\u00eb","og_url":"https:\/\/talkpal.ai\/sq\/ushtrime-te-gramatikes-angleze\/","og_site_name":"Talkpal","article_publisher":"https:\/\/www.facebook.com\/profile.php?id=100090733639311","article_modified_time":"2025-12-17T16:36:39+00:00","og_image":[{"width":512,"height":512,"url":"https:\/\/talkpal.ai\/wp-content\/uploads\/2023\/03\/united-kingdom.png","type":"image\/png"}],"twitter_card":"summary_large_image","twitter_site":"@talkpalai","twitter_misc":{"Est. reading time":"3 minutes"},"schema":{"@context":"https:\/\/schema.org","@graph":[{"@type":"WebPage","@id":"https:\/\/talkpal.ai\/sq\/ushtrime-te-gramatikes-angleze\/","url":"https:\/\/talkpal.ai\/sq\/ushtrime-te-gramatikes-angleze\/","name":"Ushtrime t\u00eb gramatik\u00ebs angleze - Talkpal","isPartOf":{"@id":"https:\/\/talkpal.ai\/sq\/#website"},"primaryImageOfPage":{"@id":"https:\/\/talkpal.ai\/sq\/ushtrime-te-gramatikes-angleze\/#primaryimage"},"image":{"@id":"https:\/\/talkpal.ai\/sq\/ushtrime-te-gramatikes-angleze\/#primaryimage"},"thumbnailUrl":"https:\/\/talkpal.ai\/wp-content\/uploads\/2023\/03\/united-kingdom.png","datePublished":"2023-06-14T13:25:23+00:00","dateModified":"2025-12-17T16:36:39+00:00","description":"P\u00ebrmir\u00ebsoni aft\u00ebsit\u00eb tuaja n\u00eb anglisht me ushtrime efektive gramatikore t\u00eb Talkpal. P\u00ebrmir\u00ebsoni aft\u00ebsin\u00eb tuaj gjuh\u00ebsore tani!","breadcrumb":{"@id":"https:\/\/talkpal.ai\/sq\/ushtrime-te-gramatikes-angleze\/#breadcrumb"},"inLanguage":"sq-AL","potentialAction":[{"@type":"ReadAction","target":["https:\/\/talkpal.ai\/sq\/ushtrime-te-gramatikes-angleze\/"]}]},{"@type":"ImageObject","inLanguage":"sq-AL","@id":"https:\/\/talkpal.ai\/sq\/ushtrime-te-gramatikes-angleze\/#primaryimage","url":"https:\/\/talkpal.ai\/wp-content\/uploads\/2023\/03\/united-kingdom.png","contentUrl":"https:\/\/talkpal.ai\/wp-content\/uploads\/2023\/03\/united-kingdom.png","width":512,"height":512,"caption":"TalkPal AI learn English"},{"@type":"BreadcrumbList","@id":"https:\/\/talkpal.ai\/sq\/ushtrime-te-gramatikes-angleze\/#breadcrumb","itemListElement":[{"@type":"ListItem","position":1,"name":"Homepage","item":"https:\/\/talkpal.ai\/sq\/"},{"@type":"ListItem","position":2,"name":"Ushtrime t\u00eb gramatik\u00ebs angleze"}]},{"@type":"WebSite","@id":"https:\/\/talkpal.ai\/sq\/#website","url":"https:\/\/talkpal.ai\/sq\/","name":"Talkpal","description":"AI Language Learning","publisher":{"@id":"https:\/\/talkpal.ai\/sq\/#organization"},"alternateName":"Talkpal AI","potentialAction":[{"@type":"SearchAction","target":{"@type":"EntryPoint","urlTemplate":"https:\/\/talkpal.ai\/sq\/?s={search_term_string}"},"query-input":{"@type":"PropertyValueSpecification","valueRequired":true,"valueName":"search_term_string"}}],"inLanguage":"sq-AL"},{"@type":"Organization","@id":"https:\/\/talkpal.ai\/sq\/#organization","name":"Talkpal, Inc.","alternateName":"Talkpal AI","url":"https:\/\/talkpal.ai\/sq\/","logo":{"@type":"ImageObject","inLanguage":"sq-AL","@id":"https:\/\/talkpal.ai\/sq\/#\/schema\/logo\/image\/","url":"https:\/\/talkpal.ai\/wp-content\/uploads\/2024\/03\/Talkpal-Logo-Icon.png","contentUrl":"https:\/\/talkpal.ai\/wp-content\/uploads\/2024\/03\/Talkpal-Logo-Icon.png","width":2880,"height":2880,"caption":"Talkpal, Inc."},"image":{"@id":"https:\/\/talkpal.ai\/sq\/#\/schema\/logo\/image\/"},"sameAs":["https:\/\/www.facebook.com\/profile.php?id=100090733639311","https:\/\/x.com\/talkpalai","https:\/\/www.linkedin.com\/company\/talkpal\/","https:\/\/www.youtube.com\/@TalkPal\/","https:\/\/www.tiktok.com\/@talkpal","https:\/\/www.instagram.com\/talkpal_ai\/","https:\/\/www.crunchbase.com\/organization\/talkpal-9cde","https:\/\/www.g2.com\/products\/talkpal-for-business\/","https:\/\/www.trustpilot.com\/review\/talkpal.ai","https:\/\/www.capterra.com\/p\/10006800\/TalkPal\/"],"description":"Talkpal is a language learning web and mobile education app, powered by the latest AI technologies, that provides engaging experiences to its customers in many different languages to help them improve their language skills. Users can chat about unlimited amount of topics with the app and use other modes to practice their language learning.","email":"support@talkpal.ai","legalName":"Talkpal, Inc.","foundingDate":"2023-04-03","duns":"118989042","numberOfEmployees":{"@type":"QuantitativeValue","minValue":"11","maxValue":"50"},"publishingPrinciples":"https:\/\/talkpal.ai\/publishing-principles\/","actionableFeedbackPolicy":"https:\/\/talkpal.ai\/actionable-feedback-policy\/","correctionsPolicy":"https:\/\/talkpal.ai\/corrections-policy\/","ethicsPolicy":"https:\/\/talkpal.ai\/ethics-policy\/","diversityPolicy":"https:\/\/talkpal.ai\/diversity-policy\/","diversityStaffingReport":"https:\/\/talkpal.ai\/diversity-policy\/"}]}},"_links":{"self":[{"href":"https:\/\/talkpal.ai\/sq\/wp-json\/wp\/v2\/pages\/1445340","targetHints":{"allow":["GET"]}}],"collection":[{"href":"https:\/\/talkpal.ai\/sq\/wp-json\/wp\/v2\/pages"}],"about":[{"href":"https:\/\/talkpal.ai\/sq\/wp-json\/wp\/v2\/types\/page"}],"author":[{"embeddable":true,"href":"https:\/\/talkpal.ai\/sq\/wp-json\/wp\/v2\/users\/1"}],"replies":[{"embeddable":true,"href":"https:\/\/talkpal.ai\/sq\/wp-json\/wp\/v2\/comments?post=1445340"}],"version-history":[{"count":0,"href":"https:\/\/talkpal.ai\/sq\/wp-json\/wp\/v2\/pages\/1445340\/revisions"}],"wp:featuredmedia":[{"embeddable":true,"href":"https:\/\/talkpal.ai\/sq\/wp-json\/wp\/v2\/media\/1440038"}],"wp:attachment":[{"href":"https:\/\/talkpal.ai\/sq\/wp-json\/wp\/v2\/media?parent=1445340"}],"curies":[{"name":"wp","href":"https:\/\/api.w.org\/{rel}","templated":true}]}}