{"id":1445334,"date":"2023-05-14T14:25:05","date_gmt":"2023-05-14T14:25:05","guid":{"rendered":"https:\/\/talkpal.ai\/gramatika-swahili\/"},"modified":"2025-12-13T15:56:15","modified_gmt":"2025-12-13T15:56:15","slug":"gramatika-swahili","status":"publish","type":"page","link":"https:\/\/talkpal.ai\/sq\/gramatika-swahili\/","title":{"rendered":"Gramatika Swahili"},"content":{"rendered":"\r\n\r\n\r\n<section class=\"languageChallengeSection\">\r\n    <div class=\"languageInfoWrapper\">\r\n        \r\n        <h1>Gramatika Swahili<\/h1>\r\n        <p>Zhbllokoni sekretet e gramatik\u00ebs <a href=\"https:\/\/talkpal.ai\/learn-swahili\/\">Swahili<\/a> dhe rritni aft\u00ebsit\u00eb tuaja gjuh\u00ebsore me m\u00ebsime t\u00ebrheq\u00ebse dhe shembuj t\u00eb jet\u00ebs reale. Zhytuni n\u00eb bazat e struktur\u00ebs s\u00eb fjalis\u00eb, modelet e foljeve dhe rregullat thelb\u00ebsore gramatikore. Praktikoni at\u00eb q\u00eb m\u00ebsoni me ushtrime interaktive t\u00eb krijuara p\u00ebr t\u00eb p\u00ebrforcuar t\u00eb kuptuarit tuaj. Filloni t\u00eb zot\u00ebroni gramatik\u00ebn Swahili sot dhe komunikoni me m\u00eb siguri!<\/p>\r\n\r\n                            <a class=\"getStartedHidden\" href=\"https:\/\/app.talkpal.ai\/signup?lng=\">Filloni<\/a>\r\n        \r\n    <\/div>\r\n\r\n    <figure>\r\n    <img decoding=\"async\" width=\"768\" height=\"768\" src=\"https:\/\/talkpal.ai\/wp-content\/uploads\/2023\/06\/Swahili-768x768.png\" class=\"languageImage no-lazy\" alt=\"Secrets to master language learning\" fetchpriority=\"high\" sizes=\"(max-width: 768px) 150px, 768px\" srcset=\"https:\/\/talkpal.ai\/wp-content\/uploads\/2023\/06\/Swahili-768x768.png 768w, https:\/\/talkpal.ai\/wp-content\/uploads\/2023\/06\/Swahili-300x300.png 300w\" \/>\r\n    \r\n\r\n    <\/figure>\r\n\r\n            <a class=\"getStartedVisible\" href=\"https:\/\/app.talkpal.ai\/signup?lng=\">Filloni<\/a>\r\n    \r\n<\/section>\r\n<section class=\"promotionalBanner\">\r\n    <p class=\"promotionalText\">M\u00ebnyra m\u00eb efikase p\u00ebr t\u00eb m\u00ebsuar nj\u00eb gjuh\u00eb<\/p>\r\n    <a class=\"promotionalLink\" href=\"https:\/\/app.talkpal.ai\/signup?lng=\">Provoni Talkpal falas<\/a>\r\n<\/section>\n<div class=\"wp-block-group pageContainerStyle\"><div class=\"wp-block-group__inner-container is-layout-constrained wp-block-group-is-layout-constrained\">\n<h2 class=\"wp-block-heading\" id=\"h-swahili-grammar-demystifying-the-linguistic-adventure\">Gramatika Swahili: \u00c7mitizimi i aventur\u00ebs gjuh\u00ebsore<\/h2>\n\n\n\n<p><a href=\"https:\/\/talkpal.ai\/sq\/gramatika\/\">Gramatika<\/a> Swahili \u2013 t\u00ebrheq\u00ebse por enigmatike, fluide por intriguese, e gjall\u00eb por magjeps\u00ebse. Nd\u00ebrsa filloni udh\u00ebtimin tuaj gjuh\u00ebsor n\u00eb gjuh\u00ebn Swahili, mund t\u00eb hasni nj\u00eb p\u00ebrzierje magjepsjeje dhe pasigurie. Mos u shqet\u00ebsoni, shok\u00eb fanatik\u00eb t\u00eb gjuh\u00ebs! Ne jemi k\u00ebtu p\u00ebr t&#8217;ju ndihmuar t\u00eb lundroni n\u00eb k\u00ebto uj\u00ebra emocionuese gjuh\u00ebsore!<\/p>\n\n\n\n<p>N\u00eb k\u00ebt\u00eb artikull, ne do t\u00eb ofrojm\u00eb nj\u00eb pasqyr\u00eb gjith\u00ebp\u00ebrfshir\u00ebse t\u00eb gramatik\u00ebs Swahili, duke eksploruar komponent\u00ebt kryesor\u00eb, duke ofruar shpjegime dhe shembuj dhe duke thjeshtuar nd\u00ebrlikimet. Pra, le t\u00eb \u00e7lirojm\u00eb magjin\u00eb e gjuh\u00ebs suahili dhe t\u00eb zbulojm\u00eb misteret e gramatik\u00ebs s\u00eb saj!<\/p>\n\n\n\n<h3 class=\"wp-block-heading\" id=\"h-1-noun-classes-from-people-to-abstract-ideas\">1. Klasat e emrave: Nga njer\u00ebzit te idet\u00eb abstrakte<\/h3>\n\n\n\n<p>Gramatika Swahili sillet <a href=\"https:\/\/talkpal.ai\/sq\/rreth\/\">rreth<\/a> nj\u00eb sistemi t\u00eb ve\u00e7ant\u00eb por thelb\u00ebsor t\u00eb klasifikimit t\u00eb emrave. Emrat organizohen n\u00eb klasa t\u00eb ndryshme bazuar n\u00eb kuptimin ose karakteristikat e <a href=\"https:\/\/talkpal.ai\/locations\/language-courses-in-tyre\/\">tyre<\/a> dhe secila klas\u00eb ka nj\u00eb prefiks specifik. Nd\u00ebrsa kjo mund t\u00eb duket frik\u00ebsuese, \u00ebsht\u00eb thelb\u00ebsore n\u00eb krijimin e marr\u00ebveshjes midis emrave, mbiemrave dhe foljeve.<\/p>\n\n\n\n<p>P\u00ebr t\u00eb thjeshtuar k\u00ebt\u00eb proces, filloni duke u p\u00ebrqendruar n\u00eb klasat m\u00eb t\u00eb zakonshme t\u00eb emrave:<\/p>\n\n\n\n<p><strong>\u2013 Klasa 1: Njer\u00ebzit (p.sh., mtu \u2013 person)<\/strong><\/p>\n\n\n\n<p><strong>\u2013 Klasa 2: Shum\u00ebsi i emrave t\u00eb klas\u00ebs 1 (p.sh., watu \u2013 njer\u00ebz)<\/strong><\/p>\n\n\n\n<p><strong>\u2013 Klasa 3: Pem\u00ebt, bim\u00ebt dhe emrat abstrakt\u00eb (p.sh., mti \u2013 pem\u00eb)<\/strong><\/p>\n\n\n\n<p><strong>\u2013 Klasa 4: Objekte t\u00eb pajeta dhe emra abstrakt\u00eb (p.sh., kiti \u2013 karrige)<\/strong><\/p>\n\n\n\n<p>Mos harroni, praktika e b\u00ebn t\u00eb p\u00ebrsosur dhe t\u00eb kuptuarit e klasave t\u00eb emrave do t\u00eb b\u00ebhet m\u00eb i leht\u00eb me kalimin e koh\u00ebs!<\/p>\n\n\n\n<h3 class=\"wp-block-heading\" id=\"h-2-adjectives-from-basic-to-intricate-agreement\">2. Mbiemrat: Nga marr\u00ebveshja themelore n\u00eb at\u00eb t\u00eb nd\u00ebrlikuar<\/h3>\n\n\n\n<p>Mbiemrat n\u00eb Swahili pajtohen me klas\u00ebn e emrit dhe numrin q\u00eb modifikojn\u00eb. Si rezultat, mbiemrat kan\u00eb parashtesa t\u00eb shumta p\u00ebr t\u00eb korresponduar me klasa t\u00eb ndryshme emrash. Lajmi i mir\u00eb \u00ebsht\u00eb se shum\u00eb mbiemra ndajn\u00eb t\u00eb nj\u00ebjt\u00ebn fjal\u00eb rr\u00ebnj\u00ebsore, gj\u00eb q\u00eb e b\u00ebn m\u00ebsimin e tyre m\u00eb t\u00eb menaxhuesh\u00ebm.<\/p>\n\n\n\n<p>P\u00ebr shembull, rr\u00ebnja &#8220;-refu&#8221; do t\u00eb thot\u00eb &#8220;e gjat\u00eb&#8221;. N\u00eb var\u00ebsi t\u00eb klas\u00ebs s\u00eb emrit, mund t\u00eb shfaqet si &#8220;mrefu&#8221; (Klasa 1), &#8220;wazuri&#8221; (Klasa 2), &#8220;jurefu&#8221; (Klasa 3), etj. Me praktik\u00eb, marrja e marr\u00ebveshjes mbiemr-em\u00ebr do t\u00eb jet\u00eb e leht\u00eb!<\/p>\n\n\n\n<h3 class=\"wp-block-heading\" id=\"h-3-verbs-tense-subject-and-object\">3. Foljet: Koha, Subjekti dhe Objekti<\/h3>\n\n\n\n<p>Foljet Swahili jan\u00eb si thika efikase t\u00eb ushtris\u00eb zvicerane, q\u00eb p\u00ebrcjellin n\u00eb m\u00ebnyr\u00eb kompakte koh\u00ebn, subjektin dhe objektin, t\u00eb gjitha n\u00eb nj\u00eb paket\u00eb t\u00eb rregullt. Koh\u00ebt formohen duke bashkangjitur sh\u00ebnues t\u00eb koh\u00ebs n\u00eb rr\u00ebnj\u00ebn e foljes, nd\u00ebrsa sh\u00ebnuesit e subjektit dhe objektit shprehin se kush \u00ebsht\u00eb i p\u00ebrfshir\u00eb n\u00eb veprim.<\/p>\n\n\n\n<p>P\u00ebr shembull, rr\u00ebnja &#8220;-soma&#8221; do t\u00eb thot\u00eb &#8220;t\u00eb lexosh&#8221;. Duke shtuar parashtesa dhe prapashtesa t\u00eb ndryshme, ju mund t\u00eb krijoni variacione t\u00eb shumta: &#8220;anasoma&#8221; (ai\/ajo po lexon), &#8220;alisoma&#8221; (ai\/ajo lexon) ose &#8220;atasoma&#8221; (ai\/ajo do t\u00eb lexoj\u00eb).<\/p>\n\n\n\n<h3 class=\"wp-block-heading\" id=\"h-4-word-order-subject-verb-object-for-clarity\">4. Rendi i fjal\u00ebve: subjekti-folje-objekt p\u00ebr qart\u00ebsi<\/h3>\n\n\n\n<p>Swahili ndjek nj\u00eb rend t\u00eb thjesht\u00eb, por t\u00eb qart\u00eb t\u00eb fjal\u00ebve Subjekt-Folje-Objekt (SVO), i ngjash\u00ebm me anglishten, gj\u00eb q\u00eb e b\u00ebn nd\u00ebrtimin e fjalis\u00eb m\u00eb pak t\u00eb friksh\u00ebm. P\u00ebr shembull, &#8220;Mwanafunzi anasoma kitabu&#8221; p\u00ebrkthehet drejtp\u00ebrdrejt n\u00eb &#8220;Studenti (subjekti) po lexon (folje) lib\u00ebr (objekt)&#8221;.<\/p>\n\n\n\n<h3 class=\"wp-block-heading\" id=\"h-5-embrace-the-challenges-practice-is-key\">5. P\u00ebrqafoni sfidat: Praktika \u00ebsht\u00eb \u00e7el\u00ebsi<\/h3>\n\n\n\n<p>Zhytja n\u00eb gramatik\u00ebn Swahili mund t\u00eb duket pak d\u00ebrrmuese n\u00eb fillim. Megjithat\u00eb, mbani n\u00eb mend se durimi, praktika dhe k\u00ebmb\u00ebngulja jan\u00eb sekretet e suksesit. Angazhohuni me gjuh\u00ebn p\u00ebrmes leximit, shkrimit, d\u00ebgjimit dhe t\u00eb folurit p\u00ebr t\u00eb p\u00ebrmir\u00ebsuar t\u00eb kuptuarit dhe besimin tuaj.<\/p>\n\n\n\n<p>Pra, a jeni gati t\u00eb eksploroni mrekullit\u00eb e gramatik\u00ebs Swahili? P\u00ebrqafoni nd\u00ebrlikimet e tij, shijoni nuancat dhe mbani mend se me p\u00ebrkushtim dhe entuziaz\u00ebm, mund t\u00eb zhbllokoni bukurin\u00eb e v\u00ebrtet\u00eb t\u00eb gjuh\u00ebs Swahili. Bahati njema! (Pa\u00e7 fat!)<\/p>\n<\/div><\/div>\n\r\n<section class=\"learnNavigationSection\">\r\n            \r\n        <a href=\"https:\/\/talkpal.ai\/sq\/meso-suahili\/\">\r\n            <div class=\"learnNavigationWrapper\">\r\n                <div class=\"learnNavigationContent\">\r\n                    <img decoding=\"async\" src=\"https:\/\/talkpal.ai\/wp-content\/uploads\/2024\/08\/Swahili.jpg\" alt=\"Kenya and Tanzania Flags\">\r\n                    <div>\r\n                        <h4>Rreth m\u00ebsimit t\u00eb Swahili<\/h4>\r\n                        <p>M\u00ebsoni gjith\u00e7ka rreth gramatik\u00ebs Swahili.<\/p>\r\n                    <\/div>\r\n                <\/div>\r\n            <\/div>\r\n        <\/a>\r\n\r\n        \r\n        <a href=\"https:\/\/talkpal.ai\/sq\/ushtrime-gramatikore-suahili\/\">\r\n            <div class=\"learnNavigationWrapper\">\r\n                <div class=\"learnNavigationContent\">\r\n                    <img decoding=\"async\" src=\"https:\/\/talkpal.ai\/wp-content\/uploads\/2024\/08\/Swahili.jpg\" alt=\"Kenya and Tanzania Flags\">\r\n                    <div>\r\n                        <h4>Ushtrimi i gramatik\u00ebs Swahili<\/h4>\r\n                        <p>Praktikoni gramatik\u00ebn Swahili.<\/p>\r\n                    <\/div>\r\n                <\/div>\r\n            <\/div>\r\n        <\/a>\r\n\r\n        \r\n        <a href=\"https:\/\/talkpal.ai\/vocabulary_language\/swahili\/\">\r\n            <div class=\"learnNavigationWrapper\">\r\n                <div class=\"learnNavigationContent\">\r\n                    <img decoding=\"async\" src=\"https:\/\/talkpal.ai\/wp-content\/uploads\/2024\/08\/Swahili.jpg\" alt=\"Kenya and Tanzania Flags\">\r\n                    <div>\r\n                        <h4>Fjalori Swahili<\/h4>\r\n                        <p>Zgjeroni fjalorin tuaj Swahili.<\/p>\r\n                    <\/div>\r\n                <\/div>\r\n            <\/div>\r\n        <\/a>\r\n\r\n            <\/section>","protected":false},"excerpt":{"rendered":"<p>Gramatika Swahili: \u00c7mitizimi i aventur\u00ebs gjuh\u00ebsore Gramatika Swahili \u2013 t\u00ebrheq\u00ebse por enigmatike, fluide por intriguese, e gjall\u00eb por magjeps\u00ebse. Nd\u00ebrsa filloni udh\u00ebtimin tuaj gjuh\u00ebsor n\u00eb gjuh\u00ebn Swahili, mund t\u00eb hasni nj\u00eb p\u00ebrzierje magjepsjeje dhe pasigurie. Mos u shqet\u00ebsoni, shok\u00eb fanatik\u00eb t\u00eb gjuh\u00ebs! Ne jemi k\u00ebtu p\u00ebr t&#8217;ju ndihmuar t\u00eb lundroni n\u00eb k\u00ebto uj\u00ebra emocionuese gjuh\u00ebsore! [&hellip;]<\/p>\n","protected":false},"author":1,"featured_media":1444854,"parent":0,"menu_order":0,"comment_status":"closed","ping_status":"closed","template":"LearningContentPage.php","meta":{"_acf_changed":false,"footnotes":""},"class_list":["post-1445334","page","type-page","status-publish","has-post-thumbnail","hentry"],"acf":[],"yoast_head":"<!-- This site is optimized with the Yoast SEO Premium plugin v27.2 (Yoast SEO v27.2) - https:\/\/yoast.com\/product\/yoast-seo-premium-wordpress\/ -->\n<title>Gramatika Swahili - Talkpal<\/title>\n<meta name=\"description\" content=\"Zhbllokoni sekretet e gramatik\u00ebs Swahili me udh\u00ebzuesin ton\u00eb gjith\u00ebp\u00ebrfshir\u00ebs! Zbuloni klasat e tij unike t\u00eb emrave dhe komponent\u00ebt kryesor\u00eb.\" \/>\n<meta name=\"robots\" content=\"index, follow, max-snippet:-1, max-image-preview:large, max-video-preview:-1\" \/>\n<link rel=\"canonical\" href=\"https:\/\/talkpal.ai\/sq\/gramatika-swahili\/\" \/>\n<meta property=\"og:locale\" content=\"sq_AL\" \/>\n<meta property=\"og:type\" content=\"article\" \/>\n<meta property=\"og:title\" content=\"Gramatika Swahili\" \/>\n<meta property=\"og:description\" content=\"Gramatika Swahili: \u00c7mitizimi i aventur\u00ebs gjuh\u00ebsore Gramatika Swahili \u2013 t\u00ebrheq\u00ebse por enigmatike, fluide por intriguese, e gjall\u00eb por magjeps\u00ebse. Nd\u00ebrsa\" \/>\n<meta property=\"og:url\" content=\"https:\/\/talkpal.ai\/sq\/gramatika-swahili\/\" \/>\n<meta property=\"og:site_name\" content=\"Talkpal\" \/>\n<meta property=\"article:publisher\" content=\"https:\/\/www.facebook.com\/profile.php?id=100090733639311\" \/>\n<meta property=\"article:modified_time\" content=\"2025-12-13T15:56:15+00:00\" \/>\n<meta property=\"og:image\" content=\"https:\/\/talkpal.ai\/wp-content\/uploads\/2023\/05\/Swahili-tanzania.png\" \/>\n\t<meta property=\"og:image:width\" content=\"512\" \/>\n\t<meta property=\"og:image:height\" content=\"512\" \/>\n\t<meta property=\"og:image:type\" content=\"image\/png\" \/>\n<meta name=\"twitter:card\" content=\"summary_large_image\" \/>\n<meta name=\"twitter:site\" content=\"@talkpalai\" \/>\n<meta name=\"twitter:label1\" content=\"Est. reading time\" \/>\n\t<meta name=\"twitter:data1\" content=\"3 minutes\" \/>\n<script type=\"application\/ld+json\" class=\"yoast-schema-graph\">{\"@context\":\"https:\/\/schema.org\",\"@graph\":[{\"@type\":\"WebPage\",\"@id\":\"https:\/\/talkpal.ai\/sq\/gramatika-swahili\/\",\"url\":\"https:\/\/talkpal.ai\/sq\/gramatika-swahili\/\",\"name\":\"Gramatika Swahili - Talkpal\",\"isPartOf\":{\"@id\":\"https:\/\/talkpal.ai\/sq\/#website\"},\"primaryImageOfPage\":{\"@id\":\"https:\/\/talkpal.ai\/sq\/gramatika-swahili\/#primaryimage\"},\"image\":{\"@id\":\"https:\/\/talkpal.ai\/sq\/gramatika-swahili\/#primaryimage\"},\"thumbnailUrl\":\"https:\/\/talkpal.ai\/wp-content\/uploads\/2023\/05\/Swahili-tanzania.png\",\"datePublished\":\"2023-05-14T14:25:05+00:00\",\"dateModified\":\"2025-12-13T15:56:15+00:00\",\"description\":\"Zhbllokoni sekretet e gramatik\u00ebs Swahili me udh\u00ebzuesin ton\u00eb gjith\u00ebp\u00ebrfshir\u00ebs! Zbuloni klasat e tij unike t\u00eb emrave dhe komponent\u00ebt kryesor\u00eb.\",\"breadcrumb\":{\"@id\":\"https:\/\/talkpal.ai\/sq\/gramatika-swahili\/#breadcrumb\"},\"inLanguage\":\"sq-AL\",\"potentialAction\":[{\"@type\":\"ReadAction\",\"target\":[\"https:\/\/talkpal.ai\/sq\/gramatika-swahili\/\"]}]},{\"@type\":\"ImageObject\",\"inLanguage\":\"sq-AL\",\"@id\":\"https:\/\/talkpal.ai\/sq\/gramatika-swahili\/#primaryimage\",\"url\":\"https:\/\/talkpal.ai\/wp-content\/uploads\/2023\/05\/Swahili-tanzania.png\",\"contentUrl\":\"https:\/\/talkpal.ai\/wp-content\/uploads\/2023\/05\/Swahili-tanzania.png\",\"width\":512,\"height\":512,\"caption\":\"TalkPal SwahiliFlag\"},{\"@type\":\"BreadcrumbList\",\"@id\":\"https:\/\/talkpal.ai\/sq\/gramatika-swahili\/#breadcrumb\",\"itemListElement\":[{\"@type\":\"ListItem\",\"position\":1,\"name\":\"Homepage\",\"item\":\"https:\/\/talkpal.ai\/sq\/\"},{\"@type\":\"ListItem\",\"position\":2,\"name\":\"Gramatika Swahili\"}]},{\"@type\":\"WebSite\",\"@id\":\"https:\/\/talkpal.ai\/sq\/#website\",\"url\":\"https:\/\/talkpal.ai\/sq\/\",\"name\":\"Talkpal\",\"description\":\"AI Language Learning\",\"publisher\":{\"@id\":\"https:\/\/talkpal.ai\/sq\/#organization\"},\"alternateName\":\"Talkpal AI\",\"potentialAction\":[{\"@type\":\"SearchAction\",\"target\":{\"@type\":\"EntryPoint\",\"urlTemplate\":\"https:\/\/talkpal.ai\/sq\/?s={search_term_string}\"},\"query-input\":{\"@type\":\"PropertyValueSpecification\",\"valueRequired\":true,\"valueName\":\"search_term_string\"}}],\"inLanguage\":\"sq-AL\"},{\"@type\":\"Organization\",\"@id\":\"https:\/\/talkpal.ai\/sq\/#organization\",\"name\":\"Talkpal, Inc.\",\"alternateName\":\"Talkpal AI\",\"url\":\"https:\/\/talkpal.ai\/sq\/\",\"logo\":{\"@type\":\"ImageObject\",\"inLanguage\":\"sq-AL\",\"@id\":\"https:\/\/talkpal.ai\/sq\/#\/schema\/logo\/image\/\",\"url\":\"https:\/\/talkpal.ai\/wp-content\/uploads\/2024\/03\/Talkpal-Logo-Icon.png\",\"contentUrl\":\"https:\/\/talkpal.ai\/wp-content\/uploads\/2024\/03\/Talkpal-Logo-Icon.png\",\"width\":2880,\"height\":2880,\"caption\":\"Talkpal, Inc.\"},\"image\":{\"@id\":\"https:\/\/talkpal.ai\/sq\/#\/schema\/logo\/image\/\"},\"sameAs\":[\"https:\/\/www.facebook.com\/profile.php?id=100090733639311\",\"https:\/\/x.com\/talkpalai\",\"https:\/\/www.linkedin.com\/company\/talkpal\/\",\"https:\/\/www.youtube.com\/@TalkPal\/\",\"https:\/\/www.tiktok.com\/@talkpal\",\"https:\/\/www.instagram.com\/talkpal_ai\/\",\"https:\/\/www.crunchbase.com\/organization\/talkpal-9cde\",\"https:\/\/www.g2.com\/products\/talkpal-for-business\/\",\"https:\/\/www.trustpilot.com\/review\/talkpal.ai\",\"https:\/\/www.capterra.com\/p\/10006800\/TalkPal\/\"],\"description\":\"Talkpal is a language learning web and mobile education app, powered by the latest AI technologies, that provides engaging experiences to its customers in many different languages to help them improve their language skills. Users can chat about unlimited amount of topics with the app and use other modes to practice their language learning.\",\"email\":\"support@talkpal.ai\",\"legalName\":\"Talkpal, Inc.\",\"foundingDate\":\"2023-04-03\",\"duns\":\"118989042\",\"numberOfEmployees\":{\"@type\":\"QuantitativeValue\",\"minValue\":\"11\",\"maxValue\":\"50\"},\"publishingPrinciples\":\"https:\/\/talkpal.ai\/publishing-principles\/\",\"actionableFeedbackPolicy\":\"https:\/\/talkpal.ai\/actionable-feedback-policy\/\",\"correctionsPolicy\":\"https:\/\/talkpal.ai\/corrections-policy\/\",\"ethicsPolicy\":\"https:\/\/talkpal.ai\/ethics-policy\/\",\"diversityPolicy\":\"https:\/\/talkpal.ai\/diversity-policy\/\",\"diversityStaffingReport\":\"https:\/\/talkpal.ai\/diversity-policy\/\"}]}<\/script>\n<!-- \/ Yoast SEO Premium plugin. -->","yoast_head_json":{"title":"Gramatika Swahili - Talkpal","description":"Zhbllokoni sekretet e gramatik\u00ebs Swahili me udh\u00ebzuesin ton\u00eb gjith\u00ebp\u00ebrfshir\u00ebs! Zbuloni klasat e tij unike t\u00eb emrave dhe komponent\u00ebt kryesor\u00eb.","robots":{"index":"index","follow":"follow","max-snippet":"max-snippet:-1","max-image-preview":"max-image-preview:large","max-video-preview":"max-video-preview:-1"},"canonical":"https:\/\/talkpal.ai\/sq\/gramatika-swahili\/","og_locale":"sq_AL","og_type":"article","og_title":"Gramatika Swahili","og_description":"Gramatika Swahili: \u00c7mitizimi i aventur\u00ebs gjuh\u00ebsore Gramatika Swahili \u2013 t\u00ebrheq\u00ebse por enigmatike, fluide por intriguese, e gjall\u00eb por magjeps\u00ebse. Nd\u00ebrsa","og_url":"https:\/\/talkpal.ai\/sq\/gramatika-swahili\/","og_site_name":"Talkpal","article_publisher":"https:\/\/www.facebook.com\/profile.php?id=100090733639311","article_modified_time":"2025-12-13T15:56:15+00:00","og_image":[{"width":512,"height":512,"url":"https:\/\/talkpal.ai\/wp-content\/uploads\/2023\/05\/Swahili-tanzania.png","type":"image\/png"}],"twitter_card":"summary_large_image","twitter_site":"@talkpalai","twitter_misc":{"Est. reading time":"3 minutes"},"schema":{"@context":"https:\/\/schema.org","@graph":[{"@type":"WebPage","@id":"https:\/\/talkpal.ai\/sq\/gramatika-swahili\/","url":"https:\/\/talkpal.ai\/sq\/gramatika-swahili\/","name":"Gramatika Swahili - Talkpal","isPartOf":{"@id":"https:\/\/talkpal.ai\/sq\/#website"},"primaryImageOfPage":{"@id":"https:\/\/talkpal.ai\/sq\/gramatika-swahili\/#primaryimage"},"image":{"@id":"https:\/\/talkpal.ai\/sq\/gramatika-swahili\/#primaryimage"},"thumbnailUrl":"https:\/\/talkpal.ai\/wp-content\/uploads\/2023\/05\/Swahili-tanzania.png","datePublished":"2023-05-14T14:25:05+00:00","dateModified":"2025-12-13T15:56:15+00:00","description":"Zhbllokoni sekretet e gramatik\u00ebs Swahili me udh\u00ebzuesin ton\u00eb gjith\u00ebp\u00ebrfshir\u00ebs! Zbuloni klasat e tij unike t\u00eb emrave dhe komponent\u00ebt kryesor\u00eb.","breadcrumb":{"@id":"https:\/\/talkpal.ai\/sq\/gramatika-swahili\/#breadcrumb"},"inLanguage":"sq-AL","potentialAction":[{"@type":"ReadAction","target":["https:\/\/talkpal.ai\/sq\/gramatika-swahili\/"]}]},{"@type":"ImageObject","inLanguage":"sq-AL","@id":"https:\/\/talkpal.ai\/sq\/gramatika-swahili\/#primaryimage","url":"https:\/\/talkpal.ai\/wp-content\/uploads\/2023\/05\/Swahili-tanzania.png","contentUrl":"https:\/\/talkpal.ai\/wp-content\/uploads\/2023\/05\/Swahili-tanzania.png","width":512,"height":512,"caption":"TalkPal SwahiliFlag"},{"@type":"BreadcrumbList","@id":"https:\/\/talkpal.ai\/sq\/gramatika-swahili\/#breadcrumb","itemListElement":[{"@type":"ListItem","position":1,"name":"Homepage","item":"https:\/\/talkpal.ai\/sq\/"},{"@type":"ListItem","position":2,"name":"Gramatika Swahili"}]},{"@type":"WebSite","@id":"https:\/\/talkpal.ai\/sq\/#website","url":"https:\/\/talkpal.ai\/sq\/","name":"Talkpal","description":"AI Language Learning","publisher":{"@id":"https:\/\/talkpal.ai\/sq\/#organization"},"alternateName":"Talkpal AI","potentialAction":[{"@type":"SearchAction","target":{"@type":"EntryPoint","urlTemplate":"https:\/\/talkpal.ai\/sq\/?s={search_term_string}"},"query-input":{"@type":"PropertyValueSpecification","valueRequired":true,"valueName":"search_term_string"}}],"inLanguage":"sq-AL"},{"@type":"Organization","@id":"https:\/\/talkpal.ai\/sq\/#organization","name":"Talkpal, Inc.","alternateName":"Talkpal AI","url":"https:\/\/talkpal.ai\/sq\/","logo":{"@type":"ImageObject","inLanguage":"sq-AL","@id":"https:\/\/talkpal.ai\/sq\/#\/schema\/logo\/image\/","url":"https:\/\/talkpal.ai\/wp-content\/uploads\/2024\/03\/Talkpal-Logo-Icon.png","contentUrl":"https:\/\/talkpal.ai\/wp-content\/uploads\/2024\/03\/Talkpal-Logo-Icon.png","width":2880,"height":2880,"caption":"Talkpal, Inc."},"image":{"@id":"https:\/\/talkpal.ai\/sq\/#\/schema\/logo\/image\/"},"sameAs":["https:\/\/www.facebook.com\/profile.php?id=100090733639311","https:\/\/x.com\/talkpalai","https:\/\/www.linkedin.com\/company\/talkpal\/","https:\/\/www.youtube.com\/@TalkPal\/","https:\/\/www.tiktok.com\/@talkpal","https:\/\/www.instagram.com\/talkpal_ai\/","https:\/\/www.crunchbase.com\/organization\/talkpal-9cde","https:\/\/www.g2.com\/products\/talkpal-for-business\/","https:\/\/www.trustpilot.com\/review\/talkpal.ai","https:\/\/www.capterra.com\/p\/10006800\/TalkPal\/"],"description":"Talkpal is a language learning web and mobile education app, powered by the latest AI technologies, that provides engaging experiences to its customers in many different languages to help them improve their language skills. Users can chat about unlimited amount of topics with the app and use other modes to practice their language learning.","email":"support@talkpal.ai","legalName":"Talkpal, Inc.","foundingDate":"2023-04-03","duns":"118989042","numberOfEmployees":{"@type":"QuantitativeValue","minValue":"11","maxValue":"50"},"publishingPrinciples":"https:\/\/talkpal.ai\/publishing-principles\/","actionableFeedbackPolicy":"https:\/\/talkpal.ai\/actionable-feedback-policy\/","correctionsPolicy":"https:\/\/talkpal.ai\/corrections-policy\/","ethicsPolicy":"https:\/\/talkpal.ai\/ethics-policy\/","diversityPolicy":"https:\/\/talkpal.ai\/diversity-policy\/","diversityStaffingReport":"https:\/\/talkpal.ai\/diversity-policy\/"}]}},"_links":{"self":[{"href":"https:\/\/talkpal.ai\/sq\/wp-json\/wp\/v2\/pages\/1445334","targetHints":{"allow":["GET"]}}],"collection":[{"href":"https:\/\/talkpal.ai\/sq\/wp-json\/wp\/v2\/pages"}],"about":[{"href":"https:\/\/talkpal.ai\/sq\/wp-json\/wp\/v2\/types\/page"}],"author":[{"embeddable":true,"href":"https:\/\/talkpal.ai\/sq\/wp-json\/wp\/v2\/users\/1"}],"replies":[{"embeddable":true,"href":"https:\/\/talkpal.ai\/sq\/wp-json\/wp\/v2\/comments?post=1445334"}],"version-history":[{"count":0,"href":"https:\/\/talkpal.ai\/sq\/wp-json\/wp\/v2\/pages\/1445334\/revisions"}],"wp:featuredmedia":[{"embeddable":true,"href":"https:\/\/talkpal.ai\/sq\/wp-json\/wp\/v2\/media\/1444854"}],"wp:attachment":[{"href":"https:\/\/talkpal.ai\/sq\/wp-json\/wp\/v2\/media?parent=1445334"}],"curies":[{"name":"wp","href":"https:\/\/api.w.org\/{rel}","templated":true}]}}