{"id":1445326,"date":"2023-06-16T09:22:36","date_gmt":"2023-06-16T09:22:36","guid":{"rendered":"https:\/\/talkpal.ai\/ushtrimet-gramatikore-italiane\/"},"modified":"2025-12-17T16:15:11","modified_gmt":"2025-12-17T16:15:11","slug":"ushtrimet-gramatikore-italiane","status":"publish","type":"page","link":"https:\/\/talkpal.ai\/sq\/ushtrimet-gramatikore-italiane\/","title":{"rendered":"Ushtrimet gramatikore italiane"},"content":{"rendered":"\r\n\r\n\r\n<section class=\"languageChallengeSection\">\r\n    <div class=\"languageInfoWrapper\">\r\n        \r\n        <h1>Ushtrimet gramatikore italiane<\/h1>\r\n        <p>Gati p\u00ebr t\u00eb nd\u00ebrtuar besimin tuaj n\u00eb italisht? Praktikimi i gramatik\u00ebs \u00ebsht\u00eb m\u00ebnyra m\u00eb e mir\u00eb p\u00ebr t\u00eb zot\u00ebruar struktur\u00ebn e fjalive, konjugimet e foljeve dhe ve\u00e7orit\u00eb unike t\u00eb gjuh\u00ebs italiane. Filloni t\u00eb punoni n\u00eb gramatik\u00ebn tuaj italiane sot dhe shihni aft\u00ebsit\u00eb dhe rrjedhshm\u00ebrin\u00eb tuaj t\u00eb p\u00ebrmir\u00ebsohen me \u00e7do hap!\n\n<\/p>\r\n\r\n                            <a class=\"getStartedHidden\" href=\"https:\/\/app.talkpal.ai\/signup?lng=\">Filloni<\/a>\r\n        \r\n    <\/div>\r\n\r\n    <figure>\r\n    <img decoding=\"async\" width=\"768\" height=\"768\" src=\"https:\/\/talkpal.ai\/wp-content\/uploads\/2023\/06\/italian-768x768.png\" class=\"languageImage no-lazy\" alt=\"Language learning for increased memory capacity\" fetchpriority=\"high\" sizes=\"(max-width: 768px) 150px, 768px\" srcset=\"https:\/\/talkpal.ai\/wp-content\/uploads\/2023\/06\/italian-768x768.png 768w, https:\/\/talkpal.ai\/wp-content\/uploads\/2023\/06\/italian-300x300.png 300w\" \/>\r\n    \r\n\r\n    <\/figure>\r\n\r\n            <a class=\"getStartedVisible\" href=\"https:\/\/app.talkpal.ai\/signup?lng=\">Filloni<\/a>\r\n    \r\n<\/section>\r\n\r\n\r\n<!-- <section class=\"grammarSection\">\r\n    <div class=\"grammarLinks\">\r\n            <\/div>\r\n<\/section> -->\r\n\r\n\r\n\r\n\r\n<section class=\"promotionalBanner\">\r\n    <p class=\"promotionalText\">M\u00ebnyra m\u00eb efikase p\u00ebr t\u00eb m\u00ebsuar nj\u00eb gjuh\u00eb<\/p>\r\n    <a class=\"promotionalLink\" href=\"https:\/\/app.talkpal.ai\/signup?lng=\">Provoni Talkpal falas<\/a>\r\n<\/section>\n<div class=\"wp-block-group pageContainerStyle\"><div class=\"wp-block-group__inner-container is-layout-constrained wp-block-group-is-layout-constrained\">\n<h2 class=\"wp-block-heading\" id=\"h-italian-grammar-topics\">Temat e gramatik\u00ebs italiane<\/h2>\n\n\n\n<p>M\u00ebsimi i nj\u00eb gjuhe t\u00eb re \u00ebsht\u00eb nj\u00eb udh\u00ebtim emocionues q\u00eb hap mund\u00ebsi t\u00eb reja dhe p\u00ebrvoja kulturore. Nj\u00eb nga gjuh\u00ebt m\u00eb t\u00eb bukura dhe m\u00eb t\u00eb folura \u00ebsht\u00eb italishtja, e njohur p\u00ebr muzikalitetin, ekspresivitetin dhe historin\u00eb e saj t\u00eb pasur. P\u00ebr t\u00eb m\u00ebsuar italishten n\u00eb m\u00ebnyr\u00eb efektive, \u00ebsht\u00eb thelb\u00ebsore t\u00eb keni nj\u00eb kuptim t\u00eb qart\u00eb t\u00eb gramatik\u00ebs s\u00eb saj, e cila sh\u00ebrben si baz\u00eb p\u00ebr nd\u00ebrtimin e aft\u00ebsive gjuh\u00ebsore. Kjo p\u00ebrfshin zot\u00ebrimin e aspekteve t\u00eb ndryshme, t\u00eb tilla si koh\u00ebt, foljet, emrat, artikujt dhe m\u00eb shum\u00eb. N\u00eb k\u00ebt\u00eb udh\u00ebzues, ne do t\u00eb shqyrtojm\u00eb nj\u00eb sekuenc\u00eb temash gramatikore q\u00eb do t&#8217;ju ndihmojn\u00eb t\u00eb m\u00ebsoni italisht n\u00eb nj\u00eb m\u00ebnyr\u00eb t\u00eb organizuar dhe efikase.<\/p>\n\n\n\n<h3 class=\"wp-block-heading\" id=\"h-1-nouns-and-articles\">1. Emrat dhe artikujt:<\/h3>\n\n\n\n<p>Filloni udh\u00ebtimin tuaj t\u00eb t\u00eb m\u00ebsuarit t\u00eb italishtes me emra dhe artikuj, pasi ato jan\u00eb blloqet themelore t\u00eb \u00e7do fjalie. Emrat jan\u00eb fjal\u00eb q\u00eb p\u00ebrfaq\u00ebsojn\u00eb njer\u00ebz, vende, gj\u00ebra ose ide. N\u00eb italisht, emrat kan\u00eb gjini (mashkullore dhe fem\u00ebrore) dhe numra (nj\u00ebj\u00ebs dhe shum\u00ebs). Artikujt jan\u00eb fjal\u00ebt q\u00eb shoq\u00ebrojn\u00eb emrat, dhe ato gjithashtu kan\u00eb gjini dhe num\u00ebr. Njihuni me artikujt e p\u00ebrcaktuar (il, la, etj.) dhe t\u00eb pacaktuar (un, una, etj.) p\u00ebr t\u00eb formuar fraza t\u00eb thjeshta.<\/p>\n\n\n\n<h3 class=\"wp-block-heading\" id=\"h-2-adjectives\">2. Mbiemra:<\/h3>\n\n\n\n<p>Mbiemrat japin informacion <a href=\"https:\/\/talkpal.ai\/sq\/rreth\/\">rreth<\/a> emrave, t\u00eb tilla si ngjyra, madh\u00ebsia ose cil\u00ebsia. N\u00eb italisht, mbiemrat bien dakord n\u00eb gjini dhe num\u00ebr me emrin q\u00eb p\u00ebrshkruajn\u00eb. M\u00ebsoni rregullat p\u00ebr vendosjen dhe marr\u00ebveshjen e mbiemrave p\u00ebr t\u00eb p\u00ebrmir\u00ebsuar aft\u00ebsit\u00eb tuaja gjuh\u00ebsore p\u00ebrshkruese.<\/p>\n\n\n\n<h3 class=\"wp-block-heading\" id=\"h-3-pronouns\">3. P\u00ebremrat:<\/h3>\n\n\n\n<p>P\u00ebremrat z\u00ebvend\u00ebsojn\u00eb emrat n\u00eb fjali p\u00ebr t\u00eb shmangur p\u00ebrs\u00ebritjen. Studioni p\u00ebremrat e l\u00ebnd\u00ebs (io, tu, lui, etj.), p\u00ebremrat e drejtp\u00ebrdrejt\u00eb dhe t\u00eb t\u00ebrthort\u00eb t\u00eb objekteve (lo, la, gli, etj.) dhe p\u00ebremrat pronor\u00eb (mio, tuo, suo, etj.) p\u00ebr t&#8217;i shtuar m\u00eb shum\u00eb larmi t\u00eb folurit tuaj.<\/p>\n\n\n\n<h3 class=\"wp-block-heading\" id=\"h-4-verbs-and-tenses-indicative\">4. Foljet dhe koh\u00ebt treguese:<\/h3>\n\n\n\n<p>Foljet shprehin veprime, gjendje ose dukuri. Foljet italiane kan\u00eb konjugime t\u00eb ndryshme bazuar n\u00eb subjektin, koh\u00ebn dhe humorin. Filloni me folje t\u00eb rregullta n\u00eb koh\u00ebn e tashme, t\u00eb tilla si parlare (t\u00eb flas\u00ebsh), dhe gradualisht m\u00ebsoni koh\u00eb t\u00eb tjera, si e kaluara (<a href=\"https:\/\/talkpal.ai\/ar\/grammar_exercises\/passato-prossimo-%d8%aa%d9%85%d8%a7%d8%b1%d9%8a%d9%86-%d9%84%d9%84%d9%82%d9%88%d8%a7%d8%b9%d8%af-%d8%a7%d9%84%d8%a5%d9%8a%d8%b7%d8%a7%d9%84%d9%8a%d8%a9\/\">passato prossimo<\/a>) dhe e ardhmja (<a href=\"https:\/\/talkpal.ai\/ar\/grammar_exercises\/futuro-semplice-%d8%aa%d9%85%d8%a7%d8%b1%d9%8a%d9%86-%d9%84%d9%84%d9%82%d9%88%d8%a7%d8%b9%d8%af-%d8%a7%d9%84%d8%a5%d9%8a%d8%b7%d8%a7%d9%84%d9%8a%d8%a9\/\">futuro semplice<\/a>).<\/p>\n\n\n\n<h3 class=\"wp-block-heading\" id=\"h-5-tenses-subjunctive\">5. Koh\u00ebt n\u00ebnlidh\u00ebse:<\/h3>\n\n\n\n<p>Humori n\u00ebnlidh\u00ebs shpreh dyshime, pasiguri ose mendime personale. M\u00ebsoni kat\u00ebr koh\u00ebt n\u00ebnlidh\u00ebse (e tashme, e kaluara, e pap\u00ebrsosur dhe e kaluara e p\u00ebrsosur) dhe p\u00ebrdorimet e <a href=\"https:\/\/talkpal.ai\/locations\/language-courses-in-tyre\/\">tyre<\/a> n\u00eb shprehjen e d\u00ebshirave, d\u00ebshirave dhe situatave hipotetike.<\/p>\n\n\n\n<h3 class=\"wp-block-heading\" id=\"h-6-tense-comparison\">6. Krahasimi i tensionuar:<\/h3>\n\n\n\n<p>Zhvilloni aft\u00ebsin\u00eb tuaj p\u00ebr t\u00eb krahasuar veprimet n\u00eb korniza t\u00eb ndryshme kohore duke m\u00ebsuar <a href=\"https:\/\/talkpal.ai\/culture\/what-is-the-difference-between-se-and-si\/\">se si<\/a> t\u00eb p\u00ebrdorni forma krahasuese dhe superlative t\u00eb mbiemrave dhe ndajfoljeve. Kjo do t&#8217;ju mund\u00ebsoj\u00eb t\u00eb b\u00ebni krahasime midis njer\u00ebzve, objekteve ose situatave.<\/p>\n\n\n\n<h3 class=\"wp-block-heading\" id=\"h-7-adverbs\">7. Ndajfoljet:<\/h3>\n\n\n\n<p>Ndajfoljet modifikojn\u00eb foljet, mbiemrat ose ndajfoljet e tjera duke ofruar informacion shtes\u00eb rreth koh\u00ebs, m\u00ebnyr\u00ebs ose shkall\u00ebs. M\u00ebsoni ndajfoljet e zakonshme italiane dhe vendosjen e tyre n\u00eb fjali p\u00ebr t\u00eb rritur rrjedhshm\u00ebrin\u00eb tuaj.<\/p>\n\n\n\n<h3 class=\"wp-block-heading\" id=\"h-8-prepositions\">8. Parafjal\u00ebt:<\/h3>\n\n\n\n<p>Parafjal\u00ebt jan\u00eb thelb\u00ebsore p\u00ebr lidhjen e fjal\u00ebve dhe frazave, duke treguar marr\u00ebdh\u00ebnie t\u00eb tilla si vendndodhja, koha ose shkaku. Zot\u00ebroni parafjal\u00ebt e zakonshme italiane (di, a, da, etj.) dhe p\u00ebrdorimin e tyre n\u00eb kontekste t\u00eb ndryshme.<\/p>\n\n\n\n<h3 class=\"wp-block-heading\" id=\"h-9-sentence-structure\">9. Struktura e fjalis\u00eb:<\/h3>\n\n\n\n<p>S\u00eb fundi, bashkoni t\u00eb gjith\u00eb komponent\u00ebt e gramatik\u00ebs duke studiuar struktur\u00ebn e fjalis\u00eb italiane. M\u00ebsoni rreth renditjes subjekt-folje-objekt, mohimit dhe formimit t\u00eb pyetjeve p\u00ebr t\u00eb krijuar fjali t\u00eb sakta dhe kuptimplota.<\/p>\n\n\n\n<p>Duke ndjekur k\u00ebt\u00eb sekuenc\u00eb temash gramatikore dhe duke i kushtuar koh\u00eb praktik\u00ebs dhe rishikimit, ju do t\u00eb jeni n\u00eb rrug\u00ebn tuaj p\u00ebr t\u00eb zot\u00ebruar italishten dhe p\u00ebr t\u00eb shijuar p\u00ebrvojat e pasura gjuh\u00ebsore dhe kulturore q\u00eb ofron.<\/p>\n<\/div><\/div>\n\r\n<section class=\"learnNavigationSection\">\r\n            \r\n        <a href=\"https:\/\/talkpal.ai\/sq\/meso-italisht\/\">\r\n            <div class=\"learnNavigationWrapper\">\r\n                <div class=\"learnNavigationContent\">\r\n                    <img decoding=\"async\" src=\"https:\/\/talkpal.ai\/wp-content\/uploads\/2024\/08\/Italian.jpg\" alt=\"Italian Flag\">\r\n                    <div>\r\n                        <h4>Rreth m\u00ebsimit t\u00eb italishtes<\/h4>\r\n                        <p>M\u00ebsoni gjith\u00e7ka rreth gramatik\u00ebs italiane.<\/p>\r\n                    <\/div>\r\n                <\/div>\r\n            <\/div>\r\n        <\/a>\r\n\r\n        \r\n        <a href=\"https:\/\/talkpal.ai\/sq\/gramatika-italiane\/\">\r\n            <div class=\"learnNavigationWrapper\">\r\n                <div class=\"learnNavigationContent\">\r\n                    <img decoding=\"async\" src=\"https:\/\/talkpal.ai\/wp-content\/uploads\/2024\/08\/Italian.jpg\" alt=\"Italian Flag\">\r\n                    <div>\r\n                        <h4>M\u00ebsime t\u00eb gramatik\u00ebs italiane<\/h4>\r\n                        <p>Praktikoni gramatik\u00ebn italiane.<\/p>\r\n                    <\/div>\r\n                <\/div>\r\n            <\/div>\r\n        <\/a>\r\n\r\n        \r\n        <a href=\"https:\/\/talkpal.ai\/vocabulary_language\/italian\/\">\r\n            <div class=\"learnNavigationWrapper\">\r\n                <div class=\"learnNavigationContent\">\r\n                    <img decoding=\"async\" src=\"https:\/\/talkpal.ai\/wp-content\/uploads\/2024\/08\/Italian.jpg\" alt=\"Italian Flag\">\r\n                    <div>\r\n                        <h4>Fjalori italian<\/h4>\r\n                        <p>Zgjeroni fjalorin tuaj italian.<\/p>\r\n                    <\/div>\r\n                <\/div>\r\n            <\/div>\r\n        <\/a>\r\n\r\n            <\/section>","protected":false},"excerpt":{"rendered":"<p>Temat e gramatik\u00ebs italiane M\u00ebsimi i nj\u00eb gjuhe t\u00eb re \u00ebsht\u00eb nj\u00eb udh\u00ebtim emocionues q\u00eb hap mund\u00ebsi t\u00eb reja dhe p\u00ebrvoja kulturore. Nj\u00eb nga gjuh\u00ebt m\u00eb t\u00eb bukura dhe m\u00eb t\u00eb folura \u00ebsht\u00eb italishtja, e njohur p\u00ebr muzikalitetin, ekspresivitetin dhe historin\u00eb e saj t\u00eb pasur. P\u00ebr t\u00eb m\u00ebsuar italishten n\u00eb m\u00ebnyr\u00eb efektive, \u00ebsht\u00eb thelb\u00ebsore t\u00eb [&hellip;]<\/p>\n","protected":false},"author":6,"featured_media":1439802,"parent":0,"menu_order":0,"comment_status":"closed","ping_status":"closed","template":"LearningContentPage.php","meta":{"_acf_changed":false,"footnotes":""},"class_list":["post-1445326","page","type-page","status-publish","has-post-thumbnail","hentry"],"acf":[],"yoast_head":"<!-- This site is optimized with the Yoast SEO Premium plugin v27.2 (Yoast SEO v27.2) - https:\/\/yoast.com\/product\/yoast-seo-premium-wordpress\/ -->\n<title>Ushtrimet gramatikore italiane - Talkpal<\/title>\n<meta name=\"description\" content=\"Forconi gramatik\u00ebn tuaj italiane n\u00eb m\u00ebnyr\u00eb efektive - p\u00ebrmir\u00ebsoni aft\u00ebsit\u00eb tuaja me ushtrime praktike, praktik\u00eb interaktive dhe reagime t\u00eb menj\u00ebhershme\" \/>\n<meta name=\"robots\" content=\"index, follow, max-snippet:-1, max-image-preview:large, max-video-preview:-1\" \/>\n<link rel=\"canonical\" href=\"https:\/\/talkpal.ai\/sq\/ushtrimet-gramatikore-italiane\/\" \/>\n<meta property=\"og:locale\" content=\"sq_AL\" \/>\n<meta property=\"og:type\" content=\"article\" \/>\n<meta property=\"og:title\" content=\"Ushtrimet gramatikore italiane\" \/>\n<meta property=\"og:description\" content=\"Temat e gramatik\u00ebs italiane M\u00ebsimi i nj\u00eb gjuhe t\u00eb re \u00ebsht\u00eb nj\u00eb udh\u00ebtim emocionues q\u00eb hap mund\u00ebsi t\u00eb reja dhe p\u00ebrvoja kulturore. Nj\u00eb nga gjuh\u00ebt m\u00eb t\u00eb\" \/>\n<meta property=\"og:url\" content=\"https:\/\/talkpal.ai\/sq\/ushtrimet-gramatikore-italiane\/\" \/>\n<meta property=\"og:site_name\" content=\"Talkpal\" \/>\n<meta property=\"article:publisher\" content=\"https:\/\/www.facebook.com\/profile.php?id=100090733639311\" \/>\n<meta property=\"article:modified_time\" content=\"2025-12-17T16:15:11+00:00\" \/>\n<meta property=\"og:image\" content=\"https:\/\/talkpal.ai\/wp-content\/uploads\/2023\/03\/italy.png\" \/>\n\t<meta property=\"og:image:width\" content=\"512\" \/>\n\t<meta property=\"og:image:height\" content=\"512\" \/>\n\t<meta property=\"og:image:type\" content=\"image\/png\" \/>\n<meta name=\"twitter:card\" content=\"summary_large_image\" \/>\n<meta name=\"twitter:site\" content=\"@talkpalai\" \/>\n<meta name=\"twitter:label1\" content=\"Est. reading time\" \/>\n\t<meta name=\"twitter:data1\" content=\"3 minutes\" \/>\n<script type=\"application\/ld+json\" class=\"yoast-schema-graph\">{\"@context\":\"https:\/\/schema.org\",\"@graph\":[{\"@type\":\"WebPage\",\"@id\":\"https:\/\/talkpal.ai\/sq\/ushtrimet-gramatikore-italiane\/\",\"url\":\"https:\/\/talkpal.ai\/sq\/ushtrimet-gramatikore-italiane\/\",\"name\":\"Ushtrimet gramatikore italiane - Talkpal\",\"isPartOf\":{\"@id\":\"https:\/\/talkpal.ai\/sq\/#website\"},\"primaryImageOfPage\":{\"@id\":\"https:\/\/talkpal.ai\/sq\/ushtrimet-gramatikore-italiane\/#primaryimage\"},\"image\":{\"@id\":\"https:\/\/talkpal.ai\/sq\/ushtrimet-gramatikore-italiane\/#primaryimage\"},\"thumbnailUrl\":\"https:\/\/talkpal.ai\/wp-content\/uploads\/2023\/03\/italy.png\",\"datePublished\":\"2023-06-16T09:22:36+00:00\",\"dateModified\":\"2025-12-17T16:15:11+00:00\",\"description\":\"Forconi gramatik\u00ebn tuaj italiane n\u00eb m\u00ebnyr\u00eb efektive - p\u00ebrmir\u00ebsoni aft\u00ebsit\u00eb tuaja me ushtrime praktike, praktik\u00eb interaktive dhe reagime t\u00eb menj\u00ebhershme\",\"breadcrumb\":{\"@id\":\"https:\/\/talkpal.ai\/sq\/ushtrimet-gramatikore-italiane\/#breadcrumb\"},\"inLanguage\":\"sq-AL\",\"potentialAction\":[{\"@type\":\"ReadAction\",\"target\":[\"https:\/\/talkpal.ai\/sq\/ushtrimet-gramatikore-italiane\/\"]}]},{\"@type\":\"ImageObject\",\"inLanguage\":\"sq-AL\",\"@id\":\"https:\/\/talkpal.ai\/sq\/ushtrimet-gramatikore-italiane\/#primaryimage\",\"url\":\"https:\/\/talkpal.ai\/wp-content\/uploads\/2023\/03\/italy.png\",\"contentUrl\":\"https:\/\/talkpal.ai\/wp-content\/uploads\/2023\/03\/italy.png\",\"width\":512,\"height\":512,\"caption\":\"TalkPal AI learn Italian\"},{\"@type\":\"BreadcrumbList\",\"@id\":\"https:\/\/talkpal.ai\/sq\/ushtrimet-gramatikore-italiane\/#breadcrumb\",\"itemListElement\":[{\"@type\":\"ListItem\",\"position\":1,\"name\":\"Homepage\",\"item\":\"https:\/\/talkpal.ai\/sq\/\"},{\"@type\":\"ListItem\",\"position\":2,\"name\":\"Ushtrimet gramatikore italiane\"}]},{\"@type\":\"WebSite\",\"@id\":\"https:\/\/talkpal.ai\/sq\/#website\",\"url\":\"https:\/\/talkpal.ai\/sq\/\",\"name\":\"Talkpal\",\"description\":\"AI Language Learning\",\"publisher\":{\"@id\":\"https:\/\/talkpal.ai\/sq\/#organization\"},\"alternateName\":\"Talkpal AI\",\"potentialAction\":[{\"@type\":\"SearchAction\",\"target\":{\"@type\":\"EntryPoint\",\"urlTemplate\":\"https:\/\/talkpal.ai\/sq\/?s={search_term_string}\"},\"query-input\":{\"@type\":\"PropertyValueSpecification\",\"valueRequired\":true,\"valueName\":\"search_term_string\"}}],\"inLanguage\":\"sq-AL\"},{\"@type\":\"Organization\",\"@id\":\"https:\/\/talkpal.ai\/sq\/#organization\",\"name\":\"Talkpal, Inc.\",\"alternateName\":\"Talkpal AI\",\"url\":\"https:\/\/talkpal.ai\/sq\/\",\"logo\":{\"@type\":\"ImageObject\",\"inLanguage\":\"sq-AL\",\"@id\":\"https:\/\/talkpal.ai\/sq\/#\/schema\/logo\/image\/\",\"url\":\"https:\/\/talkpal.ai\/wp-content\/uploads\/2024\/03\/Talkpal-Logo-Icon.png\",\"contentUrl\":\"https:\/\/talkpal.ai\/wp-content\/uploads\/2024\/03\/Talkpal-Logo-Icon.png\",\"width\":2880,\"height\":2880,\"caption\":\"Talkpal, Inc.\"},\"image\":{\"@id\":\"https:\/\/talkpal.ai\/sq\/#\/schema\/logo\/image\/\"},\"sameAs\":[\"https:\/\/www.facebook.com\/profile.php?id=100090733639311\",\"https:\/\/x.com\/talkpalai\",\"https:\/\/www.linkedin.com\/company\/talkpal\/\",\"https:\/\/www.youtube.com\/@TalkPal\/\",\"https:\/\/www.tiktok.com\/@talkpal\",\"https:\/\/www.instagram.com\/talkpal_ai\/\",\"https:\/\/www.crunchbase.com\/organization\/talkpal-9cde\",\"https:\/\/www.g2.com\/products\/talkpal-for-business\/\",\"https:\/\/www.trustpilot.com\/review\/talkpal.ai\",\"https:\/\/www.capterra.com\/p\/10006800\/TalkPal\/\"],\"description\":\"Talkpal is a language learning web and mobile education app, powered by the latest AI technologies, that provides engaging experiences to its customers in many different languages to help them improve their language skills. Users can chat about unlimited amount of topics with the app and use other modes to practice their language learning.\",\"email\":\"support@talkpal.ai\",\"legalName\":\"Talkpal, Inc.\",\"foundingDate\":\"2023-04-03\",\"duns\":\"118989042\",\"numberOfEmployees\":{\"@type\":\"QuantitativeValue\",\"minValue\":\"11\",\"maxValue\":\"50\"},\"publishingPrinciples\":\"https:\/\/talkpal.ai\/publishing-principles\/\",\"actionableFeedbackPolicy\":\"https:\/\/talkpal.ai\/actionable-feedback-policy\/\",\"correctionsPolicy\":\"https:\/\/talkpal.ai\/corrections-policy\/\",\"ethicsPolicy\":\"https:\/\/talkpal.ai\/ethics-policy\/\",\"diversityPolicy\":\"https:\/\/talkpal.ai\/diversity-policy\/\",\"diversityStaffingReport\":\"https:\/\/talkpal.ai\/diversity-policy\/\"}]}<\/script>\n<!-- \/ Yoast SEO Premium plugin. -->","yoast_head_json":{"title":"Ushtrimet gramatikore italiane - Talkpal","description":"Forconi gramatik\u00ebn tuaj italiane n\u00eb m\u00ebnyr\u00eb efektive - p\u00ebrmir\u00ebsoni aft\u00ebsit\u00eb tuaja me ushtrime praktike, praktik\u00eb interaktive dhe reagime t\u00eb menj\u00ebhershme","robots":{"index":"index","follow":"follow","max-snippet":"max-snippet:-1","max-image-preview":"max-image-preview:large","max-video-preview":"max-video-preview:-1"},"canonical":"https:\/\/talkpal.ai\/sq\/ushtrimet-gramatikore-italiane\/","og_locale":"sq_AL","og_type":"article","og_title":"Ushtrimet gramatikore italiane","og_description":"Temat e gramatik\u00ebs italiane M\u00ebsimi i nj\u00eb gjuhe t\u00eb re \u00ebsht\u00eb nj\u00eb udh\u00ebtim emocionues q\u00eb hap mund\u00ebsi t\u00eb reja dhe p\u00ebrvoja kulturore. Nj\u00eb nga gjuh\u00ebt m\u00eb t\u00eb","og_url":"https:\/\/talkpal.ai\/sq\/ushtrimet-gramatikore-italiane\/","og_site_name":"Talkpal","article_publisher":"https:\/\/www.facebook.com\/profile.php?id=100090733639311","article_modified_time":"2025-12-17T16:15:11+00:00","og_image":[{"width":512,"height":512,"url":"https:\/\/talkpal.ai\/wp-content\/uploads\/2023\/03\/italy.png","type":"image\/png"}],"twitter_card":"summary_large_image","twitter_site":"@talkpalai","twitter_misc":{"Est. reading time":"3 minutes"},"schema":{"@context":"https:\/\/schema.org","@graph":[{"@type":"WebPage","@id":"https:\/\/talkpal.ai\/sq\/ushtrimet-gramatikore-italiane\/","url":"https:\/\/talkpal.ai\/sq\/ushtrimet-gramatikore-italiane\/","name":"Ushtrimet gramatikore italiane - Talkpal","isPartOf":{"@id":"https:\/\/talkpal.ai\/sq\/#website"},"primaryImageOfPage":{"@id":"https:\/\/talkpal.ai\/sq\/ushtrimet-gramatikore-italiane\/#primaryimage"},"image":{"@id":"https:\/\/talkpal.ai\/sq\/ushtrimet-gramatikore-italiane\/#primaryimage"},"thumbnailUrl":"https:\/\/talkpal.ai\/wp-content\/uploads\/2023\/03\/italy.png","datePublished":"2023-06-16T09:22:36+00:00","dateModified":"2025-12-17T16:15:11+00:00","description":"Forconi gramatik\u00ebn tuaj italiane n\u00eb m\u00ebnyr\u00eb efektive - p\u00ebrmir\u00ebsoni aft\u00ebsit\u00eb tuaja me ushtrime praktike, praktik\u00eb interaktive dhe reagime t\u00eb menj\u00ebhershme","breadcrumb":{"@id":"https:\/\/talkpal.ai\/sq\/ushtrimet-gramatikore-italiane\/#breadcrumb"},"inLanguage":"sq-AL","potentialAction":[{"@type":"ReadAction","target":["https:\/\/talkpal.ai\/sq\/ushtrimet-gramatikore-italiane\/"]}]},{"@type":"ImageObject","inLanguage":"sq-AL","@id":"https:\/\/talkpal.ai\/sq\/ushtrimet-gramatikore-italiane\/#primaryimage","url":"https:\/\/talkpal.ai\/wp-content\/uploads\/2023\/03\/italy.png","contentUrl":"https:\/\/talkpal.ai\/wp-content\/uploads\/2023\/03\/italy.png","width":512,"height":512,"caption":"TalkPal AI learn Italian"},{"@type":"BreadcrumbList","@id":"https:\/\/talkpal.ai\/sq\/ushtrimet-gramatikore-italiane\/#breadcrumb","itemListElement":[{"@type":"ListItem","position":1,"name":"Homepage","item":"https:\/\/talkpal.ai\/sq\/"},{"@type":"ListItem","position":2,"name":"Ushtrimet gramatikore italiane"}]},{"@type":"WebSite","@id":"https:\/\/talkpal.ai\/sq\/#website","url":"https:\/\/talkpal.ai\/sq\/","name":"Talkpal","description":"AI Language Learning","publisher":{"@id":"https:\/\/talkpal.ai\/sq\/#organization"},"alternateName":"Talkpal AI","potentialAction":[{"@type":"SearchAction","target":{"@type":"EntryPoint","urlTemplate":"https:\/\/talkpal.ai\/sq\/?s={search_term_string}"},"query-input":{"@type":"PropertyValueSpecification","valueRequired":true,"valueName":"search_term_string"}}],"inLanguage":"sq-AL"},{"@type":"Organization","@id":"https:\/\/talkpal.ai\/sq\/#organization","name":"Talkpal, Inc.","alternateName":"Talkpal AI","url":"https:\/\/talkpal.ai\/sq\/","logo":{"@type":"ImageObject","inLanguage":"sq-AL","@id":"https:\/\/talkpal.ai\/sq\/#\/schema\/logo\/image\/","url":"https:\/\/talkpal.ai\/wp-content\/uploads\/2024\/03\/Talkpal-Logo-Icon.png","contentUrl":"https:\/\/talkpal.ai\/wp-content\/uploads\/2024\/03\/Talkpal-Logo-Icon.png","width":2880,"height":2880,"caption":"Talkpal, Inc."},"image":{"@id":"https:\/\/talkpal.ai\/sq\/#\/schema\/logo\/image\/"},"sameAs":["https:\/\/www.facebook.com\/profile.php?id=100090733639311","https:\/\/x.com\/talkpalai","https:\/\/www.linkedin.com\/company\/talkpal\/","https:\/\/www.youtube.com\/@TalkPal\/","https:\/\/www.tiktok.com\/@talkpal","https:\/\/www.instagram.com\/talkpal_ai\/","https:\/\/www.crunchbase.com\/organization\/talkpal-9cde","https:\/\/www.g2.com\/products\/talkpal-for-business\/","https:\/\/www.trustpilot.com\/review\/talkpal.ai","https:\/\/www.capterra.com\/p\/10006800\/TalkPal\/"],"description":"Talkpal is a language learning web and mobile education app, powered by the latest AI technologies, that provides engaging experiences to its customers in many different languages to help them improve their language skills. Users can chat about unlimited amount of topics with the app and use other modes to practice their language learning.","email":"support@talkpal.ai","legalName":"Talkpal, Inc.","foundingDate":"2023-04-03","duns":"118989042","numberOfEmployees":{"@type":"QuantitativeValue","minValue":"11","maxValue":"50"},"publishingPrinciples":"https:\/\/talkpal.ai\/publishing-principles\/","actionableFeedbackPolicy":"https:\/\/talkpal.ai\/actionable-feedback-policy\/","correctionsPolicy":"https:\/\/talkpal.ai\/corrections-policy\/","ethicsPolicy":"https:\/\/talkpal.ai\/ethics-policy\/","diversityPolicy":"https:\/\/talkpal.ai\/diversity-policy\/","diversityStaffingReport":"https:\/\/talkpal.ai\/diversity-policy\/"}]}},"_links":{"self":[{"href":"https:\/\/talkpal.ai\/sq\/wp-json\/wp\/v2\/pages\/1445326","targetHints":{"allow":["GET"]}}],"collection":[{"href":"https:\/\/talkpal.ai\/sq\/wp-json\/wp\/v2\/pages"}],"about":[{"href":"https:\/\/talkpal.ai\/sq\/wp-json\/wp\/v2\/types\/page"}],"author":[{"embeddable":true,"href":"https:\/\/talkpal.ai\/sq\/wp-json\/wp\/v2\/users\/6"}],"replies":[{"embeddable":true,"href":"https:\/\/talkpal.ai\/sq\/wp-json\/wp\/v2\/comments?post=1445326"}],"version-history":[{"count":0,"href":"https:\/\/talkpal.ai\/sq\/wp-json\/wp\/v2\/pages\/1445326\/revisions"}],"wp:featuredmedia":[{"embeddable":true,"href":"https:\/\/talkpal.ai\/sq\/wp-json\/wp\/v2\/media\/1439802"}],"wp:attachment":[{"href":"https:\/\/talkpal.ai\/sq\/wp-json\/wp\/v2\/media?parent=1445326"}],"curies":[{"name":"wp","href":"https:\/\/api.w.org\/{rel}","templated":true}]}}