{"id":1445318,"date":"2023-06-16T08:35:52","date_gmt":"2023-06-16T08:35:52","guid":{"rendered":"https:\/\/talkpal.ai\/ushtrime-gramatikore-franceze\/"},"modified":"2025-12-17T16:48:13","modified_gmt":"2025-12-17T16:48:13","slug":"ushtrime-gramatikore-franceze","status":"publish","type":"page","link":"https:\/\/talkpal.ai\/sq\/ushtrime-gramatikore-franceze\/","title":{"rendered":"Ushtrime gramatikore franceze"},"content":{"rendered":"\r\n\r\n\r\n<section class=\"languageChallengeSection\">\r\n    <div class=\"languageInfoWrapper\">\r\n        \r\n        <h1>Ushtrime gramatikore franceze<\/h1>\r\n        <p>Po k\u00ebrkoni t\u00eb zot\u00ebroni fr\u00ebngjishten? Praktikimi i ushtrimeve gramatikore \u00ebsht\u00eb nj\u00eb m\u00ebnyr\u00eb fantastike p\u00ebr t\u00eb kuptuar struktur\u00ebn e fjalis\u00eb, konjugimet e foljeve dhe modelet unike t\u00eb gjuh\u00ebs fr\u00ebnge. Filloni t\u00eb punoni n\u00eb gramatik\u00ebn fr\u00ebnge sot dhe shikoni besimin dhe rrjedhshm\u00ebrin\u00eb tuaj t\u00eb rriten me \u00e7do ushtrim!\n\n<\/p>\r\n\r\n                            <a class=\"getStartedHidden\" href=\"https:\/\/app.talkpal.ai\/signup?lng=\">Filloni<\/a>\r\n        \r\n    <\/div>\r\n\r\n    <figure>\r\n    <img decoding=\"async\" width=\"768\" height=\"768\" src=\"https:\/\/talkpal.ai\/wp-content\/uploads\/2023\/06\/french-768x768.png\" class=\"languageImage no-lazy\" alt=\"Language learning strategies for professionals\" fetchpriority=\"high\" sizes=\"(max-width: 768px) 150px, 768px\" srcset=\"https:\/\/talkpal.ai\/wp-content\/uploads\/2023\/06\/french-768x768.png 768w, https:\/\/talkpal.ai\/wp-content\/uploads\/2023\/06\/french-300x300.png 300w\" \/>\r\n    \r\n\r\n    <\/figure>\r\n\r\n            <a class=\"getStartedVisible\" href=\"https:\/\/app.talkpal.ai\/signup?lng=\">Filloni<\/a>\r\n    \r\n<\/section>\r\n\r\n\r\n<!-- <section class=\"grammarSection\">\r\n    <div class=\"grammarLinks\">\r\n            <\/div>\r\n<\/section> -->\r\n\r\n\r\n\r\n\r\n<section class=\"promotionalBanner\">\r\n    <p class=\"promotionalText\">M\u00ebnyra m\u00eb efikase p\u00ebr t\u00eb m\u00ebsuar nj\u00eb gjuh\u00eb<\/p>\r\n    <a class=\"promotionalLink\" href=\"https:\/\/app.talkpal.ai\/signup?lng=\">Provoni Talkpal falas<\/a>\r\n<\/section>\n<div class=\"wp-block-group pageContainerStyle\"><div class=\"wp-block-group__inner-container is-layout-constrained wp-block-group-is-layout-constrained\">\n<h2 class=\"wp-block-heading\" id=\"h-french-grammar-topics\">Temat e gramatik\u00ebs fr\u00ebnge<\/h2>\n\n\n\n<p>M\u00ebsimi i fr\u00ebngjishtes mund t\u00eb jet\u00eb nj\u00eb p\u00ebrvoj\u00eb emocionuese dhe shp\u00ebrblyese. Si nj\u00eb gjuh\u00eb e pasur me histori dhe kultur\u00eb, fr\u00ebngjishtja ofron nj\u00eb perspektiv\u00eb unike p\u00ebr bot\u00ebn dhe \u00ebsht\u00eb nj\u00eb mjet thelb\u00ebsor komunikimi n\u00eb fusha t\u00eb ndryshme. P\u00ebr t\u00eb m\u00ebsuar n\u00eb m\u00ebnyr\u00eb efektive fr\u00ebngjishten, \u00ebsht\u00eb thelb\u00ebsore t\u00eb keni nj\u00eb zot\u00ebrim t\u00eb mir\u00eb t\u00eb gramatik\u00ebs s\u00eb saj, e cila \u00ebsht\u00eb themeli i \u00e7do gjuhe. Sekuenca e m\u00ebposhtme e temave t\u00eb gramatik\u00ebs fr\u00ebnge, duke p\u00ebrfshir\u00eb mbiemrat, ndajfoljet, artikujt, emrat, parafjal\u00ebt, p\u00ebremrat dhe p\u00ebrcaktuesit, struktur\u00ebn e fjalive, koh\u00ebt \u2013 treguese dhe foljet, do t&#8217;ju ndihmoj\u00eb t&#8217;ju udh\u00ebheq\u00eb n\u00eb udh\u00ebtimin tuaj drejt zot\u00ebrimit t\u00eb gjuh\u00ebs.<\/p>\n\n\n\n<h3 class=\"wp-block-heading\" id=\"h-1-nouns\">1. Emrat:<\/h3>\n\n\n\n<p>Emrat jan\u00eb blloqet kryesore t\u00eb nd\u00ebrtimit t\u00eb \u00e7do gjuhe, pasi p\u00ebrfaq\u00ebsojn\u00eb njer\u00ebz, vende, gj\u00ebra ose ide. N\u00eb fr\u00ebngjisht, emrat kan\u00eb gjini (mashkullore ose fem\u00ebrore) dhe mund t\u00eb jen\u00eb nj\u00ebj\u00ebs ose shum\u00ebs. Kuptimi i gjinis\u00eb dhe numrit t\u00eb emrave \u00ebsht\u00eb jetik, pasi ndikon n\u00eb format e fjal\u00ebve t\u00eb tjera n\u00eb nj\u00eb fjali, t\u00eb tilla si mbiemrat, artikujt dhe p\u00ebremrat.<\/p>\n\n\n\n<h3 class=\"wp-block-heading\" id=\"h-2-articles\">2. Artikujt:<\/h3>\n\n\n\n<p>Artikujt jan\u00eb thelb\u00ebsor\u00eb n\u00eb gramatik\u00ebn fr\u00ebnge, pasi ato japin informacion p\u00ebr gjinin\u00eb dhe numrin e nj\u00eb emri. Ekzistojn\u00eb tre lloje artikujsh n\u00eb fr\u00ebngjisht: p\u00ebrcaktues (le, la, les), t\u00eb pacaktuar (un, une, des) dhe partitiv (du, de la, des). P\u00ebrdorimi i artikullit t\u00eb duhur ndihmon p\u00ebr t\u00eb p\u00ebrcjell\u00eb kuptimin e synuar t\u00eb nj\u00eb fjalie.<\/p>\n\n\n\n<h3 class=\"wp-block-heading\" id=\"h-3-adjectives\">3. Mbiemra:<\/h3>\n\n\n\n<p>Mbiemrat p\u00ebrdoren p\u00ebr t\u00eb p\u00ebrshkruar ose modifikuar emrat. N\u00eb fr\u00ebngjisht, mbiemrat duhet t\u00eb pajtohen me emrin q\u00eb modifikojn\u00eb n\u00eb gjini dhe num\u00ebr. P\u00ebr m\u00eb tep\u00ebr, pozicioni i mbiemrave n\u00eb nj\u00eb fjali mund t\u00eb ndryshoj\u00eb, megjith\u00ebse shumica e mbiemrave ndjekin emrin q\u00eb p\u00ebrshkruajn\u00eb.<\/p>\n\n\n\n<h3 class=\"wp-block-heading\" id=\"h-4-pronouns-and-determiners\">4. P\u00ebremrat dhe p\u00ebrcaktuesit:<\/h3>\n\n\n\n<p>P\u00ebremrat z\u00ebvend\u00ebsojn\u00eb emrat p\u00ebr t\u00eb shmangur p\u00ebrs\u00ebritjen, nd\u00ebrsa p\u00ebrcaktuesit specifikojn\u00eb ose p\u00ebrcaktojn\u00eb emrat. Si p\u00ebremrat ashtu edhe p\u00ebrcaktuesit duhet t\u00eb pajtohen me emrin q\u00eb z\u00ebvend\u00ebsojn\u00eb ose shoq\u00ebrojn\u00eb n\u00eb gjini dhe num\u00ebr. P\u00ebremrat francez\u00eb p\u00ebrfshijn\u00eb p\u00ebremrat e subjektit (je, tu, il, etj.), p\u00ebremrat e objekteve (me, te, lui, etj.) dhe p\u00ebremrat refleksiv\u00eb (me, te, se, etj.). P\u00ebrcaktuesit p\u00ebrfshijn\u00eb mbiemrat pronor\u00eb (mon, ma, mes, etj.) dhe mbiemrat demonstrativ\u00eb (ce, cette, ces, etj.).<\/p>\n\n\n\n<h3 class=\"wp-block-heading\" id=\"h-5-verbs\">5. Foljet:<\/h3>\n\n\n\n<p>Foljet shprehin veprime, gjendje ose dukuri. N\u00eb fr\u00ebngjisht, foljet jan\u00eb t\u00eb konjuguara p\u00ebr t\u00eb r\u00ebn\u00eb dakord me subjektin n\u00eb person dhe num\u00ebr dhe p\u00ebr t\u00eb shprehur koh\u00eb dhe humore t\u00eb ndryshme. Foljet e rregullta ndjekin nj\u00eb model t\u00eb parashikuesh\u00ebm, nd\u00ebrsa foljet e parregullta k\u00ebrkojn\u00eb memorizim.<\/p>\n\n\n\n<h3 class=\"wp-block-heading\" id=\"h-6-tenses-indicative\">6. Koh\u00ebt \u2013 Tregues:<\/h3>\n\n\n\n<p>Humori tregues p\u00ebrdoret p\u00ebr t\u00eb shprehur fakte dhe deklarata objektive. Ka tet\u00eb koh\u00eb n\u00eb treguesin fr\u00ebngjisht: e tashmja, e ardhmja, e pap\u00ebrsosur, e kaluara e thjesht\u00eb, pluperfekte, e ardhmja e p\u00ebrsosur, e kaluara e kusht\u00ebzuar dhe e kaluara e p\u00ebrsosur. T\u00eb kuptuarit dhe zot\u00ebrimi i k\u00ebtyre koh\u00ebve \u00ebsht\u00eb thelb\u00ebsor p\u00ebr t\u00eb shprehur koh\u00ebn dhe sekuenc\u00ebn n\u00eb fr\u00ebngjisht.<\/p>\n\n\n\n<h3 class=\"wp-block-heading\" id=\"h-7-adverbs\">7. Ndajfoljet:<\/h3>\n\n\n\n<p>Ndajfoljet modifikojn\u00eb foljet, mbiemrat ose ndajfoljet e tjera, duke ofruar informacion shtes\u00eb <a href=\"https:\/\/talkpal.ai\/sq\/rreth\/\">rreth<\/a> veprimit, gjendjes ose cil\u00ebsis\u00eb. N\u00eb fr\u00ebngjisht, shumica e ndajfoljeve formohen duke shtuar -ment n\u00eb form\u00ebn fem\u00ebrore t\u00eb mbiemrit. Ndajfoljet n\u00eb p\u00ebrgjith\u00ebsi ndjekin foljen q\u00eb modifikojn\u00eb.<\/p>\n\n\n\n<h3 class=\"wp-block-heading\" id=\"h-8-prepositions\">8. Parafjal\u00ebt:<\/h3>\n\n\n\n<p>Parafjal\u00ebt lidhin fjal\u00ebt ose grupet e fjal\u00ebve, duke treguar marr\u00ebdh\u00ebnie t\u00eb tilla si vendndodhja, drejtimi, koha ose shkaku. Parafjal\u00ebt e zakonshme fr\u00ebnge p\u00ebrfshijn\u00eb \u00e0 (at, to), de (of, from), en (in, on) dhe pour (for). M\u00ebsimi i parafjal\u00ebve dhe p\u00ebrdorimi i <a href=\"https:\/\/talkpal.ai\/locations\/language-courses-in-tyre\/\">tyre<\/a> \u00ebsht\u00eb thelb\u00ebsor p\u00ebr nd\u00ebrtimin e fjalive koherente.<\/p>\n\n\n\n<h3 class=\"wp-block-heading\" id=\"h-9-sentence-structure\">9. Struktura e fjalis\u00eb:<\/h3>\n\n\n\n<p>Fjalit\u00eb fr\u00ebnge ndjekin nj\u00eb struktur\u00eb subjekt-folje-objekt (SVO), t\u00eb ngjashme me anglishten. Megjithat\u00eb, rendi i fjal\u00ebve mund t\u00eb ndryshoj\u00eb n\u00eb var\u00ebsi t\u00eb p\u00ebrdorimit t\u00eb p\u00ebremrave, mohimit dhe theksit. Kuptimi i struktur\u00ebs s\u00eb fjalis\u00eb \u00ebsht\u00eb jetik p\u00ebr formimin e deklaratave dhe pyetjeve t\u00eb qarta dhe t\u00eb sakta n\u00eb fr\u00ebngjisht.<\/p>\n<\/div><\/div>\n\r\n<section class=\"learnNavigationSection\">\r\n            \r\n        <a href=\"https:\/\/talkpal.ai\/sq\/mesoni-frengjisht\/\">\r\n            <div class=\"learnNavigationWrapper\">\r\n                <div class=\"learnNavigationContent\">\r\n                    <img decoding=\"async\" src=\"https:\/\/talkpal.ai\/wp-content\/uploads\/2024\/08\/French.jpg\" alt=\"French Flag\">\r\n                    <div>\r\n                        <h4>Rreth m\u00ebsimit t\u00eb fr\u00ebngjishtes<\/h4>\r\n                        <p>M\u00ebsoni gjith\u00e7ka rreth gramatik\u00ebs fr\u00ebnge.<\/p>\r\n                    <\/div>\r\n                <\/div>\r\n            <\/div>\r\n        <\/a>\r\n\r\n        \r\n        <a href=\"https:\/\/talkpal.ai\/sq\/gramatika-franceze\/\">\r\n            <div class=\"learnNavigationWrapper\">\r\n                <div class=\"learnNavigationContent\">\r\n                    <img decoding=\"async\" src=\"https:\/\/talkpal.ai\/wp-content\/uploads\/2024\/08\/French.jpg\" alt=\"French Flag\">\r\n                    <div>\r\n                        <h4>M\u00ebsimet e gramatik\u00ebs fr\u00ebnge<\/h4>\r\n                        <p>Praktikoni gramatik\u00ebn franceze.<\/p>\r\n                    <\/div>\r\n                <\/div>\r\n            <\/div>\r\n        <\/a>\r\n\r\n        \r\n        <a href=\"https:\/\/talkpal.ai\/vocabulary_language\/french\/\">\r\n            <div class=\"learnNavigationWrapper\">\r\n                <div class=\"learnNavigationContent\">\r\n                    <img decoding=\"async\" src=\"https:\/\/talkpal.ai\/wp-content\/uploads\/2024\/08\/French.jpg\" alt=\"French Flag\">\r\n                    <div>\r\n                        <h4>Fjalori fr\u00ebngjisht<\/h4>\r\n                        <p>Zgjeroni fjalorin tuaj fr\u00ebngjisht.<\/p>\r\n                    <\/div>\r\n                <\/div>\r\n            <\/div>\r\n        <\/a>\r\n\r\n            <\/section>","protected":false},"excerpt":{"rendered":"<p>Temat e gramatik\u00ebs fr\u00ebnge M\u00ebsimi i fr\u00ebngjishtes mund t\u00eb jet\u00eb nj\u00eb p\u00ebrvoj\u00eb emocionuese dhe shp\u00ebrblyese. Si nj\u00eb gjuh\u00eb e pasur me histori dhe kultur\u00eb, fr\u00ebngjishtja ofron nj\u00eb perspektiv\u00eb unike p\u00ebr bot\u00ebn dhe \u00ebsht\u00eb nj\u00eb mjet thelb\u00ebsor komunikimi n\u00eb fusha t\u00eb ndryshme. P\u00ebr t\u00eb m\u00ebsuar n\u00eb m\u00ebnyr\u00eb efektive fr\u00ebngjishten, \u00ebsht\u00eb thelb\u00ebsore t\u00eb keni nj\u00eb zot\u00ebrim t\u00eb [&hellip;]<\/p>\n","protected":false},"author":6,"featured_media":1440057,"parent":0,"menu_order":0,"comment_status":"closed","ping_status":"closed","template":"LearningContentPage.php","meta":{"_acf_changed":false,"footnotes":""},"class_list":["post-1445318","page","type-page","status-publish","has-post-thumbnail","hentry"],"acf":[],"yoast_head":"<!-- This site is optimized with the Yoast SEO Premium plugin v27.2 (Yoast SEO v27.2) - https:\/\/yoast.com\/product\/yoast-seo-premium-wordpress\/ -->\n<title>Ushtrime gramatikore franceze - Talkpal<\/title>\n<meta name=\"description\" content=\"Praktikoni dhe p\u00ebrmir\u00ebsoni aft\u00ebsit\u00eb tuaja gramatikore fr\u00ebnge me ushtrime interaktive t\u00eb krijuara p\u00ebr t\u00eb gjitha nivelet. P\u00ebrmir\u00ebsoni aft\u00ebsin\u00eb tuaj gjuh\u00ebsore!\" \/>\n<meta name=\"robots\" content=\"index, follow, max-snippet:-1, max-image-preview:large, max-video-preview:-1\" \/>\n<link rel=\"canonical\" href=\"https:\/\/talkpal.ai\/sq\/ushtrime-gramatikore-franceze\/\" \/>\n<meta property=\"og:locale\" content=\"sq_AL\" \/>\n<meta property=\"og:type\" content=\"article\" \/>\n<meta property=\"og:title\" content=\"Ushtrime gramatikore franceze\" \/>\n<meta property=\"og:description\" content=\"Temat e gramatik\u00ebs fr\u00ebnge M\u00ebsimi i fr\u00ebngjishtes mund t\u00eb jet\u00eb nj\u00eb p\u00ebrvoj\u00eb emocionuese dhe shp\u00ebrblyese. Si nj\u00eb gjuh\u00eb e pasur me histori dhe kultur\u00eb,\" \/>\n<meta property=\"og:url\" content=\"https:\/\/talkpal.ai\/sq\/ushtrime-gramatikore-franceze\/\" \/>\n<meta property=\"og:site_name\" content=\"Talkpal\" \/>\n<meta property=\"article:publisher\" content=\"https:\/\/www.facebook.com\/profile.php?id=100090733639311\" \/>\n<meta property=\"article:modified_time\" content=\"2025-12-17T16:48:13+00:00\" \/>\n<meta property=\"og:image\" content=\"https:\/\/talkpal.ai\/wp-content\/uploads\/2023\/03\/france.png\" \/>\n\t<meta property=\"og:image:width\" content=\"512\" \/>\n\t<meta property=\"og:image:height\" content=\"512\" \/>\n\t<meta property=\"og:image:type\" content=\"image\/png\" \/>\n<meta name=\"twitter:card\" content=\"summary_large_image\" \/>\n<meta name=\"twitter:site\" content=\"@talkpalai\" \/>\n<meta name=\"twitter:label1\" content=\"Est. reading time\" \/>\n\t<meta name=\"twitter:data1\" content=\"4 minutes\" \/>\n<script type=\"application\/ld+json\" class=\"yoast-schema-graph\">{\"@context\":\"https:\/\/schema.org\",\"@graph\":[{\"@type\":\"WebPage\",\"@id\":\"https:\/\/talkpal.ai\/sq\/ushtrime-gramatikore-franceze\/\",\"url\":\"https:\/\/talkpal.ai\/sq\/ushtrime-gramatikore-franceze\/\",\"name\":\"Ushtrime gramatikore franceze - Talkpal\",\"isPartOf\":{\"@id\":\"https:\/\/talkpal.ai\/sq\/#website\"},\"primaryImageOfPage\":{\"@id\":\"https:\/\/talkpal.ai\/sq\/ushtrime-gramatikore-franceze\/#primaryimage\"},\"image\":{\"@id\":\"https:\/\/talkpal.ai\/sq\/ushtrime-gramatikore-franceze\/#primaryimage\"},\"thumbnailUrl\":\"https:\/\/talkpal.ai\/wp-content\/uploads\/2023\/03\/france.png\",\"datePublished\":\"2023-06-16T08:35:52+00:00\",\"dateModified\":\"2025-12-17T16:48:13+00:00\",\"description\":\"Praktikoni dhe p\u00ebrmir\u00ebsoni aft\u00ebsit\u00eb tuaja gramatikore fr\u00ebnge me ushtrime interaktive t\u00eb krijuara p\u00ebr t\u00eb gjitha nivelet. P\u00ebrmir\u00ebsoni aft\u00ebsin\u00eb tuaj gjuh\u00ebsore!\",\"breadcrumb\":{\"@id\":\"https:\/\/talkpal.ai\/sq\/ushtrime-gramatikore-franceze\/#breadcrumb\"},\"inLanguage\":\"sq-AL\",\"potentialAction\":[{\"@type\":\"ReadAction\",\"target\":[\"https:\/\/talkpal.ai\/sq\/ushtrime-gramatikore-franceze\/\"]}]},{\"@type\":\"ImageObject\",\"inLanguage\":\"sq-AL\",\"@id\":\"https:\/\/talkpal.ai\/sq\/ushtrime-gramatikore-franceze\/#primaryimage\",\"url\":\"https:\/\/talkpal.ai\/wp-content\/uploads\/2023\/03\/france.png\",\"contentUrl\":\"https:\/\/talkpal.ai\/wp-content\/uploads\/2023\/03\/france.png\",\"width\":512,\"height\":512,\"caption\":\"TalkPal AI learn French\"},{\"@type\":\"BreadcrumbList\",\"@id\":\"https:\/\/talkpal.ai\/sq\/ushtrime-gramatikore-franceze\/#breadcrumb\",\"itemListElement\":[{\"@type\":\"ListItem\",\"position\":1,\"name\":\"Homepage\",\"item\":\"https:\/\/talkpal.ai\/sq\/\"},{\"@type\":\"ListItem\",\"position\":2,\"name\":\"Ushtrime gramatikore franceze\"}]},{\"@type\":\"WebSite\",\"@id\":\"https:\/\/talkpal.ai\/sq\/#website\",\"url\":\"https:\/\/talkpal.ai\/sq\/\",\"name\":\"Talkpal\",\"description\":\"AI Language Learning\",\"publisher\":{\"@id\":\"https:\/\/talkpal.ai\/sq\/#organization\"},\"alternateName\":\"Talkpal AI\",\"potentialAction\":[{\"@type\":\"SearchAction\",\"target\":{\"@type\":\"EntryPoint\",\"urlTemplate\":\"https:\/\/talkpal.ai\/sq\/?s={search_term_string}\"},\"query-input\":{\"@type\":\"PropertyValueSpecification\",\"valueRequired\":true,\"valueName\":\"search_term_string\"}}],\"inLanguage\":\"sq-AL\"},{\"@type\":\"Organization\",\"@id\":\"https:\/\/talkpal.ai\/sq\/#organization\",\"name\":\"Talkpal, Inc.\",\"alternateName\":\"Talkpal AI\",\"url\":\"https:\/\/talkpal.ai\/sq\/\",\"logo\":{\"@type\":\"ImageObject\",\"inLanguage\":\"sq-AL\",\"@id\":\"https:\/\/talkpal.ai\/sq\/#\/schema\/logo\/image\/\",\"url\":\"https:\/\/talkpal.ai\/wp-content\/uploads\/2024\/03\/Talkpal-Logo-Icon.png\",\"contentUrl\":\"https:\/\/talkpal.ai\/wp-content\/uploads\/2024\/03\/Talkpal-Logo-Icon.png\",\"width\":2880,\"height\":2880,\"caption\":\"Talkpal, Inc.\"},\"image\":{\"@id\":\"https:\/\/talkpal.ai\/sq\/#\/schema\/logo\/image\/\"},\"sameAs\":[\"https:\/\/www.facebook.com\/profile.php?id=100090733639311\",\"https:\/\/x.com\/talkpalai\",\"https:\/\/www.linkedin.com\/company\/talkpal\/\",\"https:\/\/www.youtube.com\/@TalkPal\/\",\"https:\/\/www.tiktok.com\/@talkpal\",\"https:\/\/www.instagram.com\/talkpal_ai\/\",\"https:\/\/www.crunchbase.com\/organization\/talkpal-9cde\",\"https:\/\/www.g2.com\/products\/talkpal-for-business\/\",\"https:\/\/www.trustpilot.com\/review\/talkpal.ai\",\"https:\/\/www.capterra.com\/p\/10006800\/TalkPal\/\"],\"description\":\"Talkpal is a language learning web and mobile education app, powered by the latest AI technologies, that provides engaging experiences to its customers in many different languages to help them improve their language skills. Users can chat about unlimited amount of topics with the app and use other modes to practice their language learning.\",\"email\":\"support@talkpal.ai\",\"legalName\":\"Talkpal, Inc.\",\"foundingDate\":\"2023-04-03\",\"duns\":\"118989042\",\"numberOfEmployees\":{\"@type\":\"QuantitativeValue\",\"minValue\":\"11\",\"maxValue\":\"50\"},\"publishingPrinciples\":\"https:\/\/talkpal.ai\/publishing-principles\/\",\"actionableFeedbackPolicy\":\"https:\/\/talkpal.ai\/actionable-feedback-policy\/\",\"correctionsPolicy\":\"https:\/\/talkpal.ai\/corrections-policy\/\",\"ethicsPolicy\":\"https:\/\/talkpal.ai\/ethics-policy\/\",\"diversityPolicy\":\"https:\/\/talkpal.ai\/diversity-policy\/\",\"diversityStaffingReport\":\"https:\/\/talkpal.ai\/diversity-policy\/\"}]}<\/script>\n<!-- \/ Yoast SEO Premium plugin. -->","yoast_head_json":{"title":"Ushtrime gramatikore franceze - Talkpal","description":"Praktikoni dhe p\u00ebrmir\u00ebsoni aft\u00ebsit\u00eb tuaja gramatikore fr\u00ebnge me ushtrime interaktive t\u00eb krijuara p\u00ebr t\u00eb gjitha nivelet. P\u00ebrmir\u00ebsoni aft\u00ebsin\u00eb tuaj gjuh\u00ebsore!","robots":{"index":"index","follow":"follow","max-snippet":"max-snippet:-1","max-image-preview":"max-image-preview:large","max-video-preview":"max-video-preview:-1"},"canonical":"https:\/\/talkpal.ai\/sq\/ushtrime-gramatikore-franceze\/","og_locale":"sq_AL","og_type":"article","og_title":"Ushtrime gramatikore franceze","og_description":"Temat e gramatik\u00ebs fr\u00ebnge M\u00ebsimi i fr\u00ebngjishtes mund t\u00eb jet\u00eb nj\u00eb p\u00ebrvoj\u00eb emocionuese dhe shp\u00ebrblyese. Si nj\u00eb gjuh\u00eb e pasur me histori dhe kultur\u00eb,","og_url":"https:\/\/talkpal.ai\/sq\/ushtrime-gramatikore-franceze\/","og_site_name":"Talkpal","article_publisher":"https:\/\/www.facebook.com\/profile.php?id=100090733639311","article_modified_time":"2025-12-17T16:48:13+00:00","og_image":[{"width":512,"height":512,"url":"https:\/\/talkpal.ai\/wp-content\/uploads\/2023\/03\/france.png","type":"image\/png"}],"twitter_card":"summary_large_image","twitter_site":"@talkpalai","twitter_misc":{"Est. reading time":"4 minutes"},"schema":{"@context":"https:\/\/schema.org","@graph":[{"@type":"WebPage","@id":"https:\/\/talkpal.ai\/sq\/ushtrime-gramatikore-franceze\/","url":"https:\/\/talkpal.ai\/sq\/ushtrime-gramatikore-franceze\/","name":"Ushtrime gramatikore franceze - Talkpal","isPartOf":{"@id":"https:\/\/talkpal.ai\/sq\/#website"},"primaryImageOfPage":{"@id":"https:\/\/talkpal.ai\/sq\/ushtrime-gramatikore-franceze\/#primaryimage"},"image":{"@id":"https:\/\/talkpal.ai\/sq\/ushtrime-gramatikore-franceze\/#primaryimage"},"thumbnailUrl":"https:\/\/talkpal.ai\/wp-content\/uploads\/2023\/03\/france.png","datePublished":"2023-06-16T08:35:52+00:00","dateModified":"2025-12-17T16:48:13+00:00","description":"Praktikoni dhe p\u00ebrmir\u00ebsoni aft\u00ebsit\u00eb tuaja gramatikore fr\u00ebnge me ushtrime interaktive t\u00eb krijuara p\u00ebr t\u00eb gjitha nivelet. P\u00ebrmir\u00ebsoni aft\u00ebsin\u00eb tuaj gjuh\u00ebsore!","breadcrumb":{"@id":"https:\/\/talkpal.ai\/sq\/ushtrime-gramatikore-franceze\/#breadcrumb"},"inLanguage":"sq-AL","potentialAction":[{"@type":"ReadAction","target":["https:\/\/talkpal.ai\/sq\/ushtrime-gramatikore-franceze\/"]}]},{"@type":"ImageObject","inLanguage":"sq-AL","@id":"https:\/\/talkpal.ai\/sq\/ushtrime-gramatikore-franceze\/#primaryimage","url":"https:\/\/talkpal.ai\/wp-content\/uploads\/2023\/03\/france.png","contentUrl":"https:\/\/talkpal.ai\/wp-content\/uploads\/2023\/03\/france.png","width":512,"height":512,"caption":"TalkPal AI learn French"},{"@type":"BreadcrumbList","@id":"https:\/\/talkpal.ai\/sq\/ushtrime-gramatikore-franceze\/#breadcrumb","itemListElement":[{"@type":"ListItem","position":1,"name":"Homepage","item":"https:\/\/talkpal.ai\/sq\/"},{"@type":"ListItem","position":2,"name":"Ushtrime gramatikore franceze"}]},{"@type":"WebSite","@id":"https:\/\/talkpal.ai\/sq\/#website","url":"https:\/\/talkpal.ai\/sq\/","name":"Talkpal","description":"AI Language Learning","publisher":{"@id":"https:\/\/talkpal.ai\/sq\/#organization"},"alternateName":"Talkpal AI","potentialAction":[{"@type":"SearchAction","target":{"@type":"EntryPoint","urlTemplate":"https:\/\/talkpal.ai\/sq\/?s={search_term_string}"},"query-input":{"@type":"PropertyValueSpecification","valueRequired":true,"valueName":"search_term_string"}}],"inLanguage":"sq-AL"},{"@type":"Organization","@id":"https:\/\/talkpal.ai\/sq\/#organization","name":"Talkpal, Inc.","alternateName":"Talkpal AI","url":"https:\/\/talkpal.ai\/sq\/","logo":{"@type":"ImageObject","inLanguage":"sq-AL","@id":"https:\/\/talkpal.ai\/sq\/#\/schema\/logo\/image\/","url":"https:\/\/talkpal.ai\/wp-content\/uploads\/2024\/03\/Talkpal-Logo-Icon.png","contentUrl":"https:\/\/talkpal.ai\/wp-content\/uploads\/2024\/03\/Talkpal-Logo-Icon.png","width":2880,"height":2880,"caption":"Talkpal, Inc."},"image":{"@id":"https:\/\/talkpal.ai\/sq\/#\/schema\/logo\/image\/"},"sameAs":["https:\/\/www.facebook.com\/profile.php?id=100090733639311","https:\/\/x.com\/talkpalai","https:\/\/www.linkedin.com\/company\/talkpal\/","https:\/\/www.youtube.com\/@TalkPal\/","https:\/\/www.tiktok.com\/@talkpal","https:\/\/www.instagram.com\/talkpal_ai\/","https:\/\/www.crunchbase.com\/organization\/talkpal-9cde","https:\/\/www.g2.com\/products\/talkpal-for-business\/","https:\/\/www.trustpilot.com\/review\/talkpal.ai","https:\/\/www.capterra.com\/p\/10006800\/TalkPal\/"],"description":"Talkpal is a language learning web and mobile education app, powered by the latest AI technologies, that provides engaging experiences to its customers in many different languages to help them improve their language skills. Users can chat about unlimited amount of topics with the app and use other modes to practice their language learning.","email":"support@talkpal.ai","legalName":"Talkpal, Inc.","foundingDate":"2023-04-03","duns":"118989042","numberOfEmployees":{"@type":"QuantitativeValue","minValue":"11","maxValue":"50"},"publishingPrinciples":"https:\/\/talkpal.ai\/publishing-principles\/","actionableFeedbackPolicy":"https:\/\/talkpal.ai\/actionable-feedback-policy\/","correctionsPolicy":"https:\/\/talkpal.ai\/corrections-policy\/","ethicsPolicy":"https:\/\/talkpal.ai\/ethics-policy\/","diversityPolicy":"https:\/\/talkpal.ai\/diversity-policy\/","diversityStaffingReport":"https:\/\/talkpal.ai\/diversity-policy\/"}]}},"_links":{"self":[{"href":"https:\/\/talkpal.ai\/sq\/wp-json\/wp\/v2\/pages\/1445318","targetHints":{"allow":["GET"]}}],"collection":[{"href":"https:\/\/talkpal.ai\/sq\/wp-json\/wp\/v2\/pages"}],"about":[{"href":"https:\/\/talkpal.ai\/sq\/wp-json\/wp\/v2\/types\/page"}],"author":[{"embeddable":true,"href":"https:\/\/talkpal.ai\/sq\/wp-json\/wp\/v2\/users\/6"}],"replies":[{"embeddable":true,"href":"https:\/\/talkpal.ai\/sq\/wp-json\/wp\/v2\/comments?post=1445318"}],"version-history":[{"count":0,"href":"https:\/\/talkpal.ai\/sq\/wp-json\/wp\/v2\/pages\/1445318\/revisions"}],"wp:featuredmedia":[{"embeddable":true,"href":"https:\/\/talkpal.ai\/sq\/wp-json\/wp\/v2\/media\/1440057"}],"wp:attachment":[{"href":"https:\/\/talkpal.ai\/sq\/wp-json\/wp\/v2\/media?parent=1445318"}],"curies":[{"name":"wp","href":"https:\/\/api.w.org\/{rel}","templated":true}]}}