{"id":1445315,"date":"2023-06-16T09:31:38","date_gmt":"2023-06-16T09:31:38","guid":{"rendered":"https:\/\/talkpal.ai\/ushtrime-gramatikore-arabe\/"},"modified":"2025-09-06T20:10:53","modified_gmt":"2025-09-06T20:10:53","slug":"ushtrime-gramatikore-arabe","status":"publish","type":"page","link":"https:\/\/talkpal.ai\/sq\/ushtrime-gramatikore-arabe\/","title":{"rendered":"Ushtrime gramatikore arabe"},"content":{"rendered":"\r\n\r\n\r\n<section class=\"languageChallengeSection\">\r\n    <div class=\"languageInfoWrapper\">\r\n        \r\n        <h1>Ushtrime gramatikore arabe<\/h1>\r\n        <p>Gati p\u00ebr t\u00eb ngritur aft\u00ebsit\u00eb tuaja arabe? Praktikimi i ushtrimeve gramatikore \u00ebsht\u00eb thelb\u00ebsor p\u00ebr zot\u00ebrimin e struktur\u00ebs s\u00eb fjalis\u00eb, formave t\u00eb foljeve dhe modeleve unike t\u00eb gjuh\u00ebs arabe. P\u00ebrqendrohuni n\u00eb k\u00ebto ushtrime p\u00ebr t\u00eb rritur besimin tuaj, p\u00ebr t\u00eb zgjeruar fjalorin tuaj dhe p\u00ebr ta b\u00ebr\u00eb shum\u00eb m\u00eb t\u00eb leht\u00eb shprehjen n\u00eb arabisht. Filloni t\u00eb praktikoni sot dhe shikoni aft\u00ebsit\u00eb tuaja gjuh\u00ebsore t\u00eb rriten!<\/p>\r\n\r\n                            <a class=\"getStartedHidden\" href=\"https:\/\/app.talkpal.ai\/signup?lng=\">Filloni<\/a>\r\n        \r\n    <\/div>\r\n\r\n    <figure>\r\n    <img decoding=\"async\" width=\"768\" height=\"768\" src=\"https:\/\/talkpal.ai\/wp-content\/uploads\/2023\/06\/arabic-768x768.png\" class=\"languageImage no-lazy\" alt=\"Language learning for linguistic diversity\" fetchpriority=\"high\" sizes=\"(max-width: 768px) 150px, 768px\" srcset=\"https:\/\/talkpal.ai\/wp-content\/uploads\/2023\/06\/arabic-768x768.png 768w, https:\/\/talkpal.ai\/wp-content\/uploads\/2023\/06\/arabic-300x300.png 300w\" \/>\r\n    \r\n\r\n    <\/figure>\r\n\r\n            <a class=\"getStartedVisible\" href=\"https:\/\/app.talkpal.ai\/signup?lng=\">Filloni<\/a>\r\n    \r\n<\/section>\r\n\r\n\r\n<!-- <section class=\"grammarSection\">\r\n    <div class=\"grammarLinks\">\r\n            <\/div>\r\n<\/section> -->\r\n\r\n\r\n\r\n\r\n<section class=\"promotionalBanner\">\r\n    <p class=\"promotionalText\">M\u00ebnyra m\u00eb efikase p\u00ebr t\u00eb m\u00ebsuar nj\u00eb gjuh\u00eb<\/p>\r\n    <a class=\"promotionalLink\" href=\"https:\/\/app.talkpal.ai\/signup?lng=\">Provoni Talkpal falas<\/a>\r\n<\/section>\n<div class=\"wp-block-group pageContainerStyle\"><div class=\"wp-block-group__inner-container is-layout-constrained wp-block-group-is-layout-constrained\">\n<h2 class=\"wp-block-heading\" id=\"h-arabic-grammar-topics\">Temat e gramatik\u00ebs arabe<\/h2>\n\n\n\n<p>Gjuha arabe, me historin\u00eb e saj t\u00eb pasur dhe r\u00ebnd\u00ebsin\u00eb kulturore, \u00ebsht\u00eb nj\u00eb p\u00ebrpjekje magjeps\u00ebse dhe shp\u00ebrblyese p\u00ebr nx\u00ebn\u00ebsit e gjuh\u00ebs. Si nj\u00eb nga gjasht\u00eb gjuh\u00ebt zyrtare t\u00eb Kombeve t\u00eb Bashkuara dhe e folur nga mbi 420 milion\u00eb njer\u00ebz n\u00eb mbar\u00eb bot\u00ebn, m\u00ebsimi i arabishtes hap mund\u00ebsi p\u00ebr komunikim dhe mir\u00ebkuptim global. Megjithat\u00eb, zot\u00ebrimi i gjuh\u00ebs k\u00ebrkon nj\u00eb kuptim t\u00eb plot\u00eb t\u00eb rregullave dhe strukturave t\u00eb saj unike gramatikore. N\u00eb k\u00ebt\u00eb artikull, ne do t\u00eb shqyrtojm\u00eb temat thelb\u00ebsore t\u00eb gramatik\u00ebs arabe q\u00eb do t&#8217;ju ndihmojn\u00eb t\u00eb nd\u00ebrtoni nj\u00eb baz\u00eb t\u00eb fort\u00eb n\u00eb gjuh\u00eb, nga koh\u00ebt baz\u00eb dhe konjugimet e foljeve deri te strukturat m\u00eb komplekse t\u00eb fjalive nominale dhe verbale.<\/p>\n\n\n\n<h3 class=\"wp-block-heading\" id=\"h-1-tenses-indicative\">1. Koh\u00ebt treguese:<\/h3>\n\n\n\n<p>Koha treguese p\u00ebrdoret p\u00ebr t\u00eb shprehur veprime ose gjendje n\u00eb t\u00eb tashmen, t\u00eb kaluar\u00ebn ose t\u00eb ardhmen. N\u00eb arabisht, konjugimi i foljes ndryshon n\u00eb baz\u00eb t\u00eb koh\u00ebs. Filloni duke m\u00ebsuar konjugimet baz\u00eb p\u00ebr foljet e rregullta dhe njihuni me modelet e ndryshme p\u00ebr koh\u00ebn e tashme, t\u00eb kaluar dhe t\u00eb ardhshme.<\/p>\n\n\n\n<h3 class=\"wp-block-heading\" id=\"h-2-tenses-subjunctive\">2. Koh\u00ebt n\u00ebnlidh\u00ebse:<\/h3>\n\n\n\n<p>Koha n\u00ebnlidh\u00ebse p\u00ebrdoret p\u00ebr t\u00eb shprehur pasigurin\u00eb, dyshimin ose d\u00ebshir\u00ebn. \u00cbsht\u00eb thelb\u00ebsore t\u00eb m\u00ebsoni konjugimet specifike t\u00eb foljeve dhe <a href=\"https:\/\/talkpal.ai\/culture\/what-is-the-difference-between-se-and-si\/\">se si<\/a> ato ndryshojn\u00eb nga koha treguese. Kjo do t&#8217;ju ndihmoj\u00eb t\u00eb p\u00ebrcillni mendime dhe ndjenja m\u00eb t\u00eb nuancuara n\u00eb komunikimin tuaj.<\/p>\n\n\n\n<h3 class=\"wp-block-heading\" id=\"h-3-tense-comparison\">3. Krahasimi i tensionit:<\/h3>\n\n\n\n<p>T\u00eb kuptuarit e dallimeve midis koh\u00ebs treguese dhe n\u00ebnlidh\u00ebse \u00ebsht\u00eb jetike. P\u00ebrqendrohuni n\u00eb m\u00ebnyr\u00ebn se si modifikohen konjugimet e foljeve dhe kontekstin n\u00eb t\u00eb cilin p\u00ebrdoret secila koh\u00eb.<\/p>\n\n\n\n<h3 class=\"wp-block-heading\" id=\"h-4-verbs\">4. Foljet:<\/h3>\n\n\n\n<p>Foljet arabe kategorizohen n\u00eb forma t\u00eb ndryshme bazuar n\u00eb shkronjat dhe modelet e <a href=\"https:\/\/talkpal.ai\/locations\/language-courses-in-tyre\/\">tyre<\/a> rr\u00ebnj\u00ebsore. M\u00ebsoni dhjet\u00eb format themelore t\u00eb foljeve dhe rregullat e tyre t\u00eb konjugimit, t\u00eb cilat do t&#8217;ju ndihmojn\u00eb t\u00eb njihni dhe p\u00ebrdorni sakt\u00eb foljet n\u00eb situata t\u00eb ndryshme.<\/p>\n\n\n\n<h3 class=\"wp-block-heading\" id=\"h-5-nouns\">5. Emrat:<\/h3>\n\n\n\n<p>Emrat arab\u00eb jan\u00eb ose mashkullor\u00eb ose fem\u00ebror\u00eb dhe mbaresat e tyre ndryshojn\u00eb n\u00eb baz\u00eb t\u00eb rolit t\u00eb tyre gramatikor n\u00eb nj\u00eb fjali. M\u00ebsoni modelet e ndryshme t\u00eb emrave dhe si ato ndikohen nga shenjat e rasteve dhe element\u00eb t\u00eb tjer\u00eb gramatikore.<\/p>\n\n\n\n<h3 class=\"wp-block-heading\" id=\"h-6-articles\">6. Artikujt:<\/h3>\n\n\n\n<p>Arabishtja ka artikuj t\u00eb caktuar dhe t\u00eb pacaktuar, t\u00eb cil\u00ebt luajn\u00eb nj\u00eb rol vendimtar n\u00eb identifikimin e emrave. M\u00ebsoni rregullat dhe p\u00ebrdorimin e artikullit t\u00eb caktuar &#8220;al-&#8221; dhe munges\u00ebn e nj\u00eb artikulli t\u00eb pacaktuar n\u00eb arabisht.<\/p>\n\n\n\n<h3 class=\"wp-block-heading\" id=\"h-7-definite-and-indefinite-articles\">7. Nenet e p\u00ebrcaktuara dhe t\u00eb pacaktuara:<\/h3>\n\n\n\n<p>Si\u00e7 u p\u00ebrmend m\u00eb her\u00ebt, t\u00eb kuptuarit e p\u00ebrdorimit t\u00eb artikujve t\u00eb caktuar dhe t\u00eb pacaktuar n\u00eb arabisht \u00ebsht\u00eb thelb\u00ebsor. Praktikoni p\u00ebrdorimin e tyre n\u00eb fjali me emra t\u00eb ndrysh\u00ebm p\u00ebr t\u00eb forcuar kuptimin tuaj t\u00eb konceptit.<\/p>\n\n\n\n<h3 class=\"wp-block-heading\" id=\"h-8-pronouns\">8. P\u00ebremrat:<\/h3>\n\n\n\n<p>P\u00ebremrat arab\u00eb ndahen n\u00eb p\u00ebremra personal\u00eb, demonstrativ\u00eb dhe relativ\u00eb. M\u00ebsoni format dhe p\u00ebrdorimin e tyre, si dhe rregullat p\u00ebr t&#8217;i lidhur ato me foljet, emrat dhe parafjal\u00ebt.<\/p>\n\n\n\n<h3 class=\"wp-block-heading\" id=\"h-9-adjectives\">9. Mbiemra:<\/h3>\n\n\n\n<p>Mbiemrat n\u00eb arabisht pajtohen me emrat q\u00eb modifikojn\u00eb n\u00eb gjini dhe num\u00ebr. M\u00ebsoni rregullat p\u00ebr marr\u00ebveshjen e mbiemrave dhe modelet themelore t\u00eb mbiemrave.<\/p>\n\n\n\n<h3 class=\"wp-block-heading\" id=\"h-10-adverbs\">10. Ndajfoljet:<\/h3>\n\n\n\n<p>Njihuni me ndajfoljet e zakonshme arabe dhe vendosjen e tyre n\u00eb fjali. Kuptimi i funksionit t\u00eb ndajfoljeve do t&#8217;ju ndihmoj\u00eb t\u00eb p\u00ebrcillni informacion m\u00eb t\u00eb detajuar n\u00eb komunikimin tuaj.<\/p>\n\n\n\n<h3 class=\"wp-block-heading\" id=\"h-11-prepositions\">11. Parafjal\u00ebt:<\/h3>\n\n\n\n<p>Parafjal\u00ebt arabe jan\u00eb thelb\u00ebsore p\u00ebr lidhjen e fjal\u00ebve dhe frazave dhe shprehjen e marr\u00ebdh\u00ebnieve midis tyre. M\u00ebsoni parafjal\u00ebt e ndryshme dhe p\u00ebrdorimin e tyre n\u00eb fjali.<\/p>\n\n\n\n<h3 class=\"wp-block-heading\" id=\"h-12-idaafa-genitive-construction\">12. Idaafa (Nd\u00ebrtimi gjenitiv):<\/h3>\n\n\n\n<p>Nd\u00ebrtimi Idaafa p\u00ebrdoret p\u00ebr t\u00eb shprehur zot\u00ebrimin ose marr\u00ebdh\u00ebniet midis emrave. M\u00ebsoni rregullat dhe modelet p\u00ebr formimin e konstruksioneve Idaafa, t\u00eb cilat jan\u00eb pjes\u00eb integrale e gramatik\u00ebs arabe.<\/p>\n\n\n\n<h3 class=\"wp-block-heading\" id=\"h-13-sentence-structure\">13. Struktura e fjalis\u00eb:<\/h3>\n\n\n\n<p>Fjalit\u00eb arabe mund t\u00eb jen\u00eb nominale ose verbale. M\u00ebsoni struktur\u00ebn baz\u00eb t\u00eb t\u00eb dy llojeve t\u00eb fjalive dhe praktikoni formimin e fjalive me komponent\u00eb t\u00eb ndrysh\u00ebm.<\/p>\n\n\n\n<h3 class=\"wp-block-heading\" id=\"h-14-nominal-and-verbal-sentences\">14. Fjali nominale dhe verbale:<\/h3>\n\n\n\n<p>Zhytuni m\u00eb thell\u00eb n\u00eb ndryshimet midis fjalive nominale dhe verbale dhe m\u00ebsoni se si t&#8217;i p\u00ebrdorni ato n\u00eb m\u00ebnyr\u00eb efektive n\u00eb kontekste t\u00eb ndryshme.<\/p>\n\n\n\n<h3 class=\"wp-block-heading\" id=\"h-15-subject-and-predicate-in-arabic\">15. L\u00ebnda dhe predikati n\u00eb arabisht:<\/h3>\n\n\n\n<p>T\u00eb kuptuarit e roleve t\u00eb subjektit dhe predikatit n\u00eb fjalit\u00eb arabe \u00ebsht\u00eb thelb\u00ebsore p\u00ebr komunikim efektiv. M\u00ebsoni rregullat p\u00ebr identifikimin dhe p\u00ebrdorimin e subjekteve dhe predikateve n\u00eb lloje t\u00eb ndryshme fjalish.<\/p>\n<\/div><\/div>\n\r\n<section class=\"learnNavigationSection\">\r\n            \r\n        <a href=\"https:\/\/talkpal.ai\/sq\/meso-arabisht\/\">\r\n            <div class=\"learnNavigationWrapper\">\r\n                <div class=\"learnNavigationContent\">\r\n                    <img decoding=\"async\" src=\"https:\/\/talkpal.ai\/wp-content\/uploads\/2024\/08\/Arabic.jpg\" alt=\"Arabic Flag\">\r\n                    <div>\r\n                        <h4>Rreth m\u00ebsimit t\u00eb arabishtes<\/h4>\r\n                        <p>M\u00ebsoni gjith\u00e7ka rreth gramatik\u00ebs arabe.<\/p>\r\n                    <\/div>\r\n                <\/div>\r\n            <\/div>\r\n        <\/a>\r\n\r\n        \r\n        <a href=\"https:\/\/talkpal.ai\/sq\/gramatika-arabe\/\">\r\n            <div class=\"learnNavigationWrapper\">\r\n                <div class=\"learnNavigationContent\">\r\n                    <img decoding=\"async\" src=\"https:\/\/talkpal.ai\/wp-content\/uploads\/2024\/08\/Arabic.jpg\" alt=\"Arabic Flag\">\r\n                    <div>\r\n                        <h4>M\u00ebsimet e gramatik\u00ebs arabe<\/h4>\r\n                        <p>Praktikoni gramatik\u00ebn arabe.<\/p>\r\n                    <\/div>\r\n                <\/div>\r\n            <\/div>\r\n        <\/a>\r\n\r\n        \r\n        <a href=\"https:\/\/talkpal.ai\/vocabulary_language\/arabic\/\">\r\n            <div class=\"learnNavigationWrapper\">\r\n                <div class=\"learnNavigationContent\">\r\n                    <img decoding=\"async\" src=\"https:\/\/talkpal.ai\/wp-content\/uploads\/2024\/08\/Arabic.jpg\" alt=\"Arabic Flag\">\r\n                    <div>\r\n                        <h4>Fjalori arab<\/h4>\r\n                        <p>Zgjeroni fjalorin tuaj arabisht.<\/p>\r\n                    <\/div>\r\n                <\/div>\r\n            <\/div>\r\n        <\/a>\r\n\r\n            <\/section>","protected":false},"excerpt":{"rendered":"<p>Temat e gramatik\u00ebs arabe Gjuha arabe, me historin\u00eb e saj t\u00eb pasur dhe r\u00ebnd\u00ebsin\u00eb kulturore, \u00ebsht\u00eb nj\u00eb p\u00ebrpjekje magjeps\u00ebse dhe shp\u00ebrblyese p\u00ebr nx\u00ebn\u00ebsit e gjuh\u00ebs. Si nj\u00eb nga gjasht\u00eb gjuh\u00ebt zyrtare t\u00eb Kombeve t\u00eb Bashkuara dhe e folur nga mbi 420 milion\u00eb njer\u00ebz n\u00eb mbar\u00eb bot\u00ebn, m\u00ebsimi i arabishtes hap mund\u00ebsi p\u00ebr komunikim dhe mir\u00ebkuptim [&hellip;]<\/p>\n","protected":false},"author":6,"featured_media":1440695,"parent":0,"menu_order":0,"comment_status":"closed","ping_status":"closed","template":"LearningContentPage.php","meta":{"_acf_changed":false,"footnotes":""},"class_list":["post-1445315","page","type-page","status-publish","has-post-thumbnail","hentry"],"acf":[],"yoast_head":"<!-- This site is optimized with the Yoast SEO Premium plugin v27.2 (Yoast SEO v27.2) - https:\/\/yoast.com\/product\/yoast-seo-premium-wordpress\/ -->\n<title>Ushtrime gramatikore arabe - Talkpal<\/title>\n<meta name=\"description\" content=\"P\u00ebrmir\u00ebsoni t\u00eb kuptuarit tuaj me ushtrime gramatikore arabe q\u00eb mbulojn\u00eb rregullat dhe strukturat thelb\u00ebsore p\u00ebr zot\u00ebrimin e gjuh\u00ebs.\" \/>\n<meta name=\"robots\" content=\"index, follow, max-snippet:-1, max-image-preview:large, max-video-preview:-1\" \/>\n<link rel=\"canonical\" href=\"https:\/\/talkpal.ai\/sq\/ushtrime-gramatikore-arabe\/\" \/>\n<meta property=\"og:locale\" content=\"sq_AL\" \/>\n<meta property=\"og:type\" content=\"article\" \/>\n<meta property=\"og:title\" content=\"Ushtrime gramatikore arabe\" \/>\n<meta property=\"og:description\" content=\"Temat e gramatik\u00ebs arabe Gjuha arabe, me historin\u00eb e saj t\u00eb pasur dhe r\u00ebnd\u00ebsin\u00eb kulturore, \u00ebsht\u00eb nj\u00eb p\u00ebrpjekje magjeps\u00ebse dhe shp\u00ebrblyese p\u00ebr nx\u00ebn\u00ebsit e\" \/>\n<meta property=\"og:url\" content=\"https:\/\/talkpal.ai\/sq\/ushtrime-gramatikore-arabe\/\" \/>\n<meta property=\"og:site_name\" content=\"Talkpal\" \/>\n<meta property=\"article:publisher\" content=\"https:\/\/www.facebook.com\/profile.php?id=100090733639311\" \/>\n<meta property=\"article:modified_time\" content=\"2025-09-06T20:10:53+00:00\" \/>\n<meta property=\"og:image\" content=\"https:\/\/talkpal.ai\/wp-content\/uploads\/2023\/04\/arabic-united-arab-emirates.png\" \/>\n\t<meta property=\"og:image:width\" content=\"512\" \/>\n\t<meta property=\"og:image:height\" content=\"512\" \/>\n\t<meta property=\"og:image:type\" content=\"image\/png\" \/>\n<meta name=\"twitter:card\" content=\"summary_large_image\" \/>\n<meta name=\"twitter:site\" content=\"@talkpalai\" \/>\n<meta name=\"twitter:label1\" content=\"Est. reading time\" \/>\n\t<meta name=\"twitter:data1\" content=\"4 minutes\" \/>\n<script type=\"application\/ld+json\" class=\"yoast-schema-graph\">{\"@context\":\"https:\/\/schema.org\",\"@graph\":[{\"@type\":\"WebPage\",\"@id\":\"https:\/\/talkpal.ai\/sq\/ushtrime-gramatikore-arabe\/\",\"url\":\"https:\/\/talkpal.ai\/sq\/ushtrime-gramatikore-arabe\/\",\"name\":\"Ushtrime gramatikore arabe - Talkpal\",\"isPartOf\":{\"@id\":\"https:\/\/talkpal.ai\/sq\/#website\"},\"primaryImageOfPage\":{\"@id\":\"https:\/\/talkpal.ai\/sq\/ushtrime-gramatikore-arabe\/#primaryimage\"},\"image\":{\"@id\":\"https:\/\/talkpal.ai\/sq\/ushtrime-gramatikore-arabe\/#primaryimage\"},\"thumbnailUrl\":\"https:\/\/talkpal.ai\/wp-content\/uploads\/2023\/04\/arabic-united-arab-emirates.png\",\"datePublished\":\"2023-06-16T09:31:38+00:00\",\"dateModified\":\"2025-09-06T20:10:53+00:00\",\"description\":\"P\u00ebrmir\u00ebsoni t\u00eb kuptuarit tuaj me ushtrime gramatikore arabe q\u00eb mbulojn\u00eb rregullat dhe strukturat thelb\u00ebsore p\u00ebr zot\u00ebrimin e gjuh\u00ebs.\",\"breadcrumb\":{\"@id\":\"https:\/\/talkpal.ai\/sq\/ushtrime-gramatikore-arabe\/#breadcrumb\"},\"inLanguage\":\"sq-AL\",\"potentialAction\":[{\"@type\":\"ReadAction\",\"target\":[\"https:\/\/talkpal.ai\/sq\/ushtrime-gramatikore-arabe\/\"]}]},{\"@type\":\"ImageObject\",\"inLanguage\":\"sq-AL\",\"@id\":\"https:\/\/talkpal.ai\/sq\/ushtrime-gramatikore-arabe\/#primaryimage\",\"url\":\"https:\/\/talkpal.ai\/wp-content\/uploads\/2023\/04\/arabic-united-arab-emirates.png\",\"contentUrl\":\"https:\/\/talkpal.ai\/wp-content\/uploads\/2023\/04\/arabic-united-arab-emirates.png\",\"width\":512,\"height\":512,\"caption\":\"TalkPal Catalan Flag\"},{\"@type\":\"BreadcrumbList\",\"@id\":\"https:\/\/talkpal.ai\/sq\/ushtrime-gramatikore-arabe\/#breadcrumb\",\"itemListElement\":[{\"@type\":\"ListItem\",\"position\":1,\"name\":\"Homepage\",\"item\":\"https:\/\/talkpal.ai\/sq\/\"},{\"@type\":\"ListItem\",\"position\":2,\"name\":\"Ushtrime gramatikore arabe\"}]},{\"@type\":\"WebSite\",\"@id\":\"https:\/\/talkpal.ai\/sq\/#website\",\"url\":\"https:\/\/talkpal.ai\/sq\/\",\"name\":\"Talkpal\",\"description\":\"AI Language Learning\",\"publisher\":{\"@id\":\"https:\/\/talkpal.ai\/sq\/#organization\"},\"alternateName\":\"Talkpal AI\",\"potentialAction\":[{\"@type\":\"SearchAction\",\"target\":{\"@type\":\"EntryPoint\",\"urlTemplate\":\"https:\/\/talkpal.ai\/sq\/?s={search_term_string}\"},\"query-input\":{\"@type\":\"PropertyValueSpecification\",\"valueRequired\":true,\"valueName\":\"search_term_string\"}}],\"inLanguage\":\"sq-AL\"},{\"@type\":\"Organization\",\"@id\":\"https:\/\/talkpal.ai\/sq\/#organization\",\"name\":\"Talkpal, Inc.\",\"alternateName\":\"Talkpal AI\",\"url\":\"https:\/\/talkpal.ai\/sq\/\",\"logo\":{\"@type\":\"ImageObject\",\"inLanguage\":\"sq-AL\",\"@id\":\"https:\/\/talkpal.ai\/sq\/#\/schema\/logo\/image\/\",\"url\":\"https:\/\/talkpal.ai\/wp-content\/uploads\/2024\/03\/Talkpal-Logo-Icon.png\",\"contentUrl\":\"https:\/\/talkpal.ai\/wp-content\/uploads\/2024\/03\/Talkpal-Logo-Icon.png\",\"width\":2880,\"height\":2880,\"caption\":\"Talkpal, Inc.\"},\"image\":{\"@id\":\"https:\/\/talkpal.ai\/sq\/#\/schema\/logo\/image\/\"},\"sameAs\":[\"https:\/\/www.facebook.com\/profile.php?id=100090733639311\",\"https:\/\/x.com\/talkpalai\",\"https:\/\/www.linkedin.com\/company\/talkpal\/\",\"https:\/\/www.youtube.com\/@TalkPal\/\",\"https:\/\/www.tiktok.com\/@talkpal\",\"https:\/\/www.instagram.com\/talkpal_ai\/\",\"https:\/\/www.crunchbase.com\/organization\/talkpal-9cde\",\"https:\/\/www.g2.com\/products\/talkpal-for-business\/\",\"https:\/\/www.trustpilot.com\/review\/talkpal.ai\",\"https:\/\/www.capterra.com\/p\/10006800\/TalkPal\/\"],\"description\":\"Talkpal is a language learning web and mobile education app, powered by the latest AI technologies, that provides engaging experiences to its customers in many different languages to help them improve their language skills. Users can chat about unlimited amount of topics with the app and use other modes to practice their language learning.\",\"email\":\"support@talkpal.ai\",\"legalName\":\"Talkpal, Inc.\",\"foundingDate\":\"2023-04-03\",\"duns\":\"118989042\",\"numberOfEmployees\":{\"@type\":\"QuantitativeValue\",\"minValue\":\"11\",\"maxValue\":\"50\"},\"publishingPrinciples\":\"https:\/\/talkpal.ai\/publishing-principles\/\",\"actionableFeedbackPolicy\":\"https:\/\/talkpal.ai\/actionable-feedback-policy\/\",\"correctionsPolicy\":\"https:\/\/talkpal.ai\/corrections-policy\/\",\"ethicsPolicy\":\"https:\/\/talkpal.ai\/ethics-policy\/\",\"diversityPolicy\":\"https:\/\/talkpal.ai\/diversity-policy\/\",\"diversityStaffingReport\":\"https:\/\/talkpal.ai\/diversity-policy\/\"}]}<\/script>\n<!-- \/ Yoast SEO Premium plugin. -->","yoast_head_json":{"title":"Ushtrime gramatikore arabe - Talkpal","description":"P\u00ebrmir\u00ebsoni t\u00eb kuptuarit tuaj me ushtrime gramatikore arabe q\u00eb mbulojn\u00eb rregullat dhe strukturat thelb\u00ebsore p\u00ebr zot\u00ebrimin e gjuh\u00ebs.","robots":{"index":"index","follow":"follow","max-snippet":"max-snippet:-1","max-image-preview":"max-image-preview:large","max-video-preview":"max-video-preview:-1"},"canonical":"https:\/\/talkpal.ai\/sq\/ushtrime-gramatikore-arabe\/","og_locale":"sq_AL","og_type":"article","og_title":"Ushtrime gramatikore arabe","og_description":"Temat e gramatik\u00ebs arabe Gjuha arabe, me historin\u00eb e saj t\u00eb pasur dhe r\u00ebnd\u00ebsin\u00eb kulturore, \u00ebsht\u00eb nj\u00eb p\u00ebrpjekje magjeps\u00ebse dhe shp\u00ebrblyese p\u00ebr nx\u00ebn\u00ebsit e","og_url":"https:\/\/talkpal.ai\/sq\/ushtrime-gramatikore-arabe\/","og_site_name":"Talkpal","article_publisher":"https:\/\/www.facebook.com\/profile.php?id=100090733639311","article_modified_time":"2025-09-06T20:10:53+00:00","og_image":[{"width":512,"height":512,"url":"https:\/\/talkpal.ai\/wp-content\/uploads\/2023\/04\/arabic-united-arab-emirates.png","type":"image\/png"}],"twitter_card":"summary_large_image","twitter_site":"@talkpalai","twitter_misc":{"Est. reading time":"4 minutes"},"schema":{"@context":"https:\/\/schema.org","@graph":[{"@type":"WebPage","@id":"https:\/\/talkpal.ai\/sq\/ushtrime-gramatikore-arabe\/","url":"https:\/\/talkpal.ai\/sq\/ushtrime-gramatikore-arabe\/","name":"Ushtrime gramatikore arabe - Talkpal","isPartOf":{"@id":"https:\/\/talkpal.ai\/sq\/#website"},"primaryImageOfPage":{"@id":"https:\/\/talkpal.ai\/sq\/ushtrime-gramatikore-arabe\/#primaryimage"},"image":{"@id":"https:\/\/talkpal.ai\/sq\/ushtrime-gramatikore-arabe\/#primaryimage"},"thumbnailUrl":"https:\/\/talkpal.ai\/wp-content\/uploads\/2023\/04\/arabic-united-arab-emirates.png","datePublished":"2023-06-16T09:31:38+00:00","dateModified":"2025-09-06T20:10:53+00:00","description":"P\u00ebrmir\u00ebsoni t\u00eb kuptuarit tuaj me ushtrime gramatikore arabe q\u00eb mbulojn\u00eb rregullat dhe strukturat thelb\u00ebsore p\u00ebr zot\u00ebrimin e gjuh\u00ebs.","breadcrumb":{"@id":"https:\/\/talkpal.ai\/sq\/ushtrime-gramatikore-arabe\/#breadcrumb"},"inLanguage":"sq-AL","potentialAction":[{"@type":"ReadAction","target":["https:\/\/talkpal.ai\/sq\/ushtrime-gramatikore-arabe\/"]}]},{"@type":"ImageObject","inLanguage":"sq-AL","@id":"https:\/\/talkpal.ai\/sq\/ushtrime-gramatikore-arabe\/#primaryimage","url":"https:\/\/talkpal.ai\/wp-content\/uploads\/2023\/04\/arabic-united-arab-emirates.png","contentUrl":"https:\/\/talkpal.ai\/wp-content\/uploads\/2023\/04\/arabic-united-arab-emirates.png","width":512,"height":512,"caption":"TalkPal Catalan Flag"},{"@type":"BreadcrumbList","@id":"https:\/\/talkpal.ai\/sq\/ushtrime-gramatikore-arabe\/#breadcrumb","itemListElement":[{"@type":"ListItem","position":1,"name":"Homepage","item":"https:\/\/talkpal.ai\/sq\/"},{"@type":"ListItem","position":2,"name":"Ushtrime gramatikore arabe"}]},{"@type":"WebSite","@id":"https:\/\/talkpal.ai\/sq\/#website","url":"https:\/\/talkpal.ai\/sq\/","name":"Talkpal","description":"AI Language Learning","publisher":{"@id":"https:\/\/talkpal.ai\/sq\/#organization"},"alternateName":"Talkpal AI","potentialAction":[{"@type":"SearchAction","target":{"@type":"EntryPoint","urlTemplate":"https:\/\/talkpal.ai\/sq\/?s={search_term_string}"},"query-input":{"@type":"PropertyValueSpecification","valueRequired":true,"valueName":"search_term_string"}}],"inLanguage":"sq-AL"},{"@type":"Organization","@id":"https:\/\/talkpal.ai\/sq\/#organization","name":"Talkpal, Inc.","alternateName":"Talkpal AI","url":"https:\/\/talkpal.ai\/sq\/","logo":{"@type":"ImageObject","inLanguage":"sq-AL","@id":"https:\/\/talkpal.ai\/sq\/#\/schema\/logo\/image\/","url":"https:\/\/talkpal.ai\/wp-content\/uploads\/2024\/03\/Talkpal-Logo-Icon.png","contentUrl":"https:\/\/talkpal.ai\/wp-content\/uploads\/2024\/03\/Talkpal-Logo-Icon.png","width":2880,"height":2880,"caption":"Talkpal, Inc."},"image":{"@id":"https:\/\/talkpal.ai\/sq\/#\/schema\/logo\/image\/"},"sameAs":["https:\/\/www.facebook.com\/profile.php?id=100090733639311","https:\/\/x.com\/talkpalai","https:\/\/www.linkedin.com\/company\/talkpal\/","https:\/\/www.youtube.com\/@TalkPal\/","https:\/\/www.tiktok.com\/@talkpal","https:\/\/www.instagram.com\/talkpal_ai\/","https:\/\/www.crunchbase.com\/organization\/talkpal-9cde","https:\/\/www.g2.com\/products\/talkpal-for-business\/","https:\/\/www.trustpilot.com\/review\/talkpal.ai","https:\/\/www.capterra.com\/p\/10006800\/TalkPal\/"],"description":"Talkpal is a language learning web and mobile education app, powered by the latest AI technologies, that provides engaging experiences to its customers in many different languages to help them improve their language skills. Users can chat about unlimited amount of topics with the app and use other modes to practice their language learning.","email":"support@talkpal.ai","legalName":"Talkpal, Inc.","foundingDate":"2023-04-03","duns":"118989042","numberOfEmployees":{"@type":"QuantitativeValue","minValue":"11","maxValue":"50"},"publishingPrinciples":"https:\/\/talkpal.ai\/publishing-principles\/","actionableFeedbackPolicy":"https:\/\/talkpal.ai\/actionable-feedback-policy\/","correctionsPolicy":"https:\/\/talkpal.ai\/corrections-policy\/","ethicsPolicy":"https:\/\/talkpal.ai\/ethics-policy\/","diversityPolicy":"https:\/\/talkpal.ai\/diversity-policy\/","diversityStaffingReport":"https:\/\/talkpal.ai\/diversity-policy\/"}]}},"_links":{"self":[{"href":"https:\/\/talkpal.ai\/sq\/wp-json\/wp\/v2\/pages\/1445315","targetHints":{"allow":["GET"]}}],"collection":[{"href":"https:\/\/talkpal.ai\/sq\/wp-json\/wp\/v2\/pages"}],"about":[{"href":"https:\/\/talkpal.ai\/sq\/wp-json\/wp\/v2\/types\/page"}],"author":[{"embeddable":true,"href":"https:\/\/talkpal.ai\/sq\/wp-json\/wp\/v2\/users\/6"}],"replies":[{"embeddable":true,"href":"https:\/\/talkpal.ai\/sq\/wp-json\/wp\/v2\/comments?post=1445315"}],"version-history":[{"count":0,"href":"https:\/\/talkpal.ai\/sq\/wp-json\/wp\/v2\/pages\/1445315\/revisions"}],"wp:featuredmedia":[{"embeddable":true,"href":"https:\/\/talkpal.ai\/sq\/wp-json\/wp\/v2\/media\/1440695"}],"wp:attachment":[{"href":"https:\/\/talkpal.ai\/sq\/wp-json\/wp\/v2\/media?parent=1445315"}],"curies":[{"name":"wp","href":"https:\/\/api.w.org\/{rel}","templated":true}]}}