{"id":1445310,"date":"2023-06-16T09:14:18","date_gmt":"2023-06-16T09:14:18","guid":{"rendered":"https:\/\/talkpal.ai\/ushtrime-gramatikore-gjermane\/"},"modified":"2025-12-17T16:13:12","modified_gmt":"2025-12-17T16:13:12","slug":"ushtrime-gramatikore-gjermane","status":"publish","type":"page","link":"https:\/\/talkpal.ai\/sq\/ushtrime-gramatikore-gjermane\/","title":{"rendered":"Ushtrime gramatikore gjermane"},"content":{"rendered":"\r\n\r\n\r\n<section class=\"languageChallengeSection\">\r\n    <div class=\"languageInfoWrapper\">\r\n        \r\n        <h1>Ushtrime gramatikore gjermane<\/h1>\r\n        <p>Gati p\u00ebr t\u00eb forcuar gramatik\u00ebn tuaj gjermane? Praktikimi i ushtrimeve gramatikore \u00ebsht\u00eb m\u00ebnyra e p\u00ebrsosur p\u00ebr t\u00eb zot\u00ebruar gjuh\u00ebn gjermane. Filloni t\u00eb punoni sot dhe shihni besimin dhe rrjedhshm\u00ebrin\u00eb tuaj t\u00eb rritet me \u00e7do ushtrim!\n\n<\/p>\r\n\r\n                            <a class=\"getStartedHidden\" href=\"https:\/\/app.talkpal.ai\/signup?lng=\">Filloni<\/a>\r\n        \r\n    <\/div>\r\n\r\n    <figure>\r\n    <img decoding=\"async\" width=\"768\" height=\"768\" src=\"https:\/\/talkpal.ai\/wp-content\/uploads\/2023\/06\/german-768x768.png\" class=\"languageImage no-lazy\" alt=\"Language learning for global networking\" fetchpriority=\"high\" sizes=\"(max-width: 768px) 150px, 768px\" srcset=\"https:\/\/talkpal.ai\/wp-content\/uploads\/2023\/06\/german-768x768.png 768w, https:\/\/talkpal.ai\/wp-content\/uploads\/2023\/06\/german-300x300.png 300w\" \/>\r\n    \r\n\r\n    <\/figure>\r\n\r\n            <a class=\"getStartedVisible\" href=\"https:\/\/app.talkpal.ai\/signup?lng=\">Filloni<\/a>\r\n    \r\n<\/section>\r\n\r\n\r\n<!-- <section class=\"grammarSection\">\r\n    <div class=\"grammarLinks\">\r\n            <\/div>\r\n<\/section> -->\r\n\r\n\r\n\r\n\r\n<section class=\"promotionalBanner\">\r\n    <p class=\"promotionalText\">M\u00ebnyra m\u00eb efikase p\u00ebr t\u00eb m\u00ebsuar nj\u00eb gjuh\u00eb<\/p>\r\n    <a class=\"promotionalLink\" href=\"https:\/\/app.talkpal.ai\/signup?lng=\">Provoni Talkpal falas<\/a>\r\n<\/section>\n<div class=\"wp-block-group pageContainerStyle\"><div class=\"wp-block-group__inner-container is-layout-constrained wp-block-group-is-layout-constrained\">\n<h2 class=\"wp-block-heading\" id=\"h-german-grammar-topics\">Temat e gramatik\u00ebs gjermane<\/h2>\n\n\n\n<p>M\u00ebsimi i nj\u00eb gjuhe t\u00eb re mund t\u00eb jet\u00eb nj\u00eb detyr\u00eb e frikshme, por me qasjen e duhur, mund t\u00eb jet\u00eb nj\u00eb p\u00ebrvoj\u00eb emocionuese dhe shp\u00ebrblyese. Gjermanishtja \u00ebsht\u00eb nj\u00eb gjuh\u00eb shum\u00eb e strukturuar dhe logjike, e cila e b\u00ebn m\u00eb t\u00eb leht\u00eb m\u00ebsimin n\u00ebse keni nj\u00eb kuptim t\u00eb qart\u00eb t\u00eb rregullave t\u00eb saj gramatikore. Ky udh\u00ebzues do t&#8217;ju ndihmoj\u00eb t\u00eb kuptoni aspektet kryesore t\u00eb gramatik\u00ebs gjermane, t\u00eb tilla si koh\u00ebt, foljet, emrat dhe artikujt, p\u00ebremrat, mbiemrat, deformacionin, ndajfoljet, parafjal\u00ebt dhe struktur\u00ebn e fjalis\u00eb. Duke ndjekur k\u00ebt\u00eb sekuenc\u00eb, ju do t\u00eb jeni n\u00eb gjendje t\u00eb p\u00ebrparoni n\u00eb udh\u00ebtimin tuaj t\u00eb m\u00ebsimit t\u00eb <a href=\"https:\/\/talkpal.ai\/sq\/kurse-te-gjuhes-gjermane\/\">gjuh\u00ebs gjermane<\/a> n\u00eb m\u00ebnyr\u00eb efektive dhe efikase.<\/p>\n\n\n\n<h3 class=\"wp-block-heading\" id=\"h-1-nouns-and-articles\">1. Emrat dhe artikujt:<\/h3>\n\n\n\n<p>Filloni duke m\u00ebsuar bazat e emrave gjerman\u00eb dhe artikujt shoq\u00ebrues t\u00eb <a href=\"https:\/\/talkpal.ai\/locations\/language-courses-in-tyre\/\">tyre<\/a>. Gjermanishtja ka tre gjini (mashkullore, fem\u00ebrore dhe neutre) dhe kat\u00ebr raste (nominative, akuzative, dative dhe gjenitive). Kuptimi i k\u00ebtyre rregullave do t&#8217;ju ndihmoj\u00eb t\u00eb p\u00ebrcaktoni artikullin e sakt\u00eb p\u00ebr \u00e7do em\u00ebr dhe t\u00eb hedhni themelet p\u00ebr njohurit\u00eb tuaja t\u00eb gramatik\u00ebs gjermane.<\/p>\n\n\n\n<h3 class=\"wp-block-heading\" id=\"h-2-pronouns\">2. P\u00ebremrat:<\/h3>\n\n\n\n<p>P\u00ebremrat z\u00ebvend\u00ebsojn\u00eb emrat n\u00eb nj\u00eb fjali dhe kan\u00eb forma t\u00eb ndryshme n\u00eb var\u00ebsi t\u00eb gjinis\u00eb, numrit dhe rastit t\u00eb tyre. Njihuni me p\u00ebremrat gjerman\u00eb, t\u00eb tilla si p\u00ebremrat personal\u00eb, pronamor, refleksiv\u00eb dhe relativ\u00eb, p\u00ebr t\u00eb krijuar fjali m\u00eb komplekse dhe p\u00ebr t\u00eb shprehur mendimet tuaja n\u00eb m\u00ebnyr\u00eb m\u00eb t\u00eb sakt\u00eb.<\/p>\n\n\n\n<h3 class=\"wp-block-heading\" id=\"h-3-verbs\">3. Foljet:<\/h3>\n\n\n\n<p>Foljet jan\u00eb thelb\u00ebsore n\u00eb formimin e fjalive, pasi ato shprehin veprime dhe gjendje. M\u00ebsoni llojet e ndryshme t\u00eb foljeve gjermane, t\u00eb tilla si foljet e rregullta, t\u00eb parregullta, modale dhe refleksive, s\u00eb bashku me konjugimet e tyre n\u00eb koh\u00ebn e tashme, t\u00eb kaluar dhe t\u00eb ardhshme. Kjo do t&#8217;ju mund\u00ebsoj\u00eb t\u00eb komunikoni n\u00eb m\u00ebnyr\u00eb efektive n\u00eb situata t\u00eb ndryshme.<\/p>\n\n\n\n<h3 class=\"wp-block-heading\" id=\"h-4-tenses\">4. Koh\u00ebt:<\/h3>\n\n\n\n<p>Koh\u00ebt tregojn\u00eb koh\u00ebn n\u00eb t\u00eb cil\u00ebn ndodh nj\u00eb veprim. N\u00eb gjermanisht, ka gjasht\u00eb koh\u00eb: e tashmja, e kaluara e thjesht\u00eb, e tashmja e p\u00ebrsosur, e kaluara e p\u00ebrsosur, e ardhmja dhe e ardhmja e p\u00ebrsosur. T\u00eb kuptuarit e rregullave dhe p\u00ebrdorimit t\u00eb k\u00ebtyre koh\u00ebve do t&#8217;ju ndihmoj\u00eb t\u00eb shpreheni qart\u00eb dhe sakt\u00ebsisht.<\/p>\n\n\n\n<h3 class=\"wp-block-heading\" id=\"h-5-adjectives\">5. Mbiemra:<\/h3>\n\n\n\n<p>Mbiemrat p\u00ebrshkruajn\u00eb cil\u00ebsit\u00eb e emrave dhe p\u00ebremrave dhe pajtohen n\u00eb gjini, num\u00ebr dhe rast me emrin q\u00eb modifikojn\u00eb. M\u00ebsoni rregullat p\u00ebr deformimin e mbiemrave, si dhe format krahasuese dhe superlative, p\u00ebr t\u00eb p\u00ebrmir\u00ebsuar p\u00ebrshkrimet tuaja dhe p\u00ebr ta b\u00ebr\u00eb t\u00eb folurin tuaj m\u00eb shum\u00ebngjyr\u00ebsh.<\/p>\n\n\n\n<h3 class=\"wp-block-heading\" id=\"h-6-declension\">6. Deformimi:<\/h3>\n\n\n\n<p>Deklinimi \u00ebsht\u00eb procesi i ndryshimit t\u00eb emrave, p\u00ebremrave dhe mbiemrave p\u00ebr t\u00eb treguar funksionin e tyre gramatikor n\u00eb nj\u00eb fjali. Njihuni me kat\u00ebr rastet gjermane dhe <a href=\"https:\/\/talkpal.ai\/culture\/what-is-the-difference-between-se-and-si\/\">se si<\/a> ato ndikojn\u00eb n\u00eb mbaresat e fjal\u00ebve, gj\u00eb q\u00eb do t&#8217;ju mund\u00ebsoj\u00eb t\u00eb nd\u00ebrtoni fjali gramatikore t\u00eb sakta.<\/p>\n\n\n\n<h3 class=\"wp-block-heading\" id=\"h-7-adverbs\">7. Ndajfoljet:<\/h3>\n\n\n\n<p>Ndajfoljet ofrojn\u00eb informacion shtes\u00eb <a href=\"https:\/\/talkpal.ai\/sq\/rreth\/\">rreth<\/a> foljeve, mbiemrave ose ndajfoljeve t\u00eb tjera. M\u00ebsoni llojet e ndryshme t\u00eb ndajfoljeve gjermane, t\u00eb tilla si ato q\u00eb tregojn\u00eb koh\u00ebn, m\u00ebnyr\u00ebn dhe vendin, dhe si t&#8217;i p\u00ebrdorni ato n\u00eb m\u00ebnyr\u00eb efektive p\u00ebr t\u00eb shtuar nuanca dhe sakt\u00ebsi n\u00eb t\u00eb folurin tuaj.<\/p>\n\n\n\n<h3 class=\"wp-block-heading\" id=\"h-8-prepositions\">8. Parafjal\u00ebt:<\/h3>\n\n\n\n<p>Parafjal\u00ebt p\u00ebrdoren p\u00ebr t\u00eb treguar marr\u00ebdh\u00ebnien midis emrave ose p\u00ebremrave dhe element\u00ebve t\u00eb tjer\u00eb n\u00eb nj\u00eb fjali. Studioni parafjal\u00ebt e ndryshme gjermane dhe p\u00ebrdorimin e tyre n\u00eb raste t\u00eb ndryshme p\u00ebr t\u00eb zhvilluar nj\u00eb kuptim m\u00eb t\u00eb mir\u00eb se si nd\u00ebrtohen fjalit\u00eb.<\/p>\n\n\n\n<h3 class=\"wp-block-heading\" id=\"h-9-sentence-structure\">9. Struktura e fjalis\u00eb:<\/h3>\n\n\n\n<p>S\u00eb fundi, njihuni me struktur\u00ebn e fjalive gjermane, duke p\u00ebrfshir\u00eb rendin e fjal\u00ebve, fjalit\u00eb e n\u00ebnrenditura dhe lidhjet. Kuptimi i k\u00ebtyre rregullave do t&#8217;ju ndihmoj\u00eb t\u00eb krijoni fjali koherente dhe t\u00eb strukturuara mir\u00eb, duke ju lejuar t\u00eb shprehni mendimet tuaja qart\u00eb dhe efektivisht n\u00eb gjermanisht.<\/p>\n<\/div><\/div>\n\r\n<section class=\"learnNavigationSection\">\r\n            \r\n        <a href=\"https:\/\/talkpal.ai\/sq\/mesoni-gjermanisht\/\">\r\n            <div class=\"learnNavigationWrapper\">\r\n                <div class=\"learnNavigationContent\">\r\n                    <img decoding=\"async\" src=\"https:\/\/talkpal.ai\/wp-content\/uploads\/2024\/08\/German.jpg\" alt=\"German Flag\">\r\n                    <div>\r\n                        <h4>Rreth m\u00ebsimit t\u00eb gjermanishtes<\/h4>\r\n                        <p>M\u00ebsoni gjith\u00e7ka rreth gramatik\u00ebs gjermane.<\/p>\r\n                    <\/div>\r\n                <\/div>\r\n            <\/div>\r\n        <\/a>\r\n\r\n        \r\n        <a href=\"https:\/\/talkpal.ai\/sq\/gramatika-gjermane\/\">\r\n            <div class=\"learnNavigationWrapper\">\r\n                <div class=\"learnNavigationContent\">\r\n                    <img decoding=\"async\" src=\"https:\/\/talkpal.ai\/wp-content\/uploads\/2024\/08\/German.jpg\" alt=\"German Flag\">\r\n                    <div>\r\n                        <h4>M\u00ebsimet e gramatik\u00ebs gjermane<\/h4>\r\n                        <p>Praktikoni gramatik\u00ebn gjermane.<\/p>\r\n                    <\/div>\r\n                <\/div>\r\n            <\/div>\r\n        <\/a>\r\n\r\n        \r\n        <a href=\"https:\/\/talkpal.ai\/vocabulary_language\/german\/\">\r\n            <div class=\"learnNavigationWrapper\">\r\n                <div class=\"learnNavigationContent\">\r\n                    <img decoding=\"async\" src=\"https:\/\/talkpal.ai\/wp-content\/uploads\/2024\/08\/German.jpg\" alt=\"German Flag\">\r\n                    <div>\r\n                        <h4>Fjalori gjerman<\/h4>\r\n                        <p>Zgjeroni fjalorin tuaj gjermanisht.<\/p>\r\n                    <\/div>\r\n                <\/div>\r\n            <\/div>\r\n        <\/a>\r\n\r\n            <\/section>","protected":false},"excerpt":{"rendered":"<p>Temat e gramatik\u00ebs gjermane M\u00ebsimi i nj\u00eb gjuhe t\u00eb re mund t\u00eb jet\u00eb nj\u00eb detyr\u00eb e frikshme, por me qasjen e duhur, mund t\u00eb jet\u00eb nj\u00eb p\u00ebrvoj\u00eb emocionuese dhe shp\u00ebrblyese. Gjermanishtja \u00ebsht\u00eb nj\u00eb gjuh\u00eb shum\u00eb e strukturuar dhe logjike, e cila e b\u00ebn m\u00eb t\u00eb leht\u00eb m\u00ebsimin n\u00ebse keni nj\u00eb kuptim t\u00eb qart\u00eb t\u00eb rregullave [&hellip;]<\/p>\n","protected":false},"author":6,"featured_media":1439796,"parent":0,"menu_order":0,"comment_status":"closed","ping_status":"closed","template":"LearningContentPage.php","meta":{"_acf_changed":false,"footnotes":""},"class_list":["post-1445310","page","type-page","status-publish","has-post-thumbnail","hentry"],"acf":[],"yoast_head":"<!-- This site is optimized with the Yoast SEO Premium plugin v27.2 (Yoast SEO v27.2) - https:\/\/yoast.com\/product\/yoast-seo-premium-wordpress\/ -->\n<title>Ushtrime gramatikore gjermane - Talkpal<\/title>\n<meta name=\"description\" content=\"Rritni gramatik\u00ebn tuaj gjermane me ushtrime praktike - p\u00ebrmir\u00ebsohuni shpejt, praktikoni n\u00eb m\u00ebnyr\u00eb interaktive dhe fitoni besim gjuh\u00ebsor duke p\u00ebrdorur TalkPal AI.\" \/>\n<meta name=\"robots\" content=\"index, follow, max-snippet:-1, max-image-preview:large, max-video-preview:-1\" \/>\n<link rel=\"canonical\" href=\"https:\/\/talkpal.ai\/sq\/ushtrime-gramatikore-gjermane\/\" \/>\n<meta property=\"og:locale\" content=\"sq_AL\" \/>\n<meta property=\"og:type\" content=\"article\" \/>\n<meta property=\"og:title\" content=\"Ushtrime gramatikore gjermane\" \/>\n<meta property=\"og:description\" content=\"Temat e gramatik\u00ebs gjermane M\u00ebsimi i nj\u00eb gjuhe t\u00eb re mund t\u00eb jet\u00eb nj\u00eb detyr\u00eb e frikshme, por me qasjen e duhur, mund t\u00eb jet\u00eb nj\u00eb p\u00ebrvoj\u00eb emocionuese dhe\" \/>\n<meta property=\"og:url\" content=\"https:\/\/talkpal.ai\/sq\/ushtrime-gramatikore-gjermane\/\" \/>\n<meta property=\"og:site_name\" content=\"Talkpal\" \/>\n<meta property=\"article:publisher\" content=\"https:\/\/www.facebook.com\/profile.php?id=100090733639311\" \/>\n<meta property=\"article:modified_time\" content=\"2025-12-17T16:13:12+00:00\" \/>\n<meta property=\"og:image\" content=\"https:\/\/talkpal.ai\/wp-content\/uploads\/2023\/03\/germany.png\" \/>\n\t<meta property=\"og:image:width\" content=\"512\" \/>\n\t<meta property=\"og:image:height\" content=\"512\" \/>\n\t<meta property=\"og:image:type\" content=\"image\/png\" \/>\n<meta name=\"twitter:card\" content=\"summary_large_image\" \/>\n<meta name=\"twitter:site\" content=\"@talkpalai\" \/>\n<meta name=\"twitter:label1\" content=\"Est. reading time\" \/>\n\t<meta name=\"twitter:data1\" content=\"3 minutes\" \/>\n<script type=\"application\/ld+json\" class=\"yoast-schema-graph\">{\"@context\":\"https:\/\/schema.org\",\"@graph\":[{\"@type\":\"WebPage\",\"@id\":\"https:\/\/talkpal.ai\/sq\/ushtrime-gramatikore-gjermane\/\",\"url\":\"https:\/\/talkpal.ai\/sq\/ushtrime-gramatikore-gjermane\/\",\"name\":\"Ushtrime gramatikore gjermane - Talkpal\",\"isPartOf\":{\"@id\":\"https:\/\/talkpal.ai\/sq\/#website\"},\"primaryImageOfPage\":{\"@id\":\"https:\/\/talkpal.ai\/sq\/ushtrime-gramatikore-gjermane\/#primaryimage\"},\"image\":{\"@id\":\"https:\/\/talkpal.ai\/sq\/ushtrime-gramatikore-gjermane\/#primaryimage\"},\"thumbnailUrl\":\"https:\/\/talkpal.ai\/wp-content\/uploads\/2023\/03\/germany.png\",\"datePublished\":\"2023-06-16T09:14:18+00:00\",\"dateModified\":\"2025-12-17T16:13:12+00:00\",\"description\":\"Rritni gramatik\u00ebn tuaj gjermane me ushtrime praktike - p\u00ebrmir\u00ebsohuni shpejt, praktikoni n\u00eb m\u00ebnyr\u00eb interaktive dhe fitoni besim gjuh\u00ebsor duke p\u00ebrdorur TalkPal AI.\",\"breadcrumb\":{\"@id\":\"https:\/\/talkpal.ai\/sq\/ushtrime-gramatikore-gjermane\/#breadcrumb\"},\"inLanguage\":\"sq-AL\",\"potentialAction\":[{\"@type\":\"ReadAction\",\"target\":[\"https:\/\/talkpal.ai\/sq\/ushtrime-gramatikore-gjermane\/\"]}]},{\"@type\":\"ImageObject\",\"inLanguage\":\"sq-AL\",\"@id\":\"https:\/\/talkpal.ai\/sq\/ushtrime-gramatikore-gjermane\/#primaryimage\",\"url\":\"https:\/\/talkpal.ai\/wp-content\/uploads\/2023\/03\/germany.png\",\"contentUrl\":\"https:\/\/talkpal.ai\/wp-content\/uploads\/2023\/03\/germany.png\",\"width\":512,\"height\":512,\"caption\":\"TalkPal AI learn German\"},{\"@type\":\"BreadcrumbList\",\"@id\":\"https:\/\/talkpal.ai\/sq\/ushtrime-gramatikore-gjermane\/#breadcrumb\",\"itemListElement\":[{\"@type\":\"ListItem\",\"position\":1,\"name\":\"Homepage\",\"item\":\"https:\/\/talkpal.ai\/sq\/\"},{\"@type\":\"ListItem\",\"position\":2,\"name\":\"Ushtrime gramatikore gjermane\"}]},{\"@type\":\"WebSite\",\"@id\":\"https:\/\/talkpal.ai\/sq\/#website\",\"url\":\"https:\/\/talkpal.ai\/sq\/\",\"name\":\"Talkpal\",\"description\":\"AI Language Learning\",\"publisher\":{\"@id\":\"https:\/\/talkpal.ai\/sq\/#organization\"},\"alternateName\":\"Talkpal AI\",\"potentialAction\":[{\"@type\":\"SearchAction\",\"target\":{\"@type\":\"EntryPoint\",\"urlTemplate\":\"https:\/\/talkpal.ai\/sq\/?s={search_term_string}\"},\"query-input\":{\"@type\":\"PropertyValueSpecification\",\"valueRequired\":true,\"valueName\":\"search_term_string\"}}],\"inLanguage\":\"sq-AL\"},{\"@type\":\"Organization\",\"@id\":\"https:\/\/talkpal.ai\/sq\/#organization\",\"name\":\"Talkpal, Inc.\",\"alternateName\":\"Talkpal AI\",\"url\":\"https:\/\/talkpal.ai\/sq\/\",\"logo\":{\"@type\":\"ImageObject\",\"inLanguage\":\"sq-AL\",\"@id\":\"https:\/\/talkpal.ai\/sq\/#\/schema\/logo\/image\/\",\"url\":\"https:\/\/talkpal.ai\/wp-content\/uploads\/2024\/03\/Talkpal-Logo-Icon.png\",\"contentUrl\":\"https:\/\/talkpal.ai\/wp-content\/uploads\/2024\/03\/Talkpal-Logo-Icon.png\",\"width\":2880,\"height\":2880,\"caption\":\"Talkpal, Inc.\"},\"image\":{\"@id\":\"https:\/\/talkpal.ai\/sq\/#\/schema\/logo\/image\/\"},\"sameAs\":[\"https:\/\/www.facebook.com\/profile.php?id=100090733639311\",\"https:\/\/x.com\/talkpalai\",\"https:\/\/www.linkedin.com\/company\/talkpal\/\",\"https:\/\/www.youtube.com\/@TalkPal\/\",\"https:\/\/www.tiktok.com\/@talkpal\",\"https:\/\/www.instagram.com\/talkpal_ai\/\",\"https:\/\/www.crunchbase.com\/organization\/talkpal-9cde\",\"https:\/\/www.g2.com\/products\/talkpal-for-business\/\",\"https:\/\/www.trustpilot.com\/review\/talkpal.ai\",\"https:\/\/www.capterra.com\/p\/10006800\/TalkPal\/\"],\"description\":\"Talkpal is a language learning web and mobile education app, powered by the latest AI technologies, that provides engaging experiences to its customers in many different languages to help them improve their language skills. Users can chat about unlimited amount of topics with the app and use other modes to practice their language learning.\",\"email\":\"support@talkpal.ai\",\"legalName\":\"Talkpal, Inc.\",\"foundingDate\":\"2023-04-03\",\"duns\":\"118989042\",\"numberOfEmployees\":{\"@type\":\"QuantitativeValue\",\"minValue\":\"11\",\"maxValue\":\"50\"},\"publishingPrinciples\":\"https:\/\/talkpal.ai\/publishing-principles\/\",\"actionableFeedbackPolicy\":\"https:\/\/talkpal.ai\/actionable-feedback-policy\/\",\"correctionsPolicy\":\"https:\/\/talkpal.ai\/corrections-policy\/\",\"ethicsPolicy\":\"https:\/\/talkpal.ai\/ethics-policy\/\",\"diversityPolicy\":\"https:\/\/talkpal.ai\/diversity-policy\/\",\"diversityStaffingReport\":\"https:\/\/talkpal.ai\/diversity-policy\/\"}]}<\/script>\n<!-- \/ Yoast SEO Premium plugin. -->","yoast_head_json":{"title":"Ushtrime gramatikore gjermane - Talkpal","description":"Rritni gramatik\u00ebn tuaj gjermane me ushtrime praktike - p\u00ebrmir\u00ebsohuni shpejt, praktikoni n\u00eb m\u00ebnyr\u00eb interaktive dhe fitoni besim gjuh\u00ebsor duke p\u00ebrdorur TalkPal AI.","robots":{"index":"index","follow":"follow","max-snippet":"max-snippet:-1","max-image-preview":"max-image-preview:large","max-video-preview":"max-video-preview:-1"},"canonical":"https:\/\/talkpal.ai\/sq\/ushtrime-gramatikore-gjermane\/","og_locale":"sq_AL","og_type":"article","og_title":"Ushtrime gramatikore gjermane","og_description":"Temat e gramatik\u00ebs gjermane M\u00ebsimi i nj\u00eb gjuhe t\u00eb re mund t\u00eb jet\u00eb nj\u00eb detyr\u00eb e frikshme, por me qasjen e duhur, mund t\u00eb jet\u00eb nj\u00eb p\u00ebrvoj\u00eb emocionuese dhe","og_url":"https:\/\/talkpal.ai\/sq\/ushtrime-gramatikore-gjermane\/","og_site_name":"Talkpal","article_publisher":"https:\/\/www.facebook.com\/profile.php?id=100090733639311","article_modified_time":"2025-12-17T16:13:12+00:00","og_image":[{"width":512,"height":512,"url":"https:\/\/talkpal.ai\/wp-content\/uploads\/2023\/03\/germany.png","type":"image\/png"}],"twitter_card":"summary_large_image","twitter_site":"@talkpalai","twitter_misc":{"Est. reading time":"3 minutes"},"schema":{"@context":"https:\/\/schema.org","@graph":[{"@type":"WebPage","@id":"https:\/\/talkpal.ai\/sq\/ushtrime-gramatikore-gjermane\/","url":"https:\/\/talkpal.ai\/sq\/ushtrime-gramatikore-gjermane\/","name":"Ushtrime gramatikore gjermane - Talkpal","isPartOf":{"@id":"https:\/\/talkpal.ai\/sq\/#website"},"primaryImageOfPage":{"@id":"https:\/\/talkpal.ai\/sq\/ushtrime-gramatikore-gjermane\/#primaryimage"},"image":{"@id":"https:\/\/talkpal.ai\/sq\/ushtrime-gramatikore-gjermane\/#primaryimage"},"thumbnailUrl":"https:\/\/talkpal.ai\/wp-content\/uploads\/2023\/03\/germany.png","datePublished":"2023-06-16T09:14:18+00:00","dateModified":"2025-12-17T16:13:12+00:00","description":"Rritni gramatik\u00ebn tuaj gjermane me ushtrime praktike - p\u00ebrmir\u00ebsohuni shpejt, praktikoni n\u00eb m\u00ebnyr\u00eb interaktive dhe fitoni besim gjuh\u00ebsor duke p\u00ebrdorur TalkPal AI.","breadcrumb":{"@id":"https:\/\/talkpal.ai\/sq\/ushtrime-gramatikore-gjermane\/#breadcrumb"},"inLanguage":"sq-AL","potentialAction":[{"@type":"ReadAction","target":["https:\/\/talkpal.ai\/sq\/ushtrime-gramatikore-gjermane\/"]}]},{"@type":"ImageObject","inLanguage":"sq-AL","@id":"https:\/\/talkpal.ai\/sq\/ushtrime-gramatikore-gjermane\/#primaryimage","url":"https:\/\/talkpal.ai\/wp-content\/uploads\/2023\/03\/germany.png","contentUrl":"https:\/\/talkpal.ai\/wp-content\/uploads\/2023\/03\/germany.png","width":512,"height":512,"caption":"TalkPal AI learn German"},{"@type":"BreadcrumbList","@id":"https:\/\/talkpal.ai\/sq\/ushtrime-gramatikore-gjermane\/#breadcrumb","itemListElement":[{"@type":"ListItem","position":1,"name":"Homepage","item":"https:\/\/talkpal.ai\/sq\/"},{"@type":"ListItem","position":2,"name":"Ushtrime gramatikore gjermane"}]},{"@type":"WebSite","@id":"https:\/\/talkpal.ai\/sq\/#website","url":"https:\/\/talkpal.ai\/sq\/","name":"Talkpal","description":"AI Language Learning","publisher":{"@id":"https:\/\/talkpal.ai\/sq\/#organization"},"alternateName":"Talkpal AI","potentialAction":[{"@type":"SearchAction","target":{"@type":"EntryPoint","urlTemplate":"https:\/\/talkpal.ai\/sq\/?s={search_term_string}"},"query-input":{"@type":"PropertyValueSpecification","valueRequired":true,"valueName":"search_term_string"}}],"inLanguage":"sq-AL"},{"@type":"Organization","@id":"https:\/\/talkpal.ai\/sq\/#organization","name":"Talkpal, Inc.","alternateName":"Talkpal AI","url":"https:\/\/talkpal.ai\/sq\/","logo":{"@type":"ImageObject","inLanguage":"sq-AL","@id":"https:\/\/talkpal.ai\/sq\/#\/schema\/logo\/image\/","url":"https:\/\/talkpal.ai\/wp-content\/uploads\/2024\/03\/Talkpal-Logo-Icon.png","contentUrl":"https:\/\/talkpal.ai\/wp-content\/uploads\/2024\/03\/Talkpal-Logo-Icon.png","width":2880,"height":2880,"caption":"Talkpal, Inc."},"image":{"@id":"https:\/\/talkpal.ai\/sq\/#\/schema\/logo\/image\/"},"sameAs":["https:\/\/www.facebook.com\/profile.php?id=100090733639311","https:\/\/x.com\/talkpalai","https:\/\/www.linkedin.com\/company\/talkpal\/","https:\/\/www.youtube.com\/@TalkPal\/","https:\/\/www.tiktok.com\/@talkpal","https:\/\/www.instagram.com\/talkpal_ai\/","https:\/\/www.crunchbase.com\/organization\/talkpal-9cde","https:\/\/www.g2.com\/products\/talkpal-for-business\/","https:\/\/www.trustpilot.com\/review\/talkpal.ai","https:\/\/www.capterra.com\/p\/10006800\/TalkPal\/"],"description":"Talkpal is a language learning web and mobile education app, powered by the latest AI technologies, that provides engaging experiences to its customers in many different languages to help them improve their language skills. Users can chat about unlimited amount of topics with the app and use other modes to practice their language learning.","email":"support@talkpal.ai","legalName":"Talkpal, Inc.","foundingDate":"2023-04-03","duns":"118989042","numberOfEmployees":{"@type":"QuantitativeValue","minValue":"11","maxValue":"50"},"publishingPrinciples":"https:\/\/talkpal.ai\/publishing-principles\/","actionableFeedbackPolicy":"https:\/\/talkpal.ai\/actionable-feedback-policy\/","correctionsPolicy":"https:\/\/talkpal.ai\/corrections-policy\/","ethicsPolicy":"https:\/\/talkpal.ai\/ethics-policy\/","diversityPolicy":"https:\/\/talkpal.ai\/diversity-policy\/","diversityStaffingReport":"https:\/\/talkpal.ai\/diversity-policy\/"}]}},"_links":{"self":[{"href":"https:\/\/talkpal.ai\/sq\/wp-json\/wp\/v2\/pages\/1445310","targetHints":{"allow":["GET"]}}],"collection":[{"href":"https:\/\/talkpal.ai\/sq\/wp-json\/wp\/v2\/pages"}],"about":[{"href":"https:\/\/talkpal.ai\/sq\/wp-json\/wp\/v2\/types\/page"}],"author":[{"embeddable":true,"href":"https:\/\/talkpal.ai\/sq\/wp-json\/wp\/v2\/users\/6"}],"replies":[{"embeddable":true,"href":"https:\/\/talkpal.ai\/sq\/wp-json\/wp\/v2\/comments?post=1445310"}],"version-history":[{"count":0,"href":"https:\/\/talkpal.ai\/sq\/wp-json\/wp\/v2\/pages\/1445310\/revisions"}],"wp:featuredmedia":[{"embeddable":true,"href":"https:\/\/talkpal.ai\/sq\/wp-json\/wp\/v2\/media\/1439796"}],"wp:attachment":[{"href":"https:\/\/talkpal.ai\/sq\/wp-json\/wp\/v2\/media?parent=1445310"}],"curies":[{"name":"wp","href":"https:\/\/api.w.org\/{rel}","templated":true}]}}