{"id":1444190,"date":"2023-05-14T14:18:22","date_gmt":"2023-05-14T14:18:22","guid":{"rendered":"https:\/\/talkpal.ai\/gramatika-persiane\/"},"modified":"2025-12-12T10:32:58","modified_gmt":"2025-12-12T10:32:58","slug":"gramatika-persiane","status":"publish","type":"page","link":"https:\/\/talkpal.ai\/sq\/gramatika-persiane\/","title":{"rendered":"Gramatika persiane"},"content":{"rendered":"\r\n\r\n\r\n<section class=\"languageChallengeSection\">\r\n    <div class=\"languageInfoWrapper\">\r\n        \r\n        <h1>Gramatika persiane<\/h1>\r\n        <p>Jeni kurioz p\u00ebr persishten? Eksploroni gramatik\u00ebn persiane, e njohur p\u00ebr thjesht\u00ebsin\u00eb e saj &#8211; pa gjini emrash, konjugimet e drejtp\u00ebrdrejta t\u00eb foljeve dhe nj\u00eb struktur\u00eb fleksib\u00ebl fjalie e b\u00ebjn\u00eb at\u00eb freskues t\u00eb aksesuesh\u00ebm. Filloni aventur\u00ebn tuaj persiane sot &#8211; zot\u00ebrimi i gramatik\u00ebs s\u00eb saj do t\u00eb zhbllokoj\u00eb mund\u00ebsi t\u00eb reja p\u00ebr komunikim dhe do t&#039;ju zhys\u00eb n\u00eb poezin\u00eb dhe kultur\u00ebn e pasur t\u00eb Iranit dhe m\u00eb gjer\u00eb!<\/p>\r\n\r\n                            <a class=\"getStartedHidden\" href=\"https:\/\/app.talkpal.ai\/signup?lng=\">Filloni<\/a>\r\n        \r\n    <\/div>\r\n\r\n    <figure>\r\n    <img decoding=\"async\" width=\"768\" height=\"768\" src=\"https:\/\/talkpal.ai\/wp-content\/uploads\/2023\/06\/persian-768x768.png\" class=\"languageImage no-lazy\" alt=\"Language learning to comprehend global news\" fetchpriority=\"high\" sizes=\"(max-width: 768px) 150px, 768px\" srcset=\"https:\/\/talkpal.ai\/wp-content\/uploads\/2023\/06\/persian-768x768.png 768w, https:\/\/talkpal.ai\/wp-content\/uploads\/2023\/06\/persian-300x300.png 300w\" \/>\r\n    \r\n\r\n    <\/figure>\r\n\r\n            <a class=\"getStartedVisible\" href=\"https:\/\/app.talkpal.ai\/signup?lng=\">Filloni<\/a>\r\n    \r\n<\/section>\r\n<section class=\"promotionalBanner\">\r\n    <p class=\"promotionalText\">M\u00ebnyra m\u00eb efikase p\u00ebr t\u00eb m\u00ebsuar nj\u00eb gjuh\u00eb<\/p>\r\n    <a class=\"promotionalLink\" href=\"https:\/\/app.talkpal.ai\/signup?lng=\">Provoni Talkpal falas<\/a>\r\n<\/section>\n<div class=\"wp-block-group pageContainerStyle\"><div class=\"wp-block-group__inner-container is-layout-constrained wp-block-group-is-layout-constrained\">\n<h2 class=\"wp-block-heading\" id=\"h-mastering-persian-grammar-your-ultimate-guide\">Zot\u00ebrimi i gramatik\u00ebs persiane: Udh\u00ebzuesi juaj p\u00ebrfundimtar<\/h2>\n\n\n\n<p>Salam, <a href=\"https:\/\/talkpal.ai\/talkpal-discount-for-language-enthusiasts\/\">entuziast\u00eb t\u00eb gjuh\u00ebs<\/a>! A jeni gati t\u00eb filloni nj\u00eb udh\u00ebtim n\u00eb bot\u00ebn e gramatik\u00ebs persiane? Ju keni ardhur n\u00eb vendin e duhur. I mbushur me informacione t\u00eb lehta p\u00ebr t&#8217;u kuptuar dhe nj\u00eb ton bisedor, ky artikull do t&#8217;ju udh\u00ebheq\u00eb n\u00ebp\u00ebr sfer\u00ebn magjeps\u00ebse t\u00eb gramatik\u00ebs persiane. S\u00eb shpejti, do t\u00eb jeni n\u00eb gjendje t\u00eb nd\u00ebrtoni fjali dhe t\u00eb p\u00ebrfshiheni n\u00eb biseda kuptimplota me fol\u00ebsit amtare. Pra, le t\u00eb fillojm\u00eb t\u00eb zhbllokojm\u00eb sekretet e gramatik\u00ebs persiane!<\/p>\n\n\n\n<p><strong>Por s\u00eb pari, pse gramatika persiane?<\/strong><\/p>\n\n\n\n<p>N\u00ebse jeni duke m\u00ebsuar persisht, nj\u00eb baz\u00eb e fort\u00eb n\u00eb <a href=\"https:\/\/talkpal.ai\/grammar\/\">gramatik\u00eb<\/a> \u00ebsht\u00eb thelb\u00ebsore p\u00ebr t\u00eb folur, lexuar dhe shkruar rrjedhsh\u00ebm. Nd\u00ebrsa <a href=\"https:\/\/talkpal.ai\/sq\/gramatika\/\">gramatika<\/a> persiane fillimisht mund t\u00eb duket komplekse, ajo b\u00ebhet m\u00eb e arritshme pasi ta ndani at\u00eb n\u00eb segmente m\u00eb t\u00eb vogla dhe m\u00eb t\u00eb menaxhueshme. Pra, le t\u00eb fillojm\u00eb udh\u00ebtimin tuaj drejt zot\u00ebrimit t\u00eb gramatik\u00ebs persiane!<\/p>\n\n\n\n<h3 class=\"wp-block-heading\" id=\"h-1-nouns-gender-and-number\">1. Emrat, gjinia dhe numri<\/h3>\n\n\n\n<p>N\u00eb persisht, emrat nuk kan\u00eb gjini, duke e b\u00ebr\u00eb at\u00eb m\u00eb t\u00eb thjesht\u00eb se shum\u00eb gjuh\u00eb t\u00eb tjera. Forma nj\u00ebj\u00ebs e emrave mbetet e nj\u00ebjt\u00eb, nd\u00ebrsa forma shum\u00ebs zakonisht p\u00ebrfundon me &#8220;-\u0647\u0627&#8221; ose &#8220;-\u0627\u0646&#8221;. P\u00ebr shembull:<\/p>\n\n\n\n<p>\u2013 \u06a9\u062a\u0627\u0628 (ket\u0101b \u2013 lib\u00ebr)<\/p>\n\n\n\n<p>\u2013 \u06a9\u062a\u0627\u0628 \u0647\u0627 (ket\u0101b-h\u0101 \u2013 libra)<\/p>\n\n\n\n<h3 class=\"wp-block-heading\" id=\"h-2-adjectives-agreement-and-definite-articles\">2. Mbiemrat, marr\u00ebveshja dhe nenet e caktuara<\/h3>\n\n\n\n<p>Mbiemrat n\u00eb persisht zakonisht ndjekin emrin q\u00eb modifikojn\u00eb dhe nuk kan\u00eb nevoj\u00eb t\u00eb bien dakord n\u00eb gjini ose num\u00ebr. P\u00ebr shembull:<\/p>\n\n\n\n<p><strong>\u2013 \u062e\u0627\u0646\u0647 \u0628\u0632\u0631\u06af (kh\u0101ne bozorg \u2013 sht\u00ebpi e madhe)<\/strong><\/p>\n\n\n\n<p><strong>\u2013 \u0645\u0646\u0632\u0644 \u06a9\u0648\u0686\u06a9 (Manzel Kuchak \u2013 sht\u00ebpi e vog\u00ebl)<\/strong><\/p>\n\n\n\n<p>Nuk ka nj\u00eb artikull t\u00eb caktuar n\u00eb persisht, por artikulli i pacaktuar shtohet si prapashtes\u00eb &#8220;-\u06cc&#8221; (i) p\u00ebr fjal\u00ebt nj\u00ebj\u00ebse.<\/p>\n\n\n\n<h3 class=\"wp-block-heading\" id=\"h-3-verbs-tense-and-conjugation\">3. Foljet, koha dhe konjugimi<\/h3>\n\n\n\n<p>Foljet persiane luajn\u00eb nj\u00eb rol kritik n\u00eb gramatik\u00eb dhe jan\u00eb thelb\u00ebsore p\u00ebr nd\u00ebrtimin e fjalive. \u00c7do folje ka nj\u00eb rr\u00ebnj\u00eb q\u00eb kombinohet me parashtesa dhe prapashtesa t\u00eb ndryshme p\u00ebr t\u00eb treguar koh\u00ebn dhe marr\u00ebveshjen me subjektin.<\/p>\n\n\n\n<p>P\u00ebr t&#8217;ju dh\u00ebn\u00eb nj\u00eb p\u00ebrmbledhje t\u00eb shkurt\u00ebr, le t\u00eb diskutojm\u00eb foljet e rregullta n\u00eb koh\u00ebn e tashme:<\/p>\n\n\n\n<p><strong>\u2013 \u0645\u0646 \u0645\u06cc \u062e\u0648\u0627\u0646\u0645 (man mikh\u0101nam \u2013 lexoja)<\/strong><\/p>\n\n\n\n<p><strong>\u2013 \u062a\u0648 \u0645\u06cc \u062e\u0648\u0627\u0646\u06cc (p\u00ebr mikh\u0101ni \u2013 ju lexoni, joformale)<\/strong><\/p>\n\n\n\n<p><strong>\u2013 \u0627\u0648 \u0645\u06cc \u062e\u0648\u0627\u0646\u062f (u mikh\u0101nad \u2013 ai\/ajo lexon)<\/strong><\/p>\n\n\n\n<p>Mos harroni, ky \u00ebsht\u00eb vet\u00ebm fillimi! Do t\u00eb hasni koh\u00eb t\u00eb ndryshme t\u00eb tjera, folje t\u00eb parregullta dhe nd\u00ebrlikime nd\u00ebrsa g\u00ebrmoni m\u00eb thell\u00eb n\u00eb gramatik\u00ebn persiane.<\/p>\n\n\n\n<h3 class=\"wp-block-heading\" id=\"h-4-pronouns-prepositions-and-more\">4. P\u00ebremrat, parafjal\u00ebt dhe m\u00eb shum\u00eb!<\/h3>\n\n\n\n<p>Gramatika persiane p\u00ebrfshin komponent\u00eb t\u00eb tjer\u00eb si p\u00ebremrat (\u0645\u0646, \u062a\u0648, \u0627\u0648, etj.), parafjal\u00ebt (\u0628\u0647, \u0627\u0632, \u062f\u0631, etj.) dhe shprehjet idiomatike. Zot\u00ebrimi i \u00e7do elementi nj\u00eb hap n\u00eb nj\u00eb koh\u00eb \u00ebsht\u00eb \u00e7el\u00ebsi p\u00ebr t\u00eb arritur rrjedhshm\u00ebri gjith\u00ebp\u00ebrfshir\u00ebse n\u00eb persisht.<\/p>\n\n\n\n<p>Si p\u00ebrfundim, nuk ka asnj\u00eb rrug\u00eb t\u00eb shkurt\u00ebr p\u00ebr t\u00eb zot\u00ebruar gramatik\u00ebn persiane. K\u00ebrkon k\u00ebmb\u00ebngulje, praktik\u00eb dhe durim. Megjithat\u00eb, pasi t\u00eb kuptoni nd\u00ebrlikimet e tij, do t\u00eb jeni t\u00eb pajisur mir\u00eb p\u00ebr t\u00eb vler\u00ebsuar nuancat e bised\u00ebs n\u00eb persisht, eksplorimin e kultur\u00ebs dhe historis\u00eb s\u00eb pasur t\u00eb rajoneve persishtfol\u00ebse dhe thellimin e dashuris\u00eb tuaj p\u00ebr gjuh\u00ebn. \u0645\u0648\u0641\u0642 \u0628\u0627\u0634\u06cc\u062f (movaffagh b\u0101shid \u2013 fat i mir\u00eb)!<\/p>\n<\/div><\/div>\n\r\n<section class=\"learnNavigationSection\">\r\n            \r\n        <a href=\"https:\/\/talkpal.ai\/sq\/meso-persishten\/\">\r\n            <div class=\"learnNavigationWrapper\">\r\n                <div class=\"learnNavigationContent\">\r\n                    <img decoding=\"async\" src=\"https:\/\/talkpal.ai\/wp-content\/uploads\/2024\/08\/Persian.jpg\" alt=\"Persian Flag\">\r\n                    <div>\r\n                        <h4>Rreth m\u00ebsimit persian<\/h4>\r\n                        <p>M\u00ebsoni gjith\u00e7ka rreth gramatik\u00ebs persiane.<\/p>\r\n                    <\/div>\r\n                <\/div>\r\n            <\/div>\r\n        <\/a>\r\n\r\n        \r\n        <a href=\"https:\/\/talkpal.ai\/sq\/ushtrime-gramatikore-persiane\/\">\r\n            <div class=\"learnNavigationWrapper\">\r\n                <div class=\"learnNavigationContent\">\r\n                    <img decoding=\"async\" src=\"https:\/\/talkpal.ai\/wp-content\/uploads\/2024\/08\/Persian.jpg\" alt=\"Persian Flag\">\r\n                    <div>\r\n                        <h4>Ushtrimi i gramatik\u00ebs persiane<\/h4>\r\n                        <p>Praktikoni gramatik\u00ebn persiane.<\/p>\r\n                    <\/div>\r\n                <\/div>\r\n            <\/div>\r\n        <\/a>\r\n\r\n        \r\n        <a href=\"https:\/\/talkpal.ai\/vocabulary_language\/persian\/\">\r\n            <div class=\"learnNavigationWrapper\">\r\n                <div class=\"learnNavigationContent\">\r\n                    <img decoding=\"async\" src=\"https:\/\/talkpal.ai\/wp-content\/uploads\/2024\/08\/Persian.jpg\" alt=\"Persian Flag\">\r\n                    <div>\r\n                        <h4>Fjalori persian<\/h4>\r\n                        <p>Zgjeroni fjalorin tuaj persian.<\/p>\r\n                    <\/div>\r\n                <\/div>\r\n            <\/div>\r\n        <\/a>\r\n\r\n            <\/section>","protected":false},"excerpt":{"rendered":"<p>Zot\u00ebrimi i gramatik\u00ebs persiane: Udh\u00ebzuesi juaj p\u00ebrfundimtar Salam, entuziast\u00eb t\u00eb gjuh\u00ebs! A jeni gati t\u00eb filloni nj\u00eb udh\u00ebtim n\u00eb bot\u00ebn e gramatik\u00ebs persiane? Ju keni ardhur n\u00eb vendin e duhur. I mbushur me informacione t\u00eb lehta p\u00ebr t&#8217;u kuptuar dhe nj\u00eb ton bisedor, ky artikull do t&#8217;ju udh\u00ebheq\u00eb n\u00ebp\u00ebr sfer\u00ebn magjeps\u00ebse t\u00eb gramatik\u00ebs persiane. S\u00eb [&hellip;]<\/p>\n","protected":false},"author":1,"featured_media":1444192,"parent":0,"menu_order":0,"comment_status":"closed","ping_status":"closed","template":"LearningContentPage.php","meta":{"_acf_changed":false,"footnotes":""},"class_list":["post-1444190","page","type-page","status-publish","has-post-thumbnail","hentry"],"acf":[],"yoast_head":"<!-- This site is optimized with the Yoast SEO Premium plugin v27.2 (Yoast SEO v27.2) - https:\/\/yoast.com\/product\/yoast-seo-premium-wordpress\/ -->\n<title>Gramatika persiane - Talkpal<\/title>\n<meta name=\"description\" content=\"Eksploroni nd\u00ebrlikimet e gramatik\u00ebs persiane p\u00ebr t\u00eb rritur t\u00eb kuptuarit dhe rrjedhshm\u00ebrin\u00eb tuaj n\u00eb gjuh\u00ebn persiane.\" \/>\n<meta name=\"robots\" content=\"index, follow, max-snippet:-1, max-image-preview:large, max-video-preview:-1\" \/>\n<link rel=\"canonical\" href=\"https:\/\/talkpal.ai\/sq\/gramatika-persiane\/\" \/>\n<meta property=\"og:locale\" content=\"sq_AL\" \/>\n<meta property=\"og:type\" content=\"article\" \/>\n<meta property=\"og:title\" content=\"Gramatika persiane\" \/>\n<meta property=\"og:description\" content=\"Zot\u00ebrimi i gramatik\u00ebs persiane: Udh\u00ebzuesi juaj p\u00ebrfundimtar Salam, entuziast\u00eb t\u00eb gjuh\u00ebs! A jeni gati t\u00eb filloni nj\u00eb udh\u00ebtim n\u00eb bot\u00ebn e gramatik\u00ebs\" \/>\n<meta property=\"og:url\" content=\"https:\/\/talkpal.ai\/sq\/gramatika-persiane\/\" \/>\n<meta property=\"og:site_name\" content=\"Talkpal\" \/>\n<meta property=\"article:publisher\" content=\"https:\/\/www.facebook.com\/profile.php?id=100090733639311\" \/>\n<meta property=\"article:modified_time\" content=\"2025-12-12T10:32:58+00:00\" \/>\n<meta property=\"og:image\" content=\"https:\/\/talkpal.ai\/wp-content\/uploads\/2023\/05\/Persian-iran.png\" \/>\n\t<meta property=\"og:image:width\" content=\"512\" \/>\n\t<meta property=\"og:image:height\" content=\"512\" \/>\n\t<meta property=\"og:image:type\" content=\"image\/png\" \/>\n<meta name=\"twitter:card\" content=\"summary_large_image\" \/>\n<meta name=\"twitter:site\" content=\"@talkpalai\" \/>\n<meta name=\"twitter:label1\" content=\"Est. reading time\" \/>\n\t<meta name=\"twitter:data1\" content=\"3 minutes\" \/>\n<script type=\"application\/ld+json\" class=\"yoast-schema-graph\">{\"@context\":\"https:\/\/schema.org\",\"@graph\":[{\"@type\":\"WebPage\",\"@id\":\"https:\/\/talkpal.ai\/sq\/gramatika-persiane\/\",\"url\":\"https:\/\/talkpal.ai\/sq\/gramatika-persiane\/\",\"name\":\"Gramatika persiane - Talkpal\",\"isPartOf\":{\"@id\":\"https:\/\/talkpal.ai\/sq\/#website\"},\"primaryImageOfPage\":{\"@id\":\"https:\/\/talkpal.ai\/sq\/gramatika-persiane\/#primaryimage\"},\"image\":{\"@id\":\"https:\/\/talkpal.ai\/sq\/gramatika-persiane\/#primaryimage\"},\"thumbnailUrl\":\"https:\/\/talkpal.ai\/wp-content\/uploads\/2023\/05\/Persian-iran.png\",\"datePublished\":\"2023-05-14T14:18:22+00:00\",\"dateModified\":\"2025-12-12T10:32:58+00:00\",\"description\":\"Eksploroni nd\u00ebrlikimet e gramatik\u00ebs persiane p\u00ebr t\u00eb rritur t\u00eb kuptuarit dhe rrjedhshm\u00ebrin\u00eb tuaj n\u00eb gjuh\u00ebn persiane.\",\"breadcrumb\":{\"@id\":\"https:\/\/talkpal.ai\/sq\/gramatika-persiane\/#breadcrumb\"},\"inLanguage\":\"sq-AL\",\"potentialAction\":[{\"@type\":\"ReadAction\",\"target\":[\"https:\/\/talkpal.ai\/sq\/gramatika-persiane\/\"]}]},{\"@type\":\"ImageObject\",\"inLanguage\":\"sq-AL\",\"@id\":\"https:\/\/talkpal.ai\/sq\/gramatika-persiane\/#primaryimage\",\"url\":\"https:\/\/talkpal.ai\/wp-content\/uploads\/2023\/05\/Persian-iran.png\",\"contentUrl\":\"https:\/\/talkpal.ai\/wp-content\/uploads\/2023\/05\/Persian-iran.png\",\"width\":512,\"height\":512,\"caption\":\"TalkPal Persian - Iran Flag\"},{\"@type\":\"BreadcrumbList\",\"@id\":\"https:\/\/talkpal.ai\/sq\/gramatika-persiane\/#breadcrumb\",\"itemListElement\":[{\"@type\":\"ListItem\",\"position\":1,\"name\":\"Homepage\",\"item\":\"https:\/\/talkpal.ai\/sq\/\"},{\"@type\":\"ListItem\",\"position\":2,\"name\":\"Gramatika persiane\"}]},{\"@type\":\"WebSite\",\"@id\":\"https:\/\/talkpal.ai\/sq\/#website\",\"url\":\"https:\/\/talkpal.ai\/sq\/\",\"name\":\"Talkpal\",\"description\":\"AI Language Learning\",\"publisher\":{\"@id\":\"https:\/\/talkpal.ai\/sq\/#organization\"},\"alternateName\":\"Talkpal AI\",\"potentialAction\":[{\"@type\":\"SearchAction\",\"target\":{\"@type\":\"EntryPoint\",\"urlTemplate\":\"https:\/\/talkpal.ai\/sq\/?s={search_term_string}\"},\"query-input\":{\"@type\":\"PropertyValueSpecification\",\"valueRequired\":true,\"valueName\":\"search_term_string\"}}],\"inLanguage\":\"sq-AL\"},{\"@type\":\"Organization\",\"@id\":\"https:\/\/talkpal.ai\/sq\/#organization\",\"name\":\"Talkpal, Inc.\",\"alternateName\":\"Talkpal AI\",\"url\":\"https:\/\/talkpal.ai\/sq\/\",\"logo\":{\"@type\":\"ImageObject\",\"inLanguage\":\"sq-AL\",\"@id\":\"https:\/\/talkpal.ai\/sq\/#\/schema\/logo\/image\/\",\"url\":\"https:\/\/talkpal.ai\/wp-content\/uploads\/2024\/03\/Talkpal-Logo-Icon.png\",\"contentUrl\":\"https:\/\/talkpal.ai\/wp-content\/uploads\/2024\/03\/Talkpal-Logo-Icon.png\",\"width\":2880,\"height\":2880,\"caption\":\"Talkpal, Inc.\"},\"image\":{\"@id\":\"https:\/\/talkpal.ai\/sq\/#\/schema\/logo\/image\/\"},\"sameAs\":[\"https:\/\/www.facebook.com\/profile.php?id=100090733639311\",\"https:\/\/x.com\/talkpalai\",\"https:\/\/www.linkedin.com\/company\/talkpal\/\",\"https:\/\/www.youtube.com\/@TalkPal\/\",\"https:\/\/www.tiktok.com\/@talkpal\",\"https:\/\/www.instagram.com\/talkpal_ai\/\",\"https:\/\/www.crunchbase.com\/organization\/talkpal-9cde\",\"https:\/\/www.g2.com\/products\/talkpal-for-business\/\",\"https:\/\/www.trustpilot.com\/review\/talkpal.ai\",\"https:\/\/www.capterra.com\/p\/10006800\/TalkPal\/\"],\"description\":\"Talkpal is a language learning web and mobile education app, powered by the latest AI technologies, that provides engaging experiences to its customers in many different languages to help them improve their language skills. Users can chat about unlimited amount of topics with the app and use other modes to practice their language learning.\",\"email\":\"support@talkpal.ai\",\"legalName\":\"Talkpal, Inc.\",\"foundingDate\":\"2023-04-03\",\"duns\":\"118989042\",\"numberOfEmployees\":{\"@type\":\"QuantitativeValue\",\"minValue\":\"11\",\"maxValue\":\"50\"},\"publishingPrinciples\":\"https:\/\/talkpal.ai\/publishing-principles\/\",\"actionableFeedbackPolicy\":\"https:\/\/talkpal.ai\/actionable-feedback-policy\/\",\"correctionsPolicy\":\"https:\/\/talkpal.ai\/corrections-policy\/\",\"ethicsPolicy\":\"https:\/\/talkpal.ai\/ethics-policy\/\",\"diversityPolicy\":\"https:\/\/talkpal.ai\/diversity-policy\/\",\"diversityStaffingReport\":\"https:\/\/talkpal.ai\/diversity-policy\/\"}]}<\/script>\n<!-- \/ Yoast SEO Premium plugin. -->","yoast_head_json":{"title":"Gramatika persiane - Talkpal","description":"Eksploroni nd\u00ebrlikimet e gramatik\u00ebs persiane p\u00ebr t\u00eb rritur t\u00eb kuptuarit dhe rrjedhshm\u00ebrin\u00eb tuaj n\u00eb gjuh\u00ebn persiane.","robots":{"index":"index","follow":"follow","max-snippet":"max-snippet:-1","max-image-preview":"max-image-preview:large","max-video-preview":"max-video-preview:-1"},"canonical":"https:\/\/talkpal.ai\/sq\/gramatika-persiane\/","og_locale":"sq_AL","og_type":"article","og_title":"Gramatika persiane","og_description":"Zot\u00ebrimi i gramatik\u00ebs persiane: Udh\u00ebzuesi juaj p\u00ebrfundimtar Salam, entuziast\u00eb t\u00eb gjuh\u00ebs! A jeni gati t\u00eb filloni nj\u00eb udh\u00ebtim n\u00eb bot\u00ebn e gramatik\u00ebs","og_url":"https:\/\/talkpal.ai\/sq\/gramatika-persiane\/","og_site_name":"Talkpal","article_publisher":"https:\/\/www.facebook.com\/profile.php?id=100090733639311","article_modified_time":"2025-12-12T10:32:58+00:00","og_image":[{"width":512,"height":512,"url":"https:\/\/talkpal.ai\/wp-content\/uploads\/2023\/05\/Persian-iran.png","type":"image\/png"}],"twitter_card":"summary_large_image","twitter_site":"@talkpalai","twitter_misc":{"Est. reading time":"3 minutes"},"schema":{"@context":"https:\/\/schema.org","@graph":[{"@type":"WebPage","@id":"https:\/\/talkpal.ai\/sq\/gramatika-persiane\/","url":"https:\/\/talkpal.ai\/sq\/gramatika-persiane\/","name":"Gramatika persiane - Talkpal","isPartOf":{"@id":"https:\/\/talkpal.ai\/sq\/#website"},"primaryImageOfPage":{"@id":"https:\/\/talkpal.ai\/sq\/gramatika-persiane\/#primaryimage"},"image":{"@id":"https:\/\/talkpal.ai\/sq\/gramatika-persiane\/#primaryimage"},"thumbnailUrl":"https:\/\/talkpal.ai\/wp-content\/uploads\/2023\/05\/Persian-iran.png","datePublished":"2023-05-14T14:18:22+00:00","dateModified":"2025-12-12T10:32:58+00:00","description":"Eksploroni nd\u00ebrlikimet e gramatik\u00ebs persiane p\u00ebr t\u00eb rritur t\u00eb kuptuarit dhe rrjedhshm\u00ebrin\u00eb tuaj n\u00eb gjuh\u00ebn persiane.","breadcrumb":{"@id":"https:\/\/talkpal.ai\/sq\/gramatika-persiane\/#breadcrumb"},"inLanguage":"sq-AL","potentialAction":[{"@type":"ReadAction","target":["https:\/\/talkpal.ai\/sq\/gramatika-persiane\/"]}]},{"@type":"ImageObject","inLanguage":"sq-AL","@id":"https:\/\/talkpal.ai\/sq\/gramatika-persiane\/#primaryimage","url":"https:\/\/talkpal.ai\/wp-content\/uploads\/2023\/05\/Persian-iran.png","contentUrl":"https:\/\/talkpal.ai\/wp-content\/uploads\/2023\/05\/Persian-iran.png","width":512,"height":512,"caption":"TalkPal Persian - Iran Flag"},{"@type":"BreadcrumbList","@id":"https:\/\/talkpal.ai\/sq\/gramatika-persiane\/#breadcrumb","itemListElement":[{"@type":"ListItem","position":1,"name":"Homepage","item":"https:\/\/talkpal.ai\/sq\/"},{"@type":"ListItem","position":2,"name":"Gramatika persiane"}]},{"@type":"WebSite","@id":"https:\/\/talkpal.ai\/sq\/#website","url":"https:\/\/talkpal.ai\/sq\/","name":"Talkpal","description":"AI Language Learning","publisher":{"@id":"https:\/\/talkpal.ai\/sq\/#organization"},"alternateName":"Talkpal AI","potentialAction":[{"@type":"SearchAction","target":{"@type":"EntryPoint","urlTemplate":"https:\/\/talkpal.ai\/sq\/?s={search_term_string}"},"query-input":{"@type":"PropertyValueSpecification","valueRequired":true,"valueName":"search_term_string"}}],"inLanguage":"sq-AL"},{"@type":"Organization","@id":"https:\/\/talkpal.ai\/sq\/#organization","name":"Talkpal, Inc.","alternateName":"Talkpal AI","url":"https:\/\/talkpal.ai\/sq\/","logo":{"@type":"ImageObject","inLanguage":"sq-AL","@id":"https:\/\/talkpal.ai\/sq\/#\/schema\/logo\/image\/","url":"https:\/\/talkpal.ai\/wp-content\/uploads\/2024\/03\/Talkpal-Logo-Icon.png","contentUrl":"https:\/\/talkpal.ai\/wp-content\/uploads\/2024\/03\/Talkpal-Logo-Icon.png","width":2880,"height":2880,"caption":"Talkpal, Inc."},"image":{"@id":"https:\/\/talkpal.ai\/sq\/#\/schema\/logo\/image\/"},"sameAs":["https:\/\/www.facebook.com\/profile.php?id=100090733639311","https:\/\/x.com\/talkpalai","https:\/\/www.linkedin.com\/company\/talkpal\/","https:\/\/www.youtube.com\/@TalkPal\/","https:\/\/www.tiktok.com\/@talkpal","https:\/\/www.instagram.com\/talkpal_ai\/","https:\/\/www.crunchbase.com\/organization\/talkpal-9cde","https:\/\/www.g2.com\/products\/talkpal-for-business\/","https:\/\/www.trustpilot.com\/review\/talkpal.ai","https:\/\/www.capterra.com\/p\/10006800\/TalkPal\/"],"description":"Talkpal is a language learning web and mobile education app, powered by the latest AI technologies, that provides engaging experiences to its customers in many different languages to help them improve their language skills. Users can chat about unlimited amount of topics with the app and use other modes to practice their language learning.","email":"support@talkpal.ai","legalName":"Talkpal, Inc.","foundingDate":"2023-04-03","duns":"118989042","numberOfEmployees":{"@type":"QuantitativeValue","minValue":"11","maxValue":"50"},"publishingPrinciples":"https:\/\/talkpal.ai\/publishing-principles\/","actionableFeedbackPolicy":"https:\/\/talkpal.ai\/actionable-feedback-policy\/","correctionsPolicy":"https:\/\/talkpal.ai\/corrections-policy\/","ethicsPolicy":"https:\/\/talkpal.ai\/ethics-policy\/","diversityPolicy":"https:\/\/talkpal.ai\/diversity-policy\/","diversityStaffingReport":"https:\/\/talkpal.ai\/diversity-policy\/"}]}},"_links":{"self":[{"href":"https:\/\/talkpal.ai\/sq\/wp-json\/wp\/v2\/pages\/1444190","targetHints":{"allow":["GET"]}}],"collection":[{"href":"https:\/\/talkpal.ai\/sq\/wp-json\/wp\/v2\/pages"}],"about":[{"href":"https:\/\/talkpal.ai\/sq\/wp-json\/wp\/v2\/types\/page"}],"author":[{"embeddable":true,"href":"https:\/\/talkpal.ai\/sq\/wp-json\/wp\/v2\/users\/1"}],"replies":[{"embeddable":true,"href":"https:\/\/talkpal.ai\/sq\/wp-json\/wp\/v2\/comments?post=1444190"}],"version-history":[{"count":0,"href":"https:\/\/talkpal.ai\/sq\/wp-json\/wp\/v2\/pages\/1444190\/revisions"}],"wp:featuredmedia":[{"embeddable":true,"href":"https:\/\/talkpal.ai\/sq\/wp-json\/wp\/v2\/media\/1444192"}],"wp:attachment":[{"href":"https:\/\/talkpal.ai\/sq\/wp-json\/wp\/v2\/media?parent=1444190"}],"curies":[{"name":"wp","href":"https:\/\/api.w.org\/{rel}","templated":true}]}}