{"id":1444182,"date":"2023-05-14T14:09:29","date_gmt":"2023-05-14T14:09:29","guid":{"rendered":"https:\/\/talkpal.ai\/gramatika-indoneziane\/"},"modified":"2025-12-13T15:44:31","modified_gmt":"2025-12-13T15:44:31","slug":"gramatika-indoneziane","status":"publish","type":"page","link":"https:\/\/talkpal.ai\/sq\/gramatika-indoneziane\/","title":{"rendered":"Gramatika indoneziane"},"content":{"rendered":"\r\n\r\n\r\n<section class=\"languageChallengeSection\">\r\n    <div class=\"languageInfoWrapper\">\r\n        \r\n        <h1>Gramatika indoneziane<\/h1>\r\n        <p>Jeni t\u00eb interesuar t\u00eb zot\u00ebroni indonezianishten? Me gramatik\u00ebn e saj t\u00eb drejtp\u00ebrdrejt\u00eb &#8211; pa konjugime foljesh, pa gjini emrash dhe struktur\u00eb t\u00eb thjesht\u00eb fjalish &#8211; indoneziishtja \u00ebsht\u00eb nj\u00eb nga gjuh\u00ebt m\u00eb miq\u00ebsore p\u00ebr nx\u00ebn\u00ebsit. Filloni udh\u00ebtimin tuaj sot dhe shikoni se si t\u00eb kuptuarit e gramatik\u00ebs indoneziane mund t\u00eb hap\u00eb shpejt nj\u00eb bot\u00eb komunikimi dhe p\u00ebrvojash t\u00eb gjalla kulturore!<\/p>\r\n\r\n                            <a class=\"getStartedHidden\" href=\"https:\/\/app.talkpal.ai\/signup?lng=\">Filloni<\/a>\r\n        \r\n    <\/div>\r\n\r\n    <figure>\r\n    <img decoding=\"async\" width=\"768\" height=\"768\" src=\"https:\/\/talkpal.ai\/wp-content\/uploads\/2023\/06\/indonesia-768x768.png\" class=\"languageImage no-lazy\" alt=\"Language learning for personal achievement\" fetchpriority=\"high\" sizes=\"(max-width: 768px) 150px, 768px\" srcset=\"https:\/\/talkpal.ai\/wp-content\/uploads\/2023\/06\/indonesia-768x768.png 768w, https:\/\/talkpal.ai\/wp-content\/uploads\/2023\/06\/indonesia-300x300.png 300w\" \/>\r\n    \r\n\r\n    <\/figure>\r\n\r\n            <a class=\"getStartedVisible\" href=\"https:\/\/app.talkpal.ai\/signup?lng=\">Filloni<\/a>\r\n    \r\n<\/section>\r\n<section class=\"promotionalBanner\">\r\n    <p class=\"promotionalText\"><\/p>\r\n    <a class=\"promotionalLink\" href=\"https:\/\/app.talkpal.ai\/signup?lng=\"><\/a>\r\n<\/section>\n<div class=\"wp-block-group pageContainerStyle\"><div class=\"wp-block-group__inner-container is-layout-constrained wp-block-group-is-layout-constrained\">\n<h2 class=\"wp-block-heading\" id=\"h-the-wonders-of-indonesian-grammar-a-guide-for-language-learners\">Mrekullit\u00eb e gramatik\u00ebs indoneziane: Nj\u00eb udh\u00ebzues p\u00ebr nx\u00ebn\u00ebsit e gjuh\u00ebs<\/h2>\n\n\n\n<p><a href=\"https:\/\/talkpal.ai\/sq\/gramatika\/\">Gramatika<\/a> indoneziane \u2013 e thjesht\u00eb por elegante, mikprit\u00ebse por t\u00ebrheq\u00ebse, e arritshme por magjeps\u00ebse. Nd\u00ebrsa filloni udh\u00ebtimin tuaj p\u00ebr t\u00eb m\u00ebsuar gjuh\u00ebn indoneziane, jini t\u00eb sigurt se p\u00ebrqafimi i gramatik\u00ebs s\u00eb saj do t\u00eb jet\u00eb nj\u00eb p\u00ebrvoj\u00eb e k\u00ebndshme. Me k\u00ebt\u00eb artikull, ne synojm\u00eb t&#8217;ju ofrojm\u00eb nj\u00eb kuptim t\u00eb aspekteve kryesore t\u00eb gramatik\u00ebs indoneziane dhe t&#8217;ju ndihmojm\u00eb t\u00eb p\u00ebrqafoni bukurin\u00eb e k\u00ebsaj gjuhe t\u00eb Azis\u00eb Juglindore.<\/p>\n\n\n\n<p>Le t\u00eb thellohemi n\u00eb element\u00ebt themelor\u00eb t\u00eb gramatik\u00ebs indoneziane, me shpjegime dhe shembuj q\u00eb i b\u00ebjn\u00eb rregullat dhe konceptet jasht\u00ebzakonisht t\u00eb qarta. Pra, uluni, relaksohuni dhe na lejoni t\u00eb zbulojm\u00eb sekretet magjeps\u00ebse t\u00eb gramatik\u00ebs indoneziane p\u00ebr ju.<\/p>\n\n\n\n<h3 class=\"wp-block-heading\" id=\"h-1-nouns-no-genders-no-plurals-no-stress\">1. Emrat: Pa gjini, pa shum\u00ebs, pa stres!<\/h3>\n\n\n\n<p>Nj\u00eb nga aspektet m\u00eb freskuese t\u00eb gramatik\u00ebs indoneziane \u00ebsht\u00eb thjesht\u00ebsia e sistemit t\u00eb saj emrash. Emrat indonezian nuk kan\u00eb forma gjinore ose shum\u00ebs. Kjo do t\u00eb thot\u00eb q\u00eb ju thoni &#8220;anjing&#8221; (qen) n\u00ebse i referoheni nj\u00eb qenushi ose nj\u00eb grupi qensh t\u00eb rritur.<\/p>\n\n\n\n<p>P\u00ebr t\u00eb specifikuar nj\u00eb form\u00eb shum\u00ebsi, mund t\u00eb p\u00ebrs\u00ebrisni emrin (p.sh., &#8220;anak-anak&#8221; p\u00ebr &#8220;f\u00ebmij\u00eb&#8221;) ose t\u00eb p\u00ebrdorni nj\u00eb term sasi si &#8220;banyak&#8221; (shum\u00eb) ose &#8220;beberapa&#8221; (disa). Ashtu pra! A nuk \u00ebsht\u00eb kjo nj\u00eb frym\u00ebmarrje e past\u00ebr n\u00eb krahasim me gjuh\u00ebt e tjera?<\/p>\n\n\n\n<h3 class=\"wp-block-heading\" id=\"h-2-pronouns-staying-humble-and-respectful\">2. P\u00ebremrat: Q\u00ebndrimi i p\u00ebrulur dhe i respektuesh\u00ebm<\/h3>\n\n\n\n<p>Gramatika indoneziane p\u00ebrdor p\u00ebremra t\u00eb ndrysh\u00ebm bazuar n\u00eb nivele t\u00eb ndryshme formaliteti. P\u00ebrdorimi i p\u00ebremrit t\u00eb duhur kur i drejtoheni dikujt \u00ebsht\u00eb thelb\u00ebsor p\u00ebr t\u00eb treguar respekt dhe p\u00ebrul\u00ebsi. P\u00ebr shembull, &#8220;aku&#8221; (un\u00eb\/un\u00eb) \u00ebsht\u00eb i rast\u00ebsish\u00ebm dhe intim, &#8220;saya&#8221; \u00ebsht\u00eb i sjellsh\u00ebm dhe neutral, dhe &#8220;saya&#8221; \u00ebsht\u00eb formal dhe i p\u00ebrulur. N\u00eb m\u00ebnyr\u00eb t\u00eb ngjashme, &#8220;kamu&#8221; (ju) \u00ebsht\u00eb joformal, &#8220;Anda&#8221; \u00ebsht\u00eb i sjellsh\u00ebm dhe &#8220;Bapak\/Ibu&#8221; (Zot\u00ebri\/Zonja) \u00ebsht\u00eb i rezervuar p\u00ebr situata shum\u00eb formale.<\/p>\n\n\n\n<p>Mos harroni, \u00ebsht\u00eb gjithmon\u00eb nj\u00eb ide e mir\u00eb t\u00eb gaboni n\u00eb an\u00ebn e mir\u00ebsjelljes n\u00eb situata t\u00eb reja ose t\u00eb pasigurta.<\/p>\n\n\n\n<h3 class=\"wp-block-heading\" id=\"h-3-verbs-no-conjugations-but-prefixes-and-suffixes-galore\">3. Foljet: Nuk ka konjugime, por parashtesa dhe prapashtesa me boll\u00ebk!<\/h3>\n\n\n\n<p>Foljet indoneziane mbeten t\u00eb pandryshuara pavar\u00ebsisht nga koha, humori ose subjekti, duke i b\u00ebr\u00eb ato shum\u00eb m\u00eb t\u00eb thjeshta se foljet n\u00eb shum\u00eb gjuh\u00eb t\u00eb tjera. Megjithat\u00eb, do t&#8217;ju duhet t\u00eb zot\u00ebroni p\u00ebrdorimin e parashtesave dhe prapashtesave p\u00ebr t\u00eb modifikuar kuptimin e foljes.<\/p>\n\n\n\n<p>Disa parashtesa t\u00eb zakonshme p\u00ebrfshijn\u00eb &#8220;me-&#8221; (folje aktive), &#8220;di-&#8221; (folje pasive) dhe &#8220;ber-&#8221; (folje stative). Prapashtesat e zakonshme p\u00ebrfshijn\u00eb &#8220;-kan&#8221; (folje shkak\u00ebsore) dhe &#8220;-i&#8221; (folje kalimtare). P\u00ebr shembull, &#8220;makan&#8221; do t\u00eb thot\u00eb &#8220;t\u00eb hash&#8221;, &#8220;memakan&#8221; do t\u00eb thot\u00eb &#8220;t\u00eb konsumosh&#8221; dhe &#8220;dimakan&#8221; do t\u00eb thot\u00eb &#8220;t\u00eb hahet&#8221;.<\/p>\n\n\n\n<h3 class=\"wp-block-heading\" id=\"h-4-word-order-subject-verb-object-simplicity\">4. Rendi i fjal\u00ebve: Thjesht\u00ebsia subjekt-folje-objekt!<\/h3>\n\n\n\n<p>Gramatika indoneziane ndjek nj\u00eb renditje t\u00eb drejtp\u00ebrdrejt\u00eb fjal\u00ebsh Subjekt-Folje-Objekt (SVO), t\u00eb ngjashme me anglishten. Kjo e b\u00ebn nd\u00ebrtimin dhe t\u00eb kuptuarit e fjalis\u00eb shum\u00eb m\u00eb t\u00eb leht\u00eb p\u00ebr anglishtfol\u00ebsit. P\u00ebr shembull, &#8220;Saya memakan pisang&#8221; p\u00ebrkthehet drejtp\u00ebrdrejt n\u00eb &#8220;Un\u00eb (subjekti) ha (folje) banane (objekt)&#8221;.<\/p>\n\n\n\n<h3 class=\"wp-block-heading\" id=\"h-5-immerse-yourself-in-indonesian-practice-makes-perfect\">5. Zhytuni n\u00eb indonezianisht: Praktika e b\u00ebn t\u00eb p\u00ebrsosur<\/h3>\n\n\n\n<p>Bukuria e gramatik\u00ebs indoneziane q\u00ebndron n\u00eb thjesht\u00ebsin\u00eb dhe aksesueshm\u00ebrin\u00eb e saj. Praktika e rregullt p\u00ebrmes leximit, shkrimit, d\u00ebgjimit dhe t\u00eb folurit do t&#8217;ju ndihmoj\u00eb t\u00eb zot\u00ebroni gjuh\u00ebn dhe gramatik\u00ebn e saj. P\u00ebrqafoni sfidat, mposhtni kompleksitetet dhe zhbllokoni hijeshin\u00eb e v\u00ebrtet\u00eb t\u00eb gjuh\u00ebs indoneziane.<\/p>\n\n\n\n<p>Pra, a jeni gati t\u00eb g\u00ebrmoni n\u00eb mrekullit\u00eb e gramatik\u00ebs indoneziane? Afrojuni me besim dhe kuriozitet, dhe me p\u00ebrkushtim dhe emocion, s\u00eb shpejti mund t\u00eb b\u00ebheni nj\u00eb fol\u00ebs elokuent indonezian. Selamat belajar! (G\u00ebzuar studimin!)<\/p>\n<\/div><\/div>\n\r\n<section class=\"learnNavigationSection\">\r\n            \r\n        <a href=\"https:\/\/talkpal.ai\/sq\/meso-indonezisht\/\">\r\n            <div class=\"learnNavigationWrapper\">\r\n                <div class=\"learnNavigationContent\">\r\n                    <img decoding=\"async\" src=\"https:\/\/talkpal.ai\/wp-content\/uploads\/2024\/08\/Indonesian.jpg\" alt=\"Indonesian Flag\">\r\n                    <div>\r\n                        <h4>Rreth m\u00ebsimit indonezian<\/h4>\r\n                        <p>M\u00ebsoni gjith\u00e7ka rreth gramatik\u00ebs indoneziane.<\/p>\r\n                    <\/div>\r\n                <\/div>\r\n            <\/div>\r\n        <\/a>\r\n\r\n        \r\n        <a href=\"https:\/\/talkpal.ai\/sq\/ushtrimet-e-gramatikes-indoneziane\/\">\r\n            <div class=\"learnNavigationWrapper\">\r\n                <div class=\"learnNavigationContent\">\r\n                    <img decoding=\"async\" src=\"https:\/\/talkpal.ai\/wp-content\/uploads\/2024\/08\/Indonesian.jpg\" alt=\"Indonesian Flag\">\r\n                    <div>\r\n                        <h4>Ushtrimi i gramatik\u00ebs indoneziane<\/h4>\r\n                        <p>Praktikoni gramatik\u00ebn indoneziane.<\/p>\r\n                    <\/div>\r\n                <\/div>\r\n            <\/div>\r\n        <\/a>\r\n\r\n        \r\n        <a href=\"https:\/\/talkpal.ai\/vocabulary_language\/indonesian\/\">\r\n            <div class=\"learnNavigationWrapper\">\r\n                <div class=\"learnNavigationContent\">\r\n                    <img decoding=\"async\" src=\"https:\/\/talkpal.ai\/wp-content\/uploads\/2024\/08\/Indonesian.jpg\" alt=\"Indonesian Flag\">\r\n                    <div>\r\n                        <h4>Fjalori indonezian<\/h4>\r\n                        <p>Zgjeroni fjalorin tuaj indonezian.<\/p>\r\n                    <\/div>\r\n                <\/div>\r\n            <\/div>\r\n        <\/a>\r\n\r\n            <\/section>","protected":false},"excerpt":{"rendered":"<p>Mrekullit\u00eb e gramatik\u00ebs indoneziane: Nj\u00eb udh\u00ebzues p\u00ebr nx\u00ebn\u00ebsit e gjuh\u00ebs Gramatika indoneziane \u2013 e thjesht\u00eb por elegante, mikprit\u00ebse por t\u00ebrheq\u00ebse, e arritshme por magjeps\u00ebse. Nd\u00ebrsa filloni udh\u00ebtimin tuaj p\u00ebr t\u00eb m\u00ebsuar gjuh\u00ebn indoneziane, jini t\u00eb sigurt se p\u00ebrqafimi i gramatik\u00ebs s\u00eb saj do t\u00eb jet\u00eb nj\u00eb p\u00ebrvoj\u00eb e k\u00ebndshme. Me k\u00ebt\u00eb artikull, ne synojm\u00eb t&#8217;ju [&hellip;]<\/p>\n","protected":false},"author":1,"featured_media":1444184,"parent":0,"menu_order":0,"comment_status":"closed","ping_status":"closed","template":"LearningContentPage.php","meta":{"_acf_changed":false,"footnotes":""},"class_list":["post-1444182","page","type-page","status-publish","has-post-thumbnail","hentry"],"acf":[],"yoast_head":"<!-- This site is optimized with the Yoast SEO Premium plugin v27.2 (Yoast SEO v27.2) - https:\/\/yoast.com\/product\/yoast-seo-premium-wordpress\/ -->\n<title>Gramatika indoneziane - Talkpal<\/title>\n<meta name=\"description\" content=\"Zot\u00ebroni gramatik\u00ebn indoneziane pa mundim me aplikacionin e m\u00ebsimit t\u00eb gjuh\u00ebs AI t\u00eb Talkpal. Komunikoni me besim duke p\u00ebrdorur udh\u00ebzimet e TalkPal t\u00eb fuqizuar nga AI.\" \/>\n<meta name=\"robots\" content=\"index, follow, max-snippet:-1, max-image-preview:large, max-video-preview:-1\" \/>\n<link rel=\"canonical\" href=\"https:\/\/talkpal.ai\/sq\/gramatika-indoneziane\/\" \/>\n<meta property=\"og:locale\" content=\"sq_AL\" \/>\n<meta property=\"og:type\" content=\"article\" \/>\n<meta property=\"og:title\" content=\"Gramatika indoneziane\" \/>\n<meta property=\"og:description\" content=\"Mrekullit\u00eb e gramatik\u00ebs indoneziane: Nj\u00eb udh\u00ebzues p\u00ebr nx\u00ebn\u00ebsit e gjuh\u00ebs Gramatika indoneziane \u2013 e thjesht\u00eb por elegante, mikprit\u00ebse por t\u00ebrheq\u00ebse, e\" \/>\n<meta property=\"og:url\" content=\"https:\/\/talkpal.ai\/sq\/gramatika-indoneziane\/\" \/>\n<meta property=\"og:site_name\" content=\"Talkpal\" \/>\n<meta property=\"article:publisher\" content=\"https:\/\/www.facebook.com\/profile.php?id=100090733639311\" \/>\n<meta property=\"article:modified_time\" content=\"2025-12-13T15:44:31+00:00\" \/>\n<meta property=\"og:image\" content=\"https:\/\/talkpal.ai\/wp-content\/uploads\/2023\/05\/indonesia.png\" \/>\n\t<meta property=\"og:image:width\" content=\"512\" \/>\n\t<meta property=\"og:image:height\" content=\"512\" \/>\n\t<meta property=\"og:image:type\" content=\"image\/png\" \/>\n<meta name=\"twitter:card\" content=\"summary_large_image\" \/>\n<meta name=\"twitter:site\" content=\"@talkpalai\" \/>\n<meta name=\"twitter:label1\" content=\"Est. reading time\" \/>\n\t<meta name=\"twitter:data1\" content=\"3 minutes\" \/>\n<script type=\"application\/ld+json\" class=\"yoast-schema-graph\">{\"@context\":\"https:\/\/schema.org\",\"@graph\":[{\"@type\":\"WebPage\",\"@id\":\"https:\/\/talkpal.ai\/sq\/gramatika-indoneziane\/\",\"url\":\"https:\/\/talkpal.ai\/sq\/gramatika-indoneziane\/\",\"name\":\"Gramatika indoneziane - Talkpal\",\"isPartOf\":{\"@id\":\"https:\/\/talkpal.ai\/sq\/#website\"},\"primaryImageOfPage\":{\"@id\":\"https:\/\/talkpal.ai\/sq\/gramatika-indoneziane\/#primaryimage\"},\"image\":{\"@id\":\"https:\/\/talkpal.ai\/sq\/gramatika-indoneziane\/#primaryimage\"},\"thumbnailUrl\":\"https:\/\/talkpal.ai\/wp-content\/uploads\/2023\/05\/indonesia.png\",\"datePublished\":\"2023-05-14T14:09:29+00:00\",\"dateModified\":\"2025-12-13T15:44:31+00:00\",\"description\":\"Zot\u00ebroni gramatik\u00ebn indoneziane pa mundim me aplikacionin e m\u00ebsimit t\u00eb gjuh\u00ebs AI t\u00eb Talkpal. Komunikoni me besim duke p\u00ebrdorur udh\u00ebzimet e TalkPal t\u00eb fuqizuar nga AI.\",\"breadcrumb\":{\"@id\":\"https:\/\/talkpal.ai\/sq\/gramatika-indoneziane\/#breadcrumb\"},\"inLanguage\":\"sq-AL\",\"potentialAction\":[{\"@type\":\"ReadAction\",\"target\":[\"https:\/\/talkpal.ai\/sq\/gramatika-indoneziane\/\"]}]},{\"@type\":\"ImageObject\",\"inLanguage\":\"sq-AL\",\"@id\":\"https:\/\/talkpal.ai\/sq\/gramatika-indoneziane\/#primaryimage\",\"url\":\"https:\/\/talkpal.ai\/wp-content\/uploads\/2023\/05\/indonesia.png\",\"contentUrl\":\"https:\/\/talkpal.ai\/wp-content\/uploads\/2023\/05\/indonesia.png\",\"width\":512,\"height\":512,\"caption\":\"TalkPal Indonesia Flag\"},{\"@type\":\"BreadcrumbList\",\"@id\":\"https:\/\/talkpal.ai\/sq\/gramatika-indoneziane\/#breadcrumb\",\"itemListElement\":[{\"@type\":\"ListItem\",\"position\":1,\"name\":\"Homepage\",\"item\":\"https:\/\/talkpal.ai\/sq\/\"},{\"@type\":\"ListItem\",\"position\":2,\"name\":\"Gramatika indoneziane\"}]},{\"@type\":\"WebSite\",\"@id\":\"https:\/\/talkpal.ai\/sq\/#website\",\"url\":\"https:\/\/talkpal.ai\/sq\/\",\"name\":\"Talkpal\",\"description\":\"AI Language Learning\",\"publisher\":{\"@id\":\"https:\/\/talkpal.ai\/sq\/#organization\"},\"alternateName\":\"Talkpal AI\",\"potentialAction\":[{\"@type\":\"SearchAction\",\"target\":{\"@type\":\"EntryPoint\",\"urlTemplate\":\"https:\/\/talkpal.ai\/sq\/?s={search_term_string}\"},\"query-input\":{\"@type\":\"PropertyValueSpecification\",\"valueRequired\":true,\"valueName\":\"search_term_string\"}}],\"inLanguage\":\"sq-AL\"},{\"@type\":\"Organization\",\"@id\":\"https:\/\/talkpal.ai\/sq\/#organization\",\"name\":\"Talkpal, Inc.\",\"alternateName\":\"Talkpal AI\",\"url\":\"https:\/\/talkpal.ai\/sq\/\",\"logo\":{\"@type\":\"ImageObject\",\"inLanguage\":\"sq-AL\",\"@id\":\"https:\/\/talkpal.ai\/sq\/#\/schema\/logo\/image\/\",\"url\":\"https:\/\/talkpal.ai\/wp-content\/uploads\/2024\/03\/Talkpal-Logo-Icon.png\",\"contentUrl\":\"https:\/\/talkpal.ai\/wp-content\/uploads\/2024\/03\/Talkpal-Logo-Icon.png\",\"width\":2880,\"height\":2880,\"caption\":\"Talkpal, Inc.\"},\"image\":{\"@id\":\"https:\/\/talkpal.ai\/sq\/#\/schema\/logo\/image\/\"},\"sameAs\":[\"https:\/\/www.facebook.com\/profile.php?id=100090733639311\",\"https:\/\/x.com\/talkpalai\",\"https:\/\/www.linkedin.com\/company\/talkpal\/\",\"https:\/\/www.youtube.com\/@TalkPal\/\",\"https:\/\/www.tiktok.com\/@talkpal\",\"https:\/\/www.instagram.com\/talkpal_ai\/\",\"https:\/\/www.crunchbase.com\/organization\/talkpal-9cde\",\"https:\/\/www.g2.com\/products\/talkpal-for-business\/\",\"https:\/\/www.trustpilot.com\/review\/talkpal.ai\",\"https:\/\/www.capterra.com\/p\/10006800\/TalkPal\/\"],\"description\":\"Talkpal is a language learning web and mobile education app, powered by the latest AI technologies, that provides engaging experiences to its customers in many different languages to help them improve their language skills. Users can chat about unlimited amount of topics with the app and use other modes to practice their language learning.\",\"email\":\"support@talkpal.ai\",\"legalName\":\"Talkpal, Inc.\",\"foundingDate\":\"2023-04-03\",\"duns\":\"118989042\",\"numberOfEmployees\":{\"@type\":\"QuantitativeValue\",\"minValue\":\"11\",\"maxValue\":\"50\"},\"publishingPrinciples\":\"https:\/\/talkpal.ai\/publishing-principles\/\",\"actionableFeedbackPolicy\":\"https:\/\/talkpal.ai\/actionable-feedback-policy\/\",\"correctionsPolicy\":\"https:\/\/talkpal.ai\/corrections-policy\/\",\"ethicsPolicy\":\"https:\/\/talkpal.ai\/ethics-policy\/\",\"diversityPolicy\":\"https:\/\/talkpal.ai\/diversity-policy\/\",\"diversityStaffingReport\":\"https:\/\/talkpal.ai\/diversity-policy\/\"}]}<\/script>\n<!-- \/ Yoast SEO Premium plugin. -->","yoast_head_json":{"title":"Gramatika indoneziane - Talkpal","description":"Zot\u00ebroni gramatik\u00ebn indoneziane pa mundim me aplikacionin e m\u00ebsimit t\u00eb gjuh\u00ebs AI t\u00eb Talkpal. Komunikoni me besim duke p\u00ebrdorur udh\u00ebzimet e TalkPal t\u00eb fuqizuar nga AI.","robots":{"index":"index","follow":"follow","max-snippet":"max-snippet:-1","max-image-preview":"max-image-preview:large","max-video-preview":"max-video-preview:-1"},"canonical":"https:\/\/talkpal.ai\/sq\/gramatika-indoneziane\/","og_locale":"sq_AL","og_type":"article","og_title":"Gramatika indoneziane","og_description":"Mrekullit\u00eb e gramatik\u00ebs indoneziane: Nj\u00eb udh\u00ebzues p\u00ebr nx\u00ebn\u00ebsit e gjuh\u00ebs Gramatika indoneziane \u2013 e thjesht\u00eb por elegante, mikprit\u00ebse por t\u00ebrheq\u00ebse, e","og_url":"https:\/\/talkpal.ai\/sq\/gramatika-indoneziane\/","og_site_name":"Talkpal","article_publisher":"https:\/\/www.facebook.com\/profile.php?id=100090733639311","article_modified_time":"2025-12-13T15:44:31+00:00","og_image":[{"width":512,"height":512,"url":"https:\/\/talkpal.ai\/wp-content\/uploads\/2023\/05\/indonesia.png","type":"image\/png"}],"twitter_card":"summary_large_image","twitter_site":"@talkpalai","twitter_misc":{"Est. reading time":"3 minutes"},"schema":{"@context":"https:\/\/schema.org","@graph":[{"@type":"WebPage","@id":"https:\/\/talkpal.ai\/sq\/gramatika-indoneziane\/","url":"https:\/\/talkpal.ai\/sq\/gramatika-indoneziane\/","name":"Gramatika indoneziane - Talkpal","isPartOf":{"@id":"https:\/\/talkpal.ai\/sq\/#website"},"primaryImageOfPage":{"@id":"https:\/\/talkpal.ai\/sq\/gramatika-indoneziane\/#primaryimage"},"image":{"@id":"https:\/\/talkpal.ai\/sq\/gramatika-indoneziane\/#primaryimage"},"thumbnailUrl":"https:\/\/talkpal.ai\/wp-content\/uploads\/2023\/05\/indonesia.png","datePublished":"2023-05-14T14:09:29+00:00","dateModified":"2025-12-13T15:44:31+00:00","description":"Zot\u00ebroni gramatik\u00ebn indoneziane pa mundim me aplikacionin e m\u00ebsimit t\u00eb gjuh\u00ebs AI t\u00eb Talkpal. Komunikoni me besim duke p\u00ebrdorur udh\u00ebzimet e TalkPal t\u00eb fuqizuar nga AI.","breadcrumb":{"@id":"https:\/\/talkpal.ai\/sq\/gramatika-indoneziane\/#breadcrumb"},"inLanguage":"sq-AL","potentialAction":[{"@type":"ReadAction","target":["https:\/\/talkpal.ai\/sq\/gramatika-indoneziane\/"]}]},{"@type":"ImageObject","inLanguage":"sq-AL","@id":"https:\/\/talkpal.ai\/sq\/gramatika-indoneziane\/#primaryimage","url":"https:\/\/talkpal.ai\/wp-content\/uploads\/2023\/05\/indonesia.png","contentUrl":"https:\/\/talkpal.ai\/wp-content\/uploads\/2023\/05\/indonesia.png","width":512,"height":512,"caption":"TalkPal Indonesia Flag"},{"@type":"BreadcrumbList","@id":"https:\/\/talkpal.ai\/sq\/gramatika-indoneziane\/#breadcrumb","itemListElement":[{"@type":"ListItem","position":1,"name":"Homepage","item":"https:\/\/talkpal.ai\/sq\/"},{"@type":"ListItem","position":2,"name":"Gramatika indoneziane"}]},{"@type":"WebSite","@id":"https:\/\/talkpal.ai\/sq\/#website","url":"https:\/\/talkpal.ai\/sq\/","name":"Talkpal","description":"AI Language Learning","publisher":{"@id":"https:\/\/talkpal.ai\/sq\/#organization"},"alternateName":"Talkpal AI","potentialAction":[{"@type":"SearchAction","target":{"@type":"EntryPoint","urlTemplate":"https:\/\/talkpal.ai\/sq\/?s={search_term_string}"},"query-input":{"@type":"PropertyValueSpecification","valueRequired":true,"valueName":"search_term_string"}}],"inLanguage":"sq-AL"},{"@type":"Organization","@id":"https:\/\/talkpal.ai\/sq\/#organization","name":"Talkpal, Inc.","alternateName":"Talkpal AI","url":"https:\/\/talkpal.ai\/sq\/","logo":{"@type":"ImageObject","inLanguage":"sq-AL","@id":"https:\/\/talkpal.ai\/sq\/#\/schema\/logo\/image\/","url":"https:\/\/talkpal.ai\/wp-content\/uploads\/2024\/03\/Talkpal-Logo-Icon.png","contentUrl":"https:\/\/talkpal.ai\/wp-content\/uploads\/2024\/03\/Talkpal-Logo-Icon.png","width":2880,"height":2880,"caption":"Talkpal, Inc."},"image":{"@id":"https:\/\/talkpal.ai\/sq\/#\/schema\/logo\/image\/"},"sameAs":["https:\/\/www.facebook.com\/profile.php?id=100090733639311","https:\/\/x.com\/talkpalai","https:\/\/www.linkedin.com\/company\/talkpal\/","https:\/\/www.youtube.com\/@TalkPal\/","https:\/\/www.tiktok.com\/@talkpal","https:\/\/www.instagram.com\/talkpal_ai\/","https:\/\/www.crunchbase.com\/organization\/talkpal-9cde","https:\/\/www.g2.com\/products\/talkpal-for-business\/","https:\/\/www.trustpilot.com\/review\/talkpal.ai","https:\/\/www.capterra.com\/p\/10006800\/TalkPal\/"],"description":"Talkpal is a language learning web and mobile education app, powered by the latest AI technologies, that provides engaging experiences to its customers in many different languages to help them improve their language skills. Users can chat about unlimited amount of topics with the app and use other modes to practice their language learning.","email":"support@talkpal.ai","legalName":"Talkpal, Inc.","foundingDate":"2023-04-03","duns":"118989042","numberOfEmployees":{"@type":"QuantitativeValue","minValue":"11","maxValue":"50"},"publishingPrinciples":"https:\/\/talkpal.ai\/publishing-principles\/","actionableFeedbackPolicy":"https:\/\/talkpal.ai\/actionable-feedback-policy\/","correctionsPolicy":"https:\/\/talkpal.ai\/corrections-policy\/","ethicsPolicy":"https:\/\/talkpal.ai\/ethics-policy\/","diversityPolicy":"https:\/\/talkpal.ai\/diversity-policy\/","diversityStaffingReport":"https:\/\/talkpal.ai\/diversity-policy\/"}]}},"_links":{"self":[{"href":"https:\/\/talkpal.ai\/sq\/wp-json\/wp\/v2\/pages\/1444182","targetHints":{"allow":["GET"]}}],"collection":[{"href":"https:\/\/talkpal.ai\/sq\/wp-json\/wp\/v2\/pages"}],"about":[{"href":"https:\/\/talkpal.ai\/sq\/wp-json\/wp\/v2\/types\/page"}],"author":[{"embeddable":true,"href":"https:\/\/talkpal.ai\/sq\/wp-json\/wp\/v2\/users\/1"}],"replies":[{"embeddable":true,"href":"https:\/\/talkpal.ai\/sq\/wp-json\/wp\/v2\/comments?post=1444182"}],"version-history":[{"count":0,"href":"https:\/\/talkpal.ai\/sq\/wp-json\/wp\/v2\/pages\/1444182\/revisions"}],"wp:featuredmedia":[{"embeddable":true,"href":"https:\/\/talkpal.ai\/sq\/wp-json\/wp\/v2\/media\/1444184"}],"wp:attachment":[{"href":"https:\/\/talkpal.ai\/sq\/wp-json\/wp\/v2\/media?parent=1444182"}],"curies":[{"name":"wp","href":"https:\/\/api.w.org\/{rel}","templated":true}]}}