{"id":1444174,"date":"2023-05-14T13:59:42","date_gmt":"2023-05-14T13:59:42","guid":{"rendered":"https:\/\/talkpal.ai\/gramatika-bjelloruse\/"},"modified":"2025-09-06T19:23:57","modified_gmt":"2025-09-06T19:23:57","slug":"gramatika-bjelloruse","status":"publish","type":"page","link":"https:\/\/talkpal.ai\/sq\/gramatika-bjelloruse\/","title":{"rendered":"Gramatika Bjelloruse"},"content":{"rendered":"\r\n\r\n\r\n<section class=\"languageChallengeSection\">\r\n    <div class=\"languageInfoWrapper\">\r\n        \r\n        <h1>Gramatika Bjelloruse<\/h1>\r\n        <p>Zbuloni bukurin\u00eb dhe pasurin\u00eb e gjuh\u00ebs bjelloruse duke m\u00ebsuar rregullat e saj themelore gramatikore. Nd\u00ebrtimi i nj\u00eb kuptimi solid t\u00eb gramatik\u00ebs bjelloruse do t&#039;ju ndihmoj\u00eb t\u00eb komunikoni me besim dhe t\u00eb lidheni me kultur\u00ebn bjelloruse. Zhytuni tani dhe filloni udh\u00ebtimin tuaj drejt zot\u00ebrimit t\u00eb bjellorusishtes sot!<\/p>\r\n\r\n                            <a class=\"getStartedHidden\" href=\"https:\/\/app.talkpal.ai\/signup?lng=\">Filloni<\/a>\r\n        \r\n    <\/div>\r\n\r\n    <figure>\r\n    <img decoding=\"async\" width=\"768\" height=\"768\" src=\"https:\/\/talkpal.ai\/wp-content\/uploads\/2023\/06\/belarusian-768x768.png\" class=\"languageImage no-lazy\" alt=\"Language learning for academic excellence\" fetchpriority=\"high\" sizes=\"(max-width: 768px) 150px, 768px\" srcset=\"https:\/\/talkpal.ai\/wp-content\/uploads\/2023\/06\/belarusian-768x768.png 768w, https:\/\/talkpal.ai\/wp-content\/uploads\/2023\/06\/belarusian-300x300.png 300w\" \/>\r\n    \r\n\r\n    <\/figure>\r\n\r\n            <a class=\"getStartedVisible\" href=\"https:\/\/app.talkpal.ai\/signup?lng=\">Filloni<\/a>\r\n    \r\n<\/section>\r\n<section class=\"promotionalBanner\">\r\n    <p class=\"promotionalText\">M\u00ebnyra m\u00eb efikase p\u00ebr t\u00eb m\u00ebsuar nj\u00eb gjuh\u00eb<\/p>\r\n    <a class=\"promotionalLink\" href=\"https:\/\/app.talkpal.ai\/signup?lng=\">Provoni Talkpal falas<\/a>\r\n<\/section>\n<div class=\"wp-block-group pageContainerStyle\"><div class=\"wp-block-group__inner-container is-layout-constrained wp-block-group-is-layout-constrained\">\n<h2 class=\"wp-block-heading\" id=\"h-belarusian-grammar-a-closer-look-at-the-slavic-language-s-intricacies\">Gramatika bjelloruse: Nj\u00eb v\u00ebshtrim m\u00eb i af\u00ebrt n\u00eb nd\u00ebrlikimet e gjuh\u00ebs sllave<\/h2>\n\n\n\n<p>A jeni nj\u00eb poliglot aspirues me nj\u00eb magjepsje p\u00ebr gjuh\u00ebt sllave? Apo ndoshta jeni thjesht kurioz p\u00ebr nd\u00ebrlikimet gramatikore t\u00eb gjuh\u00ebve nga ky rajon interesant? N\u00ebse po, shtr\u00ebngohuni! N\u00eb k\u00ebt\u00eb artikull, ne do t\u00eb eksplorojm\u00eb bot\u00ebn e mrekullueshme t\u00eb gramatik\u00ebs bjelloruse, nj\u00eb an\u00ebtar m\u00eb pak i njohur, por magjeps\u00ebs i familjes s\u00eb gjuh\u00ebve sllave.<\/p>\n\n\n\n<p>Le t\u00eb zhytemi brenda, apo jo?<\/p>\n\n\n\n<h3 class=\"wp-block-heading\" id=\"h-first-things-first-what-is-belarusian\">Gj\u00ebrat e para s\u00eb pari: \u00c7far\u00eb \u00ebsht\u00eb bjellorusia?<\/h3>\n\n\n\n<p>Bjellorusishtja \u00ebsht\u00eb gjuha zyrtare e Bjellorusis\u00eb, nj\u00eb vend pa dalje n\u00eb det i vendosur n\u00eb Evrop\u00ebn Lindore midis Rusis\u00eb, Ukrain\u00ebs, Polonis\u00eb, Lituanis\u00eb dhe Letonis\u00eb. Me af\u00ebrsisht 7.9 milion\u00eb fol\u00ebs, bjellorusja ka nj\u00eb bukuri t\u00eb dashur p\u00ebr gjuh\u00ebtar\u00ebt dhe entuziast\u00ebt e gjuh\u00ebs. Si gjuh\u00eb sllave, bjellorusishtja ka shum\u00eb ngjashm\u00ebri me rusishten, ukrainishten dhe polonishten; megjithat\u00eb, <a href=\"https:\/\/talkpal.ai\/speaking-with-ai\/\">ai<\/a> gjithashtu p\u00ebrqafon karakteristikat e veta unike q\u00eb e ve\u00e7ojn\u00eb at\u00eb nga v\u00ebllez\u00ebrit e motrat e tij.<\/p>\n\n\n\n<h3 class=\"wp-block-heading\" id=\"h-the-building-blocks-nouns-pronouns-and-cases\">Blloqet e nd\u00ebrtimit: emrat, p\u00ebremrat dhe rastet<\/h3>\n\n\n\n<p>Ashtu si gjuh\u00ebt e tjera sllave, <a href=\"https:\/\/talkpal.ai\/sq\/gramatika\/\">gramatika<\/a> bjelloruse sillet <a href=\"https:\/\/talkpal.ai\/sq\/rreth\/\">rreth<\/a> p\u00ebrkuljes s\u00eb fjal\u00ebve. Kjo do t\u00eb thot\u00eb q\u00eb mbaresat e fjal\u00ebve ndryshojn\u00eb sipas funksionit t\u00eb <a href=\"https:\/\/talkpal.ai\/locations\/language-courses-in-tyre\/\">tyre<\/a> gramatikor n\u00eb nj\u00eb fjali. Kjo \u00ebsht\u00eb m\u00eb e dukshme n\u00eb emra, p\u00ebremra dhe mbiemra kur p\u00ebrdoren n\u00eb raste t\u00eb ndryshme. Bjellorusia ka gjasht\u00eb raste, t\u00eb cilat jan\u00eb si m\u00eb posht\u00eb:<\/p>\n\n\n\n<p><strong>1. Nominativ \u2013 tregon subjektin e nj\u00eb fjalie<\/strong><\/p>\n\n\n\n<p><strong>2. Gjenitiv \u2013 tregon posedimin ose objektin e mohimit<\/strong><\/p>\n\n\n\n<p><strong>3. Dative \u2013 sh\u00ebnon objektin indirekt t\u00eb nj\u00eb fjalie<\/strong><\/p>\n\n\n\n<p><strong>4. Akuzativ \u2013 n\u00ebnkupton objektin e drejtp\u00ebrdrejt\u00eb t\u00eb nj\u00eb fjalie<\/strong><\/p>\n\n\n\n<p><strong>5. Instrumental \u2013 shpreh mjetet ose metod\u00ebn me t\u00eb cil\u00ebn kryhet nj\u00eb veprim<\/strong><\/p>\n\n\n\n<p><strong>6. Parapozicional ose Lokativ \u2013 specifikon vendndodhjen ose objektin e parafjal\u00ebve<\/strong><\/p>\n\n\n\n<p>P\u00ebrve\u00e7 rasteve, emrat bjellorus kan\u00eb gjithashtu tre gjini (mashkullore, fem\u00ebrore dhe sterilizuese) dhe dy numra (nj\u00ebj\u00ebs dhe shum\u00ebs). \u00c7do kombinim gjinor dhe num\u00ebr ka mbaresa specifike n\u00eb secilin rast, duke e b\u00ebr\u00eb thelb\u00ebsore t&#8217;i m\u00ebsoni p\u00ebrmend\u00ebsh k\u00ebto p\u00ebr t\u00eb nd\u00ebrtuar fjali gramatikore t\u00eb sakta.<\/p>\n\n\n\n<h3 class=\"wp-block-heading\" id=\"h-let-s-talk-verbs-tenses-aspects-and-moods\">Le t\u00eb flasim foljet: koh\u00ebt, aspektet dhe humori<\/h3>\n\n\n\n<p>Foljet bjelloruse jan\u00eb mrekullisht komplekse, plot nuanca dhe nd\u00ebrlikim. Ato kan\u00eb tre koh\u00eb (e kaluara, e tashmja dhe e ardhmja), dy aspekte (perfekte dhe joperfekte), si dhe tre humore (treguese, imperative dhe t\u00eb kusht\u00ebzuara). Ajo q\u00eb i b\u00ebn foljet bjelloruse t\u00eb dallohen nga gjuh\u00ebt e tjera sllave \u00ebsht\u00eb p\u00ebrdorimi i tyre i gjer\u00eb i aspektit.<\/p>\n\n\n\n<p>Aspekti i referohet n\u00ebse nj\u00eb veprim shihet si i p\u00ebrfunduar (i p\u00ebrsosur) ose i vazhduesh\u00ebm (i pap\u00ebrsosur). Shum\u00eb folje vijn\u00eb n\u00eb \u00e7ifte q\u00eb tregojn\u00eb aspekte t\u00eb ndryshme, shpesh duke p\u00ebrdorur nj\u00eb parashtes\u00eb ose prapashtes\u00eb unike. Zot\u00ebrimi i aspektit \u00ebsht\u00eb thelb\u00ebsor p\u00ebr t\u00eb kuptuar holl\u00ebsit\u00eb e gjuh\u00ebs bjelloruse.<\/p>\n\n\n\n<h3 class=\"wp-block-heading\" id=\"h-adjectives-adverbs-and-other-delights\">Mbiemra, ndajfolje dhe k\u00ebnaq\u00ebsi t\u00eb tjera<\/h3>\n\n\n\n<p>Mbiemrat bjellorus\u00eb pajtohen me emrat q\u00eb modifikojn\u00eb p\u00ebr sa i p\u00ebrket gjinis\u00eb, numrit dhe rastit. Ata gjithashtu kan\u00eb forma krahasuese dhe superlative p\u00ebr t\u00eb shprehur shkall\u00eb t\u00eb ndryshme cil\u00ebsish. P\u00ebr m\u00eb tep\u00ebr, shum\u00eb ndajfolje rrjedhin nga mbiemrat thjesht duke shtuar prapashtes\u00ebn &#8216;-\u0430&#8217; p\u00ebr mashkullin dhe &#8216;-\u044b&#8217; p\u00ebr fem\u00ebrore.<\/p>\n\n\n\n<p>Gjuha bjelloruse p\u00ebrmban gjithashtu nj\u00eb grup magjeps\u00ebs lidhjesh, parafjal\u00ebsh, numrash dhe grimcash p\u00ebr t&#8217;ju ndihmuar t\u00eb krijoni fjali t\u00eb p\u00ebrpunuara dhe ekspresive. Me praktik\u00eb t\u00eb mjaftueshme, s\u00eb shpejti do t\u00eb jeni n\u00eb gjendje t&#8217;i thurni fjal\u00ebt tuaja s\u00eb bashku si nj\u00eb fjal\u00ebb\u00ebr\u00ebs i v\u00ebrtet\u00eb bjellorus.<\/p>\n\n\n\n<h3 class=\"wp-block-heading\" id=\"h-in-closing-the-magic-of-belarusian-grammar\">N\u00eb mbyllje: Magjia e gramatik\u00ebs bjelloruse<\/h3>\n\n\n\n<p>N\u00eb shikim t\u00eb par\u00eb, <a href=\"https:\/\/talkpal.ai\/sq\/gramatika\/\">gramatika<\/a> bjelloruse mund t\u00eb duket e frikshme. Megjithat\u00eb, nd\u00ebrsa g\u00ebrmoni m\u00eb thell\u00eb n\u00eb sixhaden\u00eb e saj t\u00eb pasur t\u00eb rasteve, aspekteve dhe \u00e7uditshm\u00ebrive t\u00eb tjera gjuh\u00ebsore, do t\u00eb zbuloni nj\u00eb gjuh\u00eb plot thell\u00ebsi, nuanca dhe ekspresivitet. P\u00ebrqafimi i sfid\u00ebs s\u00eb gramatik\u00ebs bjelloruse jo vet\u00ebm q\u00eb do t&#8217;ju ofroj\u00eb nj\u00eb kuptim m\u00eb t\u00eb madh t\u00eb familjes sllave n\u00eb p\u00ebrgjith\u00ebsi, por gjithashtu do t&#8217;ju jap\u00eb akses n\u00eb nj\u00eb kultur\u00eb t\u00eb bukur dhe t\u00eb gjall\u00eb q\u00eb pret eksplorimin tuaj.<\/p>\n\n\n\n<p>Tani, i armatosur me nj\u00eb kuptim t\u00eb ri t\u00eb gramatik\u00ebs bjelloruse, pse t\u00eb mos zhyteni m\u00eb thell\u00eb n\u00eb k\u00ebt\u00eb gjuh\u00eb magjeps\u00ebse? Kush e di &#8211; ndoshta nj\u00eb dit\u00eb, do ta gjeni veten duke sh\u00ebtitur n\u00ebp\u00ebr rrug\u00ebt e Minskut, duke biseduar pa mundim me vendasit n\u00eb gjuh\u00ebn e tyre amtare. G\u00ebzuar m\u00ebsimin!<\/p>\n<\/div><\/div>\n\r\n<section class=\"learnNavigationSection\">\r\n            \r\n        <a href=\"https:\/\/talkpal.ai\/sq\/meso-bjellorusishten\/\">\r\n            <div class=\"learnNavigationWrapper\">\r\n                <div class=\"learnNavigationContent\">\r\n                    <img decoding=\"async\" src=\"https:\/\/talkpal.ai\/wp-content\/uploads\/2024\/08\/Belarusian.jpg\" alt=\"Belarusian Flag\">\r\n                    <div>\r\n                        <h4>Rreth m\u00ebsimit bjellorus<\/h4>\r\n                        <p>M\u00ebsoni gjith\u00e7ka rreth gramatik\u00ebs bjelloruse.<\/p>\r\n                    <\/div>\r\n                <\/div>\r\n            <\/div>\r\n        <\/a>\r\n\r\n        \r\n        <a href=\"https:\/\/talkpal.ai\/sq\/ushtrimet-e-gramatikes-bjelloruse\/\">\r\n            <div class=\"learnNavigationWrapper\">\r\n                <div class=\"learnNavigationContent\">\r\n                    <img decoding=\"async\" src=\"https:\/\/talkpal.ai\/wp-content\/uploads\/2024\/08\/Belarusian.jpg\" alt=\"Belarusian Flag\">\r\n                    <div>\r\n                        <h4>Ushtrimi i gramatik\u00ebs bjelloruse<\/h4>\r\n                        <p>Praktikoni gramatik\u00ebn bjelloruse.<\/p>\r\n                    <\/div>\r\n                <\/div>\r\n            <\/div>\r\n        <\/a>\r\n\r\n        \r\n        <a href=\"https:\/\/talkpal.ai\/vocabulary_language\/belarusian\/\">\r\n            <div class=\"learnNavigationWrapper\">\r\n                <div class=\"learnNavigationContent\">\r\n                    <img decoding=\"async\" src=\"https:\/\/talkpal.ai\/wp-content\/uploads\/2024\/08\/Belarusian.jpg\" alt=\"Belarusian Flag\">\r\n                    <div>\r\n                        <h4>Fjalori bjellorus<\/h4>\r\n                        <p>Zgjeroni fjalorin tuaj bjellorus.<\/p>\r\n                    <\/div>\r\n                <\/div>\r\n            <\/div>\r\n        <\/a>\r\n\r\n            <\/section>","protected":false},"excerpt":{"rendered":"<p>Gramatika bjelloruse: Nj\u00eb v\u00ebshtrim m\u00eb i af\u00ebrt n\u00eb nd\u00ebrlikimet e gjuh\u00ebs sllave A jeni nj\u00eb poliglot aspirues me nj\u00eb magjepsje p\u00ebr gjuh\u00ebt sllave? Apo ndoshta jeni thjesht kurioz p\u00ebr nd\u00ebrlikimet gramatikore t\u00eb gjuh\u00ebve nga ky rajon interesant? N\u00ebse po, shtr\u00ebngohuni! N\u00eb k\u00ebt\u00eb artikull, ne do t\u00eb eksplorojm\u00eb bot\u00ebn e mrekullueshme t\u00eb gramatik\u00ebs bjelloruse, nj\u00eb an\u00ebtar [&hellip;]<\/p>\n","protected":false},"author":1,"featured_media":1444175,"parent":0,"menu_order":0,"comment_status":"closed","ping_status":"closed","template":"LearningContentPage.php","meta":{"_acf_changed":false,"footnotes":""},"class_list":["post-1444174","page","type-page","status-publish","has-post-thumbnail","hentry"],"acf":[],"yoast_head":"<!-- This site is optimized with the Yoast SEO Premium plugin v27.2 (Yoast SEO v27.2) - https:\/\/yoast.com\/product\/yoast-seo-premium-wordpress\/ -->\n<title>Gramatika Bjelloruse - Talkpal<\/title>\n<meta name=\"description\" content=\"Zot\u00ebroni gramatik\u00ebn bjelloruse pa mundim me TalkPal, m\u00ebsuesin tuaj t\u00eb gjuh\u00ebs me AI. Merrni shpjegime t\u00eb qarta, k\u00ebshilla t\u00eb dobishme dhe ushtrime interaktive!\" \/>\n<meta name=\"robots\" content=\"index, follow, max-snippet:-1, max-image-preview:large, max-video-preview:-1\" \/>\n<link rel=\"canonical\" href=\"https:\/\/talkpal.ai\/sq\/gramatika-bjelloruse\/\" \/>\n<meta property=\"og:locale\" content=\"sq_AL\" \/>\n<meta property=\"og:type\" content=\"article\" \/>\n<meta property=\"og:title\" content=\"Gramatika Bjelloruse\" \/>\n<meta property=\"og:description\" content=\"Gramatika bjelloruse: Nj\u00eb v\u00ebshtrim m\u00eb i af\u00ebrt n\u00eb nd\u00ebrlikimet e gjuh\u00ebs sllave A jeni nj\u00eb poliglot aspirues me nj\u00eb magjepsje p\u00ebr gjuh\u00ebt sllave? Apo ndoshta\" \/>\n<meta property=\"og:url\" content=\"https:\/\/talkpal.ai\/sq\/gramatika-bjelloruse\/\" \/>\n<meta property=\"og:site_name\" content=\"Talkpal\" \/>\n<meta property=\"article:publisher\" content=\"https:\/\/www.facebook.com\/profile.php?id=100090733639311\" \/>\n<meta property=\"article:modified_time\" content=\"2025-09-06T19:23:57+00:00\" \/>\n<meta property=\"og:image\" content=\"https:\/\/talkpal.ai\/wp-content\/uploads\/2023\/05\/belarus.png\" \/>\n\t<meta property=\"og:image:width\" content=\"512\" \/>\n\t<meta property=\"og:image:height\" content=\"512\" \/>\n\t<meta property=\"og:image:type\" content=\"image\/png\" \/>\n<meta name=\"twitter:card\" content=\"summary_large_image\" \/>\n<meta name=\"twitter:site\" content=\"@talkpalai\" \/>\n<meta name=\"twitter:label1\" content=\"Est. reading time\" \/>\n\t<meta name=\"twitter:data1\" content=\"4 minutes\" \/>\n<script type=\"application\/ld+json\" class=\"yoast-schema-graph\">{\"@context\":\"https:\/\/schema.org\",\"@graph\":[{\"@type\":\"WebPage\",\"@id\":\"https:\/\/talkpal.ai\/sq\/gramatika-bjelloruse\/\",\"url\":\"https:\/\/talkpal.ai\/sq\/gramatika-bjelloruse\/\",\"name\":\"Gramatika Bjelloruse - Talkpal\",\"isPartOf\":{\"@id\":\"https:\/\/talkpal.ai\/sq\/#website\"},\"primaryImageOfPage\":{\"@id\":\"https:\/\/talkpal.ai\/sq\/gramatika-bjelloruse\/#primaryimage\"},\"image\":{\"@id\":\"https:\/\/talkpal.ai\/sq\/gramatika-bjelloruse\/#primaryimage\"},\"thumbnailUrl\":\"https:\/\/talkpal.ai\/wp-content\/uploads\/2023\/05\/belarus.png\",\"datePublished\":\"2023-05-14T13:59:42+00:00\",\"dateModified\":\"2025-09-06T19:23:57+00:00\",\"description\":\"Zot\u00ebroni gramatik\u00ebn bjelloruse pa mundim me TalkPal, m\u00ebsuesin tuaj t\u00eb gjuh\u00ebs me AI. Merrni shpjegime t\u00eb qarta, k\u00ebshilla t\u00eb dobishme dhe ushtrime interaktive!\",\"breadcrumb\":{\"@id\":\"https:\/\/talkpal.ai\/sq\/gramatika-bjelloruse\/#breadcrumb\"},\"inLanguage\":\"sq-AL\",\"potentialAction\":[{\"@type\":\"ReadAction\",\"target\":[\"https:\/\/talkpal.ai\/sq\/gramatika-bjelloruse\/\"]}]},{\"@type\":\"ImageObject\",\"inLanguage\":\"sq-AL\",\"@id\":\"https:\/\/talkpal.ai\/sq\/gramatika-bjelloruse\/#primaryimage\",\"url\":\"https:\/\/talkpal.ai\/wp-content\/uploads\/2023\/05\/belarus.png\",\"contentUrl\":\"https:\/\/talkpal.ai\/wp-content\/uploads\/2023\/05\/belarus.png\",\"width\":512,\"height\":512,\"caption\":\"TalkPal Belarus Flag\"},{\"@type\":\"BreadcrumbList\",\"@id\":\"https:\/\/talkpal.ai\/sq\/gramatika-bjelloruse\/#breadcrumb\",\"itemListElement\":[{\"@type\":\"ListItem\",\"position\":1,\"name\":\"Homepage\",\"item\":\"https:\/\/talkpal.ai\/sq\/\"},{\"@type\":\"ListItem\",\"position\":2,\"name\":\"Gramatika Bjelloruse\"}]},{\"@type\":\"WebSite\",\"@id\":\"https:\/\/talkpal.ai\/sq\/#website\",\"url\":\"https:\/\/talkpal.ai\/sq\/\",\"name\":\"Talkpal\",\"description\":\"AI Language Learning\",\"publisher\":{\"@id\":\"https:\/\/talkpal.ai\/sq\/#organization\"},\"alternateName\":\"Talkpal AI\",\"potentialAction\":[{\"@type\":\"SearchAction\",\"target\":{\"@type\":\"EntryPoint\",\"urlTemplate\":\"https:\/\/talkpal.ai\/sq\/?s={search_term_string}\"},\"query-input\":{\"@type\":\"PropertyValueSpecification\",\"valueRequired\":true,\"valueName\":\"search_term_string\"}}],\"inLanguage\":\"sq-AL\"},{\"@type\":\"Organization\",\"@id\":\"https:\/\/talkpal.ai\/sq\/#organization\",\"name\":\"Talkpal, Inc.\",\"alternateName\":\"Talkpal AI\",\"url\":\"https:\/\/talkpal.ai\/sq\/\",\"logo\":{\"@type\":\"ImageObject\",\"inLanguage\":\"sq-AL\",\"@id\":\"https:\/\/talkpal.ai\/sq\/#\/schema\/logo\/image\/\",\"url\":\"https:\/\/talkpal.ai\/wp-content\/uploads\/2024\/03\/Talkpal-Logo-Icon.png\",\"contentUrl\":\"https:\/\/talkpal.ai\/wp-content\/uploads\/2024\/03\/Talkpal-Logo-Icon.png\",\"width\":2880,\"height\":2880,\"caption\":\"Talkpal, Inc.\"},\"image\":{\"@id\":\"https:\/\/talkpal.ai\/sq\/#\/schema\/logo\/image\/\"},\"sameAs\":[\"https:\/\/www.facebook.com\/profile.php?id=100090733639311\",\"https:\/\/x.com\/talkpalai\",\"https:\/\/www.linkedin.com\/company\/talkpal\/\",\"https:\/\/www.youtube.com\/@TalkPal\/\",\"https:\/\/www.tiktok.com\/@talkpal\",\"https:\/\/www.instagram.com\/talkpal_ai\/\",\"https:\/\/www.crunchbase.com\/organization\/talkpal-9cde\",\"https:\/\/www.g2.com\/products\/talkpal-for-business\/\",\"https:\/\/www.trustpilot.com\/review\/talkpal.ai\",\"https:\/\/www.capterra.com\/p\/10006800\/TalkPal\/\"],\"description\":\"Talkpal is a language learning web and mobile education app, powered by the latest AI technologies, that provides engaging experiences to its customers in many different languages to help them improve their language skills. Users can chat about unlimited amount of topics with the app and use other modes to practice their language learning.\",\"email\":\"support@talkpal.ai\",\"legalName\":\"Talkpal, Inc.\",\"foundingDate\":\"2023-04-03\",\"duns\":\"118989042\",\"numberOfEmployees\":{\"@type\":\"QuantitativeValue\",\"minValue\":\"11\",\"maxValue\":\"50\"},\"publishingPrinciples\":\"https:\/\/talkpal.ai\/publishing-principles\/\",\"actionableFeedbackPolicy\":\"https:\/\/talkpal.ai\/actionable-feedback-policy\/\",\"correctionsPolicy\":\"https:\/\/talkpal.ai\/corrections-policy\/\",\"ethicsPolicy\":\"https:\/\/talkpal.ai\/ethics-policy\/\",\"diversityPolicy\":\"https:\/\/talkpal.ai\/diversity-policy\/\",\"diversityStaffingReport\":\"https:\/\/talkpal.ai\/diversity-policy\/\"}]}<\/script>\n<!-- \/ Yoast SEO Premium plugin. -->","yoast_head_json":{"title":"Gramatika Bjelloruse - Talkpal","description":"Zot\u00ebroni gramatik\u00ebn bjelloruse pa mundim me TalkPal, m\u00ebsuesin tuaj t\u00eb gjuh\u00ebs me AI. Merrni shpjegime t\u00eb qarta, k\u00ebshilla t\u00eb dobishme dhe ushtrime interaktive!","robots":{"index":"index","follow":"follow","max-snippet":"max-snippet:-1","max-image-preview":"max-image-preview:large","max-video-preview":"max-video-preview:-1"},"canonical":"https:\/\/talkpal.ai\/sq\/gramatika-bjelloruse\/","og_locale":"sq_AL","og_type":"article","og_title":"Gramatika Bjelloruse","og_description":"Gramatika bjelloruse: Nj\u00eb v\u00ebshtrim m\u00eb i af\u00ebrt n\u00eb nd\u00ebrlikimet e gjuh\u00ebs sllave A jeni nj\u00eb poliglot aspirues me nj\u00eb magjepsje p\u00ebr gjuh\u00ebt sllave? Apo ndoshta","og_url":"https:\/\/talkpal.ai\/sq\/gramatika-bjelloruse\/","og_site_name":"Talkpal","article_publisher":"https:\/\/www.facebook.com\/profile.php?id=100090733639311","article_modified_time":"2025-09-06T19:23:57+00:00","og_image":[{"width":512,"height":512,"url":"https:\/\/talkpal.ai\/wp-content\/uploads\/2023\/05\/belarus.png","type":"image\/png"}],"twitter_card":"summary_large_image","twitter_site":"@talkpalai","twitter_misc":{"Est. reading time":"4 minutes"},"schema":{"@context":"https:\/\/schema.org","@graph":[{"@type":"WebPage","@id":"https:\/\/talkpal.ai\/sq\/gramatika-bjelloruse\/","url":"https:\/\/talkpal.ai\/sq\/gramatika-bjelloruse\/","name":"Gramatika Bjelloruse - Talkpal","isPartOf":{"@id":"https:\/\/talkpal.ai\/sq\/#website"},"primaryImageOfPage":{"@id":"https:\/\/talkpal.ai\/sq\/gramatika-bjelloruse\/#primaryimage"},"image":{"@id":"https:\/\/talkpal.ai\/sq\/gramatika-bjelloruse\/#primaryimage"},"thumbnailUrl":"https:\/\/talkpal.ai\/wp-content\/uploads\/2023\/05\/belarus.png","datePublished":"2023-05-14T13:59:42+00:00","dateModified":"2025-09-06T19:23:57+00:00","description":"Zot\u00ebroni gramatik\u00ebn bjelloruse pa mundim me TalkPal, m\u00ebsuesin tuaj t\u00eb gjuh\u00ebs me AI. Merrni shpjegime t\u00eb qarta, k\u00ebshilla t\u00eb dobishme dhe ushtrime interaktive!","breadcrumb":{"@id":"https:\/\/talkpal.ai\/sq\/gramatika-bjelloruse\/#breadcrumb"},"inLanguage":"sq-AL","potentialAction":[{"@type":"ReadAction","target":["https:\/\/talkpal.ai\/sq\/gramatika-bjelloruse\/"]}]},{"@type":"ImageObject","inLanguage":"sq-AL","@id":"https:\/\/talkpal.ai\/sq\/gramatika-bjelloruse\/#primaryimage","url":"https:\/\/talkpal.ai\/wp-content\/uploads\/2023\/05\/belarus.png","contentUrl":"https:\/\/talkpal.ai\/wp-content\/uploads\/2023\/05\/belarus.png","width":512,"height":512,"caption":"TalkPal Belarus Flag"},{"@type":"BreadcrumbList","@id":"https:\/\/talkpal.ai\/sq\/gramatika-bjelloruse\/#breadcrumb","itemListElement":[{"@type":"ListItem","position":1,"name":"Homepage","item":"https:\/\/talkpal.ai\/sq\/"},{"@type":"ListItem","position":2,"name":"Gramatika Bjelloruse"}]},{"@type":"WebSite","@id":"https:\/\/talkpal.ai\/sq\/#website","url":"https:\/\/talkpal.ai\/sq\/","name":"Talkpal","description":"AI Language Learning","publisher":{"@id":"https:\/\/talkpal.ai\/sq\/#organization"},"alternateName":"Talkpal AI","potentialAction":[{"@type":"SearchAction","target":{"@type":"EntryPoint","urlTemplate":"https:\/\/talkpal.ai\/sq\/?s={search_term_string}"},"query-input":{"@type":"PropertyValueSpecification","valueRequired":true,"valueName":"search_term_string"}}],"inLanguage":"sq-AL"},{"@type":"Organization","@id":"https:\/\/talkpal.ai\/sq\/#organization","name":"Talkpal, Inc.","alternateName":"Talkpal AI","url":"https:\/\/talkpal.ai\/sq\/","logo":{"@type":"ImageObject","inLanguage":"sq-AL","@id":"https:\/\/talkpal.ai\/sq\/#\/schema\/logo\/image\/","url":"https:\/\/talkpal.ai\/wp-content\/uploads\/2024\/03\/Talkpal-Logo-Icon.png","contentUrl":"https:\/\/talkpal.ai\/wp-content\/uploads\/2024\/03\/Talkpal-Logo-Icon.png","width":2880,"height":2880,"caption":"Talkpal, Inc."},"image":{"@id":"https:\/\/talkpal.ai\/sq\/#\/schema\/logo\/image\/"},"sameAs":["https:\/\/www.facebook.com\/profile.php?id=100090733639311","https:\/\/x.com\/talkpalai","https:\/\/www.linkedin.com\/company\/talkpal\/","https:\/\/www.youtube.com\/@TalkPal\/","https:\/\/www.tiktok.com\/@talkpal","https:\/\/www.instagram.com\/talkpal_ai\/","https:\/\/www.crunchbase.com\/organization\/talkpal-9cde","https:\/\/www.g2.com\/products\/talkpal-for-business\/","https:\/\/www.trustpilot.com\/review\/talkpal.ai","https:\/\/www.capterra.com\/p\/10006800\/TalkPal\/"],"description":"Talkpal is a language learning web and mobile education app, powered by the latest AI technologies, that provides engaging experiences to its customers in many different languages to help them improve their language skills. Users can chat about unlimited amount of topics with the app and use other modes to practice their language learning.","email":"support@talkpal.ai","legalName":"Talkpal, Inc.","foundingDate":"2023-04-03","duns":"118989042","numberOfEmployees":{"@type":"QuantitativeValue","minValue":"11","maxValue":"50"},"publishingPrinciples":"https:\/\/talkpal.ai\/publishing-principles\/","actionableFeedbackPolicy":"https:\/\/talkpal.ai\/actionable-feedback-policy\/","correctionsPolicy":"https:\/\/talkpal.ai\/corrections-policy\/","ethicsPolicy":"https:\/\/talkpal.ai\/ethics-policy\/","diversityPolicy":"https:\/\/talkpal.ai\/diversity-policy\/","diversityStaffingReport":"https:\/\/talkpal.ai\/diversity-policy\/"}]}},"_links":{"self":[{"href":"https:\/\/talkpal.ai\/sq\/wp-json\/wp\/v2\/pages\/1444174","targetHints":{"allow":["GET"]}}],"collection":[{"href":"https:\/\/talkpal.ai\/sq\/wp-json\/wp\/v2\/pages"}],"about":[{"href":"https:\/\/talkpal.ai\/sq\/wp-json\/wp\/v2\/types\/page"}],"author":[{"embeddable":true,"href":"https:\/\/talkpal.ai\/sq\/wp-json\/wp\/v2\/users\/1"}],"replies":[{"embeddable":true,"href":"https:\/\/talkpal.ai\/sq\/wp-json\/wp\/v2\/comments?post=1444174"}],"version-history":[{"count":0,"href":"https:\/\/talkpal.ai\/sq\/wp-json\/wp\/v2\/pages\/1444174\/revisions"}],"wp:featuredmedia":[{"embeddable":true,"href":"https:\/\/talkpal.ai\/sq\/wp-json\/wp\/v2\/media\/1444175"}],"wp:attachment":[{"href":"https:\/\/talkpal.ai\/sq\/wp-json\/wp\/v2\/media?parent=1444174"}],"curies":[{"name":"wp","href":"https:\/\/api.w.org\/{rel}","templated":true}]}}