{"id":1444171,"date":"2023-05-14T13:53:48","date_gmt":"2023-05-14T13:53:48","guid":{"rendered":"https:\/\/talkpal.ai\/gramatika-e-azerbajxhanit\/"},"modified":"2025-09-06T19:23:56","modified_gmt":"2025-09-06T19:23:56","slug":"gramatika-e-azerbajxhanit","status":"publish","type":"page","link":"https:\/\/talkpal.ai\/sq\/gramatika-e-azerbajxhanit\/","title":{"rendered":"Gramatika e Azerbajxhanit"},"content":{"rendered":"\r\n\r\n\r\n<section class=\"languageChallengeSection\">\r\n    <div class=\"languageInfoWrapper\">\r\n        \r\n        <h1>Gramatika e Azerbajxhanit<\/h1>\r\n        <p>Gati p\u00ebr t\u00eb zhbllokuar bukurin\u00eb e gjuh\u00ebs azerbajxhanase? Zhytuni n\u00eb gramatik\u00ebn azerbajxhanase dhe zbuloni struktur\u00ebn e saj unike, nga harmonia zanore deri te format shpreh\u00ebse t\u00eb foljeve. Filloni t\u00eb m\u00ebsoni sot dhe p\u00ebrjetoni se si zot\u00ebrimi i gramatik\u00ebs me t\u00eb v\u00ebrtet\u00eb ju hap rrug\u00ebn drejt bised\u00ebs s\u00eb rrjedhshme dhe nj\u00eb kuptimi m\u00eb t\u00eb thell\u00eb t\u00eb kultur\u00ebs azerbajxhanase!<\/p>\r\n\r\n                            <a class=\"getStartedHidden\" href=\"https:\/\/app.talkpal.ai\/signup?lng=\">Filloni<\/a>\r\n        \r\n    <\/div>\r\n\r\n    <figure>\r\n    <img decoding=\"async\" width=\"768\" height=\"768\" src=\"https:\/\/talkpal.ai\/wp-content\/uploads\/2023\/06\/azerbaijani-768x768.png\" class=\"languageImage no-lazy\" alt=\"Language learning for enhanced cognitive skills\" fetchpriority=\"high\" sizes=\"(max-width: 768px) 150px, 768px\" srcset=\"https:\/\/talkpal.ai\/wp-content\/uploads\/2023\/06\/azerbaijani-768x768.png 768w, https:\/\/talkpal.ai\/wp-content\/uploads\/2023\/06\/azerbaijani-300x300.png 300w\" \/>\r\n    \r\n\r\n    <\/figure>\r\n\r\n            <a class=\"getStartedVisible\" href=\"https:\/\/app.talkpal.ai\/signup?lng=\">Filloni<\/a>\r\n    \r\n<\/section>\r\n<section class=\"promotionalBanner\">\r\n    <p class=\"promotionalText\">M\u00ebnyra m\u00eb efikase p\u00ebr t\u00eb m\u00ebsuar nj\u00eb gjuh\u00eb<\/p>\r\n    <a class=\"promotionalLink\" href=\"https:\/\/app.talkpal.ai\/signup?lng=\">Provoni Talkpal falas<\/a>\r\n<\/section>\n<div class=\"wp-block-group pageContainerStyle\"><div class=\"wp-block-group__inner-container is-layout-constrained wp-block-group-is-layout-constrained\">\n<h2 class=\"wp-block-heading\" id=\"h-a-comprehensive-guide-to-azerbaijani-grammar\">Nj\u00eb udh\u00ebzues gjith\u00ebp\u00ebrfshir\u00ebs p\u00ebr gramatik\u00ebn azerbajxhanase<\/h2>\n\n\n\n<p>A keni menduar ndonj\u00ebher\u00eb t\u00eb m\u00ebsoni gjuh\u00ebn azerbajxhanishte? Si gjuha zyrtare e Azerbajxhanit dhe e folur nga miliona njer\u00ebz n\u00eb rajonin e Kaukazit, azerbajxhanishtja \u00ebsht\u00eb nj\u00eb gjuh\u00eb unike dhe magjeps\u00ebse. Me nj\u00eb histori t\u00eb pasur, kultur\u00eb t\u00eb larmishme dhe nj\u00eb p\u00ebrzierje ndikimesh nga gjuh\u00ebt turke, <a href=\"https:\/\/talkpal.ai\/locations\/language-courses-in-ruse\/\">ruse<\/a> dhe persiane, azerbajxhanishtja ofron nj\u00eb p\u00ebrvoj\u00eb unike gjuh\u00ebsore. Por mos kini frik\u00eb, miku im! N\u00eb k\u00ebt\u00eb artikull, ne do t\u00eb zbulojm\u00eb mrekullit\u00eb e gramatik\u00ebs azerbajxhanase, duke e b\u00ebr\u00eb at\u00eb t\u00eb aksesueshme dhe guxoj t\u00eb them, t\u00eb k\u00ebndshme p\u00ebr entuziast\u00ebt e gjuh\u00ebs si ju.<\/p>\n\n\n\n<p><strong>Le t\u00eb fillojm\u00eb, apo jo?<\/strong><\/p>\n\n\n\n<h3 class=\"wp-block-heading\" id=\"h-1-the-azerbaijani-alphabet-a-fusion-of-beauty-and-simplicity\">1. Alfabeti i Azerbajxhanit: Nj\u00eb shkrirje e bukuris\u00eb dhe thjesht\u00ebsis\u00eb<\/h3>\n\n\n\n<p>Alfabeti azerbajxhanas bazohet n\u00eb shkrimin latin, i p\u00ebrb\u00ebr\u00eb nga 32 shkronja. Mos u shqet\u00ebsoni, nuk do t&#8217;ju duhet t\u00eb deshifroni karaktere t\u00eb fshehta, pasi i ngjan shum\u00eb alfabetit anglez. Disa shkronja, megjithat\u00eb, kan\u00eb thekse unike dhe shenja diakritike p\u00ebr t\u00eb p\u00ebrfaq\u00ebsuar tingujt specifik\u00eb t\u00eb Azerbajxhanit. Cila \u00ebsht\u00eb marrja kryesore? Zot\u00ebrimi i alfabetit \u00ebsht\u00eb hapi i par\u00eb i vog\u00ebl por thelb\u00ebsor n\u00eb m\u00ebsimin e gjuh\u00ebs.<\/p>\n\n\n\n<h3 class=\"wp-block-heading\" id=\"h-2-word-order-simple-as-s-o-v\">2. Rendi i fjal\u00ebve: E thjesht\u00eb si S-O-V!<\/h3>\n\n\n\n<p>Ndryshe nga anglishtja, e cila ndjek nj\u00eb rend fjal\u00ebsh subjekt-folje-objekt (SVO), Azerbajxhanishtja \u00ebsht\u00eb nj\u00eb gjuh\u00eb SOV. Kjo do t\u00eb thot\u00eb q\u00eb zakonisht do ta gjeni subjektin n\u00eb fillim t\u00eb nj\u00eb fjalie, t\u00eb ndjekur nga objekti dhe q\u00eb p\u00ebrfundon me foljen. Kjo mund t\u00eb duket pak e \u00e7uditshme n\u00eb fillim, por m\u00eb besoni, do ta kuptoni at\u00eb n\u00eb nj\u00eb koh\u00eb t\u00eb shkurt\u00ebr! P\u00ebr shembull, n\u00eb <a href=\"https:\/\/talkpal.ai\/learn-english-with-ai\/\">anglisht<\/a>, themi &#8220;Un\u00eb e dua Azerbajxhanin&#8221;. N\u00eb <a href=\"https:\/\/talkpal.ai\/learn-azerbaijani\/\">azerbajxhanisht<\/a>, fjalia do t\u00eb ishte &#8220;M\u0259n Az\u0259rbaycan\u0131 sevir\u0259m&#8221; (fjal\u00eb p\u00ebr fjal\u00eb, &#8220;Un\u00eb dua Azerbajxhani&#8221;). Cop\u00eb tort\u00eb, apo jo?<\/p>\n\n\n\n<h3 class=\"wp-block-heading\" id=\"h-3-noun-cases-a-colorful-display-of-linguistic-variety\">3. Rastet e emrave: Nj\u00eb shfaqje shum\u00ebngjyr\u00ebshe e shum\u00ebllojshm\u00ebris\u00eb gjuh\u00ebsore<\/h3>\n\n\n\n<p>Nj\u00eb nga tiparet m\u00eb t\u00eb habitshme t\u00eb gramatik\u00ebs azerbajxhanase jan\u00eb rastet e emrave t\u00eb saj. Gjuha krenohet me gjasht\u00eb raste t\u00eb dallueshme, secila sh\u00ebrben p\u00ebr nj\u00eb funksion specifik. K\u00ebto jan\u00eb: nominative, gjenitive, dative, akuzative, locative dhe ablative. Tani, kjo mund t\u00eb ting\u00eblloj\u00eb frik\u00ebsuese, por mos kini frik\u00eb! Ashtu si pikturimi i nj\u00eb pikture me ngjyra t\u00eb ndryshme, k\u00ebto raste i shtojn\u00eb thell\u00ebsi dhe kuptim fjalive tuaja. P\u00ebr shembull, &#8220;kitab&#8221; (libri) mund t\u00eb shnd\u00ebrrohet n\u00eb &#8220;kitab\u0131n&#8221; (t\u00eb librit) p\u00ebr t\u00eb p\u00ebrcjell\u00eb zot\u00ebrimin. Nd\u00ebrsa gradualisht njiheni me k\u00ebto raste, do t\u00eb filloni t\u00eb vler\u00ebsoni r\u00ebnd\u00ebsin\u00eb e <a href=\"https:\/\/talkpal.ai\/locations\/language-courses-in-tyre\/\">tyre<\/a> n\u00eb gjuh\u00eb.<\/p>\n\n\n\n<h3 class=\"wp-block-heading\" id=\"h-4-verb-conjugation-express-yourself-with-ease\">4. Konjugimi i foljes: Shprehuni me leht\u00ebsi<\/h3>\n\n\n\n<p>Foljet azerbajxhanase jan\u00eb t\u00eb pasura dhe ekspresive, duke ju lejuar t\u00eb p\u00ebrcillni nj\u00eb gam\u00eb t\u00eb gjer\u00eb veprimesh, emocionesh, q\u00ebllimesh dhe m\u00eb shum\u00eb. \u00c7el\u00ebsi p\u00ebr t\u00eb zot\u00ebruar konjugimin e foljes s\u00eb Azerbajxhanit q\u00ebndron n\u00eb t\u00eb kuptuarit e form\u00ebs s\u00eb pafundme (forma themelore, e pakonjuguar e foljes) dhe prapashteshave t\u00eb ndryshme q\u00eb tregojn\u00eb koh\u00ebn, personin dhe numrin. P\u00ebr shembull, infinitivi &#8220;g\u00f6rm\u0259k&#8221; (t\u00eb shoh\u00ebsh) mund t\u00eb b\u00ebhet &#8220;g\u00f6r\u00fcr\u0259m&#8221; (shoh) ose &#8220;g\u00f6rd\u00fcm&#8221; (pash\u00eb) p\u00ebrmes magjis\u00eb s\u00eb konjugimit. Praktika e b\u00ebn t\u00eb p\u00ebrsosur, k\u00ebshtu q\u00eb vazhdoni dhe do t\u00eb jeni nj\u00eb whiz i konjugimit t\u00eb foljeve n\u00eb nj\u00eb koh\u00eb t\u00eb shkurt\u00ebr!<\/p>\n\n\n\n<h3 class=\"wp-block-heading\" id=\"h-5-it-s-all-about-the-context-dig-deep-into-the-azerbaijani-mindset\">5. Gjith\u00e7ka ka t\u00eb b\u00ebj\u00eb me kontekstin: G\u00ebrmoni thell\u00eb n\u00eb mentalitetin e Azerbajxhanit!<\/h3>\n\n\n\n<p>Nd\u00ebrsa filloni t\u00eb bashkoni fjali dhe t\u00eb zhyteni n\u00eb gjuh\u00ebn azerbajxhanase, mbani gjithmon\u00eb n\u00eb mend se konteksti \u00ebsht\u00eb thelb\u00ebsor. Kultura, historia dhe bot\u00ebkuptimi i Azerbajxhanit luajn\u00eb nj\u00eb rol t\u00eb madh n\u00eb form\u00ebsimin e gjuh\u00ebs. Prandaj, si\u00e7 thon\u00eb ata, &#8220;kur jeni n\u00eb Rom\u00eb, b\u00ebni si\u00e7 b\u00ebjn\u00eb romak\u00ebt&#8221;. Zhytuni n\u00eb mentalitetin azerbajxhanas p\u00ebr t\u00eb marr\u00eb nj\u00eb kuptim t\u00eb v\u00ebrtet\u00eb t\u00eb gjuh\u00ebs. Angazhohuni me fol\u00ebsit amtare, eksploroni let\u00ebrsin\u00eb lokale dhe p\u00ebrqafoni idiosinkrazit\u00eb e gjuh\u00ebs. M\u00eb besoni, jo vet\u00ebm q\u00eb do t\u00eb p\u00ebrmir\u00ebsoni aft\u00ebsin\u00eb tuaj gjuh\u00ebsore, por edhe do t\u00eb fitoni p\u00ebrvoja dhe kujtime t\u00eb paharrueshme.<\/p>\n\n\n\n<p>Si p\u00ebrfundim, <a href=\"https:\/\/talkpal.ai\/sq\/gramatika\/\">gramatika<\/a> azerbajxhanase mund t\u00eb duket sfiduese n\u00eb fillim, por me p\u00ebrkushtim, praktik\u00eb dhe nj\u00eb interes t\u00eb madh p\u00ebr kultur\u00ebn, ju do t\u00eb jeni profesionist n\u00eb nj\u00eb koh\u00eb t\u00eb shkurt\u00ebr! Pra, pse t\u00eb presim? Hidhni hapin dhe filloni k\u00ebt\u00eb aventur\u00eb emocionuese gjuh\u00ebsore q\u00eb do t&#8217;ju l\u00ebr\u00eb t\u00eb mahnitur nga bukuria dhe thell\u00ebsia e gjuh\u00ebs azerbajxhanase.<\/p>\n<\/div><\/div>\n\r\n<section class=\"learnNavigationSection\">\r\n            \r\n        <a href=\"https:\/\/talkpal.ai\/sq\/mesoni-azerbajxhanin\/\">\r\n            <div class=\"learnNavigationWrapper\">\r\n                <div class=\"learnNavigationContent\">\r\n                    <img decoding=\"async\" src=\"https:\/\/talkpal.ai\/wp-content\/uploads\/2024\/08\/Azerbaijani.jpg\" alt=\"Azerbaijani Flag\">\r\n                    <div>\r\n                        <h4>Rreth m\u00ebsimit t\u00eb Azerbajxhanit<\/h4>\r\n                        <p>M\u00ebsoni gjith\u00e7ka rreth gramatik\u00ebs azerbajxhanase.<\/p>\r\n                    <\/div>\r\n                <\/div>\r\n            <\/div>\r\n        <\/a>\r\n\r\n        \r\n        <a href=\"https:\/\/talkpal.ai\/sq\/ushtrimet-gramatikore-te-azerbajxhanit\/\">\r\n            <div class=\"learnNavigationWrapper\">\r\n                <div class=\"learnNavigationContent\">\r\n                    <img decoding=\"async\" src=\"https:\/\/talkpal.ai\/wp-content\/uploads\/2024\/08\/Azerbaijani.jpg\" alt=\"Azerbaijani Flag\">\r\n                    <div>\r\n                        <h4>Ushtrimi i gramatik\u00ebs s\u00eb Azerbajxhanit<\/h4>\r\n                        <p>Praktikoni gramatik\u00ebn azerbajxhanase.<\/p>\r\n                    <\/div>\r\n                <\/div>\r\n            <\/div>\r\n        <\/a>\r\n\r\n        \r\n        <a href=\"https:\/\/talkpal.ai\/vocabulary_language\/azerbaijani\/\">\r\n            <div class=\"learnNavigationWrapper\">\r\n                <div class=\"learnNavigationContent\">\r\n                    <img decoding=\"async\" src=\"https:\/\/talkpal.ai\/wp-content\/uploads\/2024\/08\/Azerbaijani.jpg\" alt=\"Azerbaijani Flag\">\r\n                    <div>\r\n                        <h4>Fjalori i Azerbajxhanit<\/h4>\r\n                        <p>Zgjeroni fjalorin tuaj azerbajxhanisht.<\/p>\r\n                    <\/div>\r\n                <\/div>\r\n            <\/div>\r\n        <\/a>\r\n\r\n            <\/section>","protected":false},"excerpt":{"rendered":"<p>Nj\u00eb udh\u00ebzues gjith\u00ebp\u00ebrfshir\u00ebs p\u00ebr gramatik\u00ebn azerbajxhanase A keni menduar ndonj\u00ebher\u00eb t\u00eb m\u00ebsoni gjuh\u00ebn azerbajxhanishte? Si gjuha zyrtare e Azerbajxhanit dhe e folur nga miliona njer\u00ebz n\u00eb rajonin e Kaukazit, azerbajxhanishtja \u00ebsht\u00eb nj\u00eb gjuh\u00eb unike dhe magjeps\u00ebse. Me nj\u00eb histori t\u00eb pasur, kultur\u00eb t\u00eb larmishme dhe nj\u00eb p\u00ebrzierje ndikimesh nga gjuh\u00ebt turke, ruse dhe persiane, azerbajxhanishtja [&hellip;]<\/p>\n","protected":false},"author":1,"featured_media":1442708,"parent":0,"menu_order":0,"comment_status":"closed","ping_status":"closed","template":"LearningContentPage.php","meta":{"_acf_changed":false,"footnotes":""},"class_list":["post-1444171","page","type-page","status-publish","has-post-thumbnail","hentry"],"acf":[],"yoast_head":"<!-- This site is optimized with the Yoast SEO Premium plugin v27.2 (Yoast SEO v27.2) - https:\/\/yoast.com\/product\/yoast-seo-premium-wordpress\/ -->\n<title>Gramatika e Azerbajxhanit - Talkpal<\/title>\n<meta name=\"description\" content=\"Zot\u00ebroni gramatik\u00ebn e Azerbajxhanit pa mundim me TalkPal, tutorin tuaj t\u00eb fuqizuar nga AI. Zbuloni shpjegime t\u00eb thjeshta, ushtrime interaktive dhe k\u00ebshilla praktike\" \/>\n<meta name=\"robots\" content=\"index, follow, max-snippet:-1, max-image-preview:large, max-video-preview:-1\" \/>\n<link rel=\"canonical\" href=\"https:\/\/talkpal.ai\/sq\/gramatika-e-azerbajxhanit\/\" \/>\n<meta property=\"og:locale\" content=\"sq_AL\" \/>\n<meta property=\"og:type\" content=\"article\" \/>\n<meta property=\"og:title\" content=\"Gramatika e Azerbajxhanit\" \/>\n<meta property=\"og:description\" content=\"Nj\u00eb udh\u00ebzues gjith\u00ebp\u00ebrfshir\u00ebs p\u00ebr gramatik\u00ebn azerbajxhanase A keni menduar ndonj\u00ebher\u00eb t\u00eb m\u00ebsoni gjuh\u00ebn azerbajxhanishte? Si gjuha zyrtare e Azerbajxhanit\" \/>\n<meta property=\"og:url\" content=\"https:\/\/talkpal.ai\/sq\/gramatika-e-azerbajxhanit\/\" \/>\n<meta property=\"og:site_name\" content=\"Talkpal\" \/>\n<meta property=\"article:publisher\" content=\"https:\/\/www.facebook.com\/profile.php?id=100090733639311\" \/>\n<meta property=\"article:modified_time\" content=\"2025-09-06T19:23:56+00:00\" \/>\n<meta property=\"og:image\" content=\"https:\/\/talkpal.ai\/wp-content\/uploads\/2023\/05\/azerbaijan.png\" \/>\n\t<meta property=\"og:image:width\" content=\"512\" \/>\n\t<meta property=\"og:image:height\" content=\"512\" \/>\n\t<meta property=\"og:image:type\" content=\"image\/png\" \/>\n<meta name=\"twitter:card\" content=\"summary_large_image\" \/>\n<meta name=\"twitter:site\" content=\"@talkpalai\" \/>\n<meta name=\"twitter:label1\" content=\"Est. reading time\" \/>\n\t<meta name=\"twitter:data1\" content=\"4 minutes\" \/>\n<script type=\"application\/ld+json\" class=\"yoast-schema-graph\">{\"@context\":\"https:\/\/schema.org\",\"@graph\":[{\"@type\":\"WebPage\",\"@id\":\"https:\/\/talkpal.ai\/sq\/gramatika-e-azerbajxhanit\/\",\"url\":\"https:\/\/talkpal.ai\/sq\/gramatika-e-azerbajxhanit\/\",\"name\":\"Gramatika e Azerbajxhanit - Talkpal\",\"isPartOf\":{\"@id\":\"https:\/\/talkpal.ai\/sq\/#website\"},\"primaryImageOfPage\":{\"@id\":\"https:\/\/talkpal.ai\/sq\/gramatika-e-azerbajxhanit\/#primaryimage\"},\"image\":{\"@id\":\"https:\/\/talkpal.ai\/sq\/gramatika-e-azerbajxhanit\/#primaryimage\"},\"thumbnailUrl\":\"https:\/\/talkpal.ai\/wp-content\/uploads\/2023\/05\/azerbaijan.png\",\"datePublished\":\"2023-05-14T13:53:48+00:00\",\"dateModified\":\"2025-09-06T19:23:56+00:00\",\"description\":\"Zot\u00ebroni gramatik\u00ebn e Azerbajxhanit pa mundim me TalkPal, tutorin tuaj t\u00eb fuqizuar nga AI. Zbuloni shpjegime t\u00eb thjeshta, ushtrime interaktive dhe k\u00ebshilla praktike\",\"breadcrumb\":{\"@id\":\"https:\/\/talkpal.ai\/sq\/gramatika-e-azerbajxhanit\/#breadcrumb\"},\"inLanguage\":\"sq-AL\",\"potentialAction\":[{\"@type\":\"ReadAction\",\"target\":[\"https:\/\/talkpal.ai\/sq\/gramatika-e-azerbajxhanit\/\"]}]},{\"@type\":\"ImageObject\",\"inLanguage\":\"sq-AL\",\"@id\":\"https:\/\/talkpal.ai\/sq\/gramatika-e-azerbajxhanit\/#primaryimage\",\"url\":\"https:\/\/talkpal.ai\/wp-content\/uploads\/2023\/05\/azerbaijan.png\",\"contentUrl\":\"https:\/\/talkpal.ai\/wp-content\/uploads\/2023\/05\/azerbaijan.png\",\"width\":512,\"height\":512,\"caption\":\"TalkPal Azerbaijan Flag\"},{\"@type\":\"BreadcrumbList\",\"@id\":\"https:\/\/talkpal.ai\/sq\/gramatika-e-azerbajxhanit\/#breadcrumb\",\"itemListElement\":[{\"@type\":\"ListItem\",\"position\":1,\"name\":\"Homepage\",\"item\":\"https:\/\/talkpal.ai\/sq\/\"},{\"@type\":\"ListItem\",\"position\":2,\"name\":\"Gramatika e Azerbajxhanit\"}]},{\"@type\":\"WebSite\",\"@id\":\"https:\/\/talkpal.ai\/sq\/#website\",\"url\":\"https:\/\/talkpal.ai\/sq\/\",\"name\":\"Talkpal\",\"description\":\"AI Language Learning\",\"publisher\":{\"@id\":\"https:\/\/talkpal.ai\/sq\/#organization\"},\"alternateName\":\"Talkpal AI\",\"potentialAction\":[{\"@type\":\"SearchAction\",\"target\":{\"@type\":\"EntryPoint\",\"urlTemplate\":\"https:\/\/talkpal.ai\/sq\/?s={search_term_string}\"},\"query-input\":{\"@type\":\"PropertyValueSpecification\",\"valueRequired\":true,\"valueName\":\"search_term_string\"}}],\"inLanguage\":\"sq-AL\"},{\"@type\":\"Organization\",\"@id\":\"https:\/\/talkpal.ai\/sq\/#organization\",\"name\":\"Talkpal, Inc.\",\"alternateName\":\"Talkpal AI\",\"url\":\"https:\/\/talkpal.ai\/sq\/\",\"logo\":{\"@type\":\"ImageObject\",\"inLanguage\":\"sq-AL\",\"@id\":\"https:\/\/talkpal.ai\/sq\/#\/schema\/logo\/image\/\",\"url\":\"https:\/\/talkpal.ai\/wp-content\/uploads\/2024\/03\/Talkpal-Logo-Icon.png\",\"contentUrl\":\"https:\/\/talkpal.ai\/wp-content\/uploads\/2024\/03\/Talkpal-Logo-Icon.png\",\"width\":2880,\"height\":2880,\"caption\":\"Talkpal, Inc.\"},\"image\":{\"@id\":\"https:\/\/talkpal.ai\/sq\/#\/schema\/logo\/image\/\"},\"sameAs\":[\"https:\/\/www.facebook.com\/profile.php?id=100090733639311\",\"https:\/\/x.com\/talkpalai\",\"https:\/\/www.linkedin.com\/company\/talkpal\/\",\"https:\/\/www.youtube.com\/@TalkPal\/\",\"https:\/\/www.tiktok.com\/@talkpal\",\"https:\/\/www.instagram.com\/talkpal_ai\/\",\"https:\/\/www.crunchbase.com\/organization\/talkpal-9cde\",\"https:\/\/www.g2.com\/products\/talkpal-for-business\/\",\"https:\/\/www.trustpilot.com\/review\/talkpal.ai\",\"https:\/\/www.capterra.com\/p\/10006800\/TalkPal\/\"],\"description\":\"Talkpal is a language learning web and mobile education app, powered by the latest AI technologies, that provides engaging experiences to its customers in many different languages to help them improve their language skills. Users can chat about unlimited amount of topics with the app and use other modes to practice their language learning.\",\"email\":\"support@talkpal.ai\",\"legalName\":\"Talkpal, Inc.\",\"foundingDate\":\"2023-04-03\",\"duns\":\"118989042\",\"numberOfEmployees\":{\"@type\":\"QuantitativeValue\",\"minValue\":\"11\",\"maxValue\":\"50\"},\"publishingPrinciples\":\"https:\/\/talkpal.ai\/publishing-principles\/\",\"actionableFeedbackPolicy\":\"https:\/\/talkpal.ai\/actionable-feedback-policy\/\",\"correctionsPolicy\":\"https:\/\/talkpal.ai\/corrections-policy\/\",\"ethicsPolicy\":\"https:\/\/talkpal.ai\/ethics-policy\/\",\"diversityPolicy\":\"https:\/\/talkpal.ai\/diversity-policy\/\",\"diversityStaffingReport\":\"https:\/\/talkpal.ai\/diversity-policy\/\"}]}<\/script>\n<!-- \/ Yoast SEO Premium plugin. -->","yoast_head_json":{"title":"Gramatika e Azerbajxhanit - Talkpal","description":"Zot\u00ebroni gramatik\u00ebn e Azerbajxhanit pa mundim me TalkPal, tutorin tuaj t\u00eb fuqizuar nga AI. Zbuloni shpjegime t\u00eb thjeshta, ushtrime interaktive dhe k\u00ebshilla praktike","robots":{"index":"index","follow":"follow","max-snippet":"max-snippet:-1","max-image-preview":"max-image-preview:large","max-video-preview":"max-video-preview:-1"},"canonical":"https:\/\/talkpal.ai\/sq\/gramatika-e-azerbajxhanit\/","og_locale":"sq_AL","og_type":"article","og_title":"Gramatika e Azerbajxhanit","og_description":"Nj\u00eb udh\u00ebzues gjith\u00ebp\u00ebrfshir\u00ebs p\u00ebr gramatik\u00ebn azerbajxhanase A keni menduar ndonj\u00ebher\u00eb t\u00eb m\u00ebsoni gjuh\u00ebn azerbajxhanishte? Si gjuha zyrtare e Azerbajxhanit","og_url":"https:\/\/talkpal.ai\/sq\/gramatika-e-azerbajxhanit\/","og_site_name":"Talkpal","article_publisher":"https:\/\/www.facebook.com\/profile.php?id=100090733639311","article_modified_time":"2025-09-06T19:23:56+00:00","og_image":[{"width":512,"height":512,"url":"https:\/\/talkpal.ai\/wp-content\/uploads\/2023\/05\/azerbaijan.png","type":"image\/png"}],"twitter_card":"summary_large_image","twitter_site":"@talkpalai","twitter_misc":{"Est. reading time":"4 minutes"},"schema":{"@context":"https:\/\/schema.org","@graph":[{"@type":"WebPage","@id":"https:\/\/talkpal.ai\/sq\/gramatika-e-azerbajxhanit\/","url":"https:\/\/talkpal.ai\/sq\/gramatika-e-azerbajxhanit\/","name":"Gramatika e Azerbajxhanit - Talkpal","isPartOf":{"@id":"https:\/\/talkpal.ai\/sq\/#website"},"primaryImageOfPage":{"@id":"https:\/\/talkpal.ai\/sq\/gramatika-e-azerbajxhanit\/#primaryimage"},"image":{"@id":"https:\/\/talkpal.ai\/sq\/gramatika-e-azerbajxhanit\/#primaryimage"},"thumbnailUrl":"https:\/\/talkpal.ai\/wp-content\/uploads\/2023\/05\/azerbaijan.png","datePublished":"2023-05-14T13:53:48+00:00","dateModified":"2025-09-06T19:23:56+00:00","description":"Zot\u00ebroni gramatik\u00ebn e Azerbajxhanit pa mundim me TalkPal, tutorin tuaj t\u00eb fuqizuar nga AI. Zbuloni shpjegime t\u00eb thjeshta, ushtrime interaktive dhe k\u00ebshilla praktike","breadcrumb":{"@id":"https:\/\/talkpal.ai\/sq\/gramatika-e-azerbajxhanit\/#breadcrumb"},"inLanguage":"sq-AL","potentialAction":[{"@type":"ReadAction","target":["https:\/\/talkpal.ai\/sq\/gramatika-e-azerbajxhanit\/"]}]},{"@type":"ImageObject","inLanguage":"sq-AL","@id":"https:\/\/talkpal.ai\/sq\/gramatika-e-azerbajxhanit\/#primaryimage","url":"https:\/\/talkpal.ai\/wp-content\/uploads\/2023\/05\/azerbaijan.png","contentUrl":"https:\/\/talkpal.ai\/wp-content\/uploads\/2023\/05\/azerbaijan.png","width":512,"height":512,"caption":"TalkPal Azerbaijan Flag"},{"@type":"BreadcrumbList","@id":"https:\/\/talkpal.ai\/sq\/gramatika-e-azerbajxhanit\/#breadcrumb","itemListElement":[{"@type":"ListItem","position":1,"name":"Homepage","item":"https:\/\/talkpal.ai\/sq\/"},{"@type":"ListItem","position":2,"name":"Gramatika e Azerbajxhanit"}]},{"@type":"WebSite","@id":"https:\/\/talkpal.ai\/sq\/#website","url":"https:\/\/talkpal.ai\/sq\/","name":"Talkpal","description":"AI Language Learning","publisher":{"@id":"https:\/\/talkpal.ai\/sq\/#organization"},"alternateName":"Talkpal AI","potentialAction":[{"@type":"SearchAction","target":{"@type":"EntryPoint","urlTemplate":"https:\/\/talkpal.ai\/sq\/?s={search_term_string}"},"query-input":{"@type":"PropertyValueSpecification","valueRequired":true,"valueName":"search_term_string"}}],"inLanguage":"sq-AL"},{"@type":"Organization","@id":"https:\/\/talkpal.ai\/sq\/#organization","name":"Talkpal, Inc.","alternateName":"Talkpal AI","url":"https:\/\/talkpal.ai\/sq\/","logo":{"@type":"ImageObject","inLanguage":"sq-AL","@id":"https:\/\/talkpal.ai\/sq\/#\/schema\/logo\/image\/","url":"https:\/\/talkpal.ai\/wp-content\/uploads\/2024\/03\/Talkpal-Logo-Icon.png","contentUrl":"https:\/\/talkpal.ai\/wp-content\/uploads\/2024\/03\/Talkpal-Logo-Icon.png","width":2880,"height":2880,"caption":"Talkpal, Inc."},"image":{"@id":"https:\/\/talkpal.ai\/sq\/#\/schema\/logo\/image\/"},"sameAs":["https:\/\/www.facebook.com\/profile.php?id=100090733639311","https:\/\/x.com\/talkpalai","https:\/\/www.linkedin.com\/company\/talkpal\/","https:\/\/www.youtube.com\/@TalkPal\/","https:\/\/www.tiktok.com\/@talkpal","https:\/\/www.instagram.com\/talkpal_ai\/","https:\/\/www.crunchbase.com\/organization\/talkpal-9cde","https:\/\/www.g2.com\/products\/talkpal-for-business\/","https:\/\/www.trustpilot.com\/review\/talkpal.ai","https:\/\/www.capterra.com\/p\/10006800\/TalkPal\/"],"description":"Talkpal is a language learning web and mobile education app, powered by the latest AI technologies, that provides engaging experiences to its customers in many different languages to help them improve their language skills. Users can chat about unlimited amount of topics with the app and use other modes to practice their language learning.","email":"support@talkpal.ai","legalName":"Talkpal, Inc.","foundingDate":"2023-04-03","duns":"118989042","numberOfEmployees":{"@type":"QuantitativeValue","minValue":"11","maxValue":"50"},"publishingPrinciples":"https:\/\/talkpal.ai\/publishing-principles\/","actionableFeedbackPolicy":"https:\/\/talkpal.ai\/actionable-feedback-policy\/","correctionsPolicy":"https:\/\/talkpal.ai\/corrections-policy\/","ethicsPolicy":"https:\/\/talkpal.ai\/ethics-policy\/","diversityPolicy":"https:\/\/talkpal.ai\/diversity-policy\/","diversityStaffingReport":"https:\/\/talkpal.ai\/diversity-policy\/"}]}},"_links":{"self":[{"href":"https:\/\/talkpal.ai\/sq\/wp-json\/wp\/v2\/pages\/1444171","targetHints":{"allow":["GET"]}}],"collection":[{"href":"https:\/\/talkpal.ai\/sq\/wp-json\/wp\/v2\/pages"}],"about":[{"href":"https:\/\/talkpal.ai\/sq\/wp-json\/wp\/v2\/types\/page"}],"author":[{"embeddable":true,"href":"https:\/\/talkpal.ai\/sq\/wp-json\/wp\/v2\/users\/1"}],"replies":[{"embeddable":true,"href":"https:\/\/talkpal.ai\/sq\/wp-json\/wp\/v2\/comments?post=1444171"}],"version-history":[{"count":0,"href":"https:\/\/talkpal.ai\/sq\/wp-json\/wp\/v2\/pages\/1444171\/revisions"}],"wp:featuredmedia":[{"embeddable":true,"href":"https:\/\/talkpal.ai\/sq\/wp-json\/wp\/v2\/media\/1442708"}],"wp:attachment":[{"href":"https:\/\/talkpal.ai\/sq\/wp-json\/wp\/v2\/media?parent=1444171"}],"curies":[{"name":"wp","href":"https:\/\/api.w.org\/{rel}","templated":true}]}}