{"id":1443199,"date":"2023-12-05T11:40:45","date_gmt":"2023-12-05T11:40:45","guid":{"rendered":"https:\/\/talkpal.ai\/certifikatat-e-gjuhes-frenge\/"},"modified":"2026-01-07T15:08:29","modified_gmt":"2026-01-07T15:08:29","slug":"certifikatat-e-gjuhes-frenge","status":"publish","type":"page","link":"https:\/\/talkpal.ai\/sq\/certifikatat-e-gjuhes-frenge\/","title":{"rendered":"Certifikatat e gjuh\u00ebs fr\u00ebnge"},"content":{"rendered":"\r\n\r\n\r\n<section class=\"languageChallengeSection\">\r\n    <div class=\"languageInfoWrapper\">\r\n        \r\n        <h1>Certifikatat e gjuh\u00ebs fr\u00ebnge<\/h1>\r\n        <p>TalkPal \u00ebsht\u00eb nj\u00eb aplikacion i gjeneruar nga AI p\u00ebr t\u00eb m\u00ebsuar gjuh\u00ebn q\u00eb mund t&#039;i ndihmoj\u00eb p\u00ebrdoruesit t\u00eb p\u00ebrgatiten p\u00ebr k\u00ebto provime t\u00eb gjuh\u00ebs angleze. Me nj\u00eb fokus kryesor n\u00eb p\u00ebrmir\u00ebsimin e aft\u00ebsive t\u00eb t\u00eb folurit dhe t\u00eb d\u00ebgjimit, TalkPal ofron biseda realiste interaktive dhe praktik\u00eb t\u00eb shqiptimit. Natyra e tij AI lejon reagime t\u00eb personalizuara, duke i ndihmuar p\u00ebrdoruesit t\u00eb kuptojn\u00eb p\u00ebrparimin e tyre dhe fushat p\u00ebr t&#039;u p\u00ebrmir\u00ebsuar. <a href=\"https:\/\/talkpal.ai\/sq\/certifikatat-e-gjuhes-spanjolle\/\">Certifikatat e gjuh\u00ebs<\/a> fr\u00ebnge jan\u00eb kualifikime zyrtare q\u00eb demonstrojn\u00eb aft\u00ebsin\u00eb e nj\u00eb individi n\u00eb fr\u00ebngjisht dhe ato njihen n\u00eb t\u00eb gjith\u00eb globin. Ai p\u00ebrfshin provime t\u00eb tilla si DELF\/DALF, TEF, TCF dhe TEFAQ. Secili prej k\u00ebtyre testeve vler\u00ebson nivele t\u00eb ndryshme t\u00eb kompetenc\u00ebs gjuh\u00ebsore p\u00ebr fr\u00ebngjishtfol\u00ebsit jo-amtare dhe vepron si nj\u00eb prov\u00eb e njohur e aft\u00ebsive t\u00eb gjuh\u00ebs fr\u00ebnge p\u00ebr institucionet arsimore dhe pun\u00ebdh\u00ebn\u00ebsit.<\/p>\r\n\r\n                            <a class=\"getStartedHidden\" href=\"https:\/\/app.talkpal.ai\/signup?lng=\">Filloni<\/a>\r\n        \r\n    <\/div>\r\n\r\n    <figure>\r\n    <img decoding=\"async\" width=\"768\" height=\"768\" src=\"https:\/\/talkpal.ai\/wp-content\/uploads\/2026\/01\/curly-girl-with-phone-light-background-768x768.webp\" class=\"languageImage no-lazy\" alt=\"Default alt text\" fetchpriority=\"high\" sizes=\"(max-width: 768px) 150px, 768px\" srcset=\"https:\/\/talkpal.ai\/wp-content\/uploads\/2026\/01\/curly-girl-with-phone-light-background-768x768.webp 768w, https:\/\/talkpal.ai\/wp-content\/uploads\/2026\/01\/curly-girl-with-phone-light-background-300x300.webp 300w\" \/>\r\n    \r\n\r\n    <\/figure>\r\n\r\n            <a class=\"getStartedVisible\" href=\"https:\/\/app.talkpal.ai\/signup?lng=\">Filloni<\/a>\r\n    \r\n<\/section>\n<div class=\"wp-block-group pageContainerStyle\"><div class=\"wp-block-group__inner-container is-layout-constrained wp-block-group-is-layout-constrained\">\n<h2 class=\"wp-block-heading\" id=\"h-french-language-certificates\">Certifikatat e gjuh\u00ebs fr\u00ebnge<\/h2>\n\n\n\r\n                    <div class=\"methodWraper\">\r\n            <div class=\"methodContent\">\r\n                <img decoding=\"async\" src=\"https:\/\/talkpal.ai\/wp-content\/uploads\/2025\/05\/check_icon.png\" alt=\"Checkmark Icon\">\r\n                <h3>DELF\/DALF:<\/h3>\r\n            <\/div>\r\n            <p>Nj\u00eb kualifikim zyrtar i dh\u00ebn\u00eb nga Ministria Franceze e Arsimit, Dipl\u00f4me d&#039;Etudes en Langue Fran\u00e7aise (DELF) dhe Dipl\u00f4me Approfondi de Langue Fran\u00e7aise (DALF) mbulojn\u00eb kat\u00ebr aft\u00ebsi gjuh\u00ebsore, duke p\u00ebrfshir\u00eb t\u00eb folurit dhe d\u00ebgjimin.<\/p>\r\n        <\/div>\r\n                    <div class=\"methodWraper\">\r\n            <div class=\"methodContent\">\r\n                <img decoding=\"async\" src=\"https:\/\/talkpal.ai\/wp-content\/uploads\/2025\/05\/check_icon.png\" alt=\"Checkmark Icon\">\r\n                <h3>TEF:<\/h3>\r\n            <\/div>\r\n            <p>Test d&#039;Evaluation de Fran\u00e7ais (TEF) \u00ebsht\u00eb nj\u00eb mjet gjith\u00ebp\u00ebrfshir\u00ebs i vler\u00ebsimit gjuh\u00ebsor q\u00eb p\u00ebrdoret p\u00ebr t\u00eb vler\u00ebsuar aft\u00ebsin\u00eb e nj\u00eb individi n\u00eb fr\u00ebngjisht. Ky test fokusohet kryesisht n\u00eb vler\u00ebsimin e aft\u00ebsive t\u00eb t\u00eb shkruarit dhe t\u00eb folurit t\u00eb kandidat\u00ebve.<\/p>\r\n        <\/div>\r\n                    <div class=\"methodWraper\">\r\n            <div class=\"methodContent\">\r\n                <img decoding=\"async\" src=\"https:\/\/talkpal.ai\/wp-content\/uploads\/2025\/05\/check_icon.png\" alt=\"Checkmark Icon\">\r\n                <h3>TCF:<\/h3>\r\n            <\/div>\r\n            <p>Test de Connaissance du Fran\u00e7ais (TCF) \u00ebsht\u00eb gjithashtu nj\u00eb test zyrtar i aft\u00ebsis\u00eb s\u00eb gjuh\u00ebs fr\u00ebnge q\u00eb vler\u00ebson kryesisht aft\u00ebsit\u00eb e leximit, shkrimit, t\u00eb folurit dhe t\u00eb d\u00ebgjimit t\u00eb p\u00ebrdoruesve.<\/p>\r\n        <\/div>\r\n                    <div class=\"methodWraper\">\r\n            <div class=\"methodContent\">\r\n                <img decoding=\"async\" src=\"https:\/\/talkpal.ai\/wp-content\/uploads\/2025\/05\/check_icon.png\" alt=\"Checkmark Icon\">\r\n                <h3>TEFAQ:<\/h3>\r\n            <\/div>\r\n            <p>Test d&#039;Evaluation de Fran\u00e7ais adapt\u00e9 au Qu\u00e9bec (TEFAQ) \u00ebsht\u00eb krijuar posa\u00e7\u00ebrisht p\u00ebr njer\u00ebzit q\u00eb duan t\u00eb migrojn\u00eb n\u00eb Quebec, nj\u00eb provinc\u00eb me shumic\u00eb fr\u00ebngjishtfol\u00ebse n\u00eb Kanada. Ky test fokusohet kryesisht n\u00eb aft\u00ebsit\u00eb e d\u00ebgjimit dhe t\u00eb folurit.<\/p>\r\n        <\/div>\r\n    <\/div><\/div>\n","protected":false},"excerpt":{"rendered":"<p>Certifikatat e gjuh\u00ebs fr\u00ebnge<\/p>\n","protected":false},"author":8,"featured_media":1440057,"parent":0,"menu_order":0,"comment_status":"closed","ping_status":"closed","template":"LearningContentPage.php","meta":{"_acf_changed":false,"footnotes":""},"class_list":["post-1443199","page","type-page","status-publish","has-post-thumbnail","hentry"],"acf":[],"yoast_head":"<!-- This site is optimized with the Yoast SEO Premium plugin v27.2 (Yoast SEO v27.2) - https:\/\/yoast.com\/product\/yoast-seo-premium-wordpress\/ -->\n<title>Certifikatat e gjuh\u00ebs fr\u00ebnge - Talkpal<\/title>\n<meta name=\"description\" content=\"Zbuloni certifikatat kryesore t\u00eb gjuh\u00ebs fr\u00ebnge si DELF, DALF, TEF dhe TCF p\u00ebr t\u00eb certifikuar aft\u00ebsin\u00eb.\" \/>\n<meta name=\"robots\" content=\"index, follow, max-snippet:-1, max-image-preview:large, max-video-preview:-1\" \/>\n<link rel=\"canonical\" href=\"https:\/\/talkpal.ai\/sq\/certifikatat-e-gjuhes-frenge\/\" \/>\n<meta property=\"og:locale\" content=\"sq_AL\" \/>\n<meta property=\"og:type\" content=\"article\" \/>\n<meta property=\"og:title\" content=\"Certifikatat e gjuh\u00ebs fr\u00ebnge\" \/>\n<meta property=\"og:description\" content=\"Certifikatat e gjuh\u00ebs fr\u00ebnge\" \/>\n<meta property=\"og:url\" content=\"https:\/\/talkpal.ai\/sq\/certifikatat-e-gjuhes-frenge\/\" \/>\n<meta property=\"og:site_name\" content=\"Talkpal\" \/>\n<meta property=\"article:publisher\" content=\"https:\/\/www.facebook.com\/profile.php?id=100090733639311\" \/>\n<meta property=\"article:modified_time\" content=\"2026-01-07T15:08:29+00:00\" \/>\n<meta property=\"og:image\" content=\"https:\/\/talkpal.ai\/wp-content\/uploads\/2023\/03\/france.png\" \/>\n\t<meta property=\"og:image:width\" content=\"512\" \/>\n\t<meta property=\"og:image:height\" content=\"512\" \/>\n\t<meta property=\"og:image:type\" content=\"image\/png\" \/>\n<meta name=\"twitter:card\" content=\"summary_large_image\" \/>\n<meta name=\"twitter:site\" content=\"@talkpalai\" \/>\n<script type=\"application\/ld+json\" class=\"yoast-schema-graph\">{\"@context\":\"https:\/\/schema.org\",\"@graph\":[{\"@type\":\"WebPage\",\"@id\":\"https:\/\/talkpal.ai\/sq\/certifikatat-e-gjuhes-frenge\/\",\"url\":\"https:\/\/talkpal.ai\/sq\/certifikatat-e-gjuhes-frenge\/\",\"name\":\"Certifikatat e gjuh\u00ebs fr\u00ebnge - Talkpal\",\"isPartOf\":{\"@id\":\"https:\/\/talkpal.ai\/sq\/#website\"},\"primaryImageOfPage\":{\"@id\":\"https:\/\/talkpal.ai\/sq\/certifikatat-e-gjuhes-frenge\/#primaryimage\"},\"image\":{\"@id\":\"https:\/\/talkpal.ai\/sq\/certifikatat-e-gjuhes-frenge\/#primaryimage\"},\"thumbnailUrl\":\"https:\/\/talkpal.ai\/wp-content\/uploads\/2023\/03\/france.png\",\"datePublished\":\"2023-12-05T11:40:45+00:00\",\"dateModified\":\"2026-01-07T15:08:29+00:00\",\"description\":\"Zbuloni certifikatat kryesore t\u00eb gjuh\u00ebs fr\u00ebnge si DELF, DALF, TEF dhe TCF p\u00ebr t\u00eb certifikuar aft\u00ebsin\u00eb.\",\"breadcrumb\":{\"@id\":\"https:\/\/talkpal.ai\/sq\/certifikatat-e-gjuhes-frenge\/#breadcrumb\"},\"inLanguage\":\"sq-AL\",\"potentialAction\":[{\"@type\":\"ReadAction\",\"target\":[\"https:\/\/talkpal.ai\/sq\/certifikatat-e-gjuhes-frenge\/\"]}]},{\"@type\":\"ImageObject\",\"inLanguage\":\"sq-AL\",\"@id\":\"https:\/\/talkpal.ai\/sq\/certifikatat-e-gjuhes-frenge\/#primaryimage\",\"url\":\"https:\/\/talkpal.ai\/wp-content\/uploads\/2023\/03\/france.png\",\"contentUrl\":\"https:\/\/talkpal.ai\/wp-content\/uploads\/2023\/03\/france.png\",\"width\":512,\"height\":512,\"caption\":\"TalkPal AI learn French\"},{\"@type\":\"BreadcrumbList\",\"@id\":\"https:\/\/talkpal.ai\/sq\/certifikatat-e-gjuhes-frenge\/#breadcrumb\",\"itemListElement\":[{\"@type\":\"ListItem\",\"position\":1,\"name\":\"Homepage\",\"item\":\"https:\/\/talkpal.ai\/sq\/\"},{\"@type\":\"ListItem\",\"position\":2,\"name\":\"Certifikatat e gjuh\u00ebs fr\u00ebnge\"}]},{\"@type\":\"WebSite\",\"@id\":\"https:\/\/talkpal.ai\/sq\/#website\",\"url\":\"https:\/\/talkpal.ai\/sq\/\",\"name\":\"Talkpal\",\"description\":\"AI Language Learning\",\"publisher\":{\"@id\":\"https:\/\/talkpal.ai\/sq\/#organization\"},\"alternateName\":\"Talkpal AI\",\"potentialAction\":[{\"@type\":\"SearchAction\",\"target\":{\"@type\":\"EntryPoint\",\"urlTemplate\":\"https:\/\/talkpal.ai\/sq\/?s={search_term_string}\"},\"query-input\":{\"@type\":\"PropertyValueSpecification\",\"valueRequired\":true,\"valueName\":\"search_term_string\"}}],\"inLanguage\":\"sq-AL\"},{\"@type\":\"Organization\",\"@id\":\"https:\/\/talkpal.ai\/sq\/#organization\",\"name\":\"Talkpal, Inc.\",\"alternateName\":\"Talkpal AI\",\"url\":\"https:\/\/talkpal.ai\/sq\/\",\"logo\":{\"@type\":\"ImageObject\",\"inLanguage\":\"sq-AL\",\"@id\":\"https:\/\/talkpal.ai\/sq\/#\/schema\/logo\/image\/\",\"url\":\"https:\/\/talkpal.ai\/wp-content\/uploads\/2024\/03\/Talkpal-Logo-Icon.png\",\"contentUrl\":\"https:\/\/talkpal.ai\/wp-content\/uploads\/2024\/03\/Talkpal-Logo-Icon.png\",\"width\":2880,\"height\":2880,\"caption\":\"Talkpal, Inc.\"},\"image\":{\"@id\":\"https:\/\/talkpal.ai\/sq\/#\/schema\/logo\/image\/\"},\"sameAs\":[\"https:\/\/www.facebook.com\/profile.php?id=100090733639311\",\"https:\/\/x.com\/talkpalai\",\"https:\/\/www.linkedin.com\/company\/talkpal\/\",\"https:\/\/www.youtube.com\/@TalkPal\/\",\"https:\/\/www.tiktok.com\/@talkpal\",\"https:\/\/www.instagram.com\/talkpal_ai\/\",\"https:\/\/www.crunchbase.com\/organization\/talkpal-9cde\",\"https:\/\/www.g2.com\/products\/talkpal-for-business\/\",\"https:\/\/www.trustpilot.com\/review\/talkpal.ai\",\"https:\/\/www.capterra.com\/p\/10006800\/TalkPal\/\"],\"description\":\"Talkpal is a language learning web and mobile education app, powered by the latest AI technologies, that provides engaging experiences to its customers in many different languages to help them improve their language skills. Users can chat about unlimited amount of topics with the app and use other modes to practice their language learning.\",\"email\":\"support@talkpal.ai\",\"legalName\":\"Talkpal, Inc.\",\"foundingDate\":\"2023-04-03\",\"duns\":\"118989042\",\"numberOfEmployees\":{\"@type\":\"QuantitativeValue\",\"minValue\":\"11\",\"maxValue\":\"50\"},\"publishingPrinciples\":\"https:\/\/talkpal.ai\/publishing-principles\/\",\"actionableFeedbackPolicy\":\"https:\/\/talkpal.ai\/actionable-feedback-policy\/\",\"correctionsPolicy\":\"https:\/\/talkpal.ai\/corrections-policy\/\",\"ethicsPolicy\":\"https:\/\/talkpal.ai\/ethics-policy\/\",\"diversityPolicy\":\"https:\/\/talkpal.ai\/diversity-policy\/\",\"diversityStaffingReport\":\"https:\/\/talkpal.ai\/diversity-policy\/\"}]}<\/script>\n<!-- \/ Yoast SEO Premium plugin. -->","yoast_head_json":{"title":"Certifikatat e gjuh\u00ebs fr\u00ebnge - Talkpal","description":"Zbuloni certifikatat kryesore t\u00eb gjuh\u00ebs fr\u00ebnge si DELF, DALF, TEF dhe TCF p\u00ebr t\u00eb certifikuar aft\u00ebsin\u00eb.","robots":{"index":"index","follow":"follow","max-snippet":"max-snippet:-1","max-image-preview":"max-image-preview:large","max-video-preview":"max-video-preview:-1"},"canonical":"https:\/\/talkpal.ai\/sq\/certifikatat-e-gjuhes-frenge\/","og_locale":"sq_AL","og_type":"article","og_title":"Certifikatat e gjuh\u00ebs fr\u00ebnge","og_description":"Certifikatat e gjuh\u00ebs fr\u00ebnge","og_url":"https:\/\/talkpal.ai\/sq\/certifikatat-e-gjuhes-frenge\/","og_site_name":"Talkpal","article_publisher":"https:\/\/www.facebook.com\/profile.php?id=100090733639311","article_modified_time":"2026-01-07T15:08:29+00:00","og_image":[{"width":512,"height":512,"url":"https:\/\/talkpal.ai\/wp-content\/uploads\/2023\/03\/france.png","type":"image\/png"}],"twitter_card":"summary_large_image","twitter_site":"@talkpalai","schema":{"@context":"https:\/\/schema.org","@graph":[{"@type":"WebPage","@id":"https:\/\/talkpal.ai\/sq\/certifikatat-e-gjuhes-frenge\/","url":"https:\/\/talkpal.ai\/sq\/certifikatat-e-gjuhes-frenge\/","name":"Certifikatat e gjuh\u00ebs fr\u00ebnge - Talkpal","isPartOf":{"@id":"https:\/\/talkpal.ai\/sq\/#website"},"primaryImageOfPage":{"@id":"https:\/\/talkpal.ai\/sq\/certifikatat-e-gjuhes-frenge\/#primaryimage"},"image":{"@id":"https:\/\/talkpal.ai\/sq\/certifikatat-e-gjuhes-frenge\/#primaryimage"},"thumbnailUrl":"https:\/\/talkpal.ai\/wp-content\/uploads\/2023\/03\/france.png","datePublished":"2023-12-05T11:40:45+00:00","dateModified":"2026-01-07T15:08:29+00:00","description":"Zbuloni certifikatat kryesore t\u00eb gjuh\u00ebs fr\u00ebnge si DELF, DALF, TEF dhe TCF p\u00ebr t\u00eb certifikuar aft\u00ebsin\u00eb.","breadcrumb":{"@id":"https:\/\/talkpal.ai\/sq\/certifikatat-e-gjuhes-frenge\/#breadcrumb"},"inLanguage":"sq-AL","potentialAction":[{"@type":"ReadAction","target":["https:\/\/talkpal.ai\/sq\/certifikatat-e-gjuhes-frenge\/"]}]},{"@type":"ImageObject","inLanguage":"sq-AL","@id":"https:\/\/talkpal.ai\/sq\/certifikatat-e-gjuhes-frenge\/#primaryimage","url":"https:\/\/talkpal.ai\/wp-content\/uploads\/2023\/03\/france.png","contentUrl":"https:\/\/talkpal.ai\/wp-content\/uploads\/2023\/03\/france.png","width":512,"height":512,"caption":"TalkPal AI learn French"},{"@type":"BreadcrumbList","@id":"https:\/\/talkpal.ai\/sq\/certifikatat-e-gjuhes-frenge\/#breadcrumb","itemListElement":[{"@type":"ListItem","position":1,"name":"Homepage","item":"https:\/\/talkpal.ai\/sq\/"},{"@type":"ListItem","position":2,"name":"Certifikatat e gjuh\u00ebs fr\u00ebnge"}]},{"@type":"WebSite","@id":"https:\/\/talkpal.ai\/sq\/#website","url":"https:\/\/talkpal.ai\/sq\/","name":"Talkpal","description":"AI Language Learning","publisher":{"@id":"https:\/\/talkpal.ai\/sq\/#organization"},"alternateName":"Talkpal AI","potentialAction":[{"@type":"SearchAction","target":{"@type":"EntryPoint","urlTemplate":"https:\/\/talkpal.ai\/sq\/?s={search_term_string}"},"query-input":{"@type":"PropertyValueSpecification","valueRequired":true,"valueName":"search_term_string"}}],"inLanguage":"sq-AL"},{"@type":"Organization","@id":"https:\/\/talkpal.ai\/sq\/#organization","name":"Talkpal, Inc.","alternateName":"Talkpal AI","url":"https:\/\/talkpal.ai\/sq\/","logo":{"@type":"ImageObject","inLanguage":"sq-AL","@id":"https:\/\/talkpal.ai\/sq\/#\/schema\/logo\/image\/","url":"https:\/\/talkpal.ai\/wp-content\/uploads\/2024\/03\/Talkpal-Logo-Icon.png","contentUrl":"https:\/\/talkpal.ai\/wp-content\/uploads\/2024\/03\/Talkpal-Logo-Icon.png","width":2880,"height":2880,"caption":"Talkpal, Inc."},"image":{"@id":"https:\/\/talkpal.ai\/sq\/#\/schema\/logo\/image\/"},"sameAs":["https:\/\/www.facebook.com\/profile.php?id=100090733639311","https:\/\/x.com\/talkpalai","https:\/\/www.linkedin.com\/company\/talkpal\/","https:\/\/www.youtube.com\/@TalkPal\/","https:\/\/www.tiktok.com\/@talkpal","https:\/\/www.instagram.com\/talkpal_ai\/","https:\/\/www.crunchbase.com\/organization\/talkpal-9cde","https:\/\/www.g2.com\/products\/talkpal-for-business\/","https:\/\/www.trustpilot.com\/review\/talkpal.ai","https:\/\/www.capterra.com\/p\/10006800\/TalkPal\/"],"description":"Talkpal is a language learning web and mobile education app, powered by the latest AI technologies, that provides engaging experiences to its customers in many different languages to help them improve their language skills. Users can chat about unlimited amount of topics with the app and use other modes to practice their language learning.","email":"support@talkpal.ai","legalName":"Talkpal, Inc.","foundingDate":"2023-04-03","duns":"118989042","numberOfEmployees":{"@type":"QuantitativeValue","minValue":"11","maxValue":"50"},"publishingPrinciples":"https:\/\/talkpal.ai\/publishing-principles\/","actionableFeedbackPolicy":"https:\/\/talkpal.ai\/actionable-feedback-policy\/","correctionsPolicy":"https:\/\/talkpal.ai\/corrections-policy\/","ethicsPolicy":"https:\/\/talkpal.ai\/ethics-policy\/","diversityPolicy":"https:\/\/talkpal.ai\/diversity-policy\/","diversityStaffingReport":"https:\/\/talkpal.ai\/diversity-policy\/"}]}},"_links":{"self":[{"href":"https:\/\/talkpal.ai\/sq\/wp-json\/wp\/v2\/pages\/1443199","targetHints":{"allow":["GET"]}}],"collection":[{"href":"https:\/\/talkpal.ai\/sq\/wp-json\/wp\/v2\/pages"}],"about":[{"href":"https:\/\/talkpal.ai\/sq\/wp-json\/wp\/v2\/types\/page"}],"author":[{"embeddable":true,"href":"https:\/\/talkpal.ai\/sq\/wp-json\/wp\/v2\/users\/8"}],"replies":[{"embeddable":true,"href":"https:\/\/talkpal.ai\/sq\/wp-json\/wp\/v2\/comments?post=1443199"}],"version-history":[{"count":0,"href":"https:\/\/talkpal.ai\/sq\/wp-json\/wp\/v2\/pages\/1443199\/revisions"}],"wp:featuredmedia":[{"embeddable":true,"href":"https:\/\/talkpal.ai\/sq\/wp-json\/wp\/v2\/media\/1440057"}],"wp:attachment":[{"href":"https:\/\/talkpal.ai\/sq\/wp-json\/wp\/v2\/media?parent=1443199"}],"curies":[{"name":"wp","href":"https:\/\/api.w.org\/{rel}","templated":true}]}}