{"id":1443197,"date":"2023-12-05T11:40:43","date_gmt":"2023-12-05T11:40:43","guid":{"rendered":"https:\/\/talkpal.ai\/certifikatat-e-gjuhes-gjermane\/"},"modified":"2026-01-07T15:03:47","modified_gmt":"2026-01-07T15:03:47","slug":"certifikatat-e-gjuhes-gjermane","status":"publish","type":"page","link":"https:\/\/talkpal.ai\/sq\/certifikatat-e-gjuhes-gjermane\/","title":{"rendered":"Certifikatat e gjuh\u00ebs gjermane"},"content":{"rendered":"\r\n\r\n\r\n<section class=\"languageChallengeSection\">\r\n    <div class=\"languageInfoWrapper\">\r\n        \r\n        <h1>Certifikatat e gjuh\u00ebs gjermane<\/h1>\r\n        <p>TalkPal \u00ebsht\u00eb nj\u00eb aplikacion i gjeneruar nga AI p\u00ebr t\u00eb m\u00ebsuar gjuh\u00ebn q\u00eb mund t&#039;i ndihmoj\u00eb p\u00ebrdoruesit t\u00eb p\u00ebrgatiten p\u00ebr k\u00ebto provime t\u00eb gjuh\u00ebs angleze. Me nj\u00eb fokus kryesor n\u00eb p\u00ebrmir\u00ebsimin e aft\u00ebsive t\u00eb t\u00eb folurit dhe t\u00eb d\u00ebgjimit, TalkPal ofron biseda realiste interaktive dhe praktik\u00eb t\u00eb shqiptimit. Natyra e tij AI lejon reagime t\u00eb personalizuara, duke i ndihmuar p\u00ebrdoruesit t\u00eb kuptojn\u00eb p\u00ebrparimin e tyre dhe fushat p\u00ebr t&#039;u p\u00ebrmir\u00ebsuar. Aft\u00ebsia e gjuh\u00ebs gjermane shpesh vler\u00ebsohet p\u00ebrmes disa provimeve si TestDaF, Goethe-Zertifikat, DSH, \u00d6SD dhe telc. K\u00ebto provime ofrojn\u00eb nj\u00eb vler\u00ebsim t\u00eb aft\u00ebsive t\u00eb nj\u00eb fol\u00ebsi jo-amtare n\u00eb gjuh\u00ebn gjermane dhe njihen gjer\u00ebsisht si certifikata formale t\u00eb aft\u00ebsis\u00eb. \u00c7do test ka karakteristika specifike q\u00eb e dallojn\u00eb at\u00eb nga t\u00eb tjer\u00ebt p\u00ebr sa i p\u00ebrket nivelit t\u00eb aft\u00ebsis\u00eb gjuh\u00ebsore, p\u00ebrdorimit t\u00eb aplikacionit dhe sistemit t\u00eb pik\u00ebzimit.<\/p>\r\n\r\n                \r\n    <\/div>\r\n\r\n    <figure>\r\n    <img decoding=\"async\" width=\"768\" height=\"768\" src=\"https:\/\/talkpal.ai\/wp-content\/uploads\/2026\/01\/group-with-phone-in-circle-768x768.webp\" class=\"languageImage no-lazy\" alt=\"Default alt text\" fetchpriority=\"high\" sizes=\"(max-width: 768px) 150px, 768px\" srcset=\"https:\/\/talkpal.ai\/wp-content\/uploads\/2026\/01\/group-with-phone-in-circle-768x768.webp 768w, https:\/\/talkpal.ai\/wp-content\/uploads\/2026\/01\/group-with-phone-in-circle-300x300.webp 300w\" \/>\r\n    \r\n\r\n    <\/figure>\r\n\r\n    \r\n<\/section>\n<div class=\"wp-block-group pageContainerStyle\"><div class=\"wp-block-group__inner-container is-layout-constrained wp-block-group-is-layout-constrained\">\n<h2 class=\"wp-block-heading\" id=\"h-german-language-certificates\">Certifikatat e gjuh\u00ebs gjermane<\/h2>\n\n\n\r\n                    <div class=\"methodWraper\">\r\n            <div class=\"methodContent\">\r\n                <img decoding=\"async\" src=\"https:\/\/talkpal.ai\/wp-content\/uploads\/2025\/05\/check_icon.png\" alt=\"Checkmark Icon\">\r\n                <h3>TestDaF:<\/h3>\r\n            <\/div>\r\n            <p>TestDaF (Test Deutsch als Fremdsprache): Ky \u00ebsht\u00eb nj\u00eb test i standardizuar i krijuar p\u00ebr nx\u00ebn\u00ebsit e huaj t\u00eb gjermanishtes q\u00eb planifikojn\u00eb t\u00eb studiojn\u00eb ose kryejn\u00eb k\u00ebrkime n\u00eb Gjermani. Provimi teston aft\u00ebsin\u00eb e kandidatit n\u00eb t\u00eb kat\u00ebr aspektet e m\u00ebsimit t\u00eb gjuh\u00ebs &#8211; lexim, shkrim, d\u00ebgjim dhe t\u00eb folur.<\/p>\r\n        <\/div>\r\n                    <div class=\"methodWraper\">\r\n            <div class=\"methodContent\">\r\n                <img decoding=\"async\" src=\"https:\/\/talkpal.ai\/wp-content\/uploads\/2025\/05\/check_icon.png\" alt=\"Checkmark Icon\">\r\n                <h3>Goethe-Zertifikat:<\/h3>\r\n            <\/div>\r\n            <p>Goethe-Zertifikat njihet n\u00eb mbar\u00eb bot\u00ebn, testi Goethe-Zertifikat ka disa nivele t\u00eb ndryshme p\u00ebr t&#039;iu p\u00ebrshtatur nivelit t\u00eb aft\u00ebsis\u00eb s\u00eb nx\u00ebn\u00ebsve t\u00eb ndrysh\u00ebm. M\u00eb tej ndahet n\u00eb gjasht\u00eb module: A1 (fillestar), A2, B1, B2, C1 dhe C2 (superior).<\/p>\r\n        <\/div>\r\n                    <div class=\"methodWraper\">\r\n            <div class=\"methodContent\">\r\n                <img decoding=\"async\" src=\"https:\/\/talkpal.ai\/wp-content\/uploads\/2025\/05\/check_icon.png\" alt=\"Checkmark Icon\">\r\n                <h3>DSH:<\/h3>\r\n            <\/div>\r\n            <p>DSH (Deutsche Sprachpr\u00fcfung f\u00fcr den Hochschulzugang): Ky provim \u00ebsht\u00eb i drejtuar p\u00ebr ata q\u00eb d\u00ebshirojn\u00eb t\u00eb studiojn\u00eb n\u00eb nj\u00eb universitet gjerman dhe duhet t\u00eb demonstrojn\u00eb aft\u00ebsin\u00eb e tyre gjuh\u00ebsore. DSH zakonisht ofrohet p\u00ebrmes universiteteve dhe nota kaluese \u00ebsht\u00eb zakonisht mjaft e lart\u00eb.<\/p>\r\n        <\/div>\r\n                    <div class=\"methodWraper\">\r\n            <div class=\"methodContent\">\r\n                <img decoding=\"async\" src=\"https:\/\/talkpal.ai\/wp-content\/uploads\/2025\/05\/check_icon.png\" alt=\"Checkmark Icon\">\r\n                <h3>\u00d6SD:<\/h3>\r\n            <\/div>\r\n            <p>\u00d6SD (\u00d6sterreichisches Sprachdiplom Deutsch): Nj\u00eb certifikat\u00eb \u00d6SD siguron nj\u00eb d\u00ebshmi t\u00eb njohur nd\u00ebrkomb\u00ebtarisht t\u00eb aft\u00ebsis\u00eb s\u00eb gjuh\u00ebs gjermane. Me provime t\u00eb ndryshme p\u00ebr t&#039;u kujdesur p\u00ebr nivele t\u00eb ndryshme aft\u00ebsie, \u00ebsht\u00eb nj\u00eb zgjedhje popullore n\u00eb mesin e nx\u00ebn\u00ebsve q\u00eb synojn\u00eb nj\u00eb kuptim t\u00eb gjer\u00eb t\u00eb gjuh\u00ebs gjermane.<\/p>\r\n        <\/div>\r\n                    <div class=\"methodWraper\">\r\n            <div class=\"methodContent\">\r\n                <img decoding=\"async\" src=\"https:\/\/talkpal.ai\/wp-content\/uploads\/2025\/05\/check_icon.png\" alt=\"Checkmark Icon\">\r\n                <h3>telc:<\/h3>\r\n            <\/div>\r\n            <p>telc (Certifikatat Evropiane t\u00eb Gjuh\u00ebs): Ky \u00ebsht\u00eb nj\u00eb tjet\u00ebr sistem i standardizuar nd\u00ebrkomb\u00ebtar p\u00ebr ekzaminimin e aft\u00ebsis\u00eb gjuh\u00ebsore. telc ofron certifikata p\u00ebr t\u00eb gjitha nivelet, duke filluar nga A1 n\u00eb C2. Fokusi \u00ebsht\u00eb n\u00eb jet\u00ebn e p\u00ebrditshme dhe skenar\u00ebt e vendit t\u00eb pun\u00ebs, duke e b\u00ebr\u00eb certifikat\u00ebn ve\u00e7an\u00ebrisht t\u00eb dobishme p\u00ebr ata q\u00eb k\u00ebrkojn\u00eb pun\u00eb n\u00eb vendet gjermanishtfol\u00ebse.<\/p>\r\n        <\/div>\r\n    <\/div><\/div>\n","protected":false},"excerpt":{"rendered":"<p>Certifikatat e gjuh\u00ebs gjermane<\/p>\n","protected":false},"author":8,"featured_media":1439796,"parent":0,"menu_order":0,"comment_status":"closed","ping_status":"closed","template":"simpleContentPage.php","meta":{"_acf_changed":false,"footnotes":""},"class_list":["post-1443197","page","type-page","status-publish","has-post-thumbnail","hentry"],"acf":[],"yoast_head":"<!-- This site is optimized with the Yoast SEO Premium plugin v27.2 (Yoast SEO v27.2) - https:\/\/yoast.com\/product\/yoast-seo-premium-wordpress\/ -->\n<title>Certifikatat e gjuh\u00ebs gjermane - Talkpal<\/title>\n<meta name=\"description\" content=\"Fitoni certifikata t\u00eb njohura t\u00eb gjuh\u00ebs gjermane - v\u00ebrtetoni aft\u00ebsit\u00eb tuaja dhe p\u00ebrshpejtoni karrier\u00ebn tuaj!\" \/>\n<meta name=\"robots\" content=\"index, follow, max-snippet:-1, max-image-preview:large, max-video-preview:-1\" \/>\n<link rel=\"canonical\" href=\"https:\/\/talkpal.ai\/sq\/certifikatat-e-gjuhes-gjermane\/\" \/>\n<meta property=\"og:locale\" content=\"sq_AL\" \/>\n<meta property=\"og:type\" content=\"article\" \/>\n<meta property=\"og:title\" content=\"Certifikatat e gjuh\u00ebs gjermane\" \/>\n<meta property=\"og:description\" content=\"Certifikatat e gjuh\u00ebs gjermane\" \/>\n<meta property=\"og:url\" content=\"https:\/\/talkpal.ai\/sq\/certifikatat-e-gjuhes-gjermane\/\" \/>\n<meta property=\"og:site_name\" content=\"Talkpal\" \/>\n<meta property=\"article:publisher\" content=\"https:\/\/www.facebook.com\/profile.php?id=100090733639311\" \/>\n<meta property=\"article:modified_time\" content=\"2026-01-07T15:03:47+00:00\" \/>\n<meta property=\"og:image\" content=\"https:\/\/talkpal.ai\/wp-content\/uploads\/2023\/03\/germany.png\" \/>\n\t<meta property=\"og:image:width\" content=\"512\" \/>\n\t<meta property=\"og:image:height\" content=\"512\" \/>\n\t<meta property=\"og:image:type\" content=\"image\/png\" \/>\n<meta name=\"twitter:card\" content=\"summary_large_image\" \/>\n<meta name=\"twitter:site\" content=\"@talkpalai\" \/>\n<script type=\"application\/ld+json\" class=\"yoast-schema-graph\">{\"@context\":\"https:\/\/schema.org\",\"@graph\":[{\"@type\":\"WebPage\",\"@id\":\"https:\/\/talkpal.ai\/sq\/certifikatat-e-gjuhes-gjermane\/\",\"url\":\"https:\/\/talkpal.ai\/sq\/certifikatat-e-gjuhes-gjermane\/\",\"name\":\"Certifikatat e gjuh\u00ebs gjermane - Talkpal\",\"isPartOf\":{\"@id\":\"https:\/\/talkpal.ai\/sq\/#website\"},\"primaryImageOfPage\":{\"@id\":\"https:\/\/talkpal.ai\/sq\/certifikatat-e-gjuhes-gjermane\/#primaryimage\"},\"image\":{\"@id\":\"https:\/\/talkpal.ai\/sq\/certifikatat-e-gjuhes-gjermane\/#primaryimage\"},\"thumbnailUrl\":\"https:\/\/talkpal.ai\/wp-content\/uploads\/2023\/03\/germany.png\",\"datePublished\":\"2023-12-05T11:40:43+00:00\",\"dateModified\":\"2026-01-07T15:03:47+00:00\",\"description\":\"Fitoni certifikata t\u00eb njohura t\u00eb gjuh\u00ebs gjermane - v\u00ebrtetoni aft\u00ebsit\u00eb tuaja dhe p\u00ebrshpejtoni karrier\u00ebn tuaj!\",\"breadcrumb\":{\"@id\":\"https:\/\/talkpal.ai\/sq\/certifikatat-e-gjuhes-gjermane\/#breadcrumb\"},\"inLanguage\":\"sq-AL\",\"potentialAction\":[{\"@type\":\"ReadAction\",\"target\":[\"https:\/\/talkpal.ai\/sq\/certifikatat-e-gjuhes-gjermane\/\"]}]},{\"@type\":\"ImageObject\",\"inLanguage\":\"sq-AL\",\"@id\":\"https:\/\/talkpal.ai\/sq\/certifikatat-e-gjuhes-gjermane\/#primaryimage\",\"url\":\"https:\/\/talkpal.ai\/wp-content\/uploads\/2023\/03\/germany.png\",\"contentUrl\":\"https:\/\/talkpal.ai\/wp-content\/uploads\/2023\/03\/germany.png\",\"width\":512,\"height\":512,\"caption\":\"TalkPal AI learn German\"},{\"@type\":\"BreadcrumbList\",\"@id\":\"https:\/\/talkpal.ai\/sq\/certifikatat-e-gjuhes-gjermane\/#breadcrumb\",\"itemListElement\":[{\"@type\":\"ListItem\",\"position\":1,\"name\":\"Homepage\",\"item\":\"https:\/\/talkpal.ai\/sq\/\"},{\"@type\":\"ListItem\",\"position\":2,\"name\":\"Certifikatat e gjuh\u00ebs gjermane\"}]},{\"@type\":\"WebSite\",\"@id\":\"https:\/\/talkpal.ai\/sq\/#website\",\"url\":\"https:\/\/talkpal.ai\/sq\/\",\"name\":\"Talkpal\",\"description\":\"AI Language Learning\",\"publisher\":{\"@id\":\"https:\/\/talkpal.ai\/sq\/#organization\"},\"alternateName\":\"Talkpal AI\",\"potentialAction\":[{\"@type\":\"SearchAction\",\"target\":{\"@type\":\"EntryPoint\",\"urlTemplate\":\"https:\/\/talkpal.ai\/sq\/?s={search_term_string}\"},\"query-input\":{\"@type\":\"PropertyValueSpecification\",\"valueRequired\":true,\"valueName\":\"search_term_string\"}}],\"inLanguage\":\"sq-AL\"},{\"@type\":\"Organization\",\"@id\":\"https:\/\/talkpal.ai\/sq\/#organization\",\"name\":\"Talkpal, Inc.\",\"alternateName\":\"Talkpal AI\",\"url\":\"https:\/\/talkpal.ai\/sq\/\",\"logo\":{\"@type\":\"ImageObject\",\"inLanguage\":\"sq-AL\",\"@id\":\"https:\/\/talkpal.ai\/sq\/#\/schema\/logo\/image\/\",\"url\":\"https:\/\/talkpal.ai\/wp-content\/uploads\/2024\/03\/Talkpal-Logo-Icon.png\",\"contentUrl\":\"https:\/\/talkpal.ai\/wp-content\/uploads\/2024\/03\/Talkpal-Logo-Icon.png\",\"width\":2880,\"height\":2880,\"caption\":\"Talkpal, Inc.\"},\"image\":{\"@id\":\"https:\/\/talkpal.ai\/sq\/#\/schema\/logo\/image\/\"},\"sameAs\":[\"https:\/\/www.facebook.com\/profile.php?id=100090733639311\",\"https:\/\/x.com\/talkpalai\",\"https:\/\/www.linkedin.com\/company\/talkpal\/\",\"https:\/\/www.youtube.com\/@TalkPal\/\",\"https:\/\/www.tiktok.com\/@talkpal\",\"https:\/\/www.instagram.com\/talkpal_ai\/\",\"https:\/\/www.crunchbase.com\/organization\/talkpal-9cde\",\"https:\/\/www.g2.com\/products\/talkpal-for-business\/\",\"https:\/\/www.trustpilot.com\/review\/talkpal.ai\",\"https:\/\/www.capterra.com\/p\/10006800\/TalkPal\/\"],\"description\":\"Talkpal is a language learning web and mobile education app, powered by the latest AI technologies, that provides engaging experiences to its customers in many different languages to help them improve their language skills. Users can chat about unlimited amount of topics with the app and use other modes to practice their language learning.\",\"email\":\"support@talkpal.ai\",\"legalName\":\"Talkpal, Inc.\",\"foundingDate\":\"2023-04-03\",\"duns\":\"118989042\",\"numberOfEmployees\":{\"@type\":\"QuantitativeValue\",\"minValue\":\"11\",\"maxValue\":\"50\"},\"publishingPrinciples\":\"https:\/\/talkpal.ai\/publishing-principles\/\",\"actionableFeedbackPolicy\":\"https:\/\/talkpal.ai\/actionable-feedback-policy\/\",\"correctionsPolicy\":\"https:\/\/talkpal.ai\/corrections-policy\/\",\"ethicsPolicy\":\"https:\/\/talkpal.ai\/ethics-policy\/\",\"diversityPolicy\":\"https:\/\/talkpal.ai\/diversity-policy\/\",\"diversityStaffingReport\":\"https:\/\/talkpal.ai\/diversity-policy\/\"}]}<\/script>\n<!-- \/ Yoast SEO Premium plugin. -->","yoast_head_json":{"title":"Certifikatat e gjuh\u00ebs gjermane - Talkpal","description":"Fitoni certifikata t\u00eb njohura t\u00eb gjuh\u00ebs gjermane - v\u00ebrtetoni aft\u00ebsit\u00eb tuaja dhe p\u00ebrshpejtoni karrier\u00ebn tuaj!","robots":{"index":"index","follow":"follow","max-snippet":"max-snippet:-1","max-image-preview":"max-image-preview:large","max-video-preview":"max-video-preview:-1"},"canonical":"https:\/\/talkpal.ai\/sq\/certifikatat-e-gjuhes-gjermane\/","og_locale":"sq_AL","og_type":"article","og_title":"Certifikatat e gjuh\u00ebs gjermane","og_description":"Certifikatat e gjuh\u00ebs gjermane","og_url":"https:\/\/talkpal.ai\/sq\/certifikatat-e-gjuhes-gjermane\/","og_site_name":"Talkpal","article_publisher":"https:\/\/www.facebook.com\/profile.php?id=100090733639311","article_modified_time":"2026-01-07T15:03:47+00:00","og_image":[{"width":512,"height":512,"url":"https:\/\/talkpal.ai\/wp-content\/uploads\/2023\/03\/germany.png","type":"image\/png"}],"twitter_card":"summary_large_image","twitter_site":"@talkpalai","schema":{"@context":"https:\/\/schema.org","@graph":[{"@type":"WebPage","@id":"https:\/\/talkpal.ai\/sq\/certifikatat-e-gjuhes-gjermane\/","url":"https:\/\/talkpal.ai\/sq\/certifikatat-e-gjuhes-gjermane\/","name":"Certifikatat e gjuh\u00ebs gjermane - Talkpal","isPartOf":{"@id":"https:\/\/talkpal.ai\/sq\/#website"},"primaryImageOfPage":{"@id":"https:\/\/talkpal.ai\/sq\/certifikatat-e-gjuhes-gjermane\/#primaryimage"},"image":{"@id":"https:\/\/talkpal.ai\/sq\/certifikatat-e-gjuhes-gjermane\/#primaryimage"},"thumbnailUrl":"https:\/\/talkpal.ai\/wp-content\/uploads\/2023\/03\/germany.png","datePublished":"2023-12-05T11:40:43+00:00","dateModified":"2026-01-07T15:03:47+00:00","description":"Fitoni certifikata t\u00eb njohura t\u00eb gjuh\u00ebs gjermane - v\u00ebrtetoni aft\u00ebsit\u00eb tuaja dhe p\u00ebrshpejtoni karrier\u00ebn tuaj!","breadcrumb":{"@id":"https:\/\/talkpal.ai\/sq\/certifikatat-e-gjuhes-gjermane\/#breadcrumb"},"inLanguage":"sq-AL","potentialAction":[{"@type":"ReadAction","target":["https:\/\/talkpal.ai\/sq\/certifikatat-e-gjuhes-gjermane\/"]}]},{"@type":"ImageObject","inLanguage":"sq-AL","@id":"https:\/\/talkpal.ai\/sq\/certifikatat-e-gjuhes-gjermane\/#primaryimage","url":"https:\/\/talkpal.ai\/wp-content\/uploads\/2023\/03\/germany.png","contentUrl":"https:\/\/talkpal.ai\/wp-content\/uploads\/2023\/03\/germany.png","width":512,"height":512,"caption":"TalkPal AI learn German"},{"@type":"BreadcrumbList","@id":"https:\/\/talkpal.ai\/sq\/certifikatat-e-gjuhes-gjermane\/#breadcrumb","itemListElement":[{"@type":"ListItem","position":1,"name":"Homepage","item":"https:\/\/talkpal.ai\/sq\/"},{"@type":"ListItem","position":2,"name":"Certifikatat e gjuh\u00ebs gjermane"}]},{"@type":"WebSite","@id":"https:\/\/talkpal.ai\/sq\/#website","url":"https:\/\/talkpal.ai\/sq\/","name":"Talkpal","description":"AI Language Learning","publisher":{"@id":"https:\/\/talkpal.ai\/sq\/#organization"},"alternateName":"Talkpal AI","potentialAction":[{"@type":"SearchAction","target":{"@type":"EntryPoint","urlTemplate":"https:\/\/talkpal.ai\/sq\/?s={search_term_string}"},"query-input":{"@type":"PropertyValueSpecification","valueRequired":true,"valueName":"search_term_string"}}],"inLanguage":"sq-AL"},{"@type":"Organization","@id":"https:\/\/talkpal.ai\/sq\/#organization","name":"Talkpal, Inc.","alternateName":"Talkpal AI","url":"https:\/\/talkpal.ai\/sq\/","logo":{"@type":"ImageObject","inLanguage":"sq-AL","@id":"https:\/\/talkpal.ai\/sq\/#\/schema\/logo\/image\/","url":"https:\/\/talkpal.ai\/wp-content\/uploads\/2024\/03\/Talkpal-Logo-Icon.png","contentUrl":"https:\/\/talkpal.ai\/wp-content\/uploads\/2024\/03\/Talkpal-Logo-Icon.png","width":2880,"height":2880,"caption":"Talkpal, Inc."},"image":{"@id":"https:\/\/talkpal.ai\/sq\/#\/schema\/logo\/image\/"},"sameAs":["https:\/\/www.facebook.com\/profile.php?id=100090733639311","https:\/\/x.com\/talkpalai","https:\/\/www.linkedin.com\/company\/talkpal\/","https:\/\/www.youtube.com\/@TalkPal\/","https:\/\/www.tiktok.com\/@talkpal","https:\/\/www.instagram.com\/talkpal_ai\/","https:\/\/www.crunchbase.com\/organization\/talkpal-9cde","https:\/\/www.g2.com\/products\/talkpal-for-business\/","https:\/\/www.trustpilot.com\/review\/talkpal.ai","https:\/\/www.capterra.com\/p\/10006800\/TalkPal\/"],"description":"Talkpal is a language learning web and mobile education app, powered by the latest AI technologies, that provides engaging experiences to its customers in many different languages to help them improve their language skills. Users can chat about unlimited amount of topics with the app and use other modes to practice their language learning.","email":"support@talkpal.ai","legalName":"Talkpal, Inc.","foundingDate":"2023-04-03","duns":"118989042","numberOfEmployees":{"@type":"QuantitativeValue","minValue":"11","maxValue":"50"},"publishingPrinciples":"https:\/\/talkpal.ai\/publishing-principles\/","actionableFeedbackPolicy":"https:\/\/talkpal.ai\/actionable-feedback-policy\/","correctionsPolicy":"https:\/\/talkpal.ai\/corrections-policy\/","ethicsPolicy":"https:\/\/talkpal.ai\/ethics-policy\/","diversityPolicy":"https:\/\/talkpal.ai\/diversity-policy\/","diversityStaffingReport":"https:\/\/talkpal.ai\/diversity-policy\/"}]}},"_links":{"self":[{"href":"https:\/\/talkpal.ai\/sq\/wp-json\/wp\/v2\/pages\/1443197","targetHints":{"allow":["GET"]}}],"collection":[{"href":"https:\/\/talkpal.ai\/sq\/wp-json\/wp\/v2\/pages"}],"about":[{"href":"https:\/\/talkpal.ai\/sq\/wp-json\/wp\/v2\/types\/page"}],"author":[{"embeddable":true,"href":"https:\/\/talkpal.ai\/sq\/wp-json\/wp\/v2\/users\/8"}],"replies":[{"embeddable":true,"href":"https:\/\/talkpal.ai\/sq\/wp-json\/wp\/v2\/comments?post=1443197"}],"version-history":[{"count":0,"href":"https:\/\/talkpal.ai\/sq\/wp-json\/wp\/v2\/pages\/1443197\/revisions"}],"wp:featuredmedia":[{"embeddable":true,"href":"https:\/\/talkpal.ai\/sq\/wp-json\/wp\/v2\/media\/1439796"}],"wp:attachment":[{"href":"https:\/\/talkpal.ai\/sq\/wp-json\/wp\/v2\/media?parent=1443197"}],"curies":[{"name":"wp","href":"https:\/\/api.w.org\/{rel}","templated":true}]}}