{"id":1443195,"date":"2023-10-09T10:03:45","date_gmt":"2023-10-09T10:03:45","guid":{"rendered":"https:\/\/talkpal.ai\/udhezimet-e-menaxhimit-te-abonimit\/"},"modified":"2025-09-06T17:59:01","modified_gmt":"2025-09-06T17:59:01","slug":"udhezimet-e-menaxhimit-te-abonimit","status":"publish","type":"page","link":"https:\/\/talkpal.ai\/sq\/udhezimet-e-menaxhimit-te-abonimit\/","title":{"rendered":"Udh\u00ebzimet e menaxhimit t\u00eb abonimit"},"content":{"rendered":"\n<p>Ju mund t&#8217;i menaxhoni abonimet tuaja n\u00eb <a href=\"https:\/\/talkpal.ai\/es\/descargar-la-aplicacion-talkpal-para-android-e-ios\/\">App Store<\/a> (Apple <a href=\"https:\/\/talkpal.ai\/es\/descargar-la-aplicacion-talkpal-para-android-e-ios\/\">iOS<\/a>), Google Play (Android) ose aplikacionet e faqes n\u00eb internet.<\/p>\n\n<h2 class=\"wp-block-heading\" id=\"h-app-store-apple-ios\">App Store (Apple iOS)<\/h2>\n\n<p>Ju lutemi vini re: Ju duhet t\u00eb anuloni abonimin ose prov\u00ebn tuaj t\u00eb Apple t\u00eb pakt\u00ebn 24 or\u00eb para se t\u00eb p\u00ebrfundoj\u00eb. N\u00ebse e anuloni at\u00eb n\u00eb dit\u00ebn e fundit, <a href=\"https:\/\/talkpal.ai\/speaking-with-ai\/\">ai<\/a> do t\u00eb rinovohet automatikisht.<\/p>\n\n<p>P\u00ebr t\u00eb anuluar abonimin tuaj n\u00eb <a href=\"https:\/\/talkpal.ai\/ko\/ai-%ec%96%b8%ec%96%b4-%ea%b5%90%ec%82%ac\/\">Talkpal<\/a> p\u00ebrmes App Store, ndiqni k\u00ebto hapa n\u00eb pajisjen tuaj iOS:<\/p>\n\n<p><strong>Hapi 1<\/strong> \u2013 Hapni aplikacionin Cil\u00ebsimet.<\/p>\n\n<p><strong>Hapi 2<\/strong> \u2013 Zgjidhni Apple ID-n\u00eb tuaj q\u00eb ndodhet n\u00eb krye t\u00eb faqes.<\/p>\n\n<p><strong>Hapi 3<\/strong> \u2013 Zgjidhni &#8220;Shiko Apple ID&#8221;<\/p>\n\n<p><strong>Hapi 4<\/strong> \u2013 Shkoni te &#8220;Abonimet&#8221; dhe zgjidhni at\u00eb q\u00eb d\u00ebshironi t\u00eb anuloni.<\/p>\n\n<p><strong>Hapi 5<\/strong> \u2013 Prekni &#8220;Anulo abonimin&#8221;.<\/p>\n\n<h2 class=\"wp-block-heading\" id=\"h-google-play-android\">Google Play (Android)<\/h2>\n\n<p><b>Hapi 1<\/b> \u2013 N\u00eb pajisjen tuaj Android, lundroni te abonimet tuaja n\u00eb Google Play.<\/p>\n\n<p><b>Hapi 2<\/b> \u2013 Zgjidhni abonimin q\u00eb d\u00ebshironi t\u00eb anuloni.<\/p>\n\n<p><b>Hapi 3<\/b> \u2013 Shtypni Anulo abonimin.<\/p>\n\n<h2 class=\"wp-block-heading\" id=\"h-website\">Faqja e internetit<\/h2>\n\n<p><b>Hapi 1<\/b> \u2013 Shkoni te faqja e llogaris\u00eb suaj.<\/p>\n\n<p><b>Hapi 2<\/b> \u2013 L\u00ebvizni posht\u00eb n\u00eb seksionin &#8220;Abonim&#8221;.<\/p>\n\n<p><b>Hapi 3<\/b> \u2013 Klikoni n\u00eb &#8220;Anulo abonimin&#8221;.<\/p>\n","protected":false},"excerpt":{"rendered":"<p>Ju mund t&#8217;i menaxhoni abonimet tuaja n\u00eb App Store (Apple iOS), Google Play (Android) ose aplikacionet e faqes n\u00eb internet. App Store (Apple iOS) Ju lutemi vini re: Ju duhet t\u00eb anuloni abonimin ose prov\u00ebn tuaj t\u00eb Apple t\u00eb pakt\u00ebn 24 or\u00eb para se t\u00eb p\u00ebrfundoj\u00eb. N\u00ebse e anuloni at\u00eb n\u00eb dit\u00ebn e fundit, ai [&hellip;]<\/p>\n","protected":false},"author":10,"featured_media":1439587,"parent":0,"menu_order":0,"comment_status":"closed","ping_status":"closed","template":"","meta":{"_acf_changed":false,"footnotes":""},"class_list":["post-1443195","page","type-page","status-publish","has-post-thumbnail","hentry"],"acf":[],"yoast_head":"<!-- This site is optimized with the Yoast SEO Premium plugin v27.2 (Yoast SEO v27.2) - https:\/\/yoast.com\/product\/yoast-seo-premium-wordpress\/ -->\n<title>Udh\u00ebzimet e menaxhimit t\u00eb abonimit - Talkpal<\/title>\n<meta name=\"description\" content=\"Ndiqni k\u00ebto udh\u00ebzime p\u00ebr menaxhimin e abonimit p\u00ebr t\u00eb anuluar leht\u00ebsisht abonimet tuaja n\u00eb aplikacionet Apple ose Google Play.\" \/>\n<meta name=\"robots\" content=\"index, follow, max-snippet:-1, max-image-preview:large, max-video-preview:-1\" \/>\n<link rel=\"canonical\" href=\"https:\/\/talkpal.ai\/sq\/udhezimet-e-menaxhimit-te-abonimit\/\" \/>\n<meta property=\"og:locale\" content=\"sq_AL\" \/>\n<meta property=\"og:type\" content=\"article\" \/>\n<meta property=\"og:title\" content=\"Udh\u00ebzimet e menaxhimit t\u00eb abonimit\" \/>\n<meta property=\"og:description\" content=\"Ju mund t&#039;i menaxhoni abonimet tuaja n\u00eb App Store (Apple iOS), Google Play (Android) ose aplikacionet e faqes n\u00eb internet. App Store (Apple iOS) Ju lutemi\" \/>\n<meta property=\"og:url\" content=\"https:\/\/talkpal.ai\/sq\/udhezimet-e-menaxhimit-te-abonimit\/\" \/>\n<meta property=\"og:site_name\" content=\"Talkpal\" \/>\n<meta property=\"article:publisher\" content=\"https:\/\/www.facebook.com\/profile.php?id=100090733639311\" \/>\n<meta property=\"article:modified_time\" content=\"2025-09-06T17:59:01+00:00\" \/>\n<meta property=\"og:image\" content=\"https:\/\/talkpal.ai\/wp-content\/uploads\/2024\/03\/Talkpal-Logo-Icon.png\" \/>\n\t<meta property=\"og:image:width\" content=\"2880\" \/>\n\t<meta property=\"og:image:height\" content=\"2880\" \/>\n\t<meta property=\"og:image:type\" content=\"image\/png\" \/>\n<meta name=\"twitter:card\" content=\"summary_large_image\" \/>\n<meta name=\"twitter:site\" content=\"@talkpalai\" \/>\n<meta name=\"twitter:label1\" content=\"Est. reading time\" \/>\n\t<meta name=\"twitter:data1\" content=\"1 minute\" \/>\n<script type=\"application\/ld+json\" class=\"yoast-schema-graph\">{\"@context\":\"https:\/\/schema.org\",\"@graph\":[{\"@type\":\"WebPage\",\"@id\":\"https:\/\/talkpal.ai\/sq\/udhezimet-e-menaxhimit-te-abonimit\/\",\"url\":\"https:\/\/talkpal.ai\/sq\/udhezimet-e-menaxhimit-te-abonimit\/\",\"name\":\"Udh\u00ebzimet e menaxhimit t\u00eb abonimit - Talkpal\",\"isPartOf\":{\"@id\":\"https:\/\/talkpal.ai\/sq\/#website\"},\"primaryImageOfPage\":{\"@id\":\"https:\/\/talkpal.ai\/sq\/udhezimet-e-menaxhimit-te-abonimit\/#primaryimage\"},\"image\":{\"@id\":\"https:\/\/talkpal.ai\/sq\/udhezimet-e-menaxhimit-te-abonimit\/#primaryimage\"},\"thumbnailUrl\":\"https:\/\/talkpal.ai\/wp-content\/uploads\/2024\/03\/Talkpal-Logo-Icon.png\",\"datePublished\":\"2023-10-09T10:03:45+00:00\",\"dateModified\":\"2025-09-06T17:59:01+00:00\",\"description\":\"Ndiqni k\u00ebto udh\u00ebzime p\u00ebr menaxhimin e abonimit p\u00ebr t\u00eb anuluar leht\u00ebsisht abonimet tuaja n\u00eb aplikacionet Apple ose Google Play.\",\"breadcrumb\":{\"@id\":\"https:\/\/talkpal.ai\/sq\/udhezimet-e-menaxhimit-te-abonimit\/#breadcrumb\"},\"inLanguage\":\"sq-AL\",\"potentialAction\":[{\"@type\":\"ReadAction\",\"target\":[\"https:\/\/talkpal.ai\/sq\/udhezimet-e-menaxhimit-te-abonimit\/\"]}]},{\"@type\":\"ImageObject\",\"inLanguage\":\"sq-AL\",\"@id\":\"https:\/\/talkpal.ai\/sq\/udhezimet-e-menaxhimit-te-abonimit\/#primaryimage\",\"url\":\"https:\/\/talkpal.ai\/wp-content\/uploads\/2024\/03\/Talkpal-Logo-Icon.png\",\"contentUrl\":\"https:\/\/talkpal.ai\/wp-content\/uploads\/2024\/03\/Talkpal-Logo-Icon.png\",\"width\":2880,\"height\":2880,\"caption\":\"Logoja e talkpal\"},{\"@type\":\"BreadcrumbList\",\"@id\":\"https:\/\/talkpal.ai\/sq\/udhezimet-e-menaxhimit-te-abonimit\/#breadcrumb\",\"itemListElement\":[{\"@type\":\"ListItem\",\"position\":1,\"name\":\"Homepage\",\"item\":\"https:\/\/talkpal.ai\/sq\/\"},{\"@type\":\"ListItem\",\"position\":2,\"name\":\"Udh\u00ebzimet e menaxhimit t\u00eb abonimit\"}]},{\"@type\":\"WebSite\",\"@id\":\"https:\/\/talkpal.ai\/sq\/#website\",\"url\":\"https:\/\/talkpal.ai\/sq\/\",\"name\":\"Talkpal\",\"description\":\"AI Language Learning\",\"publisher\":{\"@id\":\"https:\/\/talkpal.ai\/sq\/#organization\"},\"alternateName\":\"Talkpal AI\",\"potentialAction\":[{\"@type\":\"SearchAction\",\"target\":{\"@type\":\"EntryPoint\",\"urlTemplate\":\"https:\/\/talkpal.ai\/sq\/?s={search_term_string}\"},\"query-input\":{\"@type\":\"PropertyValueSpecification\",\"valueRequired\":true,\"valueName\":\"search_term_string\"}}],\"inLanguage\":\"sq-AL\"},{\"@type\":\"Organization\",\"@id\":\"https:\/\/talkpal.ai\/sq\/#organization\",\"name\":\"Talkpal, Inc.\",\"alternateName\":\"Talkpal AI\",\"url\":\"https:\/\/talkpal.ai\/sq\/\",\"logo\":{\"@type\":\"ImageObject\",\"inLanguage\":\"sq-AL\",\"@id\":\"https:\/\/talkpal.ai\/sq\/#\/schema\/logo\/image\/\",\"url\":\"https:\/\/talkpal.ai\/wp-content\/uploads\/2024\/03\/Talkpal-Logo-Icon.png\",\"contentUrl\":\"https:\/\/talkpal.ai\/wp-content\/uploads\/2024\/03\/Talkpal-Logo-Icon.png\",\"width\":2880,\"height\":2880,\"caption\":\"Talkpal, Inc.\"},\"image\":{\"@id\":\"https:\/\/talkpal.ai\/sq\/#\/schema\/logo\/image\/\"},\"sameAs\":[\"https:\/\/www.facebook.com\/profile.php?id=100090733639311\",\"https:\/\/x.com\/talkpalai\",\"https:\/\/www.linkedin.com\/company\/talkpal\/\",\"https:\/\/www.youtube.com\/@TalkPal\/\",\"https:\/\/www.tiktok.com\/@talkpal\",\"https:\/\/www.instagram.com\/talkpal_ai\/\",\"https:\/\/www.crunchbase.com\/organization\/talkpal-9cde\",\"https:\/\/www.g2.com\/products\/talkpal-for-business\/\",\"https:\/\/www.trustpilot.com\/review\/talkpal.ai\",\"https:\/\/www.capterra.com\/p\/10006800\/TalkPal\/\"],\"description\":\"Talkpal is a language learning web and mobile education app, powered by the latest AI technologies, that provides engaging experiences to its customers in many different languages to help them improve their language skills. Users can chat about unlimited amount of topics with the app and use other modes to practice their language learning.\",\"email\":\"support@talkpal.ai\",\"legalName\":\"Talkpal, Inc.\",\"foundingDate\":\"2023-04-03\",\"duns\":\"118989042\",\"numberOfEmployees\":{\"@type\":\"QuantitativeValue\",\"minValue\":\"11\",\"maxValue\":\"50\"},\"publishingPrinciples\":\"https:\/\/talkpal.ai\/publishing-principles\/\",\"actionableFeedbackPolicy\":\"https:\/\/talkpal.ai\/actionable-feedback-policy\/\",\"correctionsPolicy\":\"https:\/\/talkpal.ai\/corrections-policy\/\",\"ethicsPolicy\":\"https:\/\/talkpal.ai\/ethics-policy\/\",\"diversityPolicy\":\"https:\/\/talkpal.ai\/diversity-policy\/\",\"diversityStaffingReport\":\"https:\/\/talkpal.ai\/diversity-policy\/\"}]}<\/script>\n<!-- \/ Yoast SEO Premium plugin. -->","yoast_head_json":{"title":"Udh\u00ebzimet e menaxhimit t\u00eb abonimit - Talkpal","description":"Ndiqni k\u00ebto udh\u00ebzime p\u00ebr menaxhimin e abonimit p\u00ebr t\u00eb anuluar leht\u00ebsisht abonimet tuaja n\u00eb aplikacionet Apple ose Google Play.","robots":{"index":"index","follow":"follow","max-snippet":"max-snippet:-1","max-image-preview":"max-image-preview:large","max-video-preview":"max-video-preview:-1"},"canonical":"https:\/\/talkpal.ai\/sq\/udhezimet-e-menaxhimit-te-abonimit\/","og_locale":"sq_AL","og_type":"article","og_title":"Udh\u00ebzimet e menaxhimit t\u00eb abonimit","og_description":"Ju mund t'i menaxhoni abonimet tuaja n\u00eb App Store (Apple iOS), Google Play (Android) ose aplikacionet e faqes n\u00eb internet. App Store (Apple iOS) Ju lutemi","og_url":"https:\/\/talkpal.ai\/sq\/udhezimet-e-menaxhimit-te-abonimit\/","og_site_name":"Talkpal","article_publisher":"https:\/\/www.facebook.com\/profile.php?id=100090733639311","article_modified_time":"2025-09-06T17:59:01+00:00","og_image":[{"width":2880,"height":2880,"url":"https:\/\/talkpal.ai\/wp-content\/uploads\/2024\/03\/Talkpal-Logo-Icon.png","type":"image\/png"}],"twitter_card":"summary_large_image","twitter_site":"@talkpalai","twitter_misc":{"Est. reading time":"1 minute"},"schema":{"@context":"https:\/\/schema.org","@graph":[{"@type":"WebPage","@id":"https:\/\/talkpal.ai\/sq\/udhezimet-e-menaxhimit-te-abonimit\/","url":"https:\/\/talkpal.ai\/sq\/udhezimet-e-menaxhimit-te-abonimit\/","name":"Udh\u00ebzimet e menaxhimit t\u00eb abonimit - Talkpal","isPartOf":{"@id":"https:\/\/talkpal.ai\/sq\/#website"},"primaryImageOfPage":{"@id":"https:\/\/talkpal.ai\/sq\/udhezimet-e-menaxhimit-te-abonimit\/#primaryimage"},"image":{"@id":"https:\/\/talkpal.ai\/sq\/udhezimet-e-menaxhimit-te-abonimit\/#primaryimage"},"thumbnailUrl":"https:\/\/talkpal.ai\/wp-content\/uploads\/2024\/03\/Talkpal-Logo-Icon.png","datePublished":"2023-10-09T10:03:45+00:00","dateModified":"2025-09-06T17:59:01+00:00","description":"Ndiqni k\u00ebto udh\u00ebzime p\u00ebr menaxhimin e abonimit p\u00ebr t\u00eb anuluar leht\u00ebsisht abonimet tuaja n\u00eb aplikacionet Apple ose Google Play.","breadcrumb":{"@id":"https:\/\/talkpal.ai\/sq\/udhezimet-e-menaxhimit-te-abonimit\/#breadcrumb"},"inLanguage":"sq-AL","potentialAction":[{"@type":"ReadAction","target":["https:\/\/talkpal.ai\/sq\/udhezimet-e-menaxhimit-te-abonimit\/"]}]},{"@type":"ImageObject","inLanguage":"sq-AL","@id":"https:\/\/talkpal.ai\/sq\/udhezimet-e-menaxhimit-te-abonimit\/#primaryimage","url":"https:\/\/talkpal.ai\/wp-content\/uploads\/2024\/03\/Talkpal-Logo-Icon.png","contentUrl":"https:\/\/talkpal.ai\/wp-content\/uploads\/2024\/03\/Talkpal-Logo-Icon.png","width":2880,"height":2880,"caption":"Logoja e talkpal"},{"@type":"BreadcrumbList","@id":"https:\/\/talkpal.ai\/sq\/udhezimet-e-menaxhimit-te-abonimit\/#breadcrumb","itemListElement":[{"@type":"ListItem","position":1,"name":"Homepage","item":"https:\/\/talkpal.ai\/sq\/"},{"@type":"ListItem","position":2,"name":"Udh\u00ebzimet e menaxhimit t\u00eb abonimit"}]},{"@type":"WebSite","@id":"https:\/\/talkpal.ai\/sq\/#website","url":"https:\/\/talkpal.ai\/sq\/","name":"Talkpal","description":"AI Language Learning","publisher":{"@id":"https:\/\/talkpal.ai\/sq\/#organization"},"alternateName":"Talkpal AI","potentialAction":[{"@type":"SearchAction","target":{"@type":"EntryPoint","urlTemplate":"https:\/\/talkpal.ai\/sq\/?s={search_term_string}"},"query-input":{"@type":"PropertyValueSpecification","valueRequired":true,"valueName":"search_term_string"}}],"inLanguage":"sq-AL"},{"@type":"Organization","@id":"https:\/\/talkpal.ai\/sq\/#organization","name":"Talkpal, Inc.","alternateName":"Talkpal AI","url":"https:\/\/talkpal.ai\/sq\/","logo":{"@type":"ImageObject","inLanguage":"sq-AL","@id":"https:\/\/talkpal.ai\/sq\/#\/schema\/logo\/image\/","url":"https:\/\/talkpal.ai\/wp-content\/uploads\/2024\/03\/Talkpal-Logo-Icon.png","contentUrl":"https:\/\/talkpal.ai\/wp-content\/uploads\/2024\/03\/Talkpal-Logo-Icon.png","width":2880,"height":2880,"caption":"Talkpal, Inc."},"image":{"@id":"https:\/\/talkpal.ai\/sq\/#\/schema\/logo\/image\/"},"sameAs":["https:\/\/www.facebook.com\/profile.php?id=100090733639311","https:\/\/x.com\/talkpalai","https:\/\/www.linkedin.com\/company\/talkpal\/","https:\/\/www.youtube.com\/@TalkPal\/","https:\/\/www.tiktok.com\/@talkpal","https:\/\/www.instagram.com\/talkpal_ai\/","https:\/\/www.crunchbase.com\/organization\/talkpal-9cde","https:\/\/www.g2.com\/products\/talkpal-for-business\/","https:\/\/www.trustpilot.com\/review\/talkpal.ai","https:\/\/www.capterra.com\/p\/10006800\/TalkPal\/"],"description":"Talkpal is a language learning web and mobile education app, powered by the latest AI technologies, that provides engaging experiences to its customers in many different languages to help them improve their language skills. Users can chat about unlimited amount of topics with the app and use other modes to practice their language learning.","email":"support@talkpal.ai","legalName":"Talkpal, Inc.","foundingDate":"2023-04-03","duns":"118989042","numberOfEmployees":{"@type":"QuantitativeValue","minValue":"11","maxValue":"50"},"publishingPrinciples":"https:\/\/talkpal.ai\/publishing-principles\/","actionableFeedbackPolicy":"https:\/\/talkpal.ai\/actionable-feedback-policy\/","correctionsPolicy":"https:\/\/talkpal.ai\/corrections-policy\/","ethicsPolicy":"https:\/\/talkpal.ai\/ethics-policy\/","diversityPolicy":"https:\/\/talkpal.ai\/diversity-policy\/","diversityStaffingReport":"https:\/\/talkpal.ai\/diversity-policy\/"}]}},"_links":{"self":[{"href":"https:\/\/talkpal.ai\/sq\/wp-json\/wp\/v2\/pages\/1443195","targetHints":{"allow":["GET"]}}],"collection":[{"href":"https:\/\/talkpal.ai\/sq\/wp-json\/wp\/v2\/pages"}],"about":[{"href":"https:\/\/talkpal.ai\/sq\/wp-json\/wp\/v2\/types\/page"}],"author":[{"embeddable":true,"href":"https:\/\/talkpal.ai\/sq\/wp-json\/wp\/v2\/users\/10"}],"replies":[{"embeddable":true,"href":"https:\/\/talkpal.ai\/sq\/wp-json\/wp\/v2\/comments?post=1443195"}],"version-history":[{"count":0,"href":"https:\/\/talkpal.ai\/sq\/wp-json\/wp\/v2\/pages\/1443195\/revisions"}],"wp:featuredmedia":[{"embeddable":true,"href":"https:\/\/talkpal.ai\/sq\/wp-json\/wp\/v2\/media\/1439587"}],"wp:attachment":[{"href":"https:\/\/talkpal.ai\/sq\/wp-json\/wp\/v2\/media?parent=1443195"}],"curies":[{"name":"wp","href":"https:\/\/api.w.org\/{rel}","templated":true}]}}