{"id":1442948,"date":"2023-04-03T14:56:00","date_gmt":"2023-04-03T14:56:00","guid":{"rendered":"https:\/\/talkpal.ai\/rreth\/"},"modified":"2026-03-06T16:32:51","modified_gmt":"2026-03-06T16:32:51","slug":"rreth","status":"publish","type":"page","link":"https:\/\/talkpal.ai\/sq\/rreth\/","title":{"rendered":"Rreth"},"content":{"rendered":"\n<p id=\"h-\"><a href=\"https:\/\/talkpal.ai\/ko\/ai-%ec%96%b8%ec%96%b4-%ea%b5%90%ec%82%ac\/\">Talkpal<\/a>, Inc. \u00ebsht\u00eb nj\u00eb kompani e t\u00eb m\u00ebsuarit t\u00eb gjuh\u00ebve e mb\u00ebshtetur n\u00eb inteligjenc\u00ebn artificiale me misionin p\u00ebr ta b\u00ebr\u00eb t\u00eb folurit e \u00e7do gjuhe t\u00eb arritshme p\u00ebr t\u00eb gjith\u00eb, kudo. Talkpal zhvillon nj\u00eb nga platformat m\u00eb t\u00eb p\u00ebrparuara t\u00eb m\u00ebsuesve t\u00eb gjuh\u00ebs me an\u00eb t\u00eb inteligjenc\u00ebs artificiale n\u00eb bot\u00eb, duke ndihmuar miliona nx\u00ebn\u00ebs t\u00eb praktikojn\u00eb biseda t\u00eb v\u00ebrteta me besim.<\/p>\n\n<p>E themeluar n\u00eb vitin 2023, Talkpal u nd\u00ebrtua mbi nj\u00eb besim t\u00eb thjesht\u00eb, por t\u00eb fuqish\u00ebm: t\u00eb m\u00ebsuarit e gjuh\u00ebve nuk duhet t\u00eb jet\u00eb nj\u00eb privilegj dhe duhet t\u00eb jet\u00eb i arritsh\u00ebm p\u00ebr t\u00eb gjith\u00eb. Duke kombinuar inteligjenc\u00ebn artificiale t\u00eb p\u00ebrparuar me ekspertiz\u00ebn dhe k\u00ebrkimin gjuh\u00ebsor, Talkpal heq barrierat tradicionale si kostoja, koha dhe frika nga t\u00eb folurit &#8211; duke i z\u00ebvend\u00ebsuar ato me praktik\u00eb t\u00eb personalizuar dhe pa presion, t\u00eb disponueshme n\u00eb shum\u00eb platforma 24\/7.<\/p>\n\n<p>Sot, Talkpal mb\u00ebshtet mbi 80 gjuh\u00eb, u sh\u00ebrben miliona nx\u00ebn\u00ebsve n\u00eb mbi 180 vende dhe \u00ebsht\u00eb i disponuesh\u00ebm n\u00eb internet, <a href=\"https:\/\/talkpal.ai\/es\/descargar-la-aplicacion-talkpal-para-android-e-ios\/\">iOS<\/a> dhe <a href=\"https:\/\/talkpal.ai\/es\/descargar-la-aplicacion-talkpal-para-android-e-ios\/\">Android<\/a>.<\/p>\n\n<h2 class=\"wp-block-heading\" id=\"h-our-mission\">Misioni yn\u00eb<\/h2>\n\n<p>Misioni yn\u00eb \u00ebsht\u00eb t\u00eb revolucionarizojm\u00eb t\u00eb m\u00ebsuarit e gjuh\u00ebve duke ofruar nj\u00eb p\u00ebrvoj\u00eb m\u00ebsimore gjuh\u00ebsore t\u00ebrheq\u00ebse, interaktive dhe t\u00eb personalizuar t\u00eb mund\u00ebsuar nga inteligjenca artificiale.<br\/><br\/>Ne p\u00ebrpiqemi t\u00eb thyejm\u00eb barrierat gjuh\u00ebsore, t\u00eb nxisim lidhjet globale dhe t\u00eb kultivojm\u00eb nj\u00eb komunitet nx\u00ebn\u00ebsish t\u00eb pasionuar, duke i fuqizuar ata t\u00eb komunikojn\u00eb me besim dhe rrjedhshm\u00ebri n\u00eb gjuh\u00ebn e <a href=\"https:\/\/talkpal.ai\/locations\/language-courses-in-tyre\/\">tyre<\/a> t\u00eb zgjedhur.<\/p>\n\n<h2 class=\"wp-block-heading\" id=\"h-our-vision\">Vizioni yn\u00eb<\/h2>\n\n<p>Vizioni yn\u00eb \u00ebsht\u00eb t\u00eb b\u00ebhemi m\u00ebsuesi kryesor n\u00eb bot\u00eb i gjuh\u00ebs s\u00eb <a href=\"https:\/\/talkpal.ai\/speaking-with-ai\/\">AI<\/a>, duke transformuar m\u00ebnyr\u00ebn <a href=\"https:\/\/talkpal.ai\/culture\/what-is-the-difference-between-se-and-si\/\">se si<\/a> njer\u00ebzit m\u00ebsojn\u00eb gjuh\u00eb p\u00ebrmes bisedave gjith\u00ebp\u00ebrfshir\u00ebse, t\u00eb drejtuara nga konteksti dhe teknologjis\u00eb s\u00eb t\u00eb m\u00ebsuarit adaptiv.<br\/><br\/>Ne synojm\u00eb t\u00eb frym\u00ebzojm\u00eb dhe ushqejm\u00eb dashurin\u00eb p\u00ebr m\u00ebsimin e gjuh\u00ebs, duke inkurajuar shk\u00ebmbimin kulturor dhe duke kap\u00ebrcyer hendekun e komunikimit p\u00ebrtej kufijve, duke formuar p\u00ebrfundimisht nj\u00eb bot\u00eb m\u00eb t\u00eb lidhur dhe m\u00eb mir\u00ebkuptuese.<\/p>\n\n<h2 class=\"wp-block-heading\" id=\"h-our-story\">Historia jon\u00eb<\/h2>\n\n<p>Talkpal u themelua nga <a href=\"https:\/\/talkpal.ai\/locations\/language-courses-in-david\/\">David<\/a> Gegechkori (n\u00eb foto majtas) dhe Dimitri Dekanozishvili (n\u00eb foto djathtas), t\u00eb nxitur nga nj\u00eb frustrim i p\u00ebrbashk\u00ebt me metodat tradicionale t\u00eb t\u00eb m\u00ebsuarit t\u00eb gjuh\u00ebve q\u00eb shpesh d\u00ebshtojn\u00eb n\u00eb p\u00ebrgatitjen e nx\u00ebn\u00ebsve p\u00ebr t\u00eb folurit n\u00eb bot\u00ebn reale.<\/p>\n\n<div class=\"wp-block-columns is-layout-flex wp-container-core-columns-is-layout-9d6595d7 wp-block-columns-is-layout-flex\">\n<div class=\"wp-block-column is-layout-flow wp-block-column-is-layout-flow\" style=\"flex-basis:50%\"><div class=\"wp-block-image\">\n<figure class=\"alignleft size-large\"><img decoding=\"async\" width=\"1024\" height=\"683\" src=\"https:\/\/talkpal.ai\/wp-content\/uploads\/2025\/12\/Talkpal-Entrepreneur-1024x683.jpg\" alt=\"\" class=\"wp-image-1557444\" style=\"aspect-ratio:1.4992888417882142\" srcset=\"https:\/\/talkpal.ai\/wp-content\/uploads\/2025\/12\/Talkpal-Entrepreneur-1024x683.jpg 1024w, https:\/\/talkpal.ai\/wp-content\/uploads\/2025\/12\/Talkpal-Entrepreneur-300x200.jpg 300w, https:\/\/talkpal.ai\/wp-content\/uploads\/2025\/12\/Talkpal-Entrepreneur-768x512.jpg 768w, https:\/\/talkpal.ai\/wp-content\/uploads\/2025\/12\/Talkpal-Entrepreneur.jpg 1344w\" sizes=\"(max-width: 1024px) 100vw, 1024px\" \/><\/figure>\n<\/div><\/div>\n\n\n\n<div class=\"wp-block-column is-layout-flow wp-block-column-is-layout-flow\" style=\"flex-basis:50%\">\n<p>Q\u00eb n\u00eb fillim, q\u00ebllimi ishte i qart\u00eb: t\u00eb nd\u00ebrtohej nj\u00eb shoq\u00ebrues gjuh\u00ebsor i inteligjenc\u00ebs artificiale q\u00eb t\u00eb ndihet m\u00eb pak si nj\u00eb lib\u00ebr shkollor dhe m\u00eb shum\u00eb si nj\u00eb partner mb\u00ebshtet\u00ebs bisede. Emri \u201cTalkpal\u201d pasqyron k\u00ebt\u00eb filozofi &#8211; nj\u00eb shoq\u00ebrues miq\u00ebsor dhe gjithmon\u00eb i disponuesh\u00ebm q\u00eb i inkurajon nx\u00ebn\u00ebsit t\u00eb praktikojn\u00eb t\u00eb folurit pa frik\u00ebn e gjykimit.<\/p>\n\n\n\n<p>Duke filluar si nj\u00eb produkt i bazuar n\u00eb internet, Talkpal u zgjerua shpejt n\u00eb platformat <a href=\"https:\/\/talkpal.ai\/locations\/language-courses-in-mobile\/\">mobile<\/a>, duke krijuar nj\u00eb ekip global inxhinier\u00ebsh t\u00eb inteligjenc\u00ebs artificiale, gjuh\u00ebtar\u00ebsh, edukator\u00ebsh, tregtar\u00ebsh dhe dizajner\u00ebsh produktesh. P\u00ebrmes p\u00ebrs\u00ebritjes s\u00eb vazhdueshme, k\u00ebrkimit dhe reagimeve t\u00eb p\u00ebrdoruesve, Talkpal evoluoi n\u00eb nj\u00eb platform\u00eb gjith\u00ebp\u00ebrfshir\u00ebse t\u00eb t\u00eb m\u00ebsuarit t\u00eb gjuh\u00ebve me inteligjenc\u00eb artificiale, t\u00eb cil\u00ebs i besojn\u00eb miliona njer\u00ebz n\u00eb mbar\u00eb bot\u00ebn.<\/p>\n<\/div>\n<\/div>\n\n<h2 class=\"wp-block-heading\" id=\"h-what-we-do\">\u00c7far\u00eb b\u00ebjm\u00eb ne<\/h2>\n\n<p>Talkpal ofron p\u00ebrvoja t\u00eb t\u00eb m\u00ebsuarit me tekst dhe z\u00eb t\u00eb mund\u00ebsuar nga inteligjenca artificiale, t\u00eb dizajnuara p\u00ebr t\u00eb simuluar nd\u00ebrveprimin real njer\u00ebzor. Platforma jon\u00eb p\u00ebrshtatet n\u00eb m\u00ebnyr\u00eb dinamike me nivelin, q\u00ebllimet dhe stilin e t\u00eb nx\u00ebnit t\u00eb secilit nx\u00ebn\u00ebs.<\/p>\n\n<p>Aft\u00ebsit\u00eb kryesore p\u00ebrfshijn\u00eb:<\/p>\n\n<ul class=\"wp-block-list\">\n<li>Biseda natyrale me inteligjenc\u00eb artificiale p\u00ebr praktik\u00ebn e t\u00eb folurit<\/li>\n\n\n\n<li><a href=\"https:\/\/talkpal.ai\/contact\/\">Reagime<\/a> n\u00eb koh\u00eb reale mbi shqiptimin, gramatik\u00ebn dhe rrjedhshm\u00ebrin\u00eb<\/li>\n\n\n\n<li>Mb\u00ebshtetje p\u00ebr fillestar\u00ebt deri te nx\u00ebn\u00ebsit e avancuar<\/li>\n\n\n\n<li>M\u00ebsime n\u00eb mbi 80 gjuh\u00eb globale, duke p\u00ebrfshir\u00eb anglisht, spanjisht, gjermanisht, fr\u00ebngjisht, italisht, japonisht, kinezisht, koreanisht, arabisht, holandisht, portugalisht, suedisht, hebraisht, greqisht, turqisht, finlandisht dhe afrikansisht, shqip, armenisht, asamezisht, azerbajxhanisht, baskisht, bjellorusisht, bengalisht, boshnjakisht, bullgarisht, birmanisht, kantonezisht, katalanisht, kroatisht, \u00e7ekisht, danisht, estonisht, galicianisht, gjeorgjianisht, guxharatisht, hindisht, hungarisht, islandisht, indonezisht, irlandisht, javanisht, kannadaisht, kazakisht, khmerisht, laosisht, letonisht, lituanisht, maqedonisht, malajalamisht, malajalamisht, maltisht, maori, maratisht, mongolisht, nepalisht, norvegjisht, odiaisht, pashto, persisht, polonisht, punjabisht, rumanisht, rusisht, serbisht, sinhalisht, sllovakisht, sllovenisht, somalisht, suahili, tagalogisht, tamilisht, teluguisht, tajlandisht, ukrainisht, urduisht, uzbekisht, vietnamisht, uellsisht, zuluisht dhe m\u00eb shum\u00eb.<\/li>\n\n\n\n<li>Nj\u00eb model freemium me plane abonimi fleksib\u00ebl<\/li>\n\n\n\n<li>Zgjidhje t\u00eb dedikuara p\u00ebr nd\u00ebrmarrjet p\u00ebr universitete, shkolla gjuh\u00ebsh, kompani dhe organizata t\u00eb tjera<\/li>\n<\/ul>\n\n<p>P\u00ebrmbajtja dhe sistemet tona zhvillohen n\u00eb bashk\u00ebpunim me ekspert\u00eb gjuh\u00ebsor\u00eb dhe studiues t\u00eb inteligjenc\u00ebs artificiale, duke siguruar si q\u00ebndrueshm\u00ebri pedagogjike ashtu edhe p\u00ebrsosm\u00ebri teknike.<\/p>\n\n<h2 class=\"wp-block-heading\" id=\"h-research-backed-learning\">M\u00ebsim i Mb\u00ebshtetur nga K\u00ebrkimet<\/h2>\n\n<p>Efektiviteti i Talkpal \u00ebsht\u00eb shqyrtuar n\u00eb studime t\u00eb shumta akademike, ve\u00e7an\u00ebrisht n\u00eb kontekstet e ESL dhe EFL. Hulumtimet kan\u00eb treguar p\u00ebrmir\u00ebsime statistikisht t\u00eb r\u00ebnd\u00ebsishme n\u00eb rrjedhshm\u00ebrin\u00eb e t\u00eb folurit, shqiptimin, gramatik\u00ebn dhe vet\u00ebbesimin e nx\u00ebn\u00ebsve kur p\u00ebrdorin mjete bisedore t\u00eb bazuara n\u00eb inteligjenc\u00ebn artificiale si Talkpal.<\/p>\n\n<p>Kjo qasje e bazuar n\u00eb k\u00ebrkime mb\u00ebshtet angazhimin ton\u00eb p\u00ebr t\u00eb nd\u00ebrtuar jo vet\u00ebm teknologji inovative &#8211; por edhe p\u00ebrvoja t\u00eb matshme efektive t\u00eb t\u00eb nx\u00ebnit t\u00eb gjuh\u00ebve.<\/p>\n\n<h2 class=\"wp-block-heading\" id=\"h-trusted-by-learners-worldwide\">I besuar nga nx\u00ebn\u00ebsit n\u00eb mbar\u00eb bot\u00ebn<\/h2>\n\n<p>Talkpal g\u00ebzon besimin e miliona p\u00ebrdoruesve n\u00eb t\u00eb gjith\u00eb bot\u00ebn dhe vazhdimisht merr vler\u00ebsime t\u00eb forta n\u00eb dyqanet e aplikacioneve dhe platformat e rishikimit. Nx\u00ebn\u00ebsit shpesh theksojn\u00eb:<\/p>\n\n<ul class=\"wp-block-list\">\n<li>Mjedisi pa presion p\u00ebr praktik\u00ebn e t\u00eb folurit<\/li>\n\n\n\n<li>Reagime t\u00eb menj\u00ebhershme dhe t\u00eb zbatueshme<\/li>\n\n\n\n<li>Fleksibilitet p\u00ebr t\u00eb m\u00ebsuar n\u00eb \u00e7do koh\u00eb, kudo<\/li>\n\n\n\n<li>Aft\u00ebsia p\u00ebr t\u00eb praktikuar pa pasur nevoj\u00eb p\u00ebr nj\u00eb partner gjuh\u00ebsor njer\u00ebzor<\/li>\n<\/ul>\n\n<h2 class=\"wp-block-heading\" id=\"h-our-commitment\">Angazhimi yn\u00eb<\/h2>\n\n<p>N\u00eb Talkpal, ne jemi t\u00eb p\u00ebrkushtuar ndaj:<\/p>\n\n<ul class=\"wp-block-list\">\n<li><strong>Inovacioni<\/strong> \u2013 p\u00ebrparim i vazhduesh\u00ebm n\u00eb inteligjenc\u00ebn artificiale dhe teknologjin\u00eb arsimore<\/li>\n\n\n\n<li><strong>Cil\u00ebsia<\/strong> \u2013 p\u00ebrvoja m\u00ebsimore t\u00eb mb\u00ebshtetura nga k\u00ebrkimet<\/li>\n\n\n\n<li><strong>Aksesueshm\u00ebria<\/strong> \u2013 m\u00ebsim gjuh\u00ebsh i p\u00ebrballuesh\u00ebm dhe gjith\u00ebp\u00ebrfshir\u00ebs p\u00ebr t\u00eb gjith\u00eb<\/li>\n\n\n\n<li><strong>Ndikim global<\/strong> \u2013 fuqizimi i komunikimit midis kulturave<\/li>\n<\/ul>\n\n<p>Ne besojm\u00eb se gjuha ka fuqin\u00eb t\u00eb ndryshoj\u00eb jet\u00eb &#8211; dhe me inteligjenc\u00ebn artificiale, kjo fuqi mund t\u00eb arrij\u00eb tek t\u00eb gjith\u00eb.<\/p>\n\n<p><\/p>\n","protected":false},"excerpt":{"rendered":"<p>Talkpal, Inc. \u00ebsht\u00eb nj\u00eb kompani e t\u00eb m\u00ebsuarit t\u00eb gjuh\u00ebve e mb\u00ebshtetur n\u00eb inteligjenc\u00ebn artificiale me misionin p\u00ebr ta b\u00ebr\u00eb t\u00eb folurit e \u00e7do gjuhe t\u00eb arritshme p\u00ebr t\u00eb gjith\u00eb, kudo. Talkpal zhvillon nj\u00eb nga platformat m\u00eb t\u00eb p\u00ebrparuara t\u00eb m\u00ebsuesve t\u00eb gjuh\u00ebs me an\u00eb t\u00eb inteligjenc\u00ebs artificiale n\u00eb bot\u00eb, duke ndihmuar miliona nx\u00ebn\u00ebs t\u00eb [&hellip;]<\/p>\n","protected":false},"author":1,"featured_media":1439587,"parent":0,"menu_order":0,"comment_status":"closed","ping_status":"closed","template":"","meta":{"_acf_changed":false,"footnotes":""},"class_list":["post-1442948","page","type-page","status-publish","has-post-thumbnail","hentry"],"acf":[],"yoast_head":"<!-- This site is optimized with the Yoast SEO Premium plugin v27.2 (Yoast SEO v27.2) - https:\/\/yoast.com\/product\/yoast-seo-premium-wordpress\/ -->\n<title>Rreth - Talkpal<\/title>\n<meta name=\"description\" content=\"Talkpal \u00ebsht\u00eb nj\u00eb m\u00ebsues i gjuh\u00ebs AI i fuqizuar nga GPT, i cili u themelua me besimin se m\u00ebsimi i gjuh\u00ebs duhet t\u00eb jet\u00eb i aksesuesh\u00ebm p\u00ebr t\u00eb gjith\u00eb.\" \/>\n<meta name=\"robots\" content=\"index, follow, max-snippet:-1, max-image-preview:large, max-video-preview:-1\" \/>\n<link rel=\"canonical\" href=\"https:\/\/talkpal.ai\/sq\/rreth\/\" \/>\n<meta property=\"og:locale\" content=\"sq_AL\" \/>\n<meta property=\"og:type\" content=\"article\" \/>\n<meta property=\"og:title\" content=\"Rreth\" \/>\n<meta property=\"og:description\" content=\"Talkpal, Inc. \u00ebsht\u00eb nj\u00eb kompani e t\u00eb m\u00ebsuarit t\u00eb gjuh\u00ebve e mb\u00ebshtetur n\u00eb inteligjenc\u00ebn artificiale me misionin p\u00ebr ta b\u00ebr\u00eb t\u00eb folurit e \u00e7do gjuhe t\u00eb\" \/>\n<meta property=\"og:url\" content=\"https:\/\/talkpal.ai\/sq\/rreth\/\" \/>\n<meta property=\"og:site_name\" content=\"Talkpal\" \/>\n<meta property=\"article:publisher\" content=\"https:\/\/www.facebook.com\/profile.php?id=100090733639311\" \/>\n<meta property=\"article:modified_time\" content=\"2026-03-06T16:32:51+00:00\" \/>\n<meta property=\"og:image\" content=\"https:\/\/talkpal.ai\/wp-content\/uploads\/2024\/03\/Talkpal-Logo-Icon.png\" \/>\n\t<meta property=\"og:image:width\" content=\"2880\" \/>\n\t<meta property=\"og:image:height\" content=\"2880\" \/>\n\t<meta property=\"og:image:type\" content=\"image\/png\" \/>\n<meta name=\"twitter:card\" content=\"summary_large_image\" \/>\n<meta name=\"twitter:site\" content=\"@talkpalai\" \/>\n<meta name=\"twitter:label1\" content=\"Est. reading time\" \/>\n\t<meta name=\"twitter:data1\" content=\"5 minutes\" \/>\n<script type=\"application\/ld+json\" class=\"yoast-schema-graph\">{\"@context\":\"https:\/\/schema.org\",\"@graph\":[{\"@type\":\"WebPage\",\"@id\":\"https:\/\/talkpal.ai\/sq\/rreth\/\",\"url\":\"https:\/\/talkpal.ai\/sq\/rreth\/\",\"name\":\"Rreth - Talkpal\",\"isPartOf\":{\"@id\":\"https:\/\/talkpal.ai\/sq\/#website\"},\"primaryImageOfPage\":{\"@id\":\"https:\/\/talkpal.ai\/sq\/rreth\/#primaryimage\"},\"image\":{\"@id\":\"https:\/\/talkpal.ai\/sq\/rreth\/#primaryimage\"},\"thumbnailUrl\":\"https:\/\/talkpal.ai\/wp-content\/uploads\/2024\/03\/Talkpal-Logo-Icon.png\",\"datePublished\":\"2023-04-03T14:56:00+00:00\",\"dateModified\":\"2026-03-06T16:32:51+00:00\",\"description\":\"Talkpal \u00ebsht\u00eb nj\u00eb m\u00ebsues i gjuh\u00ebs AI i fuqizuar nga GPT, i cili u themelua me besimin se m\u00ebsimi i gjuh\u00ebs duhet t\u00eb jet\u00eb i aksesuesh\u00ebm p\u00ebr t\u00eb gjith\u00eb.\",\"breadcrumb\":{\"@id\":\"https:\/\/talkpal.ai\/sq\/rreth\/#breadcrumb\"},\"inLanguage\":\"sq-AL\",\"potentialAction\":[{\"@type\":\"ReadAction\",\"target\":[\"https:\/\/talkpal.ai\/sq\/rreth\/\"]}]},{\"@type\":\"ImageObject\",\"inLanguage\":\"sq-AL\",\"@id\":\"https:\/\/talkpal.ai\/sq\/rreth\/#primaryimage\",\"url\":\"https:\/\/talkpal.ai\/wp-content\/uploads\/2024\/03\/Talkpal-Logo-Icon.png\",\"contentUrl\":\"https:\/\/talkpal.ai\/wp-content\/uploads\/2024\/03\/Talkpal-Logo-Icon.png\",\"width\":2880,\"height\":2880,\"caption\":\"Logoja e talkpal\"},{\"@type\":\"BreadcrumbList\",\"@id\":\"https:\/\/talkpal.ai\/sq\/rreth\/#breadcrumb\",\"itemListElement\":[{\"@type\":\"ListItem\",\"position\":1,\"name\":\"Homepage\",\"item\":\"https:\/\/talkpal.ai\/sq\/\"},{\"@type\":\"ListItem\",\"position\":2,\"name\":\"Rreth\"}]},{\"@type\":\"WebSite\",\"@id\":\"https:\/\/talkpal.ai\/sq\/#website\",\"url\":\"https:\/\/talkpal.ai\/sq\/\",\"name\":\"Talkpal\",\"description\":\"AI Language Learning\",\"publisher\":{\"@id\":\"https:\/\/talkpal.ai\/sq\/#organization\"},\"alternateName\":\"Talkpal AI\",\"potentialAction\":[{\"@type\":\"SearchAction\",\"target\":{\"@type\":\"EntryPoint\",\"urlTemplate\":\"https:\/\/talkpal.ai\/sq\/?s={search_term_string}\"},\"query-input\":{\"@type\":\"PropertyValueSpecification\",\"valueRequired\":true,\"valueName\":\"search_term_string\"}}],\"inLanguage\":\"sq-AL\"},{\"@type\":\"Organization\",\"@id\":\"https:\/\/talkpal.ai\/sq\/#organization\",\"name\":\"Talkpal, Inc.\",\"alternateName\":\"Talkpal AI\",\"url\":\"https:\/\/talkpal.ai\/sq\/\",\"logo\":{\"@type\":\"ImageObject\",\"inLanguage\":\"sq-AL\",\"@id\":\"https:\/\/talkpal.ai\/sq\/#\/schema\/logo\/image\/\",\"url\":\"https:\/\/talkpal.ai\/wp-content\/uploads\/2024\/03\/Talkpal-Logo-Icon.png\",\"contentUrl\":\"https:\/\/talkpal.ai\/wp-content\/uploads\/2024\/03\/Talkpal-Logo-Icon.png\",\"width\":2880,\"height\":2880,\"caption\":\"Talkpal, Inc.\"},\"image\":{\"@id\":\"https:\/\/talkpal.ai\/sq\/#\/schema\/logo\/image\/\"},\"sameAs\":[\"https:\/\/www.facebook.com\/profile.php?id=100090733639311\",\"https:\/\/x.com\/talkpalai\",\"https:\/\/www.linkedin.com\/company\/talkpal\/\",\"https:\/\/www.youtube.com\/@TalkPal\/\",\"https:\/\/www.tiktok.com\/@talkpal\",\"https:\/\/www.instagram.com\/talkpal_ai\/\",\"https:\/\/www.crunchbase.com\/organization\/talkpal-9cde\",\"https:\/\/www.g2.com\/products\/talkpal-for-business\/\",\"https:\/\/www.trustpilot.com\/review\/talkpal.ai\",\"https:\/\/www.capterra.com\/p\/10006800\/TalkPal\/\"],\"description\":\"Talkpal is a language learning web and mobile education app, powered by the latest AI technologies, that provides engaging experiences to its customers in many different languages to help them improve their language skills. Users can chat about unlimited amount of topics with the app and use other modes to practice their language learning.\",\"email\":\"support@talkpal.ai\",\"legalName\":\"Talkpal, Inc.\",\"foundingDate\":\"2023-04-03\",\"duns\":\"118989042\",\"numberOfEmployees\":{\"@type\":\"QuantitativeValue\",\"minValue\":\"11\",\"maxValue\":\"50\"},\"publishingPrinciples\":\"https:\/\/talkpal.ai\/publishing-principles\/\",\"actionableFeedbackPolicy\":\"https:\/\/talkpal.ai\/actionable-feedback-policy\/\",\"correctionsPolicy\":\"https:\/\/talkpal.ai\/corrections-policy\/\",\"ethicsPolicy\":\"https:\/\/talkpal.ai\/ethics-policy\/\",\"diversityPolicy\":\"https:\/\/talkpal.ai\/diversity-policy\/\",\"diversityStaffingReport\":\"https:\/\/talkpal.ai\/diversity-policy\/\"}]}<\/script>\n<!-- \/ Yoast SEO Premium plugin. -->","yoast_head_json":{"title":"Rreth - Talkpal","description":"Talkpal \u00ebsht\u00eb nj\u00eb m\u00ebsues i gjuh\u00ebs AI i fuqizuar nga GPT, i cili u themelua me besimin se m\u00ebsimi i gjuh\u00ebs duhet t\u00eb jet\u00eb i aksesuesh\u00ebm p\u00ebr t\u00eb gjith\u00eb.","robots":{"index":"index","follow":"follow","max-snippet":"max-snippet:-1","max-image-preview":"max-image-preview:large","max-video-preview":"max-video-preview:-1"},"canonical":"https:\/\/talkpal.ai\/sq\/rreth\/","og_locale":"sq_AL","og_type":"article","og_title":"Rreth","og_description":"Talkpal, Inc. \u00ebsht\u00eb nj\u00eb kompani e t\u00eb m\u00ebsuarit t\u00eb gjuh\u00ebve e mb\u00ebshtetur n\u00eb inteligjenc\u00ebn artificiale me misionin p\u00ebr ta b\u00ebr\u00eb t\u00eb folurit e \u00e7do gjuhe t\u00eb","og_url":"https:\/\/talkpal.ai\/sq\/rreth\/","og_site_name":"Talkpal","article_publisher":"https:\/\/www.facebook.com\/profile.php?id=100090733639311","article_modified_time":"2026-03-06T16:32:51+00:00","og_image":[{"width":2880,"height":2880,"url":"https:\/\/talkpal.ai\/wp-content\/uploads\/2024\/03\/Talkpal-Logo-Icon.png","type":"image\/png"}],"twitter_card":"summary_large_image","twitter_site":"@talkpalai","twitter_misc":{"Est. reading time":"5 minutes"},"schema":{"@context":"https:\/\/schema.org","@graph":[{"@type":"WebPage","@id":"https:\/\/talkpal.ai\/sq\/rreth\/","url":"https:\/\/talkpal.ai\/sq\/rreth\/","name":"Rreth - Talkpal","isPartOf":{"@id":"https:\/\/talkpal.ai\/sq\/#website"},"primaryImageOfPage":{"@id":"https:\/\/talkpal.ai\/sq\/rreth\/#primaryimage"},"image":{"@id":"https:\/\/talkpal.ai\/sq\/rreth\/#primaryimage"},"thumbnailUrl":"https:\/\/talkpal.ai\/wp-content\/uploads\/2024\/03\/Talkpal-Logo-Icon.png","datePublished":"2023-04-03T14:56:00+00:00","dateModified":"2026-03-06T16:32:51+00:00","description":"Talkpal \u00ebsht\u00eb nj\u00eb m\u00ebsues i gjuh\u00ebs AI i fuqizuar nga GPT, i cili u themelua me besimin se m\u00ebsimi i gjuh\u00ebs duhet t\u00eb jet\u00eb i aksesuesh\u00ebm p\u00ebr t\u00eb gjith\u00eb.","breadcrumb":{"@id":"https:\/\/talkpal.ai\/sq\/rreth\/#breadcrumb"},"inLanguage":"sq-AL","potentialAction":[{"@type":"ReadAction","target":["https:\/\/talkpal.ai\/sq\/rreth\/"]}]},{"@type":"ImageObject","inLanguage":"sq-AL","@id":"https:\/\/talkpal.ai\/sq\/rreth\/#primaryimage","url":"https:\/\/talkpal.ai\/wp-content\/uploads\/2024\/03\/Talkpal-Logo-Icon.png","contentUrl":"https:\/\/talkpal.ai\/wp-content\/uploads\/2024\/03\/Talkpal-Logo-Icon.png","width":2880,"height":2880,"caption":"Logoja e talkpal"},{"@type":"BreadcrumbList","@id":"https:\/\/talkpal.ai\/sq\/rreth\/#breadcrumb","itemListElement":[{"@type":"ListItem","position":1,"name":"Homepage","item":"https:\/\/talkpal.ai\/sq\/"},{"@type":"ListItem","position":2,"name":"Rreth"}]},{"@type":"WebSite","@id":"https:\/\/talkpal.ai\/sq\/#website","url":"https:\/\/talkpal.ai\/sq\/","name":"Talkpal","description":"AI Language Learning","publisher":{"@id":"https:\/\/talkpal.ai\/sq\/#organization"},"alternateName":"Talkpal AI","potentialAction":[{"@type":"SearchAction","target":{"@type":"EntryPoint","urlTemplate":"https:\/\/talkpal.ai\/sq\/?s={search_term_string}"},"query-input":{"@type":"PropertyValueSpecification","valueRequired":true,"valueName":"search_term_string"}}],"inLanguage":"sq-AL"},{"@type":"Organization","@id":"https:\/\/talkpal.ai\/sq\/#organization","name":"Talkpal, Inc.","alternateName":"Talkpal AI","url":"https:\/\/talkpal.ai\/sq\/","logo":{"@type":"ImageObject","inLanguage":"sq-AL","@id":"https:\/\/talkpal.ai\/sq\/#\/schema\/logo\/image\/","url":"https:\/\/talkpal.ai\/wp-content\/uploads\/2024\/03\/Talkpal-Logo-Icon.png","contentUrl":"https:\/\/talkpal.ai\/wp-content\/uploads\/2024\/03\/Talkpal-Logo-Icon.png","width":2880,"height":2880,"caption":"Talkpal, Inc."},"image":{"@id":"https:\/\/talkpal.ai\/sq\/#\/schema\/logo\/image\/"},"sameAs":["https:\/\/www.facebook.com\/profile.php?id=100090733639311","https:\/\/x.com\/talkpalai","https:\/\/www.linkedin.com\/company\/talkpal\/","https:\/\/www.youtube.com\/@TalkPal\/","https:\/\/www.tiktok.com\/@talkpal","https:\/\/www.instagram.com\/talkpal_ai\/","https:\/\/www.crunchbase.com\/organization\/talkpal-9cde","https:\/\/www.g2.com\/products\/talkpal-for-business\/","https:\/\/www.trustpilot.com\/review\/talkpal.ai","https:\/\/www.capterra.com\/p\/10006800\/TalkPal\/"],"description":"Talkpal is a language learning web and mobile education app, powered by the latest AI technologies, that provides engaging experiences to its customers in many different languages to help them improve their language skills. Users can chat about unlimited amount of topics with the app and use other modes to practice their language learning.","email":"support@talkpal.ai","legalName":"Talkpal, Inc.","foundingDate":"2023-04-03","duns":"118989042","numberOfEmployees":{"@type":"QuantitativeValue","minValue":"11","maxValue":"50"},"publishingPrinciples":"https:\/\/talkpal.ai\/publishing-principles\/","actionableFeedbackPolicy":"https:\/\/talkpal.ai\/actionable-feedback-policy\/","correctionsPolicy":"https:\/\/talkpal.ai\/corrections-policy\/","ethicsPolicy":"https:\/\/talkpal.ai\/ethics-policy\/","diversityPolicy":"https:\/\/talkpal.ai\/diversity-policy\/","diversityStaffingReport":"https:\/\/talkpal.ai\/diversity-policy\/"}]}},"_links":{"self":[{"href":"https:\/\/talkpal.ai\/sq\/wp-json\/wp\/v2\/pages\/1442948","targetHints":{"allow":["GET"]}}],"collection":[{"href":"https:\/\/talkpal.ai\/sq\/wp-json\/wp\/v2\/pages"}],"about":[{"href":"https:\/\/talkpal.ai\/sq\/wp-json\/wp\/v2\/types\/page"}],"author":[{"embeddable":true,"href":"https:\/\/talkpal.ai\/sq\/wp-json\/wp\/v2\/users\/1"}],"replies":[{"embeddable":true,"href":"https:\/\/talkpal.ai\/sq\/wp-json\/wp\/v2\/comments?post=1442948"}],"version-history":[{"count":0,"href":"https:\/\/talkpal.ai\/sq\/wp-json\/wp\/v2\/pages\/1442948\/revisions"}],"wp:featuredmedia":[{"embeddable":true,"href":"https:\/\/talkpal.ai\/sq\/wp-json\/wp\/v2\/media\/1439587"}],"wp:attachment":[{"href":"https:\/\/talkpal.ai\/sq\/wp-json\/wp\/v2\/media?parent=1442948"}],"curies":[{"name":"wp","href":"https:\/\/api.w.org\/{rel}","templated":true}]}}