{"id":1442904,"date":"2023-05-14T14:19:26","date_gmt":"2023-05-14T14:19:26","guid":{"rendered":"https:\/\/talkpal.ai\/gramatika-serbe\/"},"modified":"2025-12-17T15:37:58","modified_gmt":"2025-12-17T15:37:58","slug":"gramatika-serbe","status":"publish","type":"page","link":"https:\/\/talkpal.ai\/sq\/gramatika-serbe\/","title":{"rendered":"Gramatika serbe"},"content":{"rendered":"\r\n\r\n\r\n<section class=\"languageChallengeSection\">\r\n    <div class=\"languageInfoWrapper\">\r\n        \r\n        <h1>Gramatika serbe<\/h1>\r\n        <p>Filloni aventur\u00ebn tuaj n\u00eb gjuh\u00ebn ruse dhe hapni dyert p\u00ebr nj\u00eb kultur\u00eb dhe histori t\u00eb pasur. Zot\u00ebrimi i gramatik\u00ebs dhe fjalorit rus do t\u00eb p\u00ebrmir\u00ebsoj\u00eb mund\u00ebsit\u00eb tuaja t\u00eb udh\u00ebtimit, karrier\u00ebs dhe komunikimit. Filloni t\u00eb m\u00ebsoni rusisht sot dhe hidhni hapin e par\u00eb drejt rrjedhshm\u00ebris\u00eb!\n\n<\/p>\r\n\r\n                            <a class=\"getStartedHidden\" href=\"https:\/\/app.talkpal.ai\/signup?lng=\">Filloni<\/a>\r\n        \r\n    <\/div>\r\n\r\n    <figure>\r\n    <img decoding=\"async\" width=\"768\" height=\"768\" src=\"https:\/\/talkpal.ai\/wp-content\/uploads\/2023\/06\/serbian-768x768.png\" class=\"languageImage no-lazy\" alt=\"Fast-track to fluency with language learning\" fetchpriority=\"high\" sizes=\"(max-width: 768px) 150px, 768px\" srcset=\"https:\/\/talkpal.ai\/wp-content\/uploads\/2023\/06\/serbian-768x768.png 768w, https:\/\/talkpal.ai\/wp-content\/uploads\/2023\/06\/serbian-300x300.png 300w\" \/>\r\n    \r\n\r\n    <\/figure>\r\n\r\n            <a class=\"getStartedVisible\" href=\"https:\/\/app.talkpal.ai\/signup?lng=\">Filloni<\/a>\r\n    \r\n<\/section>\r\n<section class=\"promotionalBanner\">\r\n    <p class=\"promotionalText\">M\u00ebnyra m\u00eb efikase p\u00ebr t\u00eb m\u00ebsuar nj\u00eb gjuh\u00eb<\/p>\r\n    <a class=\"promotionalLink\" href=\"https:\/\/app.talkpal.ai\/signup?lng=\">Provoni Talkpal falas<\/a>\r\n<\/section>\n<div class=\"wp-block-group pageContainerStyle\"><div class=\"wp-block-group__inner-container is-layout-constrained wp-block-group-is-layout-constrained\">\n<h1 class=\"wp-block-heading\" id=\"h-serbian-grammar-unraveling-the-intricacies-of-the-south-slavic-language\">Gramatika serbe: Zb\u00ebrthimi i nd\u00ebrlikimeve t\u00eb gjuh\u00ebs sllave jugore<\/h1>\n\n\n\n<p>Thirrje t\u00eb gjith\u00eb entuziast\u00ebt e gjuh\u00ebs dhe adhuruesit e Ballkanit! A keni menduar ndonj\u00ebher\u00eb t\u00eb zhyteni n\u00eb bot\u00ebn e gramatik\u00ebs <a href=\"https:\/\/talkpal.ai\/learn-serbian\/\">serbe<\/a>? <a href=\"https:\/\/talkpal.ai\/learn-serbian\/\">Serbe<\/a>, nj\u00eb gjuh\u00eb sllave jugore, \u00ebsht\u00eb gjuha zyrtare e Serbis\u00eb dhe nj\u00eb nga gjuh\u00ebt zyrtare t\u00eb Bosnj\u00ebs dhe Hercegovin\u00ebs. Me <a href=\"https:\/\/talkpal.ai\/sq\/rreth\/\">rreth<\/a> 9 milion\u00eb fol\u00ebs amtare, kjo gjuh\u00eb intriguese ndan ngjashm\u00ebri me kroatishten, boshnjakishten dhe malazezinjn\u00eb, por krenohet me tipare dalluese q\u00eb e ve\u00e7ojn\u00eb at\u00eb. N\u00eb k\u00ebt\u00eb artikull, ne do t\u00eb shqyrtojm\u00eb aspektet magjeps\u00ebse t\u00eb gramatik\u00ebs serbe.<\/p>\n\n\n\n<h3 class=\"wp-block-heading\" id=\"h-the-dual-alphabet-cyrillic-and-latin\">Alfabeti i dyfisht\u00eb: cirilik\u00eb dhe latinisht<\/h3>\n\n\n\n<p>Nj\u00eb nga gj\u00ebrat e para q\u00eb do t\u00eb vini re n\u00eb lidhje me serbishten \u00ebsht\u00eb p\u00ebrdorimi i dy alfabeteve: ciriliku dhe latinisht. Alfabeti cirilik serb, me 30 shkronja, u standardizua nga gjuh\u00ebtari Vuk Karad\u017ei\u0107 n\u00eb 1818 dhe \u00ebsht\u00eb alfabeti zyrtar i vendit. Megjithat\u00eb, alfabeti latin, i p\u00ebrb\u00ebr\u00eb gjithashtu nga 30 shkronja, p\u00ebrdoret gjer\u00ebsisht, ve\u00e7an\u00ebrisht p\u00ebr komunikimin dixhital dhe kontekstet joformale. P\u00ebrdorimi i dy alfabeteve i jep serbishtes nj\u00eb karakter unik dhe t\u00eb gjithansh\u00ebm.<\/p>\n\n\n\n<h3 class=\"wp-block-heading\" id=\"h-the-building-blocks-nouns-pronouns-and-cases\">Blloqet e nd\u00ebrtimit: emrat, p\u00ebremrat dhe rastet<\/h3>\n\n\n\n<p>Ashtu si gjuh\u00ebt e tjera sllave, <a href=\"https:\/\/talkpal.ai\/serbian-grammar\/\">gramatika serbe<\/a> sillet rreth p\u00ebrkuljes, ku fjal\u00ebt ndryshojn\u00eb mbaresat e <a href=\"https:\/\/talkpal.ai\/locations\/language-courses-in-tyre\/\">tyre<\/a> sipas funksionit t\u00eb tyre gramatikor. Kjo \u00ebsht\u00eb m\u00eb e dukshme n\u00eb emra, p\u00ebremra dhe mbiemra. Serbia ka shtat\u00eb raste:<\/p>\n\n\n\n<p><strong>1. Nominativ \u2013 tregon subjektin e nj\u00eb fjalie<\/strong><\/p>\n\n\n\n<p><strong>2. Gjenitiv \u2013 tregon zot\u00ebrimin, objektin e mohimit ose kuptimin e pjessh\u00ebm<\/strong><\/p>\n\n\n\n<p><strong>3. Dative \u2013 sh\u00ebnon objektin indirekt<\/strong><\/p>\n\n\n\n<p><strong>4. Akuzativ \u2013 n\u00ebnkupton objektin e drejtp\u00ebrdrejt\u00eb<\/strong><\/p>\n\n\n\n<p><strong>5. Vokativ \u2013 p\u00ebrdoret p\u00ebr t&#8217;iu drejtuar ose telefonuar dikujt<\/strong><\/p>\n\n\n\n<p><strong>6. Instrumental \u2013 shpreh mjetet ose metod\u00ebn e nj\u00eb veprimi<\/strong><\/p>\n\n\n\n<p><strong>7. Lokativ \u2013 specifikon vendndodhjen ose objektin e parafjal\u00ebve t\u00eb caktuara<\/strong><\/p>\n\n\n\n<p>Emrat serb\u00eb kan\u00eb tre gjini (mashkullore, fem\u00ebrore dhe neutre) dhe dy numra (nj\u00ebj\u00ebs dhe shum\u00ebs). Mbaresat specifike p\u00ebr \u00e7do gjini dhe num\u00ebr ndryshojn\u00eb sipas rastit, k\u00ebshtu q\u00eb \u00ebsht\u00eb thelb\u00ebsore t&#8217;i m\u00ebsoni p\u00ebrmend\u00ebsh k\u00ebto p\u00ebrfundime p\u00ebr t\u00eb nd\u00ebrtuar fjali gramatikore t\u00eb sakta.<\/p>\n\n\n\n<h3 class=\"wp-block-heading\" id=\"h-get-moving-with-verbs-tenses-aspects-and-moods\">L\u00ebvizni me foljet: koh\u00ebt, aspektet dhe humoret<\/h3>\n\n\n\n<p>Foljet serbe shfaqin kompleksitet magjeps\u00ebs me koh\u00ebt e tyre (e kaluara, e tashmja dhe e ardhmja), aspektet (perfeksionive dhe joperfekte) dhe humori (tregues, <a href=\"https:\/\/talkpal.ai\/ja\/grammar_exercises\/imperatif-%e3%83%95%e3%83%a9%e3%83%b3%e3%82%b9%e3%81%ae%e6%96%87%e6%b3%95%e3%81%ae%e3%81%9f%e3%82%81%e3%81%ae%e6%bc%94%e7%bf%92\/\">imperativ<\/a> dhe i kusht\u00ebzuar). Aspekti luan nj\u00eb rol t\u00eb r\u00ebnd\u00ebsish\u00ebm n\u00eb foljet serbe, pasi p\u00ebrcjell n\u00ebse nj\u00eb veprim shihet si i p\u00ebrfunduar (i p\u00ebrsosur) apo i vazhduesh\u00ebm (i pap\u00ebrsosur). Shum\u00eb folje vijn\u00eb n\u00eb \u00e7ifte q\u00eb tregojn\u00eb aspekte t\u00eb ndryshme, shpesh p\u00ebrmes p\u00ebrdorimit t\u00eb parashtesave ose prapashtesave specifike.<\/p>\n\n\n\n<h3 class=\"wp-block-heading\" id=\"h-adjectives-adverbs-and-all-that-jazz\">Mbiemra, ndajfolje dhe gjith\u00eb ai xhaz<\/h3>\n\n\n\n<p>Mbiemrat serb\u00eb pajtohen me emrat q\u00eb modifikojn\u00eb p\u00ebr sa i p\u00ebrket gjinis\u00eb, numrit dhe rastit. Ata gjithashtu kan\u00eb forma krahasuese dhe superlative p\u00ebr t\u00eb shprehur shkall\u00eb t\u00eb ndryshme cil\u00ebsish. P\u00ebr m\u00eb tep\u00ebr, ndajfoljet shpesh rrjedhin nga mbiemrat dhe p\u00ebrcjellin kuptime t\u00eb ndryshme si koha, m\u00ebnyra, vendi dhe shkala.<\/p>\n\n\n\n<p>Gjuha serbe gjithashtu krenohet me nj\u00eb s\u00ebr\u00eb lidhjesh, parafjal\u00ebsh, numrash dhe grimcash q\u00eb kontribuojn\u00eb n\u00eb bukurin\u00eb e gjuh\u00ebs dhe ndihmojn\u00eb n\u00eb krijimin e fjalive komplekse dhe kuptimplota.<\/p>\n\n\n\n<h3 class=\"wp-block-heading\" id=\"h-embracing-the-world-of-serbian-grammar\">P\u00ebrqafimi i bot\u00ebs s\u00eb gramatik\u00ebs serbe<\/h3>\n\n\n\n<p><a href=\"https:\/\/talkpal.ai\/serbian-grammar\/\">Gramatika serbe<\/a> mund t\u00eb duket d\u00ebrrmuese n\u00eb shikim t\u00eb par\u00eb. Megjithat\u00eb, nd\u00ebrsa g\u00ebrmoni m\u00eb thell\u00eb n\u00eb peizazhin e tij t\u00eb pasur t\u00eb rasteve, aspekteve dhe ve\u00e7orive gjuh\u00ebsore, do t\u00eb zbuloni gjuh\u00eb t\u00eb gjall\u00eb dhe ekspresive. M\u00ebsimi i gjuh\u00ebs serbe jo vet\u00ebm q\u00eb do t\u00eb mpreh\u00eb t\u00eb kuptuarit tuaj p\u00ebr familjen e gjuh\u00ebs sllave, por gjithashtu do t&#8217;ju ndihmoj\u00eb t\u00eb lidheni me nj\u00eb histori dhe kultur\u00eb magjeps\u00ebse.<\/p>\n\n\n\n<p>Pra, pse t\u00eb mos e marrim p\u00ebrsip\u00ebr sfid\u00ebn e eksplorimit t\u00eb m\u00ebtejsh\u00ebm t\u00eb gramatik\u00ebs serbe? Me k\u00ebmb\u00ebngulje dhe pasion, nj\u00eb dit\u00eb mund ta gjeni veten duke sh\u00ebtitur n\u00ebp\u00ebr rrug\u00ebt e Beogradit, duke u p\u00ebrfshir\u00eb n\u00eb biseda t\u00eb gjalla me vendasit n\u00eb gjuh\u00ebn e tyre amtare. G\u00ebzuar m\u00ebsimin!<\/p>\n<\/div><\/div>\n\r\n<section class=\"learnNavigationSection\">\r\n            \r\n        <a href=\"https:\/\/talkpal.ai\/sq\/meso-serbisht\/\">\r\n            <div class=\"learnNavigationWrapper\">\r\n                <div class=\"learnNavigationContent\">\r\n                    <img decoding=\"async\" src=\"https:\/\/talkpal.ai\/wp-content\/uploads\/2024\/08\/Serbian.jpg\" alt=\"Serbian Flag\">\r\n                    <div>\r\n                        <h4>Rreth Serbis\u00eb Learning<\/h4>\r\n                        <p>M\u00ebsoni gjith\u00e7ka rreth gramatik\u00ebs s\u00eb Serbis\u00eb.<\/p>\r\n                    <\/div>\r\n                <\/div>\r\n            <\/div>\r\n        <\/a>\r\n\r\n        \r\n        <a href=\"https:\/\/talkpal.ai\/sq\/ushtrimet-e-gramatikes-serbe\/\">\r\n            <div class=\"learnNavigationWrapper\">\r\n                <div class=\"learnNavigationContent\">\r\n                    <img decoding=\"async\" src=\"https:\/\/talkpal.ai\/wp-content\/uploads\/2024\/08\/Serbian.jpg\" alt=\"Serbian Flag\">\r\n                    <div>\r\n                        <h4>Ushtrimi i gramatik\u00ebs serbe<\/h4>\r\n                        <p>Praktikoni gramatik\u00ebn serbe.<\/p>\r\n                    <\/div>\r\n                <\/div>\r\n            <\/div>\r\n        <\/a>\r\n\r\n        \r\n        <a href=\"https:\/\/talkpal.ai\/vocabulary_language\/serbian\/\">\r\n            <div class=\"learnNavigationWrapper\">\r\n                <div class=\"learnNavigationContent\">\r\n                    <img decoding=\"async\" src=\"https:\/\/talkpal.ai\/wp-content\/uploads\/2024\/08\/Serbian.jpg\" alt=\"Serbian Flag\">\r\n                    <div>\r\n                        <h4>Fjalori serb<\/h4>\r\n                        <p>Zgjeroni fjalorin tuaj serb.<\/p>\r\n                    <\/div>\r\n                <\/div>\r\n            <\/div>\r\n        <\/a>\r\n\r\n            <\/section>","protected":false},"excerpt":{"rendered":"<p>Gramatika serbe: Zb\u00ebrthimi i nd\u00ebrlikimeve t\u00eb gjuh\u00ebs sllave jugore Thirrje t\u00eb gjith\u00eb entuziast\u00ebt e gjuh\u00ebs dhe adhuruesit e Ballkanit! A keni menduar ndonj\u00ebher\u00eb t\u00eb zhyteni n\u00eb bot\u00ebn e gramatik\u00ebs serbe? Serbe, nj\u00eb gjuh\u00eb sllave jugore, \u00ebsht\u00eb gjuha zyrtare e Serbis\u00eb dhe nj\u00eb nga gjuh\u00ebt zyrtare t\u00eb Bosnj\u00ebs dhe Hercegovin\u00ebs. Me rreth 9 milion\u00eb fol\u00ebs amtare, [&hellip;]<\/p>\n","protected":false},"author":1,"featured_media":1442905,"parent":0,"menu_order":0,"comment_status":"closed","ping_status":"closed","template":"LearningContentPage.php","meta":{"_acf_changed":false,"footnotes":""},"class_list":["post-1442904","page","type-page","status-publish","has-post-thumbnail","hentry"],"acf":[],"yoast_head":"<!-- This site is optimized with the Yoast SEO Premium plugin v27.2 (Yoast SEO v27.2) - https:\/\/yoast.com\/product\/yoast-seo-premium-wordpress\/ -->\n<title>Gramatika serbe - Talkpal<\/title>\n<meta name=\"description\" content=\"Eksploroni nd\u00ebrlikimet e gramatik\u00ebs serbe dhe zbuloni ve\u00e7orit\u00eb unike q\u00eb e dallojn\u00eb at\u00eb nga gjuh\u00ebt e tjera ballkanike.\" \/>\n<meta name=\"robots\" content=\"index, follow, max-snippet:-1, max-image-preview:large, max-video-preview:-1\" \/>\n<link rel=\"canonical\" href=\"https:\/\/talkpal.ai\/sq\/gramatika-serbe\/\" \/>\n<meta property=\"og:locale\" content=\"sq_AL\" \/>\n<meta property=\"og:type\" content=\"article\" \/>\n<meta property=\"og:title\" content=\"Gramatika serbe\" \/>\n<meta property=\"og:description\" content=\"Gramatika serbe: Zb\u00ebrthimi i nd\u00ebrlikimeve t\u00eb gjuh\u00ebs sllave jugore Thirrje t\u00eb gjith\u00eb entuziast\u00ebt e gjuh\u00ebs dhe adhuruesit e Ballkanit! A keni menduar\" \/>\n<meta property=\"og:url\" content=\"https:\/\/talkpal.ai\/sq\/gramatika-serbe\/\" \/>\n<meta property=\"og:site_name\" content=\"Talkpal\" \/>\n<meta property=\"article:publisher\" content=\"https:\/\/www.facebook.com\/profile.php?id=100090733639311\" \/>\n<meta property=\"article:modified_time\" content=\"2025-12-17T15:37:58+00:00\" \/>\n<meta property=\"og:image\" content=\"https:\/\/talkpal.ai\/wp-content\/uploads\/2023\/05\/serbia.png\" \/>\n\t<meta property=\"og:image:width\" content=\"512\" \/>\n\t<meta property=\"og:image:height\" content=\"512\" \/>\n\t<meta property=\"og:image:type\" content=\"image\/png\" \/>\n<meta name=\"twitter:card\" content=\"summary_large_image\" \/>\n<meta name=\"twitter:site\" content=\"@talkpalai\" \/>\n<meta name=\"twitter:label1\" content=\"Est. reading time\" \/>\n\t<meta name=\"twitter:data1\" content=\"3 minutes\" \/>\n<script type=\"application\/ld+json\" class=\"yoast-schema-graph\">{\"@context\":\"https:\/\/schema.org\",\"@graph\":[{\"@type\":\"WebPage\",\"@id\":\"https:\/\/talkpal.ai\/sq\/gramatika-serbe\/\",\"url\":\"https:\/\/talkpal.ai\/sq\/gramatika-serbe\/\",\"name\":\"Gramatika serbe - Talkpal\",\"isPartOf\":{\"@id\":\"https:\/\/talkpal.ai\/sq\/#website\"},\"primaryImageOfPage\":{\"@id\":\"https:\/\/talkpal.ai\/sq\/gramatika-serbe\/#primaryimage\"},\"image\":{\"@id\":\"https:\/\/talkpal.ai\/sq\/gramatika-serbe\/#primaryimage\"},\"thumbnailUrl\":\"https:\/\/talkpal.ai\/wp-content\/uploads\/2023\/05\/serbia.png\",\"datePublished\":\"2023-05-14T14:19:26+00:00\",\"dateModified\":\"2025-12-17T15:37:58+00:00\",\"description\":\"Eksploroni nd\u00ebrlikimet e gramatik\u00ebs serbe dhe zbuloni ve\u00e7orit\u00eb unike q\u00eb e dallojn\u00eb at\u00eb nga gjuh\u00ebt e tjera ballkanike.\",\"breadcrumb\":{\"@id\":\"https:\/\/talkpal.ai\/sq\/gramatika-serbe\/#breadcrumb\"},\"inLanguage\":\"sq-AL\",\"potentialAction\":[{\"@type\":\"ReadAction\",\"target\":[\"https:\/\/talkpal.ai\/sq\/gramatika-serbe\/\"]}]},{\"@type\":\"ImageObject\",\"inLanguage\":\"sq-AL\",\"@id\":\"https:\/\/talkpal.ai\/sq\/gramatika-serbe\/#primaryimage\",\"url\":\"https:\/\/talkpal.ai\/wp-content\/uploads\/2023\/05\/serbia.png\",\"contentUrl\":\"https:\/\/talkpal.ai\/wp-content\/uploads\/2023\/05\/serbia.png\",\"width\":512,\"height\":512,\"caption\":\"TalkPal Serbia Flag\"},{\"@type\":\"BreadcrumbList\",\"@id\":\"https:\/\/talkpal.ai\/sq\/gramatika-serbe\/#breadcrumb\",\"itemListElement\":[{\"@type\":\"ListItem\",\"position\":1,\"name\":\"Homepage\",\"item\":\"https:\/\/talkpal.ai\/sq\/\"},{\"@type\":\"ListItem\",\"position\":2,\"name\":\"Gramatika serbe\"}]},{\"@type\":\"WebSite\",\"@id\":\"https:\/\/talkpal.ai\/sq\/#website\",\"url\":\"https:\/\/talkpal.ai\/sq\/\",\"name\":\"Talkpal\",\"description\":\"AI Language Learning\",\"publisher\":{\"@id\":\"https:\/\/talkpal.ai\/sq\/#organization\"},\"alternateName\":\"Talkpal AI\",\"potentialAction\":[{\"@type\":\"SearchAction\",\"target\":{\"@type\":\"EntryPoint\",\"urlTemplate\":\"https:\/\/talkpal.ai\/sq\/?s={search_term_string}\"},\"query-input\":{\"@type\":\"PropertyValueSpecification\",\"valueRequired\":true,\"valueName\":\"search_term_string\"}}],\"inLanguage\":\"sq-AL\"},{\"@type\":\"Organization\",\"@id\":\"https:\/\/talkpal.ai\/sq\/#organization\",\"name\":\"Talkpal, Inc.\",\"alternateName\":\"Talkpal AI\",\"url\":\"https:\/\/talkpal.ai\/sq\/\",\"logo\":{\"@type\":\"ImageObject\",\"inLanguage\":\"sq-AL\",\"@id\":\"https:\/\/talkpal.ai\/sq\/#\/schema\/logo\/image\/\",\"url\":\"https:\/\/talkpal.ai\/wp-content\/uploads\/2024\/03\/Talkpal-Logo-Icon.png\",\"contentUrl\":\"https:\/\/talkpal.ai\/wp-content\/uploads\/2024\/03\/Talkpal-Logo-Icon.png\",\"width\":2880,\"height\":2880,\"caption\":\"Talkpal, Inc.\"},\"image\":{\"@id\":\"https:\/\/talkpal.ai\/sq\/#\/schema\/logo\/image\/\"},\"sameAs\":[\"https:\/\/www.facebook.com\/profile.php?id=100090733639311\",\"https:\/\/x.com\/talkpalai\",\"https:\/\/www.linkedin.com\/company\/talkpal\/\",\"https:\/\/www.youtube.com\/@TalkPal\/\",\"https:\/\/www.tiktok.com\/@talkpal\",\"https:\/\/www.instagram.com\/talkpal_ai\/\",\"https:\/\/www.crunchbase.com\/organization\/talkpal-9cde\",\"https:\/\/www.g2.com\/products\/talkpal-for-business\/\",\"https:\/\/www.trustpilot.com\/review\/talkpal.ai\",\"https:\/\/www.capterra.com\/p\/10006800\/TalkPal\/\"],\"description\":\"Talkpal is a language learning web and mobile education app, powered by the latest AI technologies, that provides engaging experiences to its customers in many different languages to help them improve their language skills. Users can chat about unlimited amount of topics with the app and use other modes to practice their language learning.\",\"email\":\"support@talkpal.ai\",\"legalName\":\"Talkpal, Inc.\",\"foundingDate\":\"2023-04-03\",\"duns\":\"118989042\",\"numberOfEmployees\":{\"@type\":\"QuantitativeValue\",\"minValue\":\"11\",\"maxValue\":\"50\"},\"publishingPrinciples\":\"https:\/\/talkpal.ai\/publishing-principles\/\",\"actionableFeedbackPolicy\":\"https:\/\/talkpal.ai\/actionable-feedback-policy\/\",\"correctionsPolicy\":\"https:\/\/talkpal.ai\/corrections-policy\/\",\"ethicsPolicy\":\"https:\/\/talkpal.ai\/ethics-policy\/\",\"diversityPolicy\":\"https:\/\/talkpal.ai\/diversity-policy\/\",\"diversityStaffingReport\":\"https:\/\/talkpal.ai\/diversity-policy\/\"}]}<\/script>\n<!-- \/ Yoast SEO Premium plugin. -->","yoast_head_json":{"title":"Gramatika serbe - Talkpal","description":"Eksploroni nd\u00ebrlikimet e gramatik\u00ebs serbe dhe zbuloni ve\u00e7orit\u00eb unike q\u00eb e dallojn\u00eb at\u00eb nga gjuh\u00ebt e tjera ballkanike.","robots":{"index":"index","follow":"follow","max-snippet":"max-snippet:-1","max-image-preview":"max-image-preview:large","max-video-preview":"max-video-preview:-1"},"canonical":"https:\/\/talkpal.ai\/sq\/gramatika-serbe\/","og_locale":"sq_AL","og_type":"article","og_title":"Gramatika serbe","og_description":"Gramatika serbe: Zb\u00ebrthimi i nd\u00ebrlikimeve t\u00eb gjuh\u00ebs sllave jugore Thirrje t\u00eb gjith\u00eb entuziast\u00ebt e gjuh\u00ebs dhe adhuruesit e Ballkanit! A keni menduar","og_url":"https:\/\/talkpal.ai\/sq\/gramatika-serbe\/","og_site_name":"Talkpal","article_publisher":"https:\/\/www.facebook.com\/profile.php?id=100090733639311","article_modified_time":"2025-12-17T15:37:58+00:00","og_image":[{"width":512,"height":512,"url":"https:\/\/talkpal.ai\/wp-content\/uploads\/2023\/05\/serbia.png","type":"image\/png"}],"twitter_card":"summary_large_image","twitter_site":"@talkpalai","twitter_misc":{"Est. reading time":"3 minutes"},"schema":{"@context":"https:\/\/schema.org","@graph":[{"@type":"WebPage","@id":"https:\/\/talkpal.ai\/sq\/gramatika-serbe\/","url":"https:\/\/talkpal.ai\/sq\/gramatika-serbe\/","name":"Gramatika serbe - Talkpal","isPartOf":{"@id":"https:\/\/talkpal.ai\/sq\/#website"},"primaryImageOfPage":{"@id":"https:\/\/talkpal.ai\/sq\/gramatika-serbe\/#primaryimage"},"image":{"@id":"https:\/\/talkpal.ai\/sq\/gramatika-serbe\/#primaryimage"},"thumbnailUrl":"https:\/\/talkpal.ai\/wp-content\/uploads\/2023\/05\/serbia.png","datePublished":"2023-05-14T14:19:26+00:00","dateModified":"2025-12-17T15:37:58+00:00","description":"Eksploroni nd\u00ebrlikimet e gramatik\u00ebs serbe dhe zbuloni ve\u00e7orit\u00eb unike q\u00eb e dallojn\u00eb at\u00eb nga gjuh\u00ebt e tjera ballkanike.","breadcrumb":{"@id":"https:\/\/talkpal.ai\/sq\/gramatika-serbe\/#breadcrumb"},"inLanguage":"sq-AL","potentialAction":[{"@type":"ReadAction","target":["https:\/\/talkpal.ai\/sq\/gramatika-serbe\/"]}]},{"@type":"ImageObject","inLanguage":"sq-AL","@id":"https:\/\/talkpal.ai\/sq\/gramatika-serbe\/#primaryimage","url":"https:\/\/talkpal.ai\/wp-content\/uploads\/2023\/05\/serbia.png","contentUrl":"https:\/\/talkpal.ai\/wp-content\/uploads\/2023\/05\/serbia.png","width":512,"height":512,"caption":"TalkPal Serbia Flag"},{"@type":"BreadcrumbList","@id":"https:\/\/talkpal.ai\/sq\/gramatika-serbe\/#breadcrumb","itemListElement":[{"@type":"ListItem","position":1,"name":"Homepage","item":"https:\/\/talkpal.ai\/sq\/"},{"@type":"ListItem","position":2,"name":"Gramatika serbe"}]},{"@type":"WebSite","@id":"https:\/\/talkpal.ai\/sq\/#website","url":"https:\/\/talkpal.ai\/sq\/","name":"Talkpal","description":"AI Language Learning","publisher":{"@id":"https:\/\/talkpal.ai\/sq\/#organization"},"alternateName":"Talkpal AI","potentialAction":[{"@type":"SearchAction","target":{"@type":"EntryPoint","urlTemplate":"https:\/\/talkpal.ai\/sq\/?s={search_term_string}"},"query-input":{"@type":"PropertyValueSpecification","valueRequired":true,"valueName":"search_term_string"}}],"inLanguage":"sq-AL"},{"@type":"Organization","@id":"https:\/\/talkpal.ai\/sq\/#organization","name":"Talkpal, Inc.","alternateName":"Talkpal AI","url":"https:\/\/talkpal.ai\/sq\/","logo":{"@type":"ImageObject","inLanguage":"sq-AL","@id":"https:\/\/talkpal.ai\/sq\/#\/schema\/logo\/image\/","url":"https:\/\/talkpal.ai\/wp-content\/uploads\/2024\/03\/Talkpal-Logo-Icon.png","contentUrl":"https:\/\/talkpal.ai\/wp-content\/uploads\/2024\/03\/Talkpal-Logo-Icon.png","width":2880,"height":2880,"caption":"Talkpal, Inc."},"image":{"@id":"https:\/\/talkpal.ai\/sq\/#\/schema\/logo\/image\/"},"sameAs":["https:\/\/www.facebook.com\/profile.php?id=100090733639311","https:\/\/x.com\/talkpalai","https:\/\/www.linkedin.com\/company\/talkpal\/","https:\/\/www.youtube.com\/@TalkPal\/","https:\/\/www.tiktok.com\/@talkpal","https:\/\/www.instagram.com\/talkpal_ai\/","https:\/\/www.crunchbase.com\/organization\/talkpal-9cde","https:\/\/www.g2.com\/products\/talkpal-for-business\/","https:\/\/www.trustpilot.com\/review\/talkpal.ai","https:\/\/www.capterra.com\/p\/10006800\/TalkPal\/"],"description":"Talkpal is a language learning web and mobile education app, powered by the latest AI technologies, that provides engaging experiences to its customers in many different languages to help them improve their language skills. Users can chat about unlimited amount of topics with the app and use other modes to practice their language learning.","email":"support@talkpal.ai","legalName":"Talkpal, Inc.","foundingDate":"2023-04-03","duns":"118989042","numberOfEmployees":{"@type":"QuantitativeValue","minValue":"11","maxValue":"50"},"publishingPrinciples":"https:\/\/talkpal.ai\/publishing-principles\/","actionableFeedbackPolicy":"https:\/\/talkpal.ai\/actionable-feedback-policy\/","correctionsPolicy":"https:\/\/talkpal.ai\/corrections-policy\/","ethicsPolicy":"https:\/\/talkpal.ai\/ethics-policy\/","diversityPolicy":"https:\/\/talkpal.ai\/diversity-policy\/","diversityStaffingReport":"https:\/\/talkpal.ai\/diversity-policy\/"}]}},"_links":{"self":[{"href":"https:\/\/talkpal.ai\/sq\/wp-json\/wp\/v2\/pages\/1442904","targetHints":{"allow":["GET"]}}],"collection":[{"href":"https:\/\/talkpal.ai\/sq\/wp-json\/wp\/v2\/pages"}],"about":[{"href":"https:\/\/talkpal.ai\/sq\/wp-json\/wp\/v2\/types\/page"}],"author":[{"embeddable":true,"href":"https:\/\/talkpal.ai\/sq\/wp-json\/wp\/v2\/users\/1"}],"replies":[{"embeddable":true,"href":"https:\/\/talkpal.ai\/sq\/wp-json\/wp\/v2\/comments?post=1442904"}],"version-history":[{"count":0,"href":"https:\/\/talkpal.ai\/sq\/wp-json\/wp\/v2\/pages\/1442904\/revisions"}],"wp:featuredmedia":[{"embeddable":true,"href":"https:\/\/talkpal.ai\/sq\/wp-json\/wp\/v2\/media\/1442905"}],"wp:attachment":[{"href":"https:\/\/talkpal.ai\/sq\/wp-json\/wp\/v2\/media?parent=1442904"}],"curies":[{"name":"wp","href":"https:\/\/api.w.org\/{rel}","templated":true}]}}