{"id":1442898,"date":"2023-05-14T14:19:07","date_gmt":"2023-05-14T14:19:07","guid":{"rendered":"https:\/\/talkpal.ai\/gramatika-rumune\/"},"modified":"2025-12-17T15:35:47","modified_gmt":"2025-12-17T15:35:47","slug":"gramatika-rumune","status":"publish","type":"page","link":"https:\/\/talkpal.ai\/sq\/gramatika-rumune\/","title":{"rendered":"Gramatika rumune"},"content":{"rendered":"\r\n\r\n\r\n<section class=\"languageChallengeSection\">\r\n    <div class=\"languageInfoWrapper\">\r\n        \r\n        <h1>Gramatika rumune<\/h1>\r\n        <p>Zhbllokoni bukurin\u00eb e gjuh\u00ebs rumune duke m\u00ebsuar rregullat e saj thelb\u00ebsore gramatikore. Zot\u00ebrimi i gramatik\u00ebs rumune do t&#039;ju ndihmoj\u00eb t\u00eb komunikoni me besim dhe t\u00eb lidheni me kultur\u00ebn dhe historin\u00eb e pasur t\u00eb Rumanis\u00eb. Filloni t\u00eb studioni gramatik\u00ebn rumune sot dhe hidhni hapin tuaj t\u00eb par\u00eb drejt rrjedhshm\u00ebris\u00eb!<\/p>\r\n\r\n                            <a class=\"getStartedHidden\" href=\"https:\/\/app.talkpal.ai\/signup?lng=\">Filloni<\/a>\r\n        \r\n    <\/div>\r\n\r\n    <figure>\r\n    <img decoding=\"async\" width=\"768\" height=\"768\" src=\"https:\/\/talkpal.ai\/wp-content\/uploads\/2023\/06\/romanian-768x768.png\" class=\"languageImage no-lazy\" alt=\"Language learning for intellectual challenge\" fetchpriority=\"high\" sizes=\"(max-width: 768px) 150px, 768px\" srcset=\"https:\/\/talkpal.ai\/wp-content\/uploads\/2023\/06\/romanian-768x768.png 768w, https:\/\/talkpal.ai\/wp-content\/uploads\/2023\/06\/romanian-300x300.png 300w\" \/>\r\n    \r\n\r\n    <\/figure>\r\n\r\n            <a class=\"getStartedVisible\" href=\"https:\/\/app.talkpal.ai\/signup?lng=\">Filloni<\/a>\r\n    \r\n<\/section>\r\n<section class=\"promotionalBanner\">\r\n    <p class=\"promotionalText\">M\u00ebnyra m\u00eb efikase p\u00ebr t\u00eb m\u00ebsuar nj\u00eb gjuh\u00eb<\/p>\r\n    <a class=\"promotionalLink\" href=\"https:\/\/app.talkpal.ai\/signup?lng=\">Provoni Talkpal falas<\/a>\r\n<\/section>\n<div class=\"wp-block-group pageContainerStyle\"><div class=\"wp-block-group__inner-container is-layout-constrained wp-block-group-is-layout-constrained\">\n<h2 class=\"wp-block-heading\" id=\"h-unraveling-the-mysteries-of-romanian-grammar\">Zbulimi i mistereve t\u00eb gramatik\u00ebs rumune<\/h2>\n\n\n\n<p>Rumanishtja, e vetmja gjuh\u00eb romane e folur n\u00eb Evrop\u00ebn Lindore, ofron nj\u00eb udh\u00ebtim unik dhe interesant gjuh\u00ebsor. Duke u shtrir\u00eb n\u00eb trash\u00ebgimin\u00eb kulturore t\u00eb bot\u00ebs latine dhe sllave, rumunishtja ka nj\u00eb histori magjeps\u00ebse dhe nj\u00eb sistem gramatikore emocionues p\u00ebr t\u00eb eksploruar. Pra, n\u00ebse jeni nj\u00eb entuziast poliglot ose thjesht k\u00ebrkoni nj\u00eb aventur\u00eb t\u00eb re gjuh\u00ebsore, lidhuni dhe b\u00ebhuni gati t\u00eb eksploroni bukurin\u00eb e gramatik\u00ebs rumune!<\/p>\n\n\n\n<h3 class=\"wp-block-heading\" id=\"h-1-the-alphabet-a-familiar-friend-with-a-twist\">1. Alfabeti: Nj\u00eb mik i njohur me nj\u00eb kthes\u00eb<\/h3>\n\n\n\n<p>Alfabeti rumun bazohet n\u00eb shkrimin latin, i p\u00ebrb\u00ebr\u00eb nga 31 shkronja. P\u00ebr fat t\u00eb mir\u00eb p\u00ebr anglishtfol\u00ebsit, \u00ebsht\u00eb mjaft i ngjash\u00ebm me alfabetin anglez, me vet\u00ebm disa karaktere shtes\u00eb p\u00ebr t\u00eb p\u00ebrfaq\u00ebsuar tinguj specifik\u00eb rumun\u00eb. Me pak praktik\u00eb, zot\u00ebrimi i bazave (si drejtshkrimi i emrit tuaj ose leximi i tabelave rrugore) do t\u00eb jet\u00eb i leht\u00eb!<\/p>\n\n\n\n<h3 class=\"wp-block-heading\" id=\"h-2-nouns-meet-cases-the-dynamic-duo\">2. Emrat takohen me rastet: Dyshja dinamike<\/h3>\n\n\n\n<p>Emrat rumun\u00eb ndahen n\u00eb tre gjini (mashkullore, fem\u00ebrore dhe neutre), dhe ata ndryshojn\u00eb form\u00ebn n\u00eb var\u00ebsi t\u00eb rastit gramatikor (nominativ, gjenitiv, dativ, akuzativ ose vokativ). Megjith\u00ebse kjo mund t\u00eb duket e frikshme n\u00eb fillim, ky sistem i jep rumunishtes nj\u00eb pasuri q\u00eb lejon nuanca dhe kreativitet n\u00eb kompozimin e fjalive, duke e b\u00ebr\u00eb udh\u00ebtimin tuaj gjuh\u00ebsor edhe m\u00eb shp\u00ebrblyes.<\/p>\n\n\n\n<h3 class=\"wp-block-heading\" id=\"h-3-verbs-conjugating-your-way-to-success\">3. Foljet: Lidhja e rrug\u00ebs suaj drejt suksesit<\/h3>\n\n\n\n<p>Konjugimi i foljeve rumune, megjith\u00ebse pak m\u00eb i drejtp\u00ebrdrejt\u00eb se deformimi i emrit, \u00ebsht\u00eb ende nj\u00eb proces i shum\u00ebansh\u00ebm. Foljet ndryshojn\u00eb form\u00eb n\u00eb var\u00ebsi t\u00eb koh\u00ebs, humorit, z\u00ebrit dhe personit dhe numrit t\u00eb subjektit. Ashtu si nj\u00eb instrument i akorduar mir\u00eb, foljet rumune mund t\u00eb p\u00ebrcjellin nj\u00eb gam\u00eb t\u00eb gjer\u00eb veprimesh, emocionesh dhe q\u00ebllimesh, duke lejuar shprehje t\u00eb sakt\u00eb dhe poetike.<\/p>\n\n\n\n<h3 class=\"wp-block-heading\" id=\"h-4-flexible-word-order-shuffle-the-sentences\">4. Rendi fleksib\u00ebl i fjal\u00ebve: P\u00ebrzieni fjalit\u00eb<\/h3>\n\n\n\n<p>Rumanishtja \u00ebsht\u00eb mjaft fleksib\u00ebl kur b\u00ebhet fjal\u00eb p\u00ebr rendin e fjal\u00ebve, duke ju lejuar t\u00eb rregulloni subjektet, foljet dhe objektet n\u00eb m\u00ebnyra t\u00eb ndryshme pa kompromentuar kuptimin. Ky fleksibilitet mund t\u00eb shtoj\u00eb theksin, t\u00eb krijoj\u00eb kontraste ose thjesht ta b\u00ebj\u00eb fjal\u00ebn m\u00eb t\u00ebrheq\u00ebse. Nd\u00ebrsa b\u00ebheni m\u00eb t\u00eb aft\u00eb n\u00eb <a href=\"https:\/\/talkpal.ai\/learn-romanian\/\">rumanisht<\/a>, do t\u00eb arg\u00ebtoheni duke eksperimentuar me m\u00ebnyra t\u00eb ndryshme p\u00ebr t\u00eb th\u00ebn\u00eb t\u00eb nj\u00ebjt\u00ebn gj\u00eb, duke gjetur tonin e p\u00ebrsosur p\u00ebr \u00e7do situat\u00eb.<\/p>\n\n\n\n<h3 class=\"wp-block-heading\" id=\"h-5-wading-deeper-language-through-culture\">5. Ecja m\u00eb thell\u00eb: Gjuha p\u00ebrmes kultur\u00ebs<\/h3>\n\n\n\n<p>P\u00ebr t\u00eb vler\u00ebsuar v\u00ebrtet rumunishten, duhet t\u00eb zhyteni m\u00eb thell\u00eb n\u00eb kultur\u00ebn, historin\u00eb dhe mentalitetin q\u00eb form\u00ebsuan gjuh\u00ebn. Angazhohuni me fol\u00ebsit amtare, eksploroni let\u00ebrsin\u00eb rumune dhe zhytuni n\u00eb zakonet dhe traditat lokale. Duke vepruar k\u00ebshtu, jo vet\u00ebm q\u00eb do t\u00eb p\u00ebrmir\u00ebsoni aft\u00ebsin\u00eb tuaj gjuh\u00ebsore, por edhe do t\u00eb zbuloni bukurin\u00eb e shum\u00ebanshme t\u00eb kultur\u00ebs rumune.<\/p>\n\n\n\n<h3 class=\"wp-block-heading\" id=\"h-in-conclusion-embrace-the-magic-of-romanian-grammar\">Si p\u00ebrfundim: P\u00ebrqafoni magjin\u00eb e gramatik\u00ebs rumune<\/h3>\n\n\n\n<p><a href=\"https:\/\/talkpal.ai\/sq\/gramatika\/\">Gramatika<\/a> rumune mund t\u00eb duket si nj\u00eb enigm\u00eb n\u00eb fillim, por me koh\u00eb, durim dhe nj\u00eb interes t\u00eb madh p\u00ebr gjuh\u00ebn, ju do t\u00eb zhbllokoni sekretet e k\u00ebtij thesari t\u00eb jasht\u00ebzakonsh\u00ebm gjuh\u00ebsor. Pra, pse t\u00eb presim? Filloni udh\u00ebtimin tuaj n\u00eb gjuh\u00ebn rumune sot dhe shijoni bukurin\u00eb e gramatik\u00ebs s\u00eb saj, kultur\u00ebs s\u00eb saj dhe bot\u00ebs magjeps\u00ebse q\u00eb ju hap.<\/p>\n<\/div><\/div>\n\r\n<section class=\"learnNavigationSection\">\r\n            \r\n        <a href=\"https:\/\/talkpal.ai\/sq\/meso-rumanisht\/\">\r\n            <div class=\"learnNavigationWrapper\">\r\n                <div class=\"learnNavigationContent\">\r\n                    <img decoding=\"async\" src=\"https:\/\/talkpal.ai\/wp-content\/uploads\/2024\/08\/Romanian.jpg\" alt=\"Romanian Flag\">\r\n                    <div>\r\n                        <h4>Rreth m\u00ebsimit rumun<\/h4>\r\n                        <p>M\u00ebsoni gjith\u00e7ka rreth gramatik\u00ebs rumune.<\/p>\r\n                    <\/div>\r\n                <\/div>\r\n            <\/div>\r\n        <\/a>\r\n\r\n        \r\n        <a href=\"https:\/\/talkpal.ai\/sq\/ushtrime-gramatikore-rumune\/\">\r\n            <div class=\"learnNavigationWrapper\">\r\n                <div class=\"learnNavigationContent\">\r\n                    <img decoding=\"async\" src=\"https:\/\/talkpal.ai\/wp-content\/uploads\/2024\/08\/Romanian.jpg\" alt=\"Romanian Flag\">\r\n                    <div>\r\n                        <h4>Ushtrimi i gramatik\u00ebs rumune<\/h4>\r\n                        <p>Praktikoni gramatik\u00ebn rumune.<\/p>\r\n                    <\/div>\r\n                <\/div>\r\n            <\/div>\r\n        <\/a>\r\n\r\n        \r\n        <a href=\"https:\/\/talkpal.ai\/vocabulary_language\/romanian\/\">\r\n            <div class=\"learnNavigationWrapper\">\r\n                <div class=\"learnNavigationContent\">\r\n                    <img decoding=\"async\" src=\"https:\/\/talkpal.ai\/wp-content\/uploads\/2024\/08\/Romanian.jpg\" alt=\"Romanian Flag\">\r\n                    <div>\r\n                        <h4>Fjalori rumun<\/h4>\r\n                        <p>Zgjeroni fjalorin tuaj rumun.<\/p>\r\n                    <\/div>\r\n                <\/div>\r\n            <\/div>\r\n        <\/a>\r\n\r\n            <\/section>","protected":false},"excerpt":{"rendered":"<p>Zbulimi i mistereve t\u00eb gramatik\u00ebs rumune Rumanishtja, e vetmja gjuh\u00eb romane e folur n\u00eb Evrop\u00ebn Lindore, ofron nj\u00eb udh\u00ebtim unik dhe interesant gjuh\u00ebsor. Duke u shtrir\u00eb n\u00eb trash\u00ebgimin\u00eb kulturore t\u00eb bot\u00ebs latine dhe sllave, rumunishtja ka nj\u00eb histori magjeps\u00ebse dhe nj\u00eb sistem gramatikore emocionues p\u00ebr t\u00eb eksploruar. Pra, n\u00ebse jeni nj\u00eb entuziast poliglot ose thjesht [&hellip;]<\/p>\n","protected":false},"author":1,"featured_media":1442900,"parent":0,"menu_order":0,"comment_status":"closed","ping_status":"closed","template":"LearningContentPage.php","meta":{"_acf_changed":false,"footnotes":""},"class_list":["post-1442898","page","type-page","status-publish","has-post-thumbnail","hentry"],"acf":[],"yoast_head":"<!-- This site is optimized with the Yoast SEO Premium plugin v27.2 (Yoast SEO v27.2) - https:\/\/yoast.com\/product\/yoast-seo-premium-wordpress\/ -->\n<title>Gramatika rumune - Talkpal<\/title>\n<meta name=\"description\" content=\"Eksploroni bot\u00ebn magjeps\u00ebse t\u00eb gramatik\u00ebs rumune dhe zbuloni tiparet unike t\u00eb k\u00ebsaj gjuhe t\u00eb bukur romane.\" \/>\n<meta name=\"robots\" content=\"index, follow, max-snippet:-1, max-image-preview:large, max-video-preview:-1\" \/>\n<link rel=\"canonical\" href=\"https:\/\/talkpal.ai\/sq\/gramatika-rumune\/\" \/>\n<meta property=\"og:locale\" content=\"sq_AL\" \/>\n<meta property=\"og:type\" content=\"article\" \/>\n<meta property=\"og:title\" content=\"Gramatika rumune\" \/>\n<meta property=\"og:description\" content=\"Zbulimi i mistereve t\u00eb gramatik\u00ebs rumune Rumanishtja, e vetmja gjuh\u00eb romane e folur n\u00eb Evrop\u00ebn Lindore, ofron nj\u00eb udh\u00ebtim unik dhe interesant gjuh\u00ebsor.\" \/>\n<meta property=\"og:url\" content=\"https:\/\/talkpal.ai\/sq\/gramatika-rumune\/\" \/>\n<meta property=\"og:site_name\" content=\"Talkpal\" \/>\n<meta property=\"article:publisher\" content=\"https:\/\/www.facebook.com\/profile.php?id=100090733639311\" \/>\n<meta property=\"article:modified_time\" content=\"2025-12-17T15:35:47+00:00\" \/>\n<meta property=\"og:image\" content=\"https:\/\/talkpal.ai\/wp-content\/uploads\/2023\/05\/romania.png\" \/>\n\t<meta property=\"og:image:width\" content=\"512\" \/>\n\t<meta property=\"og:image:height\" content=\"512\" \/>\n\t<meta property=\"og:image:type\" content=\"image\/png\" \/>\n<meta name=\"twitter:card\" content=\"summary_large_image\" \/>\n<meta name=\"twitter:site\" content=\"@talkpalai\" \/>\n<meta name=\"twitter:label1\" content=\"Est. reading time\" \/>\n\t<meta name=\"twitter:data1\" content=\"3 minutes\" \/>\n<script type=\"application\/ld+json\" class=\"yoast-schema-graph\">{\"@context\":\"https:\/\/schema.org\",\"@graph\":[{\"@type\":\"WebPage\",\"@id\":\"https:\/\/talkpal.ai\/sq\/gramatika-rumune\/\",\"url\":\"https:\/\/talkpal.ai\/sq\/gramatika-rumune\/\",\"name\":\"Gramatika rumune - Talkpal\",\"isPartOf\":{\"@id\":\"https:\/\/talkpal.ai\/sq\/#website\"},\"primaryImageOfPage\":{\"@id\":\"https:\/\/talkpal.ai\/sq\/gramatika-rumune\/#primaryimage\"},\"image\":{\"@id\":\"https:\/\/talkpal.ai\/sq\/gramatika-rumune\/#primaryimage\"},\"thumbnailUrl\":\"https:\/\/talkpal.ai\/wp-content\/uploads\/2023\/05\/romania.png\",\"datePublished\":\"2023-05-14T14:19:07+00:00\",\"dateModified\":\"2025-12-17T15:35:47+00:00\",\"description\":\"Eksploroni bot\u00ebn magjeps\u00ebse t\u00eb gramatik\u00ebs rumune dhe zbuloni tiparet unike t\u00eb k\u00ebsaj gjuhe t\u00eb bukur romane.\",\"breadcrumb\":{\"@id\":\"https:\/\/talkpal.ai\/sq\/gramatika-rumune\/#breadcrumb\"},\"inLanguage\":\"sq-AL\",\"potentialAction\":[{\"@type\":\"ReadAction\",\"target\":[\"https:\/\/talkpal.ai\/sq\/gramatika-rumune\/\"]}]},{\"@type\":\"ImageObject\",\"inLanguage\":\"sq-AL\",\"@id\":\"https:\/\/talkpal.ai\/sq\/gramatika-rumune\/#primaryimage\",\"url\":\"https:\/\/talkpal.ai\/wp-content\/uploads\/2023\/05\/romania.png\",\"contentUrl\":\"https:\/\/talkpal.ai\/wp-content\/uploads\/2023\/05\/romania.png\",\"width\":512,\"height\":512,\"caption\":\"TalkPal Romania Flag\"},{\"@type\":\"BreadcrumbList\",\"@id\":\"https:\/\/talkpal.ai\/sq\/gramatika-rumune\/#breadcrumb\",\"itemListElement\":[{\"@type\":\"ListItem\",\"position\":1,\"name\":\"Homepage\",\"item\":\"https:\/\/talkpal.ai\/sq\/\"},{\"@type\":\"ListItem\",\"position\":2,\"name\":\"Gramatika rumune\"}]},{\"@type\":\"WebSite\",\"@id\":\"https:\/\/talkpal.ai\/sq\/#website\",\"url\":\"https:\/\/talkpal.ai\/sq\/\",\"name\":\"Talkpal\",\"description\":\"AI Language Learning\",\"publisher\":{\"@id\":\"https:\/\/talkpal.ai\/sq\/#organization\"},\"alternateName\":\"Talkpal AI\",\"potentialAction\":[{\"@type\":\"SearchAction\",\"target\":{\"@type\":\"EntryPoint\",\"urlTemplate\":\"https:\/\/talkpal.ai\/sq\/?s={search_term_string}\"},\"query-input\":{\"@type\":\"PropertyValueSpecification\",\"valueRequired\":true,\"valueName\":\"search_term_string\"}}],\"inLanguage\":\"sq-AL\"},{\"@type\":\"Organization\",\"@id\":\"https:\/\/talkpal.ai\/sq\/#organization\",\"name\":\"Talkpal, Inc.\",\"alternateName\":\"Talkpal AI\",\"url\":\"https:\/\/talkpal.ai\/sq\/\",\"logo\":{\"@type\":\"ImageObject\",\"inLanguage\":\"sq-AL\",\"@id\":\"https:\/\/talkpal.ai\/sq\/#\/schema\/logo\/image\/\",\"url\":\"https:\/\/talkpal.ai\/wp-content\/uploads\/2024\/03\/Talkpal-Logo-Icon.png\",\"contentUrl\":\"https:\/\/talkpal.ai\/wp-content\/uploads\/2024\/03\/Talkpal-Logo-Icon.png\",\"width\":2880,\"height\":2880,\"caption\":\"Talkpal, Inc.\"},\"image\":{\"@id\":\"https:\/\/talkpal.ai\/sq\/#\/schema\/logo\/image\/\"},\"sameAs\":[\"https:\/\/www.facebook.com\/profile.php?id=100090733639311\",\"https:\/\/x.com\/talkpalai\",\"https:\/\/www.linkedin.com\/company\/talkpal\/\",\"https:\/\/www.youtube.com\/@TalkPal\/\",\"https:\/\/www.tiktok.com\/@talkpal\",\"https:\/\/www.instagram.com\/talkpal_ai\/\",\"https:\/\/www.crunchbase.com\/organization\/talkpal-9cde\",\"https:\/\/www.g2.com\/products\/talkpal-for-business\/\",\"https:\/\/www.trustpilot.com\/review\/talkpal.ai\",\"https:\/\/www.capterra.com\/p\/10006800\/TalkPal\/\"],\"description\":\"Talkpal is a language learning web and mobile education app, powered by the latest AI technologies, that provides engaging experiences to its customers in many different languages to help them improve their language skills. Users can chat about unlimited amount of topics with the app and use other modes to practice their language learning.\",\"email\":\"support@talkpal.ai\",\"legalName\":\"Talkpal, Inc.\",\"foundingDate\":\"2023-04-03\",\"duns\":\"118989042\",\"numberOfEmployees\":{\"@type\":\"QuantitativeValue\",\"minValue\":\"11\",\"maxValue\":\"50\"},\"publishingPrinciples\":\"https:\/\/talkpal.ai\/publishing-principles\/\",\"actionableFeedbackPolicy\":\"https:\/\/talkpal.ai\/actionable-feedback-policy\/\",\"correctionsPolicy\":\"https:\/\/talkpal.ai\/corrections-policy\/\",\"ethicsPolicy\":\"https:\/\/talkpal.ai\/ethics-policy\/\",\"diversityPolicy\":\"https:\/\/talkpal.ai\/diversity-policy\/\",\"diversityStaffingReport\":\"https:\/\/talkpal.ai\/diversity-policy\/\"}]}<\/script>\n<!-- \/ Yoast SEO Premium plugin. -->","yoast_head_json":{"title":"Gramatika rumune - Talkpal","description":"Eksploroni bot\u00ebn magjeps\u00ebse t\u00eb gramatik\u00ebs rumune dhe zbuloni tiparet unike t\u00eb k\u00ebsaj gjuhe t\u00eb bukur romane.","robots":{"index":"index","follow":"follow","max-snippet":"max-snippet:-1","max-image-preview":"max-image-preview:large","max-video-preview":"max-video-preview:-1"},"canonical":"https:\/\/talkpal.ai\/sq\/gramatika-rumune\/","og_locale":"sq_AL","og_type":"article","og_title":"Gramatika rumune","og_description":"Zbulimi i mistereve t\u00eb gramatik\u00ebs rumune Rumanishtja, e vetmja gjuh\u00eb romane e folur n\u00eb Evrop\u00ebn Lindore, ofron nj\u00eb udh\u00ebtim unik dhe interesant gjuh\u00ebsor.","og_url":"https:\/\/talkpal.ai\/sq\/gramatika-rumune\/","og_site_name":"Talkpal","article_publisher":"https:\/\/www.facebook.com\/profile.php?id=100090733639311","article_modified_time":"2025-12-17T15:35:47+00:00","og_image":[{"width":512,"height":512,"url":"https:\/\/talkpal.ai\/wp-content\/uploads\/2023\/05\/romania.png","type":"image\/png"}],"twitter_card":"summary_large_image","twitter_site":"@talkpalai","twitter_misc":{"Est. reading time":"3 minutes"},"schema":{"@context":"https:\/\/schema.org","@graph":[{"@type":"WebPage","@id":"https:\/\/talkpal.ai\/sq\/gramatika-rumune\/","url":"https:\/\/talkpal.ai\/sq\/gramatika-rumune\/","name":"Gramatika rumune - Talkpal","isPartOf":{"@id":"https:\/\/talkpal.ai\/sq\/#website"},"primaryImageOfPage":{"@id":"https:\/\/talkpal.ai\/sq\/gramatika-rumune\/#primaryimage"},"image":{"@id":"https:\/\/talkpal.ai\/sq\/gramatika-rumune\/#primaryimage"},"thumbnailUrl":"https:\/\/talkpal.ai\/wp-content\/uploads\/2023\/05\/romania.png","datePublished":"2023-05-14T14:19:07+00:00","dateModified":"2025-12-17T15:35:47+00:00","description":"Eksploroni bot\u00ebn magjeps\u00ebse t\u00eb gramatik\u00ebs rumune dhe zbuloni tiparet unike t\u00eb k\u00ebsaj gjuhe t\u00eb bukur romane.","breadcrumb":{"@id":"https:\/\/talkpal.ai\/sq\/gramatika-rumune\/#breadcrumb"},"inLanguage":"sq-AL","potentialAction":[{"@type":"ReadAction","target":["https:\/\/talkpal.ai\/sq\/gramatika-rumune\/"]}]},{"@type":"ImageObject","inLanguage":"sq-AL","@id":"https:\/\/talkpal.ai\/sq\/gramatika-rumune\/#primaryimage","url":"https:\/\/talkpal.ai\/wp-content\/uploads\/2023\/05\/romania.png","contentUrl":"https:\/\/talkpal.ai\/wp-content\/uploads\/2023\/05\/romania.png","width":512,"height":512,"caption":"TalkPal Romania Flag"},{"@type":"BreadcrumbList","@id":"https:\/\/talkpal.ai\/sq\/gramatika-rumune\/#breadcrumb","itemListElement":[{"@type":"ListItem","position":1,"name":"Homepage","item":"https:\/\/talkpal.ai\/sq\/"},{"@type":"ListItem","position":2,"name":"Gramatika rumune"}]},{"@type":"WebSite","@id":"https:\/\/talkpal.ai\/sq\/#website","url":"https:\/\/talkpal.ai\/sq\/","name":"Talkpal","description":"AI Language Learning","publisher":{"@id":"https:\/\/talkpal.ai\/sq\/#organization"},"alternateName":"Talkpal AI","potentialAction":[{"@type":"SearchAction","target":{"@type":"EntryPoint","urlTemplate":"https:\/\/talkpal.ai\/sq\/?s={search_term_string}"},"query-input":{"@type":"PropertyValueSpecification","valueRequired":true,"valueName":"search_term_string"}}],"inLanguage":"sq-AL"},{"@type":"Organization","@id":"https:\/\/talkpal.ai\/sq\/#organization","name":"Talkpal, Inc.","alternateName":"Talkpal AI","url":"https:\/\/talkpal.ai\/sq\/","logo":{"@type":"ImageObject","inLanguage":"sq-AL","@id":"https:\/\/talkpal.ai\/sq\/#\/schema\/logo\/image\/","url":"https:\/\/talkpal.ai\/wp-content\/uploads\/2024\/03\/Talkpal-Logo-Icon.png","contentUrl":"https:\/\/talkpal.ai\/wp-content\/uploads\/2024\/03\/Talkpal-Logo-Icon.png","width":2880,"height":2880,"caption":"Talkpal, Inc."},"image":{"@id":"https:\/\/talkpal.ai\/sq\/#\/schema\/logo\/image\/"},"sameAs":["https:\/\/www.facebook.com\/profile.php?id=100090733639311","https:\/\/x.com\/talkpalai","https:\/\/www.linkedin.com\/company\/talkpal\/","https:\/\/www.youtube.com\/@TalkPal\/","https:\/\/www.tiktok.com\/@talkpal","https:\/\/www.instagram.com\/talkpal_ai\/","https:\/\/www.crunchbase.com\/organization\/talkpal-9cde","https:\/\/www.g2.com\/products\/talkpal-for-business\/","https:\/\/www.trustpilot.com\/review\/talkpal.ai","https:\/\/www.capterra.com\/p\/10006800\/TalkPal\/"],"description":"Talkpal is a language learning web and mobile education app, powered by the latest AI technologies, that provides engaging experiences to its customers in many different languages to help them improve their language skills. Users can chat about unlimited amount of topics with the app and use other modes to practice their language learning.","email":"support@talkpal.ai","legalName":"Talkpal, Inc.","foundingDate":"2023-04-03","duns":"118989042","numberOfEmployees":{"@type":"QuantitativeValue","minValue":"11","maxValue":"50"},"publishingPrinciples":"https:\/\/talkpal.ai\/publishing-principles\/","actionableFeedbackPolicy":"https:\/\/talkpal.ai\/actionable-feedback-policy\/","correctionsPolicy":"https:\/\/talkpal.ai\/corrections-policy\/","ethicsPolicy":"https:\/\/talkpal.ai\/ethics-policy\/","diversityPolicy":"https:\/\/talkpal.ai\/diversity-policy\/","diversityStaffingReport":"https:\/\/talkpal.ai\/diversity-policy\/"}]}},"_links":{"self":[{"href":"https:\/\/talkpal.ai\/sq\/wp-json\/wp\/v2\/pages\/1442898","targetHints":{"allow":["GET"]}}],"collection":[{"href":"https:\/\/talkpal.ai\/sq\/wp-json\/wp\/v2\/pages"}],"about":[{"href":"https:\/\/talkpal.ai\/sq\/wp-json\/wp\/v2\/types\/page"}],"author":[{"embeddable":true,"href":"https:\/\/talkpal.ai\/sq\/wp-json\/wp\/v2\/users\/1"}],"replies":[{"embeddable":true,"href":"https:\/\/talkpal.ai\/sq\/wp-json\/wp\/v2\/comments?post=1442898"}],"version-history":[{"count":0,"href":"https:\/\/talkpal.ai\/sq\/wp-json\/wp\/v2\/pages\/1442898\/revisions"}],"wp:featuredmedia":[{"embeddable":true,"href":"https:\/\/talkpal.ai\/sq\/wp-json\/wp\/v2\/media\/1442900"}],"wp:attachment":[{"href":"https:\/\/talkpal.ai\/sq\/wp-json\/wp\/v2\/media?parent=1442898"}],"curies":[{"name":"wp","href":"https:\/\/api.w.org\/{rel}","templated":true}]}}