{"id":1442894,"date":"2023-05-14T14:18:46","date_gmt":"2023-05-14T14:18:46","guid":{"rendered":"https:\/\/talkpal.ai\/gramatika-polake\/"},"modified":"2025-12-17T17:17:28","modified_gmt":"2025-12-17T17:17:28","slug":"gramatika-polake","status":"publish","type":"page","link":"https:\/\/talkpal.ai\/sq\/gramatika-polake\/","title":{"rendered":"Gramatika polake"},"content":{"rendered":"\r\n\r\n\r\n<section class=\"languageChallengeSection\">\r\n    <div class=\"languageInfoWrapper\">\r\n        \r\n        <h1>Gramatika polake<\/h1>\r\n        <p>G\u00ebrmoni n\u00eb bot\u00ebn magjeps\u00ebse t\u00eb gramatik\u00ebs polake dhe zbuloni themelet e nj\u00eb prej gjuh\u00ebve m\u00eb t\u00eb folura n\u00eb Evrop\u00ebn Qendrore. Duke zot\u00ebruar rregullat thelb\u00ebsore, ju do t\u00eb komunikoni n\u00eb m\u00ebnyr\u00eb m\u00eb efektive dhe do t\u00eb fitoni nj\u00eb kuptim m\u00eb t\u00eb thell\u00eb t\u00eb kultur\u00ebs polake. Filloni t\u00eb m\u00ebsoni gramatik\u00ebn polake sot dhe hidhni hapin tuaj t\u00eb par\u00eb drejt rrjedhshm\u00ebris\u00eb!<\/p>\r\n\r\n                            <a class=\"getStartedHidden\" href=\"https:\/\/app.talkpal.ai\/signup?lng=\">Filloni<\/a>\r\n        \r\n    <\/div>\r\n\r\n    <figure>\r\n    <img decoding=\"async\" width=\"768\" height=\"768\" src=\"https:\/\/talkpal.ai\/wp-content\/uploads\/2023\/06\/polish-768x768.png\" class=\"languageImage no-lazy\" alt=\"Practical tips on language learning techniques\" fetchpriority=\"high\" sizes=\"(max-width: 768px) 150px, 768px\" srcset=\"https:\/\/talkpal.ai\/wp-content\/uploads\/2023\/06\/polish-768x768.png 768w, https:\/\/talkpal.ai\/wp-content\/uploads\/2023\/06\/polish-300x300.png 300w\" \/>\r\n    \r\n\r\n    <\/figure>\r\n\r\n            <a class=\"getStartedVisible\" href=\"https:\/\/app.talkpal.ai\/signup?lng=\">Filloni<\/a>\r\n    \r\n<\/section>\r\n<section class=\"promotionalBanner\">\r\n    <p class=\"promotionalText\">M\u00ebnyra m\u00eb efikase p\u00ebr t\u00eb m\u00ebsuar nj\u00eb gjuh\u00eb<\/p>\r\n    <a class=\"promotionalLink\" href=\"https:\/\/app.talkpal.ai\/signup?lng=\">Provoni Talkpal falas<\/a>\r\n<\/section>\n<div class=\"wp-block-group pageContainerStyle\"><div class=\"wp-block-group__inner-container is-layout-constrained wp-block-group-is-layout-constrained\">\n<h2 class=\"wp-block-heading\" id=\"h-breaking-down-the-puzzle-of-polish-grammar\">Zb\u00ebrthimi i enigm\u00ebs s\u00eb gramatik\u00ebs polake<\/h2>\n\n\n\n<p>Polonishtja, nj\u00eb gjuh\u00eb sllave, \u00ebsht\u00eb sfiduese dhe shp\u00ebrblyese p\u00ebr nx\u00ebn\u00ebsit e gjuh\u00ebs q\u00eb k\u00ebrkojn\u00eb nj\u00eb aventur\u00eb unike gjuh\u00ebsore. Nd\u00ebrsa zhyteni n\u00eb polonisht, do t\u00eb zbuloni nj\u00eb histori dhe kultur\u00eb magjeps\u00ebse q\u00eb plot\u00ebson pasurin\u00eb e vet\u00eb gjuh\u00ebs. Megjith\u00ebse <a href=\"https:\/\/talkpal.ai\/sq\/gramatika\/\">gramatika<\/a> polake mund t\u00eb duket e nd\u00ebrlikuar, zb\u00ebrthimi i saj n\u00eb element\u00eb t\u00eb menaxhuesh\u00ebm e b\u00ebn procesin e t\u00eb m\u00ebsuarit m\u00eb t\u00eb aksesuesh\u00ebm. Ky artikull synon t&#8217;ju prezantoj\u00eb me bot\u00ebn magjeps\u00ebse t\u00eb gramatik\u00ebs polake dhe t\u00eb ofroj\u00eb udh\u00ebzime <a href=\"https:\/\/talkpal.ai\/culture\/what-is-the-difference-between-se-and-si\/\">se si<\/a> t\u00eb trajtoni kompleksitetin e saj.<\/p>\n\n\n\n<h3 class=\"wp-block-heading\" id=\"h-1-noun-gender-and-cases\">1. Emri Gjinia dhe rastet<\/h3>\n\n\n\n<p>Emrat polak\u00eb kan\u00eb gjini gramatikore \u2013 mashkullore, fem\u00ebrore dhe neutre \u2013 t\u00eb cilat ndikojn\u00eb n\u00eb format e mbiemrave, p\u00ebremrave dhe foljeve q\u00eb i shoq\u00ebrojn\u00eb ato. P\u00ebr m\u00eb tep\u00ebr, polonishtja ka shtat\u00eb raste gramatikore: nominative, gjenitive, dative, akuzative, instrumentale, lokative dhe vokative. Njohja me sistemin gjinor dhe rast \u00ebsht\u00eb thelb\u00ebsore p\u00ebr t\u00eb kuptuar dhe nd\u00ebrtuar fjalit\u00eb e sakta polake.<\/p>\n\n\n\n<h3 class=\"wp-block-heading\" id=\"h-2-verb-conjugation-person-tense-and-aspect\">2. Konjugimi i foljes: Personi, koha dhe aspekti<\/h3>\n\n\n\n<p>Foljet polake duhet t\u00eb konjugohen sipas koh\u00ebs, aspektit dhe personit (i pari, i dyti ose i treti). Ekzistojn\u00eb tre koh\u00eb kryesore: e tashmja, e kaluara dhe e ardhmja. P\u00ebr m\u00eb tep\u00ebr, foljet polake kan\u00eb dy aspekte: perfeksionive (p\u00ebr veprime t\u00eb p\u00ebrfunduara) dhe imperfective (p\u00ebr veprime t\u00eb vazhdueshme ose t\u00eb kryera zakonisht). Zot\u00ebrimi i k\u00ebtyre rregullave t\u00eb konjugimit do t\u00eb p\u00ebrmir\u00ebsoj\u00eb ndjesh\u00ebm aft\u00ebsit\u00eb tuaja t\u00eb komunikimit verbal n\u00eb polonisht.<\/p>\n\n\n\n<h3 class=\"wp-block-heading\" id=\"h-3-adjectives-agreement-and-placement\">3. Mbiemrat: Marr\u00ebveshja dhe vendosja<\/h3>\n\n\n\n<p>Mbiemrat polak\u00eb duhet t\u00eb pajtohen me emrin q\u00eb modifikojn\u00eb n\u00eb lidhje me gjinin\u00eb, numrin dhe rastin. Mbiemrat zakonisht i paraprijn\u00eb emrit, duke ofruar kontekst thelb\u00ebsor p\u00ebrshkrues p\u00ebr fjalin\u00eb.<\/p>\n\n\n\n<p>Shembuj:<\/p>\n\n\n\n<p>\u2013 Czerwona sukienka (nj\u00eb fustan i kuq)<\/p>\n\n\n\n<p>\u2013 Pi\u0119kny ogr\u00f3d (nj\u00eb kopsht i bukur)<\/p>\n\n\n\n<h3 class=\"wp-block-heading\" id=\"h-4-pronouns-types-and-uses\">4. P\u00ebremrat: Llojet dhe p\u00ebrdorimet<\/h3>\n\n\n\n<p>P\u00ebremrat polak\u00eb vijn\u00eb n\u00eb forma t\u00eb ndryshme, duke p\u00ebrfshir\u00eb p\u00ebremrat personal\u00eb, posesiv, refleksiv, demonstrativ\u00eb dhe pyet\u00ebs. T\u00eb kuptuarit se si dhe kur t\u00eb p\u00ebrdorni k\u00ebto p\u00ebremra do ta b\u00ebj\u00eb gramatik\u00ebn tuaj polake m\u00eb t\u00eb sakt\u00eb dhe do t\u00eb p\u00ebrmir\u00ebsoj\u00eb aft\u00ebsit\u00eb tuaja t\u00eb p\u00ebrgjithshme gjuh\u00ebsore.<\/p>\n\n\n\n<h3 class=\"wp-block-heading\" id=\"h-5-negation-conveying-the-opposite\">5. Mohimi: P\u00ebrcjellja e t\u00eb kund\u00ebrt\u00ebs<\/h3>\n\n\n\n<p>N\u00eb gramatik\u00ebn polake, mohimi arrihet duke shtuar fjal\u00ebn &#8220;nie&#8221; para foljeve, mbiemrave, ndajfoljeve ose p\u00ebremrave. Megjithat\u00eb, rregulla specifike zbatohen p\u00ebr t\u00eb mohuar fjalit\u00eb me emra, t\u00eb cilat mund t\u00eb k\u00ebrkojn\u00eb nj\u00eb parafjal\u00eb shtes\u00eb ose nj\u00eb form\u00eb t\u00eb ndryshme emri. Njohja e k\u00ebtyre modeleve t\u00eb mohimit do t&#8217;ju ndihmoj\u00eb t\u00eb p\u00ebrcillni qart\u00eb kuptimin tuaj t\u00eb synuar n\u00eb polonisht.<\/p>\n\n\n\n<h3 class=\"wp-block-heading\" id=\"h-6-engage-with-the-language\">6. Angazhohuni me gjuh\u00ebn<\/h3>\n\n\n\n<p>M\u00ebnyra m\u00eb efektive p\u00ebr t\u00eb kuptuar dhe p\u00ebrvet\u00ebsuar gramatik\u00ebn polake \u00ebsht\u00eb t\u00eb angazhoheni rregullisht me gjuh\u00ebn. Nga leximi i let\u00ebrsis\u00eb polake, shikimi i filmave polak\u00eb ose biseda aktive me fol\u00ebsit amtare, zhytja n\u00eb kontekste t\u00eb ndryshme do t\u00eb p\u00ebrforcoj\u00eb t\u00eb kuptuarit tuaj t\u00eb gramatik\u00ebs duke zgjeruar fjalorin tuaj.<\/p>\n\n\n\n<h3 class=\"wp-block-heading\" id=\"h-conclusion\">P\u00ebrfundimi<\/h3>\n\n\n\n<p>Megjith\u00ebse gramatika polake mund t\u00eb duket e nd\u00ebrlikuar, praktikimi dhe trajtimi i vazhduesh\u00ebm i saj hap pas hapi do t&#8217;ju ndihmoj\u00eb t\u00eb b\u00ebheni t\u00eb aft\u00eb n\u00eb k\u00ebt\u00eb gjuh\u00eb unike. P\u00ebrqafoni sfid\u00ebn nd\u00ebrsa filloni udh\u00ebtimin tuaj n\u00eb gjuh\u00ebn polake dhe s\u00eb shpejti, do ta gjeni veten duke deshifruar me besim nd\u00ebrlikimet e gramatik\u00ebs s\u00eb saj. Fat i mir\u00eb me studimet tuaja dhe k\u00ebnaquni duke eksploruar shtresat e gramatik\u00ebs polake!<\/p>\n<\/div><\/div>\n\r\n<section class=\"learnNavigationSection\">\r\n            \r\n        <a href=\"https:\/\/talkpal.ai\/sq\/meso-polonisht\/\">\r\n            <div class=\"learnNavigationWrapper\">\r\n                <div class=\"learnNavigationContent\">\r\n                    <img decoding=\"async\" src=\"https:\/\/talkpal.ai\/wp-content\/uploads\/2024\/08\/Polish.jpg\" alt=\"Polish Flag\">\r\n                    <div>\r\n                        <h4>Rreth t\u00eb m\u00ebsuarit polonisht<\/h4>\r\n                        <p>M\u00ebsoni gjith\u00e7ka rreth gramatik\u00ebs polake.<\/p>\r\n                    <\/div>\r\n                <\/div>\r\n            <\/div>\r\n        <\/a>\r\n\r\n        \r\n        <a href=\"https:\/\/talkpal.ai\/sq\/ushtrime-gramatikore-polake\/\">\r\n            <div class=\"learnNavigationWrapper\">\r\n                <div class=\"learnNavigationContent\">\r\n                    <img decoding=\"async\" src=\"https:\/\/talkpal.ai\/wp-content\/uploads\/2024\/08\/Polish.jpg\" alt=\"Polish Flag\">\r\n                    <div>\r\n                        <h4>Ushtrimi i gramatik\u00ebs polake<\/h4>\r\n                        <p>Praktikoni gramatik\u00ebn polake.<\/p>\r\n                    <\/div>\r\n                <\/div>\r\n            <\/div>\r\n        <\/a>\r\n\r\n        \r\n        <a href=\"https:\/\/talkpal.ai\/vocabulary_language\/polish\/\">\r\n            <div class=\"learnNavigationWrapper\">\r\n                <div class=\"learnNavigationContent\">\r\n                    <img decoding=\"async\" src=\"https:\/\/talkpal.ai\/wp-content\/uploads\/2024\/08\/Polish.jpg\" alt=\"Polish Flag\">\r\n                    <div>\r\n                        <h4>Fjalori polak<\/h4>\r\n                        <p>Zgjeroni fjalorin tuaj polak.<\/p>\r\n                    <\/div>\r\n                <\/div>\r\n            <\/div>\r\n        <\/a>\r\n\r\n            <\/section>","protected":false},"excerpt":{"rendered":"<p>Zb\u00ebrthimi i enigm\u00ebs s\u00eb gramatik\u00ebs polake Polonishtja, nj\u00eb gjuh\u00eb sllave, \u00ebsht\u00eb sfiduese dhe shp\u00ebrblyese p\u00ebr nx\u00ebn\u00ebsit e gjuh\u00ebs q\u00eb k\u00ebrkojn\u00eb nj\u00eb aventur\u00eb unike gjuh\u00ebsore. Nd\u00ebrsa zhyteni n\u00eb polonisht, do t\u00eb zbuloni nj\u00eb histori dhe kultur\u00eb magjeps\u00ebse q\u00eb plot\u00ebson pasurin\u00eb e vet\u00eb gjuh\u00ebs. Megjith\u00ebse gramatika polake mund t\u00eb duket e nd\u00ebrlikuar, zb\u00ebrthimi i saj n\u00eb element\u00eb [&hellip;]<\/p>\n","protected":false},"author":1,"featured_media":1442896,"parent":0,"menu_order":0,"comment_status":"closed","ping_status":"closed","template":"LearningContentPage.php","meta":{"_acf_changed":false,"footnotes":""},"class_list":["post-1442894","page","type-page","status-publish","has-post-thumbnail","hentry"],"acf":[],"yoast_head":"<!-- This site is optimized with the Yoast SEO Premium plugin v27.2 (Yoast SEO v27.2) - https:\/\/yoast.com\/product\/yoast-seo-premium-wordpress\/ -->\n<title>Gramatika polake - Talkpal<\/title>\n<meta name=\"description\" content=\"Zot\u00ebroni gramatik\u00ebn polake me ushtrime interaktive t\u00eb dizajnuara p\u00ebr t\u00eb gjitha nivelet e t\u00eb m\u00ebsuarit. Rritni aft\u00ebsit\u00eb tuaja polake!\" \/>\n<meta name=\"robots\" content=\"index, follow, max-snippet:-1, max-image-preview:large, max-video-preview:-1\" \/>\n<link rel=\"canonical\" href=\"https:\/\/talkpal.ai\/sq\/gramatika-polake\/\" \/>\n<meta property=\"og:locale\" content=\"sq_AL\" \/>\n<meta property=\"og:type\" content=\"article\" \/>\n<meta property=\"og:title\" content=\"Gramatika polake\" \/>\n<meta property=\"og:description\" content=\"Zb\u00ebrthimi i enigm\u00ebs s\u00eb gramatik\u00ebs polake Polonishtja, nj\u00eb gjuh\u00eb sllave, \u00ebsht\u00eb sfiduese dhe shp\u00ebrblyese p\u00ebr nx\u00ebn\u00ebsit e gjuh\u00ebs q\u00eb k\u00ebrkojn\u00eb nj\u00eb aventur\u00eb\" \/>\n<meta property=\"og:url\" content=\"https:\/\/talkpal.ai\/sq\/gramatika-polake\/\" \/>\n<meta property=\"og:site_name\" content=\"Talkpal\" \/>\n<meta property=\"article:publisher\" content=\"https:\/\/www.facebook.com\/profile.php?id=100090733639311\" \/>\n<meta property=\"article:modified_time\" content=\"2025-12-17T17:17:28+00:00\" \/>\n<meta property=\"og:image\" content=\"https:\/\/talkpal.ai\/wp-content\/uploads\/2023\/05\/poland.png\" \/>\n\t<meta property=\"og:image:width\" content=\"512\" \/>\n\t<meta property=\"og:image:height\" content=\"512\" \/>\n\t<meta property=\"og:image:type\" content=\"image\/png\" \/>\n<meta name=\"twitter:card\" content=\"summary_large_image\" \/>\n<meta name=\"twitter:site\" content=\"@talkpalai\" \/>\n<meta name=\"twitter:label1\" content=\"Est. reading time\" \/>\n\t<meta name=\"twitter:data1\" content=\"3 minutes\" \/>\n<script type=\"application\/ld+json\" class=\"yoast-schema-graph\">{\"@context\":\"https:\/\/schema.org\",\"@graph\":[{\"@type\":\"WebPage\",\"@id\":\"https:\/\/talkpal.ai\/sq\/gramatika-polake\/\",\"url\":\"https:\/\/talkpal.ai\/sq\/gramatika-polake\/\",\"name\":\"Gramatika polake - Talkpal\",\"isPartOf\":{\"@id\":\"https:\/\/talkpal.ai\/sq\/#website\"},\"primaryImageOfPage\":{\"@id\":\"https:\/\/talkpal.ai\/sq\/gramatika-polake\/#primaryimage\"},\"image\":{\"@id\":\"https:\/\/talkpal.ai\/sq\/gramatika-polake\/#primaryimage\"},\"thumbnailUrl\":\"https:\/\/talkpal.ai\/wp-content\/uploads\/2023\/05\/poland.png\",\"datePublished\":\"2023-05-14T14:18:46+00:00\",\"dateModified\":\"2025-12-17T17:17:28+00:00\",\"description\":\"Zot\u00ebroni gramatik\u00ebn polake me ushtrime interaktive t\u00eb dizajnuara p\u00ebr t\u00eb gjitha nivelet e t\u00eb m\u00ebsuarit. Rritni aft\u00ebsit\u00eb tuaja polake!\",\"breadcrumb\":{\"@id\":\"https:\/\/talkpal.ai\/sq\/gramatika-polake\/#breadcrumb\"},\"inLanguage\":\"sq-AL\",\"potentialAction\":[{\"@type\":\"ReadAction\",\"target\":[\"https:\/\/talkpal.ai\/sq\/gramatika-polake\/\"]}]},{\"@type\":\"ImageObject\",\"inLanguage\":\"sq-AL\",\"@id\":\"https:\/\/talkpal.ai\/sq\/gramatika-polake\/#primaryimage\",\"url\":\"https:\/\/talkpal.ai\/wp-content\/uploads\/2023\/05\/poland.png\",\"contentUrl\":\"https:\/\/talkpal.ai\/wp-content\/uploads\/2023\/05\/poland.png\",\"width\":512,\"height\":512,\"caption\":\"TalkPal Poland Flag\"},{\"@type\":\"BreadcrumbList\",\"@id\":\"https:\/\/talkpal.ai\/sq\/gramatika-polake\/#breadcrumb\",\"itemListElement\":[{\"@type\":\"ListItem\",\"position\":1,\"name\":\"Homepage\",\"item\":\"https:\/\/talkpal.ai\/sq\/\"},{\"@type\":\"ListItem\",\"position\":2,\"name\":\"Gramatika polake\"}]},{\"@type\":\"WebSite\",\"@id\":\"https:\/\/talkpal.ai\/sq\/#website\",\"url\":\"https:\/\/talkpal.ai\/sq\/\",\"name\":\"Talkpal\",\"description\":\"AI Language Learning\",\"publisher\":{\"@id\":\"https:\/\/talkpal.ai\/sq\/#organization\"},\"alternateName\":\"Talkpal AI\",\"potentialAction\":[{\"@type\":\"SearchAction\",\"target\":{\"@type\":\"EntryPoint\",\"urlTemplate\":\"https:\/\/talkpal.ai\/sq\/?s={search_term_string}\"},\"query-input\":{\"@type\":\"PropertyValueSpecification\",\"valueRequired\":true,\"valueName\":\"search_term_string\"}}],\"inLanguage\":\"sq-AL\"},{\"@type\":\"Organization\",\"@id\":\"https:\/\/talkpal.ai\/sq\/#organization\",\"name\":\"Talkpal, Inc.\",\"alternateName\":\"Talkpal AI\",\"url\":\"https:\/\/talkpal.ai\/sq\/\",\"logo\":{\"@type\":\"ImageObject\",\"inLanguage\":\"sq-AL\",\"@id\":\"https:\/\/talkpal.ai\/sq\/#\/schema\/logo\/image\/\",\"url\":\"https:\/\/talkpal.ai\/wp-content\/uploads\/2024\/03\/Talkpal-Logo-Icon.png\",\"contentUrl\":\"https:\/\/talkpal.ai\/wp-content\/uploads\/2024\/03\/Talkpal-Logo-Icon.png\",\"width\":2880,\"height\":2880,\"caption\":\"Talkpal, Inc.\"},\"image\":{\"@id\":\"https:\/\/talkpal.ai\/sq\/#\/schema\/logo\/image\/\"},\"sameAs\":[\"https:\/\/www.facebook.com\/profile.php?id=100090733639311\",\"https:\/\/x.com\/talkpalai\",\"https:\/\/www.linkedin.com\/company\/talkpal\/\",\"https:\/\/www.youtube.com\/@TalkPal\/\",\"https:\/\/www.tiktok.com\/@talkpal\",\"https:\/\/www.instagram.com\/talkpal_ai\/\",\"https:\/\/www.crunchbase.com\/organization\/talkpal-9cde\",\"https:\/\/www.g2.com\/products\/talkpal-for-business\/\",\"https:\/\/www.trustpilot.com\/review\/talkpal.ai\",\"https:\/\/www.capterra.com\/p\/10006800\/TalkPal\/\"],\"description\":\"Talkpal is a language learning web and mobile education app, powered by the latest AI technologies, that provides engaging experiences to its customers in many different languages to help them improve their language skills. Users can chat about unlimited amount of topics with the app and use other modes to practice their language learning.\",\"email\":\"support@talkpal.ai\",\"legalName\":\"Talkpal, Inc.\",\"foundingDate\":\"2023-04-03\",\"duns\":\"118989042\",\"numberOfEmployees\":{\"@type\":\"QuantitativeValue\",\"minValue\":\"11\",\"maxValue\":\"50\"},\"publishingPrinciples\":\"https:\/\/talkpal.ai\/publishing-principles\/\",\"actionableFeedbackPolicy\":\"https:\/\/talkpal.ai\/actionable-feedback-policy\/\",\"correctionsPolicy\":\"https:\/\/talkpal.ai\/corrections-policy\/\",\"ethicsPolicy\":\"https:\/\/talkpal.ai\/ethics-policy\/\",\"diversityPolicy\":\"https:\/\/talkpal.ai\/diversity-policy\/\",\"diversityStaffingReport\":\"https:\/\/talkpal.ai\/diversity-policy\/\"}]}<\/script>\n<!-- \/ Yoast SEO Premium plugin. -->","yoast_head_json":{"title":"Gramatika polake - Talkpal","description":"Zot\u00ebroni gramatik\u00ebn polake me ushtrime interaktive t\u00eb dizajnuara p\u00ebr t\u00eb gjitha nivelet e t\u00eb m\u00ebsuarit. Rritni aft\u00ebsit\u00eb tuaja polake!","robots":{"index":"index","follow":"follow","max-snippet":"max-snippet:-1","max-image-preview":"max-image-preview:large","max-video-preview":"max-video-preview:-1"},"canonical":"https:\/\/talkpal.ai\/sq\/gramatika-polake\/","og_locale":"sq_AL","og_type":"article","og_title":"Gramatika polake","og_description":"Zb\u00ebrthimi i enigm\u00ebs s\u00eb gramatik\u00ebs polake Polonishtja, nj\u00eb gjuh\u00eb sllave, \u00ebsht\u00eb sfiduese dhe shp\u00ebrblyese p\u00ebr nx\u00ebn\u00ebsit e gjuh\u00ebs q\u00eb k\u00ebrkojn\u00eb nj\u00eb aventur\u00eb","og_url":"https:\/\/talkpal.ai\/sq\/gramatika-polake\/","og_site_name":"Talkpal","article_publisher":"https:\/\/www.facebook.com\/profile.php?id=100090733639311","article_modified_time":"2025-12-17T17:17:28+00:00","og_image":[{"width":512,"height":512,"url":"https:\/\/talkpal.ai\/wp-content\/uploads\/2023\/05\/poland.png","type":"image\/png"}],"twitter_card":"summary_large_image","twitter_site":"@talkpalai","twitter_misc":{"Est. reading time":"3 minutes"},"schema":{"@context":"https:\/\/schema.org","@graph":[{"@type":"WebPage","@id":"https:\/\/talkpal.ai\/sq\/gramatika-polake\/","url":"https:\/\/talkpal.ai\/sq\/gramatika-polake\/","name":"Gramatika polake - Talkpal","isPartOf":{"@id":"https:\/\/talkpal.ai\/sq\/#website"},"primaryImageOfPage":{"@id":"https:\/\/talkpal.ai\/sq\/gramatika-polake\/#primaryimage"},"image":{"@id":"https:\/\/talkpal.ai\/sq\/gramatika-polake\/#primaryimage"},"thumbnailUrl":"https:\/\/talkpal.ai\/wp-content\/uploads\/2023\/05\/poland.png","datePublished":"2023-05-14T14:18:46+00:00","dateModified":"2025-12-17T17:17:28+00:00","description":"Zot\u00ebroni gramatik\u00ebn polake me ushtrime interaktive t\u00eb dizajnuara p\u00ebr t\u00eb gjitha nivelet e t\u00eb m\u00ebsuarit. Rritni aft\u00ebsit\u00eb tuaja polake!","breadcrumb":{"@id":"https:\/\/talkpal.ai\/sq\/gramatika-polake\/#breadcrumb"},"inLanguage":"sq-AL","potentialAction":[{"@type":"ReadAction","target":["https:\/\/talkpal.ai\/sq\/gramatika-polake\/"]}]},{"@type":"ImageObject","inLanguage":"sq-AL","@id":"https:\/\/talkpal.ai\/sq\/gramatika-polake\/#primaryimage","url":"https:\/\/talkpal.ai\/wp-content\/uploads\/2023\/05\/poland.png","contentUrl":"https:\/\/talkpal.ai\/wp-content\/uploads\/2023\/05\/poland.png","width":512,"height":512,"caption":"TalkPal Poland Flag"},{"@type":"BreadcrumbList","@id":"https:\/\/talkpal.ai\/sq\/gramatika-polake\/#breadcrumb","itemListElement":[{"@type":"ListItem","position":1,"name":"Homepage","item":"https:\/\/talkpal.ai\/sq\/"},{"@type":"ListItem","position":2,"name":"Gramatika polake"}]},{"@type":"WebSite","@id":"https:\/\/talkpal.ai\/sq\/#website","url":"https:\/\/talkpal.ai\/sq\/","name":"Talkpal","description":"AI Language Learning","publisher":{"@id":"https:\/\/talkpal.ai\/sq\/#organization"},"alternateName":"Talkpal AI","potentialAction":[{"@type":"SearchAction","target":{"@type":"EntryPoint","urlTemplate":"https:\/\/talkpal.ai\/sq\/?s={search_term_string}"},"query-input":{"@type":"PropertyValueSpecification","valueRequired":true,"valueName":"search_term_string"}}],"inLanguage":"sq-AL"},{"@type":"Organization","@id":"https:\/\/talkpal.ai\/sq\/#organization","name":"Talkpal, Inc.","alternateName":"Talkpal AI","url":"https:\/\/talkpal.ai\/sq\/","logo":{"@type":"ImageObject","inLanguage":"sq-AL","@id":"https:\/\/talkpal.ai\/sq\/#\/schema\/logo\/image\/","url":"https:\/\/talkpal.ai\/wp-content\/uploads\/2024\/03\/Talkpal-Logo-Icon.png","contentUrl":"https:\/\/talkpal.ai\/wp-content\/uploads\/2024\/03\/Talkpal-Logo-Icon.png","width":2880,"height":2880,"caption":"Talkpal, Inc."},"image":{"@id":"https:\/\/talkpal.ai\/sq\/#\/schema\/logo\/image\/"},"sameAs":["https:\/\/www.facebook.com\/profile.php?id=100090733639311","https:\/\/x.com\/talkpalai","https:\/\/www.linkedin.com\/company\/talkpal\/","https:\/\/www.youtube.com\/@TalkPal\/","https:\/\/www.tiktok.com\/@talkpal","https:\/\/www.instagram.com\/talkpal_ai\/","https:\/\/www.crunchbase.com\/organization\/talkpal-9cde","https:\/\/www.g2.com\/products\/talkpal-for-business\/","https:\/\/www.trustpilot.com\/review\/talkpal.ai","https:\/\/www.capterra.com\/p\/10006800\/TalkPal\/"],"description":"Talkpal is a language learning web and mobile education app, powered by the latest AI technologies, that provides engaging experiences to its customers in many different languages to help them improve their language skills. Users can chat about unlimited amount of topics with the app and use other modes to practice their language learning.","email":"support@talkpal.ai","legalName":"Talkpal, Inc.","foundingDate":"2023-04-03","duns":"118989042","numberOfEmployees":{"@type":"QuantitativeValue","minValue":"11","maxValue":"50"},"publishingPrinciples":"https:\/\/talkpal.ai\/publishing-principles\/","actionableFeedbackPolicy":"https:\/\/talkpal.ai\/actionable-feedback-policy\/","correctionsPolicy":"https:\/\/talkpal.ai\/corrections-policy\/","ethicsPolicy":"https:\/\/talkpal.ai\/ethics-policy\/","diversityPolicy":"https:\/\/talkpal.ai\/diversity-policy\/","diversityStaffingReport":"https:\/\/talkpal.ai\/diversity-policy\/"}]}},"_links":{"self":[{"href":"https:\/\/talkpal.ai\/sq\/wp-json\/wp\/v2\/pages\/1442894","targetHints":{"allow":["GET"]}}],"collection":[{"href":"https:\/\/talkpal.ai\/sq\/wp-json\/wp\/v2\/pages"}],"about":[{"href":"https:\/\/talkpal.ai\/sq\/wp-json\/wp\/v2\/types\/page"}],"author":[{"embeddable":true,"href":"https:\/\/talkpal.ai\/sq\/wp-json\/wp\/v2\/users\/1"}],"replies":[{"embeddable":true,"href":"https:\/\/talkpal.ai\/sq\/wp-json\/wp\/v2\/comments?post=1442894"}],"version-history":[{"count":0,"href":"https:\/\/talkpal.ai\/sq\/wp-json\/wp\/v2\/pages\/1442894\/revisions"}],"wp:featuredmedia":[{"embeddable":true,"href":"https:\/\/talkpal.ai\/sq\/wp-json\/wp\/v2\/media\/1442896"}],"wp:attachment":[{"href":"https:\/\/talkpal.ai\/sq\/wp-json\/wp\/v2\/media?parent=1442894"}],"curies":[{"name":"wp","href":"https:\/\/api.w.org\/{rel}","templated":true}]}}